{"id":32528,"date":"2026-04-13T16:57:54","date_gmt":"2026-04-13T09:57:54","guid":{"rendered":"https:\/\/shop.tanadaithanh.vn\/?post_type=product&#038;p=32528"},"modified":"2026-04-13T17:31:29","modified_gmt":"2026-04-13T10:31:29","slug":"may-nuoc-nong-truc-tiep-rossi-4500w-ris-450-rep","status":"publish","type":"product","link":"https:\/\/shop.tanadaithanh.vn\/en\/san-pham\/may-nuoc-nong-truc-tiep-rossi-4500w-ris-450-rep\/","title":{"rendered":"M\u00e1y n\u01b0\u1edbc n\u00f3ng tr\u1ef1c ti\u1ebfp Rossi 4500W RIS-450 REP"},"content":{"rendered":"<p><i><strong>L\u01afU \u00dd: C\u00e1c s\u1ea3n ph\u1ea9m \u0111\u01b0\u1ee3c s\u1ea3n xu\u1ea5t t\u1eeb ng\u00e0y 01\/10\/2025 s\u1ebd c\u00f3 thay \u0111\u1ed5i v\u1ec1 v\u00f2i sen v\u00e0 gi\u00e1 \u0111\u1ee1 nh\u01b0 sau:<\/strong><\/i><\/p>\n<p><a class=\"preventdefault\" href=\"https:\/\/cdnv2.tgdd.vn\/mwg-static\/dmx\/Products\/Images\/1962\/331342\/truc-tiep-rossi-4500w-ris-450-rep-doimau-638977707763206695.jpg\" rel=\"nofollow\"><img decoding=\"async\" class=\" lazyloaded\" title=\"Th\u00f4ng b\u00e1o thay \u0111\u1ed5i thi\u1ebft k\u1ebf - M\u00e1y n\u01b0\u1edbc n\u00f3ng tr\u1ef1c ti\u1ebfp Rossi 4500W RIS-450 REP\" src=\"https:\/\/cdnv2.tgdd.vn\/mwg-static\/dmx\/Products\/Images\/1962\/331342\/truc-tiep-rossi-4500w-ris-450-rep-doimau-638977707763206695.jpg\" alt=\"Th\u00f4ng b\u00e1o thay \u0111\u1ed5i thi\u1ebft k\u1ebf - M\u00e1y n\u01b0\u1edbc n\u00f3ng tr\u1ef1c ti\u1ebfp Rossi 4500W RIS-450 REP\" data-src=\"https:\/\/cdnv2.tgdd.vn\/mwg-static\/dmx\/Products\/Images\/1962\/331342\/truc-tiep-rossi-4500w-ris-450-rep-doimau-638977707763206695.jpg\" \/><\/a><\/p>\n<p><em>M\u00e1y n\u01b0\u1edbc n\u00f3ng tr\u1ef1c ti\u1ebfp Rossi 4500W RIS-450 REP l\u00e0 gi\u1ea3i ph\u00e1p l\u00fd t\u01b0\u1edfng cho nhu c\u1ea7u s\u1eed d\u1ee5ng n\u01b0\u1edbc n\u00f3ng t\u1ee9c th\u00ec. S\u1ea3n ph\u1ea9m \u0111\u01b0\u1ee3c trang b\u1ecb v\u1ecf ch\u1ed1ng th\u1ea5m IP25, c\u1ea3m bi\u1ebfn nhi\u1ec7t t\u1ef1 ng\u1eaft \u0111i\u1ec7n, c\u1ea3m bi\u1ebfn l\u01b0u l\u01b0\u1ee3ng, b\u1ed9 ch\u1ed1ng gi\u1eadt ELCB,&#8230;, c\u00f9ng 3 ch\u1ebf \u0111\u1ed9 \u0111i\u1ec1u ch\u1ec9nh, \u0111\u00e8n b\u00e1o, van x\u1ea3 c\u1eb7n v\u00e0 tay sen t\u0103ng \u00e1p, gi\u00fap ng\u01b0\u1eddi d\u00f9ng s\u1eed d\u1ee5ng d\u1ec5 d\u00e0ng, n\u01b0\u1edbc v\u1eadn h\u00e0nh an to\u00e0n, \u1ed5n \u0111\u1ecbnh.\u00a0<\/em><\/p>\n<h3 data-end=\"639\" data-start=\"624\">B\u01a1m tr\u1ee3 l\u1ef1c<\/h3>\n<p>M\u00e1y n\u01b0\u1edbc n\u00f3ng tr\u1ef1c ti\u1ebfp Rossi 4500W RIS-450 REP \u0111\u01b0\u1ee3c t\u00edch h\u1ee3p b\u01a1m tr\u1ee3 l\u1ef1c, gi\u00fap t\u0103ng \u00e1p l\u1ef1c d\u00f2ng ch\u1ea3y. Nh\u1edd v\u1eady, s\u1ea3n ph\u1ea9m v\u1eabn c\u00f3 kh\u1ea3 n\u0103ng ho\u1ea1t \u0111\u1ed9ng hi\u1ec7u qu\u1ea3 d\u00f9 trong \u0111i\u1ec1u ki\u1ec7n ngu\u1ed3n n\u01b0\u1edbc y\u1ebfu, \u0111\u1eb7c bi\u1ec7t ph\u00f9 h\u1ee3p v\u1edbi c\u00e1c khu v\u1ef1c nh\u01b0 chung c\u01b0, nh\u00e0 t\u1ea7ng ho\u1eb7c khu v\u1ef1c c\u00f3\u00a0\u00e1p l\u1ef1c n\u01b0\u1edbc th\u1ea5p.<\/p>\n<h2>Tay sen t\u0103ng \u00e1p<\/h2>\n<p>M\u1ed9t \u0111i\u1ec3m c\u1ea3i ti\u1ebfn n\u1ed5i b\u1eadt c\u1ee7a m\u00e1y n\u01b0\u1edbc n\u00f3ng tr\u1ef1c ti\u1ebfp Rossi 4500W RIS-450 REP ch\u00ednh l\u00e0 s\u1ef1 thay \u0111\u1ed5i t\u1eeb tay sen th\u00f4ng th\u01b0\u1eddng sang tay sen t\u0103ng \u00e1p. Vi\u1ec7c c\u1ea3i ti\u1ebfn n\u00e0y gi\u00fap t\u0103ng kh\u1ea3 n\u0103ng l\u1ecdc c\u1eb7n c\u1ee7a v\u00f2i, h\u1ed3ng ngo\u1ea1i v\u00e0 t\u0103ng \u00e1p l\u1ef1c n\u01b0\u1edbc. \u0110i\u1ec1u n\u00e0y gi\u00fap mang l\u1ea1i c\u1ea3m gi\u00e1c t\u1eafm tho\u1ea3i m\u00e1i, nh\u01b0 t\u1eafm m\u01b0a t\u1ef1 nhi\u00ean.<\/p>\n<h3 data-end=\"906\" data-start=\"894\">Thi\u1ebft k\u1ebf<\/h3>\n<p>S\u1ea3n ph\u1ea9m c\u00f3 ki\u1ec3u d\u00e1ng h\u00ecnh ch\u1eef nh\u1eadt nh\u1ecf g\u1ecdn, hi\u1ec7n \u0111\u1ea1i, d\u1ec5 l\u1eafp \u0111\u1eb7t trong nhi\u1ec1u kh\u00f4ng gian ph\u00f2ng t\u1eafm kh\u00e1c nhau. B\u1ea3ng \u0111i\u1ec1u khi\u1ec3n g\u1ed3m n\u00fam v\u1eb7n ch\u1ec9nh nhi\u1ec7t \u0111\u1ed9 v\u00f4 c\u1ea5p k\u1ebft h\u1ee3p v\u1edbi c\u1ea3m \u1ee9ng \u0111i\u1ec1u ch\u1ec9nh 3 ch\u1ebf \u0111\u1ed9 ph\u00f9 h\u1ee3p cho t\u1eebng \u0111\u1ed1i t\u01b0\u1ee3ng s\u1eed d\u1ee5ng nh\u01b0 tr\u1ebb nh\u1ecf, ng\u01b0\u1eddi l\u1edbn v\u00e0 ng\u01b0\u1eddi cao tu\u1ed5i.<\/p>\n<p>M\u00e1y n\u01b0\u1edbc n\u00f3ng Rossi trang b\u1ecb m\u00e0n h\u00ecnh hi\u1ec3n th\u1ecb nhi\u1ec7t \u0111\u1ed9\u00a0k\u1ef9 thu\u1eadt s\u1ed1, c\u00f9ng \u0111\u00e8n b\u00e1o tr\u1ea1ng th\u00e1i \u0111ang \u0111un n\u00f3ng v\u00e0 b\u00e1o n\u01b0\u1edbc n\u00f3ng s\u1eb5n s\u00e0ng, gi\u00fap ki\u1ec3m so\u00e1t qu\u00e1 tr\u00ecnh s\u1eed d\u1ee5ng d\u1ec5 d\u00e0ng v\u00e0 ch\u00ednh x\u00e1c.<\/p>\n<h3 data-end=\"1407\" data-start=\"1386\">\u0110\u1eb7c \u0111i\u1ec3m l\u00e0m n\u00f3ng<\/h3>\n<p>&#8211; Rossi RIS-450 REP l\u00e0\u00a0<strong>m\u00e1y n\u01b0\u1edbc n\u00f3ng tr\u1ef1c ti\u1ebfp<\/strong>, kh\u00f4ng d\u00f9ng b\u00ecnh ch\u1ee9a, l\u00e0m n\u00f3ng t\u1ee9c th\u00ec th\u00f4ng qua thanh \u0111i\u1ec7n tr\u1edf.<\/p>\n<p>&#8211; C\u00f4ng su\u1ea5t l\u00e0m n\u00f3ng<strong>\u00a04500W<\/strong>\u00a0cho kh\u1ea3 n\u0103ng gia nhi\u1ec7t nhanh ch\u00f3ng, ch\u1ec9 m\u1ea5t kho\u1ea3ng 20 \u2013 25 gi\u00e2y \u0111\u1ec3 c\u00f3 n\u01b0\u1edbc n\u00f3ng s\u1eed d\u1ee5ng.<\/p>\n<p>&#8211; Nhi\u1ec7t \u0111\u1ed9 l\u00e0m n\u00f3ng t\u1ed1i \u0111a kho\u1ea3ng\u00a0<strong>55\u00b0C<\/strong>, th\u00edch h\u1ee3p cho c\u00e1c nhu c\u1ea7u t\u1eafm r\u1eeda th\u00f4ng th\u01b0\u1eddng.<\/p>\n<h3 data-end=\"1874\" data-start=\"1852\">C\u00e1c ch\u1ebf \u0111\u1ed9 an to\u00e0n<\/h3>\n<p data-end=\"1977\" data-start=\"1878\">&#8211;\u00a0<strong>V\u1ecf ch\u1ed1ng th\u1ea5m n\u01b0\u1edbc IP25<\/strong>: h\u1ea1n ch\u1ebf s\u1ef1 x\u00e2m nh\u1eadp c\u1ee7a n\u01b0\u1edbc v\u00e0 h\u01a1i \u1ea9m, gi\u00fap t\u0103ng tu\u1ed5i th\u1ecd s\u1ea3n ph\u1ea9m.<\/p>\n<p data-end=\"2094\" data-start=\"1980\">&#8211;<strong>\u00a0C\u1ea7u dao ch\u1ed1ng r\u00f2 \u0111i\u1ec7n ELCB<\/strong>: t\u1ef1 \u0111\u1ed9ng ng\u1eaft \u0111i\u1ec7n khi ph\u00e1t hi\u1ec7n r\u00f2 r\u1ec9, b\u1ea3o v\u1ec7 ng\u01b0\u1eddi d\u00f9ng kh\u1ecfi nguy c\u01a1 \u0111i\u1ec7n gi\u1eadt.<\/p>\n<p data-end=\"2221\" data-start=\"2097\">&#8211;\u00a0<strong>C\u1ea3m bi\u1ebfn nhi\u1ec7t t\u1ef1 \u0111\u1ed9ng ng\u1eaft \u0111i\u1ec7n<\/strong>: khi nhi\u1ec7t \u0111\u1ed9 v\u01b0\u1ee3t qu\u00e1 gi\u1edbi h\u1ea1n an to\u00e0n, \u0111\u1ea3m b\u1ea3o kh\u00f4ng g\u00e2y b\u1ecfng ho\u1eb7c h\u01b0 h\u1ecfng thi\u1ebft b\u1ecb.<\/p>\n<p data-end=\"2331\" data-start=\"2224\">&#8211;\u00a0<strong>C\u1ea3m bi\u1ebfn l\u01b0u l\u01b0\u1ee3ng n\u01b0\u1edbc<\/strong>: m\u00e1y ch\u1ec9 ho\u1ea1t \u0111\u1ed9ng khi c\u00f3 \u0111\u1ee7 n\u01b0\u1edbc, gi\u00fap b\u1ea3o v\u1ec7 thanh nhi\u1ec7t v\u00e0 ti\u1ebft ki\u1ec7m \u0111i\u1ec7n.<\/p>\n<p data-end=\"2429\" data-start=\"2334\"><strong>&#8211;\u00a0B\u1ed9 \u1ed5n \u0111\u1ecbnh nhi\u1ec7t TBST:<\/strong> ki\u1ec3m so\u00e1t nhi\u1ec7t \u0111\u1ed9 \u1ed5n \u0111\u1ecbnh, kh\u00f4ng t\u0103ng gi\u1ea3m \u0111\u1ed9t ng\u1ed9t g\u00e2y kh\u00f3 ch\u1ecbu.<\/p>\n<p data-end=\"2544\" data-start=\"2432\">&#8211;\u00a0<strong>C\u1ea3m bi\u1ebfn ch\u1ed1ng ch\u00e1y kh\u00f4 \u0111i\u1ec7n tr\u1edf<\/strong>: ng\u1eaft ngu\u1ed3n gia nhi\u1ec7t khi kh\u00f4ng c\u00f3 n\u01b0\u1edbc, b\u1ea3o v\u1ec7 linh ki\u1ec7n v\u00e0 tr\u00e1nh ch\u00e1y n\u1ed5.<\/p>\n<h3 data-end=\"2563\" data-start=\"2551\">Ti\u1ec7n \u00edch<\/h3>\n<p data-end=\"2851\" data-start=\"2725\">&#8211;\u00a0<strong>T\u01b0\u01a1ng th\u00edch \u0111i\u1ec7n t\u1eeb EMC<\/strong>, ch\u1ed1ng nhi\u1ec5u \u0111i\u1ec7n t\u1eeb, \u0111\u1ea3m b\u1ea3o thi\u1ebft b\u1ecb ho\u1ea1t \u0111\u1ed9ng \u1ed5n \u0111\u1ecbnh trong m\u00f4i tr\u01b0\u1eddng c\u00f3 nhi\u1ec1u thi\u1ebft b\u1ecb \u0111i\u1ec7n.<\/p>\n<p data-end=\"2935\" data-start=\"2854\">&#8211; T\u00edch h\u1ee3p\u00a0<strong>van x\u1ea3 c\u1eb7n<\/strong>\u00a0h\u1ed7 tr\u1ee3 v\u1ec7 sinh v\u00e0 b\u1ea3o tr\u00ec d\u1ec5 d\u00e0ng, t\u0103ng \u0111\u1ed9 b\u1ec1n s\u1ea3n ph\u1ea9m.<\/p>\n<p data-end=\"2935\" data-start=\"2854\">M\u00e1y n\u01b0\u1edbc n\u00f3ng tr\u1ef1c ti\u1ebfp Rossi 4500W RIS-450 REP l\u00e0 gi\u1ea3i ph\u00e1p n\u01b0\u1edbc n\u00f3ng an to\u00e0n, ti\u1ec7n l\u1ee3i v\u00e0 nhanh ch\u00f3ng cho m\u1ecdi gia \u0111\u00ecnh. V\u1edbi c\u00f4ng su\u1ea5t m\u1ea1nh m\u1ebd, b\u01a1m tr\u1ee3 l\u1ef1c, nhi\u1ec1u ch\u1ebf \u0111\u1ed9 b\u1ea3o v\u1ec7 v\u00e0 ti\u1ec7n \u00edch hi\u1ec7n \u0111\u1ea1i, s\u1ea3n ph\u1ea9m \u0111\u00e1p \u1ee9ng t\u1ed1t nhu c\u1ea7u s\u1eed d\u1ee5ng th\u01b0\u1eddng xuy\u00ean trong \u0111i\u1ec1u ki\u1ec7n ngu\u1ed3n n\u01b0\u1edbc y\u1ebfu ho\u1eb7c \u00e1p l\u1ef1c th\u1ea5p. \u0110\u00e2y l\u00e0 l\u1ef1a ch\u1ecdn ph\u00f9 h\u1ee3p cho gia \u0111\u00ecnh Vi\u1ec7t mu\u1ed1n t\u00ecm ki\u1ebfm m\u1ed9t thi\u1ebft b\u1ecb v\u1eeba hi\u1ec7u qu\u1ea3 v\u1eeba an to\u00e0n trong t\u1ea7m gi\u00e1 h\u1ee3p l\u00fd.<\/p>\n","protected":false},"excerpt":{"rendered":"<ul>\n<li>C\u01a1 ch\u1ebf\u00a0<strong>l\u00e0m n\u00f3ng tr\u1ef1c ti\u1ebfp<\/strong>,\u00a0<strong>c\u00f3 b\u01a1m tr\u1ee3 l\u1ef1c<\/strong>\u00a0cho ngu\u1ed3n n\u01b0\u1edbc m\u1ea1nh m\u1ebd.<\/li>\n<li>T\u1ef1 ng\u1eaft \u0111i\u1ec7n khi x\u1ea3y ra s\u1ef1 c\u1ed1 nh\u1edd\u00a0<strong>c\u1ea7u dao ch\u1ed1ng r\u00f2 \u0111i\u1ec7n ELCB.<\/strong><\/li>\n<li><strong>V\u1ecf ch\u1ed1ng th\u1ea5m n\u01b0\u1edbc IP25<\/strong>\u00a0hi\u1ec7u qu\u1ea3, b\u1ea3o v\u1ec7 linh ki\u1ec7n t\u1ed1t.<\/li>\n<li><strong>C\u1ea3m bi\u1ebfn nhi\u1ec7t<\/strong>\u00a0t\u1ef1 \u0111\u1ed9ng ng\u1eaft \u0111i\u1ec7n khi nhi\u1ec7t \u0111\u1ed9 qu\u00e1 cao.<\/li>\n<li>\u0110i\u1ec1u ch\u1ec9nh b\u1eb1ng n\u00fam v\u1eb7n v\u00e0 c\u1ea3m \u1ee9ng,<strong>\u00a0c\u00f3 m\u00e0n h\u00ecnh hi\u1ec3n th\u1ecb nhi\u1ec7t \u0111\u1ed9.<\/strong><\/li>\n<li>T\u00edch h\u1ee3p\u00a0<strong>van x\u1ea3 c\u1eb7n<\/strong>\u00a0gi\u00fap ng\u01b0\u1eddi d\u00f9ng thu\u1eadn ti\u1ec7n trong vi\u1ec7c v\u1ec7 sinh b\u00ecnh.<\/li>\n<\/ul>\n","protected":false},"featured_media":32566,"comment_status":"open","ping_status":"closed","template":"","meta":[],"region":[259],"product_brand":[],"product_cat":[191],"product_tag":[1409,1410],"class_list":{"0":"post-32528","1":"product","2":"type-product","3":"status-publish","4":"has-post-thumbnail","6":"region-mien-bac","7":"product_cat-binh-nuoc-nong-rossi","8":"product_tag-may-nuoc-nong-truc-tiep","9":"product_tag-may-nuoc-nong-truc-tiep-rossi","11":"first","12":"instock","13":"sale","14":"shipping-taxable","15":"purchasable","16":"product-type-simple"},"yoast_head":"<!-- This site is optimized with the Yoast SEO plugin v24.6 - https:\/\/yoast.com\/wordpress\/plugins\/seo\/ -->\n<title>M\u00e1y n\u01b0\u1edbc n\u00f3ng tr\u1ef1c ti\u1ebfp Rossi 4500W RIS-450 REP - T\u00e2n \u00c1 \u0110\u1ea1i Th\u00e0nh eShop<\/title>\n<meta name=\"robots\" content=\"index, follow, max-snippet:-1, max-image-preview:large, max-video-preview:-1\" \/>\n<link rel=\"canonical\" href=\"https:\/\/shop.tanadaithanh.vn\/en\/san-pham\/may-nuoc-nong-truc-tiep-rossi-4500w-ris-450-rep\/\" \/>\n<meta property=\"og:locale\" content=\"en_US\" \/>\n<meta property=\"og:type\" content=\"article\" \/>\n<meta property=\"og:title\" content=\"M\u00e1y n\u01b0\u1edbc n\u00f3ng tr\u1ef1c ti\u1ebfp Rossi 4500W RIS-450 REP - T\u00e2n \u00c1 \u0110\u1ea1i Th\u00e0nh eShop\" \/>\n<meta property=\"og:description\" content=\"C\u01a1 ch\u1ebf\u00a0l\u00e0m n\u00f3ng tr\u1ef1c ti\u1ebfp,\u00a0c\u00f3 b\u01a1m tr\u1ee3 l\u1ef1c\u00a0cho ngu\u1ed3n n\u01b0\u1edbc m\u1ea1nh m\u1ebd.  T\u1ef1 ng\u1eaft \u0111i\u1ec7n khi x\u1ea3y ra s\u1ef1 c\u1ed1 nh\u1edd\u00a0c\u1ea7u dao ch\u1ed1ng r\u00f2 \u0111i\u1ec7n ELCB.  V\u1ecf ch\u1ed1ng th\u1ea5m n\u01b0\u1edbc IP25\u00a0hi\u1ec7u qu\u1ea3, b\u1ea3o v\u1ec7 linh ki\u1ec7n t\u1ed1t.  C\u1ea3m bi\u1ebfn nhi\u1ec7t\u00a0t\u1ef1 \u0111\u1ed9ng ng\u1eaft \u0111i\u1ec7n khi nhi\u1ec7t \u0111\u1ed9 qu\u00e1 cao.  \u0110i\u1ec1u ch\u1ec9nh b\u1eb1ng n\u00fam v\u1eb7n v\u00e0 c\u1ea3m \u1ee9ng,\u00a0c\u00f3 m\u00e0n h\u00ecnh hi\u1ec3n th\u1ecb nhi\u1ec7t \u0111\u1ed9.  T\u00edch h\u1ee3p\u00a0van x\u1ea3 c\u1eb7n\u00a0gi\u00fap ng\u01b0\u1eddi d\u00f9ng thu\u1eadn ti\u1ec7n trong vi\u1ec7c v\u1ec7 sinh b\u00ecnh.\" \/>\n<meta property=\"og:url\" content=\"https:\/\/shop.tanadaithanh.vn\/en\/san-pham\/may-nuoc-nong-truc-tiep-rossi-4500w-ris-450-rep\/\" \/>\n<meta property=\"og:site_name\" content=\"T\u00e2n \u00c1 \u0110\u1ea1i Th\u00e0nh eShop\" \/>\n<meta property=\"article:publisher\" content=\"https:\/\/www.facebook.com\/profile.php?id=61567171139919\" \/>\n<meta property=\"article:modified_time\" content=\"2026-04-13T10:31:29+00:00\" \/>\n<meta property=\"og:image\" content=\"https:\/\/shop.tanadaithanh.vn\/wp-content\/uploads\/2026\/04\/1-1.png\" \/>\n\t<meta property=\"og:image:width\" content=\"1200\" \/>\n\t<meta property=\"og:image:height\" content=\"1200\" \/>\n\t<meta property=\"og:image:type\" content=\"image\/png\" \/>\n<meta name=\"twitter:card\" content=\"summary_large_image\" \/>\n<meta name=\"twitter:label1\" content=\"Est. reading time\" \/>\n\t<meta name=\"twitter:data1\" content=\"5 minutes\" \/>\n<script type=\"application\/ld+json\" class=\"yoast-schema-graph\">{\"@context\":\"https:\/\/schema.org\",\"@graph\":[{\"@type\":\"WebPage\",\"@id\":\"https:\/\/shop.tanadaithanh.vn\/en\/san-pham\/may-nuoc-nong-truc-tiep-rossi-4500w-ris-450-rep\/\",\"url\":\"https:\/\/shop.tanadaithanh.vn\/en\/san-pham\/may-nuoc-nong-truc-tiep-rossi-4500w-ris-450-rep\/\",\"name\":\"M\u00e1y n\u01b0\u1edbc n\u00f3ng tr\u1ef1c ti\u1ebfp Rossi 4500W RIS-450 REP - T\u00e2n \u00c1 \u0110\u1ea1i Th\u00e0nh eShop\",\"isPartOf\":{\"@id\":\"https:\/\/shop.tanadaithanh.vn\/en\/#website\"},\"primaryImageOfPage\":{\"@id\":\"https:\/\/shop.tanadaithanh.vn\/en\/san-pham\/may-nuoc-nong-truc-tiep-rossi-4500w-ris-450-rep\/#primaryimage\"},\"image\":{\"@id\":\"https:\/\/shop.tanadaithanh.vn\/en\/san-pham\/may-nuoc-nong-truc-tiep-rossi-4500w-ris-450-rep\/#primaryimage\"},\"thumbnailUrl\":\"https:\/\/shop.tanadaithanh.vn\/wp-content\/uploads\/2026\/04\/1-1.png\",\"datePublished\":\"2026-04-13T09:57:54+00:00\",\"dateModified\":\"2026-04-13T10:31:29+00:00\",\"breadcrumb\":{\"@id\":\"https:\/\/shop.tanadaithanh.vn\/en\/san-pham\/may-nuoc-nong-truc-tiep-rossi-4500w-ris-450-rep\/#breadcrumb\"},\"inLanguage\":\"en-US\",\"potentialAction\":[{\"@type\":\"ReadAction\",\"target\":[\"https:\/\/shop.tanadaithanh.vn\/en\/san-pham\/may-nuoc-nong-truc-tiep-rossi-4500w-ris-450-rep\/\"]}]},{\"@type\":\"ImageObject\",\"inLanguage\":\"en-US\",\"@id\":\"https:\/\/shop.tanadaithanh.vn\/en\/san-pham\/may-nuoc-nong-truc-tiep-rossi-4500w-ris-450-rep\/#primaryimage\",\"url\":\"https:\/\/shop.tanadaithanh.vn\/wp-content\/uploads\/2026\/04\/1-1.png\",\"contentUrl\":\"https:\/\/shop.tanadaithanh.vn\/wp-content\/uploads\/2026\/04\/1-1.png\",\"width\":1200,\"height\":1200},{\"@type\":\"BreadcrumbList\",\"@id\":\"https:\/\/shop.tanadaithanh.vn\/en\/san-pham\/may-nuoc-nong-truc-tiep-rossi-4500w-ris-450-rep\/#breadcrumb\",\"itemListElement\":[{\"@type\":\"ListItem\",\"position\":1,\"name\":\"Trang ch\u1ee7\",\"item\":\"https:\/\/shop.tanadaithanh.vn\/en\/\"},{\"@type\":\"ListItem\",\"position\":2,\"name\":\"Shop\",\"item\":\"https:\/\/shop.tanadaithanh.vn\/cua-hang\/\"},{\"@type\":\"ListItem\",\"position\":3,\"name\":\"M\u00e1y n\u01b0\u1edbc n\u00f3ng tr\u1ef1c ti\u1ebfp Rossi 4500W RIS-450 REP\"}]},{\"@type\":\"WebSite\",\"@id\":\"https:\/\/shop.tanadaithanh.vn\/en\/#website\",\"url\":\"https:\/\/shop.tanadaithanh.vn\/en\/\",\"name\":\"T\u00e2n \u00c1 \u0110\u1ea1i Th\u00e0nh eShop - Trang website b\u00e1n h\u00e0ng ch\u00ednh th\u1ee9c T\u1eadp \u0111o\u00e0n T\u00e2n \u00c1 \u0110\u1ea1i Th\u00e0nh\",\"description\":\"Website b\u00e1n h\u00e0ng tr\u1ef1c tuy\u1ebfn v\u1eadn h\u00e0nh b\u1edfi ch\u00ednh T\u00e2n \u00c1 \u0110\u1ea1i Th\u00e0nh\",\"publisher\":{\"@id\":\"https:\/\/shop.tanadaithanh.vn\/en\/#organization\"},\"potentialAction\":[{\"@type\":\"SearchAction\",\"target\":{\"@type\":\"EntryPoint\",\"urlTemplate\":\"https:\/\/shop.tanadaithanh.vn\/en\/?s={search_term_string}\"},\"query-input\":{\"@type\":\"PropertyValueSpecification\",\"valueRequired\":true,\"valueName\":\"search_term_string\"}}],\"inLanguage\":\"en-US\"},{\"@type\":\"Organization\",\"@id\":\"https:\/\/shop.tanadaithanh.vn\/en\/#organization\",\"name\":\"T\u00e2n \u00c1 \u0110\u1ea1i Th\u00e0nh eShop - Trang website b\u00e1n h\u00e0ng ch\u00ednh th\u1ee9c T\u1eadp \u0111o\u00e0n T\u00e2n \u00c1 \u0110\u1ea1i Th\u00e0nh\",\"url\":\"https:\/\/shop.tanadaithanh.vn\/en\/\",\"logo\":{\"@type\":\"ImageObject\",\"inLanguage\":\"en-US\",\"@id\":\"https:\/\/shop.tanadaithanh.vn\/en\/#\/schema\/logo\/image\/\",\"url\":\"https:\/\/shop.tanadaithanh.vn\/wp-content\/uploads\/2025\/06\/Logo-2.png\",\"contentUrl\":\"https:\/\/shop.tanadaithanh.vn\/wp-content\/uploads\/2025\/06\/Logo-2.png\",\"width\":2000,\"height\":2000,\"caption\":\"T\u00e2n \u00c1 \u0110\u1ea1i Th\u00e0nh eShop - Trang website b\u00e1n h\u00e0ng ch\u00ednh th\u1ee9c T\u1eadp \u0111o\u00e0n T\u00e2n \u00c1 \u0110\u1ea1i Th\u00e0nh\"},\"image\":{\"@id\":\"https:\/\/shop.tanadaithanh.vn\/en\/#\/schema\/logo\/image\/\"},\"sameAs\":[\"https:\/\/www.facebook.com\/profile.php?id=61567171139919\",\"https:\/\/zalo.me\/3915163699004948284\"]}]}<\/script>\n<!-- \/ Yoast SEO plugin. -->","yoast_head_json":{"title":"M\u00e1y n\u01b0\u1edbc n\u00f3ng tr\u1ef1c ti\u1ebfp Rossi 4500W RIS-450 REP - T\u00e2n \u00c1 \u0110\u1ea1i Th\u00e0nh eShop","robots":{"index":"index","follow":"follow","max-snippet":"max-snippet:-1","max-image-preview":"max-image-preview:large","max-video-preview":"max-video-preview:-1"},"canonical":"https:\/\/shop.tanadaithanh.vn\/en\/san-pham\/may-nuoc-nong-truc-tiep-rossi-4500w-ris-450-rep\/","og_locale":"en_US","og_type":"article","og_title":"M\u00e1y n\u01b0\u1edbc n\u00f3ng tr\u1ef1c ti\u1ebfp Rossi 4500W RIS-450 REP - T\u00e2n \u00c1 \u0110\u1ea1i Th\u00e0nh eShop","og_description":"C\u01a1 ch\u1ebf\u00a0l\u00e0m n\u00f3ng tr\u1ef1c ti\u1ebfp,\u00a0c\u00f3 b\u01a1m tr\u1ee3 l\u1ef1c\u00a0cho ngu\u1ed3n n\u01b0\u1edbc m\u1ea1nh m\u1ebd.  T\u1ef1 ng\u1eaft \u0111i\u1ec7n khi x\u1ea3y ra s\u1ef1 c\u1ed1 nh\u1edd\u00a0c\u1ea7u dao ch\u1ed1ng r\u00f2 \u0111i\u1ec7n ELCB.  V\u1ecf ch\u1ed1ng th\u1ea5m n\u01b0\u1edbc IP25\u00a0hi\u1ec7u qu\u1ea3, b\u1ea3o v\u1ec7 linh ki\u1ec7n t\u1ed1t.  C\u1ea3m bi\u1ebfn nhi\u1ec7t\u00a0t\u1ef1 \u0111\u1ed9ng ng\u1eaft \u0111i\u1ec7n khi nhi\u1ec7t \u0111\u1ed9 qu\u00e1 cao.  \u0110i\u1ec1u ch\u1ec9nh b\u1eb1ng n\u00fam v\u1eb7n v\u00e0 c\u1ea3m \u1ee9ng,\u00a0c\u00f3 m\u00e0n h\u00ecnh hi\u1ec3n th\u1ecb nhi\u1ec7t \u0111\u1ed9.  T\u00edch h\u1ee3p\u00a0van x\u1ea3 c\u1eb7n\u00a0gi\u00fap ng\u01b0\u1eddi d\u00f9ng thu\u1eadn ti\u1ec7n trong vi\u1ec7c v\u1ec7 sinh b\u00ecnh.","og_url":"https:\/\/shop.tanadaithanh.vn\/en\/san-pham\/may-nuoc-nong-truc-tiep-rossi-4500w-ris-450-rep\/","og_site_name":"T\u00e2n \u00c1 \u0110\u1ea1i Th\u00e0nh eShop","article_publisher":"https:\/\/www.facebook.com\/profile.php?id=61567171139919","article_modified_time":"2026-04-13T10:31:29+00:00","og_image":[{"width":1200,"height":1200,"url":"https:\/\/shop.tanadaithanh.vn\/wp-content\/uploads\/2026\/04\/1-1.png","type":"image\/png"}],"twitter_card":"summary_large_image","twitter_misc":{"Est. reading time":"5 minutes"},"schema":{"@context":"https:\/\/schema.org","@graph":[{"@type":"WebPage","@id":"https:\/\/shop.tanadaithanh.vn\/en\/san-pham\/may-nuoc-nong-truc-tiep-rossi-4500w-ris-450-rep\/","url":"https:\/\/shop.tanadaithanh.vn\/en\/san-pham\/may-nuoc-nong-truc-tiep-rossi-4500w-ris-450-rep\/","name":"M\u00e1y n\u01b0\u1edbc n\u00f3ng tr\u1ef1c ti\u1ebfp Rossi 4500W RIS-450 REP - T\u00e2n \u00c1 \u0110\u1ea1i Th\u00e0nh eShop","isPartOf":{"@id":"https:\/\/shop.tanadaithanh.vn\/en\/#website"},"primaryImageOfPage":{"@id":"https:\/\/shop.tanadaithanh.vn\/en\/san-pham\/may-nuoc-nong-truc-tiep-rossi-4500w-ris-450-rep\/#primaryimage"},"image":{"@id":"https:\/\/shop.tanadaithanh.vn\/en\/san-pham\/may-nuoc-nong-truc-tiep-rossi-4500w-ris-450-rep\/#primaryimage"},"thumbnailUrl":"https:\/\/shop.tanadaithanh.vn\/wp-content\/uploads\/2026\/04\/1-1.png","datePublished":"2026-04-13T09:57:54+00:00","dateModified":"2026-04-13T10:31:29+00:00","breadcrumb":{"@id":"https:\/\/shop.tanadaithanh.vn\/en\/san-pham\/may-nuoc-nong-truc-tiep-rossi-4500w-ris-450-rep\/#breadcrumb"},"inLanguage":"en-US","potentialAction":[{"@type":"ReadAction","target":["https:\/\/shop.tanadaithanh.vn\/en\/san-pham\/may-nuoc-nong-truc-tiep-rossi-4500w-ris-450-rep\/"]}]},{"@type":"ImageObject","inLanguage":"en-US","@id":"https:\/\/shop.tanadaithanh.vn\/en\/san-pham\/may-nuoc-nong-truc-tiep-rossi-4500w-ris-450-rep\/#primaryimage","url":"https:\/\/shop.tanadaithanh.vn\/wp-content\/uploads\/2026\/04\/1-1.png","contentUrl":"https:\/\/shop.tanadaithanh.vn\/wp-content\/uploads\/2026\/04\/1-1.png","width":1200,"height":1200},{"@type":"BreadcrumbList","@id":"https:\/\/shop.tanadaithanh.vn\/en\/san-pham\/may-nuoc-nong-truc-tiep-rossi-4500w-ris-450-rep\/#breadcrumb","itemListElement":[{"@type":"ListItem","position":1,"name":"Trang ch\u1ee7","item":"https:\/\/shop.tanadaithanh.vn\/en\/"},{"@type":"ListItem","position":2,"name":"Shop","item":"https:\/\/shop.tanadaithanh.vn\/cua-hang\/"},{"@type":"ListItem","position":3,"name":"M\u00e1y n\u01b0\u1edbc n\u00f3ng tr\u1ef1c ti\u1ebfp Rossi 4500W RIS-450 REP"}]},{"@type":"WebSite","@id":"https:\/\/shop.tanadaithanh.vn\/en\/#website","url":"https:\/\/shop.tanadaithanh.vn\/en\/","name":"T\u00e2n \u00c1 \u0110\u1ea1i Th\u00e0nh eShop - Trang website b\u00e1n h\u00e0ng ch\u00ednh th\u1ee9c T\u1eadp \u0111o\u00e0n T\u00e2n \u00c1 \u0110\u1ea1i Th\u00e0nh","description":"Website b\u00e1n h\u00e0ng tr\u1ef1c tuy\u1ebfn v\u1eadn h\u00e0nh b\u1edfi ch\u00ednh T\u00e2n \u00c1 \u0110\u1ea1i Th\u00e0nh","publisher":{"@id":"https:\/\/shop.tanadaithanh.vn\/en\/#organization"},"potentialAction":[{"@type":"SearchAction","target":{"@type":"EntryPoint","urlTemplate":"https:\/\/shop.tanadaithanh.vn\/en\/?s={search_term_string}"},"query-input":{"@type":"PropertyValueSpecification","valueRequired":true,"valueName":"search_term_string"}}],"inLanguage":"en-US"},{"@type":"Organization","@id":"https:\/\/shop.tanadaithanh.vn\/en\/#organization","name":"T\u00e2n \u00c1 \u0110\u1ea1i Th\u00e0nh eShop - Trang website b\u00e1n h\u00e0ng ch\u00ednh th\u1ee9c T\u1eadp \u0111o\u00e0n T\u00e2n \u00c1 \u0110\u1ea1i Th\u00e0nh","url":"https:\/\/shop.tanadaithanh.vn\/en\/","logo":{"@type":"ImageObject","inLanguage":"en-US","@id":"https:\/\/shop.tanadaithanh.vn\/en\/#\/schema\/logo\/image\/","url":"https:\/\/shop.tanadaithanh.vn\/wp-content\/uploads\/2025\/06\/Logo-2.png","contentUrl":"https:\/\/shop.tanadaithanh.vn\/wp-content\/uploads\/2025\/06\/Logo-2.png","width":2000,"height":2000,"caption":"T\u00e2n \u00c1 \u0110\u1ea1i Th\u00e0nh eShop - Trang website b\u00e1n h\u00e0ng ch\u00ednh th\u1ee9c T\u1eadp \u0111o\u00e0n T\u00e2n \u00c1 \u0110\u1ea1i Th\u00e0nh"},"image":{"@id":"https:\/\/shop.tanadaithanh.vn\/en\/#\/schema\/logo\/image\/"},"sameAs":["https:\/\/www.facebook.com\/profile.php?id=61567171139919","https:\/\/zalo.me\/3915163699004948284"]}]}},"_links":{"self":[{"href":"https:\/\/shop.tanadaithanh.vn\/en\/wp-json\/wp\/v2\/product\/32528","targetHints":{"allow":["GET"]}}],"collection":[{"href":"https:\/\/shop.tanadaithanh.vn\/en\/wp-json\/wp\/v2\/product"}],"about":[{"href":"https:\/\/shop.tanadaithanh.vn\/en\/wp-json\/wp\/v2\/types\/product"}],"replies":[{"embeddable":true,"href":"https:\/\/shop.tanadaithanh.vn\/en\/wp-json\/wp\/v2\/comments?post=32528"}],"version-history":[{"count":3,"href":"https:\/\/shop.tanadaithanh.vn\/en\/wp-json\/wp\/v2\/product\/32528\/revisions"}],"predecessor-version":[{"id":32579,"href":"https:\/\/shop.tanadaithanh.vn\/en\/wp-json\/wp\/v2\/product\/32528\/revisions\/32579"}],"wp:featuredmedia":[{"embeddable":true,"href":"https:\/\/shop.tanadaithanh.vn\/en\/wp-json\/wp\/v2\/media\/32566"}],"wp:attachment":[{"href":"https:\/\/shop.tanadaithanh.vn\/en\/wp-json\/wp\/v2\/media?parent=32528"}],"wp:term":[{"taxonomy":"region","embeddable":true,"href":"https:\/\/shop.tanadaithanh.vn\/en\/wp-json\/wp\/v2\/region?post=32528"},{"taxonomy":"product_brand","embeddable":true,"href":"https:\/\/shop.tanadaithanh.vn\/en\/wp-json\/wp\/v2\/product_brand?post=32528"},{"taxonomy":"product_cat","embeddable":true,"href":"https:\/\/shop.tanadaithanh.vn\/en\/wp-json\/wp\/v2\/product_cat?post=32528"},{"taxonomy":"product_tag","embeddable":true,"href":"https:\/\/shop.tanadaithanh.vn\/en\/wp-json\/wp\/v2\/product_tag?post=32528"}],"curies":[{"name":"wp","href":"https:\/\/api.w.org\/{rel}","templated":true}]}}