{"id":32153,"date":"2026-03-23T09:33:08","date_gmt":"2026-03-23T02:33:08","guid":{"rendered":"https:\/\/shop.tanadaithanh.vn\/?post_type=product&#038;p=32153"},"modified":"2026-03-23T09:33:08","modified_gmt":"2026-03-23T02:33:08","slug":"bo-nhua-dai-thanh-500l-2","status":"publish","type":"product","link":"https:\/\/shop.tanadaithanh.vn\/en\/san-pham\/bo-nhua-dai-thanh-500l-2\/","title":{"rendered":"B\u01a1 nh\u1ef1a \u0110\u1ea1i Th\u00e0nh 500L"},"content":{"rendered":"<p><strong>Gi\u1edbi thi\u1ec7u s\u1ea3n ph\u1ea9m<\/strong><\/p>\n<p>&#8211; D\u00e2y chuy\u1ec1n s\u1ea3n xu\u1ea5t ti\u00ean ti\u1ebfn c\u1ee7a H\u00e0n Qu\u1ed1c.<br \/>\n&#8211; K\u1ebft c\u1ea5u nh\u1ef1a 4 l\u1edbp d\u00e0y, ch\u1ecbu va \u0111\u1eadp cao.<br \/>\n&#8211; Nguy\u00ean li\u1ec7u nh\u1ef1a LLD PE, \u0111\u1ea3m b\u1ea3o v\u1ec7 sinh an to\u00e0n th\u1ef1c ph\u1ea9m<br \/>\n&#8211; \u0110a ch\u1ee9c n\u0103ng: Ch\u1ee9a n\u01b0\u1edbc s\u1ea1ch, n\u01b0\u1edbc nhi\u1ec5m ph\u00e8n, nhi\u1ec5m m\u1eb7n ho\u00e1 ch\u1ea5t&#8230;<br \/>\n&#8211; \u0110\u1eb7c bi\u1ec7t th\u00edch h\u1ee3p cho vi\u1ec7c s\u1eed d\u1ee5ng l\u00e0m th\u00f9ng ch\u1ee9a tr\u00ean thuy\u1ec1n v\u00e0 t\u00e0u bi\u1ec3n<\/p>\n<div class=\"wpb_text_column wpb_content_element\">\n<div class=\"wpb_wrapper\">\n<p><strong>Ch\u1ebf \u0111\u1ed9 d\u1ecbch v\u1ee5 tr\u01b0\u1edbc v\u00e0 sau khi b\u00e1n h\u00e0ng ho\u00e0n h\u1ea3o c\u1ee7a nh\u00e0 s\u1ea3n xu\u1ea5t:<\/strong><\/p>\n<p>\u2013 T\u1ea5t c\u1ea3 c\u00e1c s\u1ea3n ph\u1ea9m tr\u01b0\u1edbc khi giao \u0111\u1ebfn ng\u01b0\u1eddi ti\u00eau d\u00f9ng \u0111\u1ec1u \u0111\u01b0\u1ee3c T\u1eadp \u0110o\u00e0n ki\u1ec3m tra k\u1ef9 c\u00e0ng nh\u1eb1m trao \u0111\u1ebfn tay ng\u01b0\u1eddi ti\u00eau d\u00f9ng s\u1ea3n ph\u1ea9m ch\u1ea5t l\u01b0\u1ee3ng t\u1ed1t, h\u00ecnh th\u1ee9c \u0111\u1eb9p.<br \/>\n\u2013 S\u1ea3n ph\u1ea9m b\u1ed3n nh\u1ef1a Th\u1ebf h\u1ec7 m\u1edbi c\u1ee7a t\u1eadp ho\u00e0n T\u00e2n \u00c1 \u0110\u1ea1i Th\u00e0nh \u0111\u01b0\u1ee3c b\u1ea3o h\u00e0nh k\u1ef9 thu\u1eadt 10 n\u0103m.<br \/>\n\u2013 Xuy\u00ean su\u1ed1t qu\u00e1 tr\u00ecnh s\u1eed d\u1ee5ng, kh\u00e1ch h\u00e0ng c\u00f3 \u00fd ki\u1ebfn th\u1eafc m\u1eafc, T\u00e2n \u00c1 \u0110\u1ea1i Th\u00e0nh lu\u00f4n s\u1eb5n s\u00e0ng gi\u1ea3i \u0111\u00e1p m\u1ecdi th\u1eafc m\u1eafc c\u1ee7a kh\u00e1ch h\u00e0ng.<\/p>\n<\/div>\n<\/div>\n<p><strong>Khuy\u1ebfn c\u00e1o s\u1eed d\u1ee5ng<\/strong><\/p>\n<div class=\"wpb_text_column wpb_content_element\">\n<div class=\"wpb_wrapper\">\n<ul>\n<li>S\u1ea3n ph\u1ea9m khi l\u1eafp \u0111\u1eb7t ph\u1ea3i \u0111\u01b0\u1ee3c \u0111\u1eb7t tr\u00ean m\u1ed9t m\u1eb7t ph\u1eb3ng c\u1ed1 \u0111\u1ecbnh.<\/li>\n<li>H\u1ea1n ch\u1ebf c\u00e1c t\u00e1c \u0111\u1ed9ng, va ch\u1ea1m c\u01a1 h\u1ecdc trong qu\u00e1 tr\u00ecnh l\u1eafp \u0111\u1eb7t, v\u1eadn chuy\u1ec3n v\u00e0 s\u1eed d\u1ee5ng.<\/li>\n<\/ul>\n<\/div>\n<\/div>\n","protected":false},"excerpt":{"rendered":"<p>D\u00e2y chuy\u1ec1n s\u1ea3n xu\u1ea5t ti\u00ean ti\u1ebfn c\u1ee7a H\u00e0n Qu\u1ed1c.<\/p>\n<p>K\u1ebft c\u1ea5u nh\u1ef1a 4 l\u1edbp d\u00e0y, ch\u1ecbu va \u0111\u1eadp cao<\/p>\n<p>Nguy\u00ean li\u1ec7u nh\u1ef1a LLDPE, \u0111\u1ea3m b\u1ea3o v\u1ec7 sinh an to\u00e0n th\u1ef1c ph\u1ea9m<\/p>\n<p>\u0110a ch\u1ee9c n\u0103ng: Ch\u1ee9a n\u01b0\u1edbc s\u1ea1ch, n\u01b0\u1edbc nhi\u1ec5m ph\u00e8n, nhi\u1ec5m m\u1eb7n ho\u00e1 ch\u1ea5t\u2026<\/p>\n","protected":false},"featured_media":32155,"comment_status":"open","ping_status":"closed","template":"","meta":[],"region":[260],"product_brand":[],"product_cat":[293],"product_tag":[],"class_list":{"0":"post-32153","1":"product","2":"type-product","3":"status-publish","4":"has-post-thumbnail","6":"region-mien-nam","7":"product_cat-bo-nhua","9":"first","10":"instock","11":"shipping-taxable","12":"purchasable","13":"product-type-simple"},"yoast_head":"<!-- This site is optimized with the Yoast SEO plugin v24.6 - https:\/\/yoast.com\/wordpress\/plugins\/seo\/ -->\n<title>B\u01a1 nh\u1ef1a \u0110\u1ea1i Th\u00e0nh 500L<\/title>\n<meta name=\"description\" content=\"N\u1ebfu b\u1ea1n \u0111ang t\u00ecm hi\u1ec3u v\u1ec1 s\u1ea3n ph\u1ea9m B\u01a1 nh\u1ef1a \u0110\u1ea1i Th\u00e0nh 500L th\u00ec \u0111\u1eebng b\u1ecf qua b\u00e0i vi\u1ebft d\u01b0\u1edbi \u0111\u00e2y c\u1ee7a T\u00e2n \u00c1 \u0110\u1ea1i Th\u00e0nh nh\u00e9!\" \/>\n<meta name=\"robots\" content=\"index, follow, max-snippet:-1, max-image-preview:large, max-video-preview:-1\" \/>\n<link rel=\"canonical\" href=\"https:\/\/shop.tanadaithanh.vn\/en\/san-pham\/bo-nhua-dai-thanh-500l-2\/\" \/>\n<meta property=\"og:locale\" content=\"en_US\" \/>\n<meta property=\"og:type\" content=\"article\" \/>\n<meta property=\"og:title\" content=\"B\u01a1 nh\u1ef1a \u0110\u1ea1i Th\u00e0nh 500L\" \/>\n<meta property=\"og:description\" content=\"N\u1ebfu b\u1ea1n \u0111ang t\u00ecm hi\u1ec3u v\u1ec1 s\u1ea3n ph\u1ea9m B\u01a1 nh\u1ef1a \u0110\u1ea1i Th\u00e0nh 500L th\u00ec \u0111\u1eebng b\u1ecf qua b\u00e0i vi\u1ebft d\u01b0\u1edbi \u0111\u00e2y c\u1ee7a T\u00e2n \u00c1 \u0110\u1ea1i Th\u00e0nh nh\u00e9!\" \/>\n<meta property=\"og:url\" content=\"https:\/\/shop.tanadaithanh.vn\/en\/san-pham\/bo-nhua-dai-thanh-500l-2\/\" \/>\n<meta property=\"og:site_name\" content=\"T\u00e2n \u00c1 \u0110\u1ea1i Th\u00e0nh eShop\" \/>\n<meta property=\"article:publisher\" content=\"https:\/\/www.facebook.com\/profile.php?id=61567171139919\" \/>\n<meta property=\"og:image\" content=\"https:\/\/shop.tanadaithanh.vn\/wp-content\/uploads\/2026\/03\/bo-nhua.jpg\" \/>\n\t<meta property=\"og:image:width\" content=\"300\" \/>\n\t<meta property=\"og:image:height\" content=\"300\" \/>\n\t<meta property=\"og:image:type\" content=\"image\/jpeg\" \/>\n<meta name=\"twitter:card\" content=\"summary_large_image\" \/>\n<meta name=\"twitter:label1\" content=\"Est. reading time\" \/>\n\t<meta name=\"twitter:data1\" content=\"2 minutes\" \/>\n<script type=\"application\/ld+json\" class=\"yoast-schema-graph\">{\"@context\":\"https:\/\/schema.org\",\"@graph\":[{\"@type\":\"WebPage\",\"@id\":\"https:\/\/shop.tanadaithanh.vn\/en\/san-pham\/bo-nhua-dai-thanh-500l-2\/\",\"url\":\"https:\/\/shop.tanadaithanh.vn\/en\/san-pham\/bo-nhua-dai-thanh-500l-2\/\",\"name\":\"B\u01a1 nh\u1ef1a \u0110\u1ea1i Th\u00e0nh 500L\",\"isPartOf\":{\"@id\":\"https:\/\/shop.tanadaithanh.vn\/en\/#website\"},\"primaryImageOfPage\":{\"@id\":\"https:\/\/shop.tanadaithanh.vn\/en\/san-pham\/bo-nhua-dai-thanh-500l-2\/#primaryimage\"},\"image\":{\"@id\":\"https:\/\/shop.tanadaithanh.vn\/en\/san-pham\/bo-nhua-dai-thanh-500l-2\/#primaryimage\"},\"thumbnailUrl\":\"https:\/\/shop.tanadaithanh.vn\/wp-content\/uploads\/2026\/03\/bo-nhua.jpg\",\"datePublished\":\"2026-03-23T02:33:08+00:00\",\"description\":\"N\u1ebfu b\u1ea1n \u0111ang t\u00ecm hi\u1ec3u v\u1ec1 s\u1ea3n ph\u1ea9m B\u01a1 nh\u1ef1a \u0110\u1ea1i Th\u00e0nh 500L th\u00ec \u0111\u1eebng b\u1ecf qua b\u00e0i vi\u1ebft d\u01b0\u1edbi \u0111\u00e2y c\u1ee7a T\u00e2n \u00c1 \u0110\u1ea1i Th\u00e0nh nh\u00e9!\",\"breadcrumb\":{\"@id\":\"https:\/\/shop.tanadaithanh.vn\/en\/san-pham\/bo-nhua-dai-thanh-500l-2\/#breadcrumb\"},\"inLanguage\":\"en-US\",\"potentialAction\":[{\"@type\":\"ReadAction\",\"target\":[\"https:\/\/shop.tanadaithanh.vn\/en\/san-pham\/bo-nhua-dai-thanh-500l-2\/\"]}]},{\"@type\":\"ImageObject\",\"inLanguage\":\"en-US\",\"@id\":\"https:\/\/shop.tanadaithanh.vn\/en\/san-pham\/bo-nhua-dai-thanh-500l-2\/#primaryimage\",\"url\":\"https:\/\/shop.tanadaithanh.vn\/wp-content\/uploads\/2026\/03\/bo-nhua.jpg\",\"contentUrl\":\"https:\/\/shop.tanadaithanh.vn\/wp-content\/uploads\/2026\/03\/bo-nhua.jpg\",\"width\":300,\"height\":300},{\"@type\":\"BreadcrumbList\",\"@id\":\"https:\/\/shop.tanadaithanh.vn\/en\/san-pham\/bo-nhua-dai-thanh-500l-2\/#breadcrumb\",\"itemListElement\":[{\"@type\":\"ListItem\",\"position\":1,\"name\":\"Trang ch\u1ee7\",\"item\":\"https:\/\/shop.tanadaithanh.vn\/en\/\"},{\"@type\":\"ListItem\",\"position\":2,\"name\":\"Shop\",\"item\":\"https:\/\/shop.tanadaithanh.vn\/cua-hang\/\"},{\"@type\":\"ListItem\",\"position\":3,\"name\":\"B\u01a1 nh\u1ef1a \u0110\u1ea1i Th\u00e0nh 500L\"}]},{\"@type\":\"WebSite\",\"@id\":\"https:\/\/shop.tanadaithanh.vn\/en\/#website\",\"url\":\"https:\/\/shop.tanadaithanh.vn\/en\/\",\"name\":\"T\u00e2n \u00c1 \u0110\u1ea1i Th\u00e0nh eShop - Trang website b\u00e1n h\u00e0ng ch\u00ednh th\u1ee9c T\u1eadp \u0111o\u00e0n T\u00e2n \u00c1 \u0110\u1ea1i Th\u00e0nh\",\"description\":\"Website b\u00e1n h\u00e0ng tr\u1ef1c tuy\u1ebfn v\u1eadn h\u00e0nh b\u1edfi ch\u00ednh T\u00e2n \u00c1 \u0110\u1ea1i Th\u00e0nh\",\"publisher\":{\"@id\":\"https:\/\/shop.tanadaithanh.vn\/en\/#organization\"},\"potentialAction\":[{\"@type\":\"SearchAction\",\"target\":{\"@type\":\"EntryPoint\",\"urlTemplate\":\"https:\/\/shop.tanadaithanh.vn\/en\/?s={search_term_string}\"},\"query-input\":{\"@type\":\"PropertyValueSpecification\",\"valueRequired\":true,\"valueName\":\"search_term_string\"}}],\"inLanguage\":\"en-US\"},{\"@type\":\"Organization\",\"@id\":\"https:\/\/shop.tanadaithanh.vn\/en\/#organization\",\"name\":\"T\u00e2n \u00c1 \u0110\u1ea1i Th\u00e0nh eShop - Trang website b\u00e1n h\u00e0ng ch\u00ednh th\u1ee9c T\u1eadp \u0111o\u00e0n T\u00e2n \u00c1 \u0110\u1ea1i Th\u00e0nh\",\"url\":\"https:\/\/shop.tanadaithanh.vn\/en\/\",\"logo\":{\"@type\":\"ImageObject\",\"inLanguage\":\"en-US\",\"@id\":\"https:\/\/shop.tanadaithanh.vn\/en\/#\/schema\/logo\/image\/\",\"url\":\"https:\/\/shop.tanadaithanh.vn\/wp-content\/uploads\/2025\/06\/Logo-2.png\",\"contentUrl\":\"https:\/\/shop.tanadaithanh.vn\/wp-content\/uploads\/2025\/06\/Logo-2.png\",\"width\":2000,\"height\":2000,\"caption\":\"T\u00e2n \u00c1 \u0110\u1ea1i Th\u00e0nh eShop - Trang website b\u00e1n h\u00e0ng ch\u00ednh th\u1ee9c T\u1eadp \u0111o\u00e0n T\u00e2n \u00c1 \u0110\u1ea1i Th\u00e0nh\"},\"image\":{\"@id\":\"https:\/\/shop.tanadaithanh.vn\/en\/#\/schema\/logo\/image\/\"},\"sameAs\":[\"https:\/\/www.facebook.com\/profile.php?id=61567171139919\",\"https:\/\/zalo.me\/3915163699004948284\"]}]}<\/script>\n<!-- \/ Yoast SEO plugin. -->","yoast_head_json":{"title":"B\u01a1 nh\u1ef1a \u0110\u1ea1i Th\u00e0nh 500L","description":"N\u1ebfu b\u1ea1n \u0111ang t\u00ecm hi\u1ec3u v\u1ec1 s\u1ea3n ph\u1ea9m B\u01a1 nh\u1ef1a \u0110\u1ea1i Th\u00e0nh 500L th\u00ec \u0111\u1eebng b\u1ecf qua b\u00e0i vi\u1ebft d\u01b0\u1edbi \u0111\u00e2y c\u1ee7a T\u00e2n \u00c1 \u0110\u1ea1i Th\u00e0nh nh\u00e9!","robots":{"index":"index","follow":"follow","max-snippet":"max-snippet:-1","max-image-preview":"max-image-preview:large","max-video-preview":"max-video-preview:-1"},"canonical":"https:\/\/shop.tanadaithanh.vn\/en\/san-pham\/bo-nhua-dai-thanh-500l-2\/","og_locale":"en_US","og_type":"article","og_title":"B\u01a1 nh\u1ef1a \u0110\u1ea1i Th\u00e0nh 500L","og_description":"N\u1ebfu b\u1ea1n \u0111ang t\u00ecm hi\u1ec3u v\u1ec1 s\u1ea3n ph\u1ea9m B\u01a1 nh\u1ef1a \u0110\u1ea1i Th\u00e0nh 500L th\u00ec \u0111\u1eebng b\u1ecf qua b\u00e0i vi\u1ebft d\u01b0\u1edbi \u0111\u00e2y c\u1ee7a T\u00e2n \u00c1 \u0110\u1ea1i Th\u00e0nh nh\u00e9!","og_url":"https:\/\/shop.tanadaithanh.vn\/en\/san-pham\/bo-nhua-dai-thanh-500l-2\/","og_site_name":"T\u00e2n \u00c1 \u0110\u1ea1i Th\u00e0nh eShop","article_publisher":"https:\/\/www.facebook.com\/profile.php?id=61567171139919","og_image":[{"width":300,"height":300,"url":"https:\/\/shop.tanadaithanh.vn\/wp-content\/uploads\/2026\/03\/bo-nhua.jpg","type":"image\/jpeg"}],"twitter_card":"summary_large_image","twitter_misc":{"Est. reading time":"2 minutes"},"schema":{"@context":"https:\/\/schema.org","@graph":[{"@type":"WebPage","@id":"https:\/\/shop.tanadaithanh.vn\/en\/san-pham\/bo-nhua-dai-thanh-500l-2\/","url":"https:\/\/shop.tanadaithanh.vn\/en\/san-pham\/bo-nhua-dai-thanh-500l-2\/","name":"B\u01a1 nh\u1ef1a \u0110\u1ea1i Th\u00e0nh 500L","isPartOf":{"@id":"https:\/\/shop.tanadaithanh.vn\/en\/#website"},"primaryImageOfPage":{"@id":"https:\/\/shop.tanadaithanh.vn\/en\/san-pham\/bo-nhua-dai-thanh-500l-2\/#primaryimage"},"image":{"@id":"https:\/\/shop.tanadaithanh.vn\/en\/san-pham\/bo-nhua-dai-thanh-500l-2\/#primaryimage"},"thumbnailUrl":"https:\/\/shop.tanadaithanh.vn\/wp-content\/uploads\/2026\/03\/bo-nhua.jpg","datePublished":"2026-03-23T02:33:08+00:00","description":"N\u1ebfu b\u1ea1n \u0111ang t\u00ecm hi\u1ec3u v\u1ec1 s\u1ea3n ph\u1ea9m B\u01a1 nh\u1ef1a \u0110\u1ea1i Th\u00e0nh 500L th\u00ec \u0111\u1eebng b\u1ecf qua b\u00e0i vi\u1ebft d\u01b0\u1edbi \u0111\u00e2y c\u1ee7a T\u00e2n \u00c1 \u0110\u1ea1i Th\u00e0nh nh\u00e9!","breadcrumb":{"@id":"https:\/\/shop.tanadaithanh.vn\/en\/san-pham\/bo-nhua-dai-thanh-500l-2\/#breadcrumb"},"inLanguage":"en-US","potentialAction":[{"@type":"ReadAction","target":["https:\/\/shop.tanadaithanh.vn\/en\/san-pham\/bo-nhua-dai-thanh-500l-2\/"]}]},{"@type":"ImageObject","inLanguage":"en-US","@id":"https:\/\/shop.tanadaithanh.vn\/en\/san-pham\/bo-nhua-dai-thanh-500l-2\/#primaryimage","url":"https:\/\/shop.tanadaithanh.vn\/wp-content\/uploads\/2026\/03\/bo-nhua.jpg","contentUrl":"https:\/\/shop.tanadaithanh.vn\/wp-content\/uploads\/2026\/03\/bo-nhua.jpg","width":300,"height":300},{"@type":"BreadcrumbList","@id":"https:\/\/shop.tanadaithanh.vn\/en\/san-pham\/bo-nhua-dai-thanh-500l-2\/#breadcrumb","itemListElement":[{"@type":"ListItem","position":1,"name":"Trang ch\u1ee7","item":"https:\/\/shop.tanadaithanh.vn\/en\/"},{"@type":"ListItem","position":2,"name":"Shop","item":"https:\/\/shop.tanadaithanh.vn\/cua-hang\/"},{"@type":"ListItem","position":3,"name":"B\u01a1 nh\u1ef1a \u0110\u1ea1i Th\u00e0nh 500L"}]},{"@type":"WebSite","@id":"https:\/\/shop.tanadaithanh.vn\/en\/#website","url":"https:\/\/shop.tanadaithanh.vn\/en\/","name":"T\u00e2n \u00c1 \u0110\u1ea1i Th\u00e0nh eShop - Trang website b\u00e1n h\u00e0ng ch\u00ednh th\u1ee9c T\u1eadp \u0111o\u00e0n T\u00e2n \u00c1 \u0110\u1ea1i Th\u00e0nh","description":"Website b\u00e1n h\u00e0ng tr\u1ef1c tuy\u1ebfn v\u1eadn h\u00e0nh b\u1edfi ch\u00ednh T\u00e2n \u00c1 \u0110\u1ea1i Th\u00e0nh","publisher":{"@id":"https:\/\/shop.tanadaithanh.vn\/en\/#organization"},"potentialAction":[{"@type":"SearchAction","target":{"@type":"EntryPoint","urlTemplate":"https:\/\/shop.tanadaithanh.vn\/en\/?s={search_term_string}"},"query-input":{"@type":"PropertyValueSpecification","valueRequired":true,"valueName":"search_term_string"}}],"inLanguage":"en-US"},{"@type":"Organization","@id":"https:\/\/shop.tanadaithanh.vn\/en\/#organization","name":"T\u00e2n \u00c1 \u0110\u1ea1i Th\u00e0nh eShop - Trang website b\u00e1n h\u00e0ng ch\u00ednh th\u1ee9c T\u1eadp \u0111o\u00e0n T\u00e2n \u00c1 \u0110\u1ea1i Th\u00e0nh","url":"https:\/\/shop.tanadaithanh.vn\/en\/","logo":{"@type":"ImageObject","inLanguage":"en-US","@id":"https:\/\/shop.tanadaithanh.vn\/en\/#\/schema\/logo\/image\/","url":"https:\/\/shop.tanadaithanh.vn\/wp-content\/uploads\/2025\/06\/Logo-2.png","contentUrl":"https:\/\/shop.tanadaithanh.vn\/wp-content\/uploads\/2025\/06\/Logo-2.png","width":2000,"height":2000,"caption":"T\u00e2n \u00c1 \u0110\u1ea1i Th\u00e0nh eShop - Trang website b\u00e1n h\u00e0ng ch\u00ednh th\u1ee9c T\u1eadp \u0111o\u00e0n T\u00e2n \u00c1 \u0110\u1ea1i Th\u00e0nh"},"image":{"@id":"https:\/\/shop.tanadaithanh.vn\/en\/#\/schema\/logo\/image\/"},"sameAs":["https:\/\/www.facebook.com\/profile.php?id=61567171139919","https:\/\/zalo.me\/3915163699004948284"]}]}},"_links":{"self":[{"href":"https:\/\/shop.tanadaithanh.vn\/en\/wp-json\/wp\/v2\/product\/32153","targetHints":{"allow":["GET"]}}],"collection":[{"href":"https:\/\/shop.tanadaithanh.vn\/en\/wp-json\/wp\/v2\/product"}],"about":[{"href":"https:\/\/shop.tanadaithanh.vn\/en\/wp-json\/wp\/v2\/types\/product"}],"replies":[{"embeddable":true,"href":"https:\/\/shop.tanadaithanh.vn\/en\/wp-json\/wp\/v2\/comments?post=32153"}],"version-history":[{"count":1,"href":"https:\/\/shop.tanadaithanh.vn\/en\/wp-json\/wp\/v2\/product\/32153\/revisions"}],"predecessor-version":[{"id":32157,"href":"https:\/\/shop.tanadaithanh.vn\/en\/wp-json\/wp\/v2\/product\/32153\/revisions\/32157"}],"wp:featuredmedia":[{"embeddable":true,"href":"https:\/\/shop.tanadaithanh.vn\/en\/wp-json\/wp\/v2\/media\/32155"}],"wp:attachment":[{"href":"https:\/\/shop.tanadaithanh.vn\/en\/wp-json\/wp\/v2\/media?parent=32153"}],"wp:term":[{"taxonomy":"region","embeddable":true,"href":"https:\/\/shop.tanadaithanh.vn\/en\/wp-json\/wp\/v2\/region?post=32153"},{"taxonomy":"product_brand","embeddable":true,"href":"https:\/\/shop.tanadaithanh.vn\/en\/wp-json\/wp\/v2\/product_brand?post=32153"},{"taxonomy":"product_cat","embeddable":true,"href":"https:\/\/shop.tanadaithanh.vn\/en\/wp-json\/wp\/v2\/product_cat?post=32153"},{"taxonomy":"product_tag","embeddable":true,"href":"https:\/\/shop.tanadaithanh.vn\/en\/wp-json\/wp\/v2\/product_tag?post=32153"}],"curies":[{"name":"wp","href":"https:\/\/api.w.org\/{rel}","templated":true}]}}