{"id":30746,"date":"2026-01-10T09:44:21","date_gmt":"2026-01-10T02:44:21","guid":{"rendered":"https:\/\/shop.tanadaithanh.vn\/?post_type=product&#038;p=30746"},"modified":"2026-03-19T14:47:09","modified_gmt":"2026-03-19T07:47:09","slug":"chau-rua-cao-cap-rossi-rl210h","status":"publish","type":"product","link":"https:\/\/shop.tanadaithanh.vn\/en\/san-pham\/chau-rua-cao-cap-rossi-rl210h\/","title":{"rendered":"Ch\u1eadu r\u1eeda cao c\u1ea5p Rossi RL210H"},"content":{"rendered":"<p><span style=\"font-weight: 400;\">Ch\u1eadu r\u1eeda 1 h\u1ed1 \u0111ang \u0111\u01b0\u1ee3c nhi\u1ec1u gia \u0111\u00ecnh \u01b0a chu\u1ed9ng s\u1eed d\u1ee5ng nh\u1edd v\u00e0o c\u00e1c \u01b0u \u0111i\u1ec3m v\u01b0\u1ee3t tr\u1ed9i nh\u01b0 kh\u00f4ng c\u00f3 v\u00e1ch ng\u0103n, d\u1ec5 d\u00e0ng v\u1ec7 sinh to\u00e0n b\u1ed9 khu v\u1ef1c. \u0110\u01b0\u1ee3c ch\u1ebf t\u1ea1o t\u1eeb ch\u1ea5t li\u1ec7u inox cao c\u1ea5p v\u00e0 \u0111\u01b0\u1ee3c ph\u1ee7 l\u1edbp ph\u1ee7 Nano PVD, ch\u1eadu r\u1eeda cao c\u1ea5p 1 h\u1ed1 Rossi RL210H s\u1edf h\u1eefu \u0111\u1ed9 b\u1ec1n v\u01b0\u1ee3t tr\u1ed9i, kh\u1ea3 n\u0103ng ch\u1ed1ng \u0103n m\u00f2n, ch\u1ed1ng b\u00e1m b\u1ea9n, b\u1ec1n m\u00e0u v\u00e0 d\u1ec5 v\u1ec7 sinh v\u00e0 l\u00e0 s\u1ef1 l\u1ef1a ch\u1ecdn l\u00fd t\u01b0\u1edfng cho c\u00e1c gia \u0111\u00ecnh.\u00a0<\/span><\/p>\n<p><img fetchpriority=\"high\" decoding=\"async\" class=\"aligncenter size-full wp-image-30749\" src=\"https:\/\/shop.tanadaithanh.vn\/wp-content\/uploads\/2026\/01\/chau-rua-cao-cap-rossi-rl210h-2.png\" alt=\"\" width=\"1200\" height=\"630\" srcset=\"https:\/\/shop.tanadaithanh.vn\/wp-content\/uploads\/2026\/01\/chau-rua-cao-cap-rossi-rl210h-2.png 1200w, https:\/\/shop.tanadaithanh.vn\/wp-content\/uploads\/2026\/01\/chau-rua-cao-cap-rossi-rl210h-2-300x158.png 300w, https:\/\/shop.tanadaithanh.vn\/wp-content\/uploads\/2026\/01\/chau-rua-cao-cap-rossi-rl210h-2-1024x538.png 1024w, https:\/\/shop.tanadaithanh.vn\/wp-content\/uploads\/2026\/01\/chau-rua-cao-cap-rossi-rl210h-2-768x403.png 768w, https:\/\/shop.tanadaithanh.vn\/wp-content\/uploads\/2026\/01\/chau-rua-cao-cap-rossi-rl210h-2-150x79.png 150w\" sizes=\"(max-width: 1200px) 100vw, 1200px\" \/><\/p>\n<h2><b>Th\u00f4ng s\u1ed1 k\u1ef9 thu\u1eadt ch\u1eadu r\u1eeda b\u00e1t Rossi RL210H<\/b><\/h2>\n<table>\n<tbody>\n<tr>\n<td><span style=\"font-weight: 400;\">T\u00ean s\u1ea3n\u00a0<\/span><\/td>\n<td><span style=\"font-weight: 400;\">Ch\u1eadu r\u1eeda cao c\u1ea5p Rossi RL210H<\/span><\/td>\n<\/tr>\n<tr>\n<td><span style=\"font-weight: 400;\">M\u00e3 s\u1ea3n ph\u1ea9m<\/span><\/td>\n<td><span style=\"font-weight: 400;\">RL210H<\/span><\/td>\n<\/tr>\n<tr>\n<td><span style=\"font-weight: 400;\">Ki\u1ec3u ch\u1eadu<\/span><\/td>\n<td><span style=\"font-weight: 400;\">Ch\u1eadu r\u1eeda 1 h\u1ed1<\/span><\/td>\n<\/tr>\n<tr>\n<td><span style=\"font-weight: 400;\">Ch\u1ea5t li\u1ec7u<\/span><\/td>\n<td><span style=\"font-weight: 400;\">Inox\u00a0<\/span><\/td>\n<\/tr>\n<tr>\n<td><span style=\"font-weight: 400;\">L\u1edbp ph\u1ee7<\/span><\/td>\n<td><span style=\"font-weight: 400;\">L\u1edbp ph\u1ee7 Nano\u00a0<\/span><\/td>\n<\/tr>\n<tr>\n<td><span style=\"font-weight: 400;\">K\u00edch th\u01b0\u1edbc (D\u00e0i x r\u1ed9ng x s\u00e2u)<\/span><\/td>\n<td><span style=\"font-weight: 400;\">680 x 450 x 220 mm<\/span><\/td>\n<\/tr>\n<tr>\n<td><span style=\"font-weight: 400;\">\u0110\u1ed9 d\u00e0y m\u1eb7t ch\u1eadu<\/span><\/td>\n<td><span style=\"font-weight: 400;\">3.0 mm<\/span><\/td>\n<\/tr>\n<tr>\n<td><span style=\"font-weight: 400;\">\u0110\u1ed9 d\u00e0y l\u00f2ng ch\u1eadu<\/span><\/td>\n<td><span style=\"font-weight: 400;\">0.7 mm<\/span><\/td>\n<\/tr>\n<tr>\n<td><span style=\"font-weight: 400;\">K\u00edch th\u01b0\u1edbc c\u1eaft \u0111\u00e1 (D\u00e0i x r\u1ed9ng)<\/span><\/td>\n<td><span style=\"font-weight: 400;\">660 x 430 mm<\/span><\/td>\n<\/tr>\n<tr>\n<td><span style=\"font-weight: 400;\">Ph\u1ee5 ki\u1ec7n \u0111i k\u00e8m<\/span><\/td>\n<td><span style=\"font-weight: 400;\">1 khay r\u1eeda inox, 1 th\u1edbt<\/span><\/td>\n<\/tr>\n<tr>\n<td><span style=\"font-weight: 400;\">K\u00edch th\u01b0\u1edbc th\u1edbt<\/span><\/td>\n<td><span style=\"font-weight: 400;\">35cm x 25cm x 16mm\u00a0<\/span><\/td>\n<\/tr>\n<tr>\n<td><span style=\"font-weight: 400;\">K\u00edch th\u01b0\u1edbc h\u1ed9c ph\u1ee5<\/span><\/td>\n<td><span style=\"font-weight: 400;\">34.8 \u00d7 26 \u00d7 10cm<\/span><\/td>\n<\/tr>\n<tr>\n<td><span style=\"font-weight: 400;\">B\u1ea3o h\u00e0nh ch\u00ednh h\u00e3ng<\/span><\/td>\n<td><span style=\"font-weight: 400;\">2 n\u0103m<\/span><\/td>\n<\/tr>\n<\/tbody>\n<\/table>\n<h2><b>\u01afu \u0111i\u1ec3m v\u01b0\u1ee3t tr\u1ed9i c\u1ee7a ch\u1eadu r\u1eeda cao c\u1ea5p Rossi RL210H<\/b><\/h2>\n<p><span style=\"font-weight: 400;\">Ch\u1eadu r\u1eeda cao c\u1ea5p Rossi RL210H l\u00e0 s\u1ea3n ph\u1ea9m b\u1ed3n r\u1eeda 1 h\u1ed1 cao c\u1ea5p t\u1edbi t\u1eeb th\u01b0\u01a1ng hi\u1ec7u Rossi. D\u00f2ng ch\u1eadu r\u1eeda n\u00e0y kh\u00f4ng ch\u1ec9 \u0111\u00e1p \u1ee9ng \u0111\u01b0\u1ee3c to\u00e0n b\u1ed9 c\u00e1c t\u00ednh n\u0103ng c\u1ee7a m\u1ed9t ch\u1eadu r\u1eeda th\u00f4ng th\u01b0\u1eddng m\u00e0 c\u00f2n s\u1edf h\u1eefu nhi\u1ec1u \u01b0u \u0111i\u1ec3m v\u01b0\u1ee3t tr\u1ed9i.\u00a0\u00a0<\/span><\/p>\n<h3><span style=\"font-weight: 400;\">Ch\u1ea5t li\u1ec7u inox 201 cao c\u1ea5p: Ch\u1ed1ng \u0103n m\u00f2n &#8211; B\u1ec1n b\u1ec9 v\u01b0\u1ee3t th\u1eddi gian<\/span><\/h3>\n<p><span style=\"font-weight: 400;\">Ch\u1eadu r\u1eeda cao c\u1ea5p Rossi RL210H \u0111\u01b0\u1ee3c \u1ee9ng d\u1ee5ng s\u1ea3n xu\u1ea5t t\u1eeb v\u1eadt li\u1ec7u inox 201 cao c\u1ea5p, s\u1edf h\u1eefu nhi\u1ec1u t\u00ednh n\u0103ng n\u1ed5i tr\u1ed9i nh\u01b0: \u0111\u1ed9 b\u1ec1n cao, ch\u1ed1ng \u0103n m\u00f2n, ch\u1ed1ng g\u1ec9 s\u00e9t, ch\u1ed1ng va \u0111\u1eadp, ch\u1ecbu l\u1ef1c v\u00e0 ch\u1ecbu nhi\u1ec7t t\u1ed1t,&#8230;\u00a0<\/span><\/p>\n<p><img decoding=\"async\" class=\"aligncenter size-full wp-image-30751\" src=\"https:\/\/shop.tanadaithanh.vn\/wp-content\/uploads\/2026\/01\/chau-rua-cao-cap-rossi-rl210h-3.png\" alt=\"\" width=\"1200\" height=\"630\" srcset=\"https:\/\/shop.tanadaithanh.vn\/wp-content\/uploads\/2026\/01\/chau-rua-cao-cap-rossi-rl210h-3.png 1200w, https:\/\/shop.tanadaithanh.vn\/wp-content\/uploads\/2026\/01\/chau-rua-cao-cap-rossi-rl210h-3-300x158.png 300w, https:\/\/shop.tanadaithanh.vn\/wp-content\/uploads\/2026\/01\/chau-rua-cao-cap-rossi-rl210h-3-1024x538.png 1024w, https:\/\/shop.tanadaithanh.vn\/wp-content\/uploads\/2026\/01\/chau-rua-cao-cap-rossi-rl210h-3-768x403.png 768w, https:\/\/shop.tanadaithanh.vn\/wp-content\/uploads\/2026\/01\/chau-rua-cao-cap-rossi-rl210h-3-150x79.png 150w\" sizes=\"(max-width: 1200px) 100vw, 1200px\" \/><\/p>\n<p><span style=\"font-weight: 400;\">Ngo\u00e0i ra, ch\u1eadu r\u1eeda c\u00f2n \u0111\u01b0\u1ee3c ph\u1ee7 l\u1edbp m\u1ea1 Nano gi\u00fap ch\u1ed1ng b\u00e1m v\u00e2n tay v\u00e0 d\u1ea7u m\u1ee1, t\u0103ng \u0111\u1ed9 b\u00f3ng, mang l\u1ea1i v\u1ebb sang tr\u1ecdng cho s\u1ea3n ph\u1ea9m, gi\u1eef \u0111\u1ed9 s\u00e1ng b\u00f3ng b\u1ec1n l\u00e2u, h\u1ea1n ch\u1ebf hi\u1ec7n t\u01b0\u1ee3ng b\u1ea1c ho\u1eb7c x\u1ec9n m\u00e0u sau khi s\u1eed d\u1ee5ng m\u1ed9t th\u1eddi gian d\u00e0i. H\u01a1n n\u1eefa, l\u1edbp ph\u1ee7 m\u1ea1 Nano PVD c\u00f2n gi\u00fap cho ch\u1eadu r\u1eeda d\u1ec5 v\u1ec7 sinh, r\u00fat ng\u1eafn th\u1eddi gian d\u1ecdn d\u1eb9p.\u00a0<\/span><\/p>\n<p><img decoding=\"async\" class=\"aligncenter size-full wp-image-31716\" src=\"https:\/\/shop.tanadaithanh.vn\/wp-content\/uploads\/2026\/01\/chau-rua-cao-cap-rossi-rl210h-4-3.png\" alt=\"\" width=\"1200\" height=\"630\" srcset=\"https:\/\/shop.tanadaithanh.vn\/wp-content\/uploads\/2026\/01\/chau-rua-cao-cap-rossi-rl210h-4-3.png 1200w, https:\/\/shop.tanadaithanh.vn\/wp-content\/uploads\/2026\/01\/chau-rua-cao-cap-rossi-rl210h-4-3-300x158.png 300w, https:\/\/shop.tanadaithanh.vn\/wp-content\/uploads\/2026\/01\/chau-rua-cao-cap-rossi-rl210h-4-3-1024x538.png 1024w, https:\/\/shop.tanadaithanh.vn\/wp-content\/uploads\/2026\/01\/chau-rua-cao-cap-rossi-rl210h-4-3-768x403.png 768w, https:\/\/shop.tanadaithanh.vn\/wp-content\/uploads\/2026\/01\/chau-rua-cao-cap-rossi-rl210h-4-3-150x79.png 150w\" sizes=\"(max-width: 1200px) 100vw, 1200px\" \/><\/p>\n<h3><span style=\"font-weight: 400;\">Thi\u1ebft k\u1ebf th\u00f4ng minh<\/span><\/h3>\n<p><span style=\"font-weight: 400;\">V\u1edbi thi\u1ebft k\u1ebf b\u1eadc thang 2 t\u1ea7ng, ch\u1eadu r\u1eeda Rossi RL210H gi\u00fap ch\u1ed1ng b\u1eafn, tr\u00e0n n\u01b0\u1edbc l\u00ean m\u1eb7t b\u00e0n \u0111\u00e1. Ngo\u00e0i ra, c\u00e1c ph\u1ee5 ki\u1ec7n \u0111i k\u00e8m g\u1ed3m khay \u0111\u1ef1ng inox c\u0169ng gi\u00fap t\u0103ng t\u00ednh ti\u1ec7n l\u1ee3i trong qu\u00e1 tr\u00ecnh s\u1eed d\u1ee5ng. Ng\u01b0\u1eddi d\u00f9ng c\u00f3 th\u1ec3 d\u00f9ng \u0111\u1ec3 th\u1ef1c ph\u1ea9m, \u0111\u1ed3 d\u00f9ng c\u1ea7n r\u1eeda l\u00ean tr\u00ean sau khi r\u1eeda xong ho\u1eb7c khi chu\u1ea9n b\u1ecb r\u1eeda.\u00a0<\/span><\/p>\n<p><span style=\"font-weight: 400;\">B\u00ean c\u1ea1nh \u0111\u00f3, ch\u1eadu r\u1eeda Rossi RL210H c\u00f2n c\u00f3 thi\u1ebft k\u1ebf 1 h\u1ed1 3 v\u00f2i. Ng\u01b0\u1eddi d\u00f9ng c\u00f3 th\u1ec3 s\u1eed d\u1ee5ng 1 v\u00f2i n\u01b0\u1edbc ch\u00ednh v\u00e0 k\u1ebft h\u1ee3p th\u00eam 2 v\u00f2i n\u01b0\u1edbc ph\u1ee5 kh\u00e1c. Qua \u0111\u00f3, gi\u00fap gia t\u0103ng c\u00f4ng n\u0103ng s\u1eed d\u1ee5ng.\u00a0<\/span><\/p>\n<h3><span style=\"font-weight: 400;\">Ph\u1ee5 ki\u1ec7n \u0111\u00ednh k\u00e8m ti\u1ec7n \u00edch\u00a0<\/span><\/h3>\n<p><span style=\"font-weight: 400;\">Khi mua ch\u1eadu r\u1eeda 1 h\u1ed1 cao c\u1ea5p Rossi RL210H, b\u00ean c\u1ea1nh c\u00e1c ph\u1ee5 \u0111i k\u00e8m th\u00f4ng th\u01b0\u1eddng nh\u01b0 gi\u1ecf l\u1ecdc r\u00e1c, xi ph\u00f4ng,&#8230;, s\u1ea3n ph\u1ea9m s\u1ebd c\u00f2n \u0111\u01b0\u1ee3c \u0111\u00ednh k\u00e8m 1 th\u1edbt g\u1ed7 s\u1ed3i cao c\u1ea5p (k\u00edch th\u01b0\u1edbc 35cm x 25cm x 16mm), 1 khay \u0111\u1ef1ng inox.\u00a0<\/span><\/p>\n<p><img loading=\"lazy\" decoding=\"async\" class=\"aligncenter size-full wp-image-30747\" src=\"https:\/\/shop.tanadaithanh.vn\/wp-content\/uploads\/2026\/01\/chau-rua-cao-cap-rossi-rl210h-1.png\" alt=\"\" width=\"1200\" height=\"630\" srcset=\"https:\/\/shop.tanadaithanh.vn\/wp-content\/uploads\/2026\/01\/chau-rua-cao-cap-rossi-rl210h-1.png 1200w, https:\/\/shop.tanadaithanh.vn\/wp-content\/uploads\/2026\/01\/chau-rua-cao-cap-rossi-rl210h-1-300x158.png 300w, https:\/\/shop.tanadaithanh.vn\/wp-content\/uploads\/2026\/01\/chau-rua-cao-cap-rossi-rl210h-1-1024x538.png 1024w, https:\/\/shop.tanadaithanh.vn\/wp-content\/uploads\/2026\/01\/chau-rua-cao-cap-rossi-rl210h-1-768x403.png 768w, https:\/\/shop.tanadaithanh.vn\/wp-content\/uploads\/2026\/01\/chau-rua-cao-cap-rossi-rl210h-1-150x79.png 150w\" sizes=\"(max-width: 1200px) 100vw, 1200px\" \/><\/p>\n<p><span style=\"font-weight: 400;\">V\u1edbi nh\u1eefng \u01b0u \u0111i\u1ec3m v\u01b0\u1ee3t tr\u1ed9i k\u1ec3 tr\u00ean, ch\u1eadu r\u1eeda cao c\u1ea5p Rossi RL210H h\u1ee9a h\u1eb9n s\u1ebd t\u1ea1o n\u00ean \u201cc\u01a1n s\u1ed1t\u201d \u0111\u1ed1i v\u1edbi th\u1ecb tr\u01b0\u1eddng ti\u00eau d\u00f9ng Vi\u1ec7t.\u00a0<\/span><\/p>\n","protected":false},"excerpt":{"rendered":"<p>Ch\u1eadu r\u1eeda cao c\u1ea5p Rossi RL210H l\u00e0 m\u1ed9t s\u1ea3n ph\u1ea9m c\u1ee7a T\u1eadp \u0111o\u00e0n T\u00e2n \u00c1 \u0110\u1ea1i Th\u00e0nh, c\u00f3 nhi\u1ec1u \u01b0u \u0111i\u1ec3m n\u1ed5i b\u1eadt g\u1ed3m:<\/p>\n<ul>\n<li>S\u1eed d\u1ee5ng ch\u1ea5t li\u1ec7u inox cao c\u1ea5p, trang b\u1ecb l\u1edbp ph\u1ee7 Nano PVD cho b\u1ec1 m\u1eb7t ch\u1eadu s\u00e1ng b\u00f3ng, b\u1ec1n m\u00e0u, d\u1ec5 v\u1ec7 sinh<\/li>\n<li>B\u1ec1 m\u1eb7t li\u1ec1n kh\u1ed1i, d\u1eadp v\u00e2n t\u1ed5 ong cao c\u1ea5p, ch\u1ed1ng r\u00f2 r\u1ec9 n\u01b0\u1edbc tuy\u1ec7t \u0111\u1ed1i, t\u0103ng \u0111\u1ed9 b\u1ec1n v\u01b0\u1ee3t tr\u1ed9i.<\/li>\n<li>Thi\u1ebft k\u1ebf b\u1eadc thang th\u00f4ng minh, ti\u1ec7n l\u1ee3i khi s\u1eed d\u1ee5ng<\/li>\n<li>Ph\u1ee5 ki\u1ec7n cao c\u1ea5p \u0111i k\u00e8m (1 th\u1edbt, 1 khay r\u1eeda inox)<\/li>\n<\/ul>\n","protected":false},"featured_media":30771,"comment_status":"open","ping_status":"closed","template":"","meta":[],"region":[259,260],"product_brand":[],"product_cat":[204,334,396],"product_tag":[],"class_list":{"0":"post-30746","1":"product","2":"type-product","3":"status-publish","4":"has-post-thumbnail","6":"region-mien-bac","7":"region-mien-nam","8":"product_cat-chau-rua","9":"product_cat-chau-rua-1-ho","10":"product_cat-noi-bat","12":"first","13":"instock","14":"sale","15":"shipping-taxable","16":"purchasable","17":"product-type-simple"},"yoast_head":"<!-- This site is optimized with the Yoast SEO plugin v24.6 - https:\/\/yoast.com\/wordpress\/plugins\/seo\/ -->\n<title>Ch\u1eadu r\u1eeda cao c\u1ea5p Rossi RL210H<\/title>\n<meta name=\"description\" content=\"N\u1ebfu b\u1ea1n \u0111ang t\u00ecm ki\u1ebfm ch\u1eadu r\u1eeda 1 h\u1ed1 c\u00f3 th\u1ebft k\u1ebf th\u00f4ng minh v\u00e0 \u0111\u01b0\u1ee3c t\u00edch h\u1ee3p c\u00e1c ph\u1ee5 ki\u1ec7n \u0111i k\u00e8m, h\u00e3y tham kh\u1ea3o ngay ch\u1eadu r\u1eeda Rossi cao c\u1ea5p RL210H\" \/>\n<meta name=\"robots\" content=\"index, follow, max-snippet:-1, max-image-preview:large, max-video-preview:-1\" \/>\n<link rel=\"canonical\" href=\"https:\/\/shop.tanadaithanh.vn\/en\/san-pham\/chau-rua-cao-cap-rossi-rl210h\/\" \/>\n<meta property=\"og:locale\" content=\"en_US\" \/>\n<meta property=\"og:type\" content=\"article\" \/>\n<meta property=\"og:title\" content=\"Ch\u1eadu r\u1eeda cao c\u1ea5p Rossi RL210H\" \/>\n<meta property=\"og:description\" content=\"N\u1ebfu b\u1ea1n \u0111ang t\u00ecm ki\u1ebfm ch\u1eadu r\u1eeda 1 h\u1ed1 c\u00f3 th\u1ebft k\u1ebf th\u00f4ng minh v\u00e0 \u0111\u01b0\u1ee3c t\u00edch h\u1ee3p c\u00e1c ph\u1ee5 ki\u1ec7n \u0111i k\u00e8m, h\u00e3y tham kh\u1ea3o ngay ch\u1eadu r\u1eeda Rossi cao c\u1ea5p RL210H\" \/>\n<meta property=\"og:url\" content=\"https:\/\/shop.tanadaithanh.vn\/en\/san-pham\/chau-rua-cao-cap-rossi-rl210h\/\" \/>\n<meta property=\"og:site_name\" content=\"T\u00e2n \u00c1 \u0110\u1ea1i Th\u00e0nh eShop\" \/>\n<meta property=\"article:publisher\" content=\"https:\/\/www.facebook.com\/profile.php?id=61567171139919\" \/>\n<meta property=\"article:modified_time\" content=\"2026-03-19T07:47:09+00:00\" \/>\n<meta property=\"og:image\" content=\"https:\/\/shop.tanadaithanh.vn\/wp-content\/uploads\/2026\/01\/RL210H.png\" \/>\n\t<meta property=\"og:image:width\" content=\"1200\" \/>\n\t<meta property=\"og:image:height\" content=\"1200\" \/>\n\t<meta property=\"og:image:type\" content=\"image\/png\" \/>\n<meta name=\"twitter:card\" content=\"summary_large_image\" \/>\n<meta name=\"twitter:label1\" content=\"Est. reading time\" \/>\n\t<meta name=\"twitter:data1\" content=\"5 minutes\" \/>\n<script type=\"application\/ld+json\" class=\"yoast-schema-graph\">{\"@context\":\"https:\/\/schema.org\",\"@graph\":[{\"@type\":\"WebPage\",\"@id\":\"https:\/\/shop.tanadaithanh.vn\/en\/san-pham\/chau-rua-cao-cap-rossi-rl210h\/\",\"url\":\"https:\/\/shop.tanadaithanh.vn\/en\/san-pham\/chau-rua-cao-cap-rossi-rl210h\/\",\"name\":\"Ch\u1eadu r\u1eeda cao c\u1ea5p Rossi RL210H\",\"isPartOf\":{\"@id\":\"https:\/\/shop.tanadaithanh.vn\/en\/#website\"},\"primaryImageOfPage\":{\"@id\":\"https:\/\/shop.tanadaithanh.vn\/en\/san-pham\/chau-rua-cao-cap-rossi-rl210h\/#primaryimage\"},\"image\":{\"@id\":\"https:\/\/shop.tanadaithanh.vn\/en\/san-pham\/chau-rua-cao-cap-rossi-rl210h\/#primaryimage\"},\"thumbnailUrl\":\"https:\/\/shop.tanadaithanh.vn\/wp-content\/uploads\/2026\/01\/RL210H.png\",\"datePublished\":\"2026-01-10T02:44:21+00:00\",\"dateModified\":\"2026-03-19T07:47:09+00:00\",\"description\":\"N\u1ebfu b\u1ea1n \u0111ang t\u00ecm ki\u1ebfm ch\u1eadu r\u1eeda 1 h\u1ed1 c\u00f3 th\u1ebft k\u1ebf th\u00f4ng minh v\u00e0 \u0111\u01b0\u1ee3c t\u00edch h\u1ee3p c\u00e1c ph\u1ee5 ki\u1ec7n \u0111i k\u00e8m, h\u00e3y tham kh\u1ea3o ngay ch\u1eadu r\u1eeda Rossi cao c\u1ea5p RL210H\",\"breadcrumb\":{\"@id\":\"https:\/\/shop.tanadaithanh.vn\/en\/san-pham\/chau-rua-cao-cap-rossi-rl210h\/#breadcrumb\"},\"inLanguage\":\"en-US\",\"potentialAction\":[{\"@type\":\"ReadAction\",\"target\":[\"https:\/\/shop.tanadaithanh.vn\/en\/san-pham\/chau-rua-cao-cap-rossi-rl210h\/\"]}]},{\"@type\":\"ImageObject\",\"inLanguage\":\"en-US\",\"@id\":\"https:\/\/shop.tanadaithanh.vn\/en\/san-pham\/chau-rua-cao-cap-rossi-rl210h\/#primaryimage\",\"url\":\"https:\/\/shop.tanadaithanh.vn\/wp-content\/uploads\/2026\/01\/RL210H.png\",\"contentUrl\":\"https:\/\/shop.tanadaithanh.vn\/wp-content\/uploads\/2026\/01\/RL210H.png\",\"width\":1200,\"height\":1200},{\"@type\":\"BreadcrumbList\",\"@id\":\"https:\/\/shop.tanadaithanh.vn\/en\/san-pham\/chau-rua-cao-cap-rossi-rl210h\/#breadcrumb\",\"itemListElement\":[{\"@type\":\"ListItem\",\"position\":1,\"name\":\"Trang ch\u1ee7\",\"item\":\"https:\/\/shop.tanadaithanh.vn\/en\/\"},{\"@type\":\"ListItem\",\"position\":2,\"name\":\"Shop\",\"item\":\"https:\/\/shop.tanadaithanh.vn\/cua-hang\/\"},{\"@type\":\"ListItem\",\"position\":3,\"name\":\"Ch\u1eadu r\u1eeda cao c\u1ea5p Rossi RL210H\"}]},{\"@type\":\"WebSite\",\"@id\":\"https:\/\/shop.tanadaithanh.vn\/en\/#website\",\"url\":\"https:\/\/shop.tanadaithanh.vn\/en\/\",\"name\":\"T\u00e2n \u00c1 \u0110\u1ea1i Th\u00e0nh eShop - Trang website b\u00e1n h\u00e0ng ch\u00ednh th\u1ee9c T\u1eadp \u0111o\u00e0n T\u00e2n \u00c1 \u0110\u1ea1i Th\u00e0nh\",\"description\":\"Website b\u00e1n h\u00e0ng tr\u1ef1c tuy\u1ebfn v\u1eadn h\u00e0nh b\u1edfi ch\u00ednh T\u00e2n \u00c1 \u0110\u1ea1i Th\u00e0nh\",\"publisher\":{\"@id\":\"https:\/\/shop.tanadaithanh.vn\/en\/#organization\"},\"potentialAction\":[{\"@type\":\"SearchAction\",\"target\":{\"@type\":\"EntryPoint\",\"urlTemplate\":\"https:\/\/shop.tanadaithanh.vn\/en\/?s={search_term_string}\"},\"query-input\":{\"@type\":\"PropertyValueSpecification\",\"valueRequired\":true,\"valueName\":\"search_term_string\"}}],\"inLanguage\":\"en-US\"},{\"@type\":\"Organization\",\"@id\":\"https:\/\/shop.tanadaithanh.vn\/en\/#organization\",\"name\":\"T\u00e2n \u00c1 \u0110\u1ea1i Th\u00e0nh eShop - Trang website b\u00e1n h\u00e0ng ch\u00ednh th\u1ee9c T\u1eadp \u0111o\u00e0n T\u00e2n \u00c1 \u0110\u1ea1i Th\u00e0nh\",\"url\":\"https:\/\/shop.tanadaithanh.vn\/en\/\",\"logo\":{\"@type\":\"ImageObject\",\"inLanguage\":\"en-US\",\"@id\":\"https:\/\/shop.tanadaithanh.vn\/en\/#\/schema\/logo\/image\/\",\"url\":\"https:\/\/shop.tanadaithanh.vn\/wp-content\/uploads\/2025\/06\/Logo-2.png\",\"contentUrl\":\"https:\/\/shop.tanadaithanh.vn\/wp-content\/uploads\/2025\/06\/Logo-2.png\",\"width\":2000,\"height\":2000,\"caption\":\"T\u00e2n \u00c1 \u0110\u1ea1i Th\u00e0nh eShop - Trang website b\u00e1n h\u00e0ng ch\u00ednh th\u1ee9c T\u1eadp \u0111o\u00e0n T\u00e2n \u00c1 \u0110\u1ea1i Th\u00e0nh\"},\"image\":{\"@id\":\"https:\/\/shop.tanadaithanh.vn\/en\/#\/schema\/logo\/image\/\"},\"sameAs\":[\"https:\/\/www.facebook.com\/profile.php?id=61567171139919\",\"https:\/\/zalo.me\/3915163699004948284\"]}]}<\/script>\n<!-- \/ Yoast SEO plugin. -->","yoast_head_json":{"title":"Ch\u1eadu r\u1eeda cao c\u1ea5p Rossi RL210H","description":"N\u1ebfu b\u1ea1n \u0111ang t\u00ecm ki\u1ebfm ch\u1eadu r\u1eeda 1 h\u1ed1 c\u00f3 th\u1ebft k\u1ebf th\u00f4ng minh v\u00e0 \u0111\u01b0\u1ee3c t\u00edch h\u1ee3p c\u00e1c ph\u1ee5 ki\u1ec7n \u0111i k\u00e8m, h\u00e3y tham kh\u1ea3o ngay ch\u1eadu r\u1eeda Rossi cao c\u1ea5p RL210H","robots":{"index":"index","follow":"follow","max-snippet":"max-snippet:-1","max-image-preview":"max-image-preview:large","max-video-preview":"max-video-preview:-1"},"canonical":"https:\/\/shop.tanadaithanh.vn\/en\/san-pham\/chau-rua-cao-cap-rossi-rl210h\/","og_locale":"en_US","og_type":"article","og_title":"Ch\u1eadu r\u1eeda cao c\u1ea5p Rossi RL210H","og_description":"N\u1ebfu b\u1ea1n \u0111ang t\u00ecm ki\u1ebfm ch\u1eadu r\u1eeda 1 h\u1ed1 c\u00f3 th\u1ebft k\u1ebf th\u00f4ng minh v\u00e0 \u0111\u01b0\u1ee3c t\u00edch h\u1ee3p c\u00e1c ph\u1ee5 ki\u1ec7n \u0111i k\u00e8m, h\u00e3y tham kh\u1ea3o ngay ch\u1eadu r\u1eeda Rossi cao c\u1ea5p RL210H","og_url":"https:\/\/shop.tanadaithanh.vn\/en\/san-pham\/chau-rua-cao-cap-rossi-rl210h\/","og_site_name":"T\u00e2n \u00c1 \u0110\u1ea1i Th\u00e0nh eShop","article_publisher":"https:\/\/www.facebook.com\/profile.php?id=61567171139919","article_modified_time":"2026-03-19T07:47:09+00:00","og_image":[{"width":1200,"height":1200,"url":"https:\/\/shop.tanadaithanh.vn\/wp-content\/uploads\/2026\/01\/RL210H.png","type":"image\/png"}],"twitter_card":"summary_large_image","twitter_misc":{"Est. reading time":"5 minutes"},"schema":{"@context":"https:\/\/schema.org","@graph":[{"@type":"WebPage","@id":"https:\/\/shop.tanadaithanh.vn\/en\/san-pham\/chau-rua-cao-cap-rossi-rl210h\/","url":"https:\/\/shop.tanadaithanh.vn\/en\/san-pham\/chau-rua-cao-cap-rossi-rl210h\/","name":"Ch\u1eadu r\u1eeda cao c\u1ea5p Rossi RL210H","isPartOf":{"@id":"https:\/\/shop.tanadaithanh.vn\/en\/#website"},"primaryImageOfPage":{"@id":"https:\/\/shop.tanadaithanh.vn\/en\/san-pham\/chau-rua-cao-cap-rossi-rl210h\/#primaryimage"},"image":{"@id":"https:\/\/shop.tanadaithanh.vn\/en\/san-pham\/chau-rua-cao-cap-rossi-rl210h\/#primaryimage"},"thumbnailUrl":"https:\/\/shop.tanadaithanh.vn\/wp-content\/uploads\/2026\/01\/RL210H.png","datePublished":"2026-01-10T02:44:21+00:00","dateModified":"2026-03-19T07:47:09+00:00","description":"N\u1ebfu b\u1ea1n \u0111ang t\u00ecm ki\u1ebfm ch\u1eadu r\u1eeda 1 h\u1ed1 c\u00f3 th\u1ebft k\u1ebf th\u00f4ng minh v\u00e0 \u0111\u01b0\u1ee3c t\u00edch h\u1ee3p c\u00e1c ph\u1ee5 ki\u1ec7n \u0111i k\u00e8m, h\u00e3y tham kh\u1ea3o ngay ch\u1eadu r\u1eeda Rossi cao c\u1ea5p RL210H","breadcrumb":{"@id":"https:\/\/shop.tanadaithanh.vn\/en\/san-pham\/chau-rua-cao-cap-rossi-rl210h\/#breadcrumb"},"inLanguage":"en-US","potentialAction":[{"@type":"ReadAction","target":["https:\/\/shop.tanadaithanh.vn\/en\/san-pham\/chau-rua-cao-cap-rossi-rl210h\/"]}]},{"@type":"ImageObject","inLanguage":"en-US","@id":"https:\/\/shop.tanadaithanh.vn\/en\/san-pham\/chau-rua-cao-cap-rossi-rl210h\/#primaryimage","url":"https:\/\/shop.tanadaithanh.vn\/wp-content\/uploads\/2026\/01\/RL210H.png","contentUrl":"https:\/\/shop.tanadaithanh.vn\/wp-content\/uploads\/2026\/01\/RL210H.png","width":1200,"height":1200},{"@type":"BreadcrumbList","@id":"https:\/\/shop.tanadaithanh.vn\/en\/san-pham\/chau-rua-cao-cap-rossi-rl210h\/#breadcrumb","itemListElement":[{"@type":"ListItem","position":1,"name":"Trang ch\u1ee7","item":"https:\/\/shop.tanadaithanh.vn\/en\/"},{"@type":"ListItem","position":2,"name":"Shop","item":"https:\/\/shop.tanadaithanh.vn\/cua-hang\/"},{"@type":"ListItem","position":3,"name":"Ch\u1eadu r\u1eeda cao c\u1ea5p Rossi RL210H"}]},{"@type":"WebSite","@id":"https:\/\/shop.tanadaithanh.vn\/en\/#website","url":"https:\/\/shop.tanadaithanh.vn\/en\/","name":"T\u00e2n \u00c1 \u0110\u1ea1i Th\u00e0nh eShop - Trang website b\u00e1n h\u00e0ng ch\u00ednh th\u1ee9c T\u1eadp \u0111o\u00e0n T\u00e2n \u00c1 \u0110\u1ea1i Th\u00e0nh","description":"Website b\u00e1n h\u00e0ng tr\u1ef1c tuy\u1ebfn v\u1eadn h\u00e0nh b\u1edfi ch\u00ednh T\u00e2n \u00c1 \u0110\u1ea1i Th\u00e0nh","publisher":{"@id":"https:\/\/shop.tanadaithanh.vn\/en\/#organization"},"potentialAction":[{"@type":"SearchAction","target":{"@type":"EntryPoint","urlTemplate":"https:\/\/shop.tanadaithanh.vn\/en\/?s={search_term_string}"},"query-input":{"@type":"PropertyValueSpecification","valueRequired":true,"valueName":"search_term_string"}}],"inLanguage":"en-US"},{"@type":"Organization","@id":"https:\/\/shop.tanadaithanh.vn\/en\/#organization","name":"T\u00e2n \u00c1 \u0110\u1ea1i Th\u00e0nh eShop - Trang website b\u00e1n h\u00e0ng ch\u00ednh th\u1ee9c T\u1eadp \u0111o\u00e0n T\u00e2n \u00c1 \u0110\u1ea1i Th\u00e0nh","url":"https:\/\/shop.tanadaithanh.vn\/en\/","logo":{"@type":"ImageObject","inLanguage":"en-US","@id":"https:\/\/shop.tanadaithanh.vn\/en\/#\/schema\/logo\/image\/","url":"https:\/\/shop.tanadaithanh.vn\/wp-content\/uploads\/2025\/06\/Logo-2.png","contentUrl":"https:\/\/shop.tanadaithanh.vn\/wp-content\/uploads\/2025\/06\/Logo-2.png","width":2000,"height":2000,"caption":"T\u00e2n \u00c1 \u0110\u1ea1i Th\u00e0nh eShop - Trang website b\u00e1n h\u00e0ng ch\u00ednh th\u1ee9c T\u1eadp \u0111o\u00e0n T\u00e2n \u00c1 \u0110\u1ea1i Th\u00e0nh"},"image":{"@id":"https:\/\/shop.tanadaithanh.vn\/en\/#\/schema\/logo\/image\/"},"sameAs":["https:\/\/www.facebook.com\/profile.php?id=61567171139919","https:\/\/zalo.me\/3915163699004948284"]}]}},"_links":{"self":[{"href":"https:\/\/shop.tanadaithanh.vn\/en\/wp-json\/wp\/v2\/product\/30746","targetHints":{"allow":["GET"]}}],"collection":[{"href":"https:\/\/shop.tanadaithanh.vn\/en\/wp-json\/wp\/v2\/product"}],"about":[{"href":"https:\/\/shop.tanadaithanh.vn\/en\/wp-json\/wp\/v2\/types\/product"}],"replies":[{"embeddable":true,"href":"https:\/\/shop.tanadaithanh.vn\/en\/wp-json\/wp\/v2\/comments?post=30746"}],"version-history":[{"count":3,"href":"https:\/\/shop.tanadaithanh.vn\/en\/wp-json\/wp\/v2\/product\/30746\/revisions"}],"predecessor-version":[{"id":31718,"href":"https:\/\/shop.tanadaithanh.vn\/en\/wp-json\/wp\/v2\/product\/30746\/revisions\/31718"}],"wp:featuredmedia":[{"embeddable":true,"href":"https:\/\/shop.tanadaithanh.vn\/en\/wp-json\/wp\/v2\/media\/30771"}],"wp:attachment":[{"href":"https:\/\/shop.tanadaithanh.vn\/en\/wp-json\/wp\/v2\/media?parent=30746"}],"wp:term":[{"taxonomy":"region","embeddable":true,"href":"https:\/\/shop.tanadaithanh.vn\/en\/wp-json\/wp\/v2\/region?post=30746"},{"taxonomy":"product_brand","embeddable":true,"href":"https:\/\/shop.tanadaithanh.vn\/en\/wp-json\/wp\/v2\/product_brand?post=30746"},{"taxonomy":"product_cat","embeddable":true,"href":"https:\/\/shop.tanadaithanh.vn\/en\/wp-json\/wp\/v2\/product_cat?post=30746"},{"taxonomy":"product_tag","embeddable":true,"href":"https:\/\/shop.tanadaithanh.vn\/en\/wp-json\/wp\/v2\/product_tag?post=30746"}],"curies":[{"name":"wp","href":"https:\/\/api.w.org\/{rel}","templated":true}]}}