{"id":30678,"date":"2026-01-09T16:31:15","date_gmt":"2026-01-09T09:31:15","guid":{"rendered":"https:\/\/shop.tanadaithanh.vn\/?post_type=product&#038;p=30678"},"modified":"2026-03-19T14:46:20","modified_gmt":"2026-03-19T07:46:20","slug":"chau-rua-cao-cap-rossi-rl320h","status":"publish","type":"product","link":"https:\/\/shop.tanadaithanh.vn\/en\/san-pham\/chau-rua-cao-cap-rossi-rl320h\/","title":{"rendered":"Ch\u1eadu r\u1eeda cao c\u1ea5p Rossi RL320H"},"content":{"rendered":"<p><span style=\"font-weight: 400;\">\u0110\u01b0\u1ee3c ch\u1ebf t\u1ea1o t\u1eeb ch\u1ea5t li\u1ec7u inox SUS 304 cao c\u1ea5p c\u00f3 \u0111\u1ed9 b\u1ec1n cao, ch\u1ed1ng \u0103n m\u00f2n, s\u00e1ng b\u00f3ng sang tr\u1ecdng k\u1ebft h\u1ee3p c\u00f9ng thi\u1ebft k\u1ebf hi\u1ec7n \u0111\u1ea1i, t\u1ec9 m\u1ec9 trong t\u1eebng \u0111\u01b0\u1eddng n\u00e9t, ch\u1eadu r\u1eeda cao c\u1ea5p Rossi RL320H ch\u00ednh l\u00e0 s\u1ef1 l\u1ef1a ch\u1ecdn ho\u00e0n h\u1ea3o, n\u00e2ng t\u1ea7m kh\u00f4ng gian ph\u00f2ng b\u1ebfp.\u00a0<\/span><\/p>\n<h2><b>Th\u00f4ng s\u1ed1 k\u1ef9 thu\u1eadt ch\u1eadu r\u1eeda b\u00e1t Rossi RL320H<\/b><\/h2>\n<table>\n<tbody>\n<tr>\n<td><span style=\"font-weight: 400;\">T\u00ean s\u1ea3n\u00a0<\/span><\/td>\n<td><span style=\"font-weight: 400;\">Ch\u1eadu r\u1eeda cao c\u1ea5p Rossi RL320H<\/span><\/td>\n<\/tr>\n<tr>\n<td><span style=\"font-weight: 400;\">M\u00e3 s\u1ea3n ph\u1ea9m<\/span><\/td>\n<td><span style=\"font-weight: 400;\">RL320H<\/span><\/td>\n<\/tr>\n<tr>\n<td><span style=\"font-weight: 400;\">Ki\u1ec3u ch\u1eadu<\/span><\/td>\n<td><span style=\"font-weight: 400;\">Ch\u1eadu r\u1eeda 2 h\u1ed1<\/span><\/td>\n<\/tr>\n<tr>\n<td><span style=\"font-weight: 400;\">Ch\u1ea5t li\u1ec7u<\/span><\/td>\n<td><span style=\"font-weight: 400;\">Inox SUS 304<\/span><\/td>\n<\/tr>\n<tr>\n<td><span style=\"font-weight: 400;\">K\u00edch th\u01b0\u1edbc (D\u00e0i x r\u1ed9ng x s\u00e2u)<\/span><\/td>\n<td><span style=\"font-weight: 400;\">820 x 450 x 230 mm<\/span><\/td>\n<\/tr>\n<tr>\n<td><span style=\"font-weight: 400;\">\u0110\u1ed9 d\u00e0y m\u1eb7t ch\u1eadu<\/span><\/td>\n<td><span style=\"font-weight: 400;\">3.0 mm<\/span><\/td>\n<\/tr>\n<tr>\n<td><span style=\"font-weight: 400;\">\u0110\u1ed9 d\u00e0y l\u00f2ng ch\u1eadu<\/span><\/td>\n<td><span style=\"font-weight: 400;\">0.8 mm<\/span><\/td>\n<\/tr>\n<tr>\n<td><span style=\"font-weight: 400;\">K\u00edch th\u01b0\u1edbc c\u1eaft \u0111\u00e1 (D\u00e0i x r\u1ed9ng)<\/span><\/td>\n<td><span style=\"font-weight: 400;\">800 x 430 mm<\/span><\/td>\n<\/tr>\n<tr>\n<td><span style=\"font-weight: 400;\">B\u1ea3o h\u00e0nh ch\u00ednh h\u00e3ng<\/span><\/td>\n<td><span style=\"font-weight: 400;\">5 n\u0103m<\/span><\/td>\n<\/tr>\n<\/tbody>\n<\/table>\n<h2><b>C\u1ea5u t\u1ea1o c\u1ee7a ch\u1eadu r\u1eeda cao c\u1ea5p Rossi RL320H<\/b><\/h2>\n<p><span style=\"font-weight: 400;\">T\u01b0\u01a1ng t\u1ef1 nh\u01b0 nh\u1eefng d\u00f2ng ch\u1eadu r\u1eeda 2 h\u1ed1 kh\u00e1c c\u1ee7a th\u01b0\u01a1ng hi\u1ec7u Rossi, ch\u1eadu r\u1eeda Rossi RL320H g\u1ed3m 2 h\u1ed1 ch\u1eadu c\u00f3 di\u1ec7n t\u00edch b\u1eb1ng nhau, \u0111\u01b0\u1ee3c \u0111\u00fac li\u1ec1n nhau v\u00e0 l\u00e0m t\u1eeb ch\u1ea5t li\u1ec7u inox SUS 304 cao c\u1ea5p. Ch\u1eadu r\u1eeda Rossi RL320H c\u00f3 ki\u1ec3u d\u00e1ng vu\u00f4ng v\u1ee9c, c\u00e1c m\u1eb7t trong h\u1ed1 ch\u1eadu tr\u01a1n nh\u1eb5n m\u1ecbn. B\u1ec1 m\u1eb7t ch\u1eadu \u0111\u01b0\u1ee3c thi\u1ebft k\u1ebf d\u1ea1ng v\u00e2n x\u01b0\u1edbc, t\u1ea1o n\u00ean s\u1ef1 sang tr\u1ecdng.\u00a0<\/span><\/p>\n<p><img fetchpriority=\"high\" decoding=\"async\" class=\"aligncenter size-full wp-image-30728\" src=\"https:\/\/shop.tanadaithanh.vn\/wp-content\/uploads\/2026\/01\/chau-rua-cao-cap-rossi-rl320h-1.png\" alt=\"\" width=\"1200\" height=\"630\" srcset=\"https:\/\/shop.tanadaithanh.vn\/wp-content\/uploads\/2026\/01\/chau-rua-cao-cap-rossi-rl320h-1.png 1200w, https:\/\/shop.tanadaithanh.vn\/wp-content\/uploads\/2026\/01\/chau-rua-cao-cap-rossi-rl320h-1-300x158.png 300w, https:\/\/shop.tanadaithanh.vn\/wp-content\/uploads\/2026\/01\/chau-rua-cao-cap-rossi-rl320h-1-1024x538.png 1024w, https:\/\/shop.tanadaithanh.vn\/wp-content\/uploads\/2026\/01\/chau-rua-cao-cap-rossi-rl320h-1-768x403.png 768w, https:\/\/shop.tanadaithanh.vn\/wp-content\/uploads\/2026\/01\/chau-rua-cao-cap-rossi-rl320h-1-150x79.png 150w\" sizes=\"(max-width: 1200px) 100vw, 1200px\" \/><\/p>\n<h2><b>\u01afu \u0111i\u1ec3m v\u01b0\u1ee3t tr\u1ed9i c\u1ee7a ch\u1eadu r\u1eeda cao c\u1ea5p Rossi RL320H<\/b><\/h2>\n<p><span style=\"font-weight: 400;\">L\u00e0 s\u1ea3n ph\u1ea9m ch\u1eadu r\u1eeda ph\u00e2n kh\u00fac cao c\u1ea5p thu\u1ed9c th\u01b0\u01a1ng hi\u1ec7u Rossi, ch\u1eadu r\u1eeda Rossi RL320H kh\u1eb3ng \u0111\u1ecbnh \u0111\u1ea3m b\u1ea3o ch\u1ea5t l\u01b0\u1ee3ng t\u1eeb v\u1eadt li\u1ec7u s\u1ea3n xu\u1ea5t cao c\u1ea5p, thi\u1ebft k\u1ebf \u1ea5n t\u01b0\u1ee3ng t\u1edbi c\u00e1c ch\u1ee9ng nh\u1eadn v\u1ec1 ch\u1ea5t l\u01b0\u1ee3ng.\u00a0<\/span><\/p>\n<h3><span style=\"font-weight: 400;\">Ch\u1ea5t li\u1ec7u inox SUS 304 cao c\u1ea5p: \u0110\u1ed9 b\u1ec1n v\u01b0\u1ee3t tr\u1ed9i<\/span><\/h3>\n<p><span style=\"font-weight: 400;\">Ch\u1ea5t li\u1ec7u inox SUS304 \u0111\u01b0\u1ee3c bi\u1ebft t\u1edbi l\u00e0 m\u1ed9t trong nh\u1eefng d\u00f2ng inox cao c\u1ea5p nh\u1ea5t v\u1edbi c\u00e1c \u0111\u1eb7c \u0111i\u1ec3m nh\u01b0: kh\u1ea3 n\u0103ng ch\u1ed1ng \u0103n m\u00f2n, ch\u1ed1ng oxy h\u00f3a, ch\u1ecbu l\u1ef1c v\u00e0 ch\u1ecbu nhi\u1ec7t t\u1ed1t, ch\u1ed1ng b\u00e1m r\u00eau m\u1ed1c, kh\u00f4ng ph\u1ea3n \u1ee9ng v\u1edbi acid, c\u00f3 \u0111\u1ed9 d\u1ebbo, \u0111\u1ed9 b\u1ec1n cao,&#8230;\u00a0<\/span><\/p>\n<p><span style=\"font-weight: 400;\">\u0110\u01b0\u1ee3c ch\u1ebf t\u00e1c 100% t\u1eeb v\u1eadt li\u1ec7u n\u00e0y n\u00ean ch\u1eadu r\u1eeda Rossi RL320H s\u1ebd s\u1edf h\u1eefu \u0111\u1ed9 b\u1ec1n l\u00fd t\u01b0\u1edfng v\u00e0 g\u1ea7n nh\u01b0 l\u00e0 v\u0129nh c\u1eedu n\u1ebfu kh\u00f4ng ph\u1ea3i ch\u1ecbu c\u00e1c l\u1ef1c t\u00e1c \u0111\u1ed9ng qu\u00e1 m\u1ea1nh ho\u1eb7c b\u1ecb ch\u1ee7 \u0111\u1ed9ng ph\u00e1 h\u1ee7y. Ngo\u00e0i ra, ch\u1eadu r\u1eeda c\u00f2n kh\u00f4ng ph\u1ea3n \u1ee9ng v\u1edbi c\u00e1c ch\u1ea5t t\u1ea9y r\u1eeda th\u00f4ng th\u01b0\u1eddng n\u00ean \u0111\u1ea3m b\u1ea3o an to\u00e0n v\u00e0 kh\u00f4ng g\u00e2y nguy h\u1ea1i cho s\u1ee9c kh\u1ecfe ng\u01b0\u1eddi d\u00f9ng.\u00a0<\/span><\/p>\n<p><img decoding=\"async\" class=\"aligncenter size-full wp-image-30730\" src=\"https:\/\/shop.tanadaithanh.vn\/wp-content\/uploads\/2026\/01\/chau-rua-cao-cap-rossi-rl320h-2.png\" alt=\"\" width=\"1200\" height=\"630\" srcset=\"https:\/\/shop.tanadaithanh.vn\/wp-content\/uploads\/2026\/01\/chau-rua-cao-cap-rossi-rl320h-2.png 1200w, https:\/\/shop.tanadaithanh.vn\/wp-content\/uploads\/2026\/01\/chau-rua-cao-cap-rossi-rl320h-2-300x158.png 300w, https:\/\/shop.tanadaithanh.vn\/wp-content\/uploads\/2026\/01\/chau-rua-cao-cap-rossi-rl320h-2-1024x538.png 1024w, https:\/\/shop.tanadaithanh.vn\/wp-content\/uploads\/2026\/01\/chau-rua-cao-cap-rossi-rl320h-2-768x403.png 768w, https:\/\/shop.tanadaithanh.vn\/wp-content\/uploads\/2026\/01\/chau-rua-cao-cap-rossi-rl320h-2-150x79.png 150w\" sizes=\"(max-width: 1200px) 100vw, 1200px\" \/><\/p>\n<h3><span style=\"font-weight: 400;\">Thi\u1ebft k\u1ebf t\u1ed1i \u01b0u di\u1ec7n t\u00edch, d\u1ec5 d\u00e0ng v\u1ec7 sinh<\/span><\/h3>\n<p><span style=\"font-weight: 400;\">M\u1ed9t trong nh\u1eefng \u0111i\u1ec3m c\u1ed9ng l\u1edbn c\u1ee7a s\u1ea3n ph\u1ea9m ch\u1eadu r\u1eeda Rossi RL320H ch\u00ednh l\u00e0 thi\u1ebft k\u1ebf t\u1ed1i \u01b0u di\u1ec7n t\u00edch c\u0169ng nh\u01b0 hi\u1ec7u qu\u1ea3 s\u1eed d\u1ee5ng. Ph\u1ea7n m\u1eb7t ch\u1eadu \u0111\u01b0\u1ee3c thi\u1ebft k\u1ebf 3 l\u1ed7 l\u1eafp v\u00f2i v\u1edbi 1 l\u1ed7 \u1edf gi\u1eefa \u0111\u1ec3 l\u1eafp v\u00f2i r\u1eeda b\u00e1t th\u00f4ng th\u01b0\u1eddng, 2 l\u1ed7 c\u00f2n l\u1ea1i c\u00f3 th\u1ec3 \u0111\u01b0\u1ee3c s\u1eed d\u1ee5ng \u0111\u1ec3 l\u1eafp th\u00eam v\u00f2i l\u1ecdc n\u01b0\u1edbc c\u1ee7a m\u00e1y l\u1ecdc n\u01b0\u1edbc RO ho\u1eb7c l\u1eafp 1 v\u00f2i r\u1eeda b\u00e1t ph\u1ee5.\u00a0<\/span><\/p>\n<p><span style=\"font-weight: 400;\">S\u1edf h\u1eefu \u0111\u1ed9 s\u00e2u l\u00f2ng 230mm, ng\u01b0\u1eddi d\u00f9ng ho\u00e0n to\u00e0n c\u00f3 th\u1ec3 y\u00ean t\u00e2m kh\u00f4ng g\u1eb7p ph\u1ea3i t\u00ecnh tr\u1ea1ng n\u01b0\u1edbc b\u1eafn tung t\u00f3e trong qu\u00e1 tr\u00ecnh s\u1eed d\u1ee5ng. Ngo\u00e0i ra, \u0111\u00e1y ch\u1eadu c\u00f2n c\u00f3 thi\u1ebft k\u1ebf g\u00e2n, t\u1ea1o ra \u0111\u1ed9 d\u1ed1c gi\u00fap n\u01b0\u1edbc tho\u00e1t nhanh h\u01a1n, kh\u00f4ng \u0111\u1ecdng n\u01b0\u1edbc sau s\u1eed d\u1ee5ng; \u0111\u1ed3ng th\u1eddi, t\u1ea1o n\u00ean s\u1ef1 ch\u1eafc ch\u1eafn, c\u1ee9ng c\u00e1p h\u01a1n cho \u0111\u00e1y ch\u1eadu.\u00a0<\/span><\/p>\n<p><span style=\"font-weight: 400;\">B\u1ec1 m\u1eb7t trong h\u1ed1 ch\u1eadu \u0111\u01b0\u1ee3c thi\u1ebft k\u1ebf b\u1eb1ng ph\u1eb3ng, tr\u01a1n nh\u1eb5n, kh\u00f4ng n\u1ebfp g\u1ea5p gi\u00fap t\u1ed1i \u01b0u tr\u1ea3i nghi\u1ec7m s\u1eed d\u1ee5ng. \u0110\u1ed3ng th\u1eddi, thi\u1ebft k\u1ebf n\u00e0y c\u0169ng gi\u00fap vi\u1ec7c v\u1ec7 sinh ch\u1eadu r\u1eeda tr\u1edf n\u00ean d\u1ec5 d\u00e0ng v\u00e0 ti\u1ec7n l\u1ee3i h\u01a1n.\u00a0<\/span><\/p>\n<p><img decoding=\"async\" class=\"aligncenter size-full wp-image-30732\" src=\"https:\/\/shop.tanadaithanh.vn\/wp-content\/uploads\/2026\/01\/chau-rua-cao-cap-rossi-rl320h-3.png\" alt=\"\" width=\"1200\" height=\"630\" srcset=\"https:\/\/shop.tanadaithanh.vn\/wp-content\/uploads\/2026\/01\/chau-rua-cao-cap-rossi-rl320h-3.png 1200w, https:\/\/shop.tanadaithanh.vn\/wp-content\/uploads\/2026\/01\/chau-rua-cao-cap-rossi-rl320h-3-300x158.png 300w, https:\/\/shop.tanadaithanh.vn\/wp-content\/uploads\/2026\/01\/chau-rua-cao-cap-rossi-rl320h-3-1024x538.png 1024w, https:\/\/shop.tanadaithanh.vn\/wp-content\/uploads\/2026\/01\/chau-rua-cao-cap-rossi-rl320h-3-768x403.png 768w, https:\/\/shop.tanadaithanh.vn\/wp-content\/uploads\/2026\/01\/chau-rua-cao-cap-rossi-rl320h-3-150x79.png 150w\" sizes=\"(max-width: 1200px) 100vw, 1200px\" \/><\/p>\n<h3><span style=\"font-weight: 400;\">Thi\u1ebft k\u1ebf tinh t\u1ebf, sang tr\u1ecdng<\/span><\/h3>\n<p><span style=\"font-weight: 400;\">Rossi RL320H l\u00e0 d\u00f2ng ch\u1eadu r\u1eeda \u201cv\u1eeba t\u1ed1t g\u1ed7 l\u1ea1i v\u1eeba t\u1ed1t n\u01b0\u1edbc s\u01a1n\u201d. Kh\u00f4ng ch\u1ec9 c\u00f3 \u0111\u1ed9 b\u1ec1n cao, s\u1eed d\u1ee5ng thu\u1eadn ti\u1ec7n m\u00e0 Rossi RL320H c\u00f2n s\u1edf h\u1eefu thi\u1ebft k\u1ebf ho\u00e0n h\u1ea3o, tinh t\u1ebf v\u00e0 t\u1ec9 m\u1ec9 trong t\u1eebng \u0111\u01b0\u1eddng n\u00e9t.\u00a0<\/span><span style=\"font-weight: 400;\">Kh\u00f4ng nh\u01b0 c\u00e1c ch\u1eadu r\u1eeda b\u00e1t kh\u00f4ng xu\u1ea5t x\u1ee9 tr\u00ean th\u1ecb tr\u01b0\u1eddng v\u1edbi b\u1ec1 m\u1eb7t h\u00e0n g\u1ed3 gh\u1ec1, nhi\u1ec1u \u0111\u01b0\u1eddng g\u1ea5p, ch\u1eadu r\u1eeda cao c\u1ea5p Rossi RL320H c\u00f3 b\u1ec1 m\u1eb7t v\u00e2n x\u01b0\u1edbc tinh x\u1ea3o t\u1ea1o n\u00ean hi\u1ec7u \u1ee9ng s\u00e1ng b\u00f3ng v\u00e0 n\u00e2ng t\u1ea7m kh\u00f4ng gian ph\u00f2ng b\u1ebfp.\u00a0<\/span><\/p>\n<p><span style=\"font-weight: 400;\">V\u1edbi nh\u1eefng \u01b0u \u0111i\u1ec3m v\u01b0\u1ee3t tr\u1ed9i k\u1ec3 tr\u00ean, ch\u1eadu r\u1eeda cao c\u1ea5p Rossi RL320H h\u1ee9a h\u1eb9n s\u1ebd t\u1ea1o n\u00ean \u201cc\u01a1n s\u1ed1t\u201d \u0111\u1ed1i v\u1edbi th\u1ecb tr\u01b0\u1eddng ti\u00eau d\u00f9ng Vi\u1ec7t. \u0110\u1ed3ng th\u1eddi, RL320H c\u0169ng s\u1ebd tr\u1edf th\u00e0nh \u201cng\u01b0\u1eddi tr\u1ee3 l\u00fd\u201d gi\u00fap c\u00f4ng cu\u1ed9c d\u1ecdn d\u1eb9p ph\u00f2ng b\u1ebfp c\u1ee7a h\u1ed9i n\u1ed9i tr\u1ee3 tr\u1edf n\u00ean nh\u1eb9 nh\u00e0ng, d\u1ec5 th\u1edf h\u01a1n.\u00a0<\/span><\/p>\n<p>&nbsp;<\/p>\n","protected":false},"excerpt":{"rendered":"<ul>\n<li>Ch\u1ea5t li\u1ec7u inox SUS304: Ch\u1ed1ng \u0103n m\u00f2n, ch\u1ed1ng g\u1ec9 s\u00e9t, ch\u1ed1ng va \u0111\u1eadp, ch\u1ecbu l\u1ef1c v\u00e0 ch\u1ecbu nhi\u1ec7t t\u1ed1t,&#8230;<\/li>\n<li><span style=\"font-weight: 400;\">B\u1ec1 m\u1eb7t v\u00e2n x\u01b0\u1edbc tinh x\u1ea3o: T\u1ea1o hi\u1ec7u \u1ee9ng s\u00e1ng b\u00f3ng v\u00e0 n\u00e2ng t\u1ea7m kh\u00f4ng gian ph\u00f2ng b\u1ebfp<\/span><\/li>\n<li>H\u1ea1n ch\u1ebf b\u1eafn n\u01b0\u1edbc khi s\u1eed d\u1ee5ng<\/li>\n<li>D\u1ec5 d\u00e0ng v\u1ec7 sinh<\/li>\n<\/ul>\n","protected":false},"featured_media":30685,"comment_status":"open","ping_status":"closed","template":"","meta":[],"region":[259,260],"product_brand":[],"product_cat":[204,333,396],"product_tag":[1163,1164,1294,1166,1292,1293],"class_list":{"0":"post-30678","1":"product","2":"type-product","3":"status-publish","4":"has-post-thumbnail","6":"region-mien-bac","7":"region-mien-nam","8":"product_cat-chau-rua","9":"product_cat-chau-rua-2-ho","10":"product_cat-noi-bat","11":"product_tag-chau-rua","12":"product_tag-chau-rua-2-ho","13":"product_tag-chau-rua-cao-cap","14":"product_tag-chau-rua-inox","15":"product_tag-chau-rua-inox-2-ho","16":"product_tag-chau-rua-rossi-rl320h","18":"first","19":"instock","20":"sale","21":"shipping-taxable","22":"purchasable","23":"product-type-simple"},"yoast_head":"<!-- This site is optimized with the Yoast SEO plugin v24.6 - https:\/\/yoast.com\/wordpress\/plugins\/seo\/ -->\n<title>Ch\u1eadu r\u1eeda cao c\u1ea5p Rossi RL320H<\/title>\n<meta name=\"description\" content=\"D\u01b0\u1edbi \u0111\u00e2y l\u00e0 c\u00e1c th\u00f4ng tin quan tr\u1ecdng v\u1ec1 s\u1ea3n ph\u1ea9m ch\u1eadu r\u1eeda cao c\u1ea5p Rossi RL320H - d\u00f2ng ch\u1eadu r\u1eeda m\u1edbi c\u1ee7a th\u01b0\u01a1ng hi\u1ec7u Rossi (thu\u1ed9c T\u00e2n \u00c1 \u0110\u1ea1i Th\u00e0nh).\" \/>\n<meta name=\"robots\" content=\"index, follow, max-snippet:-1, max-image-preview:large, max-video-preview:-1\" \/>\n<link rel=\"canonical\" href=\"https:\/\/shop.tanadaithanh.vn\/en\/san-pham\/chau-rua-cao-cap-rossi-rl320h\/\" \/>\n<meta property=\"og:locale\" content=\"en_US\" \/>\n<meta property=\"og:type\" content=\"article\" \/>\n<meta property=\"og:title\" content=\"Ch\u1eadu r\u1eeda cao c\u1ea5p Rossi RL320H\" \/>\n<meta property=\"og:description\" content=\"D\u01b0\u1edbi \u0111\u00e2y l\u00e0 c\u00e1c th\u00f4ng tin quan tr\u1ecdng v\u1ec1 s\u1ea3n ph\u1ea9m ch\u1eadu r\u1eeda cao c\u1ea5p Rossi RL320H - d\u00f2ng ch\u1eadu r\u1eeda m\u1edbi c\u1ee7a th\u01b0\u01a1ng hi\u1ec7u Rossi (thu\u1ed9c T\u00e2n \u00c1 \u0110\u1ea1i Th\u00e0nh).\" \/>\n<meta property=\"og:url\" content=\"https:\/\/shop.tanadaithanh.vn\/en\/san-pham\/chau-rua-cao-cap-rossi-rl320h\/\" \/>\n<meta property=\"og:site_name\" content=\"T\u00e2n \u00c1 \u0110\u1ea1i Th\u00e0nh eShop\" \/>\n<meta property=\"article:publisher\" content=\"https:\/\/www.facebook.com\/profile.php?id=61567171139919\" \/>\n<meta property=\"article:modified_time\" content=\"2026-03-19T07:46:20+00:00\" \/>\n<meta property=\"og:image\" content=\"https:\/\/shop.tanadaithanh.vn\/wp-content\/uploads\/2026\/01\/chau-rua-cao-cap-rossi-rl320h.png\" \/>\n\t<meta property=\"og:image:width\" content=\"1200\" \/>\n\t<meta property=\"og:image:height\" content=\"1200\" \/>\n\t<meta property=\"og:image:type\" content=\"image\/png\" \/>\n<meta name=\"twitter:card\" content=\"summary_large_image\" \/>\n<meta name=\"twitter:label1\" content=\"Est. reading time\" \/>\n\t<meta name=\"twitter:data1\" content=\"5 minutes\" \/>\n<script type=\"application\/ld+json\" class=\"yoast-schema-graph\">{\"@context\":\"https:\/\/schema.org\",\"@graph\":[{\"@type\":\"WebPage\",\"@id\":\"https:\/\/shop.tanadaithanh.vn\/en\/san-pham\/chau-rua-cao-cap-rossi-rl320h\/\",\"url\":\"https:\/\/shop.tanadaithanh.vn\/en\/san-pham\/chau-rua-cao-cap-rossi-rl320h\/\",\"name\":\"Ch\u1eadu r\u1eeda cao c\u1ea5p Rossi RL320H\",\"isPartOf\":{\"@id\":\"https:\/\/shop.tanadaithanh.vn\/en\/#website\"},\"primaryImageOfPage\":{\"@id\":\"https:\/\/shop.tanadaithanh.vn\/en\/san-pham\/chau-rua-cao-cap-rossi-rl320h\/#primaryimage\"},\"image\":{\"@id\":\"https:\/\/shop.tanadaithanh.vn\/en\/san-pham\/chau-rua-cao-cap-rossi-rl320h\/#primaryimage\"},\"thumbnailUrl\":\"https:\/\/shop.tanadaithanh.vn\/wp-content\/uploads\/2026\/01\/chau-rua-cao-cap-rossi-rl320h.png\",\"datePublished\":\"2026-01-09T09:31:15+00:00\",\"dateModified\":\"2026-03-19T07:46:20+00:00\",\"description\":\"D\u01b0\u1edbi \u0111\u00e2y l\u00e0 c\u00e1c th\u00f4ng tin quan tr\u1ecdng v\u1ec1 s\u1ea3n ph\u1ea9m ch\u1eadu r\u1eeda cao c\u1ea5p Rossi RL320H - d\u00f2ng ch\u1eadu r\u1eeda m\u1edbi c\u1ee7a th\u01b0\u01a1ng hi\u1ec7u Rossi (thu\u1ed9c T\u00e2n \u00c1 \u0110\u1ea1i Th\u00e0nh).\",\"breadcrumb\":{\"@id\":\"https:\/\/shop.tanadaithanh.vn\/en\/san-pham\/chau-rua-cao-cap-rossi-rl320h\/#breadcrumb\"},\"inLanguage\":\"en-US\",\"potentialAction\":[{\"@type\":\"ReadAction\",\"target\":[\"https:\/\/shop.tanadaithanh.vn\/en\/san-pham\/chau-rua-cao-cap-rossi-rl320h\/\"]}]},{\"@type\":\"ImageObject\",\"inLanguage\":\"en-US\",\"@id\":\"https:\/\/shop.tanadaithanh.vn\/en\/san-pham\/chau-rua-cao-cap-rossi-rl320h\/#primaryimage\",\"url\":\"https:\/\/shop.tanadaithanh.vn\/wp-content\/uploads\/2026\/01\/chau-rua-cao-cap-rossi-rl320h.png\",\"contentUrl\":\"https:\/\/shop.tanadaithanh.vn\/wp-content\/uploads\/2026\/01\/chau-rua-cao-cap-rossi-rl320h.png\",\"width\":1200,\"height\":1200},{\"@type\":\"BreadcrumbList\",\"@id\":\"https:\/\/shop.tanadaithanh.vn\/en\/san-pham\/chau-rua-cao-cap-rossi-rl320h\/#breadcrumb\",\"itemListElement\":[{\"@type\":\"ListItem\",\"position\":1,\"name\":\"Trang ch\u1ee7\",\"item\":\"https:\/\/shop.tanadaithanh.vn\/en\/\"},{\"@type\":\"ListItem\",\"position\":2,\"name\":\"Shop\",\"item\":\"https:\/\/shop.tanadaithanh.vn\/cua-hang\/\"},{\"@type\":\"ListItem\",\"position\":3,\"name\":\"Ch\u1eadu r\u1eeda cao c\u1ea5p Rossi RL320H\"}]},{\"@type\":\"WebSite\",\"@id\":\"https:\/\/shop.tanadaithanh.vn\/en\/#website\",\"url\":\"https:\/\/shop.tanadaithanh.vn\/en\/\",\"name\":\"T\u00e2n \u00c1 \u0110\u1ea1i Th\u00e0nh eShop - Trang website b\u00e1n h\u00e0ng ch\u00ednh th\u1ee9c T\u1eadp \u0111o\u00e0n T\u00e2n \u00c1 \u0110\u1ea1i Th\u00e0nh\",\"description\":\"Website b\u00e1n h\u00e0ng tr\u1ef1c tuy\u1ebfn v\u1eadn h\u00e0nh b\u1edfi ch\u00ednh T\u00e2n \u00c1 \u0110\u1ea1i Th\u00e0nh\",\"publisher\":{\"@id\":\"https:\/\/shop.tanadaithanh.vn\/en\/#organization\"},\"potentialAction\":[{\"@type\":\"SearchAction\",\"target\":{\"@type\":\"EntryPoint\",\"urlTemplate\":\"https:\/\/shop.tanadaithanh.vn\/en\/?s={search_term_string}\"},\"query-input\":{\"@type\":\"PropertyValueSpecification\",\"valueRequired\":true,\"valueName\":\"search_term_string\"}}],\"inLanguage\":\"en-US\"},{\"@type\":\"Organization\",\"@id\":\"https:\/\/shop.tanadaithanh.vn\/en\/#organization\",\"name\":\"T\u00e2n \u00c1 \u0110\u1ea1i Th\u00e0nh eShop - Trang website b\u00e1n h\u00e0ng ch\u00ednh th\u1ee9c T\u1eadp \u0111o\u00e0n T\u00e2n \u00c1 \u0110\u1ea1i Th\u00e0nh\",\"url\":\"https:\/\/shop.tanadaithanh.vn\/en\/\",\"logo\":{\"@type\":\"ImageObject\",\"inLanguage\":\"en-US\",\"@id\":\"https:\/\/shop.tanadaithanh.vn\/en\/#\/schema\/logo\/image\/\",\"url\":\"https:\/\/shop.tanadaithanh.vn\/wp-content\/uploads\/2025\/06\/Logo-2.png\",\"contentUrl\":\"https:\/\/shop.tanadaithanh.vn\/wp-content\/uploads\/2025\/06\/Logo-2.png\",\"width\":2000,\"height\":2000,\"caption\":\"T\u00e2n \u00c1 \u0110\u1ea1i Th\u00e0nh eShop - Trang website b\u00e1n h\u00e0ng ch\u00ednh th\u1ee9c T\u1eadp \u0111o\u00e0n T\u00e2n \u00c1 \u0110\u1ea1i Th\u00e0nh\"},\"image\":{\"@id\":\"https:\/\/shop.tanadaithanh.vn\/en\/#\/schema\/logo\/image\/\"},\"sameAs\":[\"https:\/\/www.facebook.com\/profile.php?id=61567171139919\",\"https:\/\/zalo.me\/3915163699004948284\"]}]}<\/script>\n<!-- \/ Yoast SEO plugin. -->","yoast_head_json":{"title":"Ch\u1eadu r\u1eeda cao c\u1ea5p Rossi RL320H","description":"D\u01b0\u1edbi \u0111\u00e2y l\u00e0 c\u00e1c th\u00f4ng tin quan tr\u1ecdng v\u1ec1 s\u1ea3n ph\u1ea9m ch\u1eadu r\u1eeda cao c\u1ea5p Rossi RL320H - d\u00f2ng ch\u1eadu r\u1eeda m\u1edbi c\u1ee7a th\u01b0\u01a1ng hi\u1ec7u Rossi (thu\u1ed9c T\u00e2n \u00c1 \u0110\u1ea1i Th\u00e0nh).","robots":{"index":"index","follow":"follow","max-snippet":"max-snippet:-1","max-image-preview":"max-image-preview:large","max-video-preview":"max-video-preview:-1"},"canonical":"https:\/\/shop.tanadaithanh.vn\/en\/san-pham\/chau-rua-cao-cap-rossi-rl320h\/","og_locale":"en_US","og_type":"article","og_title":"Ch\u1eadu r\u1eeda cao c\u1ea5p Rossi RL320H","og_description":"D\u01b0\u1edbi \u0111\u00e2y l\u00e0 c\u00e1c th\u00f4ng tin quan tr\u1ecdng v\u1ec1 s\u1ea3n ph\u1ea9m ch\u1eadu r\u1eeda cao c\u1ea5p Rossi RL320H - d\u00f2ng ch\u1eadu r\u1eeda m\u1edbi c\u1ee7a th\u01b0\u01a1ng hi\u1ec7u Rossi (thu\u1ed9c T\u00e2n \u00c1 \u0110\u1ea1i Th\u00e0nh).","og_url":"https:\/\/shop.tanadaithanh.vn\/en\/san-pham\/chau-rua-cao-cap-rossi-rl320h\/","og_site_name":"T\u00e2n \u00c1 \u0110\u1ea1i Th\u00e0nh eShop","article_publisher":"https:\/\/www.facebook.com\/profile.php?id=61567171139919","article_modified_time":"2026-03-19T07:46:20+00:00","og_image":[{"width":1200,"height":1200,"url":"https:\/\/shop.tanadaithanh.vn\/wp-content\/uploads\/2026\/01\/chau-rua-cao-cap-rossi-rl320h.png","type":"image\/png"}],"twitter_card":"summary_large_image","twitter_misc":{"Est. reading time":"5 minutes"},"schema":{"@context":"https:\/\/schema.org","@graph":[{"@type":"WebPage","@id":"https:\/\/shop.tanadaithanh.vn\/en\/san-pham\/chau-rua-cao-cap-rossi-rl320h\/","url":"https:\/\/shop.tanadaithanh.vn\/en\/san-pham\/chau-rua-cao-cap-rossi-rl320h\/","name":"Ch\u1eadu r\u1eeda cao c\u1ea5p Rossi RL320H","isPartOf":{"@id":"https:\/\/shop.tanadaithanh.vn\/en\/#website"},"primaryImageOfPage":{"@id":"https:\/\/shop.tanadaithanh.vn\/en\/san-pham\/chau-rua-cao-cap-rossi-rl320h\/#primaryimage"},"image":{"@id":"https:\/\/shop.tanadaithanh.vn\/en\/san-pham\/chau-rua-cao-cap-rossi-rl320h\/#primaryimage"},"thumbnailUrl":"https:\/\/shop.tanadaithanh.vn\/wp-content\/uploads\/2026\/01\/chau-rua-cao-cap-rossi-rl320h.png","datePublished":"2026-01-09T09:31:15+00:00","dateModified":"2026-03-19T07:46:20+00:00","description":"D\u01b0\u1edbi \u0111\u00e2y l\u00e0 c\u00e1c th\u00f4ng tin quan tr\u1ecdng v\u1ec1 s\u1ea3n ph\u1ea9m ch\u1eadu r\u1eeda cao c\u1ea5p Rossi RL320H - d\u00f2ng ch\u1eadu r\u1eeda m\u1edbi c\u1ee7a th\u01b0\u01a1ng hi\u1ec7u Rossi (thu\u1ed9c T\u00e2n \u00c1 \u0110\u1ea1i Th\u00e0nh).","breadcrumb":{"@id":"https:\/\/shop.tanadaithanh.vn\/en\/san-pham\/chau-rua-cao-cap-rossi-rl320h\/#breadcrumb"},"inLanguage":"en-US","potentialAction":[{"@type":"ReadAction","target":["https:\/\/shop.tanadaithanh.vn\/en\/san-pham\/chau-rua-cao-cap-rossi-rl320h\/"]}]},{"@type":"ImageObject","inLanguage":"en-US","@id":"https:\/\/shop.tanadaithanh.vn\/en\/san-pham\/chau-rua-cao-cap-rossi-rl320h\/#primaryimage","url":"https:\/\/shop.tanadaithanh.vn\/wp-content\/uploads\/2026\/01\/chau-rua-cao-cap-rossi-rl320h.png","contentUrl":"https:\/\/shop.tanadaithanh.vn\/wp-content\/uploads\/2026\/01\/chau-rua-cao-cap-rossi-rl320h.png","width":1200,"height":1200},{"@type":"BreadcrumbList","@id":"https:\/\/shop.tanadaithanh.vn\/en\/san-pham\/chau-rua-cao-cap-rossi-rl320h\/#breadcrumb","itemListElement":[{"@type":"ListItem","position":1,"name":"Trang ch\u1ee7","item":"https:\/\/shop.tanadaithanh.vn\/en\/"},{"@type":"ListItem","position":2,"name":"Shop","item":"https:\/\/shop.tanadaithanh.vn\/cua-hang\/"},{"@type":"ListItem","position":3,"name":"Ch\u1eadu r\u1eeda cao c\u1ea5p Rossi RL320H"}]},{"@type":"WebSite","@id":"https:\/\/shop.tanadaithanh.vn\/en\/#website","url":"https:\/\/shop.tanadaithanh.vn\/en\/","name":"T\u00e2n \u00c1 \u0110\u1ea1i Th\u00e0nh eShop - Trang website b\u00e1n h\u00e0ng ch\u00ednh th\u1ee9c T\u1eadp \u0111o\u00e0n T\u00e2n \u00c1 \u0110\u1ea1i Th\u00e0nh","description":"Website b\u00e1n h\u00e0ng tr\u1ef1c tuy\u1ebfn v\u1eadn h\u00e0nh b\u1edfi ch\u00ednh T\u00e2n \u00c1 \u0110\u1ea1i Th\u00e0nh","publisher":{"@id":"https:\/\/shop.tanadaithanh.vn\/en\/#organization"},"potentialAction":[{"@type":"SearchAction","target":{"@type":"EntryPoint","urlTemplate":"https:\/\/shop.tanadaithanh.vn\/en\/?s={search_term_string}"},"query-input":{"@type":"PropertyValueSpecification","valueRequired":true,"valueName":"search_term_string"}}],"inLanguage":"en-US"},{"@type":"Organization","@id":"https:\/\/shop.tanadaithanh.vn\/en\/#organization","name":"T\u00e2n \u00c1 \u0110\u1ea1i Th\u00e0nh eShop - Trang website b\u00e1n h\u00e0ng ch\u00ednh th\u1ee9c T\u1eadp \u0111o\u00e0n T\u00e2n \u00c1 \u0110\u1ea1i Th\u00e0nh","url":"https:\/\/shop.tanadaithanh.vn\/en\/","logo":{"@type":"ImageObject","inLanguage":"en-US","@id":"https:\/\/shop.tanadaithanh.vn\/en\/#\/schema\/logo\/image\/","url":"https:\/\/shop.tanadaithanh.vn\/wp-content\/uploads\/2025\/06\/Logo-2.png","contentUrl":"https:\/\/shop.tanadaithanh.vn\/wp-content\/uploads\/2025\/06\/Logo-2.png","width":2000,"height":2000,"caption":"T\u00e2n \u00c1 \u0110\u1ea1i Th\u00e0nh eShop - Trang website b\u00e1n h\u00e0ng ch\u00ednh th\u1ee9c T\u1eadp \u0111o\u00e0n T\u00e2n \u00c1 \u0110\u1ea1i Th\u00e0nh"},"image":{"@id":"https:\/\/shop.tanadaithanh.vn\/en\/#\/schema\/logo\/image\/"},"sameAs":["https:\/\/www.facebook.com\/profile.php?id=61567171139919","https:\/\/zalo.me\/3915163699004948284"]}]}},"_links":{"self":[{"href":"https:\/\/shop.tanadaithanh.vn\/en\/wp-json\/wp\/v2\/product\/30678","targetHints":{"allow":["GET"]}}],"collection":[{"href":"https:\/\/shop.tanadaithanh.vn\/en\/wp-json\/wp\/v2\/product"}],"about":[{"href":"https:\/\/shop.tanadaithanh.vn\/en\/wp-json\/wp\/v2\/types\/product"}],"replies":[{"embeddable":true,"href":"https:\/\/shop.tanadaithanh.vn\/en\/wp-json\/wp\/v2\/comments?post=30678"}],"version-history":[{"count":3,"href":"https:\/\/shop.tanadaithanh.vn\/en\/wp-json\/wp\/v2\/product\/30678\/revisions"}],"predecessor-version":[{"id":30735,"href":"https:\/\/shop.tanadaithanh.vn\/en\/wp-json\/wp\/v2\/product\/30678\/revisions\/30735"}],"wp:featuredmedia":[{"embeddable":true,"href":"https:\/\/shop.tanadaithanh.vn\/en\/wp-json\/wp\/v2\/media\/30685"}],"wp:attachment":[{"href":"https:\/\/shop.tanadaithanh.vn\/en\/wp-json\/wp\/v2\/media?parent=30678"}],"wp:term":[{"taxonomy":"region","embeddable":true,"href":"https:\/\/shop.tanadaithanh.vn\/en\/wp-json\/wp\/v2\/region?post=30678"},{"taxonomy":"product_brand","embeddable":true,"href":"https:\/\/shop.tanadaithanh.vn\/en\/wp-json\/wp\/v2\/product_brand?post=30678"},{"taxonomy":"product_cat","embeddable":true,"href":"https:\/\/shop.tanadaithanh.vn\/en\/wp-json\/wp\/v2\/product_cat?post=30678"},{"taxonomy":"product_tag","embeddable":true,"href":"https:\/\/shop.tanadaithanh.vn\/en\/wp-json\/wp\/v2\/product_tag?post=30678"}],"curies":[{"name":"wp","href":"https:\/\/api.w.org\/{rel}","templated":true}]}}