{"id":29514,"date":"2025-12-01T15:25:34","date_gmt":"2025-12-01T08:25:34","guid":{"rendered":"https:\/\/shop.tanadaithanh.vn\/?post_type=product&#038;p=29514"},"modified":"2026-04-17T11:08:52","modified_gmt":"2026-04-17T04:08:52","slug":"combo-an-cu-may-loc-nuoc-rossi-core-10-loi-bep-tu-rossi-cc01","status":"publish","type":"product","link":"https:\/\/shop.tanadaithanh.vn\/en\/san-pham\/combo-an-cu-may-loc-nuoc-rossi-core-10-loi-bep-tu-rossi-cc01\/","title":{"rendered":"COMBO AN C\u01af: M\u00c1Y L\u1eccC N\u01af\u1edaC ROSSI CORE 10 L\u00d5I + B\u1ebeP T\u1eea ROSSI CC01"},"content":{"rendered":"<h2><strong>Combo AN C\u01af 02 \u2013 \u0110\u1ee7 tinh khi\u1ebft \u0111\u1ec3 u\u1ed1ng, \u0111\u1ee7 m\u1ea1nh m\u1ebd \u0111\u1ec3 n\u1ea5u \u0103n m\u1ed7i ng\u00e0y<\/strong><\/h2>\n<p>S\u1ef1 k\u1ebft h\u1ee3p th\u00f4ng minh gi\u1eefa m\u00e1y l\u1ecdc n\u01b0\u1edbc \u0111\u1ec3 g\u1ea7m Rossi Core 10 l\u00f5i v\u00e0 b\u1ebfp t\u1eeb \u0111\u01a1n Rossi RS-1020CC01, mang \u0111\u1ebfn gi\u1ea3i ph\u00e1p to\u00e0n di\u1ec7n cho c\u0103n b\u1ebfp hi\u1ec7n \u0111\u1ea1i: s\u1ea1ch \u2013 nhanh \u2013 ti\u1ebft ki\u1ec7m. Combo n\u00e0y kh\u00f4ng ch\u1ec9 gi\u00fap b\u1ea3o v\u1ec7 s\u1ee9c kh\u1ecfe t\u1eeb ngu\u1ed3n n\u01b0\u1edbc u\u1ed1ng \u0111\u1ebfn t\u1eebng b\u1eefa \u0103n, m\u00e0 c\u00f2n d\u1ec5 l\u1eafp \u0111\u1eb7t, d\u1ec5 s\u1eed d\u1ee5ng, ph\u00f9 h\u1ee3p v\u1edbi nhi\u1ec1u kh\u00f4ng gian s\u1ed1ng.<\/p>\n<h3>M\u00e1y l\u1ecdc n\u01b0\u1edbc Rossi Core 10 l\u00f5i \u2013 Ngu\u1ed3n n\u01b0\u1edbc tinh khi\u1ebft cho c\u1ea3 gia \u0111\u00ecnh<\/h3>\n<ul>\n<li><strong>H\u1ec7 th\u1ed1ng l\u1ecdc \u0111a t\u1ea7ng:<\/strong> L\u1ecdc s\u1ea1ch 99,99% vi khu\u1ea9n, t\u1ea1p ch\u1ea5t, kim lo\u1ea1i n\u1eb7ng.<\/li>\n<li><strong>L\u00f5i l\u1ecdc RO nh\u1eadp kh\u1ea9u M\u1ef9:<\/strong> Di\u1ec7t khu\u1ea9n, l\u1ecdc virus, b\u1ed5 sung kho\u00e1ng ch\u1ea5t v\u00e0 ch\u1ea5t \u0111i\u1ec7n gi\u1ea3i cho n\u01b0\u1edbc.<\/li>\n<li><strong>L\u00f5i l\u1ecdc Nano Silver v\u00e0 UF:<\/strong> Ng\u0103n ch\u1eb7n nguy c\u01a1 t\u00e1i nhi\u1ec5m khu\u1ea9n trong qu\u00e1 tr\u00ecnh n\u01b0\u1edbc, di\u1ec7t khu\u1ea9n t\u00e1i sinh trong h\u1ec7 th\u1ed1ng.<\/li>\n<li><strong>C\u00f4ng su\u1ea5t l\u1ecdc m\u1ea1nh m\u1ebd:<\/strong> L\u1ecdc \u0111\u01b0\u1ee3c t\u1edbi 17L\/H (tu\u1ef3 thu\u00f4c v\u00e0o ch\u1ea5t l\u01b0\u1ee3ng n\u01b0\u1edbc \u0111\u1ea7u v\u00e0o).<\/li>\n<li><strong>Thi\u1ebft k\u1ebf nh\u1ecf g\u1ecdn:<\/strong> Ph\u00f9 h\u1ee3p v\u1edbi m\u1ecdi kh\u00f4ng gian s\u1ed1ng.<\/li>\n<li><strong>T\u1ef7 l\u1ec7 thu h\u1ed3i n\u01b0\u1edbc tinh khi\u1ebft l\u1edbn:<\/strong> 50%<\/li>\n<li><strong>B\u1ea3o h\u00e0nh ch\u00ednh h\u00e3ng:<\/strong> 24 th\u00e1ng<\/li>\n<\/ul>\n<h3>B\u1ebfp t\u1eeb \u0111\u01a1n Rossi RS-1020CC01 \u2013 G\u1ecdn nh\u1eb9, an to\u00e0n, n\u1ea5u \u0103n si\u00eau t\u1ed1c<\/h3>\n<ul>\n<li><strong>M\u1eb7t k\u00ednh Ceramic cao c\u1ea5p:<\/strong> Ch\u1ecbu l\u1ef1c v\u00e0 ch\u1ecbu nhi\u1ec7t t\u1ed1t.<\/li>\n<li><strong>\u0110i\u1ec1u khi\u1ec3n c\u1ea3m \u1ee9ng, m\u00e0n h\u00ecnh LED r\u00f5 n\u00e9t:<\/strong> Thao t\u00e1c d\u1ec5 d\u00e0ng.<\/li>\n<li><strong>8 m\u1ee9c c\u00f4ng su\u1ea5t\/nhi\u1ec7t \u0111\u1ed9:<\/strong> Ph\u00f9 h\u1ee3p cho nhi\u1ec1u m\u00f3n n\u1ea5u kh\u00e1c nhau.<\/li>\n<li><strong>Ch\u1ee9c n\u0103ng h\u1eb9n gi\u1edd, kh\u00f3a tr\u1ebb em v\u00e0 t\u1ef1 ng\u1eaft sau 2 gi\u1edd:<\/strong> \u0110\u1ea3m b\u1ea3o an to\u00e0n khi s\u1eed d\u1ee5ng.<\/li>\n<li><strong>Thi\u1ebft k\u1ebf nh\u1ecf g\u1ecdn:<\/strong> Ph\u00f9 h\u1ee3p v\u1edbi b\u1ebfp tr\u1ecd, b\u1ebfp ph\u1ee5 ho\u1eb7c mang theo khi c\u1ea7n.<\/li>\n<li><strong>B\u1ea3o h\u00e0nh ch\u00ednh h\u00e3ng:<\/strong> 24 th\u00e1ng<\/li>\n<\/ul>\n<p>Combo AN C\u01af 02 l\u00e0 l\u1ef1a ch\u1ecdn h\u1ee3p l\u00fd cho m\u1ecdi gia \u0111\u00ecnh mong mu\u1ed1n c\u00f3 b\u1ebfp s\u1ea1ch \u2013 n\u01b0\u1edbc tinh \u2013 ti\u1ec7n nghi hi\u1ec7n \u0111\u1ea1i v\u1edbi chi ph\u00ed t\u1ed1i \u01b0u.<\/p>\n<p>\u0110\u1eb7t mua ngay h\u00f4m nay \u0111\u1ec3 nh\u1eadn nhi\u1ec1u \u01b0u \u0111\u00e3i h\u1ea5p d\u1eabn, b\u1ea3o h\u00e0nh ch\u00ednh h\u00e3ng v\u00e0 h\u1ed7 tr\u1ee3 giao t\u1eadn n\u01a1i!<\/p>\n","protected":false},"excerpt":{"rendered":"<p>Combo AN C\u01af 02 \u2013 \u0110\u1ee7 tinh khi\u1ebft \u0111\u1ec3 u\u1ed1ng, \u0111\u1ee7 m\u1ea1nh m\u1ebd \u0111\u1ec3 n\u1ea5u \u0103n m\u1ed7i ng\u00e0y S\u1ef1 k\u1ebft<\/p>\n","protected":false},"featured_media":32608,"comment_status":"open","ping_status":"closed","template":"","meta":[],"region":[259],"product_brand":[],"product_cat":[685],"product_tag":[],"class_list":{"0":"post-29514","1":"product","2":"type-product","3":"status-publish","4":"has-post-thumbnail","6":"region-mien-bac","7":"product_cat-combo","9":"first","10":"instock","11":"sale","12":"shipping-taxable","13":"purchasable","14":"product-type-simple"},"yoast_head":"<!-- This site is optimized with the Yoast SEO plugin v24.6 - https:\/\/yoast.com\/wordpress\/plugins\/seo\/ -->\n<title>COMBO AN C\u01af: M\u00c1Y L\u1eccC N\u01af\u1edaC ROSSI CORE 10 L\u00d5I + B\u1ebeP T\u1eea ROSSI CC01 - T\u00e2n \u00c1 \u0110\u1ea1i Th\u00e0nh eShop<\/title>\n<meta name=\"robots\" content=\"index, follow, max-snippet:-1, max-image-preview:large, max-video-preview:-1\" \/>\n<link rel=\"canonical\" href=\"https:\/\/shop.tanadaithanh.vn\/en\/san-pham\/combo-an-cu-may-loc-nuoc-rossi-core-10-loi-bep-tu-rossi-cc01\/\" \/>\n<meta property=\"og:locale\" content=\"en_US\" \/>\n<meta property=\"og:type\" content=\"article\" \/>\n<meta property=\"og:title\" content=\"COMBO AN C\u01af: M\u00c1Y L\u1eccC N\u01af\u1edaC ROSSI CORE 10 L\u00d5I + B\u1ebeP T\u1eea ROSSI CC01 - T\u00e2n \u00c1 \u0110\u1ea1i Th\u00e0nh eShop\" \/>\n<meta property=\"og:description\" content=\"Combo AN C\u01af 02 \u2013 \u0110\u1ee7 tinh khi\u1ebft \u0111\u1ec3 u\u1ed1ng, \u0111\u1ee7 m\u1ea1nh m\u1ebd \u0111\u1ec3 n\u1ea5u \u0103n m\u1ed7i ng\u00e0y S\u1ef1 k\u1ebft\" \/>\n<meta property=\"og:url\" content=\"https:\/\/shop.tanadaithanh.vn\/en\/san-pham\/combo-an-cu-may-loc-nuoc-rossi-core-10-loi-bep-tu-rossi-cc01\/\" \/>\n<meta property=\"og:site_name\" content=\"T\u00e2n \u00c1 \u0110\u1ea1i Th\u00e0nh eShop\" \/>\n<meta property=\"article:publisher\" content=\"https:\/\/www.facebook.com\/profile.php?id=61567171139919\" \/>\n<meta property=\"article:modified_time\" content=\"2026-04-17T04:08:52+00:00\" \/>\n<meta property=\"og:image\" content=\"https:\/\/shop.tanadaithanh.vn\/wp-content\/uploads\/2025\/12\/AC2-1024x1024.png\" \/>\n\t<meta property=\"og:image:width\" content=\"1024\" \/>\n\t<meta property=\"og:image:height\" content=\"1024\" \/>\n\t<meta property=\"og:image:type\" content=\"image\/png\" \/>\n<meta name=\"twitter:card\" content=\"summary_large_image\" \/>\n<meta name=\"twitter:label1\" content=\"Est. reading time\" \/>\n\t<meta name=\"twitter:data1\" content=\"3 minutes\" \/>\n<script type=\"application\/ld+json\" class=\"yoast-schema-graph\">{\"@context\":\"https:\/\/schema.org\",\"@graph\":[{\"@type\":\"WebPage\",\"@id\":\"https:\/\/shop.tanadaithanh.vn\/en\/san-pham\/combo-an-cu-may-loc-nuoc-rossi-core-10-loi-bep-tu-rossi-cc01\/\",\"url\":\"https:\/\/shop.tanadaithanh.vn\/en\/san-pham\/combo-an-cu-may-loc-nuoc-rossi-core-10-loi-bep-tu-rossi-cc01\/\",\"name\":\"COMBO AN C\u01af: M\u00c1Y L\u1eccC N\u01af\u1edaC ROSSI CORE 10 L\u00d5I + B\u1ebeP T\u1eea ROSSI CC01 - T\u00e2n \u00c1 \u0110\u1ea1i Th\u00e0nh eShop\",\"isPartOf\":{\"@id\":\"https:\/\/shop.tanadaithanh.vn\/en\/#website\"},\"primaryImageOfPage\":{\"@id\":\"https:\/\/shop.tanadaithanh.vn\/en\/san-pham\/combo-an-cu-may-loc-nuoc-rossi-core-10-loi-bep-tu-rossi-cc01\/#primaryimage\"},\"image\":{\"@id\":\"https:\/\/shop.tanadaithanh.vn\/en\/san-pham\/combo-an-cu-may-loc-nuoc-rossi-core-10-loi-bep-tu-rossi-cc01\/#primaryimage\"},\"thumbnailUrl\":\"https:\/\/shop.tanadaithanh.vn\/wp-content\/uploads\/2025\/12\/AC2.png\",\"datePublished\":\"2025-12-01T08:25:34+00:00\",\"dateModified\":\"2026-04-17T04:08:52+00:00\",\"breadcrumb\":{\"@id\":\"https:\/\/shop.tanadaithanh.vn\/en\/san-pham\/combo-an-cu-may-loc-nuoc-rossi-core-10-loi-bep-tu-rossi-cc01\/#breadcrumb\"},\"inLanguage\":\"en-US\",\"potentialAction\":[{\"@type\":\"ReadAction\",\"target\":[\"https:\/\/shop.tanadaithanh.vn\/en\/san-pham\/combo-an-cu-may-loc-nuoc-rossi-core-10-loi-bep-tu-rossi-cc01\/\"]}]},{\"@type\":\"ImageObject\",\"inLanguage\":\"en-US\",\"@id\":\"https:\/\/shop.tanadaithanh.vn\/en\/san-pham\/combo-an-cu-may-loc-nuoc-rossi-core-10-loi-bep-tu-rossi-cc01\/#primaryimage\",\"url\":\"https:\/\/shop.tanadaithanh.vn\/wp-content\/uploads\/2025\/12\/AC2.png\",\"contentUrl\":\"https:\/\/shop.tanadaithanh.vn\/wp-content\/uploads\/2025\/12\/AC2.png\",\"width\":2000,\"height\":2000},{\"@type\":\"BreadcrumbList\",\"@id\":\"https:\/\/shop.tanadaithanh.vn\/en\/san-pham\/combo-an-cu-may-loc-nuoc-rossi-core-10-loi-bep-tu-rossi-cc01\/#breadcrumb\",\"itemListElement\":[{\"@type\":\"ListItem\",\"position\":1,\"name\":\"Trang ch\u1ee7\",\"item\":\"https:\/\/shop.tanadaithanh.vn\/en\/\"},{\"@type\":\"ListItem\",\"position\":2,\"name\":\"Shop\",\"item\":\"https:\/\/shop.tanadaithanh.vn\/cua-hang\/\"},{\"@type\":\"ListItem\",\"position\":3,\"name\":\"COMBO AN C\u01af: M\u00c1Y L\u1eccC N\u01af\u1edaC ROSSI CORE 10 L\u00d5I + B\u1ebeP T\u1eea ROSSI CC01\"}]},{\"@type\":\"WebSite\",\"@id\":\"https:\/\/shop.tanadaithanh.vn\/en\/#website\",\"url\":\"https:\/\/shop.tanadaithanh.vn\/en\/\",\"name\":\"T\u00e2n \u00c1 \u0110\u1ea1i Th\u00e0nh eShop - Trang website b\u00e1n h\u00e0ng ch\u00ednh th\u1ee9c T\u1eadp \u0111o\u00e0n T\u00e2n \u00c1 \u0110\u1ea1i Th\u00e0nh\",\"description\":\"Website b\u00e1n h\u00e0ng tr\u1ef1c tuy\u1ebfn v\u1eadn h\u00e0nh b\u1edfi ch\u00ednh T\u00e2n \u00c1 \u0110\u1ea1i Th\u00e0nh\",\"publisher\":{\"@id\":\"https:\/\/shop.tanadaithanh.vn\/en\/#organization\"},\"potentialAction\":[{\"@type\":\"SearchAction\",\"target\":{\"@type\":\"EntryPoint\",\"urlTemplate\":\"https:\/\/shop.tanadaithanh.vn\/en\/?s={search_term_string}\"},\"query-input\":{\"@type\":\"PropertyValueSpecification\",\"valueRequired\":true,\"valueName\":\"search_term_string\"}}],\"inLanguage\":\"en-US\"},{\"@type\":\"Organization\",\"@id\":\"https:\/\/shop.tanadaithanh.vn\/en\/#organization\",\"name\":\"T\u00e2n \u00c1 \u0110\u1ea1i Th\u00e0nh eShop - Trang website b\u00e1n h\u00e0ng ch\u00ednh th\u1ee9c T\u1eadp \u0111o\u00e0n T\u00e2n \u00c1 \u0110\u1ea1i Th\u00e0nh\",\"url\":\"https:\/\/shop.tanadaithanh.vn\/en\/\",\"logo\":{\"@type\":\"ImageObject\",\"inLanguage\":\"en-US\",\"@id\":\"https:\/\/shop.tanadaithanh.vn\/en\/#\/schema\/logo\/image\/\",\"url\":\"https:\/\/shop.tanadaithanh.vn\/wp-content\/uploads\/2025\/06\/Logo-2.png\",\"contentUrl\":\"https:\/\/shop.tanadaithanh.vn\/wp-content\/uploads\/2025\/06\/Logo-2.png\",\"width\":2000,\"height\":2000,\"caption\":\"T\u00e2n \u00c1 \u0110\u1ea1i Th\u00e0nh eShop - Trang website b\u00e1n h\u00e0ng ch\u00ednh th\u1ee9c T\u1eadp \u0111o\u00e0n T\u00e2n \u00c1 \u0110\u1ea1i Th\u00e0nh\"},\"image\":{\"@id\":\"https:\/\/shop.tanadaithanh.vn\/en\/#\/schema\/logo\/image\/\"},\"sameAs\":[\"https:\/\/www.facebook.com\/profile.php?id=61567171139919\",\"https:\/\/zalo.me\/3915163699004948284\"]}]}<\/script>\n<!-- \/ Yoast SEO plugin. -->","yoast_head_json":{"title":"COMBO AN C\u01af: M\u00c1Y L\u1eccC N\u01af\u1edaC ROSSI CORE 10 L\u00d5I + B\u1ebeP T\u1eea ROSSI CC01 - T\u00e2n \u00c1 \u0110\u1ea1i Th\u00e0nh eShop","robots":{"index":"index","follow":"follow","max-snippet":"max-snippet:-1","max-image-preview":"max-image-preview:large","max-video-preview":"max-video-preview:-1"},"canonical":"https:\/\/shop.tanadaithanh.vn\/en\/san-pham\/combo-an-cu-may-loc-nuoc-rossi-core-10-loi-bep-tu-rossi-cc01\/","og_locale":"en_US","og_type":"article","og_title":"COMBO AN C\u01af: M\u00c1Y L\u1eccC N\u01af\u1edaC ROSSI CORE 10 L\u00d5I + B\u1ebeP T\u1eea ROSSI CC01 - T\u00e2n \u00c1 \u0110\u1ea1i Th\u00e0nh eShop","og_description":"Combo AN C\u01af 02 \u2013 \u0110\u1ee7 tinh khi\u1ebft \u0111\u1ec3 u\u1ed1ng, \u0111\u1ee7 m\u1ea1nh m\u1ebd \u0111\u1ec3 n\u1ea5u \u0103n m\u1ed7i ng\u00e0y S\u1ef1 k\u1ebft","og_url":"https:\/\/shop.tanadaithanh.vn\/en\/san-pham\/combo-an-cu-may-loc-nuoc-rossi-core-10-loi-bep-tu-rossi-cc01\/","og_site_name":"T\u00e2n \u00c1 \u0110\u1ea1i Th\u00e0nh eShop","article_publisher":"https:\/\/www.facebook.com\/profile.php?id=61567171139919","article_modified_time":"2026-04-17T04:08:52+00:00","og_image":[{"width":1024,"height":1024,"url":"https:\/\/shop.tanadaithanh.vn\/wp-content\/uploads\/2025\/12\/AC2-1024x1024.png","type":"image\/png"}],"twitter_card":"summary_large_image","twitter_misc":{"Est. reading time":"3 minutes"},"schema":{"@context":"https:\/\/schema.org","@graph":[{"@type":"WebPage","@id":"https:\/\/shop.tanadaithanh.vn\/en\/san-pham\/combo-an-cu-may-loc-nuoc-rossi-core-10-loi-bep-tu-rossi-cc01\/","url":"https:\/\/shop.tanadaithanh.vn\/en\/san-pham\/combo-an-cu-may-loc-nuoc-rossi-core-10-loi-bep-tu-rossi-cc01\/","name":"COMBO AN C\u01af: M\u00c1Y L\u1eccC N\u01af\u1edaC ROSSI CORE 10 L\u00d5I + B\u1ebeP T\u1eea ROSSI CC01 - T\u00e2n \u00c1 \u0110\u1ea1i Th\u00e0nh eShop","isPartOf":{"@id":"https:\/\/shop.tanadaithanh.vn\/en\/#website"},"primaryImageOfPage":{"@id":"https:\/\/shop.tanadaithanh.vn\/en\/san-pham\/combo-an-cu-may-loc-nuoc-rossi-core-10-loi-bep-tu-rossi-cc01\/#primaryimage"},"image":{"@id":"https:\/\/shop.tanadaithanh.vn\/en\/san-pham\/combo-an-cu-may-loc-nuoc-rossi-core-10-loi-bep-tu-rossi-cc01\/#primaryimage"},"thumbnailUrl":"https:\/\/shop.tanadaithanh.vn\/wp-content\/uploads\/2025\/12\/AC2.png","datePublished":"2025-12-01T08:25:34+00:00","dateModified":"2026-04-17T04:08:52+00:00","breadcrumb":{"@id":"https:\/\/shop.tanadaithanh.vn\/en\/san-pham\/combo-an-cu-may-loc-nuoc-rossi-core-10-loi-bep-tu-rossi-cc01\/#breadcrumb"},"inLanguage":"en-US","potentialAction":[{"@type":"ReadAction","target":["https:\/\/shop.tanadaithanh.vn\/en\/san-pham\/combo-an-cu-may-loc-nuoc-rossi-core-10-loi-bep-tu-rossi-cc01\/"]}]},{"@type":"ImageObject","inLanguage":"en-US","@id":"https:\/\/shop.tanadaithanh.vn\/en\/san-pham\/combo-an-cu-may-loc-nuoc-rossi-core-10-loi-bep-tu-rossi-cc01\/#primaryimage","url":"https:\/\/shop.tanadaithanh.vn\/wp-content\/uploads\/2025\/12\/AC2.png","contentUrl":"https:\/\/shop.tanadaithanh.vn\/wp-content\/uploads\/2025\/12\/AC2.png","width":2000,"height":2000},{"@type":"BreadcrumbList","@id":"https:\/\/shop.tanadaithanh.vn\/en\/san-pham\/combo-an-cu-may-loc-nuoc-rossi-core-10-loi-bep-tu-rossi-cc01\/#breadcrumb","itemListElement":[{"@type":"ListItem","position":1,"name":"Trang ch\u1ee7","item":"https:\/\/shop.tanadaithanh.vn\/en\/"},{"@type":"ListItem","position":2,"name":"Shop","item":"https:\/\/shop.tanadaithanh.vn\/cua-hang\/"},{"@type":"ListItem","position":3,"name":"COMBO AN C\u01af: M\u00c1Y L\u1eccC N\u01af\u1edaC ROSSI CORE 10 L\u00d5I + B\u1ebeP T\u1eea ROSSI CC01"}]},{"@type":"WebSite","@id":"https:\/\/shop.tanadaithanh.vn\/en\/#website","url":"https:\/\/shop.tanadaithanh.vn\/en\/","name":"T\u00e2n \u00c1 \u0110\u1ea1i Th\u00e0nh eShop - Trang website b\u00e1n h\u00e0ng ch\u00ednh th\u1ee9c T\u1eadp \u0111o\u00e0n T\u00e2n \u00c1 \u0110\u1ea1i Th\u00e0nh","description":"Website b\u00e1n h\u00e0ng tr\u1ef1c tuy\u1ebfn v\u1eadn h\u00e0nh b\u1edfi ch\u00ednh T\u00e2n \u00c1 \u0110\u1ea1i Th\u00e0nh","publisher":{"@id":"https:\/\/shop.tanadaithanh.vn\/en\/#organization"},"potentialAction":[{"@type":"SearchAction","target":{"@type":"EntryPoint","urlTemplate":"https:\/\/shop.tanadaithanh.vn\/en\/?s={search_term_string}"},"query-input":{"@type":"PropertyValueSpecification","valueRequired":true,"valueName":"search_term_string"}}],"inLanguage":"en-US"},{"@type":"Organization","@id":"https:\/\/shop.tanadaithanh.vn\/en\/#organization","name":"T\u00e2n \u00c1 \u0110\u1ea1i Th\u00e0nh eShop - Trang website b\u00e1n h\u00e0ng ch\u00ednh th\u1ee9c T\u1eadp \u0111o\u00e0n T\u00e2n \u00c1 \u0110\u1ea1i Th\u00e0nh","url":"https:\/\/shop.tanadaithanh.vn\/en\/","logo":{"@type":"ImageObject","inLanguage":"en-US","@id":"https:\/\/shop.tanadaithanh.vn\/en\/#\/schema\/logo\/image\/","url":"https:\/\/shop.tanadaithanh.vn\/wp-content\/uploads\/2025\/06\/Logo-2.png","contentUrl":"https:\/\/shop.tanadaithanh.vn\/wp-content\/uploads\/2025\/06\/Logo-2.png","width":2000,"height":2000,"caption":"T\u00e2n \u00c1 \u0110\u1ea1i Th\u00e0nh eShop - Trang website b\u00e1n h\u00e0ng ch\u00ednh th\u1ee9c T\u1eadp \u0111o\u00e0n T\u00e2n \u00c1 \u0110\u1ea1i Th\u00e0nh"},"image":{"@id":"https:\/\/shop.tanadaithanh.vn\/en\/#\/schema\/logo\/image\/"},"sameAs":["https:\/\/www.facebook.com\/profile.php?id=61567171139919","https:\/\/zalo.me\/3915163699004948284"]}]}},"_links":{"self":[{"href":"https:\/\/shop.tanadaithanh.vn\/en\/wp-json\/wp\/v2\/product\/29514","targetHints":{"allow":["GET"]}}],"collection":[{"href":"https:\/\/shop.tanadaithanh.vn\/en\/wp-json\/wp\/v2\/product"}],"about":[{"href":"https:\/\/shop.tanadaithanh.vn\/en\/wp-json\/wp\/v2\/types\/product"}],"replies":[{"embeddable":true,"href":"https:\/\/shop.tanadaithanh.vn\/en\/wp-json\/wp\/v2\/comments?post=29514"}],"version-history":[{"count":3,"href":"https:\/\/shop.tanadaithanh.vn\/en\/wp-json\/wp\/v2\/product\/29514\/revisions"}],"predecessor-version":[{"id":30568,"href":"https:\/\/shop.tanadaithanh.vn\/en\/wp-json\/wp\/v2\/product\/29514\/revisions\/30568"}],"wp:featuredmedia":[{"embeddable":true,"href":"https:\/\/shop.tanadaithanh.vn\/en\/wp-json\/wp\/v2\/media\/32608"}],"wp:attachment":[{"href":"https:\/\/shop.tanadaithanh.vn\/en\/wp-json\/wp\/v2\/media?parent=29514"}],"wp:term":[{"taxonomy":"region","embeddable":true,"href":"https:\/\/shop.tanadaithanh.vn\/en\/wp-json\/wp\/v2\/region?post=29514"},{"taxonomy":"product_brand","embeddable":true,"href":"https:\/\/shop.tanadaithanh.vn\/en\/wp-json\/wp\/v2\/product_brand?post=29514"},{"taxonomy":"product_cat","embeddable":true,"href":"https:\/\/shop.tanadaithanh.vn\/en\/wp-json\/wp\/v2\/product_cat?post=29514"},{"taxonomy":"product_tag","embeddable":true,"href":"https:\/\/shop.tanadaithanh.vn\/en\/wp-json\/wp\/v2\/product_tag?post=29514"}],"curies":[{"name":"wp","href":"https:\/\/api.w.org\/{rel}","templated":true}]}}