{"id":29509,"date":"2025-12-01T15:10:03","date_gmt":"2025-12-01T08:10:03","guid":{"rendered":"https:\/\/shop.tanadaithanh.vn\/?post_type=product&#038;p=29509"},"modified":"2026-04-17T11:09:45","modified_gmt":"2026-04-17T04:09:45","slug":"combo-song-xanh-bon-inox-tan-a-1000d-may-nlmt-tan-a-go-58-16","status":"publish","type":"product","link":"https:\/\/shop.tanadaithanh.vn\/en\/san-pham\/combo-song-xanh-bon-inox-tan-a-1000d-may-nlmt-tan-a-go-58-16\/","title":{"rendered":"COMBO S\u1ed0NG XANH: B\u1ed2N INOX T\u00c2N \u00c1 1000\u0110 + M\u00c1Y NLMT T\u00c2N \u00c1 GO 58-16"},"content":{"rendered":"<h2>COMBO S\u1ed0NG XANH 1: B\u1ed2N INOX T\u00c2N \u00c1 1.000\u0110 + M\u00c1Y NLMT T\u00c2N \u00c1 GO 58-16 &#8211; <strong>Gi\u1ea3i ph\u00e1p th\u00f4ng minh cho n\u01b0\u1edbc s\u1ea1ch to\u00e0n di\u1ec7n<\/strong><\/h2>\n<p><strong>Combo mua nhi\u1ec1u gi\u1ea3m s\u00e2u<\/strong> kh\u00f4ng ch\u1ec9 \u0111\u01a1n thu\u1ea7n l\u00e0 mua 2 s\u1ea3n ph\u1ea9m \u2013 \u0111\u00e2y l\u00e0 kho\u1ea3n \u0111\u1ea7u t\u01b0 th\u00f4ng minh gi\u00fap l\u1ecdc s\u1ea1ch t\u1eeb \u0111\u1ea7u ngu\u1ed3n &#8211; l\u01b0u tr\u1eef an to\u00e0n &#8211; l\u00e0m n\u00f3ng chu\u1ea9n ti\u1ebft ki\u1ec7m.<\/p>\n<p><strong>Combo mang \u0111\u1ebfn tr\u1ea3i nghi\u1ec7m s\u1ed1ng ti\u1ec7n nghi, b\u1ec1n v\u1eefng v\u00e0 kinh t\u1ebf:<\/strong><\/p>\n<ul>\n<li>Gi\u1eef g\u00ecn s\u1ee9c kh\u1ecfe cho c\u1ea3 gia \u0111\u00ecnh m\u1ed7i ng\u00e0y<\/li>\n<li>B\u1ea3o v\u1ec7 thi\u1ebft b\u1ecb d\u00f9ng n\u01b0\u1edbc, gi\u1ea3m h\u1ecfng h\u00f3c \u2013 ti\u1ebft ki\u1ec7m chi ph\u00ed b\u1ea3o tr\u00ec<\/li>\n<li>Ti\u1ebft ki\u1ec7m \u0111i\u1ec7n n\u0103ng t\u1ed1i \u0111a, th\u00e2n thi\u1ec7n v\u1edbi m\u00f4i tr\u01b0\u1eddng<\/li>\n<\/ul>\n<p><strong><em>S\u1ef1 l\u1ef1a ch\u1ecdn tinh t\u1ebf cho nh\u1eefng ai \u0111\u1ec1 cao ch\u1ea5t l\u01b0\u1ee3ng s\u1ed1ng, \u0111\u1ed9 b\u1ec1n v\u00e0 s\u1ef1 an t\u00e2m l\u00e2u d\u00e0i.<\/em><\/strong><\/p>\n<h3><strong data-start=\"100\" data-end=\"170\">B\u1ed3n Inox T\u00e2n \u00c1 1.000\u0110: L\u01b0u tr\u1eef an to\u00e0n \u2013 Gi\u1eef v\u1eefng ch\u1ea5t l\u01b0\u1ee3ng ngu\u1ed3n n\u01b0\u1edbc<\/strong><\/h3>\n<ul>\n<li><strong data-start=\"217\" data-end=\"251\">Ch\u1ea5t li\u1ec7u Inox SUS 304 cao c\u1ea5p: <\/strong>Ch\u1ed1ng \u0103n m\u00f2n, r\u1ec9 s\u00e9t, ph\u00f9 h\u1ee3p v\u1edbi nhi\u1ec1u ngu\u1ed3n n\u01b0\u1edbc, \u0111\u1eb7c bi\u1ec7t l\u00e0 n\u01b0\u1edbc nhi\u1ec5m ph\u00e8n nh\u1eb9 ho\u1eb7c n\u01b0\u1edbc m\u00e1y kh\u00f4ng \u1ed5n \u0111\u1ecbnh.<\/li>\n<li><strong data-start=\"376\" data-end=\"414\">C\u00f4ng ngh\u1ec7 h\u00e0n l\u0103n t\u1ef1 \u0111\u1ed9ng hi\u1ec7n \u0111\u1ea1i: <\/strong>M\u1ed1i h\u00e0n ch\u1eafc ch\u1eafn, k\u00edn kh\u00edt, t\u0103ng \u0111\u1ed9 b\u1ec1n v\u00e0 \u0111\u1ea3m b\u1ea3o an to\u00e0n trong su\u1ed1t qu\u00e1 tr\u00ecnh s\u1eed d\u1ee5ng.<\/li>\n<li><strong data-start=\"582\" data-end=\"626\">K\u1ebft c\u1ea5u \u0111a g\u00e2n:<\/strong>\u00a0T\u0103ng \u0111\u1ed9 v\u1eefng ch\u1eafc cho th\u00e2n b\u1ed3n, ch\u1ecbu l\u1ef1c t\u1ed1t, ch\u1ed1ng m\u00f3p m\u00e9o khi va \u0111\u1eadp hay th\u1eddi ti\u1ebft kh\u1eafc nghi\u1ec7t.<\/li>\n<li><strong>Logo d\u1eadp n\u1ed5i:<\/strong> Ch\u1ed1ng h\u00e0ng gi\u1ea3, \u0111\u1ea3m b\u1ea3o ch\u1ea5t l\u01b0\u1ee3ng<\/li>\n<li><span style=\"font-weight: 400;\"><span style=\"font-weight: 400;\"><strong>Ch\u00e2n \u0111\u1ebf l\u00e0m t\u1eeb th\u00e9p kh\u00f4ng g\u1ec9:<\/strong> \u0111\u1ed9 b\u1ec1n cao, ch\u1ed1ng \u0103n m\u00f2n, <\/span><\/span>kh\u1ea3 n\u0103ng ch\u1ecbu tr\u1ecdng t\u1ea3i l\u1edbn, h\u1ea1n ch\u1ebf g\u00e3y ch\u00e2n v\u00e0 s\u1eadp b\u1ed3n.<\/li>\n<li><strong>B\u1ea3o h\u00e0nh ch\u00ednh h\u00e3ng:<\/strong> 12 n\u0103m<\/li>\n<\/ul>\n<h3 style=\"text-align: left;\"><strong>M\u00c1Y NLMT T\u00e2n \u00c1 GO 58-16: D\u1eabn \u0111\u1ea7u c\u00f4ng ngh\u1ec7 &#8211; Gi\u1eef nhi\u1ec7t v\u01b0\u1ee3t tr\u1ed9i<\/strong><\/h3>\n<ul>\n<li><strong data-start=\"216\" data-end=\"261\">\u1ed0ng th\u1ee7y tinh ch\u00e2n kh\u00f4ng 5 l\u1edbp: <\/strong>Cho kh\u1ea3 n\u0103ng h\u1ea5p th\u1ee5 nhi\u1ec7t cao l\u00ean t\u1edbi 98%, hi\u1ec7u qu\u1ea3 c\u1ea3 khi tr\u1eddi \u00edt n\u1eafng.<\/li>\n<li><strong>B\u00ecnh b\u1ea3o \u00f4n \u0111\u01b0\u1eddng k\u00ednh l\u1edbn:<\/strong> Ch\u1ee9a \u0111\u01b0\u1ee3c nhi\u1ec1u n\u01b0\u1edbc h\u01a1n, \u0111\u00e1p \u1ee9ng nhu c\u1ea7u s\u1eed d\u1ee5ng n\u01b0\u1edbc n\u00f3ng li\u00ean t\u1ee5c cho gia \u0111\u00ecnh \u0111\u00f4ng ng\u01b0\u1eddi.<\/li>\n<li><strong>L\u1edbp b\u1ea3o \u00f4n nh\u1eadp kh\u1ea9u ch\u00ednh h\u00e3ng:<\/strong> Gi\u1eef nhi\u1ec7t l\u00ean \u0111\u1ebfn 98 gi\u1edd, ti\u1ebft ki\u1ec7m \u0111i\u1ec7n t\u1ed1i \u01b0u, s\u1eed d\u1ee5ng b\u1ea5t k\u1ec3 ng\u00e0y hay \u0111\u00eam.<\/li>\n<li><strong data-start=\"697\" data-end=\"734\">Thanh \u0111\u1ee1 \u1ed1ng th\u00f4ng h\u01a1i th\u00f4ng minh: <\/strong>Gi\u00fap trao \u0111\u1ed5i kh\u00ed hi\u1ec7u qu\u1ea3, t\u0103ng \u0111\u1ed9 \u1ed5n \u0111\u1ecbnh v\u00e0 an to\u00e0n cho to\u00e0n b\u1ed9 h\u1ec7 th\u1ed1ng.<\/li>\n<li><strong data-start=\"736\" data-end=\"799\">Ch\u00e2n gi\u00e1 \u0111\u1ee1 inox \u0111\u1ecbnh h\u00ecnh \u2013 k\u1ebft c\u1ea5u ch\u1eafc ch\u1eafn, th\u1ea9m m\u1ef9 cao: <\/strong>B\u1ec1n v\u1eefng tr\u00ean m\u1ecdi \u0111\u1ecba h\u00ecnh, ch\u1ecbu gi\u00f3 t\u1ed1t, t\u00f4n vinh v\u1ebb hi\u1ec7n \u0111\u1ea1i cho kh\u00f4ng gian m\u00e1i nh\u00e0.<\/li>\n<li><strong>B\u1ea3o h\u00e0nh ch\u00ednh h\u00e3ng:<\/strong> 5 n\u0103m<\/li>\n<\/ul>\n<h2><strong>COMBO S\u1ed0NG XANH: B\u1ed2N INOX T\u00c2N \u00c1 1.000\u0110 + M\u00c1Y NLMT T\u00c2N \u00c1 GO 58-16 \u0111\u1eb7c bi\u1ec7t ph\u00f9 h\u1ee3p v\u1edbi:<\/strong><\/h2>\n<ul>\n<li>Khu v\u1ef1c c\u00f3 ngu\u1ed3n n\u01b0\u1edbc m\u00e1y kh\u00f4ng \u1ed5n \u0111\u1ecbnh, th\u01b0\u1eddng c\u00f3 c\u1eb7n, m\u00f9i clo ho\u1eb7c r\u1ec9 s\u00e9t<\/li>\n<li>V\u00f9ng d\u00e2n c\u01b0 ho\u1eb7c nh\u00e0 \u1edf s\u1eed d\u1ee5ng n\u01b0\u1edbc gi\u1ebfng khoan, n\u01b0\u1edbc b\u01a1m l\u00ean b\u1ed3n ch\u1ee9a<\/li>\n<li>Khu v\u1ef1c nhi\u1ec1u n\u1eafng, kh\u00ed h\u1eadu nhi\u1ec7t \u0111\u1edbi nh\u01b0 Vi\u1ec7t Nam<\/li>\n<li>Nh\u00e0 ph\u1ed1, bi\u1ec7t th\u1ef1, khu d\u00e2n c\u01b0 cao t\u1ea7ng c\u00f3 nhu c\u1ea7u n\u01b0\u1edbc n\u00f3ng h\u1eb1ng ng\u00e0y<\/li>\n<\/ul>\n<p><strong>MUA COMBO H\u00d4M NAY &#8211; NH\u1eacN NGAY \u01afU \u0110\u00c3I H\u1ea4P D\u1eaaN &#8211; H\u1ed6 TR\u1ee2 GIAO H\u00c0NG T\u1eacN N\u01a0I TR\u00caN TO\u00c0N QU\u1ed0C<\/strong><\/p>\n","protected":false},"excerpt":{"rendered":"<p>COMBO S\u1ed0NG XANH 1: B\u1ed2N INOX T\u00c2N \u00c1 1.000\u0110 + M\u00c1Y NLMT T\u00c2N \u00c1 GO 58-16 &#8211; Gi\u1ea3i ph\u00e1p th\u00f4ng<\/p>\n","protected":false},"featured_media":32612,"comment_status":"open","ping_status":"closed","template":"","meta":[],"region":[259],"product_brand":[],"product_cat":[685],"product_tag":[],"class_list":{"0":"post-29509","1":"product","2":"type-product","3":"status-publish","4":"has-post-thumbnail","6":"region-mien-bac","7":"product_cat-combo","9":"first","10":"instock","11":"sale","12":"shipping-taxable","13":"purchasable","14":"product-type-simple"},"yoast_head":"<!-- This site is optimized with the Yoast SEO plugin v24.6 - https:\/\/yoast.com\/wordpress\/plugins\/seo\/ -->\n<title>COMBO S\u1ed0NG XANH: B\u1ed2N INOX T\u00c2N \u00c1 1000\u0110 + M\u00c1Y NLMT T\u00c2N \u00c1 GO 58-16 - T\u00e2n \u00c1 \u0110\u1ea1i Th\u00e0nh eShop<\/title>\n<meta name=\"robots\" content=\"index, follow, max-snippet:-1, max-image-preview:large, max-video-preview:-1\" \/>\n<link rel=\"canonical\" href=\"https:\/\/shop.tanadaithanh.vn\/en\/san-pham\/combo-song-xanh-bon-inox-tan-a-1000d-may-nlmt-tan-a-go-58-16\/\" \/>\n<meta property=\"og:locale\" content=\"en_US\" \/>\n<meta property=\"og:type\" content=\"article\" \/>\n<meta property=\"og:title\" content=\"COMBO S\u1ed0NG XANH: B\u1ed2N INOX T\u00c2N \u00c1 1000\u0110 + M\u00c1Y NLMT T\u00c2N \u00c1 GO 58-16 - T\u00e2n \u00c1 \u0110\u1ea1i Th\u00e0nh eShop\" \/>\n<meta property=\"og:description\" content=\"COMBO S\u1ed0NG XANH 1: B\u1ed2N INOX T\u00c2N \u00c1 1.000\u0110 + M\u00c1Y NLMT T\u00c2N \u00c1 GO 58-16 &#8211; Gi\u1ea3i ph\u00e1p th\u00f4ng\" \/>\n<meta property=\"og:url\" content=\"https:\/\/shop.tanadaithanh.vn\/en\/san-pham\/combo-song-xanh-bon-inox-tan-a-1000d-may-nlmt-tan-a-go-58-16\/\" \/>\n<meta property=\"og:site_name\" content=\"T\u00e2n \u00c1 \u0110\u1ea1i Th\u00e0nh eShop\" \/>\n<meta property=\"article:publisher\" content=\"https:\/\/www.facebook.com\/profile.php?id=61567171139919\" \/>\n<meta property=\"article:modified_time\" content=\"2026-04-17T04:09:45+00:00\" \/>\n<meta property=\"og:image\" content=\"https:\/\/shop.tanadaithanh.vn\/wp-content\/uploads\/2025\/12\/SX1-1024x1024.png\" \/>\n\t<meta property=\"og:image:width\" content=\"1024\" \/>\n\t<meta property=\"og:image:height\" content=\"1024\" \/>\n\t<meta property=\"og:image:type\" content=\"image\/png\" \/>\n<meta name=\"twitter:card\" content=\"summary_large_image\" \/>\n<meta name=\"twitter:label1\" content=\"Est. reading time\" \/>\n\t<meta name=\"twitter:data1\" content=\"4 minutes\" \/>\n<script type=\"application\/ld+json\" class=\"yoast-schema-graph\">{\"@context\":\"https:\/\/schema.org\",\"@graph\":[{\"@type\":\"WebPage\",\"@id\":\"https:\/\/shop.tanadaithanh.vn\/en\/san-pham\/combo-song-xanh-bon-inox-tan-a-1000d-may-nlmt-tan-a-go-58-16\/\",\"url\":\"https:\/\/shop.tanadaithanh.vn\/en\/san-pham\/combo-song-xanh-bon-inox-tan-a-1000d-may-nlmt-tan-a-go-58-16\/\",\"name\":\"COMBO S\u1ed0NG XANH: B\u1ed2N INOX T\u00c2N \u00c1 1000\u0110 + M\u00c1Y NLMT T\u00c2N \u00c1 GO 58-16 - T\u00e2n \u00c1 \u0110\u1ea1i Th\u00e0nh eShop\",\"isPartOf\":{\"@id\":\"https:\/\/shop.tanadaithanh.vn\/en\/#website\"},\"primaryImageOfPage\":{\"@id\":\"https:\/\/shop.tanadaithanh.vn\/en\/san-pham\/combo-song-xanh-bon-inox-tan-a-1000d-may-nlmt-tan-a-go-58-16\/#primaryimage\"},\"image\":{\"@id\":\"https:\/\/shop.tanadaithanh.vn\/en\/san-pham\/combo-song-xanh-bon-inox-tan-a-1000d-may-nlmt-tan-a-go-58-16\/#primaryimage\"},\"thumbnailUrl\":\"https:\/\/shop.tanadaithanh.vn\/wp-content\/uploads\/2025\/12\/SX1.png\",\"datePublished\":\"2025-12-01T08:10:03+00:00\",\"dateModified\":\"2026-04-17T04:09:45+00:00\",\"breadcrumb\":{\"@id\":\"https:\/\/shop.tanadaithanh.vn\/en\/san-pham\/combo-song-xanh-bon-inox-tan-a-1000d-may-nlmt-tan-a-go-58-16\/#breadcrumb\"},\"inLanguage\":\"en-US\",\"potentialAction\":[{\"@type\":\"ReadAction\",\"target\":[\"https:\/\/shop.tanadaithanh.vn\/en\/san-pham\/combo-song-xanh-bon-inox-tan-a-1000d-may-nlmt-tan-a-go-58-16\/\"]}]},{\"@type\":\"ImageObject\",\"inLanguage\":\"en-US\",\"@id\":\"https:\/\/shop.tanadaithanh.vn\/en\/san-pham\/combo-song-xanh-bon-inox-tan-a-1000d-may-nlmt-tan-a-go-58-16\/#primaryimage\",\"url\":\"https:\/\/shop.tanadaithanh.vn\/wp-content\/uploads\/2025\/12\/SX1.png\",\"contentUrl\":\"https:\/\/shop.tanadaithanh.vn\/wp-content\/uploads\/2025\/12\/SX1.png\",\"width\":2000,\"height\":2000},{\"@type\":\"BreadcrumbList\",\"@id\":\"https:\/\/shop.tanadaithanh.vn\/en\/san-pham\/combo-song-xanh-bon-inox-tan-a-1000d-may-nlmt-tan-a-go-58-16\/#breadcrumb\",\"itemListElement\":[{\"@type\":\"ListItem\",\"position\":1,\"name\":\"Trang ch\u1ee7\",\"item\":\"https:\/\/shop.tanadaithanh.vn\/en\/\"},{\"@type\":\"ListItem\",\"position\":2,\"name\":\"Shop\",\"item\":\"https:\/\/shop.tanadaithanh.vn\/cua-hang\/\"},{\"@type\":\"ListItem\",\"position\":3,\"name\":\"COMBO S\u1ed0NG XANH: B\u1ed2N INOX T\u00c2N \u00c1 1000\u0110 + M\u00c1Y NLMT T\u00c2N \u00c1 GO 58-16\"}]},{\"@type\":\"WebSite\",\"@id\":\"https:\/\/shop.tanadaithanh.vn\/en\/#website\",\"url\":\"https:\/\/shop.tanadaithanh.vn\/en\/\",\"name\":\"T\u00e2n \u00c1 \u0110\u1ea1i Th\u00e0nh eShop - Trang website b\u00e1n h\u00e0ng ch\u00ednh th\u1ee9c T\u1eadp \u0111o\u00e0n T\u00e2n \u00c1 \u0110\u1ea1i Th\u00e0nh\",\"description\":\"Website b\u00e1n h\u00e0ng tr\u1ef1c tuy\u1ebfn v\u1eadn h\u00e0nh b\u1edfi ch\u00ednh T\u00e2n \u00c1 \u0110\u1ea1i Th\u00e0nh\",\"publisher\":{\"@id\":\"https:\/\/shop.tanadaithanh.vn\/en\/#organization\"},\"potentialAction\":[{\"@type\":\"SearchAction\",\"target\":{\"@type\":\"EntryPoint\",\"urlTemplate\":\"https:\/\/shop.tanadaithanh.vn\/en\/?s={search_term_string}\"},\"query-input\":{\"@type\":\"PropertyValueSpecification\",\"valueRequired\":true,\"valueName\":\"search_term_string\"}}],\"inLanguage\":\"en-US\"},{\"@type\":\"Organization\",\"@id\":\"https:\/\/shop.tanadaithanh.vn\/en\/#organization\",\"name\":\"T\u00e2n \u00c1 \u0110\u1ea1i Th\u00e0nh eShop - Trang website b\u00e1n h\u00e0ng ch\u00ednh th\u1ee9c T\u1eadp \u0111o\u00e0n T\u00e2n \u00c1 \u0110\u1ea1i Th\u00e0nh\",\"url\":\"https:\/\/shop.tanadaithanh.vn\/en\/\",\"logo\":{\"@type\":\"ImageObject\",\"inLanguage\":\"en-US\",\"@id\":\"https:\/\/shop.tanadaithanh.vn\/en\/#\/schema\/logo\/image\/\",\"url\":\"https:\/\/shop.tanadaithanh.vn\/wp-content\/uploads\/2025\/06\/Logo-2.png\",\"contentUrl\":\"https:\/\/shop.tanadaithanh.vn\/wp-content\/uploads\/2025\/06\/Logo-2.png\",\"width\":2000,\"height\":2000,\"caption\":\"T\u00e2n \u00c1 \u0110\u1ea1i Th\u00e0nh eShop - Trang website b\u00e1n h\u00e0ng ch\u00ednh th\u1ee9c T\u1eadp \u0111o\u00e0n T\u00e2n \u00c1 \u0110\u1ea1i Th\u00e0nh\"},\"image\":{\"@id\":\"https:\/\/shop.tanadaithanh.vn\/en\/#\/schema\/logo\/image\/\"},\"sameAs\":[\"https:\/\/www.facebook.com\/profile.php?id=61567171139919\",\"https:\/\/zalo.me\/3915163699004948284\"]}]}<\/script>\n<!-- \/ Yoast SEO plugin. -->","yoast_head_json":{"title":"COMBO S\u1ed0NG XANH: B\u1ed2N INOX T\u00c2N \u00c1 1000\u0110 + M\u00c1Y NLMT T\u00c2N \u00c1 GO 58-16 - T\u00e2n \u00c1 \u0110\u1ea1i Th\u00e0nh eShop","robots":{"index":"index","follow":"follow","max-snippet":"max-snippet:-1","max-image-preview":"max-image-preview:large","max-video-preview":"max-video-preview:-1"},"canonical":"https:\/\/shop.tanadaithanh.vn\/en\/san-pham\/combo-song-xanh-bon-inox-tan-a-1000d-may-nlmt-tan-a-go-58-16\/","og_locale":"en_US","og_type":"article","og_title":"COMBO S\u1ed0NG XANH: B\u1ed2N INOX T\u00c2N \u00c1 1000\u0110 + M\u00c1Y NLMT T\u00c2N \u00c1 GO 58-16 - T\u00e2n \u00c1 \u0110\u1ea1i Th\u00e0nh eShop","og_description":"COMBO S\u1ed0NG XANH 1: B\u1ed2N INOX T\u00c2N \u00c1 1.000\u0110 + M\u00c1Y NLMT T\u00c2N \u00c1 GO 58-16 &#8211; Gi\u1ea3i ph\u00e1p th\u00f4ng","og_url":"https:\/\/shop.tanadaithanh.vn\/en\/san-pham\/combo-song-xanh-bon-inox-tan-a-1000d-may-nlmt-tan-a-go-58-16\/","og_site_name":"T\u00e2n \u00c1 \u0110\u1ea1i Th\u00e0nh eShop","article_publisher":"https:\/\/www.facebook.com\/profile.php?id=61567171139919","article_modified_time":"2026-04-17T04:09:45+00:00","og_image":[{"width":1024,"height":1024,"url":"https:\/\/shop.tanadaithanh.vn\/wp-content\/uploads\/2025\/12\/SX1-1024x1024.png","type":"image\/png"}],"twitter_card":"summary_large_image","twitter_misc":{"Est. reading time":"4 minutes"},"schema":{"@context":"https:\/\/schema.org","@graph":[{"@type":"WebPage","@id":"https:\/\/shop.tanadaithanh.vn\/en\/san-pham\/combo-song-xanh-bon-inox-tan-a-1000d-may-nlmt-tan-a-go-58-16\/","url":"https:\/\/shop.tanadaithanh.vn\/en\/san-pham\/combo-song-xanh-bon-inox-tan-a-1000d-may-nlmt-tan-a-go-58-16\/","name":"COMBO S\u1ed0NG XANH: B\u1ed2N INOX T\u00c2N \u00c1 1000\u0110 + M\u00c1Y NLMT T\u00c2N \u00c1 GO 58-16 - T\u00e2n \u00c1 \u0110\u1ea1i Th\u00e0nh eShop","isPartOf":{"@id":"https:\/\/shop.tanadaithanh.vn\/en\/#website"},"primaryImageOfPage":{"@id":"https:\/\/shop.tanadaithanh.vn\/en\/san-pham\/combo-song-xanh-bon-inox-tan-a-1000d-may-nlmt-tan-a-go-58-16\/#primaryimage"},"image":{"@id":"https:\/\/shop.tanadaithanh.vn\/en\/san-pham\/combo-song-xanh-bon-inox-tan-a-1000d-may-nlmt-tan-a-go-58-16\/#primaryimage"},"thumbnailUrl":"https:\/\/shop.tanadaithanh.vn\/wp-content\/uploads\/2025\/12\/SX1.png","datePublished":"2025-12-01T08:10:03+00:00","dateModified":"2026-04-17T04:09:45+00:00","breadcrumb":{"@id":"https:\/\/shop.tanadaithanh.vn\/en\/san-pham\/combo-song-xanh-bon-inox-tan-a-1000d-may-nlmt-tan-a-go-58-16\/#breadcrumb"},"inLanguage":"en-US","potentialAction":[{"@type":"ReadAction","target":["https:\/\/shop.tanadaithanh.vn\/en\/san-pham\/combo-song-xanh-bon-inox-tan-a-1000d-may-nlmt-tan-a-go-58-16\/"]}]},{"@type":"ImageObject","inLanguage":"en-US","@id":"https:\/\/shop.tanadaithanh.vn\/en\/san-pham\/combo-song-xanh-bon-inox-tan-a-1000d-may-nlmt-tan-a-go-58-16\/#primaryimage","url":"https:\/\/shop.tanadaithanh.vn\/wp-content\/uploads\/2025\/12\/SX1.png","contentUrl":"https:\/\/shop.tanadaithanh.vn\/wp-content\/uploads\/2025\/12\/SX1.png","width":2000,"height":2000},{"@type":"BreadcrumbList","@id":"https:\/\/shop.tanadaithanh.vn\/en\/san-pham\/combo-song-xanh-bon-inox-tan-a-1000d-may-nlmt-tan-a-go-58-16\/#breadcrumb","itemListElement":[{"@type":"ListItem","position":1,"name":"Trang ch\u1ee7","item":"https:\/\/shop.tanadaithanh.vn\/en\/"},{"@type":"ListItem","position":2,"name":"Shop","item":"https:\/\/shop.tanadaithanh.vn\/cua-hang\/"},{"@type":"ListItem","position":3,"name":"COMBO S\u1ed0NG XANH: B\u1ed2N INOX T\u00c2N \u00c1 1000\u0110 + M\u00c1Y NLMT T\u00c2N \u00c1 GO 58-16"}]},{"@type":"WebSite","@id":"https:\/\/shop.tanadaithanh.vn\/en\/#website","url":"https:\/\/shop.tanadaithanh.vn\/en\/","name":"T\u00e2n \u00c1 \u0110\u1ea1i Th\u00e0nh eShop - Trang website b\u00e1n h\u00e0ng ch\u00ednh th\u1ee9c T\u1eadp \u0111o\u00e0n T\u00e2n \u00c1 \u0110\u1ea1i Th\u00e0nh","description":"Website b\u00e1n h\u00e0ng tr\u1ef1c tuy\u1ebfn v\u1eadn h\u00e0nh b\u1edfi ch\u00ednh T\u00e2n \u00c1 \u0110\u1ea1i Th\u00e0nh","publisher":{"@id":"https:\/\/shop.tanadaithanh.vn\/en\/#organization"},"potentialAction":[{"@type":"SearchAction","target":{"@type":"EntryPoint","urlTemplate":"https:\/\/shop.tanadaithanh.vn\/en\/?s={search_term_string}"},"query-input":{"@type":"PropertyValueSpecification","valueRequired":true,"valueName":"search_term_string"}}],"inLanguage":"en-US"},{"@type":"Organization","@id":"https:\/\/shop.tanadaithanh.vn\/en\/#organization","name":"T\u00e2n \u00c1 \u0110\u1ea1i Th\u00e0nh eShop - Trang website b\u00e1n h\u00e0ng ch\u00ednh th\u1ee9c T\u1eadp \u0111o\u00e0n T\u00e2n \u00c1 \u0110\u1ea1i Th\u00e0nh","url":"https:\/\/shop.tanadaithanh.vn\/en\/","logo":{"@type":"ImageObject","inLanguage":"en-US","@id":"https:\/\/shop.tanadaithanh.vn\/en\/#\/schema\/logo\/image\/","url":"https:\/\/shop.tanadaithanh.vn\/wp-content\/uploads\/2025\/06\/Logo-2.png","contentUrl":"https:\/\/shop.tanadaithanh.vn\/wp-content\/uploads\/2025\/06\/Logo-2.png","width":2000,"height":2000,"caption":"T\u00e2n \u00c1 \u0110\u1ea1i Th\u00e0nh eShop - Trang website b\u00e1n h\u00e0ng ch\u00ednh th\u1ee9c T\u1eadp \u0111o\u00e0n T\u00e2n \u00c1 \u0110\u1ea1i Th\u00e0nh"},"image":{"@id":"https:\/\/shop.tanadaithanh.vn\/en\/#\/schema\/logo\/image\/"},"sameAs":["https:\/\/www.facebook.com\/profile.php?id=61567171139919","https:\/\/zalo.me\/3915163699004948284"]}]}},"_links":{"self":[{"href":"https:\/\/shop.tanadaithanh.vn\/en\/wp-json\/wp\/v2\/product\/29509","targetHints":{"allow":["GET"]}}],"collection":[{"href":"https:\/\/shop.tanadaithanh.vn\/en\/wp-json\/wp\/v2\/product"}],"about":[{"href":"https:\/\/shop.tanadaithanh.vn\/en\/wp-json\/wp\/v2\/types\/product"}],"replies":[{"embeddable":true,"href":"https:\/\/shop.tanadaithanh.vn\/en\/wp-json\/wp\/v2\/comments?post=29509"}],"version-history":[{"count":5,"href":"https:\/\/shop.tanadaithanh.vn\/en\/wp-json\/wp\/v2\/product\/29509\/revisions"}],"predecessor-version":[{"id":30946,"href":"https:\/\/shop.tanadaithanh.vn\/en\/wp-json\/wp\/v2\/product\/29509\/revisions\/30946"}],"wp:featuredmedia":[{"embeddable":true,"href":"https:\/\/shop.tanadaithanh.vn\/en\/wp-json\/wp\/v2\/media\/32612"}],"wp:attachment":[{"href":"https:\/\/shop.tanadaithanh.vn\/en\/wp-json\/wp\/v2\/media?parent=29509"}],"wp:term":[{"taxonomy":"region","embeddable":true,"href":"https:\/\/shop.tanadaithanh.vn\/en\/wp-json\/wp\/v2\/region?post=29509"},{"taxonomy":"product_brand","embeddable":true,"href":"https:\/\/shop.tanadaithanh.vn\/en\/wp-json\/wp\/v2\/product_brand?post=29509"},{"taxonomy":"product_cat","embeddable":true,"href":"https:\/\/shop.tanadaithanh.vn\/en\/wp-json\/wp\/v2\/product_cat?post=29509"},{"taxonomy":"product_tag","embeddable":true,"href":"https:\/\/shop.tanadaithanh.vn\/en\/wp-json\/wp\/v2\/product_tag?post=29509"}],"curies":[{"name":"wp","href":"https:\/\/api.w.org\/{rel}","templated":true}]}}