{"id":29063,"date":"2025-11-18T15:07:07","date_gmt":"2025-11-18T08:07:07","guid":{"rendered":"https:\/\/shop.tanadaithanh.vn\/?post_type=product&#038;p=29063"},"modified":"2025-11-20T10:35:34","modified_gmt":"2025-11-20T03:35:34","slug":"binh-nong-lanh-gian-tiep-rossi-touch-ngang-30-sl","status":"publish","type":"product","link":"https:\/\/shop.tanadaithanh.vn\/en\/san-pham\/binh-nong-lanh-gian-tiep-rossi-touch-ngang-30-sl\/","title":{"rendered":"B\u00ecnh n\u00f3ng l\u1ea1nh gi\u00e1n ti\u1ebfp Rossi Touch ngang 30 SL"},"content":{"rendered":"","protected":false},"excerpt":{"rendered":"<ul>\n<li>\u0110i\u1ec1u khi\u1ec3n Wifi th\u00f4ng minh, thao t\u00e1c qua \u1ee9ng d\u1ee5ng<\/li>\n<li>Thanh \u0111\u1ed1t si\u00eau b\u1ec1n v\u1edbi kh\u1ea3 n\u0103ng ch\u1ed1ng \u0103n m\u00f2n v\u01b0\u1ee3t tr\u1ed9i, duy tr\u00ec hi\u1ec7u su\u1ea5t gia nhi\u1ec7t cao<\/li>\n<li>C\u00f4ng ngh\u1ec7 kh\u00e1ng khu\u1ea9n AG+ \u0111\u1ea3m b\u1ea3o n\u01b0\u1edbc s\u1ea1ch cho m\u1ecdi l\u00e0n da<\/li>\n<li>Ru\u1ed9t b\u00ecnh tr\u00e1ng men Titan, ch\u1ed1ng \u0103n m\u00f2n v\u01b0\u1ee3t tr\u1ed9i, k\u00e9o d\u00e0i tu\u1ed5i th\u1ecd s\u1ea3n ph\u1ea9m<\/li>\n<li>Ti\u1ebft ki\u1ec7m \u0111i\u1ec7n: C\u00f4ng ngh\u1ec7 ti\u1ebft ki\u1ec7m \u0111i\u1ec7n th\u00f4ng minh, t\u1ed1i \u01b0u h\u00f3a n\u0103ng l\u01b0\u1ee3ng, lo\u1ea1i b\u1ecf ti\u00eau hao \u0111i\u1ec7n kh\u00f4ng c\u1ea7n thi\u1ebft<\/li>\n<li>An to\u00e0n \u0111a l\u1edbp: b\u1ea3o v\u1ec7 to\u00e0n di\u1ec7n, y\u00ean t\u00e2m cho ng\u01b0\u1eddi s\u1eed d\u1ee5ng<\/li>\n<\/ul>\n","protected":false},"featured_media":29188,"comment_status":"open","ping_status":"closed","template":"","meta":[],"region":[259,260],"product_brand":[1184],"product_cat":[191,1189],"product_tag":[1185,1186,1187,1190],"class_list":{"0":"post-29063","1":"product","2":"type-product","3":"status-publish","4":"has-post-thumbnail","6":"region-mien-bac","7":"region-mien-nam","8":"product_brand-rossi","9":"product_cat-binh-nuoc-nong-rossi","10":"product_cat-binh-nuoc-nong-rossi-touch","11":"product_tag-binh-nuoc-nong","12":"product_tag-binh-nuoc-nong-gian-tiep","13":"product_tag-binh-nuoc-nong-rossi","14":"product_tag-binh-nuoc-nong-rossi-touch","16":"first","17":"instock","18":"shipping-taxable","19":"product-type-simple"},"yoast_head":"<!-- This site is optimized with the Yoast SEO plugin v24.6 - https:\/\/yoast.com\/wordpress\/plugins\/seo\/ -->\n<title>B\u00ecnh n\u00f3ng l\u1ea1nh gi\u00e1n ti\u1ebfp Rossi Touch ngang 30 SL - T\u00e2n \u00c1 \u0110\u1ea1i Th\u00e0nh eShop<\/title>\n<meta name=\"robots\" content=\"index, follow, max-snippet:-1, max-image-preview:large, max-video-preview:-1\" \/>\n<link rel=\"canonical\" href=\"https:\/\/shop.tanadaithanh.vn\/en\/san-pham\/binh-nong-lanh-gian-tiep-rossi-touch-ngang-30-sl\/\" \/>\n<meta property=\"og:locale\" content=\"en_US\" \/>\n<meta property=\"og:type\" content=\"article\" \/>\n<meta property=\"og:title\" content=\"B\u00ecnh n\u00f3ng l\u1ea1nh gi\u00e1n ti\u1ebfp Rossi Touch ngang 30 SL - T\u00e2n \u00c1 \u0110\u1ea1i Th\u00e0nh eShop\" \/>\n<meta property=\"og:description\" content=\"\u0110i\u1ec1u khi\u1ec3n Wifi th\u00f4ng minh, thao t\u00e1c qua \u1ee9ng d\u1ee5ng  Thanh \u0111\u1ed1t si\u00eau b\u1ec1n v\u1edbi kh\u1ea3 n\u0103ng ch\u1ed1ng \u0103n m\u00f2n v\u01b0\u1ee3t tr\u1ed9i, duy tr\u00ec hi\u1ec7u su\u1ea5t gia nhi\u1ec7t cao  C\u00f4ng ngh\u1ec7 kh\u00e1ng khu\u1ea9n AG+ \u0111\u1ea3m b\u1ea3o n\u01b0\u1edbc s\u1ea1ch cho m\u1ecdi l\u00e0n da  Ru\u1ed9t b\u00ecnh tr\u00e1ng men Titan, ch\u1ed1ng \u0103n m\u00f2n v\u01b0\u1ee3t tr\u1ed9i, k\u00e9o d\u00e0i tu\u1ed5i th\u1ecd s\u1ea3n ph\u1ea9m  Ti\u1ebft ki\u1ec7m \u0111i\u1ec7n: C\u00f4ng ngh\u1ec7 ti\u1ebft ki\u1ec7m \u0111i\u1ec7n th\u00f4ng minh, t\u1ed1i \u01b0u h\u00f3a n\u0103ng l\u01b0\u1ee3ng, lo\u1ea1i b\u1ecf ti\u00eau hao \u0111i\u1ec7n kh\u00f4ng c\u1ea7n thi\u1ebft  An to\u00e0n \u0111a l\u1edbp: b\u1ea3o v\u1ec7 to\u00e0n di\u1ec7n, y\u00ean t\u00e2m cho ng\u01b0\u1eddi s\u1eed d\u1ee5ng\" \/>\n<meta property=\"og:url\" content=\"https:\/\/shop.tanadaithanh.vn\/en\/san-pham\/binh-nong-lanh-gian-tiep-rossi-touch-ngang-30-sl\/\" \/>\n<meta property=\"og:site_name\" content=\"T\u00e2n \u00c1 \u0110\u1ea1i Th\u00e0nh eShop\" \/>\n<meta property=\"article:publisher\" content=\"https:\/\/www.facebook.com\/profile.php?id=61567171139919\" \/>\n<meta property=\"article:modified_time\" content=\"2025-11-20T03:35:34+00:00\" \/>\n<meta property=\"og:image\" content=\"https:\/\/shop.tanadaithanh.vn\/wp-content\/uploads\/2025\/11\/Rossi-Touch-ngang.png\" \/>\n\t<meta property=\"og:image:width\" content=\"1200\" \/>\n\t<meta property=\"og:image:height\" content=\"1200\" \/>\n\t<meta property=\"og:image:type\" content=\"image\/png\" \/>\n<meta name=\"twitter:card\" content=\"summary_large_image\" \/>\n<meta name=\"twitter:label1\" content=\"Est. reading time\" \/>\n\t<meta name=\"twitter:data1\" content=\"1 minute\" \/>\n<script type=\"application\/ld+json\" class=\"yoast-schema-graph\">{\"@context\":\"https:\/\/schema.org\",\"@graph\":[{\"@type\":\"WebPage\",\"@id\":\"https:\/\/shop.tanadaithanh.vn\/en\/san-pham\/binh-nong-lanh-gian-tiep-rossi-touch-ngang-30-sl\/\",\"url\":\"https:\/\/shop.tanadaithanh.vn\/en\/san-pham\/binh-nong-lanh-gian-tiep-rossi-touch-ngang-30-sl\/\",\"name\":\"B\u00ecnh n\u00f3ng l\u1ea1nh gi\u00e1n ti\u1ebfp Rossi Touch ngang 30 SL - T\u00e2n \u00c1 \u0110\u1ea1i Th\u00e0nh eShop\",\"isPartOf\":{\"@id\":\"https:\/\/shop.tanadaithanh.vn\/en\/#website\"},\"primaryImageOfPage\":{\"@id\":\"https:\/\/shop.tanadaithanh.vn\/en\/san-pham\/binh-nong-lanh-gian-tiep-rossi-touch-ngang-30-sl\/#primaryimage\"},\"image\":{\"@id\":\"https:\/\/shop.tanadaithanh.vn\/en\/san-pham\/binh-nong-lanh-gian-tiep-rossi-touch-ngang-30-sl\/#primaryimage\"},\"thumbnailUrl\":\"https:\/\/shop.tanadaithanh.vn\/wp-content\/uploads\/2025\/11\/Rossi-Touch-ngang.png\",\"datePublished\":\"2025-11-18T08:07:07+00:00\",\"dateModified\":\"2025-11-20T03:35:34+00:00\",\"breadcrumb\":{\"@id\":\"https:\/\/shop.tanadaithanh.vn\/en\/san-pham\/binh-nong-lanh-gian-tiep-rossi-touch-ngang-30-sl\/#breadcrumb\"},\"inLanguage\":\"en-US\",\"potentialAction\":[{\"@type\":\"ReadAction\",\"target\":[\"https:\/\/shop.tanadaithanh.vn\/en\/san-pham\/binh-nong-lanh-gian-tiep-rossi-touch-ngang-30-sl\/\"]}]},{\"@type\":\"ImageObject\",\"inLanguage\":\"en-US\",\"@id\":\"https:\/\/shop.tanadaithanh.vn\/en\/san-pham\/binh-nong-lanh-gian-tiep-rossi-touch-ngang-30-sl\/#primaryimage\",\"url\":\"https:\/\/shop.tanadaithanh.vn\/wp-content\/uploads\/2025\/11\/Rossi-Touch-ngang.png\",\"contentUrl\":\"https:\/\/shop.tanadaithanh.vn\/wp-content\/uploads\/2025\/11\/Rossi-Touch-ngang.png\",\"width\":1200,\"height\":1200},{\"@type\":\"BreadcrumbList\",\"@id\":\"https:\/\/shop.tanadaithanh.vn\/en\/san-pham\/binh-nong-lanh-gian-tiep-rossi-touch-ngang-30-sl\/#breadcrumb\",\"itemListElement\":[{\"@type\":\"ListItem\",\"position\":1,\"name\":\"Trang ch\u1ee7\",\"item\":\"https:\/\/shop.tanadaithanh.vn\/en\/\"},{\"@type\":\"ListItem\",\"position\":2,\"name\":\"Shop\",\"item\":\"https:\/\/shop.tanadaithanh.vn\/cua-hang\/\"},{\"@type\":\"ListItem\",\"position\":3,\"name\":\"B\u00ecnh n\u00f3ng l\u1ea1nh gi\u00e1n ti\u1ebfp Rossi Touch ngang 30 SL\"}]},{\"@type\":\"WebSite\",\"@id\":\"https:\/\/shop.tanadaithanh.vn\/en\/#website\",\"url\":\"https:\/\/shop.tanadaithanh.vn\/en\/\",\"name\":\"T\u00e2n \u00c1 \u0110\u1ea1i Th\u00e0nh eShop - Trang website b\u00e1n h\u00e0ng ch\u00ednh th\u1ee9c T\u1eadp \u0111o\u00e0n T\u00e2n \u00c1 \u0110\u1ea1i Th\u00e0nh\",\"description\":\"Website b\u00e1n h\u00e0ng tr\u1ef1c tuy\u1ebfn v\u1eadn h\u00e0nh b\u1edfi ch\u00ednh T\u00e2n \u00c1 \u0110\u1ea1i Th\u00e0nh\",\"publisher\":{\"@id\":\"https:\/\/shop.tanadaithanh.vn\/en\/#organization\"},\"potentialAction\":[{\"@type\":\"SearchAction\",\"target\":{\"@type\":\"EntryPoint\",\"urlTemplate\":\"https:\/\/shop.tanadaithanh.vn\/en\/?s={search_term_string}\"},\"query-input\":{\"@type\":\"PropertyValueSpecification\",\"valueRequired\":true,\"valueName\":\"search_term_string\"}}],\"inLanguage\":\"en-US\"},{\"@type\":\"Organization\",\"@id\":\"https:\/\/shop.tanadaithanh.vn\/en\/#organization\",\"name\":\"T\u00e2n \u00c1 \u0110\u1ea1i Th\u00e0nh eShop - Trang website b\u00e1n h\u00e0ng ch\u00ednh th\u1ee9c T\u1eadp \u0111o\u00e0n T\u00e2n \u00c1 \u0110\u1ea1i Th\u00e0nh\",\"url\":\"https:\/\/shop.tanadaithanh.vn\/en\/\",\"logo\":{\"@type\":\"ImageObject\",\"inLanguage\":\"en-US\",\"@id\":\"https:\/\/shop.tanadaithanh.vn\/en\/#\/schema\/logo\/image\/\",\"url\":\"https:\/\/shop.tanadaithanh.vn\/wp-content\/uploads\/2025\/06\/Logo-2.png\",\"contentUrl\":\"https:\/\/shop.tanadaithanh.vn\/wp-content\/uploads\/2025\/06\/Logo-2.png\",\"width\":2000,\"height\":2000,\"caption\":\"T\u00e2n \u00c1 \u0110\u1ea1i Th\u00e0nh eShop - Trang website b\u00e1n h\u00e0ng ch\u00ednh th\u1ee9c T\u1eadp \u0111o\u00e0n T\u00e2n \u00c1 \u0110\u1ea1i Th\u00e0nh\"},\"image\":{\"@id\":\"https:\/\/shop.tanadaithanh.vn\/en\/#\/schema\/logo\/image\/\"},\"sameAs\":[\"https:\/\/www.facebook.com\/profile.php?id=61567171139919\",\"https:\/\/zalo.me\/3915163699004948284\"]}]}<\/script>\n<!-- \/ Yoast SEO plugin. -->","yoast_head_json":{"title":"B\u00ecnh n\u00f3ng l\u1ea1nh gi\u00e1n ti\u1ebfp Rossi Touch ngang 30 SL - T\u00e2n \u00c1 \u0110\u1ea1i Th\u00e0nh eShop","robots":{"index":"index","follow":"follow","max-snippet":"max-snippet:-1","max-image-preview":"max-image-preview:large","max-video-preview":"max-video-preview:-1"},"canonical":"https:\/\/shop.tanadaithanh.vn\/en\/san-pham\/binh-nong-lanh-gian-tiep-rossi-touch-ngang-30-sl\/","og_locale":"en_US","og_type":"article","og_title":"B\u00ecnh n\u00f3ng l\u1ea1nh gi\u00e1n ti\u1ebfp Rossi Touch ngang 30 SL - T\u00e2n \u00c1 \u0110\u1ea1i Th\u00e0nh eShop","og_description":"\u0110i\u1ec1u khi\u1ec3n Wifi th\u00f4ng minh, thao t\u00e1c qua \u1ee9ng d\u1ee5ng  Thanh \u0111\u1ed1t si\u00eau b\u1ec1n v\u1edbi kh\u1ea3 n\u0103ng ch\u1ed1ng \u0103n m\u00f2n v\u01b0\u1ee3t tr\u1ed9i, duy tr\u00ec hi\u1ec7u su\u1ea5t gia nhi\u1ec7t cao  C\u00f4ng ngh\u1ec7 kh\u00e1ng khu\u1ea9n AG+ \u0111\u1ea3m b\u1ea3o n\u01b0\u1edbc s\u1ea1ch cho m\u1ecdi l\u00e0n da  Ru\u1ed9t b\u00ecnh tr\u00e1ng men Titan, ch\u1ed1ng \u0103n m\u00f2n v\u01b0\u1ee3t tr\u1ed9i, k\u00e9o d\u00e0i tu\u1ed5i th\u1ecd s\u1ea3n ph\u1ea9m  Ti\u1ebft ki\u1ec7m \u0111i\u1ec7n: C\u00f4ng ngh\u1ec7 ti\u1ebft ki\u1ec7m \u0111i\u1ec7n th\u00f4ng minh, t\u1ed1i \u01b0u h\u00f3a n\u0103ng l\u01b0\u1ee3ng, lo\u1ea1i b\u1ecf ti\u00eau hao \u0111i\u1ec7n kh\u00f4ng c\u1ea7n thi\u1ebft  An to\u00e0n \u0111a l\u1edbp: b\u1ea3o v\u1ec7 to\u00e0n di\u1ec7n, y\u00ean t\u00e2m cho ng\u01b0\u1eddi s\u1eed d\u1ee5ng","og_url":"https:\/\/shop.tanadaithanh.vn\/en\/san-pham\/binh-nong-lanh-gian-tiep-rossi-touch-ngang-30-sl\/","og_site_name":"T\u00e2n \u00c1 \u0110\u1ea1i Th\u00e0nh eShop","article_publisher":"https:\/\/www.facebook.com\/profile.php?id=61567171139919","article_modified_time":"2025-11-20T03:35:34+00:00","og_image":[{"width":1200,"height":1200,"url":"https:\/\/shop.tanadaithanh.vn\/wp-content\/uploads\/2025\/11\/Rossi-Touch-ngang.png","type":"image\/png"}],"twitter_card":"summary_large_image","twitter_misc":{"Est. reading time":"1 minute"},"schema":{"@context":"https:\/\/schema.org","@graph":[{"@type":"WebPage","@id":"https:\/\/shop.tanadaithanh.vn\/en\/san-pham\/binh-nong-lanh-gian-tiep-rossi-touch-ngang-30-sl\/","url":"https:\/\/shop.tanadaithanh.vn\/en\/san-pham\/binh-nong-lanh-gian-tiep-rossi-touch-ngang-30-sl\/","name":"B\u00ecnh n\u00f3ng l\u1ea1nh gi\u00e1n ti\u1ebfp Rossi Touch ngang 30 SL - T\u00e2n \u00c1 \u0110\u1ea1i Th\u00e0nh eShop","isPartOf":{"@id":"https:\/\/shop.tanadaithanh.vn\/en\/#website"},"primaryImageOfPage":{"@id":"https:\/\/shop.tanadaithanh.vn\/en\/san-pham\/binh-nong-lanh-gian-tiep-rossi-touch-ngang-30-sl\/#primaryimage"},"image":{"@id":"https:\/\/shop.tanadaithanh.vn\/en\/san-pham\/binh-nong-lanh-gian-tiep-rossi-touch-ngang-30-sl\/#primaryimage"},"thumbnailUrl":"https:\/\/shop.tanadaithanh.vn\/wp-content\/uploads\/2025\/11\/Rossi-Touch-ngang.png","datePublished":"2025-11-18T08:07:07+00:00","dateModified":"2025-11-20T03:35:34+00:00","breadcrumb":{"@id":"https:\/\/shop.tanadaithanh.vn\/en\/san-pham\/binh-nong-lanh-gian-tiep-rossi-touch-ngang-30-sl\/#breadcrumb"},"inLanguage":"en-US","potentialAction":[{"@type":"ReadAction","target":["https:\/\/shop.tanadaithanh.vn\/en\/san-pham\/binh-nong-lanh-gian-tiep-rossi-touch-ngang-30-sl\/"]}]},{"@type":"ImageObject","inLanguage":"en-US","@id":"https:\/\/shop.tanadaithanh.vn\/en\/san-pham\/binh-nong-lanh-gian-tiep-rossi-touch-ngang-30-sl\/#primaryimage","url":"https:\/\/shop.tanadaithanh.vn\/wp-content\/uploads\/2025\/11\/Rossi-Touch-ngang.png","contentUrl":"https:\/\/shop.tanadaithanh.vn\/wp-content\/uploads\/2025\/11\/Rossi-Touch-ngang.png","width":1200,"height":1200},{"@type":"BreadcrumbList","@id":"https:\/\/shop.tanadaithanh.vn\/en\/san-pham\/binh-nong-lanh-gian-tiep-rossi-touch-ngang-30-sl\/#breadcrumb","itemListElement":[{"@type":"ListItem","position":1,"name":"Trang ch\u1ee7","item":"https:\/\/shop.tanadaithanh.vn\/en\/"},{"@type":"ListItem","position":2,"name":"Shop","item":"https:\/\/shop.tanadaithanh.vn\/cua-hang\/"},{"@type":"ListItem","position":3,"name":"B\u00ecnh n\u00f3ng l\u1ea1nh gi\u00e1n ti\u1ebfp Rossi Touch ngang 30 SL"}]},{"@type":"WebSite","@id":"https:\/\/shop.tanadaithanh.vn\/en\/#website","url":"https:\/\/shop.tanadaithanh.vn\/en\/","name":"T\u00e2n \u00c1 \u0110\u1ea1i Th\u00e0nh eShop - Trang website b\u00e1n h\u00e0ng ch\u00ednh th\u1ee9c T\u1eadp \u0111o\u00e0n T\u00e2n \u00c1 \u0110\u1ea1i Th\u00e0nh","description":"Website b\u00e1n h\u00e0ng tr\u1ef1c tuy\u1ebfn v\u1eadn h\u00e0nh b\u1edfi ch\u00ednh T\u00e2n \u00c1 \u0110\u1ea1i Th\u00e0nh","publisher":{"@id":"https:\/\/shop.tanadaithanh.vn\/en\/#organization"},"potentialAction":[{"@type":"SearchAction","target":{"@type":"EntryPoint","urlTemplate":"https:\/\/shop.tanadaithanh.vn\/en\/?s={search_term_string}"},"query-input":{"@type":"PropertyValueSpecification","valueRequired":true,"valueName":"search_term_string"}}],"inLanguage":"en-US"},{"@type":"Organization","@id":"https:\/\/shop.tanadaithanh.vn\/en\/#organization","name":"T\u00e2n \u00c1 \u0110\u1ea1i Th\u00e0nh eShop - Trang website b\u00e1n h\u00e0ng ch\u00ednh th\u1ee9c T\u1eadp \u0111o\u00e0n T\u00e2n \u00c1 \u0110\u1ea1i Th\u00e0nh","url":"https:\/\/shop.tanadaithanh.vn\/en\/","logo":{"@type":"ImageObject","inLanguage":"en-US","@id":"https:\/\/shop.tanadaithanh.vn\/en\/#\/schema\/logo\/image\/","url":"https:\/\/shop.tanadaithanh.vn\/wp-content\/uploads\/2025\/06\/Logo-2.png","contentUrl":"https:\/\/shop.tanadaithanh.vn\/wp-content\/uploads\/2025\/06\/Logo-2.png","width":2000,"height":2000,"caption":"T\u00e2n \u00c1 \u0110\u1ea1i Th\u00e0nh eShop - Trang website b\u00e1n h\u00e0ng ch\u00ednh th\u1ee9c T\u1eadp \u0111o\u00e0n T\u00e2n \u00c1 \u0110\u1ea1i Th\u00e0nh"},"image":{"@id":"https:\/\/shop.tanadaithanh.vn\/en\/#\/schema\/logo\/image\/"},"sameAs":["https:\/\/www.facebook.com\/profile.php?id=61567171139919","https:\/\/zalo.me\/3915163699004948284"]}]}},"_links":{"self":[{"href":"https:\/\/shop.tanadaithanh.vn\/en\/wp-json\/wp\/v2\/product\/29063","targetHints":{"allow":["GET"]}}],"collection":[{"href":"https:\/\/shop.tanadaithanh.vn\/en\/wp-json\/wp\/v2\/product"}],"about":[{"href":"https:\/\/shop.tanadaithanh.vn\/en\/wp-json\/wp\/v2\/types\/product"}],"replies":[{"embeddable":true,"href":"https:\/\/shop.tanadaithanh.vn\/en\/wp-json\/wp\/v2\/comments?post=29063"}],"version-history":[{"count":2,"href":"https:\/\/shop.tanadaithanh.vn\/en\/wp-json\/wp\/v2\/product\/29063\/revisions"}],"predecessor-version":[{"id":29076,"href":"https:\/\/shop.tanadaithanh.vn\/en\/wp-json\/wp\/v2\/product\/29063\/revisions\/29076"}],"wp:featuredmedia":[{"embeddable":true,"href":"https:\/\/shop.tanadaithanh.vn\/en\/wp-json\/wp\/v2\/media\/29188"}],"wp:attachment":[{"href":"https:\/\/shop.tanadaithanh.vn\/en\/wp-json\/wp\/v2\/media?parent=29063"}],"wp:term":[{"taxonomy":"region","embeddable":true,"href":"https:\/\/shop.tanadaithanh.vn\/en\/wp-json\/wp\/v2\/region?post=29063"},{"taxonomy":"product_brand","embeddable":true,"href":"https:\/\/shop.tanadaithanh.vn\/en\/wp-json\/wp\/v2\/product_brand?post=29063"},{"taxonomy":"product_cat","embeddable":true,"href":"https:\/\/shop.tanadaithanh.vn\/en\/wp-json\/wp\/v2\/product_cat?post=29063"},{"taxonomy":"product_tag","embeddable":true,"href":"https:\/\/shop.tanadaithanh.vn\/en\/wp-json\/wp\/v2\/product_tag?post=29063"}],"curies":[{"name":"wp","href":"https:\/\/api.w.org\/{rel}","templated":true}]}}