{"id":28888,"date":"2025-11-18T14:07:44","date_gmt":"2025-11-18T07:07:44","guid":{"rendered":"https:\/\/shop.tanadaithanh.vn\/?post_type=product&#038;p=28888"},"modified":"2025-11-20T10:37:36","modified_gmt":"2025-11-20T03:37:36","slug":"binh-nong-lanh-gian-tiep-rossi-vie-vuong-15-sq","status":"publish","type":"product","link":"https:\/\/shop.tanadaithanh.vn\/en\/san-pham\/binh-nong-lanh-gian-tiep-rossi-vie-vuong-15-sq\/","title":{"rendered":"B\u00ecnh n\u00f3ng l\u1ea1nh gi\u00e1n ti\u1ebfp Rossi Vie vu\u00f4ng 15 SQ"},"content":{"rendered":"","protected":false},"excerpt":{"rendered":"<ul>\n<li>Kh\u00e1ng khu\u1ea9n t\u1ed1i \u01b0u, n\u01b0\u1edbc s\u1ea1ch an to\u00e0n nh\u1edd c\u00f4ng ngh\u1ec7 Ag+ di\u1ec7t khu\u1ea9n hi\u1ec7u qu\u1ea3<\/li>\n<li>Ru\u1ed9t b\u00ecnh tr\u00e1ng men Titan c\u00f4ng ngh\u1ec7 ch\u00e2u \u00c2u, ch\u1ed1ng \u0103n m\u00f2n v\u01b0\u1ee3t tr\u1ed9i<\/li>\n<li>C\u00f4ng ngh\u1ec7 t\u1ed1i \u01b0u h\u00f3a d\u00f2ng n\u01b0\u1edbc, gi\u1ea3m n\u0103ng l\u01b0\u1ee3ng ti\u00eau th\u1ee5<\/li>\n<li>H\u1ec7 th\u1ed1ng b\u1ea3o v\u1ec7 t\u1ef1 \u0111\u1ed9ng \u0111a l\u1edbp, ki\u1ec3m so\u00e1t li\u00ean t\u1ee5c<\/li>\n<li>L\u1edbp gi\u1eef nhi\u1ec7t c\u00f3 \u0111\u1ed9 d\u00e0y v\u01b0\u1ee3t tr\u1ed9i v\u00e0 m\u1eadt \u0111\u1ed9 cao, gi\u1eef nhi\u1ec7t n\u01b0\u1edbc l\u00e2u h\u01a1n, t\u1edbi 72h<\/li>\n<li>Ti\u00eau chu\u1ea9n ch\u1ed1ng n\u01b0\u1edbc, ch\u1ed1ng b\u1ee5i IP24 \u0111\u1ea3m b\u1ea3o thi\u1ebft b\u1ecb ho\u1ea1t \u0111\u1ed9ng b\u1ec1n b\u1ec9, an to\u00e0n<\/li>\n<\/ul>\n","protected":false},"featured_media":29194,"comment_status":"open","ping_status":"closed","template":"","meta":[],"region":[259,260],"product_brand":[1184],"product_cat":[191,1169],"product_tag":[1185,1186,1187,1188],"class_list":{"0":"post-28888","1":"product","2":"type-product","3":"status-publish","4":"has-post-thumbnail","6":"region-mien-bac","7":"region-mien-nam","8":"product_brand-rossi","9":"product_cat-binh-nuoc-nong-rossi","10":"product_cat-binh-nuoc-nong-rossi-vie","11":"product_tag-binh-nuoc-nong","12":"product_tag-binh-nuoc-nong-gian-tiep","13":"product_tag-binh-nuoc-nong-rossi","14":"product_tag-binh-nuoc-nong-rossi-vie","16":"first","17":"instock","18":"shipping-taxable","19":"product-type-simple"},"yoast_head":"<!-- This site is optimized with the Yoast SEO plugin v24.6 - https:\/\/yoast.com\/wordpress\/plugins\/seo\/ -->\n<title>B\u00ecnh n\u00f3ng l\u1ea1nh gi\u00e1n ti\u1ebfp Rossi Vie vu\u00f4ng 15 SQ - T\u00e2n \u00c1 \u0110\u1ea1i Th\u00e0nh eShop<\/title>\n<meta name=\"robots\" content=\"index, follow, max-snippet:-1, max-image-preview:large, max-video-preview:-1\" \/>\n<link rel=\"canonical\" href=\"https:\/\/shop.tanadaithanh.vn\/en\/san-pham\/binh-nong-lanh-gian-tiep-rossi-vie-vuong-15-sq\/\" \/>\n<meta property=\"og:locale\" content=\"en_US\" \/>\n<meta property=\"og:type\" content=\"article\" \/>\n<meta property=\"og:title\" content=\"B\u00ecnh n\u00f3ng l\u1ea1nh gi\u00e1n ti\u1ebfp Rossi Vie vu\u00f4ng 15 SQ - T\u00e2n \u00c1 \u0110\u1ea1i Th\u00e0nh eShop\" \/>\n<meta property=\"og:description\" content=\"Kh\u00e1ng khu\u1ea9n t\u1ed1i \u01b0u, n\u01b0\u1edbc s\u1ea1ch an to\u00e0n nh\u1edd c\u00f4ng ngh\u1ec7 Ag+ di\u1ec7t khu\u1ea9n hi\u1ec7u qu\u1ea3  Ru\u1ed9t b\u00ecnh tr\u00e1ng men Titan c\u00f4ng ngh\u1ec7 ch\u00e2u \u00c2u, ch\u1ed1ng \u0103n m\u00f2n v\u01b0\u1ee3t tr\u1ed9i  C\u00f4ng ngh\u1ec7 t\u1ed1i \u01b0u h\u00f3a d\u00f2ng n\u01b0\u1edbc, gi\u1ea3m n\u0103ng l\u01b0\u1ee3ng ti\u00eau th\u1ee5  H\u1ec7 th\u1ed1ng b\u1ea3o v\u1ec7 t\u1ef1 \u0111\u1ed9ng \u0111a l\u1edbp, ki\u1ec3m so\u00e1t li\u00ean t\u1ee5c  L\u1edbp gi\u1eef nhi\u1ec7t c\u00f3 \u0111\u1ed9 d\u00e0y v\u01b0\u1ee3t tr\u1ed9i v\u00e0 m\u1eadt \u0111\u1ed9 cao, gi\u1eef nhi\u1ec7t n\u01b0\u1edbc l\u00e2u h\u01a1n, t\u1edbi 72h  Ti\u00eau chu\u1ea9n ch\u1ed1ng n\u01b0\u1edbc, ch\u1ed1ng b\u1ee5i IP24 \u0111\u1ea3m b\u1ea3o thi\u1ebft b\u1ecb ho\u1ea1t \u0111\u1ed9ng b\u1ec1n b\u1ec9, an to\u00e0n\" \/>\n<meta property=\"og:url\" content=\"https:\/\/shop.tanadaithanh.vn\/en\/san-pham\/binh-nong-lanh-gian-tiep-rossi-vie-vuong-15-sq\/\" \/>\n<meta property=\"og:site_name\" content=\"T\u00e2n \u00c1 \u0110\u1ea1i Th\u00e0nh eShop\" \/>\n<meta property=\"article:publisher\" content=\"https:\/\/www.facebook.com\/profile.php?id=61567171139919\" \/>\n<meta property=\"article:modified_time\" content=\"2025-11-20T03:37:36+00:00\" \/>\n<meta property=\"og:image\" content=\"https:\/\/shop.tanadaithanh.vn\/wp-content\/uploads\/2025\/11\/Rossi-Vie-vuong.png\" \/>\n\t<meta property=\"og:image:width\" content=\"1200\" \/>\n\t<meta property=\"og:image:height\" content=\"1200\" \/>\n\t<meta property=\"og:image:type\" content=\"image\/png\" \/>\n<meta name=\"twitter:card\" content=\"summary_large_image\" \/>\n<meta name=\"twitter:label1\" content=\"Est. reading time\" \/>\n\t<meta name=\"twitter:data1\" content=\"1 minute\" \/>\n<script type=\"application\/ld+json\" class=\"yoast-schema-graph\">{\"@context\":\"https:\/\/schema.org\",\"@graph\":[{\"@type\":\"WebPage\",\"@id\":\"https:\/\/shop.tanadaithanh.vn\/en\/san-pham\/binh-nong-lanh-gian-tiep-rossi-vie-vuong-15-sq\/\",\"url\":\"https:\/\/shop.tanadaithanh.vn\/en\/san-pham\/binh-nong-lanh-gian-tiep-rossi-vie-vuong-15-sq\/\",\"name\":\"B\u00ecnh n\u00f3ng l\u1ea1nh gi\u00e1n ti\u1ebfp Rossi Vie vu\u00f4ng 15 SQ - T\u00e2n \u00c1 \u0110\u1ea1i Th\u00e0nh eShop\",\"isPartOf\":{\"@id\":\"https:\/\/shop.tanadaithanh.vn\/en\/#website\"},\"primaryImageOfPage\":{\"@id\":\"https:\/\/shop.tanadaithanh.vn\/en\/san-pham\/binh-nong-lanh-gian-tiep-rossi-vie-vuong-15-sq\/#primaryimage\"},\"image\":{\"@id\":\"https:\/\/shop.tanadaithanh.vn\/en\/san-pham\/binh-nong-lanh-gian-tiep-rossi-vie-vuong-15-sq\/#primaryimage\"},\"thumbnailUrl\":\"https:\/\/shop.tanadaithanh.vn\/wp-content\/uploads\/2025\/11\/Rossi-Vie-vuong.png\",\"datePublished\":\"2025-11-18T07:07:44+00:00\",\"dateModified\":\"2025-11-20T03:37:36+00:00\",\"breadcrumb\":{\"@id\":\"https:\/\/shop.tanadaithanh.vn\/en\/san-pham\/binh-nong-lanh-gian-tiep-rossi-vie-vuong-15-sq\/#breadcrumb\"},\"inLanguage\":\"en-US\",\"potentialAction\":[{\"@type\":\"ReadAction\",\"target\":[\"https:\/\/shop.tanadaithanh.vn\/en\/san-pham\/binh-nong-lanh-gian-tiep-rossi-vie-vuong-15-sq\/\"]}]},{\"@type\":\"ImageObject\",\"inLanguage\":\"en-US\",\"@id\":\"https:\/\/shop.tanadaithanh.vn\/en\/san-pham\/binh-nong-lanh-gian-tiep-rossi-vie-vuong-15-sq\/#primaryimage\",\"url\":\"https:\/\/shop.tanadaithanh.vn\/wp-content\/uploads\/2025\/11\/Rossi-Vie-vuong.png\",\"contentUrl\":\"https:\/\/shop.tanadaithanh.vn\/wp-content\/uploads\/2025\/11\/Rossi-Vie-vuong.png\",\"width\":1200,\"height\":1200},{\"@type\":\"BreadcrumbList\",\"@id\":\"https:\/\/shop.tanadaithanh.vn\/en\/san-pham\/binh-nong-lanh-gian-tiep-rossi-vie-vuong-15-sq\/#breadcrumb\",\"itemListElement\":[{\"@type\":\"ListItem\",\"position\":1,\"name\":\"Trang ch\u1ee7\",\"item\":\"https:\/\/shop.tanadaithanh.vn\/en\/\"},{\"@type\":\"ListItem\",\"position\":2,\"name\":\"Shop\",\"item\":\"https:\/\/shop.tanadaithanh.vn\/cua-hang\/\"},{\"@type\":\"ListItem\",\"position\":3,\"name\":\"B\u00ecnh n\u00f3ng l\u1ea1nh gi\u00e1n ti\u1ebfp Rossi Vie vu\u00f4ng 15 SQ\"}]},{\"@type\":\"WebSite\",\"@id\":\"https:\/\/shop.tanadaithanh.vn\/en\/#website\",\"url\":\"https:\/\/shop.tanadaithanh.vn\/en\/\",\"name\":\"T\u00e2n \u00c1 \u0110\u1ea1i Th\u00e0nh eShop - Trang website b\u00e1n h\u00e0ng ch\u00ednh th\u1ee9c T\u1eadp \u0111o\u00e0n T\u00e2n \u00c1 \u0110\u1ea1i Th\u00e0nh\",\"description\":\"Website b\u00e1n h\u00e0ng tr\u1ef1c tuy\u1ebfn v\u1eadn h\u00e0nh b\u1edfi ch\u00ednh T\u00e2n \u00c1 \u0110\u1ea1i Th\u00e0nh\",\"publisher\":{\"@id\":\"https:\/\/shop.tanadaithanh.vn\/en\/#organization\"},\"potentialAction\":[{\"@type\":\"SearchAction\",\"target\":{\"@type\":\"EntryPoint\",\"urlTemplate\":\"https:\/\/shop.tanadaithanh.vn\/en\/?s={search_term_string}\"},\"query-input\":{\"@type\":\"PropertyValueSpecification\",\"valueRequired\":true,\"valueName\":\"search_term_string\"}}],\"inLanguage\":\"en-US\"},{\"@type\":\"Organization\",\"@id\":\"https:\/\/shop.tanadaithanh.vn\/en\/#organization\",\"name\":\"T\u00e2n \u00c1 \u0110\u1ea1i Th\u00e0nh eShop - Trang website b\u00e1n h\u00e0ng ch\u00ednh th\u1ee9c T\u1eadp \u0111o\u00e0n T\u00e2n \u00c1 \u0110\u1ea1i Th\u00e0nh\",\"url\":\"https:\/\/shop.tanadaithanh.vn\/en\/\",\"logo\":{\"@type\":\"ImageObject\",\"inLanguage\":\"en-US\",\"@id\":\"https:\/\/shop.tanadaithanh.vn\/en\/#\/schema\/logo\/image\/\",\"url\":\"https:\/\/shop.tanadaithanh.vn\/wp-content\/uploads\/2025\/06\/Logo-2.png\",\"contentUrl\":\"https:\/\/shop.tanadaithanh.vn\/wp-content\/uploads\/2025\/06\/Logo-2.png\",\"width\":2000,\"height\":2000,\"caption\":\"T\u00e2n \u00c1 \u0110\u1ea1i Th\u00e0nh eShop - Trang website b\u00e1n h\u00e0ng ch\u00ednh th\u1ee9c T\u1eadp \u0111o\u00e0n T\u00e2n \u00c1 \u0110\u1ea1i Th\u00e0nh\"},\"image\":{\"@id\":\"https:\/\/shop.tanadaithanh.vn\/en\/#\/schema\/logo\/image\/\"},\"sameAs\":[\"https:\/\/www.facebook.com\/profile.php?id=61567171139919\",\"https:\/\/zalo.me\/3915163699004948284\"]}]}<\/script>\n<!-- \/ Yoast SEO plugin. -->","yoast_head_json":{"title":"B\u00ecnh n\u00f3ng l\u1ea1nh gi\u00e1n ti\u1ebfp Rossi Vie vu\u00f4ng 15 SQ - T\u00e2n \u00c1 \u0110\u1ea1i Th\u00e0nh eShop","robots":{"index":"index","follow":"follow","max-snippet":"max-snippet:-1","max-image-preview":"max-image-preview:large","max-video-preview":"max-video-preview:-1"},"canonical":"https:\/\/shop.tanadaithanh.vn\/en\/san-pham\/binh-nong-lanh-gian-tiep-rossi-vie-vuong-15-sq\/","og_locale":"en_US","og_type":"article","og_title":"B\u00ecnh n\u00f3ng l\u1ea1nh gi\u00e1n ti\u1ebfp Rossi Vie vu\u00f4ng 15 SQ - T\u00e2n \u00c1 \u0110\u1ea1i Th\u00e0nh eShop","og_description":"Kh\u00e1ng khu\u1ea9n t\u1ed1i \u01b0u, n\u01b0\u1edbc s\u1ea1ch an to\u00e0n nh\u1edd c\u00f4ng ngh\u1ec7 Ag+ di\u1ec7t khu\u1ea9n hi\u1ec7u qu\u1ea3  Ru\u1ed9t b\u00ecnh tr\u00e1ng men Titan c\u00f4ng ngh\u1ec7 ch\u00e2u \u00c2u, ch\u1ed1ng \u0103n m\u00f2n v\u01b0\u1ee3t tr\u1ed9i  C\u00f4ng ngh\u1ec7 t\u1ed1i \u01b0u h\u00f3a d\u00f2ng n\u01b0\u1edbc, gi\u1ea3m n\u0103ng l\u01b0\u1ee3ng ti\u00eau th\u1ee5  H\u1ec7 th\u1ed1ng b\u1ea3o v\u1ec7 t\u1ef1 \u0111\u1ed9ng \u0111a l\u1edbp, ki\u1ec3m so\u00e1t li\u00ean t\u1ee5c  L\u1edbp gi\u1eef nhi\u1ec7t c\u00f3 \u0111\u1ed9 d\u00e0y v\u01b0\u1ee3t tr\u1ed9i v\u00e0 m\u1eadt \u0111\u1ed9 cao, gi\u1eef nhi\u1ec7t n\u01b0\u1edbc l\u00e2u h\u01a1n, t\u1edbi 72h  Ti\u00eau chu\u1ea9n ch\u1ed1ng n\u01b0\u1edbc, ch\u1ed1ng b\u1ee5i IP24 \u0111\u1ea3m b\u1ea3o thi\u1ebft b\u1ecb ho\u1ea1t \u0111\u1ed9ng b\u1ec1n b\u1ec9, an to\u00e0n","og_url":"https:\/\/shop.tanadaithanh.vn\/en\/san-pham\/binh-nong-lanh-gian-tiep-rossi-vie-vuong-15-sq\/","og_site_name":"T\u00e2n \u00c1 \u0110\u1ea1i Th\u00e0nh eShop","article_publisher":"https:\/\/www.facebook.com\/profile.php?id=61567171139919","article_modified_time":"2025-11-20T03:37:36+00:00","og_image":[{"width":1200,"height":1200,"url":"https:\/\/shop.tanadaithanh.vn\/wp-content\/uploads\/2025\/11\/Rossi-Vie-vuong.png","type":"image\/png"}],"twitter_card":"summary_large_image","twitter_misc":{"Est. reading time":"1 minute"},"schema":{"@context":"https:\/\/schema.org","@graph":[{"@type":"WebPage","@id":"https:\/\/shop.tanadaithanh.vn\/en\/san-pham\/binh-nong-lanh-gian-tiep-rossi-vie-vuong-15-sq\/","url":"https:\/\/shop.tanadaithanh.vn\/en\/san-pham\/binh-nong-lanh-gian-tiep-rossi-vie-vuong-15-sq\/","name":"B\u00ecnh n\u00f3ng l\u1ea1nh gi\u00e1n ti\u1ebfp Rossi Vie vu\u00f4ng 15 SQ - T\u00e2n \u00c1 \u0110\u1ea1i Th\u00e0nh eShop","isPartOf":{"@id":"https:\/\/shop.tanadaithanh.vn\/en\/#website"},"primaryImageOfPage":{"@id":"https:\/\/shop.tanadaithanh.vn\/en\/san-pham\/binh-nong-lanh-gian-tiep-rossi-vie-vuong-15-sq\/#primaryimage"},"image":{"@id":"https:\/\/shop.tanadaithanh.vn\/en\/san-pham\/binh-nong-lanh-gian-tiep-rossi-vie-vuong-15-sq\/#primaryimage"},"thumbnailUrl":"https:\/\/shop.tanadaithanh.vn\/wp-content\/uploads\/2025\/11\/Rossi-Vie-vuong.png","datePublished":"2025-11-18T07:07:44+00:00","dateModified":"2025-11-20T03:37:36+00:00","breadcrumb":{"@id":"https:\/\/shop.tanadaithanh.vn\/en\/san-pham\/binh-nong-lanh-gian-tiep-rossi-vie-vuong-15-sq\/#breadcrumb"},"inLanguage":"en-US","potentialAction":[{"@type":"ReadAction","target":["https:\/\/shop.tanadaithanh.vn\/en\/san-pham\/binh-nong-lanh-gian-tiep-rossi-vie-vuong-15-sq\/"]}]},{"@type":"ImageObject","inLanguage":"en-US","@id":"https:\/\/shop.tanadaithanh.vn\/en\/san-pham\/binh-nong-lanh-gian-tiep-rossi-vie-vuong-15-sq\/#primaryimage","url":"https:\/\/shop.tanadaithanh.vn\/wp-content\/uploads\/2025\/11\/Rossi-Vie-vuong.png","contentUrl":"https:\/\/shop.tanadaithanh.vn\/wp-content\/uploads\/2025\/11\/Rossi-Vie-vuong.png","width":1200,"height":1200},{"@type":"BreadcrumbList","@id":"https:\/\/shop.tanadaithanh.vn\/en\/san-pham\/binh-nong-lanh-gian-tiep-rossi-vie-vuong-15-sq\/#breadcrumb","itemListElement":[{"@type":"ListItem","position":1,"name":"Trang ch\u1ee7","item":"https:\/\/shop.tanadaithanh.vn\/en\/"},{"@type":"ListItem","position":2,"name":"Shop","item":"https:\/\/shop.tanadaithanh.vn\/cua-hang\/"},{"@type":"ListItem","position":3,"name":"B\u00ecnh n\u00f3ng l\u1ea1nh gi\u00e1n ti\u1ebfp Rossi Vie vu\u00f4ng 15 SQ"}]},{"@type":"WebSite","@id":"https:\/\/shop.tanadaithanh.vn\/en\/#website","url":"https:\/\/shop.tanadaithanh.vn\/en\/","name":"T\u00e2n \u00c1 \u0110\u1ea1i Th\u00e0nh eShop - Trang website b\u00e1n h\u00e0ng ch\u00ednh th\u1ee9c T\u1eadp \u0111o\u00e0n T\u00e2n \u00c1 \u0110\u1ea1i Th\u00e0nh","description":"Website b\u00e1n h\u00e0ng tr\u1ef1c tuy\u1ebfn v\u1eadn h\u00e0nh b\u1edfi ch\u00ednh T\u00e2n \u00c1 \u0110\u1ea1i Th\u00e0nh","publisher":{"@id":"https:\/\/shop.tanadaithanh.vn\/en\/#organization"},"potentialAction":[{"@type":"SearchAction","target":{"@type":"EntryPoint","urlTemplate":"https:\/\/shop.tanadaithanh.vn\/en\/?s={search_term_string}"},"query-input":{"@type":"PropertyValueSpecification","valueRequired":true,"valueName":"search_term_string"}}],"inLanguage":"en-US"},{"@type":"Organization","@id":"https:\/\/shop.tanadaithanh.vn\/en\/#organization","name":"T\u00e2n \u00c1 \u0110\u1ea1i Th\u00e0nh eShop - Trang website b\u00e1n h\u00e0ng ch\u00ednh th\u1ee9c T\u1eadp \u0111o\u00e0n T\u00e2n \u00c1 \u0110\u1ea1i Th\u00e0nh","url":"https:\/\/shop.tanadaithanh.vn\/en\/","logo":{"@type":"ImageObject","inLanguage":"en-US","@id":"https:\/\/shop.tanadaithanh.vn\/en\/#\/schema\/logo\/image\/","url":"https:\/\/shop.tanadaithanh.vn\/wp-content\/uploads\/2025\/06\/Logo-2.png","contentUrl":"https:\/\/shop.tanadaithanh.vn\/wp-content\/uploads\/2025\/06\/Logo-2.png","width":2000,"height":2000,"caption":"T\u00e2n \u00c1 \u0110\u1ea1i Th\u00e0nh eShop - Trang website b\u00e1n h\u00e0ng ch\u00ednh th\u1ee9c T\u1eadp \u0111o\u00e0n T\u00e2n \u00c1 \u0110\u1ea1i Th\u00e0nh"},"image":{"@id":"https:\/\/shop.tanadaithanh.vn\/en\/#\/schema\/logo\/image\/"},"sameAs":["https:\/\/www.facebook.com\/profile.php?id=61567171139919","https:\/\/zalo.me\/3915163699004948284"]}]}},"_links":{"self":[{"href":"https:\/\/shop.tanadaithanh.vn\/en\/wp-json\/wp\/v2\/product\/28888","targetHints":{"allow":["GET"]}}],"collection":[{"href":"https:\/\/shop.tanadaithanh.vn\/en\/wp-json\/wp\/v2\/product"}],"about":[{"href":"https:\/\/shop.tanadaithanh.vn\/en\/wp-json\/wp\/v2\/types\/product"}],"replies":[{"embeddable":true,"href":"https:\/\/shop.tanadaithanh.vn\/en\/wp-json\/wp\/v2\/comments?post=28888"}],"version-history":[{"count":2,"href":"https:\/\/shop.tanadaithanh.vn\/en\/wp-json\/wp\/v2\/product\/28888\/revisions"}],"predecessor-version":[{"id":29044,"href":"https:\/\/shop.tanadaithanh.vn\/en\/wp-json\/wp\/v2\/product\/28888\/revisions\/29044"}],"wp:featuredmedia":[{"embeddable":true,"href":"https:\/\/shop.tanadaithanh.vn\/en\/wp-json\/wp\/v2\/media\/29194"}],"wp:attachment":[{"href":"https:\/\/shop.tanadaithanh.vn\/en\/wp-json\/wp\/v2\/media?parent=28888"}],"wp:term":[{"taxonomy":"region","embeddable":true,"href":"https:\/\/shop.tanadaithanh.vn\/en\/wp-json\/wp\/v2\/region?post=28888"},{"taxonomy":"product_brand","embeddable":true,"href":"https:\/\/shop.tanadaithanh.vn\/en\/wp-json\/wp\/v2\/product_brand?post=28888"},{"taxonomy":"product_cat","embeddable":true,"href":"https:\/\/shop.tanadaithanh.vn\/en\/wp-json\/wp\/v2\/product_cat?post=28888"},{"taxonomy":"product_tag","embeddable":true,"href":"https:\/\/shop.tanadaithanh.vn\/en\/wp-json\/wp\/v2\/product_tag?post=28888"}],"curies":[{"name":"wp","href":"https:\/\/api.w.org\/{rel}","templated":true}]}}