{"id":28850,"date":"2025-11-12T09:21:00","date_gmt":"2025-11-12T02:21:00","guid":{"rendered":"https:\/\/shop.tanadaithanh.vn\/?post_type=product&#038;p=28850"},"modified":"2026-02-03T14:13:58","modified_gmt":"2026-02-03T07:13:58","slug":"chau-rua-wonang-premium-wpd08747","status":"publish","type":"product","link":"https:\/\/shop.tanadaithanh.vn\/en\/san-pham\/chau-rua-wonang-premium-wpd08747\/","title":{"rendered":"Ch\u1eadu r\u1eeda Wonang Premium WPD08747"},"content":{"rendered":"<p>Thu\u1ed9c ph\u00e2n kh\u00fac cao c\u1ea5p c\u1ee7a d\u00f2ng ch\u1eadu r\u1eeda Wonang, Wonang Premium WPD08747 \u0111<span style=\"font-weight: 400;\">\u01b0\u1ee3c ch\u1ebf t\u1ea1o t\u1eeb th\u00e9p kh\u00f4ng g\u1ec9 POSCO 304 cao c\u1ea5p c\u00f3 \u0111\u1ed9 b\u1ec1n cao, ch\u1ed1ng \u0103n m\u00f2n, s\u00e1ng b\u00f3ng sang tr\u1ecdng k\u1ebft h\u1ee3p c\u00f9ng thi\u1ebft k\u1ebf hi\u1ec7n \u0111\u1ea1i, t\u1ec9 m\u1ec9 trong t\u1eebng \u0111\u01b0\u1eddng n\u00e9t.\u00a0<\/span><\/p>\n<h2><b>Th\u00f4ng s\u1ed1 k\u1ef9 thu\u1eadt ch\u1eadu r\u1eeda Wonang Premium WPD08747<\/b><\/h2>\n<table>\n<tbody>\n<tr>\n<td><strong>T\u00ean s\u1ea3n ph\u1ea9m<\/strong><\/td>\n<td><span style=\"font-weight: 400;\">Ch\u1eadu r\u1eeda Wonang Premium WPD08747<\/span><\/td>\n<\/tr>\n<tr>\n<td><strong>M\u00e3 s\u1ea3n ph\u1ea9m<\/strong><\/td>\n<td><span style=\"font-weight: 400;\">WPD08747<\/span><\/td>\n<\/tr>\n<tr>\n<td><strong>Ki\u1ec3u ch\u1eadu<\/strong><\/td>\n<td><span style=\"font-weight: 400;\">Ch\u1eadu r\u1eeda 2 h\u1ed1<\/span><\/td>\n<\/tr>\n<tr>\n<td><strong>Ch\u1ea5t li\u1ec7u<\/strong><\/td>\n<td><span style=\"font-weight: 400;\">Th\u00e9p kh\u00f4ng g\u1ec9 POSCO 304<\/span><\/td>\n<\/tr>\n<tr>\n<td><strong>K\u00edch th\u01b0\u1edbc (D\u00e0i x r\u1ed9ng x s\u00e2u)<\/strong><\/td>\n<td><span style=\"font-weight: 400;\">870 x 475 x 210 mm<\/span><\/td>\n<\/tr>\n<tr>\n<td><strong>\u0110\u1ed9 d\u00e0y<\/strong><\/td>\n<td><span style=\"font-weight: 400;\">0.9 mm<\/span><\/td>\n<\/tr>\n<\/tbody>\n<\/table>\n<h2><b>\u01afu \u0111i\u1ec3m n\u1ed5i b\u1eadt c\u1ee7a ch\u1eadu r\u1eeda <\/b><b>Wonang Premium WPD08747<\/b><\/h2>\n<p><span style=\"font-weight: 400;\">T\u01b0\u01a1ng t\u1ef1 c\u00e1c d\u00f2ng ch\u1eadu r\u1eeda 2 h\u1ed1 thu\u1ed9c th\u01b0\u01a1ng hi\u1ec7u Wonang, ch\u1eadu r\u1eeda Wonang Premium WPD08747 s\u1edf h\u1eefu nhi\u1ec1u th\u1ebf m\u1ea1nh t\u1eeb ki\u1ec3u d\u00e1ng b\u1eaft m\u1eaft, thi\u1ebft k\u1ebf h\u1ed1 ch\u1eadu tr\u01a1n, nh\u1eb5n m\u1ecbn gi\u00fap ng\u01b0\u1eddi d\u00f9ng d\u1ec5 v\u1ec7 sinh t\u1edbi ch\u1ea5t li\u1ec7u cao c\u1ea5p, \u0111\u1ea3m b\u1ea3o an to\u00e0n cho s\u1ee9c kh\u1ecfe ng\u01b0\u1eddi s\u1eed d\u1ee5ng. D\u01b0\u1edbi \u0111\u00e2y l\u00e0 nh\u1eefng th\u00f4ng tin c\u1ee5 th\u1ec3 v\u1ec1 c\u00e1c \u01b0u \u0111i\u1ec3m c\u1ee7a ch\u1eadu r\u1eeda Wonang Premium WPD08747 nh\u1eb1m gi\u00fap ng\u01b0\u1eddi d\u00f9ng hi\u1ec3u r\u00f5 h\u01a1n v\u1ec1 s\u1ea3n ph\u1ea9m n\u00e0y.\u00a0<\/span><\/p>\n<h3><span style=\"font-weight: 400;\">S\u1ea3n xu\u1ea5t 100% t\u1eeb th\u00e9p kh\u00f4ng g\u1ec9 POSCO 304: \u0110\u1ed9 b\u1ec1n v\u01b0\u1ee3t tr\u1ed9i &#8211; An to\u00e0n s\u1ee9c kh\u1ecfe<\/span><\/h3>\n<p>Th\u00e9p kh\u00f4ng g\u1ec9 POSCO 304 \u0111\u01b0\u1ee3c bi\u1ebft t\u1edbi l\u00e0 m\u1ed9t trong nh\u1eefng ch\u1ea5t li\u1ec7u inox cao c\u1ea5p v\u00e0 \u0111\u01b0\u1ee3c s\u1eed d\u1ee5ng r\u1ed9ng r\u00e3i trong nhi\u1ec1u l\u0129nh v\u1ef1c s\u1ea3n xu\u1ea5t, bao g\u1ed3m c\u1ea3 l\u0129nh v\u1ef1c s\u1ea3n xu\u1ea5t \u0111\u1ed3 gia d\u1ee5ng. S\u1edf h\u1eefu nhi\u1ec1u t\u00ednh n\u0103ng v\u01b0\u1ee3t tr\u1ed9i nh\u01b0:<\/p>\n<ul>\n<li>Kh\u1ea3 n\u0103ng ch\u1ed1ng \u0103n m\u00f2n, g\u1ec9 s\u00e9t.<\/li>\n<li>\u0110\u1ed9 b\u1ec1n cao, s\u00e1ng b\u00f3ng l\u00e2u d\u00e0i.<\/li>\n<li>Ch\u1ed1ng ch\u1ecbu va \u0111\u1eadp.<\/li>\n<li>Ch\u1ecbu \u0111\u01b0\u1ee3c nhi\u1ec7t \u0111\u1ed9 cao, l\u00ean t\u1edbi 870<strong>\u00b0<\/strong>C trong \u0111i\u1ec1u ki\u1ec7n s\u1eed d\u1ee5ng li\u00ean t\u1ee5c v\u00e0 925<strong>\u00b0<\/strong>C trong \u0111i\u1ec1u ki\u1ec7n d\u00f9ng gi\u00e1n \u0111o\u1ea1n.<\/li>\n<li>Ch\u1ed1ng b\u00e1m b\u1ea9n, r\u00eau m\u1ed1c,&#8230;<\/li>\n<\/ul>\n<p>\u0110\u1ed1i v\u1edbi d\u00f2ng <span style=\"font-weight: 400;\"> Wonang Premium WPD08747, \u0111\u01b0\u1ee3c ch\u1ebf t\u00e1c 100% t\u1eeb v\u1eadt li\u1ec7u n\u00e0y n\u00ean s\u1ea3n ph\u1ea9m s\u1edf h\u1eefu \u0111\u1ed9 b\u1ec1n l\u00fd t\u01b0\u1edfng g\u1ea7n nh\u01b0 v\u0129nh c\u1eedu, tr\u1eeb tr\u01b0\u1eddng h\u1ee3p ph\u1ea3i ch\u1ecbu c\u00e1c l\u1ef1c t\u00e1c \u0111\u1ed9ng qu\u00e1 m\u1ea1nh ho\u1eb7c b\u1ecb ch\u1ee7 \u0111\u1ed9ng ph\u00e1 h\u1ee7y. Ngo\u00e0i ra, ch\u1eadu c\u0169ng kh\u00f4ng ph\u1ea3n \u1ee9ng v\u1edbi c\u00e1c ch\u1ea5t t\u1ea9y r\u1eeda th\u00f4ng th\u01b0\u1eddng v\u00e0 kh\u00f4ng xu\u1ea5t hi\u1ec7n t\u00ecnh tr\u1ea1ng bong tr\u00f3c, \u0103n m\u00f2n d\u00f9 s\u1eed d\u1ee5ng trong qu\u00e1 tr\u00ecnh d\u00e0i. Do v\u1eady, ng\u01b0\u1eddi d\u00f9ng ho\u00e0n to\u00e0n c\u00f3 th\u1ec3 y\u00ean t\u00e2m, kh\u00f4ng lo l\u1eafng tr\u01b0\u1edbc t\u00ecnh tr\u1ea1ng nhi\u1ec5m \u0111\u1ed9c ch\u00ec hay kim lo\u1ea1i n\u1eb7ng.\u00a0<\/span><\/p>\n<h3><span style=\"font-weight: 400;\">T\u1ed1i \u01b0u di\u1ec7n t\u00edch, ti\u1ec7n l\u1ee3i s\u1eed d\u1ee5ng<\/span><\/h3>\n<p>M\u1ed9t \u0111i\u1ec3m c\u1ed9ng kh\u00e1c c\u1ee7a ch\u1eadu r\u1eeda <span style=\"font-weight: 400;\">Wonang Premium WPD08747 ch\u00ednh l\u00e0 thi\u1ebft k\u1ebf h\u01b0\u1edbng t\u1edbi ng\u01b0\u1eddi d\u00f9ng. \u0110\u01b0\u1ee3c bi\u1ebft, ch\u1eadu s\u1edf h\u1eefu \u0111\u1ed9 s\u00e2u l\u00f2ng t\u1edbi 210mm gi\u00fap h\u1ea1n ch\u1ebf t\u00ecnh tr\u1ea1ng v\u0103ng b\u1eafn n\u01b0\u1edbc trong qu\u00e1 tr\u00ecnh s\u1eed d\u1ee5ng. H\u01a1n n\u1eefa, l\u00f2ng ch\u1eadu \u0111\u01b0\u1ee3c thi\u1ebft k\u1ebf b\u1eb1ng ph\u1eb3ng, tr\u01a1n nh\u1eafn gi\u00fap vi\u1ec7c v\u1ec7 sinh ch\u1eadu r\u1eeda sau s\u1eed d\u1ee5ng c\u0169ng tr\u1edf n\u00ean ti\u1ec7n l\u1ee3i v\u00e0 d\u1ec5 d\u00e0ng h\u01a1n.\u00a0<\/span>Ngo\u00e0i ra, ch\u1eadu \u0111\u01b0\u1ee3c thi\u1ebft k\u1ebf 2 v\u1ecb tr\u00ed l\u1eafp v\u00f2i. Ng\u01b0\u1eddi d\u00f9ng c\u00f3 th\u1ec3 s\u1eed d\u1ee5ng \u0111\u1ec3 l\u1eafp v\u00f2i r\u1eeda b\u00e1t v\u00e0 l\u1eafp v\u00f2i m\u00e1y l\u1ecdc n\u01b0\u1edbc ho\u1eb7c v\u00f2i r\u1eeda b\u00e1t ph\u1ee5.<\/p>\n<h3><span style=\"font-weight: 400;\">Thi\u1ebft k\u1ebf tinh t\u1ebf, sang tr\u1ecdng<\/span><\/h3>\n<p>Kh\u00f4ng ch\u1ec9 c\u00f3 ch\u1ea5t l\u01b0\u1ee3ng n\u1ed5i b\u1eadt, ch\u1eadu r\u1eeda <span style=\"font-weight: 400;\">Wonang Premium WPD08747 c\u00f2n c\u00f3 thi\u1ebft k\u1ebf b\u1eaft m\u1eaft, tinh t\u1ebf v\u00e0 ho\u00e0n h\u1ea3o trong t\u1eebng \u0111\u01b0\u1eddng n\u00e9t.\u00a0<\/span><span style=\"font-weight: 400;\">Kh\u00f4ng nh\u01b0 c\u00e1c ch\u1eadu r\u1eeda b\u00e1t kh\u00f4ng xu\u1ea5t x\u1ee9 tr\u00ean th\u1ecb tr\u01b0\u1eddng v\u1edbi b\u1ec1 m\u1eb7t h\u00e0n g\u1ed3 gh\u1ec1, nhi\u1ec1u \u0111\u01b0\u1eddng g\u1ea5p, ch\u1eadu r\u1eeda Wonang Premium WPD08747 c\u00f3 b\u1ec1 m\u1eb7t tr\u01a1n nh\u1eb5n t\u1ea1o n\u00ean hi\u1ec7u \u1ee9ng s\u00e1ng b\u00f3ng v\u00e0 n\u00e2ng t\u1ea7m kh\u00f4ng gian ph\u00f2ng b\u1ebfp.\u00a0<\/span><\/p>\n<p><span style=\"font-weight: 400;\">V\u1edbi nh\u1eefng \u01b0u \u0111i\u1ec3m v\u01b0\u1ee3t tr\u1ed9i k\u1ec3 tr\u00ean, ch\u1eadu r\u1eeda Wonang Premium WPD08747 h\u1ee9a h\u1eb9n s\u1ebd t\u1ea1o n\u00ean \u201cc\u01a1n s\u1ed1t\u201d \u0111\u1ed1i v\u1edbi th\u1ecb tr\u01b0\u1eddng ti\u00eau d\u00f9ng Vi\u1ec7t. \u0110\u1ed3ng th\u1eddi, Wonang Premium WPD08747 c\u0169ng s\u1ebd tr\u1edf th\u00e0nh \u201cng\u01b0\u1eddi tr\u1ee3 l\u00fd\u201d gi\u00fap c\u00f4ng cu\u1ed9c d\u1ecdn d\u1eb9p ph\u00f2ng b\u1ebfp c\u1ee7a h\u1ed9i n\u1ed9i tr\u1ee3 tr\u1edf n\u00ean nh\u1eb9 nh\u00e0ng, d\u1ec5 th\u1edf h\u01a1n.\u00a0<\/span><\/p>\n","protected":false},"excerpt":{"rendered":"<ul>\n<li>Thi\u1ebft k\u1ebf s\u00e2u l\u00f2ng: Dung t\u00edch l\u1edbn, h\u1ea1n ch\u1ebf b\u1eafn n\u01b0\u1edbc, t\u1ed1i \u01b0u thao t\u00e1c n\u1ea5u n\u01b0\u1edbng<\/li>\n<li>Ch\u1ea5t li\u1ec7u inox 304 cao c\u1ea5p: Ch\u1ed1ng g\u1ec9 s\u00e9t, b\u1ec1n \u0111\u1eb9p v\u1edbi th\u1eddi gian<\/li>\n<li>An to\u00e0n tuy\u1ec7t \u0111\u1ed1i: Kh\u00f4ng ch\u00ec, kh\u00f4ng \u0111\u1ed9c h\u1ea1i, b\u1ea3o v\u1ec7 s\u1ee9c kho\u1ebb c\u1ea3 gia \u0111\u00ecnh<\/li>\n<li>D\u1ec5 d\u00e0ng v\u1ec7 sinh: B\u1ec1 m\u1eb7t s\u00e1ng m\u1ecbn, lau ch\u00f9i nhanh ch\u00f3ng<\/li>\n<\/ul>\n","protected":false},"featured_media":29170,"comment_status":"open","ping_status":"closed","template":"","meta":[],"region":[260],"product_brand":[],"product_cat":[204,333,396],"product_tag":[1163,1164,1166,1165],"class_list":{"0":"post-28850","1":"product","2":"type-product","3":"status-publish","4":"has-post-thumbnail","6":"region-mien-nam","7":"product_cat-chau-rua","8":"product_cat-chau-rua-2-ho","9":"product_cat-noi-bat","10":"product_tag-chau-rua","11":"product_tag-chau-rua-2-ho","12":"product_tag-chau-rua-inox","13":"product_tag-chau-rua-wonang","15":"first","16":"instock","17":"sale","18":"shipping-taxable","19":"purchasable","20":"product-type-simple"},"yoast_head":"<!-- This site is optimized with the Yoast SEO plugin v24.6 - https:\/\/yoast.com\/wordpress\/plugins\/seo\/ -->\n<title>Ch\u1eadu r\u1eeda Wonang Premium WPD08747 - T\u00e2n \u00c1 \u0110\u1ea1i Th\u00e0nh eShop<\/title>\n<meta name=\"robots\" content=\"index, follow, max-snippet:-1, max-image-preview:large, max-video-preview:-1\" \/>\n<link rel=\"canonical\" href=\"https:\/\/shop.tanadaithanh.vn\/en\/san-pham\/chau-rua-wonang-premium-wpd08747\/\" \/>\n<meta property=\"og:locale\" content=\"en_US\" \/>\n<meta property=\"og:type\" content=\"article\" \/>\n<meta property=\"og:title\" content=\"Ch\u1eadu r\u1eeda Wonang Premium WPD08747 - T\u00e2n \u00c1 \u0110\u1ea1i Th\u00e0nh eShop\" \/>\n<meta property=\"og:description\" content=\"Thi\u1ebft k\u1ebf s\u00e2u l\u00f2ng: Dung t\u00edch l\u1edbn, h\u1ea1n ch\u1ebf b\u1eafn n\u01b0\u1edbc, t\u1ed1i \u01b0u thao t\u00e1c n\u1ea5u n\u01b0\u1edbng  Ch\u1ea5t li\u1ec7u inox 304 cao c\u1ea5p: Ch\u1ed1ng g\u1ec9 s\u00e9t, b\u1ec1n \u0111\u1eb9p v\u1edbi th\u1eddi gian  An to\u00e0n tuy\u1ec7t \u0111\u1ed1i: Kh\u00f4ng ch\u00ec, kh\u00f4ng \u0111\u1ed9c h\u1ea1i, b\u1ea3o v\u1ec7 s\u1ee9c kho\u1ebb c\u1ea3 gia \u0111\u00ecnh  D\u1ec5 d\u00e0ng v\u1ec7 sinh: B\u1ec1 m\u1eb7t s\u00e1ng m\u1ecbn, lau ch\u00f9i nhanh ch\u00f3ng\" \/>\n<meta property=\"og:url\" content=\"https:\/\/shop.tanadaithanh.vn\/en\/san-pham\/chau-rua-wonang-premium-wpd08747\/\" \/>\n<meta property=\"og:site_name\" content=\"T\u00e2n \u00c1 \u0110\u1ea1i Th\u00e0nh eShop\" \/>\n<meta property=\"article:publisher\" content=\"https:\/\/www.facebook.com\/profile.php?id=61567171139919\" \/>\n<meta property=\"article:modified_time\" content=\"2026-02-03T07:13:58+00:00\" \/>\n<meta property=\"og:image\" content=\"https:\/\/shop.tanadaithanh.vn\/wp-content\/uploads\/2025\/11\/Wonang-Premium-WPD08747-1.png\" \/>\n\t<meta property=\"og:image:width\" content=\"1200\" \/>\n\t<meta property=\"og:image:height\" content=\"1200\" \/>\n\t<meta property=\"og:image:type\" content=\"image\/png\" \/>\n<meta name=\"twitter:card\" content=\"summary_large_image\" \/>\n<meta name=\"twitter:label1\" content=\"Est. reading time\" \/>\n\t<meta name=\"twitter:data1\" content=\"4 minutes\" \/>\n<script type=\"application\/ld+json\" class=\"yoast-schema-graph\">{\"@context\":\"https:\/\/schema.org\",\"@graph\":[{\"@type\":\"WebPage\",\"@id\":\"https:\/\/shop.tanadaithanh.vn\/en\/san-pham\/chau-rua-wonang-premium-wpd08747\/\",\"url\":\"https:\/\/shop.tanadaithanh.vn\/en\/san-pham\/chau-rua-wonang-premium-wpd08747\/\",\"name\":\"Ch\u1eadu r\u1eeda Wonang Premium WPD08747 - T\u00e2n \u00c1 \u0110\u1ea1i Th\u00e0nh eShop\",\"isPartOf\":{\"@id\":\"https:\/\/shop.tanadaithanh.vn\/en\/#website\"},\"primaryImageOfPage\":{\"@id\":\"https:\/\/shop.tanadaithanh.vn\/en\/san-pham\/chau-rua-wonang-premium-wpd08747\/#primaryimage\"},\"image\":{\"@id\":\"https:\/\/shop.tanadaithanh.vn\/en\/san-pham\/chau-rua-wonang-premium-wpd08747\/#primaryimage\"},\"thumbnailUrl\":\"https:\/\/shop.tanadaithanh.vn\/wp-content\/uploads\/2025\/11\/Wonang-Premium-WPD08747-1.png\",\"datePublished\":\"2025-11-12T02:21:00+00:00\",\"dateModified\":\"2026-02-03T07:13:58+00:00\",\"breadcrumb\":{\"@id\":\"https:\/\/shop.tanadaithanh.vn\/en\/san-pham\/chau-rua-wonang-premium-wpd08747\/#breadcrumb\"},\"inLanguage\":\"en-US\",\"potentialAction\":[{\"@type\":\"ReadAction\",\"target\":[\"https:\/\/shop.tanadaithanh.vn\/en\/san-pham\/chau-rua-wonang-premium-wpd08747\/\"]}]},{\"@type\":\"ImageObject\",\"inLanguage\":\"en-US\",\"@id\":\"https:\/\/shop.tanadaithanh.vn\/en\/san-pham\/chau-rua-wonang-premium-wpd08747\/#primaryimage\",\"url\":\"https:\/\/shop.tanadaithanh.vn\/wp-content\/uploads\/2025\/11\/Wonang-Premium-WPD08747-1.png\",\"contentUrl\":\"https:\/\/shop.tanadaithanh.vn\/wp-content\/uploads\/2025\/11\/Wonang-Premium-WPD08747-1.png\",\"width\":1200,\"height\":1200},{\"@type\":\"BreadcrumbList\",\"@id\":\"https:\/\/shop.tanadaithanh.vn\/en\/san-pham\/chau-rua-wonang-premium-wpd08747\/#breadcrumb\",\"itemListElement\":[{\"@type\":\"ListItem\",\"position\":1,\"name\":\"Trang ch\u1ee7\",\"item\":\"https:\/\/shop.tanadaithanh.vn\/en\/\"},{\"@type\":\"ListItem\",\"position\":2,\"name\":\"Shop\",\"item\":\"https:\/\/shop.tanadaithanh.vn\/cua-hang\/\"},{\"@type\":\"ListItem\",\"position\":3,\"name\":\"Ch\u1eadu r\u1eeda Wonang Premium WPD08747\"}]},{\"@type\":\"WebSite\",\"@id\":\"https:\/\/shop.tanadaithanh.vn\/en\/#website\",\"url\":\"https:\/\/shop.tanadaithanh.vn\/en\/\",\"name\":\"T\u00e2n \u00c1 \u0110\u1ea1i Th\u00e0nh eShop - Trang website b\u00e1n h\u00e0ng ch\u00ednh th\u1ee9c T\u1eadp \u0111o\u00e0n T\u00e2n \u00c1 \u0110\u1ea1i Th\u00e0nh\",\"description\":\"Website b\u00e1n h\u00e0ng tr\u1ef1c tuy\u1ebfn v\u1eadn h\u00e0nh b\u1edfi ch\u00ednh T\u00e2n \u00c1 \u0110\u1ea1i Th\u00e0nh\",\"publisher\":{\"@id\":\"https:\/\/shop.tanadaithanh.vn\/en\/#organization\"},\"potentialAction\":[{\"@type\":\"SearchAction\",\"target\":{\"@type\":\"EntryPoint\",\"urlTemplate\":\"https:\/\/shop.tanadaithanh.vn\/en\/?s={search_term_string}\"},\"query-input\":{\"@type\":\"PropertyValueSpecification\",\"valueRequired\":true,\"valueName\":\"search_term_string\"}}],\"inLanguage\":\"en-US\"},{\"@type\":\"Organization\",\"@id\":\"https:\/\/shop.tanadaithanh.vn\/en\/#organization\",\"name\":\"T\u00e2n \u00c1 \u0110\u1ea1i Th\u00e0nh eShop - Trang website b\u00e1n h\u00e0ng ch\u00ednh th\u1ee9c T\u1eadp \u0111o\u00e0n T\u00e2n \u00c1 \u0110\u1ea1i Th\u00e0nh\",\"url\":\"https:\/\/shop.tanadaithanh.vn\/en\/\",\"logo\":{\"@type\":\"ImageObject\",\"inLanguage\":\"en-US\",\"@id\":\"https:\/\/shop.tanadaithanh.vn\/en\/#\/schema\/logo\/image\/\",\"url\":\"https:\/\/shop.tanadaithanh.vn\/wp-content\/uploads\/2025\/06\/Logo-2.png\",\"contentUrl\":\"https:\/\/shop.tanadaithanh.vn\/wp-content\/uploads\/2025\/06\/Logo-2.png\",\"width\":2000,\"height\":2000,\"caption\":\"T\u00e2n \u00c1 \u0110\u1ea1i Th\u00e0nh eShop - Trang website b\u00e1n h\u00e0ng ch\u00ednh th\u1ee9c T\u1eadp \u0111o\u00e0n T\u00e2n \u00c1 \u0110\u1ea1i Th\u00e0nh\"},\"image\":{\"@id\":\"https:\/\/shop.tanadaithanh.vn\/en\/#\/schema\/logo\/image\/\"},\"sameAs\":[\"https:\/\/www.facebook.com\/profile.php?id=61567171139919\",\"https:\/\/zalo.me\/3915163699004948284\"]}]}<\/script>\n<!-- \/ Yoast SEO plugin. -->","yoast_head_json":{"title":"Ch\u1eadu r\u1eeda Wonang Premium WPD08747 - T\u00e2n \u00c1 \u0110\u1ea1i Th\u00e0nh eShop","robots":{"index":"index","follow":"follow","max-snippet":"max-snippet:-1","max-image-preview":"max-image-preview:large","max-video-preview":"max-video-preview:-1"},"canonical":"https:\/\/shop.tanadaithanh.vn\/en\/san-pham\/chau-rua-wonang-premium-wpd08747\/","og_locale":"en_US","og_type":"article","og_title":"Ch\u1eadu r\u1eeda Wonang Premium WPD08747 - T\u00e2n \u00c1 \u0110\u1ea1i Th\u00e0nh eShop","og_description":"Thi\u1ebft k\u1ebf s\u00e2u l\u00f2ng: Dung t\u00edch l\u1edbn, h\u1ea1n ch\u1ebf b\u1eafn n\u01b0\u1edbc, t\u1ed1i \u01b0u thao t\u00e1c n\u1ea5u n\u01b0\u1edbng  Ch\u1ea5t li\u1ec7u inox 304 cao c\u1ea5p: Ch\u1ed1ng g\u1ec9 s\u00e9t, b\u1ec1n \u0111\u1eb9p v\u1edbi th\u1eddi gian  An to\u00e0n tuy\u1ec7t \u0111\u1ed1i: Kh\u00f4ng ch\u00ec, kh\u00f4ng \u0111\u1ed9c h\u1ea1i, b\u1ea3o v\u1ec7 s\u1ee9c kho\u1ebb c\u1ea3 gia \u0111\u00ecnh  D\u1ec5 d\u00e0ng v\u1ec7 sinh: B\u1ec1 m\u1eb7t s\u00e1ng m\u1ecbn, lau ch\u00f9i nhanh ch\u00f3ng","og_url":"https:\/\/shop.tanadaithanh.vn\/en\/san-pham\/chau-rua-wonang-premium-wpd08747\/","og_site_name":"T\u00e2n \u00c1 \u0110\u1ea1i Th\u00e0nh eShop","article_publisher":"https:\/\/www.facebook.com\/profile.php?id=61567171139919","article_modified_time":"2026-02-03T07:13:58+00:00","og_image":[{"width":1200,"height":1200,"url":"https:\/\/shop.tanadaithanh.vn\/wp-content\/uploads\/2025\/11\/Wonang-Premium-WPD08747-1.png","type":"image\/png"}],"twitter_card":"summary_large_image","twitter_misc":{"Est. reading time":"4 minutes"},"schema":{"@context":"https:\/\/schema.org","@graph":[{"@type":"WebPage","@id":"https:\/\/shop.tanadaithanh.vn\/en\/san-pham\/chau-rua-wonang-premium-wpd08747\/","url":"https:\/\/shop.tanadaithanh.vn\/en\/san-pham\/chau-rua-wonang-premium-wpd08747\/","name":"Ch\u1eadu r\u1eeda Wonang Premium WPD08747 - T\u00e2n \u00c1 \u0110\u1ea1i Th\u00e0nh eShop","isPartOf":{"@id":"https:\/\/shop.tanadaithanh.vn\/en\/#website"},"primaryImageOfPage":{"@id":"https:\/\/shop.tanadaithanh.vn\/en\/san-pham\/chau-rua-wonang-premium-wpd08747\/#primaryimage"},"image":{"@id":"https:\/\/shop.tanadaithanh.vn\/en\/san-pham\/chau-rua-wonang-premium-wpd08747\/#primaryimage"},"thumbnailUrl":"https:\/\/shop.tanadaithanh.vn\/wp-content\/uploads\/2025\/11\/Wonang-Premium-WPD08747-1.png","datePublished":"2025-11-12T02:21:00+00:00","dateModified":"2026-02-03T07:13:58+00:00","breadcrumb":{"@id":"https:\/\/shop.tanadaithanh.vn\/en\/san-pham\/chau-rua-wonang-premium-wpd08747\/#breadcrumb"},"inLanguage":"en-US","potentialAction":[{"@type":"ReadAction","target":["https:\/\/shop.tanadaithanh.vn\/en\/san-pham\/chau-rua-wonang-premium-wpd08747\/"]}]},{"@type":"ImageObject","inLanguage":"en-US","@id":"https:\/\/shop.tanadaithanh.vn\/en\/san-pham\/chau-rua-wonang-premium-wpd08747\/#primaryimage","url":"https:\/\/shop.tanadaithanh.vn\/wp-content\/uploads\/2025\/11\/Wonang-Premium-WPD08747-1.png","contentUrl":"https:\/\/shop.tanadaithanh.vn\/wp-content\/uploads\/2025\/11\/Wonang-Premium-WPD08747-1.png","width":1200,"height":1200},{"@type":"BreadcrumbList","@id":"https:\/\/shop.tanadaithanh.vn\/en\/san-pham\/chau-rua-wonang-premium-wpd08747\/#breadcrumb","itemListElement":[{"@type":"ListItem","position":1,"name":"Trang ch\u1ee7","item":"https:\/\/shop.tanadaithanh.vn\/en\/"},{"@type":"ListItem","position":2,"name":"Shop","item":"https:\/\/shop.tanadaithanh.vn\/cua-hang\/"},{"@type":"ListItem","position":3,"name":"Ch\u1eadu r\u1eeda Wonang Premium WPD08747"}]},{"@type":"WebSite","@id":"https:\/\/shop.tanadaithanh.vn\/en\/#website","url":"https:\/\/shop.tanadaithanh.vn\/en\/","name":"T\u00e2n \u00c1 \u0110\u1ea1i Th\u00e0nh eShop - Trang website b\u00e1n h\u00e0ng ch\u00ednh th\u1ee9c T\u1eadp \u0111o\u00e0n T\u00e2n \u00c1 \u0110\u1ea1i Th\u00e0nh","description":"Website b\u00e1n h\u00e0ng tr\u1ef1c tuy\u1ebfn v\u1eadn h\u00e0nh b\u1edfi ch\u00ednh T\u00e2n \u00c1 \u0110\u1ea1i Th\u00e0nh","publisher":{"@id":"https:\/\/shop.tanadaithanh.vn\/en\/#organization"},"potentialAction":[{"@type":"SearchAction","target":{"@type":"EntryPoint","urlTemplate":"https:\/\/shop.tanadaithanh.vn\/en\/?s={search_term_string}"},"query-input":{"@type":"PropertyValueSpecification","valueRequired":true,"valueName":"search_term_string"}}],"inLanguage":"en-US"},{"@type":"Organization","@id":"https:\/\/shop.tanadaithanh.vn\/en\/#organization","name":"T\u00e2n \u00c1 \u0110\u1ea1i Th\u00e0nh eShop - Trang website b\u00e1n h\u00e0ng ch\u00ednh th\u1ee9c T\u1eadp \u0111o\u00e0n T\u00e2n \u00c1 \u0110\u1ea1i Th\u00e0nh","url":"https:\/\/shop.tanadaithanh.vn\/en\/","logo":{"@type":"ImageObject","inLanguage":"en-US","@id":"https:\/\/shop.tanadaithanh.vn\/en\/#\/schema\/logo\/image\/","url":"https:\/\/shop.tanadaithanh.vn\/wp-content\/uploads\/2025\/06\/Logo-2.png","contentUrl":"https:\/\/shop.tanadaithanh.vn\/wp-content\/uploads\/2025\/06\/Logo-2.png","width":2000,"height":2000,"caption":"T\u00e2n \u00c1 \u0110\u1ea1i Th\u00e0nh eShop - Trang website b\u00e1n h\u00e0ng ch\u00ednh th\u1ee9c T\u1eadp \u0111o\u00e0n T\u00e2n \u00c1 \u0110\u1ea1i Th\u00e0nh"},"image":{"@id":"https:\/\/shop.tanadaithanh.vn\/en\/#\/schema\/logo\/image\/"},"sameAs":["https:\/\/www.facebook.com\/profile.php?id=61567171139919","https:\/\/zalo.me\/3915163699004948284"]}]}},"_links":{"self":[{"href":"https:\/\/shop.tanadaithanh.vn\/en\/wp-json\/wp\/v2\/product\/28850","targetHints":{"allow":["GET"]}}],"collection":[{"href":"https:\/\/shop.tanadaithanh.vn\/en\/wp-json\/wp\/v2\/product"}],"about":[{"href":"https:\/\/shop.tanadaithanh.vn\/en\/wp-json\/wp\/v2\/types\/product"}],"replies":[{"embeddable":true,"href":"https:\/\/shop.tanadaithanh.vn\/en\/wp-json\/wp\/v2\/comments?post=28850"}],"version-history":[{"count":4,"href":"https:\/\/shop.tanadaithanh.vn\/en\/wp-json\/wp\/v2\/product\/28850\/revisions"}],"predecessor-version":[{"id":31148,"href":"https:\/\/shop.tanadaithanh.vn\/en\/wp-json\/wp\/v2\/product\/28850\/revisions\/31148"}],"wp:featuredmedia":[{"embeddable":true,"href":"https:\/\/shop.tanadaithanh.vn\/en\/wp-json\/wp\/v2\/media\/29170"}],"wp:attachment":[{"href":"https:\/\/shop.tanadaithanh.vn\/en\/wp-json\/wp\/v2\/media?parent=28850"}],"wp:term":[{"taxonomy":"region","embeddable":true,"href":"https:\/\/shop.tanadaithanh.vn\/en\/wp-json\/wp\/v2\/region?post=28850"},{"taxonomy":"product_brand","embeddable":true,"href":"https:\/\/shop.tanadaithanh.vn\/en\/wp-json\/wp\/v2\/product_brand?post=28850"},{"taxonomy":"product_cat","embeddable":true,"href":"https:\/\/shop.tanadaithanh.vn\/en\/wp-json\/wp\/v2\/product_cat?post=28850"},{"taxonomy":"product_tag","embeddable":true,"href":"https:\/\/shop.tanadaithanh.vn\/en\/wp-json\/wp\/v2\/product_tag?post=28850"}],"curies":[{"name":"wp","href":"https:\/\/api.w.org\/{rel}","templated":true}]}}