{"id":28636,"date":"2025-11-11T08:56:51","date_gmt":"2025-11-11T01:56:51","guid":{"rendered":"https:\/\/shop.tanadaithanh.vn\/?post_type=product&#038;p=28636"},"modified":"2026-01-08T13:40:23","modified_gmt":"2026-01-08T06:40:23","slug":"voi-nha-bep-rossi-r803c1","status":"publish","type":"product","link":"https:\/\/shop.tanadaithanh.vn\/en\/san-pham\/voi-nha-bep-rossi-r803c1\/","title":{"rendered":"V\u00f2i nh\u00e0 b\u1ebfp Rossi R803C1"},"content":{"rendered":"<p><i>N\u1ebfu b\u1ea1n \u0111ang t\u00ecm ki\u1ebfm v\u00f2i ch\u1eadu r\u1eeda b\u00e1t c\u00f3 kh\u1ea3 n\u0103ng ch\u1ed1ng \u0103n m\u00f2n, n\u00f3i kh\u00f4ng v\u1edbi g\u1ec9 s\u00e9t, \u0111\u1ed9 b\u1ec1n cao v\u00e0 thi\u1ebft k\u1ebf ph\u00f9 h\u1ee3p v\u1edbi m\u1ecdi kh\u00f4ng gian nh\u00e0 b\u1ebfp, v\u00f2i ch\u1eadu r\u1eeda b\u00e1t Rossi R803C1 ch\u00ednh l\u00e0 l\u1ef1a ch\u1ecdn ho\u00e0n h\u1ea3o. H\u00e3y c\u00f9ng t\u00ecm hi\u1ec3u k\u1ef9 h\u01a1n v\u1ec1 s\u1ea3n ph\u1ea9m n\u00e0y nh\u00e9!<\/i><\/p>\n<h2><b>Th\u00f4ng s\u1ed1 k\u1ef9 thu\u1eadt v\u00f2i ch\u1eadu r\u1eeda b\u00e1t Rossi R803C1<\/b><\/h2>\n<table>\n<tbody>\n<tr>\n<td>T\u00ean s\u1ea3n ph\u1ea9m<\/td>\n<td>V\u00f2i ch\u1eadu r\u1eeda b\u00e1t<\/td>\n<\/tr>\n<tr>\n<td>M\u00e3 s\u1ea3n ph\u1ea9m<\/td>\n<td>R803C1<\/td>\n<\/tr>\n<tr>\n<td>K\u00edch th\u01b0\u1edbc<\/td>\n<td>334.7&#215;240.4<\/td>\n<\/tr>\n<tr>\n<td>Tr\u1ecdng l\u01b0\u1ee3ng<\/td>\n<td>810g<\/td>\n<\/tr>\n<tr>\n<td>Ch\u1ea5t li\u1ec7u<\/td>\n<td>Th\u00e2n \u0111\u1ed3ng thau, tay c\u1ea7m h\u1ee3p kim k\u1ebdm<\/td>\n<\/tr>\n<tr>\n<td>Van \u0111i\u1ec1u khi\u1ec3n<\/td>\n<td>Van g\u1ed1m \u00d830 TH<\/td>\n<\/tr>\n<tr>\n<td>Ph\u1ee5 ki\u1ec7n \u0111i k\u00e8m<\/td>\n<td>2 \u1ed1ng c\u1ea5p n\u01b0\u1edbc 60cm<\/td>\n<\/tr>\n<tr>\n<td>B\u1ec1 m\u1eb7t ho\u00e0n thi\u1ec7n<\/td>\n<td>M\u1ea1 Chrome<\/td>\n<\/tr>\n<\/tbody>\n<\/table>\n<h2><b>T\u1ea1i sao v\u00f2i ch\u1eadu r\u1eeda b\u00e1t Rossi R803C1 l\u00e0 s\u1ef1 l\u1ef1a ch\u1ecdn th\u00f4ng minh c\u1ee7a gia \u0111\u00ecnh hi\u1ec7n \u0111\u1ea1i?<\/b><\/h2>\n<p>Hi\u1ec7n nay, tr\u00ean th\u1ecb tr\u01b0\u1eddng, c\u00f3 r\u1ea5t nhi\u1ec1u lo\u1ea1i v\u00f2i r\u1eeda b\u00e1t kh\u00e1c nhau. Trong \u0111\u00f3, v\u00f2i ch\u1eadu r\u1eeda R803C1 c\u1ee7a th\u01b0\u01a1ng hi\u1ec7u Rossi l\u00e0 m\u1ed9t trong nh\u1eefng s\u1ea3n ph\u1ea9m n\u1ed5i b\u1eadt, c\u00f3 th\u1ec3 \u0111\u00e1p \u1ee9ng \u0111\u01b0\u1ee3c c\u00e1c ti\u00eau ch\u00ed c\u1ee7a m\u1ed9t v\u00f2i ch\u1eadu r\u1eeda ch\u1ea5t l\u01b0\u1ee3ng nh\u01b0: ch\u1ea5t li\u1ec7u cao c\u1ea5p, thi\u1ebft k\u1ebf sang tr\u1ecdng, \u0111\u1ed9 b\u1ec1n cao, n\u01b0\u1edbc v\u1eadn h\u00e0nh \u1ed5n \u0111\u1ecbnh, kh\u00f4ng b\u1ecb n\u01b0\u1edbc n\u00f3ng &#8211; l\u1ea1nh th\u1ea5t th\u01b0\u1eddng, kh\u00f4ng g\u1ec9 s\u00e9t,&#8230;<br \/>\nD\u01b0\u1edbi \u0111\u00e2y l\u00e0 nh\u1eefng \u0111i\u1ec3m m\u1ea1nh n\u1ed5i b\u1eadt c\u1ee7a v\u00f2i ch\u1eadu r\u1eeda Rossi R803C1.<\/p>\n<h3>Ch\u1ea5t li\u1ec7u \u0111\u1ed3ng cao c\u1ea5p, \u0111\u1ed9 b\u1ec1n cao<\/h3>\n<p>Ch\u1ea5t li\u1ec7u c\u1ee7a v\u00f2i r\u1eeda b\u00e1t l\u00e0 m\u1ed9t trong nh\u1eefng ti\u00eau ch\u00ed \u0111\u01b0\u1ee3c r\u1ea5t nhi\u1ec1u ng\u01b0\u1eddi quan t\u00e2m khi ch\u1ecdn mua s\u1ea3n ph\u1ea9m cho gia \u0111\u00ecnh. Trong s\u1ed1 c\u00e1c ch\u1ea5t li\u1ec7u \u0111\u1ec3 s\u1ea3n xu\u1ea5t v\u00f2i nh\u01b0 inox, th\u00e9p kh\u00f4ng g\u1ec9,&#8230;, \u0111\u1ed3ng l\u00e0 m\u1ed9t trong nh\u1eefng ch\u1ea5t li\u1ec7u cao c\u1ea5p nh\u1ea5t, \u0111\u01b0\u1ee3c bi\u1ebft \u0111\u1ebfn v\u1edbi \u0111\u1ed9 b\u1ec1n cao, kh\u00f4ng \u0103n m\u00f2n, kh\u00f4ng g\u1ec9 s\u00e9t.<br \/>\nD\u00f2ng v\u00f2i ch\u1eadu r\u1eeda b\u00e1t Rossi R803C1 \u0111\u01b0\u1ee3c ch\u1ebf t\u00e1c t\u1eeb ch\u1ea5t li\u1ec7u \u0111\u1ed3ng cao c\u1ea5p n\u00ean s\u1edf h\u1eefu \u0111\u1ea7y \u0111\u1ee7 c\u00e1c t\u00ednh n\u0103ng c\u1ee7a ch\u1ea5t li\u1ec7u n\u00e0y. L\u1ef1a ch\u1ecdn v\u00f2i ch\u1eadu r\u1eeda b\u00e1t Rossi R803C1, b\u1ea1n s\u1ebd kh\u00f4ng ph\u1ea3i lo l\u1eafng v\u1ec1 nh\u1eefng v\u1ebft g\u1ec9 s\u00e9t x\u1ea5u x\u00ed, g\u00e2y r\u00f2 r\u1ec9 n\u01b0\u1edbc ho\u1eb7c th\u1eadm ch\u00ed \u1ea3nh h\u01b0\u1edfng t\u1edbi ch\u1ea5t l\u01b0\u1ee3ng n\u01b0\u1edbc sinh ho\u1ea1t. Ngo\u00e0i ra, ng\u01b0\u1eddi d\u00f9ng c\u0169ng kh\u00f4ng t\u1ed1n nhi\u1ec1u chi ph\u00ed s\u1eeda ch\u1eefa ho\u1eb7c thay v\u00f2i th\u01b0\u1eddng xuy\u00ean.<\/p>\n<h3>B\u1ec1 m\u1eb7t s\u00e1ng b\u00f3ng, thi\u1ebft k\u1ebf sang tr\u1ecdng<\/h3>\n<p>B\u00ean c\u1ea1nh ch\u1ea5t li\u1ec7u s\u1ea3n xu\u1ea5t, m\u1ed9t chi\u1ebfc v\u00f2i ch\u1eadu r\u1eeda ch\u1ea5t l\u01b0\u1ee3ng c\u1ea7n \u0111\u00e1p \u1ee9ng \u0111\u01b0\u1ee3c c\u1ea3 v\u1ec1 k\u1ebft c\u1ea5u v\u00e0 t\u00ednh th\u1ea9m m\u1ef9 sau khi ho\u00e0n thi\u1ec7n. \u0110\u01b0\u1ee3c m\u1ea1 m\u1ed9t l\u1edbp ph\u1ee7 chrome cao c\u1ea5p, v\u00f2i ch\u1eadu r\u1eeda b\u00e1t Rossi R803C1 c\u00f3 b\u1ec1 m\u1eb7t s\u00e1ng b\u00f3ng, kh\u00f4ng d\u1ec5 b\u00e1m b\u1ea9n, d\u1ec5 v\u1ec7 sinh.<br \/>\nNgo\u00e0i ra, v\u00f2i ch\u1eadu r\u1eeda b\u00e1t Rossi R803C1 c\u00f2n s\u1edf h\u1eefu thi\u1ebft k\u1ebf chu\u1ea9n T\u00e2y Ban Nha, v\u1edbi nh\u1eefng \u0111\u01b0\u1eddng n\u00e9t m\u1ec1m m\u1ea1i, tinh t\u1ebf, d\u1ec5 d\u00e0ng k\u1ebft h\u1ee3p v\u1edbi nhi\u1ec1u lo\u1ea1i b\u1ed3n r\u1eeda c\u0169ng nh\u01b0 ph\u00f9 h\u1ee3p v\u1edbi m\u1ecdi kh\u00f4ng gian ph\u00f2ng b\u1ebfp.<\/p>\n<h3>Gi\u00e1 th\u00e0nh h\u1ee3p l\u00fd, b\u1ea3o h\u00e0nh ch\u00ednh h\u00e3ng<\/h3>\n<p>S\u1edf h\u1eefu c\u00e1c y\u1ebfu t\u1ed1 c\u1ee7a m\u1ed9t v\u00f2i ch\u1eadu r\u1eeda cao c\u1ea5p nh\u01b0ng gi\u00e1 th\u00e0nh c\u1ee7a v\u00f2i R803C1 l\u1ea1i v\u00f4 c\u00f9ng \u201ch\u1ea1t d\u1ebb\u201d. Hi\u1ec7n t\u1ea1i, tr\u00ean website ch\u00ednh th\u1ee9c c\u1ee7a nh\u00e0 s\u1ea3n xu\u1ea5t: <a href=\"http:\/\/shop.tanadaithanh.vn\">shop.tanadaithanh.vn<\/a>, s\u1ea3n ph\u1ea9m v\u00f2i ch\u1eadu r\u1eeda Rossi R803C1 \u0111ang c\u00f3 gi\u00e1 b\u00e1n 1.930.000 \u0111\u1ed3ng.<br \/>\nB\u00ean c\u1ea1nh gi\u00e1 th\u00e0nh h\u1ee3p l\u00fd, v\u00f2i ch\u1eadu r\u1eeda b\u00e1t Rossi R803C1 c\u00f2n c\u00f3 ch\u00ednh s\u00e1ch b\u1ea3o h\u00e0nh v\u1edbi th\u1eddi gian l\u00ean t\u1edbi 2 n\u0103m. Ngo\u00e0i ra, v\u1edbi c\u00e1c ph\u1ee5 ki\u1ec7n \u0111i k\u00e8m s\u1ea3n ph\u1ea9m nh\u01b0: b\u00e1t sen, d\u00e2y sen, tay sen s\u1ebd \u0111\u01b0\u1ee3c nh\u00e0 s\u1ea3n xu\u1ea5t ki\u1ec3m tra, kh\u1eafc ph\u1ee5c ho\u1eb7c \u0111\u1ed5i m\u1edbi t\u1ea1i th\u1eddi \u0111i\u1ec3m kh\u00e1ch h\u00e0ng l\u1eafp \u0111\u1eb7t l\u1ea7n \u0111\u1ea7u, sau khi mua.<\/p>\n<h2><b>N\u00ean mua v\u00f2i ch\u1eadu r\u1eeda b\u00e1t R803C1 \u1edf \u0111\u00e2u \u0111\u1ec3 \u0111\u1ea3m b\u1ea3o ch\u00ednh h\u00e3ng?<\/b><\/h2>\n<p>B\u00ean canh c\u00e1c nh\u00e0 ph\u00e2n ph\u1ed1i truy\u1ec1n th\u1ed1ng, b\u1ea1n c\u00f3 th\u1ec3 mua s\u1ea3n ph\u1ea9m v\u00f2i ch\u1eadu r\u1eeda b\u00e1t Rossi R803C1 ch\u00ednh h\u00e3ng tr\u00ean website: <a href=\"http:\/\/daithanhgroup.vn\">daithanhgroup.vn<\/a> ho\u1eb7c <a href=\"http:\/\/shop.tanadaithanh.vn\">shop.tanadaithanh.vn<\/a> ho\u1eb7c c\u00e1c gian h\u00e0ng c\u1ee7a T\u00e2n \u00c1 \u0110\u1ea1i Th\u00e0nh tr\u00ean c\u00e1c s\u00e0n th\u01b0\u01a1ng m\u1ea1i \u0111i\u1ec7n t\u1eed Shopee, Lazada, Tiki, Droppii,&#8230;<br \/>\n\u0110\u1eb7c bi\u1ec7t, th\u00e1ng 11 n\u00e0y, k\u1ef7 ni\u1ec7m 32 n\u0103m th\u00e0nh l\u1eadp T\u1eadp \u0111o\u00e0n, T\u00e2n \u00c1 \u0110\u1ea1i Th\u00e0nh tri\u1ec3n khai r\u1ea5t nhi\u1ec1u \u01b0u \u0111\u00e3i nh\u01b0 m\u1ed9t l\u1eddi c\u1ea3m \u01a1n t\u1edbi s\u1ef1 \u0111\u1ed3ng h\u00e0nh v\u00e0 \u1ee7ng h\u1ed9 c\u1ee7a c\u00e1c kh\u00e1ch h\u00e0ng trong su\u1ed1t th\u1eddi gian qua. H\u00e3y nhanh tay mua s\u1eafm \u0111\u1ec3 kh\u00f4ng b\u1ecf l\u1ee1 ch\u01b0\u01a1ng tr\u00ecnh khuy\u1ebfn m\u00e3i \u0111\u1eb7c bi\u1ec7t n\u00e0y nh\u00e9!<\/p>\n","protected":false},"excerpt":{"rendered":"<ul>\n<li>Th\u00e0nh ph\u1ea7n \u0111\u1ed3ng 59% ch\u1ed1ng \u0103n m\u00f2n, k\u00e9o d\u00e0i tu\u1ed5i th\u1ecd s\u1ea3n ph\u1ea9m, mang l\u1ea1i s\u1ef1 an t\u00e2m khi s\u1eed d\u1ee5ng.<\/li>\n<li>L\u1edbp m\u1ea1 chrome sang tr\u1ecdng gi\u00fap s\u1ea3n ph\u1ea9m lu\u00f4n s\u00e1ng b\u00f3ng, ch\u1ed1ng b\u00e1m b\u1ea9n, d\u1ec5 v\u1ec7 sinh, gi\u1eef cho sen v\u00f2i lu\u00f4n nh\u01b0 m\u1edbi.<\/li>\n<li>Thi\u1ebft k\u1ebf tinh t\u1ebf chu\u1ea9n T\u00e2y Ban Nha ph\u00f9 h\u1ee3p v\u1edbi m\u1ecdi kh\u00f4ng gian ph\u00f2ng t\u1eafm, t\u1eeb c\u1ed5 \u0111i\u1ec3n \u0111\u1ebfn hi\u1ec7n \u0111\u1ea1i.<\/li>\n<li>B\u1ed9 chia n\u01b0\u1edbc Sedal cao c\u1ea5p gi\u00fap v\u00f2i v\u1eadn h\u00e0nh \u00eam \u00e1i, b\u1ec1n b\u1ec9, \u0111\u1ea3m b\u1ea3o d\u00f2ng ch\u1ea3y \u1ed5n \u0111\u1ecbnh su\u1ed1t 450.000 l\u1ea7n \u0111\u00f3ng m\u1edf<\/li>\n<\/ul>\n","protected":false},"featured_media":30151,"comment_status":"open","ping_status":"closed","template":"","meta":[],"region":[259,260],"product_brand":[],"product_cat":[382,385],"product_tag":[1149,1146,1151,1152],"class_list":{"0":"post-28636","1":"product","2":"type-product","3":"status-publish","4":"has-post-thumbnail","6":"region-mien-bac","7":"region-mien-nam","8":"product_cat-sen-voi","9":"product_cat-voi-chau-rua","10":"product_tag-rossi","11":"product_tag-sen-voi","12":"product_tag-sen-voi-rossi","13":"product_tag-voi-chau-rua","15":"first","16":"instock","17":"sale","18":"shipping-taxable","19":"purchasable","20":"product-type-simple"},"yoast_head":"<!-- This site is optimized with the Yoast SEO plugin v24.6 - https:\/\/yoast.com\/wordpress\/plugins\/seo\/ -->\n<title>V\u00f2i nh\u00e0 b\u1ebfp Rossi R803C1 - T\u00e2n \u00c1 \u0110\u1ea1i Th\u00e0nh eShop<\/title>\n<meta name=\"description\" content=\"N\u1ebfu b\u1ea1n \u0111ang t\u00ecm ki\u1ebfm v\u00f2i nh\u00e0 b\u1ebfp c\u00f3 thi\u1ebft k\u1ebf hi\u1ec7n \u0111\u1ea1i, \u0111\u1ed9 b\u1ec1n cao, kh\u00f4ng g\u1ec9 s\u00e9t, b\u1ed9 sen t\u1eafm Rossi R803C1 ch\u00ednh l\u00e0 s\u1ef1 l\u1ef1a ch\u1ecdn ho\u00e0n h\u1ea3o.\" \/>\n<meta name=\"robots\" content=\"index, follow, max-snippet:-1, max-image-preview:large, max-video-preview:-1\" \/>\n<link rel=\"canonical\" href=\"https:\/\/shop.tanadaithanh.vn\/en\/san-pham\/voi-nha-bep-rossi-r803c1\/\" \/>\n<meta property=\"og:locale\" content=\"en_US\" \/>\n<meta property=\"og:type\" content=\"article\" \/>\n<meta property=\"og:title\" content=\"V\u00f2i nh\u00e0 b\u1ebfp Rossi R803C1 - T\u00e2n \u00c1 \u0110\u1ea1i Th\u00e0nh eShop\" \/>\n<meta property=\"og:description\" content=\"N\u1ebfu b\u1ea1n \u0111ang t\u00ecm ki\u1ebfm v\u00f2i nh\u00e0 b\u1ebfp c\u00f3 thi\u1ebft k\u1ebf hi\u1ec7n \u0111\u1ea1i, \u0111\u1ed9 b\u1ec1n cao, kh\u00f4ng g\u1ec9 s\u00e9t, b\u1ed9 sen t\u1eafm Rossi R803C1 ch\u00ednh l\u00e0 s\u1ef1 l\u1ef1a ch\u1ecdn ho\u00e0n h\u1ea3o.\" \/>\n<meta property=\"og:url\" content=\"https:\/\/shop.tanadaithanh.vn\/en\/san-pham\/voi-nha-bep-rossi-r803c1\/\" \/>\n<meta property=\"og:site_name\" content=\"T\u00e2n \u00c1 \u0110\u1ea1i Th\u00e0nh eShop\" \/>\n<meta property=\"article:publisher\" content=\"https:\/\/www.facebook.com\/profile.php?id=61567171139919\" \/>\n<meta property=\"article:modified_time\" content=\"2026-01-08T06:40:23+00:00\" \/>\n<meta property=\"og:image\" content=\"https:\/\/shop.tanadaithanh.vn\/wp-content\/uploads\/2025\/11\/4-2.png\" \/>\n\t<meta property=\"og:image:width\" content=\"1200\" \/>\n\t<meta property=\"og:image:height\" content=\"1200\" \/>\n\t<meta property=\"og:image:type\" content=\"image\/png\" \/>\n<meta name=\"twitter:card\" content=\"summary_large_image\" \/>\n<meta name=\"twitter:label1\" content=\"Est. reading time\" \/>\n\t<meta name=\"twitter:data1\" content=\"5 minutes\" \/>\n<script type=\"application\/ld+json\" class=\"yoast-schema-graph\">{\"@context\":\"https:\/\/schema.org\",\"@graph\":[{\"@type\":\"WebPage\",\"@id\":\"https:\/\/shop.tanadaithanh.vn\/en\/san-pham\/voi-nha-bep-rossi-r803c1\/\",\"url\":\"https:\/\/shop.tanadaithanh.vn\/en\/san-pham\/voi-nha-bep-rossi-r803c1\/\",\"name\":\"V\u00f2i nh\u00e0 b\u1ebfp Rossi R803C1 - T\u00e2n \u00c1 \u0110\u1ea1i Th\u00e0nh eShop\",\"isPartOf\":{\"@id\":\"https:\/\/shop.tanadaithanh.vn\/en\/#website\"},\"primaryImageOfPage\":{\"@id\":\"https:\/\/shop.tanadaithanh.vn\/en\/san-pham\/voi-nha-bep-rossi-r803c1\/#primaryimage\"},\"image\":{\"@id\":\"https:\/\/shop.tanadaithanh.vn\/en\/san-pham\/voi-nha-bep-rossi-r803c1\/#primaryimage\"},\"thumbnailUrl\":\"https:\/\/shop.tanadaithanh.vn\/wp-content\/uploads\/2025\/11\/4-2.png\",\"datePublished\":\"2025-11-11T01:56:51+00:00\",\"dateModified\":\"2026-01-08T06:40:23+00:00\",\"description\":\"N\u1ebfu b\u1ea1n \u0111ang t\u00ecm ki\u1ebfm v\u00f2i nh\u00e0 b\u1ebfp c\u00f3 thi\u1ebft k\u1ebf hi\u1ec7n \u0111\u1ea1i, \u0111\u1ed9 b\u1ec1n cao, kh\u00f4ng g\u1ec9 s\u00e9t, b\u1ed9 sen t\u1eafm Rossi R803C1 ch\u00ednh l\u00e0 s\u1ef1 l\u1ef1a ch\u1ecdn ho\u00e0n h\u1ea3o.\",\"breadcrumb\":{\"@id\":\"https:\/\/shop.tanadaithanh.vn\/en\/san-pham\/voi-nha-bep-rossi-r803c1\/#breadcrumb\"},\"inLanguage\":\"en-US\",\"potentialAction\":[{\"@type\":\"ReadAction\",\"target\":[\"https:\/\/shop.tanadaithanh.vn\/en\/san-pham\/voi-nha-bep-rossi-r803c1\/\"]}]},{\"@type\":\"ImageObject\",\"inLanguage\":\"en-US\",\"@id\":\"https:\/\/shop.tanadaithanh.vn\/en\/san-pham\/voi-nha-bep-rossi-r803c1\/#primaryimage\",\"url\":\"https:\/\/shop.tanadaithanh.vn\/wp-content\/uploads\/2025\/11\/4-2.png\",\"contentUrl\":\"https:\/\/shop.tanadaithanh.vn\/wp-content\/uploads\/2025\/11\/4-2.png\",\"width\":1200,\"height\":1200},{\"@type\":\"BreadcrumbList\",\"@id\":\"https:\/\/shop.tanadaithanh.vn\/en\/san-pham\/voi-nha-bep-rossi-r803c1\/#breadcrumb\",\"itemListElement\":[{\"@type\":\"ListItem\",\"position\":1,\"name\":\"Trang ch\u1ee7\",\"item\":\"https:\/\/shop.tanadaithanh.vn\/en\/\"},{\"@type\":\"ListItem\",\"position\":2,\"name\":\"Shop\",\"item\":\"https:\/\/shop.tanadaithanh.vn\/cua-hang\/\"},{\"@type\":\"ListItem\",\"position\":3,\"name\":\"V\u00f2i nh\u00e0 b\u1ebfp Rossi R803C1\"}]},{\"@type\":\"WebSite\",\"@id\":\"https:\/\/shop.tanadaithanh.vn\/en\/#website\",\"url\":\"https:\/\/shop.tanadaithanh.vn\/en\/\",\"name\":\"T\u00e2n \u00c1 \u0110\u1ea1i Th\u00e0nh eShop - Trang website b\u00e1n h\u00e0ng ch\u00ednh th\u1ee9c T\u1eadp \u0111o\u00e0n T\u00e2n \u00c1 \u0110\u1ea1i Th\u00e0nh\",\"description\":\"Website b\u00e1n h\u00e0ng tr\u1ef1c tuy\u1ebfn v\u1eadn h\u00e0nh b\u1edfi ch\u00ednh T\u00e2n \u00c1 \u0110\u1ea1i Th\u00e0nh\",\"publisher\":{\"@id\":\"https:\/\/shop.tanadaithanh.vn\/en\/#organization\"},\"potentialAction\":[{\"@type\":\"SearchAction\",\"target\":{\"@type\":\"EntryPoint\",\"urlTemplate\":\"https:\/\/shop.tanadaithanh.vn\/en\/?s={search_term_string}\"},\"query-input\":{\"@type\":\"PropertyValueSpecification\",\"valueRequired\":true,\"valueName\":\"search_term_string\"}}],\"inLanguage\":\"en-US\"},{\"@type\":\"Organization\",\"@id\":\"https:\/\/shop.tanadaithanh.vn\/en\/#organization\",\"name\":\"T\u00e2n \u00c1 \u0110\u1ea1i Th\u00e0nh eShop - Trang website b\u00e1n h\u00e0ng ch\u00ednh th\u1ee9c T\u1eadp \u0111o\u00e0n T\u00e2n \u00c1 \u0110\u1ea1i Th\u00e0nh\",\"url\":\"https:\/\/shop.tanadaithanh.vn\/en\/\",\"logo\":{\"@type\":\"ImageObject\",\"inLanguage\":\"en-US\",\"@id\":\"https:\/\/shop.tanadaithanh.vn\/en\/#\/schema\/logo\/image\/\",\"url\":\"https:\/\/shop.tanadaithanh.vn\/wp-content\/uploads\/2025\/06\/Logo-2.png\",\"contentUrl\":\"https:\/\/shop.tanadaithanh.vn\/wp-content\/uploads\/2025\/06\/Logo-2.png\",\"width\":2000,\"height\":2000,\"caption\":\"T\u00e2n \u00c1 \u0110\u1ea1i Th\u00e0nh eShop - Trang website b\u00e1n h\u00e0ng ch\u00ednh th\u1ee9c T\u1eadp \u0111o\u00e0n T\u00e2n \u00c1 \u0110\u1ea1i Th\u00e0nh\"},\"image\":{\"@id\":\"https:\/\/shop.tanadaithanh.vn\/en\/#\/schema\/logo\/image\/\"},\"sameAs\":[\"https:\/\/www.facebook.com\/profile.php?id=61567171139919\",\"https:\/\/zalo.me\/3915163699004948284\"]}]}<\/script>\n<!-- \/ Yoast SEO plugin. -->","yoast_head_json":{"title":"V\u00f2i nh\u00e0 b\u1ebfp Rossi R803C1 - T\u00e2n \u00c1 \u0110\u1ea1i Th\u00e0nh eShop","description":"N\u1ebfu b\u1ea1n \u0111ang t\u00ecm ki\u1ebfm v\u00f2i nh\u00e0 b\u1ebfp c\u00f3 thi\u1ebft k\u1ebf hi\u1ec7n \u0111\u1ea1i, \u0111\u1ed9 b\u1ec1n cao, kh\u00f4ng g\u1ec9 s\u00e9t, b\u1ed9 sen t\u1eafm Rossi R803C1 ch\u00ednh l\u00e0 s\u1ef1 l\u1ef1a ch\u1ecdn ho\u00e0n h\u1ea3o.","robots":{"index":"index","follow":"follow","max-snippet":"max-snippet:-1","max-image-preview":"max-image-preview:large","max-video-preview":"max-video-preview:-1"},"canonical":"https:\/\/shop.tanadaithanh.vn\/en\/san-pham\/voi-nha-bep-rossi-r803c1\/","og_locale":"en_US","og_type":"article","og_title":"V\u00f2i nh\u00e0 b\u1ebfp Rossi R803C1 - T\u00e2n \u00c1 \u0110\u1ea1i Th\u00e0nh eShop","og_description":"N\u1ebfu b\u1ea1n \u0111ang t\u00ecm ki\u1ebfm v\u00f2i nh\u00e0 b\u1ebfp c\u00f3 thi\u1ebft k\u1ebf hi\u1ec7n \u0111\u1ea1i, \u0111\u1ed9 b\u1ec1n cao, kh\u00f4ng g\u1ec9 s\u00e9t, b\u1ed9 sen t\u1eafm Rossi R803C1 ch\u00ednh l\u00e0 s\u1ef1 l\u1ef1a ch\u1ecdn ho\u00e0n h\u1ea3o.","og_url":"https:\/\/shop.tanadaithanh.vn\/en\/san-pham\/voi-nha-bep-rossi-r803c1\/","og_site_name":"T\u00e2n \u00c1 \u0110\u1ea1i Th\u00e0nh eShop","article_publisher":"https:\/\/www.facebook.com\/profile.php?id=61567171139919","article_modified_time":"2026-01-08T06:40:23+00:00","og_image":[{"width":1200,"height":1200,"url":"https:\/\/shop.tanadaithanh.vn\/wp-content\/uploads\/2025\/11\/4-2.png","type":"image\/png"}],"twitter_card":"summary_large_image","twitter_misc":{"Est. reading time":"5 minutes"},"schema":{"@context":"https:\/\/schema.org","@graph":[{"@type":"WebPage","@id":"https:\/\/shop.tanadaithanh.vn\/en\/san-pham\/voi-nha-bep-rossi-r803c1\/","url":"https:\/\/shop.tanadaithanh.vn\/en\/san-pham\/voi-nha-bep-rossi-r803c1\/","name":"V\u00f2i nh\u00e0 b\u1ebfp Rossi R803C1 - T\u00e2n \u00c1 \u0110\u1ea1i Th\u00e0nh eShop","isPartOf":{"@id":"https:\/\/shop.tanadaithanh.vn\/en\/#website"},"primaryImageOfPage":{"@id":"https:\/\/shop.tanadaithanh.vn\/en\/san-pham\/voi-nha-bep-rossi-r803c1\/#primaryimage"},"image":{"@id":"https:\/\/shop.tanadaithanh.vn\/en\/san-pham\/voi-nha-bep-rossi-r803c1\/#primaryimage"},"thumbnailUrl":"https:\/\/shop.tanadaithanh.vn\/wp-content\/uploads\/2025\/11\/4-2.png","datePublished":"2025-11-11T01:56:51+00:00","dateModified":"2026-01-08T06:40:23+00:00","description":"N\u1ebfu b\u1ea1n \u0111ang t\u00ecm ki\u1ebfm v\u00f2i nh\u00e0 b\u1ebfp c\u00f3 thi\u1ebft k\u1ebf hi\u1ec7n \u0111\u1ea1i, \u0111\u1ed9 b\u1ec1n cao, kh\u00f4ng g\u1ec9 s\u00e9t, b\u1ed9 sen t\u1eafm Rossi R803C1 ch\u00ednh l\u00e0 s\u1ef1 l\u1ef1a ch\u1ecdn ho\u00e0n h\u1ea3o.","breadcrumb":{"@id":"https:\/\/shop.tanadaithanh.vn\/en\/san-pham\/voi-nha-bep-rossi-r803c1\/#breadcrumb"},"inLanguage":"en-US","potentialAction":[{"@type":"ReadAction","target":["https:\/\/shop.tanadaithanh.vn\/en\/san-pham\/voi-nha-bep-rossi-r803c1\/"]}]},{"@type":"ImageObject","inLanguage":"en-US","@id":"https:\/\/shop.tanadaithanh.vn\/en\/san-pham\/voi-nha-bep-rossi-r803c1\/#primaryimage","url":"https:\/\/shop.tanadaithanh.vn\/wp-content\/uploads\/2025\/11\/4-2.png","contentUrl":"https:\/\/shop.tanadaithanh.vn\/wp-content\/uploads\/2025\/11\/4-2.png","width":1200,"height":1200},{"@type":"BreadcrumbList","@id":"https:\/\/shop.tanadaithanh.vn\/en\/san-pham\/voi-nha-bep-rossi-r803c1\/#breadcrumb","itemListElement":[{"@type":"ListItem","position":1,"name":"Trang ch\u1ee7","item":"https:\/\/shop.tanadaithanh.vn\/en\/"},{"@type":"ListItem","position":2,"name":"Shop","item":"https:\/\/shop.tanadaithanh.vn\/cua-hang\/"},{"@type":"ListItem","position":3,"name":"V\u00f2i nh\u00e0 b\u1ebfp Rossi R803C1"}]},{"@type":"WebSite","@id":"https:\/\/shop.tanadaithanh.vn\/en\/#website","url":"https:\/\/shop.tanadaithanh.vn\/en\/","name":"T\u00e2n \u00c1 \u0110\u1ea1i Th\u00e0nh eShop - Trang website b\u00e1n h\u00e0ng ch\u00ednh th\u1ee9c T\u1eadp \u0111o\u00e0n T\u00e2n \u00c1 \u0110\u1ea1i Th\u00e0nh","description":"Website b\u00e1n h\u00e0ng tr\u1ef1c tuy\u1ebfn v\u1eadn h\u00e0nh b\u1edfi ch\u00ednh T\u00e2n \u00c1 \u0110\u1ea1i Th\u00e0nh","publisher":{"@id":"https:\/\/shop.tanadaithanh.vn\/en\/#organization"},"potentialAction":[{"@type":"SearchAction","target":{"@type":"EntryPoint","urlTemplate":"https:\/\/shop.tanadaithanh.vn\/en\/?s={search_term_string}"},"query-input":{"@type":"PropertyValueSpecification","valueRequired":true,"valueName":"search_term_string"}}],"inLanguage":"en-US"},{"@type":"Organization","@id":"https:\/\/shop.tanadaithanh.vn\/en\/#organization","name":"T\u00e2n \u00c1 \u0110\u1ea1i Th\u00e0nh eShop - Trang website b\u00e1n h\u00e0ng ch\u00ednh th\u1ee9c T\u1eadp \u0111o\u00e0n T\u00e2n \u00c1 \u0110\u1ea1i Th\u00e0nh","url":"https:\/\/shop.tanadaithanh.vn\/en\/","logo":{"@type":"ImageObject","inLanguage":"en-US","@id":"https:\/\/shop.tanadaithanh.vn\/en\/#\/schema\/logo\/image\/","url":"https:\/\/shop.tanadaithanh.vn\/wp-content\/uploads\/2025\/06\/Logo-2.png","contentUrl":"https:\/\/shop.tanadaithanh.vn\/wp-content\/uploads\/2025\/06\/Logo-2.png","width":2000,"height":2000,"caption":"T\u00e2n \u00c1 \u0110\u1ea1i Th\u00e0nh eShop - Trang website b\u00e1n h\u00e0ng ch\u00ednh th\u1ee9c T\u1eadp \u0111o\u00e0n T\u00e2n \u00c1 \u0110\u1ea1i Th\u00e0nh"},"image":{"@id":"https:\/\/shop.tanadaithanh.vn\/en\/#\/schema\/logo\/image\/"},"sameAs":["https:\/\/www.facebook.com\/profile.php?id=61567171139919","https:\/\/zalo.me\/3915163699004948284"]}]}},"_links":{"self":[{"href":"https:\/\/shop.tanadaithanh.vn\/en\/wp-json\/wp\/v2\/product\/28636","targetHints":{"allow":["GET"]}}],"collection":[{"href":"https:\/\/shop.tanadaithanh.vn\/en\/wp-json\/wp\/v2\/product"}],"about":[{"href":"https:\/\/shop.tanadaithanh.vn\/en\/wp-json\/wp\/v2\/types\/product"}],"replies":[{"embeddable":true,"href":"https:\/\/shop.tanadaithanh.vn\/en\/wp-json\/wp\/v2\/comments?post=28636"}],"version-history":[{"count":7,"href":"https:\/\/shop.tanadaithanh.vn\/en\/wp-json\/wp\/v2\/product\/28636\/revisions"}],"predecessor-version":[{"id":29783,"href":"https:\/\/shop.tanadaithanh.vn\/en\/wp-json\/wp\/v2\/product\/28636\/revisions\/29783"}],"wp:featuredmedia":[{"embeddable":true,"href":"https:\/\/shop.tanadaithanh.vn\/en\/wp-json\/wp\/v2\/media\/30151"}],"wp:attachment":[{"href":"https:\/\/shop.tanadaithanh.vn\/en\/wp-json\/wp\/v2\/media?parent=28636"}],"wp:term":[{"taxonomy":"region","embeddable":true,"href":"https:\/\/shop.tanadaithanh.vn\/en\/wp-json\/wp\/v2\/region?post=28636"},{"taxonomy":"product_brand","embeddable":true,"href":"https:\/\/shop.tanadaithanh.vn\/en\/wp-json\/wp\/v2\/product_brand?post=28636"},{"taxonomy":"product_cat","embeddable":true,"href":"https:\/\/shop.tanadaithanh.vn\/en\/wp-json\/wp\/v2\/product_cat?post=28636"},{"taxonomy":"product_tag","embeddable":true,"href":"https:\/\/shop.tanadaithanh.vn\/en\/wp-json\/wp\/v2\/product_tag?post=28636"}],"curies":[{"name":"wp","href":"https:\/\/api.w.org\/{rel}","templated":true}]}}