{"id":28630,"date":"2025-11-11T08:50:52","date_gmt":"2025-11-11T01:50:52","guid":{"rendered":"https:\/\/shop.tanadaithanh.vn\/?post_type=product&#038;p=28630"},"modified":"2026-04-15T13:54:00","modified_gmt":"2026-04-15T06:54:00","slug":"bo-sen-tam-rossi-r806sc","status":"publish","type":"product","link":"https:\/\/shop.tanadaithanh.vn\/en\/san-pham\/bo-sen-tam-rossi-r806sc\/","title":{"rendered":"B\u1ed9 sen t\u1eafm Rossi R806SC"},"content":{"rendered":"<p><em>N\u1ebfu b\u1ea1n \u0111ang t\u00ecm ki\u1ebfm m\u1ed9t b\u1ed9 v\u00f2i sen t\u1eafm c\u00f3 thi\u1ebft k\u1ebf hi\u1ec7n \u0111\u1ea1i, \u0111\u1ed9 b\u1ec1n cao, kh\u00f4ng d\u1ec5 b\u00e1m b\u1ea9n c\u0169ng nh\u01b0 kh\u00f4ng g\u1ec9 s\u00e9t, \u0103n m\u00f2n, Rossi R806SC ch\u00ednh l\u00e0 s\u1ef1 l\u1ef1a ch\u1ecdn ho\u00e0n h\u1ea3o. \u0110\u1ec3 c\u00f3 g\u00f3c nh\u00ecn c\u1ee5 th\u1ec3 h\u01a1n v\u1ec1 d\u00f2ng s\u1ea3n ph\u1ea9m n\u00e0y, h\u00e3y \u0111\u1ecdc k\u1ef9 b\u00e0i vi\u1ebft d\u01b0\u1edbi \u0111\u00e2y!<\/em><\/p>\n<h2>Th\u00f4ng s\u1ed1 k\u1ef9 thu\u1eadt b\u1ed9 sen t\u1eafm Rossi R806SC<\/h2>\n<table>\n<tbody>\n<tr>\n<td><span style=\"font-weight: 400;\">T\u00ean s\u1ea3n ph\u1ea9m\u00a0<\/span><\/td>\n<td><span style=\"font-weight: 400;\">V\u00f2i sen\u00a0<\/span><\/td>\n<\/tr>\n<tr>\n<td><span style=\"font-weight: 400;\">M\u00e3 s\u1ea3n ph\u1ea9m<\/span><\/td>\n<td><span style=\"font-weight: 400;\">R806SC<\/span><\/td>\n<\/tr>\n<tr>\n<td><span style=\"font-weight: 400;\">Tr\u1ecdng l\u01b0\u1ee3ng<\/span><\/td>\n<td><span style=\"font-weight: 400;\">1085g<\/span><\/td>\n<\/tr>\n<tr>\n<td><span style=\"font-weight: 400;\">K\u00edch th\u01b0\u1edbc<\/span><\/td>\n<td><span style=\"font-weight: 400;\">111 x 191.5<\/span><\/td>\n<\/tr>\n<tr>\n<td><span style=\"font-weight: 400;\">Ch\u1ea5t li\u1ec7u<\/span><\/td>\n<td><span style=\"font-weight: 400;\">Th\u00e2n \u0111\u1ed3ng thau, tay c\u1ea7m h\u1ee3p kim k\u1ebdm<\/span><\/td>\n<\/tr>\n<tr>\n<td><span style=\"font-weight: 400;\">Van \u0111i\u1ec1u khi\u1ec3n<\/span><\/td>\n<td><span style=\"font-weight: 400;\">Van g\u1ed1m \u00d830 TH<\/span><\/td>\n<\/tr>\n<tr>\n<td rowspan=\"5\"><span style=\"font-weight: 400;\">Ph\u1ee5 ki\u1ec7n \u0111i k\u00e8m<\/span><\/td>\n<td><span style=\"font-weight: 400;\">Tay sen inox<\/span><\/td>\n<\/tr>\n<tr>\n<td><span style=\"font-weight: 400;\">\u0110\u1ea7u sen inox<\/span><\/td>\n<\/tr>\n<tr>\n<td><span style=\"font-weight: 400;\">\u1ed0ng d\u1eabn m\u1ec1m inox 1,5m<\/span><\/td>\n<\/tr>\n<tr>\n<td><span style=\"font-weight: 400;\">2 \u0111\u1ea7u n\u1ed1i \u0111\u1ed3ng<\/span><\/td>\n<\/tr>\n<tr>\n<td><span style=\"font-weight: 400;\">2 n\u1eafp inox<\/span><\/td>\n<\/tr>\n<tr>\n<td><span style=\"font-weight: 400;\">B\u1ec1 m\u1eb7t ho\u00e0n thi\u1ec7n\u00a0<\/span><\/td>\n<td><span style=\"font-weight: 400;\">M\u1ea1 Chrome<\/span><\/td>\n<\/tr>\n<\/tbody>\n<\/table>\n<h2>B\u1ed9 sen t\u1eafm Rossi R806C: N\u00e2ng t\u1ea7m kh\u00f4ng gian ph\u00f2ng t\u1eafm<\/h2>\n<p>B\u1ed9 sen t\u1eafm R806SC l\u00e0 s\u1ea3n ph\u1ea9m thu\u1ed9c th\u01b0\u01a1ng hi\u1ec7u Rossi. S\u1edf h\u1eefu \u0111\u1ea7u v\u00f2i sen k\u00edch th\u01b0\u1edbc l\u1edbn v\u00e0 b\u1ed9 chia n\u01b0\u1edbc Sedal ch\u00ednh h\u00e3ng T\u00e2y Ban Nha, R806SC s\u1ebd mang t\u1edbi tr\u1ea3i nghi\u1ec7m t\u1eafm th\u01b0 gi\u00e3n, l\u00e0n da \u0111\u01b0\u1ee3c l\u00e0m s\u1ea1ch s\u00e2u \u0111\u1ed3ng th\u1eddi h\u1ea1n ch\u1ebf l\u01b0\u1ee3ng n\u01b0\u1edbc ti\u00eau th\u1ee5 so v\u1edbi sen t\u1eafm truy\u1ec1n th\u1ed1ng. D\u01b0\u1edbi \u0111\u00e2y l\u00e0 nh\u1eefng \u01b0u \u0111i\u1ec3m n\u1ed5i b\u1eadt c\u1ee7a b\u1ed9 sen t\u1eafm Rossi R806SC.<\/p>\n<h3>Ch\u1ea5t li\u1ec7u \u0111\u1ed3ng cao c\u1ea5p<\/h3>\n<p>Kh\u00f4ng ph\u1ea3i ng\u1eabu nhi\u00ean b\u1ed9 sen t\u1eafm Rossi R806SC n\u1eb1m trong top nh\u1eefng s\u1ea3n ph\u1ea9m best-seller c\u1ee7a th\u01b0\u01a1ng hi\u1ec7u Rossi. M\u1ed9t trong nh\u1eefng y\u1ebfu t\u1ed1 l\u00e0m n\u00ean s\u1ef1 n\u1ed5i b\u1eadt c\u1ee7a s\u1ea3n ph\u1ea9m n\u00e0y ch\u00ednh l\u00e0 R806SC \u0111\u01b0\u1ee3c s\u1ea3n xu\u1ea5t t\u1eeb ch\u1ea5t li\u1ec7u \u0111\u1ed3ng &#8211; m\u1ed9t trong nh\u1eefng ch\u1ea5t li\u1ec7u cao c\u1ea5p nh\u1ea5t trong s\u1ea3n xu\u1ea5t thi\u1ebft b\u1ecb v\u1ec7 sinh.<\/p>\n<p>Kh\u00f4ng gi\u1ed1ng nh\u01b0 c\u00e1c ch\u1ea5t li\u1ec7u inox, th\u00e9p kh\u00f4ng g\u1ec9,&#8230;, \u0111\u1ed3ng \u0111\u01b0\u1ee3c bi\u1ebft \u0111\u1ebfn v\u1edbi kh\u1ea3 n\u0103ng ch\u1ed1ng \u0103n m\u00f2n, ch\u1ed1ng oxy ho\u00e1, kh\u00f4ng b\u1ecb g\u1ec9 s\u00e9t, \u0111\u1ed9 b\u1ec1n cao v\u00e0 an to\u00e0n khi s\u1eed d\u1ee5ng. S\u1edf h\u1eefu \u0111\u1ea7y \u0111\u1ee7 nh\u1eefng t\u00ednh n\u0103ng n\u00e0y, b\u1ed9 sen t\u1eafm Rossi R806SC ch\u1ed1ng g\u1ec9 s\u00e9t, ch\u1ed1ng oxy ho\u00e1 t\u1ed1t, b\u1ec1n v\u00e0 an to\u00e0n v\u1edbi n\u01b0\u1edbc sinh ho\u1ea1t.<\/p>\n<h3>B\u1ed9 chia n\u01b0\u1edbc Sedal ch\u00ednh h\u00e3ng T\u00e2y Ban Nha<\/h3>\n<p>B\u1ed9 chia n\u01b0\u1edbc Sedal \u0111\u01b0\u1ee3c bi\u1ebft \u0111\u1ebfn l\u00e0 \u201cs\u1ea3n ph\u1ea9m qu\u1ed1c d\u00e2n\u201d nh\u1edd s\u1edf h\u1eefu nhi\u1ec1u \u01b0u \u0111i\u1ec3m v\u01b0\u1ee3t tr\u1ed9i nh\u01b0: ch\u1ecbu \u0111\u01b0\u1ee3c \u00e1p l\u1ef1c n\u01b0\u1edbc l\u1edbn, ch\u1ecbu \u0111\u01b0\u1ee3c nhi\u1ec7t \u0111\u1ed9 cao, kh\u1ea3 n\u0103ng ch\u1ed1ng m\u00e0i m\u00f2n c\u1ef1c t\u1ed1t, ti\u1ebft ki\u1ec7m n\u01b0\u1edbc, v\u1eadn h\u00e0nh \u00eam \u00e1i trong 450.000 l\u1ea7n \u0111\u00f3ng m\u1edf.<\/p>\n<p>V\u1edbi vi\u1ec7c \u0111\u01b0\u1ee3c trang b\u1ecb b\u1ed9 chia n\u01b0\u1edbc Sedal, b\u1ed9 sen t\u1eafm Rossi R806SC s\u1ebd gi\u00fap gia \u0111\u00ecnh ti\u1ebft ki\u1ec7m \u0111\u01b0\u1ee3c \u0111\u00e1ng k\u1ec3 l\u01b0\u1ee3ng n\u01b0\u1edbc sinh ho\u1ea1t. Ngo\u00e0i ra, d\u00f2ng n\u01b0\u1edbc ch\u1ea3y ra t\u1eeb b\u1ed9 sen t\u1eafm c\u0169ng s\u1ebd v\u1eadn h\u00e0nh \u1ed5n \u0111\u1ecbnh, \u00eam \u00e1i, kh\u00f4ng xu\u1ea5t hi\u1ec7n t\u00ecnh tr\u1ea1ng n\u01b0\u1edbc n\u00f3ng &#8211; l\u1ea1nh th\u1ea5t th\u01b0\u1eddng.<\/p>\n<h3>T\u1ed1i \u01b0u tr\u1ea3i nghi\u1ec7m kh\u00e1ch h\u00e0ng<\/h3>\n<p>Kh\u00f4ng ch\u1ec9 ch\u00fa tr\u1ecdng t\u1edbi ch\u1ea5t l\u01b0\u1ee3ng s\u1ea3n ph\u1ea9m, nh\u00e0 s\u1ea3n xu\u1ea5t T\u00e2n \u00c1 \u0110\u1ea1i Th\u00e0nh c\u00f2n quan t\u00e2m t\u1edbi tr\u1ea3i nghi\u1ec7m c\u1ee7a kh\u00e1ch h\u00e0ng. B\u1edfi v\u1eady, b\u1ed9 sen t\u1eafm Rossi R806SC \u0111\u00e3 \u0111\u01b0\u1ee3c thi\u1ebft k\u1ebf \u0111\u1ec3 d\u1ec5 d\u00e0ng l\u1eafp \u0111\u1eb7t, v\u1eadn h\u00e0nh an to\u00e0n, d\u1ec5 thao t\u00e1c, c\u1ea7m n\u1eafm ch\u1eafc ch\u1eafn v\u00e0 mang l\u1ea1i c\u1ea3m gi\u00e1c tho\u1ea3i m\u00e1i khi s\u1eed d\u1ee5ng.<\/p>\n<h3>B\u1ea3o h\u00e0nh d\u00e0i h\u1ea1n, ch\u1ebf \u0111\u1ed9 h\u1eadu m\u00e3i uy t\u00edn<\/h3>\n<p>T\u01b0\u01a1ng t\u1ef1 nh\u01b0 c\u00e1c s\u1ea3n ph\u1ea9m sen v\u00f2i Rossi kh\u00e1c, b\u1ed9 sen t\u1eafm R806SC c\u0169ng c\u00f3 ch\u1ebf \u0111\u1ed9 b\u1ea3o h\u00e0nh 2 n\u0103m. Ngo\u00e0i ra, tu\u1ef3 v\u00e0o t\u00ecnh h\u00ecnh th\u1ef1c t\u1ebf, c\u00e1c ph\u1ee5 ki\u1ec7n \u0111i k\u00e8m nh\u01b0: b\u00e1t sen, d\u00e2y sen, tay sen s\u1ebd \u0111\u01b0\u1ee3c ki\u1ec3m tra, kh\u1eafc ph\u1ee5c ho\u1eb7c \u0111\u1ed5i m\u1edbi cho kh\u00e1ch h\u00e0ng \u1edf th\u1eddi \u0111i\u1ec3m l\u1eafp \u0111\u1eb7t, sau khi mua.<\/p>\n<h2>T\u1ea1i sao n\u00ean mua b\u1ed9 sen t\u1eafm R806SC t\u1ea1i website ch\u00ednh h\u00e3ng?<\/h2>\n<p>Khi b\u1ea1n mua b\u1ed9 sen t\u1eafm Rossi R806SC n\u00f3i ri\u00eang v\u00e0 c\u00e1c s\u1ea3n ph\u1ea9m c\u1ee7a Rossi nh\u01b0 b\u1ebfp t\u1eeb, b\u00ecnh n\u01b0\u1edbc n\u00f3ng, m\u00e1y l\u1ecdc n\u01b0\u1edbc,&#8230; t\u1ea1i 2 website shop.tanadaithanh.vn v\u00e0 daithanhgroup.vn s\u1ebd \u0111\u01b0\u1ee3c h\u01b0\u1edfng ch\u1ebf \u0111\u1ed9 b\u1ea3o h\u00e0nh 2 n\u0103m c\u00f9ng nh\u1eefng ch\u01b0\u01a1ng tr\u00ecnh \u01b0u \u0111\u00e3i h\u1ea5p d\u1eabn kh\u00e1c.<\/p>\n<p>H\u00e3y l\u00e0 ng\u01b0\u1eddi ti\u00eau d\u00f9ng th\u00f4ng minh \u0111\u1ec3 tr\u00e1nh kh\u1ecfi nh\u1eefng t\u00ecnh hu\u1ed1ng &#8220;Ti\u1ec1n m\u1ea5t, t\u1eadt mang&#8221; khi c\u00e1c thi\u1ebft b\u1ecb m\u00e1y m\u00f3c tr\u1ee5c tr\u1eb7c. L\u1ef1a ch\u1ecdn \u0111\u1ecba ch\u1ec9 mua h\u00e0ng uy t\u00edn v\u00e0 ch\u1ea5t l\u01b0\u1ee3ng, ng\u01b0\u1eddi ti\u00eau d\u00f9ng s\u1ebd \u0111\u01b0\u1ee3c h\u01b0\u1edfng nh\u1eefng quy\u1ec1n l\u1ee3i v\u1ec1 d\u1ecbch v\u1ee5 c\u0169ng nh\u01b0 ch\u00ednh s\u00e1ch b\u1ea3o h\u00e0nh, \u0111\u1ea3m b\u1ea3o s\u1ea3n ph\u1ea9m s\u1eed d\u1ee5ng v\u1ec1 l\u00e2u d\u00e0i.<\/p>\n","protected":false},"excerpt":{"rendered":"<ul>\n<li>Th\u00e0nh ph\u1ea7n \u0111\u1ed3ng 59% ch\u1ed1ng \u0103n m\u00f2n, k\u00e9o d\u00e0i tu\u1ed5i th\u1ecd s\u1ea3n ph\u1ea9m, mang l\u1ea1i s\u1ef1 an t\u00e2m khi s\u1eed d\u1ee5ng.<\/li>\n<li>L\u1edbp m\u1ea1 Chrome gi\u00fap s\u1ea3n ph\u1ea9m lu\u00f4n s\u00e1ng b\u00f3ng, ch\u1ed1ng b\u00e1m b\u1ea9n, d\u1ec5 v\u1ec7 sinh, gi\u1eef cho sen v\u00f2i lu\u00f4n nh\u01b0 m\u1edbi.<\/li>\n<li>Thi\u1ebft k\u1ebf tinh t\u1ebf chu\u1ea9n T\u00e2y Ban Nha ph\u00f9 h\u1ee3p v\u1edbi m\u1ecdi kh\u00f4ng gian ph\u00f2ng t\u1eafm, t\u1eeb c\u1ed5 \u0111i\u1ec3n \u0111\u1ebfn hi\u1ec7n \u0111\u1ea1i.<\/li>\n<li>B\u1ed9 chia n\u01b0\u1edbc Sedal cao c\u1ea5p gi\u00fap v\u00f2i v\u1eadn h\u00e0nh \u00eam \u00e1i, b\u1ec1n b\u1ec9, \u0111\u1ea3m b\u1ea3o d\u00f2ng ch\u1ea3y \u1ed5n \u0111\u1ecbnh su\u1ed1t 450.000 l\u1ea7n \u0111\u00f3ng m\u1edf<\/li>\n<\/ul>\n","protected":false},"featured_media":29176,"comment_status":"open","ping_status":"closed","template":"","meta":[],"region":[259,260],"product_brand":[],"product_cat":[382,383],"product_tag":[1161,1162,1149,1160,1146,1151],"class_list":{"0":"post-28630","1":"product","2":"type-product","3":"status-publish","4":"has-post-thumbnail","6":"region-mien-bac","7":"region-mien-nam","8":"product_cat-sen-voi","9":"product_cat-voi-sen","10":"product_tag-bo-sen-tam","11":"product_tag-bo-sen-tam-rossi","12":"product_tag-rossi","13":"product_tag-sen-tam","14":"product_tag-sen-voi","15":"product_tag-sen-voi-rossi","17":"first","18":"instock","19":"sale","20":"shipping-taxable","21":"purchasable","22":"product-type-simple"},"yoast_head":"<!-- This site is optimized with the Yoast SEO plugin v24.6 - https:\/\/yoast.com\/wordpress\/plugins\/seo\/ -->\n<title>B\u1ed9 sen t\u1eafm Rossi R806SC - T\u00e2n \u00c1 \u0110\u1ea1i Th\u00e0nh eShop<\/title>\n<meta name=\"description\" content=\"N\u1ebfu b\u1ea1n \u0111ang t\u00ecm ki\u1ebfm m\u1ed9t b\u1ed9 v\u00f2i sen t\u1eafm c\u00f3 thi\u1ebft k\u1ebf hi\u1ec7n \u0111\u1ea1i, \u0111\u1ed9 b\u1ec1n cao, kh\u00f4ng g\u1ec9 s\u00e9t, b\u1ed9 sen t\u1eafm Rossi R806SC ch\u00ednh l\u00e0 s\u1ef1 l\u1ef1a ch\u1ecdn ho\u00e0n h\u1ea3o.\" \/>\n<meta name=\"robots\" content=\"index, follow, max-snippet:-1, max-image-preview:large, max-video-preview:-1\" \/>\n<link rel=\"canonical\" href=\"https:\/\/shop.tanadaithanh.vn\/en\/san-pham\/bo-sen-tam-rossi-r806sc\/\" \/>\n<meta property=\"og:locale\" content=\"en_US\" \/>\n<meta property=\"og:type\" content=\"article\" \/>\n<meta property=\"og:title\" content=\"B\u1ed9 sen t\u1eafm Rossi R806SC - T\u00e2n \u00c1 \u0110\u1ea1i Th\u00e0nh eShop\" \/>\n<meta property=\"og:description\" content=\"N\u1ebfu b\u1ea1n \u0111ang t\u00ecm ki\u1ebfm m\u1ed9t b\u1ed9 v\u00f2i sen t\u1eafm c\u00f3 thi\u1ebft k\u1ebf hi\u1ec7n \u0111\u1ea1i, \u0111\u1ed9 b\u1ec1n cao, kh\u00f4ng g\u1ec9 s\u00e9t, b\u1ed9 sen t\u1eafm Rossi R806SC ch\u00ednh l\u00e0 s\u1ef1 l\u1ef1a ch\u1ecdn ho\u00e0n h\u1ea3o.\" \/>\n<meta property=\"og:url\" content=\"https:\/\/shop.tanadaithanh.vn\/en\/san-pham\/bo-sen-tam-rossi-r806sc\/\" \/>\n<meta property=\"og:site_name\" content=\"T\u00e2n \u00c1 \u0110\u1ea1i Th\u00e0nh eShop\" \/>\n<meta property=\"article:publisher\" content=\"https:\/\/www.facebook.com\/profile.php?id=61567171139919\" \/>\n<meta property=\"article:modified_time\" content=\"2026-04-15T06:54:00+00:00\" \/>\n<meta property=\"og:image\" content=\"https:\/\/shop.tanadaithanh.vn\/wp-content\/uploads\/2025\/11\/R806SC.png\" \/>\n\t<meta property=\"og:image:width\" content=\"1200\" \/>\n\t<meta property=\"og:image:height\" content=\"1200\" \/>\n\t<meta property=\"og:image:type\" content=\"image\/png\" \/>\n<meta name=\"twitter:card\" content=\"summary_large_image\" \/>\n<meta name=\"twitter:label1\" content=\"Est. reading time\" \/>\n\t<meta name=\"twitter:data1\" content=\"5 minutes\" \/>\n<script type=\"application\/ld+json\" class=\"yoast-schema-graph\">{\"@context\":\"https:\/\/schema.org\",\"@graph\":[{\"@type\":\"WebPage\",\"@id\":\"https:\/\/shop.tanadaithanh.vn\/en\/san-pham\/bo-sen-tam-rossi-r806sc\/\",\"url\":\"https:\/\/shop.tanadaithanh.vn\/en\/san-pham\/bo-sen-tam-rossi-r806sc\/\",\"name\":\"B\u1ed9 sen t\u1eafm Rossi R806SC - T\u00e2n \u00c1 \u0110\u1ea1i Th\u00e0nh eShop\",\"isPartOf\":{\"@id\":\"https:\/\/shop.tanadaithanh.vn\/en\/#website\"},\"primaryImageOfPage\":{\"@id\":\"https:\/\/shop.tanadaithanh.vn\/en\/san-pham\/bo-sen-tam-rossi-r806sc\/#primaryimage\"},\"image\":{\"@id\":\"https:\/\/shop.tanadaithanh.vn\/en\/san-pham\/bo-sen-tam-rossi-r806sc\/#primaryimage\"},\"thumbnailUrl\":\"https:\/\/shop.tanadaithanh.vn\/wp-content\/uploads\/2025\/11\/R806SC.png\",\"datePublished\":\"2025-11-11T01:50:52+00:00\",\"dateModified\":\"2026-04-15T06:54:00+00:00\",\"description\":\"N\u1ebfu b\u1ea1n \u0111ang t\u00ecm ki\u1ebfm m\u1ed9t b\u1ed9 v\u00f2i sen t\u1eafm c\u00f3 thi\u1ebft k\u1ebf hi\u1ec7n \u0111\u1ea1i, \u0111\u1ed9 b\u1ec1n cao, kh\u00f4ng g\u1ec9 s\u00e9t, b\u1ed9 sen t\u1eafm Rossi R806SC ch\u00ednh l\u00e0 s\u1ef1 l\u1ef1a ch\u1ecdn ho\u00e0n h\u1ea3o.\",\"breadcrumb\":{\"@id\":\"https:\/\/shop.tanadaithanh.vn\/en\/san-pham\/bo-sen-tam-rossi-r806sc\/#breadcrumb\"},\"inLanguage\":\"en-US\",\"potentialAction\":[{\"@type\":\"ReadAction\",\"target\":[\"https:\/\/shop.tanadaithanh.vn\/en\/san-pham\/bo-sen-tam-rossi-r806sc\/\"]}]},{\"@type\":\"ImageObject\",\"inLanguage\":\"en-US\",\"@id\":\"https:\/\/shop.tanadaithanh.vn\/en\/san-pham\/bo-sen-tam-rossi-r806sc\/#primaryimage\",\"url\":\"https:\/\/shop.tanadaithanh.vn\/wp-content\/uploads\/2025\/11\/R806SC.png\",\"contentUrl\":\"https:\/\/shop.tanadaithanh.vn\/wp-content\/uploads\/2025\/11\/R806SC.png\",\"width\":1200,\"height\":1200},{\"@type\":\"BreadcrumbList\",\"@id\":\"https:\/\/shop.tanadaithanh.vn\/en\/san-pham\/bo-sen-tam-rossi-r806sc\/#breadcrumb\",\"itemListElement\":[{\"@type\":\"ListItem\",\"position\":1,\"name\":\"Trang ch\u1ee7\",\"item\":\"https:\/\/shop.tanadaithanh.vn\/en\/\"},{\"@type\":\"ListItem\",\"position\":2,\"name\":\"Shop\",\"item\":\"https:\/\/shop.tanadaithanh.vn\/cua-hang\/\"},{\"@type\":\"ListItem\",\"position\":3,\"name\":\"B\u1ed9 sen t\u1eafm Rossi R806SC\"}]},{\"@type\":\"WebSite\",\"@id\":\"https:\/\/shop.tanadaithanh.vn\/en\/#website\",\"url\":\"https:\/\/shop.tanadaithanh.vn\/en\/\",\"name\":\"T\u00e2n \u00c1 \u0110\u1ea1i Th\u00e0nh eShop - Trang website b\u00e1n h\u00e0ng ch\u00ednh th\u1ee9c T\u1eadp \u0111o\u00e0n T\u00e2n \u00c1 \u0110\u1ea1i Th\u00e0nh\",\"description\":\"Website b\u00e1n h\u00e0ng tr\u1ef1c tuy\u1ebfn v\u1eadn h\u00e0nh b\u1edfi ch\u00ednh T\u00e2n \u00c1 \u0110\u1ea1i Th\u00e0nh\",\"publisher\":{\"@id\":\"https:\/\/shop.tanadaithanh.vn\/en\/#organization\"},\"potentialAction\":[{\"@type\":\"SearchAction\",\"target\":{\"@type\":\"EntryPoint\",\"urlTemplate\":\"https:\/\/shop.tanadaithanh.vn\/en\/?s={search_term_string}\"},\"query-input\":{\"@type\":\"PropertyValueSpecification\",\"valueRequired\":true,\"valueName\":\"search_term_string\"}}],\"inLanguage\":\"en-US\"},{\"@type\":\"Organization\",\"@id\":\"https:\/\/shop.tanadaithanh.vn\/en\/#organization\",\"name\":\"T\u00e2n \u00c1 \u0110\u1ea1i Th\u00e0nh eShop - Trang website b\u00e1n h\u00e0ng ch\u00ednh th\u1ee9c T\u1eadp \u0111o\u00e0n T\u00e2n \u00c1 \u0110\u1ea1i Th\u00e0nh\",\"url\":\"https:\/\/shop.tanadaithanh.vn\/en\/\",\"logo\":{\"@type\":\"ImageObject\",\"inLanguage\":\"en-US\",\"@id\":\"https:\/\/shop.tanadaithanh.vn\/en\/#\/schema\/logo\/image\/\",\"url\":\"https:\/\/shop.tanadaithanh.vn\/wp-content\/uploads\/2025\/06\/Logo-2.png\",\"contentUrl\":\"https:\/\/shop.tanadaithanh.vn\/wp-content\/uploads\/2025\/06\/Logo-2.png\",\"width\":2000,\"height\":2000,\"caption\":\"T\u00e2n \u00c1 \u0110\u1ea1i Th\u00e0nh eShop - Trang website b\u00e1n h\u00e0ng ch\u00ednh th\u1ee9c T\u1eadp \u0111o\u00e0n T\u00e2n \u00c1 \u0110\u1ea1i Th\u00e0nh\"},\"image\":{\"@id\":\"https:\/\/shop.tanadaithanh.vn\/en\/#\/schema\/logo\/image\/\"},\"sameAs\":[\"https:\/\/www.facebook.com\/profile.php?id=61567171139919\",\"https:\/\/zalo.me\/3915163699004948284\"]}]}<\/script>\n<!-- \/ Yoast SEO plugin. -->","yoast_head_json":{"title":"B\u1ed9 sen t\u1eafm Rossi R806SC - T\u00e2n \u00c1 \u0110\u1ea1i Th\u00e0nh eShop","description":"N\u1ebfu b\u1ea1n \u0111ang t\u00ecm ki\u1ebfm m\u1ed9t b\u1ed9 v\u00f2i sen t\u1eafm c\u00f3 thi\u1ebft k\u1ebf hi\u1ec7n \u0111\u1ea1i, \u0111\u1ed9 b\u1ec1n cao, kh\u00f4ng g\u1ec9 s\u00e9t, b\u1ed9 sen t\u1eafm Rossi R806SC ch\u00ednh l\u00e0 s\u1ef1 l\u1ef1a ch\u1ecdn ho\u00e0n h\u1ea3o.","robots":{"index":"index","follow":"follow","max-snippet":"max-snippet:-1","max-image-preview":"max-image-preview:large","max-video-preview":"max-video-preview:-1"},"canonical":"https:\/\/shop.tanadaithanh.vn\/en\/san-pham\/bo-sen-tam-rossi-r806sc\/","og_locale":"en_US","og_type":"article","og_title":"B\u1ed9 sen t\u1eafm Rossi R806SC - T\u00e2n \u00c1 \u0110\u1ea1i Th\u00e0nh eShop","og_description":"N\u1ebfu b\u1ea1n \u0111ang t\u00ecm ki\u1ebfm m\u1ed9t b\u1ed9 v\u00f2i sen t\u1eafm c\u00f3 thi\u1ebft k\u1ebf hi\u1ec7n \u0111\u1ea1i, \u0111\u1ed9 b\u1ec1n cao, kh\u00f4ng g\u1ec9 s\u00e9t, b\u1ed9 sen t\u1eafm Rossi R806SC ch\u00ednh l\u00e0 s\u1ef1 l\u1ef1a ch\u1ecdn ho\u00e0n h\u1ea3o.","og_url":"https:\/\/shop.tanadaithanh.vn\/en\/san-pham\/bo-sen-tam-rossi-r806sc\/","og_site_name":"T\u00e2n \u00c1 \u0110\u1ea1i Th\u00e0nh eShop","article_publisher":"https:\/\/www.facebook.com\/profile.php?id=61567171139919","article_modified_time":"2026-04-15T06:54:00+00:00","og_image":[{"width":1200,"height":1200,"url":"https:\/\/shop.tanadaithanh.vn\/wp-content\/uploads\/2025\/11\/R806SC.png","type":"image\/png"}],"twitter_card":"summary_large_image","twitter_misc":{"Est. reading time":"5 minutes"},"schema":{"@context":"https:\/\/schema.org","@graph":[{"@type":"WebPage","@id":"https:\/\/shop.tanadaithanh.vn\/en\/san-pham\/bo-sen-tam-rossi-r806sc\/","url":"https:\/\/shop.tanadaithanh.vn\/en\/san-pham\/bo-sen-tam-rossi-r806sc\/","name":"B\u1ed9 sen t\u1eafm Rossi R806SC - T\u00e2n \u00c1 \u0110\u1ea1i Th\u00e0nh eShop","isPartOf":{"@id":"https:\/\/shop.tanadaithanh.vn\/en\/#website"},"primaryImageOfPage":{"@id":"https:\/\/shop.tanadaithanh.vn\/en\/san-pham\/bo-sen-tam-rossi-r806sc\/#primaryimage"},"image":{"@id":"https:\/\/shop.tanadaithanh.vn\/en\/san-pham\/bo-sen-tam-rossi-r806sc\/#primaryimage"},"thumbnailUrl":"https:\/\/shop.tanadaithanh.vn\/wp-content\/uploads\/2025\/11\/R806SC.png","datePublished":"2025-11-11T01:50:52+00:00","dateModified":"2026-04-15T06:54:00+00:00","description":"N\u1ebfu b\u1ea1n \u0111ang t\u00ecm ki\u1ebfm m\u1ed9t b\u1ed9 v\u00f2i sen t\u1eafm c\u00f3 thi\u1ebft k\u1ebf hi\u1ec7n \u0111\u1ea1i, \u0111\u1ed9 b\u1ec1n cao, kh\u00f4ng g\u1ec9 s\u00e9t, b\u1ed9 sen t\u1eafm Rossi R806SC ch\u00ednh l\u00e0 s\u1ef1 l\u1ef1a ch\u1ecdn ho\u00e0n h\u1ea3o.","breadcrumb":{"@id":"https:\/\/shop.tanadaithanh.vn\/en\/san-pham\/bo-sen-tam-rossi-r806sc\/#breadcrumb"},"inLanguage":"en-US","potentialAction":[{"@type":"ReadAction","target":["https:\/\/shop.tanadaithanh.vn\/en\/san-pham\/bo-sen-tam-rossi-r806sc\/"]}]},{"@type":"ImageObject","inLanguage":"en-US","@id":"https:\/\/shop.tanadaithanh.vn\/en\/san-pham\/bo-sen-tam-rossi-r806sc\/#primaryimage","url":"https:\/\/shop.tanadaithanh.vn\/wp-content\/uploads\/2025\/11\/R806SC.png","contentUrl":"https:\/\/shop.tanadaithanh.vn\/wp-content\/uploads\/2025\/11\/R806SC.png","width":1200,"height":1200},{"@type":"BreadcrumbList","@id":"https:\/\/shop.tanadaithanh.vn\/en\/san-pham\/bo-sen-tam-rossi-r806sc\/#breadcrumb","itemListElement":[{"@type":"ListItem","position":1,"name":"Trang ch\u1ee7","item":"https:\/\/shop.tanadaithanh.vn\/en\/"},{"@type":"ListItem","position":2,"name":"Shop","item":"https:\/\/shop.tanadaithanh.vn\/cua-hang\/"},{"@type":"ListItem","position":3,"name":"B\u1ed9 sen t\u1eafm Rossi R806SC"}]},{"@type":"WebSite","@id":"https:\/\/shop.tanadaithanh.vn\/en\/#website","url":"https:\/\/shop.tanadaithanh.vn\/en\/","name":"T\u00e2n \u00c1 \u0110\u1ea1i Th\u00e0nh eShop - Trang website b\u00e1n h\u00e0ng ch\u00ednh th\u1ee9c T\u1eadp \u0111o\u00e0n T\u00e2n \u00c1 \u0110\u1ea1i Th\u00e0nh","description":"Website b\u00e1n h\u00e0ng tr\u1ef1c tuy\u1ebfn v\u1eadn h\u00e0nh b\u1edfi ch\u00ednh T\u00e2n \u00c1 \u0110\u1ea1i Th\u00e0nh","publisher":{"@id":"https:\/\/shop.tanadaithanh.vn\/en\/#organization"},"potentialAction":[{"@type":"SearchAction","target":{"@type":"EntryPoint","urlTemplate":"https:\/\/shop.tanadaithanh.vn\/en\/?s={search_term_string}"},"query-input":{"@type":"PropertyValueSpecification","valueRequired":true,"valueName":"search_term_string"}}],"inLanguage":"en-US"},{"@type":"Organization","@id":"https:\/\/shop.tanadaithanh.vn\/en\/#organization","name":"T\u00e2n \u00c1 \u0110\u1ea1i Th\u00e0nh eShop - Trang website b\u00e1n h\u00e0ng ch\u00ednh th\u1ee9c T\u1eadp \u0111o\u00e0n T\u00e2n \u00c1 \u0110\u1ea1i Th\u00e0nh","url":"https:\/\/shop.tanadaithanh.vn\/en\/","logo":{"@type":"ImageObject","inLanguage":"en-US","@id":"https:\/\/shop.tanadaithanh.vn\/en\/#\/schema\/logo\/image\/","url":"https:\/\/shop.tanadaithanh.vn\/wp-content\/uploads\/2025\/06\/Logo-2.png","contentUrl":"https:\/\/shop.tanadaithanh.vn\/wp-content\/uploads\/2025\/06\/Logo-2.png","width":2000,"height":2000,"caption":"T\u00e2n \u00c1 \u0110\u1ea1i Th\u00e0nh eShop - Trang website b\u00e1n h\u00e0ng ch\u00ednh th\u1ee9c T\u1eadp \u0111o\u00e0n T\u00e2n \u00c1 \u0110\u1ea1i Th\u00e0nh"},"image":{"@id":"https:\/\/shop.tanadaithanh.vn\/en\/#\/schema\/logo\/image\/"},"sameAs":["https:\/\/www.facebook.com\/profile.php?id=61567171139919","https:\/\/zalo.me\/3915163699004948284"]}]}},"_links":{"self":[{"href":"https:\/\/shop.tanadaithanh.vn\/en\/wp-json\/wp\/v2\/product\/28630","targetHints":{"allow":["GET"]}}],"collection":[{"href":"https:\/\/shop.tanadaithanh.vn\/en\/wp-json\/wp\/v2\/product"}],"about":[{"href":"https:\/\/shop.tanadaithanh.vn\/en\/wp-json\/wp\/v2\/types\/product"}],"replies":[{"embeddable":true,"href":"https:\/\/shop.tanadaithanh.vn\/en\/wp-json\/wp\/v2\/comments?post=28630"}],"version-history":[{"count":6,"href":"https:\/\/shop.tanadaithanh.vn\/en\/wp-json\/wp\/v2\/product\/28630\/revisions"}],"predecessor-version":[{"id":29767,"href":"https:\/\/shop.tanadaithanh.vn\/en\/wp-json\/wp\/v2\/product\/28630\/revisions\/29767"}],"wp:featuredmedia":[{"embeddable":true,"href":"https:\/\/shop.tanadaithanh.vn\/en\/wp-json\/wp\/v2\/media\/29176"}],"wp:attachment":[{"href":"https:\/\/shop.tanadaithanh.vn\/en\/wp-json\/wp\/v2\/media?parent=28630"}],"wp:term":[{"taxonomy":"region","embeddable":true,"href":"https:\/\/shop.tanadaithanh.vn\/en\/wp-json\/wp\/v2\/region?post=28630"},{"taxonomy":"product_brand","embeddable":true,"href":"https:\/\/shop.tanadaithanh.vn\/en\/wp-json\/wp\/v2\/product_brand?post=28630"},{"taxonomy":"product_cat","embeddable":true,"href":"https:\/\/shop.tanadaithanh.vn\/en\/wp-json\/wp\/v2\/product_cat?post=28630"},{"taxonomy":"product_tag","embeddable":true,"href":"https:\/\/shop.tanadaithanh.vn\/en\/wp-json\/wp\/v2\/product_tag?post=28630"}],"curies":[{"name":"wp","href":"https:\/\/api.w.org\/{rel}","templated":true}]}}