{"id":28624,"date":"2025-11-10T17:17:23","date_gmt":"2025-11-10T10:17:23","guid":{"rendered":"https:\/\/shop.tanadaithanh.vn\/?post_type=product&#038;p=28624"},"modified":"2026-04-15T10:55:01","modified_gmt":"2026-04-15T03:55:01","slug":"voi-chau-rossi-r803v1","status":"publish","type":"product","link":"https:\/\/shop.tanadaithanh.vn\/en\/san-pham\/voi-chau-rossi-r803v1\/","title":{"rendered":"V\u00f2i ch\u1eadu Rossi R803V1"},"content":{"rendered":"<p><em>\u0110\u01b0\u1ee3c ch\u1ebf t\u00e1c t\u1eeb ch\u1ea5t li\u1ec7u \u0111\u1ed3ng cao c\u1ea5p k\u1ebft h\u1ee3p v\u1edbi l\u1edbp ph\u1ee7 chrome sang tr\u1ecdng, v\u00f2i ch\u1eadu Rossi R803V1 s\u1ebd mang t\u1edbi v\u1ebb \u0111\u1eb9p sang tr\u1ecdng, b\u1ec1n b\u1ec9 v\u01b0\u1ee3t th\u1eddi gian. Thi\u1ebft k\u1ebf tinh t\u1ebf nh\u01b0ng sang tr\u1ecdng, R803V1 kh\u00f4ng \u0111\u01a1n thu\u1ea7n l\u00e0 thi\u1ebft b\u1ecb nh\u00e0 t\u1eafm m\u00e0 c\u00f2n l\u00e0 \u0111i\u1ec3m nh\u1ea5n tinh t\u1ebf n\u00e2ng t\u1ea7m kh\u00f4ng gian ph\u00f2ng t\u1eafm.\u00a0<\/em><\/p>\n<h2>Th\u00f4ng s\u1ed1 k\u1ef9 thu\u1eadt v\u00f2i ch\u1eadu R803V1<\/h2>\n<table>\n<tbody>\n<tr>\n<td><span style=\"font-weight: 400;\">T\u00ean s\u1ea3n ph\u1ea9m\u00a0<\/span><\/td>\n<td><span style=\"font-weight: 400;\">V\u00f2i lavabo\u00a0<\/span><\/td>\n<\/tr>\n<tr>\n<td><span style=\"font-weight: 400;\">M\u00e3 s\u1ea3n ph\u1ea9m<\/span><\/td>\n<td><span style=\"font-weight: 400;\">R803V1<\/span><\/td>\n<\/tr>\n<tr>\n<td><span style=\"font-weight: 400;\">Tr\u1ecdng l\u01b0\u1ee3ng<\/span><\/td>\n<td><span style=\"font-weight: 400;\">755g<\/span><\/td>\n<\/tr>\n<tr>\n<td><span style=\"font-weight: 400;\">Ch\u1ea5t li\u1ec7u<\/span><\/td>\n<td><span style=\"font-weight: 400;\">Th\u00e2n \u0111\u1ed3ng thau, tay c\u1ea7m h\u1ee3p kim k\u1ebdm<\/span><\/td>\n<\/tr>\n<tr>\n<td><span style=\"font-weight: 400;\">Van \u0111i\u1ec1u khi\u1ec3n<\/span><\/td>\n<td><span style=\"font-weight: 400;\">Van g\u1ed1m \u00d825 TH<\/span><\/td>\n<\/tr>\n<tr>\n<td rowspan=\"3\"><span style=\"font-weight: 400;\">Ph\u1ee5 ki\u1ec7n \u0111i k\u00e8m<\/span><\/td>\n<td><span style=\"font-weight: 400;\">2 \u1ed1ng c\u1ea5p n\u01b0\u1edbc inox 60 cm<\/span><\/td>\n<\/tr>\n<tr>\n<td><span style=\"font-weight: 400;\">B\u1ed9 x\u1ea3 inox<\/span><\/td>\n<\/tr>\n<tr>\n<td><span style=\"font-weight: 400;\">\u1ed0ng nh\u1ef1a<\/span><\/td>\n<\/tr>\n<tr>\n<td><span style=\"font-weight: 400;\">B\u1ec1 m\u1eb7t ho\u00e0n thi\u1ec7n\u00a0<\/span><\/td>\n<td><span style=\"font-weight: 400;\">M\u1ea1 Chrome<\/span><\/td>\n<\/tr>\n<\/tbody>\n<\/table>\n<h2>V\u00f2i ch\u1eadu Rossi R803V1: Thi\u1ebft k\u1ebf sang tr\u1ecdng, b\u1ec1n b\u1ec9 v\u01b0\u1ee3t th\u1eddi gian<\/h2>\n<p>Kh\u00f4ng ngoa khi n\u00f3i r\u1eb1ng v\u00f2i ch\u1eadu R803V1 l\u00e0 m\u1ed9t trong nh\u1eefng s\u1ea3n ph\u1ea9m v\u00f2i ch\u1eadu n\u1ed5i b\u1eadt nh\u1ea5t c\u1ee7a th\u01b0\u01a1ng hi\u1ec7u Rossi v\u1edbi r\u1ea5t nhi\u1ec1u \u01b0u \u0111i\u1ec3m n\u1ed5i tr\u1ed9i. D\u01b0\u1edbi \u0111\u00e2y l\u00e0 nh\u1eefng \u01b0u \u0111i\u1ec3m c\u1ee7a v\u00f2i ch\u1eadu Rossi R803V1.<\/p>\n<h3>S\u1ea3n xu\u1ea5t t\u1eeb ch\u1ea5t li\u1ec7u \u0111\u1ed3ng cao c\u1ea5p<\/h3>\n<p>\u0110\u1ed3ng l\u00e0 m\u1ed9t trong nh\u1eefng ch\u1ea5t li\u1ec7u cao c\u1ea5p nh\u1ea5t trong s\u1ea3n xu\u1ea5t thi\u1ebft b\u1ecb v\u1ec7 sinh. So v\u1edbi nh\u1eefng ch\u1ea5t li\u1ec7u kh\u00e1c nh\u01b0 inox, th\u00e9p kh\u00f4ng g\u1ec9,&#8230;, \u0111\u1ed3ng n\u1ed5i b\u1eadt v\u1edbi nh\u1eefng \u0111\u1eb7c \u0111i\u1ec3m ch\u1ed1ng \u0103n m\u00f2n, ch\u1ed1ng g\u1ec9 s\u00e9t, \u0111\u1ed3 b\u1ec1n cao.<\/p>\n<p>V\u1edbi vi\u1ec7c \u0111\u01b0\u1ee3c ch\u1ebf t\u1ea1o t\u1eeb ch\u1ea5t li\u1ec7u \u0111\u1ed3ng cao c\u1ea5p, s\u1ea3n ph\u1ea9m v\u00f2i ch\u1eadu r\u1eeda R803V1 s\u1ebd c\u00f3 \u0111\u1ea7y \u0111\u1ee7 c\u00e1c \u0111\u1eb7c t\u00ednh g\u1ed3m ch\u1ed1ng \u0103n m\u00f2n, ch\u1ed1ng oxy h\u00f3a, ch\u1ed1ng g\u1ec9 s\u00e9t, \u0111\u1ed9 b\u1ec1n cao, an to\u00e0n v\u1edbi n\u01b0\u1edbc sinh ho\u1ea1t.<\/p>\n<h3>B\u1ed9 chia n\u01b0\u1edbc Sedal ch\u00ednh h\u00e3ng: \u0110\u00f3ng m\u1edf \u00eam \u00e1i, ti\u1ebft ki\u1ec7m n\u01b0\u1edbc t\u1ed1i \u0111a<\/h3>\n<p>M\u1ed9t trong nh\u1eefng \u0111i\u1ec3m c\u1ed9ng l\u1edbn c\u1ee7a v\u00f2i ch\u1eadu Rossi R803V1 ch\u00ednh l\u00e0 b\u1ed9 chia n\u01b0\u1edbc Sedal. B\u1ed9 chia n\u01b0\u1edbc n\u00e0y n\u1ed5i ti\u1ebfng v\u1edbi kh\u1ea3 n\u0103ng ch\u1ecbu \u0111\u01b0\u1ee3c \u00e1p l\u1ef1c n\u01b0\u1edbc l\u1edbn, nhi\u1ec7t \u0111\u1ed9 n\u01b0\u1edbc cao, ch\u1ed1ng r\u00f2 r\u1ec9 n\u01b0\u1edbc, ch\u1ecbu m\u00e0i m\u00f2n t\u1ed1t v\u00e0 v\u1eadn h\u00e0nh \u1ed5n \u0111\u1ecbnh t\u1edbi 450.000 l\u1ea7n \u0111\u00f3ng m\u1edf.<\/p>\n<p>V\u1edbi vi\u1ec7c t\u00edch h\u1ee3p b\u1ed9 chia n\u01b0\u1edbc Sedal, s\u1ea3n ph\u1ea9m v\u00f2i ch\u1eadu Rossi R803V1 s\u1ebd c\u00f3 kh\u00f4ng g\u1eb7p ph\u1ea3i t\u00ecnh tr\u1ea1ng n\u01b0\u1edbc b\u1ecb b\u1eafn tung to\u00e9 khi m\u1edf v\u00f2i hay n\u01b0\u1edbc n\u00f3ng &#8211; l\u1ea1nh th\u1ea5t th\u01b0\u1eddng. Thay v\u00e0o \u0111\u00f3, d\u00f2ng n\u01b0\u1edbc s\u1ebd \u0111\u01b0\u1ee3c v\u1eadn h\u00e0nh \u1ed5n \u0111\u1ecbnh, ch\u1ea3y \u0111\u1ec1u v\u00e0 n\u01b0\u1edbc \u0111\u01b0\u1ee3c ti\u1ebft ki\u1ec7m \u0111\u01b0\u1ee3c \u0111\u00e1ng k\u1ec3.<\/p>\n<h3>Ph\u1ee5 ki\u1ec7n \u0111\u1ed3ng b\u1ed9: D\u1ec5 d\u00e0ng l\u1eafp \u0111\u1eb7t, ti\u1ebft ki\u1ec7m chi ph\u00ed v\u00e0 th\u1eddi gian<\/h3>\n<p>T\u01b0\u01a1ng t\u1ef1 nh\u01b0 c\u00e1c s\u1ea3n ph\u1ea9m sen v\u00f2i Rossi kh\u00e1c, v\u00f2i ch\u1eadu Rossi R803V1 c\u0169ng \u0111i k\u00e8m b\u1ed9 ph\u1ee5 ki\u1ec7n g\u1ed3m 2 \u1ed1ng c\u1ea5p n\u01b0\u1edbc inox d\u00e0i 60cm, b\u1ed9 x\u1ea3 inox v\u00e0 \u1ed1ng nh\u1ef1a. Trong \u0111\u00f3, 2 \u1ed1ng c\u1ea5p n\u01b0\u1edbc \u0111\u01b0\u1ee3c l\u00e0m t\u1eeb inox cao c\u1ea5p, c\u00f3 kh\u1ea3 n\u0103ng ch\u1ecbu \u00e1p l\u1ef1c cao, ch\u1ed1ng xo\u1eafn g\u1eadp, v\u00e0 d\u1ec5 d\u00e0ng k\u1ebft n\u1ed1i v\u1edbi ngu\u1ed3n n\u01b0\u1edbc n\u00f3ng &#8211; l\u1ea1nh.<\/p>\n<p>B\u1ed9 x\u1ea3 inox v\u00e0 \u1ed1ng nh\u1ef1a gi\u00fap n\u01b0\u1edbc x\u1ea3 nhanh, ng\u0103n m\u00f9i v\u00e0 d\u1ec5 b\u1ea3o tr\u00ec. To\u00e0n b\u1ed9 ph\u1ee5 ki\u1ec7n c\u1ee7a v\u00f2i ch\u1eadu Rossi R803V1 \u0111\u01b0\u1ee3c thi\u1ebft k\u1ebf \u0111\u1ed3ng b\u1ed9 v\u00e0 \u0111\u1ea3m b\u1ea3o an to\u00e0n tuy\u1ec7t \u0111\u1ed1i khi s\u1eed d\u1ee5ng.<\/p>\n<h3>Thi\u1ebft k\u1ebf tinh t\u1ebf, sang tr\u1ecdng: \u0110i\u1ec3m nh\u1ea5n ph\u00f9 h\u1ee3p v\u1edbi m\u1ecdi kh\u00f4ng gian ph\u00f2ng t\u1eafm<\/h3>\n<p>V\u00f2i ch\u1eadu Rossi R803V1 s\u1edf h\u1eefu \u0111\u01b0\u1eddng n\u00e9t thanh tho\u00e1t, k\u00edch th\u01b0\u1edbc g\u1ecdn g\u00e0ng. M\u1ecdi \u0111\u01b0\u1eddng n\u00e9t c\u1ee7a s\u1ea3n ph\u1ea9m \u0111\u1ec1u \u0111\u01b0\u1ee3c ch\u1ebf t\u00e1c t\u1ec9 m\u1ec9 \u0111\u1ec3 s\u1ea3n ph\u1ea9m v\u1eeba l\u00e0 thi\u1ebft b\u1ecb ti\u1ec7n \u00edch v\u1eeba l\u00e0 \u0111i\u1ec3m nh\u1ea5n \u0111\u1eb7c bi\u1ec7t trong kh\u00f4ng gian ph\u00f2ng t\u1eafm.<\/p>\n<p>B\u1ec1 m\u1eb7t v\u00f2i \u0111\u01b0\u1ee3c m\u1ea1 l\u1edbp chrome cao c\u1ea5p gi\u00fap s\u1ea3n ph\u1ea9m kh\u00f4ng b\u1ecb tr\u1ea7y x\u01b0\u1edbc hay b\u00e1m b\u1ea9n. Ngo\u00e0i ra, l\u1edbp m\u1ea1 chrome n\u00e0y c\u00f2n gi\u00fap v\u00f2i Rossi R803V1 kh\u00f4ng b\u1ecb oxy ho\u00e1, gi\u1eef \u0111\u01b0\u1ee3c v\u1ebb ngo\u00e0i nh\u01b0 m\u1edbi d\u00f9 \u0111\u00e3 s\u1eed d\u1ee5ng th\u1eddi gian d\u00e0i.<\/p>\n<h3>B\u1ea3o h\u00e0nh d\u00e0i h\u1ea1n<\/h3>\n<p>S\u1ea3n ph\u1ea9m v\u00f2i ch\u1eadu R803V1 n\u00f3i ri\u00eang v\u00e0 c\u00e1c s\u1ea3n ph\u1ea9m sen v\u00f2i kh\u00e1c thu\u1ed9c th\u01b0\u01a1ng hi\u1ec7u Rossi n\u00f3i chung \u0111\u1ec1u c\u00f3 ch\u1ebf \u0111\u1ed9 b\u1ea3o h\u00e0nh d\u00e0i h\u1ea1n, k\u00e9o d\u00e0i t\u1edbi 2 n\u0103m. Ng\u01b0\u1eddi ti\u00eau d\u00f9ng ho\u00e0n to\u00e0n an t\u00e2m khi s\u1eed d\u1ee5ng s\u1ea3n ph\u1ea9m sen v\u00f2i c\u0169ng nh\u01b0 v\u00f2i ch\u1eadu R803V1 c\u1ee7a th\u01b0\u01a1ng hi\u1ec7u Rossi.<\/p>\n","protected":false},"excerpt":{"rendered":"<ul>\n<li>Th\u00e0nh ph\u1ea7n \u0111\u1ed3ng 59% ch\u1ed1ng \u0103n m\u00f2n, k\u00e9o d\u00e0i tu\u1ed5i th\u1ecd s\u1ea3n ph\u1ea9m, mang l\u1ea1i s\u1ef1 an t\u00e2m khi s\u1eed d\u1ee5ng.<\/li>\n<li>L\u1edbp m\u1ea1 chrome sang tr\u1ecdng gi\u00fap s\u1ea3n ph\u1ea9m lu\u00f4n s\u00e1ng b\u00f3ng, ch\u1ed1ng b\u00e1m b\u1ea9n, d\u1ec5 v\u1ec7 sinh, gi\u1eef cho sen v\u00f2i lu\u00f4n nh\u01b0 m\u1edbi.<\/li>\n<li>Thi\u1ebft k\u1ebf tinh t\u1ebf chu\u1ea9n T\u00e2y Ban Nha ph\u00f9 h\u1ee3p v\u1edbi m\u1ecdi kh\u00f4ng gian ph\u00f2ng t\u1eafm, t\u1eeb c\u1ed5 \u0111i\u1ec3n \u0111\u1ebfn hi\u1ec7n \u0111\u1ea1i.<\/li>\n<li>B\u1ed9 chia n\u01b0\u1edbc Sedal cao c\u1ea5p gi\u00fap v\u00f2i v\u1eadn h\u00e0nh \u00eam \u00e1i, b\u1ec1n b\u1ec9, \u0111\u1ea3m b\u1ea3o d\u00f2ng ch\u1ea3y \u1ed5n \u0111\u1ecbnh su\u1ed1t 450.000 l\u1ea7n \u0111\u00f3ng m\u1edf<\/li>\n<\/ul>\n","protected":false},"featured_media":29135,"comment_status":"open","ping_status":"closed","template":"","meta":[],"region":[259,260],"product_brand":[],"product_cat":[382,384],"product_tag":[1149,1146,1151,1153,1154,1152],"class_list":{"0":"post-28624","1":"product","2":"type-product","3":"status-publish","4":"has-post-thumbnail","6":"region-mien-bac","7":"region-mien-nam","8":"product_cat-sen-voi","9":"product_cat-voi-lavabo","10":"product_tag-rossi","11":"product_tag-sen-voi","12":"product_tag-sen-voi-rossi","13":"product_tag-voi-chau","14":"product_tag-voi-chau-rossi","15":"product_tag-voi-chau-rua","17":"first","18":"instock","19":"sale","20":"shipping-taxable","21":"purchasable","22":"product-type-simple"},"yoast_head":"<!-- This site is optimized with the Yoast SEO plugin v24.6 - https:\/\/yoast.com\/wordpress\/plugins\/seo\/ -->\n<title>V\u00f2i ch\u1eadu Rossi R803V1 - T\u00e2n \u00c1 \u0110\u1ea1i Th\u00e0nh eShop<\/title>\n<meta name=\"description\" content=\"\u0110\u01b0\u1ee3c ch\u1ebf t\u00e1c t\u1eeb ch\u1ea5t li\u1ec7u \u0111\u1ed3ng cao c\u1ea5p k\u1ebft h\u1ee3p v\u1edbi l\u1edbp ph\u1ee7 chrome sang tr\u1ecdng, v\u00f2i ch\u1eadu Rossi R803V1 s\u1ebd mang t\u1edbi v\u1ebb \u0111\u1eb9p sang tr\u1ecdng, b\u1ec1n b\u1ec9 v\u01b0\u1ee3t th\u1eddi gian.\" \/>\n<meta name=\"robots\" content=\"index, follow, max-snippet:-1, max-image-preview:large, max-video-preview:-1\" \/>\n<link rel=\"canonical\" href=\"https:\/\/shop.tanadaithanh.vn\/en\/san-pham\/voi-chau-rossi-r803v1\/\" \/>\n<meta property=\"og:locale\" content=\"en_US\" \/>\n<meta property=\"og:type\" content=\"article\" \/>\n<meta property=\"og:title\" content=\"V\u00f2i ch\u1eadu Rossi R803V1 - T\u00e2n \u00c1 \u0110\u1ea1i Th\u00e0nh eShop\" \/>\n<meta property=\"og:description\" content=\"\u0110\u01b0\u1ee3c ch\u1ebf t\u00e1c t\u1eeb ch\u1ea5t li\u1ec7u \u0111\u1ed3ng cao c\u1ea5p k\u1ebft h\u1ee3p v\u1edbi l\u1edbp ph\u1ee7 chrome sang tr\u1ecdng, v\u00f2i ch\u1eadu Rossi R803V1 s\u1ebd mang t\u1edbi v\u1ebb \u0111\u1eb9p sang tr\u1ecdng, b\u1ec1n b\u1ec9 v\u01b0\u1ee3t th\u1eddi gian.\" \/>\n<meta property=\"og:url\" content=\"https:\/\/shop.tanadaithanh.vn\/en\/san-pham\/voi-chau-rossi-r803v1\/\" \/>\n<meta property=\"og:site_name\" content=\"T\u00e2n \u00c1 \u0110\u1ea1i Th\u00e0nh eShop\" \/>\n<meta property=\"article:publisher\" content=\"https:\/\/www.facebook.com\/profile.php?id=61567171139919\" \/>\n<meta property=\"article:modified_time\" content=\"2026-04-15T03:55:01+00:00\" \/>\n<meta property=\"og:image\" content=\"https:\/\/shop.tanadaithanh.vn\/wp-content\/uploads\/2025\/11\/3-1.png\" \/>\n\t<meta property=\"og:image:width\" content=\"1200\" \/>\n\t<meta property=\"og:image:height\" content=\"1200\" \/>\n\t<meta property=\"og:image:type\" content=\"image\/png\" \/>\n<meta name=\"twitter:card\" content=\"summary_large_image\" \/>\n<meta name=\"twitter:label1\" content=\"Est. reading time\" \/>\n\t<meta name=\"twitter:data1\" content=\"4 minutes\" \/>\n<script type=\"application\/ld+json\" class=\"yoast-schema-graph\">{\"@context\":\"https:\/\/schema.org\",\"@graph\":[{\"@type\":\"WebPage\",\"@id\":\"https:\/\/shop.tanadaithanh.vn\/en\/san-pham\/voi-chau-rossi-r803v1\/\",\"url\":\"https:\/\/shop.tanadaithanh.vn\/en\/san-pham\/voi-chau-rossi-r803v1\/\",\"name\":\"V\u00f2i ch\u1eadu Rossi R803V1 - T\u00e2n \u00c1 \u0110\u1ea1i Th\u00e0nh eShop\",\"isPartOf\":{\"@id\":\"https:\/\/shop.tanadaithanh.vn\/en\/#website\"},\"primaryImageOfPage\":{\"@id\":\"https:\/\/shop.tanadaithanh.vn\/en\/san-pham\/voi-chau-rossi-r803v1\/#primaryimage\"},\"image\":{\"@id\":\"https:\/\/shop.tanadaithanh.vn\/en\/san-pham\/voi-chau-rossi-r803v1\/#primaryimage\"},\"thumbnailUrl\":\"https:\/\/shop.tanadaithanh.vn\/wp-content\/uploads\/2025\/11\/3-1.png\",\"datePublished\":\"2025-11-10T10:17:23+00:00\",\"dateModified\":\"2026-04-15T03:55:01+00:00\",\"description\":\"\u0110\u01b0\u1ee3c ch\u1ebf t\u00e1c t\u1eeb ch\u1ea5t li\u1ec7u \u0111\u1ed3ng cao c\u1ea5p k\u1ebft h\u1ee3p v\u1edbi l\u1edbp ph\u1ee7 chrome sang tr\u1ecdng, v\u00f2i ch\u1eadu Rossi R803V1 s\u1ebd mang t\u1edbi v\u1ebb \u0111\u1eb9p sang tr\u1ecdng, b\u1ec1n b\u1ec9 v\u01b0\u1ee3t th\u1eddi gian.\",\"breadcrumb\":{\"@id\":\"https:\/\/shop.tanadaithanh.vn\/en\/san-pham\/voi-chau-rossi-r803v1\/#breadcrumb\"},\"inLanguage\":\"en-US\",\"potentialAction\":[{\"@type\":\"ReadAction\",\"target\":[\"https:\/\/shop.tanadaithanh.vn\/en\/san-pham\/voi-chau-rossi-r803v1\/\"]}]},{\"@type\":\"ImageObject\",\"inLanguage\":\"en-US\",\"@id\":\"https:\/\/shop.tanadaithanh.vn\/en\/san-pham\/voi-chau-rossi-r803v1\/#primaryimage\",\"url\":\"https:\/\/shop.tanadaithanh.vn\/wp-content\/uploads\/2025\/11\/3-1.png\",\"contentUrl\":\"https:\/\/shop.tanadaithanh.vn\/wp-content\/uploads\/2025\/11\/3-1.png\",\"width\":1200,\"height\":1200},{\"@type\":\"BreadcrumbList\",\"@id\":\"https:\/\/shop.tanadaithanh.vn\/en\/san-pham\/voi-chau-rossi-r803v1\/#breadcrumb\",\"itemListElement\":[{\"@type\":\"ListItem\",\"position\":1,\"name\":\"Trang ch\u1ee7\",\"item\":\"https:\/\/shop.tanadaithanh.vn\/en\/\"},{\"@type\":\"ListItem\",\"position\":2,\"name\":\"Shop\",\"item\":\"https:\/\/shop.tanadaithanh.vn\/cua-hang\/\"},{\"@type\":\"ListItem\",\"position\":3,\"name\":\"V\u00f2i ch\u1eadu Rossi R803V1\"}]},{\"@type\":\"WebSite\",\"@id\":\"https:\/\/shop.tanadaithanh.vn\/en\/#website\",\"url\":\"https:\/\/shop.tanadaithanh.vn\/en\/\",\"name\":\"T\u00e2n \u00c1 \u0110\u1ea1i Th\u00e0nh eShop - Trang website b\u00e1n h\u00e0ng ch\u00ednh th\u1ee9c T\u1eadp \u0111o\u00e0n T\u00e2n \u00c1 \u0110\u1ea1i Th\u00e0nh\",\"description\":\"Website b\u00e1n h\u00e0ng tr\u1ef1c tuy\u1ebfn v\u1eadn h\u00e0nh b\u1edfi ch\u00ednh T\u00e2n \u00c1 \u0110\u1ea1i Th\u00e0nh\",\"publisher\":{\"@id\":\"https:\/\/shop.tanadaithanh.vn\/en\/#organization\"},\"potentialAction\":[{\"@type\":\"SearchAction\",\"target\":{\"@type\":\"EntryPoint\",\"urlTemplate\":\"https:\/\/shop.tanadaithanh.vn\/en\/?s={search_term_string}\"},\"query-input\":{\"@type\":\"PropertyValueSpecification\",\"valueRequired\":true,\"valueName\":\"search_term_string\"}}],\"inLanguage\":\"en-US\"},{\"@type\":\"Organization\",\"@id\":\"https:\/\/shop.tanadaithanh.vn\/en\/#organization\",\"name\":\"T\u00e2n \u00c1 \u0110\u1ea1i Th\u00e0nh eShop - Trang website b\u00e1n h\u00e0ng ch\u00ednh th\u1ee9c T\u1eadp \u0111o\u00e0n T\u00e2n \u00c1 \u0110\u1ea1i Th\u00e0nh\",\"url\":\"https:\/\/shop.tanadaithanh.vn\/en\/\",\"logo\":{\"@type\":\"ImageObject\",\"inLanguage\":\"en-US\",\"@id\":\"https:\/\/shop.tanadaithanh.vn\/en\/#\/schema\/logo\/image\/\",\"url\":\"https:\/\/shop.tanadaithanh.vn\/wp-content\/uploads\/2025\/06\/Logo-2.png\",\"contentUrl\":\"https:\/\/shop.tanadaithanh.vn\/wp-content\/uploads\/2025\/06\/Logo-2.png\",\"width\":2000,\"height\":2000,\"caption\":\"T\u00e2n \u00c1 \u0110\u1ea1i Th\u00e0nh eShop - Trang website b\u00e1n h\u00e0ng ch\u00ednh th\u1ee9c T\u1eadp \u0111o\u00e0n T\u00e2n \u00c1 \u0110\u1ea1i Th\u00e0nh\"},\"image\":{\"@id\":\"https:\/\/shop.tanadaithanh.vn\/en\/#\/schema\/logo\/image\/\"},\"sameAs\":[\"https:\/\/www.facebook.com\/profile.php?id=61567171139919\",\"https:\/\/zalo.me\/3915163699004948284\"]}]}<\/script>\n<!-- \/ Yoast SEO plugin. -->","yoast_head_json":{"title":"V\u00f2i ch\u1eadu Rossi R803V1 - T\u00e2n \u00c1 \u0110\u1ea1i Th\u00e0nh eShop","description":"\u0110\u01b0\u1ee3c ch\u1ebf t\u00e1c t\u1eeb ch\u1ea5t li\u1ec7u \u0111\u1ed3ng cao c\u1ea5p k\u1ebft h\u1ee3p v\u1edbi l\u1edbp ph\u1ee7 chrome sang tr\u1ecdng, v\u00f2i ch\u1eadu Rossi R803V1 s\u1ebd mang t\u1edbi v\u1ebb \u0111\u1eb9p sang tr\u1ecdng, b\u1ec1n b\u1ec9 v\u01b0\u1ee3t th\u1eddi gian.","robots":{"index":"index","follow":"follow","max-snippet":"max-snippet:-1","max-image-preview":"max-image-preview:large","max-video-preview":"max-video-preview:-1"},"canonical":"https:\/\/shop.tanadaithanh.vn\/en\/san-pham\/voi-chau-rossi-r803v1\/","og_locale":"en_US","og_type":"article","og_title":"V\u00f2i ch\u1eadu Rossi R803V1 - T\u00e2n \u00c1 \u0110\u1ea1i Th\u00e0nh eShop","og_description":"\u0110\u01b0\u1ee3c ch\u1ebf t\u00e1c t\u1eeb ch\u1ea5t li\u1ec7u \u0111\u1ed3ng cao c\u1ea5p k\u1ebft h\u1ee3p v\u1edbi l\u1edbp ph\u1ee7 chrome sang tr\u1ecdng, v\u00f2i ch\u1eadu Rossi R803V1 s\u1ebd mang t\u1edbi v\u1ebb \u0111\u1eb9p sang tr\u1ecdng, b\u1ec1n b\u1ec9 v\u01b0\u1ee3t th\u1eddi gian.","og_url":"https:\/\/shop.tanadaithanh.vn\/en\/san-pham\/voi-chau-rossi-r803v1\/","og_site_name":"T\u00e2n \u00c1 \u0110\u1ea1i Th\u00e0nh eShop","article_publisher":"https:\/\/www.facebook.com\/profile.php?id=61567171139919","article_modified_time":"2026-04-15T03:55:01+00:00","og_image":[{"width":1200,"height":1200,"url":"https:\/\/shop.tanadaithanh.vn\/wp-content\/uploads\/2025\/11\/3-1.png","type":"image\/png"}],"twitter_card":"summary_large_image","twitter_misc":{"Est. reading time":"4 minutes"},"schema":{"@context":"https:\/\/schema.org","@graph":[{"@type":"WebPage","@id":"https:\/\/shop.tanadaithanh.vn\/en\/san-pham\/voi-chau-rossi-r803v1\/","url":"https:\/\/shop.tanadaithanh.vn\/en\/san-pham\/voi-chau-rossi-r803v1\/","name":"V\u00f2i ch\u1eadu Rossi R803V1 - T\u00e2n \u00c1 \u0110\u1ea1i Th\u00e0nh eShop","isPartOf":{"@id":"https:\/\/shop.tanadaithanh.vn\/en\/#website"},"primaryImageOfPage":{"@id":"https:\/\/shop.tanadaithanh.vn\/en\/san-pham\/voi-chau-rossi-r803v1\/#primaryimage"},"image":{"@id":"https:\/\/shop.tanadaithanh.vn\/en\/san-pham\/voi-chau-rossi-r803v1\/#primaryimage"},"thumbnailUrl":"https:\/\/shop.tanadaithanh.vn\/wp-content\/uploads\/2025\/11\/3-1.png","datePublished":"2025-11-10T10:17:23+00:00","dateModified":"2026-04-15T03:55:01+00:00","description":"\u0110\u01b0\u1ee3c ch\u1ebf t\u00e1c t\u1eeb ch\u1ea5t li\u1ec7u \u0111\u1ed3ng cao c\u1ea5p k\u1ebft h\u1ee3p v\u1edbi l\u1edbp ph\u1ee7 chrome sang tr\u1ecdng, v\u00f2i ch\u1eadu Rossi R803V1 s\u1ebd mang t\u1edbi v\u1ebb \u0111\u1eb9p sang tr\u1ecdng, b\u1ec1n b\u1ec9 v\u01b0\u1ee3t th\u1eddi gian.","breadcrumb":{"@id":"https:\/\/shop.tanadaithanh.vn\/en\/san-pham\/voi-chau-rossi-r803v1\/#breadcrumb"},"inLanguage":"en-US","potentialAction":[{"@type":"ReadAction","target":["https:\/\/shop.tanadaithanh.vn\/en\/san-pham\/voi-chau-rossi-r803v1\/"]}]},{"@type":"ImageObject","inLanguage":"en-US","@id":"https:\/\/shop.tanadaithanh.vn\/en\/san-pham\/voi-chau-rossi-r803v1\/#primaryimage","url":"https:\/\/shop.tanadaithanh.vn\/wp-content\/uploads\/2025\/11\/3-1.png","contentUrl":"https:\/\/shop.tanadaithanh.vn\/wp-content\/uploads\/2025\/11\/3-1.png","width":1200,"height":1200},{"@type":"BreadcrumbList","@id":"https:\/\/shop.tanadaithanh.vn\/en\/san-pham\/voi-chau-rossi-r803v1\/#breadcrumb","itemListElement":[{"@type":"ListItem","position":1,"name":"Trang ch\u1ee7","item":"https:\/\/shop.tanadaithanh.vn\/en\/"},{"@type":"ListItem","position":2,"name":"Shop","item":"https:\/\/shop.tanadaithanh.vn\/cua-hang\/"},{"@type":"ListItem","position":3,"name":"V\u00f2i ch\u1eadu Rossi R803V1"}]},{"@type":"WebSite","@id":"https:\/\/shop.tanadaithanh.vn\/en\/#website","url":"https:\/\/shop.tanadaithanh.vn\/en\/","name":"T\u00e2n \u00c1 \u0110\u1ea1i Th\u00e0nh eShop - Trang website b\u00e1n h\u00e0ng ch\u00ednh th\u1ee9c T\u1eadp \u0111o\u00e0n T\u00e2n \u00c1 \u0110\u1ea1i Th\u00e0nh","description":"Website b\u00e1n h\u00e0ng tr\u1ef1c tuy\u1ebfn v\u1eadn h\u00e0nh b\u1edfi ch\u00ednh T\u00e2n \u00c1 \u0110\u1ea1i Th\u00e0nh","publisher":{"@id":"https:\/\/shop.tanadaithanh.vn\/en\/#organization"},"potentialAction":[{"@type":"SearchAction","target":{"@type":"EntryPoint","urlTemplate":"https:\/\/shop.tanadaithanh.vn\/en\/?s={search_term_string}"},"query-input":{"@type":"PropertyValueSpecification","valueRequired":true,"valueName":"search_term_string"}}],"inLanguage":"en-US"},{"@type":"Organization","@id":"https:\/\/shop.tanadaithanh.vn\/en\/#organization","name":"T\u00e2n \u00c1 \u0110\u1ea1i Th\u00e0nh eShop - Trang website b\u00e1n h\u00e0ng ch\u00ednh th\u1ee9c T\u1eadp \u0111o\u00e0n T\u00e2n \u00c1 \u0110\u1ea1i Th\u00e0nh","url":"https:\/\/shop.tanadaithanh.vn\/en\/","logo":{"@type":"ImageObject","inLanguage":"en-US","@id":"https:\/\/shop.tanadaithanh.vn\/en\/#\/schema\/logo\/image\/","url":"https:\/\/shop.tanadaithanh.vn\/wp-content\/uploads\/2025\/06\/Logo-2.png","contentUrl":"https:\/\/shop.tanadaithanh.vn\/wp-content\/uploads\/2025\/06\/Logo-2.png","width":2000,"height":2000,"caption":"T\u00e2n \u00c1 \u0110\u1ea1i Th\u00e0nh eShop - Trang website b\u00e1n h\u00e0ng ch\u00ednh th\u1ee9c T\u1eadp \u0111o\u00e0n T\u00e2n \u00c1 \u0110\u1ea1i Th\u00e0nh"},"image":{"@id":"https:\/\/shop.tanadaithanh.vn\/en\/#\/schema\/logo\/image\/"},"sameAs":["https:\/\/www.facebook.com\/profile.php?id=61567171139919","https:\/\/zalo.me\/3915163699004948284"]}]}},"_links":{"self":[{"href":"https:\/\/shop.tanadaithanh.vn\/en\/wp-json\/wp\/v2\/product\/28624","targetHints":{"allow":["GET"]}}],"collection":[{"href":"https:\/\/shop.tanadaithanh.vn\/en\/wp-json\/wp\/v2\/product"}],"about":[{"href":"https:\/\/shop.tanadaithanh.vn\/en\/wp-json\/wp\/v2\/types\/product"}],"replies":[{"embeddable":true,"href":"https:\/\/shop.tanadaithanh.vn\/en\/wp-json\/wp\/v2\/comments?post=28624"}],"version-history":[{"count":5,"href":"https:\/\/shop.tanadaithanh.vn\/en\/wp-json\/wp\/v2\/product\/28624\/revisions"}],"predecessor-version":[{"id":28972,"href":"https:\/\/shop.tanadaithanh.vn\/en\/wp-json\/wp\/v2\/product\/28624\/revisions\/28972"}],"wp:featuredmedia":[{"embeddable":true,"href":"https:\/\/shop.tanadaithanh.vn\/en\/wp-json\/wp\/v2\/media\/29135"}],"wp:attachment":[{"href":"https:\/\/shop.tanadaithanh.vn\/en\/wp-json\/wp\/v2\/media?parent=28624"}],"wp:term":[{"taxonomy":"region","embeddable":true,"href":"https:\/\/shop.tanadaithanh.vn\/en\/wp-json\/wp\/v2\/region?post=28624"},{"taxonomy":"product_brand","embeddable":true,"href":"https:\/\/shop.tanadaithanh.vn\/en\/wp-json\/wp\/v2\/product_brand?post=28624"},{"taxonomy":"product_cat","embeddable":true,"href":"https:\/\/shop.tanadaithanh.vn\/en\/wp-json\/wp\/v2\/product_cat?post=28624"},{"taxonomy":"product_tag","embeddable":true,"href":"https:\/\/shop.tanadaithanh.vn\/en\/wp-json\/wp\/v2\/product_tag?post=28624"}],"curies":[{"name":"wp","href":"https:\/\/api.w.org\/{rel}","templated":true}]}}