{"id":28605,"date":"2025-11-10T10:52:59","date_gmt":"2025-11-10T03:52:59","guid":{"rendered":"https:\/\/shop.tanadaithanh.vn\/?post_type=product&#038;p=28605"},"modified":"2025-12-20T11:54:51","modified_gmt":"2025-12-20T04:54:51","slug":"voi-sen-rossi-r803s","status":"publish","type":"product","link":"https:\/\/shop.tanadaithanh.vn\/en\/san-pham\/voi-sen-rossi-r803s\/","title":{"rendered":"V\u00f2i sen Rossi R803S"},"content":{"rendered":"<p><em>S\u1edf h\u1eefu thi\u1ebft k\u1ebf \u0111\u01a1n gi\u1ea3n m\u00e0 sang tr\u1ecdng, v\u00f2i sen Rossi R803S l\u00e0 \u0111i\u1ec3m nh\u1ea5n ho\u00e0n h\u1ea3o cho kh\u00f4ng gian ph\u00f2ng t\u1eafm. R803S \u0111\u01b0\u1ee3c ch\u1ebf t\u00e1c t\u1eeb ch\u1ea5t li\u1ec7u \u0111\u1ed3ng ch\u1ed1ng g\u1ec9, ph\u1ee7 l\u1edbp m\u1ea1 chrome \u0111\u1ec3 s\u1ea3n ph\u1ea9m lu\u00f4n s\u00e1ng b\u00f3ng. H\u00e3y tham kh\u1ea3o ngay b\u00e0i vi\u1ebft d\u01b0\u1edbi \u0111\u00e2y \u0111\u1ec3 c\u00f3 th\u00eam th\u00f4ng tin v\u1ec1 v\u00f2i sen R803S nh\u00e9!<\/em><\/p>\n<h2>Th\u00f4ng s\u1ed1 k\u1ef9 thu\u1eadt c\u1ee7a v\u00f2i sen R803S<\/h2>\n<table>\n<tbody>\n<tr>\n<td><span style=\"font-weight: 400;\">T\u00ean s\u1ea3n ph\u1ea9m\u00a0<\/span><\/td>\n<td><span style=\"font-weight: 400;\">V\u00f2i sen (Bathtub Mixer)<\/span><\/td>\n<\/tr>\n<tr>\n<td><span style=\"font-weight: 400;\">M\u00e3 s\u1ea3n ph\u1ea9m<\/span><\/td>\n<td><span style=\"font-weight: 400;\">R803S<\/span><\/td>\n<\/tr>\n<tr>\n<td><span style=\"font-weight: 400;\">Tr\u1ecdng l\u01b0\u1ee3ng<\/span><\/td>\n<td><span style=\"font-weight: 400;\">785g<\/span><\/td>\n<\/tr>\n<tr>\n<td><span style=\"font-weight: 400;\">Ch\u1ea5t li\u1ec7u<\/span><\/td>\n<td><span style=\"font-weight: 400;\">Th\u00e2n \u0111\u1ed3ng thau, tay c\u1ea7m h\u1ee3p kim k\u1ebdm<\/span><\/td>\n<\/tr>\n<tr>\n<td><span style=\"font-weight: 400;\">Van \u0111i\u1ec1u khi\u1ec3n<\/span><\/td>\n<td><span style=\"font-weight: 400;\">Van g\u1ed1m \u00d830 TH<\/span><\/td>\n<\/tr>\n<tr>\n<td rowspan=\"4\"><span style=\"font-weight: 400;\">Ph\u1ee5 ki\u1ec7n \u0111i k\u00e8m<\/span><\/td>\n<td><span style=\"font-weight: 400;\">2 \u0111\u1ea7u n\u1ed1i \u0111\u1ed3ng<\/span><\/td>\n<\/tr>\n<tr>\n<td><span style=\"font-weight: 400;\">2 n\u1eafp inox<\/span><\/td>\n<\/tr>\n<tr>\n<td><span style=\"font-weight: 400;\">\u1ed0ng d\u1eabn m\u1ec1m inox 1.5m<\/span><\/td>\n<\/tr>\n<tr>\n<td><span style=\"font-weight: 400;\">Gi\u00e1 \u0111\u1ee1 nh\u1ef1a<\/span><\/td>\n<\/tr>\n<tr>\n<td><span style=\"font-weight: 400;\">B\u1ec1 m\u1eb7t ho\u00e0n thi\u1ec7n\u00a0<\/span><\/td>\n<td><span style=\"font-weight: 400;\">M\u1ea1 Chrome<\/span><\/td>\n<\/tr>\n<\/tbody>\n<\/table>\n<h2>V\u00f2i sen Rossi R803S c\u00f3 \u01b0u \u0111i\u1ec3m n\u1ed5i b\u1eadt g\u00ec?<\/h2>\n<p>Trong kh\u00f4ng gian ph\u00f2ng t\u1eafm, v\u00f2i sen kh\u00f4ng \u0111\u01a1n thu\u1ea7n l\u00e0 thi\u1ebft b\u1ecb v\u1ec7 sinh m\u00e0 c\u00f2n l\u00e0 \u0111i\u1ec3m nh\u1ea5n th\u1ec3 hi\u1ec7n th\u1ea9m m\u1ef9 c\u0169ng nh\u01b0 s\u1ef1 \u0111\u1eb3ng c\u1ea5p c\u1ee7a gia ch\u1ee7. S\u1edf h\u1eefu thi\u1ebft k\u1ebf tinh t\u1ebf chu\u1ea9n T\u00e2y Ban Nha v\u1edbi ch\u1ea5t l\u01b0\u1ee3ng v\u01b0\u1ee3t tr\u1ed9i c\u00f9ng \u0111\u1ed9 b\u1ec1n theo th\u1eddi gian, v\u00f2i sen Rossi R803S ch\u00ednh l\u00e0 s\u1ef1 l\u1ef1a ch\u1ecdn ho\u00e0n h\u1ea3o.<\/p>\n<h3>Thi\u1ebft k\u1ebf tinh t\u1ebf, sang tr\u1ecdng<\/h3>\n<p>S\u1ea3n ph\u1ea9m v\u00f2i sen Rossi R803S l\u00e0 d\u00f2ng s\u1ea3n ph\u1ea9m s\u1edf h\u1eefu \u0111\u01b0\u1eddng n\u00e9t m\u1ec1m m\u1ea1i, tinh gi\u1ea3n nh\u01b0ng v\u1eabn sang tr\u1ecdng. Ki\u1ec3u d\u00e1ng c\u00e2n \u0111\u1ed1i v\u1edbi tay c\u1ea7m g\u1ecdn g\u00e0ng, ch\u1eafc ch\u1eafn, v\u00f2i sen Rossi R803S l\u00e0 s\u1ea3n ph\u1ea9m v\u1eeba ti\u1ec7n d\u1ee5ng n\u00e2ng t\u1ea7m th\u1ea9m m\u1ef9 cho kh\u00f4ng gian ph\u00f2ng t\u1eafm.<\/p>\n<h3>Ch\u1ea5t li\u1ec7u \u0111\u1ed3ng cao c\u1ea5p<\/h3>\n<p>V\u00f2i sen Rossi R803S \u0111\u01b0\u1ee3c \u1ee9ng d\u1ee5ng s\u1ea3n xu\u1ea5t t\u1eeb ch\u1ea5t li\u1ec7u \u0111\u1ed3ng cao c\u1ea5p. \u0110\u1ed3ng v\u1ed1n l\u00e0 ch\u1ea5t li\u1ec7u \u0111\u01b0\u1ee3c s\u1eed d\u1ee5ng ph\u1ed5 bi\u1ebfn trong s\u1ea3n xu\u1ea5t thi\u1ebft b\u1ecb v\u1ec7 sinh nh\u1edd c\u00e1c \u0111\u1eb7c t\u00ednh n\u1ed5i b\u1eadt nh\u01b0: ch\u1ed1ng \u0103n m\u00f2n, ch\u1ed1ng oxy ho\u00e1, c\u00f3 \u0111\u1ed9 b\u1ec1n cao.<\/p>\n<p>Ngo\u00e0i ra, v\u00f2i sen R803S c\u00f2n \u0111\u01b0\u1ee3c ph\u1ee7 b\u00ean ngo\u00e0i l\u1edbp chrome gi\u00fap v\u00f2i c\u00f3 v\u1ebb ngo\u00e0i sang tr\u1ecdng, b\u1ea3o v\u1ec7 b\u1ec1 m\u1eb7t kh\u1ecfi oxy ho\u00e1 v\u00e0 tr\u1ea7y x\u01b0\u1edbc, kh\u00f4ng b\u1ecb b\u00e1m b\u1ea9n, lu\u00f4n s\u00e1ng b\u00f3ng. Ngo\u00e0i ra, m\u1ea1 l\u1edbp ph\u1ee7 chrome c\u0169ng gi\u00fap v\u00f2i d\u1ec5 d\u00e0ng lau ch\u00f9i.<\/p>\n<h3>B\u1ed9 chia n\u01b0\u1edbc Sedal ch\u00ednh h\u00e3ng \u2013 v\u1eadn h\u00e0nh \u00eam \u00e1i, ti\u1ebft ki\u1ec7m n\u01b0\u1edbc<\/h3>\n<p>M\u1ed9t \u0111i\u1ec3m c\u1ed9ng kh\u00e1c c\u1ee7a v\u00f2i sen Rossi R803S ch\u00ednh l\u00e0 \u0111\u01b0\u1ee3c trang b\u1ecb b\u1ed9 chia n\u01b0\u1edbc Sedal ch\u00ednh h\u00e3ng. Sedal v\u1ed1n l\u00e0 th\u01b0\u01a1ng hi\u1ec7u n\u1ed5i ti\u1ebfng c\u1ee7a T\u00e2y Ban Nha, \u0111\u01b0\u1ee3c bi\u1ebft \u0111\u1ebfn v\u1edbi s\u1ea3n ph\u1ea9m b\u1ed9 chia n\u01b0\u1edbc gi\u00fap d\u00f2ng ch\u1ea3y \u0111\u1ec1u, \u1ed5n \u0111\u1ecbnh, m\u01b0\u1ee3t m\u00e0 v\u00e0 gi\u00fap ti\u1ebft ki\u1ec7m n\u01b0\u1edbc hi\u1ec7u qu\u1ea3.<\/p>\n<p>V\u1edbi vi\u1ec7c \u0111\u01b0\u1ee3c trang b\u1ecb b\u1ed9 chia n\u01b0\u1edbc Sedal, v\u00f2i sen R803S c\u1ee7a Rossi s\u1ebd kh\u00f4ng xu\u1ea5t hi\u1ec7n t\u00ecnh tr\u1ea1ng n\u01b0\u1edbc b\u1eafn tung to\u00e9 khi m\u1edf v\u00f2i hay n\u01b0\u1edbc n\u00f3ng &#8211; l\u1ea1nh th\u1ea5t th\u01b0\u1eddng. Ngo\u00e0i ra, d\u00f2ng ch\u1ea3y n\u01b0\u1edbc t\u1eeb v\u00f2i R803S s\u1ebd c\u00f3 l\u01b0\u1ee3ng n\u01b0\u1edbc \u1ed5n \u0111\u1ecbnh, m\u01b0\u1ee3t m\u00e0, mang t\u1edbi cho ng\u01b0\u1eddi d\u00f9ng tr\u1ea3i nghi\u1ec7m t\u1eafm th\u01b0 th\u00e1i, tho\u1ea3i m\u00e1i.<\/p>\n<h2>Mua v\u00f2i sen Rossi R803S \u1edf \u0111\u00e2u \u0111\u1ec3 \u0111\u1ea3m b\u1ea3o ch\u00ednh h\u00e3ng, b\u1ea3o h\u00e0nh l\u00e2u d\u00e0i?<\/h2>\n<p>B\u00ean canh c\u00e1c nh\u00e0 ph\u00e2n ph\u1ed1i truy\u1ec1n th\u1ed1ng, b\u1ea1n c\u00f3 th\u1ec3 mua s\u1ea3n ph\u1ea9m\u00a0 ch\u00ednh h\u00e3ng tr\u00ean website: <span style=\"text-decoration: underline;\"><span style=\"color: #0000ff;\"><a style=\"color: #0000ff; text-decoration: underline;\" href=\"http:\/\/shop.tanadaithanh.vn\">shop.tanadaithanh.vn<\/a><\/span><\/span> ho\u1eb7c c\u00e1c gian h\u00e0ng c\u1ee7a T\u00e2n \u00c1 \u0110\u1ea1i Th\u00e0nh tr\u00ean c\u00e1c s\u00e0n th\u01b0\u01a1ng m\u1ea1i \u0111i\u1ec7n t\u1eed Shopee, Lazada, Tiki, Droppii,&#8230;<\/p>\n<p>\u0110\u1eb7c bi\u1ec7t, th\u00e1ng 11 n\u00e0y, k\u1ef7 ni\u1ec7m 32 n\u0103m th\u00e0nh l\u1eadp T\u1eadp \u0111o\u00e0n, T\u00e2n \u00c1 \u0110\u1ea1i Th\u00e0nh tri\u1ec3n khai r\u1ea5t nhi\u1ec1u \u01b0u \u0111\u00e3i nh\u01b0 m\u1ed9t l\u1eddi c\u1ea3m \u01a1n t\u1edbi s\u1ef1 \u0111\u1ed3ng h\u00e0nh v\u00e0 \u1ee7ng h\u1ed9 c\u1ee7a c\u00e1c kh\u00e1ch h\u00e0ng trong su\u1ed1t th\u1eddi gian qua. H\u00e3y nhanh tay mua s\u1eafm \u0111\u1ec3 kh\u00f4ng b\u1ecf l\u1ee1 ch\u01b0\u01a1ng tr\u00ecnh khuy\u1ebfn m\u00e3i \u0111\u1eb7c bi\u1ec7t n\u00e0y nh\u00e9!<\/p>\n","protected":false},"excerpt":{"rendered":"<ul>\n<li>Th\u00e0nh ph\u1ea7n \u0111\u1ed3ng 59% ch\u1ed1ng \u0103n m\u00f2n, k\u00e9o d\u00e0i tu\u1ed5i th\u1ecd s\u1ea3n ph\u1ea9m, mang l\u1ea1i s\u1ef1 an t\u00e2m khi s\u1eed d\u1ee5ng.<\/li>\n<li>L\u1edbp m\u1ea1 chrome sang tr\u1ecdng gi\u00fap s\u1ea3n ph\u1ea9m lu\u00f4n s\u00e1ng b\u00f3ng, ch\u1ed1ng b\u00e1m b\u1ea9n, d\u1ec5 v\u1ec7 sinh, gi\u1eef cho sen v\u00f2i lu\u00f4n nh\u01b0 m\u1edbi.<\/li>\n<li>Thi\u1ebft k\u1ebf tinh t\u1ebf chu\u1ea9n T\u00e2y Ban Nha ph\u00f9 h\u1ee3p v\u1edbi m\u1ecdi kh\u00f4ng gian ph\u00f2ng t\u1eafm, t\u1eeb c\u1ed5 \u0111i\u1ec3n \u0111\u1ebfn hi\u1ec7n \u0111\u1ea1i.<\/li>\n<li>B\u1ed9 chia n\u01b0\u1edbc Sedal cao c\u1ea5p gi\u00fap v\u00f2i v\u1eadn h\u00e0nh \u00eam \u00e1i, b\u1ec1n b\u1ec9, \u0111\u1ea3m b\u1ea3o d\u00f2ng ch\u1ea3y \u1ed5n \u0111\u1ecbnh su\u1ed1t 450.000 l\u1ea7n \u0111\u00f3ng m\u1edf<\/li>\n<\/ul>\n","protected":false},"featured_media":30153,"comment_status":"open","ping_status":"closed","template":"","meta":[],"region":[259,260],"product_brand":[],"product_cat":[382,383],"product_tag":[1149,1146,1151,1155,1159,1158],"class_list":{"0":"post-28605","1":"product","2":"type-product","3":"status-publish","4":"has-post-thumbnail","6":"region-mien-bac","7":"region-mien-nam","8":"product_cat-sen-voi","9":"product_cat-voi-sen","10":"product_tag-rossi","11":"product_tag-sen-voi","12":"product_tag-sen-voi-rossi","13":"product_tag-voi-sen","14":"product_tag-voi-sen-rossi","15":"product_tag-voi-sen-tam","17":"first","18":"instock","19":"sale","20":"shipping-taxable","21":"purchasable","22":"product-type-simple"},"yoast_head":"<!-- This site is optimized with the Yoast SEO plugin v24.6 - https:\/\/yoast.com\/wordpress\/plugins\/seo\/ -->\n<title>V\u00f2i sen Rossi R803S - T\u00e2n \u00c1 \u0110\u1ea1i Th\u00e0nh eShop<\/title>\n<meta name=\"description\" content=\"V\u00f2i sen Rossi R803S \u0111\u01b0\u1ee3c ch\u1ebf t\u00e1c t\u1eeb ch\u1ea5t li\u1ec7u \u0111\u1ed3ng ch\u1ed1ng g\u1ec9, ph\u1ee7 l\u1edbp m\u1ea1 chrome \u0111\u1ec3 s\u1ea3n ph\u1ea9m lu\u00f4n s\u00e1ng b\u00f3ng, b\u1ec1n \u0111\u1eb9p v\u1edbi th\u1eddi gian.\" \/>\n<meta name=\"robots\" content=\"index, follow, max-snippet:-1, max-image-preview:large, max-video-preview:-1\" \/>\n<link rel=\"canonical\" href=\"https:\/\/shop.tanadaithanh.vn\/en\/san-pham\/voi-sen-rossi-r803s\/\" \/>\n<meta property=\"og:locale\" content=\"en_US\" \/>\n<meta property=\"og:type\" content=\"article\" \/>\n<meta property=\"og:title\" content=\"V\u00f2i sen Rossi R803S - T\u00e2n \u00c1 \u0110\u1ea1i Th\u00e0nh eShop\" \/>\n<meta property=\"og:description\" content=\"V\u00f2i sen Rossi R803S \u0111\u01b0\u1ee3c ch\u1ebf t\u00e1c t\u1eeb ch\u1ea5t li\u1ec7u \u0111\u1ed3ng ch\u1ed1ng g\u1ec9, ph\u1ee7 l\u1edbp m\u1ea1 chrome \u0111\u1ec3 s\u1ea3n ph\u1ea9m lu\u00f4n s\u00e1ng b\u00f3ng, b\u1ec1n \u0111\u1eb9p v\u1edbi th\u1eddi gian.\" \/>\n<meta property=\"og:url\" content=\"https:\/\/shop.tanadaithanh.vn\/en\/san-pham\/voi-sen-rossi-r803s\/\" \/>\n<meta property=\"og:site_name\" content=\"T\u00e2n \u00c1 \u0110\u1ea1i Th\u00e0nh eShop\" \/>\n<meta property=\"article:publisher\" content=\"https:\/\/www.facebook.com\/profile.php?id=61567171139919\" \/>\n<meta property=\"article:modified_time\" content=\"2025-12-20T04:54:51+00:00\" \/>\n<meta property=\"og:image\" content=\"https:\/\/shop.tanadaithanh.vn\/wp-content\/uploads\/2025\/11\/R803S-1.png\" \/>\n\t<meta property=\"og:image:width\" content=\"1200\" \/>\n\t<meta property=\"og:image:height\" content=\"1200\" \/>\n\t<meta property=\"og:image:type\" content=\"image\/png\" \/>\n<meta name=\"twitter:card\" content=\"summary_large_image\" \/>\n<meta name=\"twitter:label1\" content=\"Est. reading time\" \/>\n\t<meta name=\"twitter:data1\" content=\"4 minutes\" \/>\n<script type=\"application\/ld+json\" class=\"yoast-schema-graph\">{\"@context\":\"https:\/\/schema.org\",\"@graph\":[{\"@type\":\"WebPage\",\"@id\":\"https:\/\/shop.tanadaithanh.vn\/en\/san-pham\/voi-sen-rossi-r803s\/\",\"url\":\"https:\/\/shop.tanadaithanh.vn\/en\/san-pham\/voi-sen-rossi-r803s\/\",\"name\":\"V\u00f2i sen Rossi R803S - T\u00e2n \u00c1 \u0110\u1ea1i Th\u00e0nh eShop\",\"isPartOf\":{\"@id\":\"https:\/\/shop.tanadaithanh.vn\/en\/#website\"},\"primaryImageOfPage\":{\"@id\":\"https:\/\/shop.tanadaithanh.vn\/en\/san-pham\/voi-sen-rossi-r803s\/#primaryimage\"},\"image\":{\"@id\":\"https:\/\/shop.tanadaithanh.vn\/en\/san-pham\/voi-sen-rossi-r803s\/#primaryimage\"},\"thumbnailUrl\":\"https:\/\/shop.tanadaithanh.vn\/wp-content\/uploads\/2025\/11\/R803S-1.png\",\"datePublished\":\"2025-11-10T03:52:59+00:00\",\"dateModified\":\"2025-12-20T04:54:51+00:00\",\"description\":\"V\u00f2i sen Rossi R803S \u0111\u01b0\u1ee3c ch\u1ebf t\u00e1c t\u1eeb ch\u1ea5t li\u1ec7u \u0111\u1ed3ng ch\u1ed1ng g\u1ec9, ph\u1ee7 l\u1edbp m\u1ea1 chrome \u0111\u1ec3 s\u1ea3n ph\u1ea9m lu\u00f4n s\u00e1ng b\u00f3ng, b\u1ec1n \u0111\u1eb9p v\u1edbi th\u1eddi gian.\",\"breadcrumb\":{\"@id\":\"https:\/\/shop.tanadaithanh.vn\/en\/san-pham\/voi-sen-rossi-r803s\/#breadcrumb\"},\"inLanguage\":\"en-US\",\"potentialAction\":[{\"@type\":\"ReadAction\",\"target\":[\"https:\/\/shop.tanadaithanh.vn\/en\/san-pham\/voi-sen-rossi-r803s\/\"]}]},{\"@type\":\"ImageObject\",\"inLanguage\":\"en-US\",\"@id\":\"https:\/\/shop.tanadaithanh.vn\/en\/san-pham\/voi-sen-rossi-r803s\/#primaryimage\",\"url\":\"https:\/\/shop.tanadaithanh.vn\/wp-content\/uploads\/2025\/11\/R803S-1.png\",\"contentUrl\":\"https:\/\/shop.tanadaithanh.vn\/wp-content\/uploads\/2025\/11\/R803S-1.png\",\"width\":1200,\"height\":1200},{\"@type\":\"BreadcrumbList\",\"@id\":\"https:\/\/shop.tanadaithanh.vn\/en\/san-pham\/voi-sen-rossi-r803s\/#breadcrumb\",\"itemListElement\":[{\"@type\":\"ListItem\",\"position\":1,\"name\":\"Trang ch\u1ee7\",\"item\":\"https:\/\/shop.tanadaithanh.vn\/en\/\"},{\"@type\":\"ListItem\",\"position\":2,\"name\":\"Shop\",\"item\":\"https:\/\/shop.tanadaithanh.vn\/cua-hang\/\"},{\"@type\":\"ListItem\",\"position\":3,\"name\":\"V\u00f2i sen Rossi R803S\"}]},{\"@type\":\"WebSite\",\"@id\":\"https:\/\/shop.tanadaithanh.vn\/en\/#website\",\"url\":\"https:\/\/shop.tanadaithanh.vn\/en\/\",\"name\":\"T\u00e2n \u00c1 \u0110\u1ea1i Th\u00e0nh eShop - Trang website b\u00e1n h\u00e0ng ch\u00ednh th\u1ee9c T\u1eadp \u0111o\u00e0n T\u00e2n \u00c1 \u0110\u1ea1i Th\u00e0nh\",\"description\":\"Website b\u00e1n h\u00e0ng tr\u1ef1c tuy\u1ebfn v\u1eadn h\u00e0nh b\u1edfi ch\u00ednh T\u00e2n \u00c1 \u0110\u1ea1i Th\u00e0nh\",\"publisher\":{\"@id\":\"https:\/\/shop.tanadaithanh.vn\/en\/#organization\"},\"potentialAction\":[{\"@type\":\"SearchAction\",\"target\":{\"@type\":\"EntryPoint\",\"urlTemplate\":\"https:\/\/shop.tanadaithanh.vn\/en\/?s={search_term_string}\"},\"query-input\":{\"@type\":\"PropertyValueSpecification\",\"valueRequired\":true,\"valueName\":\"search_term_string\"}}],\"inLanguage\":\"en-US\"},{\"@type\":\"Organization\",\"@id\":\"https:\/\/shop.tanadaithanh.vn\/en\/#organization\",\"name\":\"T\u00e2n \u00c1 \u0110\u1ea1i Th\u00e0nh eShop - Trang website b\u00e1n h\u00e0ng ch\u00ednh th\u1ee9c T\u1eadp \u0111o\u00e0n T\u00e2n \u00c1 \u0110\u1ea1i Th\u00e0nh\",\"url\":\"https:\/\/shop.tanadaithanh.vn\/en\/\",\"logo\":{\"@type\":\"ImageObject\",\"inLanguage\":\"en-US\",\"@id\":\"https:\/\/shop.tanadaithanh.vn\/en\/#\/schema\/logo\/image\/\",\"url\":\"https:\/\/shop.tanadaithanh.vn\/wp-content\/uploads\/2025\/06\/Logo-2.png\",\"contentUrl\":\"https:\/\/shop.tanadaithanh.vn\/wp-content\/uploads\/2025\/06\/Logo-2.png\",\"width\":2000,\"height\":2000,\"caption\":\"T\u00e2n \u00c1 \u0110\u1ea1i Th\u00e0nh eShop - Trang website b\u00e1n h\u00e0ng ch\u00ednh th\u1ee9c T\u1eadp \u0111o\u00e0n T\u00e2n \u00c1 \u0110\u1ea1i Th\u00e0nh\"},\"image\":{\"@id\":\"https:\/\/shop.tanadaithanh.vn\/en\/#\/schema\/logo\/image\/\"},\"sameAs\":[\"https:\/\/www.facebook.com\/profile.php?id=61567171139919\",\"https:\/\/zalo.me\/3915163699004948284\"]}]}<\/script>\n<!-- \/ Yoast SEO plugin. -->","yoast_head_json":{"title":"V\u00f2i sen Rossi R803S - T\u00e2n \u00c1 \u0110\u1ea1i Th\u00e0nh eShop","description":"V\u00f2i sen Rossi R803S \u0111\u01b0\u1ee3c ch\u1ebf t\u00e1c t\u1eeb ch\u1ea5t li\u1ec7u \u0111\u1ed3ng ch\u1ed1ng g\u1ec9, ph\u1ee7 l\u1edbp m\u1ea1 chrome \u0111\u1ec3 s\u1ea3n ph\u1ea9m lu\u00f4n s\u00e1ng b\u00f3ng, b\u1ec1n \u0111\u1eb9p v\u1edbi th\u1eddi gian.","robots":{"index":"index","follow":"follow","max-snippet":"max-snippet:-1","max-image-preview":"max-image-preview:large","max-video-preview":"max-video-preview:-1"},"canonical":"https:\/\/shop.tanadaithanh.vn\/en\/san-pham\/voi-sen-rossi-r803s\/","og_locale":"en_US","og_type":"article","og_title":"V\u00f2i sen Rossi R803S - T\u00e2n \u00c1 \u0110\u1ea1i Th\u00e0nh eShop","og_description":"V\u00f2i sen Rossi R803S \u0111\u01b0\u1ee3c ch\u1ebf t\u00e1c t\u1eeb ch\u1ea5t li\u1ec7u \u0111\u1ed3ng ch\u1ed1ng g\u1ec9, ph\u1ee7 l\u1edbp m\u1ea1 chrome \u0111\u1ec3 s\u1ea3n ph\u1ea9m lu\u00f4n s\u00e1ng b\u00f3ng, b\u1ec1n \u0111\u1eb9p v\u1edbi th\u1eddi gian.","og_url":"https:\/\/shop.tanadaithanh.vn\/en\/san-pham\/voi-sen-rossi-r803s\/","og_site_name":"T\u00e2n \u00c1 \u0110\u1ea1i Th\u00e0nh eShop","article_publisher":"https:\/\/www.facebook.com\/profile.php?id=61567171139919","article_modified_time":"2025-12-20T04:54:51+00:00","og_image":[{"width":1200,"height":1200,"url":"https:\/\/shop.tanadaithanh.vn\/wp-content\/uploads\/2025\/11\/R803S-1.png","type":"image\/png"}],"twitter_card":"summary_large_image","twitter_misc":{"Est. reading time":"4 minutes"},"schema":{"@context":"https:\/\/schema.org","@graph":[{"@type":"WebPage","@id":"https:\/\/shop.tanadaithanh.vn\/en\/san-pham\/voi-sen-rossi-r803s\/","url":"https:\/\/shop.tanadaithanh.vn\/en\/san-pham\/voi-sen-rossi-r803s\/","name":"V\u00f2i sen Rossi R803S - T\u00e2n \u00c1 \u0110\u1ea1i Th\u00e0nh eShop","isPartOf":{"@id":"https:\/\/shop.tanadaithanh.vn\/en\/#website"},"primaryImageOfPage":{"@id":"https:\/\/shop.tanadaithanh.vn\/en\/san-pham\/voi-sen-rossi-r803s\/#primaryimage"},"image":{"@id":"https:\/\/shop.tanadaithanh.vn\/en\/san-pham\/voi-sen-rossi-r803s\/#primaryimage"},"thumbnailUrl":"https:\/\/shop.tanadaithanh.vn\/wp-content\/uploads\/2025\/11\/R803S-1.png","datePublished":"2025-11-10T03:52:59+00:00","dateModified":"2025-12-20T04:54:51+00:00","description":"V\u00f2i sen Rossi R803S \u0111\u01b0\u1ee3c ch\u1ebf t\u00e1c t\u1eeb ch\u1ea5t li\u1ec7u \u0111\u1ed3ng ch\u1ed1ng g\u1ec9, ph\u1ee7 l\u1edbp m\u1ea1 chrome \u0111\u1ec3 s\u1ea3n ph\u1ea9m lu\u00f4n s\u00e1ng b\u00f3ng, b\u1ec1n \u0111\u1eb9p v\u1edbi th\u1eddi gian.","breadcrumb":{"@id":"https:\/\/shop.tanadaithanh.vn\/en\/san-pham\/voi-sen-rossi-r803s\/#breadcrumb"},"inLanguage":"en-US","potentialAction":[{"@type":"ReadAction","target":["https:\/\/shop.tanadaithanh.vn\/en\/san-pham\/voi-sen-rossi-r803s\/"]}]},{"@type":"ImageObject","inLanguage":"en-US","@id":"https:\/\/shop.tanadaithanh.vn\/en\/san-pham\/voi-sen-rossi-r803s\/#primaryimage","url":"https:\/\/shop.tanadaithanh.vn\/wp-content\/uploads\/2025\/11\/R803S-1.png","contentUrl":"https:\/\/shop.tanadaithanh.vn\/wp-content\/uploads\/2025\/11\/R803S-1.png","width":1200,"height":1200},{"@type":"BreadcrumbList","@id":"https:\/\/shop.tanadaithanh.vn\/en\/san-pham\/voi-sen-rossi-r803s\/#breadcrumb","itemListElement":[{"@type":"ListItem","position":1,"name":"Trang ch\u1ee7","item":"https:\/\/shop.tanadaithanh.vn\/en\/"},{"@type":"ListItem","position":2,"name":"Shop","item":"https:\/\/shop.tanadaithanh.vn\/cua-hang\/"},{"@type":"ListItem","position":3,"name":"V\u00f2i sen Rossi R803S"}]},{"@type":"WebSite","@id":"https:\/\/shop.tanadaithanh.vn\/en\/#website","url":"https:\/\/shop.tanadaithanh.vn\/en\/","name":"T\u00e2n \u00c1 \u0110\u1ea1i Th\u00e0nh eShop - Trang website b\u00e1n h\u00e0ng ch\u00ednh th\u1ee9c T\u1eadp \u0111o\u00e0n T\u00e2n \u00c1 \u0110\u1ea1i Th\u00e0nh","description":"Website b\u00e1n h\u00e0ng tr\u1ef1c tuy\u1ebfn v\u1eadn h\u00e0nh b\u1edfi ch\u00ednh T\u00e2n \u00c1 \u0110\u1ea1i Th\u00e0nh","publisher":{"@id":"https:\/\/shop.tanadaithanh.vn\/en\/#organization"},"potentialAction":[{"@type":"SearchAction","target":{"@type":"EntryPoint","urlTemplate":"https:\/\/shop.tanadaithanh.vn\/en\/?s={search_term_string}"},"query-input":{"@type":"PropertyValueSpecification","valueRequired":true,"valueName":"search_term_string"}}],"inLanguage":"en-US"},{"@type":"Organization","@id":"https:\/\/shop.tanadaithanh.vn\/en\/#organization","name":"T\u00e2n \u00c1 \u0110\u1ea1i Th\u00e0nh eShop - Trang website b\u00e1n h\u00e0ng ch\u00ednh th\u1ee9c T\u1eadp \u0111o\u00e0n T\u00e2n \u00c1 \u0110\u1ea1i Th\u00e0nh","url":"https:\/\/shop.tanadaithanh.vn\/en\/","logo":{"@type":"ImageObject","inLanguage":"en-US","@id":"https:\/\/shop.tanadaithanh.vn\/en\/#\/schema\/logo\/image\/","url":"https:\/\/shop.tanadaithanh.vn\/wp-content\/uploads\/2025\/06\/Logo-2.png","contentUrl":"https:\/\/shop.tanadaithanh.vn\/wp-content\/uploads\/2025\/06\/Logo-2.png","width":2000,"height":2000,"caption":"T\u00e2n \u00c1 \u0110\u1ea1i Th\u00e0nh eShop - Trang website b\u00e1n h\u00e0ng ch\u00ednh th\u1ee9c T\u1eadp \u0111o\u00e0n T\u00e2n \u00c1 \u0110\u1ea1i Th\u00e0nh"},"image":{"@id":"https:\/\/shop.tanadaithanh.vn\/en\/#\/schema\/logo\/image\/"},"sameAs":["https:\/\/www.facebook.com\/profile.php?id=61567171139919","https:\/\/zalo.me\/3915163699004948284"]}]}},"_links":{"self":[{"href":"https:\/\/shop.tanadaithanh.vn\/en\/wp-json\/wp\/v2\/product\/28605","targetHints":{"allow":["GET"]}}],"collection":[{"href":"https:\/\/shop.tanadaithanh.vn\/en\/wp-json\/wp\/v2\/product"}],"about":[{"href":"https:\/\/shop.tanadaithanh.vn\/en\/wp-json\/wp\/v2\/types\/product"}],"replies":[{"embeddable":true,"href":"https:\/\/shop.tanadaithanh.vn\/en\/wp-json\/wp\/v2\/comments?post=28605"}],"version-history":[{"count":5,"href":"https:\/\/shop.tanadaithanh.vn\/en\/wp-json\/wp\/v2\/product\/28605\/revisions"}],"predecessor-version":[{"id":28615,"href":"https:\/\/shop.tanadaithanh.vn\/en\/wp-json\/wp\/v2\/product\/28605\/revisions\/28615"}],"wp:featuredmedia":[{"embeddable":true,"href":"https:\/\/shop.tanadaithanh.vn\/en\/wp-json\/wp\/v2\/media\/30153"}],"wp:attachment":[{"href":"https:\/\/shop.tanadaithanh.vn\/en\/wp-json\/wp\/v2\/media?parent=28605"}],"wp:term":[{"taxonomy":"region","embeddable":true,"href":"https:\/\/shop.tanadaithanh.vn\/en\/wp-json\/wp\/v2\/region?post=28605"},{"taxonomy":"product_brand","embeddable":true,"href":"https:\/\/shop.tanadaithanh.vn\/en\/wp-json\/wp\/v2\/product_brand?post=28605"},{"taxonomy":"product_cat","embeddable":true,"href":"https:\/\/shop.tanadaithanh.vn\/en\/wp-json\/wp\/v2\/product_cat?post=28605"},{"taxonomy":"product_tag","embeddable":true,"href":"https:\/\/shop.tanadaithanh.vn\/en\/wp-json\/wp\/v2\/product_tag?post=28605"}],"curies":[{"name":"wp","href":"https:\/\/api.w.org\/{rel}","templated":true}]}}