{"id":28594,"date":"2025-11-10T10:38:37","date_gmt":"2025-11-10T03:38:37","guid":{"rendered":"https:\/\/shop.tanadaithanh.vn\/?post_type=product&#038;p=28594"},"modified":"2026-04-13T17:20:31","modified_gmt":"2026-04-13T10:20:31","slug":"voi-chau-rossi-r802v1","status":"publish","type":"product","link":"https:\/\/shop.tanadaithanh.vn\/en\/san-pham\/voi-chau-rossi-r802v1\/","title":{"rendered":"V\u00f2i ch\u1eadu Rossi R802V1"},"content":{"rendered":"<p><em>Mang d\u1ea5u \u1ea5n thi\u1ebft k\u1ebf T\u00e2y Ban Nha tinh t\u1ebf, v\u00f2i ch\u1eadu Rossi R802V1 l\u00e0 s\u1ef1 l\u1ef1a ch\u1ecdn l\u00fd t\u01b0\u1edfng v\u1edbi m\u1ecdi kh\u00f4ng gian ph\u00f2ng t\u1eafm, t\u1eeb c\u1ed5 \u0111i\u1ec3n t\u1edbi hi\u1ec7n \u0111\u1ea1i. S\u1ea3n ph\u1ea9m \u0111\u01b0\u1ee3c ch\u1ebf t\u1ea1o t\u1eeb ch\u1ea5t li\u1ec7u \u0111\u1ed3ng cao c\u1ea5p v\u1edbi l\u1edbp ph\u1ee7 chrome sang tr\u1ecdng v\u00e0 t\u00edch h\u1ee3p b\u1ed9 chia n\u01b0\u1edbc Sedal gi\u00fap v\u00f2i kh\u00f4ng b\u1ecb \u0103n m\u00f2n, kh\u00f4ng hoen g\u1ec9, d\u00f2ng ch\u1ea3y lu\u00f4n \u00eam \u00e1i v\u00e0 \u1ed5n \u0111\u1ecbnh.\u00a0<\/em><\/p>\n<h2>Th\u00f4ng s\u1ed1 k\u1ef9 thu\u1eadt v\u00f2i ch\u1eadu R802V1<\/h2>\n<table>\n<tbody>\n<tr>\n<td><span style=\"font-weight: 400;\">T\u00ean s\u1ea3n ph\u1ea9m\u00a0<\/span><\/td>\n<td><span style=\"font-weight: 400;\">V\u00f2i lavabo (Basin Mixer)<\/span><\/td>\n<\/tr>\n<tr>\n<td><span style=\"font-weight: 400;\">M\u00e3 s\u1ea3n ph\u1ea9m<\/span><\/td>\n<td><span style=\"font-weight: 400;\">R802V1<\/span><\/td>\n<\/tr>\n<tr>\n<td><span style=\"font-weight: 400;\">Tr\u1ecdng l\u01b0\u1ee3ng<\/span><\/td>\n<td><span style=\"font-weight: 400;\">785g<\/span><\/td>\n<\/tr>\n<tr>\n<td><span style=\"font-weight: 400;\">Ch\u1ea5t li\u1ec7u<\/span><\/td>\n<td><span style=\"font-weight: 400;\">Th\u00e2n \u0111\u1ed3ng thau, tay c\u1ea7m h\u1ee3p kim k\u1ebdm<\/span><\/td>\n<\/tr>\n<tr>\n<td><span style=\"font-weight: 400;\">Van \u0111i\u1ec1u khi\u1ec3n<\/span><\/td>\n<td><span style=\"font-weight: 400;\">Van g\u1ed1m \u00d835 TH<\/span><\/td>\n<\/tr>\n<tr>\n<td rowspan=\"3\"><span style=\"font-weight: 400;\">Ph\u1ee5 ki\u1ec7n \u0111i k\u00e8m<\/span><\/td>\n<td><span style=\"font-weight: 400;\">2 \u1ed1ng c\u1ea5p n\u01b0\u1edbc inox 60 cm<\/span><\/td>\n<\/tr>\n<tr>\n<td><span style=\"font-weight: 400;\">B\u1ed9 x\u1ea3 inox<\/span><\/td>\n<\/tr>\n<tr>\n<td><span style=\"font-weight: 400;\">\u1ed0ng nh\u1ef1a<\/span><\/td>\n<\/tr>\n<tr>\n<td><span style=\"font-weight: 400;\">B\u1ec1 m\u1eb7t ho\u00e0n thi\u1ec7n\u00a0<\/span><\/td>\n<td><span style=\"font-weight: 400;\">M\u1ea1 Chrome<\/span><\/td>\n<\/tr>\n<\/tbody>\n<\/table>\n<h2>C\u1ea5u t\u1ea1o c\u1ee7a v\u00f2i ch\u1eadu Rossi R802V1<\/h2>\n<p>Nh\u00ecn b\u00ean ngo\u00e0i v\u00f2i ch\u1eadu Rossi R802V1 c\u00f3 th\u1ec3 d\u1ec5 d\u00e0ng nh\u1eadn th\u1ea5y s\u1ea3n ph\u1ea9m g\u1ed3m c\u00e1c th\u00e0nh ph\u1ea7n ch\u00ednh:<\/p>\n<p><em><strong>&#8211; Ph\u1ea7n v\u00f2i: <\/strong><\/em>Th\u00e2n v\u00f2i \u0111\u01b0\u1ee3c ch\u1ebf t\u00e1c t\u1eeb nguy\u00ean li\u1ec7u \u0111\u1ed3ng cao c\u1ea5p, tay c\u1ea7m l\u00e0m t\u1eeb k\u1ebdm.<\/p>\n<p><em><strong>&#8211; Ph\u1ea7n \u1ed1ng c\u1ea5p n\u01b0\u1edbc: <\/strong><\/em>2 \u1ed1ng c\u1ea5p n\u01b0\u1edbc \u0111\u01b0\u1ee3c l\u00e0m t\u1eeb ch\u1ea5t li\u1ec7u inox cao c\u1ea5p, gi\u00fap b\u1ea3o v\u1ec7 \u1ed1ng d\u1eabn n\u01b0\u1edbc, ng\u0103n t\u00ecnh tr\u1ea1ng b\u1ee5c v\u1ee1 v\u00e0 ch\u1ed1ng xo\u1eafn d\u00e2y.<\/p>\n<p><em><strong>&#8211; B\u1ed9 x\u1ea3:<\/strong><\/em> B\u1ed9 x\u1ea3 \u0111\u01b0\u1ee3c l\u00e0m t\u1eeb ch\u1ea5t li\u1ec7u inox cao c\u1ea5p, c\u00f3 kh\u1ea3 n\u0103ng ch\u1ecbu nhi\u1ec7t, ch\u1ecbu l\u1ef1c v\u00e0 \u0111\u1ed9 b\u1ec1n cao.<\/p>\n<p>M\u1eb7c d\u00f9 c\u00f3 k\u1ebft c\u1ea5u \u0111\u01a1n gi\u1ea3n nh\u01b0ng c\u00e1c b\u1ed9 ph\u1eadn c\u1ee7a v\u00f2i ch\u1eadu R802V1 \u0111\u1ec1u l\u00e0m t\u1eeb ch\u1ea5t li\u1ec7u cao c\u1ea5p n\u00ean s\u1ea3n ph\u1ea9m c\u00f3 \u0111\u1ed9 b\u1ec1n cao, gi\u00fap ti\u1ebft ki\u1ec7m chi ph\u00ed s\u1eeda ch\u1eefa, thay m\u1edbi cho ng\u01b0\u1eddi d\u00f9ng.<\/p>\n<h2>V\u00f2i ch\u1eadu Rossi R802V1: N\u00e2ng t\u1ea7m tr\u1ea3i nghi\u1ec7m v\u1edbi thi\u1ebft k\u1ebf sang tr\u1ecdng v\u00e0 ch\u1ea5t l\u01b0\u1ee3ng v\u01b0\u1ee3t tr\u1ed9i<\/h2>\n<p>L\u00e0 m\u1ed9t trong nh\u1eefng s\u1ea3n ph\u1ea9m sen v\u00f2i n\u1ed5i b\u1eadt c\u1ee7a th\u01b0\u01a1ng hi\u1ec7u Rossi, v\u00f2i ch\u1eadu Rossi R802V1 \u0111\u01b0\u1ee3c bi\u1ebft \u0111\u1ebfn v\u1edbi nhi\u1ec1u \u01b0u \u0111i\u1ec3m n\u1ed5i b\u1eadt nh\u01b0: \u0111\u1ed9 b\u1ec1n cao, ch\u1ed1ng \u0103n m\u00f2n, ch\u1ed1ng hoen g\u1ec9, \u0111\u1ea3m b\u1ea3o ch\u1ea5t l\u01b0\u1ee3ng ngu\u1ed3n n\u01b0\u1edbc,&#8230; D\u01b0\u1edbi \u0111\u00e2y l\u00e0 th\u00f4ng tin c\u1ee5 th\u1ec3 v\u1ec1 \u01b0u \u0111i\u1ec3m c\u1ee7a v\u00f2i ch\u1eadu R802V1.<\/p>\n<h3>Ch\u1ea5t li\u1ec7u \u0111\u1ed3ng: Ch\u1ed1ng \u0103n m\u00f2n, ch\u1ed1ng hoen g\u1ec9 t\u1ed1i \u01b0u<\/h3>\n<p>Trong ng\u00e0nh s\u1ea3n xu\u1ea5t thi\u1ebft b\u1ecb v\u1ec7 sinh, \u0111\u1ed3ng l\u00e0 m\u1ed9t trong nh\u1eefng ch\u1ea5t li\u1ec7u cao c\u1ea5p nh\u1ea5t v\u1edbi r\u1ea5t nhi\u1ec1u \u01b0u \u0111i\u1ec3m n\u1ed5i tr\u1ed9i nh\u01b0: ch\u1ed1ng \u0103n m\u00f2n, ch\u1ed1ng oxy ho\u00e1, kh\u00f4ng g\u1ec9 s\u00e9t, \u0111\u1ed9 b\u1ec1n cao v\u00e0 \u0111\u1ea3m b\u1ea3o t\u00ednh th\u1ea9m m\u1ef9 cho s\u1ea3n ph\u1ea9m.<\/p>\n<p>L\u00e0 s\u1ea3n ph\u1ea9m \u0111\u01b0\u1ee3c ch\u1ebf t\u1ea1o t\u1eeb ch\u1ea5t li\u1ec7u \u0111\u1ed3ng, v\u00f2i ch\u1eadu Rossi R802V1 s\u1edf h\u1eefu nhi\u1ec1u \u0111\u1eb7c \u0111i\u1ec3m n\u1ed5i b\u1eadt nh\u01b0: kh\u1ea3 n\u0103ng ch\u1ed1ng \u0103n m\u00f2n, h\u1ea1n ch\u1ebf b\u00e1m c\u1eb7n, ch\u1ed1ng hoen g\u1ec9, \u0111\u1ed9 b\u1ec1n s\u1ea3n ph\u1ea9m cao, \u0111\u1ed3ng th\u1eddi, \u0111\u1ea3m b\u1ea3o ch\u1ea5t l\u01b0\u1ee3ng ngu\u1ed3n n\u01b0\u1edbc, an to\u00e0n cho s\u1ee9c kh\u1ecfe ng\u01b0\u1eddi s\u1eed d\u1ee5ng.<\/p>\n<h3>M\u1ea1 l\u1edbp ph\u1ee7 chrome: Ch\u1ed1ng b\u00e1m b\u1ea9n, d\u1ec5 d\u00e0ng v\u1ec7 sinh<\/h3>\n<p>C\u0169ng gi\u1ed1ng nh\u01b0 nh\u1eefng s\u1ea3n ph\u1ea9m sen v\u00f2i Rossi kh\u00e1c, v\u00f2i ch\u1eadu Rossi R802V1 \u0111\u01b0\u1ee3c m\u1ea1 l\u1edbp ph\u1ee7 chrome gi\u00fap s\u1ea3n ph\u1ea9m ch\u1ed1ng b\u00e1m b\u1ea9n, ch\u1ed1ng g\u1ec9 s\u00e9t c\u0169ng nh\u01b0 d\u1ec5 d\u00e0ng v\u1ec7 sinh trong qu\u00e1 tr\u00ecnh s\u1eed d\u1ee5ng.<\/p>\n<p>Ngo\u00e0i ra, l\u1edbp m\u1ea1 chrome \u0111\u01b0\u1ee3c ph\u1ee7 b\u00ean ngo\u00e0i v\u00f2i ch\u1eadu c\u0169ng c\u00f3 t\u00e1c d\u1ee5ng gi\u00fap s\u1ea3n ph\u1ea9m t\u0103ng \u0111\u1ed9 b\u1ec1n, kh\u00f4ng b\u1ecb \u0103n m\u00f2n, lu\u00f4n s\u00e1ng b\u00f3ng v\u00e0 gi\u1eef \u0111\u01b0\u1ee3c v\u1ebb \u0111\u1eb9p nguy\u00ean v\u1eb9n theo th\u1eddi gian s\u1eed d\u1ee5ng.<\/p>\n<h3>B\u1ed9 chia n\u01b0\u1edbc Sedal ch\u00ednh h\u00e3ng<\/h3>\n<p>M\u1ed9t \u0111i\u1ec3m c\u1ed9ng l\u1edbn c\u1ee7a v\u00f2i ch\u1eadu Rossi R802V1 ch\u00ednh l\u00e0 s\u1ea3n ph\u1ea9m \u0111\u01b0\u1ee3c trang b\u1ecb b\u1ed9 chia n\u01b0\u1edbc Sedal ch\u00ednh h\u00e3ng T\u00e2y Ban Nha. V\u1edbi b\u1ed9 chia n\u01b0\u1edbc Sedal n\u00e0y, d\u00f2ng n\u01b0\u1edbc s\u1ebd \u0111\u01b0\u1ee3c v\u1eadn h\u00e0ng \u1ed5n \u0111\u1ecbnh trong qu\u00e1 tr\u00ecnh s\u1eed d\u1ee5ng.<\/p>\n<p>H\u01a1n n\u1eefa, b\u1ed9 chia n\u01b0\u1edbc Sedal c\u00f2n c\u00f3 kh\u1ea3 n\u0103ng ng\u0103n ch\u1eb7n t\u00ecnh tr\u1ea1ng n\u01b0\u1edbc n\u00f3ng &#8211; n\u01b0\u1edbc l\u1ea1nh th\u1ea5t th\u01b0\u1eddng, n\u01b0\u1edbc kh\u00f4ng b\u1ecb b\u1eafn tung to\u00e9 nh\u1edd c\u01a1 ch\u1ebf \u0111i\u1ec1u \u00e1p b\u00ean trong. Qua \u0111\u00f3, gi\u00fap ng\u01b0\u1eddi d\u00f9ng ti\u1ebft ki\u1ec7m t\u1ed1i \u0111a l\u01b0\u1ee3ng n\u01b0\u1edbc s\u1eed d\u1ee5ng.<\/p>\n<h2>T\u1ea1i sao n\u00ean mua v\u00f2i ch\u1eadu Rossi R802V1 tr\u00ean website ch\u00ednh h\u00e3ng?<\/h2>\n<p>V\u00f2i ch\u1eadu Rossi R802V1 l\u00e0 s\u1ef1 l\u1ef1a ch\u1ecdn ho\u00e0n h\u1ea3o cho m\u1ecdi kh\u00f4ng gian ph\u00f2ng t\u1eafm, t\u1eeb c\u1ed5 \u0111i\u1ec3n t\u1edbi hi\u1ec7n \u0111\u1ea1i. \u0110\u1ec3 ti\u1ebft ki\u1ec7m th\u1eddi gian ch\u1ecdn l\u1ef1a nh\u01b0ng v\u1eabn \u0111\u1ea3m b\u1ea3o h\u00e0ng ch\u00ednh h\u00e3ng c\u0169ng nh\u01b0 quy\u1ec1n l\u1ee3i b\u1ea3o h\u00e0nh, l\u1eafp \u0111\u1eb7t, ngo\u00e0i c\u00e1c k\u00eanh ph\u00e2n ph\u1ed1i c\u1ee7a T\u00e2n \u00c1 \u0110\u1ea1i Th\u00e0nh, b\u1ea1n c\u00f3 th\u1ec3 mua s\u1ea3n ph\u1ea9m tr\u00ean website b\u00e1n h\u00e0ng ch\u00ednh th\u1ee9c c\u1ee7a nh\u00e0 s\u1ea3n xu\u1ea5t: <span style=\"color: #0000ff;\"><a style=\"color: #0000ff; text-decoration: underline;\" href=\"http:\/\/shop.tanadaithanh.vn\">shop.tanadaithanh.vn<\/a><\/span>.<\/p>\n<p>Khi \u0111\u1eb7t h\u00e0ng tr\u00ean website ch\u00ednh th\u1ee9c, b\u1ea1n s\u1ebd \u0111\u01b0\u1ee3c cam k\u1ebft h\u00e0ng ch\u00ednh h\u00e3ng 100%, ho\u00e1 \u0111\u01a1n mua h\u00e0ng v\u00e0 ch\u00ednh s\u00e1ch b\u1ea3o h\u00e0nh l\u00ean t\u1edbi 2 n\u0103m. H\u01a1n n\u1eefa, khi \u0111\u1eb7t mua sen v\u00f2i c\u0169ng nh\u01b0 c\u00e1c s\u1ea3n ph\u1ea9m hot hit kh\u00e1c nh\u01b0 b\u1ebfp t\u1eeb Rossi, ch\u1eadu r\u1eeda inox, b\u00ecnh n\u01b0\u1edbc n\u00f3ng Rossi,&#8230; tr\u00ean website, b\u1ea1n s\u1ebd \u0111\u01b0\u1ee3c h\u01b0\u1edfng ch\u01b0\u01a1ng tr\u00ecnh \u01b0u \u0111\u00e3i v\u1edbi m\u1ee9c gi\u1ea3m gi\u00e1 l\u00ean t\u1edbi 50%.<\/p>\n<p>\u0110\u1eb7c bi\u1ec7t, th\u00e1ng 11 n\u00e0y, k\u1ef7 ni\u1ec7m 32 n\u0103m th\u00e0nh l\u1eadp T\u1eadp \u0111o\u00e0n, T\u00e2n \u00c1 \u0110\u1ea1i Th\u00e0nh tri\u1ec3n khai r\u1ea5t nhi\u1ec1u \u01b0u \u0111\u00e3i nh\u01b0 m\u1ed9t l\u1eddi c\u1ea3m \u01a1n t\u1edbi s\u1ef1 \u0111\u1ed3ng h\u00e0nh v\u00e0 \u1ee7ng h\u1ed9 c\u1ee7a c\u00e1c kh\u00e1ch h\u00e0ng trong su\u1ed1t th\u1eddi gian qua. H\u00e3y nhanh tay mua s\u1eafm \u0111\u1ec3 kh\u00f4ng b\u1ecf l\u1ee1 ch\u01b0\u01a1ng tr\u00ecnh khuy\u1ebfn m\u00e3i \u0111\u1eb7c bi\u1ec7t n\u00e0y nh\u00e9!<\/p>\n","protected":false},"excerpt":{"rendered":"<ul>\n<li>Th\u00e0nh ph\u1ea7n \u0111\u1ed3ng 59% ch\u1ed1ng \u0103n m\u00f2n, k\u00e9o d\u00e0i tu\u1ed5i th\u1ecd s\u1ea3n ph\u1ea9m, mang l\u1ea1i s\u1ef1 an t\u00e2m khi s\u1eed d\u1ee5ng.<\/li>\n<li>L\u1edbp m\u1ea1 chrome sang tr\u1ecdng gi\u00fap s\u1ea3n ph\u1ea9m lu\u00f4n s\u00e1ng b\u00f3ng, ch\u1ed1ng b\u00e1m b\u1ea9n, d\u1ec5 v\u1ec7 sinh, gi\u1eef cho sen v\u00f2i lu\u00f4n nh\u01b0 m\u1edbi.<\/li>\n<li>Thi\u1ebft k\u1ebf tinh t\u1ebf chu\u1ea9n T\u00e2y Ban Nha ph\u00f9 h\u1ee3p v\u1edbi m\u1ecdi kh\u00f4ng gian ph\u00f2ng t\u1eafm, t\u1eeb c\u1ed5 \u0111i\u1ec3n \u0111\u1ebfn hi\u1ec7n \u0111\u1ea1i.<\/li>\n<li>B\u1ed9 chia n\u01b0\u1edbc Sedal cao c\u1ea5p gi\u00fap v\u00f2i v\u1eadn h\u00e0nh \u00eam \u00e1i, b\u1ec1n b\u1ec9, \u0111\u1ea3m b\u1ea3o d\u00f2ng ch\u1ea3y \u1ed5n \u0111\u1ecbnh su\u1ed1t 450.000 l\u1ea7n \u0111\u00f3ng m\u1edf<\/li>\n<\/ul>\n","protected":false},"featured_media":29148,"comment_status":"open","ping_status":"closed","template":"","meta":[],"region":[259,260],"product_brand":[],"product_cat":[382,384],"product_tag":[1149,1146,1151,1153,1154,1152],"class_list":{"0":"post-28594","1":"product","2":"type-product","3":"status-publish","4":"has-post-thumbnail","6":"region-mien-bac","7":"region-mien-nam","8":"product_cat-sen-voi","9":"product_cat-voi-lavabo","10":"product_tag-rossi","11":"product_tag-sen-voi","12":"product_tag-sen-voi-rossi","13":"product_tag-voi-chau","14":"product_tag-voi-chau-rossi","15":"product_tag-voi-chau-rua","17":"first","18":"instock","19":"sale","20":"shipping-taxable","21":"purchasable","22":"product-type-simple"},"yoast_head":"<!-- This site is optimized with the Yoast SEO plugin v24.6 - https:\/\/yoast.com\/wordpress\/plugins\/seo\/ -->\n<title>V\u00f2i ch\u1eadu Rossi R802V1 - T\u00e2n \u00c1 \u0110\u1ea1i Th\u00e0nh eShop<\/title>\n<meta name=\"description\" content=\"V\u00f2i ch\u1eadu Rossi R802V1 \u0111\u01b0\u1ee3c ch\u1ebf t\u1ea1o t\u1eeb ch\u1ea5t li\u1ec7u \u0111\u1ed3ng v\u1edbi l\u1edbp ph\u1ee7 chrome sang tr\u1ecdng v\u00e0 b\u1ed9 chia n\u01b0\u1edbc Sedal gi\u00fap kh\u00f4ng b\u1ecb \u0103n m\u00f2n, d\u00f2ng ch\u1ea3y lu\u00f4n \u1ed5n \u0111\u1ecbnh.\u00a0\" \/>\n<meta name=\"robots\" content=\"index, follow, max-snippet:-1, max-image-preview:large, max-video-preview:-1\" \/>\n<link rel=\"canonical\" href=\"https:\/\/shop.tanadaithanh.vn\/en\/san-pham\/voi-chau-rossi-r802v1\/\" \/>\n<meta property=\"og:locale\" content=\"en_US\" \/>\n<meta property=\"og:type\" content=\"article\" \/>\n<meta property=\"og:title\" content=\"V\u00f2i ch\u1eadu Rossi R802V1 - T\u00e2n \u00c1 \u0110\u1ea1i Th\u00e0nh eShop\" \/>\n<meta property=\"og:description\" content=\"V\u00f2i ch\u1eadu Rossi R802V1 \u0111\u01b0\u1ee3c ch\u1ebf t\u1ea1o t\u1eeb ch\u1ea5t li\u1ec7u \u0111\u1ed3ng v\u1edbi l\u1edbp ph\u1ee7 chrome sang tr\u1ecdng v\u00e0 b\u1ed9 chia n\u01b0\u1edbc Sedal gi\u00fap kh\u00f4ng b\u1ecb \u0103n m\u00f2n, d\u00f2ng ch\u1ea3y lu\u00f4n \u1ed5n \u0111\u1ecbnh.\u00a0\" \/>\n<meta property=\"og:url\" content=\"https:\/\/shop.tanadaithanh.vn\/en\/san-pham\/voi-chau-rossi-r802v1\/\" \/>\n<meta property=\"og:site_name\" content=\"T\u00e2n \u00c1 \u0110\u1ea1i Th\u00e0nh eShop\" \/>\n<meta property=\"article:publisher\" content=\"https:\/\/www.facebook.com\/profile.php?id=61567171139919\" \/>\n<meta property=\"article:modified_time\" content=\"2026-04-13T10:20:31+00:00\" \/>\n<meta property=\"og:image\" content=\"https:\/\/shop.tanadaithanh.vn\/wp-content\/uploads\/2025\/11\/R802V1.png\" \/>\n\t<meta property=\"og:image:width\" content=\"1200\" \/>\n\t<meta property=\"og:image:height\" content=\"1200\" \/>\n\t<meta property=\"og:image:type\" content=\"image\/png\" \/>\n<meta name=\"twitter:card\" content=\"summary_large_image\" \/>\n<meta name=\"twitter:label1\" content=\"Est. reading time\" \/>\n\t<meta name=\"twitter:data1\" content=\"5 minutes\" \/>\n<script type=\"application\/ld+json\" class=\"yoast-schema-graph\">{\"@context\":\"https:\/\/schema.org\",\"@graph\":[{\"@type\":\"WebPage\",\"@id\":\"https:\/\/shop.tanadaithanh.vn\/en\/san-pham\/voi-chau-rossi-r802v1\/\",\"url\":\"https:\/\/shop.tanadaithanh.vn\/en\/san-pham\/voi-chau-rossi-r802v1\/\",\"name\":\"V\u00f2i ch\u1eadu Rossi R802V1 - T\u00e2n \u00c1 \u0110\u1ea1i Th\u00e0nh eShop\",\"isPartOf\":{\"@id\":\"https:\/\/shop.tanadaithanh.vn\/en\/#website\"},\"primaryImageOfPage\":{\"@id\":\"https:\/\/shop.tanadaithanh.vn\/en\/san-pham\/voi-chau-rossi-r802v1\/#primaryimage\"},\"image\":{\"@id\":\"https:\/\/shop.tanadaithanh.vn\/en\/san-pham\/voi-chau-rossi-r802v1\/#primaryimage\"},\"thumbnailUrl\":\"https:\/\/shop.tanadaithanh.vn\/wp-content\/uploads\/2025\/11\/R802V1.png\",\"datePublished\":\"2025-11-10T03:38:37+00:00\",\"dateModified\":\"2026-04-13T10:20:31+00:00\",\"description\":\"V\u00f2i ch\u1eadu Rossi R802V1 \u0111\u01b0\u1ee3c ch\u1ebf t\u1ea1o t\u1eeb ch\u1ea5t li\u1ec7u \u0111\u1ed3ng v\u1edbi l\u1edbp ph\u1ee7 chrome sang tr\u1ecdng v\u00e0 b\u1ed9 chia n\u01b0\u1edbc Sedal gi\u00fap kh\u00f4ng b\u1ecb \u0103n m\u00f2n, d\u00f2ng ch\u1ea3y lu\u00f4n \u1ed5n \u0111\u1ecbnh.\u00a0\",\"breadcrumb\":{\"@id\":\"https:\/\/shop.tanadaithanh.vn\/en\/san-pham\/voi-chau-rossi-r802v1\/#breadcrumb\"},\"inLanguage\":\"en-US\",\"potentialAction\":[{\"@type\":\"ReadAction\",\"target\":[\"https:\/\/shop.tanadaithanh.vn\/en\/san-pham\/voi-chau-rossi-r802v1\/\"]}]},{\"@type\":\"ImageObject\",\"inLanguage\":\"en-US\",\"@id\":\"https:\/\/shop.tanadaithanh.vn\/en\/san-pham\/voi-chau-rossi-r802v1\/#primaryimage\",\"url\":\"https:\/\/shop.tanadaithanh.vn\/wp-content\/uploads\/2025\/11\/R802V1.png\",\"contentUrl\":\"https:\/\/shop.tanadaithanh.vn\/wp-content\/uploads\/2025\/11\/R802V1.png\",\"width\":1200,\"height\":1200},{\"@type\":\"BreadcrumbList\",\"@id\":\"https:\/\/shop.tanadaithanh.vn\/en\/san-pham\/voi-chau-rossi-r802v1\/#breadcrumb\",\"itemListElement\":[{\"@type\":\"ListItem\",\"position\":1,\"name\":\"Trang ch\u1ee7\",\"item\":\"https:\/\/shop.tanadaithanh.vn\/en\/\"},{\"@type\":\"ListItem\",\"position\":2,\"name\":\"Shop\",\"item\":\"https:\/\/shop.tanadaithanh.vn\/cua-hang\/\"},{\"@type\":\"ListItem\",\"position\":3,\"name\":\"V\u00f2i ch\u1eadu Rossi R802V1\"}]},{\"@type\":\"WebSite\",\"@id\":\"https:\/\/shop.tanadaithanh.vn\/en\/#website\",\"url\":\"https:\/\/shop.tanadaithanh.vn\/en\/\",\"name\":\"T\u00e2n \u00c1 \u0110\u1ea1i Th\u00e0nh eShop - Trang website b\u00e1n h\u00e0ng ch\u00ednh th\u1ee9c T\u1eadp \u0111o\u00e0n T\u00e2n \u00c1 \u0110\u1ea1i Th\u00e0nh\",\"description\":\"Website b\u00e1n h\u00e0ng tr\u1ef1c tuy\u1ebfn v\u1eadn h\u00e0nh b\u1edfi ch\u00ednh T\u00e2n \u00c1 \u0110\u1ea1i Th\u00e0nh\",\"publisher\":{\"@id\":\"https:\/\/shop.tanadaithanh.vn\/en\/#organization\"},\"potentialAction\":[{\"@type\":\"SearchAction\",\"target\":{\"@type\":\"EntryPoint\",\"urlTemplate\":\"https:\/\/shop.tanadaithanh.vn\/en\/?s={search_term_string}\"},\"query-input\":{\"@type\":\"PropertyValueSpecification\",\"valueRequired\":true,\"valueName\":\"search_term_string\"}}],\"inLanguage\":\"en-US\"},{\"@type\":\"Organization\",\"@id\":\"https:\/\/shop.tanadaithanh.vn\/en\/#organization\",\"name\":\"T\u00e2n \u00c1 \u0110\u1ea1i Th\u00e0nh eShop - Trang website b\u00e1n h\u00e0ng ch\u00ednh th\u1ee9c T\u1eadp \u0111o\u00e0n T\u00e2n \u00c1 \u0110\u1ea1i Th\u00e0nh\",\"url\":\"https:\/\/shop.tanadaithanh.vn\/en\/\",\"logo\":{\"@type\":\"ImageObject\",\"inLanguage\":\"en-US\",\"@id\":\"https:\/\/shop.tanadaithanh.vn\/en\/#\/schema\/logo\/image\/\",\"url\":\"https:\/\/shop.tanadaithanh.vn\/wp-content\/uploads\/2025\/06\/Logo-2.png\",\"contentUrl\":\"https:\/\/shop.tanadaithanh.vn\/wp-content\/uploads\/2025\/06\/Logo-2.png\",\"width\":2000,\"height\":2000,\"caption\":\"T\u00e2n \u00c1 \u0110\u1ea1i Th\u00e0nh eShop - Trang website b\u00e1n h\u00e0ng ch\u00ednh th\u1ee9c T\u1eadp \u0111o\u00e0n T\u00e2n \u00c1 \u0110\u1ea1i Th\u00e0nh\"},\"image\":{\"@id\":\"https:\/\/shop.tanadaithanh.vn\/en\/#\/schema\/logo\/image\/\"},\"sameAs\":[\"https:\/\/www.facebook.com\/profile.php?id=61567171139919\",\"https:\/\/zalo.me\/3915163699004948284\"]}]}<\/script>\n<!-- \/ Yoast SEO plugin. -->","yoast_head_json":{"title":"V\u00f2i ch\u1eadu Rossi R802V1 - T\u00e2n \u00c1 \u0110\u1ea1i Th\u00e0nh eShop","description":"V\u00f2i ch\u1eadu Rossi R802V1 \u0111\u01b0\u1ee3c ch\u1ebf t\u1ea1o t\u1eeb ch\u1ea5t li\u1ec7u \u0111\u1ed3ng v\u1edbi l\u1edbp ph\u1ee7 chrome sang tr\u1ecdng v\u00e0 b\u1ed9 chia n\u01b0\u1edbc Sedal gi\u00fap kh\u00f4ng b\u1ecb \u0103n m\u00f2n, d\u00f2ng ch\u1ea3y lu\u00f4n \u1ed5n \u0111\u1ecbnh.\u00a0","robots":{"index":"index","follow":"follow","max-snippet":"max-snippet:-1","max-image-preview":"max-image-preview:large","max-video-preview":"max-video-preview:-1"},"canonical":"https:\/\/shop.tanadaithanh.vn\/en\/san-pham\/voi-chau-rossi-r802v1\/","og_locale":"en_US","og_type":"article","og_title":"V\u00f2i ch\u1eadu Rossi R802V1 - T\u00e2n \u00c1 \u0110\u1ea1i Th\u00e0nh eShop","og_description":"V\u00f2i ch\u1eadu Rossi R802V1 \u0111\u01b0\u1ee3c ch\u1ebf t\u1ea1o t\u1eeb ch\u1ea5t li\u1ec7u \u0111\u1ed3ng v\u1edbi l\u1edbp ph\u1ee7 chrome sang tr\u1ecdng v\u00e0 b\u1ed9 chia n\u01b0\u1edbc Sedal gi\u00fap kh\u00f4ng b\u1ecb \u0103n m\u00f2n, d\u00f2ng ch\u1ea3y lu\u00f4n \u1ed5n \u0111\u1ecbnh.\u00a0","og_url":"https:\/\/shop.tanadaithanh.vn\/en\/san-pham\/voi-chau-rossi-r802v1\/","og_site_name":"T\u00e2n \u00c1 \u0110\u1ea1i Th\u00e0nh eShop","article_publisher":"https:\/\/www.facebook.com\/profile.php?id=61567171139919","article_modified_time":"2026-04-13T10:20:31+00:00","og_image":[{"width":1200,"height":1200,"url":"https:\/\/shop.tanadaithanh.vn\/wp-content\/uploads\/2025\/11\/R802V1.png","type":"image\/png"}],"twitter_card":"summary_large_image","twitter_misc":{"Est. reading time":"5 minutes"},"schema":{"@context":"https:\/\/schema.org","@graph":[{"@type":"WebPage","@id":"https:\/\/shop.tanadaithanh.vn\/en\/san-pham\/voi-chau-rossi-r802v1\/","url":"https:\/\/shop.tanadaithanh.vn\/en\/san-pham\/voi-chau-rossi-r802v1\/","name":"V\u00f2i ch\u1eadu Rossi R802V1 - T\u00e2n \u00c1 \u0110\u1ea1i Th\u00e0nh eShop","isPartOf":{"@id":"https:\/\/shop.tanadaithanh.vn\/en\/#website"},"primaryImageOfPage":{"@id":"https:\/\/shop.tanadaithanh.vn\/en\/san-pham\/voi-chau-rossi-r802v1\/#primaryimage"},"image":{"@id":"https:\/\/shop.tanadaithanh.vn\/en\/san-pham\/voi-chau-rossi-r802v1\/#primaryimage"},"thumbnailUrl":"https:\/\/shop.tanadaithanh.vn\/wp-content\/uploads\/2025\/11\/R802V1.png","datePublished":"2025-11-10T03:38:37+00:00","dateModified":"2026-04-13T10:20:31+00:00","description":"V\u00f2i ch\u1eadu Rossi R802V1 \u0111\u01b0\u1ee3c ch\u1ebf t\u1ea1o t\u1eeb ch\u1ea5t li\u1ec7u \u0111\u1ed3ng v\u1edbi l\u1edbp ph\u1ee7 chrome sang tr\u1ecdng v\u00e0 b\u1ed9 chia n\u01b0\u1edbc Sedal gi\u00fap kh\u00f4ng b\u1ecb \u0103n m\u00f2n, d\u00f2ng ch\u1ea3y lu\u00f4n \u1ed5n \u0111\u1ecbnh.\u00a0","breadcrumb":{"@id":"https:\/\/shop.tanadaithanh.vn\/en\/san-pham\/voi-chau-rossi-r802v1\/#breadcrumb"},"inLanguage":"en-US","potentialAction":[{"@type":"ReadAction","target":["https:\/\/shop.tanadaithanh.vn\/en\/san-pham\/voi-chau-rossi-r802v1\/"]}]},{"@type":"ImageObject","inLanguage":"en-US","@id":"https:\/\/shop.tanadaithanh.vn\/en\/san-pham\/voi-chau-rossi-r802v1\/#primaryimage","url":"https:\/\/shop.tanadaithanh.vn\/wp-content\/uploads\/2025\/11\/R802V1.png","contentUrl":"https:\/\/shop.tanadaithanh.vn\/wp-content\/uploads\/2025\/11\/R802V1.png","width":1200,"height":1200},{"@type":"BreadcrumbList","@id":"https:\/\/shop.tanadaithanh.vn\/en\/san-pham\/voi-chau-rossi-r802v1\/#breadcrumb","itemListElement":[{"@type":"ListItem","position":1,"name":"Trang ch\u1ee7","item":"https:\/\/shop.tanadaithanh.vn\/en\/"},{"@type":"ListItem","position":2,"name":"Shop","item":"https:\/\/shop.tanadaithanh.vn\/cua-hang\/"},{"@type":"ListItem","position":3,"name":"V\u00f2i ch\u1eadu Rossi R802V1"}]},{"@type":"WebSite","@id":"https:\/\/shop.tanadaithanh.vn\/en\/#website","url":"https:\/\/shop.tanadaithanh.vn\/en\/","name":"T\u00e2n \u00c1 \u0110\u1ea1i Th\u00e0nh eShop - Trang website b\u00e1n h\u00e0ng ch\u00ednh th\u1ee9c T\u1eadp \u0111o\u00e0n T\u00e2n \u00c1 \u0110\u1ea1i Th\u00e0nh","description":"Website b\u00e1n h\u00e0ng tr\u1ef1c tuy\u1ebfn v\u1eadn h\u00e0nh b\u1edfi ch\u00ednh T\u00e2n \u00c1 \u0110\u1ea1i Th\u00e0nh","publisher":{"@id":"https:\/\/shop.tanadaithanh.vn\/en\/#organization"},"potentialAction":[{"@type":"SearchAction","target":{"@type":"EntryPoint","urlTemplate":"https:\/\/shop.tanadaithanh.vn\/en\/?s={search_term_string}"},"query-input":{"@type":"PropertyValueSpecification","valueRequired":true,"valueName":"search_term_string"}}],"inLanguage":"en-US"},{"@type":"Organization","@id":"https:\/\/shop.tanadaithanh.vn\/en\/#organization","name":"T\u00e2n \u00c1 \u0110\u1ea1i Th\u00e0nh eShop - Trang website b\u00e1n h\u00e0ng ch\u00ednh th\u1ee9c T\u1eadp \u0111o\u00e0n T\u00e2n \u00c1 \u0110\u1ea1i Th\u00e0nh","url":"https:\/\/shop.tanadaithanh.vn\/en\/","logo":{"@type":"ImageObject","inLanguage":"en-US","@id":"https:\/\/shop.tanadaithanh.vn\/en\/#\/schema\/logo\/image\/","url":"https:\/\/shop.tanadaithanh.vn\/wp-content\/uploads\/2025\/06\/Logo-2.png","contentUrl":"https:\/\/shop.tanadaithanh.vn\/wp-content\/uploads\/2025\/06\/Logo-2.png","width":2000,"height":2000,"caption":"T\u00e2n \u00c1 \u0110\u1ea1i Th\u00e0nh eShop - Trang website b\u00e1n h\u00e0ng ch\u00ednh th\u1ee9c T\u1eadp \u0111o\u00e0n T\u00e2n \u00c1 \u0110\u1ea1i Th\u00e0nh"},"image":{"@id":"https:\/\/shop.tanadaithanh.vn\/en\/#\/schema\/logo\/image\/"},"sameAs":["https:\/\/www.facebook.com\/profile.php?id=61567171139919","https:\/\/zalo.me\/3915163699004948284"]}]}},"_links":{"self":[{"href":"https:\/\/shop.tanadaithanh.vn\/en\/wp-json\/wp\/v2\/product\/28594","targetHints":{"allow":["GET"]}}],"collection":[{"href":"https:\/\/shop.tanadaithanh.vn\/en\/wp-json\/wp\/v2\/product"}],"about":[{"href":"https:\/\/shop.tanadaithanh.vn\/en\/wp-json\/wp\/v2\/types\/product"}],"replies":[{"embeddable":true,"href":"https:\/\/shop.tanadaithanh.vn\/en\/wp-json\/wp\/v2\/comments?post=28594"}],"version-history":[{"count":6,"href":"https:\/\/shop.tanadaithanh.vn\/en\/wp-json\/wp\/v2\/product\/28594\/revisions"}],"predecessor-version":[{"id":29770,"href":"https:\/\/shop.tanadaithanh.vn\/en\/wp-json\/wp\/v2\/product\/28594\/revisions\/29770"}],"wp:featuredmedia":[{"embeddable":true,"href":"https:\/\/shop.tanadaithanh.vn\/en\/wp-json\/wp\/v2\/media\/29148"}],"wp:attachment":[{"href":"https:\/\/shop.tanadaithanh.vn\/en\/wp-json\/wp\/v2\/media?parent=28594"}],"wp:term":[{"taxonomy":"region","embeddable":true,"href":"https:\/\/shop.tanadaithanh.vn\/en\/wp-json\/wp\/v2\/region?post=28594"},{"taxonomy":"product_brand","embeddable":true,"href":"https:\/\/shop.tanadaithanh.vn\/en\/wp-json\/wp\/v2\/product_brand?post=28594"},{"taxonomy":"product_cat","embeddable":true,"href":"https:\/\/shop.tanadaithanh.vn\/en\/wp-json\/wp\/v2\/product_cat?post=28594"},{"taxonomy":"product_tag","embeddable":true,"href":"https:\/\/shop.tanadaithanh.vn\/en\/wp-json\/wp\/v2\/product_tag?post=28594"}],"curies":[{"name":"wp","href":"https:\/\/api.w.org\/{rel}","templated":true}]}}