{"id":28588,"date":"2025-11-10T10:20:01","date_gmt":"2025-11-10T03:20:01","guid":{"rendered":"https:\/\/shop.tanadaithanh.vn\/?post_type=product&#038;p=28588"},"modified":"2025-12-03T17:33:27","modified_gmt":"2025-12-03T10:33:27","slug":"voi-sen-rossi-r802s","status":"publish","type":"product","link":"https:\/\/shop.tanadaithanh.vn\/en\/san-pham\/voi-sen-rossi-r802s\/","title":{"rendered":"V\u00f2i sen Rossi R802S"},"content":{"rendered":"<p><em>V\u00f2i sen Rossi R802S l\u00e0 \u0111i\u1ec3m nh\u1ea5n sang tr\u1ecdng cho kh\u00f4ng gian ph\u00f2ng t\u1eafm \u0111\u1eb3ng c\u1ea5p. \u0110\u01b0\u1ee3c ch\u1ebf t\u1ea1o t\u1eeb ch\u1ea5t li\u1ec7u \u0111\u1ed3ng cao c\u1ea5p, k\u1ebft h\u1ee3p c\u00f9ng b\u1ed9 chia n\u01b0\u1edbc Sedal gi\u00fap d\u00f2ng ch\u1ea3y lu\u00f4n \u1ed5n \u0111\u1ecbnh, b\u1ed9 v\u00f2i sen R802S mang t\u1edbi c\u1ea3m gi\u00e1c t\u1eafm th\u01b0 th\u00e1i, tho\u1ea3i m\u00e1i.<\/em><\/p>\n<p>\u0110\u1ec3 ch\u1ea5t l\u01b0\u1ee3ng cu\u1ed9c s\u1ed1ng \u0111\u01b0\u1ee3c n\u00e2ng cao, kh\u00f4ng gian s\u1ed1ng s\u1ea1ch \u0111\u1eb9p h\u01a1n th\u00ec ph\u00f2ng t\u1eafm ch\u00ednh l\u00e0 y\u1ebfu t\u1ed1 quan tr\u1ecdng v\u00e0 c\u1ea7n \u0111\u01b0\u1ee3c ch\u0103m ch\u00fat k\u1ef9 c\u00e0ng. M\u1ed9t ph\u00f2ng t\u1eafm ch\u1ec9n chu, s\u1ea1ch s\u1ebd v\u1edbi c\u00e1c thi\u1ebft b\u1ecb v\u1ec7 sinh lu\u00f4n b\u00f3ng s\u00e1ng ch\u00ednh l\u00e0 c\u00e1ch b\u1ea1n quan t\u00e2m t\u1edbi kh\u00f4ng gian s\u1ed1ng c\u0169ng nh\u01b0 s\u1ee9c kho\u1ebb c\u1ee7a ch\u00ednh m\u00ecnh.<\/p>\n<p>Thay \u0111\u1ed5i h\u1ec7 th\u1ed1ng sen v\u00f2i trong ph\u00f2ng t\u1eafm l\u00e0 m\u1ed9t trong nh\u1eefng b\u01b0\u1edbc ti\u1ebfn gi\u00fap kh\u00f4ng gian ph\u00f2ng t\u1eafm \u0111\u01b0\u1ee3c c\u1ea3i thi\u1ec7n h\u01a1n. S\u1ea3n ph\u1ea9m sen v\u00f2i Rossi n\u00f3i chung v\u00e0 s\u1ea3n ph\u1ea9m v\u00f2i sen Rossi R802S l\u00e0 s\u1ef1 l\u1ef1a ch\u1ecdn l\u00fd t\u01b0\u1edfng. \u0110\u1ec3 c\u00f3 c\u00e1i nh\u00ecn r\u00f5 n\u00e9t h\u01a1n v\u1ec1 b\u1ed9 sen v\u00f2i Rossi R802S, b\u1ea1n h\u00e3y tham kh\u1ea3o b\u00e0i vi\u1ebft d\u01b0\u1edbi \u0111\u00e2y nh\u00e9!<\/p>\n<h2>Th\u00f4ng s\u1ed1 k\u1ef9 thu\u1eadt c\u1ee7a v\u00f2i sen R802S<\/h2>\n<table>\n<tbody>\n<tr>\n<td><span style=\"font-weight: 400;\">T\u00ean s\u1ea3n ph\u1ea9m\u00a0<\/span><\/td>\n<td><span style=\"font-weight: 400;\">V\u00f2i sen (Bathtub Mixer)<\/span><\/td>\n<\/tr>\n<tr>\n<td><span style=\"font-weight: 400;\">M\u00e3 s\u1ea3n ph\u1ea9m<\/span><\/td>\n<td><span style=\"font-weight: 400;\">R802S<\/span><\/td>\n<\/tr>\n<tr>\n<td><span style=\"font-weight: 400;\">Tr\u1ecdng l\u01b0\u1ee3ng<\/span><\/td>\n<td><span style=\"font-weight: 400;\">1225g<\/span><\/td>\n<\/tr>\n<tr>\n<td><span style=\"font-weight: 400;\">Ch\u1ea5t li\u1ec7u<\/span><\/td>\n<td><span style=\"font-weight: 400;\">Th\u00e2n \u0111\u1ed3ng thau, tay c\u1ea7m h\u1ee3p kim k\u1ebdm<\/span><\/td>\n<\/tr>\n<tr>\n<td><span style=\"font-weight: 400;\">Van \u0111i\u1ec1u khi\u1ec3n<\/span><\/td>\n<td><span style=\"font-weight: 400;\">Van g\u1ed1m \u00d835 TH<\/span><\/td>\n<\/tr>\n<tr>\n<td rowspan=\"4\"><span style=\"font-weight: 400;\">Ph\u1ee5 ki\u1ec7n \u0111i k\u00e8m<\/span><\/td>\n<td><span style=\"font-weight: 400;\">2 \u0111\u1ea7u n\u1ed1i \u0111\u1ed3ng<\/span><\/td>\n<\/tr>\n<tr>\n<td><span style=\"font-weight: 400;\">2 n\u1eafp inox<\/span><\/td>\n<\/tr>\n<tr>\n<td><span style=\"font-weight: 400;\">\u1ed0ng d\u1eabn m\u1ec1m inox 1.5m<\/span><\/td>\n<\/tr>\n<tr>\n<td><span style=\"font-weight: 400;\">Gi\u00e1 \u0111\u1ee1 nh\u1ef1a<\/span><\/td>\n<\/tr>\n<tr>\n<td><span style=\"font-weight: 400;\">B\u1ec1 m\u1eb7t ho\u00e0n thi\u1ec7n\u00a0<\/span><\/td>\n<td><span style=\"font-weight: 400;\">M\u1ea1 Chrome<\/span><\/td>\n<\/tr>\n<\/tbody>\n<\/table>\n<h2>\u01afu \u0111i\u1ec3m c\u1ee7a s\u1ea3n ph\u1ea9m v\u00f2i sen R802S<\/h2>\n<p>N\u1ebfu b\u1ea1n \u0111ang t\u00ecm ki\u1ebfm s\u1ea3n ph\u1ea9m v\u00f2i sen c\u00f3 th\u1ec3 n\u00e2ng t\u1ea7m kh\u00f4ng gian ph\u00f2ng t\u1eafm c\u0169ng nh\u01b0 c\u00f3 \u0111\u1ed9 b\u1ec1n cao, d\u1ec5 v\u1ec7 sinh, d\u00f2ng ch\u1ea3y v\u1eadn h\u00e0nh \u1ed5n \u0111\u1ecbnh,&#8230; v\u00f2i sen Rossi R802S ch\u00ednh l\u00e0 s\u1ea3n ph\u1ea9m c\u00f3 th\u1ec3 \u0111\u00e1p \u1ee9ng \u0111\u01b0\u1ee3c nh\u1eefng y\u00eau c\u1ea7u \u0111\u00f3.<\/p>\n<h3>Ch\u1ea5t li\u1ec7u \u0111\u1ed3ng thau cao c\u1ea5p: Kh\u00f4ng \u0103n m\u00f2n, \u0110\u1ed9 b\u1ec1n cao<\/h3>\n<p>Ngu\u1ed3n n\u01b0\u1edbc sinh ho\u1ea1t an to\u00e0n, kh\u00f4ng b\u1ecb nhi\u1ec5m kim lo\u1ea1i n\u1eb7ng mang \u00fd ngh\u0129 quan tr\u1ecdng \u0111\u1ed1i v\u1edbi s\u1ee9c kh\u1ecfe c\u1ee7a ng\u01b0\u1eddi ti\u00eau d\u00f9ng. D\u00f9 v\u1eady, kh\u00f4ng \u00edt gia \u0111\u00ecnh v\u1eabn \u201cr\u01b0\u1edbc h\u1ecda v\u00e0o th\u00e2n\u201d khi ch\u1ecdn mua ph\u1ea3i nh\u1eefng s\u1ea3n ph\u1ea9m sen v\u00f2i l\u00e0m t\u1eeb ch\u1ea5t li\u1ec7u k\u00e9m ch\u1ea5t l\u01b0\u1ee3ng, d\u1ec5 hoen g\u1ec9, d\u1ec5 b\u1ecb \u0103n m\u00f2n,&#8230;<\/p>\n<p>V\u1edbi mong mu\u1ed1n mang t\u1edbi cho ng\u01b0\u1eddi ti\u00eau d\u00f9ng s\u1ea3n ph\u1ea9m sen v\u00f2i ch\u1ea5t l\u01b0\u1ee3ng cao v\u1edbi gi\u00e1 th\u00e0nh b\u00ecnh d\u00e2n, T\u00e2n \u00c1 \u0110\u1ea1i Th\u00e0nh \u0111\u00e3 l\u1ef1a ch\u1ecdn ch\u1ea5t li\u1ec7u \u0111\u1ed3ng 59% cho v\u00f2i sen Rossi R802S.<\/p>\n<p>\u0110\u01b0\u1ee3c bi\u1ebft, \u0111\u1ed3ng l\u00e0 m\u1ed9t trong nh\u1eefng ch\u1ea5t li\u1ec7u cao c\u1ea5p nh\u1ea5t \u0111\u01b0\u1ee3c s\u1eed d\u1ee5ng trong s\u1ea3n xu\u1ea5t thi\u1ebft b\u1ecb v\u1ec7 sinh. Ch\u1ea5t li\u1ec7u n\u00e0y kh\u00f4ng \u0103n m\u00f2n, kh\u00f4ng han g\u1ec9, c\u00f3 \u0111\u1ed9 b\u1ec1n cao. Nh\u1edd v\u1eady, kh\u00ed s\u1eed d\u1ee5ng c\u00e1c s\u1ea3n ph\u1ea9m \u0111\u01b0\u1ee3c l\u00e0m t\u1eeb ch\u1ea5t li\u1ec7u \u0111\u1ed3ng s\u1ebd gi\u00fap \u0111\u1ea3m b\u1ea3o ch\u1ea5t l\u01b0\u1ee3ng n\u01b0\u1edbc sinh ho\u1ea1t v\u00e0 ng\u01b0\u1eddi s\u1eed d\u1ee5ng ti\u1ebft ki\u1ec7m \u0111\u01b0\u1ee3c th\u1eddi gian c\u0169ng nh\u01b0 chi ph\u00ed s\u1eeda ch\u1eefa.<\/p>\n<h3>C\u00f4ng ngh\u1ec7 chia n\u01b0\u1edbc Sedal: \u1ed4n \u0111\u1ecbnh d\u00f2ng ch\u1ea3y, kh\u00f4ng lo n\u01b0\u1edbc n\u00f3ng l\u1ea1nh th\u1ea5t th\u01b0\u1eddng<\/h3>\n<p>M\u1ed9t \u0111i\u1ec3m c\u1ed9ng l\u1edbn kh\u00e1c c\u1ee7a v\u00f2i sen Rossi R802S ch\u00ednh l\u00e0 s\u1ea3n ph\u1ea9m \u0111\u01b0\u1ee3c trang b\u1ecb b\u1ed9 chia n\u01b0\u1edbc Sedal cao c\u1ea5p. Theo \u0111\u00f3, b\u1ed9 chia n\u01b0\u1edbc Sedal c\u00f3 c\u1ea5u t\u1ea1o van g\u1ed1m ch\u1ecbu nhi\u1ec7t, ch\u1ed1ng m\u00e0i m\u00f2n, cho ph\u00e9p n\u01b0\u1edbc n\u00f3ng &#8211; l\u1ea1nh tr\u1ed9n nhanh v\u00e0 chu\u1ea9n x\u00e1c. Nh\u1edd \u0111\u00f3, nhi\u1ec7t \u0111\u1ed9 n\u01b0\u1edbc lu\u00f4n \u1ed5n \u0111\u1ecbnh, kh\u00f4ng b\u1ecb n\u01b0\u1edbc n\u00f3ng, n\u01b0\u1edbc l\u1ea1nh th\u1ea5t th\u01b0\u1eddng.<\/p>\n<p>B\u00ean c\u1ea1nh \u0111\u00f3, b\u1ed9 chia n\u01b0\u1edbc Sedal c\u00f2n c\u00f3 kh\u1ea3 n\u0103ng gi\u00fap d\u00f2ng ch\u1ea3y v\u1eadn h\u00e0nh tr\u01a1n tru, \u00eam \u00e1i. N\u01b0\u1edbc kh\u00f4ng b\u1eafn tung to\u00e9 nh\u1edd c\u01a1 ch\u1ebf \u0111i\u1ec1u \u00e1p b\u00ean trong. Ng\u01b0\u1eddi s\u1eed d\u1ee5ng s\u1ebd c\u1ea3m nh\u1eadn \u0111\u01b0\u1ee3c d\u00f2ng n\u01b0\u1edbc \u00eam d\u1ecbu, \u1ed5n \u0111\u1ecbnh v\u00e0 d\u1ec5 ch\u1ecbu.<\/p>\n<p>Ngo\u00e0i ra, b\u1ed9 chia n\u01b0\u1edbc Sedal c\u00f2n gi\u00fap ng\u0103n r\u00f2 r\u1ec9 n\u01b0\u1edbc, t\u1ed1i \u01b0u d\u00f2ng ch\u1ea3y \u0111\u1ec3 gi\u1ea3m l\u01b0\u1ee3ng n\u01b0\u1edbc ti\u00eau th\u1ee5. Qua \u0111\u00f3, gi\u00fap ti\u1ebft ki\u1ec7m chi ph\u00ed n\u01b0\u1edbc cho ng\u01b0\u1eddi d\u00f9ng.<\/p>\n<h3>Thi\u1ebft k\u1ebf sang tr\u1ecdng, d\u1ec5 d\u00e0ng l\u1eafp \u0111\u1eb7t<\/h3>\n<p>S\u1ea3n ph\u1ea9m v\u00f2i sen Rossi R802S g\u00e2y \u1ea5n t\u01b0\u1ee3ng v\u1edbi thi\u1ebft k\u1ebf sang tr\u1ecdng mang phong c\u00e1ch T\u00e2y Ban Nha, ph\u00f9 h\u1ee3p v\u1edbi m\u1ecdi phong c\u00e1ch ph\u00f2ng t\u1eafm, t\u1eeb c\u1ed5 \u0111i\u1ec3n t\u1edbi hi\u1ec7n \u0111\u1ea1i. T\u1eebng \u0111\u01b0\u1eddng n\u00e9t tr\u00ean s\u1ea3n ph\u1ea9m \u0111\u01b0\u1ee3c ch\u1ebf t\u00e1c tinh t\u1ebf, mang t\u1edbi c\u1ea3m gi\u00e1c v\u1eeba thanh l\u1ecbch v\u1eeba sang tr\u1ecdng.<\/p>\n<p>B\u1ec1 m\u1eb7t s\u1ea3n ph\u1ea9m \u0111\u01b0\u1ee3c ph\u1ee7 l\u1edbp m\u1ea1 chrome cao c\u1ea5p, gi\u00fap b\u1ed9 sen v\u00f2i kh\u00f4ng b\u1ecb hoen g\u1ec9, d\u1ec5 d\u00e0ng v\u1ec7 sinh v\u00e0 duy tr\u00ec \u0111\u01b0\u1ee3c \u0111\u1ed9 s\u00e1ng b\u00f3ng l\u00e2u d\u00e0i. Ngo\u00e0i ra, s\u1ea3n ph\u1ea9m sen v\u00f2i Rossi R802S c\u00f2n \u0111\u01b0\u1ee3c trang b\u1ecb b\u1ed9 ph\u1ee5 ki\u1ec7n \u0111i k\u00e8m gi\u00fap ng\u01b0\u1eddi d\u00f9ng d\u1ec5 d\u00e0ng l\u1eafp \u0111\u1eb7t v\u00e0 ti\u1ebft ki\u1ec7m chi ph\u00ed thi c\u00f4ng.<\/p>\n<h2>G\u1ee3i \u00fd \u0111\u1ecba ch\u1ec9 uy t\u00edn mua v\u00f2i sen Rossi R802S<\/h2>\n<p>Hi\u1ec7n nay, tr\u00ean th\u1ecb tr\u01b0\u1eddng c\u00f3 kh\u00f4ng \u00edt \u0111\u1ecba \u0111i\u1ec3m b\u00e0y b\u00e1n s\u1ea3n ph\u1ea9m sen v\u00f2i c\u1ee7a th\u01b0\u01a1ng hi\u1ec7u Rossi. Tuy nhi\u00ean, kh\u00f4ng ph\u1ea3i ai c\u0169ng bi\u1ebft \u0111\u1ecba ch\u1ec9 uy t\u00edn, b\u00e1n s\u1ea3n ph\u1ea9m ch\u00ednh h\u00e3ng. Theo \u0111\u00f3, \u0111\u1ec3 mua s\u1ea3n ph\u1ea9m v\u00f2i sen Rossi R802S n\u00f3i ri\u00eang v\u00e0 sen v\u00f2i Rossi n\u00f3i chung, b\u1ea1n c\u00f3 th\u1ec3 mua s\u1eafm online ngay tr\u00ean website: <a href=\"http:\/\/shop.tanadaithanh.vn\">shop.tanadaithanh.vn<\/a>.<\/p>\n<p>\u0110\u00e2y l\u00e0 website ch\u00ednh th\u1ee9c c\u1ee7a nh\u00e0 s\u1ea3n xu\u1ea5t T\u00e2n \u00c1 \u0110\u1ea1i Th\u00e0nh (s\u1edf h\u1eefu th\u01b0\u01a1ng hi\u1ec7u Rossi). Ngo\u00e0i sen v\u00f2i Rossi, b\u1ea1n c\u0169ng c\u00f3 th\u1ec3 mua s\u1eafm nhi\u1ec1u lo\u1ea1i s\u1ea3n ph\u1ea9m kh\u00e1c nhau c\u1ee7a T\u00e2n \u00c1 \u0110\u1ea1i Th\u00e0nh tr\u00ean website n\u00e0y nh\u01b0: b\u1ebfp t\u1eeb Rossi, m\u00e1y l\u1ecdc n\u01b0\u1edbc RO, b\u1ed3n n\u01b0\u1edbc inox, b\u00ecnh n\u01b0\u1edbc n\u00f3ng Rossi,&#8230;<\/p>\n<p>Ngo\u00e0i ra, b\u1ea1n c\u0169ng c\u00f3 th\u1ec3 mua c\u00e1c s\u1ea3n ph\u1ea9m ch\u00ednh h\u00e3ng T\u00e2n \u00c1 \u0110\u1ea1i Th\u00e0nh tr\u00ean c\u00e1c s\u00e0n th\u01b0\u01a1ng m\u1ea1i \u0111i\u1ec7n t\u1eed nh\u01b0: <a href=\"https:\/\/shopee.vn\/tanadaithanhofficialstore\">Shopee<\/a>, <a href=\"https:\/\/www.lazada.vn\/shop\/tan-a-dai-thanh?path=index.htm&amp;lang=en&amp;pageTypeId=1\">Lazada<\/a>, <a href=\"https:\/\/www.tiktok.com\/@tanadaithanh.official\">Tiktok Shop<\/a>, Droppii, Tiki.<\/p>\n<p>Sau m\u1ed9t ng\u00e0y d\u00e0i l\u00e0m vi\u1ec7c v\u1edbi ch\u1ed3ng ch\u1ea5t c\u00e1c \u00e1p l\u1ef1c, c\u1ea3 c\u01a1 th\u1ec3 v\u00e0 t\u00e2m tr\u00ed ch\u1eafc h\u1eb3n \u0111\u1ec1u c\u1ea3m th\u1ea5y c\u0103ng th\u1eb3ng, m\u1ec7t m\u1ecfi. T\u1eafm b\u1ed3n ch\u00ednh l\u00e0 bi\u1ec7n ph\u00e1p th\u01b0 gi\u00e3n mi\u1ec5n ph\u00ed nh\u01b0ng mang l\u1ea1i hi\u1ec7u qu\u1ea3 cao. \u0110\u1eb7c bi\u1ec7t, \u0111\u01b0\u1ee3c \u0111\u1eafm m\u00ecnh trong l\u00e0n n\u01b0\u1edbc \u1ed5n \u0111\u1ecbnh, nhi\u1ec7t \u0111\u1ed9 v\u1eeba ph\u1ea3i s\u1ebd gi\u00fap c\u01a1 th\u1ec3 \u0111\u01b0\u1ee3c th\u1ea3 l\u1ecfng, m\u1ecdi m\u1ec7t m\u1ecfi \u0111\u1ec1u ti\u00eau tan.<\/p>\n<p>V\u1edbi nh\u1eefng \u01b0u \u0111i\u1ec3m n\u1ed5i tr\u1ed9i, v\u00f2i sen Rossi R802S ch\u00ednh l\u00e0 s\u1ef1 l\u1ef1a ch\u1ecdn ho\u00e0n h\u1ea3o cho nh\u1eefng gi\u00e2y ph\u00fat th\u01b0 gi\u00e3n, th\u1ea3 l\u1ecfng c\u01a1 th\u1ec3.\u00a0 \u0110\u1eebng \u0111\u1ec3 nh\u1eefng gi\u00e2y ph\u00fat th\u01b0 gi\u00e3n, t\u1eadn h\u01b0\u1edfng c\u1ee7a c\u01a1 th\u1ec3 b\u1ecb hu\u1ef7 ho\u1ea1i b\u1edfi b\u1ed9 sen v\u00f2i k\u00e9m ch\u1ea5t l\u01b0\u1ee3ng, n\u01b0\u1edbc n\u00f3ng &#8211; l\u1ea1nh th\u1ea5t th\u01b0\u1eddng nh\u00e9!<\/p>\n","protected":false},"excerpt":{"rendered":"<ul>\n<li>Th\u00e0nh ph\u1ea7n \u0111\u1ed3ng 59% ch\u1ed1ng \u0103n m\u00f2n, k\u00e9o d\u00e0i tu\u1ed5i th\u1ecd s\u1ea3n ph\u1ea9m, mang l\u1ea1i s\u1ef1 an t\u00e2m khi s\u1eed d\u1ee5ng.<\/li>\n<li>L\u1edbp m\u1ea1 chrome sang tr\u1ecdng gi\u00fap s\u1ea3n ph\u1ea9m lu\u00f4n s\u00e1ng b\u00f3ng, ch\u1ed1ng b\u00e1m b\u1ea9n, d\u1ec5 v\u1ec7 sinh, gi\u1eef cho sen v\u00f2i lu\u00f4n nh\u01b0 m\u1edbi.<\/li>\n<li>Thi\u1ebft k\u1ebf tinh t\u1ebf chu\u1ea9n T\u00e2y Ban Nha ph\u00f9 h\u1ee3p v\u1edbi m\u1ecdi kh\u00f4ng gian ph\u00f2ng t\u1eafm, t\u1eeb c\u1ed5 \u0111i\u1ec3n \u0111\u1ebfn hi\u1ec7n \u0111\u1ea1i.<\/li>\n<li>B\u1ed9 chia n\u01b0\u1edbc Sedal cao c\u1ea5p gi\u00fap v\u00f2i v\u1eadn h\u00e0nh \u00eam \u00e1i, b\u1ec1n b\u1ec9, \u0111\u1ea3m b\u1ea3o d\u00f2ng ch\u1ea3y \u1ed5n \u0111\u1ecbnh su\u1ed1t 450.000 l\u1ea7n \u0111\u00f3ng m\u1edf<\/li>\n<\/ul>\n","protected":false},"featured_media":29146,"comment_status":"open","ping_status":"closed","template":"","meta":[],"region":[259,260],"product_brand":[],"product_cat":[382,383],"product_tag":[1149,1146,1155,1156,1157],"class_list":{"0":"post-28588","1":"product","2":"type-product","3":"status-publish","4":"has-post-thumbnail","6":"region-mien-bac","7":"region-mien-nam","8":"product_cat-sen-voi","9":"product_cat-voi-sen","10":"product_tag-rossi","11":"product_tag-sen-voi","12":"product_tag-voi-sen","13":"product_tag-voi-sen-tam-rossi","14":"product_tag-vsen-voi-rossi","16":"first","17":"instock","18":"sale","19":"shipping-taxable","20":"purchasable","21":"product-type-simple"},"yoast_head":"<!-- This site is optimized with the Yoast SEO plugin v24.6 - https:\/\/yoast.com\/wordpress\/plugins\/seo\/ -->\n<title>V\u00f2i sen Rossi R802S - T\u00e2n \u00c1 \u0110\u1ea1i Th\u00e0nh eShop<\/title>\n<meta name=\"description\" content=\"V\u00f2i sen Rossi R802S \u0111\u01b0\u1ee3c ch\u1ebf t\u1ea1o t\u1eeb ch\u1ea5t li\u1ec7u \u0111\u1ed3ng cao c\u1ea5p, k\u1ebft h\u1ee3p c\u00f9ng b\u1ed9 chia n\u01b0\u1edbc Sedal gi\u00fap d\u00f2ng ch\u1ea3y lu\u00f4n \u1ed5n \u0111\u1ecbnh, mang t\u1edbi c\u1ea3m gi\u00e1c t\u1eafm tho\u1ea3i m\u00e1i.\" \/>\n<meta name=\"robots\" content=\"index, follow, max-snippet:-1, max-image-preview:large, max-video-preview:-1\" \/>\n<link rel=\"canonical\" href=\"https:\/\/shop.tanadaithanh.vn\/en\/san-pham\/voi-sen-rossi-r802s\/\" \/>\n<meta property=\"og:locale\" content=\"en_US\" \/>\n<meta property=\"og:type\" content=\"article\" \/>\n<meta property=\"og:title\" content=\"V\u00f2i sen Rossi R802S - T\u00e2n \u00c1 \u0110\u1ea1i Th\u00e0nh eShop\" \/>\n<meta property=\"og:description\" content=\"V\u00f2i sen Rossi R802S \u0111\u01b0\u1ee3c ch\u1ebf t\u1ea1o t\u1eeb ch\u1ea5t li\u1ec7u \u0111\u1ed3ng cao c\u1ea5p, k\u1ebft h\u1ee3p c\u00f9ng b\u1ed9 chia n\u01b0\u1edbc Sedal gi\u00fap d\u00f2ng ch\u1ea3y lu\u00f4n \u1ed5n \u0111\u1ecbnh, mang t\u1edbi c\u1ea3m gi\u00e1c t\u1eafm tho\u1ea3i m\u00e1i.\" \/>\n<meta property=\"og:url\" content=\"https:\/\/shop.tanadaithanh.vn\/en\/san-pham\/voi-sen-rossi-r802s\/\" \/>\n<meta property=\"og:site_name\" content=\"T\u00e2n \u00c1 \u0110\u1ea1i Th\u00e0nh eShop\" \/>\n<meta property=\"article:publisher\" content=\"https:\/\/www.facebook.com\/profile.php?id=61567171139919\" \/>\n<meta property=\"article:modified_time\" content=\"2025-12-03T10:33:27+00:00\" \/>\n<meta property=\"og:image\" content=\"https:\/\/shop.tanadaithanh.vn\/wp-content\/uploads\/2025\/11\/R802S.png\" \/>\n\t<meta property=\"og:image:width\" content=\"1200\" \/>\n\t<meta property=\"og:image:height\" content=\"1200\" \/>\n\t<meta property=\"og:image:type\" content=\"image\/png\" \/>\n<meta name=\"twitter:card\" content=\"summary_large_image\" \/>\n<meta name=\"twitter:label1\" content=\"Est. reading time\" \/>\n\t<meta name=\"twitter:data1\" content=\"6 minutes\" \/>\n<script type=\"application\/ld+json\" class=\"yoast-schema-graph\">{\"@context\":\"https:\/\/schema.org\",\"@graph\":[{\"@type\":\"WebPage\",\"@id\":\"https:\/\/shop.tanadaithanh.vn\/en\/san-pham\/voi-sen-rossi-r802s\/\",\"url\":\"https:\/\/shop.tanadaithanh.vn\/en\/san-pham\/voi-sen-rossi-r802s\/\",\"name\":\"V\u00f2i sen Rossi R802S - T\u00e2n \u00c1 \u0110\u1ea1i Th\u00e0nh eShop\",\"isPartOf\":{\"@id\":\"https:\/\/shop.tanadaithanh.vn\/en\/#website\"},\"primaryImageOfPage\":{\"@id\":\"https:\/\/shop.tanadaithanh.vn\/en\/san-pham\/voi-sen-rossi-r802s\/#primaryimage\"},\"image\":{\"@id\":\"https:\/\/shop.tanadaithanh.vn\/en\/san-pham\/voi-sen-rossi-r802s\/#primaryimage\"},\"thumbnailUrl\":\"https:\/\/shop.tanadaithanh.vn\/wp-content\/uploads\/2025\/11\/R802S.png\",\"datePublished\":\"2025-11-10T03:20:01+00:00\",\"dateModified\":\"2025-12-03T10:33:27+00:00\",\"description\":\"V\u00f2i sen Rossi R802S \u0111\u01b0\u1ee3c ch\u1ebf t\u1ea1o t\u1eeb ch\u1ea5t li\u1ec7u \u0111\u1ed3ng cao c\u1ea5p, k\u1ebft h\u1ee3p c\u00f9ng b\u1ed9 chia n\u01b0\u1edbc Sedal gi\u00fap d\u00f2ng ch\u1ea3y lu\u00f4n \u1ed5n \u0111\u1ecbnh, mang t\u1edbi c\u1ea3m gi\u00e1c t\u1eafm tho\u1ea3i m\u00e1i.\",\"breadcrumb\":{\"@id\":\"https:\/\/shop.tanadaithanh.vn\/en\/san-pham\/voi-sen-rossi-r802s\/#breadcrumb\"},\"inLanguage\":\"en-US\",\"potentialAction\":[{\"@type\":\"ReadAction\",\"target\":[\"https:\/\/shop.tanadaithanh.vn\/en\/san-pham\/voi-sen-rossi-r802s\/\"]}]},{\"@type\":\"ImageObject\",\"inLanguage\":\"en-US\",\"@id\":\"https:\/\/shop.tanadaithanh.vn\/en\/san-pham\/voi-sen-rossi-r802s\/#primaryimage\",\"url\":\"https:\/\/shop.tanadaithanh.vn\/wp-content\/uploads\/2025\/11\/R802S.png\",\"contentUrl\":\"https:\/\/shop.tanadaithanh.vn\/wp-content\/uploads\/2025\/11\/R802S.png\",\"width\":1200,\"height\":1200},{\"@type\":\"BreadcrumbList\",\"@id\":\"https:\/\/shop.tanadaithanh.vn\/en\/san-pham\/voi-sen-rossi-r802s\/#breadcrumb\",\"itemListElement\":[{\"@type\":\"ListItem\",\"position\":1,\"name\":\"Trang ch\u1ee7\",\"item\":\"https:\/\/shop.tanadaithanh.vn\/en\/\"},{\"@type\":\"ListItem\",\"position\":2,\"name\":\"Shop\",\"item\":\"https:\/\/shop.tanadaithanh.vn\/cua-hang\/\"},{\"@type\":\"ListItem\",\"position\":3,\"name\":\"V\u00f2i sen Rossi R802S\"}]},{\"@type\":\"WebSite\",\"@id\":\"https:\/\/shop.tanadaithanh.vn\/en\/#website\",\"url\":\"https:\/\/shop.tanadaithanh.vn\/en\/\",\"name\":\"T\u00e2n \u00c1 \u0110\u1ea1i Th\u00e0nh eShop - Trang website b\u00e1n h\u00e0ng ch\u00ednh th\u1ee9c T\u1eadp \u0111o\u00e0n T\u00e2n \u00c1 \u0110\u1ea1i Th\u00e0nh\",\"description\":\"Website b\u00e1n h\u00e0ng tr\u1ef1c tuy\u1ebfn v\u1eadn h\u00e0nh b\u1edfi ch\u00ednh T\u00e2n \u00c1 \u0110\u1ea1i Th\u00e0nh\",\"publisher\":{\"@id\":\"https:\/\/shop.tanadaithanh.vn\/en\/#organization\"},\"potentialAction\":[{\"@type\":\"SearchAction\",\"target\":{\"@type\":\"EntryPoint\",\"urlTemplate\":\"https:\/\/shop.tanadaithanh.vn\/en\/?s={search_term_string}\"},\"query-input\":{\"@type\":\"PropertyValueSpecification\",\"valueRequired\":true,\"valueName\":\"search_term_string\"}}],\"inLanguage\":\"en-US\"},{\"@type\":\"Organization\",\"@id\":\"https:\/\/shop.tanadaithanh.vn\/en\/#organization\",\"name\":\"T\u00e2n \u00c1 \u0110\u1ea1i Th\u00e0nh eShop - Trang website b\u00e1n h\u00e0ng ch\u00ednh th\u1ee9c T\u1eadp \u0111o\u00e0n T\u00e2n \u00c1 \u0110\u1ea1i Th\u00e0nh\",\"url\":\"https:\/\/shop.tanadaithanh.vn\/en\/\",\"logo\":{\"@type\":\"ImageObject\",\"inLanguage\":\"en-US\",\"@id\":\"https:\/\/shop.tanadaithanh.vn\/en\/#\/schema\/logo\/image\/\",\"url\":\"https:\/\/shop.tanadaithanh.vn\/wp-content\/uploads\/2025\/06\/Logo-2.png\",\"contentUrl\":\"https:\/\/shop.tanadaithanh.vn\/wp-content\/uploads\/2025\/06\/Logo-2.png\",\"width\":2000,\"height\":2000,\"caption\":\"T\u00e2n \u00c1 \u0110\u1ea1i Th\u00e0nh eShop - Trang website b\u00e1n h\u00e0ng ch\u00ednh th\u1ee9c T\u1eadp \u0111o\u00e0n T\u00e2n \u00c1 \u0110\u1ea1i Th\u00e0nh\"},\"image\":{\"@id\":\"https:\/\/shop.tanadaithanh.vn\/en\/#\/schema\/logo\/image\/\"},\"sameAs\":[\"https:\/\/www.facebook.com\/profile.php?id=61567171139919\",\"https:\/\/zalo.me\/3915163699004948284\"]}]}<\/script>\n<!-- \/ Yoast SEO plugin. -->","yoast_head_json":{"title":"V\u00f2i sen Rossi R802S - T\u00e2n \u00c1 \u0110\u1ea1i Th\u00e0nh eShop","description":"V\u00f2i sen Rossi R802S \u0111\u01b0\u1ee3c ch\u1ebf t\u1ea1o t\u1eeb ch\u1ea5t li\u1ec7u \u0111\u1ed3ng cao c\u1ea5p, k\u1ebft h\u1ee3p c\u00f9ng b\u1ed9 chia n\u01b0\u1edbc Sedal gi\u00fap d\u00f2ng ch\u1ea3y lu\u00f4n \u1ed5n \u0111\u1ecbnh, mang t\u1edbi c\u1ea3m gi\u00e1c t\u1eafm tho\u1ea3i m\u00e1i.","robots":{"index":"index","follow":"follow","max-snippet":"max-snippet:-1","max-image-preview":"max-image-preview:large","max-video-preview":"max-video-preview:-1"},"canonical":"https:\/\/shop.tanadaithanh.vn\/en\/san-pham\/voi-sen-rossi-r802s\/","og_locale":"en_US","og_type":"article","og_title":"V\u00f2i sen Rossi R802S - T\u00e2n \u00c1 \u0110\u1ea1i Th\u00e0nh eShop","og_description":"V\u00f2i sen Rossi R802S \u0111\u01b0\u1ee3c ch\u1ebf t\u1ea1o t\u1eeb ch\u1ea5t li\u1ec7u \u0111\u1ed3ng cao c\u1ea5p, k\u1ebft h\u1ee3p c\u00f9ng b\u1ed9 chia n\u01b0\u1edbc Sedal gi\u00fap d\u00f2ng ch\u1ea3y lu\u00f4n \u1ed5n \u0111\u1ecbnh, mang t\u1edbi c\u1ea3m gi\u00e1c t\u1eafm tho\u1ea3i m\u00e1i.","og_url":"https:\/\/shop.tanadaithanh.vn\/en\/san-pham\/voi-sen-rossi-r802s\/","og_site_name":"T\u00e2n \u00c1 \u0110\u1ea1i Th\u00e0nh eShop","article_publisher":"https:\/\/www.facebook.com\/profile.php?id=61567171139919","article_modified_time":"2025-12-03T10:33:27+00:00","og_image":[{"width":1200,"height":1200,"url":"https:\/\/shop.tanadaithanh.vn\/wp-content\/uploads\/2025\/11\/R802S.png","type":"image\/png"}],"twitter_card":"summary_large_image","twitter_misc":{"Est. reading time":"6 minutes"},"schema":{"@context":"https:\/\/schema.org","@graph":[{"@type":"WebPage","@id":"https:\/\/shop.tanadaithanh.vn\/en\/san-pham\/voi-sen-rossi-r802s\/","url":"https:\/\/shop.tanadaithanh.vn\/en\/san-pham\/voi-sen-rossi-r802s\/","name":"V\u00f2i sen Rossi R802S - T\u00e2n \u00c1 \u0110\u1ea1i Th\u00e0nh eShop","isPartOf":{"@id":"https:\/\/shop.tanadaithanh.vn\/en\/#website"},"primaryImageOfPage":{"@id":"https:\/\/shop.tanadaithanh.vn\/en\/san-pham\/voi-sen-rossi-r802s\/#primaryimage"},"image":{"@id":"https:\/\/shop.tanadaithanh.vn\/en\/san-pham\/voi-sen-rossi-r802s\/#primaryimage"},"thumbnailUrl":"https:\/\/shop.tanadaithanh.vn\/wp-content\/uploads\/2025\/11\/R802S.png","datePublished":"2025-11-10T03:20:01+00:00","dateModified":"2025-12-03T10:33:27+00:00","description":"V\u00f2i sen Rossi R802S \u0111\u01b0\u1ee3c ch\u1ebf t\u1ea1o t\u1eeb ch\u1ea5t li\u1ec7u \u0111\u1ed3ng cao c\u1ea5p, k\u1ebft h\u1ee3p c\u00f9ng b\u1ed9 chia n\u01b0\u1edbc Sedal gi\u00fap d\u00f2ng ch\u1ea3y lu\u00f4n \u1ed5n \u0111\u1ecbnh, mang t\u1edbi c\u1ea3m gi\u00e1c t\u1eafm tho\u1ea3i m\u00e1i.","breadcrumb":{"@id":"https:\/\/shop.tanadaithanh.vn\/en\/san-pham\/voi-sen-rossi-r802s\/#breadcrumb"},"inLanguage":"en-US","potentialAction":[{"@type":"ReadAction","target":["https:\/\/shop.tanadaithanh.vn\/en\/san-pham\/voi-sen-rossi-r802s\/"]}]},{"@type":"ImageObject","inLanguage":"en-US","@id":"https:\/\/shop.tanadaithanh.vn\/en\/san-pham\/voi-sen-rossi-r802s\/#primaryimage","url":"https:\/\/shop.tanadaithanh.vn\/wp-content\/uploads\/2025\/11\/R802S.png","contentUrl":"https:\/\/shop.tanadaithanh.vn\/wp-content\/uploads\/2025\/11\/R802S.png","width":1200,"height":1200},{"@type":"BreadcrumbList","@id":"https:\/\/shop.tanadaithanh.vn\/en\/san-pham\/voi-sen-rossi-r802s\/#breadcrumb","itemListElement":[{"@type":"ListItem","position":1,"name":"Trang ch\u1ee7","item":"https:\/\/shop.tanadaithanh.vn\/en\/"},{"@type":"ListItem","position":2,"name":"Shop","item":"https:\/\/shop.tanadaithanh.vn\/cua-hang\/"},{"@type":"ListItem","position":3,"name":"V\u00f2i sen Rossi R802S"}]},{"@type":"WebSite","@id":"https:\/\/shop.tanadaithanh.vn\/en\/#website","url":"https:\/\/shop.tanadaithanh.vn\/en\/","name":"T\u00e2n \u00c1 \u0110\u1ea1i Th\u00e0nh eShop - Trang website b\u00e1n h\u00e0ng ch\u00ednh th\u1ee9c T\u1eadp \u0111o\u00e0n T\u00e2n \u00c1 \u0110\u1ea1i Th\u00e0nh","description":"Website b\u00e1n h\u00e0ng tr\u1ef1c tuy\u1ebfn v\u1eadn h\u00e0nh b\u1edfi ch\u00ednh T\u00e2n \u00c1 \u0110\u1ea1i Th\u00e0nh","publisher":{"@id":"https:\/\/shop.tanadaithanh.vn\/en\/#organization"},"potentialAction":[{"@type":"SearchAction","target":{"@type":"EntryPoint","urlTemplate":"https:\/\/shop.tanadaithanh.vn\/en\/?s={search_term_string}"},"query-input":{"@type":"PropertyValueSpecification","valueRequired":true,"valueName":"search_term_string"}}],"inLanguage":"en-US"},{"@type":"Organization","@id":"https:\/\/shop.tanadaithanh.vn\/en\/#organization","name":"T\u00e2n \u00c1 \u0110\u1ea1i Th\u00e0nh eShop - Trang website b\u00e1n h\u00e0ng ch\u00ednh th\u1ee9c T\u1eadp \u0111o\u00e0n T\u00e2n \u00c1 \u0110\u1ea1i Th\u00e0nh","url":"https:\/\/shop.tanadaithanh.vn\/en\/","logo":{"@type":"ImageObject","inLanguage":"en-US","@id":"https:\/\/shop.tanadaithanh.vn\/en\/#\/schema\/logo\/image\/","url":"https:\/\/shop.tanadaithanh.vn\/wp-content\/uploads\/2025\/06\/Logo-2.png","contentUrl":"https:\/\/shop.tanadaithanh.vn\/wp-content\/uploads\/2025\/06\/Logo-2.png","width":2000,"height":2000,"caption":"T\u00e2n \u00c1 \u0110\u1ea1i Th\u00e0nh eShop - Trang website b\u00e1n h\u00e0ng ch\u00ednh th\u1ee9c T\u1eadp \u0111o\u00e0n T\u00e2n \u00c1 \u0110\u1ea1i Th\u00e0nh"},"image":{"@id":"https:\/\/shop.tanadaithanh.vn\/en\/#\/schema\/logo\/image\/"},"sameAs":["https:\/\/www.facebook.com\/profile.php?id=61567171139919","https:\/\/zalo.me\/3915163699004948284"]}]}},"_links":{"self":[{"href":"https:\/\/shop.tanadaithanh.vn\/en\/wp-json\/wp\/v2\/product\/28588","targetHints":{"allow":["GET"]}}],"collection":[{"href":"https:\/\/shop.tanadaithanh.vn\/en\/wp-json\/wp\/v2\/product"}],"about":[{"href":"https:\/\/shop.tanadaithanh.vn\/en\/wp-json\/wp\/v2\/types\/product"}],"replies":[{"embeddable":true,"href":"https:\/\/shop.tanadaithanh.vn\/en\/wp-json\/wp\/v2\/comments?post=28588"}],"version-history":[{"count":6,"href":"https:\/\/shop.tanadaithanh.vn\/en\/wp-json\/wp\/v2\/product\/28588\/revisions"}],"predecessor-version":[{"id":29784,"href":"https:\/\/shop.tanadaithanh.vn\/en\/wp-json\/wp\/v2\/product\/28588\/revisions\/29784"}],"wp:featuredmedia":[{"embeddable":true,"href":"https:\/\/shop.tanadaithanh.vn\/en\/wp-json\/wp\/v2\/media\/29146"}],"wp:attachment":[{"href":"https:\/\/shop.tanadaithanh.vn\/en\/wp-json\/wp\/v2\/media?parent=28588"}],"wp:term":[{"taxonomy":"region","embeddable":true,"href":"https:\/\/shop.tanadaithanh.vn\/en\/wp-json\/wp\/v2\/region?post=28588"},{"taxonomy":"product_brand","embeddable":true,"href":"https:\/\/shop.tanadaithanh.vn\/en\/wp-json\/wp\/v2\/product_brand?post=28588"},{"taxonomy":"product_cat","embeddable":true,"href":"https:\/\/shop.tanadaithanh.vn\/en\/wp-json\/wp\/v2\/product_cat?post=28588"},{"taxonomy":"product_tag","embeddable":true,"href":"https:\/\/shop.tanadaithanh.vn\/en\/wp-json\/wp\/v2\/product_tag?post=28588"}],"curies":[{"name":"wp","href":"https:\/\/api.w.org\/{rel}","templated":true}]}}