{"id":28581,"date":"2025-11-10T10:15:01","date_gmt":"2025-11-10T03:15:01","guid":{"rendered":"https:\/\/shop.tanadaithanh.vn\/?post_type=product&#038;p=28581"},"modified":"2025-12-03T17:32:31","modified_gmt":"2025-12-03T10:32:31","slug":"voi-chau-rossi-r801v2","status":"publish","type":"product","link":"https:\/\/shop.tanadaithanh.vn\/en\/san-pham\/voi-chau-rossi-r801v2\/","title":{"rendered":"V\u00f2i ch\u1eadu Rossi R801V2"},"content":{"rendered":"<p><em>V\u00f2i ch\u1eadu R801V2 l\u00e0 d\u00f2ng s\u1ea3n ph\u1ea9m cao c\u1ea5p t\u1edbi t\u1eeb th\u01b0\u01a1ng hi\u1ec7u Rossi. \u0110\u01b0\u1ee3c l\u00e0m t\u1eeb v\u1eadt li\u1ec7u \u0111\u1ed3ng cao c\u1ea5p v\u1edbi thi\u1ebft k\u1ebf sang tr\u1ecdng, v\u00f2i ch\u1eadu Rossi R801V2 ch\u00ednh l\u00e0 s\u1ef1 l\u1ef1a ch\u1ecdn ho\u00e0n h\u1ea3o cho kh\u00f4ng gian ph\u00f2ng t\u1eafm gia \u0111\u00ecnh.\u00a0<\/em><\/p>\n<p>V\u00f2i ch\u1eadu l\u00e0 v\u1eadt d\u1ee5ng nh\u00e0 t\u1eafm quen thu\u1ed9c v\u1edbi t\u1ea5t c\u1ea3 m\u1ecdi ng\u01b0\u1eddi. Tr\u01b0\u1edbc \u0111\u00e2y, c\u00e1c v\u00f2i ch\u1eadu c\u00f3 nhi\u1ec1u h\u1ea1n ch\u1ebf v\u1ec1 thi\u1ebft k\u1ebf, ch\u1ea5t li\u1ec7u khi\u1ebfn gi\u1ea3m \u0111\u1ed9 b\u1ec1n c\u1ee7a s\u1ea3n ph\u1ea9m, g\u00e2y ra b\u1ea5t ti\u1ec7n trong qu\u00e1 tr\u00ecnh s\u1eed d\u1ee5ng c\u0169ng nh\u01b0 kh\u00f4ng ph\u00f9 h\u1ee3p v\u1edbi nhi\u1ec1u kh\u00f4ng gian ph\u00f2ng t\u1eafm.<\/p>\n<p>V\u00f2i ch\u1eadu Rossi R801V2 l\u00e0 s\u1ea3n ph\u1ea9m c\u00f3 th\u1ec3 kh\u1eafc ph\u1ee5c \u0111\u01b0\u1ee3c nh\u1eefng h\u1ea1n ch\u1ebf \u0111\u00f3. H\u00e3y c\u00f9ng T\u00e2n \u00c1 \u0110\u1ea1i Th\u00e0nh t\u00ecm hi\u1ec3u k\u1ef9 h\u01a1n v\u1ec1 th\u00f4ng s\u1ed1 k\u1ef9 thu\u1eadt c\u0169ng nh\u01b0 c\u00e1c \u01b0u \u0111i\u1ec3m n\u1ed5i b\u1eadt c\u1ee7a s\u1ea3n ph\u1ea9m sen v\u00f2i n\u00e0y nh\u00e9!<\/p>\n<h2>Th\u00f4ng s\u1ed1 k\u1ef9 thu\u1eadt v\u00f2i ch\u1eadu Rossi R801V2<\/h2>\n<table>\n<tbody>\n<tr>\n<td><span style=\"font-weight: 400;\">T\u00ean s\u1ea3n ph\u1ea9m\u00a0<\/span><\/td>\n<td><span style=\"font-weight: 400;\">V\u00f2i lavabo (Basin Mixer)<\/span><\/td>\n<\/tr>\n<tr>\n<td><span style=\"font-weight: 400;\">M\u00e3 s\u1ea3n ph\u1ea9m<\/span><\/td>\n<td><span style=\"font-weight: 400;\">R801V2<\/span><\/td>\n<\/tr>\n<tr>\n<td><span style=\"font-weight: 400;\">Tr\u1ecdng l\u01b0\u1ee3ng<\/span><\/td>\n<td><span style=\"font-weight: 400;\">800g<\/span><\/td>\n<\/tr>\n<tr>\n<td><span style=\"font-weight: 400;\">Ch\u1ea5t li\u1ec7u<\/span><\/td>\n<td><span style=\"font-weight: 400;\">Th\u00e2n \u0111\u1ed3ng thau, tay c\u1ea7m h\u1ee3p kim k\u1ebdm<\/span><\/td>\n<\/tr>\n<tr>\n<td><span style=\"font-weight: 400;\">Van \u0111i\u1ec1u khi\u1ec3n<\/span><\/td>\n<td><span style=\"font-weight: 400;\">Van g\u1ed1m \u00d840 TH<\/span><\/td>\n<\/tr>\n<tr>\n<td rowspan=\"3\"><span style=\"font-weight: 400;\">Ph\u1ee5 ki\u1ec7n \u0111i k\u00e8m<\/span><\/td>\n<td><span style=\"font-weight: 400;\">2 \u1ed1ng c\u1ea5p n\u01b0\u1edbc inox 60 cm<\/span><\/td>\n<\/tr>\n<tr>\n<td><span style=\"font-weight: 400;\">B\u1ed9 x\u1ea3 inox<\/span><\/td>\n<\/tr>\n<tr>\n<td><span style=\"font-weight: 400;\">\u1ed0ng nh\u1ef1a<\/span><\/td>\n<\/tr>\n<tr>\n<td><span style=\"font-weight: 400;\">B\u1ec1 m\u1eb7t ho\u00e0n thi\u1ec7n\u00a0<\/span><\/td>\n<td><span style=\"font-weight: 400;\">M\u1ea1 Chrome<\/span><\/td>\n<\/tr>\n<\/tbody>\n<\/table>\n<h2>V\u00f2i ch\u1eadu Rossi R801V2 c\u00f3 \u01b0u \u0111i\u1ec3m n\u1ed5i b\u1eadt g\u00ec?<\/h2>\n<p>Kh\u00f4ng ph\u1ea3i ng\u1eabu nhi\u00ean m\u00e0 s\u1ea3n ph\u1ea9m v\u00f2i ch\u1eadu Rossi R801V2 l\u1ea1i l\u00e0 m\u1ed9t trong nh\u1eefng s\u1ea3n ph\u1ea9m best-seller v\u00e0 nh\u1eadn \u0111\u01b0\u1ee3c nhi\u1ec1u ph\u1ea3n h\u1ed3i t\u00edch c\u1ef1c c\u1ee7a ng\u01b0\u1eddi s\u1eed d\u1ee5ng. D\u01b0\u1edbi \u0111\u00e2y l\u00e0 nh\u1eefng \u201c\u0111i\u1ec3m thu h\u00fat\u201d kh\u00e1ch h\u00e0ng c\u1ee7a v\u00f2i ch\u1eadu Rossi.<\/p>\n<h3>Ch\u1ebf t\u1ea1o t\u1eeb ch\u1ea5t li\u1ec7u \u0111\u1ed3ng cao c\u1ea5p<\/h3>\n<p>M\u1ed9t trong nh\u1eefng quan ng\u1ea1i c\u1ee7a ng\u01b0\u1eddi ti\u00eau d\u00f9ng khi l\u1ef1a ch\u1ecdn v\u00f2i ch\u1eadu cho ph\u00f2ng t\u1eafm ch\u00ednh l\u00e0 s\u1ea3n ph\u1ea9m b\u1ecb oxy h\u00f3a, \u0103n m\u00f2n, g\u1ec9 s\u00e9t g\u00e2y r\u00f2 r\u1ec9 n\u01b0\u1edbc, \u1ea3nh h\u01b0\u1edfng t\u1edbi th\u1ea9m m\u1ef9 c\u0169ng nh\u01b0 s\u1ee9c kh\u1ecfe ng\u01b0\u1eddi d\u00f9ng.<\/p>\n<p>Ch\u1ea5t li\u1ec7u \u0111\u1ed3ng thau \u0111\u01b0\u1ee3c s\u1eed d\u1ee5ng trong v\u00f2i ch\u1eadu R801V2 l\u00e0 m\u1ed9t trong nh\u1eefng ch\u1ea5t li\u1ec7u cao c\u1ea5p nh\u1ea5t trong s\u1ea3n xu\u1ea5t thi\u1ebft b\u1ecb v\u1ec7 sinh. Ch\u1ea5t li\u1ec7u n\u00e0y n\u1ed5i b\u1eadt v\u1edbi c\u00e1c \u0111\u1eb7c \u0111i\u1ec3m nh\u01b0: ch\u1ed1ng \u0103n m\u00f2n, ch\u1ecbu nhi\u1ec7t t\u1ed1t, kh\u00f4ng g\u1ec9 s\u00e9t c\u0169ng nh\u01b0 t\u0103ng tu\u1ed5i th\u1ecd cho s\u1ea3n ph\u1ea9m.<\/p>\n<p>\u0110\u01b0\u1ee3c ch\u1ebf t\u1ea1o t\u1eeb \u0111\u1ed3ng, v\u00f2i ch\u1eadu Rossi R801V2 c\u0169ng s\u1edf h\u1eefu \u0111\u1ea7y \u0111\u1ee7 c\u00e1c \u0111\u1eb7c \u0111i\u1ec3m nh\u01b0: ch\u1ed1ng \u0103n m\u00f2n v\u01b0\u1ee3t tr\u1ed9i, kh\u00f4ng g\u1ec9 s\u00e9t, k\u00e9o d\u00e0i tu\u1ed5i th\u1ecd s\u1ea3n ph\u1ea9m v\u00e0 mang l\u1ea1i s\u1ef1 an t\u00e2m khi s\u1eed d\u1ee5ng.<\/p>\n<h3>B\u1ed9 chia n\u01b0\u1edbc Sedal: C\u00f4ng ngh\u1ec7 gi\u1eef d\u00f2ng n\u01b0\u1edbc lu\u00f4n \u1ed5n \u0111\u1ecbnh<\/h3>\n<p>M\u1ed9t \u01b0u \u0111i\u1ec3m n\u1ed5i b\u1eadt kh\u00e1c c\u1ee7a s\u1ea3n ph\u1ea9m v\u00f2i ch\u1eadu Rossi R801V2 ch\u00ednh l\u00e0 b\u1ed9 chia n\u01b0\u1edbc Sedal cao c\u1ea5p. S\u1edf h\u1eefu c\u1ea5u tr\u00fac \u0111\u0129a g\u1ed1m si\u00eau b\u1ec1n, \u0111\u01b0\u1ee3c gia c\u00f4ng ch\u00ednh x\u00e1c t\u1edbi t\u1eebng micron, b\u1ed9 chia n\u01b0\u1edbc Sedal trong v\u00f2i ch\u1eadu R801V2 gi\u00fap d\u00f2ng ch\u1ea3y v\u1eadn h\u00e0nh \u00eam \u00e1i, b\u1ec1n b\u1ec9 v\u00e0 \u1ed5n \u0111\u1ecbnh su\u1ed1t 450.000 l\u1ea7n \u0111\u00f3ng m\u1edf.<\/p>\n<p>Ngo\u00e0i ra, vi\u1ec7c \u0111\u01b0\u1ee3c trang b\u1ecb b\u1ed9 chia n\u01b0\u1edbc Sedal c\u0169ng gi\u00fap v\u00f2i ch\u1eadu R801V2 c\u1ee7a th\u01b0\u01a1ng hi\u1ec7u Rossi kh\u00f4ng g\u1eb7p ph\u1ea3i t\u00ecnh tr\u1ea1ng n\u01b0\u1edbc b\u1eafn tung to\u00e9, n\u01b0\u1edbc n\u00f3ng l\u1ea1nh th\u1ea5t th\u01b0\u1eddng.<\/p>\n<h3>Thi\u1ebft k\u1ebf tinh t\u1ebf chu\u1ea9n T\u00e2y Ban Nha<\/h3>\n<p>V\u00f2i ch\u1eadu Rossi R801V2 \u0111\u01b0\u1ee3c thi\u1ebft k\u1ebf s\u1eafc s\u1ea3o, tinh t\u1ebf t\u1edbi t\u1eebng chi ti\u1ebft nh\u1ecf nh\u1ea5t. Ph\u1ea7n tay n\u1eafm v\u00e0 th\u00e2n v\u00f2i n\u1eb1m tr\u00ean c\u00f9ng 1 tr\u1ee5c gi\u00fap t\u1ea1o n\u00ean h\u00ecnh kh\u1ed1i ho\u00e0n ch\u1ec9nh, \u0111\u1eb9p m\u1eaft. B\u1ec1 m\u1eb7t b\u00ean ngo\u00e0i v\u00f2i \u0111\u01b0\u1ee3c m\u1ea1 l\u1edbp chrome gi\u00fap v\u00f2i lu\u00f4n s\u00e1ng b\u00f3ng, kh\u00f4ng b\u1ecb b\u00e1m b\u1ea9n v\u00e0 d\u1ec5 d\u00e0ng v\u1ec7 sinh.<\/p>\n<p>S\u1edf h\u1eefu v\u1ebb ngo\u00e0i ho\u00e0n thi\u1ec7n t\u1ec9 m\u1ec9, s\u1ea3n ph\u1ea9m v\u00f2i ch\u1eadu Rossi R801V2 mang \u0111\u1ebfn s\u1ef1 sang tr\u1ecdng, \u0111\u1eb3ng c\u1ea5p v\u00e0 t\u01b0\u01a1ng th\u00edch v\u1edbi m\u1ecdi phong c\u00e1ch ph\u00f2ng t\u1eafm, t\u1eeb c\u1ed5 \u0111i\u1ec3n \u0111\u1ebfn hi\u1ec7n \u0111\u1ea1i.<\/p>\n<h3>B\u1ed9 ph\u1ee5 ki\u1ec7n \u0111\u1ed3ng b\u1ed9: D\u1ec5 d\u00e0ng l\u1eafp \u0111\u1eb7t &#8211; Ti\u1ebft ki\u1ec7m chi ph\u00ed<\/h3>\n<p>S\u1ebd th\u1eadt thi\u1ebfu s\u00f3t n\u1ebfu nh\u01b0 kh\u00f4ng nh\u1eafc t\u1edbi b\u1ed9 ph\u1ee5 ki\u1ec7n \u0111i k\u00e8m v\u00f2i ch\u1eadu Rossi R801V2. V\u1edbi vi\u1ec7c nh\u00e0 s\u1ea3n xu\u1ea5t trang b\u1ecb m\u1ed9t b\u1ed9 ph\u1ee5 ki\u1ec7n \u0111\u1ed3ng b\u1ed9 \u0111i k\u00e8m gi\u00fap qu\u00e1 tr\u00ecnh l\u1eafp \u0111\u1eb7t s\u1ea3n ph\u1ea9m di\u1ec5n ra d\u1ec5 d\u00e0ng, \u0111\u1ed3ng th\u1eddi ti\u1ebft ki\u1ec7m th\u1eddi gian v\u00e0 chi ph\u00ed t\u00ecm mua ph\u1ee5 ki\u1ec7n b\u00ean ngo\u00e0i.<\/p>\n<p>Ngo\u00e0i ra, vi\u1ec7c s\u1eed d\u1ee5ng ph\u1ee5 ki\u1ec7n \u0111\u1ed3ng b\u1ed9 \u0111i theo s\u1ea3n ph\u1ea9m c\u0169ng gi\u00fap v\u00f2i v\u1eadn h\u00e0nh \u00eam \u00e1i, \u1ed5n \u0111\u1ecbnh c\u0169ng \u0111\u1ea3m b\u1ea3o tu\u1ed5i th\u1ecd c\u1ee7a s\u1ea3n ph\u1ea9m nh\u01b0 cam k\u1ebft c\u1ee7a nh\u00e0 s\u1ea3n xu\u1ea5t.<\/p>\n<h2>N\u00ean mua v\u00f2i ch\u1eadu Rossi R801V2 \u1edf \u0111\u00e2u \u0111\u1ec3 \u0111\u1ea3m b\u1ea3o ch\u00ednh h\u00e3ng?<\/h2>\n<p>B\u00ean c\u1ea1nh c\u00e1c nh\u00e0 ph\u00e2n ph\u1ed1i truy\u1ec1n th\u1ed1ng, hi\u1ec7n nay, b\u1ea1n c\u00f3 th\u1ec3 mua s\u1ea3n ph\u1ea9m v\u00f2i ch\u1eadu Rossi R801V2 t\u1ea1i website b\u00e1n h\u00e0ng ch\u00ednh h\u00e3ng c\u1ee7a nh\u00e0 s\u1ea3n xu\u1ea5t T\u00e2n \u00c1 \u0110\u1ea1i Th\u00e0nh: <span style=\"text-decoration: underline;\"><span style=\"color: #0000ff; text-decoration: underline;\"><a style=\"color: #0000ff; text-decoration: underline;\" href=\"http:\/\/shop.tanadaithanh.vn\">shop.tanadaithanh.vn<\/a>.<\/span><\/span><\/p>\n<p>Ngo\u00e0i ra, hi\u1ec7n nay, T\u00e2n \u00c1 \u0110\u1ea1i Th\u00e0nh c\u0169ng \u0111\u00e3 c\u00f3 c\u00e1c gian h\u00e0ng ch\u00ednh h\u00e3ng tr\u00ean c\u00e1c s\u00e0n th\u01b0\u01a1ng m\u1ea1i \u0111i\u1ec7n t\u1eed nh\u01b0: <span style=\"text-decoration: underline;\"><span style=\"color: #0000ff;\"><a style=\"color: #0000ff; text-decoration: underline;\" href=\"https:\/\/shopee.vn\/tanadaithanhofficialstore\">Shopee<\/a><\/span><\/span>, <span style=\"text-decoration: underline;\"><span style=\"color: #0000ff;\"><a style=\"color: #0000ff; text-decoration: underline;\" href=\"https:\/\/www.lazada.vn\/shop\/tan-a-dai-thanh?path=index.htm&amp;lang=en&amp;pageTypeId=1\">Lazada<\/a><\/span><\/span>, <span style=\"text-decoration: underline;\"><span style=\"color: #0000ff;\"><a style=\"color: #0000ff; text-decoration: underline;\" href=\"https:\/\/www.tiktok.com\/@tanadaithanh.official\">Tiktok Shop<\/a><\/span><\/span>, Droppii, Tiki. B\u1ea1n c\u0169ng c\u00f3 th\u1ec3 mua s\u1ea3n ph\u1ea9m v\u00f2i ch\u1eadu tr\u00ean c\u00e1c gian h\u00e0ng th\u01b0\u01a1ng m\u1ea1i \u0111i\u1ec7n t\u1eed n\u00e0y.<\/p>\n<p>N\u1ebfu b\u1ea1n \u0111ang mu\u1ed1n c\u1ea3i thi\u1ec7n kh\u00f4ng gian ph\u00f2ng t\u1eafm c\u1ee7a m\u00ecnh b\u1eb1ng m\u1ed9t \u201cphi\u00ean b\u1ea3n c\u1eadp nh\u1eadt\u201d sang tr\u1ecdng, \u0111\u1eb3ng c\u1ea5p h\u01a1n, s\u1ea3n ph\u1ea9m sen v\u00f2i Rossi n\u00f3i chung v\u00e0 v\u00f2i ch\u1eadu Rossi R801V2 n\u00f3i ri\u00eang ch\u00ednh l\u00e0 s\u1ef1 l\u1ef1a ch\u1ecdn ho\u00e0n h\u1ea3o nh\u1ea5t. H\u00e3y nhanh ch\u00f3ng li\u00ean h\u1ec7 t\u1edbi Hotline ho\u1eb7c gh\u00e9 website: <span style=\"text-decoration: underline;\"><span style=\"color: #0000ff;\"><a style=\"color: #0000ff; text-decoration: underline;\" href=\"http:\/\/shop.tanadaithanh.vn\">shop.tanadaithanh.vn<\/a><\/span><\/span> \u0111\u1ec3 l\u1ef1a ch\u1ecdn s\u1ea3n ph\u1ea9m ph\u00f9 h\u1ee3p nh\u1ea5t nh\u00e9!<\/p>\n","protected":false},"excerpt":{"rendered":"<ul>\n<li>Th\u00e0nh ph\u1ea7n \u0111\u1ed3ng 59% ch\u1ed1ng \u0103n m\u00f2n, k\u00e9o d\u00e0i tu\u1ed5i th\u1ecd s\u1ea3n ph\u1ea9m, mang l\u1ea1i s\u1ef1 an t\u00e2m khi s\u1eed d\u1ee5ng.<\/li>\n<li>L\u1edbp m\u1ea1 Chrome gi\u00fap s\u1ea3n ph\u1ea9m lu\u00f4n s\u00e1ng b\u00f3ng, ch\u1ed1ng b\u00e1m b\u1ea9n, d\u1ec5 v\u1ec7 sinh, gi\u1eef cho sen v\u00f2i lu\u00f4n nh\u01b0 m\u1edbi.<\/li>\n<li>Thi\u1ebft k\u1ebf tinh t\u1ebf chu\u1ea9n T\u00e2y Ban Nha ph\u00f9 h\u1ee3p v\u1edbi m\u1ecdi kh\u00f4ng gian ph\u00f2ng t\u1eafm, t\u1eeb c\u1ed5 \u0111i\u1ec3n \u0111\u1ebfn hi\u1ec7n \u0111\u1ea1i.<\/li>\n<li>B\u1ed9 chia n\u01b0\u1edbc Sedal cao c\u1ea5p gi\u00fap v\u00f2i v\u1eadn h\u00e0nh \u00eam \u00e1i, b\u1ec1n b\u1ec9, \u0111\u1ea3m b\u1ea3o d\u00f2ng ch\u1ea3y \u1ed5n \u0111\u1ecbnh su\u1ed1t 450.000 l\u1ea7n \u0111\u00f3ng m\u1edf<\/li>\n<\/ul>\n","protected":false},"featured_media":29144,"comment_status":"open","ping_status":"closed","template":"","meta":[],"region":[259,260],"product_brand":[],"product_cat":[382,384],"product_tag":[1149,1146,1151,1153,1154,1152],"class_list":{"0":"post-28581","1":"product","2":"type-product","3":"status-publish","4":"has-post-thumbnail","6":"region-mien-bac","7":"region-mien-nam","8":"product_cat-sen-voi","9":"product_cat-voi-lavabo","10":"product_tag-rossi","11":"product_tag-sen-voi","12":"product_tag-sen-voi-rossi","13":"product_tag-voi-chau","14":"product_tag-voi-chau-rossi","15":"product_tag-voi-chau-rua","17":"first","18":"instock","19":"sale","20":"shipping-taxable","21":"purchasable","22":"product-type-simple"},"yoast_head":"<!-- This site is optimized with the Yoast SEO plugin v24.6 - https:\/\/yoast.com\/wordpress\/plugins\/seo\/ -->\n<title>V\u00f2i ch\u1eadu Rossi R801V2 - T\u00e2n \u00c1 \u0110\u1ea1i Th\u00e0nh eShop<\/title>\n<meta name=\"description\" content=\"V\u00f2i ch\u1eadu R801V2 \u0111\u01b0\u1ee3c l\u00e0m t\u1eeb v\u1eadt li\u1ec7u \u0111\u1ed3ng cao c\u1ea5p v\u1edbi thi\u1ebft k\u1ebf sang tr\u1ecdng, s\u1ea3n ph\u1ea9m ch\u00ednh l\u00e0 s\u1ef1 l\u1ef1a ch\u1ecdn ho\u00e0n h\u1ea3o cho kh\u00f4ng gian ph\u00f2ng t\u1eafm gia \u0111\u00ecnh.\u00a0\" \/>\n<meta name=\"robots\" content=\"index, follow, max-snippet:-1, max-image-preview:large, max-video-preview:-1\" \/>\n<link rel=\"canonical\" href=\"https:\/\/shop.tanadaithanh.vn\/en\/san-pham\/voi-chau-rossi-r801v2\/\" \/>\n<meta property=\"og:locale\" content=\"en_US\" \/>\n<meta property=\"og:type\" content=\"article\" \/>\n<meta property=\"og:title\" content=\"V\u00f2i ch\u1eadu Rossi R801V2 - T\u00e2n \u00c1 \u0110\u1ea1i Th\u00e0nh eShop\" \/>\n<meta property=\"og:description\" content=\"V\u00f2i ch\u1eadu R801V2 \u0111\u01b0\u1ee3c l\u00e0m t\u1eeb v\u1eadt li\u1ec7u \u0111\u1ed3ng cao c\u1ea5p v\u1edbi thi\u1ebft k\u1ebf sang tr\u1ecdng, s\u1ea3n ph\u1ea9m ch\u00ednh l\u00e0 s\u1ef1 l\u1ef1a ch\u1ecdn ho\u00e0n h\u1ea3o cho kh\u00f4ng gian ph\u00f2ng t\u1eafm gia \u0111\u00ecnh.\u00a0\" \/>\n<meta property=\"og:url\" content=\"https:\/\/shop.tanadaithanh.vn\/en\/san-pham\/voi-chau-rossi-r801v2\/\" \/>\n<meta property=\"og:site_name\" content=\"T\u00e2n \u00c1 \u0110\u1ea1i Th\u00e0nh eShop\" \/>\n<meta property=\"article:publisher\" content=\"https:\/\/www.facebook.com\/profile.php?id=61567171139919\" \/>\n<meta property=\"article:modified_time\" content=\"2025-12-03T10:32:31+00:00\" \/>\n<meta property=\"og:image\" content=\"https:\/\/shop.tanadaithanh.vn\/wp-content\/uploads\/2025\/11\/R801V2.png\" \/>\n\t<meta property=\"og:image:width\" content=\"1200\" \/>\n\t<meta property=\"og:image:height\" content=\"1200\" \/>\n\t<meta property=\"og:image:type\" content=\"image\/png\" \/>\n<meta name=\"twitter:card\" content=\"summary_large_image\" \/>\n<meta name=\"twitter:label1\" content=\"Est. reading time\" \/>\n\t<meta name=\"twitter:data1\" content=\"6 minutes\" \/>\n<script type=\"application\/ld+json\" class=\"yoast-schema-graph\">{\"@context\":\"https:\/\/schema.org\",\"@graph\":[{\"@type\":\"WebPage\",\"@id\":\"https:\/\/shop.tanadaithanh.vn\/en\/san-pham\/voi-chau-rossi-r801v2\/\",\"url\":\"https:\/\/shop.tanadaithanh.vn\/en\/san-pham\/voi-chau-rossi-r801v2\/\",\"name\":\"V\u00f2i ch\u1eadu Rossi R801V2 - T\u00e2n \u00c1 \u0110\u1ea1i Th\u00e0nh eShop\",\"isPartOf\":{\"@id\":\"https:\/\/shop.tanadaithanh.vn\/en\/#website\"},\"primaryImageOfPage\":{\"@id\":\"https:\/\/shop.tanadaithanh.vn\/en\/san-pham\/voi-chau-rossi-r801v2\/#primaryimage\"},\"image\":{\"@id\":\"https:\/\/shop.tanadaithanh.vn\/en\/san-pham\/voi-chau-rossi-r801v2\/#primaryimage\"},\"thumbnailUrl\":\"https:\/\/shop.tanadaithanh.vn\/wp-content\/uploads\/2025\/11\/R801V2.png\",\"datePublished\":\"2025-11-10T03:15:01+00:00\",\"dateModified\":\"2025-12-03T10:32:31+00:00\",\"description\":\"V\u00f2i ch\u1eadu R801V2 \u0111\u01b0\u1ee3c l\u00e0m t\u1eeb v\u1eadt li\u1ec7u \u0111\u1ed3ng cao c\u1ea5p v\u1edbi thi\u1ebft k\u1ebf sang tr\u1ecdng, s\u1ea3n ph\u1ea9m ch\u00ednh l\u00e0 s\u1ef1 l\u1ef1a ch\u1ecdn ho\u00e0n h\u1ea3o cho kh\u00f4ng gian ph\u00f2ng t\u1eafm gia \u0111\u00ecnh.\u00a0\",\"breadcrumb\":{\"@id\":\"https:\/\/shop.tanadaithanh.vn\/en\/san-pham\/voi-chau-rossi-r801v2\/#breadcrumb\"},\"inLanguage\":\"en-US\",\"potentialAction\":[{\"@type\":\"ReadAction\",\"target\":[\"https:\/\/shop.tanadaithanh.vn\/en\/san-pham\/voi-chau-rossi-r801v2\/\"]}]},{\"@type\":\"ImageObject\",\"inLanguage\":\"en-US\",\"@id\":\"https:\/\/shop.tanadaithanh.vn\/en\/san-pham\/voi-chau-rossi-r801v2\/#primaryimage\",\"url\":\"https:\/\/shop.tanadaithanh.vn\/wp-content\/uploads\/2025\/11\/R801V2.png\",\"contentUrl\":\"https:\/\/shop.tanadaithanh.vn\/wp-content\/uploads\/2025\/11\/R801V2.png\",\"width\":1200,\"height\":1200},{\"@type\":\"BreadcrumbList\",\"@id\":\"https:\/\/shop.tanadaithanh.vn\/en\/san-pham\/voi-chau-rossi-r801v2\/#breadcrumb\",\"itemListElement\":[{\"@type\":\"ListItem\",\"position\":1,\"name\":\"Trang ch\u1ee7\",\"item\":\"https:\/\/shop.tanadaithanh.vn\/en\/\"},{\"@type\":\"ListItem\",\"position\":2,\"name\":\"Shop\",\"item\":\"https:\/\/shop.tanadaithanh.vn\/cua-hang\/\"},{\"@type\":\"ListItem\",\"position\":3,\"name\":\"V\u00f2i ch\u1eadu Rossi R801V2\"}]},{\"@type\":\"WebSite\",\"@id\":\"https:\/\/shop.tanadaithanh.vn\/en\/#website\",\"url\":\"https:\/\/shop.tanadaithanh.vn\/en\/\",\"name\":\"T\u00e2n \u00c1 \u0110\u1ea1i Th\u00e0nh eShop - Trang website b\u00e1n h\u00e0ng ch\u00ednh th\u1ee9c T\u1eadp \u0111o\u00e0n T\u00e2n \u00c1 \u0110\u1ea1i Th\u00e0nh\",\"description\":\"Website b\u00e1n h\u00e0ng tr\u1ef1c tuy\u1ebfn v\u1eadn h\u00e0nh b\u1edfi ch\u00ednh T\u00e2n \u00c1 \u0110\u1ea1i Th\u00e0nh\",\"publisher\":{\"@id\":\"https:\/\/shop.tanadaithanh.vn\/en\/#organization\"},\"potentialAction\":[{\"@type\":\"SearchAction\",\"target\":{\"@type\":\"EntryPoint\",\"urlTemplate\":\"https:\/\/shop.tanadaithanh.vn\/en\/?s={search_term_string}\"},\"query-input\":{\"@type\":\"PropertyValueSpecification\",\"valueRequired\":true,\"valueName\":\"search_term_string\"}}],\"inLanguage\":\"en-US\"},{\"@type\":\"Organization\",\"@id\":\"https:\/\/shop.tanadaithanh.vn\/en\/#organization\",\"name\":\"T\u00e2n \u00c1 \u0110\u1ea1i Th\u00e0nh eShop - Trang website b\u00e1n h\u00e0ng ch\u00ednh th\u1ee9c T\u1eadp \u0111o\u00e0n T\u00e2n \u00c1 \u0110\u1ea1i Th\u00e0nh\",\"url\":\"https:\/\/shop.tanadaithanh.vn\/en\/\",\"logo\":{\"@type\":\"ImageObject\",\"inLanguage\":\"en-US\",\"@id\":\"https:\/\/shop.tanadaithanh.vn\/en\/#\/schema\/logo\/image\/\",\"url\":\"https:\/\/shop.tanadaithanh.vn\/wp-content\/uploads\/2025\/06\/Logo-2.png\",\"contentUrl\":\"https:\/\/shop.tanadaithanh.vn\/wp-content\/uploads\/2025\/06\/Logo-2.png\",\"width\":2000,\"height\":2000,\"caption\":\"T\u00e2n \u00c1 \u0110\u1ea1i Th\u00e0nh eShop - Trang website b\u00e1n h\u00e0ng ch\u00ednh th\u1ee9c T\u1eadp \u0111o\u00e0n T\u00e2n \u00c1 \u0110\u1ea1i Th\u00e0nh\"},\"image\":{\"@id\":\"https:\/\/shop.tanadaithanh.vn\/en\/#\/schema\/logo\/image\/\"},\"sameAs\":[\"https:\/\/www.facebook.com\/profile.php?id=61567171139919\",\"https:\/\/zalo.me\/3915163699004948284\"]}]}<\/script>\n<!-- \/ Yoast SEO plugin. -->","yoast_head_json":{"title":"V\u00f2i ch\u1eadu Rossi R801V2 - T\u00e2n \u00c1 \u0110\u1ea1i Th\u00e0nh eShop","description":"V\u00f2i ch\u1eadu R801V2 \u0111\u01b0\u1ee3c l\u00e0m t\u1eeb v\u1eadt li\u1ec7u \u0111\u1ed3ng cao c\u1ea5p v\u1edbi thi\u1ebft k\u1ebf sang tr\u1ecdng, s\u1ea3n ph\u1ea9m ch\u00ednh l\u00e0 s\u1ef1 l\u1ef1a ch\u1ecdn ho\u00e0n h\u1ea3o cho kh\u00f4ng gian ph\u00f2ng t\u1eafm gia \u0111\u00ecnh.\u00a0","robots":{"index":"index","follow":"follow","max-snippet":"max-snippet:-1","max-image-preview":"max-image-preview:large","max-video-preview":"max-video-preview:-1"},"canonical":"https:\/\/shop.tanadaithanh.vn\/en\/san-pham\/voi-chau-rossi-r801v2\/","og_locale":"en_US","og_type":"article","og_title":"V\u00f2i ch\u1eadu Rossi R801V2 - T\u00e2n \u00c1 \u0110\u1ea1i Th\u00e0nh eShop","og_description":"V\u00f2i ch\u1eadu R801V2 \u0111\u01b0\u1ee3c l\u00e0m t\u1eeb v\u1eadt li\u1ec7u \u0111\u1ed3ng cao c\u1ea5p v\u1edbi thi\u1ebft k\u1ebf sang tr\u1ecdng, s\u1ea3n ph\u1ea9m ch\u00ednh l\u00e0 s\u1ef1 l\u1ef1a ch\u1ecdn ho\u00e0n h\u1ea3o cho kh\u00f4ng gian ph\u00f2ng t\u1eafm gia \u0111\u00ecnh.\u00a0","og_url":"https:\/\/shop.tanadaithanh.vn\/en\/san-pham\/voi-chau-rossi-r801v2\/","og_site_name":"T\u00e2n \u00c1 \u0110\u1ea1i Th\u00e0nh eShop","article_publisher":"https:\/\/www.facebook.com\/profile.php?id=61567171139919","article_modified_time":"2025-12-03T10:32:31+00:00","og_image":[{"width":1200,"height":1200,"url":"https:\/\/shop.tanadaithanh.vn\/wp-content\/uploads\/2025\/11\/R801V2.png","type":"image\/png"}],"twitter_card":"summary_large_image","twitter_misc":{"Est. reading time":"6 minutes"},"schema":{"@context":"https:\/\/schema.org","@graph":[{"@type":"WebPage","@id":"https:\/\/shop.tanadaithanh.vn\/en\/san-pham\/voi-chau-rossi-r801v2\/","url":"https:\/\/shop.tanadaithanh.vn\/en\/san-pham\/voi-chau-rossi-r801v2\/","name":"V\u00f2i ch\u1eadu Rossi R801V2 - T\u00e2n \u00c1 \u0110\u1ea1i Th\u00e0nh eShop","isPartOf":{"@id":"https:\/\/shop.tanadaithanh.vn\/en\/#website"},"primaryImageOfPage":{"@id":"https:\/\/shop.tanadaithanh.vn\/en\/san-pham\/voi-chau-rossi-r801v2\/#primaryimage"},"image":{"@id":"https:\/\/shop.tanadaithanh.vn\/en\/san-pham\/voi-chau-rossi-r801v2\/#primaryimage"},"thumbnailUrl":"https:\/\/shop.tanadaithanh.vn\/wp-content\/uploads\/2025\/11\/R801V2.png","datePublished":"2025-11-10T03:15:01+00:00","dateModified":"2025-12-03T10:32:31+00:00","description":"V\u00f2i ch\u1eadu R801V2 \u0111\u01b0\u1ee3c l\u00e0m t\u1eeb v\u1eadt li\u1ec7u \u0111\u1ed3ng cao c\u1ea5p v\u1edbi thi\u1ebft k\u1ebf sang tr\u1ecdng, s\u1ea3n ph\u1ea9m ch\u00ednh l\u00e0 s\u1ef1 l\u1ef1a ch\u1ecdn ho\u00e0n h\u1ea3o cho kh\u00f4ng gian ph\u00f2ng t\u1eafm gia \u0111\u00ecnh.\u00a0","breadcrumb":{"@id":"https:\/\/shop.tanadaithanh.vn\/en\/san-pham\/voi-chau-rossi-r801v2\/#breadcrumb"},"inLanguage":"en-US","potentialAction":[{"@type":"ReadAction","target":["https:\/\/shop.tanadaithanh.vn\/en\/san-pham\/voi-chau-rossi-r801v2\/"]}]},{"@type":"ImageObject","inLanguage":"en-US","@id":"https:\/\/shop.tanadaithanh.vn\/en\/san-pham\/voi-chau-rossi-r801v2\/#primaryimage","url":"https:\/\/shop.tanadaithanh.vn\/wp-content\/uploads\/2025\/11\/R801V2.png","contentUrl":"https:\/\/shop.tanadaithanh.vn\/wp-content\/uploads\/2025\/11\/R801V2.png","width":1200,"height":1200},{"@type":"BreadcrumbList","@id":"https:\/\/shop.tanadaithanh.vn\/en\/san-pham\/voi-chau-rossi-r801v2\/#breadcrumb","itemListElement":[{"@type":"ListItem","position":1,"name":"Trang ch\u1ee7","item":"https:\/\/shop.tanadaithanh.vn\/en\/"},{"@type":"ListItem","position":2,"name":"Shop","item":"https:\/\/shop.tanadaithanh.vn\/cua-hang\/"},{"@type":"ListItem","position":3,"name":"V\u00f2i ch\u1eadu Rossi R801V2"}]},{"@type":"WebSite","@id":"https:\/\/shop.tanadaithanh.vn\/en\/#website","url":"https:\/\/shop.tanadaithanh.vn\/en\/","name":"T\u00e2n \u00c1 \u0110\u1ea1i Th\u00e0nh eShop - Trang website b\u00e1n h\u00e0ng ch\u00ednh th\u1ee9c T\u1eadp \u0111o\u00e0n T\u00e2n \u00c1 \u0110\u1ea1i Th\u00e0nh","description":"Website b\u00e1n h\u00e0ng tr\u1ef1c tuy\u1ebfn v\u1eadn h\u00e0nh b\u1edfi ch\u00ednh T\u00e2n \u00c1 \u0110\u1ea1i Th\u00e0nh","publisher":{"@id":"https:\/\/shop.tanadaithanh.vn\/en\/#organization"},"potentialAction":[{"@type":"SearchAction","target":{"@type":"EntryPoint","urlTemplate":"https:\/\/shop.tanadaithanh.vn\/en\/?s={search_term_string}"},"query-input":{"@type":"PropertyValueSpecification","valueRequired":true,"valueName":"search_term_string"}}],"inLanguage":"en-US"},{"@type":"Organization","@id":"https:\/\/shop.tanadaithanh.vn\/en\/#organization","name":"T\u00e2n \u00c1 \u0110\u1ea1i Th\u00e0nh eShop - Trang website b\u00e1n h\u00e0ng ch\u00ednh th\u1ee9c T\u1eadp \u0111o\u00e0n T\u00e2n \u00c1 \u0110\u1ea1i Th\u00e0nh","url":"https:\/\/shop.tanadaithanh.vn\/en\/","logo":{"@type":"ImageObject","inLanguage":"en-US","@id":"https:\/\/shop.tanadaithanh.vn\/en\/#\/schema\/logo\/image\/","url":"https:\/\/shop.tanadaithanh.vn\/wp-content\/uploads\/2025\/06\/Logo-2.png","contentUrl":"https:\/\/shop.tanadaithanh.vn\/wp-content\/uploads\/2025\/06\/Logo-2.png","width":2000,"height":2000,"caption":"T\u00e2n \u00c1 \u0110\u1ea1i Th\u00e0nh eShop - Trang website b\u00e1n h\u00e0ng ch\u00ednh th\u1ee9c T\u1eadp \u0111o\u00e0n T\u00e2n \u00c1 \u0110\u1ea1i Th\u00e0nh"},"image":{"@id":"https:\/\/shop.tanadaithanh.vn\/en\/#\/schema\/logo\/image\/"},"sameAs":["https:\/\/www.facebook.com\/profile.php?id=61567171139919","https:\/\/zalo.me\/3915163699004948284"]}]}},"_links":{"self":[{"href":"https:\/\/shop.tanadaithanh.vn\/en\/wp-json\/wp\/v2\/product\/28581","targetHints":{"allow":["GET"]}}],"collection":[{"href":"https:\/\/shop.tanadaithanh.vn\/en\/wp-json\/wp\/v2\/product"}],"about":[{"href":"https:\/\/shop.tanadaithanh.vn\/en\/wp-json\/wp\/v2\/types\/product"}],"replies":[{"embeddable":true,"href":"https:\/\/shop.tanadaithanh.vn\/en\/wp-json\/wp\/v2\/comments?post=28581"}],"version-history":[{"count":6,"href":"https:\/\/shop.tanadaithanh.vn\/en\/wp-json\/wp\/v2\/product\/28581\/revisions"}],"predecessor-version":[{"id":29768,"href":"https:\/\/shop.tanadaithanh.vn\/en\/wp-json\/wp\/v2\/product\/28581\/revisions\/29768"}],"wp:featuredmedia":[{"embeddable":true,"href":"https:\/\/shop.tanadaithanh.vn\/en\/wp-json\/wp\/v2\/media\/29144"}],"wp:attachment":[{"href":"https:\/\/shop.tanadaithanh.vn\/en\/wp-json\/wp\/v2\/media?parent=28581"}],"wp:term":[{"taxonomy":"region","embeddable":true,"href":"https:\/\/shop.tanadaithanh.vn\/en\/wp-json\/wp\/v2\/region?post=28581"},{"taxonomy":"product_brand","embeddable":true,"href":"https:\/\/shop.tanadaithanh.vn\/en\/wp-json\/wp\/v2\/product_brand?post=28581"},{"taxonomy":"product_cat","embeddable":true,"href":"https:\/\/shop.tanadaithanh.vn\/en\/wp-json\/wp\/v2\/product_cat?post=28581"},{"taxonomy":"product_tag","embeddable":true,"href":"https:\/\/shop.tanadaithanh.vn\/en\/wp-json\/wp\/v2\/product_tag?post=28581"}],"curies":[{"name":"wp","href":"https:\/\/api.w.org\/{rel}","templated":true}]}}