{"id":28571,"date":"2025-11-10T10:07:23","date_gmt":"2025-11-10T03:07:23","guid":{"rendered":"https:\/\/shop.tanadaithanh.vn\/?post_type=product&#038;p=28571"},"modified":"2025-12-03T17:31:47","modified_gmt":"2025-12-03T10:31:47","slug":"voi-tam-rossi-r801s","status":"publish","type":"product","link":"https:\/\/shop.tanadaithanh.vn\/en\/san-pham\/voi-tam-rossi-r801s\/","title":{"rendered":"V\u00f2i sen Rossi R801S"},"content":{"rendered":"<p><i><span style=\"font-weight: 400;\">S\u1edf h\u1eefu thi\u1ebft k\u1ebf tinh t\u1ebf, sang tr\u1ecdng c\u00f9ng \u0111\u1ed9 b\u1ec1n v\u01b0\u1ee3t tr\u1ed9i,<\/span><\/i><b><i> v\u00f2i sen Rossi R801S<\/i><\/b><i><span style=\"font-weight: 400;\"> (Bathtub Mixer) l\u00e0 s\u1ef1 l\u1ef1a ch\u1ecdn ho\u00e0n h\u1ea3o cho kh\u00f4ng gian ph\u00f2ng t\u1eafm hi\u1ec7n \u0111\u1ea1i.\u00a0<\/span><\/i><\/p>\n<p><span style=\"font-weight: 400;\">Trong \u0111\u1eddi s\u1ed1ng hi\u1ec7n \u0111\u1ea1i ng\u00e0y nay, v\u00f2i sen kh\u00f4ng c\u00f2n \u0111\u01a1n thu\u1ea7n l\u00e0 thi\u1ebft b\u1ecb cung c\u1ea5p n\u01b0\u1edbc m\u00e0 c\u00f2n l\u00e0 m\u1ed9t \u201ctr\u1ecb li\u1ec7u vi\u00ean\u201d gi\u00fap xua tan \u0111i nh\u1eefng m\u1ecfi m\u1ec7t, mang t\u1edbi cho c\u01a1 th\u1ec3 s\u1ef1 tho\u1ea3i m\u00e1i, th\u01b0 gi\u00e3n sau m\u1ed9t ng\u00e0y d\u00e0i l\u00e0m vi\u1ec7c.\u00a0<\/span><\/p>\n<p><span style=\"font-weight: 400;\">N\u1ebfu b\u1ea1n \u0111ang t\u00ecm ki\u1ebfm s\u1ea3n ph\u1ea9m v\u00f2i sen c\u00f3 thi\u1ebft k\u1ebf hi\u1ec7n \u0111\u1ea1i, t\u1ed1i gi\u1ea3n nh\u01b0ng v\u1eabn sang tr\u1ecdng, c\u00f3 \u0111\u1ed9 b\u1ec1n cao, \u0111\u1eebng b\u1ecf qua b\u00e0i vi\u1ebft d\u01b0\u1edbi \u0111\u00e2y v\u1ec1 s\u1ea3n ph\u1ea9m v\u00f2i sen Rossi nh\u00e9!<\/span><\/p>\n<h2><b>Th\u00f4ng s\u1ed1 k\u1ef9 thu\u1eadt v\u00f2i sen Rossi R801S<\/b><\/h2>\n<table>\n<tbody>\n<tr>\n<td><span style=\"font-weight: 400;\">T\u00ean s\u1ea3n ph\u1ea9m\u00a0<\/span><\/td>\n<td><span style=\"font-weight: 400;\">V\u00f2i sen (Bathtub Mixer)<\/span><\/td>\n<\/tr>\n<tr>\n<td><span style=\"font-weight: 400;\">M\u00e3 s\u1ea3n ph\u1ea9m<\/span><\/td>\n<td><span style=\"font-weight: 400;\">R801S<\/span><\/td>\n<\/tr>\n<tr>\n<td><span style=\"font-weight: 400;\">Tr\u1ecdng l\u01b0\u1ee3ng<\/span><\/td>\n<td><span style=\"font-weight: 400;\">740g<\/span><\/td>\n<\/tr>\n<tr>\n<td><span style=\"font-weight: 400;\">Ch\u1ea5t li\u1ec7u<\/span><\/td>\n<td><span style=\"font-weight: 400;\">Th\u00e2n \u0111\u1ed3ng thau, tay c\u1ea7m h\u1ee3p kim k\u1ebdm<\/span><\/td>\n<\/tr>\n<tr>\n<td><span style=\"font-weight: 400;\">Van \u0111i\u1ec1u khi\u1ec3n<\/span><\/td>\n<td><span style=\"font-weight: 400;\">Van g\u1ed1m \u00d840 TH<\/span><\/td>\n<\/tr>\n<tr>\n<td rowspan=\"4\"><span style=\"font-weight: 400;\">Ph\u1ee5 ki\u1ec7n \u0111i k\u00e8m<\/span><\/td>\n<td><span style=\"font-weight: 400;\">2 \u0111\u1ea7u n\u1ed1i \u0111\u1ed3ng<\/span><\/td>\n<\/tr>\n<tr>\n<td><span style=\"font-weight: 400;\">2 n\u1eafp inox<\/span><\/td>\n<\/tr>\n<tr>\n<td><span style=\"font-weight: 400;\">\u1ed0ng d\u1eabn m\u1ec1m inox 1.5m<\/span><\/td>\n<\/tr>\n<tr>\n<td><span style=\"font-weight: 400;\">Gi\u00e1 \u0111\u1ee1 nh\u1ef1a<\/span><\/td>\n<\/tr>\n<tr>\n<td><span style=\"font-weight: 400;\">B\u1ec1 m\u1eb7t ho\u00e0n thi\u1ec7n\u00a0<\/span><\/td>\n<td><span style=\"font-weight: 400;\">M\u1ea1 Chrome<\/span><\/td>\n<\/tr>\n<\/tbody>\n<\/table>\n<h2><b>T\u1ea1i sao n\u00ean l\u1ef1a ch\u1ecdn v\u00f2i sen Rossi?<\/b><\/h2>\n<p><span style=\"font-weight: 400;\">Kh\u00f4ng ph\u1ea3i ng\u1eabu nhi\u00ean s\u1ea3n ph\u1ea9m <\/span><b>v\u00f2i sen Rossi<\/b><span style=\"font-weight: 400;\"> l\u00e0 m\u1ed9t trong nh\u1eefng s\u1ea3n ph\u1ea9m nh\u1eadn v\u1ec1 nhi\u1ec1u ph\u1ea3n h\u1ed3i t\u00edch c\u1ef1c c\u1ee7a ng\u01b0\u1eddi ti\u00eau d\u00f9ng. V\u1edbi s\u1ef1 k\u1ebft h\u1ee3p h\u00e0i ho\u00e0 gi\u1eefa thi\u1ebft k\u1ebf tinh t\u1ebf, sang tr\u1ecdng v\u1edbi ch\u1ea5t li\u1ec7u cao c\u1ea5p, c\u00f3 \u0111\u1ed9 b\u1ec1n cao v\u00e0 c\u00f4ng ngh\u1ec7 s\u1ea3n xu\u1ea5t ti\u00ean ti\u1ebfn, T\u00e2n \u00c1 \u0110\u1ea1i Th\u00e0nh \u0111\u00e3 mang t\u1edbi d\u00f2ng v\u00f2i sen c\u00f3 th\u1ec3 \u0111\u00e1p \u1ee9ng \u0111\u01b0\u1ee3c nh\u1eefng kh\u00e1ch h\u00e0ng kh\u00f3 t\u00ednh.<\/span><\/p>\n<p><span style=\"font-weight: 400;\">D\u01b0\u1edbi \u0111\u00e2y l\u00e0 nh\u1eefng \u01b0u \u0111i\u1ec3m n\u1ed5i b\u1eadt c\u1ee7a v\u00f2i sen Rossi R801S:<\/span><\/p>\n<h3><span style=\"font-weight: 400;\">V\u1eadt li\u1ec7u cao c\u1ea5p, \u0111\u1ed9 b\u1ec1n t\u0103ng g\u1ea5p \u0111\u00f4i<\/span><\/h3>\n<p><span style=\"font-weight: 400;\">M\u1ed9t trong nh\u1eefng \u0111i\u1ec3m n\u1ed5i b\u1eadt c\u1ee7a s\u1ea3n ph\u1ea9m <\/span><b>v\u00f2i sen R801S<\/b><span style=\"font-weight: 400;\"> ch\u00ednh l\u00e0 th\u00e2n v\u00f2i \u0111\u01b0\u1ee3c l\u00e0m t\u1eeb nguy\u00ean li\u1ec7u \u0111\u1ed3ng &#8211; m\u1ed9t trong nh\u1eefng v\u1eadt li\u1ec7u cao c\u1ea5p nh\u1ea5t trong ng\u00e0nh s\u1ea3n xu\u1ea5t thi\u1ebft b\u1ecb v\u1ec7 sinh.\u00a0<\/span><\/p>\n<p><span style=\"font-weight: 400;\">V\u1edbi vi\u1ec7c th\u00e2n v\u00f2i \u0111\u01b0\u1ee3c l\u00e0m t\u1eeb nguy\u00ean li\u1ec7u \u0111\u01b0\u1ee3c l\u00e0m t\u1eeb nguy\u00ean li\u1ec7u \u0111\u1ed3ng s\u1ebd gi\u00fap s\u1ea3n ph\u1ea9m c\u00f3 kh\u1ea3 n\u0103ng ch\u1ed1ng \u0103n m\u00f2n, ch\u1ecbu nhi\u1ec7t t\u1ed1t, kh\u00f4ng b\u1ecb oxy ho\u00e1. Qua \u0111\u00f3, gi\u00fap k\u00e9o d\u00e0i tu\u1ed5i th\u1ecd c\u1ee7a s\u1ea3n ph\u1ea9m v\u00e0 mang l\u1ea1i s\u1ef1 an t\u00e2m tuy\u1ec7t \u0111\u1ed1i khi s\u1eed d\u1ee5ng.\u00a0<\/span><\/p>\n<p><span style=\"font-weight: 400;\">B\u00ean c\u1ea1nh \u0111\u00f3, van \u0111i\u1ec1u khi\u1ec3n c\u1ee7a s\u1ea3n ph\u1ea9m \u0111\u01b0\u1ee3c l\u00e0m b\u1eb1ng van g\u1ed1m \u00d840 TH mang t\u1edbi kh\u1ea3 n\u0103ng \u0111\u00f3ng m\u1edf \u00eam \u00e1i, \u0111i\u1ec1u ch\u1ec9nh nhi\u1ec7t \u0111\u1ed9 v\u00e0 l\u01b0u l\u01b0\u1ee3ng n\u01b0\u1edbc ch\u00ednh x\u00e1c. M\u1ed9t \u0111i\u1ec3m c\u1ed9ng l\u1edbn n\u1eefa c\u1ee7a van g\u1ed1m ch\u00ednh l\u00e0 ng\u0103n r\u00f2 n\u01b0\u1edbc hi\u1ec7u qu\u1ea3, gi\u00fap ti\u1ebft ki\u1ec7m t\u1ed1i \u0111a l\u01b0\u1ee3ng n\u01b0\u1edbc s\u1eed d\u1ee5ng.\u00a0<\/span><\/p>\n<p><span style=\"font-weight: 400;\">L\u1edbp m\u1ea1 Chrome ph\u1ee7 b\u00ean ngo\u00e0i b\u1ec1 m\u1eb7t s\u1ea3n ph\u1ea9m v\u00f2i sen kh\u00f4ng ch\u1ec9 c\u00f3 t\u00e1c d\u1ee5ng t\u0103ng th\u1ea9m m\u1ef9 cho kh\u00f4ng gian ph\u00f2ng t\u1eafm m\u00e0 c\u00f2n h\u1ea1n ch\u1ebf kh\u1ea3 n\u0103ng b\u00e1m b\u1ea9n, x\u1ec9n m\u00e0u, gi\u00fap s\u1ea3n ph\u1ea9m s\u00e1ng b\u00f3ng l\u00e2u d\u00e0i.\u00a0\u00a0<\/span><\/p>\n<h3><span style=\"font-weight: 400;\">Thi\u1ebft k\u1ebf nh\u1ecf g\u1ecdn, tinh t\u1ebf<\/span><\/h3>\n<p><span style=\"font-weight: 400;\">S\u1edf h\u1eefu thi\u1ebft k\u1ebf nh\u1ecf g\u1ecdn, \u0111\u01a1n gi\u1ea3n nh\u1eefng v\u1eabn tinh t\u1ebf, v\u00f2i sen Rossi R801S l\u00e0 s\u1ef1 l\u1ef1a ch\u1ecdn ho\u00e0n h\u1ea3o cho c\u00e1c kh\u00f4ng gian ph\u00f2ng t\u1eafm hi\u1ec7n \u0111\u1ea1i. V\u1edbi b\u1ec1 m\u1eb7t \u0111\u01b0\u1ee3c m\u1ea1 Chrome s\u00e1ng b\u00f3ng, sen v\u00f2i R801S s\u1ebd gi\u00fap \u0111\u1ea3m b\u1ea3o t\u00ednh th\u1ea9m m\u1ef9 cho kh\u00f4ng gian ph\u00f2ng t\u1eafm.\u00a0<\/span><\/p>\n<h3><span style=\"font-weight: 400;\">B\u1ed9 ph\u1ee5 ki\u1ec7n \u0111\u1ed3ng b\u1ed9\u00a0<\/span><\/h3>\n<p><span style=\"font-weight: 400;\">M\u1ed9t \u01b0u \u0111i\u1ec3m kh\u00e1c c\u1ee7a s\u1ea3n ph\u1ea9m sen v\u00f2i R801S ch\u00ednh l\u00e0 b\u1ed9 ph\u1ee5 ki\u1ec7n \u0111\u1ed3ng b\u1ed9 \u0111i theo s\u1ea3n ph\u1ea9m. \u0110\u01b0\u1ee3c bi\u1ebft, nh\u00e0 s\u1ea3n xu\u1ea5t T\u00e2n \u00c1 \u0110\u1ea1i Th\u00e0nh \u0111\u00e3 trang b\u1ecb m\u1ed9t b\u1ed9 ph\u1ee5 ki\u1ec7n k\u00e8m theo g\u1ed3m 2 \u0111\u1ea7u n\u1ed1i \u1ed1ng \u0111\u1ed3ng, 2 n\u1eafp inox, \u1ed1ng d\u1eabn m\u1ec1m inox 1,5m v\u00e0 gi\u00e1 \u0111\u1ee1 nh\u1ef1a. Nh\u1edd v\u1eady, ng\u01b0\u1eddi d\u00f9ng s\u1ebd kh\u00f4ng m\u1ea5t nhi\u1ec1u th\u1eddi gian c\u0169ng nh\u01b0 chi ph\u00ed \u0111\u1ec3 l\u1eafp \u0111\u1eb7t.<\/span><\/p>\n<p><span style=\"font-weight: 400;\">Ngo\u00e0i ra, vi\u1ec7c s\u1ea3n ph\u1ea9m \u0111i k\u00e8m b\u1ed9 ph\u1ee5 ki\u1ec7n \u0111\u1ed3ng b\u1ed9 c\u0169ng gi\u00fap s\u1ea3n ph\u1ea9m v\u1eadn h\u00e0nh tr\u01a1n tru h\u01a1n, h\u1ea1n ch\u1ebf c\u00e1c l\u1ed7i c\u00f3 th\u1ec3 x\u1ea3y ra do s\u1eed d\u1ee5ng ph\u1ee5 ki\u1ec7n th\u01b0\u01a1ng hi\u1ec7u kh\u00e1c.\u00a0<\/span><\/p>\n<h3><span style=\"font-weight: 400;\">B\u1ea3o h\u00e0nh ch\u00ednh h\u00e3ng<\/span><\/h3>\n<p><span style=\"font-weight: 400;\">L\u00e0 s\u1ea3n ph\u1ea9m c\u1ee7a th\u01b0\u01a1ng hi\u1ec7u uy t\u00edn T\u00e2n \u00c1 \u0110\u1ea1i Th\u00e0nh, ng\u01b0\u1eddi d\u00f9ng v\u00f2i sen R801S s\u1ebd \u0111\u01b0\u1ee3c h\u01b0\u1edfng ch\u00ednh s\u00e1ch b\u1ea3o h\u00e0nh ch\u00ednh h\u00e3ng.<\/span><\/p>\n<h2><b>Mua v\u00f2i sen Rossi R801S \u1edf \u0111\u00e2u ch\u00ednh h\u00e3ng?<\/b><\/h2>\n<p><span style=\"font-weight: 400;\">\u0110\u1ec3 s\u1edf h\u1eefu v\u00f2i sen Rossi R801S ch\u00ednh h\u00e3ng, b\u1ea1n c\u00f3 th\u1ec3 mua t\u1ea1i website b\u00e1n h\u00e0ng ch\u00ednh th\u1ee9c c\u1ee7a T\u00e2n \u00c1 \u0110\u1ea1i Th\u00e0nh: <\/span><span style=\"text-decoration: underline;\"><span style=\"color: #0000ff;\"><a style=\"color: #0000ff;\" href=\"http:\/\/shop.tanadaithanh.vn\"><span style=\"font-weight: 400;\">shop.tanadaithanh.vn<\/span><\/a><\/span><\/span><span style=\"font-weight: 400;\"> ho\u1eb7c mua s\u1ea3n ph\u1ea9m t\u1ea1i c\u00e1c trang th\u01b0\u01a1ng m\u1ea1i \u0111i\u1ec7n t\u1eed ch\u00ednh h\u00e3ng nh\u01b0: Shopee Mall, Lazada Mall, Tiktok Shop,&#8230;<\/span><\/p>\n<p><span style=\"font-weight: 400;\">S\u1edf h\u1eefu thi\u1ebft k\u1ebf n\u1ed5i tr\u1ed9i c\u00f9ng \u0111\u1ed9 b\u1ec1n v\u01b0\u1ee3t b\u1eadc, v\u00f2i sen R801S l\u00e0 s\u1ea3n ph\u1ea9m \u0111\u00e1ng \u0111\u1ec3 c\u00e1c gia \u0111\u00ecnh s\u1edf h\u1eefu. B\u1ea1n \u0111\u1eebng qu\u00ean \u0111\u1eb7t mua v\u00f2i sen Rossi R801S tr\u00ean website: <\/span><span style=\"text-decoration: underline;\"><span style=\"color: #0000ff;\"><a style=\"color: #0000ff;\" href=\"http:\/\/shop.tanadaithanh.vn\"><span style=\"font-weight: 400;\">shop.tanadaithanh.vn<\/span><\/a><\/span><\/span><span style=\"font-weight: 400;\"> \u0111\u1ec3 \u0111\u01b0\u1ee3c v\u1eadn chuy\u1ec3n v\u00e0 l\u1eafp \u0111\u1eb7t t\u1eadn n\u01a1i nh\u00e9!<\/span><\/p>\n","protected":false},"excerpt":{"rendered":"<ul>\n<li>Th\u00e0nh ph\u1ea7n \u0111\u1ed3ng 59% ch\u1ed1ng \u0103n m\u00f2n, k\u00e9o d\u00e0i tu\u1ed5i th\u1ecd s\u1ea3n ph\u1ea9m, mang l\u1ea1i s\u1ef1 an t\u00e2m khi s\u1eed d\u1ee5ng.<\/li>\n<li>L\u1edbp m\u1ea1 chrome sang tr\u1ecdng gi\u00fap s\u1ea3n ph\u1ea9m lu\u00f4n s\u00e1ng b\u00f3ng, ch\u1ed1ng b\u00e1m b\u1ea9n, d\u1ec5 v\u1ec7 sinh, gi\u1eef cho sen v\u00f2i lu\u00f4n nh\u01b0 m\u1edbi.<\/li>\n<li>Thi\u1ebft k\u1ebf tinh t\u1ebf chu\u1ea9n T\u00e2y Ban Nha ph\u00f9 h\u1ee3p v\u1edbi m\u1ecdi kh\u00f4ng gian ph\u00f2ng t\u1eafm, t\u1eeb c\u1ed5 \u0111i\u1ec3n \u0111\u1ebfn hi\u1ec7n \u0111\u1ea1i.<\/li>\n<li>B\u1ed9 chia n\u01b0\u1edbc Sedal cao c\u1ea5p gi\u00fap v\u00f2i v\u1eadn h\u00e0nh \u00eam \u00e1i, b\u1ec1n b\u1ec9, \u0111\u1ea3m b\u1ea3o d\u00f2ng ch\u1ea3y \u1ed5n \u0111\u1ecbnh su\u1ed1t 450.000 l\u1ea7n \u0111\u00f3ng m\u1edf<\/li>\n<\/ul>\n","protected":false},"featured_media":29142,"comment_status":"open","ping_status":"closed","template":"","meta":[],"region":[259,260],"product_brand":[],"product_cat":[382,383],"product_tag":[1149,1146,1151,1150,1147,1148],"class_list":{"0":"post-28571","1":"product","2":"type-product","3":"status-publish","4":"has-post-thumbnail","6":"region-mien-bac","7":"region-mien-nam","8":"product_cat-sen-voi","9":"product_cat-voi-sen","10":"product_tag-rossi","11":"product_tag-sen-voi","12":"product_tag-sen-voi-rossi","13":"product_tag-tan-a-dai-thanh","14":"product_tag-voi-tam","15":"product_tag-voi-tam-rossi","17":"first","18":"instock","19":"sale","20":"shipping-taxable","21":"purchasable","22":"product-type-simple"},"yoast_head":"<!-- This site is optimized with the Yoast SEO plugin v24.6 - https:\/\/yoast.com\/wordpress\/plugins\/seo\/ -->\n<title>V\u00f2i sen Rossi R801S - T\u00e2n \u00c1 \u0110\u1ea1i Th\u00e0nh eShop<\/title>\n<meta name=\"description\" content=\"S\u1edf h\u1eefu thi\u1ebft k\u1ebf tinh t\u1ebf, sang tr\u1ecdng c\u00f9ng \u0111\u1ed9 b\u1ec1n v\u01b0\u1ee3t tr\u1ed9i, v\u00f2i sen Rossi R801S (Bathtub Mixer) l\u00e0 s\u1ef1 l\u1ef1a ch\u1ecdn ho\u00e0n h\u1ea3o cho kh\u00f4ng gian ph\u00f2ng t\u1eafm hi\u1ec7n \u0111\u1ea1i.\u00a0\" \/>\n<meta name=\"robots\" content=\"index, follow, max-snippet:-1, max-image-preview:large, max-video-preview:-1\" \/>\n<link rel=\"canonical\" href=\"https:\/\/shop.tanadaithanh.vn\/en\/san-pham\/voi-tam-rossi-r801s\/\" \/>\n<meta property=\"og:locale\" content=\"en_US\" \/>\n<meta property=\"og:type\" content=\"article\" \/>\n<meta property=\"og:title\" content=\"V\u00f2i sen Rossi R801S - T\u00e2n \u00c1 \u0110\u1ea1i Th\u00e0nh eShop\" \/>\n<meta property=\"og:description\" content=\"S\u1edf h\u1eefu thi\u1ebft k\u1ebf tinh t\u1ebf, sang tr\u1ecdng c\u00f9ng \u0111\u1ed9 b\u1ec1n v\u01b0\u1ee3t tr\u1ed9i, v\u00f2i sen Rossi R801S (Bathtub Mixer) l\u00e0 s\u1ef1 l\u1ef1a ch\u1ecdn ho\u00e0n h\u1ea3o cho kh\u00f4ng gian ph\u00f2ng t\u1eafm hi\u1ec7n \u0111\u1ea1i.\u00a0\" \/>\n<meta property=\"og:url\" content=\"https:\/\/shop.tanadaithanh.vn\/en\/san-pham\/voi-tam-rossi-r801s\/\" \/>\n<meta property=\"og:site_name\" content=\"T\u00e2n \u00c1 \u0110\u1ea1i Th\u00e0nh eShop\" \/>\n<meta property=\"article:publisher\" content=\"https:\/\/www.facebook.com\/profile.php?id=61567171139919\" \/>\n<meta property=\"article:modified_time\" content=\"2025-12-03T10:31:47+00:00\" \/>\n<meta property=\"og:image\" content=\"https:\/\/shop.tanadaithanh.vn\/wp-content\/uploads\/2025\/11\/R801S.png\" \/>\n\t<meta property=\"og:image:width\" content=\"1200\" \/>\n\t<meta property=\"og:image:height\" content=\"1200\" \/>\n\t<meta property=\"og:image:type\" content=\"image\/png\" \/>\n<meta name=\"twitter:card\" content=\"summary_large_image\" \/>\n<meta name=\"twitter:label1\" content=\"Est. reading time\" \/>\n\t<meta name=\"twitter:data1\" content=\"5 minutes\" \/>\n<script type=\"application\/ld+json\" class=\"yoast-schema-graph\">{\"@context\":\"https:\/\/schema.org\",\"@graph\":[{\"@type\":\"WebPage\",\"@id\":\"https:\/\/shop.tanadaithanh.vn\/en\/san-pham\/voi-tam-rossi-r801s\/\",\"url\":\"https:\/\/shop.tanadaithanh.vn\/en\/san-pham\/voi-tam-rossi-r801s\/\",\"name\":\"V\u00f2i sen Rossi R801S - T\u00e2n \u00c1 \u0110\u1ea1i Th\u00e0nh eShop\",\"isPartOf\":{\"@id\":\"https:\/\/shop.tanadaithanh.vn\/en\/#website\"},\"primaryImageOfPage\":{\"@id\":\"https:\/\/shop.tanadaithanh.vn\/en\/san-pham\/voi-tam-rossi-r801s\/#primaryimage\"},\"image\":{\"@id\":\"https:\/\/shop.tanadaithanh.vn\/en\/san-pham\/voi-tam-rossi-r801s\/#primaryimage\"},\"thumbnailUrl\":\"https:\/\/shop.tanadaithanh.vn\/wp-content\/uploads\/2025\/11\/R801S.png\",\"datePublished\":\"2025-11-10T03:07:23+00:00\",\"dateModified\":\"2025-12-03T10:31:47+00:00\",\"description\":\"S\u1edf h\u1eefu thi\u1ebft k\u1ebf tinh t\u1ebf, sang tr\u1ecdng c\u00f9ng \u0111\u1ed9 b\u1ec1n v\u01b0\u1ee3t tr\u1ed9i, v\u00f2i sen Rossi R801S (Bathtub Mixer) l\u00e0 s\u1ef1 l\u1ef1a ch\u1ecdn ho\u00e0n h\u1ea3o cho kh\u00f4ng gian ph\u00f2ng t\u1eafm hi\u1ec7n \u0111\u1ea1i.\u00a0\",\"breadcrumb\":{\"@id\":\"https:\/\/shop.tanadaithanh.vn\/en\/san-pham\/voi-tam-rossi-r801s\/#breadcrumb\"},\"inLanguage\":\"en-US\",\"potentialAction\":[{\"@type\":\"ReadAction\",\"target\":[\"https:\/\/shop.tanadaithanh.vn\/en\/san-pham\/voi-tam-rossi-r801s\/\"]}]},{\"@type\":\"ImageObject\",\"inLanguage\":\"en-US\",\"@id\":\"https:\/\/shop.tanadaithanh.vn\/en\/san-pham\/voi-tam-rossi-r801s\/#primaryimage\",\"url\":\"https:\/\/shop.tanadaithanh.vn\/wp-content\/uploads\/2025\/11\/R801S.png\",\"contentUrl\":\"https:\/\/shop.tanadaithanh.vn\/wp-content\/uploads\/2025\/11\/R801S.png\",\"width\":1200,\"height\":1200},{\"@type\":\"BreadcrumbList\",\"@id\":\"https:\/\/shop.tanadaithanh.vn\/en\/san-pham\/voi-tam-rossi-r801s\/#breadcrumb\",\"itemListElement\":[{\"@type\":\"ListItem\",\"position\":1,\"name\":\"Trang ch\u1ee7\",\"item\":\"https:\/\/shop.tanadaithanh.vn\/en\/\"},{\"@type\":\"ListItem\",\"position\":2,\"name\":\"Shop\",\"item\":\"https:\/\/shop.tanadaithanh.vn\/cua-hang\/\"},{\"@type\":\"ListItem\",\"position\":3,\"name\":\"V\u00f2i sen Rossi R801S\"}]},{\"@type\":\"WebSite\",\"@id\":\"https:\/\/shop.tanadaithanh.vn\/en\/#website\",\"url\":\"https:\/\/shop.tanadaithanh.vn\/en\/\",\"name\":\"T\u00e2n \u00c1 \u0110\u1ea1i Th\u00e0nh eShop - Trang website b\u00e1n h\u00e0ng ch\u00ednh th\u1ee9c T\u1eadp \u0111o\u00e0n T\u00e2n \u00c1 \u0110\u1ea1i Th\u00e0nh\",\"description\":\"Website b\u00e1n h\u00e0ng tr\u1ef1c tuy\u1ebfn v\u1eadn h\u00e0nh b\u1edfi ch\u00ednh T\u00e2n \u00c1 \u0110\u1ea1i Th\u00e0nh\",\"publisher\":{\"@id\":\"https:\/\/shop.tanadaithanh.vn\/en\/#organization\"},\"potentialAction\":[{\"@type\":\"SearchAction\",\"target\":{\"@type\":\"EntryPoint\",\"urlTemplate\":\"https:\/\/shop.tanadaithanh.vn\/en\/?s={search_term_string}\"},\"query-input\":{\"@type\":\"PropertyValueSpecification\",\"valueRequired\":true,\"valueName\":\"search_term_string\"}}],\"inLanguage\":\"en-US\"},{\"@type\":\"Organization\",\"@id\":\"https:\/\/shop.tanadaithanh.vn\/en\/#organization\",\"name\":\"T\u00e2n \u00c1 \u0110\u1ea1i Th\u00e0nh eShop - Trang website b\u00e1n h\u00e0ng ch\u00ednh th\u1ee9c T\u1eadp \u0111o\u00e0n T\u00e2n \u00c1 \u0110\u1ea1i Th\u00e0nh\",\"url\":\"https:\/\/shop.tanadaithanh.vn\/en\/\",\"logo\":{\"@type\":\"ImageObject\",\"inLanguage\":\"en-US\",\"@id\":\"https:\/\/shop.tanadaithanh.vn\/en\/#\/schema\/logo\/image\/\",\"url\":\"https:\/\/shop.tanadaithanh.vn\/wp-content\/uploads\/2025\/06\/Logo-2.png\",\"contentUrl\":\"https:\/\/shop.tanadaithanh.vn\/wp-content\/uploads\/2025\/06\/Logo-2.png\",\"width\":2000,\"height\":2000,\"caption\":\"T\u00e2n \u00c1 \u0110\u1ea1i Th\u00e0nh eShop - Trang website b\u00e1n h\u00e0ng ch\u00ednh th\u1ee9c T\u1eadp \u0111o\u00e0n T\u00e2n \u00c1 \u0110\u1ea1i Th\u00e0nh\"},\"image\":{\"@id\":\"https:\/\/shop.tanadaithanh.vn\/en\/#\/schema\/logo\/image\/\"},\"sameAs\":[\"https:\/\/www.facebook.com\/profile.php?id=61567171139919\",\"https:\/\/zalo.me\/3915163699004948284\"]}]}<\/script>\n<!-- \/ Yoast SEO plugin. -->","yoast_head_json":{"title":"V\u00f2i sen Rossi R801S - T\u00e2n \u00c1 \u0110\u1ea1i Th\u00e0nh eShop","description":"S\u1edf h\u1eefu thi\u1ebft k\u1ebf tinh t\u1ebf, sang tr\u1ecdng c\u00f9ng \u0111\u1ed9 b\u1ec1n v\u01b0\u1ee3t tr\u1ed9i, v\u00f2i sen Rossi R801S (Bathtub Mixer) l\u00e0 s\u1ef1 l\u1ef1a ch\u1ecdn ho\u00e0n h\u1ea3o cho kh\u00f4ng gian ph\u00f2ng t\u1eafm hi\u1ec7n \u0111\u1ea1i.\u00a0","robots":{"index":"index","follow":"follow","max-snippet":"max-snippet:-1","max-image-preview":"max-image-preview:large","max-video-preview":"max-video-preview:-1"},"canonical":"https:\/\/shop.tanadaithanh.vn\/en\/san-pham\/voi-tam-rossi-r801s\/","og_locale":"en_US","og_type":"article","og_title":"V\u00f2i sen Rossi R801S - T\u00e2n \u00c1 \u0110\u1ea1i Th\u00e0nh eShop","og_description":"S\u1edf h\u1eefu thi\u1ebft k\u1ebf tinh t\u1ebf, sang tr\u1ecdng c\u00f9ng \u0111\u1ed9 b\u1ec1n v\u01b0\u1ee3t tr\u1ed9i, v\u00f2i sen Rossi R801S (Bathtub Mixer) l\u00e0 s\u1ef1 l\u1ef1a ch\u1ecdn ho\u00e0n h\u1ea3o cho kh\u00f4ng gian ph\u00f2ng t\u1eafm hi\u1ec7n \u0111\u1ea1i.\u00a0","og_url":"https:\/\/shop.tanadaithanh.vn\/en\/san-pham\/voi-tam-rossi-r801s\/","og_site_name":"T\u00e2n \u00c1 \u0110\u1ea1i Th\u00e0nh eShop","article_publisher":"https:\/\/www.facebook.com\/profile.php?id=61567171139919","article_modified_time":"2025-12-03T10:31:47+00:00","og_image":[{"width":1200,"height":1200,"url":"https:\/\/shop.tanadaithanh.vn\/wp-content\/uploads\/2025\/11\/R801S.png","type":"image\/png"}],"twitter_card":"summary_large_image","twitter_misc":{"Est. reading time":"5 minutes"},"schema":{"@context":"https:\/\/schema.org","@graph":[{"@type":"WebPage","@id":"https:\/\/shop.tanadaithanh.vn\/en\/san-pham\/voi-tam-rossi-r801s\/","url":"https:\/\/shop.tanadaithanh.vn\/en\/san-pham\/voi-tam-rossi-r801s\/","name":"V\u00f2i sen Rossi R801S - T\u00e2n \u00c1 \u0110\u1ea1i Th\u00e0nh eShop","isPartOf":{"@id":"https:\/\/shop.tanadaithanh.vn\/en\/#website"},"primaryImageOfPage":{"@id":"https:\/\/shop.tanadaithanh.vn\/en\/san-pham\/voi-tam-rossi-r801s\/#primaryimage"},"image":{"@id":"https:\/\/shop.tanadaithanh.vn\/en\/san-pham\/voi-tam-rossi-r801s\/#primaryimage"},"thumbnailUrl":"https:\/\/shop.tanadaithanh.vn\/wp-content\/uploads\/2025\/11\/R801S.png","datePublished":"2025-11-10T03:07:23+00:00","dateModified":"2025-12-03T10:31:47+00:00","description":"S\u1edf h\u1eefu thi\u1ebft k\u1ebf tinh t\u1ebf, sang tr\u1ecdng c\u00f9ng \u0111\u1ed9 b\u1ec1n v\u01b0\u1ee3t tr\u1ed9i, v\u00f2i sen Rossi R801S (Bathtub Mixer) l\u00e0 s\u1ef1 l\u1ef1a ch\u1ecdn ho\u00e0n h\u1ea3o cho kh\u00f4ng gian ph\u00f2ng t\u1eafm hi\u1ec7n \u0111\u1ea1i.\u00a0","breadcrumb":{"@id":"https:\/\/shop.tanadaithanh.vn\/en\/san-pham\/voi-tam-rossi-r801s\/#breadcrumb"},"inLanguage":"en-US","potentialAction":[{"@type":"ReadAction","target":["https:\/\/shop.tanadaithanh.vn\/en\/san-pham\/voi-tam-rossi-r801s\/"]}]},{"@type":"ImageObject","inLanguage":"en-US","@id":"https:\/\/shop.tanadaithanh.vn\/en\/san-pham\/voi-tam-rossi-r801s\/#primaryimage","url":"https:\/\/shop.tanadaithanh.vn\/wp-content\/uploads\/2025\/11\/R801S.png","contentUrl":"https:\/\/shop.tanadaithanh.vn\/wp-content\/uploads\/2025\/11\/R801S.png","width":1200,"height":1200},{"@type":"BreadcrumbList","@id":"https:\/\/shop.tanadaithanh.vn\/en\/san-pham\/voi-tam-rossi-r801s\/#breadcrumb","itemListElement":[{"@type":"ListItem","position":1,"name":"Trang ch\u1ee7","item":"https:\/\/shop.tanadaithanh.vn\/en\/"},{"@type":"ListItem","position":2,"name":"Shop","item":"https:\/\/shop.tanadaithanh.vn\/cua-hang\/"},{"@type":"ListItem","position":3,"name":"V\u00f2i sen Rossi R801S"}]},{"@type":"WebSite","@id":"https:\/\/shop.tanadaithanh.vn\/en\/#website","url":"https:\/\/shop.tanadaithanh.vn\/en\/","name":"T\u00e2n \u00c1 \u0110\u1ea1i Th\u00e0nh eShop - Trang website b\u00e1n h\u00e0ng ch\u00ednh th\u1ee9c T\u1eadp \u0111o\u00e0n T\u00e2n \u00c1 \u0110\u1ea1i Th\u00e0nh","description":"Website b\u00e1n h\u00e0ng tr\u1ef1c tuy\u1ebfn v\u1eadn h\u00e0nh b\u1edfi ch\u00ednh T\u00e2n \u00c1 \u0110\u1ea1i Th\u00e0nh","publisher":{"@id":"https:\/\/shop.tanadaithanh.vn\/en\/#organization"},"potentialAction":[{"@type":"SearchAction","target":{"@type":"EntryPoint","urlTemplate":"https:\/\/shop.tanadaithanh.vn\/en\/?s={search_term_string}"},"query-input":{"@type":"PropertyValueSpecification","valueRequired":true,"valueName":"search_term_string"}}],"inLanguage":"en-US"},{"@type":"Organization","@id":"https:\/\/shop.tanadaithanh.vn\/en\/#organization","name":"T\u00e2n \u00c1 \u0110\u1ea1i Th\u00e0nh eShop - Trang website b\u00e1n h\u00e0ng ch\u00ednh th\u1ee9c T\u1eadp \u0111o\u00e0n T\u00e2n \u00c1 \u0110\u1ea1i Th\u00e0nh","url":"https:\/\/shop.tanadaithanh.vn\/en\/","logo":{"@type":"ImageObject","inLanguage":"en-US","@id":"https:\/\/shop.tanadaithanh.vn\/en\/#\/schema\/logo\/image\/","url":"https:\/\/shop.tanadaithanh.vn\/wp-content\/uploads\/2025\/06\/Logo-2.png","contentUrl":"https:\/\/shop.tanadaithanh.vn\/wp-content\/uploads\/2025\/06\/Logo-2.png","width":2000,"height":2000,"caption":"T\u00e2n \u00c1 \u0110\u1ea1i Th\u00e0nh eShop - Trang website b\u00e1n h\u00e0ng ch\u00ednh th\u1ee9c T\u1eadp \u0111o\u00e0n T\u00e2n \u00c1 \u0110\u1ea1i Th\u00e0nh"},"image":{"@id":"https:\/\/shop.tanadaithanh.vn\/en\/#\/schema\/logo\/image\/"},"sameAs":["https:\/\/www.facebook.com\/profile.php?id=61567171139919","https:\/\/zalo.me\/3915163699004948284"]}]}},"_links":{"self":[{"href":"https:\/\/shop.tanadaithanh.vn\/en\/wp-json\/wp\/v2\/product\/28571","targetHints":{"allow":["GET"]}}],"collection":[{"href":"https:\/\/shop.tanadaithanh.vn\/en\/wp-json\/wp\/v2\/product"}],"about":[{"href":"https:\/\/shop.tanadaithanh.vn\/en\/wp-json\/wp\/v2\/types\/product"}],"replies":[{"embeddable":true,"href":"https:\/\/shop.tanadaithanh.vn\/en\/wp-json\/wp\/v2\/comments?post=28571"}],"version-history":[{"count":8,"href":"https:\/\/shop.tanadaithanh.vn\/en\/wp-json\/wp\/v2\/product\/28571\/revisions"}],"predecessor-version":[{"id":29782,"href":"https:\/\/shop.tanadaithanh.vn\/en\/wp-json\/wp\/v2\/product\/28571\/revisions\/29782"}],"wp:featuredmedia":[{"embeddable":true,"href":"https:\/\/shop.tanadaithanh.vn\/en\/wp-json\/wp\/v2\/media\/29142"}],"wp:attachment":[{"href":"https:\/\/shop.tanadaithanh.vn\/en\/wp-json\/wp\/v2\/media?parent=28571"}],"wp:term":[{"taxonomy":"region","embeddable":true,"href":"https:\/\/shop.tanadaithanh.vn\/en\/wp-json\/wp\/v2\/region?post=28571"},{"taxonomy":"product_brand","embeddable":true,"href":"https:\/\/shop.tanadaithanh.vn\/en\/wp-json\/wp\/v2\/product_brand?post=28571"},{"taxonomy":"product_cat","embeddable":true,"href":"https:\/\/shop.tanadaithanh.vn\/en\/wp-json\/wp\/v2\/product_cat?post=28571"},{"taxonomy":"product_tag","embeddable":true,"href":"https:\/\/shop.tanadaithanh.vn\/en\/wp-json\/wp\/v2\/product_tag?post=28571"}],"curies":[{"name":"wp","href":"https:\/\/api.w.org\/{rel}","templated":true}]}}