{"id":28290,"date":"2025-10-28T14:48:53","date_gmt":"2025-10-28T07:48:53","guid":{"rendered":"https:\/\/shop.tanadaithanh.vn\/?post_type=product&#038;p=28290"},"modified":"2025-11-20T11:22:21","modified_gmt":"2025-11-20T04:22:21","slug":"may-say-khan-rossi-comfort","status":"publish","type":"product","link":"https:\/\/shop.tanadaithanh.vn\/en\/san-pham\/may-say-khan-rossi-comfort\/","title":{"rendered":"M\u00e1y s\u1ea5y kh\u0103n Rossi Comfort"},"content":{"rendered":"<p>M\u00e1y s\u1ea5y kh\u0103n th\u00f4ng minh Rossi Comfort l\u00e0 s\u1ea3n ph\u1ea9m cao c\u1ea5p c\u1ee7a T\u1eadp \u0111o\u00e0n T\u00e2n \u00c1 \u0110\u1ea1i Th\u00e0nh, n\u1ed5i tr\u1ed9i v\u1edbi c\u00e1c \u01b0u th\u1ebf sau:<\/p>\n<ul>\n<li>B\u1ea3ng \u0111i\u1ec1u khi\u1ec3n c\u1ea3m \u1ee9ng: an to\u00e0n, d\u1ec5 d\u00e0ng thao t\u00e1c<\/li>\n<li>Cho ph\u00e9p k\u1ebft n\u1ed1i Bluetooth v\u1edbi B\u00ecnh n\u01b0\u1edbc n\u00f3ng Rossi Touch, \u0111i\u1ec1u khi\u1ec3n B\u00ecnh n\u01b0\u1edbc n\u00f3ng Rossi Touch khi kh\u00f4ng k\u1ebft n\u1ed1i Wifi<\/li>\n<li>\u0110i\u1ec1u khi\u1ec3n Wifi th\u00f4ng minh, d\u1ec5 d\u00e0ng l\u00ean l\u1ecbch, ch\u1ecdn ch\u1ebf \u0111\u1ed9 s\u1ea5y<\/li>\n<li>Ch\u1ee9c n\u0103ng s\u1ea5y t\u1ef1 \u0111\u1ed9ng: kh\u0103n lu\u00f4n th\u01a1m tho, s\u1ea1ch s\u1ebd, tr\u00e1nh \u1ea9m m\u1ed1c. Ch\u1ee9c n\u0103ng s\u01b0\u1edfi ph\u00f2ng, gi\u00fap ph\u00f2ng t\u1eafm lu\u00f4n \u1ea5m n\u00f3ng, kh\u00f4 tho\u00e1ng, v\u1edbi nguy\u00ean l\u00fd sinh nhi\u1ec7t kh\u00f4ng \u0111\u1ed1t Oxy: An to\u00e0n, tho\u1ea3i m\u00e1i, kh\u00f4ng g\u00e2y kh\u00f3 ch\u1ecbu, ng\u1ed9t ng\u1ea1t khi s\u1eed d\u1ee5ng<\/li>\n<li>Thi\u1ebft k\u1ebf sang tr\u1ecdng: ph\u00f9 h\u1ee3p m\u1ecdi phong c\u00e1ch nh\u00e0 t\u1eafm<\/li>\n<li>B\u1ec1n b\u1ec9 v\u01b0\u1ee3t tr\u1ed9i: v\u1eadt li\u1ec7u cao c\u1ea5p, \u0111\u1ea3m b\u1ea3o \u0111\u1ed9 b\u1ec1n theo th\u1eddi gian<\/li>\n<li>Ti\u1ebft ki\u1ec7m \u0111i\u1ec7n: hi\u1ec7u qu\u1ea3 s\u1ea5y t\u1ed1i \u01b0u, v\u1edbi \u0111i\u1ec7n n\u0103ng th\u1ea5p<\/li>\n<\/ul>\n<p><img fetchpriority=\"high\" decoding=\"async\" class=\"aligncenter wp-image-28293\" src=\"https:\/\/shop.tanadaithanh.vn\/wp-content\/uploads\/2025\/10\/Rossi-Comfort-3.jpg\" alt=\"\" width=\"1014\" height=\"1014\" srcset=\"https:\/\/shop.tanadaithanh.vn\/wp-content\/uploads\/2025\/10\/Rossi-Comfort-3.jpg 2500w, https:\/\/shop.tanadaithanh.vn\/wp-content\/uploads\/2025\/10\/Rossi-Comfort-3-300x300.jpg 300w, https:\/\/shop.tanadaithanh.vn\/wp-content\/uploads\/2025\/10\/Rossi-Comfort-3-1024x1024.jpg 1024w, https:\/\/shop.tanadaithanh.vn\/wp-content\/uploads\/2025\/10\/Rossi-Comfort-3-150x150.jpg 150w, https:\/\/shop.tanadaithanh.vn\/wp-content\/uploads\/2025\/10\/Rossi-Comfort-3-768x768.jpg 768w, https:\/\/shop.tanadaithanh.vn\/wp-content\/uploads\/2025\/10\/Rossi-Comfort-3-1536x1536.jpg 1536w, https:\/\/shop.tanadaithanh.vn\/wp-content\/uploads\/2025\/10\/Rossi-Comfort-3-2048x2048.jpg 2048w, https:\/\/shop.tanadaithanh.vn\/wp-content\/uploads\/2025\/10\/Rossi-Comfort-3-600x600.jpg 600w, https:\/\/shop.tanadaithanh.vn\/wp-content\/uploads\/2025\/10\/Rossi-Comfort-3-1200x1200.jpg 1200w\" sizes=\"(max-width: 1014px) 100vw, 1014px\" \/><\/p>\n<table>\n<tbody>\n<tr>\n<td>K\u00edch th\u01b0\u1edbc<\/td>\n<td>W434 x H894 x D155 \u2013 215mm<\/td>\n<\/tr>\n<tr>\n<td width=\"159\">Ki\u1ec3m so\u00e1t nhi\u1ec7t \u0111\u1ed9<\/td>\n<td width=\"485\">30-60\u2103<\/td>\n<\/tr>\n<tr>\n<td width=\"159\">Tr\u1ecdng l\u01b0\u1ee3ng s\u1ea3n ph\u1ea9m<\/td>\n<td width=\"485\">8.0 kg<\/td>\n<\/tr>\n<tr>\n<td width=\"159\">C\u00f4ng su\u1ea5t PTC<\/td>\n<td width=\"485\">1800W (+5\/-10%)<\/td>\n<\/tr>\n<tr>\n<td width=\"159\">C\u00f4ng su\u1ea5t qu\u1ea1t<\/td>\n<td width=\"485\">16.4W (\u00b110%)<\/td>\n<\/tr>\n<tr>\n<td width=\"159\">Th\u1eddi gian s\u1eed d\u1ee5ng \u0111i\u1ec7n<\/td>\n<td width=\"485\">1-8 gi\u1edd<\/td>\n<\/tr>\n<tr>\n<td width=\"159\">L\u1edbp ch\u1ed1ng n\u01b0\u1edbc<\/td>\n<td width=\"485\">IP22<\/td>\n<\/tr>\n<tr>\n<td width=\"159\">V\u1eadt li\u1ec7u s\u1ea3n ph\u1ea9m<\/td>\n<td width=\"485\">Phun s\u01a1n t\u0129nh \u0111i\u1ec7n PVD<\/td>\n<\/tr>\n<\/tbody>\n<\/table>\n","protected":false},"excerpt":{"rendered":"<p>M\u00e1y s\u1ea5y kh\u0103n th\u00f4ng minh Rossi Comfort \u0111i\u1ec1u khi\u1ec3n qua Wifi, gi\u00fap kh\u0103n t\u1eafm c\u1ee7a b\u1ea1n lu\u00f4n kh\u00f4 r\u00e1o, s\u1ea1ch s\u1ebd, b\u1ea3o v\u1ec7 s\u1ee9c kh\u1ecfe c\u1ee7a c\u1ea3 gia \u0111\u00ecnh. V\u1edbi ki\u1ec3u d\u00e1ng hi\u1ec7n \u0111\u1ea1i v\u00e0 c\u00e1c t\u00ednh n\u0103ng hi\u1ec7u su\u1ea5t cao, m\u00e1y s\u1ea5y kh\u0103n Rossi Comfort mang \u0111\u1ebfn s\u1ef1 sang tr\u1ecdng, ti\u1ec7n nghi, n\u00e2ng t\u1ea7m cho kh\u00f4ng gian nh\u00e0 t\u1eafm c\u1ee7a b\u1ea1n.<\/p>\n","protected":false},"featured_media":29202,"comment_status":"open","ping_status":"closed","template":"","meta":[],"region":[259],"product_brand":[],"product_cat":[1140],"product_tag":[],"class_list":{"0":"post-28290","1":"product","2":"type-product","3":"status-publish","4":"has-post-thumbnail","6":"region-mien-bac","7":"product_cat-may-say-khan","9":"first","10":"instock","11":"shipping-taxable","12":"product-type-simple"},"yoast_head":"<!-- This site is optimized with the Yoast SEO plugin v24.6 - https:\/\/yoast.com\/wordpress\/plugins\/seo\/ -->\n<title>M\u00e1y s\u1ea5y kh\u0103n Rossi Comfort - T\u00e2n \u00c1 \u0110\u1ea1i Th\u00e0nh eShop<\/title>\n<meta name=\"robots\" content=\"index, follow, max-snippet:-1, max-image-preview:large, max-video-preview:-1\" \/>\n<link rel=\"canonical\" href=\"https:\/\/shop.tanadaithanh.vn\/en\/san-pham\/may-say-khan-rossi-comfort\/\" \/>\n<meta property=\"og:locale\" content=\"en_US\" \/>\n<meta property=\"og:type\" content=\"article\" \/>\n<meta property=\"og:title\" content=\"M\u00e1y s\u1ea5y kh\u0103n Rossi Comfort - T\u00e2n \u00c1 \u0110\u1ea1i Th\u00e0nh eShop\" \/>\n<meta property=\"og:description\" content=\"M\u00e1y s\u1ea5y kh\u0103n th\u00f4ng minh Rossi Comfort \u0111i\u1ec1u khi\u1ec3n qua Wifi, gi\u00fap kh\u0103n t\u1eafm c\u1ee7a b\u1ea1n lu\u00f4n kh\u00f4 r\u00e1o, s\u1ea1ch s\u1ebd, b\u1ea3o v\u1ec7 s\u1ee9c kh\u1ecfe c\u1ee7a c\u1ea3 gia \u0111\u00ecnh. V\u1edbi ki\u1ec3u d\u00e1ng hi\u1ec7n \u0111\u1ea1i v\u00e0 c\u00e1c t\u00ednh n\u0103ng hi\u1ec7u su\u1ea5t cao, m\u00e1y s\u1ea5y kh\u0103n Rossi Comfort mang \u0111\u1ebfn s\u1ef1 sang tr\u1ecdng, ti\u1ec7n nghi, n\u00e2ng t\u1ea7m cho kh\u00f4ng gian nh\u00e0 t\u1eafm c\u1ee7a b\u1ea1n.\" \/>\n<meta property=\"og:url\" content=\"https:\/\/shop.tanadaithanh.vn\/en\/san-pham\/may-say-khan-rossi-comfort\/\" \/>\n<meta property=\"og:site_name\" content=\"T\u00e2n \u00c1 \u0110\u1ea1i Th\u00e0nh eShop\" \/>\n<meta property=\"article:publisher\" content=\"https:\/\/www.facebook.com\/profile.php?id=61567171139919\" \/>\n<meta property=\"article:modified_time\" content=\"2025-11-20T04:22:21+00:00\" \/>\n<meta property=\"og:image\" content=\"https:\/\/shop.tanadaithanh.vn\/wp-content\/uploads\/2025\/10\/Gia-say-khan-tam.png\" \/>\n\t<meta property=\"og:image:width\" content=\"1200\" \/>\n\t<meta property=\"og:image:height\" content=\"1200\" \/>\n\t<meta property=\"og:image:type\" content=\"image\/png\" \/>\n<meta name=\"twitter:card\" content=\"summary_large_image\" \/>\n<meta name=\"twitter:label1\" content=\"Est. reading time\" \/>\n\t<meta name=\"twitter:data1\" content=\"2 minutes\" \/>\n<script type=\"application\/ld+json\" class=\"yoast-schema-graph\">{\"@context\":\"https:\/\/schema.org\",\"@graph\":[{\"@type\":\"WebPage\",\"@id\":\"https:\/\/shop.tanadaithanh.vn\/en\/san-pham\/may-say-khan-rossi-comfort\/\",\"url\":\"https:\/\/shop.tanadaithanh.vn\/en\/san-pham\/may-say-khan-rossi-comfort\/\",\"name\":\"M\u00e1y s\u1ea5y kh\u0103n Rossi Comfort - T\u00e2n \u00c1 \u0110\u1ea1i Th\u00e0nh eShop\",\"isPartOf\":{\"@id\":\"https:\/\/shop.tanadaithanh.vn\/en\/#website\"},\"primaryImageOfPage\":{\"@id\":\"https:\/\/shop.tanadaithanh.vn\/en\/san-pham\/may-say-khan-rossi-comfort\/#primaryimage\"},\"image\":{\"@id\":\"https:\/\/shop.tanadaithanh.vn\/en\/san-pham\/may-say-khan-rossi-comfort\/#primaryimage\"},\"thumbnailUrl\":\"https:\/\/shop.tanadaithanh.vn\/wp-content\/uploads\/2025\/10\/Gia-say-khan-tam.png\",\"datePublished\":\"2025-10-28T07:48:53+00:00\",\"dateModified\":\"2025-11-20T04:22:21+00:00\",\"breadcrumb\":{\"@id\":\"https:\/\/shop.tanadaithanh.vn\/en\/san-pham\/may-say-khan-rossi-comfort\/#breadcrumb\"},\"inLanguage\":\"en-US\",\"potentialAction\":[{\"@type\":\"ReadAction\",\"target\":[\"https:\/\/shop.tanadaithanh.vn\/en\/san-pham\/may-say-khan-rossi-comfort\/\"]}]},{\"@type\":\"ImageObject\",\"inLanguage\":\"en-US\",\"@id\":\"https:\/\/shop.tanadaithanh.vn\/en\/san-pham\/may-say-khan-rossi-comfort\/#primaryimage\",\"url\":\"https:\/\/shop.tanadaithanh.vn\/wp-content\/uploads\/2025\/10\/Gia-say-khan-tam.png\",\"contentUrl\":\"https:\/\/shop.tanadaithanh.vn\/wp-content\/uploads\/2025\/10\/Gia-say-khan-tam.png\",\"width\":1200,\"height\":1200},{\"@type\":\"BreadcrumbList\",\"@id\":\"https:\/\/shop.tanadaithanh.vn\/en\/san-pham\/may-say-khan-rossi-comfort\/#breadcrumb\",\"itemListElement\":[{\"@type\":\"ListItem\",\"position\":1,\"name\":\"Trang ch\u1ee7\",\"item\":\"https:\/\/shop.tanadaithanh.vn\/en\/\"},{\"@type\":\"ListItem\",\"position\":2,\"name\":\"Shop\",\"item\":\"https:\/\/shop.tanadaithanh.vn\/cua-hang\/\"},{\"@type\":\"ListItem\",\"position\":3,\"name\":\"M\u00e1y s\u1ea5y kh\u0103n Rossi Comfort\"}]},{\"@type\":\"WebSite\",\"@id\":\"https:\/\/shop.tanadaithanh.vn\/en\/#website\",\"url\":\"https:\/\/shop.tanadaithanh.vn\/en\/\",\"name\":\"T\u00e2n \u00c1 \u0110\u1ea1i Th\u00e0nh eShop - Trang website b\u00e1n h\u00e0ng ch\u00ednh th\u1ee9c T\u1eadp \u0111o\u00e0n T\u00e2n \u00c1 \u0110\u1ea1i Th\u00e0nh\",\"description\":\"Website b\u00e1n h\u00e0ng tr\u1ef1c tuy\u1ebfn v\u1eadn h\u00e0nh b\u1edfi ch\u00ednh T\u00e2n \u00c1 \u0110\u1ea1i Th\u00e0nh\",\"publisher\":{\"@id\":\"https:\/\/shop.tanadaithanh.vn\/en\/#organization\"},\"potentialAction\":[{\"@type\":\"SearchAction\",\"target\":{\"@type\":\"EntryPoint\",\"urlTemplate\":\"https:\/\/shop.tanadaithanh.vn\/en\/?s={search_term_string}\"},\"query-input\":{\"@type\":\"PropertyValueSpecification\",\"valueRequired\":true,\"valueName\":\"search_term_string\"}}],\"inLanguage\":\"en-US\"},{\"@type\":\"Organization\",\"@id\":\"https:\/\/shop.tanadaithanh.vn\/en\/#organization\",\"name\":\"T\u00e2n \u00c1 \u0110\u1ea1i Th\u00e0nh eShop - Trang website b\u00e1n h\u00e0ng ch\u00ednh th\u1ee9c T\u1eadp \u0111o\u00e0n T\u00e2n \u00c1 \u0110\u1ea1i Th\u00e0nh\",\"url\":\"https:\/\/shop.tanadaithanh.vn\/en\/\",\"logo\":{\"@type\":\"ImageObject\",\"inLanguage\":\"en-US\",\"@id\":\"https:\/\/shop.tanadaithanh.vn\/en\/#\/schema\/logo\/image\/\",\"url\":\"https:\/\/shop.tanadaithanh.vn\/wp-content\/uploads\/2025\/06\/Logo-2.png\",\"contentUrl\":\"https:\/\/shop.tanadaithanh.vn\/wp-content\/uploads\/2025\/06\/Logo-2.png\",\"width\":2000,\"height\":2000,\"caption\":\"T\u00e2n \u00c1 \u0110\u1ea1i Th\u00e0nh eShop - Trang website b\u00e1n h\u00e0ng ch\u00ednh th\u1ee9c T\u1eadp \u0111o\u00e0n T\u00e2n \u00c1 \u0110\u1ea1i Th\u00e0nh\"},\"image\":{\"@id\":\"https:\/\/shop.tanadaithanh.vn\/en\/#\/schema\/logo\/image\/\"},\"sameAs\":[\"https:\/\/www.facebook.com\/profile.php?id=61567171139919\",\"https:\/\/zalo.me\/3915163699004948284\"]}]}<\/script>\n<!-- \/ Yoast SEO plugin. -->","yoast_head_json":{"title":"M\u00e1y s\u1ea5y kh\u0103n Rossi Comfort - T\u00e2n \u00c1 \u0110\u1ea1i Th\u00e0nh eShop","robots":{"index":"index","follow":"follow","max-snippet":"max-snippet:-1","max-image-preview":"max-image-preview:large","max-video-preview":"max-video-preview:-1"},"canonical":"https:\/\/shop.tanadaithanh.vn\/en\/san-pham\/may-say-khan-rossi-comfort\/","og_locale":"en_US","og_type":"article","og_title":"M\u00e1y s\u1ea5y kh\u0103n Rossi Comfort - T\u00e2n \u00c1 \u0110\u1ea1i Th\u00e0nh eShop","og_description":"M\u00e1y s\u1ea5y kh\u0103n th\u00f4ng minh Rossi Comfort \u0111i\u1ec1u khi\u1ec3n qua Wifi, gi\u00fap kh\u0103n t\u1eafm c\u1ee7a b\u1ea1n lu\u00f4n kh\u00f4 r\u00e1o, s\u1ea1ch s\u1ebd, b\u1ea3o v\u1ec7 s\u1ee9c kh\u1ecfe c\u1ee7a c\u1ea3 gia \u0111\u00ecnh. V\u1edbi ki\u1ec3u d\u00e1ng hi\u1ec7n \u0111\u1ea1i v\u00e0 c\u00e1c t\u00ednh n\u0103ng hi\u1ec7u su\u1ea5t cao, m\u00e1y s\u1ea5y kh\u0103n Rossi Comfort mang \u0111\u1ebfn s\u1ef1 sang tr\u1ecdng, ti\u1ec7n nghi, n\u00e2ng t\u1ea7m cho kh\u00f4ng gian nh\u00e0 t\u1eafm c\u1ee7a b\u1ea1n.","og_url":"https:\/\/shop.tanadaithanh.vn\/en\/san-pham\/may-say-khan-rossi-comfort\/","og_site_name":"T\u00e2n \u00c1 \u0110\u1ea1i Th\u00e0nh eShop","article_publisher":"https:\/\/www.facebook.com\/profile.php?id=61567171139919","article_modified_time":"2025-11-20T04:22:21+00:00","og_image":[{"width":1200,"height":1200,"url":"https:\/\/shop.tanadaithanh.vn\/wp-content\/uploads\/2025\/10\/Gia-say-khan-tam.png","type":"image\/png"}],"twitter_card":"summary_large_image","twitter_misc":{"Est. reading time":"2 minutes"},"schema":{"@context":"https:\/\/schema.org","@graph":[{"@type":"WebPage","@id":"https:\/\/shop.tanadaithanh.vn\/en\/san-pham\/may-say-khan-rossi-comfort\/","url":"https:\/\/shop.tanadaithanh.vn\/en\/san-pham\/may-say-khan-rossi-comfort\/","name":"M\u00e1y s\u1ea5y kh\u0103n Rossi Comfort - T\u00e2n \u00c1 \u0110\u1ea1i Th\u00e0nh eShop","isPartOf":{"@id":"https:\/\/shop.tanadaithanh.vn\/en\/#website"},"primaryImageOfPage":{"@id":"https:\/\/shop.tanadaithanh.vn\/en\/san-pham\/may-say-khan-rossi-comfort\/#primaryimage"},"image":{"@id":"https:\/\/shop.tanadaithanh.vn\/en\/san-pham\/may-say-khan-rossi-comfort\/#primaryimage"},"thumbnailUrl":"https:\/\/shop.tanadaithanh.vn\/wp-content\/uploads\/2025\/10\/Gia-say-khan-tam.png","datePublished":"2025-10-28T07:48:53+00:00","dateModified":"2025-11-20T04:22:21+00:00","breadcrumb":{"@id":"https:\/\/shop.tanadaithanh.vn\/en\/san-pham\/may-say-khan-rossi-comfort\/#breadcrumb"},"inLanguage":"en-US","potentialAction":[{"@type":"ReadAction","target":["https:\/\/shop.tanadaithanh.vn\/en\/san-pham\/may-say-khan-rossi-comfort\/"]}]},{"@type":"ImageObject","inLanguage":"en-US","@id":"https:\/\/shop.tanadaithanh.vn\/en\/san-pham\/may-say-khan-rossi-comfort\/#primaryimage","url":"https:\/\/shop.tanadaithanh.vn\/wp-content\/uploads\/2025\/10\/Gia-say-khan-tam.png","contentUrl":"https:\/\/shop.tanadaithanh.vn\/wp-content\/uploads\/2025\/10\/Gia-say-khan-tam.png","width":1200,"height":1200},{"@type":"BreadcrumbList","@id":"https:\/\/shop.tanadaithanh.vn\/en\/san-pham\/may-say-khan-rossi-comfort\/#breadcrumb","itemListElement":[{"@type":"ListItem","position":1,"name":"Trang ch\u1ee7","item":"https:\/\/shop.tanadaithanh.vn\/en\/"},{"@type":"ListItem","position":2,"name":"Shop","item":"https:\/\/shop.tanadaithanh.vn\/cua-hang\/"},{"@type":"ListItem","position":3,"name":"M\u00e1y s\u1ea5y kh\u0103n Rossi Comfort"}]},{"@type":"WebSite","@id":"https:\/\/shop.tanadaithanh.vn\/en\/#website","url":"https:\/\/shop.tanadaithanh.vn\/en\/","name":"T\u00e2n \u00c1 \u0110\u1ea1i Th\u00e0nh eShop - Trang website b\u00e1n h\u00e0ng ch\u00ednh th\u1ee9c T\u1eadp \u0111o\u00e0n T\u00e2n \u00c1 \u0110\u1ea1i Th\u00e0nh","description":"Website b\u00e1n h\u00e0ng tr\u1ef1c tuy\u1ebfn v\u1eadn h\u00e0nh b\u1edfi ch\u00ednh T\u00e2n \u00c1 \u0110\u1ea1i Th\u00e0nh","publisher":{"@id":"https:\/\/shop.tanadaithanh.vn\/en\/#organization"},"potentialAction":[{"@type":"SearchAction","target":{"@type":"EntryPoint","urlTemplate":"https:\/\/shop.tanadaithanh.vn\/en\/?s={search_term_string}"},"query-input":{"@type":"PropertyValueSpecification","valueRequired":true,"valueName":"search_term_string"}}],"inLanguage":"en-US"},{"@type":"Organization","@id":"https:\/\/shop.tanadaithanh.vn\/en\/#organization","name":"T\u00e2n \u00c1 \u0110\u1ea1i Th\u00e0nh eShop - Trang website b\u00e1n h\u00e0ng ch\u00ednh th\u1ee9c T\u1eadp \u0111o\u00e0n T\u00e2n \u00c1 \u0110\u1ea1i Th\u00e0nh","url":"https:\/\/shop.tanadaithanh.vn\/en\/","logo":{"@type":"ImageObject","inLanguage":"en-US","@id":"https:\/\/shop.tanadaithanh.vn\/en\/#\/schema\/logo\/image\/","url":"https:\/\/shop.tanadaithanh.vn\/wp-content\/uploads\/2025\/06\/Logo-2.png","contentUrl":"https:\/\/shop.tanadaithanh.vn\/wp-content\/uploads\/2025\/06\/Logo-2.png","width":2000,"height":2000,"caption":"T\u00e2n \u00c1 \u0110\u1ea1i Th\u00e0nh eShop - Trang website b\u00e1n h\u00e0ng ch\u00ednh th\u1ee9c T\u1eadp \u0111o\u00e0n T\u00e2n \u00c1 \u0110\u1ea1i Th\u00e0nh"},"image":{"@id":"https:\/\/shop.tanadaithanh.vn\/en\/#\/schema\/logo\/image\/"},"sameAs":["https:\/\/www.facebook.com\/profile.php?id=61567171139919","https:\/\/zalo.me\/3915163699004948284"]}]}},"_links":{"self":[{"href":"https:\/\/shop.tanadaithanh.vn\/en\/wp-json\/wp\/v2\/product\/28290","targetHints":{"allow":["GET"]}}],"collection":[{"href":"https:\/\/shop.tanadaithanh.vn\/en\/wp-json\/wp\/v2\/product"}],"about":[{"href":"https:\/\/shop.tanadaithanh.vn\/en\/wp-json\/wp\/v2\/types\/product"}],"replies":[{"embeddable":true,"href":"https:\/\/shop.tanadaithanh.vn\/en\/wp-json\/wp\/v2\/comments?post=28290"}],"version-history":[{"count":1,"href":"https:\/\/shop.tanadaithanh.vn\/en\/wp-json\/wp\/v2\/product\/28290\/revisions"}],"predecessor-version":[{"id":28299,"href":"https:\/\/shop.tanadaithanh.vn\/en\/wp-json\/wp\/v2\/product\/28290\/revisions\/28299"}],"wp:featuredmedia":[{"embeddable":true,"href":"https:\/\/shop.tanadaithanh.vn\/en\/wp-json\/wp\/v2\/media\/29202"}],"wp:attachment":[{"href":"https:\/\/shop.tanadaithanh.vn\/en\/wp-json\/wp\/v2\/media?parent=28290"}],"wp:term":[{"taxonomy":"region","embeddable":true,"href":"https:\/\/shop.tanadaithanh.vn\/en\/wp-json\/wp\/v2\/region?post=28290"},{"taxonomy":"product_brand","embeddable":true,"href":"https:\/\/shop.tanadaithanh.vn\/en\/wp-json\/wp\/v2\/product_brand?post=28290"},{"taxonomy":"product_cat","embeddable":true,"href":"https:\/\/shop.tanadaithanh.vn\/en\/wp-json\/wp\/v2\/product_cat?post=28290"},{"taxonomy":"product_tag","embeddable":true,"href":"https:\/\/shop.tanadaithanh.vn\/en\/wp-json\/wp\/v2\/product_tag?post=28290"}],"curies":[{"name":"wp","href":"https:\/\/api.w.org\/{rel}","templated":true}]}}