{"id":28156,"date":"2025-10-16T15:36:04","date_gmt":"2025-10-16T08:36:04","guid":{"rendered":"https:\/\/shop.tanadaithanh.vn\/?post_type=product&#038;p=28156"},"modified":"2026-04-24T09:03:00","modified_gmt":"2026-04-24T02:03:00","slug":"may-loc-nuoc-ro-rossi-eleganz-c-10-loi","status":"publish","type":"product","link":"https:\/\/shop.tanadaithanh.vn\/en\/san-pham\/may-loc-nuoc-ro-rossi-eleganz-c-10-loi\/","title":{"rendered":"M\u00e1y l\u1ecdc n\u01b0\u1edbc RO Rossi Eleganz C 10 l\u00f5i"},"content":{"rendered":"<p>M\u00e1y l\u1ecdc n\u01b0\u1edbc RO Rossi Eleganz C \u2013 S\u1ea3n ph\u1ea9m cao c\u1ea5p c\u1ee7a T\u1eadp \u0111o\u00e0n T\u00e2n \u00c1 \u0110\u1ea1i Th\u00e0nh, v\u1edbi c\u00e1c \u0111\u1eb7c \u0111i\u1ec3m n\u1ed5i b\u1eadt:<\/p>\n<ul>\n<li>M\u00e0ng RO FILMTEC nh\u1eadp kh\u1ea9u t\u1eeb M\u1ef9, l\u1ecdc s\u1ea1ch khu\u1ea9n, lo\u1ea1i b\u1ecf \u0111\u1ebfn 99,99% vi khu\u1ea9n, virus*<\/li>\n<li>M\u00e0ng si\u00eau l\u1ecdc UF ch\u1ed1ng t\u00e1i khu\u1ea9n.<\/li>\n<li>D\u1ec5 l\u1eafp \u0111\u1eb7t, s\u1eed d\u1ee5ng v\u00e0 b\u1ea3o tr\u00ec.<\/li>\n<\/ul>\n<p><i>*<\/i><i>K\u1ebft<\/i>\u00a0<i>qu\u1ea3<\/i>\u00a0<i>th\u1eed<\/i>\u00a0<i>nghi\u1ec7m<\/i>\u00a0<i>theo<\/i>\u00a0<i>c\u00e1c<\/i>\u00a0<i>ti\u00eau<\/i>\u00a0<i>ch\u00ed<\/i>\u00a0<i>tham<\/i>\u00a0<i>kh\u1ea3o<\/i><i>\u00a0QCVN 6:1-2010\/BYT<\/i><\/p>\n<p><img fetchpriority=\"high\" decoding=\"async\" class=\"aligncenter wp-image-28157\" src=\"https:\/\/shop.tanadaithanh.vn\/wp-content\/uploads\/2025\/10\/900-03.jpg\" alt=\"\" width=\"754\" height=\"754\" srcset=\"https:\/\/shop.tanadaithanh.vn\/wp-content\/uploads\/2025\/10\/900-03.jpg 900w, https:\/\/shop.tanadaithanh.vn\/wp-content\/uploads\/2025\/10\/900-03-300x300.jpg 300w, https:\/\/shop.tanadaithanh.vn\/wp-content\/uploads\/2025\/10\/900-03-150x150.jpg 150w, https:\/\/shop.tanadaithanh.vn\/wp-content\/uploads\/2025\/10\/900-03-768x768.jpg 768w, https:\/\/shop.tanadaithanh.vn\/wp-content\/uploads\/2025\/10\/900-03-600x600.jpg 600w, https:\/\/shop.tanadaithanh.vn\/wp-content\/uploads\/2025\/10\/900-03-64x64.jpg 64w\" sizes=\"(max-width: 754px) 100vw, 754px\" \/><\/p>\n<table>\n<tbody>\n<tr>\n<td>S\u1ed1 l\u00f5i l\u1ecdc<\/td>\n<td>10-11-12<\/td>\n<\/tr>\n<tr>\n<td>C\u00f4ng su\u1ea5t l\u1ecdc<\/td>\n<td>17 l\u00edt\/gi\u1edd (ph\u1ee5 thu\u1ed9c ngu\u1ed3n n\u01b0\u1edbc \u0111\u1ea7u v\u00e0o)<\/td>\n<\/tr>\n<tr>\n<td>\u0110i\u1ec7n \u00e1p ngu\u1ed3n v\u00e0o<\/td>\n<td>220V\/50Hz<\/td>\n<\/tr>\n<tr>\n<td>Ti\u00eau chu\u1ea9n \u00e1p d\u1ee5ng<\/td>\n<td width=\"239\">QCVN 4:2009\/BKHCN v\u00e0 s\u1eeda \u0111\u1ed5i 1:2016<\/p>\n<p>QCVN 4:2009\/BKHCN<\/td>\n<\/tr>\n<tr>\n<td>Ti\u00eau chu\u1ea9n s\u1ea3n xu\u1ea5t<\/td>\n<td width=\"239\">TCCS 06:2025\/TAHN<\/td>\n<\/tr>\n<tr>\n<td>H\u1ec7 th\u1ed1ng qu\u1ea3n l\u00fd ch\u1ea5t l\u01b0\u1ee3ng<\/td>\n<td>ISO 9001:2015<\/td>\n<\/tr>\n<tr>\n<td>Th\u00e0nh ph\u1ea7n c\u1ea5u t\u1ea1o ch\u00ednh<\/td>\n<td>L\u00f5i l\u1ecdc v\u00e0 c\u00e1c l\u00f5i l\u1ecdc ch\u1ee9c n\u0103ng<\/td>\n<\/tr>\n<tr>\n<td>K\u00edch th\u01b0\u1edbc t\u1ee7 l\u1ecdc<\/td>\n<td width=\"239\">L320x W400x H997mm<\/td>\n<\/tr>\n<tr>\n<td>Xu\u1ea5t x\u1ee9<\/td>\n<td>Vi\u1ec7t Nam<\/td>\n<\/tr>\n<\/tbody>\n<\/table>\n<p>&nbsp;<\/p>\n","protected":false},"excerpt":{"rendered":"<p>M\u00e1y l\u1ecdc n\u01b0\u1edbc RO Rossi Eleganz C \u2013 S\u1ea3n ph\u1ea9m cao c\u1ea5p c\u1ee7a T\u1eadp \u0111o\u00e0n T\u00e2n \u00c1 \u0110\u1ea1i Th\u00e0nh, v\u1edbi<\/p>\n","protected":false},"featured_media":29178,"comment_status":"open","ping_status":"closed","template":"","meta":[],"region":[259,260],"product_brand":[],"product_cat":[195,416,1138],"product_tag":[],"class_list":{"0":"post-28156","1":"product","2":"type-product","3":"status-publish","4":"has-post-thumbnail","6":"region-mien-bac","7":"region-mien-nam","8":"product_cat-may-loc-nuoc-r-o","9":"product_cat-noi-bat-mln","10":"product_cat-ro-rossi-eleganz","12":"first","13":"instock","14":"sale","15":"shipping-taxable","16":"purchasable","17":"product-type-simple"},"yoast_head":"<!-- This site is optimized with the Yoast SEO plugin v24.6 - https:\/\/yoast.com\/wordpress\/plugins\/seo\/ -->\n<title>M\u00e1y l\u1ecdc n\u01b0\u1edbc RO Rossi Eleganz C 10 l\u00f5i - T\u00e2n \u00c1 \u0110\u1ea1i Th\u00e0nh eShop<\/title>\n<meta name=\"robots\" content=\"index, follow, max-snippet:-1, max-image-preview:large, max-video-preview:-1\" \/>\n<link rel=\"canonical\" href=\"https:\/\/shop.tanadaithanh.vn\/en\/san-pham\/may-loc-nuoc-ro-rossi-eleganz-c-10-loi\/\" \/>\n<meta property=\"og:locale\" content=\"en_US\" \/>\n<meta property=\"og:type\" content=\"article\" \/>\n<meta property=\"og:title\" content=\"M\u00e1y l\u1ecdc n\u01b0\u1edbc RO Rossi Eleganz C 10 l\u00f5i - T\u00e2n \u00c1 \u0110\u1ea1i Th\u00e0nh eShop\" \/>\n<meta property=\"og:description\" content=\"M\u00e1y l\u1ecdc n\u01b0\u1edbc RO Rossi Eleganz C \u2013 S\u1ea3n ph\u1ea9m cao c\u1ea5p c\u1ee7a T\u1eadp \u0111o\u00e0n T\u00e2n \u00c1 \u0110\u1ea1i Th\u00e0nh, v\u1edbi\" \/>\n<meta property=\"og:url\" content=\"https:\/\/shop.tanadaithanh.vn\/en\/san-pham\/may-loc-nuoc-ro-rossi-eleganz-c-10-loi\/\" \/>\n<meta property=\"og:site_name\" content=\"T\u00e2n \u00c1 \u0110\u1ea1i Th\u00e0nh eShop\" \/>\n<meta property=\"article:publisher\" content=\"https:\/\/www.facebook.com\/profile.php?id=61567171139919\" \/>\n<meta property=\"article:modified_time\" content=\"2026-04-24T02:03:00+00:00\" \/>\n<meta property=\"og:image\" content=\"https:\/\/shop.tanadaithanh.vn\/wp-content\/uploads\/2025\/10\/Eleganz-C.png\" \/>\n\t<meta property=\"og:image:width\" content=\"1200\" \/>\n\t<meta property=\"og:image:height\" content=\"1200\" \/>\n\t<meta property=\"og:image:type\" content=\"image\/png\" \/>\n<meta name=\"twitter:card\" content=\"summary_large_image\" \/>\n<meta name=\"twitter:label1\" content=\"Est. reading time\" \/>\n\t<meta name=\"twitter:data1\" content=\"2 minutes\" \/>\n<script type=\"application\/ld+json\" class=\"yoast-schema-graph\">{\"@context\":\"https:\/\/schema.org\",\"@graph\":[{\"@type\":\"WebPage\",\"@id\":\"https:\/\/shop.tanadaithanh.vn\/en\/san-pham\/may-loc-nuoc-ro-rossi-eleganz-c-10-loi\/\",\"url\":\"https:\/\/shop.tanadaithanh.vn\/en\/san-pham\/may-loc-nuoc-ro-rossi-eleganz-c-10-loi\/\",\"name\":\"M\u00e1y l\u1ecdc n\u01b0\u1edbc RO Rossi Eleganz C 10 l\u00f5i - T\u00e2n \u00c1 \u0110\u1ea1i Th\u00e0nh eShop\",\"isPartOf\":{\"@id\":\"https:\/\/shop.tanadaithanh.vn\/en\/#website\"},\"primaryImageOfPage\":{\"@id\":\"https:\/\/shop.tanadaithanh.vn\/en\/san-pham\/may-loc-nuoc-ro-rossi-eleganz-c-10-loi\/#primaryimage\"},\"image\":{\"@id\":\"https:\/\/shop.tanadaithanh.vn\/en\/san-pham\/may-loc-nuoc-ro-rossi-eleganz-c-10-loi\/#primaryimage\"},\"thumbnailUrl\":\"https:\/\/shop.tanadaithanh.vn\/wp-content\/uploads\/2025\/10\/Eleganz-C.png\",\"datePublished\":\"2025-10-16T08:36:04+00:00\",\"dateModified\":\"2026-04-24T02:03:00+00:00\",\"breadcrumb\":{\"@id\":\"https:\/\/shop.tanadaithanh.vn\/en\/san-pham\/may-loc-nuoc-ro-rossi-eleganz-c-10-loi\/#breadcrumb\"},\"inLanguage\":\"en-US\",\"potentialAction\":[{\"@type\":\"ReadAction\",\"target\":[\"https:\/\/shop.tanadaithanh.vn\/en\/san-pham\/may-loc-nuoc-ro-rossi-eleganz-c-10-loi\/\"]}]},{\"@type\":\"ImageObject\",\"inLanguage\":\"en-US\",\"@id\":\"https:\/\/shop.tanadaithanh.vn\/en\/san-pham\/may-loc-nuoc-ro-rossi-eleganz-c-10-loi\/#primaryimage\",\"url\":\"https:\/\/shop.tanadaithanh.vn\/wp-content\/uploads\/2025\/10\/Eleganz-C.png\",\"contentUrl\":\"https:\/\/shop.tanadaithanh.vn\/wp-content\/uploads\/2025\/10\/Eleganz-C.png\",\"width\":1200,\"height\":1200},{\"@type\":\"BreadcrumbList\",\"@id\":\"https:\/\/shop.tanadaithanh.vn\/en\/san-pham\/may-loc-nuoc-ro-rossi-eleganz-c-10-loi\/#breadcrumb\",\"itemListElement\":[{\"@type\":\"ListItem\",\"position\":1,\"name\":\"Trang ch\u1ee7\",\"item\":\"https:\/\/shop.tanadaithanh.vn\/en\/\"},{\"@type\":\"ListItem\",\"position\":2,\"name\":\"Shop\",\"item\":\"https:\/\/shop.tanadaithanh.vn\/cua-hang\/\"},{\"@type\":\"ListItem\",\"position\":3,\"name\":\"M\u00e1y l\u1ecdc n\u01b0\u1edbc RO Rossi Eleganz C 10 l\u00f5i\"}]},{\"@type\":\"WebSite\",\"@id\":\"https:\/\/shop.tanadaithanh.vn\/en\/#website\",\"url\":\"https:\/\/shop.tanadaithanh.vn\/en\/\",\"name\":\"T\u00e2n \u00c1 \u0110\u1ea1i Th\u00e0nh eShop - Trang website b\u00e1n h\u00e0ng ch\u00ednh th\u1ee9c T\u1eadp \u0111o\u00e0n T\u00e2n \u00c1 \u0110\u1ea1i Th\u00e0nh\",\"description\":\"Website b\u00e1n h\u00e0ng tr\u1ef1c tuy\u1ebfn v\u1eadn h\u00e0nh b\u1edfi ch\u00ednh T\u00e2n \u00c1 \u0110\u1ea1i Th\u00e0nh\",\"publisher\":{\"@id\":\"https:\/\/shop.tanadaithanh.vn\/en\/#organization\"},\"potentialAction\":[{\"@type\":\"SearchAction\",\"target\":{\"@type\":\"EntryPoint\",\"urlTemplate\":\"https:\/\/shop.tanadaithanh.vn\/en\/?s={search_term_string}\"},\"query-input\":{\"@type\":\"PropertyValueSpecification\",\"valueRequired\":true,\"valueName\":\"search_term_string\"}}],\"inLanguage\":\"en-US\"},{\"@type\":\"Organization\",\"@id\":\"https:\/\/shop.tanadaithanh.vn\/en\/#organization\",\"name\":\"T\u00e2n \u00c1 \u0110\u1ea1i Th\u00e0nh eShop - Trang website b\u00e1n h\u00e0ng ch\u00ednh th\u1ee9c T\u1eadp \u0111o\u00e0n T\u00e2n \u00c1 \u0110\u1ea1i Th\u00e0nh\",\"url\":\"https:\/\/shop.tanadaithanh.vn\/en\/\",\"logo\":{\"@type\":\"ImageObject\",\"inLanguage\":\"en-US\",\"@id\":\"https:\/\/shop.tanadaithanh.vn\/en\/#\/schema\/logo\/image\/\",\"url\":\"https:\/\/shop.tanadaithanh.vn\/wp-content\/uploads\/2025\/06\/Logo-2.png\",\"contentUrl\":\"https:\/\/shop.tanadaithanh.vn\/wp-content\/uploads\/2025\/06\/Logo-2.png\",\"width\":2000,\"height\":2000,\"caption\":\"T\u00e2n \u00c1 \u0110\u1ea1i Th\u00e0nh eShop - Trang website b\u00e1n h\u00e0ng ch\u00ednh th\u1ee9c T\u1eadp \u0111o\u00e0n T\u00e2n \u00c1 \u0110\u1ea1i Th\u00e0nh\"},\"image\":{\"@id\":\"https:\/\/shop.tanadaithanh.vn\/en\/#\/schema\/logo\/image\/\"},\"sameAs\":[\"https:\/\/www.facebook.com\/profile.php?id=61567171139919\",\"https:\/\/zalo.me\/3915163699004948284\"]}]}<\/script>\n<!-- \/ Yoast SEO plugin. -->","yoast_head_json":{"title":"M\u00e1y l\u1ecdc n\u01b0\u1edbc RO Rossi Eleganz C 10 l\u00f5i - T\u00e2n \u00c1 \u0110\u1ea1i Th\u00e0nh eShop","robots":{"index":"index","follow":"follow","max-snippet":"max-snippet:-1","max-image-preview":"max-image-preview:large","max-video-preview":"max-video-preview:-1"},"canonical":"https:\/\/shop.tanadaithanh.vn\/en\/san-pham\/may-loc-nuoc-ro-rossi-eleganz-c-10-loi\/","og_locale":"en_US","og_type":"article","og_title":"M\u00e1y l\u1ecdc n\u01b0\u1edbc RO Rossi Eleganz C 10 l\u00f5i - T\u00e2n \u00c1 \u0110\u1ea1i Th\u00e0nh eShop","og_description":"M\u00e1y l\u1ecdc n\u01b0\u1edbc RO Rossi Eleganz C \u2013 S\u1ea3n ph\u1ea9m cao c\u1ea5p c\u1ee7a T\u1eadp \u0111o\u00e0n T\u00e2n \u00c1 \u0110\u1ea1i Th\u00e0nh, v\u1edbi","og_url":"https:\/\/shop.tanadaithanh.vn\/en\/san-pham\/may-loc-nuoc-ro-rossi-eleganz-c-10-loi\/","og_site_name":"T\u00e2n \u00c1 \u0110\u1ea1i Th\u00e0nh eShop","article_publisher":"https:\/\/www.facebook.com\/profile.php?id=61567171139919","article_modified_time":"2026-04-24T02:03:00+00:00","og_image":[{"width":1200,"height":1200,"url":"https:\/\/shop.tanadaithanh.vn\/wp-content\/uploads\/2025\/10\/Eleganz-C.png","type":"image\/png"}],"twitter_card":"summary_large_image","twitter_misc":{"Est. reading time":"2 minutes"},"schema":{"@context":"https:\/\/schema.org","@graph":[{"@type":"WebPage","@id":"https:\/\/shop.tanadaithanh.vn\/en\/san-pham\/may-loc-nuoc-ro-rossi-eleganz-c-10-loi\/","url":"https:\/\/shop.tanadaithanh.vn\/en\/san-pham\/may-loc-nuoc-ro-rossi-eleganz-c-10-loi\/","name":"M\u00e1y l\u1ecdc n\u01b0\u1edbc RO Rossi Eleganz C 10 l\u00f5i - T\u00e2n \u00c1 \u0110\u1ea1i Th\u00e0nh eShop","isPartOf":{"@id":"https:\/\/shop.tanadaithanh.vn\/en\/#website"},"primaryImageOfPage":{"@id":"https:\/\/shop.tanadaithanh.vn\/en\/san-pham\/may-loc-nuoc-ro-rossi-eleganz-c-10-loi\/#primaryimage"},"image":{"@id":"https:\/\/shop.tanadaithanh.vn\/en\/san-pham\/may-loc-nuoc-ro-rossi-eleganz-c-10-loi\/#primaryimage"},"thumbnailUrl":"https:\/\/shop.tanadaithanh.vn\/wp-content\/uploads\/2025\/10\/Eleganz-C.png","datePublished":"2025-10-16T08:36:04+00:00","dateModified":"2026-04-24T02:03:00+00:00","breadcrumb":{"@id":"https:\/\/shop.tanadaithanh.vn\/en\/san-pham\/may-loc-nuoc-ro-rossi-eleganz-c-10-loi\/#breadcrumb"},"inLanguage":"en-US","potentialAction":[{"@type":"ReadAction","target":["https:\/\/shop.tanadaithanh.vn\/en\/san-pham\/may-loc-nuoc-ro-rossi-eleganz-c-10-loi\/"]}]},{"@type":"ImageObject","inLanguage":"en-US","@id":"https:\/\/shop.tanadaithanh.vn\/en\/san-pham\/may-loc-nuoc-ro-rossi-eleganz-c-10-loi\/#primaryimage","url":"https:\/\/shop.tanadaithanh.vn\/wp-content\/uploads\/2025\/10\/Eleganz-C.png","contentUrl":"https:\/\/shop.tanadaithanh.vn\/wp-content\/uploads\/2025\/10\/Eleganz-C.png","width":1200,"height":1200},{"@type":"BreadcrumbList","@id":"https:\/\/shop.tanadaithanh.vn\/en\/san-pham\/may-loc-nuoc-ro-rossi-eleganz-c-10-loi\/#breadcrumb","itemListElement":[{"@type":"ListItem","position":1,"name":"Trang ch\u1ee7","item":"https:\/\/shop.tanadaithanh.vn\/en\/"},{"@type":"ListItem","position":2,"name":"Shop","item":"https:\/\/shop.tanadaithanh.vn\/cua-hang\/"},{"@type":"ListItem","position":3,"name":"M\u00e1y l\u1ecdc n\u01b0\u1edbc RO Rossi Eleganz C 10 l\u00f5i"}]},{"@type":"WebSite","@id":"https:\/\/shop.tanadaithanh.vn\/en\/#website","url":"https:\/\/shop.tanadaithanh.vn\/en\/","name":"T\u00e2n \u00c1 \u0110\u1ea1i Th\u00e0nh eShop - Trang website b\u00e1n h\u00e0ng ch\u00ednh th\u1ee9c T\u1eadp \u0111o\u00e0n T\u00e2n \u00c1 \u0110\u1ea1i Th\u00e0nh","description":"Website b\u00e1n h\u00e0ng tr\u1ef1c tuy\u1ebfn v\u1eadn h\u00e0nh b\u1edfi ch\u00ednh T\u00e2n \u00c1 \u0110\u1ea1i Th\u00e0nh","publisher":{"@id":"https:\/\/shop.tanadaithanh.vn\/en\/#organization"},"potentialAction":[{"@type":"SearchAction","target":{"@type":"EntryPoint","urlTemplate":"https:\/\/shop.tanadaithanh.vn\/en\/?s={search_term_string}"},"query-input":{"@type":"PropertyValueSpecification","valueRequired":true,"valueName":"search_term_string"}}],"inLanguage":"en-US"},{"@type":"Organization","@id":"https:\/\/shop.tanadaithanh.vn\/en\/#organization","name":"T\u00e2n \u00c1 \u0110\u1ea1i Th\u00e0nh eShop - Trang website b\u00e1n h\u00e0ng ch\u00ednh th\u1ee9c T\u1eadp \u0111o\u00e0n T\u00e2n \u00c1 \u0110\u1ea1i Th\u00e0nh","url":"https:\/\/shop.tanadaithanh.vn\/en\/","logo":{"@type":"ImageObject","inLanguage":"en-US","@id":"https:\/\/shop.tanadaithanh.vn\/en\/#\/schema\/logo\/image\/","url":"https:\/\/shop.tanadaithanh.vn\/wp-content\/uploads\/2025\/06\/Logo-2.png","contentUrl":"https:\/\/shop.tanadaithanh.vn\/wp-content\/uploads\/2025\/06\/Logo-2.png","width":2000,"height":2000,"caption":"T\u00e2n \u00c1 \u0110\u1ea1i Th\u00e0nh eShop - Trang website b\u00e1n h\u00e0ng ch\u00ednh th\u1ee9c T\u1eadp \u0111o\u00e0n T\u00e2n \u00c1 \u0110\u1ea1i Th\u00e0nh"},"image":{"@id":"https:\/\/shop.tanadaithanh.vn\/en\/#\/schema\/logo\/image\/"},"sameAs":["https:\/\/www.facebook.com\/profile.php?id=61567171139919","https:\/\/zalo.me\/3915163699004948284"]}]}},"_links":{"self":[{"href":"https:\/\/shop.tanadaithanh.vn\/en\/wp-json\/wp\/v2\/product\/28156","targetHints":{"allow":["GET"]}}],"collection":[{"href":"https:\/\/shop.tanadaithanh.vn\/en\/wp-json\/wp\/v2\/product"}],"about":[{"href":"https:\/\/shop.tanadaithanh.vn\/en\/wp-json\/wp\/v2\/types\/product"}],"replies":[{"embeddable":true,"href":"https:\/\/shop.tanadaithanh.vn\/en\/wp-json\/wp\/v2\/comments?post=28156"}],"version-history":[{"count":3,"href":"https:\/\/shop.tanadaithanh.vn\/en\/wp-json\/wp\/v2\/product\/28156\/revisions"}],"predecessor-version":[{"id":30135,"href":"https:\/\/shop.tanadaithanh.vn\/en\/wp-json\/wp\/v2\/product\/28156\/revisions\/30135"}],"wp:featuredmedia":[{"embeddable":true,"href":"https:\/\/shop.tanadaithanh.vn\/en\/wp-json\/wp\/v2\/media\/29178"}],"wp:attachment":[{"href":"https:\/\/shop.tanadaithanh.vn\/en\/wp-json\/wp\/v2\/media?parent=28156"}],"wp:term":[{"taxonomy":"region","embeddable":true,"href":"https:\/\/shop.tanadaithanh.vn\/en\/wp-json\/wp\/v2\/region?post=28156"},{"taxonomy":"product_brand","embeddable":true,"href":"https:\/\/shop.tanadaithanh.vn\/en\/wp-json\/wp\/v2\/product_brand?post=28156"},{"taxonomy":"product_cat","embeddable":true,"href":"https:\/\/shop.tanadaithanh.vn\/en\/wp-json\/wp\/v2\/product_cat?post=28156"},{"taxonomy":"product_tag","embeddable":true,"href":"https:\/\/shop.tanadaithanh.vn\/en\/wp-json\/wp\/v2\/product_tag?post=28156"}],"curies":[{"name":"wp","href":"https:\/\/api.w.org\/{rel}","templated":true}]}}