{"id":27056,"date":"2025-08-28T14:15:22","date_gmt":"2025-08-28T07:15:22","guid":{"rendered":"https:\/\/shop.tanadaithanh.vn\/?post_type=product&#038;p=27056"},"modified":"2026-04-17T11:13:53","modified_gmt":"2026-04-17T04:13:53","slug":"combo-an-cu-chau-don-inox-wonang-wkj08551-co-ho-phu-bep-tu-cc01","status":"publish","type":"product","link":"https:\/\/shop.tanadaithanh.vn\/en\/san-pham\/combo-an-cu-chau-don-inox-wonang-wkj08551-co-ho-phu-bep-tu-cc01\/","title":{"rendered":"COMBO AN C\u01af: Ch\u1eadu \u0111\u01a1n inox WONANG WKJ08551 (C\u00d3 H\u1ed0 PH\u1ee4) + B\u1ebeP T\u1eea CC01"},"content":{"rendered":"<h3 data-start=\"120\" data-end=\"180\"><strong data-start=\"124\" data-end=\"178\">Combo An C\u01b0 03 \u2013 Gi\u1ea3i ph\u00e1p ti\u1ec7n nghi cho c\u0103n b\u1ebfp Vi\u1ec7t<\/strong><\/h3>\n<p data-start=\"181\" data-end=\"360\">Combo <strong data-start=\"187\" data-end=\"196\">An C\u01b0<\/strong> l\u00e0 s\u1ef1 k\u1ebft h\u1ee3p ho\u00e0n h\u1ea3o gi\u1eefa <strong data-start=\"225\" data-end=\"257\">ch\u1eadu \u0111\u01a1n inox Wonang cao c\u1ea5p<\/strong> v\u00e0 <strong data-start=\"261\" data-end=\"285\">b\u1ebfp t\u1eeb CC01 hi\u1ec7n \u0111\u1ea1i<\/strong>, mang \u0111\u1ebfn kh\u00f4ng gian b\u1ebfp ti\u1ec7n nghi, th\u1ea9m m\u1ef9 v\u00e0 an to\u00e0n cho m\u1ecdi gia \u0111\u00ecnh.<\/p>\n<h2 data-start=\"181\" data-end=\"360\"><strong data-start=\"364\" data-end=\"388\">Ch\u1eadu \u0111\u01a1n inox Wonang (C\u00f3 h\u1ed1 ph\u1ee5)<\/strong><\/h2>\n<ul>\n<li><strong>Ch\u1ea5t li\u1ec7u th\u00e9p kh\u00f4ng g\u1ec9 POSCO 304 nguy\u00ean kh\u1ed1i :\u00a0<\/strong>Ch\u1ed1ng oxy h\u00f3a v\u00e0 \u0103n m\u00f2n c\u1ef1c t\u1ed1t, kh\u00f4ng nhi\u1ec5m t\u1eeb, an to\u00e0n tuy\u1ec7t \u0111\u1ed1i khi ti\u1ebfp x\u00fac v\u1edbi th\u1ef1c ph\u1ea9m, \u0111\u1ea1t ti\u00eau chu\u1ea9n d\u00f9ng trong thi\u1ebft b\u1ecb y t\u1ebf v\u00e0 th\u1ef1c ph\u1ea9m, tu\u1ed5i th\u1ecd v\u01b0\u1ee3t tr\u1ed9i.<\/li>\n<li><strong>B\u1ed9 tho\u00e1t n\u01b0\u1edbc l\u1edbn:\u00a0<\/strong>H\u1ea1n ch\u1ebf t\u1ed1i \u0111a \u0111\u1ecdng n\u01b0\u1edbc, ng\u0103n ng\u1eeba t\u1eafc ngh\u1ebdn, gi\u1eef ch\u1eadu s\u1ea1ch s\u1ebd.<\/li>\n<li><strong>C\u00f4ng ngh\u1ec7 ch\u1ed1ng \u1ed3n k\u00e9p AL-Pad &amp; PE-Pad:\u00a0<\/strong>Gi\u1ea3m \u00e2m t\u1ed1i \u0111a khi x\u1ea3 n\u01b0\u1edbc ho\u1eb7c va ch\u1ea1m xoong n\u1ed3i, h\u1ea1n ch\u1ebf ng\u01b0ng t\u1ee5 h\u01a1i n\u01b0\u1edbc \u1edf \u0111\u00e1y ch\u1eadu, gi\u1eef khu v\u1ef1c t\u1ee7 b\u1ebfp lu\u00f4n kh\u00f4 r\u00e1o, s\u1ea1ch s\u1ebd.<\/li>\n<li>T\u00edch h\u1ee3p ph\u1ee5 ki\u1ec7n th\u00f4ng minh: H\u1ed1 ph\u1ee5 v\u00e0 b\u1ed9 gi\u00e1 inox \u0111\u1ec3 \u0111\u1ed3 gi\u00fap thao t\u00e1c tr\u00ean b\u1ebfp linh ho\u1ea1t h\u01a1n.<\/li>\n<li><strong>B\u1ea3o h\u00e0nh ch\u00ednh h\u00e3ng:<\/strong> 5 n\u0103m<\/li>\n<\/ul>\n<h2 data-start=\"585\" data-end=\"603\"><strong data-start=\"585\" data-end=\"600\">B\u1ebfp t\u1eeb \u0111\u01a1n Rossi CC01<\/strong><\/h2>\n<ul>\n<li><strong>M\u1eb7t k\u00ednh Ceramic cao c\u1ea5p:<\/strong> Ch\u1ecbu l\u1ef1c v\u00e0 ch\u1ecbu nhi\u1ec7t t\u1ed1t.<\/li>\n<li><strong>\u0110i\u1ec1u khi\u1ec3n c\u1ea3m \u1ee9ng, m\u00e0n h\u00ecnh LED r\u00f5 n\u00e9t:<\/strong> Thao t\u00e1c d\u1ec5 d\u00e0ng.<\/li>\n<li><strong>8 m\u1ee9c c\u00f4ng su\u1ea5t\/nhi\u1ec7t \u0111\u1ed9:<\/strong> Ph\u00f9 h\u1ee3p cho nhi\u1ec1u m\u00f3n n\u1ea5u kh\u00e1c nhau.<\/li>\n<li><strong>Ch\u1ee9c n\u0103ng h\u1eb9n gi\u1edd, kh\u00f3a tr\u1ebb em v\u00e0 t\u1ef1 ng\u1eaft sau 2 gi\u1edd:<\/strong> \u0110\u1ea3m b\u1ea3o an to\u00e0n khi s\u1eed d\u1ee5ng.<\/li>\n<li><strong>Thi\u1ebft k\u1ebf nh\u1ecf g\u1ecdn:<\/strong> Ph\u00f9 h\u1ee3p v\u1edbi b\u1ebfp tr\u1ecd, b\u1ebfp ph\u1ee5 ho\u1eb7c mang theo khi c\u1ea7n.<\/li>\n<li><strong>B\u1ea3o h\u00e0nh ch\u00ednh h\u00e3ng:<\/strong> 24 th\u00e1ng<\/li>\n<\/ul>\n<p data-start=\"824\" data-end=\"1021\">V\u1edbi <strong data-start=\"831\" data-end=\"846\">Combo An C\u01b0<\/strong>, T\u00e2n \u00c1 \u0110\u1ea1i Th\u00e0nh mang \u0111\u1ebfn cho gia \u0111\u00ecnh b\u1ea1n m\u1ed9t gi\u1ea3i ph\u00e1p b\u1ebfp <strong data-start=\"908\" data-end=\"940\">hi\u1ec7n \u0111\u1ea1i \u2013 b\u1ec1n b\u1ec9 \u2013 ti\u1ec7n l\u1ee3i<\/strong>, gi\u00fap vi\u1ec7c n\u1ea5u n\u01b0\u1edbng tr\u1edf n\u00ean <strong data-start=\"970\" data-end=\"1005\">an to\u00e0n, ti\u1ebft ki\u1ec7m v\u00e0 tho\u1ea3i m\u00e1i<\/strong> h\u01a1n m\u1ed7i ng\u00e0y.<\/p>\n","protected":false},"excerpt":{"rendered":"<p><strong data-start=\"831\" data-end=\"846\">Combo An C\u01b0<\/strong>, T\u00e2n \u00c1 \u0110\u1ea1i Th\u00e0nh mang \u0111\u1ebfn cho gia \u0111\u00ecnh b\u1ea1n m\u1ed9t gi\u1ea3i ph\u00e1p b\u1ebfp <strong data-start=\"908\" data-end=\"940\">hi\u1ec7n \u0111\u1ea1i \u2013 b\u1ec1n b\u1ec9 \u2013 ti\u1ec7n l\u1ee3i<\/strong>, gi\u00fap vi\u1ec7c n\u1ea5u n\u01b0\u1edbng tr\u1edf n\u00ean <strong data-start=\"970\" data-end=\"1005\">an to\u00e0n, ti\u1ebft ki\u1ec7m v\u00e0 tho\u1ea3i m\u00e1i<\/strong> h\u01a1n m\u1ed7i ng\u00e0y.<\/p>\n","protected":false},"featured_media":32618,"comment_status":"open","ping_status":"closed","template":"","meta":[],"region":[259],"product_brand":[],"product_cat":[685],"product_tag":[],"class_list":{"0":"post-27056","1":"product","2":"type-product","3":"status-publish","4":"has-post-thumbnail","6":"region-mien-bac","7":"product_cat-combo","9":"first","10":"instock","11":"sale","12":"sold-individually","13":"purchasable","14":"product-type-simple"},"yoast_head":"<!-- This site is optimized with the Yoast SEO plugin v24.6 - https:\/\/yoast.com\/wordpress\/plugins\/seo\/ -->\n<title>COMBO AN C\u01af: Ch\u1eadu \u0111\u01a1n inox WONANG WKJ08551 (C\u00d3 H\u1ed0 PH\u1ee4) + B\u1ebeP T\u1eea CC01 - T\u00e2n \u00c1 \u0110\u1ea1i Th\u00e0nh eShop<\/title>\n<meta name=\"robots\" content=\"index, follow, max-snippet:-1, max-image-preview:large, max-video-preview:-1\" \/>\n<link rel=\"canonical\" href=\"https:\/\/shop.tanadaithanh.vn\/en\/san-pham\/combo-an-cu-chau-don-inox-wonang-wkj08551-co-ho-phu-bep-tu-cc01\/\" \/>\n<meta property=\"og:locale\" content=\"en_US\" \/>\n<meta property=\"og:type\" content=\"article\" \/>\n<meta property=\"og:title\" content=\"COMBO AN C\u01af: Ch\u1eadu \u0111\u01a1n inox WONANG WKJ08551 (C\u00d3 H\u1ed0 PH\u1ee4) + B\u1ebeP T\u1eea CC01 - T\u00e2n \u00c1 \u0110\u1ea1i Th\u00e0nh eShop\" \/>\n<meta property=\"og:description\" content=\"Combo An C\u01b0, T\u00e2n \u00c1 \u0110\u1ea1i Th\u00e0nh mang \u0111\u1ebfn cho gia \u0111\u00ecnh b\u1ea1n m\u1ed9t gi\u1ea3i ph\u00e1p b\u1ebfp hi\u1ec7n \u0111\u1ea1i \u2013 b\u1ec1n b\u1ec9 \u2013 ti\u1ec7n l\u1ee3i, gi\u00fap vi\u1ec7c n\u1ea5u n\u01b0\u1edbng tr\u1edf n\u00ean an to\u00e0n, ti\u1ebft ki\u1ec7m v\u00e0 tho\u1ea3i m\u00e1i h\u01a1n m\u1ed7i ng\u00e0y.\" \/>\n<meta property=\"og:url\" content=\"https:\/\/shop.tanadaithanh.vn\/en\/san-pham\/combo-an-cu-chau-don-inox-wonang-wkj08551-co-ho-phu-bep-tu-cc01\/\" \/>\n<meta property=\"og:site_name\" content=\"T\u00e2n \u00c1 \u0110\u1ea1i Th\u00e0nh eShop\" \/>\n<meta property=\"article:publisher\" content=\"https:\/\/www.facebook.com\/profile.php?id=61567171139919\" \/>\n<meta property=\"article:modified_time\" content=\"2026-04-17T04:13:53+00:00\" \/>\n<meta property=\"og:image\" content=\"https:\/\/shop.tanadaithanh.vn\/wp-content\/uploads\/2025\/08\/AC3-1024x1024.png\" \/>\n\t<meta property=\"og:image:width\" content=\"1024\" \/>\n\t<meta property=\"og:image:height\" content=\"1024\" \/>\n\t<meta property=\"og:image:type\" content=\"image\/png\" \/>\n<meta name=\"twitter:card\" content=\"summary_large_image\" \/>\n<meta name=\"twitter:label1\" content=\"Est. reading time\" \/>\n\t<meta name=\"twitter:data1\" content=\"2 minutes\" \/>\n<script type=\"application\/ld+json\" class=\"yoast-schema-graph\">{\"@context\":\"https:\/\/schema.org\",\"@graph\":[{\"@type\":\"WebPage\",\"@id\":\"https:\/\/shop.tanadaithanh.vn\/en\/san-pham\/combo-an-cu-chau-don-inox-wonang-wkj08551-co-ho-phu-bep-tu-cc01\/\",\"url\":\"https:\/\/shop.tanadaithanh.vn\/en\/san-pham\/combo-an-cu-chau-don-inox-wonang-wkj08551-co-ho-phu-bep-tu-cc01\/\",\"name\":\"COMBO AN C\u01af: Ch\u1eadu \u0111\u01a1n inox WONANG WKJ08551 (C\u00d3 H\u1ed0 PH\u1ee4) + B\u1ebeP T\u1eea CC01 - T\u00e2n \u00c1 \u0110\u1ea1i Th\u00e0nh eShop\",\"isPartOf\":{\"@id\":\"https:\/\/shop.tanadaithanh.vn\/en\/#website\"},\"primaryImageOfPage\":{\"@id\":\"https:\/\/shop.tanadaithanh.vn\/en\/san-pham\/combo-an-cu-chau-don-inox-wonang-wkj08551-co-ho-phu-bep-tu-cc01\/#primaryimage\"},\"image\":{\"@id\":\"https:\/\/shop.tanadaithanh.vn\/en\/san-pham\/combo-an-cu-chau-don-inox-wonang-wkj08551-co-ho-phu-bep-tu-cc01\/#primaryimage\"},\"thumbnailUrl\":\"https:\/\/shop.tanadaithanh.vn\/wp-content\/uploads\/2025\/08\/AC3.png\",\"datePublished\":\"2025-08-28T07:15:22+00:00\",\"dateModified\":\"2026-04-17T04:13:53+00:00\",\"breadcrumb\":{\"@id\":\"https:\/\/shop.tanadaithanh.vn\/en\/san-pham\/combo-an-cu-chau-don-inox-wonang-wkj08551-co-ho-phu-bep-tu-cc01\/#breadcrumb\"},\"inLanguage\":\"en-US\",\"potentialAction\":[{\"@type\":\"ReadAction\",\"target\":[\"https:\/\/shop.tanadaithanh.vn\/en\/san-pham\/combo-an-cu-chau-don-inox-wonang-wkj08551-co-ho-phu-bep-tu-cc01\/\"]}]},{\"@type\":\"ImageObject\",\"inLanguage\":\"en-US\",\"@id\":\"https:\/\/shop.tanadaithanh.vn\/en\/san-pham\/combo-an-cu-chau-don-inox-wonang-wkj08551-co-ho-phu-bep-tu-cc01\/#primaryimage\",\"url\":\"https:\/\/shop.tanadaithanh.vn\/wp-content\/uploads\/2025\/08\/AC3.png\",\"contentUrl\":\"https:\/\/shop.tanadaithanh.vn\/wp-content\/uploads\/2025\/08\/AC3.png\",\"width\":2000,\"height\":2000},{\"@type\":\"BreadcrumbList\",\"@id\":\"https:\/\/shop.tanadaithanh.vn\/en\/san-pham\/combo-an-cu-chau-don-inox-wonang-wkj08551-co-ho-phu-bep-tu-cc01\/#breadcrumb\",\"itemListElement\":[{\"@type\":\"ListItem\",\"position\":1,\"name\":\"Trang ch\u1ee7\",\"item\":\"https:\/\/shop.tanadaithanh.vn\/en\/\"},{\"@type\":\"ListItem\",\"position\":2,\"name\":\"Shop\",\"item\":\"https:\/\/shop.tanadaithanh.vn\/cua-hang\/\"},{\"@type\":\"ListItem\",\"position\":3,\"name\":\"COMBO AN C\u01af: Ch\u1eadu \u0111\u01a1n inox WONANG WKJ08551 (C\u00d3 H\u1ed0 PH\u1ee4) + B\u1ebeP T\u1eea CC01\"}]},{\"@type\":\"WebSite\",\"@id\":\"https:\/\/shop.tanadaithanh.vn\/en\/#website\",\"url\":\"https:\/\/shop.tanadaithanh.vn\/en\/\",\"name\":\"T\u00e2n \u00c1 \u0110\u1ea1i Th\u00e0nh eShop - Trang website b\u00e1n h\u00e0ng ch\u00ednh th\u1ee9c T\u1eadp \u0111o\u00e0n T\u00e2n \u00c1 \u0110\u1ea1i Th\u00e0nh\",\"description\":\"Website b\u00e1n h\u00e0ng tr\u1ef1c tuy\u1ebfn v\u1eadn h\u00e0nh b\u1edfi ch\u00ednh T\u00e2n \u00c1 \u0110\u1ea1i Th\u00e0nh\",\"publisher\":{\"@id\":\"https:\/\/shop.tanadaithanh.vn\/en\/#organization\"},\"potentialAction\":[{\"@type\":\"SearchAction\",\"target\":{\"@type\":\"EntryPoint\",\"urlTemplate\":\"https:\/\/shop.tanadaithanh.vn\/en\/?s={search_term_string}\"},\"query-input\":{\"@type\":\"PropertyValueSpecification\",\"valueRequired\":true,\"valueName\":\"search_term_string\"}}],\"inLanguage\":\"en-US\"},{\"@type\":\"Organization\",\"@id\":\"https:\/\/shop.tanadaithanh.vn\/en\/#organization\",\"name\":\"T\u00e2n \u00c1 \u0110\u1ea1i Th\u00e0nh eShop - Trang website b\u00e1n h\u00e0ng ch\u00ednh th\u1ee9c T\u1eadp \u0111o\u00e0n T\u00e2n \u00c1 \u0110\u1ea1i Th\u00e0nh\",\"url\":\"https:\/\/shop.tanadaithanh.vn\/en\/\",\"logo\":{\"@type\":\"ImageObject\",\"inLanguage\":\"en-US\",\"@id\":\"https:\/\/shop.tanadaithanh.vn\/en\/#\/schema\/logo\/image\/\",\"url\":\"https:\/\/shop.tanadaithanh.vn\/wp-content\/uploads\/2025\/06\/Logo-2.png\",\"contentUrl\":\"https:\/\/shop.tanadaithanh.vn\/wp-content\/uploads\/2025\/06\/Logo-2.png\",\"width\":2000,\"height\":2000,\"caption\":\"T\u00e2n \u00c1 \u0110\u1ea1i Th\u00e0nh eShop - Trang website b\u00e1n h\u00e0ng ch\u00ednh th\u1ee9c T\u1eadp \u0111o\u00e0n T\u00e2n \u00c1 \u0110\u1ea1i Th\u00e0nh\"},\"image\":{\"@id\":\"https:\/\/shop.tanadaithanh.vn\/en\/#\/schema\/logo\/image\/\"},\"sameAs\":[\"https:\/\/www.facebook.com\/profile.php?id=61567171139919\",\"https:\/\/zalo.me\/3915163699004948284\"]}]}<\/script>\n<!-- \/ Yoast SEO plugin. -->","yoast_head_json":{"title":"COMBO AN C\u01af: Ch\u1eadu \u0111\u01a1n inox WONANG WKJ08551 (C\u00d3 H\u1ed0 PH\u1ee4) + B\u1ebeP T\u1eea CC01 - T\u00e2n \u00c1 \u0110\u1ea1i Th\u00e0nh eShop","robots":{"index":"index","follow":"follow","max-snippet":"max-snippet:-1","max-image-preview":"max-image-preview:large","max-video-preview":"max-video-preview:-1"},"canonical":"https:\/\/shop.tanadaithanh.vn\/en\/san-pham\/combo-an-cu-chau-don-inox-wonang-wkj08551-co-ho-phu-bep-tu-cc01\/","og_locale":"en_US","og_type":"article","og_title":"COMBO AN C\u01af: Ch\u1eadu \u0111\u01a1n inox WONANG WKJ08551 (C\u00d3 H\u1ed0 PH\u1ee4) + B\u1ebeP T\u1eea CC01 - T\u00e2n \u00c1 \u0110\u1ea1i Th\u00e0nh eShop","og_description":"Combo An C\u01b0, T\u00e2n \u00c1 \u0110\u1ea1i Th\u00e0nh mang \u0111\u1ebfn cho gia \u0111\u00ecnh b\u1ea1n m\u1ed9t gi\u1ea3i ph\u00e1p b\u1ebfp hi\u1ec7n \u0111\u1ea1i \u2013 b\u1ec1n b\u1ec9 \u2013 ti\u1ec7n l\u1ee3i, gi\u00fap vi\u1ec7c n\u1ea5u n\u01b0\u1edbng tr\u1edf n\u00ean an to\u00e0n, ti\u1ebft ki\u1ec7m v\u00e0 tho\u1ea3i m\u00e1i h\u01a1n m\u1ed7i ng\u00e0y.","og_url":"https:\/\/shop.tanadaithanh.vn\/en\/san-pham\/combo-an-cu-chau-don-inox-wonang-wkj08551-co-ho-phu-bep-tu-cc01\/","og_site_name":"T\u00e2n \u00c1 \u0110\u1ea1i Th\u00e0nh eShop","article_publisher":"https:\/\/www.facebook.com\/profile.php?id=61567171139919","article_modified_time":"2026-04-17T04:13:53+00:00","og_image":[{"width":1024,"height":1024,"url":"https:\/\/shop.tanadaithanh.vn\/wp-content\/uploads\/2025\/08\/AC3-1024x1024.png","type":"image\/png"}],"twitter_card":"summary_large_image","twitter_misc":{"Est. reading time":"2 minutes"},"schema":{"@context":"https:\/\/schema.org","@graph":[{"@type":"WebPage","@id":"https:\/\/shop.tanadaithanh.vn\/en\/san-pham\/combo-an-cu-chau-don-inox-wonang-wkj08551-co-ho-phu-bep-tu-cc01\/","url":"https:\/\/shop.tanadaithanh.vn\/en\/san-pham\/combo-an-cu-chau-don-inox-wonang-wkj08551-co-ho-phu-bep-tu-cc01\/","name":"COMBO AN C\u01af: Ch\u1eadu \u0111\u01a1n inox WONANG WKJ08551 (C\u00d3 H\u1ed0 PH\u1ee4) + B\u1ebeP T\u1eea CC01 - T\u00e2n \u00c1 \u0110\u1ea1i Th\u00e0nh eShop","isPartOf":{"@id":"https:\/\/shop.tanadaithanh.vn\/en\/#website"},"primaryImageOfPage":{"@id":"https:\/\/shop.tanadaithanh.vn\/en\/san-pham\/combo-an-cu-chau-don-inox-wonang-wkj08551-co-ho-phu-bep-tu-cc01\/#primaryimage"},"image":{"@id":"https:\/\/shop.tanadaithanh.vn\/en\/san-pham\/combo-an-cu-chau-don-inox-wonang-wkj08551-co-ho-phu-bep-tu-cc01\/#primaryimage"},"thumbnailUrl":"https:\/\/shop.tanadaithanh.vn\/wp-content\/uploads\/2025\/08\/AC3.png","datePublished":"2025-08-28T07:15:22+00:00","dateModified":"2026-04-17T04:13:53+00:00","breadcrumb":{"@id":"https:\/\/shop.tanadaithanh.vn\/en\/san-pham\/combo-an-cu-chau-don-inox-wonang-wkj08551-co-ho-phu-bep-tu-cc01\/#breadcrumb"},"inLanguage":"en-US","potentialAction":[{"@type":"ReadAction","target":["https:\/\/shop.tanadaithanh.vn\/en\/san-pham\/combo-an-cu-chau-don-inox-wonang-wkj08551-co-ho-phu-bep-tu-cc01\/"]}]},{"@type":"ImageObject","inLanguage":"en-US","@id":"https:\/\/shop.tanadaithanh.vn\/en\/san-pham\/combo-an-cu-chau-don-inox-wonang-wkj08551-co-ho-phu-bep-tu-cc01\/#primaryimage","url":"https:\/\/shop.tanadaithanh.vn\/wp-content\/uploads\/2025\/08\/AC3.png","contentUrl":"https:\/\/shop.tanadaithanh.vn\/wp-content\/uploads\/2025\/08\/AC3.png","width":2000,"height":2000},{"@type":"BreadcrumbList","@id":"https:\/\/shop.tanadaithanh.vn\/en\/san-pham\/combo-an-cu-chau-don-inox-wonang-wkj08551-co-ho-phu-bep-tu-cc01\/#breadcrumb","itemListElement":[{"@type":"ListItem","position":1,"name":"Trang ch\u1ee7","item":"https:\/\/shop.tanadaithanh.vn\/en\/"},{"@type":"ListItem","position":2,"name":"Shop","item":"https:\/\/shop.tanadaithanh.vn\/cua-hang\/"},{"@type":"ListItem","position":3,"name":"COMBO AN C\u01af: Ch\u1eadu \u0111\u01a1n inox WONANG WKJ08551 (C\u00d3 H\u1ed0 PH\u1ee4) + B\u1ebeP T\u1eea CC01"}]},{"@type":"WebSite","@id":"https:\/\/shop.tanadaithanh.vn\/en\/#website","url":"https:\/\/shop.tanadaithanh.vn\/en\/","name":"T\u00e2n \u00c1 \u0110\u1ea1i Th\u00e0nh eShop - Trang website b\u00e1n h\u00e0ng ch\u00ednh th\u1ee9c T\u1eadp \u0111o\u00e0n T\u00e2n \u00c1 \u0110\u1ea1i Th\u00e0nh","description":"Website b\u00e1n h\u00e0ng tr\u1ef1c tuy\u1ebfn v\u1eadn h\u00e0nh b\u1edfi ch\u00ednh T\u00e2n \u00c1 \u0110\u1ea1i Th\u00e0nh","publisher":{"@id":"https:\/\/shop.tanadaithanh.vn\/en\/#organization"},"potentialAction":[{"@type":"SearchAction","target":{"@type":"EntryPoint","urlTemplate":"https:\/\/shop.tanadaithanh.vn\/en\/?s={search_term_string}"},"query-input":{"@type":"PropertyValueSpecification","valueRequired":true,"valueName":"search_term_string"}}],"inLanguage":"en-US"},{"@type":"Organization","@id":"https:\/\/shop.tanadaithanh.vn\/en\/#organization","name":"T\u00e2n \u00c1 \u0110\u1ea1i Th\u00e0nh eShop - Trang website b\u00e1n h\u00e0ng ch\u00ednh th\u1ee9c T\u1eadp \u0111o\u00e0n T\u00e2n \u00c1 \u0110\u1ea1i Th\u00e0nh","url":"https:\/\/shop.tanadaithanh.vn\/en\/","logo":{"@type":"ImageObject","inLanguage":"en-US","@id":"https:\/\/shop.tanadaithanh.vn\/en\/#\/schema\/logo\/image\/","url":"https:\/\/shop.tanadaithanh.vn\/wp-content\/uploads\/2025\/06\/Logo-2.png","contentUrl":"https:\/\/shop.tanadaithanh.vn\/wp-content\/uploads\/2025\/06\/Logo-2.png","width":2000,"height":2000,"caption":"T\u00e2n \u00c1 \u0110\u1ea1i Th\u00e0nh eShop - Trang website b\u00e1n h\u00e0ng ch\u00ednh th\u1ee9c T\u1eadp \u0111o\u00e0n T\u00e2n \u00c1 \u0110\u1ea1i Th\u00e0nh"},"image":{"@id":"https:\/\/shop.tanadaithanh.vn\/en\/#\/schema\/logo\/image\/"},"sameAs":["https:\/\/www.facebook.com\/profile.php?id=61567171139919","https:\/\/zalo.me\/3915163699004948284"]}]}},"_links":{"self":[{"href":"https:\/\/shop.tanadaithanh.vn\/en\/wp-json\/wp\/v2\/product\/27056","targetHints":{"allow":["GET"]}}],"collection":[{"href":"https:\/\/shop.tanadaithanh.vn\/en\/wp-json\/wp\/v2\/product"}],"about":[{"href":"https:\/\/shop.tanadaithanh.vn\/en\/wp-json\/wp\/v2\/types\/product"}],"replies":[{"embeddable":true,"href":"https:\/\/shop.tanadaithanh.vn\/en\/wp-json\/wp\/v2\/comments?post=27056"}],"version-history":[{"count":5,"href":"https:\/\/shop.tanadaithanh.vn\/en\/wp-json\/wp\/v2\/product\/27056\/revisions"}],"predecessor-version":[{"id":31803,"href":"https:\/\/shop.tanadaithanh.vn\/en\/wp-json\/wp\/v2\/product\/27056\/revisions\/31803"}],"wp:featuredmedia":[{"embeddable":true,"href":"https:\/\/shop.tanadaithanh.vn\/en\/wp-json\/wp\/v2\/media\/32618"}],"wp:attachment":[{"href":"https:\/\/shop.tanadaithanh.vn\/en\/wp-json\/wp\/v2\/media?parent=27056"}],"wp:term":[{"taxonomy":"region","embeddable":true,"href":"https:\/\/shop.tanadaithanh.vn\/en\/wp-json\/wp\/v2\/region?post=27056"},{"taxonomy":"product_brand","embeddable":true,"href":"https:\/\/shop.tanadaithanh.vn\/en\/wp-json\/wp\/v2\/product_brand?post=27056"},{"taxonomy":"product_cat","embeddable":true,"href":"https:\/\/shop.tanadaithanh.vn\/en\/wp-json\/wp\/v2\/product_cat?post=27056"},{"taxonomy":"product_tag","embeddable":true,"href":"https:\/\/shop.tanadaithanh.vn\/en\/wp-json\/wp\/v2\/product_tag?post=27056"}],"curies":[{"name":"wp","href":"https:\/\/api.w.org\/{rel}","templated":true}]}}