{"id":26067,"date":"2025-07-31T16:49:31","date_gmt":"2025-07-31T09:49:31","guid":{"rendered":"https:\/\/shop.tanadaithanh.vn\/?post_type=product&#038;p=26067"},"modified":"2025-11-13T16:43:43","modified_gmt":"2025-11-13T09:43:43","slug":"bon-nuoc-nhua-dai-thanh-gold-n1000n","status":"publish","type":"product","link":"https:\/\/shop.tanadaithanh.vn\/en\/san-pham\/bon-nuoc-nhua-dai-thanh-gold-n1000n\/","title":{"rendered":"B\u1ed3n n\u01b0\u1edbc nh\u1ef1a \u0110\u1ea1i Th\u00e0nh Gold N1000N"},"content":{"rendered":"<p><strong>B\u1ed3n n\u01b0\u1edbc nh\u1ef1a cao c\u1ea5p \u0110\u1ea1i Th\u00e0nh Gold<\/strong>\u00a0\u0111\u01b0\u1ee3c s\u1ea3n xu\u1ea5t tr\u00ean d\u00e2y chuy\u1ec1n c\u00f4ng ngh\u1ec7 hi\u1ec7n \u0111\u1ea1i b\u1eadc nh\u1ea5t Ch\u00e2u \u00c2u. S\u1ea3n ph\u1ea9m s\u1edf h\u1eefu nh\u1eefng \u0111\u1eb7c t\u00ednh \u0111\u1ed9c \u0111\u00e1o, ki\u1ec3u d\u00e1ng m\u1ea1nh m\u1ebd, th\u1ea9m m\u1ef9 v\u00e0 \u0111\u1ed9 b\u1ec1n cao.<\/p>\n<p><strong>B\u1ed3n ch\u1ee9a n\u01b0\u1edbc\u00a0<\/strong>l\u00e0 s\u1ef1 l\u1ef1a ch\u1ecdn ho\u00e0n h\u1ea3o cho nh\u1eefng c\u00f4ng tr\u00ecnh chung c\u01b0 cao c\u1ea5p v\u00e0 nh\u1eefng n\u01a1i c\u00f3 v\u00f9ng n\u01b0\u1edbc nhi\u1ec5m m\u1eb7n, nhi\u1ec5m ph\u00e8n, c\u00e1c v\u00f9ng bi\u1ec3n&#8230;<\/p>\n<p>\u0110\u1eb7c bi\u1ebft v\u1edbi<strong>\u00a0b\u1ed3n nh\u1ef1a cao c\u1ea5p \u0110\u1ea1i Th\u00e0nh Gold<\/strong>\u00a0c\u00f3 \u0111\u1ed9 an to\u00e0n cao s\u1ea3n ph\u1ea9m c\u00f3 th\u1ec3 \u0111\u1ef1ng th\u1ef1c ph\u1ea9m.<\/p>\n<p><strong>K\u00cdCH TH\u01af\u1edaC K\u1ef8 THU\u1eacT<\/strong><\/p>\n<p><strong>L\u01b0u \u00fd :<\/strong><em>\u00a0Th\u00f4ng s\u1ed1 k\u1ef9 thu\u1eadt n\u00eau tr\u00ean c\u00f3 dung sai \u00b18% (theo b\u1ea3n c\u00f4ng b\u1ed1 ch\u1ea5t l\u01b0\u1ee3ng s\u1ea3n ph\u1ea9m) n\u00ean kh\u00f4ng th\u1ec3 d\u00f9ng b\u1ed3n ch\u1ee9a n\u01b0\u1edbc l\u00e0m c\u00f4ng c\u1ee5 \u0111o l\u01b0\u1eddng ho\u1eb7c \u0111\u1ecbnh l\u01b0\u1ee3ng. N\u1ebfu qu\u00fd kh\u00e1ch h\u00e0ng d\u00f9ng \u0111\u1ec3 \u0111o l\u01b0\u1eddng ho\u1eb7c \u0111\u1ecbnh l\u01b0\u1ee3ng vui l\u00f2ng \u0111\u1eb7t h\u00e0ng v\u1edbi Nh\u00e0 cung c\u1ea5p.<\/em><\/p>\n<h4><strong>Mua B\u1ed3n n\u01b0\u1edbc nh\u1ef1a \u0110\u1ea1i Th\u00e0nh Gold ch\u00ednh h\u00e3ng \u1edf \u0111\u00e2u?<\/strong><\/h4>\n<p>\u0110\u1ec3 \u0111\u1ea3m b\u1ea3o ch\u1ea5t l\u01b0\u1ee3ng, quy\u1ec1n l\u1ee3i b\u1ea3o h\u00e0nh v\u00e0 h\u1ed7 tr\u1ee3 k\u1ef9 thu\u1eadt, ng\u01b0\u1eddi d\u00f9ng n\u00ean mua tr\u1ef1c ti\u1ebfp t\u1ea1i:<br \/>\n<strong>Website ch\u00ednh h\u00e3ng: <span style=\"color: #0000ff;\"><a style=\"color: #0000ff;\" href=\"https:\/\/shop.tanadaithanh.vn\/\">shop.tanadaithanh.vn<\/a><\/span><\/strong><\/p>\n<p><strong>\u01afu \u0111\u00e3i khi mua t\u1ea1i shop.tanadaithanh.vn:<\/strong><\/p>\n<p><strong>\u2013 Mi\u1ec5n ph\u00ed v\u1eadn chuy\u1ec3n<\/strong><br \/>\n<strong>\u2013 Thanh to\u00e1n linh ho\u1ea1t, h\u1ed7 tr\u1ee3 tr\u1ea3 ch\u1eadm 0% cho s\u1ea3n ph\u1ea9m t\u1eeb 3 Tri\u1ec7u<\/strong><br \/>\n<strong>\u2013 B\u1ea3o h\u00e0nh \u0111i\u1ec7n t\u1eed 25 n\u0103m ch\u00ednh h\u00e3ng<\/strong><br \/>\n<strong>\u2013 T\u01b0 v\u1ea5n k\u1ef9 thu\u1eadt tr\u1ef1c ti\u1ebfp t\u1eeb \u0111\u1ed9i ng\u0169 chuy\u00ean m\u00f4n<\/strong><\/p>\n<p>Li\u00ean h\u1ec7 ngay qua hotline <span style=\"color: #0000ff;\"><strong><a class=\"text-is-phone-number\" style=\"color: #0000ff;\" href=\"tel:0928195575\" data-z-element-type=\"phone-number\">0928 195 575<\/a><\/strong><\/span>\u00a0\u0111\u1ec3 \u0111\u01b0\u1ee3c t\u01b0 v\u1ea5n, h\u1ed7 tr\u1ee3 nhanh nh\u1ea5t !<\/p>\n","protected":false},"excerpt":{"rendered":"<div class=\"chat-item flx chat-item-audit chat-item-spacing --s1 me\">\n<div class=\"chat-content flx flx-col flx-cell chat-content-audit\">\n<div id=\"bb_msg_id_1753949602359\" class=\"chat-message chat-message-v2 wrap-message rotate-container me -send-time -reaction\" data-component=\"bubble-message\">\n<div class=\"message-wrapper message-wrapper--me\">\n<div class=\"message-content-wrapper\">\n<div class=\"message-content-render focused-background\">\n<div class=\" me card shadow-bubble message-frame focused-item focused-item--has-border\" data-component=\"message-content-view\" data-qid=\"6859529587959@1753949602359_0_9040245057475592347\">\n<div class=\"\" data-id=\"div_DisabledTargetEventLayer\">\n<div class=\"message-action\">\n<div id=\"text-mCntr_6859529587959-1753949602359-0-9040245057475592347\" class=\"text-message__container\" data-id=\"div_SentMsg_Text\">\n<div><\/div>\n<\/div>\n<\/div>\n<\/div>\n<\/div>\n<div class=\"floating-menu-wrapper floating-menu-wrapper--me\">\n<ul>\n<li>Nh\u1ef1a nguy\u00ean sinh LLDPE nh\u1eadp kh\u1ea9u, \u0111\u1ea1t chu\u1ea9n FDA (Hoa K\u1ef3) &#8211; An to\u00e0n tuy\u1ec7t \u0111\u1ed1i<\/li>\n<li>C\u00f4ng ngh\u1ec7 s\u1ea3n xu\u1ea5t Rotation Moulding hi\u1ec7n \u0111\u1ea1i h\u00e0ng \u0111\u1ea7u th\u1ebf gi\u1edbi<\/li>\n<li>K\u1ebft c\u1ea5u ki\u1ec3u d\u00e1ng \u00dd sang tr\u1ecdng, t\u0103ng \u0111\u1ed9 c\u1ee9ng v\u1eefng<\/li>\n<li>Ch\u1ed1ng tia UV: Gi\u00fap b\u1ed3n kh\u00f4ng b\u1ecb bay m\u00e0u, h\u1ea1n ch\u1ebf rong r\u00eau<\/li>\n<li>B\u1ea3o h\u00e0nh 25 n\u0103m<\/li>\n<\/ul>\n<\/div>\n<\/div>\n<div class=\"message-reaction-v2-space\"><\/div>\n<\/div>\n<\/div>\n<\/div>\n<\/div>\n<\/div>\n<div class=\"chat-item flx chat-item-audit chat-item-spacing --s2 me\">\n<div class=\"chat-content flx flx-col flx-cell chat-content-audit\">\n<div id=\"bb_msg_id_1753949606744\" class=\"chat-message chat-message-v2 wrap-message rotate-container me -send-time -reaction\" data-component=\"bubble-message\">\n<div class=\"message-wrapper message-wrapper--me\">\n<div class=\"message-content-wrapper\">\n<div class=\"message-content-render focused-background\">\n<div class=\" me last-msg card shadow-bubble message-frame focused-item focused-item--has-border\" data-component=\"message-content-view\" data-qid=\"6859529893284@1753949606744_0_9040245057475592347\">\n<div class=\"\" data-id=\"div_DisabledTargetEventLayer\">\n<div class=\"message-action\">\n<div id=\"text-mCntr_6859529893284-1753949606744-0-9040245057475592347\" class=\"text-message__container\" data-id=\"div_SentMsg_Text\">\n<div><\/div>\n<\/div>\n<\/div>\n<\/div>\n<\/div>\n<\/div>\n<\/div>\n<\/div>\n<\/div>\n<\/div>\n<\/div>\n","protected":false},"featured_media":28805,"comment_status":"open","ping_status":"closed","template":"","meta":[],"region":[260],"product_brand":[],"product_cat":[837],"product_tag":[],"class_list":{"0":"post-26067","1":"product","2":"type-product","3":"status-publish","4":"has-post-thumbnail","6":"region-mien-nam","7":"product_cat-bon-nuoc-nhua-dai-thanh-gold","9":"first","10":"instock","11":"sale","12":"shipping-taxable","13":"purchasable","14":"product-type-simple"},"yoast_head":"<!-- This site is optimized with the Yoast SEO plugin v24.6 - https:\/\/yoast.com\/wordpress\/plugins\/seo\/ -->\n<title>B\u1ed3n n\u01b0\u1edbc nh\u1ef1a \u0110\u1ea1i Th\u00e0nh Gold N1000N - T\u00e2n \u00c1 \u0110\u1ea1i Th\u00e0nh eShop<\/title>\n<meta name=\"robots\" content=\"index, follow, max-snippet:-1, max-image-preview:large, max-video-preview:-1\" \/>\n<link rel=\"canonical\" href=\"https:\/\/shop.tanadaithanh.vn\/en\/san-pham\/bon-nuoc-nhua-dai-thanh-gold-n1000n\/\" \/>\n<meta property=\"og:locale\" content=\"en_US\" \/>\n<meta property=\"og:type\" content=\"article\" \/>\n<meta property=\"og:title\" content=\"B\u1ed3n n\u01b0\u1edbc nh\u1ef1a \u0110\u1ea1i Th\u00e0nh Gold N1000N - T\u00e2n \u00c1 \u0110\u1ea1i Th\u00e0nh eShop\" \/>\n<meta property=\"og:description\" content=\"Nh\u1ef1a nguy\u00ean sinh LLDPE nh\u1eadp kh\u1ea9u, \u0111\u1ea1t chu\u1ea9n FDA (Hoa K\u1ef3) - An to\u00e0n tuy\u1ec7t \u0111\u1ed1i  C\u00f4ng ngh\u1ec7 s\u1ea3n xu\u1ea5t Rotation Moulding hi\u1ec7n \u0111\u1ea1i h\u00e0ng \u0111\u1ea7u th\u1ebf gi\u1edbi  K\u1ebft c\u1ea5u ki\u1ec3u d\u00e1ng \u00dd sang tr\u1ecdng, t\u0103ng \u0111\u1ed9 c\u1ee9ng v\u1eefng  Ch\u1ed1ng tia UV: Gi\u00fap b\u1ed3n kh\u00f4ng b\u1ecb bay m\u00e0u, h\u1ea1n ch\u1ebf rong r\u00eau  B\u1ea3o h\u00e0nh 25 n\u0103m\" \/>\n<meta property=\"og:url\" content=\"https:\/\/shop.tanadaithanh.vn\/en\/san-pham\/bon-nuoc-nhua-dai-thanh-gold-n1000n\/\" \/>\n<meta property=\"og:site_name\" content=\"T\u00e2n \u00c1 \u0110\u1ea1i Th\u00e0nh eShop\" \/>\n<meta property=\"article:publisher\" content=\"https:\/\/www.facebook.com\/profile.php?id=61567171139919\" \/>\n<meta property=\"article:modified_time\" content=\"2025-11-13T09:43:43+00:00\" \/>\n<meta property=\"og:image\" content=\"https:\/\/shop.tanadaithanh.vn\/wp-content\/uploads\/2025\/08\/4.jpg\" \/>\n\t<meta property=\"og:image:width\" content=\"1200\" \/>\n\t<meta property=\"og:image:height\" content=\"1200\" \/>\n\t<meta property=\"og:image:type\" content=\"image\/jpeg\" \/>\n<meta name=\"twitter:card\" content=\"summary_large_image\" \/>\n<meta name=\"twitter:label1\" content=\"Est. reading time\" \/>\n\t<meta name=\"twitter:data1\" content=\"2 minutes\" \/>\n<script type=\"application\/ld+json\" class=\"yoast-schema-graph\">{\"@context\":\"https:\/\/schema.org\",\"@graph\":[{\"@type\":\"WebPage\",\"@id\":\"https:\/\/shop.tanadaithanh.vn\/en\/san-pham\/bon-nuoc-nhua-dai-thanh-gold-n1000n\/\",\"url\":\"https:\/\/shop.tanadaithanh.vn\/en\/san-pham\/bon-nuoc-nhua-dai-thanh-gold-n1000n\/\",\"name\":\"B\u1ed3n n\u01b0\u1edbc nh\u1ef1a \u0110\u1ea1i Th\u00e0nh Gold N1000N - T\u00e2n \u00c1 \u0110\u1ea1i Th\u00e0nh eShop\",\"isPartOf\":{\"@id\":\"https:\/\/shop.tanadaithanh.vn\/en\/#website\"},\"primaryImageOfPage\":{\"@id\":\"https:\/\/shop.tanadaithanh.vn\/en\/san-pham\/bon-nuoc-nhua-dai-thanh-gold-n1000n\/#primaryimage\"},\"image\":{\"@id\":\"https:\/\/shop.tanadaithanh.vn\/en\/san-pham\/bon-nuoc-nhua-dai-thanh-gold-n1000n\/#primaryimage\"},\"thumbnailUrl\":\"https:\/\/shop.tanadaithanh.vn\/wp-content\/uploads\/2025\/08\/4.jpg\",\"datePublished\":\"2025-07-31T09:49:31+00:00\",\"dateModified\":\"2025-11-13T09:43:43+00:00\",\"breadcrumb\":{\"@id\":\"https:\/\/shop.tanadaithanh.vn\/en\/san-pham\/bon-nuoc-nhua-dai-thanh-gold-n1000n\/#breadcrumb\"},\"inLanguage\":\"en-US\",\"potentialAction\":[{\"@type\":\"ReadAction\",\"target\":[\"https:\/\/shop.tanadaithanh.vn\/en\/san-pham\/bon-nuoc-nhua-dai-thanh-gold-n1000n\/\"]}]},{\"@type\":\"ImageObject\",\"inLanguage\":\"en-US\",\"@id\":\"https:\/\/shop.tanadaithanh.vn\/en\/san-pham\/bon-nuoc-nhua-dai-thanh-gold-n1000n\/#primaryimage\",\"url\":\"https:\/\/shop.tanadaithanh.vn\/wp-content\/uploads\/2025\/08\/4.jpg\",\"contentUrl\":\"https:\/\/shop.tanadaithanh.vn\/wp-content\/uploads\/2025\/08\/4.jpg\",\"width\":1200,\"height\":1200},{\"@type\":\"BreadcrumbList\",\"@id\":\"https:\/\/shop.tanadaithanh.vn\/en\/san-pham\/bon-nuoc-nhua-dai-thanh-gold-n1000n\/#breadcrumb\",\"itemListElement\":[{\"@type\":\"ListItem\",\"position\":1,\"name\":\"Trang ch\u1ee7\",\"item\":\"https:\/\/shop.tanadaithanh.vn\/en\/\"},{\"@type\":\"ListItem\",\"position\":2,\"name\":\"Shop\",\"item\":\"https:\/\/shop.tanadaithanh.vn\/cua-hang\/\"},{\"@type\":\"ListItem\",\"position\":3,\"name\":\"B\u1ed3n n\u01b0\u1edbc nh\u1ef1a \u0110\u1ea1i Th\u00e0nh Gold N1000N\"}]},{\"@type\":\"WebSite\",\"@id\":\"https:\/\/shop.tanadaithanh.vn\/en\/#website\",\"url\":\"https:\/\/shop.tanadaithanh.vn\/en\/\",\"name\":\"T\u00e2n \u00c1 \u0110\u1ea1i Th\u00e0nh eShop - Trang website b\u00e1n h\u00e0ng ch\u00ednh th\u1ee9c T\u1eadp \u0111o\u00e0n T\u00e2n \u00c1 \u0110\u1ea1i Th\u00e0nh\",\"description\":\"Website b\u00e1n h\u00e0ng tr\u1ef1c tuy\u1ebfn v\u1eadn h\u00e0nh b\u1edfi ch\u00ednh T\u00e2n \u00c1 \u0110\u1ea1i Th\u00e0nh\",\"publisher\":{\"@id\":\"https:\/\/shop.tanadaithanh.vn\/en\/#organization\"},\"potentialAction\":[{\"@type\":\"SearchAction\",\"target\":{\"@type\":\"EntryPoint\",\"urlTemplate\":\"https:\/\/shop.tanadaithanh.vn\/en\/?s={search_term_string}\"},\"query-input\":{\"@type\":\"PropertyValueSpecification\",\"valueRequired\":true,\"valueName\":\"search_term_string\"}}],\"inLanguage\":\"en-US\"},{\"@type\":\"Organization\",\"@id\":\"https:\/\/shop.tanadaithanh.vn\/en\/#organization\",\"name\":\"T\u00e2n \u00c1 \u0110\u1ea1i Th\u00e0nh eShop - Trang website b\u00e1n h\u00e0ng ch\u00ednh th\u1ee9c T\u1eadp \u0111o\u00e0n T\u00e2n \u00c1 \u0110\u1ea1i Th\u00e0nh\",\"url\":\"https:\/\/shop.tanadaithanh.vn\/en\/\",\"logo\":{\"@type\":\"ImageObject\",\"inLanguage\":\"en-US\",\"@id\":\"https:\/\/shop.tanadaithanh.vn\/en\/#\/schema\/logo\/image\/\",\"url\":\"https:\/\/shop.tanadaithanh.vn\/wp-content\/uploads\/2025\/06\/Logo-2.png\",\"contentUrl\":\"https:\/\/shop.tanadaithanh.vn\/wp-content\/uploads\/2025\/06\/Logo-2.png\",\"width\":2000,\"height\":2000,\"caption\":\"T\u00e2n \u00c1 \u0110\u1ea1i Th\u00e0nh eShop - Trang website b\u00e1n h\u00e0ng ch\u00ednh th\u1ee9c T\u1eadp \u0111o\u00e0n T\u00e2n \u00c1 \u0110\u1ea1i Th\u00e0nh\"},\"image\":{\"@id\":\"https:\/\/shop.tanadaithanh.vn\/en\/#\/schema\/logo\/image\/\"},\"sameAs\":[\"https:\/\/www.facebook.com\/profile.php?id=61567171139919\",\"https:\/\/zalo.me\/3915163699004948284\"]}]}<\/script>\n<!-- \/ Yoast SEO plugin. -->","yoast_head_json":{"title":"B\u1ed3n n\u01b0\u1edbc nh\u1ef1a \u0110\u1ea1i Th\u00e0nh Gold N1000N - T\u00e2n \u00c1 \u0110\u1ea1i Th\u00e0nh eShop","robots":{"index":"index","follow":"follow","max-snippet":"max-snippet:-1","max-image-preview":"max-image-preview:large","max-video-preview":"max-video-preview:-1"},"canonical":"https:\/\/shop.tanadaithanh.vn\/en\/san-pham\/bon-nuoc-nhua-dai-thanh-gold-n1000n\/","og_locale":"en_US","og_type":"article","og_title":"B\u1ed3n n\u01b0\u1edbc nh\u1ef1a \u0110\u1ea1i Th\u00e0nh Gold N1000N - T\u00e2n \u00c1 \u0110\u1ea1i Th\u00e0nh eShop","og_description":"Nh\u1ef1a nguy\u00ean sinh LLDPE nh\u1eadp kh\u1ea9u, \u0111\u1ea1t chu\u1ea9n FDA (Hoa K\u1ef3) - An to\u00e0n tuy\u1ec7t \u0111\u1ed1i  C\u00f4ng ngh\u1ec7 s\u1ea3n xu\u1ea5t Rotation Moulding hi\u1ec7n \u0111\u1ea1i h\u00e0ng \u0111\u1ea7u th\u1ebf gi\u1edbi  K\u1ebft c\u1ea5u ki\u1ec3u d\u00e1ng \u00dd sang tr\u1ecdng, t\u0103ng \u0111\u1ed9 c\u1ee9ng v\u1eefng  Ch\u1ed1ng tia UV: Gi\u00fap b\u1ed3n kh\u00f4ng b\u1ecb bay m\u00e0u, h\u1ea1n ch\u1ebf rong r\u00eau  B\u1ea3o h\u00e0nh 25 n\u0103m","og_url":"https:\/\/shop.tanadaithanh.vn\/en\/san-pham\/bon-nuoc-nhua-dai-thanh-gold-n1000n\/","og_site_name":"T\u00e2n \u00c1 \u0110\u1ea1i Th\u00e0nh eShop","article_publisher":"https:\/\/www.facebook.com\/profile.php?id=61567171139919","article_modified_time":"2025-11-13T09:43:43+00:00","og_image":[{"width":1200,"height":1200,"url":"https:\/\/shop.tanadaithanh.vn\/wp-content\/uploads\/2025\/08\/4.jpg","type":"image\/jpeg"}],"twitter_card":"summary_large_image","twitter_misc":{"Est. reading time":"2 minutes"},"schema":{"@context":"https:\/\/schema.org","@graph":[{"@type":"WebPage","@id":"https:\/\/shop.tanadaithanh.vn\/en\/san-pham\/bon-nuoc-nhua-dai-thanh-gold-n1000n\/","url":"https:\/\/shop.tanadaithanh.vn\/en\/san-pham\/bon-nuoc-nhua-dai-thanh-gold-n1000n\/","name":"B\u1ed3n n\u01b0\u1edbc nh\u1ef1a \u0110\u1ea1i Th\u00e0nh Gold N1000N - T\u00e2n \u00c1 \u0110\u1ea1i Th\u00e0nh eShop","isPartOf":{"@id":"https:\/\/shop.tanadaithanh.vn\/en\/#website"},"primaryImageOfPage":{"@id":"https:\/\/shop.tanadaithanh.vn\/en\/san-pham\/bon-nuoc-nhua-dai-thanh-gold-n1000n\/#primaryimage"},"image":{"@id":"https:\/\/shop.tanadaithanh.vn\/en\/san-pham\/bon-nuoc-nhua-dai-thanh-gold-n1000n\/#primaryimage"},"thumbnailUrl":"https:\/\/shop.tanadaithanh.vn\/wp-content\/uploads\/2025\/08\/4.jpg","datePublished":"2025-07-31T09:49:31+00:00","dateModified":"2025-11-13T09:43:43+00:00","breadcrumb":{"@id":"https:\/\/shop.tanadaithanh.vn\/en\/san-pham\/bon-nuoc-nhua-dai-thanh-gold-n1000n\/#breadcrumb"},"inLanguage":"en-US","potentialAction":[{"@type":"ReadAction","target":["https:\/\/shop.tanadaithanh.vn\/en\/san-pham\/bon-nuoc-nhua-dai-thanh-gold-n1000n\/"]}]},{"@type":"ImageObject","inLanguage":"en-US","@id":"https:\/\/shop.tanadaithanh.vn\/en\/san-pham\/bon-nuoc-nhua-dai-thanh-gold-n1000n\/#primaryimage","url":"https:\/\/shop.tanadaithanh.vn\/wp-content\/uploads\/2025\/08\/4.jpg","contentUrl":"https:\/\/shop.tanadaithanh.vn\/wp-content\/uploads\/2025\/08\/4.jpg","width":1200,"height":1200},{"@type":"BreadcrumbList","@id":"https:\/\/shop.tanadaithanh.vn\/en\/san-pham\/bon-nuoc-nhua-dai-thanh-gold-n1000n\/#breadcrumb","itemListElement":[{"@type":"ListItem","position":1,"name":"Trang ch\u1ee7","item":"https:\/\/shop.tanadaithanh.vn\/en\/"},{"@type":"ListItem","position":2,"name":"Shop","item":"https:\/\/shop.tanadaithanh.vn\/cua-hang\/"},{"@type":"ListItem","position":3,"name":"B\u1ed3n n\u01b0\u1edbc nh\u1ef1a \u0110\u1ea1i Th\u00e0nh Gold N1000N"}]},{"@type":"WebSite","@id":"https:\/\/shop.tanadaithanh.vn\/en\/#website","url":"https:\/\/shop.tanadaithanh.vn\/en\/","name":"T\u00e2n \u00c1 \u0110\u1ea1i Th\u00e0nh eShop - Trang website b\u00e1n h\u00e0ng ch\u00ednh th\u1ee9c T\u1eadp \u0111o\u00e0n T\u00e2n \u00c1 \u0110\u1ea1i Th\u00e0nh","description":"Website b\u00e1n h\u00e0ng tr\u1ef1c tuy\u1ebfn v\u1eadn h\u00e0nh b\u1edfi ch\u00ednh T\u00e2n \u00c1 \u0110\u1ea1i Th\u00e0nh","publisher":{"@id":"https:\/\/shop.tanadaithanh.vn\/en\/#organization"},"potentialAction":[{"@type":"SearchAction","target":{"@type":"EntryPoint","urlTemplate":"https:\/\/shop.tanadaithanh.vn\/en\/?s={search_term_string}"},"query-input":{"@type":"PropertyValueSpecification","valueRequired":true,"valueName":"search_term_string"}}],"inLanguage":"en-US"},{"@type":"Organization","@id":"https:\/\/shop.tanadaithanh.vn\/en\/#organization","name":"T\u00e2n \u00c1 \u0110\u1ea1i Th\u00e0nh eShop - Trang website b\u00e1n h\u00e0ng ch\u00ednh th\u1ee9c T\u1eadp \u0111o\u00e0n T\u00e2n \u00c1 \u0110\u1ea1i Th\u00e0nh","url":"https:\/\/shop.tanadaithanh.vn\/en\/","logo":{"@type":"ImageObject","inLanguage":"en-US","@id":"https:\/\/shop.tanadaithanh.vn\/en\/#\/schema\/logo\/image\/","url":"https:\/\/shop.tanadaithanh.vn\/wp-content\/uploads\/2025\/06\/Logo-2.png","contentUrl":"https:\/\/shop.tanadaithanh.vn\/wp-content\/uploads\/2025\/06\/Logo-2.png","width":2000,"height":2000,"caption":"T\u00e2n \u00c1 \u0110\u1ea1i Th\u00e0nh eShop - Trang website b\u00e1n h\u00e0ng ch\u00ednh th\u1ee9c T\u1eadp \u0111o\u00e0n T\u00e2n \u00c1 \u0110\u1ea1i Th\u00e0nh"},"image":{"@id":"https:\/\/shop.tanadaithanh.vn\/en\/#\/schema\/logo\/image\/"},"sameAs":["https:\/\/www.facebook.com\/profile.php?id=61567171139919","https:\/\/zalo.me\/3915163699004948284"]}]}},"_links":{"self":[{"href":"https:\/\/shop.tanadaithanh.vn\/en\/wp-json\/wp\/v2\/product\/26067","targetHints":{"allow":["GET"]}}],"collection":[{"href":"https:\/\/shop.tanadaithanh.vn\/en\/wp-json\/wp\/v2\/product"}],"about":[{"href":"https:\/\/shop.tanadaithanh.vn\/en\/wp-json\/wp\/v2\/types\/product"}],"replies":[{"embeddable":true,"href":"https:\/\/shop.tanadaithanh.vn\/en\/wp-json\/wp\/v2\/comments?post=26067"}],"version-history":[{"count":3,"href":"https:\/\/shop.tanadaithanh.vn\/en\/wp-json\/wp\/v2\/product\/26067\/revisions"}],"predecessor-version":[{"id":26434,"href":"https:\/\/shop.tanadaithanh.vn\/en\/wp-json\/wp\/v2\/product\/26067\/revisions\/26434"}],"wp:featuredmedia":[{"embeddable":true,"href":"https:\/\/shop.tanadaithanh.vn\/en\/wp-json\/wp\/v2\/media\/28805"}],"wp:attachment":[{"href":"https:\/\/shop.tanadaithanh.vn\/en\/wp-json\/wp\/v2\/media?parent=26067"}],"wp:term":[{"taxonomy":"region","embeddable":true,"href":"https:\/\/shop.tanadaithanh.vn\/en\/wp-json\/wp\/v2\/region?post=26067"},{"taxonomy":"product_brand","embeddable":true,"href":"https:\/\/shop.tanadaithanh.vn\/en\/wp-json\/wp\/v2\/product_brand?post=26067"},{"taxonomy":"product_cat","embeddable":true,"href":"https:\/\/shop.tanadaithanh.vn\/en\/wp-json\/wp\/v2\/product_cat?post=26067"},{"taxonomy":"product_tag","embeddable":true,"href":"https:\/\/shop.tanadaithanh.vn\/en\/wp-json\/wp\/v2\/product_tag?post=26067"}],"curies":[{"name":"wp","href":"https:\/\/api.w.org\/{rel}","templated":true}]}}