{"id":24332,"date":"2025-07-03T08:39:30","date_gmt":"2025-07-03T01:39:30","guid":{"rendered":"https:\/\/shop.tanadaithanh.vn\/?post_type=product&#038;p=24332"},"modified":"2026-04-17T14:08:26","modified_gmt":"2026-04-17T07:08:26","slug":"combo-he-xanh-mat-may-nlmt-dai-thanh-vigo-160l-58-bep-tu-rs-1020ce01","status":"publish","type":"product","link":"https:\/\/shop.tanadaithanh.vn\/en\/san-pham\/combo-he-xanh-mat-may-nlmt-dai-thanh-vigo-160l-58-bep-tu-rs-1020ce01\/","title":{"rendered":"COMBO ECO HOME: M\u00c1Y NLMT \u0110\u1ea0I TH\u00c0NH VIGO 160L\/58 + L\u1ecdc \u0111\u1ea7u ngu\u1ed3n Beluga B2.1"},"content":{"rendered":"<h2><strong>Combo Eco Home EH3: G\u1ea5p \u0111\u00f4i c\u00f4ng ngh\u1ec7 &#8211; Nh\u00e2n \u0111\u00f4i ti\u1ec7n nghi<\/strong><\/h2>\n<p>K\u1ebft h\u1ee3p hai thi\u1ebft b\u1ecb hi\u1ec7n \u0111\u1ea1i v\u00e0 b\u1ec1n b\u1ec9: M\u00c1Y NLMT \u0110\u1ea0I TH\u00c0NH VIGO 160L\/58 + L\u1ecdc \u0111\u1ea7u ngu\u1ed3n Beluga B2.1 combo n\u00e0y kh\u00f4ng ch\u1ec9 gi\u00fap ti\u1ebft ki\u1ec7m \u0111i\u1ec7n, th\u00e2n thi\u1ec7n v\u1edbi m\u00f4i tr\u01b0\u1eddng m\u00e0 c\u00f2n mang \u0111\u1ebfn s\u1ef1 ti\u1ec7n nghi to\u00e0n di\u1ec7n cho gia \u0111\u00ecnh.<\/p>\n<h3><strong>M\u00e1y n\u01b0\u1edbc n\u00f3ng NLMT \u0110\u1ea1i Th\u00e0nh Vigo 160L\/58 \u2013 Ch\u1ecbu n\u01b0\u1edbc ph\u00e8n m\u1eb7n, gi\u1eef nhi\u1ec7t l\u00ean \u0111\u1ebfn 120 gi\u1edd<\/strong><\/h3>\n<ul>\n<li><strong>K\u00edch th\u01b0\u1edbc D\u00e0i x R\u1ed9ng x Cao (mm):<\/strong> 2000 x 1350 x 1230<\/li>\n<li><strong>\u00a0Ru\u1ed9t b\u00ecnh Inox SUS 316:<\/strong>\u00a0 Ru\u1ed9t b\u00ecnh l\u00e0m t\u1eeb Inox SUS 316 kh\u00f4ng nhi\u1ec5m t\u1eeb, c\u00f3 th\u1ec3 d\u00f9ng trong m\u1ecdi m\u00f4i tr\u01b0\u1eddng, k\u1ec3 c\u1ea3 m\u00f4i tr\u01b0\u1eddng \u0111\u00f2i h\u1ecfi \u0111\u1ed9 s\u1ea1ch r\u1ea5t kh\u1eaft khe.<\/li>\n<li><strong>Ch\u00e2n m\u00e1y l\u00e0m t\u1eeb nh\u00f4m nguy\u00ean kh\u1ed1i<\/strong>: Ch\u00e2n m\u00e1y th\u1ebf h\u1ec7 m\u1edbi l\u00e0m t\u1eebnguy\u00ean li\u1ec7u nh\u00f4m nguy\u00ean kh\u1ed1i k\u1ebft h\u1ee3p v\u00f2ng \u0111\u1ee1 \u1ed1ng b\u1eb1ng nh\u1ef1a ABS \u0111\u1ea3m b\u1ea3o \u0111\u1ed9 c\u1ee9ng, v\u1eefng v\u00e0 ch\u1ecbu l\u1ef1c t\u1ed1t.<\/li>\n<li><strong>V\u1ecf b\u00ecnh b\u1ea3o \u00f4n l\u00e0m t\u1eeb Inox SUS 201:<\/strong> Ch\u1ea5t li\u1ec7u Inox SUS 201\/BA \u0111\u01b0\u1ee3c s\u1eed d\u1ee5ng cho v\u1ecf b\u00ecnh b\u1ea3o \u00f4n c\u00f3 kh\u1ea3 n\u0103ng ch\u1ecbu \u0111\u01b0\u1ee3c c\u00e1c ki\u1ec3u th\u1eddi ti\u1ebft kh\u1eafc nghi\u1ec7t<\/li>\n<li><strong>Ru\u1ed9t b\u00ecnh b\u1ea3o \u00f4n l\u00e0m t\u1eeb Inox SUS 316:<\/strong> Ru\u1ed9t b\u00ecnh b\u1ea3o \u00f4n \u0111\u01b0\u1ee3c l\u00e0m b\u1eb1ng ch\u1ea5t li\u1ec7u Inox SUS 316 si\u00eau c\u1ea5p d\u00e0y 0,4mm v\u00e0 s\u1ea3n xu\u1ea5t theo c\u00f4ng ngh\u1ec7 ti\u00ean ti\u1ebfn nh\u1ea5t tr\u00ean th\u1ebf gi\u1edbi.<\/li>\n<li><strong>L\u1edbp gi\u1eef nhi\u1ec7t l\u00e0m b\u1eb1ng h\u1ee3p ch\u1ea5t Foam:<\/strong> L\u1edbp gi\u1eef nhi\u1ec7t \u0111\u01b0\u1ee3c l\u00e0m b\u1eb1ng h\u1ee3p ch\u1ea5t Foam, c\u00f3 \u0111\u1ed9 d\u00e0y 55mm, \u0111\u1ed9 n\u00e9n ch\u1eb7t. Nh\u1edd v\u1eady c\u00f3 th\u1ec3 gi\u1eef nhi\u1ec7t \u0111\u1ed9 l\u00ean \u0111\u1ebfn 120 gi\u1edd.<\/li>\n<li><strong>B\u1ea3o h\u00e0nh ch\u00ednh h\u00e3ng:<\/strong> 5 n\u0103m<\/li>\n<\/ul>\n<h3><strong><span style=\"color: #000000;\">B\u1ed9 l\u1ecdc \u0111\u1ea7u ngu\u1ed3n Beluga 2.1: L\u1ecdc s\u1ea1ch t\u1eeb \u0111\u1ea7u ngu\u1ed3n &#8211; B\u1ea3o v\u1ec7 h\u1ec7 th\u1ed1ng n\u01b0\u1edbc<\/span><\/strong><\/h3>\n<ul>\n<li><strong>K\u00edch th\u01b0\u1edbc (mm):<\/strong> \u03c6 206 x 520<\/li>\n<li><strong>Nhi\u1ec7t \u0111\u1ed9 l\u00e0m vi\u1ec7c:<\/strong> 0 \u00f7 90 \u0111\u1ed9 C<\/li>\n<li><strong>C\u00f4ng ngh\u1ec7 l\u1ecdc \u0111a t\u1ea7ng Laminated Multiplayer:<\/strong> L\u1ecdc ngu\u1ed3n n\u01b0\u1edbc \u0111\u1ea7u v\u00e0o c\u00f9ng m\u1ed9t th\u1eddi \u0111i\u1ec3m, \u0111\u1ea3m b\u1ea3o nhu c\u1ea7u s\u1eed d\u1ee5ng n\u01b0\u1edbc trong gi\u1edd cao \u0111i\u1ec3m. To\u00e0n b\u1ed9 ti\u1ebft di\u1ec7n b\u1ec1 m\u1eb7t l\u1edbp l\u1ecdc ti\u1ebfp x\u00fac v\u1edbi ngu\u1ed3n n\u01b0\u1edbc \u0111\u1ea7u v\u00e0o gi\u00fap ngu\u1ed3n n\u01b0\u1edbc s\u1ea1ch h\u01a1n, tr\u00e1nh b\u1ecb t\u1eafc ngh\u1ebdn c\u1ee5c b\u1ed9.<\/li>\n<li><strong>V\u1eadt li\u1ec7u Electro Positive:\u00a0<\/strong>Lo\u1ea1i b\u1ecf c\u00e1c t\u1ea1p ch\u1ea5t, vi khu\u1ea9n v\u00e0 b\u1ee5i b\u1ea9n c\u00f3 k\u00edch th\u01b0\u1edbc si\u00eau nh\u1ecf \u1ea9n ch\u1ee9a trong ngu\u1ed3n n\u01b0\u1edbc.<\/li>\n<li><strong>L\u00f5i than ho\u1ea1t t\u00ednh Carbon Block: <\/strong>L\u00f5i c\u00f3 ch\u1ec9 s\u1ed1 h\u1ea5p ph\u1ee5 l\u00ean \u0111\u1ebfn 1200 iodine &#8211; cao g\u1ea5p 2 l\u1ea7n th\u00f4ng th\u01b0\u1eddng, gi\u00fap n\u00e2ng cao kh\u1ea3 n\u0103ng l\u1ecdc s\u1ea1ch t\u1ea1p ch\u1ea5t g\u00e2y h\u1ea1i t\u1ed1t h\u01a1n.<\/li>\n<li><strong>Thi\u1ebft k\u1ebf t\u1ed1i gi\u1ea3n:<\/strong> Thi\u1ebft k\u1ebf gi\u00fap t\u1ed1i \u01b0u h\u00f3a c\u00f4ng n\u0103ng s\u1eed nhi\u1ec1u trong nhi\u1ec1u lo\u1ea1i h\u00ecnh nh\u00e0 \u1edf t\u1ea1i Vi\u1ec7t Nam, thay th\u1ebf, s\u1eeda ch\u1eefa c\u0169ng d\u1ec5 d\u00e0ng h\u01a1n so v\u1edbi c\u00e1c s\u1ea3n ph\u1ea9m \u0111\u1eddi c\u0169 tr\u00ean th\u1ecb tr\u01b0\u1eddng<\/li>\n<li>L\u01b0u l\u01b0\u1ee3ng l\u1ecdc l\u00ean \u0111\u1ebfn <strong>1200 l\u00edt\/gi\u1edd<\/strong>, \u0111\u1ea3m b\u1ea3o nhu c\u1ea7u s\u1eed d\u1ee5ng cho t\u1eebng h\u1ed9 gia \u0111\u00ecnh.<\/li>\n<\/ul>\n<p>Combo Ecohome EH03 l\u00e0 l\u1ef1a ch\u1ecdn l\u00fd t\u01b0\u1edfng cho nh\u1eefng ai mu\u1ed1n t\u1eadn d\u1ee5ng t\u1ed1i \u0111a n\u0103ng l\u01b0\u1ee3ng t\u1ef1 nhi\u00ean, gi\u1ea3m h\u00f3a \u0111\u01a1n \u0111i\u1ec7n v\u00e0 n\u00e2ng cao ch\u1ea5t l\u01b0\u1ee3ng cu\u1ed9c s\u1ed1ng m\u1ed7i ng\u00e0y.<\/p>\n<p>Mua ngay h\u00f4m nay \u0111\u1ec3 nh\u1eadn gi\u00e1 \u01b0u \u0111\u00e3i h\u1ea5p d\u1eabn v\u00e0 giao h\u00e0ng t\u1eadn n\u01a1i t\u1eeb h\u1ec7 th\u1ed1ng ch\u00ednh h\u00e3ng T\u00e2n \u00c1 \u0110\u1ea1i Th\u00e0nh!<\/p>\n","protected":false},"excerpt":{"rendered":"<p>Combo Eco Home EH3 \u2013 Tr\u1eef n\u01b0\u1edbc an to\u00e0n, t\u1eafm m\u00e1t th\u1ecfa th\u00edch, kh\u00f4ng lo \u0111i\u1ec7n. S\u1ef1 k\u1ebft h\u1ee3p gi\u1eefa M\u00c1Y NLMT \u0110\u1ea0I TH\u00c0NH VIGO 160L\/58 + L\u1ecdc \u0111\u1ea7u ngu\u1ed3n Beluga B2.1 mang \u0111\u1ebfn gi\u1ea3i ph\u00e1p ti\u1ebft ki\u1ec7m \u0111i\u1ec7n v\u00e0 b\u1ea3o v\u1ec7 s\u1ee9c kh\u1ecfe gia \u0111\u00ecnh. \u0110\u00e2y l\u00e0 l\u1ef1a ch\u1ecdn ph\u00f9 h\u1ee3p cho c\u00e1c h\u1ed9 gia \u0111\u00ecnh \u1edf th\u00e0nh th\u1ecb, v\u00f9ng n\u00f4ng th\u00f4n ho\u1eb7c khu v\u1ef1c c\u00f3 ngu\u1ed3n n\u01b0\u1edbc ph\u00e8n, m\u1eb7n.<\/p>\n","protected":false},"featured_media":32627,"comment_status":"open","ping_status":"closed","template":"","meta":[],"region":[260],"product_brand":[],"product_cat":[685],"product_tag":[1298,1296,1295,1297],"class_list":{"0":"post-24332","1":"product","2":"type-product","3":"status-publish","4":"has-post-thumbnail","6":"region-mien-nam","7":"product_cat-combo","8":"product_tag-bo-loc-dau-nguon-b2-1","9":"product_tag-combo-ecohome","10":"product_tag-combo-gia-dung","11":"product_tag-may-nang-luong-mat-troi-dai-thanh-vigo-160l-58","13":"first","14":"instock","15":"sale","16":"sold-individually","17":"purchasable","18":"product-type-simple"},"yoast_head":"<!-- This site is optimized with the Yoast SEO plugin v24.6 - https:\/\/yoast.com\/wordpress\/plugins\/seo\/ -->\n<title>COMBO ECO HOME: M\u00c1Y NLMT \u0110\u1ea0I TH\u00c0NH VIGO 160L\/58 + L\u1ecdc \u0111\u1ea7u ngu\u1ed3n Beluga B2.1 - T\u00e2n \u00c1 \u0110\u1ea1i Th\u00e0nh eShop<\/title>\n<meta name=\"robots\" content=\"index, follow, max-snippet:-1, max-image-preview:large, max-video-preview:-1\" \/>\n<link rel=\"canonical\" href=\"https:\/\/shop.tanadaithanh.vn\/en\/san-pham\/combo-he-xanh-mat-may-nlmt-dai-thanh-vigo-160l-58-bep-tu-rs-1020ce01\/\" \/>\n<meta property=\"og:locale\" content=\"en_US\" \/>\n<meta property=\"og:type\" content=\"article\" \/>\n<meta property=\"og:title\" content=\"COMBO ECO HOME: M\u00c1Y NLMT \u0110\u1ea0I TH\u00c0NH VIGO 160L\/58 + L\u1ecdc \u0111\u1ea7u ngu\u1ed3n Beluga B2.1 - T\u00e2n \u00c1 \u0110\u1ea1i Th\u00e0nh eShop\" \/>\n<meta property=\"og:description\" content=\"Combo Eco Home EH3 \u2013 Tr\u1eef n\u01b0\u1edbc an to\u00e0n, t\u1eafm m\u00e1t th\u1ecfa th\u00edch, kh\u00f4ng lo \u0111i\u1ec7n. S\u1ef1 k\u1ebft h\u1ee3p gi\u1eefa M\u00c1Y NLMT \u0110\u1ea0I TH\u00c0NH VIGO 160L\/58 + L\u1ecdc \u0111\u1ea7u ngu\u1ed3n Beluga B2.1 mang \u0111\u1ebfn gi\u1ea3i ph\u00e1p ti\u1ebft ki\u1ec7m \u0111i\u1ec7n v\u00e0 b\u1ea3o v\u1ec7 s\u1ee9c kh\u1ecfe gia \u0111\u00ecnh. \u0110\u00e2y l\u00e0 l\u1ef1a ch\u1ecdn ph\u00f9 h\u1ee3p cho c\u00e1c h\u1ed9 gia \u0111\u00ecnh \u1edf th\u00e0nh th\u1ecb, v\u00f9ng n\u00f4ng th\u00f4n ho\u1eb7c khu v\u1ef1c c\u00f3 ngu\u1ed3n n\u01b0\u1edbc ph\u00e8n, m\u1eb7n.\" \/>\n<meta property=\"og:url\" content=\"https:\/\/shop.tanadaithanh.vn\/en\/san-pham\/combo-he-xanh-mat-may-nlmt-dai-thanh-vigo-160l-58-bep-tu-rs-1020ce01\/\" \/>\n<meta property=\"og:site_name\" content=\"T\u00e2n \u00c1 \u0110\u1ea1i Th\u00e0nh eShop\" \/>\n<meta property=\"article:publisher\" content=\"https:\/\/www.facebook.com\/profile.php?id=61567171139919\" \/>\n<meta property=\"article:modified_time\" content=\"2026-04-17T07:08:26+00:00\" \/>\n<meta property=\"og:image\" content=\"https:\/\/shop.tanadaithanh.vn\/wp-content\/uploads\/2025\/07\/EH3-2-1024x1024.png\" \/>\n\t<meta property=\"og:image:width\" content=\"1024\" \/>\n\t<meta property=\"og:image:height\" content=\"1024\" \/>\n\t<meta property=\"og:image:type\" content=\"image\/png\" \/>\n<meta name=\"twitter:card\" content=\"summary_large_image\" \/>\n<meta name=\"twitter:label1\" content=\"Est. reading time\" \/>\n\t<meta name=\"twitter:data1\" content=\"4 minutes\" \/>\n<script type=\"application\/ld+json\" class=\"yoast-schema-graph\">{\"@context\":\"https:\/\/schema.org\",\"@graph\":[{\"@type\":\"WebPage\",\"@id\":\"https:\/\/shop.tanadaithanh.vn\/en\/san-pham\/combo-he-xanh-mat-may-nlmt-dai-thanh-vigo-160l-58-bep-tu-rs-1020ce01\/\",\"url\":\"https:\/\/shop.tanadaithanh.vn\/en\/san-pham\/combo-he-xanh-mat-may-nlmt-dai-thanh-vigo-160l-58-bep-tu-rs-1020ce01\/\",\"name\":\"COMBO ECO HOME: M\u00c1Y NLMT \u0110\u1ea0I TH\u00c0NH VIGO 160L\/58 + L\u1ecdc \u0111\u1ea7u ngu\u1ed3n Beluga B2.1 - T\u00e2n \u00c1 \u0110\u1ea1i Th\u00e0nh eShop\",\"isPartOf\":{\"@id\":\"https:\/\/shop.tanadaithanh.vn\/en\/#website\"},\"primaryImageOfPage\":{\"@id\":\"https:\/\/shop.tanadaithanh.vn\/en\/san-pham\/combo-he-xanh-mat-may-nlmt-dai-thanh-vigo-160l-58-bep-tu-rs-1020ce01\/#primaryimage\"},\"image\":{\"@id\":\"https:\/\/shop.tanadaithanh.vn\/en\/san-pham\/combo-he-xanh-mat-may-nlmt-dai-thanh-vigo-160l-58-bep-tu-rs-1020ce01\/#primaryimage\"},\"thumbnailUrl\":\"https:\/\/shop.tanadaithanh.vn\/wp-content\/uploads\/2025\/07\/EH3-2.png\",\"datePublished\":\"2025-07-03T01:39:30+00:00\",\"dateModified\":\"2026-04-17T07:08:26+00:00\",\"breadcrumb\":{\"@id\":\"https:\/\/shop.tanadaithanh.vn\/en\/san-pham\/combo-he-xanh-mat-may-nlmt-dai-thanh-vigo-160l-58-bep-tu-rs-1020ce01\/#breadcrumb\"},\"inLanguage\":\"en-US\",\"potentialAction\":[{\"@type\":\"ReadAction\",\"target\":[\"https:\/\/shop.tanadaithanh.vn\/en\/san-pham\/combo-he-xanh-mat-may-nlmt-dai-thanh-vigo-160l-58-bep-tu-rs-1020ce01\/\"]}]},{\"@type\":\"ImageObject\",\"inLanguage\":\"en-US\",\"@id\":\"https:\/\/shop.tanadaithanh.vn\/en\/san-pham\/combo-he-xanh-mat-may-nlmt-dai-thanh-vigo-160l-58-bep-tu-rs-1020ce01\/#primaryimage\",\"url\":\"https:\/\/shop.tanadaithanh.vn\/wp-content\/uploads\/2025\/07\/EH3-2.png\",\"contentUrl\":\"https:\/\/shop.tanadaithanh.vn\/wp-content\/uploads\/2025\/07\/EH3-2.png\",\"width\":2000,\"height\":2000},{\"@type\":\"BreadcrumbList\",\"@id\":\"https:\/\/shop.tanadaithanh.vn\/en\/san-pham\/combo-he-xanh-mat-may-nlmt-dai-thanh-vigo-160l-58-bep-tu-rs-1020ce01\/#breadcrumb\",\"itemListElement\":[{\"@type\":\"ListItem\",\"position\":1,\"name\":\"Trang ch\u1ee7\",\"item\":\"https:\/\/shop.tanadaithanh.vn\/en\/\"},{\"@type\":\"ListItem\",\"position\":2,\"name\":\"Shop\",\"item\":\"https:\/\/shop.tanadaithanh.vn\/cua-hang\/\"},{\"@type\":\"ListItem\",\"position\":3,\"name\":\"COMBO ECO HOME: M\u00c1Y NLMT \u0110\u1ea0I TH\u00c0NH VIGO 160L\/58 + L\u1ecdc \u0111\u1ea7u ngu\u1ed3n Beluga B2.1\"}]},{\"@type\":\"WebSite\",\"@id\":\"https:\/\/shop.tanadaithanh.vn\/en\/#website\",\"url\":\"https:\/\/shop.tanadaithanh.vn\/en\/\",\"name\":\"T\u00e2n \u00c1 \u0110\u1ea1i Th\u00e0nh eShop - Trang website b\u00e1n h\u00e0ng ch\u00ednh th\u1ee9c T\u1eadp \u0111o\u00e0n T\u00e2n \u00c1 \u0110\u1ea1i Th\u00e0nh\",\"description\":\"Website b\u00e1n h\u00e0ng tr\u1ef1c tuy\u1ebfn v\u1eadn h\u00e0nh b\u1edfi ch\u00ednh T\u00e2n \u00c1 \u0110\u1ea1i Th\u00e0nh\",\"publisher\":{\"@id\":\"https:\/\/shop.tanadaithanh.vn\/en\/#organization\"},\"potentialAction\":[{\"@type\":\"SearchAction\",\"target\":{\"@type\":\"EntryPoint\",\"urlTemplate\":\"https:\/\/shop.tanadaithanh.vn\/en\/?s={search_term_string}\"},\"query-input\":{\"@type\":\"PropertyValueSpecification\",\"valueRequired\":true,\"valueName\":\"search_term_string\"}}],\"inLanguage\":\"en-US\"},{\"@type\":\"Organization\",\"@id\":\"https:\/\/shop.tanadaithanh.vn\/en\/#organization\",\"name\":\"T\u00e2n \u00c1 \u0110\u1ea1i Th\u00e0nh eShop - Trang website b\u00e1n h\u00e0ng ch\u00ednh th\u1ee9c T\u1eadp \u0111o\u00e0n T\u00e2n \u00c1 \u0110\u1ea1i Th\u00e0nh\",\"url\":\"https:\/\/shop.tanadaithanh.vn\/en\/\",\"logo\":{\"@type\":\"ImageObject\",\"inLanguage\":\"en-US\",\"@id\":\"https:\/\/shop.tanadaithanh.vn\/en\/#\/schema\/logo\/image\/\",\"url\":\"https:\/\/shop.tanadaithanh.vn\/wp-content\/uploads\/2025\/06\/Logo-2.png\",\"contentUrl\":\"https:\/\/shop.tanadaithanh.vn\/wp-content\/uploads\/2025\/06\/Logo-2.png\",\"width\":2000,\"height\":2000,\"caption\":\"T\u00e2n \u00c1 \u0110\u1ea1i Th\u00e0nh eShop - Trang website b\u00e1n h\u00e0ng ch\u00ednh th\u1ee9c T\u1eadp \u0111o\u00e0n T\u00e2n \u00c1 \u0110\u1ea1i Th\u00e0nh\"},\"image\":{\"@id\":\"https:\/\/shop.tanadaithanh.vn\/en\/#\/schema\/logo\/image\/\"},\"sameAs\":[\"https:\/\/www.facebook.com\/profile.php?id=61567171139919\",\"https:\/\/zalo.me\/3915163699004948284\"]}]}<\/script>\n<!-- \/ Yoast SEO plugin. -->","yoast_head_json":{"title":"COMBO ECO HOME: M\u00c1Y NLMT \u0110\u1ea0I TH\u00c0NH VIGO 160L\/58 + L\u1ecdc \u0111\u1ea7u ngu\u1ed3n Beluga B2.1 - T\u00e2n \u00c1 \u0110\u1ea1i Th\u00e0nh eShop","robots":{"index":"index","follow":"follow","max-snippet":"max-snippet:-1","max-image-preview":"max-image-preview:large","max-video-preview":"max-video-preview:-1"},"canonical":"https:\/\/shop.tanadaithanh.vn\/en\/san-pham\/combo-he-xanh-mat-may-nlmt-dai-thanh-vigo-160l-58-bep-tu-rs-1020ce01\/","og_locale":"en_US","og_type":"article","og_title":"COMBO ECO HOME: M\u00c1Y NLMT \u0110\u1ea0I TH\u00c0NH VIGO 160L\/58 + L\u1ecdc \u0111\u1ea7u ngu\u1ed3n Beluga B2.1 - T\u00e2n \u00c1 \u0110\u1ea1i Th\u00e0nh eShop","og_description":"Combo Eco Home EH3 \u2013 Tr\u1eef n\u01b0\u1edbc an to\u00e0n, t\u1eafm m\u00e1t th\u1ecfa th\u00edch, kh\u00f4ng lo \u0111i\u1ec7n. S\u1ef1 k\u1ebft h\u1ee3p gi\u1eefa M\u00c1Y NLMT \u0110\u1ea0I TH\u00c0NH VIGO 160L\/58 + L\u1ecdc \u0111\u1ea7u ngu\u1ed3n Beluga B2.1 mang \u0111\u1ebfn gi\u1ea3i ph\u00e1p ti\u1ebft ki\u1ec7m \u0111i\u1ec7n v\u00e0 b\u1ea3o v\u1ec7 s\u1ee9c kh\u1ecfe gia \u0111\u00ecnh. \u0110\u00e2y l\u00e0 l\u1ef1a ch\u1ecdn ph\u00f9 h\u1ee3p cho c\u00e1c h\u1ed9 gia \u0111\u00ecnh \u1edf th\u00e0nh th\u1ecb, v\u00f9ng n\u00f4ng th\u00f4n ho\u1eb7c khu v\u1ef1c c\u00f3 ngu\u1ed3n n\u01b0\u1edbc ph\u00e8n, m\u1eb7n.","og_url":"https:\/\/shop.tanadaithanh.vn\/en\/san-pham\/combo-he-xanh-mat-may-nlmt-dai-thanh-vigo-160l-58-bep-tu-rs-1020ce01\/","og_site_name":"T\u00e2n \u00c1 \u0110\u1ea1i Th\u00e0nh eShop","article_publisher":"https:\/\/www.facebook.com\/profile.php?id=61567171139919","article_modified_time":"2026-04-17T07:08:26+00:00","og_image":[{"width":1024,"height":1024,"url":"https:\/\/shop.tanadaithanh.vn\/wp-content\/uploads\/2025\/07\/EH3-2-1024x1024.png","type":"image\/png"}],"twitter_card":"summary_large_image","twitter_misc":{"Est. reading time":"4 minutes"},"schema":{"@context":"https:\/\/schema.org","@graph":[{"@type":"WebPage","@id":"https:\/\/shop.tanadaithanh.vn\/en\/san-pham\/combo-he-xanh-mat-may-nlmt-dai-thanh-vigo-160l-58-bep-tu-rs-1020ce01\/","url":"https:\/\/shop.tanadaithanh.vn\/en\/san-pham\/combo-he-xanh-mat-may-nlmt-dai-thanh-vigo-160l-58-bep-tu-rs-1020ce01\/","name":"COMBO ECO HOME: M\u00c1Y NLMT \u0110\u1ea0I TH\u00c0NH VIGO 160L\/58 + L\u1ecdc \u0111\u1ea7u ngu\u1ed3n Beluga B2.1 - T\u00e2n \u00c1 \u0110\u1ea1i Th\u00e0nh eShop","isPartOf":{"@id":"https:\/\/shop.tanadaithanh.vn\/en\/#website"},"primaryImageOfPage":{"@id":"https:\/\/shop.tanadaithanh.vn\/en\/san-pham\/combo-he-xanh-mat-may-nlmt-dai-thanh-vigo-160l-58-bep-tu-rs-1020ce01\/#primaryimage"},"image":{"@id":"https:\/\/shop.tanadaithanh.vn\/en\/san-pham\/combo-he-xanh-mat-may-nlmt-dai-thanh-vigo-160l-58-bep-tu-rs-1020ce01\/#primaryimage"},"thumbnailUrl":"https:\/\/shop.tanadaithanh.vn\/wp-content\/uploads\/2025\/07\/EH3-2.png","datePublished":"2025-07-03T01:39:30+00:00","dateModified":"2026-04-17T07:08:26+00:00","breadcrumb":{"@id":"https:\/\/shop.tanadaithanh.vn\/en\/san-pham\/combo-he-xanh-mat-may-nlmt-dai-thanh-vigo-160l-58-bep-tu-rs-1020ce01\/#breadcrumb"},"inLanguage":"en-US","potentialAction":[{"@type":"ReadAction","target":["https:\/\/shop.tanadaithanh.vn\/en\/san-pham\/combo-he-xanh-mat-may-nlmt-dai-thanh-vigo-160l-58-bep-tu-rs-1020ce01\/"]}]},{"@type":"ImageObject","inLanguage":"en-US","@id":"https:\/\/shop.tanadaithanh.vn\/en\/san-pham\/combo-he-xanh-mat-may-nlmt-dai-thanh-vigo-160l-58-bep-tu-rs-1020ce01\/#primaryimage","url":"https:\/\/shop.tanadaithanh.vn\/wp-content\/uploads\/2025\/07\/EH3-2.png","contentUrl":"https:\/\/shop.tanadaithanh.vn\/wp-content\/uploads\/2025\/07\/EH3-2.png","width":2000,"height":2000},{"@type":"BreadcrumbList","@id":"https:\/\/shop.tanadaithanh.vn\/en\/san-pham\/combo-he-xanh-mat-may-nlmt-dai-thanh-vigo-160l-58-bep-tu-rs-1020ce01\/#breadcrumb","itemListElement":[{"@type":"ListItem","position":1,"name":"Trang ch\u1ee7","item":"https:\/\/shop.tanadaithanh.vn\/en\/"},{"@type":"ListItem","position":2,"name":"Shop","item":"https:\/\/shop.tanadaithanh.vn\/cua-hang\/"},{"@type":"ListItem","position":3,"name":"COMBO ECO HOME: M\u00c1Y NLMT \u0110\u1ea0I TH\u00c0NH VIGO 160L\/58 + L\u1ecdc \u0111\u1ea7u ngu\u1ed3n Beluga B2.1"}]},{"@type":"WebSite","@id":"https:\/\/shop.tanadaithanh.vn\/en\/#website","url":"https:\/\/shop.tanadaithanh.vn\/en\/","name":"T\u00e2n \u00c1 \u0110\u1ea1i Th\u00e0nh eShop - Trang website b\u00e1n h\u00e0ng ch\u00ednh th\u1ee9c T\u1eadp \u0111o\u00e0n T\u00e2n \u00c1 \u0110\u1ea1i Th\u00e0nh","description":"Website b\u00e1n h\u00e0ng tr\u1ef1c tuy\u1ebfn v\u1eadn h\u00e0nh b\u1edfi ch\u00ednh T\u00e2n \u00c1 \u0110\u1ea1i Th\u00e0nh","publisher":{"@id":"https:\/\/shop.tanadaithanh.vn\/en\/#organization"},"potentialAction":[{"@type":"SearchAction","target":{"@type":"EntryPoint","urlTemplate":"https:\/\/shop.tanadaithanh.vn\/en\/?s={search_term_string}"},"query-input":{"@type":"PropertyValueSpecification","valueRequired":true,"valueName":"search_term_string"}}],"inLanguage":"en-US"},{"@type":"Organization","@id":"https:\/\/shop.tanadaithanh.vn\/en\/#organization","name":"T\u00e2n \u00c1 \u0110\u1ea1i Th\u00e0nh eShop - Trang website b\u00e1n h\u00e0ng ch\u00ednh th\u1ee9c T\u1eadp \u0111o\u00e0n T\u00e2n \u00c1 \u0110\u1ea1i Th\u00e0nh","url":"https:\/\/shop.tanadaithanh.vn\/en\/","logo":{"@type":"ImageObject","inLanguage":"en-US","@id":"https:\/\/shop.tanadaithanh.vn\/en\/#\/schema\/logo\/image\/","url":"https:\/\/shop.tanadaithanh.vn\/wp-content\/uploads\/2025\/06\/Logo-2.png","contentUrl":"https:\/\/shop.tanadaithanh.vn\/wp-content\/uploads\/2025\/06\/Logo-2.png","width":2000,"height":2000,"caption":"T\u00e2n \u00c1 \u0110\u1ea1i Th\u00e0nh eShop - Trang website b\u00e1n h\u00e0ng ch\u00ednh th\u1ee9c T\u1eadp \u0111o\u00e0n T\u00e2n \u00c1 \u0110\u1ea1i Th\u00e0nh"},"image":{"@id":"https:\/\/shop.tanadaithanh.vn\/en\/#\/schema\/logo\/image\/"},"sameAs":["https:\/\/www.facebook.com\/profile.php?id=61567171139919","https:\/\/zalo.me\/3915163699004948284"]}]}},"_links":{"self":[{"href":"https:\/\/shop.tanadaithanh.vn\/en\/wp-json\/wp\/v2\/product\/24332","targetHints":{"allow":["GET"]}}],"collection":[{"href":"https:\/\/shop.tanadaithanh.vn\/en\/wp-json\/wp\/v2\/product"}],"about":[{"href":"https:\/\/shop.tanadaithanh.vn\/en\/wp-json\/wp\/v2\/types\/product"}],"replies":[{"embeddable":true,"href":"https:\/\/shop.tanadaithanh.vn\/en\/wp-json\/wp\/v2\/comments?post=24332"}],"version-history":[{"count":8,"href":"https:\/\/shop.tanadaithanh.vn\/en\/wp-json\/wp\/v2\/product\/24332\/revisions"}],"predecessor-version":[{"id":24354,"href":"https:\/\/shop.tanadaithanh.vn\/en\/wp-json\/wp\/v2\/product\/24332\/revisions\/24354"}],"wp:featuredmedia":[{"embeddable":true,"href":"https:\/\/shop.tanadaithanh.vn\/en\/wp-json\/wp\/v2\/media\/32627"}],"wp:attachment":[{"href":"https:\/\/shop.tanadaithanh.vn\/en\/wp-json\/wp\/v2\/media?parent=24332"}],"wp:term":[{"taxonomy":"region","embeddable":true,"href":"https:\/\/shop.tanadaithanh.vn\/en\/wp-json\/wp\/v2\/region?post=24332"},{"taxonomy":"product_brand","embeddable":true,"href":"https:\/\/shop.tanadaithanh.vn\/en\/wp-json\/wp\/v2\/product_brand?post=24332"},{"taxonomy":"product_cat","embeddable":true,"href":"https:\/\/shop.tanadaithanh.vn\/en\/wp-json\/wp\/v2\/product_cat?post=24332"},{"taxonomy":"product_tag","embeddable":true,"href":"https:\/\/shop.tanadaithanh.vn\/en\/wp-json\/wp\/v2\/product_tag?post=24332"}],"curies":[{"name":"wp","href":"https:\/\/api.w.org\/{rel}","templated":true}]}}