{"id":24328,"date":"2025-07-03T08:36:11","date_gmt":"2025-07-03T01:36:11","guid":{"rendered":"https:\/\/shop.tanadaithanh.vn\/?post_type=product&#038;p=24328"},"modified":"2026-04-09T11:41:46","modified_gmt":"2026-04-09T04:41:46","slug":"combo-he-xanh-mat-bon-nhua-plasman-1000d-may-nlmt-dai-thanh-core-160l-58","status":"publish","type":"product","link":"https:\/\/shop.tanadaithanh.vn\/en\/san-pham\/combo-he-xanh-mat-bon-nhua-plasman-1000d-may-nlmt-dai-thanh-core-160l-58\/","title":{"rendered":"COMBO ECO HOME: M\u00e1y NLMT \u0110\u1ea1i Th\u00e0nh Classic 180L\/58 + B\u1ed9 v\u00f2i sen c\u00e2y Rossi R806SC"},"content":{"rendered":"<div class=\"col-lg-9 col-md-9 col-xs-12\">\n<div class=\"row\">\n<div class=\"col-xs-12 col-sm-12 col-md-12 margin-top-15 margin-bottom-10\">\n<div class=\"bs-example bs-example-tabs\" role=\"tabpanel\" data-example-id=\"togglable-tabs\">\n<div id=\"myTabContent\" class=\"tab-content\">\n<div id=\"home\" class=\"tab-pane fade in active\" role=\"tabpanel\" aria-labelledby=\"home-tab\">\n<div class=\"well product-well expanded\">\n<div class=\"row ababa\">\n<div class=\"col-md-12\">\n<h2><strong>Combo Ecohome EH02: Ti\u1ebft ki\u1ec7m \u0111i\u1ec7n n\u0103ng &#8211; Th\u01b0 gi\u00e3n tuy\u1ec7t \u0111\u1ed1i<\/strong><\/h2>\n<p>S\u1ef1 k\u1ebft h\u1ee3p gi\u1eefa b\u1ed9 sen t\u1eafm c\u00e2y Rossi R806SC v\u00e0 m\u00e1y n\u01b0\u1edbc n\u00f3ng n\u0103ng l\u01b0\u1ee3ng m\u1eb7t tr\u1eddi \u0110\u1ea1i Th\u00e0nh Classic 180L (\u03a658) mang \u0111\u1ebfn gi\u1ea3i ph\u00e1p ti\u1ebft ki\u1ec7m \u0111i\u1ec7n, \u0111\u1ea3m b\u1ea3o ch\u1ea5t l\u01b0\u1ee3ng ngu\u1ed3n n\u01b0\u1edbc t\u1eafm c\u0169ng nh\u01b0 mang t\u1edbi tr\u1ea3i nghi\u1ec7m t\u1eafm th\u01b0 gi\u00e3n gi\u00fap c\u01a1 th\u1ec3 gi\u1ea3i t\u1ecfa \u00e1p l\u1ef1c.<\/p>\n<h3>B\u1ed9 sen t\u1eafm c\u00e2y Rossi R806SC<\/h3>\n<ul>\n<li>Ch\u1ea5t li\u1ec7u \u0111\u1ed3ng thau 59%: Ch\u1ed1ng \u0103n m\u00f2n, kh\u00f4ng g\u1ec9 s\u00e9t, \u0111\u1ed9 b\u1ec1n cao, kh\u00f4ng ch\u1ee9a t\u1ea1p ch\u1ea5t g\u00e2y h\u1ea1i \u0111\u1ea3m b\u1ea3o s\u1ee9c kh\u1ecfe cho ng\u01b0\u1eddi d\u00f9ng<\/li>\n<li>B\u00e1t sen \u0111\u01b0\u1eddng k\u00ednh r\u1ed9ng: Ti\u1ebft di\u1ec7n n\u01b0\u1edbc l\u1edbn, mang l\u1ea1i c\u1ea3m gi\u00e1c t\u1eafm th\u01b0 gi\u00e3n, s\u1ea3ng kho\u00e1i<\/li>\n<li>B\u1ed9 chia n\u01b0\u1edbc Sedal nh\u1eadp kh\u1ea9u T\u00e2y Ban Nha: Kh\u00f4ng r\u00f2 r\u1ec9 n\u01b0\u1edbc, ti\u1ebft ki\u1ec7m t\u1ed1i \u0111a l\u01b0\u1ee3ng n\u01b0\u1edbc sinh ho\u1ea1t, tr\u00e1nh t\u00ecnh tr\u1ea1ng n\u01b0\u1edbc n\u00f3ng &#8211; n\u01b0\u1edbc l\u1ea1nh th\u1ea5t th\u01b0\u1eddng<\/li>\n<li>B\u1ea3o h\u00e0nh ch\u00ednh h\u00e3ng: 2 n\u0103m<\/li>\n<\/ul>\n<h3>M\u00e1y n\u01b0\u1edbc n\u00f3ng NLMT \u0110\u1ea1i Th\u00e0nh Classic 180L (\u03a6 58)<\/h3>\n<ul>\n<li>L\u1edbp b\u1ea3o \u00f4n: Ru\u1ed9t b\u00ecnh b\u1ea3o \u00f4n \u0111\u01b0\u1ee3c l\u00e0m b\u1eb1ng ch\u1ea5t li\u1ec7u Inox 316, \u0111\u1ed9 b\u1ec1n cao, \u0111\u1ea3m b\u1ea3o an to\u00e0n v\u1ec7 sinh th\u1ef1c ph\u1ea9m v\u1edbi \u0111\u1ed9 d\u00e0y 0,4mm. L\u1edbp gi\u1eef nhi\u1ec7t b\u1eb1ng h\u1ee3p ch\u1ea5t Foam (\u0111\u1ed9 d\u00e0y 55mm) \u0111\u1ed9 n\u00e9n ch\u1eb7t, v\u00e0 gi\u1eef nhi\u1ec7t l\u00ean \u0111\u1ebfn 120 gi\u1edd.<\/li>\n<li>Ch\u00e2n m\u00e1y: Nguy\u00ean li\u1ec7u Inox si\u00eau b\u1ec1n, \u0111\u1ea3m b\u1ea3o \u0111\u1ed9 c\u1ee9ng, v\u1eefng v\u00e0 ch\u1ecbu l\u1ef1c t\u1ed1t.<\/li>\n<li>V\u1ecf b\u00ecnh b\u1ea3o \u00f4n: Nguy\u00ean li\u1ec7u Th\u00e9p kh\u00f4ng g\u1ec9, ch\u1ecbu \u0111\u01b0\u1ee3c c\u00e1c ki\u1ec3u th\u1eddi ti\u1ebft kh\u1eafc nghi\u1ec7t.<\/li>\n<li>B\u1ea3o h\u00e0nh ch\u00ednh h\u00e3ng: 7 n\u0103m<\/li>\n<\/ul>\n<p>Combo Ecohome EH02 l\u00e0 l\u1ef1a ch\u1ecdn th\u00f4ng minh cho gia \u0111\u00ecnh mu\u1ed1n ti\u1ebft ki\u1ec7m \u0111i\u1ec7n,\u00a0t\u1eadn d\u1ee5ng t\u1ed1i \u0111a ngu\u1ed3n n\u0103ng l\u01b0\u1ee3ng t\u1ef1 nhi\u00ean v\u00e0 mong mu\u1ed1n c\u00f3 tr\u1ea3i nghi\u1ec7m t\u1eafm tho\u1ea3i m\u00e1i, th\u01b0 th\u00e1i nh\u1ea5t.<\/p>\n<p>\u0110\u1eb7t mua combo ngay h\u00f4m nay \u0111\u1ec3 nh\u1eadn gi\u00e1 \u01b0u \u0111\u00e3i \u0111\u1eb7c bi\u1ec7t v\u00e0 giao h\u00e0ng t\u1eadn n\u01a1i to\u00e0n qu\u1ed1c t\u1eeb h\u1ec7 th\u1ed1ng ch\u00ednh h\u00e3ng T\u00e2n \u00c1 \u0110\u1ea1i Th\u00e0nh!<\/p>\n<\/div>\n<\/div>\n<\/div>\n<\/div>\n<\/div>\n<\/div>\n<\/div>\n<\/div>\n<\/div>\n","protected":false},"excerpt":{"rendered":"<p>Combo Eco Home 2 l\u00e0 s\u1ef1 k\u1ebft h\u1ee3p gi\u1eefa b\u1ed9 sen t\u1eafm c\u00e2y Rossi R806SC v\u00e0 m\u00e1y n\u01b0\u1edbc n\u00f3ng n\u0103ng l\u01b0\u1ee3ng m\u1eb7t tr\u1eddi \u0110\u1ea1i Th\u00e0nh Classic 180L (\u03a658), h\u1ee9a h\u1eb9n mang \u0111\u1ebfn gi\u1ea3i ph\u00e1p ti\u1ebft ki\u1ec7m \u0111i\u1ec7n, \u0111\u1ea3m b\u1ea3o ch\u1ea5t l\u01b0\u1ee3ng ngu\u1ed3n n\u01b0\u1edbc t\u1eafm c\u0169ng nh\u01b0 mang t\u1edbi tr\u1ea3i nghi\u1ec7m t\u1eafm th\u01b0 gi\u00e3n gi\u00fap c\u01a1 th\u1ec3 gi\u1ea3i t\u1ecfa \u00e1p l\u1ef1c.<\/p>\n","protected":false},"featured_media":32463,"comment_status":"open","ping_status":"closed","template":"","meta":[],"region":[260],"product_brand":[],"product_cat":[685],"product_tag":[1300,1295,1299],"class_list":{"0":"post-24328","1":"product","2":"type-product","3":"status-publish","4":"has-post-thumbnail","6":"region-mien-nam","7":"product_cat-combo","8":"product_tag-bo-voi-sen-cay-rossi-r806sc","9":"product_tag-combo-gia-dung","10":"product_tag-may-nlmt-dai-thanh-classic-180l-5","12":"first","13":"instock","14":"sale","15":"sold-individually","16":"purchasable","17":"product-type-simple"},"yoast_head":"<!-- This site is optimized with the Yoast SEO plugin v24.6 - https:\/\/yoast.com\/wordpress\/plugins\/seo\/ -->\n<title>COMBO ECO HOME: M\u00e1y NLMT \u0110\u1ea1i Th\u00e0nh Classic 180L\/58 + B\u1ed9 v\u00f2i sen c\u00e2y Rossi R806SC - T\u00e2n \u00c1 \u0110\u1ea1i Th\u00e0nh eShop<\/title>\n<meta name=\"robots\" content=\"index, follow, max-snippet:-1, max-image-preview:large, max-video-preview:-1\" \/>\n<link rel=\"canonical\" href=\"https:\/\/shop.tanadaithanh.vn\/en\/san-pham\/combo-he-xanh-mat-bon-nhua-plasman-1000d-may-nlmt-dai-thanh-core-160l-58\/\" \/>\n<meta property=\"og:locale\" content=\"en_US\" \/>\n<meta property=\"og:type\" content=\"article\" \/>\n<meta property=\"og:title\" content=\"COMBO ECO HOME: M\u00e1y NLMT \u0110\u1ea1i Th\u00e0nh Classic 180L\/58 + B\u1ed9 v\u00f2i sen c\u00e2y Rossi R806SC - T\u00e2n \u00c1 \u0110\u1ea1i Th\u00e0nh eShop\" \/>\n<meta property=\"og:description\" content=\"Combo Eco Home 2 l\u00e0 s\u1ef1 k\u1ebft h\u1ee3p gi\u1eefa b\u1ed9 sen t\u1eafm c\u00e2y Rossi R806SC v\u00e0 m\u00e1y n\u01b0\u1edbc n\u00f3ng n\u0103ng l\u01b0\u1ee3ng m\u1eb7t tr\u1eddi \u0110\u1ea1i Th\u00e0nh Classic 180L (\u03a658), h\u1ee9a h\u1eb9n mang \u0111\u1ebfn gi\u1ea3i ph\u00e1p ti\u1ebft ki\u1ec7m \u0111i\u1ec7n, \u0111\u1ea3m b\u1ea3o ch\u1ea5t l\u01b0\u1ee3ng ngu\u1ed3n n\u01b0\u1edbc t\u1eafm c\u0169ng nh\u01b0 mang t\u1edbi tr\u1ea3i nghi\u1ec7m t\u1eafm th\u01b0 gi\u00e3n gi\u00fap c\u01a1 th\u1ec3 gi\u1ea3i t\u1ecfa \u00e1p l\u1ef1c.\" \/>\n<meta property=\"og:url\" content=\"https:\/\/shop.tanadaithanh.vn\/en\/san-pham\/combo-he-xanh-mat-bon-nhua-plasman-1000d-may-nlmt-dai-thanh-core-160l-58\/\" \/>\n<meta property=\"og:site_name\" content=\"T\u00e2n \u00c1 \u0110\u1ea1i Th\u00e0nh eShop\" \/>\n<meta property=\"article:publisher\" content=\"https:\/\/www.facebook.com\/profile.php?id=61567171139919\" \/>\n<meta property=\"article:modified_time\" content=\"2026-04-09T04:41:46+00:00\" \/>\n<meta property=\"og:image\" content=\"https:\/\/shop.tanadaithanh.vn\/wp-content\/uploads\/2025\/07\/EH2-1-1024x1024.png\" \/>\n\t<meta property=\"og:image:width\" content=\"1024\" \/>\n\t<meta property=\"og:image:height\" content=\"1024\" \/>\n\t<meta property=\"og:image:type\" content=\"image\/png\" \/>\n<meta name=\"twitter:card\" content=\"summary_large_image\" \/>\n<meta name=\"twitter:label1\" content=\"Est. reading time\" \/>\n\t<meta name=\"twitter:data1\" content=\"2 minutes\" \/>\n<script type=\"application\/ld+json\" class=\"yoast-schema-graph\">{\"@context\":\"https:\/\/schema.org\",\"@graph\":[{\"@type\":\"WebPage\",\"@id\":\"https:\/\/shop.tanadaithanh.vn\/en\/san-pham\/combo-he-xanh-mat-bon-nhua-plasman-1000d-may-nlmt-dai-thanh-core-160l-58\/\",\"url\":\"https:\/\/shop.tanadaithanh.vn\/en\/san-pham\/combo-he-xanh-mat-bon-nhua-plasman-1000d-may-nlmt-dai-thanh-core-160l-58\/\",\"name\":\"COMBO ECO HOME: M\u00e1y NLMT \u0110\u1ea1i Th\u00e0nh Classic 180L\/58 + B\u1ed9 v\u00f2i sen c\u00e2y Rossi R806SC - T\u00e2n \u00c1 \u0110\u1ea1i Th\u00e0nh eShop\",\"isPartOf\":{\"@id\":\"https:\/\/shop.tanadaithanh.vn\/en\/#website\"},\"primaryImageOfPage\":{\"@id\":\"https:\/\/shop.tanadaithanh.vn\/en\/san-pham\/combo-he-xanh-mat-bon-nhua-plasman-1000d-may-nlmt-dai-thanh-core-160l-58\/#primaryimage\"},\"image\":{\"@id\":\"https:\/\/shop.tanadaithanh.vn\/en\/san-pham\/combo-he-xanh-mat-bon-nhua-plasman-1000d-may-nlmt-dai-thanh-core-160l-58\/#primaryimage\"},\"thumbnailUrl\":\"https:\/\/shop.tanadaithanh.vn\/wp-content\/uploads\/2025\/07\/EH2-1.png\",\"datePublished\":\"2025-07-03T01:36:11+00:00\",\"dateModified\":\"2026-04-09T04:41:46+00:00\",\"breadcrumb\":{\"@id\":\"https:\/\/shop.tanadaithanh.vn\/en\/san-pham\/combo-he-xanh-mat-bon-nhua-plasman-1000d-may-nlmt-dai-thanh-core-160l-58\/#breadcrumb\"},\"inLanguage\":\"en-US\",\"potentialAction\":[{\"@type\":\"ReadAction\",\"target\":[\"https:\/\/shop.tanadaithanh.vn\/en\/san-pham\/combo-he-xanh-mat-bon-nhua-plasman-1000d-may-nlmt-dai-thanh-core-160l-58\/\"]}]},{\"@type\":\"ImageObject\",\"inLanguage\":\"en-US\",\"@id\":\"https:\/\/shop.tanadaithanh.vn\/en\/san-pham\/combo-he-xanh-mat-bon-nhua-plasman-1000d-may-nlmt-dai-thanh-core-160l-58\/#primaryimage\",\"url\":\"https:\/\/shop.tanadaithanh.vn\/wp-content\/uploads\/2025\/07\/EH2-1.png\",\"contentUrl\":\"https:\/\/shop.tanadaithanh.vn\/wp-content\/uploads\/2025\/07\/EH2-1.png\",\"width\":2000,\"height\":2000},{\"@type\":\"BreadcrumbList\",\"@id\":\"https:\/\/shop.tanadaithanh.vn\/en\/san-pham\/combo-he-xanh-mat-bon-nhua-plasman-1000d-may-nlmt-dai-thanh-core-160l-58\/#breadcrumb\",\"itemListElement\":[{\"@type\":\"ListItem\",\"position\":1,\"name\":\"Trang ch\u1ee7\",\"item\":\"https:\/\/shop.tanadaithanh.vn\/en\/\"},{\"@type\":\"ListItem\",\"position\":2,\"name\":\"Shop\",\"item\":\"https:\/\/shop.tanadaithanh.vn\/cua-hang\/\"},{\"@type\":\"ListItem\",\"position\":3,\"name\":\"COMBO ECO HOME: M\u00e1y NLMT \u0110\u1ea1i Th\u00e0nh Classic 180L\/58 + B\u1ed9 v\u00f2i sen c\u00e2y Rossi R806SC\"}]},{\"@type\":\"WebSite\",\"@id\":\"https:\/\/shop.tanadaithanh.vn\/en\/#website\",\"url\":\"https:\/\/shop.tanadaithanh.vn\/en\/\",\"name\":\"T\u00e2n \u00c1 \u0110\u1ea1i Th\u00e0nh eShop - Trang website b\u00e1n h\u00e0ng ch\u00ednh th\u1ee9c T\u1eadp \u0111o\u00e0n T\u00e2n \u00c1 \u0110\u1ea1i Th\u00e0nh\",\"description\":\"Website b\u00e1n h\u00e0ng tr\u1ef1c tuy\u1ebfn v\u1eadn h\u00e0nh b\u1edfi ch\u00ednh T\u00e2n \u00c1 \u0110\u1ea1i Th\u00e0nh\",\"publisher\":{\"@id\":\"https:\/\/shop.tanadaithanh.vn\/en\/#organization\"},\"potentialAction\":[{\"@type\":\"SearchAction\",\"target\":{\"@type\":\"EntryPoint\",\"urlTemplate\":\"https:\/\/shop.tanadaithanh.vn\/en\/?s={search_term_string}\"},\"query-input\":{\"@type\":\"PropertyValueSpecification\",\"valueRequired\":true,\"valueName\":\"search_term_string\"}}],\"inLanguage\":\"en-US\"},{\"@type\":\"Organization\",\"@id\":\"https:\/\/shop.tanadaithanh.vn\/en\/#organization\",\"name\":\"T\u00e2n \u00c1 \u0110\u1ea1i Th\u00e0nh eShop - Trang website b\u00e1n h\u00e0ng ch\u00ednh th\u1ee9c T\u1eadp \u0111o\u00e0n T\u00e2n \u00c1 \u0110\u1ea1i Th\u00e0nh\",\"url\":\"https:\/\/shop.tanadaithanh.vn\/en\/\",\"logo\":{\"@type\":\"ImageObject\",\"inLanguage\":\"en-US\",\"@id\":\"https:\/\/shop.tanadaithanh.vn\/en\/#\/schema\/logo\/image\/\",\"url\":\"https:\/\/shop.tanadaithanh.vn\/wp-content\/uploads\/2025\/06\/Logo-2.png\",\"contentUrl\":\"https:\/\/shop.tanadaithanh.vn\/wp-content\/uploads\/2025\/06\/Logo-2.png\",\"width\":2000,\"height\":2000,\"caption\":\"T\u00e2n \u00c1 \u0110\u1ea1i Th\u00e0nh eShop - Trang website b\u00e1n h\u00e0ng ch\u00ednh th\u1ee9c T\u1eadp \u0111o\u00e0n T\u00e2n \u00c1 \u0110\u1ea1i Th\u00e0nh\"},\"image\":{\"@id\":\"https:\/\/shop.tanadaithanh.vn\/en\/#\/schema\/logo\/image\/\"},\"sameAs\":[\"https:\/\/www.facebook.com\/profile.php?id=61567171139919\",\"https:\/\/zalo.me\/3915163699004948284\"]}]}<\/script>\n<!-- \/ Yoast SEO plugin. -->","yoast_head_json":{"title":"COMBO ECO HOME: M\u00e1y NLMT \u0110\u1ea1i Th\u00e0nh Classic 180L\/58 + B\u1ed9 v\u00f2i sen c\u00e2y Rossi R806SC - T\u00e2n \u00c1 \u0110\u1ea1i Th\u00e0nh eShop","robots":{"index":"index","follow":"follow","max-snippet":"max-snippet:-1","max-image-preview":"max-image-preview:large","max-video-preview":"max-video-preview:-1"},"canonical":"https:\/\/shop.tanadaithanh.vn\/en\/san-pham\/combo-he-xanh-mat-bon-nhua-plasman-1000d-may-nlmt-dai-thanh-core-160l-58\/","og_locale":"en_US","og_type":"article","og_title":"COMBO ECO HOME: M\u00e1y NLMT \u0110\u1ea1i Th\u00e0nh Classic 180L\/58 + B\u1ed9 v\u00f2i sen c\u00e2y Rossi R806SC - T\u00e2n \u00c1 \u0110\u1ea1i Th\u00e0nh eShop","og_description":"Combo Eco Home 2 l\u00e0 s\u1ef1 k\u1ebft h\u1ee3p gi\u1eefa b\u1ed9 sen t\u1eafm c\u00e2y Rossi R806SC v\u00e0 m\u00e1y n\u01b0\u1edbc n\u00f3ng n\u0103ng l\u01b0\u1ee3ng m\u1eb7t tr\u1eddi \u0110\u1ea1i Th\u00e0nh Classic 180L (\u03a658), h\u1ee9a h\u1eb9n mang \u0111\u1ebfn gi\u1ea3i ph\u00e1p ti\u1ebft ki\u1ec7m \u0111i\u1ec7n, \u0111\u1ea3m b\u1ea3o ch\u1ea5t l\u01b0\u1ee3ng ngu\u1ed3n n\u01b0\u1edbc t\u1eafm c\u0169ng nh\u01b0 mang t\u1edbi tr\u1ea3i nghi\u1ec7m t\u1eafm th\u01b0 gi\u00e3n gi\u00fap c\u01a1 th\u1ec3 gi\u1ea3i t\u1ecfa \u00e1p l\u1ef1c.","og_url":"https:\/\/shop.tanadaithanh.vn\/en\/san-pham\/combo-he-xanh-mat-bon-nhua-plasman-1000d-may-nlmt-dai-thanh-core-160l-58\/","og_site_name":"T\u00e2n \u00c1 \u0110\u1ea1i Th\u00e0nh eShop","article_publisher":"https:\/\/www.facebook.com\/profile.php?id=61567171139919","article_modified_time":"2026-04-09T04:41:46+00:00","og_image":[{"width":1024,"height":1024,"url":"https:\/\/shop.tanadaithanh.vn\/wp-content\/uploads\/2025\/07\/EH2-1-1024x1024.png","type":"image\/png"}],"twitter_card":"summary_large_image","twitter_misc":{"Est. reading time":"2 minutes"},"schema":{"@context":"https:\/\/schema.org","@graph":[{"@type":"WebPage","@id":"https:\/\/shop.tanadaithanh.vn\/en\/san-pham\/combo-he-xanh-mat-bon-nhua-plasman-1000d-may-nlmt-dai-thanh-core-160l-58\/","url":"https:\/\/shop.tanadaithanh.vn\/en\/san-pham\/combo-he-xanh-mat-bon-nhua-plasman-1000d-may-nlmt-dai-thanh-core-160l-58\/","name":"COMBO ECO HOME: M\u00e1y NLMT \u0110\u1ea1i Th\u00e0nh Classic 180L\/58 + B\u1ed9 v\u00f2i sen c\u00e2y Rossi R806SC - T\u00e2n \u00c1 \u0110\u1ea1i Th\u00e0nh eShop","isPartOf":{"@id":"https:\/\/shop.tanadaithanh.vn\/en\/#website"},"primaryImageOfPage":{"@id":"https:\/\/shop.tanadaithanh.vn\/en\/san-pham\/combo-he-xanh-mat-bon-nhua-plasman-1000d-may-nlmt-dai-thanh-core-160l-58\/#primaryimage"},"image":{"@id":"https:\/\/shop.tanadaithanh.vn\/en\/san-pham\/combo-he-xanh-mat-bon-nhua-plasman-1000d-may-nlmt-dai-thanh-core-160l-58\/#primaryimage"},"thumbnailUrl":"https:\/\/shop.tanadaithanh.vn\/wp-content\/uploads\/2025\/07\/EH2-1.png","datePublished":"2025-07-03T01:36:11+00:00","dateModified":"2026-04-09T04:41:46+00:00","breadcrumb":{"@id":"https:\/\/shop.tanadaithanh.vn\/en\/san-pham\/combo-he-xanh-mat-bon-nhua-plasman-1000d-may-nlmt-dai-thanh-core-160l-58\/#breadcrumb"},"inLanguage":"en-US","potentialAction":[{"@type":"ReadAction","target":["https:\/\/shop.tanadaithanh.vn\/en\/san-pham\/combo-he-xanh-mat-bon-nhua-plasman-1000d-may-nlmt-dai-thanh-core-160l-58\/"]}]},{"@type":"ImageObject","inLanguage":"en-US","@id":"https:\/\/shop.tanadaithanh.vn\/en\/san-pham\/combo-he-xanh-mat-bon-nhua-plasman-1000d-may-nlmt-dai-thanh-core-160l-58\/#primaryimage","url":"https:\/\/shop.tanadaithanh.vn\/wp-content\/uploads\/2025\/07\/EH2-1.png","contentUrl":"https:\/\/shop.tanadaithanh.vn\/wp-content\/uploads\/2025\/07\/EH2-1.png","width":2000,"height":2000},{"@type":"BreadcrumbList","@id":"https:\/\/shop.tanadaithanh.vn\/en\/san-pham\/combo-he-xanh-mat-bon-nhua-plasman-1000d-may-nlmt-dai-thanh-core-160l-58\/#breadcrumb","itemListElement":[{"@type":"ListItem","position":1,"name":"Trang ch\u1ee7","item":"https:\/\/shop.tanadaithanh.vn\/en\/"},{"@type":"ListItem","position":2,"name":"Shop","item":"https:\/\/shop.tanadaithanh.vn\/cua-hang\/"},{"@type":"ListItem","position":3,"name":"COMBO ECO HOME: M\u00e1y NLMT \u0110\u1ea1i Th\u00e0nh Classic 180L\/58 + B\u1ed9 v\u00f2i sen c\u00e2y Rossi R806SC"}]},{"@type":"WebSite","@id":"https:\/\/shop.tanadaithanh.vn\/en\/#website","url":"https:\/\/shop.tanadaithanh.vn\/en\/","name":"T\u00e2n \u00c1 \u0110\u1ea1i Th\u00e0nh eShop - Trang website b\u00e1n h\u00e0ng ch\u00ednh th\u1ee9c T\u1eadp \u0111o\u00e0n T\u00e2n \u00c1 \u0110\u1ea1i Th\u00e0nh","description":"Website b\u00e1n h\u00e0ng tr\u1ef1c tuy\u1ebfn v\u1eadn h\u00e0nh b\u1edfi ch\u00ednh T\u00e2n \u00c1 \u0110\u1ea1i Th\u00e0nh","publisher":{"@id":"https:\/\/shop.tanadaithanh.vn\/en\/#organization"},"potentialAction":[{"@type":"SearchAction","target":{"@type":"EntryPoint","urlTemplate":"https:\/\/shop.tanadaithanh.vn\/en\/?s={search_term_string}"},"query-input":{"@type":"PropertyValueSpecification","valueRequired":true,"valueName":"search_term_string"}}],"inLanguage":"en-US"},{"@type":"Organization","@id":"https:\/\/shop.tanadaithanh.vn\/en\/#organization","name":"T\u00e2n \u00c1 \u0110\u1ea1i Th\u00e0nh eShop - Trang website b\u00e1n h\u00e0ng ch\u00ednh th\u1ee9c T\u1eadp \u0111o\u00e0n T\u00e2n \u00c1 \u0110\u1ea1i Th\u00e0nh","url":"https:\/\/shop.tanadaithanh.vn\/en\/","logo":{"@type":"ImageObject","inLanguage":"en-US","@id":"https:\/\/shop.tanadaithanh.vn\/en\/#\/schema\/logo\/image\/","url":"https:\/\/shop.tanadaithanh.vn\/wp-content\/uploads\/2025\/06\/Logo-2.png","contentUrl":"https:\/\/shop.tanadaithanh.vn\/wp-content\/uploads\/2025\/06\/Logo-2.png","width":2000,"height":2000,"caption":"T\u00e2n \u00c1 \u0110\u1ea1i Th\u00e0nh eShop - Trang website b\u00e1n h\u00e0ng ch\u00ednh th\u1ee9c T\u1eadp \u0111o\u00e0n T\u00e2n \u00c1 \u0110\u1ea1i Th\u00e0nh"},"image":{"@id":"https:\/\/shop.tanadaithanh.vn\/en\/#\/schema\/logo\/image\/"},"sameAs":["https:\/\/www.facebook.com\/profile.php?id=61567171139919","https:\/\/zalo.me\/3915163699004948284"]}]}},"_links":{"self":[{"href":"https:\/\/shop.tanadaithanh.vn\/en\/wp-json\/wp\/v2\/product\/24328","targetHints":{"allow":["GET"]}}],"collection":[{"href":"https:\/\/shop.tanadaithanh.vn\/en\/wp-json\/wp\/v2\/product"}],"about":[{"href":"https:\/\/shop.tanadaithanh.vn\/en\/wp-json\/wp\/v2\/types\/product"}],"replies":[{"embeddable":true,"href":"https:\/\/shop.tanadaithanh.vn\/en\/wp-json\/wp\/v2\/comments?post=24328"}],"version-history":[{"count":6,"href":"https:\/\/shop.tanadaithanh.vn\/en\/wp-json\/wp\/v2\/product\/24328\/revisions"}],"predecessor-version":[{"id":30693,"href":"https:\/\/shop.tanadaithanh.vn\/en\/wp-json\/wp\/v2\/product\/24328\/revisions\/30693"}],"wp:featuredmedia":[{"embeddable":true,"href":"https:\/\/shop.tanadaithanh.vn\/en\/wp-json\/wp\/v2\/media\/32463"}],"wp:attachment":[{"href":"https:\/\/shop.tanadaithanh.vn\/en\/wp-json\/wp\/v2\/media?parent=24328"}],"wp:term":[{"taxonomy":"region","embeddable":true,"href":"https:\/\/shop.tanadaithanh.vn\/en\/wp-json\/wp\/v2\/region?post=24328"},{"taxonomy":"product_brand","embeddable":true,"href":"https:\/\/shop.tanadaithanh.vn\/en\/wp-json\/wp\/v2\/product_brand?post=24328"},{"taxonomy":"product_cat","embeddable":true,"href":"https:\/\/shop.tanadaithanh.vn\/en\/wp-json\/wp\/v2\/product_cat?post=24328"},{"taxonomy":"product_tag","embeddable":true,"href":"https:\/\/shop.tanadaithanh.vn\/en\/wp-json\/wp\/v2\/product_tag?post=24328"}],"curies":[{"name":"wp","href":"https:\/\/api.w.org\/{rel}","templated":true}]}}