{"id":24324,"date":"2025-07-03T08:31:45","date_gmt":"2025-07-03T01:31:45","guid":{"rendered":"https:\/\/shop.tanadaithanh.vn\/?post_type=product&#038;p=24324"},"modified":"2026-04-17T14:09:01","modified_gmt":"2026-04-17T07:09:01","slug":"combo-he-xanh-mat-bon-nhua-plasman-2000d-bep-tu-rs-1020ce01","status":"publish","type":"product","link":"https:\/\/shop.tanadaithanh.vn\/en\/san-pham\/combo-he-xanh-mat-bon-nhua-plasman-2000d-bep-tu-rs-1020ce01\/","title":{"rendered":"COMBO ECO HOME: B\u1ed2N NH\u1ef0A PLASMAN 2000D + B\u1ebeP T\u1eea RS-1020CE01"},"content":{"rendered":"<h2>Combo Ecohome EH01: Ngu\u1ed3n n\u01b0\u1edbc \u0111\u1ea3m b\u1ea3o &#8211; B\u1ebfp tr\u1ecdn an t\u00e2m<\/h2>\n<p>Combo Ecohome 1 g\u1ed3m 2 s\u1ea3n ph\u1ea9m &#8220;qu\u1ed1c d\u00e2n&#8221; c\u1ee7a T\u00e2n \u00c1 \u0110\u1ea1i Th\u00e0nh l\u00e0 b\u1ed3n nh\u1ef1a Plasman 2000\u0110 v\u00e0 b\u1ebfp t\u1eeb \u0111\u01a1n Rossi CE01. S\u1ef1 k\u1ebft h\u1ee3p n\u00e0y l\u00e0 gi\u1ea3i ph\u00e1p ho\u00e0n h\u1ea3o, gi\u00fap n\u00e2ng t\u1ea7m cu\u1ed9c s\u1ed1ng cho c\u00e1c h\u1ed9 gia \u0111\u00ecnh, \u0111\u1eb7c bi\u1ec7t l\u00e0 nh\u1eefng gia \u0111\u00ecnh \u0111ang sinh s\u1ed1ng t\u1ea1i khu v\u1ef1c v\u00f9ng ven, ch\u1ea5t l\u01b0\u1ee3ng n\u01b0\u1edbc kh\u00f4ng \u1ed5n \u0111\u1ecbnh.<\/p>\n<h3>B\u1ed3n nh\u1ef1a Plasman 2000\u0110<\/h3>\n<ul>\n<li>Ch\u1ea5t li\u1ec7u nh\u1ef1a HDPE cao c\u1ea5p, d\u1ebbo dai, ch\u1ed1ng va \u0111\u1eadp t\u1ed1t<\/li>\n<li>Ch\u1ea5t li\u1ec7u nh\u1ef1a HDPE c\u00f3 \u0111\u1ed9 b\u1ec1n cao, ch\u1ed1ng \u0103n m\u00f2n, ch\u1ed1ng l\u00e3o h\u00f3a \u2013 ph\u00f9 h\u1ee3p c\u1ea3 v\u00f9ng nhi\u1ec5m ph\u00e8n, nhi\u1ec5m m\u1eb7n, khu v\u1ef1c ven bi\u1ec3n v\u00e0 tr\u00ean t\u00e0u b\u00e8.<\/li>\n<li>Nh\u1ef1a HDPE cao c\u1ea5p d\u00f9ng \u0111\u1ec3 s\u1ea3n xu\u1ea5t b\u1ed3n, \u0111\u1ea1t ti\u00eau chu\u1ea9n ch\u1ea5t l\u01b0\u1ee3ng ngu\u1ed3n n\u01b0\u1edbc s\u1eed d\u1ee5ng<\/li>\n<li>Thi\u1ebft k\u1ebf \u0111\u1eb9p m\u1eaft, hoa v\u0103n nh\u00e1m ch\u1ed1ng tr\u1ea7y x\u01b0\u1edbc.<\/li>\n<li>\u0110\u1eb7c bi\u1ec7t ph\u00f9 h\u1ee3p s\u1eed d\u1ee5ng \u1edf nh\u1eefng v\u00f9ng nhi\u1ec5m ph\u00e8n, nhi\u1ec5m m\u1eb7n, t\u1ea1i c\u00e1c khu v\u1ef1c ven bi\u1ec3n v\u00e0 tr\u00ean t\u00e0u b\u00e8<\/li>\n<li>B\u1ea3o h\u00e0nh ch\u00ednh h\u00e3ng: 40 n\u0103m<\/li>\n<\/ul>\n<h3>B\u1ebfp t\u1eeb \u0111\u01a1n Rossi RS-1020CE01<\/h3>\n<ul>\n<li>M\u00e2m t\u1eeb b\u1eb1ng \u0111\u1ed3ng truy\u1ec1n nhi\u1ec7t nhanh, b\u1ec1n b\u1ec9 theo th\u1eddi gian.<\/li>\n<li>M\u1eb7t k\u00ednh Ceramic ch\u1ecbu l\u1ef1c, c\u1ea3m \u1ee9ng nh\u1ea1y, m\u00e0n h\u00ecnh LED hi\u1ec7n \u0111\u1ea1i.<\/li>\n<li>6 ch\u1ebf \u0111\u1ed9 n\u1ea5u ti\u1ec7n d\u1ee5ng g\u1ed3m: \u0111un n\u01b0\u1edbc, n\u1ea5u \u0103n, chi\u00ean\/x\u00e0o, l\u1ea9u, h\u1ea7m, gi\u1eef \u1ea5m<\/li>\n<li>9 m\u1ee9c c\u00f4ng su\u1ea5t\/nhi\u1ec7t \u0111\u1ed9 (t\u1eeb 200 &#8211; 2000W), c\u00f3 ch\u1ee9c n\u0103ng s\u00f4i liu riu, h\u1eb9n gi\u1edd, c\u00e0i \u0111\u1eb7t tr\u01b0\u1edbc 24 gi\u1edd, kh\u00f3a tr\u1ebb em, t\u1ef1 ng\u1eaft sau 2 gi\u1edd.<\/li>\n<li>T\u1eb7ng k\u00e8m n\u1ed3i l\u1ea9u l\u1edbn 30cm \u2013 ti\u1ec7n l\u1ee3i cho n\u1ea5u \u0103n gia \u0111\u00ecnh.<\/li>\n<li>B\u1ea3o h\u00e0nh ch\u00ednh h\u00e3ng: 24 th\u00e1ng<\/li>\n<\/ul>\n<p>Combo Ecohome EH01 ph\u00f9 h\u1ee3p cho h\u1ed9 d\u00e2n \u1edf khu v\u1ef1c thi\u1ebfu n\u01b0\u1edbc \u00e1p l\u1ef1c y\u1ebfu, nh\u00e0 tr\u1ecd, nh\u00e0 v\u01b0\u1eddn ho\u1eb7c c\u00e1c gia \u0111\u00ecnh c\u1ea7n th\u00eam gi\u1ea3i ph\u00e1p ph\u1ee5 tr\u1ee3 m\u00f9a h\u00e8.<\/p>\n<p>Mua combo ngay h\u00f4m nay \u0111\u1ec3 nh\u1eadn \u01b0u \u0111\u00e3i h\u1ea5p d\u1eabn v\u00e0 h\u1ed7 tr\u1ee3 giao h\u00e0ng t\u1eadn n\u01a1i tr\u00ean to\u00e0n qu\u1ed1c!<\/p>\n","protected":false},"excerpt":{"rendered":"<p>Combo Ecohome EH01 \u2013 Gi\u1ea3i ph\u00e1p k\u00e9p: tr\u1eef n\u01b0\u1edbc an to\u00e0n, n\u1ea5u \u0103n ti\u1ec7n l\u1ee3i. S\u1ef1 k\u1ebft h\u1ee3p gi\u1eefa b\u1ed3n nh\u1ef1a Plasman 2000\u0110 v\u00e0 b\u1ebfp t\u1eeb \u0111\u01a1n Rossi RS-1020CE01 mang \u0111\u1ebfn ti\u1ec7n nghi thi\u1ebft th\u1ef1c cho c\u00e1c h\u1ed9 gia \u0111\u00ecnh \u1edf th\u00e0nh th\u1ecb, v\u00f9ng ven hay khu v\u1ef1c n\u1eafng n\u00f3ng. V\u1eeba \u0111\u1ea3m b\u1ea3o ngu\u1ed3n n\u01b0\u1edbc sinh ho\u1ea1t \u1ed5n \u0111\u1ecbnh, v\u1eeba gi\u00fap b\u1ebfp n\u00fac tr\u1edf n\u00ean nhanh g\u1ecdn, an to\u00e0n v\u00e0 ti\u1ebft ki\u1ec7m \u0111i\u1ec7n.<\/p>\n","protected":false},"featured_media":32461,"comment_status":"open","ping_status":"closed","template":"","meta":[],"region":[260],"product_brand":[],"product_cat":[685],"product_tag":[1302,1301],"class_list":{"0":"post-24324","1":"product","2":"type-product","3":"status-publish","4":"has-post-thumbnail","6":"region-mien-nam","7":"product_cat-combo","8":"product_tag-bep-tu-don-rossi-rs-1020ce01","9":"product_tag-bon-nhua-plasman-2000d","11":"first","12":"instock","13":"sale","14":"sold-individually","15":"purchasable","16":"product-type-simple"},"yoast_head":"<!-- This site is optimized with the Yoast SEO plugin v24.6 - https:\/\/yoast.com\/wordpress\/plugins\/seo\/ -->\n<title>COMBO ECO HOME: B\u1ed2N NH\u1ef0A PLASMAN 2000D + B\u1ebeP T\u1eea RS-1020CE01 - T\u00e2n \u00c1 \u0110\u1ea1i Th\u00e0nh eShop<\/title>\n<meta name=\"robots\" content=\"index, follow, max-snippet:-1, max-image-preview:large, max-video-preview:-1\" \/>\n<link rel=\"canonical\" href=\"https:\/\/shop.tanadaithanh.vn\/en\/san-pham\/combo-he-xanh-mat-bon-nhua-plasman-2000d-bep-tu-rs-1020ce01\/\" \/>\n<meta property=\"og:locale\" content=\"en_US\" \/>\n<meta property=\"og:type\" content=\"article\" \/>\n<meta property=\"og:title\" content=\"COMBO ECO HOME: B\u1ed2N NH\u1ef0A PLASMAN 2000D + B\u1ebeP T\u1eea RS-1020CE01 - T\u00e2n \u00c1 \u0110\u1ea1i Th\u00e0nh eShop\" \/>\n<meta property=\"og:description\" content=\"Combo Ecohome EH01 \u2013 Gi\u1ea3i ph\u00e1p k\u00e9p: tr\u1eef n\u01b0\u1edbc an to\u00e0n, n\u1ea5u \u0103n ti\u1ec7n l\u1ee3i. S\u1ef1 k\u1ebft h\u1ee3p gi\u1eefa b\u1ed3n nh\u1ef1a Plasman 2000\u0110 v\u00e0 b\u1ebfp t\u1eeb \u0111\u01a1n Rossi RS-1020CE01 mang \u0111\u1ebfn ti\u1ec7n nghi thi\u1ebft th\u1ef1c cho c\u00e1c h\u1ed9 gia \u0111\u00ecnh \u1edf th\u00e0nh th\u1ecb, v\u00f9ng ven hay khu v\u1ef1c n\u1eafng n\u00f3ng. V\u1eeba \u0111\u1ea3m b\u1ea3o ngu\u1ed3n n\u01b0\u1edbc sinh ho\u1ea1t \u1ed5n \u0111\u1ecbnh, v\u1eeba gi\u00fap b\u1ebfp n\u00fac tr\u1edf n\u00ean nhanh g\u1ecdn, an to\u00e0n v\u00e0 ti\u1ebft ki\u1ec7m \u0111i\u1ec7n.\" \/>\n<meta property=\"og:url\" content=\"https:\/\/shop.tanadaithanh.vn\/en\/san-pham\/combo-he-xanh-mat-bon-nhua-plasman-2000d-bep-tu-rs-1020ce01\/\" \/>\n<meta property=\"og:site_name\" content=\"T\u00e2n \u00c1 \u0110\u1ea1i Th\u00e0nh eShop\" \/>\n<meta property=\"article:publisher\" content=\"https:\/\/www.facebook.com\/profile.php?id=61567171139919\" \/>\n<meta property=\"article:modified_time\" content=\"2026-04-17T07:09:01+00:00\" \/>\n<meta property=\"og:image\" content=\"https:\/\/shop.tanadaithanh.vn\/wp-content\/uploads\/2025\/07\/EH1-1-1024x1024.png\" \/>\n\t<meta property=\"og:image:width\" content=\"1024\" \/>\n\t<meta property=\"og:image:height\" content=\"1024\" \/>\n\t<meta property=\"og:image:type\" content=\"image\/png\" \/>\n<meta name=\"twitter:card\" content=\"summary_large_image\" \/>\n<meta name=\"twitter:label1\" content=\"Est. reading time\" \/>\n\t<meta name=\"twitter:data1\" content=\"2 minutes\" \/>\n<script type=\"application\/ld+json\" class=\"yoast-schema-graph\">{\"@context\":\"https:\/\/schema.org\",\"@graph\":[{\"@type\":\"WebPage\",\"@id\":\"https:\/\/shop.tanadaithanh.vn\/en\/san-pham\/combo-he-xanh-mat-bon-nhua-plasman-2000d-bep-tu-rs-1020ce01\/\",\"url\":\"https:\/\/shop.tanadaithanh.vn\/en\/san-pham\/combo-he-xanh-mat-bon-nhua-plasman-2000d-bep-tu-rs-1020ce01\/\",\"name\":\"COMBO ECO HOME: B\u1ed2N NH\u1ef0A PLASMAN 2000D + B\u1ebeP T\u1eea RS-1020CE01 - T\u00e2n \u00c1 \u0110\u1ea1i Th\u00e0nh eShop\",\"isPartOf\":{\"@id\":\"https:\/\/shop.tanadaithanh.vn\/en\/#website\"},\"primaryImageOfPage\":{\"@id\":\"https:\/\/shop.tanadaithanh.vn\/en\/san-pham\/combo-he-xanh-mat-bon-nhua-plasman-2000d-bep-tu-rs-1020ce01\/#primaryimage\"},\"image\":{\"@id\":\"https:\/\/shop.tanadaithanh.vn\/en\/san-pham\/combo-he-xanh-mat-bon-nhua-plasman-2000d-bep-tu-rs-1020ce01\/#primaryimage\"},\"thumbnailUrl\":\"https:\/\/shop.tanadaithanh.vn\/wp-content\/uploads\/2025\/07\/EH1-1.png\",\"datePublished\":\"2025-07-03T01:31:45+00:00\",\"dateModified\":\"2026-04-17T07:09:01+00:00\",\"breadcrumb\":{\"@id\":\"https:\/\/shop.tanadaithanh.vn\/en\/san-pham\/combo-he-xanh-mat-bon-nhua-plasman-2000d-bep-tu-rs-1020ce01\/#breadcrumb\"},\"inLanguage\":\"en-US\",\"potentialAction\":[{\"@type\":\"ReadAction\",\"target\":[\"https:\/\/shop.tanadaithanh.vn\/en\/san-pham\/combo-he-xanh-mat-bon-nhua-plasman-2000d-bep-tu-rs-1020ce01\/\"]}]},{\"@type\":\"ImageObject\",\"inLanguage\":\"en-US\",\"@id\":\"https:\/\/shop.tanadaithanh.vn\/en\/san-pham\/combo-he-xanh-mat-bon-nhua-plasman-2000d-bep-tu-rs-1020ce01\/#primaryimage\",\"url\":\"https:\/\/shop.tanadaithanh.vn\/wp-content\/uploads\/2025\/07\/EH1-1.png\",\"contentUrl\":\"https:\/\/shop.tanadaithanh.vn\/wp-content\/uploads\/2025\/07\/EH1-1.png\",\"width\":2000,\"height\":2000},{\"@type\":\"BreadcrumbList\",\"@id\":\"https:\/\/shop.tanadaithanh.vn\/en\/san-pham\/combo-he-xanh-mat-bon-nhua-plasman-2000d-bep-tu-rs-1020ce01\/#breadcrumb\",\"itemListElement\":[{\"@type\":\"ListItem\",\"position\":1,\"name\":\"Trang ch\u1ee7\",\"item\":\"https:\/\/shop.tanadaithanh.vn\/en\/\"},{\"@type\":\"ListItem\",\"position\":2,\"name\":\"Shop\",\"item\":\"https:\/\/shop.tanadaithanh.vn\/cua-hang\/\"},{\"@type\":\"ListItem\",\"position\":3,\"name\":\"COMBO ECO HOME: B\u1ed2N NH\u1ef0A PLASMAN 2000D + B\u1ebeP T\u1eea RS-1020CE01\"}]},{\"@type\":\"WebSite\",\"@id\":\"https:\/\/shop.tanadaithanh.vn\/en\/#website\",\"url\":\"https:\/\/shop.tanadaithanh.vn\/en\/\",\"name\":\"T\u00e2n \u00c1 \u0110\u1ea1i Th\u00e0nh eShop - Trang website b\u00e1n h\u00e0ng ch\u00ednh th\u1ee9c T\u1eadp \u0111o\u00e0n T\u00e2n \u00c1 \u0110\u1ea1i Th\u00e0nh\",\"description\":\"Website b\u00e1n h\u00e0ng tr\u1ef1c tuy\u1ebfn v\u1eadn h\u00e0nh b\u1edfi ch\u00ednh T\u00e2n \u00c1 \u0110\u1ea1i Th\u00e0nh\",\"publisher\":{\"@id\":\"https:\/\/shop.tanadaithanh.vn\/en\/#organization\"},\"potentialAction\":[{\"@type\":\"SearchAction\",\"target\":{\"@type\":\"EntryPoint\",\"urlTemplate\":\"https:\/\/shop.tanadaithanh.vn\/en\/?s={search_term_string}\"},\"query-input\":{\"@type\":\"PropertyValueSpecification\",\"valueRequired\":true,\"valueName\":\"search_term_string\"}}],\"inLanguage\":\"en-US\"},{\"@type\":\"Organization\",\"@id\":\"https:\/\/shop.tanadaithanh.vn\/en\/#organization\",\"name\":\"T\u00e2n \u00c1 \u0110\u1ea1i Th\u00e0nh eShop - Trang website b\u00e1n h\u00e0ng ch\u00ednh th\u1ee9c T\u1eadp \u0111o\u00e0n T\u00e2n \u00c1 \u0110\u1ea1i Th\u00e0nh\",\"url\":\"https:\/\/shop.tanadaithanh.vn\/en\/\",\"logo\":{\"@type\":\"ImageObject\",\"inLanguage\":\"en-US\",\"@id\":\"https:\/\/shop.tanadaithanh.vn\/en\/#\/schema\/logo\/image\/\",\"url\":\"https:\/\/shop.tanadaithanh.vn\/wp-content\/uploads\/2025\/06\/Logo-2.png\",\"contentUrl\":\"https:\/\/shop.tanadaithanh.vn\/wp-content\/uploads\/2025\/06\/Logo-2.png\",\"width\":2000,\"height\":2000,\"caption\":\"T\u00e2n \u00c1 \u0110\u1ea1i Th\u00e0nh eShop - Trang website b\u00e1n h\u00e0ng ch\u00ednh th\u1ee9c T\u1eadp \u0111o\u00e0n T\u00e2n \u00c1 \u0110\u1ea1i Th\u00e0nh\"},\"image\":{\"@id\":\"https:\/\/shop.tanadaithanh.vn\/en\/#\/schema\/logo\/image\/\"},\"sameAs\":[\"https:\/\/www.facebook.com\/profile.php?id=61567171139919\",\"https:\/\/zalo.me\/3915163699004948284\"]}]}<\/script>\n<!-- \/ Yoast SEO plugin. -->","yoast_head_json":{"title":"COMBO ECO HOME: B\u1ed2N NH\u1ef0A PLASMAN 2000D + B\u1ebeP T\u1eea RS-1020CE01 - T\u00e2n \u00c1 \u0110\u1ea1i Th\u00e0nh eShop","robots":{"index":"index","follow":"follow","max-snippet":"max-snippet:-1","max-image-preview":"max-image-preview:large","max-video-preview":"max-video-preview:-1"},"canonical":"https:\/\/shop.tanadaithanh.vn\/en\/san-pham\/combo-he-xanh-mat-bon-nhua-plasman-2000d-bep-tu-rs-1020ce01\/","og_locale":"en_US","og_type":"article","og_title":"COMBO ECO HOME: B\u1ed2N NH\u1ef0A PLASMAN 2000D + B\u1ebeP T\u1eea RS-1020CE01 - T\u00e2n \u00c1 \u0110\u1ea1i Th\u00e0nh eShop","og_description":"Combo Ecohome EH01 \u2013 Gi\u1ea3i ph\u00e1p k\u00e9p: tr\u1eef n\u01b0\u1edbc an to\u00e0n, n\u1ea5u \u0103n ti\u1ec7n l\u1ee3i. S\u1ef1 k\u1ebft h\u1ee3p gi\u1eefa b\u1ed3n nh\u1ef1a Plasman 2000\u0110 v\u00e0 b\u1ebfp t\u1eeb \u0111\u01a1n Rossi RS-1020CE01 mang \u0111\u1ebfn ti\u1ec7n nghi thi\u1ebft th\u1ef1c cho c\u00e1c h\u1ed9 gia \u0111\u00ecnh \u1edf th\u00e0nh th\u1ecb, v\u00f9ng ven hay khu v\u1ef1c n\u1eafng n\u00f3ng. V\u1eeba \u0111\u1ea3m b\u1ea3o ngu\u1ed3n n\u01b0\u1edbc sinh ho\u1ea1t \u1ed5n \u0111\u1ecbnh, v\u1eeba gi\u00fap b\u1ebfp n\u00fac tr\u1edf n\u00ean nhanh g\u1ecdn, an to\u00e0n v\u00e0 ti\u1ebft ki\u1ec7m \u0111i\u1ec7n.","og_url":"https:\/\/shop.tanadaithanh.vn\/en\/san-pham\/combo-he-xanh-mat-bon-nhua-plasman-2000d-bep-tu-rs-1020ce01\/","og_site_name":"T\u00e2n \u00c1 \u0110\u1ea1i Th\u00e0nh eShop","article_publisher":"https:\/\/www.facebook.com\/profile.php?id=61567171139919","article_modified_time":"2026-04-17T07:09:01+00:00","og_image":[{"width":1024,"height":1024,"url":"https:\/\/shop.tanadaithanh.vn\/wp-content\/uploads\/2025\/07\/EH1-1-1024x1024.png","type":"image\/png"}],"twitter_card":"summary_large_image","twitter_misc":{"Est. reading time":"2 minutes"},"schema":{"@context":"https:\/\/schema.org","@graph":[{"@type":"WebPage","@id":"https:\/\/shop.tanadaithanh.vn\/en\/san-pham\/combo-he-xanh-mat-bon-nhua-plasman-2000d-bep-tu-rs-1020ce01\/","url":"https:\/\/shop.tanadaithanh.vn\/en\/san-pham\/combo-he-xanh-mat-bon-nhua-plasman-2000d-bep-tu-rs-1020ce01\/","name":"COMBO ECO HOME: B\u1ed2N NH\u1ef0A PLASMAN 2000D + B\u1ebeP T\u1eea RS-1020CE01 - T\u00e2n \u00c1 \u0110\u1ea1i Th\u00e0nh eShop","isPartOf":{"@id":"https:\/\/shop.tanadaithanh.vn\/en\/#website"},"primaryImageOfPage":{"@id":"https:\/\/shop.tanadaithanh.vn\/en\/san-pham\/combo-he-xanh-mat-bon-nhua-plasman-2000d-bep-tu-rs-1020ce01\/#primaryimage"},"image":{"@id":"https:\/\/shop.tanadaithanh.vn\/en\/san-pham\/combo-he-xanh-mat-bon-nhua-plasman-2000d-bep-tu-rs-1020ce01\/#primaryimage"},"thumbnailUrl":"https:\/\/shop.tanadaithanh.vn\/wp-content\/uploads\/2025\/07\/EH1-1.png","datePublished":"2025-07-03T01:31:45+00:00","dateModified":"2026-04-17T07:09:01+00:00","breadcrumb":{"@id":"https:\/\/shop.tanadaithanh.vn\/en\/san-pham\/combo-he-xanh-mat-bon-nhua-plasman-2000d-bep-tu-rs-1020ce01\/#breadcrumb"},"inLanguage":"en-US","potentialAction":[{"@type":"ReadAction","target":["https:\/\/shop.tanadaithanh.vn\/en\/san-pham\/combo-he-xanh-mat-bon-nhua-plasman-2000d-bep-tu-rs-1020ce01\/"]}]},{"@type":"ImageObject","inLanguage":"en-US","@id":"https:\/\/shop.tanadaithanh.vn\/en\/san-pham\/combo-he-xanh-mat-bon-nhua-plasman-2000d-bep-tu-rs-1020ce01\/#primaryimage","url":"https:\/\/shop.tanadaithanh.vn\/wp-content\/uploads\/2025\/07\/EH1-1.png","contentUrl":"https:\/\/shop.tanadaithanh.vn\/wp-content\/uploads\/2025\/07\/EH1-1.png","width":2000,"height":2000},{"@type":"BreadcrumbList","@id":"https:\/\/shop.tanadaithanh.vn\/en\/san-pham\/combo-he-xanh-mat-bon-nhua-plasman-2000d-bep-tu-rs-1020ce01\/#breadcrumb","itemListElement":[{"@type":"ListItem","position":1,"name":"Trang ch\u1ee7","item":"https:\/\/shop.tanadaithanh.vn\/en\/"},{"@type":"ListItem","position":2,"name":"Shop","item":"https:\/\/shop.tanadaithanh.vn\/cua-hang\/"},{"@type":"ListItem","position":3,"name":"COMBO ECO HOME: B\u1ed2N NH\u1ef0A PLASMAN 2000D + B\u1ebeP T\u1eea RS-1020CE01"}]},{"@type":"WebSite","@id":"https:\/\/shop.tanadaithanh.vn\/en\/#website","url":"https:\/\/shop.tanadaithanh.vn\/en\/","name":"T\u00e2n \u00c1 \u0110\u1ea1i Th\u00e0nh eShop - Trang website b\u00e1n h\u00e0ng ch\u00ednh th\u1ee9c T\u1eadp \u0111o\u00e0n T\u00e2n \u00c1 \u0110\u1ea1i Th\u00e0nh","description":"Website b\u00e1n h\u00e0ng tr\u1ef1c tuy\u1ebfn v\u1eadn h\u00e0nh b\u1edfi ch\u00ednh T\u00e2n \u00c1 \u0110\u1ea1i Th\u00e0nh","publisher":{"@id":"https:\/\/shop.tanadaithanh.vn\/en\/#organization"},"potentialAction":[{"@type":"SearchAction","target":{"@type":"EntryPoint","urlTemplate":"https:\/\/shop.tanadaithanh.vn\/en\/?s={search_term_string}"},"query-input":{"@type":"PropertyValueSpecification","valueRequired":true,"valueName":"search_term_string"}}],"inLanguage":"en-US"},{"@type":"Organization","@id":"https:\/\/shop.tanadaithanh.vn\/en\/#organization","name":"T\u00e2n \u00c1 \u0110\u1ea1i Th\u00e0nh eShop - Trang website b\u00e1n h\u00e0ng ch\u00ednh th\u1ee9c T\u1eadp \u0111o\u00e0n T\u00e2n \u00c1 \u0110\u1ea1i Th\u00e0nh","url":"https:\/\/shop.tanadaithanh.vn\/en\/","logo":{"@type":"ImageObject","inLanguage":"en-US","@id":"https:\/\/shop.tanadaithanh.vn\/en\/#\/schema\/logo\/image\/","url":"https:\/\/shop.tanadaithanh.vn\/wp-content\/uploads\/2025\/06\/Logo-2.png","contentUrl":"https:\/\/shop.tanadaithanh.vn\/wp-content\/uploads\/2025\/06\/Logo-2.png","width":2000,"height":2000,"caption":"T\u00e2n \u00c1 \u0110\u1ea1i Th\u00e0nh eShop - Trang website b\u00e1n h\u00e0ng ch\u00ednh th\u1ee9c T\u1eadp \u0111o\u00e0n T\u00e2n \u00c1 \u0110\u1ea1i Th\u00e0nh"},"image":{"@id":"https:\/\/shop.tanadaithanh.vn\/en\/#\/schema\/logo\/image\/"},"sameAs":["https:\/\/www.facebook.com\/profile.php?id=61567171139919","https:\/\/zalo.me\/3915163699004948284"]}]}},"_links":{"self":[{"href":"https:\/\/shop.tanadaithanh.vn\/en\/wp-json\/wp\/v2\/product\/24324","targetHints":{"allow":["GET"]}}],"collection":[{"href":"https:\/\/shop.tanadaithanh.vn\/en\/wp-json\/wp\/v2\/product"}],"about":[{"href":"https:\/\/shop.tanadaithanh.vn\/en\/wp-json\/wp\/v2\/types\/product"}],"replies":[{"embeddable":true,"href":"https:\/\/shop.tanadaithanh.vn\/en\/wp-json\/wp\/v2\/comments?post=24324"}],"version-history":[{"count":5,"href":"https:\/\/shop.tanadaithanh.vn\/en\/wp-json\/wp\/v2\/product\/24324\/revisions"}],"predecessor-version":[{"id":24363,"href":"https:\/\/shop.tanadaithanh.vn\/en\/wp-json\/wp\/v2\/product\/24324\/revisions\/24363"}],"wp:featuredmedia":[{"embeddable":true,"href":"https:\/\/shop.tanadaithanh.vn\/en\/wp-json\/wp\/v2\/media\/32461"}],"wp:attachment":[{"href":"https:\/\/shop.tanadaithanh.vn\/en\/wp-json\/wp\/v2\/media?parent=24324"}],"wp:term":[{"taxonomy":"region","embeddable":true,"href":"https:\/\/shop.tanadaithanh.vn\/en\/wp-json\/wp\/v2\/region?post=24324"},{"taxonomy":"product_brand","embeddable":true,"href":"https:\/\/shop.tanadaithanh.vn\/en\/wp-json\/wp\/v2\/product_brand?post=24324"},{"taxonomy":"product_cat","embeddable":true,"href":"https:\/\/shop.tanadaithanh.vn\/en\/wp-json\/wp\/v2\/product_cat?post=24324"},{"taxonomy":"product_tag","embeddable":true,"href":"https:\/\/shop.tanadaithanh.vn\/en\/wp-json\/wp\/v2\/product_tag?post=24324"}],"curies":[{"name":"wp","href":"https:\/\/api.w.org\/{rel}","templated":true}]}}