{"id":24320,"date":"2025-07-02T17:45:11","date_gmt":"2025-07-02T10:45:11","guid":{"rendered":"https:\/\/shop.tanadaithanh.vn\/?post_type=product&#038;p=24320"},"modified":"2026-04-24T09:07:29","modified_gmt":"2026-04-24T02:07:29","slug":"combo-he-tien-nghi-bon-inox-304-dai-thanh-1000n-may-nlmt-dai-thanh-classic-180l-58-may-loc-r-o-smart-9-loi-loc-dau-nguon-beluga-b2-1-bep-tu-rs-1020ce01","status":"publish","type":"product","link":"https:\/\/shop.tanadaithanh.vn\/en\/san-pham\/combo-he-tien-nghi-bon-inox-304-dai-thanh-1000n-may-nlmt-dai-thanh-classic-180l-58-may-loc-r-o-smart-9-loi-loc-dau-nguon-beluga-b2-1-bep-tu-rs-1020ce01\/","title":{"rendered":"COMBO SMART HOME: B\u1ed3n inox 304 \u0110\u1ea1i Th\u00e0nh 1000N + M\u00e1y NLMT \u0110\u1ea1i Th\u00e0nh Classic 180L\/58 + M\u00e1y l\u1ecdc n\u01b0\u1edbc RO Smart 9 l\u00f5i"},"content":{"rendered":"<h2>Combo Smart Home SH04: Ho\u00e0n ch\u1ec9nh ti\u1ec7n nghi &#8211; N\u00e2ng t\u1ea7m cu\u1ed9c s\u1ed1ng<\/h2>\n<p>Combo Smart Home 4 bao g\u1ed3m b\u1ed9 3 thi\u1ebft b\u1ecb quan tr\u1ecdng c\u1ee7a cu\u1ed9c s\u1ed1ng g\u1ed3m b\u1ed3n inox SUS 304 \u0110\u1ea1i Th\u00e0nh Classic 1000L ngang, m\u00e1y n\u0103ng l\u01b0\u1ee3ng m\u1eb7t tr\u1eddi \u0110\u1ea1i Th\u00e0nh 180\/58 v\u00e0 m\u00e1y l\u1ecdc n\u01b0\u1edbc T\u00e2n \u00c1 RO Smart 9 l\u00f5i. S\u1ef1 k\u1ebft h\u1ee3p c\u1ee7a c\u00e1c thi\u1ebft b\u1ecb n\u00e0y t\u1ea1o n\u00ean m\u1ed9t combo ho\u00e0n ch\u1ec9nh gi\u00fap n\u00e2ng cao ch\u1ea5t l\u01b0\u1ee3ng cu\u1ed9c s\u1ed1ng.<\/p>\n<h3><strong>B\u1ed3n inox SUS 304 \u0110\u1ea1i Th\u00e0nh Classic 1000L ngang<\/strong><\/h3>\n<ul>\n<li>Ch\u1ea5t li\u1ec7u inox SUS 304, ch\u1ed1ng \u0103n m\u00f2n v\u00e0 b\u1ec1n b\u1ec9.<\/li>\n<li>Thi\u1ebft k\u1ebf ngang thu\u1eadn ti\u1ec7n cho l\u1eafp \u0111\u1eb7t.<\/li>\n<li>M\u1ed7i b\u1ed3n \u0111\u1ec1u \u0111\u01b0\u1ee3c ki\u1ec3m \u0111\u1ecbnh ch\u1ea5t l\u01b0\u1ee3ng v\u1edbi logo d\u1eadp n\u1ed5i.<\/li>\n<li>Th\u1eddi gian b\u1ea3o h\u00e0nh l\u00ean \u0111\u1ebfn 12 n\u0103m, \u0111\u1ea3m b\u1ea3o tu\u1ed5i th\u1ecd s\u1ea3n ph\u1ea9m.<\/li>\n<\/ul>\n<h3><strong>M\u00e1y n\u01b0\u1edbc n\u00f3ng NLMT \u0110\u1ea1i Th\u00e0nh Classic 180L (\u03a6 58)<\/strong><\/h3>\n<ul>\n<li><strong>L\u1edbp b\u1ea3o \u00f4n:<\/strong> Ru\u1ed9t b\u00ecnh b\u1ea3o \u00f4n \u0111\u01b0\u1ee3c l\u00e0m b\u1eb1ng ch\u1ea5t li\u1ec7u Inox 316, \u0111\u1ed9 b\u1ec1n cao, \u0111\u1ea3m b\u1ea3o an to\u00e0n v\u1ec7 sinh th\u1ef1c ph\u1ea9m v\u1edbi \u0111\u1ed9 d\u00e0y 0,4mm. L\u1edbp gi\u1eef nhi\u1ec7t b\u1eb1ng h\u1ee3p ch\u1ea5t Foam (\u0111\u1ed9 d\u00e0y 55mm) \u0111\u1ed9 n\u00e9n ch\u1eb7t, v\u00e0 gi\u1eef nhi\u1ec7t l\u00ean \u0111\u1ebfn 120 gi\u1edd.<\/li>\n<li><strong>Ch\u00e2n m\u00e1y:<\/strong> Nguy\u00ean li\u1ec7u Inox si\u00eau b\u1ec1n, \u0111\u1ea3m b\u1ea3o \u0111\u1ed9 c\u1ee9ng, v\u1eefng v\u00e0 ch\u1ecbu l\u1ef1c t\u1ed1t.<\/li>\n<li><strong>V\u1ecf b\u00ecnh b\u1ea3o \u00f4n:<\/strong> Nguy\u00ean li\u1ec7u Th\u00e9p kh\u00f4ng g\u1ec9, ch\u1ecbu \u0111\u01b0\u1ee3c c\u00e1c ki\u1ec3u th\u1eddi ti\u1ebft kh\u1eafc nghi\u1ec7t.<\/li>\n<li><strong>B\u1ea3o h\u00e0nh ch\u00ednh h\u00e3ng:<\/strong> 7 n\u0103m<\/li>\n<\/ul>\n<h3>M\u00e1y l\u1ecdc n\u01b0\u1edbc T\u00e2n \u00c1 RO Smart 9 l\u00f5i<\/h3>\n<ul>\n<li>M\u00e0ng l\u1ecdc RO l\u1ecdc s\u1ea1ch khu\u1ea9n, lo\u1ea1i b\u1ecf \u0111\u1ebfn 99,99% vi khu\u1ea9n, virus.<\/li>\n<li>M\u00e0ng l\u1ecdc UF ch\u1ed1ng t\u00e1i khu\u1ea9n.<\/li>\n<li>L\u00f5i b\u00f9 kho\u00e1ng b\u1ed5 sung vi ch\u1ea5t t\u1ed1t cho s\u1ee9c kh\u1ecfe.<\/li>\n<li>C\u00f4ng su\u1ea5t l\u1ecdc 80GPD thu h\u1ed3i n\u01b0\u1edbc tinh khi\u1ebft \u0111\u1ebfn 50%<\/li>\n<li>H\u1ec7 th\u1ed1ng c\u1ea5p l\u1ecdc \u0111a d\u1ea1ng, ph\u00f9 h\u1ee3p v\u1edbi m\u1ecdi ngu\u1ed3n n\u01b0\u1edbc.<\/li>\n<li>\u0110\u01b0\u1ee3c ch\u1ebf t\u1ea1o b\u1eb1ng nh\u1ef1a cao c\u1ea5p v\u1edbi ki\u1ec3u d\u00e1ng sang tr\u1ecdng, ph\u00f9 h\u1ee3p v\u1edbi m\u1ecdi kh\u00f4ng gian.<\/li>\n<li>D\u1ec5 l\u1eafp \u0111\u1eb7t, s\u1eed d\u1ee5ng v\u00e0 b\u1ea3o tr\u00ec.<\/li>\n<li>B\u1ea3o h\u00e0nh ch\u00ednh h\u00e3ng: 12 th\u00e1ng<\/li>\n<\/ul>\n<p>Combo Smart home SH04 l\u00e0 b\u1ed9 gi\u1ea3i ph\u00e1p t\u1ed5ng th\u1ec3, \u0111\u1ed3ng b\u1ed9 v\u00e0 l\u00e2u d\u00e0i cho gia \u0111\u00ecnh t\u1eeb n\u01b0\u1edbc sinh ho\u1ea1t, n\u01b0\u1edbc n\u00f3ng, n\u01b0\u1edbc u\u1ed1ng tinh khi\u1ebft t\u1ea5t c\u1ea3 trong m\u1ed9t l\u1ea7n \u0111\u1ea7u t\u01b0 h\u1ee3p l\u00fd.<\/p>\n<p>\u0110\u1eb7t mua combo ngay h\u00f4m nay \u0111\u1ec3 \u0111\u01b0\u1ee3c gi\u00e1 \u01b0u \u0111\u00e3i \u0111\u1eb7c bi\u1ec7t, qu\u00e0 t\u1eb7ng \u0111i k\u00e8m v\u00e0 h\u1ed7 tr\u1ee3 giao h\u00e0ng t\u1eadn n\u01a1i tr\u00ean to\u00e0n qu\u1ed1c t\u1eeb h\u1ec7 th\u1ed1ng T\u00e2n \u00c1 \u0110\u1ea1i Th\u00e0nh ch\u00ednh h\u00e3ng!<\/p>\n","protected":false},"excerpt":{"rendered":"<p>Combo smart home SH04 \u2013 Tr\u1ecdn b\u1ed9 thi\u1ebft b\u1ecb n\u01b0\u1edbc s\u1ea1ch, ti\u1ec7n nghi v\u00e0 ti\u1ebft ki\u1ec7m cho gia \u0111\u00ecnh hi\u1ec7n \u0111\u1ea1i. K\u1ebft h\u1ee3p 3 thi\u1ebft b\u1ecb thi\u1ebft y\u1ebfu: b\u1ed3n inox \u0110\u1ea1i Th\u00e0nh Classic 1000L ngang, m\u00e1y n\u01b0\u1edbc n\u00f3ng n\u0103ng l\u01b0\u1ee3ng m\u1eb7t tr\u1eddi Classic 180L (\u1ed1ng \u03a6 58), m\u00e1y l\u1ecdc n\u01b0\u1edbc RO Smart 9 l\u00f5i, \u0111\u00e2y l\u00e0 combo ho\u00e0n ch\u1ec9nh gi\u00fap gia \u0111\u00ecnh b\u1ea1n y\u00ean t\u00e2m v\u1ec1 ngu\u1ed3n n\u01b0\u1edbc s\u1ea1ch \u2013 an to\u00e0n \u2013 ti\u1ebft ki\u1ec7m \u0111i\u1ec7n, t\u1eeb \u0111\u1ea7u v\u00e0o \u0111\u1ebfn b\u1eefa \u0103n h\u1eb1ng ng\u00e0y.<\/p>\n","protected":false},"featured_media":32473,"comment_status":"open","ping_status":"closed","template":"","meta":[],"region":[260],"product_brand":[],"product_cat":[685],"product_tag":[1303,1305,1304],"class_list":{"0":"post-24320","1":"product","2":"type-product","3":"status-publish","4":"has-post-thumbnail","6":"region-mien-nam","7":"product_cat-combo","8":"product_tag-bon-inox-304-dai-thanh-1000n","9":"product_tag-may-loc-r-o-smart-9-loi","10":"product_tag-may-nlmt-dai-thanh-classic-180l-58","12":"first","13":"instock","14":"sale","15":"sold-individually","16":"purchasable","17":"product-type-simple"},"yoast_head":"<!-- This site is optimized with the Yoast SEO plugin v24.6 - https:\/\/yoast.com\/wordpress\/plugins\/seo\/ -->\n<title>COMBO SMART HOME: B\u1ed3n inox 304 \u0110\u1ea1i Th\u00e0nh 1000N + M\u00e1y NLMT \u0110\u1ea1i Th\u00e0nh Classic 180L\/58 + M\u00e1y l\u1ecdc n\u01b0\u1edbc RO Smart 9 l\u00f5i - T\u00e2n \u00c1 \u0110\u1ea1i Th\u00e0nh eShop<\/title>\n<meta name=\"robots\" content=\"index, follow, max-snippet:-1, max-image-preview:large, max-video-preview:-1\" \/>\n<link rel=\"canonical\" href=\"https:\/\/shop.tanadaithanh.vn\/en\/san-pham\/combo-he-tien-nghi-bon-inox-304-dai-thanh-1000n-may-nlmt-dai-thanh-classic-180l-58-may-loc-r-o-smart-9-loi-loc-dau-nguon-beluga-b2-1-bep-tu-rs-1020ce01\/\" \/>\n<meta property=\"og:locale\" content=\"en_US\" \/>\n<meta property=\"og:type\" content=\"article\" \/>\n<meta property=\"og:title\" content=\"COMBO SMART HOME: B\u1ed3n inox 304 \u0110\u1ea1i Th\u00e0nh 1000N + M\u00e1y NLMT \u0110\u1ea1i Th\u00e0nh Classic 180L\/58 + M\u00e1y l\u1ecdc n\u01b0\u1edbc RO Smart 9 l\u00f5i - T\u00e2n \u00c1 \u0110\u1ea1i Th\u00e0nh eShop\" \/>\n<meta property=\"og:description\" content=\"Combo smart home SH04 \u2013 Tr\u1ecdn b\u1ed9 thi\u1ebft b\u1ecb n\u01b0\u1edbc s\u1ea1ch, ti\u1ec7n nghi v\u00e0 ti\u1ebft ki\u1ec7m cho gia \u0111\u00ecnh hi\u1ec7n \u0111\u1ea1i. K\u1ebft h\u1ee3p 3 thi\u1ebft b\u1ecb thi\u1ebft y\u1ebfu: b\u1ed3n inox \u0110\u1ea1i Th\u00e0nh Classic 1000L ngang, m\u00e1y n\u01b0\u1edbc n\u00f3ng n\u0103ng l\u01b0\u1ee3ng m\u1eb7t tr\u1eddi Classic 180L (\u1ed1ng \u03a6 58), m\u00e1y l\u1ecdc n\u01b0\u1edbc RO Smart 9 l\u00f5i, \u0111\u00e2y l\u00e0 combo ho\u00e0n ch\u1ec9nh gi\u00fap gia \u0111\u00ecnh b\u1ea1n y\u00ean t\u00e2m v\u1ec1 ngu\u1ed3n n\u01b0\u1edbc s\u1ea1ch \u2013 an to\u00e0n \u2013 ti\u1ebft ki\u1ec7m \u0111i\u1ec7n, t\u1eeb \u0111\u1ea7u v\u00e0o \u0111\u1ebfn b\u1eefa \u0103n h\u1eb1ng ng\u00e0y.\" \/>\n<meta property=\"og:url\" content=\"https:\/\/shop.tanadaithanh.vn\/en\/san-pham\/combo-he-tien-nghi-bon-inox-304-dai-thanh-1000n-may-nlmt-dai-thanh-classic-180l-58-may-loc-r-o-smart-9-loi-loc-dau-nguon-beluga-b2-1-bep-tu-rs-1020ce01\/\" \/>\n<meta property=\"og:site_name\" content=\"T\u00e2n \u00c1 \u0110\u1ea1i Th\u00e0nh eShop\" \/>\n<meta property=\"article:publisher\" content=\"https:\/\/www.facebook.com\/profile.php?id=61567171139919\" \/>\n<meta property=\"article:modified_time\" content=\"2026-04-24T02:07:29+00:00\" \/>\n<meta property=\"og:image\" content=\"https:\/\/shop.tanadaithanh.vn\/wp-content\/uploads\/2025\/07\/SH4-1024x1024.png\" \/>\n\t<meta property=\"og:image:width\" content=\"1024\" \/>\n\t<meta property=\"og:image:height\" content=\"1024\" \/>\n\t<meta property=\"og:image:type\" content=\"image\/png\" \/>\n<meta name=\"twitter:card\" content=\"summary_large_image\" \/>\n<meta name=\"twitter:label1\" content=\"Est. reading time\" \/>\n\t<meta name=\"twitter:data1\" content=\"3 minutes\" \/>\n<script type=\"application\/ld+json\" class=\"yoast-schema-graph\">{\"@context\":\"https:\/\/schema.org\",\"@graph\":[{\"@type\":\"WebPage\",\"@id\":\"https:\/\/shop.tanadaithanh.vn\/en\/san-pham\/combo-he-tien-nghi-bon-inox-304-dai-thanh-1000n-may-nlmt-dai-thanh-classic-180l-58-may-loc-r-o-smart-9-loi-loc-dau-nguon-beluga-b2-1-bep-tu-rs-1020ce01\/\",\"url\":\"https:\/\/shop.tanadaithanh.vn\/en\/san-pham\/combo-he-tien-nghi-bon-inox-304-dai-thanh-1000n-may-nlmt-dai-thanh-classic-180l-58-may-loc-r-o-smart-9-loi-loc-dau-nguon-beluga-b2-1-bep-tu-rs-1020ce01\/\",\"name\":\"COMBO SMART HOME: B\u1ed3n inox 304 \u0110\u1ea1i Th\u00e0nh 1000N + M\u00e1y NLMT \u0110\u1ea1i Th\u00e0nh Classic 180L\/58 + M\u00e1y l\u1ecdc n\u01b0\u1edbc RO Smart 9 l\u00f5i - T\u00e2n \u00c1 \u0110\u1ea1i Th\u00e0nh eShop\",\"isPartOf\":{\"@id\":\"https:\/\/shop.tanadaithanh.vn\/en\/#website\"},\"primaryImageOfPage\":{\"@id\":\"https:\/\/shop.tanadaithanh.vn\/en\/san-pham\/combo-he-tien-nghi-bon-inox-304-dai-thanh-1000n-may-nlmt-dai-thanh-classic-180l-58-may-loc-r-o-smart-9-loi-loc-dau-nguon-beluga-b2-1-bep-tu-rs-1020ce01\/#primaryimage\"},\"image\":{\"@id\":\"https:\/\/shop.tanadaithanh.vn\/en\/san-pham\/combo-he-tien-nghi-bon-inox-304-dai-thanh-1000n-may-nlmt-dai-thanh-classic-180l-58-may-loc-r-o-smart-9-loi-loc-dau-nguon-beluga-b2-1-bep-tu-rs-1020ce01\/#primaryimage\"},\"thumbnailUrl\":\"https:\/\/shop.tanadaithanh.vn\/wp-content\/uploads\/2025\/07\/SH4.png\",\"datePublished\":\"2025-07-02T10:45:11+00:00\",\"dateModified\":\"2026-04-24T02:07:29+00:00\",\"breadcrumb\":{\"@id\":\"https:\/\/shop.tanadaithanh.vn\/en\/san-pham\/combo-he-tien-nghi-bon-inox-304-dai-thanh-1000n-may-nlmt-dai-thanh-classic-180l-58-may-loc-r-o-smart-9-loi-loc-dau-nguon-beluga-b2-1-bep-tu-rs-1020ce01\/#breadcrumb\"},\"inLanguage\":\"en-US\",\"potentialAction\":[{\"@type\":\"ReadAction\",\"target\":[\"https:\/\/shop.tanadaithanh.vn\/en\/san-pham\/combo-he-tien-nghi-bon-inox-304-dai-thanh-1000n-may-nlmt-dai-thanh-classic-180l-58-may-loc-r-o-smart-9-loi-loc-dau-nguon-beluga-b2-1-bep-tu-rs-1020ce01\/\"]}]},{\"@type\":\"ImageObject\",\"inLanguage\":\"en-US\",\"@id\":\"https:\/\/shop.tanadaithanh.vn\/en\/san-pham\/combo-he-tien-nghi-bon-inox-304-dai-thanh-1000n-may-nlmt-dai-thanh-classic-180l-58-may-loc-r-o-smart-9-loi-loc-dau-nguon-beluga-b2-1-bep-tu-rs-1020ce01\/#primaryimage\",\"url\":\"https:\/\/shop.tanadaithanh.vn\/wp-content\/uploads\/2025\/07\/SH4.png\",\"contentUrl\":\"https:\/\/shop.tanadaithanh.vn\/wp-content\/uploads\/2025\/07\/SH4.png\",\"width\":2000,\"height\":2000},{\"@type\":\"BreadcrumbList\",\"@id\":\"https:\/\/shop.tanadaithanh.vn\/en\/san-pham\/combo-he-tien-nghi-bon-inox-304-dai-thanh-1000n-may-nlmt-dai-thanh-classic-180l-58-may-loc-r-o-smart-9-loi-loc-dau-nguon-beluga-b2-1-bep-tu-rs-1020ce01\/#breadcrumb\",\"itemListElement\":[{\"@type\":\"ListItem\",\"position\":1,\"name\":\"Trang ch\u1ee7\",\"item\":\"https:\/\/shop.tanadaithanh.vn\/en\/\"},{\"@type\":\"ListItem\",\"position\":2,\"name\":\"Shop\",\"item\":\"https:\/\/shop.tanadaithanh.vn\/cua-hang\/\"},{\"@type\":\"ListItem\",\"position\":3,\"name\":\"COMBO SMART HOME: B\u1ed3n inox 304 \u0110\u1ea1i Th\u00e0nh 1000N + M\u00e1y NLMT \u0110\u1ea1i Th\u00e0nh Classic 180L\/58 + M\u00e1y l\u1ecdc n\u01b0\u1edbc RO Smart 9 l\u00f5i\"}]},{\"@type\":\"WebSite\",\"@id\":\"https:\/\/shop.tanadaithanh.vn\/en\/#website\",\"url\":\"https:\/\/shop.tanadaithanh.vn\/en\/\",\"name\":\"T\u00e2n \u00c1 \u0110\u1ea1i Th\u00e0nh eShop - Trang website b\u00e1n h\u00e0ng ch\u00ednh th\u1ee9c T\u1eadp \u0111o\u00e0n T\u00e2n \u00c1 \u0110\u1ea1i Th\u00e0nh\",\"description\":\"Website b\u00e1n h\u00e0ng tr\u1ef1c tuy\u1ebfn v\u1eadn h\u00e0nh b\u1edfi ch\u00ednh T\u00e2n \u00c1 \u0110\u1ea1i Th\u00e0nh\",\"publisher\":{\"@id\":\"https:\/\/shop.tanadaithanh.vn\/en\/#organization\"},\"potentialAction\":[{\"@type\":\"SearchAction\",\"target\":{\"@type\":\"EntryPoint\",\"urlTemplate\":\"https:\/\/shop.tanadaithanh.vn\/en\/?s={search_term_string}\"},\"query-input\":{\"@type\":\"PropertyValueSpecification\",\"valueRequired\":true,\"valueName\":\"search_term_string\"}}],\"inLanguage\":\"en-US\"},{\"@type\":\"Organization\",\"@id\":\"https:\/\/shop.tanadaithanh.vn\/en\/#organization\",\"name\":\"T\u00e2n \u00c1 \u0110\u1ea1i Th\u00e0nh eShop - Trang website b\u00e1n h\u00e0ng ch\u00ednh th\u1ee9c T\u1eadp \u0111o\u00e0n T\u00e2n \u00c1 \u0110\u1ea1i Th\u00e0nh\",\"url\":\"https:\/\/shop.tanadaithanh.vn\/en\/\",\"logo\":{\"@type\":\"ImageObject\",\"inLanguage\":\"en-US\",\"@id\":\"https:\/\/shop.tanadaithanh.vn\/en\/#\/schema\/logo\/image\/\",\"url\":\"https:\/\/shop.tanadaithanh.vn\/wp-content\/uploads\/2025\/06\/Logo-2.png\",\"contentUrl\":\"https:\/\/shop.tanadaithanh.vn\/wp-content\/uploads\/2025\/06\/Logo-2.png\",\"width\":2000,\"height\":2000,\"caption\":\"T\u00e2n \u00c1 \u0110\u1ea1i Th\u00e0nh eShop - Trang website b\u00e1n h\u00e0ng ch\u00ednh th\u1ee9c T\u1eadp \u0111o\u00e0n T\u00e2n \u00c1 \u0110\u1ea1i Th\u00e0nh\"},\"image\":{\"@id\":\"https:\/\/shop.tanadaithanh.vn\/en\/#\/schema\/logo\/image\/\"},\"sameAs\":[\"https:\/\/www.facebook.com\/profile.php?id=61567171139919\",\"https:\/\/zalo.me\/3915163699004948284\"]}]}<\/script>\n<!-- \/ Yoast SEO plugin. -->","yoast_head_json":{"title":"COMBO SMART HOME: B\u1ed3n inox 304 \u0110\u1ea1i Th\u00e0nh 1000N + M\u00e1y NLMT \u0110\u1ea1i Th\u00e0nh Classic 180L\/58 + M\u00e1y l\u1ecdc n\u01b0\u1edbc RO Smart 9 l\u00f5i - T\u00e2n \u00c1 \u0110\u1ea1i Th\u00e0nh eShop","robots":{"index":"index","follow":"follow","max-snippet":"max-snippet:-1","max-image-preview":"max-image-preview:large","max-video-preview":"max-video-preview:-1"},"canonical":"https:\/\/shop.tanadaithanh.vn\/en\/san-pham\/combo-he-tien-nghi-bon-inox-304-dai-thanh-1000n-may-nlmt-dai-thanh-classic-180l-58-may-loc-r-o-smart-9-loi-loc-dau-nguon-beluga-b2-1-bep-tu-rs-1020ce01\/","og_locale":"en_US","og_type":"article","og_title":"COMBO SMART HOME: B\u1ed3n inox 304 \u0110\u1ea1i Th\u00e0nh 1000N + M\u00e1y NLMT \u0110\u1ea1i Th\u00e0nh Classic 180L\/58 + M\u00e1y l\u1ecdc n\u01b0\u1edbc RO Smart 9 l\u00f5i - T\u00e2n \u00c1 \u0110\u1ea1i Th\u00e0nh eShop","og_description":"Combo smart home SH04 \u2013 Tr\u1ecdn b\u1ed9 thi\u1ebft b\u1ecb n\u01b0\u1edbc s\u1ea1ch, ti\u1ec7n nghi v\u00e0 ti\u1ebft ki\u1ec7m cho gia \u0111\u00ecnh hi\u1ec7n \u0111\u1ea1i. K\u1ebft h\u1ee3p 3 thi\u1ebft b\u1ecb thi\u1ebft y\u1ebfu: b\u1ed3n inox \u0110\u1ea1i Th\u00e0nh Classic 1000L ngang, m\u00e1y n\u01b0\u1edbc n\u00f3ng n\u0103ng l\u01b0\u1ee3ng m\u1eb7t tr\u1eddi Classic 180L (\u1ed1ng \u03a6 58), m\u00e1y l\u1ecdc n\u01b0\u1edbc RO Smart 9 l\u00f5i, \u0111\u00e2y l\u00e0 combo ho\u00e0n ch\u1ec9nh gi\u00fap gia \u0111\u00ecnh b\u1ea1n y\u00ean t\u00e2m v\u1ec1 ngu\u1ed3n n\u01b0\u1edbc s\u1ea1ch \u2013 an to\u00e0n \u2013 ti\u1ebft ki\u1ec7m \u0111i\u1ec7n, t\u1eeb \u0111\u1ea7u v\u00e0o \u0111\u1ebfn b\u1eefa \u0103n h\u1eb1ng ng\u00e0y.","og_url":"https:\/\/shop.tanadaithanh.vn\/en\/san-pham\/combo-he-tien-nghi-bon-inox-304-dai-thanh-1000n-may-nlmt-dai-thanh-classic-180l-58-may-loc-r-o-smart-9-loi-loc-dau-nguon-beluga-b2-1-bep-tu-rs-1020ce01\/","og_site_name":"T\u00e2n \u00c1 \u0110\u1ea1i Th\u00e0nh eShop","article_publisher":"https:\/\/www.facebook.com\/profile.php?id=61567171139919","article_modified_time":"2026-04-24T02:07:29+00:00","og_image":[{"width":1024,"height":1024,"url":"https:\/\/shop.tanadaithanh.vn\/wp-content\/uploads\/2025\/07\/SH4-1024x1024.png","type":"image\/png"}],"twitter_card":"summary_large_image","twitter_misc":{"Est. reading time":"3 minutes"},"schema":{"@context":"https:\/\/schema.org","@graph":[{"@type":"WebPage","@id":"https:\/\/shop.tanadaithanh.vn\/en\/san-pham\/combo-he-tien-nghi-bon-inox-304-dai-thanh-1000n-may-nlmt-dai-thanh-classic-180l-58-may-loc-r-o-smart-9-loi-loc-dau-nguon-beluga-b2-1-bep-tu-rs-1020ce01\/","url":"https:\/\/shop.tanadaithanh.vn\/en\/san-pham\/combo-he-tien-nghi-bon-inox-304-dai-thanh-1000n-may-nlmt-dai-thanh-classic-180l-58-may-loc-r-o-smart-9-loi-loc-dau-nguon-beluga-b2-1-bep-tu-rs-1020ce01\/","name":"COMBO SMART HOME: B\u1ed3n inox 304 \u0110\u1ea1i Th\u00e0nh 1000N + M\u00e1y NLMT \u0110\u1ea1i Th\u00e0nh Classic 180L\/58 + M\u00e1y l\u1ecdc n\u01b0\u1edbc RO Smart 9 l\u00f5i - T\u00e2n \u00c1 \u0110\u1ea1i Th\u00e0nh eShop","isPartOf":{"@id":"https:\/\/shop.tanadaithanh.vn\/en\/#website"},"primaryImageOfPage":{"@id":"https:\/\/shop.tanadaithanh.vn\/en\/san-pham\/combo-he-tien-nghi-bon-inox-304-dai-thanh-1000n-may-nlmt-dai-thanh-classic-180l-58-may-loc-r-o-smart-9-loi-loc-dau-nguon-beluga-b2-1-bep-tu-rs-1020ce01\/#primaryimage"},"image":{"@id":"https:\/\/shop.tanadaithanh.vn\/en\/san-pham\/combo-he-tien-nghi-bon-inox-304-dai-thanh-1000n-may-nlmt-dai-thanh-classic-180l-58-may-loc-r-o-smart-9-loi-loc-dau-nguon-beluga-b2-1-bep-tu-rs-1020ce01\/#primaryimage"},"thumbnailUrl":"https:\/\/shop.tanadaithanh.vn\/wp-content\/uploads\/2025\/07\/SH4.png","datePublished":"2025-07-02T10:45:11+00:00","dateModified":"2026-04-24T02:07:29+00:00","breadcrumb":{"@id":"https:\/\/shop.tanadaithanh.vn\/en\/san-pham\/combo-he-tien-nghi-bon-inox-304-dai-thanh-1000n-may-nlmt-dai-thanh-classic-180l-58-may-loc-r-o-smart-9-loi-loc-dau-nguon-beluga-b2-1-bep-tu-rs-1020ce01\/#breadcrumb"},"inLanguage":"en-US","potentialAction":[{"@type":"ReadAction","target":["https:\/\/shop.tanadaithanh.vn\/en\/san-pham\/combo-he-tien-nghi-bon-inox-304-dai-thanh-1000n-may-nlmt-dai-thanh-classic-180l-58-may-loc-r-o-smart-9-loi-loc-dau-nguon-beluga-b2-1-bep-tu-rs-1020ce01\/"]}]},{"@type":"ImageObject","inLanguage":"en-US","@id":"https:\/\/shop.tanadaithanh.vn\/en\/san-pham\/combo-he-tien-nghi-bon-inox-304-dai-thanh-1000n-may-nlmt-dai-thanh-classic-180l-58-may-loc-r-o-smart-9-loi-loc-dau-nguon-beluga-b2-1-bep-tu-rs-1020ce01\/#primaryimage","url":"https:\/\/shop.tanadaithanh.vn\/wp-content\/uploads\/2025\/07\/SH4.png","contentUrl":"https:\/\/shop.tanadaithanh.vn\/wp-content\/uploads\/2025\/07\/SH4.png","width":2000,"height":2000},{"@type":"BreadcrumbList","@id":"https:\/\/shop.tanadaithanh.vn\/en\/san-pham\/combo-he-tien-nghi-bon-inox-304-dai-thanh-1000n-may-nlmt-dai-thanh-classic-180l-58-may-loc-r-o-smart-9-loi-loc-dau-nguon-beluga-b2-1-bep-tu-rs-1020ce01\/#breadcrumb","itemListElement":[{"@type":"ListItem","position":1,"name":"Trang ch\u1ee7","item":"https:\/\/shop.tanadaithanh.vn\/en\/"},{"@type":"ListItem","position":2,"name":"Shop","item":"https:\/\/shop.tanadaithanh.vn\/cua-hang\/"},{"@type":"ListItem","position":3,"name":"COMBO SMART HOME: B\u1ed3n inox 304 \u0110\u1ea1i Th\u00e0nh 1000N + M\u00e1y NLMT \u0110\u1ea1i Th\u00e0nh Classic 180L\/58 + M\u00e1y l\u1ecdc n\u01b0\u1edbc RO Smart 9 l\u00f5i"}]},{"@type":"WebSite","@id":"https:\/\/shop.tanadaithanh.vn\/en\/#website","url":"https:\/\/shop.tanadaithanh.vn\/en\/","name":"T\u00e2n \u00c1 \u0110\u1ea1i Th\u00e0nh eShop - Trang website b\u00e1n h\u00e0ng ch\u00ednh th\u1ee9c T\u1eadp \u0111o\u00e0n T\u00e2n \u00c1 \u0110\u1ea1i Th\u00e0nh","description":"Website b\u00e1n h\u00e0ng tr\u1ef1c tuy\u1ebfn v\u1eadn h\u00e0nh b\u1edfi ch\u00ednh T\u00e2n \u00c1 \u0110\u1ea1i Th\u00e0nh","publisher":{"@id":"https:\/\/shop.tanadaithanh.vn\/en\/#organization"},"potentialAction":[{"@type":"SearchAction","target":{"@type":"EntryPoint","urlTemplate":"https:\/\/shop.tanadaithanh.vn\/en\/?s={search_term_string}"},"query-input":{"@type":"PropertyValueSpecification","valueRequired":true,"valueName":"search_term_string"}}],"inLanguage":"en-US"},{"@type":"Organization","@id":"https:\/\/shop.tanadaithanh.vn\/en\/#organization","name":"T\u00e2n \u00c1 \u0110\u1ea1i Th\u00e0nh eShop - Trang website b\u00e1n h\u00e0ng ch\u00ednh th\u1ee9c T\u1eadp \u0111o\u00e0n T\u00e2n \u00c1 \u0110\u1ea1i Th\u00e0nh","url":"https:\/\/shop.tanadaithanh.vn\/en\/","logo":{"@type":"ImageObject","inLanguage":"en-US","@id":"https:\/\/shop.tanadaithanh.vn\/en\/#\/schema\/logo\/image\/","url":"https:\/\/shop.tanadaithanh.vn\/wp-content\/uploads\/2025\/06\/Logo-2.png","contentUrl":"https:\/\/shop.tanadaithanh.vn\/wp-content\/uploads\/2025\/06\/Logo-2.png","width":2000,"height":2000,"caption":"T\u00e2n \u00c1 \u0110\u1ea1i Th\u00e0nh eShop - Trang website b\u00e1n h\u00e0ng ch\u00ednh th\u1ee9c T\u1eadp \u0111o\u00e0n T\u00e2n \u00c1 \u0110\u1ea1i Th\u00e0nh"},"image":{"@id":"https:\/\/shop.tanadaithanh.vn\/en\/#\/schema\/logo\/image\/"},"sameAs":["https:\/\/www.facebook.com\/profile.php?id=61567171139919","https:\/\/zalo.me\/3915163699004948284"]}]}},"_links":{"self":[{"href":"https:\/\/shop.tanadaithanh.vn\/en\/wp-json\/wp\/v2\/product\/24320","targetHints":{"allow":["GET"]}}],"collection":[{"href":"https:\/\/shop.tanadaithanh.vn\/en\/wp-json\/wp\/v2\/product"}],"about":[{"href":"https:\/\/shop.tanadaithanh.vn\/en\/wp-json\/wp\/v2\/types\/product"}],"replies":[{"embeddable":true,"href":"https:\/\/shop.tanadaithanh.vn\/en\/wp-json\/wp\/v2\/comments?post=24320"}],"version-history":[{"count":10,"href":"https:\/\/shop.tanadaithanh.vn\/en\/wp-json\/wp\/v2\/product\/24320\/revisions"}],"predecessor-version":[{"id":30698,"href":"https:\/\/shop.tanadaithanh.vn\/en\/wp-json\/wp\/v2\/product\/24320\/revisions\/30698"}],"wp:featuredmedia":[{"embeddable":true,"href":"https:\/\/shop.tanadaithanh.vn\/en\/wp-json\/wp\/v2\/media\/32473"}],"wp:attachment":[{"href":"https:\/\/shop.tanadaithanh.vn\/en\/wp-json\/wp\/v2\/media?parent=24320"}],"wp:term":[{"taxonomy":"region","embeddable":true,"href":"https:\/\/shop.tanadaithanh.vn\/en\/wp-json\/wp\/v2\/region?post=24320"},{"taxonomy":"product_brand","embeddable":true,"href":"https:\/\/shop.tanadaithanh.vn\/en\/wp-json\/wp\/v2\/product_brand?post=24320"},{"taxonomy":"product_cat","embeddable":true,"href":"https:\/\/shop.tanadaithanh.vn\/en\/wp-json\/wp\/v2\/product_cat?post=24320"},{"taxonomy":"product_tag","embeddable":true,"href":"https:\/\/shop.tanadaithanh.vn\/en\/wp-json\/wp\/v2\/product_tag?post=24320"}],"curies":[{"name":"wp","href":"https:\/\/api.w.org\/{rel}","templated":true}]}}