{"id":24316,"date":"2025-07-02T17:42:09","date_gmt":"2025-07-02T10:42:09","guid":{"rendered":"https:\/\/shop.tanadaithanh.vn\/?post_type=product&#038;p=24316"},"modified":"2026-04-24T09:08:09","modified_gmt":"2026-04-24T02:08:09","slug":"combo-he-tien-nghi-bon-inox-304-dai-thanh-1000n-may-nlmt-dai-thanh-classic-160l-58-loc-dau-nguon-beluga-b2-1","status":"publish","type":"product","link":"https:\/\/shop.tanadaithanh.vn\/en\/san-pham\/combo-he-tien-nghi-bon-inox-304-dai-thanh-1000n-may-nlmt-dai-thanh-classic-160l-58-loc-dau-nguon-beluga-b2-1\/","title":{"rendered":"COMBO SMART HOME: B\u1ed3n inox 304 \u0110\u1ea1i Th\u00e0nh 1000N + M\u00e1y NLMT \u0110\u1ea1i Th\u00e0nh Classic 160L\/58 + L\u1ecdc \u0111\u1ea7u ngu\u1ed3n Beluga B2.1"},"content":{"rendered":"<h2>Combo SMART HOME SH03: Ho\u00e0n ch\u1ec9nh ti\u1ec7n nghi &#8211; N\u00e2ng t\u1ea7m cu\u1ed9c s\u1ed1ng<\/h2>\n<p>Combo Smart Home 3 bao g\u1ed3m b\u1ed9 3 thi\u1ebft b\u1ecb quan tr\u1ecdng c\u1ee7a cu\u1ed9c s\u1ed1ng g\u1ed3m b\u1ed3n inox SUS 304 \u0110\u1ea1i Th\u00e0nh Classic 1000L ngang, m\u00e1y n\u0103ng l\u01b0\u1ee3ng m\u1eb7t tr\u1eddi \u0110\u1ea1i Th\u00e0nh Classic 160\/58 v\u00e0 l\u1ecdc \u0111\u1ea7u ngu\u1ed3n Beluga B2.1. S\u1ef1 k\u1ebft h\u1ee3p c\u1ee7a c\u00e1c thi\u1ebft b\u1ecb n\u00e0y t\u1ea1o n\u00ean m\u1ed9t combo ho\u00e0n ch\u1ec9nh gi\u00fap n\u00e2ng cao ch\u1ea5t l\u01b0\u1ee3ng cu\u1ed9c s\u1ed1ng.<\/p>\n<h3>B\u1ed3n inox SUS 304 \u0110\u1ea1i Th\u00e0nh Classic 1000L ngang<\/h3>\n<ul>\n<li>Ch\u1ea5t li\u1ec7u inox SUS 304 cao c\u1ea5p \u2013 kh\u00f4ng r\u1ec9 s\u00e9t, ch\u1ecbu l\u1ef1c t\u1ed1t, b\u1ec1n theo th\u1eddi gian.<\/li>\n<li>Thi\u1ebft k\u1ebf ngang nh\u1ecf g\u1ecdn, th\u00edch h\u1ee3p l\u1eafp \u0111\u1eb7t tr\u00ean m\u00e1i nh\u00e0 ph\u1ed1 ho\u1eb7c s\u00e2n th\u01b0\u1ee3ng.<\/li>\n<li>M\u1ed7i b\u1ed3n \u0111\u1ec1u \u0111\u01b0\u1ee3c ki\u1ec3m \u0111\u1ecbnh ch\u1ea5t l\u01b0\u1ee3ng v\u1edbi logo d\u1eadp n\u1ed5i.<\/li>\n<li><strong>B\u1ea3o h\u00e0nh ch\u00ednh h\u00e3ng:<\/strong> 12 n\u0103m<\/li>\n<\/ul>\n<h3>M\u00e1y n\u01b0\u1edbc n\u00f3ng NLMT \u0110\u1ea1i Th\u00e0nh Classic 160L (\u03a6 58)<\/h3>\n<ul>\n<li><strong>L\u1edbp b\u1ea3o \u00f4n:<\/strong> Ru\u1ed9t b\u00ecnh b\u1ea3o \u00f4n \u0111\u01b0\u1ee3c l\u00e0m b\u1eb1ng ch\u1ea5t li\u1ec7u Inox 316, \u0111\u1ed9 b\u1ec1n cao, \u0111\u1ea3m b\u1ea3o an to\u00e0n v\u1ec7 sinh th\u1ef1c ph\u1ea9m v\u1edbi \u0111\u1ed9 d\u00e0y 0,4mm. L\u1edbp gi\u1eef nhi\u1ec7t b\u1eb1ng h\u1ee3p ch\u1ea5t Foam (\u0111\u1ed9 d\u00e0y 55mm) \u0111\u1ed9 n\u00e9n ch\u1eb7t, v\u00e0 gi\u1eef nhi\u1ec7t l\u00ean \u0111\u1ebfn 120 gi\u1edd.<\/li>\n<li><strong>Ch\u00e2n m\u00e1y:<\/strong> Nguy\u00ean li\u1ec7u Inox si\u00eau b\u1ec1n, \u0111\u1ea3m b\u1ea3o \u0111\u1ed9 c\u1ee9ng, v\u1eefng v\u00e0 ch\u1ecbu l\u1ef1c t\u1ed1t.<\/li>\n<li><strong>V\u1ecf b\u00ecnh b\u1ea3o \u00f4n:<\/strong> Nguy\u00ean li\u1ec7u Th\u00e9p kh\u00f4ng g\u1ec9, ch\u1ecbu \u0111\u01b0\u1ee3c c\u00e1c ki\u1ec3u th\u1eddi ti\u1ebft kh\u1eafc nghi\u1ec7t.<\/li>\n<li><strong>B\u1ea3o h\u00e0nh ch\u00ednh h\u00e3ng:<\/strong> 5 n\u0103m<\/li>\n<\/ul>\n<h3>B\u1ed9 l\u1ecdc \u0111\u1ea7u ngu\u1ed3n Beluga B2.1<\/h3>\n<ul>\n<li><strong>K\u00edch th\u01b0\u1edbc (mm):<\/strong> \u03c6 206 x 520<\/li>\n<li><strong>Nhi\u1ec7t \u0111\u1ed9 l\u00e0m vi\u1ec7c:<\/strong> 0 \u00f7 90 \u0111\u1ed9 C<\/li>\n<li><strong>C\u00f4ng ngh\u1ec7 l\u1ecdc \u0111a t\u1ea7ng Laminated Multiplayer:<\/strong> L\u1ecdc ngu\u1ed3n n\u01b0\u1edbc \u0111\u1ea7u v\u00e0o c\u00f9ng m\u1ed9t th\u1eddi \u0111i\u1ec3m, \u0111\u1ea3m b\u1ea3o nhu c\u1ea7u s\u1eed d\u1ee5ng n\u01b0\u1edbc trong gi\u1edd cao \u0111i\u1ec3m. To\u00e0n b\u1ed9 ti\u1ebft di\u1ec7n b\u1ec1 m\u1eb7t l\u1edbp l\u1ecdc ti\u1ebfp x\u00fac v\u1edbi ngu\u1ed3n n\u01b0\u1edbc \u0111\u1ea7u v\u00e0o gi\u00fap ngu\u1ed3n n\u01b0\u1edbc s\u1ea1ch h\u01a1n, tr\u00e1nh b\u1ecb t\u1eafc ngh\u1ebdn c\u1ee5c b\u1ed9.<\/li>\n<li><strong>V\u1eadt li\u1ec7u Electro Positive:\u00a0<\/strong>Lo\u1ea1i b\u1ecf c\u00e1c t\u1ea1p ch\u1ea5t, vi khu\u1ea9n v\u00e0 b\u1ee5i b\u1ea9n c\u00f3 k\u00edch th\u01b0\u1edbc si\u00eau nh\u1ecf \u1ea9n ch\u1ee9a trong ngu\u1ed3n n\u01b0\u1edbc.<\/li>\n<li><strong>L\u00f5i than ho\u1ea1t t\u00ednh Carbon Block: <\/strong>L\u00f5i c\u00f3 ch\u1ec9 s\u1ed1 h\u1ea5p ph\u1ee5 l\u00ean \u0111\u1ebfn 1200 iodine &#8211; cao g\u1ea5p 2 l\u1ea7n th\u00f4ng th\u01b0\u1eddng, gi\u00fap n\u00e2ng cao kh\u1ea3 n\u0103ng l\u1ecdc s\u1ea1ch t\u1ea1p ch\u1ea5t g\u00e2y h\u1ea1i t\u1ed1t h\u01a1n.<\/li>\n<li><strong>Thi\u1ebft k\u1ebf t\u1ed1i gi\u1ea3n:<\/strong> Thi\u1ebft k\u1ebf gi\u00fap t\u1ed1i \u01b0u h\u00f3a c\u00f4ng n\u0103ng s\u1eed nhi\u1ec1u trong nhi\u1ec1u lo\u1ea1i h\u00ecnh nh\u00e0 \u1edf t\u1ea1i Vi\u1ec7t Nam, thay th\u1ebf, s\u1eeda ch\u1eefa c\u0169ng d\u1ec5 d\u00e0ng h\u01a1n so v\u1edbi c\u00e1c s\u1ea3n ph\u1ea9m \u0111\u1eddi c\u0169 tr\u00ean th\u1ecb tr\u01b0\u1eddng<\/li>\n<li>L\u01b0u l\u01b0\u1ee3ng l\u1ecdc l\u00ean \u0111\u1ebfn <strong>1200 l\u00edt\/gi\u1edd<\/strong>, \u0111\u1ea3m b\u1ea3o nhu c\u1ea7u s\u1eed d\u1ee5ng cho t\u1eebng h\u1ed9 gia \u0111\u00ecnh.<\/li>\n<\/ul>\n<p>Combo SMART HOME SH03 l\u00e0 gi\u1ea3i ph\u00e1p to\u00e0n di\u1ec7n cho c\u00e1c h\u1ed9 gia \u0111\u00ecnh \u0111ang t\u00ecm ki\u1ebfm s\u1ef1 \u0111\u1ed3ng b\u1ed9 trong h\u1ec7 th\u1ed1ng n\u01b0\u1edbc \u2013 \u0111\u1ea3m b\u1ea3o \u0111\u1ee7 n\u01b0\u1edbc s\u1ea1ch, n\u01b0\u1edbc n\u00f3ng v\u00e0 h\u1ec7 th\u1ed1ng l\u1ecdc b\u1ec1n b\u1ec9, v\u1eadn h\u00e0nh \u1ed5n \u0111\u1ecbnh quanh n\u0103m.<\/p>\n<p>Mua ngay h\u00f4m nay tr\u00ean webshop T\u00e2n \u00c1 \u0110\u1ea1i Th\u00e0nh \u0111\u1ec3 nh\u1eadn \u01b0u \u0111\u00e3i h\u1ea5p d\u1eabn, b\u1ea3o h\u00e0nh ch\u00ednh h\u00e3ng v\u00e0 h\u1ed7 tr\u1ee3 giao h\u00e0ng t\u1eadn n\u01a1i tr\u00ean to\u00e0n qu\u1ed1c!<\/p>\n","protected":false},"excerpt":{"rendered":"<p>Combo SMART HOME SH03 \u2013 B\u1ed9 3 thi\u1ebft b\u1ecb t\u1ed1i \u01b0u cho ngu\u1ed3n n\u01b0\u1edbc sinh ho\u1ea1t s\u1ea1ch \u2013 b\u1ec1n \u2013 ti\u1ebft ki\u1ec7m \u0111i\u1ec7n: B\u1ed3n inox SUS 304 \u0110\u1ea1i Th\u00e0nh Classic 1000L ngang + M\u00e1y n\u01b0\u1edbc n\u00f3ng NLMT \u0110\u1ea1i Th\u00e0nh Classic 160L (\u03a6 58) + B\u1ed9 l\u1ecdc \u0111\u1ea7u ngu\u1ed3n Beluga B2.1 \u2013 B\u1ea3o v\u1ec7 to\u00e0n h\u1ec7 th\u1ed1ng n\u01b0\u1edbc sinh ho\u1ea1t l\u00e0 gi\u1ea3i ph\u00e1p to\u00e0n di\u1ec7n cho c\u00e1c h\u1ed9 gia \u0111\u00ecnh \u0111ang t\u00ecm ki\u1ebfm s\u1ef1 \u0111\u1ed3ng b\u1ed9 trong h\u1ec7 th\u1ed1ng n\u01b0\u1edbc \u2013 \u0111\u1ea3m b\u1ea3o \u0111\u1ee7 n\u01b0\u1edbc s\u1ea1ch, n\u01b0\u1edbc n\u00f3ng v\u00e0 h\u1ec7 th\u1ed1ng l\u1ecdc b\u1ec1n b\u1ec9, v\u1eadn h\u00e0nh \u1ed5n \u0111\u1ecbnh quanh n\u0103m.<\/p>\n","protected":false},"featured_media":32471,"comment_status":"open","ping_status":"closed","template":"","meta":[],"region":[260],"product_brand":[],"product_cat":[685],"product_tag":[],"class_list":{"0":"post-24316","1":"product","2":"type-product","3":"status-publish","4":"has-post-thumbnail","6":"region-mien-nam","7":"product_cat-combo","9":"first","10":"instock","11":"sale","12":"sold-individually","13":"purchasable","14":"product-type-simple"},"yoast_head":"<!-- This site is optimized with the Yoast SEO plugin v24.6 - https:\/\/yoast.com\/wordpress\/plugins\/seo\/ -->\n<title>COMBO SMART HOME: B\u1ed3n inox 304 \u0110\u1ea1i Th\u00e0nh 1000N + M\u00e1y NLMT \u0110\u1ea1i Th\u00e0nh Classic 160L\/58 + L\u1ecdc \u0111\u1ea7u ngu\u1ed3n Beluga B2.1 - T\u00e2n \u00c1 \u0110\u1ea1i Th\u00e0nh eShop<\/title>\n<meta name=\"robots\" content=\"index, follow, max-snippet:-1, max-image-preview:large, max-video-preview:-1\" \/>\n<link rel=\"canonical\" href=\"https:\/\/shop.tanadaithanh.vn\/en\/san-pham\/combo-he-tien-nghi-bon-inox-304-dai-thanh-1000n-may-nlmt-dai-thanh-classic-160l-58-loc-dau-nguon-beluga-b2-1\/\" \/>\n<meta property=\"og:locale\" content=\"en_US\" \/>\n<meta property=\"og:type\" content=\"article\" \/>\n<meta property=\"og:title\" content=\"COMBO SMART HOME: B\u1ed3n inox 304 \u0110\u1ea1i Th\u00e0nh 1000N + M\u00e1y NLMT \u0110\u1ea1i Th\u00e0nh Classic 160L\/58 + L\u1ecdc \u0111\u1ea7u ngu\u1ed3n Beluga B2.1 - T\u00e2n \u00c1 \u0110\u1ea1i Th\u00e0nh eShop\" \/>\n<meta property=\"og:description\" content=\"Combo SMART HOME SH03 \u2013 B\u1ed9 3 thi\u1ebft b\u1ecb t\u1ed1i \u01b0u cho ngu\u1ed3n n\u01b0\u1edbc sinh ho\u1ea1t s\u1ea1ch \u2013 b\u1ec1n \u2013 ti\u1ebft ki\u1ec7m \u0111i\u1ec7n: B\u1ed3n inox SUS 304 \u0110\u1ea1i Th\u00e0nh Classic 1000L ngang + M\u00e1y n\u01b0\u1edbc n\u00f3ng NLMT \u0110\u1ea1i Th\u00e0nh Classic 160L (\u03a6 58) + B\u1ed9 l\u1ecdc \u0111\u1ea7u ngu\u1ed3n Beluga B2.1 \u2013 B\u1ea3o v\u1ec7 to\u00e0n h\u1ec7 th\u1ed1ng n\u01b0\u1edbc sinh ho\u1ea1t l\u00e0 gi\u1ea3i ph\u00e1p to\u00e0n di\u1ec7n cho c\u00e1c h\u1ed9 gia \u0111\u00ecnh \u0111ang t\u00ecm ki\u1ebfm s\u1ef1 \u0111\u1ed3ng b\u1ed9 trong h\u1ec7 th\u1ed1ng n\u01b0\u1edbc \u2013 \u0111\u1ea3m b\u1ea3o \u0111\u1ee7 n\u01b0\u1edbc s\u1ea1ch, n\u01b0\u1edbc n\u00f3ng v\u00e0 h\u1ec7 th\u1ed1ng l\u1ecdc b\u1ec1n b\u1ec9, v\u1eadn h\u00e0nh \u1ed5n \u0111\u1ecbnh quanh n\u0103m.\" \/>\n<meta property=\"og:url\" content=\"https:\/\/shop.tanadaithanh.vn\/en\/san-pham\/combo-he-tien-nghi-bon-inox-304-dai-thanh-1000n-may-nlmt-dai-thanh-classic-160l-58-loc-dau-nguon-beluga-b2-1\/\" \/>\n<meta property=\"og:site_name\" content=\"T\u00e2n \u00c1 \u0110\u1ea1i Th\u00e0nh eShop\" \/>\n<meta property=\"article:publisher\" content=\"https:\/\/www.facebook.com\/profile.php?id=61567171139919\" \/>\n<meta property=\"article:modified_time\" content=\"2026-04-24T02:08:09+00:00\" \/>\n<meta property=\"og:image\" content=\"https:\/\/shop.tanadaithanh.vn\/wp-content\/uploads\/2025\/07\/SH3-1024x1024.png\" \/>\n\t<meta property=\"og:image:width\" content=\"1024\" \/>\n\t<meta property=\"og:image:height\" content=\"1024\" \/>\n\t<meta property=\"og:image:type\" content=\"image\/png\" \/>\n<meta name=\"twitter:card\" content=\"summary_large_image\" \/>\n<meta name=\"twitter:label1\" content=\"Est. reading time\" \/>\n\t<meta name=\"twitter:data1\" content=\"3 minutes\" \/>\n<script type=\"application\/ld+json\" class=\"yoast-schema-graph\">{\"@context\":\"https:\/\/schema.org\",\"@graph\":[{\"@type\":\"WebPage\",\"@id\":\"https:\/\/shop.tanadaithanh.vn\/en\/san-pham\/combo-he-tien-nghi-bon-inox-304-dai-thanh-1000n-may-nlmt-dai-thanh-classic-160l-58-loc-dau-nguon-beluga-b2-1\/\",\"url\":\"https:\/\/shop.tanadaithanh.vn\/en\/san-pham\/combo-he-tien-nghi-bon-inox-304-dai-thanh-1000n-may-nlmt-dai-thanh-classic-160l-58-loc-dau-nguon-beluga-b2-1\/\",\"name\":\"COMBO SMART HOME: B\u1ed3n inox 304 \u0110\u1ea1i Th\u00e0nh 1000N + M\u00e1y NLMT \u0110\u1ea1i Th\u00e0nh Classic 160L\/58 + L\u1ecdc \u0111\u1ea7u ngu\u1ed3n Beluga B2.1 - T\u00e2n \u00c1 \u0110\u1ea1i Th\u00e0nh eShop\",\"isPartOf\":{\"@id\":\"https:\/\/shop.tanadaithanh.vn\/en\/#website\"},\"primaryImageOfPage\":{\"@id\":\"https:\/\/shop.tanadaithanh.vn\/en\/san-pham\/combo-he-tien-nghi-bon-inox-304-dai-thanh-1000n-may-nlmt-dai-thanh-classic-160l-58-loc-dau-nguon-beluga-b2-1\/#primaryimage\"},\"image\":{\"@id\":\"https:\/\/shop.tanadaithanh.vn\/en\/san-pham\/combo-he-tien-nghi-bon-inox-304-dai-thanh-1000n-may-nlmt-dai-thanh-classic-160l-58-loc-dau-nguon-beluga-b2-1\/#primaryimage\"},\"thumbnailUrl\":\"https:\/\/shop.tanadaithanh.vn\/wp-content\/uploads\/2025\/07\/SH3.png\",\"datePublished\":\"2025-07-02T10:42:09+00:00\",\"dateModified\":\"2026-04-24T02:08:09+00:00\",\"breadcrumb\":{\"@id\":\"https:\/\/shop.tanadaithanh.vn\/en\/san-pham\/combo-he-tien-nghi-bon-inox-304-dai-thanh-1000n-may-nlmt-dai-thanh-classic-160l-58-loc-dau-nguon-beluga-b2-1\/#breadcrumb\"},\"inLanguage\":\"en-US\",\"potentialAction\":[{\"@type\":\"ReadAction\",\"target\":[\"https:\/\/shop.tanadaithanh.vn\/en\/san-pham\/combo-he-tien-nghi-bon-inox-304-dai-thanh-1000n-may-nlmt-dai-thanh-classic-160l-58-loc-dau-nguon-beluga-b2-1\/\"]}]},{\"@type\":\"ImageObject\",\"inLanguage\":\"en-US\",\"@id\":\"https:\/\/shop.tanadaithanh.vn\/en\/san-pham\/combo-he-tien-nghi-bon-inox-304-dai-thanh-1000n-may-nlmt-dai-thanh-classic-160l-58-loc-dau-nguon-beluga-b2-1\/#primaryimage\",\"url\":\"https:\/\/shop.tanadaithanh.vn\/wp-content\/uploads\/2025\/07\/SH3.png\",\"contentUrl\":\"https:\/\/shop.tanadaithanh.vn\/wp-content\/uploads\/2025\/07\/SH3.png\",\"width\":2000,\"height\":2000},{\"@type\":\"BreadcrumbList\",\"@id\":\"https:\/\/shop.tanadaithanh.vn\/en\/san-pham\/combo-he-tien-nghi-bon-inox-304-dai-thanh-1000n-may-nlmt-dai-thanh-classic-160l-58-loc-dau-nguon-beluga-b2-1\/#breadcrumb\",\"itemListElement\":[{\"@type\":\"ListItem\",\"position\":1,\"name\":\"Trang ch\u1ee7\",\"item\":\"https:\/\/shop.tanadaithanh.vn\/en\/\"},{\"@type\":\"ListItem\",\"position\":2,\"name\":\"Shop\",\"item\":\"https:\/\/shop.tanadaithanh.vn\/cua-hang\/\"},{\"@type\":\"ListItem\",\"position\":3,\"name\":\"COMBO SMART HOME: B\u1ed3n inox 304 \u0110\u1ea1i Th\u00e0nh 1000N + M\u00e1y NLMT \u0110\u1ea1i Th\u00e0nh Classic 160L\/58 + L\u1ecdc \u0111\u1ea7u ngu\u1ed3n Beluga B2.1\"}]},{\"@type\":\"WebSite\",\"@id\":\"https:\/\/shop.tanadaithanh.vn\/en\/#website\",\"url\":\"https:\/\/shop.tanadaithanh.vn\/en\/\",\"name\":\"T\u00e2n \u00c1 \u0110\u1ea1i Th\u00e0nh eShop - Trang website b\u00e1n h\u00e0ng ch\u00ednh th\u1ee9c T\u1eadp \u0111o\u00e0n T\u00e2n \u00c1 \u0110\u1ea1i Th\u00e0nh\",\"description\":\"Website b\u00e1n h\u00e0ng tr\u1ef1c tuy\u1ebfn v\u1eadn h\u00e0nh b\u1edfi ch\u00ednh T\u00e2n \u00c1 \u0110\u1ea1i Th\u00e0nh\",\"publisher\":{\"@id\":\"https:\/\/shop.tanadaithanh.vn\/en\/#organization\"},\"potentialAction\":[{\"@type\":\"SearchAction\",\"target\":{\"@type\":\"EntryPoint\",\"urlTemplate\":\"https:\/\/shop.tanadaithanh.vn\/en\/?s={search_term_string}\"},\"query-input\":{\"@type\":\"PropertyValueSpecification\",\"valueRequired\":true,\"valueName\":\"search_term_string\"}}],\"inLanguage\":\"en-US\"},{\"@type\":\"Organization\",\"@id\":\"https:\/\/shop.tanadaithanh.vn\/en\/#organization\",\"name\":\"T\u00e2n \u00c1 \u0110\u1ea1i Th\u00e0nh eShop - Trang website b\u00e1n h\u00e0ng ch\u00ednh th\u1ee9c T\u1eadp \u0111o\u00e0n T\u00e2n \u00c1 \u0110\u1ea1i Th\u00e0nh\",\"url\":\"https:\/\/shop.tanadaithanh.vn\/en\/\",\"logo\":{\"@type\":\"ImageObject\",\"inLanguage\":\"en-US\",\"@id\":\"https:\/\/shop.tanadaithanh.vn\/en\/#\/schema\/logo\/image\/\",\"url\":\"https:\/\/shop.tanadaithanh.vn\/wp-content\/uploads\/2025\/06\/Logo-2.png\",\"contentUrl\":\"https:\/\/shop.tanadaithanh.vn\/wp-content\/uploads\/2025\/06\/Logo-2.png\",\"width\":2000,\"height\":2000,\"caption\":\"T\u00e2n \u00c1 \u0110\u1ea1i Th\u00e0nh eShop - Trang website b\u00e1n h\u00e0ng ch\u00ednh th\u1ee9c T\u1eadp \u0111o\u00e0n T\u00e2n \u00c1 \u0110\u1ea1i Th\u00e0nh\"},\"image\":{\"@id\":\"https:\/\/shop.tanadaithanh.vn\/en\/#\/schema\/logo\/image\/\"},\"sameAs\":[\"https:\/\/www.facebook.com\/profile.php?id=61567171139919\",\"https:\/\/zalo.me\/3915163699004948284\"]}]}<\/script>\n<!-- \/ Yoast SEO plugin. -->","yoast_head_json":{"title":"COMBO SMART HOME: B\u1ed3n inox 304 \u0110\u1ea1i Th\u00e0nh 1000N + M\u00e1y NLMT \u0110\u1ea1i Th\u00e0nh Classic 160L\/58 + L\u1ecdc \u0111\u1ea7u ngu\u1ed3n Beluga B2.1 - T\u00e2n \u00c1 \u0110\u1ea1i Th\u00e0nh eShop","robots":{"index":"index","follow":"follow","max-snippet":"max-snippet:-1","max-image-preview":"max-image-preview:large","max-video-preview":"max-video-preview:-1"},"canonical":"https:\/\/shop.tanadaithanh.vn\/en\/san-pham\/combo-he-tien-nghi-bon-inox-304-dai-thanh-1000n-may-nlmt-dai-thanh-classic-160l-58-loc-dau-nguon-beluga-b2-1\/","og_locale":"en_US","og_type":"article","og_title":"COMBO SMART HOME: B\u1ed3n inox 304 \u0110\u1ea1i Th\u00e0nh 1000N + M\u00e1y NLMT \u0110\u1ea1i Th\u00e0nh Classic 160L\/58 + L\u1ecdc \u0111\u1ea7u ngu\u1ed3n Beluga B2.1 - T\u00e2n \u00c1 \u0110\u1ea1i Th\u00e0nh eShop","og_description":"Combo SMART HOME SH03 \u2013 B\u1ed9 3 thi\u1ebft b\u1ecb t\u1ed1i \u01b0u cho ngu\u1ed3n n\u01b0\u1edbc sinh ho\u1ea1t s\u1ea1ch \u2013 b\u1ec1n \u2013 ti\u1ebft ki\u1ec7m \u0111i\u1ec7n: B\u1ed3n inox SUS 304 \u0110\u1ea1i Th\u00e0nh Classic 1000L ngang + M\u00e1y n\u01b0\u1edbc n\u00f3ng NLMT \u0110\u1ea1i Th\u00e0nh Classic 160L (\u03a6 58) + B\u1ed9 l\u1ecdc \u0111\u1ea7u ngu\u1ed3n Beluga B2.1 \u2013 B\u1ea3o v\u1ec7 to\u00e0n h\u1ec7 th\u1ed1ng n\u01b0\u1edbc sinh ho\u1ea1t l\u00e0 gi\u1ea3i ph\u00e1p to\u00e0n di\u1ec7n cho c\u00e1c h\u1ed9 gia \u0111\u00ecnh \u0111ang t\u00ecm ki\u1ebfm s\u1ef1 \u0111\u1ed3ng b\u1ed9 trong h\u1ec7 th\u1ed1ng n\u01b0\u1edbc \u2013 \u0111\u1ea3m b\u1ea3o \u0111\u1ee7 n\u01b0\u1edbc s\u1ea1ch, n\u01b0\u1edbc n\u00f3ng v\u00e0 h\u1ec7 th\u1ed1ng l\u1ecdc b\u1ec1n b\u1ec9, v\u1eadn h\u00e0nh \u1ed5n \u0111\u1ecbnh quanh n\u0103m.","og_url":"https:\/\/shop.tanadaithanh.vn\/en\/san-pham\/combo-he-tien-nghi-bon-inox-304-dai-thanh-1000n-may-nlmt-dai-thanh-classic-160l-58-loc-dau-nguon-beluga-b2-1\/","og_site_name":"T\u00e2n \u00c1 \u0110\u1ea1i Th\u00e0nh eShop","article_publisher":"https:\/\/www.facebook.com\/profile.php?id=61567171139919","article_modified_time":"2026-04-24T02:08:09+00:00","og_image":[{"width":1024,"height":1024,"url":"https:\/\/shop.tanadaithanh.vn\/wp-content\/uploads\/2025\/07\/SH3-1024x1024.png","type":"image\/png"}],"twitter_card":"summary_large_image","twitter_misc":{"Est. reading time":"3 minutes"},"schema":{"@context":"https:\/\/schema.org","@graph":[{"@type":"WebPage","@id":"https:\/\/shop.tanadaithanh.vn\/en\/san-pham\/combo-he-tien-nghi-bon-inox-304-dai-thanh-1000n-may-nlmt-dai-thanh-classic-160l-58-loc-dau-nguon-beluga-b2-1\/","url":"https:\/\/shop.tanadaithanh.vn\/en\/san-pham\/combo-he-tien-nghi-bon-inox-304-dai-thanh-1000n-may-nlmt-dai-thanh-classic-160l-58-loc-dau-nguon-beluga-b2-1\/","name":"COMBO SMART HOME: B\u1ed3n inox 304 \u0110\u1ea1i Th\u00e0nh 1000N + M\u00e1y NLMT \u0110\u1ea1i Th\u00e0nh Classic 160L\/58 + L\u1ecdc \u0111\u1ea7u ngu\u1ed3n Beluga B2.1 - T\u00e2n \u00c1 \u0110\u1ea1i Th\u00e0nh eShop","isPartOf":{"@id":"https:\/\/shop.tanadaithanh.vn\/en\/#website"},"primaryImageOfPage":{"@id":"https:\/\/shop.tanadaithanh.vn\/en\/san-pham\/combo-he-tien-nghi-bon-inox-304-dai-thanh-1000n-may-nlmt-dai-thanh-classic-160l-58-loc-dau-nguon-beluga-b2-1\/#primaryimage"},"image":{"@id":"https:\/\/shop.tanadaithanh.vn\/en\/san-pham\/combo-he-tien-nghi-bon-inox-304-dai-thanh-1000n-may-nlmt-dai-thanh-classic-160l-58-loc-dau-nguon-beluga-b2-1\/#primaryimage"},"thumbnailUrl":"https:\/\/shop.tanadaithanh.vn\/wp-content\/uploads\/2025\/07\/SH3.png","datePublished":"2025-07-02T10:42:09+00:00","dateModified":"2026-04-24T02:08:09+00:00","breadcrumb":{"@id":"https:\/\/shop.tanadaithanh.vn\/en\/san-pham\/combo-he-tien-nghi-bon-inox-304-dai-thanh-1000n-may-nlmt-dai-thanh-classic-160l-58-loc-dau-nguon-beluga-b2-1\/#breadcrumb"},"inLanguage":"en-US","potentialAction":[{"@type":"ReadAction","target":["https:\/\/shop.tanadaithanh.vn\/en\/san-pham\/combo-he-tien-nghi-bon-inox-304-dai-thanh-1000n-may-nlmt-dai-thanh-classic-160l-58-loc-dau-nguon-beluga-b2-1\/"]}]},{"@type":"ImageObject","inLanguage":"en-US","@id":"https:\/\/shop.tanadaithanh.vn\/en\/san-pham\/combo-he-tien-nghi-bon-inox-304-dai-thanh-1000n-may-nlmt-dai-thanh-classic-160l-58-loc-dau-nguon-beluga-b2-1\/#primaryimage","url":"https:\/\/shop.tanadaithanh.vn\/wp-content\/uploads\/2025\/07\/SH3.png","contentUrl":"https:\/\/shop.tanadaithanh.vn\/wp-content\/uploads\/2025\/07\/SH3.png","width":2000,"height":2000},{"@type":"BreadcrumbList","@id":"https:\/\/shop.tanadaithanh.vn\/en\/san-pham\/combo-he-tien-nghi-bon-inox-304-dai-thanh-1000n-may-nlmt-dai-thanh-classic-160l-58-loc-dau-nguon-beluga-b2-1\/#breadcrumb","itemListElement":[{"@type":"ListItem","position":1,"name":"Trang ch\u1ee7","item":"https:\/\/shop.tanadaithanh.vn\/en\/"},{"@type":"ListItem","position":2,"name":"Shop","item":"https:\/\/shop.tanadaithanh.vn\/cua-hang\/"},{"@type":"ListItem","position":3,"name":"COMBO SMART HOME: B\u1ed3n inox 304 \u0110\u1ea1i Th\u00e0nh 1000N + M\u00e1y NLMT \u0110\u1ea1i Th\u00e0nh Classic 160L\/58 + L\u1ecdc \u0111\u1ea7u ngu\u1ed3n Beluga B2.1"}]},{"@type":"WebSite","@id":"https:\/\/shop.tanadaithanh.vn\/en\/#website","url":"https:\/\/shop.tanadaithanh.vn\/en\/","name":"T\u00e2n \u00c1 \u0110\u1ea1i Th\u00e0nh eShop - Trang website b\u00e1n h\u00e0ng ch\u00ednh th\u1ee9c T\u1eadp \u0111o\u00e0n T\u00e2n \u00c1 \u0110\u1ea1i Th\u00e0nh","description":"Website b\u00e1n h\u00e0ng tr\u1ef1c tuy\u1ebfn v\u1eadn h\u00e0nh b\u1edfi ch\u00ednh T\u00e2n \u00c1 \u0110\u1ea1i Th\u00e0nh","publisher":{"@id":"https:\/\/shop.tanadaithanh.vn\/en\/#organization"},"potentialAction":[{"@type":"SearchAction","target":{"@type":"EntryPoint","urlTemplate":"https:\/\/shop.tanadaithanh.vn\/en\/?s={search_term_string}"},"query-input":{"@type":"PropertyValueSpecification","valueRequired":true,"valueName":"search_term_string"}}],"inLanguage":"en-US"},{"@type":"Organization","@id":"https:\/\/shop.tanadaithanh.vn\/en\/#organization","name":"T\u00e2n \u00c1 \u0110\u1ea1i Th\u00e0nh eShop - Trang website b\u00e1n h\u00e0ng ch\u00ednh th\u1ee9c T\u1eadp \u0111o\u00e0n T\u00e2n \u00c1 \u0110\u1ea1i Th\u00e0nh","url":"https:\/\/shop.tanadaithanh.vn\/en\/","logo":{"@type":"ImageObject","inLanguage":"en-US","@id":"https:\/\/shop.tanadaithanh.vn\/en\/#\/schema\/logo\/image\/","url":"https:\/\/shop.tanadaithanh.vn\/wp-content\/uploads\/2025\/06\/Logo-2.png","contentUrl":"https:\/\/shop.tanadaithanh.vn\/wp-content\/uploads\/2025\/06\/Logo-2.png","width":2000,"height":2000,"caption":"T\u00e2n \u00c1 \u0110\u1ea1i Th\u00e0nh eShop - Trang website b\u00e1n h\u00e0ng ch\u00ednh th\u1ee9c T\u1eadp \u0111o\u00e0n T\u00e2n \u00c1 \u0110\u1ea1i Th\u00e0nh"},"image":{"@id":"https:\/\/shop.tanadaithanh.vn\/en\/#\/schema\/logo\/image\/"},"sameAs":["https:\/\/www.facebook.com\/profile.php?id=61567171139919","https:\/\/zalo.me\/3915163699004948284"]}]}},"_links":{"self":[{"href":"https:\/\/shop.tanadaithanh.vn\/en\/wp-json\/wp\/v2\/product\/24316","targetHints":{"allow":["GET"]}}],"collection":[{"href":"https:\/\/shop.tanadaithanh.vn\/en\/wp-json\/wp\/v2\/product"}],"about":[{"href":"https:\/\/shop.tanadaithanh.vn\/en\/wp-json\/wp\/v2\/types\/product"}],"replies":[{"embeddable":true,"href":"https:\/\/shop.tanadaithanh.vn\/en\/wp-json\/wp\/v2\/comments?post=24316"}],"version-history":[{"count":4,"href":"https:\/\/shop.tanadaithanh.vn\/en\/wp-json\/wp\/v2\/product\/24316\/revisions"}],"predecessor-version":[{"id":32692,"href":"https:\/\/shop.tanadaithanh.vn\/en\/wp-json\/wp\/v2\/product\/24316\/revisions\/32692"}],"wp:featuredmedia":[{"embeddable":true,"href":"https:\/\/shop.tanadaithanh.vn\/en\/wp-json\/wp\/v2\/media\/32471"}],"wp:attachment":[{"href":"https:\/\/shop.tanadaithanh.vn\/en\/wp-json\/wp\/v2\/media?parent=24316"}],"wp:term":[{"taxonomy":"region","embeddable":true,"href":"https:\/\/shop.tanadaithanh.vn\/en\/wp-json\/wp\/v2\/region?post=24316"},{"taxonomy":"product_brand","embeddable":true,"href":"https:\/\/shop.tanadaithanh.vn\/en\/wp-json\/wp\/v2\/product_brand?post=24316"},{"taxonomy":"product_cat","embeddable":true,"href":"https:\/\/shop.tanadaithanh.vn\/en\/wp-json\/wp\/v2\/product_cat?post=24316"},{"taxonomy":"product_tag","embeddable":true,"href":"https:\/\/shop.tanadaithanh.vn\/en\/wp-json\/wp\/v2\/product_tag?post=24316"}],"curies":[{"name":"wp","href":"https:\/\/api.w.org\/{rel}","templated":true}]}}