{"id":24287,"date":"2025-07-02T17:21:21","date_gmt":"2025-07-02T10:21:21","guid":{"rendered":"https:\/\/shop.tanadaithanh.vn\/?post_type=product&#038;p=24287"},"modified":"2026-04-17T14:12:51","modified_gmt":"2026-04-17T07:12:51","slug":"combo-mat-ben-vung-may-loc-r-o-smart-9-loi-bep-tu-rs-1020cc01","status":"publish","type":"product","link":"https:\/\/shop.tanadaithanh.vn\/en\/san-pham\/combo-mat-ben-vung-may-loc-r-o-smart-9-loi-bep-tu-rs-1020cc01\/","title":{"rendered":"COMBO LUXURY APARTMENT: M\u00c1Y L\u1eccC R.O SMART 9 L\u00d5I  + B\u1ebeP T\u1eea RS-1020CC01"},"content":{"rendered":"<h2>Combo LUXURY APARTMENT LA02: B\u1ebfp ti\u1ec7n nghi &#8211; N\u01b0\u1edbc tinh khi\u1ebft<\/h2>\n<p>S\u1ef1 k\u1ebft h\u1ee3p th\u00f4ng minh gi\u1eefa m\u00e1y l\u1ecdc n\u01b0\u1edbc RO Smart 9 l\u00f5i v\u00e0 b\u1ebfp t\u1eeb \u0111\u01a1n Rossi RS-1020CC01, mang \u0111\u1ebfn gi\u1ea3i ph\u00e1p to\u00e0n di\u1ec7n cho c\u0103n b\u1ebfp hi\u1ec7n \u0111\u1ea1i: s\u1ea1ch \u2013 nhanh \u2013 ti\u1ebft ki\u1ec7m. Combo n\u00e0y kh\u00f4ng ch\u1ec9 gi\u00fap b\u1ea3o v\u1ec7 s\u1ee9c kh\u1ecfe t\u1eeb ngu\u1ed3n n\u01b0\u1edbc u\u1ed1ng \u0111\u1ebfn t\u1eebng b\u1eefa \u0103n, m\u00e0 c\u00f2n d\u1ec5 l\u1eafp \u0111\u1eb7t, d\u1ec5 s\u1eed d\u1ee5ng, ph\u00f9 h\u1ee3p v\u1edbi nhi\u1ec1u kh\u00f4ng gian s\u1ed1ng.<\/p>\n<h3>M\u00e1y l\u1ecdc n\u01b0\u1edbc T\u00e2n \u00c1 RO Smart 9 l\u00f5i \u2013 B\u1ea3o v\u1ec7 s\u1ee9c kh\u1ecfe t\u1eeb ngu\u1ed3n n\u01b0\u1edbc u\u1ed1ng<\/h3>\n<ul>\n<li>M\u00e0ng l\u1ecdc RO l\u1ecdc s\u1ea1ch khu\u1ea9n, lo\u1ea1i b\u1ecf \u0111\u1ebfn 99,99% vi khu\u1ea9n, virus.<\/li>\n<li>M\u00e0ng l\u1ecdc UF ch\u1ed1ng t\u00e1i khu\u1ea9n.<\/li>\n<li>L\u00f5i b\u00f9 kho\u00e1ng b\u1ed5 sung vi ch\u1ea5t t\u1ed1t cho s\u1ee9c kh\u1ecfe.<\/li>\n<li>C\u00f4ng su\u1ea5t l\u1ecdc 80GPD thu h\u1ed3i n\u01b0\u1edbc tinh khi\u1ebft \u0111\u1ebfn 50%<\/li>\n<li>H\u1ec7 th\u1ed1ng c\u1ea5p l\u1ecdc \u0111a d\u1ea1ng, ph\u00f9 h\u1ee3p v\u1edbi m\u1ecdi ngu\u1ed3n n\u01b0\u1edbc.<\/li>\n<li>\u0110\u01b0\u1ee3c ch\u1ebf t\u1ea1o b\u1eb1ng nh\u1ef1a cao c\u1ea5p v\u1edbi ki\u1ec3u d\u00e1ng sang tr\u1ecdng, ph\u00f9 h\u1ee3p v\u1edbi m\u1ecdi kh\u00f4ng gian.<\/li>\n<li>D\u1ec5 l\u1eafp \u0111\u1eb7t, s\u1eed d\u1ee5ng v\u00e0 b\u1ea3o tr\u00ec.<\/li>\n<li>B\u1ea3o h\u00e0nh ch\u00ednh h\u00e3ng: 12 th\u00e1ng<\/li>\n<\/ul>\n<h3>B\u1ebfp t\u1eeb \u0111\u01a1n Rossi RS-1020CC01 \u2013 N\u1ea5u \u0103n nhanh, ti\u1ebft ki\u1ec7m \u0111i\u1ec7n<\/h3>\n<ul>\n<li>M\u1eb7t k\u00ednh Ceramic cao c\u1ea5p, ch\u1ecbu l\u1ef1c v\u00e0 ch\u1ecbu nhi\u1ec7t t\u1ed1t.<\/li>\n<li>\u0110i\u1ec1u khi\u1ec3n c\u1ea3m \u1ee9ng, m\u00e0n h\u00ecnh LED r\u00f5 n\u00e9t, thao t\u00e1c d\u1ec5 d\u00e0ng.<\/li>\n<li>8 m\u1ee9c c\u00f4ng su\u1ea5t\/nhi\u1ec7t \u0111\u1ed9, ph\u00f9 h\u1ee3p cho nhi\u1ec1u m\u00f3n n\u1ea5u kh\u00e1c nhau.<\/li>\n<li>C\u00f3 ch\u1ee9c n\u0103ng h\u1eb9n gi\u1edd, kh\u00f3a tr\u1ebb em v\u00e0 t\u1ef1 ng\u1eaft sau 2 gi\u1edd \u2013 an to\u00e0n khi s\u1eed d\u1ee5ng.<\/li>\n<li>Thi\u1ebft k\u1ebf nh\u1ecf g\u1ecdn, ph\u00f9 h\u1ee3p v\u1edbi b\u1ebfp tr\u1ecd, b\u1ebfp ph\u1ee5 ho\u1eb7c mang theo khi c\u1ea7n.<\/li>\n<li>B\u1ea3o h\u00e0nh ch\u00ednh h\u00e3ng 24 th\u00e1ng<\/li>\n<\/ul>\n<p>Combo LUXURY APARTMENT LA02 l\u00e0 l\u1ef1a ch\u1ecdn h\u1ee3p l\u00fd cho m\u1ecdi gia \u0111\u00ecnh mong mu\u1ed1n c\u00f3 b\u1ebfp s\u1ea1ch \u2013 n\u01b0\u1edbc tinh \u2013 ti\u1ec7n nghi hi\u1ec7n \u0111\u1ea1i v\u1edbi chi ph\u00ed t\u1ed1i \u01b0u.<\/p>\n<p>\u0110\u1eb7t mua ngay h\u00f4m nay \u0111\u1ec3 nh\u1eadn nhi\u1ec1u \u01b0u \u0111\u00e3i h\u1ea5p d\u1eabn, b\u1ea3o h\u00e0nh ch\u00ednh h\u00e3ng v\u00e0 h\u1ed7 tr\u1ee3 giao t\u1eadn n\u01a1i!<\/p>\n","protected":false},"excerpt":{"rendered":"<p>Combo LUXURY APARTMENT LA02: M\u00e1y l\u1ecdc n\u01b0\u1edbc T\u00e2n \u00c1 RO Smart 9 l\u00f5i \u2013 Ngu\u1ed3n n\u01b0\u1edbc tinh khi\u1ebft cho c\u1ea3 gia \u0111\u00ecnh v\u00e0 B\u1ebfp t\u1eeb \u0111\u01a1n Rossi RS-1020CC01 \u2013 G\u1ecdn nh\u1eb9, an to\u00e0n, n\u1ea5u \u0103n si\u00eau t\u1ed1c. \u1ef1a ch\u1ecdn h\u1ee3p l\u00fd cho m\u1ecdi gia \u0111\u00ecnh mong mu\u1ed1n c\u00f3 b\u1ebfp s\u1ea1ch \u2013 n\u01b0\u1edbc tinh \u2013 ti\u1ec7n nghi hi\u1ec7n \u0111\u1ea1i v\u1edbi chi ph\u00ed t\u1ed1i \u01b0u.<\/p>\n","protected":false},"featured_media":32477,"comment_status":"open","ping_status":"closed","template":"","meta":[],"region":[260],"product_brand":[],"product_cat":[685],"product_tag":[],"class_list":{"0":"post-24287","1":"product","2":"type-product","3":"status-publish","4":"has-post-thumbnail","6":"region-mien-nam","7":"product_cat-combo","9":"first","10":"instock","11":"sale","12":"sold-individually","13":"purchasable","14":"product-type-simple"},"yoast_head":"<!-- This site is optimized with the Yoast SEO plugin v24.6 - https:\/\/yoast.com\/wordpress\/plugins\/seo\/ -->\n<title>COMBO LUXURY APARTMENT: M\u00c1Y L\u1eccC R.O SMART 9 L\u00d5I + B\u1ebeP T\u1eea RS-1020CC01 - T\u00e2n \u00c1 \u0110\u1ea1i Th\u00e0nh eShop<\/title>\n<meta name=\"robots\" content=\"index, follow, max-snippet:-1, max-image-preview:large, max-video-preview:-1\" \/>\n<link rel=\"canonical\" href=\"https:\/\/shop.tanadaithanh.vn\/en\/san-pham\/combo-mat-ben-vung-may-loc-r-o-smart-9-loi-bep-tu-rs-1020cc01\/\" \/>\n<meta property=\"og:locale\" content=\"en_US\" \/>\n<meta property=\"og:type\" content=\"article\" \/>\n<meta property=\"og:title\" content=\"COMBO LUXURY APARTMENT: M\u00c1Y L\u1eccC R.O SMART 9 L\u00d5I + B\u1ebeP T\u1eea RS-1020CC01 - T\u00e2n \u00c1 \u0110\u1ea1i Th\u00e0nh eShop\" \/>\n<meta property=\"og:description\" content=\"Combo LUXURY APARTMENT LA02: M\u00e1y l\u1ecdc n\u01b0\u1edbc T\u00e2n \u00c1 RO Smart 9 l\u00f5i \u2013 Ngu\u1ed3n n\u01b0\u1edbc tinh khi\u1ebft cho c\u1ea3 gia \u0111\u00ecnh v\u00e0 B\u1ebfp t\u1eeb \u0111\u01a1n Rossi RS-1020CC01 \u2013 G\u1ecdn nh\u1eb9, an to\u00e0n, n\u1ea5u \u0103n si\u00eau t\u1ed1c. \u1ef1a ch\u1ecdn h\u1ee3p l\u00fd cho m\u1ecdi gia \u0111\u00ecnh mong mu\u1ed1n c\u00f3 b\u1ebfp s\u1ea1ch \u2013 n\u01b0\u1edbc tinh \u2013 ti\u1ec7n nghi hi\u1ec7n \u0111\u1ea1i v\u1edbi chi ph\u00ed t\u1ed1i \u01b0u.\" \/>\n<meta property=\"og:url\" content=\"https:\/\/shop.tanadaithanh.vn\/en\/san-pham\/combo-mat-ben-vung-may-loc-r-o-smart-9-loi-bep-tu-rs-1020cc01\/\" \/>\n<meta property=\"og:site_name\" content=\"T\u00e2n \u00c1 \u0110\u1ea1i Th\u00e0nh eShop\" \/>\n<meta property=\"article:publisher\" content=\"https:\/\/www.facebook.com\/profile.php?id=61567171139919\" \/>\n<meta property=\"article:modified_time\" content=\"2026-04-17T07:12:51+00:00\" \/>\n<meta property=\"og:image\" content=\"https:\/\/shop.tanadaithanh.vn\/wp-content\/uploads\/2025\/07\/LA2-1024x1024.png\" \/>\n\t<meta property=\"og:image:width\" content=\"1024\" \/>\n\t<meta property=\"og:image:height\" content=\"1024\" \/>\n\t<meta property=\"og:image:type\" content=\"image\/png\" \/>\n<meta name=\"twitter:card\" content=\"summary_large_image\" \/>\n<meta name=\"twitter:label1\" content=\"Est. reading time\" \/>\n\t<meta name=\"twitter:data1\" content=\"2 minutes\" \/>\n<script type=\"application\/ld+json\" class=\"yoast-schema-graph\">{\"@context\":\"https:\/\/schema.org\",\"@graph\":[{\"@type\":\"WebPage\",\"@id\":\"https:\/\/shop.tanadaithanh.vn\/en\/san-pham\/combo-mat-ben-vung-may-loc-r-o-smart-9-loi-bep-tu-rs-1020cc01\/\",\"url\":\"https:\/\/shop.tanadaithanh.vn\/en\/san-pham\/combo-mat-ben-vung-may-loc-r-o-smart-9-loi-bep-tu-rs-1020cc01\/\",\"name\":\"COMBO LUXURY APARTMENT: M\u00c1Y L\u1eccC R.O SMART 9 L\u00d5I + B\u1ebeP T\u1eea RS-1020CC01 - T\u00e2n \u00c1 \u0110\u1ea1i Th\u00e0nh eShop\",\"isPartOf\":{\"@id\":\"https:\/\/shop.tanadaithanh.vn\/en\/#website\"},\"primaryImageOfPage\":{\"@id\":\"https:\/\/shop.tanadaithanh.vn\/en\/san-pham\/combo-mat-ben-vung-may-loc-r-o-smart-9-loi-bep-tu-rs-1020cc01\/#primaryimage\"},\"image\":{\"@id\":\"https:\/\/shop.tanadaithanh.vn\/en\/san-pham\/combo-mat-ben-vung-may-loc-r-o-smart-9-loi-bep-tu-rs-1020cc01\/#primaryimage\"},\"thumbnailUrl\":\"https:\/\/shop.tanadaithanh.vn\/wp-content\/uploads\/2025\/07\/LA2.png\",\"datePublished\":\"2025-07-02T10:21:21+00:00\",\"dateModified\":\"2026-04-17T07:12:51+00:00\",\"breadcrumb\":{\"@id\":\"https:\/\/shop.tanadaithanh.vn\/en\/san-pham\/combo-mat-ben-vung-may-loc-r-o-smart-9-loi-bep-tu-rs-1020cc01\/#breadcrumb\"},\"inLanguage\":\"en-US\",\"potentialAction\":[{\"@type\":\"ReadAction\",\"target\":[\"https:\/\/shop.tanadaithanh.vn\/en\/san-pham\/combo-mat-ben-vung-may-loc-r-o-smart-9-loi-bep-tu-rs-1020cc01\/\"]}]},{\"@type\":\"ImageObject\",\"inLanguage\":\"en-US\",\"@id\":\"https:\/\/shop.tanadaithanh.vn\/en\/san-pham\/combo-mat-ben-vung-may-loc-r-o-smart-9-loi-bep-tu-rs-1020cc01\/#primaryimage\",\"url\":\"https:\/\/shop.tanadaithanh.vn\/wp-content\/uploads\/2025\/07\/LA2.png\",\"contentUrl\":\"https:\/\/shop.tanadaithanh.vn\/wp-content\/uploads\/2025\/07\/LA2.png\",\"width\":2000,\"height\":2000},{\"@type\":\"BreadcrumbList\",\"@id\":\"https:\/\/shop.tanadaithanh.vn\/en\/san-pham\/combo-mat-ben-vung-may-loc-r-o-smart-9-loi-bep-tu-rs-1020cc01\/#breadcrumb\",\"itemListElement\":[{\"@type\":\"ListItem\",\"position\":1,\"name\":\"Trang ch\u1ee7\",\"item\":\"https:\/\/shop.tanadaithanh.vn\/en\/\"},{\"@type\":\"ListItem\",\"position\":2,\"name\":\"Shop\",\"item\":\"https:\/\/shop.tanadaithanh.vn\/cua-hang\/\"},{\"@type\":\"ListItem\",\"position\":3,\"name\":\"COMBO LUXURY APARTMENT: M\u00c1Y L\u1eccC R.O SMART 9 L\u00d5I + B\u1ebeP T\u1eea RS-1020CC01\"}]},{\"@type\":\"WebSite\",\"@id\":\"https:\/\/shop.tanadaithanh.vn\/en\/#website\",\"url\":\"https:\/\/shop.tanadaithanh.vn\/en\/\",\"name\":\"T\u00e2n \u00c1 \u0110\u1ea1i Th\u00e0nh eShop - Trang website b\u00e1n h\u00e0ng ch\u00ednh th\u1ee9c T\u1eadp \u0111o\u00e0n T\u00e2n \u00c1 \u0110\u1ea1i Th\u00e0nh\",\"description\":\"Website b\u00e1n h\u00e0ng tr\u1ef1c tuy\u1ebfn v\u1eadn h\u00e0nh b\u1edfi ch\u00ednh T\u00e2n \u00c1 \u0110\u1ea1i Th\u00e0nh\",\"publisher\":{\"@id\":\"https:\/\/shop.tanadaithanh.vn\/en\/#organization\"},\"potentialAction\":[{\"@type\":\"SearchAction\",\"target\":{\"@type\":\"EntryPoint\",\"urlTemplate\":\"https:\/\/shop.tanadaithanh.vn\/en\/?s={search_term_string}\"},\"query-input\":{\"@type\":\"PropertyValueSpecification\",\"valueRequired\":true,\"valueName\":\"search_term_string\"}}],\"inLanguage\":\"en-US\"},{\"@type\":\"Organization\",\"@id\":\"https:\/\/shop.tanadaithanh.vn\/en\/#organization\",\"name\":\"T\u00e2n \u00c1 \u0110\u1ea1i Th\u00e0nh eShop - Trang website b\u00e1n h\u00e0ng ch\u00ednh th\u1ee9c T\u1eadp \u0111o\u00e0n T\u00e2n \u00c1 \u0110\u1ea1i Th\u00e0nh\",\"url\":\"https:\/\/shop.tanadaithanh.vn\/en\/\",\"logo\":{\"@type\":\"ImageObject\",\"inLanguage\":\"en-US\",\"@id\":\"https:\/\/shop.tanadaithanh.vn\/en\/#\/schema\/logo\/image\/\",\"url\":\"https:\/\/shop.tanadaithanh.vn\/wp-content\/uploads\/2025\/06\/Logo-2.png\",\"contentUrl\":\"https:\/\/shop.tanadaithanh.vn\/wp-content\/uploads\/2025\/06\/Logo-2.png\",\"width\":2000,\"height\":2000,\"caption\":\"T\u00e2n \u00c1 \u0110\u1ea1i Th\u00e0nh eShop - Trang website b\u00e1n h\u00e0ng ch\u00ednh th\u1ee9c T\u1eadp \u0111o\u00e0n T\u00e2n \u00c1 \u0110\u1ea1i Th\u00e0nh\"},\"image\":{\"@id\":\"https:\/\/shop.tanadaithanh.vn\/en\/#\/schema\/logo\/image\/\"},\"sameAs\":[\"https:\/\/www.facebook.com\/profile.php?id=61567171139919\",\"https:\/\/zalo.me\/3915163699004948284\"]}]}<\/script>\n<!-- \/ Yoast SEO plugin. -->","yoast_head_json":{"title":"COMBO LUXURY APARTMENT: M\u00c1Y L\u1eccC R.O SMART 9 L\u00d5I + B\u1ebeP T\u1eea RS-1020CC01 - T\u00e2n \u00c1 \u0110\u1ea1i Th\u00e0nh eShop","robots":{"index":"index","follow":"follow","max-snippet":"max-snippet:-1","max-image-preview":"max-image-preview:large","max-video-preview":"max-video-preview:-1"},"canonical":"https:\/\/shop.tanadaithanh.vn\/en\/san-pham\/combo-mat-ben-vung-may-loc-r-o-smart-9-loi-bep-tu-rs-1020cc01\/","og_locale":"en_US","og_type":"article","og_title":"COMBO LUXURY APARTMENT: M\u00c1Y L\u1eccC R.O SMART 9 L\u00d5I + B\u1ebeP T\u1eea RS-1020CC01 - T\u00e2n \u00c1 \u0110\u1ea1i Th\u00e0nh eShop","og_description":"Combo LUXURY APARTMENT LA02: M\u00e1y l\u1ecdc n\u01b0\u1edbc T\u00e2n \u00c1 RO Smart 9 l\u00f5i \u2013 Ngu\u1ed3n n\u01b0\u1edbc tinh khi\u1ebft cho c\u1ea3 gia \u0111\u00ecnh v\u00e0 B\u1ebfp t\u1eeb \u0111\u01a1n Rossi RS-1020CC01 \u2013 G\u1ecdn nh\u1eb9, an to\u00e0n, n\u1ea5u \u0103n si\u00eau t\u1ed1c. \u1ef1a ch\u1ecdn h\u1ee3p l\u00fd cho m\u1ecdi gia \u0111\u00ecnh mong mu\u1ed1n c\u00f3 b\u1ebfp s\u1ea1ch \u2013 n\u01b0\u1edbc tinh \u2013 ti\u1ec7n nghi hi\u1ec7n \u0111\u1ea1i v\u1edbi chi ph\u00ed t\u1ed1i \u01b0u.","og_url":"https:\/\/shop.tanadaithanh.vn\/en\/san-pham\/combo-mat-ben-vung-may-loc-r-o-smart-9-loi-bep-tu-rs-1020cc01\/","og_site_name":"T\u00e2n \u00c1 \u0110\u1ea1i Th\u00e0nh eShop","article_publisher":"https:\/\/www.facebook.com\/profile.php?id=61567171139919","article_modified_time":"2026-04-17T07:12:51+00:00","og_image":[{"width":1024,"height":1024,"url":"https:\/\/shop.tanadaithanh.vn\/wp-content\/uploads\/2025\/07\/LA2-1024x1024.png","type":"image\/png"}],"twitter_card":"summary_large_image","twitter_misc":{"Est. reading time":"2 minutes"},"schema":{"@context":"https:\/\/schema.org","@graph":[{"@type":"WebPage","@id":"https:\/\/shop.tanadaithanh.vn\/en\/san-pham\/combo-mat-ben-vung-may-loc-r-o-smart-9-loi-bep-tu-rs-1020cc01\/","url":"https:\/\/shop.tanadaithanh.vn\/en\/san-pham\/combo-mat-ben-vung-may-loc-r-o-smart-9-loi-bep-tu-rs-1020cc01\/","name":"COMBO LUXURY APARTMENT: M\u00c1Y L\u1eccC R.O SMART 9 L\u00d5I + B\u1ebeP T\u1eea RS-1020CC01 - T\u00e2n \u00c1 \u0110\u1ea1i Th\u00e0nh eShop","isPartOf":{"@id":"https:\/\/shop.tanadaithanh.vn\/en\/#website"},"primaryImageOfPage":{"@id":"https:\/\/shop.tanadaithanh.vn\/en\/san-pham\/combo-mat-ben-vung-may-loc-r-o-smart-9-loi-bep-tu-rs-1020cc01\/#primaryimage"},"image":{"@id":"https:\/\/shop.tanadaithanh.vn\/en\/san-pham\/combo-mat-ben-vung-may-loc-r-o-smart-9-loi-bep-tu-rs-1020cc01\/#primaryimage"},"thumbnailUrl":"https:\/\/shop.tanadaithanh.vn\/wp-content\/uploads\/2025\/07\/LA2.png","datePublished":"2025-07-02T10:21:21+00:00","dateModified":"2026-04-17T07:12:51+00:00","breadcrumb":{"@id":"https:\/\/shop.tanadaithanh.vn\/en\/san-pham\/combo-mat-ben-vung-may-loc-r-o-smart-9-loi-bep-tu-rs-1020cc01\/#breadcrumb"},"inLanguage":"en-US","potentialAction":[{"@type":"ReadAction","target":["https:\/\/shop.tanadaithanh.vn\/en\/san-pham\/combo-mat-ben-vung-may-loc-r-o-smart-9-loi-bep-tu-rs-1020cc01\/"]}]},{"@type":"ImageObject","inLanguage":"en-US","@id":"https:\/\/shop.tanadaithanh.vn\/en\/san-pham\/combo-mat-ben-vung-may-loc-r-o-smart-9-loi-bep-tu-rs-1020cc01\/#primaryimage","url":"https:\/\/shop.tanadaithanh.vn\/wp-content\/uploads\/2025\/07\/LA2.png","contentUrl":"https:\/\/shop.tanadaithanh.vn\/wp-content\/uploads\/2025\/07\/LA2.png","width":2000,"height":2000},{"@type":"BreadcrumbList","@id":"https:\/\/shop.tanadaithanh.vn\/en\/san-pham\/combo-mat-ben-vung-may-loc-r-o-smart-9-loi-bep-tu-rs-1020cc01\/#breadcrumb","itemListElement":[{"@type":"ListItem","position":1,"name":"Trang ch\u1ee7","item":"https:\/\/shop.tanadaithanh.vn\/en\/"},{"@type":"ListItem","position":2,"name":"Shop","item":"https:\/\/shop.tanadaithanh.vn\/cua-hang\/"},{"@type":"ListItem","position":3,"name":"COMBO LUXURY APARTMENT: M\u00c1Y L\u1eccC R.O SMART 9 L\u00d5I + B\u1ebeP T\u1eea RS-1020CC01"}]},{"@type":"WebSite","@id":"https:\/\/shop.tanadaithanh.vn\/en\/#website","url":"https:\/\/shop.tanadaithanh.vn\/en\/","name":"T\u00e2n \u00c1 \u0110\u1ea1i Th\u00e0nh eShop - Trang website b\u00e1n h\u00e0ng ch\u00ednh th\u1ee9c T\u1eadp \u0111o\u00e0n T\u00e2n \u00c1 \u0110\u1ea1i Th\u00e0nh","description":"Website b\u00e1n h\u00e0ng tr\u1ef1c tuy\u1ebfn v\u1eadn h\u00e0nh b\u1edfi ch\u00ednh T\u00e2n \u00c1 \u0110\u1ea1i Th\u00e0nh","publisher":{"@id":"https:\/\/shop.tanadaithanh.vn\/en\/#organization"},"potentialAction":[{"@type":"SearchAction","target":{"@type":"EntryPoint","urlTemplate":"https:\/\/shop.tanadaithanh.vn\/en\/?s={search_term_string}"},"query-input":{"@type":"PropertyValueSpecification","valueRequired":true,"valueName":"search_term_string"}}],"inLanguage":"en-US"},{"@type":"Organization","@id":"https:\/\/shop.tanadaithanh.vn\/en\/#organization","name":"T\u00e2n \u00c1 \u0110\u1ea1i Th\u00e0nh eShop - Trang website b\u00e1n h\u00e0ng ch\u00ednh th\u1ee9c T\u1eadp \u0111o\u00e0n T\u00e2n \u00c1 \u0110\u1ea1i Th\u00e0nh","url":"https:\/\/shop.tanadaithanh.vn\/en\/","logo":{"@type":"ImageObject","inLanguage":"en-US","@id":"https:\/\/shop.tanadaithanh.vn\/en\/#\/schema\/logo\/image\/","url":"https:\/\/shop.tanadaithanh.vn\/wp-content\/uploads\/2025\/06\/Logo-2.png","contentUrl":"https:\/\/shop.tanadaithanh.vn\/wp-content\/uploads\/2025\/06\/Logo-2.png","width":2000,"height":2000,"caption":"T\u00e2n \u00c1 \u0110\u1ea1i Th\u00e0nh eShop - Trang website b\u00e1n h\u00e0ng ch\u00ednh th\u1ee9c T\u1eadp \u0111o\u00e0n T\u00e2n \u00c1 \u0110\u1ea1i Th\u00e0nh"},"image":{"@id":"https:\/\/shop.tanadaithanh.vn\/en\/#\/schema\/logo\/image\/"},"sameAs":["https:\/\/www.facebook.com\/profile.php?id=61567171139919","https:\/\/zalo.me\/3915163699004948284"]}]}},"_links":{"self":[{"href":"https:\/\/shop.tanadaithanh.vn\/en\/wp-json\/wp\/v2\/product\/24287","targetHints":{"allow":["GET"]}}],"collection":[{"href":"https:\/\/shop.tanadaithanh.vn\/en\/wp-json\/wp\/v2\/product"}],"about":[{"href":"https:\/\/shop.tanadaithanh.vn\/en\/wp-json\/wp\/v2\/types\/product"}],"replies":[{"embeddable":true,"href":"https:\/\/shop.tanadaithanh.vn\/en\/wp-json\/wp\/v2\/comments?post=24287"}],"version-history":[{"count":4,"href":"https:\/\/shop.tanadaithanh.vn\/en\/wp-json\/wp\/v2\/product\/24287\/revisions"}],"predecessor-version":[{"id":29828,"href":"https:\/\/shop.tanadaithanh.vn\/en\/wp-json\/wp\/v2\/product\/24287\/revisions\/29828"}],"wp:featuredmedia":[{"embeddable":true,"href":"https:\/\/shop.tanadaithanh.vn\/en\/wp-json\/wp\/v2\/media\/32477"}],"wp:attachment":[{"href":"https:\/\/shop.tanadaithanh.vn\/en\/wp-json\/wp\/v2\/media?parent=24287"}],"wp:term":[{"taxonomy":"region","embeddable":true,"href":"https:\/\/shop.tanadaithanh.vn\/en\/wp-json\/wp\/v2\/region?post=24287"},{"taxonomy":"product_brand","embeddable":true,"href":"https:\/\/shop.tanadaithanh.vn\/en\/wp-json\/wp\/v2\/product_brand?post=24287"},{"taxonomy":"product_cat","embeddable":true,"href":"https:\/\/shop.tanadaithanh.vn\/en\/wp-json\/wp\/v2\/product_cat?post=24287"},{"taxonomy":"product_tag","embeddable":true,"href":"https:\/\/shop.tanadaithanh.vn\/en\/wp-json\/wp\/v2\/product_tag?post=24287"}],"curies":[{"name":"wp","href":"https:\/\/api.w.org\/{rel}","templated":true}]}}