{"id":24249,"date":"2025-07-02T15:57:45","date_gmt":"2025-07-02T08:57:45","guid":{"rendered":"https:\/\/shop.tanadaithanh.vn\/?post_type=product&#038;p=24249"},"modified":"2026-04-17T14:13:00","modified_gmt":"2026-04-17T07:13:00","slug":"combo-mat-ben-vung-binh-nuoc-nong-blanc-20sl-bep-tu-rs-1020cc01","status":"publish","type":"product","link":"https:\/\/shop.tanadaithanh.vn\/en\/san-pham\/combo-mat-ben-vung-binh-nuoc-nong-blanc-20sl-bep-tu-rs-1020cc01\/","title":{"rendered":"COMBO LUXURY APARTMENT: B\u00ccNH N\u01af\u1edaC N\u00d3NG BLANC 20SL + B\u1ebeP T\u1eea RS-1020CC01"},"content":{"rendered":"<h2>Combo LUXURY APARTMENT LA01: Gi\u1ea3i ph\u00e1p ti\u1ec7n nghi cho gian b\u1ebfp hi\u1ec7n \u0111\u1ea1i v\u00e0 ph\u00f2ng t\u1eafm an to\u00e0n<\/h2>\n<p>S\u1ef1 k\u1ebft h\u1ee3p l\u00fd t\u01b0\u1edfng gi\u1eefa b\u00ecnh n\u01b0\u1edbc n\u00f3ng gi\u00e1n ti\u1ebfp Rossi Blanc Ngang 20L v\u00e0 b\u1ebfp t\u1eeb \u0111\u01a1n Rossi RS-1020CC01, mang l\u1ea1i tr\u1ea3i nghi\u1ec7m s\u1eed d\u1ee5ng m\u01b0\u1ee3t m\u00e0 \u2013 v\u1eeba ti\u1ebft ki\u1ec7m \u0111i\u1ec7n, v\u1eeba b\u1ec1n b\u1ec9, an to\u00e0n cho c\u1ea3 gia \u0111\u00ecnh. Combo n\u00e0y kh\u00f4ng ch\u1ec9 t\u1ed1i \u01b0u chi ph\u00ed m\u00e0 c\u00f2n ph\u00f9 h\u1ee3p v\u1edbi m\u1ecdi kh\u00f4ng gian t\u1eeb c\u0103n h\u1ed9 \u0111\u1ebfn nh\u00e0 ri\u00eang.<\/p>\n<h3>B\u00ecnh n\u01b0\u1edbc n\u00f3ng gi\u00e1n ti\u1ebfp Rossi Blanc Ngang 20L \u2013 T\u1eafm \u1ea5m t\u1eafm an, d\u00f9ng b\u1ec1n theo n\u0103m th\u00e1ng<\/h3>\n<ul>\n<li>Thanh Magie k\u00e9p b\u1ea3o v\u1ec7 ru\u1ed9t b\u00ecnh g\u1ea5p 2 l\u1ea7n<\/li>\n<li>Ru\u1ed9t b\u00ecnh tr\u00e1ng men kim c\u01b0\u01a1ng nh\u00e2n t\u1ea1o si\u00eau b\u1ec1n: Ch\u1ed1ng bong tr\u00f3c, ch\u1ed1ng \u0103n m\u00f2n v\u00e0 ch\u1ecbu \u0111\u01b0\u1ee3c \u00e1p l\u1ef1c cao<\/li>\n<li>\u0110\u00e8n b\u00e1o ho\u1ea1t \u0111\u1ed9ng th\u00f4ng minh d\u1ec5 d\u00e0ng theo d\u00f5i tr\u1ea1ng th\u00e1i ho\u1ea1t \u0111\u1ed9ng c\u1ee7a b\u00ecnh<\/li>\n<li>L\u1edbp c\u00e1ch nhi\u1ec7t m\u1eadt \u0111\u1ed9 cao gi\u1eef nhi\u1ec7t v\u01b0\u1ee3t tr\u1ed9i, l\u00e0m n\u01b0\u1edbc n\u00f3ng l\u00e2u h\u01a1n<\/li>\n<li>B\u1ed9 ch\u1ed1ng r\u00f2 \u0111i\u1ec7n ELCB si\u00eau nh\u1eady \u0111\u1ea3m b\u1ea3o an to\u00e0n tuy\u1ec7t \u0111\u1ed1i khi s\u1eed d\u1ee5ng<\/li>\n<li>Van an to\u00e0n cao c\u1ea5p gi\u1eef cho b\u00ecnh ho\u1ea1t \u0111\u1ed9ng \u1ed5n \u0111\u1ecbnh l\u00e2u d\u00e0i<\/li>\n<li>Si\u00eau s\u1ea1ch, ch\u1ed1ng b\u00e1m c\u1eb7n v\u1edbi thanh Magie \u0111\u01b0\u1eddng k\u00ednh l\u1edbn<\/li>\n<li>B\u1ea3o h\u00e0nh ru\u1ed9t b\u00ecnh ch\u00ednh h\u00e3ng: 20 n\u0103m<\/li>\n<\/ul>\n<h3>B\u1ebfp t\u1eeb \u0111\u01a1n Rossi RS-1020CC01 \u2013 N\u1ea5u \u0103n nhanh, ti\u1ebft ki\u1ec7m \u0111i\u1ec7n<\/h3>\n<p>&#8211; M\u1eb7t k\u00ednh Ceramic cao c\u1ea5p, ch\u1ecbu l\u1ef1c v\u00e0 ch\u1ecbu nhi\u1ec7t t\u1ed1t.<br \/>\n&#8211; \u0110i\u1ec1u khi\u1ec3n c\u1ea3m \u1ee9ng, m\u00e0n h\u00ecnh LED r\u00f5 n\u00e9t, thao t\u00e1c d\u1ec5 d\u00e0ng.<br \/>\n&#8211; 8 m\u1ee9c c\u00f4ng su\u1ea5t\/nhi\u1ec7t \u0111\u1ed9, ph\u00f9 h\u1ee3p cho nhi\u1ec1u m\u00f3n n\u1ea5u kh\u00e1c nhau.<br \/>\n&#8211; C\u00f3 ch\u1ee9c n\u0103ng h\u1eb9n gi\u1edd, kh\u00f3a tr\u1ebb em v\u00e0 t\u1ef1 ng\u1eaft sau 2 gi\u1edd \u2013 an to\u00e0n khi s\u1eed d\u1ee5ng.<br \/>\n&#8211; Thi\u1ebft k\u1ebf nh\u1ecf g\u1ecdn, ph\u00f9 h\u1ee3p v\u1edbi b\u1ebfp tr\u1ecd, b\u1ebfp ph\u1ee5 ho\u1eb7c mang theo khi c\u1ea7n.<br \/>\n&#8211; B\u1ea3o h\u00e0nh ch\u00ednh h\u00e3ng 24 th\u00e1ng<\/p>\n<p>Combo LUXURY APARTMENT LA01 l\u00e0 l\u1ef1a ch\u1ecdn th\u00f4ng minh cho nh\u1eefng ai mu\u1ed1n trang b\u1ecb nhanh g\u1ecdn hai thi\u1ebft b\u1ecb thi\u1ebft y\u1ebfu \u2013 d\u00f9ng b\u1ec1n, ti\u1ebft ki\u1ec7m \u0111i\u1ec7n v\u00e0 an to\u00e0n m\u1ed7i ng\u00e0y.<\/p>\n<p>\u0110\u1eb7t mua combo ngay h\u00f4m nay \u0111\u1ec3 nh\u1eadn \u01b0u \u0111\u00e3i h\u1ea5p d\u1eabn, b\u1ea3o h\u00e0nh ch\u00ednh h\u00e3ng v\u00e0 h\u1ed7 tr\u1ee3 giao h\u00e0ng t\u1eadn n\u01a1i!<\/p>\n","protected":false},"excerpt":{"rendered":"<p>COMBO LUXURY APARTMENT 2 S\u1ea2N PH\u1ea8M CH\u1ec8 2500K \u2013 Gi\u1ea3i ph\u00e1p ti\u1ebft ki\u1ec7m to\u00e0n di\u1ec7n cho gia \u0111\u00ecnh:<br \/>\nK\u1ebft h\u1ee3p B\u00ccNH N\u01af\u1edaC N\u00d3NG BLANC 20SL b\u1ec1n b\u1ec9 an to\u00e0n, c\u00f9ng B\u1ebeP T\u1eea RS-1020CC01 ti\u1ebft ki\u1ec7m \u0111i\u1ec7n kh\u00f4ng lo n\u00f3ng. Combo l\u00fd t\u01b0\u1edfng cho c\u00e1c h\u1ed9 gia \u0111\u00ecnh 3\u20134 ng\u01b0\u1eddi, t\u1ed1i \u01b0u chi ph\u00ed \u2013 d\u00f9ng l\u00e2u v\u1eabn l\u1ee3i!<\/p>\n","protected":false},"featured_media":32479,"comment_status":"open","ping_status":"closed","template":"","meta":[],"region":[260],"product_brand":[],"product_cat":[685],"product_tag":[],"class_list":{"0":"post-24249","1":"product","2":"type-product","3":"status-publish","4":"has-post-thumbnail","6":"region-mien-nam","7":"product_cat-combo","9":"first","10":"instock","11":"sale","12":"sold-individually","13":"purchasable","14":"product-type-simple"},"yoast_head":"<!-- This site is optimized with the Yoast SEO plugin v24.6 - https:\/\/yoast.com\/wordpress\/plugins\/seo\/ -->\n<title>COMBO LUXURY APARTMENT: B\u00ccNH N\u01af\u1edaC N\u00d3NG BLANC 20SL + B\u1ebeP T\u1eea RS-1020CC01 - T\u00e2n \u00c1 \u0110\u1ea1i Th\u00e0nh eShop<\/title>\n<meta name=\"robots\" content=\"index, follow, max-snippet:-1, max-image-preview:large, max-video-preview:-1\" \/>\n<link rel=\"canonical\" href=\"https:\/\/shop.tanadaithanh.vn\/en\/san-pham\/combo-mat-ben-vung-binh-nuoc-nong-blanc-20sl-bep-tu-rs-1020cc01\/\" \/>\n<meta property=\"og:locale\" content=\"en_US\" \/>\n<meta property=\"og:type\" content=\"article\" \/>\n<meta property=\"og:title\" content=\"COMBO LUXURY APARTMENT: B\u00ccNH N\u01af\u1edaC N\u00d3NG BLANC 20SL + B\u1ebeP T\u1eea RS-1020CC01 - T\u00e2n \u00c1 \u0110\u1ea1i Th\u00e0nh eShop\" \/>\n<meta property=\"og:description\" content=\"COMBO LUXURY APARTMENT 2 S\u1ea2N PH\u1ea8M CH\u1ec8 2500K \u2013 Gi\u1ea3i ph\u00e1p ti\u1ebft ki\u1ec7m to\u00e0n di\u1ec7n cho gia \u0111\u00ecnh: K\u1ebft h\u1ee3p B\u00ccNH N\u01af\u1edaC N\u00d3NG BLANC 20SL b\u1ec1n b\u1ec9 an to\u00e0n, c\u00f9ng B\u1ebeP T\u1eea RS-1020CC01 ti\u1ebft ki\u1ec7m \u0111i\u1ec7n kh\u00f4ng lo n\u00f3ng. Combo l\u00fd t\u01b0\u1edfng cho c\u00e1c h\u1ed9 gia \u0111\u00ecnh 3\u20134 ng\u01b0\u1eddi, t\u1ed1i \u01b0u chi ph\u00ed \u2013 d\u00f9ng l\u00e2u v\u1eabn l\u1ee3i!\" \/>\n<meta property=\"og:url\" content=\"https:\/\/shop.tanadaithanh.vn\/en\/san-pham\/combo-mat-ben-vung-binh-nuoc-nong-blanc-20sl-bep-tu-rs-1020cc01\/\" \/>\n<meta property=\"og:site_name\" content=\"T\u00e2n \u00c1 \u0110\u1ea1i Th\u00e0nh eShop\" \/>\n<meta property=\"article:publisher\" content=\"https:\/\/www.facebook.com\/profile.php?id=61567171139919\" \/>\n<meta property=\"article:modified_time\" content=\"2026-04-17T07:13:00+00:00\" \/>\n<meta property=\"og:image\" content=\"https:\/\/shop.tanadaithanh.vn\/wp-content\/uploads\/2025\/07\/LA1-1024x1024.png\" \/>\n\t<meta property=\"og:image:width\" content=\"1024\" \/>\n\t<meta property=\"og:image:height\" content=\"1024\" \/>\n\t<meta property=\"og:image:type\" content=\"image\/png\" \/>\n<meta name=\"twitter:card\" content=\"summary_large_image\" \/>\n<meta name=\"twitter:label1\" content=\"Est. reading time\" \/>\n\t<meta name=\"twitter:data1\" content=\"3 minutes\" \/>\n<script type=\"application\/ld+json\" class=\"yoast-schema-graph\">{\"@context\":\"https:\/\/schema.org\",\"@graph\":[{\"@type\":\"WebPage\",\"@id\":\"https:\/\/shop.tanadaithanh.vn\/en\/san-pham\/combo-mat-ben-vung-binh-nuoc-nong-blanc-20sl-bep-tu-rs-1020cc01\/\",\"url\":\"https:\/\/shop.tanadaithanh.vn\/en\/san-pham\/combo-mat-ben-vung-binh-nuoc-nong-blanc-20sl-bep-tu-rs-1020cc01\/\",\"name\":\"COMBO LUXURY APARTMENT: B\u00ccNH N\u01af\u1edaC N\u00d3NG BLANC 20SL + B\u1ebeP T\u1eea RS-1020CC01 - T\u00e2n \u00c1 \u0110\u1ea1i Th\u00e0nh eShop\",\"isPartOf\":{\"@id\":\"https:\/\/shop.tanadaithanh.vn\/en\/#website\"},\"primaryImageOfPage\":{\"@id\":\"https:\/\/shop.tanadaithanh.vn\/en\/san-pham\/combo-mat-ben-vung-binh-nuoc-nong-blanc-20sl-bep-tu-rs-1020cc01\/#primaryimage\"},\"image\":{\"@id\":\"https:\/\/shop.tanadaithanh.vn\/en\/san-pham\/combo-mat-ben-vung-binh-nuoc-nong-blanc-20sl-bep-tu-rs-1020cc01\/#primaryimage\"},\"thumbnailUrl\":\"https:\/\/shop.tanadaithanh.vn\/wp-content\/uploads\/2025\/07\/LA1.png\",\"datePublished\":\"2025-07-02T08:57:45+00:00\",\"dateModified\":\"2026-04-17T07:13:00+00:00\",\"breadcrumb\":{\"@id\":\"https:\/\/shop.tanadaithanh.vn\/en\/san-pham\/combo-mat-ben-vung-binh-nuoc-nong-blanc-20sl-bep-tu-rs-1020cc01\/#breadcrumb\"},\"inLanguage\":\"en-US\",\"potentialAction\":[{\"@type\":\"ReadAction\",\"target\":[\"https:\/\/shop.tanadaithanh.vn\/en\/san-pham\/combo-mat-ben-vung-binh-nuoc-nong-blanc-20sl-bep-tu-rs-1020cc01\/\"]}]},{\"@type\":\"ImageObject\",\"inLanguage\":\"en-US\",\"@id\":\"https:\/\/shop.tanadaithanh.vn\/en\/san-pham\/combo-mat-ben-vung-binh-nuoc-nong-blanc-20sl-bep-tu-rs-1020cc01\/#primaryimage\",\"url\":\"https:\/\/shop.tanadaithanh.vn\/wp-content\/uploads\/2025\/07\/LA1.png\",\"contentUrl\":\"https:\/\/shop.tanadaithanh.vn\/wp-content\/uploads\/2025\/07\/LA1.png\",\"width\":2000,\"height\":2000},{\"@type\":\"BreadcrumbList\",\"@id\":\"https:\/\/shop.tanadaithanh.vn\/en\/san-pham\/combo-mat-ben-vung-binh-nuoc-nong-blanc-20sl-bep-tu-rs-1020cc01\/#breadcrumb\",\"itemListElement\":[{\"@type\":\"ListItem\",\"position\":1,\"name\":\"Trang ch\u1ee7\",\"item\":\"https:\/\/shop.tanadaithanh.vn\/en\/\"},{\"@type\":\"ListItem\",\"position\":2,\"name\":\"Shop\",\"item\":\"https:\/\/shop.tanadaithanh.vn\/cua-hang\/\"},{\"@type\":\"ListItem\",\"position\":3,\"name\":\"COMBO LUXURY APARTMENT: B\u00ccNH N\u01af\u1edaC N\u00d3NG BLANC 20SL + B\u1ebeP T\u1eea RS-1020CC01\"}]},{\"@type\":\"WebSite\",\"@id\":\"https:\/\/shop.tanadaithanh.vn\/en\/#website\",\"url\":\"https:\/\/shop.tanadaithanh.vn\/en\/\",\"name\":\"T\u00e2n \u00c1 \u0110\u1ea1i Th\u00e0nh eShop - Trang website b\u00e1n h\u00e0ng ch\u00ednh th\u1ee9c T\u1eadp \u0111o\u00e0n T\u00e2n \u00c1 \u0110\u1ea1i Th\u00e0nh\",\"description\":\"Website b\u00e1n h\u00e0ng tr\u1ef1c tuy\u1ebfn v\u1eadn h\u00e0nh b\u1edfi ch\u00ednh T\u00e2n \u00c1 \u0110\u1ea1i Th\u00e0nh\",\"publisher\":{\"@id\":\"https:\/\/shop.tanadaithanh.vn\/en\/#organization\"},\"potentialAction\":[{\"@type\":\"SearchAction\",\"target\":{\"@type\":\"EntryPoint\",\"urlTemplate\":\"https:\/\/shop.tanadaithanh.vn\/en\/?s={search_term_string}\"},\"query-input\":{\"@type\":\"PropertyValueSpecification\",\"valueRequired\":true,\"valueName\":\"search_term_string\"}}],\"inLanguage\":\"en-US\"},{\"@type\":\"Organization\",\"@id\":\"https:\/\/shop.tanadaithanh.vn\/en\/#organization\",\"name\":\"T\u00e2n \u00c1 \u0110\u1ea1i Th\u00e0nh eShop - Trang website b\u00e1n h\u00e0ng ch\u00ednh th\u1ee9c T\u1eadp \u0111o\u00e0n T\u00e2n \u00c1 \u0110\u1ea1i Th\u00e0nh\",\"url\":\"https:\/\/shop.tanadaithanh.vn\/en\/\",\"logo\":{\"@type\":\"ImageObject\",\"inLanguage\":\"en-US\",\"@id\":\"https:\/\/shop.tanadaithanh.vn\/en\/#\/schema\/logo\/image\/\",\"url\":\"https:\/\/shop.tanadaithanh.vn\/wp-content\/uploads\/2025\/06\/Logo-2.png\",\"contentUrl\":\"https:\/\/shop.tanadaithanh.vn\/wp-content\/uploads\/2025\/06\/Logo-2.png\",\"width\":2000,\"height\":2000,\"caption\":\"T\u00e2n \u00c1 \u0110\u1ea1i Th\u00e0nh eShop - Trang website b\u00e1n h\u00e0ng ch\u00ednh th\u1ee9c T\u1eadp \u0111o\u00e0n T\u00e2n \u00c1 \u0110\u1ea1i Th\u00e0nh\"},\"image\":{\"@id\":\"https:\/\/shop.tanadaithanh.vn\/en\/#\/schema\/logo\/image\/\"},\"sameAs\":[\"https:\/\/www.facebook.com\/profile.php?id=61567171139919\",\"https:\/\/zalo.me\/3915163699004948284\"]}]}<\/script>\n<!-- \/ Yoast SEO plugin. -->","yoast_head_json":{"title":"COMBO LUXURY APARTMENT: B\u00ccNH N\u01af\u1edaC N\u00d3NG BLANC 20SL + B\u1ebeP T\u1eea RS-1020CC01 - T\u00e2n \u00c1 \u0110\u1ea1i Th\u00e0nh eShop","robots":{"index":"index","follow":"follow","max-snippet":"max-snippet:-1","max-image-preview":"max-image-preview:large","max-video-preview":"max-video-preview:-1"},"canonical":"https:\/\/shop.tanadaithanh.vn\/en\/san-pham\/combo-mat-ben-vung-binh-nuoc-nong-blanc-20sl-bep-tu-rs-1020cc01\/","og_locale":"en_US","og_type":"article","og_title":"COMBO LUXURY APARTMENT: B\u00ccNH N\u01af\u1edaC N\u00d3NG BLANC 20SL + B\u1ebeP T\u1eea RS-1020CC01 - T\u00e2n \u00c1 \u0110\u1ea1i Th\u00e0nh eShop","og_description":"COMBO LUXURY APARTMENT 2 S\u1ea2N PH\u1ea8M CH\u1ec8 2500K \u2013 Gi\u1ea3i ph\u00e1p ti\u1ebft ki\u1ec7m to\u00e0n di\u1ec7n cho gia \u0111\u00ecnh: K\u1ebft h\u1ee3p B\u00ccNH N\u01af\u1edaC N\u00d3NG BLANC 20SL b\u1ec1n b\u1ec9 an to\u00e0n, c\u00f9ng B\u1ebeP T\u1eea RS-1020CC01 ti\u1ebft ki\u1ec7m \u0111i\u1ec7n kh\u00f4ng lo n\u00f3ng. Combo l\u00fd t\u01b0\u1edfng cho c\u00e1c h\u1ed9 gia \u0111\u00ecnh 3\u20134 ng\u01b0\u1eddi, t\u1ed1i \u01b0u chi ph\u00ed \u2013 d\u00f9ng l\u00e2u v\u1eabn l\u1ee3i!","og_url":"https:\/\/shop.tanadaithanh.vn\/en\/san-pham\/combo-mat-ben-vung-binh-nuoc-nong-blanc-20sl-bep-tu-rs-1020cc01\/","og_site_name":"T\u00e2n \u00c1 \u0110\u1ea1i Th\u00e0nh eShop","article_publisher":"https:\/\/www.facebook.com\/profile.php?id=61567171139919","article_modified_time":"2026-04-17T07:13:00+00:00","og_image":[{"width":1024,"height":1024,"url":"https:\/\/shop.tanadaithanh.vn\/wp-content\/uploads\/2025\/07\/LA1-1024x1024.png","type":"image\/png"}],"twitter_card":"summary_large_image","twitter_misc":{"Est. reading time":"3 minutes"},"schema":{"@context":"https:\/\/schema.org","@graph":[{"@type":"WebPage","@id":"https:\/\/shop.tanadaithanh.vn\/en\/san-pham\/combo-mat-ben-vung-binh-nuoc-nong-blanc-20sl-bep-tu-rs-1020cc01\/","url":"https:\/\/shop.tanadaithanh.vn\/en\/san-pham\/combo-mat-ben-vung-binh-nuoc-nong-blanc-20sl-bep-tu-rs-1020cc01\/","name":"COMBO LUXURY APARTMENT: B\u00ccNH N\u01af\u1edaC N\u00d3NG BLANC 20SL + B\u1ebeP T\u1eea RS-1020CC01 - T\u00e2n \u00c1 \u0110\u1ea1i Th\u00e0nh eShop","isPartOf":{"@id":"https:\/\/shop.tanadaithanh.vn\/en\/#website"},"primaryImageOfPage":{"@id":"https:\/\/shop.tanadaithanh.vn\/en\/san-pham\/combo-mat-ben-vung-binh-nuoc-nong-blanc-20sl-bep-tu-rs-1020cc01\/#primaryimage"},"image":{"@id":"https:\/\/shop.tanadaithanh.vn\/en\/san-pham\/combo-mat-ben-vung-binh-nuoc-nong-blanc-20sl-bep-tu-rs-1020cc01\/#primaryimage"},"thumbnailUrl":"https:\/\/shop.tanadaithanh.vn\/wp-content\/uploads\/2025\/07\/LA1.png","datePublished":"2025-07-02T08:57:45+00:00","dateModified":"2026-04-17T07:13:00+00:00","breadcrumb":{"@id":"https:\/\/shop.tanadaithanh.vn\/en\/san-pham\/combo-mat-ben-vung-binh-nuoc-nong-blanc-20sl-bep-tu-rs-1020cc01\/#breadcrumb"},"inLanguage":"en-US","potentialAction":[{"@type":"ReadAction","target":["https:\/\/shop.tanadaithanh.vn\/en\/san-pham\/combo-mat-ben-vung-binh-nuoc-nong-blanc-20sl-bep-tu-rs-1020cc01\/"]}]},{"@type":"ImageObject","inLanguage":"en-US","@id":"https:\/\/shop.tanadaithanh.vn\/en\/san-pham\/combo-mat-ben-vung-binh-nuoc-nong-blanc-20sl-bep-tu-rs-1020cc01\/#primaryimage","url":"https:\/\/shop.tanadaithanh.vn\/wp-content\/uploads\/2025\/07\/LA1.png","contentUrl":"https:\/\/shop.tanadaithanh.vn\/wp-content\/uploads\/2025\/07\/LA1.png","width":2000,"height":2000},{"@type":"BreadcrumbList","@id":"https:\/\/shop.tanadaithanh.vn\/en\/san-pham\/combo-mat-ben-vung-binh-nuoc-nong-blanc-20sl-bep-tu-rs-1020cc01\/#breadcrumb","itemListElement":[{"@type":"ListItem","position":1,"name":"Trang ch\u1ee7","item":"https:\/\/shop.tanadaithanh.vn\/en\/"},{"@type":"ListItem","position":2,"name":"Shop","item":"https:\/\/shop.tanadaithanh.vn\/cua-hang\/"},{"@type":"ListItem","position":3,"name":"COMBO LUXURY APARTMENT: B\u00ccNH N\u01af\u1edaC N\u00d3NG BLANC 20SL + B\u1ebeP T\u1eea RS-1020CC01"}]},{"@type":"WebSite","@id":"https:\/\/shop.tanadaithanh.vn\/en\/#website","url":"https:\/\/shop.tanadaithanh.vn\/en\/","name":"T\u00e2n \u00c1 \u0110\u1ea1i Th\u00e0nh eShop - Trang website b\u00e1n h\u00e0ng ch\u00ednh th\u1ee9c T\u1eadp \u0111o\u00e0n T\u00e2n \u00c1 \u0110\u1ea1i Th\u00e0nh","description":"Website b\u00e1n h\u00e0ng tr\u1ef1c tuy\u1ebfn v\u1eadn h\u00e0nh b\u1edfi ch\u00ednh T\u00e2n \u00c1 \u0110\u1ea1i Th\u00e0nh","publisher":{"@id":"https:\/\/shop.tanadaithanh.vn\/en\/#organization"},"potentialAction":[{"@type":"SearchAction","target":{"@type":"EntryPoint","urlTemplate":"https:\/\/shop.tanadaithanh.vn\/en\/?s={search_term_string}"},"query-input":{"@type":"PropertyValueSpecification","valueRequired":true,"valueName":"search_term_string"}}],"inLanguage":"en-US"},{"@type":"Organization","@id":"https:\/\/shop.tanadaithanh.vn\/en\/#organization","name":"T\u00e2n \u00c1 \u0110\u1ea1i Th\u00e0nh eShop - Trang website b\u00e1n h\u00e0ng ch\u00ednh th\u1ee9c T\u1eadp \u0111o\u00e0n T\u00e2n \u00c1 \u0110\u1ea1i Th\u00e0nh","url":"https:\/\/shop.tanadaithanh.vn\/en\/","logo":{"@type":"ImageObject","inLanguage":"en-US","@id":"https:\/\/shop.tanadaithanh.vn\/en\/#\/schema\/logo\/image\/","url":"https:\/\/shop.tanadaithanh.vn\/wp-content\/uploads\/2025\/06\/Logo-2.png","contentUrl":"https:\/\/shop.tanadaithanh.vn\/wp-content\/uploads\/2025\/06\/Logo-2.png","width":2000,"height":2000,"caption":"T\u00e2n \u00c1 \u0110\u1ea1i Th\u00e0nh eShop - Trang website b\u00e1n h\u00e0ng ch\u00ednh th\u1ee9c T\u1eadp \u0111o\u00e0n T\u00e2n \u00c1 \u0110\u1ea1i Th\u00e0nh"},"image":{"@id":"https:\/\/shop.tanadaithanh.vn\/en\/#\/schema\/logo\/image\/"},"sameAs":["https:\/\/www.facebook.com\/profile.php?id=61567171139919","https:\/\/zalo.me\/3915163699004948284"]}]}},"_links":{"self":[{"href":"https:\/\/shop.tanadaithanh.vn\/en\/wp-json\/wp\/v2\/product\/24249","targetHints":{"allow":["GET"]}}],"collection":[{"href":"https:\/\/shop.tanadaithanh.vn\/en\/wp-json\/wp\/v2\/product"}],"about":[{"href":"https:\/\/shop.tanadaithanh.vn\/en\/wp-json\/wp\/v2\/types\/product"}],"replies":[{"embeddable":true,"href":"https:\/\/shop.tanadaithanh.vn\/en\/wp-json\/wp\/v2\/comments?post=24249"}],"version-history":[{"count":4,"href":"https:\/\/shop.tanadaithanh.vn\/en\/wp-json\/wp\/v2\/product\/24249\/revisions"}],"predecessor-version":[{"id":32629,"href":"https:\/\/shop.tanadaithanh.vn\/en\/wp-json\/wp\/v2\/product\/24249\/revisions\/32629"}],"wp:featuredmedia":[{"embeddable":true,"href":"https:\/\/shop.tanadaithanh.vn\/en\/wp-json\/wp\/v2\/media\/32479"}],"wp:attachment":[{"href":"https:\/\/shop.tanadaithanh.vn\/en\/wp-json\/wp\/v2\/media?parent=24249"}],"wp:term":[{"taxonomy":"region","embeddable":true,"href":"https:\/\/shop.tanadaithanh.vn\/en\/wp-json\/wp\/v2\/region?post=24249"},{"taxonomy":"product_brand","embeddable":true,"href":"https:\/\/shop.tanadaithanh.vn\/en\/wp-json\/wp\/v2\/product_brand?post=24249"},{"taxonomy":"product_cat","embeddable":true,"href":"https:\/\/shop.tanadaithanh.vn\/en\/wp-json\/wp\/v2\/product_cat?post=24249"},{"taxonomy":"product_tag","embeddable":true,"href":"https:\/\/shop.tanadaithanh.vn\/en\/wp-json\/wp\/v2\/product_tag?post=24249"}],"curies":[{"name":"wp","href":"https:\/\/api.w.org\/{rel}","templated":true}]}}