{"id":22122,"date":"2025-05-17T09:52:16","date_gmt":"2025-05-17T02:52:16","guid":{"rendered":"https:\/\/shop.tanadaithanh.vn\/?post_type=product&#038;p=22122"},"modified":"2026-04-06T10:30:57","modified_gmt":"2026-04-06T03:30:57","slug":"bon-nhua-tu-hoai-dai-thanh-dung-2500l","status":"publish","type":"product","link":"https:\/\/shop.tanadaithanh.vn\/en\/san-pham\/bon-nhua-tu-hoai-dai-thanh-dung-2500l\/","title":{"rendered":"B\u1ed3n nh\u1ef1a t\u1ef1 ho\u1ea1i \u0110\u1ea1i Th\u00e0nh \u0110\u1ee9ng 2500\u0110"},"content":{"rendered":"<p><em>B\u1ed3n t\u1eeb ho\u1ea1i \u0110\u1ea1i Th\u00e0nh 2500l \u0111\u1ee9ng \u0111ang tr\u1edf th\u00e0nh l\u1ef1a ch\u1ecdn h\u00e0ng \u0111\u1ea7u cho nhu c\u1ea7u x\u1eed l\u00fd ch\u1ea5t th\u1ea3i sinh ho\u1ea1t v\u00e0 b\u1ea3o v\u1ec7 m\u00f4i tr\u01b0\u1eddng. B\u1ed3n \u0111\u01b0\u1ee3c ch\u1ebf t\u1ea1o t\u1eeb nh\u1ef1a nguy\u00ean sinh 2 l\u1edbp, c\u00f3 \u0111\u1ed9 b\u1ec1n b\u1ec9 v\u01b0\u1ee3t tr\u1ed9i v\u00e0 \u0111\u01b0\u1ee3c t\u00edch h\u1ee3p nhi\u1ec1u t\u00ednh n\u0103ng \u01b0u vi\u1ec7t. \u0110\u1ec3 hi\u1ec3u r\u00f5 h\u01a1n v\u1ec1 s\u1ea3n ph\u1ea9m n\u00e0y, h\u00e3y c\u00f9ng T\u00e2n \u00c1 \u0110\u1ea1i Th\u00e0nh t\u00ecm hi\u1ec3u chi ti\u1ebft qua b\u00e0i vi\u1ebft d\u01b0\u1edbi \u0111\u00e2y nh\u00e9!<\/em><\/p>\n<h2><strong>Th\u00f4ng s\u1ed1 k\u1ef9 thu\u1eadt c\u1ee7a b\u1ed3n t\u1ef1 ho\u1ea1i \u0110\u1ea1i Th\u00e0nh 2500l \u0111\u1ee9ng<\/strong><\/h2>\n<table>\n<tbody>\n<tr>\n<td><b>T\u00ean s\u1ea3n ph\u1ea9m<\/b><\/td>\n<td><span style=\"font-weight: 400;\">B\u1ed3n t\u1ef1 ho\u1ea1i \u0110\u1ea1i Th\u00e0nh 2500L \u0111\u1ee9ng<\/span><\/td>\n<\/tr>\n<tr>\n<td><b>Th\u01b0\u01a1ng hi\u1ec7u<\/b><\/td>\n<td><span style=\"font-weight: 400;\">T\u00e2n \u00c1 \u0110\u1ea1i Th\u00e0nh\u00a0<\/span><\/td>\n<\/tr>\n<tr>\n<td><b>B\u1ea3o h\u00e0nh<\/b><\/td>\n<td><span style=\"font-weight: 400;\">70 n\u0103m<\/span><\/td>\n<\/tr>\n<tr>\n<td><b>Dung t\u00edch<\/b><\/td>\n<td><span style=\"font-weight: 400;\">2500L<\/span><\/td>\n<\/tr>\n<tr>\n<td><b>Ki\u1ec3u d\u00e1ng<\/b><\/td>\n<td><span style=\"font-weight: 400;\">D\u00e1ng \u0111\u1ee9ng\u00a0<\/span><\/td>\n<\/tr>\n<tr>\n<td><b>K\u00edch th\u01b0\u1edbc (Cao x R\u1ed9ng)<\/b><\/td>\n<td><span style=\"font-weight: 400;\">1320 x 1140mm<\/span><\/td>\n<\/tr>\n<tr>\n<td><b>\u0110\u01b0\u1eddng k\u00ednh \u1ed1ng th\u00f4ng h\u01a1i<\/b><\/td>\n<td><span style=\"font-weight: 400;\">D34<\/span><\/td>\n<\/tr>\n<\/tbody>\n<\/table>\n<h2>B\u1ed3n t\u1ef1 ho\u1ea1i \u0110\u1ea1i Th\u00e0nh 2500L c\u00f3 \u0111\u1eb7c \u0111i\u1ec3m n\u1ed5i b\u1eadt g\u00ec?<\/h2>\n<p>B\u1ed3n t\u1ef1 ho\u1ea1i \u0110\u1ea1i Th\u00e0nh l\u00e0 s\u1ea3n ph\u1ea9m n\u1ed5i b\u1eadt c\u1ee7a T\u1eadp \u0111o\u00e0n T\u00e2n \u00c1 \u0110\u1ea1i Th\u00e0nh, c\u00f3 c\u00f4ng d\u1ee5ng ch\u1ee9a ch\u1ea5t th\u1ea3i, n\u01b0\u1edbc s\u1eed d\u1ee5ng v\u1ec7 sinh h\u1eb1ng ng\u00e0y. S\u1edf h\u1eefu thi\u1ebft k\u1ebf nh\u1ecf g\u1ecdn, dung t\u00edch \u0111\u1ee7 \u0111\u1ec3 c\u00f3 ch\u1ee9a \u0111\u01b0\u1ee3c kh\u1ed1i l\u01b0\u1ee3ng n\u01b0\u1edbc th\u1ea3i l\u1edbn,&#8230;, b\u1ed3n t\u1ef1 ho\u1ea1i \u0110\u1ea1i Th\u00e0nh l\u00e0 l\u1ef1a ch\u1ecdn l\u00fd t\u01b0\u1edfng cho vi\u1ec7c ch\u1ee9a ch\u1ea5t th\u1ea3i an to\u00e0n, \u0111\u1ed3ng th\u1eddi h\u1ea1n ch\u1ebf t\u00ecnh tr\u1ea1ng t\u1eafc ngh\u1ebdn b\u1ec3 ph\u1ed1t, ng\u0103n m\u00f9i tr\u00e0o ng\u01b0\u1ee3c v\u00e0 g\u00f3p ph\u1ea7n b\u1ea3o v\u1ec7 m\u00f4i tr\u01b0\u1eddng.\u00a0Ngo\u00e0i ra, b\u1ed3n t\u1ef1 ho\u1ea1i \u0110\u1ea1i Th\u00e0nh c\u00f2n s\u1edf h\u1eefu m\u1ed9t s\u1ed1 \u0111\u1eb7c \u0111i\u1ec3m n\u1ed5i b\u1eadt kh\u00e1c nh\u01b0:<\/p>\n<ul>\n<li>Th\u00e2n b\u1ed3n \u0111\u01b0\u1ee3c l\u00e0m t\u1eeb nh\u1ef1a nguy\u00ean sinh 2 l\u1edbp si\u00eau b\u1ec1n v\u00e0 th\u00e2n thi\u1ec7n v\u1edbi m\u00f4i tr\u01b0\u1eddng.<\/li>\n<li>Ch\u1ee9c n\u0103ng l\u1ecdc ch\u1ea5t th\u1ea3i th\u00f4, x\u1eed l\u00fd n\u01b0\u1edbc th\u1ea3i b\u1eb1ng c\u00f4ng ngh\u1ec7 k\u1ecb kh\u00ed \u0111\u1ea3m b\u1ea3o n\u01b0\u1edbc ra kh\u1ecfi b\u1ed3n \u0111\u1ea1t quy chu\u1ea9n ch\u1ea5t l\u01b0\u1ee3ng n\u01b0\u1edbc th\u1ea3i ra m\u00f4i tr\u01b0\u1eddng.<\/li>\n<li>Thi\u1ebft k\u1ebf h\u00ecnh Oval hi\u1ec7n \u0111\u1ea1i v\u1edbi k\u1ebft c\u1ea5u \u0111a g\u00e2n c\u1ee9ng v\u00e0 v\u1eefng ch\u1eafc, ph\u00f9 h\u1ee3p ti\u00eau chu\u1ea9n v\u00e0 ch\u1ecbu \u0111\u01b0\u1ee3c \u00e1p l\u1ef1c cao trong nh\u1eefng \u0111i\u1ec1u ki\u1ec7n kh\u1eafc nghi\u1ec7t nh\u1ea5t, thu\u1eadn ti\u1ec7n cho vi\u1ec7c l\u1eafp \u0111\u1eb7t, b\u1ea3o d\u01b0\u1ee1ng v\u00e0 h\u00fat c\u1eb7n \u0111\u1ecbnh k\u1ef3.<\/li>\n<li>V\u1eadn h\u00e0nh th\u1ee7y l\u1ef1c 24\/24.<\/li>\n<li>D\u1ec5 d\u00e0ng l\u1eafp \u0111\u1eb7t v\u00e0 b\u1ea3o tr\u00ec.<\/li>\n<li>Th\u1eddi gian b\u1ea3o h\u00e0nh s\u1ea3n ph\u1ea9m l\u00ean \u0111\u1ebfn 70 n\u0103m.<\/li>\n<\/ul>\n<h2>T\u1ea1i sao n\u00ean s\u1eed d\u1ee5ng b\u1ed3n t\u1ef1 ho\u1ea1i \u0110\u1ea1i Th\u00e0nh 2500L \u0111\u1ee9ng?<\/h2>\n<p>Kh\u00f4ng ph\u1ea3i ng\u1eabu nhi\u00ean m\u00e0 b\u1ed3n t\u1ef1 ho\u1ea1i \u0110\u1ea1i Th\u00e0nh l\u1ea1i nh\u1eadn \u0111\u01b0\u1ee3c s\u1ef1 tin d\u00f9ng l\u1edbn \u0111\u1ebfn v\u1eady. Theo \u0111\u00f3, c\u00e1c b\u1ec3 ph\u1ed1t, b\u1ec3 t\u1ef1 ho\u1ea1i \u0111\u01b0\u1ee3c x\u00e2y b\u1eb1ng g\u1ea1ch ho\u1eb7c b\u00ea t\u00f4ng tr\u01b0\u1edbc \u0111\u00e2y c\u00f3 r\u1ea5t nhi\u1ec1u h\u1ea1n ch\u1ebf nh\u01b0: t\u1ed1n di\u1ec7n t\u00edch, d\u1ec5 th\u1ea5m n\u1ee9t, d\u1ec5 b\u1ecb r\u00f2 r\u1ec9 b\u1edfi c\u00e1 t\u00e1c \u0111\u1ed9ng b\u00ean ngo\u00e0i. H\u01a1n n\u1eefa, c\u00e1c b\u1ec3 ph\u1ed1t, b\u1ec3 t\u1ef1 ho\u1ea1i truy\u1ec1n th\u1ed1ng khi xu\u1ed1ng c\u1ea5p, n\u1ebfu kh\u00f4ng \u0111\u01b0\u1ee3c x\u1eed l\u00fd k\u1ecbp th\u1eddi c\u00f3 th\u1ec3 d\u1eabn t\u1edbi r\u00f2 r\u1ec9 n\u01b0\u1edbc th\u1ea3i, ng\u1ea5m v\u00e0o m\u1ea1ch n\u01b0\u1edbc ng\u1ea7m v\u00e0 g\u00e2y \u1ea3nh h\u01b0\u1edfng nghi\u00eam tr\u1ecdng t\u1edbi ch\u1ea5t l\u01b0\u1ee3ng n\u01b0\u1edbc sinh ho\u1ea1t, g\u00e2y \u00f4 nhi\u1ec5m v\u00e0 \u0111\u1ec3 l\u1ea1i h\u1eadu qu\u1ea3 nghi\u00eam tr\u1ecdng cho s\u1ee9c kho\u1ebb c\u1ee7a c\u00e1c th\u00e0nh vi\u00ean trong gia \u0111\u00ecnh.<\/p>\n<p>\u0110\u1eb7c bi\u1ec7t, nh\u1eefng gia \u0111\u00ecnh \u1edf khu v\u1ef1c n\u1ed9i \u0111\u00f4 c\u00e1c th\u00e0nh ph\u1ed1 l\u1edbn, vi\u1ec7c x\u00e2y d\u1ef1ng b\u1ec3 ph\u1ed1t b\u1eb1ng b\u00ea t\u00f4ng hay g\u1ea1ch c\u00e0ng kh\u00f3 kh\u0103n h\u01a1n b\u1edfi t\u1ed1n k\u00e9m di\u1ec7n t\u00edch, ph\u00e1t sinh chi ph\u00ed s\u1eeda ch\u1eefa \u0111\u1eaft \u0111\u1ecf. B\u1edfi v\u1eady, b\u1ed3n t\u1ef1 ho\u1ea1i \u0110\u1ea1i Th\u00e0nh 2500L \u0111\u1ee9ng l\u00e0 gi\u1ea3i ph\u00e1p x\u1eed l\u00fd t\u1ed1t nh\u1ea5t t\u1ea5t c\u1ea3 c\u00e1c v\u1ea5n \u0111\u1ec1 tr\u00ean.<\/p>\n<h3>L\u01b0u \u00fd khi s\u1eed d\u1ee5ng b\u1ed3n t\u1ef1 ho\u1ea1i \u0110\u1ea1i Th\u00e0nh 2500L \u0111\u1ee9ng<\/h3>\n<p>\u0110\u1ec3 n\u00e2ng cao tu\u1ed5i th\u1ecd, hi\u1ec7u qu\u1ea3 s\u1eed d\u1ee5ng v\u00e0 h\u1ea1n ch\u1ebf m\u00f9i h\u00f4i, ng\u01b0\u1eddi s\u1eed d\u1ee5ng c\u1ea7n tu\u00e2n th\u1ee7 theo khuy\u1ebfn c\u00e1o sau:<\/p>\n<p>&#8211; B\u1ed3n s\u1ea3n xu\u1ea5t v\u1edbi m\u1ee5c \u0111\u00edch s\u1eed d\u1ee5ng ch\u1ee9a &amp; x\u1eed l\u00fd ch\u1ea5t th\u1ea3i t\u1eeb nh\u00e0 ti\u00eau c\u1ee7a c\u00e1c h\u1ed9 gia \u0111\u00ecnh ho\u1eb7c khu sinh ho\u1ea1t t\u1eadp th\u1ec3 (khu vui ch\u01a1i, chung c\u01b0, c\u00f4ng s\u1edf\u2026.).<\/p>\n<p>&#8211; Kh\u00f4ng x\u1ea3 r\u00e1c kh\u00f3 tr\u00f4i nh\u01b0: l\u00f5i gi\u1ea5y v\u1ec7 sinh, b\u0103ng v\u1ec7 sinh, gi\u1ea5y vi\u1ebft,&#8230; v\u00e0o b\u1ed3n c\u1ea7u.<\/p>\n<p>&#8211; H\u1ea1n ch\u1ebf s\u1eed d\u1ee5ng ho\u00e1 ch\u1ea5t m\u1ea1nh, t\u1ea9y r\u1eeda li\u00ean t\u1ee5c.<\/p>\n<p>&#8211; Ki\u1ec3m tra v\u00e0 v\u1ec7 sinh \u1ed1ng tho\u00e1t kh\u00ed \u0111\u1ecbnh k\u1ef3. Lu\u00f4n \u0111\u1ea3m b\u1ea3o \u00f4ng tho\u00e1t kh\u00ed cao h\u01a1n m\u1eb7t \u0111\u1ea5t v\u00e0 kh\u00f4ng b\u1ecb ng\u1eadp.<\/p>\n<p>&#8211; L\u1eafp \u0111\u1eb7t \u0111\u00fang k\u1ef9 thu\u1eadt.<\/p>\n","protected":false},"excerpt":{"rendered":"<ul>\n<li>V\u1eadn h\u00e0nh thu\u1ef7 l\u1ef1c 24\/24<\/li>\n<li>Ch\u1ecbu \u0111\u01b0\u1ee3c \u00e1p l\u1ef1c cao trong m\u1ecdi \u0111i\u1ec1u ki\u1ec7n<\/li>\n<li>B\u1ea3o h\u00e0nh l\u00ean \u0111\u1ebfn 70 n\u0103m<\/li>\n<li>\u0110\u1ea3m b\u1ea3o v\u1ec7 sinh m\u00f4i tr\u01b0\u1eddng &#8211; QCVN 02:2011\/BYT<\/li>\n<li>D\u1ec5 d\u00e0ng l\u1eafp \u0111\u1eb7t v\u00e0 b\u1ea3o tr\u00ec<\/li>\n<\/ul>\n","protected":false},"featured_media":28759,"comment_status":"open","ping_status":"closed","template":"","meta":[],"region":[260],"product_brand":[],"product_cat":[190,137],"product_tag":[],"class_list":{"0":"post-22122","1":"product","2":"type-product","3":"status-publish","4":"has-post-thumbnail","6":"region-mien-nam","7":"product_cat-bon-tu-hoai","8":"product_cat-uncategorized-vi","9":"pa_he-thong-qlcl-iso-90012015","10":"pa_kich-thuoc-duong-kinh-x-cao-1320-x-1140mm","11":"pa_quy-chuan-ap-dung-bs-en-12566-1-2016","12":"pa_tieu-chuan-san-xuat-tccs-032019-tahy","14":"first","15":"instock","16":"sale","17":"purchasable","18":"product-type-simple"},"yoast_head":"<!-- This site is optimized with the Yoast SEO plugin v24.6 - https:\/\/yoast.com\/wordpress\/plugins\/seo\/ -->\n<title>B\u1ed3n nh\u1ef1a t\u1ef1 ho\u1ea1i \u0110\u1ea1i Th\u00e0nh \u0110\u1ee9ng 2500\u0110 - T\u00e2n \u00c1 \u0110\u1ea1i Th\u00e0nh eShop<\/title>\n<meta name=\"robots\" content=\"index, follow, max-snippet:-1, max-image-preview:large, max-video-preview:-1\" \/>\n<link rel=\"canonical\" href=\"https:\/\/shop.tanadaithanh.vn\/en\/san-pham\/bon-nhua-tu-hoai-dai-thanh-dung-2500l\/\" \/>\n<meta property=\"og:locale\" content=\"en_US\" \/>\n<meta property=\"og:type\" content=\"article\" \/>\n<meta property=\"og:title\" content=\"B\u1ed3n nh\u1ef1a t\u1ef1 ho\u1ea1i \u0110\u1ea1i Th\u00e0nh \u0110\u1ee9ng 2500\u0110 - T\u00e2n \u00c1 \u0110\u1ea1i Th\u00e0nh eShop\" \/>\n<meta property=\"og:description\" content=\"V\u1eadn h\u00e0nh thu\u1ef7 l\u1ef1c 24\/24  Ch\u1ecbu \u0111\u01b0\u1ee3c \u00e1p l\u1ef1c cao trong m\u1ecdi \u0111i\u1ec1u ki\u1ec7n  B\u1ea3o h\u00e0nh l\u00ean \u0111\u1ebfn 70 n\u0103m  \u0110\u1ea3m b\u1ea3o v\u1ec7 sinh m\u00f4i tr\u01b0\u1eddng - QCVN 02:2011\/BYT  D\u1ec5 d\u00e0ng l\u1eafp \u0111\u1eb7t v\u00e0 b\u1ea3o tr\u00ec\" \/>\n<meta property=\"og:url\" content=\"https:\/\/shop.tanadaithanh.vn\/en\/san-pham\/bon-nhua-tu-hoai-dai-thanh-dung-2500l\/\" \/>\n<meta property=\"og:site_name\" content=\"T\u00e2n \u00c1 \u0110\u1ea1i Th\u00e0nh eShop\" \/>\n<meta property=\"article:publisher\" content=\"https:\/\/www.facebook.com\/profile.php?id=61567171139919\" \/>\n<meta property=\"article:modified_time\" content=\"2026-04-06T03:30:57+00:00\" \/>\n<meta property=\"og:image\" content=\"https:\/\/shop.tanadaithanh.vn\/wp-content\/uploads\/2025\/08\/70-NAM-2.jpg\" \/>\n\t<meta property=\"og:image:width\" content=\"1200\" \/>\n\t<meta property=\"og:image:height\" content=\"1200\" \/>\n\t<meta property=\"og:image:type\" content=\"image\/jpeg\" \/>\n<meta name=\"twitter:card\" content=\"summary_large_image\" \/>\n<meta name=\"twitter:label1\" content=\"Est. reading time\" \/>\n\t<meta name=\"twitter:data1\" content=\"4 minutes\" \/>\n<script type=\"application\/ld+json\" class=\"yoast-schema-graph\">{\"@context\":\"https:\/\/schema.org\",\"@graph\":[{\"@type\":\"WebPage\",\"@id\":\"https:\/\/shop.tanadaithanh.vn\/en\/san-pham\/bon-nhua-tu-hoai-dai-thanh-dung-2500l\/\",\"url\":\"https:\/\/shop.tanadaithanh.vn\/en\/san-pham\/bon-nhua-tu-hoai-dai-thanh-dung-2500l\/\",\"name\":\"B\u1ed3n nh\u1ef1a t\u1ef1 ho\u1ea1i \u0110\u1ea1i Th\u00e0nh \u0110\u1ee9ng 2500\u0110 - T\u00e2n \u00c1 \u0110\u1ea1i Th\u00e0nh eShop\",\"isPartOf\":{\"@id\":\"https:\/\/shop.tanadaithanh.vn\/en\/#website\"},\"primaryImageOfPage\":{\"@id\":\"https:\/\/shop.tanadaithanh.vn\/en\/san-pham\/bon-nhua-tu-hoai-dai-thanh-dung-2500l\/#primaryimage\"},\"image\":{\"@id\":\"https:\/\/shop.tanadaithanh.vn\/en\/san-pham\/bon-nhua-tu-hoai-dai-thanh-dung-2500l\/#primaryimage\"},\"thumbnailUrl\":\"https:\/\/shop.tanadaithanh.vn\/wp-content\/uploads\/2025\/08\/70-NAM-2.jpg\",\"datePublished\":\"2025-05-17T02:52:16+00:00\",\"dateModified\":\"2026-04-06T03:30:57+00:00\",\"breadcrumb\":{\"@id\":\"https:\/\/shop.tanadaithanh.vn\/en\/san-pham\/bon-nhua-tu-hoai-dai-thanh-dung-2500l\/#breadcrumb\"},\"inLanguage\":\"en-US\",\"potentialAction\":[{\"@type\":\"ReadAction\",\"target\":[\"https:\/\/shop.tanadaithanh.vn\/en\/san-pham\/bon-nhua-tu-hoai-dai-thanh-dung-2500l\/\"]}]},{\"@type\":\"ImageObject\",\"inLanguage\":\"en-US\",\"@id\":\"https:\/\/shop.tanadaithanh.vn\/en\/san-pham\/bon-nhua-tu-hoai-dai-thanh-dung-2500l\/#primaryimage\",\"url\":\"https:\/\/shop.tanadaithanh.vn\/wp-content\/uploads\/2025\/08\/70-NAM-2.jpg\",\"contentUrl\":\"https:\/\/shop.tanadaithanh.vn\/wp-content\/uploads\/2025\/08\/70-NAM-2.jpg\",\"width\":1200,\"height\":1200},{\"@type\":\"BreadcrumbList\",\"@id\":\"https:\/\/shop.tanadaithanh.vn\/en\/san-pham\/bon-nhua-tu-hoai-dai-thanh-dung-2500l\/#breadcrumb\",\"itemListElement\":[{\"@type\":\"ListItem\",\"position\":1,\"name\":\"Trang ch\u1ee7\",\"item\":\"https:\/\/shop.tanadaithanh.vn\/en\/\"},{\"@type\":\"ListItem\",\"position\":2,\"name\":\"Shop\",\"item\":\"https:\/\/shop.tanadaithanh.vn\/cua-hang\/\"},{\"@type\":\"ListItem\",\"position\":3,\"name\":\"B\u1ed3n nh\u1ef1a t\u1ef1 ho\u1ea1i \u0110\u1ea1i Th\u00e0nh \u0110\u1ee9ng 2500\u0110\"}]},{\"@type\":\"WebSite\",\"@id\":\"https:\/\/shop.tanadaithanh.vn\/en\/#website\",\"url\":\"https:\/\/shop.tanadaithanh.vn\/en\/\",\"name\":\"T\u00e2n \u00c1 \u0110\u1ea1i Th\u00e0nh eShop - Trang website b\u00e1n h\u00e0ng ch\u00ednh th\u1ee9c T\u1eadp \u0111o\u00e0n T\u00e2n \u00c1 \u0110\u1ea1i Th\u00e0nh\",\"description\":\"Website b\u00e1n h\u00e0ng tr\u1ef1c tuy\u1ebfn v\u1eadn h\u00e0nh b\u1edfi ch\u00ednh T\u00e2n \u00c1 \u0110\u1ea1i Th\u00e0nh\",\"publisher\":{\"@id\":\"https:\/\/shop.tanadaithanh.vn\/en\/#organization\"},\"potentialAction\":[{\"@type\":\"SearchAction\",\"target\":{\"@type\":\"EntryPoint\",\"urlTemplate\":\"https:\/\/shop.tanadaithanh.vn\/en\/?s={search_term_string}\"},\"query-input\":{\"@type\":\"PropertyValueSpecification\",\"valueRequired\":true,\"valueName\":\"search_term_string\"}}],\"inLanguage\":\"en-US\"},{\"@type\":\"Organization\",\"@id\":\"https:\/\/shop.tanadaithanh.vn\/en\/#organization\",\"name\":\"T\u00e2n \u00c1 \u0110\u1ea1i Th\u00e0nh eShop - Trang website b\u00e1n h\u00e0ng ch\u00ednh th\u1ee9c T\u1eadp \u0111o\u00e0n T\u00e2n \u00c1 \u0110\u1ea1i Th\u00e0nh\",\"url\":\"https:\/\/shop.tanadaithanh.vn\/en\/\",\"logo\":{\"@type\":\"ImageObject\",\"inLanguage\":\"en-US\",\"@id\":\"https:\/\/shop.tanadaithanh.vn\/en\/#\/schema\/logo\/image\/\",\"url\":\"https:\/\/shop.tanadaithanh.vn\/wp-content\/uploads\/2025\/06\/Logo-2.png\",\"contentUrl\":\"https:\/\/shop.tanadaithanh.vn\/wp-content\/uploads\/2025\/06\/Logo-2.png\",\"width\":2000,\"height\":2000,\"caption\":\"T\u00e2n \u00c1 \u0110\u1ea1i Th\u00e0nh eShop - Trang website b\u00e1n h\u00e0ng ch\u00ednh th\u1ee9c T\u1eadp \u0111o\u00e0n T\u00e2n \u00c1 \u0110\u1ea1i Th\u00e0nh\"},\"image\":{\"@id\":\"https:\/\/shop.tanadaithanh.vn\/en\/#\/schema\/logo\/image\/\"},\"sameAs\":[\"https:\/\/www.facebook.com\/profile.php?id=61567171139919\",\"https:\/\/zalo.me\/3915163699004948284\"]}]}<\/script>\n<!-- \/ Yoast SEO plugin. -->","yoast_head_json":{"title":"B\u1ed3n nh\u1ef1a t\u1ef1 ho\u1ea1i \u0110\u1ea1i Th\u00e0nh \u0110\u1ee9ng 2500\u0110 - T\u00e2n \u00c1 \u0110\u1ea1i Th\u00e0nh eShop","robots":{"index":"index","follow":"follow","max-snippet":"max-snippet:-1","max-image-preview":"max-image-preview:large","max-video-preview":"max-video-preview:-1"},"canonical":"https:\/\/shop.tanadaithanh.vn\/en\/san-pham\/bon-nhua-tu-hoai-dai-thanh-dung-2500l\/","og_locale":"en_US","og_type":"article","og_title":"B\u1ed3n nh\u1ef1a t\u1ef1 ho\u1ea1i \u0110\u1ea1i Th\u00e0nh \u0110\u1ee9ng 2500\u0110 - T\u00e2n \u00c1 \u0110\u1ea1i Th\u00e0nh eShop","og_description":"V\u1eadn h\u00e0nh thu\u1ef7 l\u1ef1c 24\/24  Ch\u1ecbu \u0111\u01b0\u1ee3c \u00e1p l\u1ef1c cao trong m\u1ecdi \u0111i\u1ec1u ki\u1ec7n  B\u1ea3o h\u00e0nh l\u00ean \u0111\u1ebfn 70 n\u0103m  \u0110\u1ea3m b\u1ea3o v\u1ec7 sinh m\u00f4i tr\u01b0\u1eddng - QCVN 02:2011\/BYT  D\u1ec5 d\u00e0ng l\u1eafp \u0111\u1eb7t v\u00e0 b\u1ea3o tr\u00ec","og_url":"https:\/\/shop.tanadaithanh.vn\/en\/san-pham\/bon-nhua-tu-hoai-dai-thanh-dung-2500l\/","og_site_name":"T\u00e2n \u00c1 \u0110\u1ea1i Th\u00e0nh eShop","article_publisher":"https:\/\/www.facebook.com\/profile.php?id=61567171139919","article_modified_time":"2026-04-06T03:30:57+00:00","og_image":[{"width":1200,"height":1200,"url":"https:\/\/shop.tanadaithanh.vn\/wp-content\/uploads\/2025\/08\/70-NAM-2.jpg","type":"image\/jpeg"}],"twitter_card":"summary_large_image","twitter_misc":{"Est. reading time":"4 minutes"},"schema":{"@context":"https:\/\/schema.org","@graph":[{"@type":"WebPage","@id":"https:\/\/shop.tanadaithanh.vn\/en\/san-pham\/bon-nhua-tu-hoai-dai-thanh-dung-2500l\/","url":"https:\/\/shop.tanadaithanh.vn\/en\/san-pham\/bon-nhua-tu-hoai-dai-thanh-dung-2500l\/","name":"B\u1ed3n nh\u1ef1a t\u1ef1 ho\u1ea1i \u0110\u1ea1i Th\u00e0nh \u0110\u1ee9ng 2500\u0110 - T\u00e2n \u00c1 \u0110\u1ea1i Th\u00e0nh eShop","isPartOf":{"@id":"https:\/\/shop.tanadaithanh.vn\/en\/#website"},"primaryImageOfPage":{"@id":"https:\/\/shop.tanadaithanh.vn\/en\/san-pham\/bon-nhua-tu-hoai-dai-thanh-dung-2500l\/#primaryimage"},"image":{"@id":"https:\/\/shop.tanadaithanh.vn\/en\/san-pham\/bon-nhua-tu-hoai-dai-thanh-dung-2500l\/#primaryimage"},"thumbnailUrl":"https:\/\/shop.tanadaithanh.vn\/wp-content\/uploads\/2025\/08\/70-NAM-2.jpg","datePublished":"2025-05-17T02:52:16+00:00","dateModified":"2026-04-06T03:30:57+00:00","breadcrumb":{"@id":"https:\/\/shop.tanadaithanh.vn\/en\/san-pham\/bon-nhua-tu-hoai-dai-thanh-dung-2500l\/#breadcrumb"},"inLanguage":"en-US","potentialAction":[{"@type":"ReadAction","target":["https:\/\/shop.tanadaithanh.vn\/en\/san-pham\/bon-nhua-tu-hoai-dai-thanh-dung-2500l\/"]}]},{"@type":"ImageObject","inLanguage":"en-US","@id":"https:\/\/shop.tanadaithanh.vn\/en\/san-pham\/bon-nhua-tu-hoai-dai-thanh-dung-2500l\/#primaryimage","url":"https:\/\/shop.tanadaithanh.vn\/wp-content\/uploads\/2025\/08\/70-NAM-2.jpg","contentUrl":"https:\/\/shop.tanadaithanh.vn\/wp-content\/uploads\/2025\/08\/70-NAM-2.jpg","width":1200,"height":1200},{"@type":"BreadcrumbList","@id":"https:\/\/shop.tanadaithanh.vn\/en\/san-pham\/bon-nhua-tu-hoai-dai-thanh-dung-2500l\/#breadcrumb","itemListElement":[{"@type":"ListItem","position":1,"name":"Trang ch\u1ee7","item":"https:\/\/shop.tanadaithanh.vn\/en\/"},{"@type":"ListItem","position":2,"name":"Shop","item":"https:\/\/shop.tanadaithanh.vn\/cua-hang\/"},{"@type":"ListItem","position":3,"name":"B\u1ed3n nh\u1ef1a t\u1ef1 ho\u1ea1i \u0110\u1ea1i Th\u00e0nh \u0110\u1ee9ng 2500\u0110"}]},{"@type":"WebSite","@id":"https:\/\/shop.tanadaithanh.vn\/en\/#website","url":"https:\/\/shop.tanadaithanh.vn\/en\/","name":"T\u00e2n \u00c1 \u0110\u1ea1i Th\u00e0nh eShop - Trang website b\u00e1n h\u00e0ng ch\u00ednh th\u1ee9c T\u1eadp \u0111o\u00e0n T\u00e2n \u00c1 \u0110\u1ea1i Th\u00e0nh","description":"Website b\u00e1n h\u00e0ng tr\u1ef1c tuy\u1ebfn v\u1eadn h\u00e0nh b\u1edfi ch\u00ednh T\u00e2n \u00c1 \u0110\u1ea1i Th\u00e0nh","publisher":{"@id":"https:\/\/shop.tanadaithanh.vn\/en\/#organization"},"potentialAction":[{"@type":"SearchAction","target":{"@type":"EntryPoint","urlTemplate":"https:\/\/shop.tanadaithanh.vn\/en\/?s={search_term_string}"},"query-input":{"@type":"PropertyValueSpecification","valueRequired":true,"valueName":"search_term_string"}}],"inLanguage":"en-US"},{"@type":"Organization","@id":"https:\/\/shop.tanadaithanh.vn\/en\/#organization","name":"T\u00e2n \u00c1 \u0110\u1ea1i Th\u00e0nh eShop - Trang website b\u00e1n h\u00e0ng ch\u00ednh th\u1ee9c T\u1eadp \u0111o\u00e0n T\u00e2n \u00c1 \u0110\u1ea1i Th\u00e0nh","url":"https:\/\/shop.tanadaithanh.vn\/en\/","logo":{"@type":"ImageObject","inLanguage":"en-US","@id":"https:\/\/shop.tanadaithanh.vn\/en\/#\/schema\/logo\/image\/","url":"https:\/\/shop.tanadaithanh.vn\/wp-content\/uploads\/2025\/06\/Logo-2.png","contentUrl":"https:\/\/shop.tanadaithanh.vn\/wp-content\/uploads\/2025\/06\/Logo-2.png","width":2000,"height":2000,"caption":"T\u00e2n \u00c1 \u0110\u1ea1i Th\u00e0nh eShop - Trang website b\u00e1n h\u00e0ng ch\u00ednh th\u1ee9c T\u1eadp \u0111o\u00e0n T\u00e2n \u00c1 \u0110\u1ea1i Th\u00e0nh"},"image":{"@id":"https:\/\/shop.tanadaithanh.vn\/en\/#\/schema\/logo\/image\/"},"sameAs":["https:\/\/www.facebook.com\/profile.php?id=61567171139919","https:\/\/zalo.me\/3915163699004948284"]}]}},"_links":{"self":[{"href":"https:\/\/shop.tanadaithanh.vn\/en\/wp-json\/wp\/v2\/product\/22122","targetHints":{"allow":["GET"]}}],"collection":[{"href":"https:\/\/shop.tanadaithanh.vn\/en\/wp-json\/wp\/v2\/product"}],"about":[{"href":"https:\/\/shop.tanadaithanh.vn\/en\/wp-json\/wp\/v2\/types\/product"}],"replies":[{"embeddable":true,"href":"https:\/\/shop.tanadaithanh.vn\/en\/wp-json\/wp\/v2\/comments?post=22122"}],"version-history":[{"count":7,"href":"https:\/\/shop.tanadaithanh.vn\/en\/wp-json\/wp\/v2\/product\/22122\/revisions"}],"predecessor-version":[{"id":32383,"href":"https:\/\/shop.tanadaithanh.vn\/en\/wp-json\/wp\/v2\/product\/22122\/revisions\/32383"}],"wp:featuredmedia":[{"embeddable":true,"href":"https:\/\/shop.tanadaithanh.vn\/en\/wp-json\/wp\/v2\/media\/28759"}],"wp:attachment":[{"href":"https:\/\/shop.tanadaithanh.vn\/en\/wp-json\/wp\/v2\/media?parent=22122"}],"wp:term":[{"taxonomy":"region","embeddable":true,"href":"https:\/\/shop.tanadaithanh.vn\/en\/wp-json\/wp\/v2\/region?post=22122"},{"taxonomy":"product_brand","embeddable":true,"href":"https:\/\/shop.tanadaithanh.vn\/en\/wp-json\/wp\/v2\/product_brand?post=22122"},{"taxonomy":"product_cat","embeddable":true,"href":"https:\/\/shop.tanadaithanh.vn\/en\/wp-json\/wp\/v2\/product_cat?post=22122"},{"taxonomy":"product_tag","embeddable":true,"href":"https:\/\/shop.tanadaithanh.vn\/en\/wp-json\/wp\/v2\/product_tag?post=22122"}],"curies":[{"name":"wp","href":"https:\/\/api.w.org\/{rel}","templated":true}]}}