{"id":22088,"date":"2025-05-16T15:21:01","date_gmt":"2025-05-16T08:21:01","guid":{"rendered":"https:\/\/shop.tanadaithanh.vn\/product\/bon-nuoc-nhua-cao-cap-dai-thanh-gold-n500-dung\/"},"modified":"2025-05-16T15:33:38","modified_gmt":"2025-05-16T08:33:38","slug":"bon-nuoc-nhua-cao-cap-dai-thanh-gold-n500-dung","status":"publish","type":"product","link":"https:\/\/shop.tanadaithanh.vn\/en\/san-pham\/bon-nuoc-nhua-cao-cap-dai-thanh-gold-n500-dung\/","title":{"rendered":"B\u1ed2N N\u01af\u1edaC NH\u1ef0A CAO C\u1ea4P \u0110\u1ea0I TH\u00c0NH GOLD N500 \u0110\u1ee8NG"},"content":{"rendered":"<p>\u2705 C\u00f4ng ngh\u1ec7 Ch\u00e2u \u00c2u \u2013 S\u1ea3n xu\u1ea5t tr\u00ean d\u00e2y chuy\u1ec1n hi\u1ec7n \u0111\u1ea1i, s\u1ea3n ph\u1ea9m \u0111\u01b0\u1ee3c trang b\u1ecb kh\u1ea3 n\u0103ng ch\u1ed1ng \u0103n m\u00f2n, ch\u1ecbu nhi\u1ec7t v\u00e0 va \u0111\u1eadp c\u1ef1c t\u1ed1t, \u0111\u1ea3m b\u1ea3o \u0111\u1ed9 b\u1ec1n v\u1eefng trong m\u1ecdi \u0111i\u1ec1u ki\u1ec7n.<br \/>\n\u2705 Thi\u1ebft k\u1ebf sang tr\u1ecdng \u2013 Ki\u1ec3u d\u00e1ng m\u1ea1nh m\u1ebd, tinh t\u1ebf, ph\u00f9 h\u1ee3p v\u1edbi kh\u00f4ng gian s\u1ed1ng chung c\u01b0 cao c\u1ea5p v\u00e0 bi\u1ec7t th\u1ef1, t\u1ea1o \u0111i\u1ec3m nh\u1ea5n cho n\u1ed9i th\u1ea5t hi\u1ec7n \u0111\u1ea1i.<br \/>\n\u2705 An to\u00e0n tuy\u1ec7t \u0111\u1ed1i \u2013 \u0110\u01b0\u1ee3c l\u00e0m t\u1eeb ch\u1ea5t li\u1ec7u nh\u1ef1a cao c\u1ea5p \u0111\u1ea1t ti\u00eau chu\u1ea9n th\u1ef1c ph\u1ea9m, s\u1ea3n ph\u1ea9m \u0111\u1ea3m b\u1ea3o an to\u00e0n khi l\u01b0u tr\u1eef n\u01b0\u1edbc sinh ho\u1ea1t v\u00e0 n\u01b0\u1edbc u\u1ed1ng, mang l\u1ea1i s\u1ef1 y\u00ean t\u00e2m cho ng\u01b0\u1eddi s\u1eed d\u1ee5ng.<br \/>\n\u2705 Gi\u1ea3i ph\u00e1p \u0111a d\u1ee5ng \u2013 \u201cC\u1ee9u tinh\u201d cho nh\u1eefng v\u00f9ng n\u01b0\u1edbc nhi\u1ec5m m\u1eb7n, nhi\u1ec5m ph\u00e8n, s\u1ea3n ph\u1ea9m ph\u00f9 h\u1ee3p v\u1edbi khu v\u1ef1c ven bi\u1ec3n, gi\u00fap c\u1ea3i thi\u1ec7n ch\u1ea5t l\u01b0\u1ee3ng n\u01b0\u1edbc, \u0111\u00e1p \u1ee9ng nhu c\u1ea7u s\u1eed d\u1ee5ng n\u01b0\u1edbc s\u1ea1ch cho m\u1ecdi gia \u0111\u00ecnh.<\/p>\n","protected":false},"excerpt":{"rendered":"<p>B\u1ed3n n\u01b0\u1edbc nh\u1ef1a cao c\u1ea5p \u0110\u1ea1i Th\u00e0nh Gold \u0111\u01b0\u1ee3c s\u1ea3n xu\u1ea5t tr\u00ean d\u00e2y chuy\u1ec1n c\u00f4ng ngh\u1ec7 hi\u1ec7n \u0111\u1ea1i b\u1eadc nh\u1ea5t Ch\u00e2u \u00c2u, s\u1ea3n ph\u1ea9m s\u1edf h\u1eefu nh\u1eefng \u0111\u1eb7c t\u00ednh \u0111\u1ed9c \u0111\u00e1o, ki\u1ec3u d\u00e1ng m\u1ea1nh m\u1ebd, th\u1ea9m m\u1ef9 v\u00e0 \u0111\u1ed9 b\u1ec1n cao. <\/p>\n<p>S\u1ea3n ph\u1ea9m l\u00e0 s\u1ef1 l\u1ef1a ch\u1ecdn ho\u00e0n h\u1ea3o cho nh\u1eefng c\u00f4ng tr\u00ecnh chung c\u01b0 cao c\u1ea5p v\u00e0 nh\u1eefng n\u01a1i c\u00f3 v\u00f9ng n\u01b0\u1edbc nhi\u1ec5m m\u1eb7n, nhi\u1ec5m ph\u00e8n, c\u00e1c v\u00f9ng bi\u1ec3n&#8230;<\/p>\n<p>\u0110\u1eb7c bi\u1ebft v\u1edbi b\u1ed3n nh\u1ef1a cao c\u1ea5p \u0110\u1ea1i Th\u00e0nh Gold c\u00f3 \u0111\u1ed9 an to\u00e0n cao s\u1ea3n ph\u1ea9m c\u00f3 th\u1ec3 \u0111\u1ef1ng th\u1ef1c ph\u1ea9m.<\/p>\n","protected":false},"featured_media":22089,"comment_status":"open","ping_status":"closed","template":"","meta":[],"region":[260],"product_brand":[],"product_cat":[137],"product_tag":[],"class_list":{"0":"post-22088","1":"product","2":"type-product","3":"status-publish","4":"has-post-thumbnail","6":"region-mien-nam","7":"product_cat-uncategorized-vi","8":"pa_kich-thuoc-duong-kinh-x-cao-862x970","10":"first","11":"instock","12":"product-type-simple"},"yoast_head":"<!-- This site is optimized with the Yoast SEO plugin v24.6 - https:\/\/yoast.com\/wordpress\/plugins\/seo\/ -->\n<title>B\u1ed2N N\u01af\u1edaC NH\u1ef0A CAO C\u1ea4P \u0110\u1ea0I TH\u00c0NH GOLD N500 \u0110\u1ee8NG - T\u00e2n \u00c1 \u0110\u1ea1i Th\u00e0nh eShop<\/title>\n<meta name=\"robots\" content=\"index, follow, max-snippet:-1, max-image-preview:large, max-video-preview:-1\" \/>\n<link rel=\"canonical\" href=\"https:\/\/shop.tanadaithanh.vn\/en\/san-pham\/bon-nuoc-nhua-cao-cap-dai-thanh-gold-n500-dung\/\" \/>\n<meta property=\"og:locale\" content=\"en_US\" \/>\n<meta property=\"og:type\" content=\"article\" \/>\n<meta property=\"og:title\" content=\"B\u1ed2N N\u01af\u1edaC NH\u1ef0A CAO C\u1ea4P \u0110\u1ea0I TH\u00c0NH GOLD N500 \u0110\u1ee8NG - T\u00e2n \u00c1 \u0110\u1ea1i Th\u00e0nh eShop\" \/>\n<meta property=\"og:description\" content=\"B\u1ed3n n\u01b0\u1edbc nh\u1ef1a cao c\u1ea5p \u0110\u1ea1i Th\u00e0nh Gold \u0111\u01b0\u1ee3c s\u1ea3n xu\u1ea5t tr\u00ean d\u00e2y chuy\u1ec1n c\u00f4ng ngh\u1ec7 hi\u1ec7n \u0111\u1ea1i b\u1eadc nh\u1ea5t Ch\u00e2u \u00c2u, s\u1ea3n ph\u1ea9m s\u1edf h\u1eefu nh\u1eefng \u0111\u1eb7c t\u00ednh \u0111\u1ed9c \u0111\u00e1o, ki\u1ec3u d\u00e1ng m\u1ea1nh m\u1ebd, th\u1ea9m m\u1ef9 v\u00e0 \u0111\u1ed9 b\u1ec1n cao.  S\u1ea3n ph\u1ea9m l\u00e0 s\u1ef1 l\u1ef1a ch\u1ecdn ho\u00e0n h\u1ea3o cho nh\u1eefng c\u00f4ng tr\u00ecnh chung c\u01b0 cao c\u1ea5p v\u00e0 nh\u1eefng n\u01a1i c\u00f3 v\u00f9ng n\u01b0\u1edbc nhi\u1ec5m m\u1eb7n, nhi\u1ec5m ph\u00e8n, c\u00e1c v\u00f9ng bi\u1ec3n... \u0110\u1eb7c bi\u1ebft v\u1edbi b\u1ed3n nh\u1ef1a cao c\u1ea5p \u0110\u1ea1i Th\u00e0nh Gold c\u00f3 \u0111\u1ed9 an to\u00e0n cao s\u1ea3n ph\u1ea9m c\u00f3 th\u1ec3 \u0111\u1ef1ng th\u1ef1c ph\u1ea9m.\" \/>\n<meta property=\"og:url\" content=\"https:\/\/shop.tanadaithanh.vn\/en\/san-pham\/bon-nuoc-nhua-cao-cap-dai-thanh-gold-n500-dung\/\" \/>\n<meta property=\"og:site_name\" content=\"T\u00e2n \u00c1 \u0110\u1ea1i Th\u00e0nh eShop\" \/>\n<meta property=\"article:publisher\" content=\"https:\/\/www.facebook.com\/profile.php?id=61567171139919\" \/>\n<meta property=\"article:modified_time\" content=\"2025-05-16T08:33:38+00:00\" \/>\n<meta property=\"og:image\" content=\"https:\/\/shop.tanadaithanh.vn\/wp-content\/uploads\/2025\/05\/z6607585137672_fb9d4ae5d0ed242106f485061c84bad1-1.jpg\" \/>\n\t<meta property=\"og:image:width\" content=\"2000\" \/>\n\t<meta property=\"og:image:height\" content=\"2000\" \/>\n\t<meta property=\"og:image:type\" content=\"image\/jpeg\" \/>\n<meta name=\"twitter:card\" content=\"summary_large_image\" \/>\n<meta name=\"twitter:label1\" content=\"Est. reading time\" \/>\n\t<meta name=\"twitter:data1\" content=\"1 minute\" \/>\n<script type=\"application\/ld+json\" class=\"yoast-schema-graph\">{\"@context\":\"https:\/\/schema.org\",\"@graph\":[{\"@type\":\"WebPage\",\"@id\":\"https:\/\/shop.tanadaithanh.vn\/en\/san-pham\/bon-nuoc-nhua-cao-cap-dai-thanh-gold-n500-dung\/\",\"url\":\"https:\/\/shop.tanadaithanh.vn\/en\/san-pham\/bon-nuoc-nhua-cao-cap-dai-thanh-gold-n500-dung\/\",\"name\":\"B\u1ed2N N\u01af\u1edaC NH\u1ef0A CAO C\u1ea4P \u0110\u1ea0I TH\u00c0NH GOLD N500 \u0110\u1ee8NG - T\u00e2n \u00c1 \u0110\u1ea1i Th\u00e0nh eShop\",\"isPartOf\":{\"@id\":\"https:\/\/shop.tanadaithanh.vn\/en\/#website\"},\"primaryImageOfPage\":{\"@id\":\"https:\/\/shop.tanadaithanh.vn\/en\/san-pham\/bon-nuoc-nhua-cao-cap-dai-thanh-gold-n500-dung\/#primaryimage\"},\"image\":{\"@id\":\"https:\/\/shop.tanadaithanh.vn\/en\/san-pham\/bon-nuoc-nhua-cao-cap-dai-thanh-gold-n500-dung\/#primaryimage\"},\"thumbnailUrl\":\"https:\/\/shop.tanadaithanh.vn\/wp-content\/uploads\/2025\/05\/z6607585137672_fb9d4ae5d0ed242106f485061c84bad1-1.jpg\",\"datePublished\":\"2025-05-16T08:21:01+00:00\",\"dateModified\":\"2025-05-16T08:33:38+00:00\",\"breadcrumb\":{\"@id\":\"https:\/\/shop.tanadaithanh.vn\/en\/san-pham\/bon-nuoc-nhua-cao-cap-dai-thanh-gold-n500-dung\/#breadcrumb\"},\"inLanguage\":\"en-US\",\"potentialAction\":[{\"@type\":\"ReadAction\",\"target\":[\"https:\/\/shop.tanadaithanh.vn\/en\/san-pham\/bon-nuoc-nhua-cao-cap-dai-thanh-gold-n500-dung\/\"]}]},{\"@type\":\"ImageObject\",\"inLanguage\":\"en-US\",\"@id\":\"https:\/\/shop.tanadaithanh.vn\/en\/san-pham\/bon-nuoc-nhua-cao-cap-dai-thanh-gold-n500-dung\/#primaryimage\",\"url\":\"https:\/\/shop.tanadaithanh.vn\/wp-content\/uploads\/2025\/05\/z6607585137672_fb9d4ae5d0ed242106f485061c84bad1-1.jpg\",\"contentUrl\":\"https:\/\/shop.tanadaithanh.vn\/wp-content\/uploads\/2025\/05\/z6607585137672_fb9d4ae5d0ed242106f485061c84bad1-1.jpg\",\"width\":2000,\"height\":2000},{\"@type\":\"BreadcrumbList\",\"@id\":\"https:\/\/shop.tanadaithanh.vn\/en\/san-pham\/bon-nuoc-nhua-cao-cap-dai-thanh-gold-n500-dung\/#breadcrumb\",\"itemListElement\":[{\"@type\":\"ListItem\",\"position\":1,\"name\":\"Trang ch\u1ee7\",\"item\":\"https:\/\/shop.tanadaithanh.vn\/en\/\"},{\"@type\":\"ListItem\",\"position\":2,\"name\":\"Shop\",\"item\":\"https:\/\/shop.tanadaithanh.vn\/cua-hang\/\"},{\"@type\":\"ListItem\",\"position\":3,\"name\":\"B\u1ed2N N\u01af\u1edaC NH\u1ef0A CAO C\u1ea4P \u0110\u1ea0I TH\u00c0NH GOLD N500 \u0110\u1ee8NG\"}]},{\"@type\":\"WebSite\",\"@id\":\"https:\/\/shop.tanadaithanh.vn\/en\/#website\",\"url\":\"https:\/\/shop.tanadaithanh.vn\/en\/\",\"name\":\"T\u00e2n \u00c1 \u0110\u1ea1i Th\u00e0nh eShop - Trang website b\u00e1n h\u00e0ng ch\u00ednh th\u1ee9c T\u1eadp \u0111o\u00e0n T\u00e2n \u00c1 \u0110\u1ea1i Th\u00e0nh\",\"description\":\"Website b\u00e1n h\u00e0ng tr\u1ef1c tuy\u1ebfn v\u1eadn h\u00e0nh b\u1edfi ch\u00ednh T\u00e2n \u00c1 \u0110\u1ea1i Th\u00e0nh\",\"publisher\":{\"@id\":\"https:\/\/shop.tanadaithanh.vn\/en\/#organization\"},\"potentialAction\":[{\"@type\":\"SearchAction\",\"target\":{\"@type\":\"EntryPoint\",\"urlTemplate\":\"https:\/\/shop.tanadaithanh.vn\/en\/?s={search_term_string}\"},\"query-input\":{\"@type\":\"PropertyValueSpecification\",\"valueRequired\":true,\"valueName\":\"search_term_string\"}}],\"inLanguage\":\"en-US\"},{\"@type\":\"Organization\",\"@id\":\"https:\/\/shop.tanadaithanh.vn\/en\/#organization\",\"name\":\"T\u00e2n \u00c1 \u0110\u1ea1i Th\u00e0nh eShop - Trang website b\u00e1n h\u00e0ng ch\u00ednh th\u1ee9c T\u1eadp \u0111o\u00e0n T\u00e2n \u00c1 \u0110\u1ea1i Th\u00e0nh\",\"url\":\"https:\/\/shop.tanadaithanh.vn\/en\/\",\"logo\":{\"@type\":\"ImageObject\",\"inLanguage\":\"en-US\",\"@id\":\"https:\/\/shop.tanadaithanh.vn\/en\/#\/schema\/logo\/image\/\",\"url\":\"https:\/\/shop.tanadaithanh.vn\/wp-content\/uploads\/2025\/06\/Logo-2.png\",\"contentUrl\":\"https:\/\/shop.tanadaithanh.vn\/wp-content\/uploads\/2025\/06\/Logo-2.png\",\"width\":2000,\"height\":2000,\"caption\":\"T\u00e2n \u00c1 \u0110\u1ea1i Th\u00e0nh eShop - Trang website b\u00e1n h\u00e0ng ch\u00ednh th\u1ee9c T\u1eadp \u0111o\u00e0n T\u00e2n \u00c1 \u0110\u1ea1i Th\u00e0nh\"},\"image\":{\"@id\":\"https:\/\/shop.tanadaithanh.vn\/en\/#\/schema\/logo\/image\/\"},\"sameAs\":[\"https:\/\/www.facebook.com\/profile.php?id=61567171139919\",\"https:\/\/zalo.me\/3915163699004948284\"]}]}<\/script>\n<!-- \/ Yoast SEO plugin. -->","yoast_head_json":{"title":"B\u1ed2N N\u01af\u1edaC NH\u1ef0A CAO C\u1ea4P \u0110\u1ea0I TH\u00c0NH GOLD N500 \u0110\u1ee8NG - T\u00e2n \u00c1 \u0110\u1ea1i Th\u00e0nh eShop","robots":{"index":"index","follow":"follow","max-snippet":"max-snippet:-1","max-image-preview":"max-image-preview:large","max-video-preview":"max-video-preview:-1"},"canonical":"https:\/\/shop.tanadaithanh.vn\/en\/san-pham\/bon-nuoc-nhua-cao-cap-dai-thanh-gold-n500-dung\/","og_locale":"en_US","og_type":"article","og_title":"B\u1ed2N N\u01af\u1edaC NH\u1ef0A CAO C\u1ea4P \u0110\u1ea0I TH\u00c0NH GOLD N500 \u0110\u1ee8NG - T\u00e2n \u00c1 \u0110\u1ea1i Th\u00e0nh eShop","og_description":"B\u1ed3n n\u01b0\u1edbc nh\u1ef1a cao c\u1ea5p \u0110\u1ea1i Th\u00e0nh Gold \u0111\u01b0\u1ee3c s\u1ea3n xu\u1ea5t tr\u00ean d\u00e2y chuy\u1ec1n c\u00f4ng ngh\u1ec7 hi\u1ec7n \u0111\u1ea1i b\u1eadc nh\u1ea5t Ch\u00e2u \u00c2u, s\u1ea3n ph\u1ea9m s\u1edf h\u1eefu nh\u1eefng \u0111\u1eb7c t\u00ednh \u0111\u1ed9c \u0111\u00e1o, ki\u1ec3u d\u00e1ng m\u1ea1nh m\u1ebd, th\u1ea9m m\u1ef9 v\u00e0 \u0111\u1ed9 b\u1ec1n cao.  S\u1ea3n ph\u1ea9m l\u00e0 s\u1ef1 l\u1ef1a ch\u1ecdn ho\u00e0n h\u1ea3o cho nh\u1eefng c\u00f4ng tr\u00ecnh chung c\u01b0 cao c\u1ea5p v\u00e0 nh\u1eefng n\u01a1i c\u00f3 v\u00f9ng n\u01b0\u1edbc nhi\u1ec5m m\u1eb7n, nhi\u1ec5m ph\u00e8n, c\u00e1c v\u00f9ng bi\u1ec3n... \u0110\u1eb7c bi\u1ebft v\u1edbi b\u1ed3n nh\u1ef1a cao c\u1ea5p \u0110\u1ea1i Th\u00e0nh Gold c\u00f3 \u0111\u1ed9 an to\u00e0n cao s\u1ea3n ph\u1ea9m c\u00f3 th\u1ec3 \u0111\u1ef1ng th\u1ef1c ph\u1ea9m.","og_url":"https:\/\/shop.tanadaithanh.vn\/en\/san-pham\/bon-nuoc-nhua-cao-cap-dai-thanh-gold-n500-dung\/","og_site_name":"T\u00e2n \u00c1 \u0110\u1ea1i Th\u00e0nh eShop","article_publisher":"https:\/\/www.facebook.com\/profile.php?id=61567171139919","article_modified_time":"2025-05-16T08:33:38+00:00","og_image":[{"width":2000,"height":2000,"url":"https:\/\/shop.tanadaithanh.vn\/wp-content\/uploads\/2025\/05\/z6607585137672_fb9d4ae5d0ed242106f485061c84bad1-1.jpg","type":"image\/jpeg"}],"twitter_card":"summary_large_image","twitter_misc":{"Est. reading time":"1 minute"},"schema":{"@context":"https:\/\/schema.org","@graph":[{"@type":"WebPage","@id":"https:\/\/shop.tanadaithanh.vn\/en\/san-pham\/bon-nuoc-nhua-cao-cap-dai-thanh-gold-n500-dung\/","url":"https:\/\/shop.tanadaithanh.vn\/en\/san-pham\/bon-nuoc-nhua-cao-cap-dai-thanh-gold-n500-dung\/","name":"B\u1ed2N N\u01af\u1edaC NH\u1ef0A CAO C\u1ea4P \u0110\u1ea0I TH\u00c0NH GOLD N500 \u0110\u1ee8NG - T\u00e2n \u00c1 \u0110\u1ea1i Th\u00e0nh eShop","isPartOf":{"@id":"https:\/\/shop.tanadaithanh.vn\/en\/#website"},"primaryImageOfPage":{"@id":"https:\/\/shop.tanadaithanh.vn\/en\/san-pham\/bon-nuoc-nhua-cao-cap-dai-thanh-gold-n500-dung\/#primaryimage"},"image":{"@id":"https:\/\/shop.tanadaithanh.vn\/en\/san-pham\/bon-nuoc-nhua-cao-cap-dai-thanh-gold-n500-dung\/#primaryimage"},"thumbnailUrl":"https:\/\/shop.tanadaithanh.vn\/wp-content\/uploads\/2025\/05\/z6607585137672_fb9d4ae5d0ed242106f485061c84bad1-1.jpg","datePublished":"2025-05-16T08:21:01+00:00","dateModified":"2025-05-16T08:33:38+00:00","breadcrumb":{"@id":"https:\/\/shop.tanadaithanh.vn\/en\/san-pham\/bon-nuoc-nhua-cao-cap-dai-thanh-gold-n500-dung\/#breadcrumb"},"inLanguage":"en-US","potentialAction":[{"@type":"ReadAction","target":["https:\/\/shop.tanadaithanh.vn\/en\/san-pham\/bon-nuoc-nhua-cao-cap-dai-thanh-gold-n500-dung\/"]}]},{"@type":"ImageObject","inLanguage":"en-US","@id":"https:\/\/shop.tanadaithanh.vn\/en\/san-pham\/bon-nuoc-nhua-cao-cap-dai-thanh-gold-n500-dung\/#primaryimage","url":"https:\/\/shop.tanadaithanh.vn\/wp-content\/uploads\/2025\/05\/z6607585137672_fb9d4ae5d0ed242106f485061c84bad1-1.jpg","contentUrl":"https:\/\/shop.tanadaithanh.vn\/wp-content\/uploads\/2025\/05\/z6607585137672_fb9d4ae5d0ed242106f485061c84bad1-1.jpg","width":2000,"height":2000},{"@type":"BreadcrumbList","@id":"https:\/\/shop.tanadaithanh.vn\/en\/san-pham\/bon-nuoc-nhua-cao-cap-dai-thanh-gold-n500-dung\/#breadcrumb","itemListElement":[{"@type":"ListItem","position":1,"name":"Trang ch\u1ee7","item":"https:\/\/shop.tanadaithanh.vn\/en\/"},{"@type":"ListItem","position":2,"name":"Shop","item":"https:\/\/shop.tanadaithanh.vn\/cua-hang\/"},{"@type":"ListItem","position":3,"name":"B\u1ed2N N\u01af\u1edaC NH\u1ef0A CAO C\u1ea4P \u0110\u1ea0I TH\u00c0NH GOLD N500 \u0110\u1ee8NG"}]},{"@type":"WebSite","@id":"https:\/\/shop.tanadaithanh.vn\/en\/#website","url":"https:\/\/shop.tanadaithanh.vn\/en\/","name":"T\u00e2n \u00c1 \u0110\u1ea1i Th\u00e0nh eShop - Trang website b\u00e1n h\u00e0ng ch\u00ednh th\u1ee9c T\u1eadp \u0111o\u00e0n T\u00e2n \u00c1 \u0110\u1ea1i Th\u00e0nh","description":"Website b\u00e1n h\u00e0ng tr\u1ef1c tuy\u1ebfn v\u1eadn h\u00e0nh b\u1edfi ch\u00ednh T\u00e2n \u00c1 \u0110\u1ea1i Th\u00e0nh","publisher":{"@id":"https:\/\/shop.tanadaithanh.vn\/en\/#organization"},"potentialAction":[{"@type":"SearchAction","target":{"@type":"EntryPoint","urlTemplate":"https:\/\/shop.tanadaithanh.vn\/en\/?s={search_term_string}"},"query-input":{"@type":"PropertyValueSpecification","valueRequired":true,"valueName":"search_term_string"}}],"inLanguage":"en-US"},{"@type":"Organization","@id":"https:\/\/shop.tanadaithanh.vn\/en\/#organization","name":"T\u00e2n \u00c1 \u0110\u1ea1i Th\u00e0nh eShop - Trang website b\u00e1n h\u00e0ng ch\u00ednh th\u1ee9c T\u1eadp \u0111o\u00e0n T\u00e2n \u00c1 \u0110\u1ea1i Th\u00e0nh","url":"https:\/\/shop.tanadaithanh.vn\/en\/","logo":{"@type":"ImageObject","inLanguage":"en-US","@id":"https:\/\/shop.tanadaithanh.vn\/en\/#\/schema\/logo\/image\/","url":"https:\/\/shop.tanadaithanh.vn\/wp-content\/uploads\/2025\/06\/Logo-2.png","contentUrl":"https:\/\/shop.tanadaithanh.vn\/wp-content\/uploads\/2025\/06\/Logo-2.png","width":2000,"height":2000,"caption":"T\u00e2n \u00c1 \u0110\u1ea1i Th\u00e0nh eShop - Trang website b\u00e1n h\u00e0ng ch\u00ednh th\u1ee9c T\u1eadp \u0111o\u00e0n T\u00e2n \u00c1 \u0110\u1ea1i Th\u00e0nh"},"image":{"@id":"https:\/\/shop.tanadaithanh.vn\/en\/#\/schema\/logo\/image\/"},"sameAs":["https:\/\/www.facebook.com\/profile.php?id=61567171139919","https:\/\/zalo.me\/3915163699004948284"]}]}},"_links":{"self":[{"href":"https:\/\/shop.tanadaithanh.vn\/en\/wp-json\/wp\/v2\/product\/22088","targetHints":{"allow":["GET"]}}],"collection":[{"href":"https:\/\/shop.tanadaithanh.vn\/en\/wp-json\/wp\/v2\/product"}],"about":[{"href":"https:\/\/shop.tanadaithanh.vn\/en\/wp-json\/wp\/v2\/types\/product"}],"replies":[{"embeddable":true,"href":"https:\/\/shop.tanadaithanh.vn\/en\/wp-json\/wp\/v2\/comments?post=22088"}],"version-history":[{"count":1,"href":"https:\/\/shop.tanadaithanh.vn\/en\/wp-json\/wp\/v2\/product\/22088\/revisions"}],"predecessor-version":[{"id":22116,"href":"https:\/\/shop.tanadaithanh.vn\/en\/wp-json\/wp\/v2\/product\/22088\/revisions\/22116"}],"wp:featuredmedia":[{"embeddable":true,"href":"https:\/\/shop.tanadaithanh.vn\/en\/wp-json\/wp\/v2\/media\/22089"}],"wp:attachment":[{"href":"https:\/\/shop.tanadaithanh.vn\/en\/wp-json\/wp\/v2\/media?parent=22088"}],"wp:term":[{"taxonomy":"region","embeddable":true,"href":"https:\/\/shop.tanadaithanh.vn\/en\/wp-json\/wp\/v2\/region?post=22088"},{"taxonomy":"product_brand","embeddable":true,"href":"https:\/\/shop.tanadaithanh.vn\/en\/wp-json\/wp\/v2\/product_brand?post=22088"},{"taxonomy":"product_cat","embeddable":true,"href":"https:\/\/shop.tanadaithanh.vn\/en\/wp-json\/wp\/v2\/product_cat?post=22088"},{"taxonomy":"product_tag","embeddable":true,"href":"https:\/\/shop.tanadaithanh.vn\/en\/wp-json\/wp\/v2\/product_tag?post=22088"}],"curies":[{"name":"wp","href":"https:\/\/api.w.org\/{rel}","templated":true}]}}