{"id":22082,"date":"2025-05-16T15:21:01","date_gmt":"2025-05-16T08:21:01","guid":{"rendered":"https:\/\/shop.tanadaithanh.vn\/product\/may-nuoc-nong-nang-luong-mat-troi-dai-thanh-platinum-220l-pla01\/"},"modified":"2026-04-01T14:12:59","modified_gmt":"2026-04-01T07:12:59","slug":"may-nuoc-nong-nang-luong-mat-troi-dai-thanh-platinum-220l-pla01","status":"publish","type":"product","link":"https:\/\/shop.tanadaithanh.vn\/en\/san-pham\/may-nuoc-nong-nang-luong-mat-troi-dai-thanh-platinum-220l-pla01\/","title":{"rendered":"M\u00e1y n\u01b0\u1edbc n\u00f3ng n\u0103ng l\u01b0\u1ee3ng m\u1eb7t tr\u1eddi \u0110\u1ea1i Th\u00e0nh Platinum 220L &#8211; PLA01"},"content":{"rendered":"<p>C\u1ea4U T\u1ea0O V\u00c0 T\u00cdNH N\u0102NG V\u01af\u1ee2T TR\u1ed8I.<br \/>\nT\u1ea5m thu nhi\u1ec7t ph\u1eb3ng<br \/>\n&#8211; S\u1ea3n xu\u1ea5t theo c\u00f4ng ngh\u1ec7 ti\u00ean ti\u1ebfn c\u1ee7a Ch\u00e2u \u00c2u gi\u00fap kh\u1ea3 n\u0103ng l\u00e0m n\u00f3ng n\u01b0\u1edbc nhanh ch\u00f3ng. L\u1edbp k\u00ednh c\u01b0\u1eddng l\u1ef1c v\u1eeba c\u00f3 t\u00e1c d\u1ee5ng ch\u1ecbu nhi\u1ec7t t\u1ed1t, v\u1eeba c\u00f3 c\u1ea5u t\u1ea1o d\u1ea1ng th\u1ea5u k\u00ednh t\u0103ng hi\u1ec7u su\u1ea5t h\u1ea5p th\u1ee5 nhi\u1ec7t. Ngo\u00e0i ra, thi\u1ebft k\u1ebf b\u1ec1 m\u1eb7t ph\u1eb3ng c\u00f2n ghi d\u1ea5u \u1ea5n nh\u1edd s\u1ef1 tinh t\u1ebf, sang tr\u1ecdng h\u00e0i h\u00f2a.<\/p>\n<p>Ru\u1ed9t b\u00ecnh b\u1ea3o \u00f4n<br \/>\n&#8211; L\u00e0m t\u1eeb nguy\u00ean li\u1ec7u Inox SUS 304 BA ch\u1ecbu \u0111\u01b0\u1ee3c c\u00e1c ki\u1ec3u th\u1eddi ti\u1ebft kh\u1eafc nghi\u1ec7t.<\/p>\n<p>L\u1edbp b\u1ea3o \u00f4n<br \/>\n&#8211; L\u1edbp gi\u1eef nhi\u1ec7t b\u1eb1ng h\u1ee3p ch\u1ea5t Foam \u0111\u1ed9 n\u00e9n ch\u1eb7t v\u00e0 gi\u1eef nhi\u1ec7t \u0111\u1ed9 l\u00ean \u0111\u1ebfn 120 gi\u1edd.<\/p>\n<p>Ch\u00e2n m\u00e1y th\u1ebf h\u1ec7 m\u1edbi<br \/>\n&#8211; Nguy\u00ean li\u1ec7u inox si\u00eau b\u1ec1n.<br \/>\n&#8211; \u0110\u1ea3m b\u1ea3o \u0111\u1ed9 c\u1ee9ng, v\u1eefng v\u00e0 ch\u1ecbu l\u1ef1c t\u1ed1t.<\/p>\n<p>NGUY\u00caN L\u00dd HO\u1ea0T \u0110\u1ed8NG M\u00c1Y N\u01af\u1edaC N\u00d3NG N\u0102NG L\u01af\u1ee2NG M\u1eb6T TR\u1edcI \u0110\u1ea0I TH\u00c0NH T\u1ea4M THU NHI\u1ec6T PH\u1eb2NG<br \/>\nH\u1ec7 th\u1ed1ng m\u00e1y n\u01b0\u1edbc n\u00f3ng n\u0103ng l\u01b0\u1ee3ng m\u1eb7t tr\u1eddi \u0110\u1ea1i Th\u00e0nh &#8211; T\u1ea5m ph\u1eb3ng ho\u1ea1t \u0111\u1ed9ng theo nguy\u00ean l\u00fd \u0111\u1ed1i l\u01b0u t\u1ef1 nhi\u00ean. S\u1ea3n ph\u1ea9m n\u00e0y t\u1eadn d\u1ee5ng kh\u1ea3 n\u0103ng h\u1ea5p th\u1ee5 cao n\u0103ng l\u01b0\u1ee3ng m\u1eb7t tr\u1eddi th\u00f4ng qua l\u1edbp k\u00ednh c\u01b0\u1eddng l\u1ef1c c\u00f3 k\u1ebft c\u1ea5u d\u1ea1ng th\u1ea5u k\u00ednh t\u0103ng hi\u1ec7u su\u1ea5t h\u1ea5p thu nhi\u1ec7t. N\u0103ng l\u01b0\u1ee3ng m\u1eb7t tr\u1eddi \u0111\u01b0\u1ee3c h\u1ea5p th\u1ee5 t\u1ea1i b\u1ec1 m\u1eb7t thi\u1ebft b\u1ecb s\u1ebd \u0111un n\u00f3ng n\u01b0\u1edbc do qu\u00e1 tr\u00ecnh \u0111\u1ed1i l\u01b0u nhi\u1ec7t, n\u01b0\u1edbc t\u1ea1i b\u00ecnh b\u1ea3o \u00f4n s\u1ebd t\u0103ng l\u00ean. Qu\u00e1 tr\u00ecnh n\u00e0y di\u1ec5n ra li\u00ean t\u1ee5c cho \u0111\u1ebfn khi nhi\u1ec7t \u0111\u1ed9 trong b\u00ecnh b\u1eb1ng nhi\u1ec7t \u0111\u1ed9 c\u1ee7a n\u01b0\u1edbc t\u1ea1i thi\u1ebft b\u1ecb h\u1ea5p th\u1ee5.<\/p>\n<p>M\u00c1Y N\u01af\u1edaC N\u00d3NG N\u0102NG L\u01af\u1ee2NG M\u1eb6T TR\u1edcI \u0110\u1ea0I TH\u00c0NH \u0110\u01af\u1ee2C NGHI\u00caN C\u1ee8U V\u00c0 PH\u00c1T TRI\u1ec2N THEO TRI\u1ebeT L\u00dd<br \/>\nAn to\u00e0n khi s\u1eed d\u1ee5ng<br \/>\nC\u00e1c nguy c\u01a1 v\u1ec1 ch\u00e1y n\u1ed5, ch\u1eadp \u0111i\u1ec7n \u0111\u01b0\u1ee3c lo\u1ea1i b\u1ecf ho\u00e0n to\u00e0n<br \/>\nTi\u1ebft ki\u1ec7m \u0111i\u1ec7n 100%<br \/>\nTh\u00e2n thi\u1ec7t v\u1edbi m\u00f4i tr\u01b0\u1eddng<\/p>\n<p>S\u1ea3n ph\u1ea9m s\u1eed d\u1ee5ng ngu\u1ed3n n\u0103ng l\u01b0\u1ee3ng t\u1ef1 nhi\u00ean l\u00e0 \u00e1nh s\u00e1ng m\u1eb7t tr\u1eddi n\u00ean kh\u00f4ng t\u1ea1o ra c\u00e1c ch\u1ea5t th\u1ea3i g\u00e2y \u1ea3nh h\u01b0\u1edfng m\u00f4i tr\u01b0\u1eddng.<\/p>\n<p>T\u00e2n \u00c1 \u0110\u1ea1i Th\u00e0nh l\u00e0 t\u1eadp \u0111o\u00e0n chuy\u00ean cung c\u1ea5p v\u00e0 s\u1ea3n xu\u1ea5t m\u00e1y n\u01b0\u1edbc n\u00f3ng n\u0103ng l\u01b0\u1ee3ng m\u1eb7t tr\u1eddi, b\u1ed3n ch\u1ee9a n\u01b0\u1edbc, m\u00e1y l\u1ecdc n\u01b0\u1edbc. Nh\u1eefng s\u1ea3n ph\u1ea9m t\u1eeb \u0110\u1ea1i Th\u00e0nh \u0111\u00e3 kh\u1eb3ng \u0111\u1ecbnh ch\u1ea5t l\u01b0\u1ee3ng th\u01b0\u01a1ng hi\u1ec7u tr\u00ean kh\u1eafp l\u00e3nh th\u1ed5 Vi\u1ec7t Nam.<\/p>\n","protected":false},"excerpt":{"rendered":"<p>M\u00c1Y N\u0102NG L\u01af\u1ee2NG M\u1eb6T TR\u1edcI PLATINUM \u0110\u1ea0I TH\u00c0NH<\/p>\n<p>\u0110\u01b0\u1ee3c s\u1ea3n xu\u1ea5t tr\u00ean d\u00e2y chuy\u1ec1n theo ti\u00eau chu\u1ea9n Ch\u00e2u \u00c2u, nguy\u00ean li\u1ec7u Inox SUS 304\/BA v\u1edbi c\u00f4ng ngh\u1ec7 phun s\u01a1n t\u0129nh \u0111i\u1ec7n ch\u1ecbu \u0111\u01b0\u1ee3c c\u00e1c ki\u1ec3u kh\u00ed h\u1eadu kh\u1eafc nghi\u1ec7t. Kh\u00f4ng nh\u1eefng v\u1eady, v\u1edbi thi\u1ebft k\u1ebf tinh x\u1ea3o, sang tr\u1ecdng v\u00e0 ch\u1ea5t l\u01b0\u1ee3ng \u01b0u vi\u1ec7t ch\u00ednh l\u00e0 \u0111i\u1ec3m nh\u1ea5n c\u1ee7a d\u00f2ng s\u1ea3n ph\u1ea9m m\u1edbi n\u00e0y.<\/p>\n","protected":false},"featured_media":28773,"comment_status":"open","ping_status":"closed","template":"","meta":[],"region":[260],"product_brand":[],"product_cat":[137],"product_tag":[],"class_list":{"0":"post-22082","1":"product","2":"type-product","3":"status-publish","4":"has-post-thumbnail","6":"region-mien-nam","7":"product_cat-uncategorized-vi","9":"first","10":"instock","11":"sale","12":"purchasable","13":"product-type-simple"},"yoast_head":"<!-- This site is optimized with the Yoast SEO plugin v24.6 - https:\/\/yoast.com\/wordpress\/plugins\/seo\/ -->\n<title>M\u00e1y n\u01b0\u1edbc n\u00f3ng n\u0103ng l\u01b0\u1ee3ng m\u1eb7t tr\u1eddi \u0110\u1ea1i Th\u00e0nh Platinum 220L - PLA01 - T\u00e2n \u00c1 \u0110\u1ea1i Th\u00e0nh eShop<\/title>\n<meta name=\"robots\" content=\"index, follow, max-snippet:-1, max-image-preview:large, max-video-preview:-1\" \/>\n<link rel=\"canonical\" href=\"https:\/\/shop.tanadaithanh.vn\/en\/san-pham\/may-nuoc-nong-nang-luong-mat-troi-dai-thanh-platinum-220l-pla01\/\" \/>\n<meta property=\"og:locale\" content=\"en_US\" \/>\n<meta property=\"og:type\" content=\"article\" \/>\n<meta property=\"og:title\" content=\"M\u00e1y n\u01b0\u1edbc n\u00f3ng n\u0103ng l\u01b0\u1ee3ng m\u1eb7t tr\u1eddi \u0110\u1ea1i Th\u00e0nh Platinum 220L - PLA01 - T\u00e2n \u00c1 \u0110\u1ea1i Th\u00e0nh eShop\" \/>\n<meta property=\"og:description\" content=\"M\u00c1Y N\u0102NG L\u01af\u1ee2NG M\u1eb6T TR\u1edcI PLATINUM \u0110\u1ea0I TH\u00c0NH  \u0110\u01b0\u1ee3c s\u1ea3n xu\u1ea5t tr\u00ean d\u00e2y chuy\u1ec1n theo ti\u00eau chu\u1ea9n Ch\u00e2u \u00c2u, nguy\u00ean li\u1ec7u Inox SUS 304\/BA v\u1edbi c\u00f4ng ngh\u1ec7 phun s\u01a1n t\u0129nh \u0111i\u1ec7n ch\u1ecbu \u0111\u01b0\u1ee3c c\u00e1c ki\u1ec3u kh\u00ed h\u1eadu kh\u1eafc nghi\u1ec7t. Kh\u00f4ng nh\u1eefng v\u1eady, v\u1edbi thi\u1ebft k\u1ebf tinh x\u1ea3o, sang tr\u1ecdng v\u00e0 ch\u1ea5t l\u01b0\u1ee3ng \u01b0u vi\u1ec7t ch\u00ednh l\u00e0 \u0111i\u1ec3m nh\u1ea5n c\u1ee7a d\u00f2ng s\u1ea3n ph\u1ea9m m\u1edbi n\u00e0y.\" \/>\n<meta property=\"og:url\" content=\"https:\/\/shop.tanadaithanh.vn\/en\/san-pham\/may-nuoc-nong-nang-luong-mat-troi-dai-thanh-platinum-220l-pla01\/\" \/>\n<meta property=\"og:site_name\" content=\"T\u00e2n \u00c1 \u0110\u1ea1i Th\u00e0nh eShop\" \/>\n<meta property=\"article:publisher\" content=\"https:\/\/www.facebook.com\/profile.php?id=61567171139919\" \/>\n<meta property=\"article:modified_time\" content=\"2026-04-01T07:12:59+00:00\" \/>\n<meta property=\"og:image\" content=\"https:\/\/shop.tanadaithanh.vn\/wp-content\/uploads\/2025\/08\/20.jpg\" \/>\n\t<meta property=\"og:image:width\" content=\"1200\" \/>\n\t<meta property=\"og:image:height\" content=\"1200\" \/>\n\t<meta property=\"og:image:type\" content=\"image\/jpeg\" \/>\n<meta name=\"twitter:card\" content=\"summary_large_image\" \/>\n<meta name=\"twitter:label1\" content=\"Est. reading time\" \/>\n\t<meta name=\"twitter:data1\" content=\"3 minutes\" \/>\n<script type=\"application\/ld+json\" class=\"yoast-schema-graph\">{\"@context\":\"https:\/\/schema.org\",\"@graph\":[{\"@type\":\"WebPage\",\"@id\":\"https:\/\/shop.tanadaithanh.vn\/en\/san-pham\/may-nuoc-nong-nang-luong-mat-troi-dai-thanh-platinum-220l-pla01\/\",\"url\":\"https:\/\/shop.tanadaithanh.vn\/en\/san-pham\/may-nuoc-nong-nang-luong-mat-troi-dai-thanh-platinum-220l-pla01\/\",\"name\":\"M\u00e1y n\u01b0\u1edbc n\u00f3ng n\u0103ng l\u01b0\u1ee3ng m\u1eb7t tr\u1eddi \u0110\u1ea1i Th\u00e0nh Platinum 220L - PLA01 - T\u00e2n \u00c1 \u0110\u1ea1i Th\u00e0nh eShop\",\"isPartOf\":{\"@id\":\"https:\/\/shop.tanadaithanh.vn\/en\/#website\"},\"primaryImageOfPage\":{\"@id\":\"https:\/\/shop.tanadaithanh.vn\/en\/san-pham\/may-nuoc-nong-nang-luong-mat-troi-dai-thanh-platinum-220l-pla01\/#primaryimage\"},\"image\":{\"@id\":\"https:\/\/shop.tanadaithanh.vn\/en\/san-pham\/may-nuoc-nong-nang-luong-mat-troi-dai-thanh-platinum-220l-pla01\/#primaryimage\"},\"thumbnailUrl\":\"https:\/\/shop.tanadaithanh.vn\/wp-content\/uploads\/2025\/08\/20.jpg\",\"datePublished\":\"2025-05-16T08:21:01+00:00\",\"dateModified\":\"2026-04-01T07:12:59+00:00\",\"breadcrumb\":{\"@id\":\"https:\/\/shop.tanadaithanh.vn\/en\/san-pham\/may-nuoc-nong-nang-luong-mat-troi-dai-thanh-platinum-220l-pla01\/#breadcrumb\"},\"inLanguage\":\"en-US\",\"potentialAction\":[{\"@type\":\"ReadAction\",\"target\":[\"https:\/\/shop.tanadaithanh.vn\/en\/san-pham\/may-nuoc-nong-nang-luong-mat-troi-dai-thanh-platinum-220l-pla01\/\"]}]},{\"@type\":\"ImageObject\",\"inLanguage\":\"en-US\",\"@id\":\"https:\/\/shop.tanadaithanh.vn\/en\/san-pham\/may-nuoc-nong-nang-luong-mat-troi-dai-thanh-platinum-220l-pla01\/#primaryimage\",\"url\":\"https:\/\/shop.tanadaithanh.vn\/wp-content\/uploads\/2025\/08\/20.jpg\",\"contentUrl\":\"https:\/\/shop.tanadaithanh.vn\/wp-content\/uploads\/2025\/08\/20.jpg\",\"width\":1200,\"height\":1200},{\"@type\":\"BreadcrumbList\",\"@id\":\"https:\/\/shop.tanadaithanh.vn\/en\/san-pham\/may-nuoc-nong-nang-luong-mat-troi-dai-thanh-platinum-220l-pla01\/#breadcrumb\",\"itemListElement\":[{\"@type\":\"ListItem\",\"position\":1,\"name\":\"Trang ch\u1ee7\",\"item\":\"https:\/\/shop.tanadaithanh.vn\/en\/\"},{\"@type\":\"ListItem\",\"position\":2,\"name\":\"Shop\",\"item\":\"https:\/\/shop.tanadaithanh.vn\/cua-hang\/\"},{\"@type\":\"ListItem\",\"position\":3,\"name\":\"M\u00e1y n\u01b0\u1edbc n\u00f3ng n\u0103ng l\u01b0\u1ee3ng m\u1eb7t tr\u1eddi \u0110\u1ea1i Th\u00e0nh Platinum 220L &#8211; PLA01\"}]},{\"@type\":\"WebSite\",\"@id\":\"https:\/\/shop.tanadaithanh.vn\/en\/#website\",\"url\":\"https:\/\/shop.tanadaithanh.vn\/en\/\",\"name\":\"T\u00e2n \u00c1 \u0110\u1ea1i Th\u00e0nh eShop - Trang website b\u00e1n h\u00e0ng ch\u00ednh th\u1ee9c T\u1eadp \u0111o\u00e0n T\u00e2n \u00c1 \u0110\u1ea1i Th\u00e0nh\",\"description\":\"Website b\u00e1n h\u00e0ng tr\u1ef1c tuy\u1ebfn v\u1eadn h\u00e0nh b\u1edfi ch\u00ednh T\u00e2n \u00c1 \u0110\u1ea1i Th\u00e0nh\",\"publisher\":{\"@id\":\"https:\/\/shop.tanadaithanh.vn\/en\/#organization\"},\"potentialAction\":[{\"@type\":\"SearchAction\",\"target\":{\"@type\":\"EntryPoint\",\"urlTemplate\":\"https:\/\/shop.tanadaithanh.vn\/en\/?s={search_term_string}\"},\"query-input\":{\"@type\":\"PropertyValueSpecification\",\"valueRequired\":true,\"valueName\":\"search_term_string\"}}],\"inLanguage\":\"en-US\"},{\"@type\":\"Organization\",\"@id\":\"https:\/\/shop.tanadaithanh.vn\/en\/#organization\",\"name\":\"T\u00e2n \u00c1 \u0110\u1ea1i Th\u00e0nh eShop - Trang website b\u00e1n h\u00e0ng ch\u00ednh th\u1ee9c T\u1eadp \u0111o\u00e0n T\u00e2n \u00c1 \u0110\u1ea1i Th\u00e0nh\",\"url\":\"https:\/\/shop.tanadaithanh.vn\/en\/\",\"logo\":{\"@type\":\"ImageObject\",\"inLanguage\":\"en-US\",\"@id\":\"https:\/\/shop.tanadaithanh.vn\/en\/#\/schema\/logo\/image\/\",\"url\":\"https:\/\/shop.tanadaithanh.vn\/wp-content\/uploads\/2025\/06\/Logo-2.png\",\"contentUrl\":\"https:\/\/shop.tanadaithanh.vn\/wp-content\/uploads\/2025\/06\/Logo-2.png\",\"width\":2000,\"height\":2000,\"caption\":\"T\u00e2n \u00c1 \u0110\u1ea1i Th\u00e0nh eShop - Trang website b\u00e1n h\u00e0ng ch\u00ednh th\u1ee9c T\u1eadp \u0111o\u00e0n T\u00e2n \u00c1 \u0110\u1ea1i Th\u00e0nh\"},\"image\":{\"@id\":\"https:\/\/shop.tanadaithanh.vn\/en\/#\/schema\/logo\/image\/\"},\"sameAs\":[\"https:\/\/www.facebook.com\/profile.php?id=61567171139919\",\"https:\/\/zalo.me\/3915163699004948284\"]}]}<\/script>\n<!-- \/ Yoast SEO plugin. -->","yoast_head_json":{"title":"M\u00e1y n\u01b0\u1edbc n\u00f3ng n\u0103ng l\u01b0\u1ee3ng m\u1eb7t tr\u1eddi \u0110\u1ea1i Th\u00e0nh Platinum 220L - PLA01 - T\u00e2n \u00c1 \u0110\u1ea1i Th\u00e0nh eShop","robots":{"index":"index","follow":"follow","max-snippet":"max-snippet:-1","max-image-preview":"max-image-preview:large","max-video-preview":"max-video-preview:-1"},"canonical":"https:\/\/shop.tanadaithanh.vn\/en\/san-pham\/may-nuoc-nong-nang-luong-mat-troi-dai-thanh-platinum-220l-pla01\/","og_locale":"en_US","og_type":"article","og_title":"M\u00e1y n\u01b0\u1edbc n\u00f3ng n\u0103ng l\u01b0\u1ee3ng m\u1eb7t tr\u1eddi \u0110\u1ea1i Th\u00e0nh Platinum 220L - PLA01 - T\u00e2n \u00c1 \u0110\u1ea1i Th\u00e0nh eShop","og_description":"M\u00c1Y N\u0102NG L\u01af\u1ee2NG M\u1eb6T TR\u1edcI PLATINUM \u0110\u1ea0I TH\u00c0NH  \u0110\u01b0\u1ee3c s\u1ea3n xu\u1ea5t tr\u00ean d\u00e2y chuy\u1ec1n theo ti\u00eau chu\u1ea9n Ch\u00e2u \u00c2u, nguy\u00ean li\u1ec7u Inox SUS 304\/BA v\u1edbi c\u00f4ng ngh\u1ec7 phun s\u01a1n t\u0129nh \u0111i\u1ec7n ch\u1ecbu \u0111\u01b0\u1ee3c c\u00e1c ki\u1ec3u kh\u00ed h\u1eadu kh\u1eafc nghi\u1ec7t. Kh\u00f4ng nh\u1eefng v\u1eady, v\u1edbi thi\u1ebft k\u1ebf tinh x\u1ea3o, sang tr\u1ecdng v\u00e0 ch\u1ea5t l\u01b0\u1ee3ng \u01b0u vi\u1ec7t ch\u00ednh l\u00e0 \u0111i\u1ec3m nh\u1ea5n c\u1ee7a d\u00f2ng s\u1ea3n ph\u1ea9m m\u1edbi n\u00e0y.","og_url":"https:\/\/shop.tanadaithanh.vn\/en\/san-pham\/may-nuoc-nong-nang-luong-mat-troi-dai-thanh-platinum-220l-pla01\/","og_site_name":"T\u00e2n \u00c1 \u0110\u1ea1i Th\u00e0nh eShop","article_publisher":"https:\/\/www.facebook.com\/profile.php?id=61567171139919","article_modified_time":"2026-04-01T07:12:59+00:00","og_image":[{"width":1200,"height":1200,"url":"https:\/\/shop.tanadaithanh.vn\/wp-content\/uploads\/2025\/08\/20.jpg","type":"image\/jpeg"}],"twitter_card":"summary_large_image","twitter_misc":{"Est. reading time":"3 minutes"},"schema":{"@context":"https:\/\/schema.org","@graph":[{"@type":"WebPage","@id":"https:\/\/shop.tanadaithanh.vn\/en\/san-pham\/may-nuoc-nong-nang-luong-mat-troi-dai-thanh-platinum-220l-pla01\/","url":"https:\/\/shop.tanadaithanh.vn\/en\/san-pham\/may-nuoc-nong-nang-luong-mat-troi-dai-thanh-platinum-220l-pla01\/","name":"M\u00e1y n\u01b0\u1edbc n\u00f3ng n\u0103ng l\u01b0\u1ee3ng m\u1eb7t tr\u1eddi \u0110\u1ea1i Th\u00e0nh Platinum 220L - PLA01 - T\u00e2n \u00c1 \u0110\u1ea1i Th\u00e0nh eShop","isPartOf":{"@id":"https:\/\/shop.tanadaithanh.vn\/en\/#website"},"primaryImageOfPage":{"@id":"https:\/\/shop.tanadaithanh.vn\/en\/san-pham\/may-nuoc-nong-nang-luong-mat-troi-dai-thanh-platinum-220l-pla01\/#primaryimage"},"image":{"@id":"https:\/\/shop.tanadaithanh.vn\/en\/san-pham\/may-nuoc-nong-nang-luong-mat-troi-dai-thanh-platinum-220l-pla01\/#primaryimage"},"thumbnailUrl":"https:\/\/shop.tanadaithanh.vn\/wp-content\/uploads\/2025\/08\/20.jpg","datePublished":"2025-05-16T08:21:01+00:00","dateModified":"2026-04-01T07:12:59+00:00","breadcrumb":{"@id":"https:\/\/shop.tanadaithanh.vn\/en\/san-pham\/may-nuoc-nong-nang-luong-mat-troi-dai-thanh-platinum-220l-pla01\/#breadcrumb"},"inLanguage":"en-US","potentialAction":[{"@type":"ReadAction","target":["https:\/\/shop.tanadaithanh.vn\/en\/san-pham\/may-nuoc-nong-nang-luong-mat-troi-dai-thanh-platinum-220l-pla01\/"]}]},{"@type":"ImageObject","inLanguage":"en-US","@id":"https:\/\/shop.tanadaithanh.vn\/en\/san-pham\/may-nuoc-nong-nang-luong-mat-troi-dai-thanh-platinum-220l-pla01\/#primaryimage","url":"https:\/\/shop.tanadaithanh.vn\/wp-content\/uploads\/2025\/08\/20.jpg","contentUrl":"https:\/\/shop.tanadaithanh.vn\/wp-content\/uploads\/2025\/08\/20.jpg","width":1200,"height":1200},{"@type":"BreadcrumbList","@id":"https:\/\/shop.tanadaithanh.vn\/en\/san-pham\/may-nuoc-nong-nang-luong-mat-troi-dai-thanh-platinum-220l-pla01\/#breadcrumb","itemListElement":[{"@type":"ListItem","position":1,"name":"Trang ch\u1ee7","item":"https:\/\/shop.tanadaithanh.vn\/en\/"},{"@type":"ListItem","position":2,"name":"Shop","item":"https:\/\/shop.tanadaithanh.vn\/cua-hang\/"},{"@type":"ListItem","position":3,"name":"M\u00e1y n\u01b0\u1edbc n\u00f3ng n\u0103ng l\u01b0\u1ee3ng m\u1eb7t tr\u1eddi \u0110\u1ea1i Th\u00e0nh Platinum 220L &#8211; PLA01"}]},{"@type":"WebSite","@id":"https:\/\/shop.tanadaithanh.vn\/en\/#website","url":"https:\/\/shop.tanadaithanh.vn\/en\/","name":"T\u00e2n \u00c1 \u0110\u1ea1i Th\u00e0nh eShop - Trang website b\u00e1n h\u00e0ng ch\u00ednh th\u1ee9c T\u1eadp \u0111o\u00e0n T\u00e2n \u00c1 \u0110\u1ea1i Th\u00e0nh","description":"Website b\u00e1n h\u00e0ng tr\u1ef1c tuy\u1ebfn v\u1eadn h\u00e0nh b\u1edfi ch\u00ednh T\u00e2n \u00c1 \u0110\u1ea1i Th\u00e0nh","publisher":{"@id":"https:\/\/shop.tanadaithanh.vn\/en\/#organization"},"potentialAction":[{"@type":"SearchAction","target":{"@type":"EntryPoint","urlTemplate":"https:\/\/shop.tanadaithanh.vn\/en\/?s={search_term_string}"},"query-input":{"@type":"PropertyValueSpecification","valueRequired":true,"valueName":"search_term_string"}}],"inLanguage":"en-US"},{"@type":"Organization","@id":"https:\/\/shop.tanadaithanh.vn\/en\/#organization","name":"T\u00e2n \u00c1 \u0110\u1ea1i Th\u00e0nh eShop - Trang website b\u00e1n h\u00e0ng ch\u00ednh th\u1ee9c T\u1eadp \u0111o\u00e0n T\u00e2n \u00c1 \u0110\u1ea1i Th\u00e0nh","url":"https:\/\/shop.tanadaithanh.vn\/en\/","logo":{"@type":"ImageObject","inLanguage":"en-US","@id":"https:\/\/shop.tanadaithanh.vn\/en\/#\/schema\/logo\/image\/","url":"https:\/\/shop.tanadaithanh.vn\/wp-content\/uploads\/2025\/06\/Logo-2.png","contentUrl":"https:\/\/shop.tanadaithanh.vn\/wp-content\/uploads\/2025\/06\/Logo-2.png","width":2000,"height":2000,"caption":"T\u00e2n \u00c1 \u0110\u1ea1i Th\u00e0nh eShop - Trang website b\u00e1n h\u00e0ng ch\u00ednh th\u1ee9c T\u1eadp \u0111o\u00e0n T\u00e2n \u00c1 \u0110\u1ea1i Th\u00e0nh"},"image":{"@id":"https:\/\/shop.tanadaithanh.vn\/en\/#\/schema\/logo\/image\/"},"sameAs":["https:\/\/www.facebook.com\/profile.php?id=61567171139919","https:\/\/zalo.me\/3915163699004948284"]}]}},"_links":{"self":[{"href":"https:\/\/shop.tanadaithanh.vn\/en\/wp-json\/wp\/v2\/product\/22082","targetHints":{"allow":["GET"]}}],"collection":[{"href":"https:\/\/shop.tanadaithanh.vn\/en\/wp-json\/wp\/v2\/product"}],"about":[{"href":"https:\/\/shop.tanadaithanh.vn\/en\/wp-json\/wp\/v2\/types\/product"}],"replies":[{"embeddable":true,"href":"https:\/\/shop.tanadaithanh.vn\/en\/wp-json\/wp\/v2\/comments?post=22082"}],"version-history":[{"count":2,"href":"https:\/\/shop.tanadaithanh.vn\/en\/wp-json\/wp\/v2\/product\/22082\/revisions"}],"predecessor-version":[{"id":28937,"href":"https:\/\/shop.tanadaithanh.vn\/en\/wp-json\/wp\/v2\/product\/22082\/revisions\/28937"}],"wp:featuredmedia":[{"embeddable":true,"href":"https:\/\/shop.tanadaithanh.vn\/en\/wp-json\/wp\/v2\/media\/28773"}],"wp:attachment":[{"href":"https:\/\/shop.tanadaithanh.vn\/en\/wp-json\/wp\/v2\/media?parent=22082"}],"wp:term":[{"taxonomy":"region","embeddable":true,"href":"https:\/\/shop.tanadaithanh.vn\/en\/wp-json\/wp\/v2\/region?post=22082"},{"taxonomy":"product_brand","embeddable":true,"href":"https:\/\/shop.tanadaithanh.vn\/en\/wp-json\/wp\/v2\/product_brand?post=22082"},{"taxonomy":"product_cat","embeddable":true,"href":"https:\/\/shop.tanadaithanh.vn\/en\/wp-json\/wp\/v2\/product_cat?post=22082"},{"taxonomy":"product_tag","embeddable":true,"href":"https:\/\/shop.tanadaithanh.vn\/en\/wp-json\/wp\/v2\/product_tag?post=22082"}],"curies":[{"name":"wp","href":"https:\/\/api.w.org\/{rel}","templated":true}]}}