{"id":22072,"date":"2025-05-16T15:21:01","date_gmt":"2025-05-16T08:21:01","guid":{"rendered":"https:\/\/shop.tanadaithanh.vn\/product\/may-nuoc-nong-nang-luong-mat-troi-dai-thanh-vigo-315l-70-21\/"},"modified":"2026-04-01T14:06:54","modified_gmt":"2026-04-01T07:06:54","slug":"may-nuoc-nong-nang-luong-mat-troi-dai-thanh-vigo-315l-70-21","status":"publish","type":"product","link":"https:\/\/shop.tanadaithanh.vn\/en\/san-pham\/may-nuoc-nong-nang-luong-mat-troi-dai-thanh-vigo-315l-70-21\/","title":{"rendered":"M\u00e1y n\u01b0\u1edbc n\u00f3ng N\u0103ng l\u01b0\u1ee3ng m\u1eb7t tr\u1eddi \u0110\u1ea1i Th\u00e0nh Vigo 315L 70-21"},"content":{"rendered":"<p><strong>M\u00c1Y N\u0102NG L\u01af\u1ee2NG M\u1eb6T TR\u1edcI VIGO<\/strong><\/p>\n<p>S\u1eed d\u1ee5ng ru\u1ed9t b\u00ecnh Inox SUS 316 v\u1edbi kh\u1ea3 n\u0103ng ch\u1ecbu \u0111\u01b0\u1ee3c m\u1ecdi ngu\u1ed3n n\u01b0\u1edbc. Kh\u00f4ng nhi\u1ec5m t\u1eeb, c\u00f3 th\u1ec3 d\u00f9ng trong m\u1ecdi m\u00f4i tr\u01b0\u1eddng, k\u1ec3 c\u1ea3 m\u00f4i tr\u01b0\u1eddng \u0111\u00f2i h\u1ecfi \u0111\u1ed9 s\u1ea1ch r\u1ea5t kh\u1eaft khe.<\/p>\n<p><strong>T\u00cdNH N\u0102NG<\/strong><\/p>\n<table>\n<tbody>\n<tr>\n<td><img decoding=\"async\" src=\"https:\/\/file.hstatic.net\/1000195956\/file\/vigo1-02_compact.jpg\" \/><\/td>\n<td><strong>Ch\u00e2n M\u00e1y Th\u1ebf H\u1ec7 M\u1edbi<\/strong><\/p>\n<p>Nguy\u00ean li\u1ec7u nh\u00f4m nguy\u00ean kh\u1ed1i. K\u1ebft h\u1ee3p v\u00f2ng \u0111\u1ee1 \u1ed1ng b\u1eb1ng nh\u1ef1a ABS \u0111\u1ea3m b\u1ea3o \u0111\u1ed9 c\u1ee9ng, v\u1eefng v\u00e0 ch\u1ecbu l\u1ef1c t\u1ed1t.<\/td>\n<td><img decoding=\"async\" src=\"https:\/\/file.hstatic.net\/1000195956\/file\/vigo3-02_compact.jpg\" \/><\/td>\n<td><strong>V\u1ecf B\u00ecnh B\u1ea3o \u00d4n<\/strong><\/p>\n<p>&#8211; Nguy\u00ean li\u1ec7u Inox SUS 201\/BA<\/p>\n<p>&#8211; Ch\u1ecbu \u0111\u01b0\u1ee3c c\u00e1c ki\u1ec3u th\u1eddi ti\u1ebft kh\u1eafc nghi\u1ec7t<\/td>\n<\/tr>\n<tr>\n<td><img decoding=\"async\" src=\"https:\/\/file.hstatic.net\/1000195956\/file\/vigo2-02_compact.jpg\" \/><\/td>\n<td><strong>Ru\u1ed9t B\u00ecnh B\u1ea3o \u00d4n<\/strong><\/p>\n<p>S\u1ea3n xu\u1ea5t theo c\u00f4ng ngh\u1ec7 ti\u00ean ti\u1ebfn nh\u1ea5t tr\u00ean th\u1ebf gi\u1edbi. \u0110\u01b0\u1ee3c l\u00e0m b\u1eb1ng ch\u1ea5t li\u1ec7u Inox SUS 316 si\u00eau c\u1ea5p d\u00e0y 0,4mm<\/td>\n<td><img decoding=\"async\" src=\"https:\/\/file.hstatic.net\/1000195956\/file\/vigo4-02_compact.jpg\" \/><\/td>\n<td><strong>L\u1edbp B\u1ea3o \u00d4n<\/strong><\/p>\n<p>L\u1edbp gi\u1eef nhi\u1ec7t b\u1eb1ng h\u1ee3p ch\u1ea5t Foam (\u0111\u1ed9 d\u00e0y 55mm) \u0111\u1ed9 n\u00e9n ch\u1eb7t v\u00e0 gi\u1eef nhi\u1ec7t \u0111\u1ed9 l\u00ean \u0111\u1ebfn 120 gi\u1edd.<\/td>\n<\/tr>\n<\/tbody>\n<\/table>\n<p><strong>K\u00cdCH TH\u01af\u1edaC K\u1ef8 THU\u1eacT:<\/strong><\/p>\n<table style=\"height: 595px;\" border=\"1\" width=\"1360\">\n<tbody>\n<tr>\n<td><strong>STT<\/strong><\/td>\n<td><strong>M\u00c3 HI\u1ec6U S\u1ea2N PH\u1ea8M<\/strong><\/td>\n<td><strong>DUNG T\u00cdCH<\/strong><\/p>\n<p><strong>(L\u00edt)<\/strong><\/td>\n<td><strong>TH\u00d4NG S\u1ed0 L\u1eaeP \u0110\u1eb6T<\/strong><\/p>\n<p><strong><em>D\u00e0i x R\u1ed9ng x Cao (mm)<\/em><\/strong><\/td>\n<\/tr>\n<tr>\n<td colspan=\"4\"><strong>\u0110\u1ea0I TH\u00c0NH &#8211; VIGO \u220558<\/strong><\/td>\n<\/tr>\n<tr>\n<td>1<\/td>\n<td>\u0110T 58 &#8211; 12<\/td>\n<td>130<\/td>\n<td>1850 x 1100 x 1230<\/td>\n<\/tr>\n<tr>\n<td>2<\/td>\n<td>\u0110T 58 &#8211; 15<\/td>\n<td>160<\/td>\n<td>2000 x 1350 x 1230<\/td>\n<\/tr>\n<tr>\n<td>3<\/td>\n<td>\u0110T 58 &#8211; 18<\/td>\n<td>180<\/td>\n<td>2000 x 1600 x 1230<\/td>\n<\/tr>\n<tr>\n<td>4<\/td>\n<td>\u0110T 58 &#8211; 21<\/td>\n<td>215<\/td>\n<td>2000 x 1830 x 1230<\/td>\n<\/tr>\n<tr>\n<td>5<\/td>\n<td>\u0110T 58 &#8211; 24<\/td>\n<td>250<\/td>\n<td>2000 x 2070 x 1230<\/td>\n<\/tr>\n<tr>\n<td>6<\/td>\n<td>\u0110T 58 &#8211; 28<\/td>\n<td>300<\/td>\n<td>2000 x 2400 x 1230<\/td>\n<\/tr>\n<tr>\n<td colspan=\"4\"><strong>\u0110\u1ea0I TH\u00c0NH &#8211; VIGO \u220570<\/strong><\/td>\n<\/tr>\n<tr>\n<td>1<\/td>\n<td>\u0110T 70 &#8211; 10<\/td>\n<td>150<\/td>\n<td>2000 x 1046 x 1230<\/td>\n<\/tr>\n<tr>\n<td>2<\/td>\n<td>\u0110T 70 &#8211; 12<\/td>\n<td>180<\/td>\n<td>2000 x 1236 x 1230<\/td>\n<\/tr>\n<tr>\n<td>3<\/td>\n<td>\u0110T 70 &#8211; 14<\/td>\n<td>210<\/td>\n<td>2000 x 1426 x 1230<\/td>\n<\/tr>\n<tr>\n<td>4<\/td>\n<td>\u0110T 70 &#8211; 15<\/td>\n<td>225<\/td>\n<td>2000 x 1521 x 1230<\/td>\n<\/tr>\n<tr>\n<td>5<\/td>\n<td>\u0110T 70 &#8211; 16<\/td>\n<td>240<\/td>\n<td>2000 x 1616 x 1230<\/td>\n<\/tr>\n<tr>\n<td>6<\/td>\n<td>\u0110T 70 &#8211; 18<\/td>\n<td>270<\/td>\n<td>2000 x 1806 x 1230<\/td>\n<\/tr>\n<tr>\n<td>7<\/td>\n<td>\u0110T 70 &#8211; 20<\/td>\n<td>300<\/td>\n<td>2000 x 2091 x 1230<\/td>\n<\/tr>\n<tr>\n<td>8<\/td>\n<td>\u0110T 70 &#8211; 21<\/td>\n<td>315<\/td>\n<td>2000 x 2376 x 1230<\/td>\n<\/tr>\n<tr>\n<td>9<\/td>\n<td>\u0110T 70 &#8211; 24<\/td>\n<td>360<\/td>\n<td>2000 x 2756 x 1230<\/td>\n<\/tr>\n<\/tbody>\n<\/table>\n<p>&nbsp;<\/p>\n<p><strong>C\u00d4NG NGH\u1ec6 \u1ed0NG CH\u00c2N KH\u00d4NG\u00a0\u220558, \u220570 G\u1ed2M 5 L\u1edaP:<\/strong><\/p>\n<p><img fetchpriority=\"high\" decoding=\"async\" src=\"https:\/\/file.hstatic.net\/1000195956\/file\/nlmt-02_1024x1024.jpg\" width=\"828\" height=\"393\" \/><\/p>\n<p><strong>H\u1ec6 D\u00c0N C\u00d4NG NGHI\u1ec6P<\/strong><\/p>\n<p>V\u1edbi dung t\u00edch t\u1eeb 500 l\u00edt \u0111\u1ebfn 30000 l\u00edt, t\u00f9y thu\u1ed9c v\u00e0o m\u1ee5c \u0111\u00edch s\u1eed d\u1ee5ng c\u1ee7a kh\u00e1ch h\u00e0ng, c\u00f4ng ty s\u1ebd \u0111\u01b0a ra dung t\u00edch ph\u00f9 h\u1ee3p. H\u1ec7 d\u00e0n c\u00f4ng nghi\u1ec7p \u0111\u01b0\u1ee3c \u1ee9ng d\u1ee5ng t\u1ea1i n\u01a1i s\u1eed d\u1ee5ng ngu\u1ed3n n\u01b0\u1edbc n\u00f3ng nhi\u1ec1u nh\u01b0: tr\u01b0\u1eddng h\u1ecdc, b\u1ec7nh vi\u1ec7n, nh\u00e0 h\u00e0ng, kh\u00e1ch s\u1ea1n&#8230; \u0110\u1ec3 \u0111\u1ea3m b\u1ea3o cho Qu\u00fd kh\u00e1ch h\u00e0ng gi\u1ea3i ph\u00e1p s\u1eed d\u1ee5ng t\u1ed1i \u01b0u, xin vui l\u00f2ng li\u00ean h\u1ec7 v\u1edbi ch\u00fang t\u00f4i \u0111\u1ec3 \u0111\u01b0\u1ee3c t\u01b0 v\u1ea5n v\u00e0 kh\u1ea3o s\u00e1t mi\u1ec5n ph\u00ed. V\u1edbi ch\u1ea5t l\u01b0\u1ee3ng v\u01b0\u1ee3t tr\u1ed9i v\u00e0 phong c\u00e1ch ph\u1ee5c v\u1ee5 chuy\u00ean nghi\u1ec7p, s\u1ea3n ph\u1ea9m \u0110\u1ea1i Th\u00e0nh s\u1ebd l\u00e0 l\u1ef1a ch\u1ecdn t\u1ed1i \u01b0u c\u1ee7a Qu\u00fd kh\u00e1ch h\u00e0ng.<\/p>\n","protected":false},"excerpt":{"rendered":"<p>S\u1eed d\u1ee5ng ru\u1ed9t b\u00ecnh <strong>Inox SUS 316<\/strong> v\u1edbi kh\u1ea3 n\u0103ng ch\u1ecbu \u0111\u01b0\u1ee3c m\u1ecdi ngu\u1ed3n n\u01b0\u1edbc.<br \/>\nL\u1edbp gi\u1eef nhi\u1ec7t b\u1eb1ng h\u1ee3p ch\u1ea5t Foam gi\u1eef nhi\u1ec7t \u0111\u1ed9 l\u00ean \u0111\u1ebfn <strong>120 gi\u1edd<\/strong>.<br \/>\nTi\u1ebft ki\u1ec7m \u0111i\u1ec7n n\u0103ng 100%.<\/p>\n","protected":false},"featured_media":28771,"comment_status":"open","ping_status":"closed","template":"","meta":[],"region":[260],"product_brand":[],"product_cat":[783,784],"product_tag":[],"class_list":{"0":"post-22072","1":"product","2":"type-product","3":"status-publish","4":"has-post-thumbnail","6":"region-mien-nam","7":"product_cat-may-nuoc-nong-nang-luong-mat-troi","8":"product_cat-nang-luong-mat-troi-dai-thanh-vigo","9":"pa_kich-thuoc-dai-x-rong-x-cao-2000-x-2376-x-1230-mm","11":"first","12":"instock","13":"sale","14":"purchasable","15":"product-type-simple"},"yoast_head":"<!-- This site is optimized with the Yoast SEO plugin v24.6 - https:\/\/yoast.com\/wordpress\/plugins\/seo\/ -->\n<title>M\u00e1y n\u01b0\u1edbc n\u00f3ng N\u0103ng l\u01b0\u1ee3ng m\u1eb7t tr\u1eddi \u0110\u1ea1i Th\u00e0nh Vigo 315L 70-21 - T\u00e2n \u00c1 \u0110\u1ea1i Th\u00e0nh eShop<\/title>\n<meta name=\"robots\" content=\"index, follow, max-snippet:-1, max-image-preview:large, max-video-preview:-1\" \/>\n<link rel=\"canonical\" href=\"https:\/\/shop.tanadaithanh.vn\/en\/san-pham\/may-nuoc-nong-nang-luong-mat-troi-dai-thanh-vigo-315l-70-21\/\" \/>\n<meta property=\"og:locale\" content=\"en_US\" \/>\n<meta property=\"og:type\" content=\"article\" \/>\n<meta property=\"og:title\" content=\"M\u00e1y n\u01b0\u1edbc n\u00f3ng N\u0103ng l\u01b0\u1ee3ng m\u1eb7t tr\u1eddi \u0110\u1ea1i Th\u00e0nh Vigo 315L 70-21 - T\u00e2n \u00c1 \u0110\u1ea1i Th\u00e0nh eShop\" \/>\n<meta property=\"og:description\" content=\"S\u1eed d\u1ee5ng ru\u1ed9t b\u00ecnh Inox SUS 316 v\u1edbi kh\u1ea3 n\u0103ng ch\u1ecbu \u0111\u01b0\u1ee3c m\u1ecdi ngu\u1ed3n n\u01b0\u1edbc. L\u1edbp gi\u1eef nhi\u1ec7t b\u1eb1ng h\u1ee3p ch\u1ea5t Foam gi\u1eef nhi\u1ec7t \u0111\u1ed9 l\u00ean \u0111\u1ebfn 120 gi\u1edd. Ti\u1ebft ki\u1ec7m \u0111i\u1ec7n n\u0103ng 100%.\" \/>\n<meta property=\"og:url\" content=\"https:\/\/shop.tanadaithanh.vn\/en\/san-pham\/may-nuoc-nong-nang-luong-mat-troi-dai-thanh-vigo-315l-70-21\/\" \/>\n<meta property=\"og:site_name\" content=\"T\u00e2n \u00c1 \u0110\u1ea1i Th\u00e0nh eShop\" \/>\n<meta property=\"article:publisher\" content=\"https:\/\/www.facebook.com\/profile.php?id=61567171139919\" \/>\n<meta property=\"article:modified_time\" content=\"2026-04-01T07:06:54+00:00\" \/>\n<meta property=\"og:image\" content=\"https:\/\/shop.tanadaithanh.vn\/wp-content\/uploads\/2025\/08\/21.jpg\" \/>\n\t<meta property=\"og:image:width\" content=\"1200\" \/>\n\t<meta property=\"og:image:height\" content=\"1200\" \/>\n\t<meta property=\"og:image:type\" content=\"image\/jpeg\" \/>\n<meta name=\"twitter:card\" content=\"summary_large_image\" \/>\n<meta name=\"twitter:label1\" content=\"Est. reading time\" \/>\n\t<meta name=\"twitter:data1\" content=\"4 minutes\" \/>\n<script type=\"application\/ld+json\" class=\"yoast-schema-graph\">{\"@context\":\"https:\/\/schema.org\",\"@graph\":[{\"@type\":\"WebPage\",\"@id\":\"https:\/\/shop.tanadaithanh.vn\/en\/san-pham\/may-nuoc-nong-nang-luong-mat-troi-dai-thanh-vigo-315l-70-21\/\",\"url\":\"https:\/\/shop.tanadaithanh.vn\/en\/san-pham\/may-nuoc-nong-nang-luong-mat-troi-dai-thanh-vigo-315l-70-21\/\",\"name\":\"M\u00e1y n\u01b0\u1edbc n\u00f3ng N\u0103ng l\u01b0\u1ee3ng m\u1eb7t tr\u1eddi \u0110\u1ea1i Th\u00e0nh Vigo 315L 70-21 - T\u00e2n \u00c1 \u0110\u1ea1i Th\u00e0nh eShop\",\"isPartOf\":{\"@id\":\"https:\/\/shop.tanadaithanh.vn\/en\/#website\"},\"primaryImageOfPage\":{\"@id\":\"https:\/\/shop.tanadaithanh.vn\/en\/san-pham\/may-nuoc-nong-nang-luong-mat-troi-dai-thanh-vigo-315l-70-21\/#primaryimage\"},\"image\":{\"@id\":\"https:\/\/shop.tanadaithanh.vn\/en\/san-pham\/may-nuoc-nong-nang-luong-mat-troi-dai-thanh-vigo-315l-70-21\/#primaryimage\"},\"thumbnailUrl\":\"https:\/\/shop.tanadaithanh.vn\/wp-content\/uploads\/2025\/08\/21.jpg\",\"datePublished\":\"2025-05-16T08:21:01+00:00\",\"dateModified\":\"2026-04-01T07:06:54+00:00\",\"breadcrumb\":{\"@id\":\"https:\/\/shop.tanadaithanh.vn\/en\/san-pham\/may-nuoc-nong-nang-luong-mat-troi-dai-thanh-vigo-315l-70-21\/#breadcrumb\"},\"inLanguage\":\"en-US\",\"potentialAction\":[{\"@type\":\"ReadAction\",\"target\":[\"https:\/\/shop.tanadaithanh.vn\/en\/san-pham\/may-nuoc-nong-nang-luong-mat-troi-dai-thanh-vigo-315l-70-21\/\"]}]},{\"@type\":\"ImageObject\",\"inLanguage\":\"en-US\",\"@id\":\"https:\/\/shop.tanadaithanh.vn\/en\/san-pham\/may-nuoc-nong-nang-luong-mat-troi-dai-thanh-vigo-315l-70-21\/#primaryimage\",\"url\":\"https:\/\/shop.tanadaithanh.vn\/wp-content\/uploads\/2025\/08\/21.jpg\",\"contentUrl\":\"https:\/\/shop.tanadaithanh.vn\/wp-content\/uploads\/2025\/08\/21.jpg\",\"width\":1200,\"height\":1200},{\"@type\":\"BreadcrumbList\",\"@id\":\"https:\/\/shop.tanadaithanh.vn\/en\/san-pham\/may-nuoc-nong-nang-luong-mat-troi-dai-thanh-vigo-315l-70-21\/#breadcrumb\",\"itemListElement\":[{\"@type\":\"ListItem\",\"position\":1,\"name\":\"Trang ch\u1ee7\",\"item\":\"https:\/\/shop.tanadaithanh.vn\/en\/\"},{\"@type\":\"ListItem\",\"position\":2,\"name\":\"Shop\",\"item\":\"https:\/\/shop.tanadaithanh.vn\/cua-hang\/\"},{\"@type\":\"ListItem\",\"position\":3,\"name\":\"M\u00e1y n\u01b0\u1edbc n\u00f3ng N\u0103ng l\u01b0\u1ee3ng m\u1eb7t tr\u1eddi \u0110\u1ea1i Th\u00e0nh Vigo 315L 70-21\"}]},{\"@type\":\"WebSite\",\"@id\":\"https:\/\/shop.tanadaithanh.vn\/en\/#website\",\"url\":\"https:\/\/shop.tanadaithanh.vn\/en\/\",\"name\":\"T\u00e2n \u00c1 \u0110\u1ea1i Th\u00e0nh eShop - Trang website b\u00e1n h\u00e0ng ch\u00ednh th\u1ee9c T\u1eadp \u0111o\u00e0n T\u00e2n \u00c1 \u0110\u1ea1i Th\u00e0nh\",\"description\":\"Website b\u00e1n h\u00e0ng tr\u1ef1c tuy\u1ebfn v\u1eadn h\u00e0nh b\u1edfi ch\u00ednh T\u00e2n \u00c1 \u0110\u1ea1i Th\u00e0nh\",\"publisher\":{\"@id\":\"https:\/\/shop.tanadaithanh.vn\/en\/#organization\"},\"potentialAction\":[{\"@type\":\"SearchAction\",\"target\":{\"@type\":\"EntryPoint\",\"urlTemplate\":\"https:\/\/shop.tanadaithanh.vn\/en\/?s={search_term_string}\"},\"query-input\":{\"@type\":\"PropertyValueSpecification\",\"valueRequired\":true,\"valueName\":\"search_term_string\"}}],\"inLanguage\":\"en-US\"},{\"@type\":\"Organization\",\"@id\":\"https:\/\/shop.tanadaithanh.vn\/en\/#organization\",\"name\":\"T\u00e2n \u00c1 \u0110\u1ea1i Th\u00e0nh eShop - Trang website b\u00e1n h\u00e0ng ch\u00ednh th\u1ee9c T\u1eadp \u0111o\u00e0n T\u00e2n \u00c1 \u0110\u1ea1i Th\u00e0nh\",\"url\":\"https:\/\/shop.tanadaithanh.vn\/en\/\",\"logo\":{\"@type\":\"ImageObject\",\"inLanguage\":\"en-US\",\"@id\":\"https:\/\/shop.tanadaithanh.vn\/en\/#\/schema\/logo\/image\/\",\"url\":\"https:\/\/shop.tanadaithanh.vn\/wp-content\/uploads\/2025\/06\/Logo-2.png\",\"contentUrl\":\"https:\/\/shop.tanadaithanh.vn\/wp-content\/uploads\/2025\/06\/Logo-2.png\",\"width\":2000,\"height\":2000,\"caption\":\"T\u00e2n \u00c1 \u0110\u1ea1i Th\u00e0nh eShop - Trang website b\u00e1n h\u00e0ng ch\u00ednh th\u1ee9c T\u1eadp \u0111o\u00e0n T\u00e2n \u00c1 \u0110\u1ea1i Th\u00e0nh\"},\"image\":{\"@id\":\"https:\/\/shop.tanadaithanh.vn\/en\/#\/schema\/logo\/image\/\"},\"sameAs\":[\"https:\/\/www.facebook.com\/profile.php?id=61567171139919\",\"https:\/\/zalo.me\/3915163699004948284\"]}]}<\/script>\n<!-- \/ Yoast SEO plugin. -->","yoast_head_json":{"title":"M\u00e1y n\u01b0\u1edbc n\u00f3ng N\u0103ng l\u01b0\u1ee3ng m\u1eb7t tr\u1eddi \u0110\u1ea1i Th\u00e0nh Vigo 315L 70-21 - T\u00e2n \u00c1 \u0110\u1ea1i Th\u00e0nh eShop","robots":{"index":"index","follow":"follow","max-snippet":"max-snippet:-1","max-image-preview":"max-image-preview:large","max-video-preview":"max-video-preview:-1"},"canonical":"https:\/\/shop.tanadaithanh.vn\/en\/san-pham\/may-nuoc-nong-nang-luong-mat-troi-dai-thanh-vigo-315l-70-21\/","og_locale":"en_US","og_type":"article","og_title":"M\u00e1y n\u01b0\u1edbc n\u00f3ng N\u0103ng l\u01b0\u1ee3ng m\u1eb7t tr\u1eddi \u0110\u1ea1i Th\u00e0nh Vigo 315L 70-21 - T\u00e2n \u00c1 \u0110\u1ea1i Th\u00e0nh eShop","og_description":"S\u1eed d\u1ee5ng ru\u1ed9t b\u00ecnh Inox SUS 316 v\u1edbi kh\u1ea3 n\u0103ng ch\u1ecbu \u0111\u01b0\u1ee3c m\u1ecdi ngu\u1ed3n n\u01b0\u1edbc. L\u1edbp gi\u1eef nhi\u1ec7t b\u1eb1ng h\u1ee3p ch\u1ea5t Foam gi\u1eef nhi\u1ec7t \u0111\u1ed9 l\u00ean \u0111\u1ebfn 120 gi\u1edd. Ti\u1ebft ki\u1ec7m \u0111i\u1ec7n n\u0103ng 100%.","og_url":"https:\/\/shop.tanadaithanh.vn\/en\/san-pham\/may-nuoc-nong-nang-luong-mat-troi-dai-thanh-vigo-315l-70-21\/","og_site_name":"T\u00e2n \u00c1 \u0110\u1ea1i Th\u00e0nh eShop","article_publisher":"https:\/\/www.facebook.com\/profile.php?id=61567171139919","article_modified_time":"2026-04-01T07:06:54+00:00","og_image":[{"width":1200,"height":1200,"url":"https:\/\/shop.tanadaithanh.vn\/wp-content\/uploads\/2025\/08\/21.jpg","type":"image\/jpeg"}],"twitter_card":"summary_large_image","twitter_misc":{"Est. reading time":"4 minutes"},"schema":{"@context":"https:\/\/schema.org","@graph":[{"@type":"WebPage","@id":"https:\/\/shop.tanadaithanh.vn\/en\/san-pham\/may-nuoc-nong-nang-luong-mat-troi-dai-thanh-vigo-315l-70-21\/","url":"https:\/\/shop.tanadaithanh.vn\/en\/san-pham\/may-nuoc-nong-nang-luong-mat-troi-dai-thanh-vigo-315l-70-21\/","name":"M\u00e1y n\u01b0\u1edbc n\u00f3ng N\u0103ng l\u01b0\u1ee3ng m\u1eb7t tr\u1eddi \u0110\u1ea1i Th\u00e0nh Vigo 315L 70-21 - T\u00e2n \u00c1 \u0110\u1ea1i Th\u00e0nh eShop","isPartOf":{"@id":"https:\/\/shop.tanadaithanh.vn\/en\/#website"},"primaryImageOfPage":{"@id":"https:\/\/shop.tanadaithanh.vn\/en\/san-pham\/may-nuoc-nong-nang-luong-mat-troi-dai-thanh-vigo-315l-70-21\/#primaryimage"},"image":{"@id":"https:\/\/shop.tanadaithanh.vn\/en\/san-pham\/may-nuoc-nong-nang-luong-mat-troi-dai-thanh-vigo-315l-70-21\/#primaryimage"},"thumbnailUrl":"https:\/\/shop.tanadaithanh.vn\/wp-content\/uploads\/2025\/08\/21.jpg","datePublished":"2025-05-16T08:21:01+00:00","dateModified":"2026-04-01T07:06:54+00:00","breadcrumb":{"@id":"https:\/\/shop.tanadaithanh.vn\/en\/san-pham\/may-nuoc-nong-nang-luong-mat-troi-dai-thanh-vigo-315l-70-21\/#breadcrumb"},"inLanguage":"en-US","potentialAction":[{"@type":"ReadAction","target":["https:\/\/shop.tanadaithanh.vn\/en\/san-pham\/may-nuoc-nong-nang-luong-mat-troi-dai-thanh-vigo-315l-70-21\/"]}]},{"@type":"ImageObject","inLanguage":"en-US","@id":"https:\/\/shop.tanadaithanh.vn\/en\/san-pham\/may-nuoc-nong-nang-luong-mat-troi-dai-thanh-vigo-315l-70-21\/#primaryimage","url":"https:\/\/shop.tanadaithanh.vn\/wp-content\/uploads\/2025\/08\/21.jpg","contentUrl":"https:\/\/shop.tanadaithanh.vn\/wp-content\/uploads\/2025\/08\/21.jpg","width":1200,"height":1200},{"@type":"BreadcrumbList","@id":"https:\/\/shop.tanadaithanh.vn\/en\/san-pham\/may-nuoc-nong-nang-luong-mat-troi-dai-thanh-vigo-315l-70-21\/#breadcrumb","itemListElement":[{"@type":"ListItem","position":1,"name":"Trang ch\u1ee7","item":"https:\/\/shop.tanadaithanh.vn\/en\/"},{"@type":"ListItem","position":2,"name":"Shop","item":"https:\/\/shop.tanadaithanh.vn\/cua-hang\/"},{"@type":"ListItem","position":3,"name":"M\u00e1y n\u01b0\u1edbc n\u00f3ng N\u0103ng l\u01b0\u1ee3ng m\u1eb7t tr\u1eddi \u0110\u1ea1i Th\u00e0nh Vigo 315L 70-21"}]},{"@type":"WebSite","@id":"https:\/\/shop.tanadaithanh.vn\/en\/#website","url":"https:\/\/shop.tanadaithanh.vn\/en\/","name":"T\u00e2n \u00c1 \u0110\u1ea1i Th\u00e0nh eShop - Trang website b\u00e1n h\u00e0ng ch\u00ednh th\u1ee9c T\u1eadp \u0111o\u00e0n T\u00e2n \u00c1 \u0110\u1ea1i Th\u00e0nh","description":"Website b\u00e1n h\u00e0ng tr\u1ef1c tuy\u1ebfn v\u1eadn h\u00e0nh b\u1edfi ch\u00ednh T\u00e2n \u00c1 \u0110\u1ea1i Th\u00e0nh","publisher":{"@id":"https:\/\/shop.tanadaithanh.vn\/en\/#organization"},"potentialAction":[{"@type":"SearchAction","target":{"@type":"EntryPoint","urlTemplate":"https:\/\/shop.tanadaithanh.vn\/en\/?s={search_term_string}"},"query-input":{"@type":"PropertyValueSpecification","valueRequired":true,"valueName":"search_term_string"}}],"inLanguage":"en-US"},{"@type":"Organization","@id":"https:\/\/shop.tanadaithanh.vn\/en\/#organization","name":"T\u00e2n \u00c1 \u0110\u1ea1i Th\u00e0nh eShop - Trang website b\u00e1n h\u00e0ng ch\u00ednh th\u1ee9c T\u1eadp \u0111o\u00e0n T\u00e2n \u00c1 \u0110\u1ea1i Th\u00e0nh","url":"https:\/\/shop.tanadaithanh.vn\/en\/","logo":{"@type":"ImageObject","inLanguage":"en-US","@id":"https:\/\/shop.tanadaithanh.vn\/en\/#\/schema\/logo\/image\/","url":"https:\/\/shop.tanadaithanh.vn\/wp-content\/uploads\/2025\/06\/Logo-2.png","contentUrl":"https:\/\/shop.tanadaithanh.vn\/wp-content\/uploads\/2025\/06\/Logo-2.png","width":2000,"height":2000,"caption":"T\u00e2n \u00c1 \u0110\u1ea1i Th\u00e0nh eShop - Trang website b\u00e1n h\u00e0ng ch\u00ednh th\u1ee9c T\u1eadp \u0111o\u00e0n T\u00e2n \u00c1 \u0110\u1ea1i Th\u00e0nh"},"image":{"@id":"https:\/\/shop.tanadaithanh.vn\/en\/#\/schema\/logo\/image\/"},"sameAs":["https:\/\/www.facebook.com\/profile.php?id=61567171139919","https:\/\/zalo.me\/3915163699004948284"]}]}},"_links":{"self":[{"href":"https:\/\/shop.tanadaithanh.vn\/en\/wp-json\/wp\/v2\/product\/22072","targetHints":{"allow":["GET"]}}],"collection":[{"href":"https:\/\/shop.tanadaithanh.vn\/en\/wp-json\/wp\/v2\/product"}],"about":[{"href":"https:\/\/shop.tanadaithanh.vn\/en\/wp-json\/wp\/v2\/types\/product"}],"replies":[{"embeddable":true,"href":"https:\/\/shop.tanadaithanh.vn\/en\/wp-json\/wp\/v2\/comments?post=22072"}],"version-history":[{"count":3,"href":"https:\/\/shop.tanadaithanh.vn\/en\/wp-json\/wp\/v2\/product\/22072\/revisions"}],"predecessor-version":[{"id":25195,"href":"https:\/\/shop.tanadaithanh.vn\/en\/wp-json\/wp\/v2\/product\/22072\/revisions\/25195"}],"wp:featuredmedia":[{"embeddable":true,"href":"https:\/\/shop.tanadaithanh.vn\/en\/wp-json\/wp\/v2\/media\/28771"}],"wp:attachment":[{"href":"https:\/\/shop.tanadaithanh.vn\/en\/wp-json\/wp\/v2\/media?parent=22072"}],"wp:term":[{"taxonomy":"region","embeddable":true,"href":"https:\/\/shop.tanadaithanh.vn\/en\/wp-json\/wp\/v2\/region?post=22072"},{"taxonomy":"product_brand","embeddable":true,"href":"https:\/\/shop.tanadaithanh.vn\/en\/wp-json\/wp\/v2\/product_brand?post=22072"},{"taxonomy":"product_cat","embeddable":true,"href":"https:\/\/shop.tanadaithanh.vn\/en\/wp-json\/wp\/v2\/product_cat?post=22072"},{"taxonomy":"product_tag","embeddable":true,"href":"https:\/\/shop.tanadaithanh.vn\/en\/wp-json\/wp\/v2\/product_tag?post=22072"}],"curies":[{"name":"wp","href":"https:\/\/api.w.org\/{rel}","templated":true}]}}