{"id":22057,"date":"2025-05-16T15:20:33","date_gmt":"2025-05-16T08:20:33","guid":{"rendered":"https:\/\/shop.tanadaithanh.vn\/product\/bon-nhua-tu-hoai-dai-thanh-ngang-2200l-2\/"},"modified":"2026-04-06T12:06:14","modified_gmt":"2026-04-06T05:06:14","slug":"bon-nhua-tu-hoai-dai-thanh-ngang-2200l-2","status":"publish","type":"product","link":"https:\/\/shop.tanadaithanh.vn\/en\/san-pham\/bon-nhua-tu-hoai-dai-thanh-ngang-2200l-2\/","title":{"rendered":"B\u1ed3n nh\u1ef1a t\u1ef1 ho\u1ea1i \u0110\u1ea1i Th\u00e0nh Ngang 2200N"},"content":{"rendered":"<p>B\u1ed3n t\u1ef1 ho\u1ea1i \u0110\u1ea1i Th\u00e0nh 2200L ngang l\u00e0 gi\u1ea3i ph\u00e1p x\u1eed l\u00fd n\u01b0\u1edbc th\u1ea3i sinh ho\u1ea1t hi\u1ec7u qu\u1ea3, b\u1ec1n v\u1eefng v\u00e0 th\u00e2n thi\u1ec7n v\u1edbi m\u00f4i tr\u01b0\u1eddng. S\u1edf h\u1eefu nhi\u1ec1u \u01b0u \u0111i\u1ec3m v\u01b0\u1ee3t tr\u1ed9i, b\u1ed3n nh\u1ef1a t\u1ef1 ho\u1ea1i \u0110\u1ea1i Th\u00e0nh 2200L ngang l\u00e0 l\u1ef1a ch\u1ecdn l\u00fd t\u01b0\u1edfng cho c\u00e1c c\u00f4ng tr\u00ecnh d\u00e2n sinh, c\u00e1c d\u1ef1 \u00e1n x\u00e2y d\u1ef1ng quy m\u00f4 v\u1eeba v\u00e0 nh\u1ecf. H\u00e3y c\u00f9ng T\u00e2n \u00c1 \u0110\u1ea1i Th\u00e0nh t\u00ecm hi\u1ec3u k\u1ef9 h\u01a1n v\u1ec1 b\u1ed3n t\u1ef1 ho\u1ea1i \u0110\u1ea1i Th\u00e0nh d\u00e1ng ngang, dung t\u00edch 2200L.<\/p>\n<h2><strong>Th\u00f4ng s\u1ed1 k\u1ef9 thu\u1eadt c\u1ee7a b\u1ed3n t\u1ef1 ho\u1ea1i \u0110\u1ea1i Th\u00e0nh 2200L ngang<\/strong><\/h2>\n<table>\n<tbody>\n<tr>\n<td><b>T\u00ean s\u1ea3n ph\u1ea9m<\/b><\/td>\n<td><span style=\"font-weight: 400;\">B\u1ed3n t\u1ef1 ho\u1ea1i \u0110\u1ea1i Th\u00e0nh 2200L ngang<\/span><\/td>\n<\/tr>\n<tr>\n<td><b>Th\u01b0\u01a1ng hi\u1ec7u<\/b><\/td>\n<td><span style=\"font-weight: 400;\">T\u00e2n \u00c1 \u0110\u1ea1i Th\u00e0nh\u00a0<\/span><\/td>\n<\/tr>\n<tr>\n<td><b>B\u1ea3o h\u00e0nh<\/b><\/td>\n<td><span style=\"font-weight: 400;\">70 n\u0103m<\/span><\/td>\n<\/tr>\n<tr>\n<td><b>Dung t\u00edch<\/b><\/td>\n<td><span style=\"font-weight: 400;\">2200L<\/span><\/td>\n<\/tr>\n<tr>\n<td><b>Ki\u1ec3u d\u00e1ng<\/b><\/td>\n<td><span style=\"font-weight: 400;\">D\u00e1ng ngang<\/span><\/td>\n<\/tr>\n<tr>\n<td><b>K\u00edch th\u01b0\u1edbc (D\u00e0i x R\u1ed9ng x Cao)<\/b><\/td>\n<td><span style=\"font-weight: 400;\">2300 x 1200 x 1200mm<\/span><\/td>\n<\/tr>\n<tr>\n<td><b>\u0110\u01b0\u1eddng k\u00ednh \u1ed1ng th\u00f4ng h\u01a1i<\/b><\/td>\n<td><span style=\"font-weight: 400;\">D34<\/span><\/td>\n<\/tr>\n<\/tbody>\n<\/table>\n<p><em><strong>**L\u01b0u \u00fd: Nh\u00e0 s\u1ea3n xu\u1ea5t c\u00f3 th\u1ec3 thay \u0111\u1ed5i chi ti\u1ebft k\u1ef9 thu\u1eadt s\u1ea3n ph\u1ea9m tr\u00ean th\u1ef1c t\u1ebf do t\u1ed1c \u0111\u1ed9 c\u1ea3i ti\u1ebfn<\/strong><\/em><\/p>\n<h2>T\u1ea1i sao b\u1ed3n t\u1ef1 ho\u1ea1i \u0110\u1ea1i Th\u00e0nh 2200L ngang l\u1ea1i l\u00e0 kho\u1ea3n \u0111\u1ea7u t\u01b0 1 l\u1ea7n nh\u01b0ng d\u00f9ng tr\u1ecdn \u0111\u1eddi?<\/h2>\n<p>N\u1ebfu nh\u01b0 tr\u01b0\u1edbc \u0111\u00e2y, c\u00e1c h\u1ed9 gia \u0111\u00ecnh Vi\u1ec7t c\u00f3 th\u00f3i quen s\u1eed d\u1ee5ng b\u1ec3 ph\u1ed1t b\u00ea t\u00f4ng \u0111\u1ec3 ch\u1ee9a v\u00e0 x\u1eed l\u00fd ch\u1ea5 th\u1ea3i. Tuy nhi\u00ean, lo\u1ea1i b\u1ec3 ph\u1ed1t truy\u1ec1n th\u1ed1ng n\u00e0y t\u1ed3n \u0111\u1ecdng r\u1ea5t nhi\u1ec1u h\u1ea1n ch\u1ebf nh\u01b0:<\/p>\n<ul>\n<li>Gi\u00e1 th\u00e0nh cao<\/li>\n<li>Tu\u1ed5i th\u1ecd th\u1ea5p<\/li>\n<li>T\u1ed1n di\u1ec7n t\u00edch<\/li>\n<li>D\u1ec5 th\u1ea5m n\u1ee9t, r\u00f2 r\u1ec9 n\u01b0\u1edbc th\u1ea3i tr\u01b0\u1edbc c\u00e1c y\u1ebfu t\u1ed1 t\u00e1c \u0111\u1ed9ng t\u1eeb m\u00f4i tr\u01b0\u1eddng nh\u01b0: \u0111\u1ed9ng \u0111\u1ea5t, l\u00fan n\u1ec1n, \u1ea3nh h\u01b0\u1edfng r\u1ec5 c\u00e2y \u0103n s\u00e2u,&#8230; \u0110i\u1ec1u n\u00e0y khi\u1ebfn n\u01b0\u1edbc th\u1ea3i t\u1eeb b\u1ed3n t\u1ef1 ho\u1ea1i c\u00f3 th\u1ec3 ng\u1ea5m qua th\u00e0nh b\u00ea t\u00f4ng, ng\u1ea5m v\u00e0o c\u00e1c m\u1ea1ch n\u01b0\u1edbc ng\u1ea7m v\u00e0 \u1ea3nh h\u01b0\u1edfng t\u1edbi ch\u1ea5t l\u01b0\u1ee3ng n\u01b0\u1edbc sinh ho\u1ea1t c\u1ee7a c\u1ea3 gia \u0111\u00ecnh<\/li>\n<li>Kh\u00f4ng t\u00e1i s\u1eed d\u1ee5ng \u0111\u01b0\u1ee3c<\/li>\n<\/ul>\n<p>V\u1edbi thi\u1ebft k\u1ebf h\u00ecnh Oval, v\u1eadn h\u00e0nh 100% thu\u1ef7 l\u1ef1c, dung t\u00edch l\u1edbn v\u00e0 s\u1eed d\u1ee5ng x\u1eed l\u00fd n\u01b0\u1edbc th\u1ea3i b\u1eb1ng c\u00f4ng ngh\u1ec7 k\u1ef5 kh\u00ed, b\u1ed3n t\u1ef1 ho\u1ea1i \u0110\u1ea1i Th\u00e0nh ngang 2200L tr\u1edf th\u00e0nh l\u1ef1a ch\u1ecdn h\u00e0ng \u0111\u1ea7u gi\u00fap gi\u1ea3i quy\u1ebft to\u00e0n b\u1ed9 nh\u1eefng h\u1ea1n ch\u1ebf c\u1ee7a b\u1ec3 ph\u1ed1t truy\u1ec1n th\u1ed1ng. Ngo\u00e0i ra, v\u1edbi nh\u1eefng gia \u0111\u00ecnh s\u1ed1ng \u1edf khu v\u1ef1c th\u00e0nh ph\u1ed1, khu v\u1ef1c n\u1ed9i \u0111\u00f4 &#8220;\u0111\u1ea5t ch\u1eadt ng\u01b0\u1eddi \u0111\u00f4ng&#8221;, vi\u1ec7c x\u00e2y d\u1ef1ng b\u1ec3 ph\u1ed1t s\u1ebd khi\u1ebfn chi ph\u00ed x\u00e2y d\u1ef1ng, chi ph\u00ed v\u1eadn h\u00e0nh &#8220;\u0111\u1ed9i&#8221; l\u00ean g\u1ea5p nhi\u1ec1u l\u1ea7n.<\/p>\n<h2>C\u00e1c \u01b0u \u0111i\u1ec3m \u01b0u vi\u1ec7t c\u1ee7a b\u1ed3n t\u1ef1 ho\u1ea1i \u0110\u1ea1i Th\u00e0nh 2200L ngang<\/h2>\n<h3>S\u1ea3n xu\u1ea5t t\u1eeb 100% nh\u1ef1a nguy\u00ean sinh, k\u1ebft c\u1ea5u 2 l\u1edbp b\u1ec1n b\u1ec9<\/h3>\n<p>B\u1ed3n t\u1ef1 ho\u1ea1i \u0110\u1ea1i Th\u00e0nh 2200L ngang \u0111\u01b0\u1ee3c ch\u1ebf t\u1ea1o t\u1eeb 100% h\u1ea1t nh\u1ef1a nguy\u00ean sinh LLDPE si\u00eau b\u1ec1n, c\u00f3 kh\u1ea3 n\u0103ng ch\u1ecbu \u00e1p l\u1ef1c cao, kh\u00f3 th\u1ea5m n\u1ee9t v\u00e0 r\u1ecf r\u1ec9 n\u01b0\u1edbc. K\u1ebft h\u1ee3p c\u00f9ng k\u1ebft c\u1ea5u 2 l\u1edbp si\u00eau b\u1ec1n gi\u00fap b\u1ed3n t\u1ef1 ho\u1ea1i \u0110\u1ea1i Th\u00e0nh 2200L ngang tr\u1edf th\u00e0nh thi\u1ebft b\u1ecb c\u1ea7n c\u00f3 trong m\u1ed7i gia \u0111\u00ecnh.<\/p>\n<h3>V\u1eadn h\u00e0nh b\u1eb1ng thu\u1ef7 l\u1ef1c 100%<\/h3>\n<p>S\u1ebd th\u1eadt thi\u1ebfu s\u00f3t khi kh\u00f4ng nh\u1eafc t\u1edbi \u0111\u1eb7c t\u00ednh v\u1eadn h\u00e0nh b\u1eb1ng thu\u1ef7 l\u1ef1c 100% c\u1ee7a b\u1ed3n t\u1ef1 ho\u1ea1i \u0110\u1ea1i Th\u00e0nh 2200L ngang. V\u1eadn h\u00e0nh b\u1eb1ng thu\u1ef7 l\u1ef1c l\u00e0 ph\u01b0\u01a1ng th\u1ee9c ho\u1ea1t \u0111\u1ed9ng d\u1ef1a tr\u00ean ch\u00eanh l\u1ec7ch m\u1ee9c n\u01b0\u1edbc &#8211; \u00e1p l\u1ef1c d\u00f2ng ch\u1ea3y t\u1ef1 nhi\u00ean c\u1ee7a n\u01b0\u1edbc th\u1ea3i \u0111i v\u00e0o v\u00e0 n\u01b0\u1edbc th\u1ea3i \u0111i ra. V\u1edbi ph\u01b0\u01a1ng th\u1ee9c v\u1eadn h\u00e0nh nh\u01b0 v\u1eady, ng\u01b0\u1eddi d\u00f9ng s\u1ebd kh\u00f4ng c\u1ea7n s\u1eed d\u1ee5ng m\u00e1y m\u00f3c \u0111\u1ec3 khu\u1ea5y tr\u1ed9n ho\u1eb7c t\u1ea1o d\u00f2ng n\u01b0\u1edbc. Nh\u1edd v\u1eady, ng\u01b0\u1eddi d\u00f9ng s\u1ebd kh\u00f4ng c\u1ea7n ph\u1ee5 thu\u1ed9c v\u00e0o thi\u1ebft b\u1ecb \u0111i\u1ec7n, ti\u1ebft ki\u1ec7m \u0111\u01b0\u1ee3c chi ph\u00ed v\u1eadn h\u00e0nh h\u00e0ng th\u00e1ng. Ngo\u00e0i ra, ph\u01b0\u01a1ng th\u1ee9c v\u1eadn h\u00e0nh n\u00e0y c\u0169ng gi\u00fap n\u01b0\u1edbc th\u1ea3i v\u1eadn h\u00e0nh li\u00ean t\u1ee5c h\u1eb1ng ng\u00e0y, \u1ed5n \u0111\u1ecbnh v\u00e0 b\u1ec1n b\u1ec9, \u00edt x\u1ea3y ra t\u00ecnh tr\u1ea1ng t\u1eafc ngh\u1ebdn.<\/p>\n<h3>X\u1eed l\u00fd ch\u1ea5t th\u1ea3i b\u1eb1ng c\u00f4ng ngh\u1ec7 k\u1ef5 kh\u00ed<\/h3>\n<p>M\u1ed9t \u0111\u1eb7c t\u00ednh n\u1ed5i b\u1eadt kh\u00e1c c\u1ee7a b\u1ed3n t\u1ef1 ho\u1ea1i \u0110\u1ea1i Th\u00e0nh l\u00e0 \u00e1p d\u1ee5ng c\u00f4ng ngh\u1ec7 k\u1ef5 kh\u00ed v\u00e0o qu\u00e1 tr\u00ecnh x\u1eed l\u00fd ch\u1ea5t th\u1ea3i \u0111\u1ec3 ph\u00e2n hu\u1ef7 ch\u1ea5t h\u1eefu c\u01a1. V\u1edbi c\u00f4ng ngh\u1ec7 n\u00e0y, m\u1ed9t ph\u1ea7n ch\u1ea5t th\u1ea3i h\u1eefu c\u01a1 s\u1ebd bi\u1ebfn \u0111\u1ed5i th\u00e0nh d\u1ea1ng \u0111\u01a1n gi\u1ea3n h\u01a1n nh\u01b0 b\u00f9n c\u1eb7n, kh\u00ed th\u00f4ng qua h\u1ec7 vi sinh v\u1eadt k\u1ef5 kh\u00ed. Nh\u1edd v\u1eady, gi\u00fap n\u00e2ng cao hi\u1ec7u qu\u1ea3 t\u1ef1 ph\u00e2n hu\u1ef7 ch\u1ea5t th\u1ea3i, h\u1ea1n ch\u1ebf t\u1ed1i \u0111a t\u00ecnh tr\u1ea1ng \u00f4 nhi\u1ec5m, g\u00f3p pp\u1ea7n b\u1ea3o v\u1ec7 m\u00f4i tr\u01b0\u1eddng hi\u1ec7u qu\u1ea3.<\/p>\n<h3>M\u1ed9t s\u1ed1 l\u01b0u \u00fd khi s\u1eed d\u1ee5ng b\u1ed3n nh\u1ef1a t\u1ef1 ho\u1ea1i \u0110\u1ea1i Th\u00e0nh 2200L ngang<\/h3>\n<p>\u0110\u1ec3 \u0111\u1ea3m b\u1ea3o hi\u1ec7u qu\u1ea3 s\u1eed d\u1ee5ng, h\u1ea1n ch\u1ebf t\u00ecnh tr\u1ea1ng tr\u00e0o ng\u01b0\u1ee3c m\u00f9i h\u00f4i, ng\u0103n ng\u1eeba r\u00f2 r\u1ec9 n\u01b0\u1edbc th\u1ea3i c\u0169ng nh\u01b0 n\u00e2ng cao tu\u1ed5i th\u1ecd b\u1ed3n, ng\u01b0\u1eddi d\u00f9ng c\u1ea7n tu\u00e2n th\u1ee7\u00a0khuy\u1ebfn c\u00e1o sau:<\/p>\n<ul>\n<li>B\u1ed3n s\u1ea3n xu\u1ea5t v\u1edbi m\u1ee5c \u0111\u00edch s\u1eed d\u1ee5ng ch\u1ee9a &amp; x\u1eed l\u00fd ch\u1ea5t th\u1ea3i t\u1eeb nh\u00e0 ti\u00eau c\u1ee7a c\u00e1c h\u1ed9 gia \u0111\u00ecnh ho\u1eb7c khu sinh ho\u1ea1t t\u1eadp th\u1ec3 (khu vui ch\u01a1i, chung c\u01b0, c\u00f4ng s\u1edf\u2026.).<\/li>\n<li>Kh\u00f4ng x\u1ea3 r\u00e1c kh\u00f3 tr\u00f4i nh\u01b0: l\u00f5i gi\u1ea5y v\u1ec7 sinh, b\u0103ng v\u1ec7 sinh, gi\u1ea5y vi\u1ebft,&#8230; v\u00e0o b\u1ed3n c\u1ea7u.<\/li>\n<li>H\u1ea1n ch\u1ebf s\u1eed d\u1ee5ng ho\u00e1 ch\u1ea5t m\u1ea1nh, t\u1ea9y r\u1eeda li\u00ean t\u1ee5c.<\/li>\n<li>Ki\u1ec3m tra v\u00e0 v\u1ec7 sinh \u1ed1ng tho\u00e1t kh\u00ed \u0111\u1ecbnh k\u1ef3. Lu\u00f4n \u0111\u1ea3m b\u1ea3o \u00f4ng tho\u00e1t kh\u00ed cao h\u01a1n m\u1eb7t \u0111\u1ea5t v\u00e0 kh\u00f4ng b\u1ecb ng\u1eadp.<\/li>\n<li>L\u1eafp \u0111\u1eb7t \u0111\u00fang k\u1ef9 thu\u1eadt.<\/li>\n<\/ul>\n<h2>L\u00fd do t\u1ea1i sao n\u00ean mua b\u1ed3n nh\u1ef1a \u0110\u1ea1i Th\u00e0nh 2200L ngang tr\u00ean website <a href=\"http:\/\/shop.tanadaithanh.vn\"><span style=\"color: #0000ff;\">shop.tanadaithanh.vn<\/span><\/a>?<\/h2>\n<p><a href=\"https:\/\/shop.tanadaithanh.vn\/\"><span style=\"font-weight: 400;\"><span style=\"color: #0000ff;\">Shop.tanadaithanh.vn<\/span><\/span><\/a><span style=\"font-weight: 400;\"> t\u1ef1 h\u00e0o l\u00e0 website b\u00e1n h\u00e0ng ch\u00ednh th\u1ee9c c\u1ee7a T\u1eadp \u0111o\u00e0n T\u00e2n \u00c1 \u0110\u1ea1i Th\u00e0nh \u2013 \u0110\u01a1n v\u1ecb s\u1ea3n xu\u1ea5t b\u1ed3n nh\u1ef1a t\u1ef1 ho\u1ea1i \u0110\u1ea1i Th\u00e0nh. Mua h\u00e0ng t\u1ea1i website <\/span><a href=\"https:\/\/shop.tanadaithanh.vn\/\"><span style=\"font-weight: 400;\">shop.tanadaithanh.vn<\/span><\/a><span style=\"font-weight: 400;\">, ch\u00fang t\u00f4i cam k\u1ebft:<\/span><\/p>\n<ul>\n<li style=\"font-weight: 400;\" aria-level=\"1\"><span style=\"font-weight: 400;\">S\u1ea3n ph\u1ea9m 100% ch\u00ednh h\u00e3ng, c\u00f3 gi\u1ea5y t\u1edd ch\u1ee9ng th\u1ef1c \u0111\u1ea7y \u0111\u1ee7<\/span><\/li>\n<li style=\"font-weight: 400;\" aria-level=\"1\"><span style=\"font-weight: 400;\">M\u1ee9c gi\u00e1 t\u1ed1t nh\u1ea5t th\u1ecb tr\u01b0\u1eddng c\u00f9ng ch\u1ebf \u0111\u1ed9 h\u1eadu m\u00e3i d\u00e0i h\u1ea1n \u0111\u1ea3m b\u1ea3o quy\u1ec1n l\u1ee3i ng\u01b0\u1eddi ti\u00eau d\u00f9ng<\/span><\/li>\n<li style=\"font-weight: 400;\" aria-level=\"1\"><span style=\"font-weight: 400;\">\u0110\u1ed9i ng\u0169 t\u01b0 v\u1ea5n nhi\u1ec7t t\u00ecnh, t\u1eadn t\u00e2m, s\u1eb5n s\u00e0ng h\u1ed7 tr\u1ee3 24\/7<\/span><\/li>\n<li style=\"font-weight: 400;\" aria-level=\"1\"><span style=\"font-weight: 400;\">Mi\u1ec5n ph\u00ed v\u1eadn chuy\u1ec3n to\u00e0n qu\u1ed1c<\/span><\/li>\n<li style=\"font-weight: 400;\" aria-level=\"1\"><span style=\"font-weight: 400;\">H\u00ecnh th\u1ee9c thanh to\u00e1n \u0111a d\u1ea1ng v\u1edbi nhi\u1ec1u ph\u01b0\u01a1ng th\u1ee9c thanh to\u00e1n g\u1ed3m chuy\u1ec3n kho\u1ea3n, COD ho\u1eb7c tr\u1ea3 g\u00f3p v\u1edbi ch\u00ednh s\u00e1ch h\u1ed7 tr\u1ee3 0% l\u00e3i su\u1ea5t (d\u00e0nh cho \u0111\u01a1n h\u00e0ng t\u1eeb 3 tri\u1ec7u \u0111\u1ed3ng tr\u1edf l\u00ean)<\/span><\/li>\n<\/ul>\n<p><span style=\"font-weight: 400;\">\u0110\u1ec3 \u0111\u01b0\u1ee3c t\u01b0 v\u1ea5n k\u1ef9 h\u01a1n v\u1ec1 s\u1ea3n ph\u1ea9m v\u00e0 nh\u1eadn c\u00e1c \u01b0u \u0111\u00e3i \u0111ang \u00e1p d\u1ee5ng, b\u1ea1n c\u00f3 th\u1ec3 li\u00ean h\u1ec7 hotline <\/span><span style=\"font-weight: 400;\">0<\/span><b>986 86 86 85 \u2013 0928 19 55 75<\/b><span style=\"font-weight: 400;\">.<\/span><\/p>\n<p>&nbsp;<\/p>\n","protected":false},"excerpt":{"rendered":"<p>&#8211; V\u1eadn h\u00e0nh thu\u1ef7 l\u1ef1c 24\/24<br \/>\n&#8211; Ch\u1ecbu \u0111\u01b0\u1ee3c \u00e1p l\u1ef1c cao trong m\u1ecdi \u0111i\u1ec1u ki\u1ec7n<br \/>\n&#8211; \u0110\u1ed9 b\u1ec1n s\u1ea3n ph\u1ea9m l\u00ean \u0111\u1ebfn 50 n\u0103m<br \/>\n&#8211; \u0110\u1ea3m b\u1ea3o v\u1ec7 sinh m\u00f4i tr\u01b0\u1eddng &#8211; QCVN 02:2011\/BYT<br \/>\n&#8211; D\u1ec5 d\u00e0ng l\u1eafp \u0111\u1eb7t v\u00e0 b\u1ea3o tr\u00ec<br \/>\n&#8211; N\u01b0\u1edbc th\u1ea3i \u0111\u1ea1t chu\u1ea9n B &#8211; QCVN 14:2008\/BTNMT<\/p>\n","protected":false},"featured_media":28763,"comment_status":"open","ping_status":"closed","template":"","meta":[],"region":[260],"product_brand":[],"product_cat":[190],"product_tag":[],"class_list":{"0":"post-22057","1":"product","2":"type-product","3":"status-publish","4":"has-post-thumbnail","6":"region-mien-nam","7":"product_cat-bon-tu-hoai","8":"pa_he-thong-qlcl-iso-90012015","9":"pa_kich-thuoc-dai-x-rong-x-cao-2300-x-1200-x-1200mm","10":"pa_quy-chuan-ap-dung-bs-en-12566-1-2016","11":"pa_tieu-chuan-san-xuat-tccs-032019-tahy","13":"first","14":"instock","15":"product-type-simple"},"yoast_head":"<!-- This site is optimized with the Yoast SEO plugin v24.6 - https:\/\/yoast.com\/wordpress\/plugins\/seo\/ -->\n<title>B\u1ed3n nh\u1ef1a t\u1ef1 ho\u1ea1i \u0110\u1ea1i Th\u00e0nh Ngang 2200N - T\u00e2n \u00c1 \u0110\u1ea1i Th\u00e0nh eShop<\/title>\n<meta name=\"robots\" content=\"index, follow, max-snippet:-1, max-image-preview:large, max-video-preview:-1\" \/>\n<link rel=\"canonical\" href=\"https:\/\/shop.tanadaithanh.vn\/en\/san-pham\/bon-nhua-tu-hoai-dai-thanh-ngang-2200l-2\/\" \/>\n<meta property=\"og:locale\" content=\"en_US\" \/>\n<meta property=\"og:type\" content=\"article\" \/>\n<meta property=\"og:title\" content=\"B\u1ed3n nh\u1ef1a t\u1ef1 ho\u1ea1i \u0110\u1ea1i Th\u00e0nh Ngang 2200N - T\u00e2n \u00c1 \u0110\u1ea1i Th\u00e0nh eShop\" \/>\n<meta property=\"og:description\" content=\"- V\u1eadn h\u00e0nh thu\u1ef7 l\u1ef1c 24\/24 - Ch\u1ecbu \u0111\u01b0\u1ee3c \u00e1p l\u1ef1c cao trong m\u1ecdi \u0111i\u1ec1u ki\u1ec7n - \u0110\u1ed9 b\u1ec1n s\u1ea3n ph\u1ea9m l\u00ean \u0111\u1ebfn 50 n\u0103m - \u0110\u1ea3m b\u1ea3o v\u1ec7 sinh m\u00f4i tr\u01b0\u1eddng - QCVN 02:2011\/BYT - D\u1ec5 d\u00e0ng l\u1eafp \u0111\u1eb7t v\u00e0 b\u1ea3o tr\u00ec - N\u01b0\u1edbc th\u1ea3i \u0111\u1ea1t chu\u1ea9n B - QCVN 14:2008\/BTNMT\" \/>\n<meta property=\"og:url\" content=\"https:\/\/shop.tanadaithanh.vn\/en\/san-pham\/bon-nhua-tu-hoai-dai-thanh-ngang-2200l-2\/\" \/>\n<meta property=\"og:site_name\" content=\"T\u00e2n \u00c1 \u0110\u1ea1i Th\u00e0nh eShop\" \/>\n<meta property=\"article:publisher\" content=\"https:\/\/www.facebook.com\/profile.php?id=61567171139919\" \/>\n<meta property=\"article:modified_time\" content=\"2026-04-06T05:06:14+00:00\" \/>\n<meta property=\"og:image\" content=\"https:\/\/shop.tanadaithanh.vn\/wp-content\/uploads\/2025\/08\/70-NAM.jpg\" \/>\n\t<meta property=\"og:image:width\" content=\"1200\" \/>\n\t<meta property=\"og:image:height\" content=\"1200\" \/>\n\t<meta property=\"og:image:type\" content=\"image\/jpeg\" \/>\n<meta name=\"twitter:card\" content=\"summary_large_image\" \/>\n<meta name=\"twitter:label1\" content=\"Est. reading time\" \/>\n\t<meta name=\"twitter:data1\" content=\"6 minutes\" \/>\n<script type=\"application\/ld+json\" class=\"yoast-schema-graph\">{\"@context\":\"https:\/\/schema.org\",\"@graph\":[{\"@type\":\"WebPage\",\"@id\":\"https:\/\/shop.tanadaithanh.vn\/en\/san-pham\/bon-nhua-tu-hoai-dai-thanh-ngang-2200l-2\/\",\"url\":\"https:\/\/shop.tanadaithanh.vn\/en\/san-pham\/bon-nhua-tu-hoai-dai-thanh-ngang-2200l-2\/\",\"name\":\"B\u1ed3n nh\u1ef1a t\u1ef1 ho\u1ea1i \u0110\u1ea1i Th\u00e0nh Ngang 2200N - T\u00e2n \u00c1 \u0110\u1ea1i Th\u00e0nh eShop\",\"isPartOf\":{\"@id\":\"https:\/\/shop.tanadaithanh.vn\/en\/#website\"},\"primaryImageOfPage\":{\"@id\":\"https:\/\/shop.tanadaithanh.vn\/en\/san-pham\/bon-nhua-tu-hoai-dai-thanh-ngang-2200l-2\/#primaryimage\"},\"image\":{\"@id\":\"https:\/\/shop.tanadaithanh.vn\/en\/san-pham\/bon-nhua-tu-hoai-dai-thanh-ngang-2200l-2\/#primaryimage\"},\"thumbnailUrl\":\"https:\/\/shop.tanadaithanh.vn\/wp-content\/uploads\/2025\/08\/70-NAM.jpg\",\"datePublished\":\"2025-05-16T08:20:33+00:00\",\"dateModified\":\"2026-04-06T05:06:14+00:00\",\"breadcrumb\":{\"@id\":\"https:\/\/shop.tanadaithanh.vn\/en\/san-pham\/bon-nhua-tu-hoai-dai-thanh-ngang-2200l-2\/#breadcrumb\"},\"inLanguage\":\"en-US\",\"potentialAction\":[{\"@type\":\"ReadAction\",\"target\":[\"https:\/\/shop.tanadaithanh.vn\/en\/san-pham\/bon-nhua-tu-hoai-dai-thanh-ngang-2200l-2\/\"]}]},{\"@type\":\"ImageObject\",\"inLanguage\":\"en-US\",\"@id\":\"https:\/\/shop.tanadaithanh.vn\/en\/san-pham\/bon-nhua-tu-hoai-dai-thanh-ngang-2200l-2\/#primaryimage\",\"url\":\"https:\/\/shop.tanadaithanh.vn\/wp-content\/uploads\/2025\/08\/70-NAM.jpg\",\"contentUrl\":\"https:\/\/shop.tanadaithanh.vn\/wp-content\/uploads\/2025\/08\/70-NAM.jpg\",\"width\":1200,\"height\":1200},{\"@type\":\"BreadcrumbList\",\"@id\":\"https:\/\/shop.tanadaithanh.vn\/en\/san-pham\/bon-nhua-tu-hoai-dai-thanh-ngang-2200l-2\/#breadcrumb\",\"itemListElement\":[{\"@type\":\"ListItem\",\"position\":1,\"name\":\"Trang ch\u1ee7\",\"item\":\"https:\/\/shop.tanadaithanh.vn\/en\/\"},{\"@type\":\"ListItem\",\"position\":2,\"name\":\"Shop\",\"item\":\"https:\/\/shop.tanadaithanh.vn\/cua-hang\/\"},{\"@type\":\"ListItem\",\"position\":3,\"name\":\"B\u1ed3n nh\u1ef1a t\u1ef1 ho\u1ea1i \u0110\u1ea1i Th\u00e0nh Ngang 2200N\"}]},{\"@type\":\"WebSite\",\"@id\":\"https:\/\/shop.tanadaithanh.vn\/en\/#website\",\"url\":\"https:\/\/shop.tanadaithanh.vn\/en\/\",\"name\":\"T\u00e2n \u00c1 \u0110\u1ea1i Th\u00e0nh eShop - Trang website b\u00e1n h\u00e0ng ch\u00ednh th\u1ee9c T\u1eadp \u0111o\u00e0n T\u00e2n \u00c1 \u0110\u1ea1i Th\u00e0nh\",\"description\":\"Website b\u00e1n h\u00e0ng tr\u1ef1c tuy\u1ebfn v\u1eadn h\u00e0nh b\u1edfi ch\u00ednh T\u00e2n \u00c1 \u0110\u1ea1i Th\u00e0nh\",\"publisher\":{\"@id\":\"https:\/\/shop.tanadaithanh.vn\/en\/#organization\"},\"potentialAction\":[{\"@type\":\"SearchAction\",\"target\":{\"@type\":\"EntryPoint\",\"urlTemplate\":\"https:\/\/shop.tanadaithanh.vn\/en\/?s={search_term_string}\"},\"query-input\":{\"@type\":\"PropertyValueSpecification\",\"valueRequired\":true,\"valueName\":\"search_term_string\"}}],\"inLanguage\":\"en-US\"},{\"@type\":\"Organization\",\"@id\":\"https:\/\/shop.tanadaithanh.vn\/en\/#organization\",\"name\":\"T\u00e2n \u00c1 \u0110\u1ea1i Th\u00e0nh eShop - Trang website b\u00e1n h\u00e0ng ch\u00ednh th\u1ee9c T\u1eadp \u0111o\u00e0n T\u00e2n \u00c1 \u0110\u1ea1i Th\u00e0nh\",\"url\":\"https:\/\/shop.tanadaithanh.vn\/en\/\",\"logo\":{\"@type\":\"ImageObject\",\"inLanguage\":\"en-US\",\"@id\":\"https:\/\/shop.tanadaithanh.vn\/en\/#\/schema\/logo\/image\/\",\"url\":\"https:\/\/shop.tanadaithanh.vn\/wp-content\/uploads\/2025\/06\/Logo-2.png\",\"contentUrl\":\"https:\/\/shop.tanadaithanh.vn\/wp-content\/uploads\/2025\/06\/Logo-2.png\",\"width\":2000,\"height\":2000,\"caption\":\"T\u00e2n \u00c1 \u0110\u1ea1i Th\u00e0nh eShop - Trang website b\u00e1n h\u00e0ng ch\u00ednh th\u1ee9c T\u1eadp \u0111o\u00e0n T\u00e2n \u00c1 \u0110\u1ea1i Th\u00e0nh\"},\"image\":{\"@id\":\"https:\/\/shop.tanadaithanh.vn\/en\/#\/schema\/logo\/image\/\"},\"sameAs\":[\"https:\/\/www.facebook.com\/profile.php?id=61567171139919\",\"https:\/\/zalo.me\/3915163699004948284\"]}]}<\/script>\n<!-- \/ Yoast SEO plugin. -->","yoast_head_json":{"title":"B\u1ed3n nh\u1ef1a t\u1ef1 ho\u1ea1i \u0110\u1ea1i Th\u00e0nh Ngang 2200N - T\u00e2n \u00c1 \u0110\u1ea1i Th\u00e0nh eShop","robots":{"index":"index","follow":"follow","max-snippet":"max-snippet:-1","max-image-preview":"max-image-preview:large","max-video-preview":"max-video-preview:-1"},"canonical":"https:\/\/shop.tanadaithanh.vn\/en\/san-pham\/bon-nhua-tu-hoai-dai-thanh-ngang-2200l-2\/","og_locale":"en_US","og_type":"article","og_title":"B\u1ed3n nh\u1ef1a t\u1ef1 ho\u1ea1i \u0110\u1ea1i Th\u00e0nh Ngang 2200N - T\u00e2n \u00c1 \u0110\u1ea1i Th\u00e0nh eShop","og_description":"- V\u1eadn h\u00e0nh thu\u1ef7 l\u1ef1c 24\/24 - Ch\u1ecbu \u0111\u01b0\u1ee3c \u00e1p l\u1ef1c cao trong m\u1ecdi \u0111i\u1ec1u ki\u1ec7n - \u0110\u1ed9 b\u1ec1n s\u1ea3n ph\u1ea9m l\u00ean \u0111\u1ebfn 50 n\u0103m - \u0110\u1ea3m b\u1ea3o v\u1ec7 sinh m\u00f4i tr\u01b0\u1eddng - QCVN 02:2011\/BYT - D\u1ec5 d\u00e0ng l\u1eafp \u0111\u1eb7t v\u00e0 b\u1ea3o tr\u00ec - N\u01b0\u1edbc th\u1ea3i \u0111\u1ea1t chu\u1ea9n B - QCVN 14:2008\/BTNMT","og_url":"https:\/\/shop.tanadaithanh.vn\/en\/san-pham\/bon-nhua-tu-hoai-dai-thanh-ngang-2200l-2\/","og_site_name":"T\u00e2n \u00c1 \u0110\u1ea1i Th\u00e0nh eShop","article_publisher":"https:\/\/www.facebook.com\/profile.php?id=61567171139919","article_modified_time":"2026-04-06T05:06:14+00:00","og_image":[{"width":1200,"height":1200,"url":"https:\/\/shop.tanadaithanh.vn\/wp-content\/uploads\/2025\/08\/70-NAM.jpg","type":"image\/jpeg"}],"twitter_card":"summary_large_image","twitter_misc":{"Est. reading time":"6 minutes"},"schema":{"@context":"https:\/\/schema.org","@graph":[{"@type":"WebPage","@id":"https:\/\/shop.tanadaithanh.vn\/en\/san-pham\/bon-nhua-tu-hoai-dai-thanh-ngang-2200l-2\/","url":"https:\/\/shop.tanadaithanh.vn\/en\/san-pham\/bon-nhua-tu-hoai-dai-thanh-ngang-2200l-2\/","name":"B\u1ed3n nh\u1ef1a t\u1ef1 ho\u1ea1i \u0110\u1ea1i Th\u00e0nh Ngang 2200N - T\u00e2n \u00c1 \u0110\u1ea1i Th\u00e0nh eShop","isPartOf":{"@id":"https:\/\/shop.tanadaithanh.vn\/en\/#website"},"primaryImageOfPage":{"@id":"https:\/\/shop.tanadaithanh.vn\/en\/san-pham\/bon-nhua-tu-hoai-dai-thanh-ngang-2200l-2\/#primaryimage"},"image":{"@id":"https:\/\/shop.tanadaithanh.vn\/en\/san-pham\/bon-nhua-tu-hoai-dai-thanh-ngang-2200l-2\/#primaryimage"},"thumbnailUrl":"https:\/\/shop.tanadaithanh.vn\/wp-content\/uploads\/2025\/08\/70-NAM.jpg","datePublished":"2025-05-16T08:20:33+00:00","dateModified":"2026-04-06T05:06:14+00:00","breadcrumb":{"@id":"https:\/\/shop.tanadaithanh.vn\/en\/san-pham\/bon-nhua-tu-hoai-dai-thanh-ngang-2200l-2\/#breadcrumb"},"inLanguage":"en-US","potentialAction":[{"@type":"ReadAction","target":["https:\/\/shop.tanadaithanh.vn\/en\/san-pham\/bon-nhua-tu-hoai-dai-thanh-ngang-2200l-2\/"]}]},{"@type":"ImageObject","inLanguage":"en-US","@id":"https:\/\/shop.tanadaithanh.vn\/en\/san-pham\/bon-nhua-tu-hoai-dai-thanh-ngang-2200l-2\/#primaryimage","url":"https:\/\/shop.tanadaithanh.vn\/wp-content\/uploads\/2025\/08\/70-NAM.jpg","contentUrl":"https:\/\/shop.tanadaithanh.vn\/wp-content\/uploads\/2025\/08\/70-NAM.jpg","width":1200,"height":1200},{"@type":"BreadcrumbList","@id":"https:\/\/shop.tanadaithanh.vn\/en\/san-pham\/bon-nhua-tu-hoai-dai-thanh-ngang-2200l-2\/#breadcrumb","itemListElement":[{"@type":"ListItem","position":1,"name":"Trang ch\u1ee7","item":"https:\/\/shop.tanadaithanh.vn\/en\/"},{"@type":"ListItem","position":2,"name":"Shop","item":"https:\/\/shop.tanadaithanh.vn\/cua-hang\/"},{"@type":"ListItem","position":3,"name":"B\u1ed3n nh\u1ef1a t\u1ef1 ho\u1ea1i \u0110\u1ea1i Th\u00e0nh Ngang 2200N"}]},{"@type":"WebSite","@id":"https:\/\/shop.tanadaithanh.vn\/en\/#website","url":"https:\/\/shop.tanadaithanh.vn\/en\/","name":"T\u00e2n \u00c1 \u0110\u1ea1i Th\u00e0nh eShop - Trang website b\u00e1n h\u00e0ng ch\u00ednh th\u1ee9c T\u1eadp \u0111o\u00e0n T\u00e2n \u00c1 \u0110\u1ea1i Th\u00e0nh","description":"Website b\u00e1n h\u00e0ng tr\u1ef1c tuy\u1ebfn v\u1eadn h\u00e0nh b\u1edfi ch\u00ednh T\u00e2n \u00c1 \u0110\u1ea1i Th\u00e0nh","publisher":{"@id":"https:\/\/shop.tanadaithanh.vn\/en\/#organization"},"potentialAction":[{"@type":"SearchAction","target":{"@type":"EntryPoint","urlTemplate":"https:\/\/shop.tanadaithanh.vn\/en\/?s={search_term_string}"},"query-input":{"@type":"PropertyValueSpecification","valueRequired":true,"valueName":"search_term_string"}}],"inLanguage":"en-US"},{"@type":"Organization","@id":"https:\/\/shop.tanadaithanh.vn\/en\/#organization","name":"T\u00e2n \u00c1 \u0110\u1ea1i Th\u00e0nh eShop - Trang website b\u00e1n h\u00e0ng ch\u00ednh th\u1ee9c T\u1eadp \u0111o\u00e0n T\u00e2n \u00c1 \u0110\u1ea1i Th\u00e0nh","url":"https:\/\/shop.tanadaithanh.vn\/en\/","logo":{"@type":"ImageObject","inLanguage":"en-US","@id":"https:\/\/shop.tanadaithanh.vn\/en\/#\/schema\/logo\/image\/","url":"https:\/\/shop.tanadaithanh.vn\/wp-content\/uploads\/2025\/06\/Logo-2.png","contentUrl":"https:\/\/shop.tanadaithanh.vn\/wp-content\/uploads\/2025\/06\/Logo-2.png","width":2000,"height":2000,"caption":"T\u00e2n \u00c1 \u0110\u1ea1i Th\u00e0nh eShop - Trang website b\u00e1n h\u00e0ng ch\u00ednh th\u1ee9c T\u1eadp \u0111o\u00e0n T\u00e2n \u00c1 \u0110\u1ea1i Th\u00e0nh"},"image":{"@id":"https:\/\/shop.tanadaithanh.vn\/en\/#\/schema\/logo\/image\/"},"sameAs":["https:\/\/www.facebook.com\/profile.php?id=61567171139919","https:\/\/zalo.me\/3915163699004948284"]}]}},"_links":{"self":[{"href":"https:\/\/shop.tanadaithanh.vn\/en\/wp-json\/wp\/v2\/product\/22057","targetHints":{"allow":["GET"]}}],"collection":[{"href":"https:\/\/shop.tanadaithanh.vn\/en\/wp-json\/wp\/v2\/product"}],"about":[{"href":"https:\/\/shop.tanadaithanh.vn\/en\/wp-json\/wp\/v2\/types\/product"}],"replies":[{"embeddable":true,"href":"https:\/\/shop.tanadaithanh.vn\/en\/wp-json\/wp\/v2\/comments?post=22057"}],"version-history":[{"count":4,"href":"https:\/\/shop.tanadaithanh.vn\/en\/wp-json\/wp\/v2\/product\/22057\/revisions"}],"predecessor-version":[{"id":32387,"href":"https:\/\/shop.tanadaithanh.vn\/en\/wp-json\/wp\/v2\/product\/22057\/revisions\/32387"}],"wp:featuredmedia":[{"embeddable":true,"href":"https:\/\/shop.tanadaithanh.vn\/en\/wp-json\/wp\/v2\/media\/28763"}],"wp:attachment":[{"href":"https:\/\/shop.tanadaithanh.vn\/en\/wp-json\/wp\/v2\/media?parent=22057"}],"wp:term":[{"taxonomy":"region","embeddable":true,"href":"https:\/\/shop.tanadaithanh.vn\/en\/wp-json\/wp\/v2\/region?post=22057"},{"taxonomy":"product_brand","embeddable":true,"href":"https:\/\/shop.tanadaithanh.vn\/en\/wp-json\/wp\/v2\/product_brand?post=22057"},{"taxonomy":"product_cat","embeddable":true,"href":"https:\/\/shop.tanadaithanh.vn\/en\/wp-json\/wp\/v2\/product_cat?post=22057"},{"taxonomy":"product_tag","embeddable":true,"href":"https:\/\/shop.tanadaithanh.vn\/en\/wp-json\/wp\/v2\/product_tag?post=22057"}],"curies":[{"name":"wp","href":"https:\/\/api.w.org\/{rel}","templated":true}]}}