{"id":22056,"date":"2025-05-16T15:20:33","date_gmt":"2025-05-16T08:20:33","guid":{"rendered":"https:\/\/shop.tanadaithanh.vn\/product\/bon-nhua-tu-hoai-dai-thanh-ngang-1700l-2\/"},"modified":"2026-04-06T16:45:36","modified_gmt":"2026-04-06T09:45:36","slug":"bon-nhua-tu-hoai-dai-thanh-ngang-1700l-2","status":"publish","type":"product","link":"https:\/\/shop.tanadaithanh.vn\/en\/san-pham\/bon-nhua-tu-hoai-dai-thanh-ngang-1700l-2\/","title":{"rendered":"B\u1ed3n nh\u1ef1a t\u1ef1 ho\u1ea1i \u0110\u1ea1i Th\u00e0nh Ngang 1700N"},"content":{"rendered":"<p>\u0110\u01b0\u1ee3c \u0111\u00e1nh gi\u00e1 l\u00e0 gi\u1ea3i ph\u00e1p thay th\u1ebf ho\u00e0n h\u1ea3o cho ph\u01b0\u01a1ng ph\u00e1p ch\u1ee9a v\u00e0 x\u1eed l\u00fd ch\u1ea5t th\u1ea3i truy\u1ec1n th\u1ed1ng, b\u1ed3n nh\u1ef1a t\u1ef1a ho\u1ea1i \u0110\u1ea1i Th\u00e0nh 1700l ngang c\u00f3 th\u1ec3 kh\u1eafc ph\u1ee5c to\u00e0n b\u1ed9 nh\u1eefng h\u1ea1n ch\u1ebf nh\u01b0: r\u00f2 r\u1ec9 n\u01b0\u1edbc th\u1ea3i, th\u1ea5m n\u01b0\u1edbc th\u1ea3i, n\u1ee9t v\u1ee1 b\u1ed3n. \u0110\u1ec3 hi\u1ec3u r\u00f5 h\u01a1n v\u1ec1 s\u1ea3n ph\u1ea9m n\u00e0y, h\u00e3y c\u00f9ng kh\u00e1m ph\u00e1 th\u00f4ng s\u1ed1 k\u1ef9 thu\u1eadt, t\u00ednh n\u0103ng n\u1ed5i tr\u1ed9i c\u1ee7a s\u1ea3n ph\u1ea9m n\u00e0y nh\u00e9!<\/p>\n<h2><strong>Th\u00f4ng s\u1ed1 k\u1ef9 thu\u1eadt c\u1ee7a b\u1ed3n t\u1ef1 ho\u1ea1i \u0110\u1ea1i Th\u00e0nh 1700L ngang<\/strong><\/h2>\n<table>\n<tbody>\n<tr>\n<td><b>T\u00ean s\u1ea3n ph\u1ea9m<\/b><\/td>\n<td><span style=\"font-weight: 400;\">B\u1ed3n t\u1ef1 ho\u1ea1i \u0110\u1ea1i Th\u00e0nh 1700L ngang<\/span><\/td>\n<\/tr>\n<tr>\n<td><b>Th\u01b0\u01a1ng hi\u1ec7u<\/b><\/td>\n<td><span style=\"font-weight: 400;\">T\u00e2n \u00c1 \u0110\u1ea1i Th\u00e0nh\u00a0<\/span><\/td>\n<\/tr>\n<tr>\n<td><b>B\u1ea3o h\u00e0nh<\/b><\/td>\n<td><span style=\"font-weight: 400;\">70 n\u0103m<\/span><\/td>\n<\/tr>\n<tr>\n<td><b>Dung t\u00edch<\/b><\/td>\n<td><span style=\"font-weight: 400;\">1700L<\/span><\/td>\n<\/tr>\n<tr>\n<td><b>Ki\u1ec3u d\u00e1ng<\/b><\/td>\n<td><span style=\"font-weight: 400;\">D\u00e1ng ngang<\/span><\/td>\n<\/tr>\n<tr>\n<td><b>K\u00edch th\u01b0\u1edbc (D\u00e0i x R\u1ed9ng x Cao)<\/b><\/td>\n<td><span style=\"font-weight: 400;\">2225 x 1100 x 1080mm<\/span><\/td>\n<\/tr>\n<tr>\n<td><b>\u0110\u01b0\u1eddng k\u00ednh \u1ed1ng th\u00f4ng h\u01a1i<\/b><\/td>\n<td><span style=\"font-weight: 400;\">D34<\/span><\/td>\n<\/tr>\n<\/tbody>\n<\/table>\n<p><em><strong>**L\u01b0u \u00fd: Nh\u00e0 s\u1ea3n xu\u1ea5t c\u00f3 th\u1ec3 thay \u0111\u1ed5i chi ti\u1ebft k\u1ef9 thu\u1eadt s\u1ea3n ph\u1ea9m tr\u00ean th\u1ef1c t\u1ebf do t\u1ed1c \u0111\u1ed9 c\u1ea3i ti\u1ebfn<\/strong><\/em><\/p>\n<h2>\u01afu \u0111i\u1ec3m n\u1ed5i tr\u1ed9i c\u1ee7a b\u1ed3n t\u1ef1 ho\u1ea1i \u0110\u1ea1i Th\u00e0nh 1700L ngang<\/h2>\n<p>B\u1ed3n t\u1ef1 ho\u1ea1i l\u00e0 thi\u1ebft b\u1ecb kh\u00f4ng th\u1ec3 thi\u1ebfu khi x\u00e2y d\u1ef1ng c\u00f4ng tr\u00ecnh ph\u1ee5 c\u1ee7a c\u00e1c gia \u0111\u00ecnh. V\u1eadt d\u1ee5ng n\u00e0y c\u00f3 t\u00e1c d\u1ee5ng gi\u00fap x\u1eed l\u00fd c\u00e1c ch\u1ea5t th\u1ea3i, \u0111\u1ea3m b\u1ea3o ngu\u1ed3n n\u01b0\u1edbc th\u1ea3i khi x\u1ea3 ra m\u00f4i tr\u01b0\u1eddng lu\u00f4n \u0111\u1ea1t chu\u1ea9n. Tuy nhi\u00ean, c\u00e1c h\u1ec7 th\u1ed1ng t\u1ef1 ho\u1ea1i x\u00e2y d\u1ef1ng b\u1eb1ng b\u00ea t\u00f4ng v\u1eeba t\u1ed1n chi ph\u00ed thi c\u00f4ng, v\u1eeba kh\u00f4ng c\u00f3 \u0111\u1ed9 b\u1ec1n l\u00e2u d\u00e0i l\u1ea1i d\u1ec5 x\u1ea3y ra t\u00ecnh tr\u1ea1ng r\u00f2 r\u1ec9 ch\u1ea5t th\u1ea3i, d\u1ec5 tr\u00e0o ng\u01b0\u1ee3c g\u00e2y \u1ea3nh h\u01b0\u1edfng nghi\u00eam tr\u1ecdng t\u1edbi ch\u1ea5t l\u01b0\u1ee3ng ngu\u1ed3n n\u01b0\u1edbc.<\/p>\n<p>Tr\u01b0\u1edbc th\u1ef1c tr\u1ea1ng \u0111\u00f3, b\u1ed3n t\u1ef1 ho\u1ea1i \u0110\u1ea1i Th\u00e0nh xu\u1ea5t hi\u1ec7n nh\u01b0 m\u1ed9t gi\u1ea3i ph\u00e1p t\u1ed1i \u01b0u, kh\u1eafc ph\u1ee5c to\u00e0n b\u1ed9 nh\u1eefng \u0111i\u1ec3m y\u1ebfu c\u1ee7a c\u00e1c b\u1ec3 t\u1ef1 ho\u1ea1i truy\u1ec1n th\u1ed1ng. V\u1eady b\u1ed3n t\u1ef1 ho\u1ea1i \u0110\u1ea1i Th\u00e0nh 1700L ngang c\u00f3 nh\u1eefng \u01b0u \u0111i\u1ec3m n\u1ed5i b\u1eadt n\u00e0o?<\/p>\n<h3>B\u1ec1n b\u1ec9 v\u01b0\u1ee3t tr\u1ed9i c\u00f9ng v\u1edbi th\u1eddi gian<\/h3>\n<p>M\u1ed9t trong nh\u1eefng \u01b0u \u0111i\u1ec3m n\u1ed5i b\u1eadt c\u1ee7a b\u1ed3n t\u1ef1 ho\u1ea1i \u0110\u1ea1i Th\u00e0nh 1700L ngang ch\u00ednh l\u00e0 c\u00f3 \u0111\u1ed9 b\u1ec1n v\u01b0\u1ee3t tr\u1ed9i. Theo \u0111\u00f3, s\u1ea3n ph\u1ea9m n\u00e0y \u0111\u01b0\u1ee3c l\u00e0m t\u1eeb 100% nh\u1ef1a nguy\u00ean sinh LLDPE n\u00ean c\u00f3 kh\u1ea3 n\u0103ng c\u00e1ch \u0111i\u1ec7n t\u1ed1t; kh\u00e1ng ho\u00e1 ch\u1ea5t, bao g\u1ed3m c\u1ea3 c\u00e1c dung d\u1ecbch ch\u1ee9a acid, bazo; \u0111\u1ed9 c\u1ee9ng ch\u1eafc, b\u1ec1n b\u1ec9 v\u01b0\u1ee3t tr\u1ed9i, th\u00e2n thi\u1ec7n v\u1edbi m\u00f4i tr\u01b0\u1eddng. Nh\u1edd v\u00e0o nh\u1eefng t\u00ednh n\u0103ng \u0111\u1eb7c bi\u1ec7t n\u00e0y n\u00ean b\u1ed3n t\u1ef1 ho\u1ea1i \u0110\u1ea1i Th\u00e0nh 1700L ngang c\u00f3 \u0111\u1ed9 b\u1ec1n cao c\u00f9ng kh\u1ea3 n\u0103ng ch\u1ed1ng th\u1ea5m c\u1ef1c k\u1ef3 t\u1ed1t, gi\u00fap lo\u1ea1i b\u1ecf c\u00e1c nguy c\u01a1 v\u1ec1 r\u00f2 r\u1ec9 ch\u1ea5t th\u1ea3i, th\u1ea5m ng\u01b0\u1ee3c v\u00e0o m\u1ea1ch n\u01b0\u1edbc g\u00e2y nguy h\u1ea1i t\u1edbi s\u1ee9c kho\u1ebb.<\/p>\n<p>B\u00ean c\u1ea1nh \u0111\u00f3, b\u1ed3n t\u1ef1 ho\u1ea1i \u0110\u1ea1i Th\u00e0nh c\u00f3 k\u1ebft c\u1ea5u 2 l\u1edbp si\u00eau v\u1eefng ch\u1eafc. Nh\u1edd v\u1eady, nguy c\u01a1 v\u1ee1 b\u1ed3n, b\u1ee5c b\u1ed3n trong \u0111i\u1ec1u ki\u1ec7n kh\u1eafc nghi\u1ec7t nh\u01b0 \u0111\u1ed9ng \u0111\u1ea5t, r\u1ec5 c\u00e2y \u0103n s\u00e2u,&#8230;, g\u1ea7n nh\u01b0 s\u1ebd b\u1ecb lo\u1ea1i b\u1ecf ho\u00e0n to\u00e0n.<\/p>\n<h3>V\u1eadn h\u00e0nh thu\u1ef7 l\u1ef1c: T\u1ed1i \u01b0u hi\u1ec7u qu\u1ea3 &#8211; Ti\u1ebft ki\u1ec7m chi ph\u00ed<\/h3>\n<p>M\u1ed9t \u0111i\u1ec3m kh\u00e1c bi\u1ec7t c\u1ee7a b\u1ed3n t\u1ef1 ho\u1ea1i \u0110\u1ea1i Th\u00e0nh 1700l d\u00e1ng ngang \u0111\u00f3 l\u00e0 s\u1ea3n ph\u1ea9m \u0111\u01b0\u1ee3c v\u1eadn h\u00e0nh thu\u1ef7 l\u1ef1c 100%. Nh\u1edd v\u1eady, d\u00f2ng n\u01b0\u1edbc th\u1ea3i s\u1ebd lu\u00f4n \u0111\u1ea3m b\u1ea3o \u0111\u01b0\u1ee3c v\u1eadn h\u00e0nh \u1ed5n \u0111\u1ecbnh, kh\u00f4ng ph\u1ee5 thu\u1ed9c v\u00e0o c\u00e1c thi\u1ebft b\u1ecb \u0111i\u1ec7n.<\/p>\n<h2>G\u1ee3i \u00fd \u0111\u1ecba ch\u1ec9 mua b\u1ed3n t\u1ef1 ho\u1ea1i \u0110\u1ea1i Th\u00e0nh 1700L ngang ch\u00ednh h\u00e3ng, gi\u00e1 t\u1ed1t<\/h2>\n<p><span style=\"font-weight: 400;\">N\u1ebfu nh\u01b0 l\u1ef1a ch\u1ecdn b\u1ed3n t\u1ef1 ho\u1ea1i \u0110\u1ea1i Th\u00e0nh 1700L ngang l\u00e0 l\u1ef1a ch\u1ecdn s\u1ef1 chuy\u00ean nghi\u1ec7p, chu\u1ea9n x\u00e1c v\u00e0 uy t\u00edn tr\u01b0\u1eddng t\u1ed3n, th\u00ec l\u1ef1a ch\u1ecdn mua b\u1ed3n t\u1ef1 ho\u1ea1i t\u1ea1i website <span style=\"color: #0000ff;\"><a style=\"color: #0000ff;\" href=\"http:\/\/shop.tanadaithanh.vn\">shop.tanadaithanh.vn<\/a><\/span> ch\u00ednh l\u00e0 quy\u1ebft \u0111\u1ecbnh th\u00f4ng minh v\u00e0 ch\u00ednh x\u00e1c.\u00a0<\/span><\/p>\n<p><span style=\"font-weight: 400;\">Website <\/span><span style=\"color: #0000ff;\"><a style=\"color: #0000ff;\" href=\"http:\/\/shop.tanadaithanh.vn\"><span style=\"font-weight: 400;\">shop.tanadaithanh.vn<\/span><\/a><\/span><span style=\"font-weight: 400;\"> \u0111\u01b0\u1ee3c bi\u1ebft t\u1edbi l\u00e0 trang web b\u00e1n h\u00e0ng ch\u00ednh th\u1ee9c c\u1ee7a T\u1eadp \u0111o\u00e0n T\u00e2n \u00c1 \u0110\u1ea1i Th\u00e0nh &#8211; nh\u00e0 s\u1ea3n xu\u1ea5t b\u1ed3n nh\u1ef1a t\u1ef1 ho\u1ea1i \u0110\u1ea1i Th\u00e0nh. L\u1ef1a ch\u1ecdn mua t\u1ea1i \u0111\u00e2y, kh\u00e1ch h\u00e0ng s\u1ebd \u0111\u01b0\u1ee3c \u0111\u1ea3m b\u1ea3o \u0111\u1ea7y \u0111\u1ee7 c\u00e1c quy\u1ec1n l\u1ee3i v\u1ec1 ch\u1ea5t l\u01b0\u1ee3ng s\u1ea3n ph\u1ea9m c\u0169ng nh\u01b0 \u01b0u \u0111\u00e3i \u0111\u1ed9c quy\u1ec1n.\u00a0<\/span><\/p>\n<p><span style=\"font-weight: 400;\">Li\u00ean h\u1ec7 ngay hotline <\/span><b>0986 86 86 85 \u2013 0928 19 55 75<\/b><span style=\"font-weight: 400;\"> \u0111\u1ec3 \u0111\u01b0\u1ee3c t\u01b0 v\u1ea5n chi ti\u1ebft v\u00e0 nh\u1eadn b\u00e1o gi\u00e1 m\u1edbi nh\u1ea5t c\u1ee7a b\u1ed3n t\u1ef1 ho\u1ea1i \u0110\u1ea1i Th\u00e0nh nh\u00e9!<\/span><\/p>\n","protected":false},"excerpt":{"rendered":"<p>&#8211; V\u1eadn h\u00e0nh thu\u1ef7 l\u1ef1c 24\/24<br \/>\n&#8211; Ch\u1ecbu \u0111\u01b0\u1ee3c \u00e1p l\u1ef1c cao trong m\u1ecdi \u0111i\u1ec1u ki\u1ec7n<br \/>\n&#8211; \u0110\u1ed9 b\u1ec1n s\u1ea3n ph\u1ea9m l\u00ean \u0111\u1ebfn 70 n\u0103m<br \/>\n&#8211; \u0110\u1ea3m b\u1ea3o v\u1ec7 sinh m\u00f4i tr\u01b0\u1eddng &#8211; QCVN 02:2011\/BYT<br \/>\n&#8211; D\u1ec5 d\u00e0ng l\u1eafp \u0111\u1eb7t v\u00e0 b\u1ea3o tr\u00ec<br \/>\n&#8211; N\u01b0\u1edbc th\u1ea3i \u0111\u1ea1t chu\u1ea9n B &#8211; QCVN 14:2008\/BTNMT<\/p>\n","protected":false},"featured_media":28763,"comment_status":"open","ping_status":"closed","template":"","meta":[],"region":[260],"product_brand":[],"product_cat":[190],"product_tag":[],"class_list":{"0":"post-22056","1":"product","2":"type-product","3":"status-publish","4":"has-post-thumbnail","6":"region-mien-nam","7":"product_cat-bon-tu-hoai","8":"pa_he-thong-qlcl-iso-90012015","9":"pa_kich-thuoc-dai-x-rong-x-cao-2225-x-1100-x-1080","10":"pa_quy-chuan-ap-dung-bs-en-12566-1-2016","11":"pa_tieu-chuan-san-xuat-tccs-032019-tahy","13":"first","14":"instock","15":"product-type-simple"},"yoast_head":"<!-- This site is optimized with the Yoast SEO plugin v24.6 - https:\/\/yoast.com\/wordpress\/plugins\/seo\/ -->\n<title>B\u1ed3n nh\u1ef1a t\u1ef1 ho\u1ea1i \u0110\u1ea1i Th\u00e0nh Ngang 1700N - T\u00e2n \u00c1 \u0110\u1ea1i Th\u00e0nh eShop<\/title>\n<meta name=\"robots\" content=\"index, follow, max-snippet:-1, max-image-preview:large, max-video-preview:-1\" \/>\n<link rel=\"canonical\" href=\"https:\/\/shop.tanadaithanh.vn\/en\/san-pham\/bon-nhua-tu-hoai-dai-thanh-ngang-1700l-2\/\" \/>\n<meta property=\"og:locale\" content=\"en_US\" \/>\n<meta property=\"og:type\" content=\"article\" \/>\n<meta property=\"og:title\" content=\"B\u1ed3n nh\u1ef1a t\u1ef1 ho\u1ea1i \u0110\u1ea1i Th\u00e0nh Ngang 1700N - T\u00e2n \u00c1 \u0110\u1ea1i Th\u00e0nh eShop\" \/>\n<meta property=\"og:description\" content=\"- V\u1eadn h\u00e0nh thu\u1ef7 l\u1ef1c 24\/24 - Ch\u1ecbu \u0111\u01b0\u1ee3c \u00e1p l\u1ef1c cao trong m\u1ecdi \u0111i\u1ec1u ki\u1ec7n - \u0110\u1ed9 b\u1ec1n s\u1ea3n ph\u1ea9m l\u00ean \u0111\u1ebfn 70 n\u0103m - \u0110\u1ea3m b\u1ea3o v\u1ec7 sinh m\u00f4i tr\u01b0\u1eddng - QCVN 02:2011\/BYT - D\u1ec5 d\u00e0ng l\u1eafp \u0111\u1eb7t v\u00e0 b\u1ea3o tr\u00ec - N\u01b0\u1edbc th\u1ea3i \u0111\u1ea1t chu\u1ea9n B - QCVN 14:2008\/BTNMT\" \/>\n<meta property=\"og:url\" content=\"https:\/\/shop.tanadaithanh.vn\/en\/san-pham\/bon-nhua-tu-hoai-dai-thanh-ngang-1700l-2\/\" \/>\n<meta property=\"og:site_name\" content=\"T\u00e2n \u00c1 \u0110\u1ea1i Th\u00e0nh eShop\" \/>\n<meta property=\"article:publisher\" content=\"https:\/\/www.facebook.com\/profile.php?id=61567171139919\" \/>\n<meta property=\"article:modified_time\" content=\"2026-04-06T09:45:36+00:00\" \/>\n<meta property=\"og:image\" content=\"https:\/\/shop.tanadaithanh.vn\/wp-content\/uploads\/2025\/08\/70-NAM.jpg\" \/>\n\t<meta property=\"og:image:width\" content=\"1200\" \/>\n\t<meta property=\"og:image:height\" content=\"1200\" \/>\n\t<meta property=\"og:image:type\" content=\"image\/jpeg\" \/>\n<meta name=\"twitter:card\" content=\"summary_large_image\" \/>\n<meta name=\"twitter:label1\" content=\"Est. reading time\" \/>\n\t<meta name=\"twitter:data1\" content=\"4 minutes\" \/>\n<script type=\"application\/ld+json\" class=\"yoast-schema-graph\">{\"@context\":\"https:\/\/schema.org\",\"@graph\":[{\"@type\":\"WebPage\",\"@id\":\"https:\/\/shop.tanadaithanh.vn\/en\/san-pham\/bon-nhua-tu-hoai-dai-thanh-ngang-1700l-2\/\",\"url\":\"https:\/\/shop.tanadaithanh.vn\/en\/san-pham\/bon-nhua-tu-hoai-dai-thanh-ngang-1700l-2\/\",\"name\":\"B\u1ed3n nh\u1ef1a t\u1ef1 ho\u1ea1i \u0110\u1ea1i Th\u00e0nh Ngang 1700N - T\u00e2n \u00c1 \u0110\u1ea1i Th\u00e0nh eShop\",\"isPartOf\":{\"@id\":\"https:\/\/shop.tanadaithanh.vn\/en\/#website\"},\"primaryImageOfPage\":{\"@id\":\"https:\/\/shop.tanadaithanh.vn\/en\/san-pham\/bon-nhua-tu-hoai-dai-thanh-ngang-1700l-2\/#primaryimage\"},\"image\":{\"@id\":\"https:\/\/shop.tanadaithanh.vn\/en\/san-pham\/bon-nhua-tu-hoai-dai-thanh-ngang-1700l-2\/#primaryimage\"},\"thumbnailUrl\":\"https:\/\/shop.tanadaithanh.vn\/wp-content\/uploads\/2025\/08\/70-NAM.jpg\",\"datePublished\":\"2025-05-16T08:20:33+00:00\",\"dateModified\":\"2026-04-06T09:45:36+00:00\",\"breadcrumb\":{\"@id\":\"https:\/\/shop.tanadaithanh.vn\/en\/san-pham\/bon-nhua-tu-hoai-dai-thanh-ngang-1700l-2\/#breadcrumb\"},\"inLanguage\":\"en-US\",\"potentialAction\":[{\"@type\":\"ReadAction\",\"target\":[\"https:\/\/shop.tanadaithanh.vn\/en\/san-pham\/bon-nhua-tu-hoai-dai-thanh-ngang-1700l-2\/\"]}]},{\"@type\":\"ImageObject\",\"inLanguage\":\"en-US\",\"@id\":\"https:\/\/shop.tanadaithanh.vn\/en\/san-pham\/bon-nhua-tu-hoai-dai-thanh-ngang-1700l-2\/#primaryimage\",\"url\":\"https:\/\/shop.tanadaithanh.vn\/wp-content\/uploads\/2025\/08\/70-NAM.jpg\",\"contentUrl\":\"https:\/\/shop.tanadaithanh.vn\/wp-content\/uploads\/2025\/08\/70-NAM.jpg\",\"width\":1200,\"height\":1200},{\"@type\":\"BreadcrumbList\",\"@id\":\"https:\/\/shop.tanadaithanh.vn\/en\/san-pham\/bon-nhua-tu-hoai-dai-thanh-ngang-1700l-2\/#breadcrumb\",\"itemListElement\":[{\"@type\":\"ListItem\",\"position\":1,\"name\":\"Trang ch\u1ee7\",\"item\":\"https:\/\/shop.tanadaithanh.vn\/en\/\"},{\"@type\":\"ListItem\",\"position\":2,\"name\":\"Shop\",\"item\":\"https:\/\/shop.tanadaithanh.vn\/cua-hang\/\"},{\"@type\":\"ListItem\",\"position\":3,\"name\":\"B\u1ed3n nh\u1ef1a t\u1ef1 ho\u1ea1i \u0110\u1ea1i Th\u00e0nh Ngang 1700N\"}]},{\"@type\":\"WebSite\",\"@id\":\"https:\/\/shop.tanadaithanh.vn\/en\/#website\",\"url\":\"https:\/\/shop.tanadaithanh.vn\/en\/\",\"name\":\"T\u00e2n \u00c1 \u0110\u1ea1i Th\u00e0nh eShop - Trang website b\u00e1n h\u00e0ng ch\u00ednh th\u1ee9c T\u1eadp \u0111o\u00e0n T\u00e2n \u00c1 \u0110\u1ea1i Th\u00e0nh\",\"description\":\"Website b\u00e1n h\u00e0ng tr\u1ef1c tuy\u1ebfn v\u1eadn h\u00e0nh b\u1edfi ch\u00ednh T\u00e2n \u00c1 \u0110\u1ea1i Th\u00e0nh\",\"publisher\":{\"@id\":\"https:\/\/shop.tanadaithanh.vn\/en\/#organization\"},\"potentialAction\":[{\"@type\":\"SearchAction\",\"target\":{\"@type\":\"EntryPoint\",\"urlTemplate\":\"https:\/\/shop.tanadaithanh.vn\/en\/?s={search_term_string}\"},\"query-input\":{\"@type\":\"PropertyValueSpecification\",\"valueRequired\":true,\"valueName\":\"search_term_string\"}}],\"inLanguage\":\"en-US\"},{\"@type\":\"Organization\",\"@id\":\"https:\/\/shop.tanadaithanh.vn\/en\/#organization\",\"name\":\"T\u00e2n \u00c1 \u0110\u1ea1i Th\u00e0nh eShop - Trang website b\u00e1n h\u00e0ng ch\u00ednh th\u1ee9c T\u1eadp \u0111o\u00e0n T\u00e2n \u00c1 \u0110\u1ea1i Th\u00e0nh\",\"url\":\"https:\/\/shop.tanadaithanh.vn\/en\/\",\"logo\":{\"@type\":\"ImageObject\",\"inLanguage\":\"en-US\",\"@id\":\"https:\/\/shop.tanadaithanh.vn\/en\/#\/schema\/logo\/image\/\",\"url\":\"https:\/\/shop.tanadaithanh.vn\/wp-content\/uploads\/2025\/06\/Logo-2.png\",\"contentUrl\":\"https:\/\/shop.tanadaithanh.vn\/wp-content\/uploads\/2025\/06\/Logo-2.png\",\"width\":2000,\"height\":2000,\"caption\":\"T\u00e2n \u00c1 \u0110\u1ea1i Th\u00e0nh eShop - Trang website b\u00e1n h\u00e0ng ch\u00ednh th\u1ee9c T\u1eadp \u0111o\u00e0n T\u00e2n \u00c1 \u0110\u1ea1i Th\u00e0nh\"},\"image\":{\"@id\":\"https:\/\/shop.tanadaithanh.vn\/en\/#\/schema\/logo\/image\/\"},\"sameAs\":[\"https:\/\/www.facebook.com\/profile.php?id=61567171139919\",\"https:\/\/zalo.me\/3915163699004948284\"]}]}<\/script>\n<!-- \/ Yoast SEO plugin. -->","yoast_head_json":{"title":"B\u1ed3n nh\u1ef1a t\u1ef1 ho\u1ea1i \u0110\u1ea1i Th\u00e0nh Ngang 1700N - T\u00e2n \u00c1 \u0110\u1ea1i Th\u00e0nh eShop","robots":{"index":"index","follow":"follow","max-snippet":"max-snippet:-1","max-image-preview":"max-image-preview:large","max-video-preview":"max-video-preview:-1"},"canonical":"https:\/\/shop.tanadaithanh.vn\/en\/san-pham\/bon-nhua-tu-hoai-dai-thanh-ngang-1700l-2\/","og_locale":"en_US","og_type":"article","og_title":"B\u1ed3n nh\u1ef1a t\u1ef1 ho\u1ea1i \u0110\u1ea1i Th\u00e0nh Ngang 1700N - T\u00e2n \u00c1 \u0110\u1ea1i Th\u00e0nh eShop","og_description":"- V\u1eadn h\u00e0nh thu\u1ef7 l\u1ef1c 24\/24 - Ch\u1ecbu \u0111\u01b0\u1ee3c \u00e1p l\u1ef1c cao trong m\u1ecdi \u0111i\u1ec1u ki\u1ec7n - \u0110\u1ed9 b\u1ec1n s\u1ea3n ph\u1ea9m l\u00ean \u0111\u1ebfn 70 n\u0103m - \u0110\u1ea3m b\u1ea3o v\u1ec7 sinh m\u00f4i tr\u01b0\u1eddng - QCVN 02:2011\/BYT - D\u1ec5 d\u00e0ng l\u1eafp \u0111\u1eb7t v\u00e0 b\u1ea3o tr\u00ec - N\u01b0\u1edbc th\u1ea3i \u0111\u1ea1t chu\u1ea9n B - QCVN 14:2008\/BTNMT","og_url":"https:\/\/shop.tanadaithanh.vn\/en\/san-pham\/bon-nhua-tu-hoai-dai-thanh-ngang-1700l-2\/","og_site_name":"T\u00e2n \u00c1 \u0110\u1ea1i Th\u00e0nh eShop","article_publisher":"https:\/\/www.facebook.com\/profile.php?id=61567171139919","article_modified_time":"2026-04-06T09:45:36+00:00","og_image":[{"width":1200,"height":1200,"url":"https:\/\/shop.tanadaithanh.vn\/wp-content\/uploads\/2025\/08\/70-NAM.jpg","type":"image\/jpeg"}],"twitter_card":"summary_large_image","twitter_misc":{"Est. reading time":"4 minutes"},"schema":{"@context":"https:\/\/schema.org","@graph":[{"@type":"WebPage","@id":"https:\/\/shop.tanadaithanh.vn\/en\/san-pham\/bon-nhua-tu-hoai-dai-thanh-ngang-1700l-2\/","url":"https:\/\/shop.tanadaithanh.vn\/en\/san-pham\/bon-nhua-tu-hoai-dai-thanh-ngang-1700l-2\/","name":"B\u1ed3n nh\u1ef1a t\u1ef1 ho\u1ea1i \u0110\u1ea1i Th\u00e0nh Ngang 1700N - T\u00e2n \u00c1 \u0110\u1ea1i Th\u00e0nh eShop","isPartOf":{"@id":"https:\/\/shop.tanadaithanh.vn\/en\/#website"},"primaryImageOfPage":{"@id":"https:\/\/shop.tanadaithanh.vn\/en\/san-pham\/bon-nhua-tu-hoai-dai-thanh-ngang-1700l-2\/#primaryimage"},"image":{"@id":"https:\/\/shop.tanadaithanh.vn\/en\/san-pham\/bon-nhua-tu-hoai-dai-thanh-ngang-1700l-2\/#primaryimage"},"thumbnailUrl":"https:\/\/shop.tanadaithanh.vn\/wp-content\/uploads\/2025\/08\/70-NAM.jpg","datePublished":"2025-05-16T08:20:33+00:00","dateModified":"2026-04-06T09:45:36+00:00","breadcrumb":{"@id":"https:\/\/shop.tanadaithanh.vn\/en\/san-pham\/bon-nhua-tu-hoai-dai-thanh-ngang-1700l-2\/#breadcrumb"},"inLanguage":"en-US","potentialAction":[{"@type":"ReadAction","target":["https:\/\/shop.tanadaithanh.vn\/en\/san-pham\/bon-nhua-tu-hoai-dai-thanh-ngang-1700l-2\/"]}]},{"@type":"ImageObject","inLanguage":"en-US","@id":"https:\/\/shop.tanadaithanh.vn\/en\/san-pham\/bon-nhua-tu-hoai-dai-thanh-ngang-1700l-2\/#primaryimage","url":"https:\/\/shop.tanadaithanh.vn\/wp-content\/uploads\/2025\/08\/70-NAM.jpg","contentUrl":"https:\/\/shop.tanadaithanh.vn\/wp-content\/uploads\/2025\/08\/70-NAM.jpg","width":1200,"height":1200},{"@type":"BreadcrumbList","@id":"https:\/\/shop.tanadaithanh.vn\/en\/san-pham\/bon-nhua-tu-hoai-dai-thanh-ngang-1700l-2\/#breadcrumb","itemListElement":[{"@type":"ListItem","position":1,"name":"Trang ch\u1ee7","item":"https:\/\/shop.tanadaithanh.vn\/en\/"},{"@type":"ListItem","position":2,"name":"Shop","item":"https:\/\/shop.tanadaithanh.vn\/cua-hang\/"},{"@type":"ListItem","position":3,"name":"B\u1ed3n nh\u1ef1a t\u1ef1 ho\u1ea1i \u0110\u1ea1i Th\u00e0nh Ngang 1700N"}]},{"@type":"WebSite","@id":"https:\/\/shop.tanadaithanh.vn\/en\/#website","url":"https:\/\/shop.tanadaithanh.vn\/en\/","name":"T\u00e2n \u00c1 \u0110\u1ea1i Th\u00e0nh eShop - Trang website b\u00e1n h\u00e0ng ch\u00ednh th\u1ee9c T\u1eadp \u0111o\u00e0n T\u00e2n \u00c1 \u0110\u1ea1i Th\u00e0nh","description":"Website b\u00e1n h\u00e0ng tr\u1ef1c tuy\u1ebfn v\u1eadn h\u00e0nh b\u1edfi ch\u00ednh T\u00e2n \u00c1 \u0110\u1ea1i Th\u00e0nh","publisher":{"@id":"https:\/\/shop.tanadaithanh.vn\/en\/#organization"},"potentialAction":[{"@type":"SearchAction","target":{"@type":"EntryPoint","urlTemplate":"https:\/\/shop.tanadaithanh.vn\/en\/?s={search_term_string}"},"query-input":{"@type":"PropertyValueSpecification","valueRequired":true,"valueName":"search_term_string"}}],"inLanguage":"en-US"},{"@type":"Organization","@id":"https:\/\/shop.tanadaithanh.vn\/en\/#organization","name":"T\u00e2n \u00c1 \u0110\u1ea1i Th\u00e0nh eShop - Trang website b\u00e1n h\u00e0ng ch\u00ednh th\u1ee9c T\u1eadp \u0111o\u00e0n T\u00e2n \u00c1 \u0110\u1ea1i Th\u00e0nh","url":"https:\/\/shop.tanadaithanh.vn\/en\/","logo":{"@type":"ImageObject","inLanguage":"en-US","@id":"https:\/\/shop.tanadaithanh.vn\/en\/#\/schema\/logo\/image\/","url":"https:\/\/shop.tanadaithanh.vn\/wp-content\/uploads\/2025\/06\/Logo-2.png","contentUrl":"https:\/\/shop.tanadaithanh.vn\/wp-content\/uploads\/2025\/06\/Logo-2.png","width":2000,"height":2000,"caption":"T\u00e2n \u00c1 \u0110\u1ea1i Th\u00e0nh eShop - Trang website b\u00e1n h\u00e0ng ch\u00ednh th\u1ee9c T\u1eadp \u0111o\u00e0n T\u00e2n \u00c1 \u0110\u1ea1i Th\u00e0nh"},"image":{"@id":"https:\/\/shop.tanadaithanh.vn\/en\/#\/schema\/logo\/image\/"},"sameAs":["https:\/\/www.facebook.com\/profile.php?id=61567171139919","https:\/\/zalo.me\/3915163699004948284"]}]}},"_links":{"self":[{"href":"https:\/\/shop.tanadaithanh.vn\/en\/wp-json\/wp\/v2\/product\/22056","targetHints":{"allow":["GET"]}}],"collection":[{"href":"https:\/\/shop.tanadaithanh.vn\/en\/wp-json\/wp\/v2\/product"}],"about":[{"href":"https:\/\/shop.tanadaithanh.vn\/en\/wp-json\/wp\/v2\/types\/product"}],"replies":[{"embeddable":true,"href":"https:\/\/shop.tanadaithanh.vn\/en\/wp-json\/wp\/v2\/comments?post=22056"}],"version-history":[{"count":5,"href":"https:\/\/shop.tanadaithanh.vn\/en\/wp-json\/wp\/v2\/product\/22056\/revisions"}],"predecessor-version":[{"id":32391,"href":"https:\/\/shop.tanadaithanh.vn\/en\/wp-json\/wp\/v2\/product\/22056\/revisions\/32391"}],"wp:featuredmedia":[{"embeddable":true,"href":"https:\/\/shop.tanadaithanh.vn\/en\/wp-json\/wp\/v2\/media\/28763"}],"wp:attachment":[{"href":"https:\/\/shop.tanadaithanh.vn\/en\/wp-json\/wp\/v2\/media?parent=22056"}],"wp:term":[{"taxonomy":"region","embeddable":true,"href":"https:\/\/shop.tanadaithanh.vn\/en\/wp-json\/wp\/v2\/region?post=22056"},{"taxonomy":"product_brand","embeddable":true,"href":"https:\/\/shop.tanadaithanh.vn\/en\/wp-json\/wp\/v2\/product_brand?post=22056"},{"taxonomy":"product_cat","embeddable":true,"href":"https:\/\/shop.tanadaithanh.vn\/en\/wp-json\/wp\/v2\/product_cat?post=22056"},{"taxonomy":"product_tag","embeddable":true,"href":"https:\/\/shop.tanadaithanh.vn\/en\/wp-json\/wp\/v2\/product_tag?post=22056"}],"curies":[{"name":"wp","href":"https:\/\/api.w.org\/{rel}","templated":true}]}}