{"id":22048,"date":"2025-05-16T15:20:33","date_gmt":"2025-05-16T08:20:33","guid":{"rendered":"https:\/\/shop.tanadaithanh.vn\/product\/bon-nhua-tu-hoai-dai-thanh-ngang-1700l\/"},"modified":"2026-02-02T15:10:38","modified_gmt":"2026-02-02T08:10:38","slug":"bon-nhua-tu-hoai-dai-thanh-ngang-1700l","status":"publish","type":"product","link":"https:\/\/shop.tanadaithanh.vn\/en\/san-pham\/bon-nhua-tu-hoai-dai-thanh-ngang-1700l\/","title":{"rendered":"B\u1ed3n nh\u1ef1a t\u1ef1 ho\u1ea1i \u0110\u1ea1i Th\u00e0nh 1700N"},"content":{"rendered":"<p>B\u1ed3n t\u1ef1 ho\u1ea1i \u0110\u1ea1i Th\u00e0nh l\u00e0 s\u1ea3n ph\u1ea9m c\u1ee7a T\u1eadp \u0111o\u00e0n T\u00e2n \u00c1 \u0110\u1ea1i Th\u00e0nh, \u0111\u01b0\u1ee3c thi\u1ebft k\u1ebf ph\u1ee5c v\u1ee5 nhu c\u1ea7u x\u1eed l\u00fd ch\u1ea5t th\u1ea3i sinh ho\u1ea1t, b\u1ea3o v\u1ec7 m\u00f4i tr\u01b0\u1eddng. B\u1ed3n t\u1ef1 ho\u1ea1i \u0110\u1ea1i Th\u00e0nh t\u1ef1 h\u00e0o l\u00e0 s\u1ea3n ph\u1ea9m v\u1eadn h\u00e0nh 100% th\u1ee7y l\u1ef1c v\u00e0 ph\u1ea3n \u1ee9ng sinh h\u1ecdc kh\u00f4ng s\u1eed d\u1ee5ng b\u1ea5t k\u1ef3 h\u00f3a ch\u1ea5t hay ch\u1ea5t x\u00fac t\u00e1c n\u00e0o. C\u1ea3i thi\u1ec7n v\u00e0 \u0111\u1ea9y l\u00f9i t\u00ecnh tr\u1ea1ng \u00f4 nhi\u1ec5m ngu\u1ed3n n\u01b0\u1edbc, \u0111\u1ea3m b\u1ea3o v\u1ec7 sinh m\u00f4i tr\u01b0\u1eddng xung quanh, th\u00e2n thi\u1ec7n v\u00e0 an to\u00e0n h\u01a1n, g\u00f3p ph\u1ea7n n\u00e2ng cao ch\u1ea5t l\u01b0\u1ee3ng cu\u1ed9c s\u1ed1ng.<\/p>\n<h3>\u0110\u1eb7c \u0110i\u1ec3m N\u1ed5i B\u1eadt:<\/h3>\n<p>\u2013 Th\u00e2n b\u1ed3n \u0111\u01b0\u1ee3c l\u00e0m t\u1eeb nh\u1ef1a nguy\u00ean sinh 2 l\u1edbp si\u00eau b\u1ec1n v\u00e0 th\u00e2n thi\u1ec7n v\u1edbi m\u00f4i tr\u01b0\u1eddng.<br \/>\n\u2013 Ch\u1ee9c n\u0103ng l\u1ecdc ch\u1ea5t th\u1ea3i th\u00f4, x\u1eed l\u00fd n\u01b0\u1edbc th\u1ea3i b\u1eb1ng c\u00f4ng ngh\u1ec7 k\u1ecb kh\u00ed \u0111\u1ea3m b\u1ea3o n\u01b0\u1edbc ra kh\u1ecfi b\u1ed3n \u0111\u1ea1t quy chu\u1ea9n ch\u1ea5t l\u01b0\u1ee3ng n\u01b0\u1edbc th\u1ea3i ra m\u00f4i tr\u01b0\u1eddng.<\/p>\n<div class=\"wpb_text_column wpb_content_element\">\n<div class=\"wpb_wrapper\">\n<p>\u2022\u00a0V\u1eadn h\u00e0nh th\u1ee7y l\u1ef1c 24\/24 \u00a0 \u00a0 \u00a0 \u00a0 \u00a0 \u00a0 \u00a0 \u00a0 \u00a0 \u00a0 \u00a0 \u00a0 \u00a0 \u00a0 \u00a0 \u00a0 \u00a0\u00a0\u2022\u00a0N\u01b0\u1edbc th\u1ea3i \u0111\u1ea1t chu\u1ea9n B \u2013 QCVN 14:2008\/BTNMT<\/p>\n<p>\u2022\u00a0D\u1ec5 d\u00e0ng l\u1eafp \u0111\u1eb7t v\u00e0 b\u1ea3o tr\u00ec \u00a0 \u00a0 \u00a0 \u00a0 \u00a0 \u00a0 \u00a0 \u00a0 \u00a0 \u00a0 \u00a0 \u00a0 \u00a0 \u00a0 \u00a0 \u00a0\u00a0\u2022\u00a0\u0110\u1ea3m b\u1ea3o v\u1ec7 sinh m\u00f4i tr\u01b0\u1eddng \u2013 QCVN 01:2011\/BYT<\/p>\n<p>\u2022\u00a0Ch\u1ecbu \u0111\u01b0\u1ee3c \u00e1p l\u1ef1c cao trong m\u1ecdi \u0111i\u1ec1u ki\u1ec7n\u00a0 \u00a0 \u00a0 \u00a0 \u00a0\u2022\u00a0Th\u1eddi gian b\u1ea3o h\u00e0nh s\u1ea3n ph\u1ea9m l\u00ean \u0111\u1ebfn 50 n\u0103m<\/p>\n<\/div>\n<\/div>\n<h3><strong>Th\u00f4ng s\u1ed1 k\u1ef9 thu\u1eadt<\/strong><\/h3>\n<table>\n<tbody>\n<tr>\n<td><strong>T\u00ean s\u1ea3n ph\u1ea9m\u00a0<\/strong><\/td>\n<td><span style=\"font-weight: 400;\">B\u1ed3n t\u1ef1 ho\u1ea1i \u0110\u1ea1i Th\u00e0nh 1700L ngang<\/span><\/td>\n<\/tr>\n<tr>\n<td><strong>Xu\u1ea5t x\u1ee9<\/strong><\/td>\n<td><span style=\"font-weight: 400;\">Vi\u1ec7t Nam<\/span><\/td>\n<\/tr>\n<tr>\n<td><strong>Nh\u00e0 s\u1ea3n xu\u1ea5t<\/strong><\/td>\n<td><span style=\"font-weight: 400;\">T\u00e2n \u00c1 \u0110\u1ea1i Th\u00e0nh<\/span><\/td>\n<\/tr>\n<tr>\n<td><strong>Dung t\u00edch<\/strong><\/td>\n<td><span style=\"font-weight: 400;\">1700L<\/span><\/td>\n<\/tr>\n<tr>\n<td><strong>K\u00edch th\u01b0\u1edbc (D\u00e0i x R\u1ed9ng x Cao)<\/strong><\/td>\n<td><span style=\"font-weight: 400;\">2225 x 1100 x 1080mm<\/span><\/td>\n<\/tr>\n<tr>\n<td><strong>Ch\u1ea5t li\u1ec7u<\/strong><\/td>\n<td><span style=\"font-weight: 400;\">Nh\u1ef1a LLDPE cao c\u1ea5p<\/span><\/td>\n<\/tr>\n<tr>\n<td><strong>B\u1ea3o h\u00e0nh<\/strong><\/td>\n<td><span style=\"font-weight: 400;\">50 n\u0103m\u00a0<\/span><\/td>\n<\/tr>\n<\/tbody>\n<\/table>\n<div class=\"wpb_text_column wpb_content_element\">\n<div class=\"wpb_wrapper\">\n<div><strong style=\"color: #1b1919; font-size: 22px;\">Khuy\u1ebfn c\u00e1o s\u1eed d\u1ee5ng<\/strong><\/div>\n<\/div>\n<\/div>\n<div class=\"wpb_text_column wpb_content_element\">\n<div class=\"wpb_wrapper\">\n<p>\u0110\u1ec3 n\u00e2ng cao tu\u1ed5i th\u1ecd v\u00e0 hi\u1ec7u qu\u1ea3 s\u1eed d\u1ee5ng, ng\u01b0\u1eddi s\u1eed d\u1ee5ng c\u1ea7n tu\u00e2n th\u1ee7 theo khuy\u1ebfn c\u00e1o sau:<\/p>\n<ul>\n<li>B\u1ed3n s\u1ea3n xu\u1ea5t v\u1edbi m\u1ee5c \u0111\u00edch s\u1eed d\u1ee5ng ch\u1ee9a &amp; x\u1eed l\u00fd ch\u1ea5t th\u1ea3i t\u1eeb nh\u00e0 ti\u00eau c\u1ee7a c\u00e1c h\u1ed9 gia \u0111\u00ecnh ho\u1eb7c khu sinh ho\u1ea1t t\u1eadp th\u1ec3 ( khu vui ch\u01a1i, chung c\u01b0, c\u00f4ng s\u1edf\u2026.)<\/li>\n<\/ul>\n<p>\u0110\u1ec3 \u0111\u1ea3m b\u1ea3o ch\u1ea5t l\u01b0\u1ee3ng, quy\u1ec1n l\u1ee3i b\u1ea3o h\u00e0nh v\u00e0 h\u1ed7 tr\u1ee3 k\u1ef9 thu\u1eadt, ng\u01b0\u1eddi d\u00f9ng n\u00ean mua tr\u1ef1c ti\u1ebfp t\u1ea1i:<br \/>\nWebsite ch\u00ednh h\u00e3ng: shop.tanadaithanh.vn<br \/>\n\u01afu \u0111\u00e3i khi mua t\u1ea1i shop.tanadaithanh.vn:<\/p>\n<p><strong>\u2013 Mi\u1ec5n ph\u00ed v\u1eadn chuy\u1ec3n<\/strong><br \/>\n<strong>\u2013 Thanh to\u00e1n linh ho\u1ea1t, h\u1ed7 tr\u1ee3 tr\u1ea3 ch\u1eadm 0% cho s\u1ea3n ph\u1ea9m t\u1eeb 3 Tri\u1ec7u<\/strong><br \/>\n<strong>\u2013 B\u1ea3o h\u00e0nh \u0111i\u1ec7n t\u1eed 50 n\u0103m ch\u00ednh h\u00e3ng<\/strong><br \/>\n<strong>\u2013 T\u01b0 v\u1ea5n k\u1ef9 thu\u1eadt tr\u1ef1c ti\u1ebfp t\u1eeb \u0111\u1ed9i ng\u0169 chuy\u00ean m\u00f4n<\/strong><\/p>\n<p>Li\u00ean h\u1ec7 ngay qua\u00a0<em><strong>hotline 0986 86 86 85<\/strong><\/em> \u0111\u1ec3 \u0111\u01b0\u1ee3c t\u01b0 v\u1ea5n, h\u1ed7 tr\u1ee3 nhanh nh\u1ea5t !<\/p>\n<\/div>\n<\/div>\n","protected":false},"excerpt":{"rendered":"<p>&#8211; V\u1eadn h\u00e0nh thu\u1ef7 l\u1ef1c 24\/24<br \/>\n&#8211; Ch\u1ecbu \u0111\u01b0\u1ee3c \u00e1p l\u1ef1c cao trong m\u1ecdi \u0111i\u1ec1u ki\u1ec7n<br \/>\n&#8211; \u0110\u1ed9 b\u1ec1n s\u1ea3n ph\u1ea9m l\u00ean \u0111\u1ebfn 50 n\u0103m<br \/>\n&#8211; \u0110\u1ea3m b\u1ea3o v\u1ec7 sinh m\u00f4i tr\u01b0\u1eddng &#8211; QCVN 02:2011\/BYT<br \/>\n&#8211; D\u1ec5 d\u00e0ng l\u1eafp \u0111\u1eb7t v\u00e0 b\u1ea3o tr\u00ec<br \/>\n&#8211; N\u01b0\u1edbc th\u1ea3i \u0111\u1ea1t chu\u1ea9n B &#8211; QCVN 14:2008\/BTNMT<\/p>\n","protected":false},"featured_media":28765,"comment_status":"open","ping_status":"closed","template":"","meta":[],"region":[259],"product_brand":[],"product_cat":[190],"product_tag":[],"class_list":{"0":"post-22048","1":"product","2":"type-product","3":"status-publish","4":"has-post-thumbnail","6":"region-mien-bac","7":"product_cat-bon-tu-hoai","8":"pa_he-thong-qlcl-iso-90012015","9":"pa_kich-thuoc-dai-x-rong-x-cao-2225-x-1100-x-1080-mm","10":"pa_quy-chuan-ap-dung-bs-en-12566-1-2016","11":"pa_tieu-chuan-san-xuat-tccs-032019-tahy","13":"first","14":"instock","15":"sale","16":"purchasable","17":"product-type-simple"},"yoast_head":"<!-- This site is optimized with the Yoast SEO plugin v24.6 - https:\/\/yoast.com\/wordpress\/plugins\/seo\/ -->\n<title>B\u1ed3n nh\u1ef1a t\u1ef1 ho\u1ea1i \u0110\u1ea1i Th\u00e0nh 1700N - T\u00e2n \u00c1 \u0110\u1ea1i Th\u00e0nh eShop<\/title>\n<meta name=\"robots\" content=\"index, follow, max-snippet:-1, max-image-preview:large, max-video-preview:-1\" \/>\n<link rel=\"canonical\" href=\"https:\/\/shop.tanadaithanh.vn\/en\/san-pham\/bon-nhua-tu-hoai-dai-thanh-ngang-1700l\/\" \/>\n<meta property=\"og:locale\" content=\"en_US\" \/>\n<meta property=\"og:type\" content=\"article\" \/>\n<meta property=\"og:title\" content=\"B\u1ed3n nh\u1ef1a t\u1ef1 ho\u1ea1i \u0110\u1ea1i Th\u00e0nh 1700N - T\u00e2n \u00c1 \u0110\u1ea1i Th\u00e0nh eShop\" \/>\n<meta property=\"og:description\" content=\"- V\u1eadn h\u00e0nh thu\u1ef7 l\u1ef1c 24\/24 - Ch\u1ecbu \u0111\u01b0\u1ee3c \u00e1p l\u1ef1c cao trong m\u1ecdi \u0111i\u1ec1u ki\u1ec7n - \u0110\u1ed9 b\u1ec1n s\u1ea3n ph\u1ea9m l\u00ean \u0111\u1ebfn 50 n\u0103m - \u0110\u1ea3m b\u1ea3o v\u1ec7 sinh m\u00f4i tr\u01b0\u1eddng - QCVN 02:2011\/BYT - D\u1ec5 d\u00e0ng l\u1eafp \u0111\u1eb7t v\u00e0 b\u1ea3o tr\u00ec - N\u01b0\u1edbc th\u1ea3i \u0111\u1ea1t chu\u1ea9n B - QCVN 14:2008\/BTNMT\" \/>\n<meta property=\"og:url\" content=\"https:\/\/shop.tanadaithanh.vn\/en\/san-pham\/bon-nhua-tu-hoai-dai-thanh-ngang-1700l\/\" \/>\n<meta property=\"og:site_name\" content=\"T\u00e2n \u00c1 \u0110\u1ea1i Th\u00e0nh eShop\" \/>\n<meta property=\"article:publisher\" content=\"https:\/\/www.facebook.com\/profile.php?id=61567171139919\" \/>\n<meta property=\"article:modified_time\" content=\"2026-02-02T08:10:38+00:00\" \/>\n<meta property=\"og:image\" content=\"https:\/\/shop.tanadaithanh.vn\/wp-content\/uploads\/2025\/08\/50-NAM.jpg\" \/>\n\t<meta property=\"og:image:width\" content=\"1200\" \/>\n\t<meta property=\"og:image:height\" content=\"1200\" \/>\n\t<meta property=\"og:image:type\" content=\"image\/jpeg\" \/>\n<meta name=\"twitter:card\" content=\"summary_large_image\" \/>\n<meta name=\"twitter:label1\" content=\"Est. reading time\" \/>\n\t<meta name=\"twitter:data1\" content=\"3 minutes\" \/>\n<script type=\"application\/ld+json\" class=\"yoast-schema-graph\">{\"@context\":\"https:\/\/schema.org\",\"@graph\":[{\"@type\":\"WebPage\",\"@id\":\"https:\/\/shop.tanadaithanh.vn\/en\/san-pham\/bon-nhua-tu-hoai-dai-thanh-ngang-1700l\/\",\"url\":\"https:\/\/shop.tanadaithanh.vn\/en\/san-pham\/bon-nhua-tu-hoai-dai-thanh-ngang-1700l\/\",\"name\":\"B\u1ed3n nh\u1ef1a t\u1ef1 ho\u1ea1i \u0110\u1ea1i Th\u00e0nh 1700N - T\u00e2n \u00c1 \u0110\u1ea1i Th\u00e0nh eShop\",\"isPartOf\":{\"@id\":\"https:\/\/shop.tanadaithanh.vn\/en\/#website\"},\"primaryImageOfPage\":{\"@id\":\"https:\/\/shop.tanadaithanh.vn\/en\/san-pham\/bon-nhua-tu-hoai-dai-thanh-ngang-1700l\/#primaryimage\"},\"image\":{\"@id\":\"https:\/\/shop.tanadaithanh.vn\/en\/san-pham\/bon-nhua-tu-hoai-dai-thanh-ngang-1700l\/#primaryimage\"},\"thumbnailUrl\":\"https:\/\/shop.tanadaithanh.vn\/wp-content\/uploads\/2025\/08\/50-NAM.jpg\",\"datePublished\":\"2025-05-16T08:20:33+00:00\",\"dateModified\":\"2026-02-02T08:10:38+00:00\",\"breadcrumb\":{\"@id\":\"https:\/\/shop.tanadaithanh.vn\/en\/san-pham\/bon-nhua-tu-hoai-dai-thanh-ngang-1700l\/#breadcrumb\"},\"inLanguage\":\"en-US\",\"potentialAction\":[{\"@type\":\"ReadAction\",\"target\":[\"https:\/\/shop.tanadaithanh.vn\/en\/san-pham\/bon-nhua-tu-hoai-dai-thanh-ngang-1700l\/\"]}]},{\"@type\":\"ImageObject\",\"inLanguage\":\"en-US\",\"@id\":\"https:\/\/shop.tanadaithanh.vn\/en\/san-pham\/bon-nhua-tu-hoai-dai-thanh-ngang-1700l\/#primaryimage\",\"url\":\"https:\/\/shop.tanadaithanh.vn\/wp-content\/uploads\/2025\/08\/50-NAM.jpg\",\"contentUrl\":\"https:\/\/shop.tanadaithanh.vn\/wp-content\/uploads\/2025\/08\/50-NAM.jpg\",\"width\":1200,\"height\":1200},{\"@type\":\"BreadcrumbList\",\"@id\":\"https:\/\/shop.tanadaithanh.vn\/en\/san-pham\/bon-nhua-tu-hoai-dai-thanh-ngang-1700l\/#breadcrumb\",\"itemListElement\":[{\"@type\":\"ListItem\",\"position\":1,\"name\":\"Trang ch\u1ee7\",\"item\":\"https:\/\/shop.tanadaithanh.vn\/en\/\"},{\"@type\":\"ListItem\",\"position\":2,\"name\":\"Shop\",\"item\":\"https:\/\/shop.tanadaithanh.vn\/cua-hang\/\"},{\"@type\":\"ListItem\",\"position\":3,\"name\":\"B\u1ed3n nh\u1ef1a t\u1ef1 ho\u1ea1i \u0110\u1ea1i Th\u00e0nh 1700N\"}]},{\"@type\":\"WebSite\",\"@id\":\"https:\/\/shop.tanadaithanh.vn\/en\/#website\",\"url\":\"https:\/\/shop.tanadaithanh.vn\/en\/\",\"name\":\"T\u00e2n \u00c1 \u0110\u1ea1i Th\u00e0nh eShop - Trang website b\u00e1n h\u00e0ng ch\u00ednh th\u1ee9c T\u1eadp \u0111o\u00e0n T\u00e2n \u00c1 \u0110\u1ea1i Th\u00e0nh\",\"description\":\"Website b\u00e1n h\u00e0ng tr\u1ef1c tuy\u1ebfn v\u1eadn h\u00e0nh b\u1edfi ch\u00ednh T\u00e2n \u00c1 \u0110\u1ea1i Th\u00e0nh\",\"publisher\":{\"@id\":\"https:\/\/shop.tanadaithanh.vn\/en\/#organization\"},\"potentialAction\":[{\"@type\":\"SearchAction\",\"target\":{\"@type\":\"EntryPoint\",\"urlTemplate\":\"https:\/\/shop.tanadaithanh.vn\/en\/?s={search_term_string}\"},\"query-input\":{\"@type\":\"PropertyValueSpecification\",\"valueRequired\":true,\"valueName\":\"search_term_string\"}}],\"inLanguage\":\"en-US\"},{\"@type\":\"Organization\",\"@id\":\"https:\/\/shop.tanadaithanh.vn\/en\/#organization\",\"name\":\"T\u00e2n \u00c1 \u0110\u1ea1i Th\u00e0nh eShop - Trang website b\u00e1n h\u00e0ng ch\u00ednh th\u1ee9c T\u1eadp \u0111o\u00e0n T\u00e2n \u00c1 \u0110\u1ea1i Th\u00e0nh\",\"url\":\"https:\/\/shop.tanadaithanh.vn\/en\/\",\"logo\":{\"@type\":\"ImageObject\",\"inLanguage\":\"en-US\",\"@id\":\"https:\/\/shop.tanadaithanh.vn\/en\/#\/schema\/logo\/image\/\",\"url\":\"https:\/\/shop.tanadaithanh.vn\/wp-content\/uploads\/2025\/06\/Logo-2.png\",\"contentUrl\":\"https:\/\/shop.tanadaithanh.vn\/wp-content\/uploads\/2025\/06\/Logo-2.png\",\"width\":2000,\"height\":2000,\"caption\":\"T\u00e2n \u00c1 \u0110\u1ea1i Th\u00e0nh eShop - Trang website b\u00e1n h\u00e0ng ch\u00ednh th\u1ee9c T\u1eadp \u0111o\u00e0n T\u00e2n \u00c1 \u0110\u1ea1i Th\u00e0nh\"},\"image\":{\"@id\":\"https:\/\/shop.tanadaithanh.vn\/en\/#\/schema\/logo\/image\/\"},\"sameAs\":[\"https:\/\/www.facebook.com\/profile.php?id=61567171139919\",\"https:\/\/zalo.me\/3915163699004948284\"]}]}<\/script>\n<!-- \/ Yoast SEO plugin. -->","yoast_head_json":{"title":"B\u1ed3n nh\u1ef1a t\u1ef1 ho\u1ea1i \u0110\u1ea1i Th\u00e0nh 1700N - T\u00e2n \u00c1 \u0110\u1ea1i Th\u00e0nh eShop","robots":{"index":"index","follow":"follow","max-snippet":"max-snippet:-1","max-image-preview":"max-image-preview:large","max-video-preview":"max-video-preview:-1"},"canonical":"https:\/\/shop.tanadaithanh.vn\/en\/san-pham\/bon-nhua-tu-hoai-dai-thanh-ngang-1700l\/","og_locale":"en_US","og_type":"article","og_title":"B\u1ed3n nh\u1ef1a t\u1ef1 ho\u1ea1i \u0110\u1ea1i Th\u00e0nh 1700N - T\u00e2n \u00c1 \u0110\u1ea1i Th\u00e0nh eShop","og_description":"- V\u1eadn h\u00e0nh thu\u1ef7 l\u1ef1c 24\/24 - Ch\u1ecbu \u0111\u01b0\u1ee3c \u00e1p l\u1ef1c cao trong m\u1ecdi \u0111i\u1ec1u ki\u1ec7n - \u0110\u1ed9 b\u1ec1n s\u1ea3n ph\u1ea9m l\u00ean \u0111\u1ebfn 50 n\u0103m - \u0110\u1ea3m b\u1ea3o v\u1ec7 sinh m\u00f4i tr\u01b0\u1eddng - QCVN 02:2011\/BYT - D\u1ec5 d\u00e0ng l\u1eafp \u0111\u1eb7t v\u00e0 b\u1ea3o tr\u00ec - N\u01b0\u1edbc th\u1ea3i \u0111\u1ea1t chu\u1ea9n B - QCVN 14:2008\/BTNMT","og_url":"https:\/\/shop.tanadaithanh.vn\/en\/san-pham\/bon-nhua-tu-hoai-dai-thanh-ngang-1700l\/","og_site_name":"T\u00e2n \u00c1 \u0110\u1ea1i Th\u00e0nh eShop","article_publisher":"https:\/\/www.facebook.com\/profile.php?id=61567171139919","article_modified_time":"2026-02-02T08:10:38+00:00","og_image":[{"width":1200,"height":1200,"url":"https:\/\/shop.tanadaithanh.vn\/wp-content\/uploads\/2025\/08\/50-NAM.jpg","type":"image\/jpeg"}],"twitter_card":"summary_large_image","twitter_misc":{"Est. reading time":"3 minutes"},"schema":{"@context":"https:\/\/schema.org","@graph":[{"@type":"WebPage","@id":"https:\/\/shop.tanadaithanh.vn\/en\/san-pham\/bon-nhua-tu-hoai-dai-thanh-ngang-1700l\/","url":"https:\/\/shop.tanadaithanh.vn\/en\/san-pham\/bon-nhua-tu-hoai-dai-thanh-ngang-1700l\/","name":"B\u1ed3n nh\u1ef1a t\u1ef1 ho\u1ea1i \u0110\u1ea1i Th\u00e0nh 1700N - T\u00e2n \u00c1 \u0110\u1ea1i Th\u00e0nh eShop","isPartOf":{"@id":"https:\/\/shop.tanadaithanh.vn\/en\/#website"},"primaryImageOfPage":{"@id":"https:\/\/shop.tanadaithanh.vn\/en\/san-pham\/bon-nhua-tu-hoai-dai-thanh-ngang-1700l\/#primaryimage"},"image":{"@id":"https:\/\/shop.tanadaithanh.vn\/en\/san-pham\/bon-nhua-tu-hoai-dai-thanh-ngang-1700l\/#primaryimage"},"thumbnailUrl":"https:\/\/shop.tanadaithanh.vn\/wp-content\/uploads\/2025\/08\/50-NAM.jpg","datePublished":"2025-05-16T08:20:33+00:00","dateModified":"2026-02-02T08:10:38+00:00","breadcrumb":{"@id":"https:\/\/shop.tanadaithanh.vn\/en\/san-pham\/bon-nhua-tu-hoai-dai-thanh-ngang-1700l\/#breadcrumb"},"inLanguage":"en-US","potentialAction":[{"@type":"ReadAction","target":["https:\/\/shop.tanadaithanh.vn\/en\/san-pham\/bon-nhua-tu-hoai-dai-thanh-ngang-1700l\/"]}]},{"@type":"ImageObject","inLanguage":"en-US","@id":"https:\/\/shop.tanadaithanh.vn\/en\/san-pham\/bon-nhua-tu-hoai-dai-thanh-ngang-1700l\/#primaryimage","url":"https:\/\/shop.tanadaithanh.vn\/wp-content\/uploads\/2025\/08\/50-NAM.jpg","contentUrl":"https:\/\/shop.tanadaithanh.vn\/wp-content\/uploads\/2025\/08\/50-NAM.jpg","width":1200,"height":1200},{"@type":"BreadcrumbList","@id":"https:\/\/shop.tanadaithanh.vn\/en\/san-pham\/bon-nhua-tu-hoai-dai-thanh-ngang-1700l\/#breadcrumb","itemListElement":[{"@type":"ListItem","position":1,"name":"Trang ch\u1ee7","item":"https:\/\/shop.tanadaithanh.vn\/en\/"},{"@type":"ListItem","position":2,"name":"Shop","item":"https:\/\/shop.tanadaithanh.vn\/cua-hang\/"},{"@type":"ListItem","position":3,"name":"B\u1ed3n nh\u1ef1a t\u1ef1 ho\u1ea1i \u0110\u1ea1i Th\u00e0nh 1700N"}]},{"@type":"WebSite","@id":"https:\/\/shop.tanadaithanh.vn\/en\/#website","url":"https:\/\/shop.tanadaithanh.vn\/en\/","name":"T\u00e2n \u00c1 \u0110\u1ea1i Th\u00e0nh eShop - Trang website b\u00e1n h\u00e0ng ch\u00ednh th\u1ee9c T\u1eadp \u0111o\u00e0n T\u00e2n \u00c1 \u0110\u1ea1i Th\u00e0nh","description":"Website b\u00e1n h\u00e0ng tr\u1ef1c tuy\u1ebfn v\u1eadn h\u00e0nh b\u1edfi ch\u00ednh T\u00e2n \u00c1 \u0110\u1ea1i Th\u00e0nh","publisher":{"@id":"https:\/\/shop.tanadaithanh.vn\/en\/#organization"},"potentialAction":[{"@type":"SearchAction","target":{"@type":"EntryPoint","urlTemplate":"https:\/\/shop.tanadaithanh.vn\/en\/?s={search_term_string}"},"query-input":{"@type":"PropertyValueSpecification","valueRequired":true,"valueName":"search_term_string"}}],"inLanguage":"en-US"},{"@type":"Organization","@id":"https:\/\/shop.tanadaithanh.vn\/en\/#organization","name":"T\u00e2n \u00c1 \u0110\u1ea1i Th\u00e0nh eShop - Trang website b\u00e1n h\u00e0ng ch\u00ednh th\u1ee9c T\u1eadp \u0111o\u00e0n T\u00e2n \u00c1 \u0110\u1ea1i Th\u00e0nh","url":"https:\/\/shop.tanadaithanh.vn\/en\/","logo":{"@type":"ImageObject","inLanguage":"en-US","@id":"https:\/\/shop.tanadaithanh.vn\/en\/#\/schema\/logo\/image\/","url":"https:\/\/shop.tanadaithanh.vn\/wp-content\/uploads\/2025\/06\/Logo-2.png","contentUrl":"https:\/\/shop.tanadaithanh.vn\/wp-content\/uploads\/2025\/06\/Logo-2.png","width":2000,"height":2000,"caption":"T\u00e2n \u00c1 \u0110\u1ea1i Th\u00e0nh eShop - Trang website b\u00e1n h\u00e0ng ch\u00ednh th\u1ee9c T\u1eadp \u0111o\u00e0n T\u00e2n \u00c1 \u0110\u1ea1i Th\u00e0nh"},"image":{"@id":"https:\/\/shop.tanadaithanh.vn\/en\/#\/schema\/logo\/image\/"},"sameAs":["https:\/\/www.facebook.com\/profile.php?id=61567171139919","https:\/\/zalo.me\/3915163699004948284"]}]}},"_links":{"self":[{"href":"https:\/\/shop.tanadaithanh.vn\/en\/wp-json\/wp\/v2\/product\/22048","targetHints":{"allow":["GET"]}}],"collection":[{"href":"https:\/\/shop.tanadaithanh.vn\/en\/wp-json\/wp\/v2\/product"}],"about":[{"href":"https:\/\/shop.tanadaithanh.vn\/en\/wp-json\/wp\/v2\/types\/product"}],"replies":[{"embeddable":true,"href":"https:\/\/shop.tanadaithanh.vn\/en\/wp-json\/wp\/v2\/comments?post=22048"}],"version-history":[{"count":6,"href":"https:\/\/shop.tanadaithanh.vn\/en\/wp-json\/wp\/v2\/product\/22048\/revisions"}],"predecessor-version":[{"id":31143,"href":"https:\/\/shop.tanadaithanh.vn\/en\/wp-json\/wp\/v2\/product\/22048\/revisions\/31143"}],"wp:featuredmedia":[{"embeddable":true,"href":"https:\/\/shop.tanadaithanh.vn\/en\/wp-json\/wp\/v2\/media\/28765"}],"wp:attachment":[{"href":"https:\/\/shop.tanadaithanh.vn\/en\/wp-json\/wp\/v2\/media?parent=22048"}],"wp:term":[{"taxonomy":"region","embeddable":true,"href":"https:\/\/shop.tanadaithanh.vn\/en\/wp-json\/wp\/v2\/region?post=22048"},{"taxonomy":"product_brand","embeddable":true,"href":"https:\/\/shop.tanadaithanh.vn\/en\/wp-json\/wp\/v2\/product_brand?post=22048"},{"taxonomy":"product_cat","embeddable":true,"href":"https:\/\/shop.tanadaithanh.vn\/en\/wp-json\/wp\/v2\/product_cat?post=22048"},{"taxonomy":"product_tag","embeddable":true,"href":"https:\/\/shop.tanadaithanh.vn\/en\/wp-json\/wp\/v2\/product_tag?post=22048"}],"curies":[{"name":"wp","href":"https:\/\/api.w.org\/{rel}","templated":true}]}}