{"id":20577,"date":"2025-04-15T16:52:38","date_gmt":"2025-04-15T09:52:38","guid":{"rendered":"https:\/\/shop.tanadaithanh.vn\/product\/binh-nuoc-nong-truc-tiep-rossi-ris-450p-co-bom-chinh-hang-bao-hanh-1-nam-giao-hang-toan-quoc\/"},"modified":"2025-04-17T13:43:12","modified_gmt":"2025-04-17T06:43:12","slug":"binh-nuoc-nong-truc-tiep-rossi-ris-450p-co-bom-chinh-hang-bao-hanh-1-nam-giao-hang-toan-quoc","status":"publish","type":"product","link":"https:\/\/shop.tanadaithanh.vn\/en\/san-pham\/binh-nuoc-nong-truc-tiep-rossi-ris-450p-co-bom-chinh-hang-bao-hanh-1-nam-giao-hang-toan-quoc\/","title":{"rendered":"B\u00ecnh n\u01b0\u1edbc n\u00f3ng tr\u1ef1c ti\u1ebfp Rossi RIS-450P c\u00f3 b\u01a1m &#8211; Ch\u00ednh h\u00e3ng, B\u1ea3o h\u00e0nh 1 n\u0103m, Giao h\u00e0ng to\u00e0n qu\u1ed1c"},"content":{"rendered":"<p>B\u00ecnh n\u01b0\u1edbc n\u00f3ng tr\u1ef1c ti\u1ebfp Rossi RIS-450P c\u00f3 b\u01a1m &#8211; Ch\u00ednh h\u00e3ng, B\u1ea3o h\u00e0nh 1 n\u0103m, Giao h\u00e0ng to\u00e0n qu\u1ed1c<\/p>\n<p>\u2705 Th\u00f4ng s\u1ed1 k\u1ef9 thu\u1eadt:<br \/>\n\u25cf K\u00edch th\u01b0\u1edbc:<br \/>\n\u25cf \u0110i\u1ec7n \u00e1p: 220V\/50Hz<br \/>\n\u25cf C\u00f4ng su\u1ea5t: 4500W &#8211; IP25<br \/>\n\u25cf Lo\u1ea1i m\u00e1y: L\u00e0m n\u00f3ng tr\u1ef1c ti\u1ebfp<br \/>\n\u25cf Ch\u1ebf \u0111\u1ed9 an to\u00e0n: Ch\u1ed1ng gi\u1eadt ELCB<br \/>\n\u25cf C\u00f4ng ngh\u1ec7: Italy<\/p>\n<p>\u267b\ufe0f T\u00ednh n\u0103ng n\u1ed5i b\u1eadt:<br \/>\nS\u1ea3n ph\u1ea9m b\u00ecnh tr\u1ef1c ti\u1ebfp RIS &#8211; 450P c\u00f3 nhi\u1ec1u nh\u1eefng \u01b0u \u0111i\u1ec3m n\u1ed5i b\u1eadt nh\u01b0 sau:<br \/>\n\u25cf L\u00e0m n\u00f3ng t\u1ee9c th\u00ec t\u1ed1i \u0111a 55 \u0111\u1ed9 C<br \/>\n\u25cf \u0110\u1ea1t ti\u00eau chu\u1ea9n IP25 ch\u1ed1ng th\u1ea5m n\u01b0\u1edbc, b\u1ee5i<br \/>\n\u25cf An to\u00e0n tuy\u1ec7t \u0111\u1ed1i v\u1edbi b\u1ed9 ch\u1ed1ng r\u00f2 \u0111i\u1ec7n RCBO l\u01b0\u1ee1ng c\u1ef1c.<br \/>\n\u25cf Van c\u1ea5p n\u01b0\u1edbc t\u00edch h\u1ee3p 3 trong 1 (Kh\u00f3a &#8211; L\u1ecdc &#8211; M\u1edf)<br \/>\n\u25cf Trang b\u1ecb s\u1eb5n v\u00f2i sen ch\u1ee9c n\u0103ng tay sen<\/p>\n<p>\u0110\u1eb7t h\u00e0ng ngay h\u00f4m nay \u0111\u1ec3 nh\u1eadn \u01b0u \u0111\u00e3i v\u00e0 giao h\u00e0ng mi\u1ec5n ph\u00ed!<br \/>\n#BinhNuocNong #B\u00ecnhN\u01b0\u1edbcN\u00f3ng #T\u00e2n\u00c1 #\u0110\u1ea1iTh\u00e0nh #TanADaiThanh #Rossi #B\u1ea3oH\u00e0nh #Ch\u1ea5tLi\u1ec7uB\u1ec1n #Ti\u00eauChu\u1ea9nQu\u1ed1cT\u1ebf<\/p>\n","protected":false},"excerpt":{"rendered":"<p>B\u00ecnh n\u01b0\u1edbc n\u00f3ng tr\u1ef1c ti\u1ebfp Rossi RIS-450 \u2013 thi\u1ebft k\u1ebf nh\u1ecf g\u1ecdn, sang tr\u1ecdng, l\u00e0m n\u00f3ng nhanh, s\u1eed d\u1ee5ng ngay m\u00e0 kh\u00f4ng c\u1ea7n ch\u1edd \u0111\u1ee3i. H\u1ec7 th\u1ed1ng an to\u00e0n ELCB ch\u1ed1ng gi\u1eadt, c\u1ea3m bi\u1ebfn nhi\u1ec7t v\u00e0 n\u01b0\u1edbc \u0111\u1ea3m b\u1ea3o an to\u00e0n tuy\u1ec7t \u0111\u1ed1i. T\u00edch h\u1ee3p c\u01a1 ch\u1ebf t\u1ef1 ng\u1eaft khi \u0111\u1ea1t nhi\u1ec7t \u0111\u1ed9 y\u00eau c\u1ea7u, gi\u00fap ti\u1ebft ki\u1ec7m \u0111i\u1ec7n n\u0103ng. C\u00f4ng ngh\u1ec7 Italy, b\u1ec1n b\u1ec9, ti\u1ec7n l\u1ee3i cho m\u1ecdi gia \u0111\u00ecnh.<\/p>\n","protected":false},"featured_media":20578,"comment_status":"open","ping_status":"closed","template":"","meta":[],"region":[259,260],"product_brand":[],"product_cat":[663,700],"product_tag":[],"class_list":{"0":"post-20577","1":"product","2":"type-product","3":"status-publish","4":"has-post-thumbnail","6":"region-mien-bac","7":"region-mien-nam","8":"product_cat-binh-nuoc-nong","9":"product_cat-binh-nuoc-nong-truc-tiep","10":"pa_cong-suat-4500w","11":"pa_den-hien-thi-trang-thai-co","12":"pa_dien-ap-220v-50hz","13":"pa_he-thong-qlcl-iso-90012015","14":"pa_kich-thuoc-dai-x-rong-x-cao-320-x-210-x-95-mm","15":"pa_nhiet-do-lam-viec-toi-da-50-do","16":"pa_quy-chuan-ap-dung-qcvn-092012-bkhcn-va-sua-doi-12018-qcvn-092012-bkhcn","17":"pa_thiet-bi-an-toan-chong-giat-elcb","18":"pa_tieu-chuan-san-xuat-tccs-122021-tahn","20":"first","21":"instock","22":"product-type-simple"},"yoast_head":"<!-- This site is optimized with the Yoast SEO plugin v24.6 - https:\/\/yoast.com\/wordpress\/plugins\/seo\/ -->\n<title>B\u00ecnh n\u01b0\u1edbc n\u00f3ng tr\u1ef1c ti\u1ebfp Rossi RIS-450P c\u00f3 b\u01a1m - Ch\u00ednh h\u00e3ng, B\u1ea3o h\u00e0nh 1 n\u0103m, Giao h\u00e0ng to\u00e0n qu\u1ed1c - T\u00e2n \u00c1 \u0110\u1ea1i Th\u00e0nh eShop<\/title>\n<meta name=\"robots\" content=\"index, follow, max-snippet:-1, max-image-preview:large, max-video-preview:-1\" \/>\n<link rel=\"canonical\" href=\"https:\/\/shop.tanadaithanh.vn\/en\/san-pham\/binh-nuoc-nong-truc-tiep-rossi-ris-450p-co-bom-chinh-hang-bao-hanh-1-nam-giao-hang-toan-quoc\/\" \/>\n<meta property=\"og:locale\" content=\"en_US\" \/>\n<meta property=\"og:type\" content=\"article\" \/>\n<meta property=\"og:title\" content=\"B\u00ecnh n\u01b0\u1edbc n\u00f3ng tr\u1ef1c ti\u1ebfp Rossi RIS-450P c\u00f3 b\u01a1m - Ch\u00ednh h\u00e3ng, B\u1ea3o h\u00e0nh 1 n\u0103m, Giao h\u00e0ng to\u00e0n qu\u1ed1c - T\u00e2n \u00c1 \u0110\u1ea1i Th\u00e0nh eShop\" \/>\n<meta property=\"og:description\" content=\"B\u00ecnh n\u01b0\u1edbc n\u00f3ng tr\u1ef1c ti\u1ebfp Rossi RIS-450 \u2013 thi\u1ebft k\u1ebf nh\u1ecf g\u1ecdn, sang tr\u1ecdng, l\u00e0m n\u00f3ng nhanh, s\u1eed d\u1ee5ng ngay m\u00e0 kh\u00f4ng c\u1ea7n ch\u1edd \u0111\u1ee3i. H\u1ec7 th\u1ed1ng an to\u00e0n ELCB ch\u1ed1ng gi\u1eadt, c\u1ea3m bi\u1ebfn nhi\u1ec7t v\u00e0 n\u01b0\u1edbc \u0111\u1ea3m b\u1ea3o an to\u00e0n tuy\u1ec7t \u0111\u1ed1i. T\u00edch h\u1ee3p c\u01a1 ch\u1ebf t\u1ef1 ng\u1eaft khi \u0111\u1ea1t nhi\u1ec7t \u0111\u1ed9 y\u00eau c\u1ea7u, gi\u00fap ti\u1ebft ki\u1ec7m \u0111i\u1ec7n n\u0103ng. C\u00f4ng ngh\u1ec7 Italy, b\u1ec1n b\u1ec9, ti\u1ec7n l\u1ee3i cho m\u1ecdi gia \u0111\u00ecnh.\" \/>\n<meta property=\"og:url\" content=\"https:\/\/shop.tanadaithanh.vn\/en\/san-pham\/binh-nuoc-nong-truc-tiep-rossi-ris-450p-co-bom-chinh-hang-bao-hanh-1-nam-giao-hang-toan-quoc\/\" \/>\n<meta property=\"og:site_name\" content=\"T\u00e2n \u00c1 \u0110\u1ea1i Th\u00e0nh eShop\" \/>\n<meta property=\"article:publisher\" content=\"https:\/\/www.facebook.com\/profile.php?id=61567171139919\" \/>\n<meta property=\"article:modified_time\" content=\"2025-04-17T06:43:12+00:00\" \/>\n<meta property=\"og:image\" content=\"https:\/\/shop.tanadaithanh.vn\/wp-content\/uploads\/2025\/04\/z6453433435613_5faf922d5ac3eadf5354ce0aefffd842.jpg\" \/>\n\t<meta property=\"og:image:width\" content=\"753\" \/>\n\t<meta property=\"og:image:height\" content=\"753\" \/>\n\t<meta property=\"og:image:type\" content=\"image\/jpeg\" \/>\n<meta name=\"twitter:card\" content=\"summary_large_image\" \/>\n<meta name=\"twitter:label1\" content=\"Est. reading time\" \/>\n\t<meta name=\"twitter:data1\" content=\"2 minutes\" \/>\n<script type=\"application\/ld+json\" class=\"yoast-schema-graph\">{\"@context\":\"https:\/\/schema.org\",\"@graph\":[{\"@type\":\"WebPage\",\"@id\":\"https:\/\/shop.tanadaithanh.vn\/en\/san-pham\/binh-nuoc-nong-truc-tiep-rossi-ris-450p-co-bom-chinh-hang-bao-hanh-1-nam-giao-hang-toan-quoc\/\",\"url\":\"https:\/\/shop.tanadaithanh.vn\/en\/san-pham\/binh-nuoc-nong-truc-tiep-rossi-ris-450p-co-bom-chinh-hang-bao-hanh-1-nam-giao-hang-toan-quoc\/\",\"name\":\"B\u00ecnh n\u01b0\u1edbc n\u00f3ng tr\u1ef1c ti\u1ebfp Rossi RIS-450P c\u00f3 b\u01a1m - Ch\u00ednh h\u00e3ng, B\u1ea3o h\u00e0nh 1 n\u0103m, Giao h\u00e0ng to\u00e0n qu\u1ed1c - T\u00e2n \u00c1 \u0110\u1ea1i Th\u00e0nh eShop\",\"isPartOf\":{\"@id\":\"https:\/\/shop.tanadaithanh.vn\/en\/#website\"},\"primaryImageOfPage\":{\"@id\":\"https:\/\/shop.tanadaithanh.vn\/en\/san-pham\/binh-nuoc-nong-truc-tiep-rossi-ris-450p-co-bom-chinh-hang-bao-hanh-1-nam-giao-hang-toan-quoc\/#primaryimage\"},\"image\":{\"@id\":\"https:\/\/shop.tanadaithanh.vn\/en\/san-pham\/binh-nuoc-nong-truc-tiep-rossi-ris-450p-co-bom-chinh-hang-bao-hanh-1-nam-giao-hang-toan-quoc\/#primaryimage\"},\"thumbnailUrl\":\"https:\/\/shop.tanadaithanh.vn\/wp-content\/uploads\/2025\/04\/z6453433435613_5faf922d5ac3eadf5354ce0aefffd842.jpg\",\"datePublished\":\"2025-04-15T09:52:38+00:00\",\"dateModified\":\"2025-04-17T06:43:12+00:00\",\"breadcrumb\":{\"@id\":\"https:\/\/shop.tanadaithanh.vn\/en\/san-pham\/binh-nuoc-nong-truc-tiep-rossi-ris-450p-co-bom-chinh-hang-bao-hanh-1-nam-giao-hang-toan-quoc\/#breadcrumb\"},\"inLanguage\":\"en-US\",\"potentialAction\":[{\"@type\":\"ReadAction\",\"target\":[\"https:\/\/shop.tanadaithanh.vn\/en\/san-pham\/binh-nuoc-nong-truc-tiep-rossi-ris-450p-co-bom-chinh-hang-bao-hanh-1-nam-giao-hang-toan-quoc\/\"]}]},{\"@type\":\"ImageObject\",\"inLanguage\":\"en-US\",\"@id\":\"https:\/\/shop.tanadaithanh.vn\/en\/san-pham\/binh-nuoc-nong-truc-tiep-rossi-ris-450p-co-bom-chinh-hang-bao-hanh-1-nam-giao-hang-toan-quoc\/#primaryimage\",\"url\":\"https:\/\/shop.tanadaithanh.vn\/wp-content\/uploads\/2025\/04\/z6453433435613_5faf922d5ac3eadf5354ce0aefffd842.jpg\",\"contentUrl\":\"https:\/\/shop.tanadaithanh.vn\/wp-content\/uploads\/2025\/04\/z6453433435613_5faf922d5ac3eadf5354ce0aefffd842.jpg\",\"width\":753,\"height\":753},{\"@type\":\"BreadcrumbList\",\"@id\":\"https:\/\/shop.tanadaithanh.vn\/en\/san-pham\/binh-nuoc-nong-truc-tiep-rossi-ris-450p-co-bom-chinh-hang-bao-hanh-1-nam-giao-hang-toan-quoc\/#breadcrumb\",\"itemListElement\":[{\"@type\":\"ListItem\",\"position\":1,\"name\":\"Trang ch\u1ee7\",\"item\":\"https:\/\/shop.tanadaithanh.vn\/en\/\"},{\"@type\":\"ListItem\",\"position\":2,\"name\":\"Shop\",\"item\":\"https:\/\/shop.tanadaithanh.vn\/cua-hang\/\"},{\"@type\":\"ListItem\",\"position\":3,\"name\":\"B\u00ecnh n\u01b0\u1edbc n\u00f3ng tr\u1ef1c ti\u1ebfp Rossi RIS-450P c\u00f3 b\u01a1m &#8211; Ch\u00ednh h\u00e3ng, B\u1ea3o h\u00e0nh 1 n\u0103m, Giao h\u00e0ng to\u00e0n qu\u1ed1c\"}]},{\"@type\":\"WebSite\",\"@id\":\"https:\/\/shop.tanadaithanh.vn\/en\/#website\",\"url\":\"https:\/\/shop.tanadaithanh.vn\/en\/\",\"name\":\"T\u00e2n \u00c1 \u0110\u1ea1i Th\u00e0nh eShop - Trang website b\u00e1n h\u00e0ng ch\u00ednh th\u1ee9c T\u1eadp \u0111o\u00e0n T\u00e2n \u00c1 \u0110\u1ea1i Th\u00e0nh\",\"description\":\"Website b\u00e1n h\u00e0ng tr\u1ef1c tuy\u1ebfn v\u1eadn h\u00e0nh b\u1edfi ch\u00ednh T\u00e2n \u00c1 \u0110\u1ea1i Th\u00e0nh\",\"publisher\":{\"@id\":\"https:\/\/shop.tanadaithanh.vn\/en\/#organization\"},\"potentialAction\":[{\"@type\":\"SearchAction\",\"target\":{\"@type\":\"EntryPoint\",\"urlTemplate\":\"https:\/\/shop.tanadaithanh.vn\/en\/?s={search_term_string}\"},\"query-input\":{\"@type\":\"PropertyValueSpecification\",\"valueRequired\":true,\"valueName\":\"search_term_string\"}}],\"inLanguage\":\"en-US\"},{\"@type\":\"Organization\",\"@id\":\"https:\/\/shop.tanadaithanh.vn\/en\/#organization\",\"name\":\"T\u00e2n \u00c1 \u0110\u1ea1i Th\u00e0nh eShop - Trang website b\u00e1n h\u00e0ng ch\u00ednh th\u1ee9c T\u1eadp \u0111o\u00e0n T\u00e2n \u00c1 \u0110\u1ea1i Th\u00e0nh\",\"url\":\"https:\/\/shop.tanadaithanh.vn\/en\/\",\"logo\":{\"@type\":\"ImageObject\",\"inLanguage\":\"en-US\",\"@id\":\"https:\/\/shop.tanadaithanh.vn\/en\/#\/schema\/logo\/image\/\",\"url\":\"https:\/\/shop.tanadaithanh.vn\/wp-content\/uploads\/2025\/06\/Logo-2.png\",\"contentUrl\":\"https:\/\/shop.tanadaithanh.vn\/wp-content\/uploads\/2025\/06\/Logo-2.png\",\"width\":2000,\"height\":2000,\"caption\":\"T\u00e2n \u00c1 \u0110\u1ea1i Th\u00e0nh eShop - Trang website b\u00e1n h\u00e0ng ch\u00ednh th\u1ee9c T\u1eadp \u0111o\u00e0n T\u00e2n \u00c1 \u0110\u1ea1i Th\u00e0nh\"},\"image\":{\"@id\":\"https:\/\/shop.tanadaithanh.vn\/en\/#\/schema\/logo\/image\/\"},\"sameAs\":[\"https:\/\/www.facebook.com\/profile.php?id=61567171139919\",\"https:\/\/zalo.me\/3915163699004948284\"]}]}<\/script>\n<!-- \/ Yoast SEO plugin. -->","yoast_head_json":{"title":"B\u00ecnh n\u01b0\u1edbc n\u00f3ng tr\u1ef1c ti\u1ebfp Rossi RIS-450P c\u00f3 b\u01a1m - Ch\u00ednh h\u00e3ng, B\u1ea3o h\u00e0nh 1 n\u0103m, Giao h\u00e0ng to\u00e0n qu\u1ed1c - T\u00e2n \u00c1 \u0110\u1ea1i Th\u00e0nh eShop","robots":{"index":"index","follow":"follow","max-snippet":"max-snippet:-1","max-image-preview":"max-image-preview:large","max-video-preview":"max-video-preview:-1"},"canonical":"https:\/\/shop.tanadaithanh.vn\/en\/san-pham\/binh-nuoc-nong-truc-tiep-rossi-ris-450p-co-bom-chinh-hang-bao-hanh-1-nam-giao-hang-toan-quoc\/","og_locale":"en_US","og_type":"article","og_title":"B\u00ecnh n\u01b0\u1edbc n\u00f3ng tr\u1ef1c ti\u1ebfp Rossi RIS-450P c\u00f3 b\u01a1m - Ch\u00ednh h\u00e3ng, B\u1ea3o h\u00e0nh 1 n\u0103m, Giao h\u00e0ng to\u00e0n qu\u1ed1c - T\u00e2n \u00c1 \u0110\u1ea1i Th\u00e0nh eShop","og_description":"B\u00ecnh n\u01b0\u1edbc n\u00f3ng tr\u1ef1c ti\u1ebfp Rossi RIS-450 \u2013 thi\u1ebft k\u1ebf nh\u1ecf g\u1ecdn, sang tr\u1ecdng, l\u00e0m n\u00f3ng nhanh, s\u1eed d\u1ee5ng ngay m\u00e0 kh\u00f4ng c\u1ea7n ch\u1edd \u0111\u1ee3i. H\u1ec7 th\u1ed1ng an to\u00e0n ELCB ch\u1ed1ng gi\u1eadt, c\u1ea3m bi\u1ebfn nhi\u1ec7t v\u00e0 n\u01b0\u1edbc \u0111\u1ea3m b\u1ea3o an to\u00e0n tuy\u1ec7t \u0111\u1ed1i. T\u00edch h\u1ee3p c\u01a1 ch\u1ebf t\u1ef1 ng\u1eaft khi \u0111\u1ea1t nhi\u1ec7t \u0111\u1ed9 y\u00eau c\u1ea7u, gi\u00fap ti\u1ebft ki\u1ec7m \u0111i\u1ec7n n\u0103ng. C\u00f4ng ngh\u1ec7 Italy, b\u1ec1n b\u1ec9, ti\u1ec7n l\u1ee3i cho m\u1ecdi gia \u0111\u00ecnh.","og_url":"https:\/\/shop.tanadaithanh.vn\/en\/san-pham\/binh-nuoc-nong-truc-tiep-rossi-ris-450p-co-bom-chinh-hang-bao-hanh-1-nam-giao-hang-toan-quoc\/","og_site_name":"T\u00e2n \u00c1 \u0110\u1ea1i Th\u00e0nh eShop","article_publisher":"https:\/\/www.facebook.com\/profile.php?id=61567171139919","article_modified_time":"2025-04-17T06:43:12+00:00","og_image":[{"width":753,"height":753,"url":"https:\/\/shop.tanadaithanh.vn\/wp-content\/uploads\/2025\/04\/z6453433435613_5faf922d5ac3eadf5354ce0aefffd842.jpg","type":"image\/jpeg"}],"twitter_card":"summary_large_image","twitter_misc":{"Est. reading time":"2 minutes"},"schema":{"@context":"https:\/\/schema.org","@graph":[{"@type":"WebPage","@id":"https:\/\/shop.tanadaithanh.vn\/en\/san-pham\/binh-nuoc-nong-truc-tiep-rossi-ris-450p-co-bom-chinh-hang-bao-hanh-1-nam-giao-hang-toan-quoc\/","url":"https:\/\/shop.tanadaithanh.vn\/en\/san-pham\/binh-nuoc-nong-truc-tiep-rossi-ris-450p-co-bom-chinh-hang-bao-hanh-1-nam-giao-hang-toan-quoc\/","name":"B\u00ecnh n\u01b0\u1edbc n\u00f3ng tr\u1ef1c ti\u1ebfp Rossi RIS-450P c\u00f3 b\u01a1m - Ch\u00ednh h\u00e3ng, B\u1ea3o h\u00e0nh 1 n\u0103m, Giao h\u00e0ng to\u00e0n qu\u1ed1c - T\u00e2n \u00c1 \u0110\u1ea1i Th\u00e0nh eShop","isPartOf":{"@id":"https:\/\/shop.tanadaithanh.vn\/en\/#website"},"primaryImageOfPage":{"@id":"https:\/\/shop.tanadaithanh.vn\/en\/san-pham\/binh-nuoc-nong-truc-tiep-rossi-ris-450p-co-bom-chinh-hang-bao-hanh-1-nam-giao-hang-toan-quoc\/#primaryimage"},"image":{"@id":"https:\/\/shop.tanadaithanh.vn\/en\/san-pham\/binh-nuoc-nong-truc-tiep-rossi-ris-450p-co-bom-chinh-hang-bao-hanh-1-nam-giao-hang-toan-quoc\/#primaryimage"},"thumbnailUrl":"https:\/\/shop.tanadaithanh.vn\/wp-content\/uploads\/2025\/04\/z6453433435613_5faf922d5ac3eadf5354ce0aefffd842.jpg","datePublished":"2025-04-15T09:52:38+00:00","dateModified":"2025-04-17T06:43:12+00:00","breadcrumb":{"@id":"https:\/\/shop.tanadaithanh.vn\/en\/san-pham\/binh-nuoc-nong-truc-tiep-rossi-ris-450p-co-bom-chinh-hang-bao-hanh-1-nam-giao-hang-toan-quoc\/#breadcrumb"},"inLanguage":"en-US","potentialAction":[{"@type":"ReadAction","target":["https:\/\/shop.tanadaithanh.vn\/en\/san-pham\/binh-nuoc-nong-truc-tiep-rossi-ris-450p-co-bom-chinh-hang-bao-hanh-1-nam-giao-hang-toan-quoc\/"]}]},{"@type":"ImageObject","inLanguage":"en-US","@id":"https:\/\/shop.tanadaithanh.vn\/en\/san-pham\/binh-nuoc-nong-truc-tiep-rossi-ris-450p-co-bom-chinh-hang-bao-hanh-1-nam-giao-hang-toan-quoc\/#primaryimage","url":"https:\/\/shop.tanadaithanh.vn\/wp-content\/uploads\/2025\/04\/z6453433435613_5faf922d5ac3eadf5354ce0aefffd842.jpg","contentUrl":"https:\/\/shop.tanadaithanh.vn\/wp-content\/uploads\/2025\/04\/z6453433435613_5faf922d5ac3eadf5354ce0aefffd842.jpg","width":753,"height":753},{"@type":"BreadcrumbList","@id":"https:\/\/shop.tanadaithanh.vn\/en\/san-pham\/binh-nuoc-nong-truc-tiep-rossi-ris-450p-co-bom-chinh-hang-bao-hanh-1-nam-giao-hang-toan-quoc\/#breadcrumb","itemListElement":[{"@type":"ListItem","position":1,"name":"Trang ch\u1ee7","item":"https:\/\/shop.tanadaithanh.vn\/en\/"},{"@type":"ListItem","position":2,"name":"Shop","item":"https:\/\/shop.tanadaithanh.vn\/cua-hang\/"},{"@type":"ListItem","position":3,"name":"B\u00ecnh n\u01b0\u1edbc n\u00f3ng tr\u1ef1c ti\u1ebfp Rossi RIS-450P c\u00f3 b\u01a1m &#8211; Ch\u00ednh h\u00e3ng, B\u1ea3o h\u00e0nh 1 n\u0103m, Giao h\u00e0ng to\u00e0n qu\u1ed1c"}]},{"@type":"WebSite","@id":"https:\/\/shop.tanadaithanh.vn\/en\/#website","url":"https:\/\/shop.tanadaithanh.vn\/en\/","name":"T\u00e2n \u00c1 \u0110\u1ea1i Th\u00e0nh eShop - Trang website b\u00e1n h\u00e0ng ch\u00ednh th\u1ee9c T\u1eadp \u0111o\u00e0n T\u00e2n \u00c1 \u0110\u1ea1i Th\u00e0nh","description":"Website b\u00e1n h\u00e0ng tr\u1ef1c tuy\u1ebfn v\u1eadn h\u00e0nh b\u1edfi ch\u00ednh T\u00e2n \u00c1 \u0110\u1ea1i Th\u00e0nh","publisher":{"@id":"https:\/\/shop.tanadaithanh.vn\/en\/#organization"},"potentialAction":[{"@type":"SearchAction","target":{"@type":"EntryPoint","urlTemplate":"https:\/\/shop.tanadaithanh.vn\/en\/?s={search_term_string}"},"query-input":{"@type":"PropertyValueSpecification","valueRequired":true,"valueName":"search_term_string"}}],"inLanguage":"en-US"},{"@type":"Organization","@id":"https:\/\/shop.tanadaithanh.vn\/en\/#organization","name":"T\u00e2n \u00c1 \u0110\u1ea1i Th\u00e0nh eShop - Trang website b\u00e1n h\u00e0ng ch\u00ednh th\u1ee9c T\u1eadp \u0111o\u00e0n T\u00e2n \u00c1 \u0110\u1ea1i Th\u00e0nh","url":"https:\/\/shop.tanadaithanh.vn\/en\/","logo":{"@type":"ImageObject","inLanguage":"en-US","@id":"https:\/\/shop.tanadaithanh.vn\/en\/#\/schema\/logo\/image\/","url":"https:\/\/shop.tanadaithanh.vn\/wp-content\/uploads\/2025\/06\/Logo-2.png","contentUrl":"https:\/\/shop.tanadaithanh.vn\/wp-content\/uploads\/2025\/06\/Logo-2.png","width":2000,"height":2000,"caption":"T\u00e2n \u00c1 \u0110\u1ea1i Th\u00e0nh eShop - Trang website b\u00e1n h\u00e0ng ch\u00ednh th\u1ee9c T\u1eadp \u0111o\u00e0n T\u00e2n \u00c1 \u0110\u1ea1i Th\u00e0nh"},"image":{"@id":"https:\/\/shop.tanadaithanh.vn\/en\/#\/schema\/logo\/image\/"},"sameAs":["https:\/\/www.facebook.com\/profile.php?id=61567171139919","https:\/\/zalo.me\/3915163699004948284"]}]}},"_links":{"self":[{"href":"https:\/\/shop.tanadaithanh.vn\/en\/wp-json\/wp\/v2\/product\/20577","targetHints":{"allow":["GET"]}}],"collection":[{"href":"https:\/\/shop.tanadaithanh.vn\/en\/wp-json\/wp\/v2\/product"}],"about":[{"href":"https:\/\/shop.tanadaithanh.vn\/en\/wp-json\/wp\/v2\/types\/product"}],"replies":[{"embeddable":true,"href":"https:\/\/shop.tanadaithanh.vn\/en\/wp-json\/wp\/v2\/comments?post=20577"}],"version-history":[{"count":2,"href":"https:\/\/shop.tanadaithanh.vn\/en\/wp-json\/wp\/v2\/product\/20577\/revisions"}],"predecessor-version":[{"id":20824,"href":"https:\/\/shop.tanadaithanh.vn\/en\/wp-json\/wp\/v2\/product\/20577\/revisions\/20824"}],"wp:featuredmedia":[{"embeddable":true,"href":"https:\/\/shop.tanadaithanh.vn\/en\/wp-json\/wp\/v2\/media\/20578"}],"wp:attachment":[{"href":"https:\/\/shop.tanadaithanh.vn\/en\/wp-json\/wp\/v2\/media?parent=20577"}],"wp:term":[{"taxonomy":"region","embeddable":true,"href":"https:\/\/shop.tanadaithanh.vn\/en\/wp-json\/wp\/v2\/region?post=20577"},{"taxonomy":"product_brand","embeddable":true,"href":"https:\/\/shop.tanadaithanh.vn\/en\/wp-json\/wp\/v2\/product_brand?post=20577"},{"taxonomy":"product_cat","embeddable":true,"href":"https:\/\/shop.tanadaithanh.vn\/en\/wp-json\/wp\/v2\/product_cat?post=20577"},{"taxonomy":"product_tag","embeddable":true,"href":"https:\/\/shop.tanadaithanh.vn\/en\/wp-json\/wp\/v2\/product_tag?post=20577"}],"curies":[{"name":"wp","href":"https:\/\/api.w.org\/{rel}","templated":true}]}}