{"id":20576,"date":"2025-04-15T16:52:38","date_gmt":"2025-04-15T09:52:38","guid":{"rendered":"https:\/\/shop.tanadaithanh.vn\/product\/binh-nuoc-nong-gian-tiep-rossi-s-series-vuong-30-lit-chinh-hang-bao-hanh-10-nam\/"},"modified":"2025-04-17T13:42:58","modified_gmt":"2025-04-17T06:42:58","slug":"binh-nuoc-nong-gian-tiep-rossi-s-series-vuong-30-lit-chinh-hang-bao-hanh-10-nam","status":"publish","type":"product","link":"https:\/\/shop.tanadaithanh.vn\/en\/san-pham\/binh-nuoc-nong-gian-tiep-rossi-s-series-vuong-30-lit-chinh-hang-bao-hanh-10-nam\/","title":{"rendered":"B\u00ecnh n\u01b0\u1edbc n\u00f3ng gi\u00e1n ti\u1ebfp Rossi S-Series Vu\u00f4ng 30 L\u00edt &#8211; Ch\u00ednh h\u00e3ng, B\u1ea3o H\u00e0nh 10 n\u0103m"},"content":{"rendered":"<p>Rossi S-Series \u2013 B\u00ecnh n\u01b0\u1edbc n\u00f3ng \u0111\u1ea7u ti\u00ean v\u00e0 duy nh\u1ea5t t\u00edch h\u1ee3p b\u1ed9 \u0111i\u1ec1u khi\u1ec3n g\u1eafn t\u01b0\u1eddng th\u00f4ng minh:<br \/>\n&#8211; H\u1eb9n gi\u1edd b\u1eadt t\u1eaft<br \/>\n&#8211; C\u00e0i \u0111\u1eb7t nhi\u1ec7t \u0111\u1ed9 ch\u00ednh x\u00e1c<br \/>\n&#8211; Ghi nh\u1edb th\u00f3i quen s\u1eed d\u1ee5ng<\/p>\n<p>\u2705 \u01afu \u0111i\u1ec3m s\u1ea3n ph\u1ea9m:<br \/>\n&#8211; T\u00edch h\u1ee3p b\u1ed9 \u0111i\u1ec1u khi\u1ec3n g\u1eafn t\u01b0\u1eddng th\u00f4ng minh.<br \/>\n&#8211; B\u1ed9 \u1ed5n nhi\u1ec7t th\u1ebf h\u1ec7 m\u1edbi, c\u00f4ng ngh\u1ec7 Ch\u00e2u \u00c2u, gi\u00fap b\u00ecnh ho\u1ea1t \u0111\u1ed9ng ch\u00ednh x\u00e1c \u0111\u1ebfn t\u1eebng \u0111\u1ed9 C.<br \/>\n&#8211; Ru\u1ed9t b\u00ecnh si\u00eau b\u1ec1n \u0111\u01b0\u1ee3c tr\u00e1ng men kim c\u01b0\u01a1ng nh\u00e2n t\u1ea1o, ch\u1ed1ng bong tr\u00f3c, ch\u1ed1ng \u0103n m\u00f2n v\u00e0 ch\u1ecbu \u00e1p l\u1ef1c cao.<br \/>\n&#8211; L\u1edbp b\u1ea3o \u00f4n v\u1edbi v\u1eadt li\u1ec7u nh\u1eadp kh\u1ea9u cao c\u1ea5p v\u00e0 \u0111\u01b0\u1ee3c phun \u1edf m\u1eadt \u0111\u1ed9 cao gi\u00fap gi\u1eef nhi\u1ec7t t\u1ed1i \u01b0u.<br \/>\n&#8211; T\u00edch h\u1ee3p b\u1ed9 ch\u1ed1ng r\u00f2 \u0111i\u1ec7n ELCB ti\u00eau chu\u1ea9n Ch\u00e2u \u00c2u \u0111\u1ea3m b\u1ea3o an to\u00e0n tuy\u1ec7t \u0111\u1ed1i cho ng\u01b0\u1eddi s\u1eed d\u1ee5ng.<br \/>\n&#8211; \u0110\u01b0\u1eddng x\u1ea3 c\u1eb7n ti\u1ec7n \u00edch: T\u00edch h\u1ee3p thanh Magie \u0111\u01b0\u1eddng k\u00ednh l\u1edbn<br \/>\n&#8211; Van an to\u00e0n \u0111\u1ea3m b\u1ea3o theo c\u00f4ng ngh\u1ec7 \u00dd.<\/p>\n<p>S\u1ef1 ra m\u1eaft c\u1ee7a s\u1ea3n ph\u1ea9m Rossi S-Series c\u0169ng \u0111\u00e3 ghi d\u1ea5u \u1ea5n \u0111\u1ed9t ph\u00e1 trong c\u00f4ng ngh\u1ec7 s\u1ea3n xu\u1ea5t B\u00ecnh n\u01b0\u1edbc n\u00f3ng c\u1ee7a T\u00e2n \u00c1 \u0110\u1ea1i Th\u00e0nh<\/p>\n","protected":false},"excerpt":{"rendered":"<p>&#8211; T\u00edch h\u1ee3p b\u1ed9 \u0111i\u1ec1u khi\u1ec3n g\u1eafn t\u01b0\u1eddng th\u00f4ng minh.<br \/>\n&#8211; B\u1ed9 \u1ed5n nhi\u1ec7t th\u1ebf h\u1ec7 m\u1edbi, c\u00f4ng ngh\u1ec7 Ch\u00e2u \u00c2u, gi\u00fap b\u00ecnh ho\u1ea1t \u0111\u1ed9ng ch\u00ednh x\u00e1c \u0111\u1ebfn t\u1eebng \u0111\u1ed9 C.<br \/>\n&#8211; Ru\u1ed9t b\u00ecnh si\u00eau b\u1ec1n \u0111\u01b0\u1ee3c tr\u00e1ng men kim c\u01b0\u01a1ng nh\u00e2n t\u1ea1o, ch\u1ed1ng bong tr\u00f3c, ch\u1ed1ng \u0103n m\u00f2n v\u00e0 ch\u1ecbu \u00e1p l\u1ef1c cao.<br \/>\n&#8211; L\u1edbp b\u1ea3o \u00f4n v\u1edbi v\u1eadt li\u1ec7u nh\u1eadp kh\u1ea9u cao c\u1ea5p v\u00e0 \u0111\u01b0\u1ee3c phun \u1edf m\u1eadt \u0111\u1ed9 cao gi\u00fap gi\u1eef nhi\u1ec7t t\u1ed1i \u01b0u.<br \/>\n&#8211; T\u00edch h\u1ee3p b\u1ed9 ch\u1ed1ng r\u00f2 \u0111i\u1ec7n ELCB ti\u00eau chu\u1ea9n Ch\u00e2u \u00c2u \u0111\u1ea3m b\u1ea3o an to\u00e0n tuy\u1ec7t \u0111\u1ed1i cho ng\u01b0\u1eddi s\u1eed d\u1ee5ng.<br \/>\n&#8211; \u0110\u01b0\u1eddng x\u1ea3 c\u1eb7n ti\u1ec7n \u00edch: T\u00edch h\u1ee3p thanh Magie \u0111\u01b0\u1eddng k\u00ednh l\u1edbn<br \/>\n&#8211; Van to\u00e0n \u0111\u1ea3m b\u1ea3o theo c\u00f4ng ngh\u1ec7 \u00dd.<\/p>\n","protected":false},"featured_media":20573,"comment_status":"open","ping_status":"closed","template":"","meta":[],"region":[259,260],"product_brand":[],"product_cat":[663,700],"product_tag":[],"class_list":{"0":"post-20576","1":"product","2":"type-product","3":"status-publish","4":"has-post-thumbnail","6":"region-mien-bac","7":"region-mien-nam","8":"product_cat-binh-nuoc-nong","9":"product_cat-binh-nuoc-nong-truc-tiep","10":"pa_cong-suat-2500w","11":"pa_den-hien-thi-trang-thai-co","12":"pa_dien-ap-220v-50hz","13":"pa_he-thong-qlcl-iso-90012015","14":"pa_kich-thuoc-dai-x-rong-x-cao-448-x-378-x-448-mm","15":"pa_nhiet-do-lam-viec-toi-da-75-do","16":"pa_quy-chuan-ap-dung-qcvn-42009-bkhcn-va-sua-doi-12016-qcvn-42009-bkhcn","17":"pa_thiet-bi-an-toan-chong-giat-elcb","18":"pa_thoi-gian-gia-nhiet-30-phut","19":"pa_tieu-chuan-san-xuat-tccs-042021-tahn","21":"first","22":"instock","23":"product-type-simple"},"yoast_head":"<!-- This site is optimized with the Yoast SEO plugin v24.6 - https:\/\/yoast.com\/wordpress\/plugins\/seo\/ -->\n<title>B\u00ecnh n\u01b0\u1edbc n\u00f3ng gi\u00e1n ti\u1ebfp Rossi S-Series Vu\u00f4ng 30 L\u00edt - Ch\u00ednh h\u00e3ng, B\u1ea3o H\u00e0nh 10 n\u0103m - T\u00e2n \u00c1 \u0110\u1ea1i Th\u00e0nh eShop<\/title>\n<meta name=\"robots\" content=\"index, follow, max-snippet:-1, max-image-preview:large, max-video-preview:-1\" \/>\n<link rel=\"canonical\" href=\"https:\/\/shop.tanadaithanh.vn\/en\/san-pham\/binh-nuoc-nong-gian-tiep-rossi-s-series-vuong-30-lit-chinh-hang-bao-hanh-10-nam\/\" \/>\n<meta property=\"og:locale\" content=\"en_US\" \/>\n<meta property=\"og:type\" content=\"article\" \/>\n<meta property=\"og:title\" content=\"B\u00ecnh n\u01b0\u1edbc n\u00f3ng gi\u00e1n ti\u1ebfp Rossi S-Series Vu\u00f4ng 30 L\u00edt - Ch\u00ednh h\u00e3ng, B\u1ea3o H\u00e0nh 10 n\u0103m - T\u00e2n \u00c1 \u0110\u1ea1i Th\u00e0nh eShop\" \/>\n<meta property=\"og:description\" content=\"- T\u00edch h\u1ee3p b\u1ed9 \u0111i\u1ec1u khi\u1ec3n g\u1eafn t\u01b0\u1eddng th\u00f4ng minh. - B\u1ed9 \u1ed5n nhi\u1ec7t th\u1ebf h\u1ec7 m\u1edbi, c\u00f4ng ngh\u1ec7 Ch\u00e2u \u00c2u, gi\u00fap b\u00ecnh ho\u1ea1t \u0111\u1ed9ng ch\u00ednh x\u00e1c \u0111\u1ebfn t\u1eebng \u0111\u1ed9 C. - Ru\u1ed9t b\u00ecnh si\u00eau b\u1ec1n \u0111\u01b0\u1ee3c tr\u00e1ng men kim c\u01b0\u01a1ng nh\u00e2n t\u1ea1o, ch\u1ed1ng bong tr\u00f3c, ch\u1ed1ng \u0103n m\u00f2n v\u00e0 ch\u1ecbu \u00e1p l\u1ef1c cao. - L\u1edbp b\u1ea3o \u00f4n v\u1edbi v\u1eadt li\u1ec7u nh\u1eadp kh\u1ea9u cao c\u1ea5p v\u00e0 \u0111\u01b0\u1ee3c phun \u1edf m\u1eadt \u0111\u1ed9 cao gi\u00fap gi\u1eef nhi\u1ec7t t\u1ed1i \u01b0u. - T\u00edch h\u1ee3p b\u1ed9 ch\u1ed1ng r\u00f2 \u0111i\u1ec7n ELCB ti\u00eau chu\u1ea9n Ch\u00e2u \u00c2u \u0111\u1ea3m b\u1ea3o an to\u00e0n tuy\u1ec7t \u0111\u1ed1i cho ng\u01b0\u1eddi s\u1eed d\u1ee5ng. - \u0110\u01b0\u1eddng x\u1ea3 c\u1eb7n ti\u1ec7n \u00edch: T\u00edch h\u1ee3p thanh Magie \u0111\u01b0\u1eddng k\u00ednh l\u1edbn - Van to\u00e0n \u0111\u1ea3m b\u1ea3o theo c\u00f4ng ngh\u1ec7 \u00dd.\" \/>\n<meta property=\"og:url\" content=\"https:\/\/shop.tanadaithanh.vn\/en\/san-pham\/binh-nuoc-nong-gian-tiep-rossi-s-series-vuong-30-lit-chinh-hang-bao-hanh-10-nam\/\" \/>\n<meta property=\"og:site_name\" content=\"T\u00e2n \u00c1 \u0110\u1ea1i Th\u00e0nh eShop\" \/>\n<meta property=\"article:publisher\" content=\"https:\/\/www.facebook.com\/profile.php?id=61567171139919\" \/>\n<meta property=\"article:modified_time\" content=\"2025-04-17T06:42:58+00:00\" \/>\n<meta property=\"og:image\" content=\"https:\/\/shop.tanadaithanh.vn\/wp-content\/uploads\/2025\/04\/z6453391323209_04c816aec768a0b082c2b13a92ea3696.jpg\" \/>\n\t<meta property=\"og:image:width\" content=\"2000\" \/>\n\t<meta property=\"og:image:height\" content=\"2000\" \/>\n\t<meta property=\"og:image:type\" content=\"image\/jpeg\" \/>\n<meta name=\"twitter:card\" content=\"summary_large_image\" \/>\n<meta name=\"twitter:label1\" content=\"Est. reading time\" \/>\n\t<meta name=\"twitter:data1\" content=\"2 minutes\" \/>\n<script type=\"application\/ld+json\" class=\"yoast-schema-graph\">{\"@context\":\"https:\/\/schema.org\",\"@graph\":[{\"@type\":\"WebPage\",\"@id\":\"https:\/\/shop.tanadaithanh.vn\/en\/san-pham\/binh-nuoc-nong-gian-tiep-rossi-s-series-vuong-30-lit-chinh-hang-bao-hanh-10-nam\/\",\"url\":\"https:\/\/shop.tanadaithanh.vn\/en\/san-pham\/binh-nuoc-nong-gian-tiep-rossi-s-series-vuong-30-lit-chinh-hang-bao-hanh-10-nam\/\",\"name\":\"B\u00ecnh n\u01b0\u1edbc n\u00f3ng gi\u00e1n ti\u1ebfp Rossi S-Series Vu\u00f4ng 30 L\u00edt - Ch\u00ednh h\u00e3ng, B\u1ea3o H\u00e0nh 10 n\u0103m - T\u00e2n \u00c1 \u0110\u1ea1i Th\u00e0nh eShop\",\"isPartOf\":{\"@id\":\"https:\/\/shop.tanadaithanh.vn\/en\/#website\"},\"primaryImageOfPage\":{\"@id\":\"https:\/\/shop.tanadaithanh.vn\/en\/san-pham\/binh-nuoc-nong-gian-tiep-rossi-s-series-vuong-30-lit-chinh-hang-bao-hanh-10-nam\/#primaryimage\"},\"image\":{\"@id\":\"https:\/\/shop.tanadaithanh.vn\/en\/san-pham\/binh-nuoc-nong-gian-tiep-rossi-s-series-vuong-30-lit-chinh-hang-bao-hanh-10-nam\/#primaryimage\"},\"thumbnailUrl\":\"https:\/\/shop.tanadaithanh.vn\/wp-content\/uploads\/2025\/04\/z6453391323209_04c816aec768a0b082c2b13a92ea3696.jpg\",\"datePublished\":\"2025-04-15T09:52:38+00:00\",\"dateModified\":\"2025-04-17T06:42:58+00:00\",\"breadcrumb\":{\"@id\":\"https:\/\/shop.tanadaithanh.vn\/en\/san-pham\/binh-nuoc-nong-gian-tiep-rossi-s-series-vuong-30-lit-chinh-hang-bao-hanh-10-nam\/#breadcrumb\"},\"inLanguage\":\"en-US\",\"potentialAction\":[{\"@type\":\"ReadAction\",\"target\":[\"https:\/\/shop.tanadaithanh.vn\/en\/san-pham\/binh-nuoc-nong-gian-tiep-rossi-s-series-vuong-30-lit-chinh-hang-bao-hanh-10-nam\/\"]}]},{\"@type\":\"ImageObject\",\"inLanguage\":\"en-US\",\"@id\":\"https:\/\/shop.tanadaithanh.vn\/en\/san-pham\/binh-nuoc-nong-gian-tiep-rossi-s-series-vuong-30-lit-chinh-hang-bao-hanh-10-nam\/#primaryimage\",\"url\":\"https:\/\/shop.tanadaithanh.vn\/wp-content\/uploads\/2025\/04\/z6453391323209_04c816aec768a0b082c2b13a92ea3696.jpg\",\"contentUrl\":\"https:\/\/shop.tanadaithanh.vn\/wp-content\/uploads\/2025\/04\/z6453391323209_04c816aec768a0b082c2b13a92ea3696.jpg\",\"width\":2000,\"height\":2000},{\"@type\":\"BreadcrumbList\",\"@id\":\"https:\/\/shop.tanadaithanh.vn\/en\/san-pham\/binh-nuoc-nong-gian-tiep-rossi-s-series-vuong-30-lit-chinh-hang-bao-hanh-10-nam\/#breadcrumb\",\"itemListElement\":[{\"@type\":\"ListItem\",\"position\":1,\"name\":\"Trang ch\u1ee7\",\"item\":\"https:\/\/shop.tanadaithanh.vn\/en\/\"},{\"@type\":\"ListItem\",\"position\":2,\"name\":\"Shop\",\"item\":\"https:\/\/shop.tanadaithanh.vn\/cua-hang\/\"},{\"@type\":\"ListItem\",\"position\":3,\"name\":\"B\u00ecnh n\u01b0\u1edbc n\u00f3ng gi\u00e1n ti\u1ebfp Rossi S-Series Vu\u00f4ng 30 L\u00edt &#8211; Ch\u00ednh h\u00e3ng, B\u1ea3o H\u00e0nh 10 n\u0103m\"}]},{\"@type\":\"WebSite\",\"@id\":\"https:\/\/shop.tanadaithanh.vn\/en\/#website\",\"url\":\"https:\/\/shop.tanadaithanh.vn\/en\/\",\"name\":\"T\u00e2n \u00c1 \u0110\u1ea1i Th\u00e0nh eShop - Trang website b\u00e1n h\u00e0ng ch\u00ednh th\u1ee9c T\u1eadp \u0111o\u00e0n T\u00e2n \u00c1 \u0110\u1ea1i Th\u00e0nh\",\"description\":\"Website b\u00e1n h\u00e0ng tr\u1ef1c tuy\u1ebfn v\u1eadn h\u00e0nh b\u1edfi ch\u00ednh T\u00e2n \u00c1 \u0110\u1ea1i Th\u00e0nh\",\"publisher\":{\"@id\":\"https:\/\/shop.tanadaithanh.vn\/en\/#organization\"},\"potentialAction\":[{\"@type\":\"SearchAction\",\"target\":{\"@type\":\"EntryPoint\",\"urlTemplate\":\"https:\/\/shop.tanadaithanh.vn\/en\/?s={search_term_string}\"},\"query-input\":{\"@type\":\"PropertyValueSpecification\",\"valueRequired\":true,\"valueName\":\"search_term_string\"}}],\"inLanguage\":\"en-US\"},{\"@type\":\"Organization\",\"@id\":\"https:\/\/shop.tanadaithanh.vn\/en\/#organization\",\"name\":\"T\u00e2n \u00c1 \u0110\u1ea1i Th\u00e0nh eShop - Trang website b\u00e1n h\u00e0ng ch\u00ednh th\u1ee9c T\u1eadp \u0111o\u00e0n T\u00e2n \u00c1 \u0110\u1ea1i Th\u00e0nh\",\"url\":\"https:\/\/shop.tanadaithanh.vn\/en\/\",\"logo\":{\"@type\":\"ImageObject\",\"inLanguage\":\"en-US\",\"@id\":\"https:\/\/shop.tanadaithanh.vn\/en\/#\/schema\/logo\/image\/\",\"url\":\"https:\/\/shop.tanadaithanh.vn\/wp-content\/uploads\/2025\/06\/Logo-2.png\",\"contentUrl\":\"https:\/\/shop.tanadaithanh.vn\/wp-content\/uploads\/2025\/06\/Logo-2.png\",\"width\":2000,\"height\":2000,\"caption\":\"T\u00e2n \u00c1 \u0110\u1ea1i Th\u00e0nh eShop - Trang website b\u00e1n h\u00e0ng ch\u00ednh th\u1ee9c T\u1eadp \u0111o\u00e0n T\u00e2n \u00c1 \u0110\u1ea1i Th\u00e0nh\"},\"image\":{\"@id\":\"https:\/\/shop.tanadaithanh.vn\/en\/#\/schema\/logo\/image\/\"},\"sameAs\":[\"https:\/\/www.facebook.com\/profile.php?id=61567171139919\",\"https:\/\/zalo.me\/3915163699004948284\"]}]}<\/script>\n<!-- \/ Yoast SEO plugin. -->","yoast_head_json":{"title":"B\u00ecnh n\u01b0\u1edbc n\u00f3ng gi\u00e1n ti\u1ebfp Rossi S-Series Vu\u00f4ng 30 L\u00edt - Ch\u00ednh h\u00e3ng, B\u1ea3o H\u00e0nh 10 n\u0103m - T\u00e2n \u00c1 \u0110\u1ea1i Th\u00e0nh eShop","robots":{"index":"index","follow":"follow","max-snippet":"max-snippet:-1","max-image-preview":"max-image-preview:large","max-video-preview":"max-video-preview:-1"},"canonical":"https:\/\/shop.tanadaithanh.vn\/en\/san-pham\/binh-nuoc-nong-gian-tiep-rossi-s-series-vuong-30-lit-chinh-hang-bao-hanh-10-nam\/","og_locale":"en_US","og_type":"article","og_title":"B\u00ecnh n\u01b0\u1edbc n\u00f3ng gi\u00e1n ti\u1ebfp Rossi S-Series Vu\u00f4ng 30 L\u00edt - Ch\u00ednh h\u00e3ng, B\u1ea3o H\u00e0nh 10 n\u0103m - T\u00e2n \u00c1 \u0110\u1ea1i Th\u00e0nh eShop","og_description":"- T\u00edch h\u1ee3p b\u1ed9 \u0111i\u1ec1u khi\u1ec3n g\u1eafn t\u01b0\u1eddng th\u00f4ng minh. - B\u1ed9 \u1ed5n nhi\u1ec7t th\u1ebf h\u1ec7 m\u1edbi, c\u00f4ng ngh\u1ec7 Ch\u00e2u \u00c2u, gi\u00fap b\u00ecnh ho\u1ea1t \u0111\u1ed9ng ch\u00ednh x\u00e1c \u0111\u1ebfn t\u1eebng \u0111\u1ed9 C. - Ru\u1ed9t b\u00ecnh si\u00eau b\u1ec1n \u0111\u01b0\u1ee3c tr\u00e1ng men kim c\u01b0\u01a1ng nh\u00e2n t\u1ea1o, ch\u1ed1ng bong tr\u00f3c, ch\u1ed1ng \u0103n m\u00f2n v\u00e0 ch\u1ecbu \u00e1p l\u1ef1c cao. - L\u1edbp b\u1ea3o \u00f4n v\u1edbi v\u1eadt li\u1ec7u nh\u1eadp kh\u1ea9u cao c\u1ea5p v\u00e0 \u0111\u01b0\u1ee3c phun \u1edf m\u1eadt \u0111\u1ed9 cao gi\u00fap gi\u1eef nhi\u1ec7t t\u1ed1i \u01b0u. - T\u00edch h\u1ee3p b\u1ed9 ch\u1ed1ng r\u00f2 \u0111i\u1ec7n ELCB ti\u00eau chu\u1ea9n Ch\u00e2u \u00c2u \u0111\u1ea3m b\u1ea3o an to\u00e0n tuy\u1ec7t \u0111\u1ed1i cho ng\u01b0\u1eddi s\u1eed d\u1ee5ng. - \u0110\u01b0\u1eddng x\u1ea3 c\u1eb7n ti\u1ec7n \u00edch: T\u00edch h\u1ee3p thanh Magie \u0111\u01b0\u1eddng k\u00ednh l\u1edbn - Van to\u00e0n \u0111\u1ea3m b\u1ea3o theo c\u00f4ng ngh\u1ec7 \u00dd.","og_url":"https:\/\/shop.tanadaithanh.vn\/en\/san-pham\/binh-nuoc-nong-gian-tiep-rossi-s-series-vuong-30-lit-chinh-hang-bao-hanh-10-nam\/","og_site_name":"T\u00e2n \u00c1 \u0110\u1ea1i Th\u00e0nh eShop","article_publisher":"https:\/\/www.facebook.com\/profile.php?id=61567171139919","article_modified_time":"2025-04-17T06:42:58+00:00","og_image":[{"width":2000,"height":2000,"url":"https:\/\/shop.tanadaithanh.vn\/wp-content\/uploads\/2025\/04\/z6453391323209_04c816aec768a0b082c2b13a92ea3696.jpg","type":"image\/jpeg"}],"twitter_card":"summary_large_image","twitter_misc":{"Est. reading time":"2 minutes"},"schema":{"@context":"https:\/\/schema.org","@graph":[{"@type":"WebPage","@id":"https:\/\/shop.tanadaithanh.vn\/en\/san-pham\/binh-nuoc-nong-gian-tiep-rossi-s-series-vuong-30-lit-chinh-hang-bao-hanh-10-nam\/","url":"https:\/\/shop.tanadaithanh.vn\/en\/san-pham\/binh-nuoc-nong-gian-tiep-rossi-s-series-vuong-30-lit-chinh-hang-bao-hanh-10-nam\/","name":"B\u00ecnh n\u01b0\u1edbc n\u00f3ng gi\u00e1n ti\u1ebfp Rossi S-Series Vu\u00f4ng 30 L\u00edt - Ch\u00ednh h\u00e3ng, B\u1ea3o H\u00e0nh 10 n\u0103m - T\u00e2n \u00c1 \u0110\u1ea1i Th\u00e0nh eShop","isPartOf":{"@id":"https:\/\/shop.tanadaithanh.vn\/en\/#website"},"primaryImageOfPage":{"@id":"https:\/\/shop.tanadaithanh.vn\/en\/san-pham\/binh-nuoc-nong-gian-tiep-rossi-s-series-vuong-30-lit-chinh-hang-bao-hanh-10-nam\/#primaryimage"},"image":{"@id":"https:\/\/shop.tanadaithanh.vn\/en\/san-pham\/binh-nuoc-nong-gian-tiep-rossi-s-series-vuong-30-lit-chinh-hang-bao-hanh-10-nam\/#primaryimage"},"thumbnailUrl":"https:\/\/shop.tanadaithanh.vn\/wp-content\/uploads\/2025\/04\/z6453391323209_04c816aec768a0b082c2b13a92ea3696.jpg","datePublished":"2025-04-15T09:52:38+00:00","dateModified":"2025-04-17T06:42:58+00:00","breadcrumb":{"@id":"https:\/\/shop.tanadaithanh.vn\/en\/san-pham\/binh-nuoc-nong-gian-tiep-rossi-s-series-vuong-30-lit-chinh-hang-bao-hanh-10-nam\/#breadcrumb"},"inLanguage":"en-US","potentialAction":[{"@type":"ReadAction","target":["https:\/\/shop.tanadaithanh.vn\/en\/san-pham\/binh-nuoc-nong-gian-tiep-rossi-s-series-vuong-30-lit-chinh-hang-bao-hanh-10-nam\/"]}]},{"@type":"ImageObject","inLanguage":"en-US","@id":"https:\/\/shop.tanadaithanh.vn\/en\/san-pham\/binh-nuoc-nong-gian-tiep-rossi-s-series-vuong-30-lit-chinh-hang-bao-hanh-10-nam\/#primaryimage","url":"https:\/\/shop.tanadaithanh.vn\/wp-content\/uploads\/2025\/04\/z6453391323209_04c816aec768a0b082c2b13a92ea3696.jpg","contentUrl":"https:\/\/shop.tanadaithanh.vn\/wp-content\/uploads\/2025\/04\/z6453391323209_04c816aec768a0b082c2b13a92ea3696.jpg","width":2000,"height":2000},{"@type":"BreadcrumbList","@id":"https:\/\/shop.tanadaithanh.vn\/en\/san-pham\/binh-nuoc-nong-gian-tiep-rossi-s-series-vuong-30-lit-chinh-hang-bao-hanh-10-nam\/#breadcrumb","itemListElement":[{"@type":"ListItem","position":1,"name":"Trang ch\u1ee7","item":"https:\/\/shop.tanadaithanh.vn\/en\/"},{"@type":"ListItem","position":2,"name":"Shop","item":"https:\/\/shop.tanadaithanh.vn\/cua-hang\/"},{"@type":"ListItem","position":3,"name":"B\u00ecnh n\u01b0\u1edbc n\u00f3ng gi\u00e1n ti\u1ebfp Rossi S-Series Vu\u00f4ng 30 L\u00edt &#8211; Ch\u00ednh h\u00e3ng, B\u1ea3o H\u00e0nh 10 n\u0103m"}]},{"@type":"WebSite","@id":"https:\/\/shop.tanadaithanh.vn\/en\/#website","url":"https:\/\/shop.tanadaithanh.vn\/en\/","name":"T\u00e2n \u00c1 \u0110\u1ea1i Th\u00e0nh eShop - Trang website b\u00e1n h\u00e0ng ch\u00ednh th\u1ee9c T\u1eadp \u0111o\u00e0n T\u00e2n \u00c1 \u0110\u1ea1i Th\u00e0nh","description":"Website b\u00e1n h\u00e0ng tr\u1ef1c tuy\u1ebfn v\u1eadn h\u00e0nh b\u1edfi ch\u00ednh T\u00e2n \u00c1 \u0110\u1ea1i Th\u00e0nh","publisher":{"@id":"https:\/\/shop.tanadaithanh.vn\/en\/#organization"},"potentialAction":[{"@type":"SearchAction","target":{"@type":"EntryPoint","urlTemplate":"https:\/\/shop.tanadaithanh.vn\/en\/?s={search_term_string}"},"query-input":{"@type":"PropertyValueSpecification","valueRequired":true,"valueName":"search_term_string"}}],"inLanguage":"en-US"},{"@type":"Organization","@id":"https:\/\/shop.tanadaithanh.vn\/en\/#organization","name":"T\u00e2n \u00c1 \u0110\u1ea1i Th\u00e0nh eShop - Trang website b\u00e1n h\u00e0ng ch\u00ednh th\u1ee9c T\u1eadp \u0111o\u00e0n T\u00e2n \u00c1 \u0110\u1ea1i Th\u00e0nh","url":"https:\/\/shop.tanadaithanh.vn\/en\/","logo":{"@type":"ImageObject","inLanguage":"en-US","@id":"https:\/\/shop.tanadaithanh.vn\/en\/#\/schema\/logo\/image\/","url":"https:\/\/shop.tanadaithanh.vn\/wp-content\/uploads\/2025\/06\/Logo-2.png","contentUrl":"https:\/\/shop.tanadaithanh.vn\/wp-content\/uploads\/2025\/06\/Logo-2.png","width":2000,"height":2000,"caption":"T\u00e2n \u00c1 \u0110\u1ea1i Th\u00e0nh eShop - Trang website b\u00e1n h\u00e0ng ch\u00ednh th\u1ee9c T\u1eadp \u0111o\u00e0n T\u00e2n \u00c1 \u0110\u1ea1i Th\u00e0nh"},"image":{"@id":"https:\/\/shop.tanadaithanh.vn\/en\/#\/schema\/logo\/image\/"},"sameAs":["https:\/\/www.facebook.com\/profile.php?id=61567171139919","https:\/\/zalo.me\/3915163699004948284"]}]}},"_links":{"self":[{"href":"https:\/\/shop.tanadaithanh.vn\/en\/wp-json\/wp\/v2\/product\/20576","targetHints":{"allow":["GET"]}}],"collection":[{"href":"https:\/\/shop.tanadaithanh.vn\/en\/wp-json\/wp\/v2\/product"}],"about":[{"href":"https:\/\/shop.tanadaithanh.vn\/en\/wp-json\/wp\/v2\/types\/product"}],"replies":[{"embeddable":true,"href":"https:\/\/shop.tanadaithanh.vn\/en\/wp-json\/wp\/v2\/comments?post=20576"}],"version-history":[{"count":1,"href":"https:\/\/shop.tanadaithanh.vn\/en\/wp-json\/wp\/v2\/product\/20576\/revisions"}],"predecessor-version":[{"id":20755,"href":"https:\/\/shop.tanadaithanh.vn\/en\/wp-json\/wp\/v2\/product\/20576\/revisions\/20755"}],"wp:featuredmedia":[{"embeddable":true,"href":"https:\/\/shop.tanadaithanh.vn\/en\/wp-json\/wp\/v2\/media\/20573"}],"wp:attachment":[{"href":"https:\/\/shop.tanadaithanh.vn\/en\/wp-json\/wp\/v2\/media?parent=20576"}],"wp:term":[{"taxonomy":"region","embeddable":true,"href":"https:\/\/shop.tanadaithanh.vn\/en\/wp-json\/wp\/v2\/region?post=20576"},{"taxonomy":"product_brand","embeddable":true,"href":"https:\/\/shop.tanadaithanh.vn\/en\/wp-json\/wp\/v2\/product_brand?post=20576"},{"taxonomy":"product_cat","embeddable":true,"href":"https:\/\/shop.tanadaithanh.vn\/en\/wp-json\/wp\/v2\/product_cat?post=20576"},{"taxonomy":"product_tag","embeddable":true,"href":"https:\/\/shop.tanadaithanh.vn\/en\/wp-json\/wp\/v2\/product_tag?post=20576"}],"curies":[{"name":"wp","href":"https:\/\/api.w.org\/{rel}","templated":true}]}}