{"id":20566,"date":"2025-04-15T16:52:38","date_gmt":"2025-04-15T09:52:38","guid":{"rendered":"https:\/\/shop.tanadaithanh.vn\/product\/binh-nuoc-nong-gian-tiep-rossi-aquado-vuong-30-lit-chinh-hang-bao-hanh-7-nam\/"},"modified":"2025-11-12T15:23:22","modified_gmt":"2025-11-12T08:23:22","slug":"binh-nuoc-nong-gian-tiep-rossi-aquado-vuong-30-lit-chinh-hang-bao-hanh-7-nam","status":"publish","type":"product","link":"https:\/\/shop.tanadaithanh.vn\/en\/san-pham\/binh-nuoc-nong-gian-tiep-rossi-aquado-vuong-30-lit-chinh-hang-bao-hanh-7-nam\/","title":{"rendered":"B\u00ecnh n\u01b0\u1edbc n\u00f3ng gi\u00e1n ti\u1ebfp Rossi Aquado Vu\u00f4ng 30SQ"},"content":{"rendered":"<p>B\u00ecnh n\u01b0\u1edbc n\u00f3ng Rossi Aquado \u0111\u01b0\u1ee3c \u0111\u1ecbnh v\u1ecb l\u00e0 s\u1ea3n ph\u1ea9m cao c\u1ea5p c\u1ee7a T\u1eadp \u0111o\u00e0n T\u00e2n \u00c1 \u0110\u1ea1i Th\u00e0nh. V\u1edbi thi\u1ebft k\u1ebf ngang hi\u1ec7n \u0111\u1ea1i v\u00e0 nhi\u1ec1u t\u00ednh n\u0103ng n\u1ed5i b\u1eadt, s\u1ea3n ph\u1ea9m n\u00e0y mang l\u1ea1i tr\u1ea3i nghi\u1ec7m s\u1eed d\u1ee5ng an to\u00e0n v\u00e0 ti\u1ec7n l\u1ee3i, \u0111\u00e1p \u1ee9ng nhu c\u1ea7u s\u1eed d\u1ee5ng n\u01b0\u1edbc n\u00f3ng h\u00e0ng ng\u00e0y cho gia \u0111\u00ecnh b\u1ea1n.<\/p>\n<p>\u2705 \u01afu \u0111i\u1ec3m s\u1ea3n ph\u1ea9m:<br \/>\n&#8211; Thanh gia nhi\u1ec7t si\u00eau b\u1ec1n<br \/>\n&#8211; Ru\u1ed9t b\u00ecnh tr\u00e1ng men kim c\u01b0\u01a1ng nh\u00e2n t\u1ea1o si\u00eau b\u1ec1n, ch\u1ed1ng bong tr\u00f3c, ch\u1ed1ng \u0103n m\u00f2n v\u00e0 ch\u1ecbu \u00e1p l\u1ef1c cao<br \/>\n&#8211; L\u1edbp b\u1ea3o \u00f4n gi\u1eef nhi\u1ec7t cao \u0111\u01b0\u1ee3c nh\u1eadp kh\u1ea9u t\u1eeb T\u1eadp \u0111o\u00e0n Dow (M\u1ef9).<br \/>\n&#8211; V\u1ecf nh\u1ef1a \u0111\u01b0\u1ee3c l\u00e0m t\u1eeb nguy\u00ean li\u1ec7u ABS nguy\u00ean sinh ch\u1ecbu \u00e1p l\u1ef1c, va \u0111\u1eadp v\u00e0 n\u00e2ng cao tu\u1ed5i th\u1ecd c\u1ee7a s\u1ea3n ph\u1ea9m.<br \/>\n&#8211; T\u00edch h\u1ee3p b\u1ed9 ch\u1ed1ng r\u00f2 \u0111i\u1ec7n ELCD ti\u00eau chu\u1ea9n Ch\u00e2u \u00c2u, \u0111\u1ea3m b\u1ea3o an to\u00e0n tuy\u1ec7t \u0111\u1ed1i cho ng\u01b0\u1eddi s\u1eed d\u1ee5ng.<\/p>\n<p>B\u00ecnh n\u00f3ng l\u1ea1nh Rossi Aquado l\u00e0 s\u1ef1 l\u1ef1a ch\u1ecdn ho\u00e0n h\u1ea3o cho gia \u0111\u00ecnh b\u1ea1n, mang \u0111\u1ebfn kh\u00f4ng ch\u1ec9 s\u1ef1 ti\u1ec7n \u00edch m\u00e0 c\u00f2n l\u00e0 s\u1ef1 an to\u00e0n trong m\u1ed7i l\u1ea7n s\u1eed d\u1ee5ng. \u0110\u1eb7t h\u00e0ng ngay h\u00f4m nay \u0111\u1ec3 nh\u1eadn \u01b0u \u0111\u00e3i v\u00e0 giao h\u00e0ng mi\u1ec5n ph\u00ed!<\/p>\n<p>#BinhNongLanh #RossiAquado #TanA #ChinhHang #BaoHanh7Nam #15L #20L #30L #RossiAquadoVuong<\/p>\n","protected":false},"excerpt":{"rendered":"<p>B\u00ecnh n\u01b0\u1edbc n\u00f3ng Rossi Aquado \u2013 d\u00f2ng s\u1ea3n ph\u1ea9m cao c\u1ea5p t\u1eeb T\u00e2n \u00c1 \u0110\u1ea1i Th\u00e0nh v\u1edbi thi\u1ebft k\u1ebf ngang hi\u1ec7n \u0111\u1ea1i, ph\u00f9 h\u1ee3p m\u1ecdi kh\u00f4ng gian. Ru\u1ed9t b\u00ecnh tr\u00e1ng men kim c\u01b0\u01a1ng nh\u00e2n t\u1ea1o si\u00eau b\u1ec1n, ch\u1ed1ng \u0103n m\u00f2n, ch\u1ecbu \u00e1p l\u1ef1c cao. Thanh gia nhi\u1ec7t b\u1ea3o h\u00e0nh v\u0129nh vi\u1ec5n, k\u1ebft h\u1ee3p l\u1edbp b\u1ea3o \u00f4n nh\u1eadp kh\u1ea9u gi\u00fap gi\u1eef nhi\u1ec7t t\u1ed1i \u01b0u. V\u1ecf nh\u1ef1a ABS nguy\u00ean sinh ch\u1eafc ch\u1eafn, b\u1ec1n b\u1ec9. An to\u00e0n tuy\u1ec7t \u0111\u1ed1i v\u1edbi b\u1ed9 ch\u1ed1ng r\u00f2 \u0111i\u1ec7n ELCD ti\u00eau chu\u1ea9n Ch\u00e2u \u00c2u.<\/p>\n","protected":false},"featured_media":20564,"comment_status":"open","ping_status":"closed","template":"","meta":[],"region":[259,260],"product_brand":[],"product_cat":[663,693],"product_tag":[],"class_list":{"0":"post-20566","1":"product","2":"type-product","3":"status-publish","4":"has-post-thumbnail","6":"region-mien-bac","7":"region-mien-nam","8":"product_cat-binh-nuoc-nong","9":"product_cat-rossi-aquado","10":"pa_cong-suat-2500w","11":"pa_den-hien-thi-trang-thai-co","12":"pa_dien-ap-220v-50hz","13":"pa_he-thong-qlcl-iso-90012015","14":"pa_kich-thuoc-dai-x-rong-x-cao-511-x-401-x-507-mm","15":"pa_nhiet-do-lam-viec-toi-da-78-do","16":"pa_quy-chuan-ap-dung-qcvn-42009-bkhcn-va-sua-doi-12016-qcvn-42009-bkhcn","17":"pa_thiet-bi-an-toan-chong-giat-elcb","18":"pa_thoi-gian-gia-nhiet-30-phut","19":"pa_tieu-chuan-san-xuat-tccs-042021-tahn","21":"first","22":"instock","23":"product-type-simple"},"yoast_head":"<!-- This site is optimized with the Yoast SEO plugin v24.6 - https:\/\/yoast.com\/wordpress\/plugins\/seo\/ -->\n<title>B\u00ecnh n\u01b0\u1edbc n\u00f3ng gi\u00e1n ti\u1ebfp Rossi Aquado Vu\u00f4ng 30SQ - T\u00e2n \u00c1 \u0110\u1ea1i Th\u00e0nh eShop<\/title>\n<meta name=\"robots\" content=\"index, follow, max-snippet:-1, max-image-preview:large, max-video-preview:-1\" \/>\n<link rel=\"canonical\" href=\"https:\/\/shop.tanadaithanh.vn\/en\/san-pham\/binh-nuoc-nong-gian-tiep-rossi-aquado-vuong-30-lit-chinh-hang-bao-hanh-7-nam\/\" \/>\n<meta property=\"og:locale\" content=\"en_US\" \/>\n<meta property=\"og:type\" content=\"article\" \/>\n<meta property=\"og:title\" content=\"B\u00ecnh n\u01b0\u1edbc n\u00f3ng gi\u00e1n ti\u1ebfp Rossi Aquado Vu\u00f4ng 30SQ - T\u00e2n \u00c1 \u0110\u1ea1i Th\u00e0nh eShop\" \/>\n<meta property=\"og:description\" content=\"B\u00ecnh n\u01b0\u1edbc n\u00f3ng Rossi Aquado \u2013 d\u00f2ng s\u1ea3n ph\u1ea9m cao c\u1ea5p t\u1eeb T\u00e2n \u00c1 \u0110\u1ea1i Th\u00e0nh v\u1edbi thi\u1ebft k\u1ebf ngang hi\u1ec7n \u0111\u1ea1i, ph\u00f9 h\u1ee3p m\u1ecdi kh\u00f4ng gian. Ru\u1ed9t b\u00ecnh tr\u00e1ng men kim c\u01b0\u01a1ng nh\u00e2n t\u1ea1o si\u00eau b\u1ec1n, ch\u1ed1ng \u0103n m\u00f2n, ch\u1ecbu \u00e1p l\u1ef1c cao. Thanh gia nhi\u1ec7t b\u1ea3o h\u00e0nh v\u0129nh vi\u1ec5n, k\u1ebft h\u1ee3p l\u1edbp b\u1ea3o \u00f4n nh\u1eadp kh\u1ea9u gi\u00fap gi\u1eef nhi\u1ec7t t\u1ed1i \u01b0u. V\u1ecf nh\u1ef1a ABS nguy\u00ean sinh ch\u1eafc ch\u1eafn, b\u1ec1n b\u1ec9. An to\u00e0n tuy\u1ec7t \u0111\u1ed1i v\u1edbi b\u1ed9 ch\u1ed1ng r\u00f2 \u0111i\u1ec7n ELCD ti\u00eau chu\u1ea9n Ch\u00e2u \u00c2u.\" \/>\n<meta property=\"og:url\" content=\"https:\/\/shop.tanadaithanh.vn\/en\/san-pham\/binh-nuoc-nong-gian-tiep-rossi-aquado-vuong-30-lit-chinh-hang-bao-hanh-7-nam\/\" \/>\n<meta property=\"og:site_name\" content=\"T\u00e2n \u00c1 \u0110\u1ea1i Th\u00e0nh eShop\" \/>\n<meta property=\"article:publisher\" content=\"https:\/\/www.facebook.com\/profile.php?id=61567171139919\" \/>\n<meta property=\"article:modified_time\" content=\"2025-11-12T08:23:22+00:00\" \/>\n<meta property=\"og:image\" content=\"https:\/\/shop.tanadaithanh.vn\/wp-content\/uploads\/2025\/04\/z6453362439818_2c37f7952f52788a1e02d2e9be49af26.jpg\" \/>\n\t<meta property=\"og:image:width\" content=\"2000\" \/>\n\t<meta property=\"og:image:height\" content=\"2000\" \/>\n\t<meta property=\"og:image:type\" content=\"image\/jpeg\" \/>\n<meta name=\"twitter:card\" content=\"summary_large_image\" \/>\n<meta name=\"twitter:label1\" content=\"Est. reading time\" \/>\n\t<meta name=\"twitter:data1\" content=\"2 minutes\" \/>\n<script type=\"application\/ld+json\" class=\"yoast-schema-graph\">{\"@context\":\"https:\/\/schema.org\",\"@graph\":[{\"@type\":\"WebPage\",\"@id\":\"https:\/\/shop.tanadaithanh.vn\/en\/san-pham\/binh-nuoc-nong-gian-tiep-rossi-aquado-vuong-30-lit-chinh-hang-bao-hanh-7-nam\/\",\"url\":\"https:\/\/shop.tanadaithanh.vn\/en\/san-pham\/binh-nuoc-nong-gian-tiep-rossi-aquado-vuong-30-lit-chinh-hang-bao-hanh-7-nam\/\",\"name\":\"B\u00ecnh n\u01b0\u1edbc n\u00f3ng gi\u00e1n ti\u1ebfp Rossi Aquado Vu\u00f4ng 30SQ - T\u00e2n \u00c1 \u0110\u1ea1i Th\u00e0nh eShop\",\"isPartOf\":{\"@id\":\"https:\/\/shop.tanadaithanh.vn\/en\/#website\"},\"primaryImageOfPage\":{\"@id\":\"https:\/\/shop.tanadaithanh.vn\/en\/san-pham\/binh-nuoc-nong-gian-tiep-rossi-aquado-vuong-30-lit-chinh-hang-bao-hanh-7-nam\/#primaryimage\"},\"image\":{\"@id\":\"https:\/\/shop.tanadaithanh.vn\/en\/san-pham\/binh-nuoc-nong-gian-tiep-rossi-aquado-vuong-30-lit-chinh-hang-bao-hanh-7-nam\/#primaryimage\"},\"thumbnailUrl\":\"https:\/\/shop.tanadaithanh.vn\/wp-content\/uploads\/2025\/04\/z6453362439818_2c37f7952f52788a1e02d2e9be49af26.jpg\",\"datePublished\":\"2025-04-15T09:52:38+00:00\",\"dateModified\":\"2025-11-12T08:23:22+00:00\",\"breadcrumb\":{\"@id\":\"https:\/\/shop.tanadaithanh.vn\/en\/san-pham\/binh-nuoc-nong-gian-tiep-rossi-aquado-vuong-30-lit-chinh-hang-bao-hanh-7-nam\/#breadcrumb\"},\"inLanguage\":\"en-US\",\"potentialAction\":[{\"@type\":\"ReadAction\",\"target\":[\"https:\/\/shop.tanadaithanh.vn\/en\/san-pham\/binh-nuoc-nong-gian-tiep-rossi-aquado-vuong-30-lit-chinh-hang-bao-hanh-7-nam\/\"]}]},{\"@type\":\"ImageObject\",\"inLanguage\":\"en-US\",\"@id\":\"https:\/\/shop.tanadaithanh.vn\/en\/san-pham\/binh-nuoc-nong-gian-tiep-rossi-aquado-vuong-30-lit-chinh-hang-bao-hanh-7-nam\/#primaryimage\",\"url\":\"https:\/\/shop.tanadaithanh.vn\/wp-content\/uploads\/2025\/04\/z6453362439818_2c37f7952f52788a1e02d2e9be49af26.jpg\",\"contentUrl\":\"https:\/\/shop.tanadaithanh.vn\/wp-content\/uploads\/2025\/04\/z6453362439818_2c37f7952f52788a1e02d2e9be49af26.jpg\",\"width\":2000,\"height\":2000},{\"@type\":\"BreadcrumbList\",\"@id\":\"https:\/\/shop.tanadaithanh.vn\/en\/san-pham\/binh-nuoc-nong-gian-tiep-rossi-aquado-vuong-30-lit-chinh-hang-bao-hanh-7-nam\/#breadcrumb\",\"itemListElement\":[{\"@type\":\"ListItem\",\"position\":1,\"name\":\"Trang ch\u1ee7\",\"item\":\"https:\/\/shop.tanadaithanh.vn\/en\/\"},{\"@type\":\"ListItem\",\"position\":2,\"name\":\"Shop\",\"item\":\"https:\/\/shop.tanadaithanh.vn\/cua-hang\/\"},{\"@type\":\"ListItem\",\"position\":3,\"name\":\"B\u00ecnh n\u01b0\u1edbc n\u00f3ng gi\u00e1n ti\u1ebfp Rossi Aquado Vu\u00f4ng 30SQ\"}]},{\"@type\":\"WebSite\",\"@id\":\"https:\/\/shop.tanadaithanh.vn\/en\/#website\",\"url\":\"https:\/\/shop.tanadaithanh.vn\/en\/\",\"name\":\"T\u00e2n \u00c1 \u0110\u1ea1i Th\u00e0nh eShop - Trang website b\u00e1n h\u00e0ng ch\u00ednh th\u1ee9c T\u1eadp \u0111o\u00e0n T\u00e2n \u00c1 \u0110\u1ea1i Th\u00e0nh\",\"description\":\"Website b\u00e1n h\u00e0ng tr\u1ef1c tuy\u1ebfn v\u1eadn h\u00e0nh b\u1edfi ch\u00ednh T\u00e2n \u00c1 \u0110\u1ea1i Th\u00e0nh\",\"publisher\":{\"@id\":\"https:\/\/shop.tanadaithanh.vn\/en\/#organization\"},\"potentialAction\":[{\"@type\":\"SearchAction\",\"target\":{\"@type\":\"EntryPoint\",\"urlTemplate\":\"https:\/\/shop.tanadaithanh.vn\/en\/?s={search_term_string}\"},\"query-input\":{\"@type\":\"PropertyValueSpecification\",\"valueRequired\":true,\"valueName\":\"search_term_string\"}}],\"inLanguage\":\"en-US\"},{\"@type\":\"Organization\",\"@id\":\"https:\/\/shop.tanadaithanh.vn\/en\/#organization\",\"name\":\"T\u00e2n \u00c1 \u0110\u1ea1i Th\u00e0nh eShop - Trang website b\u00e1n h\u00e0ng ch\u00ednh th\u1ee9c T\u1eadp \u0111o\u00e0n T\u00e2n \u00c1 \u0110\u1ea1i Th\u00e0nh\",\"url\":\"https:\/\/shop.tanadaithanh.vn\/en\/\",\"logo\":{\"@type\":\"ImageObject\",\"inLanguage\":\"en-US\",\"@id\":\"https:\/\/shop.tanadaithanh.vn\/en\/#\/schema\/logo\/image\/\",\"url\":\"https:\/\/shop.tanadaithanh.vn\/wp-content\/uploads\/2025\/06\/Logo-2.png\",\"contentUrl\":\"https:\/\/shop.tanadaithanh.vn\/wp-content\/uploads\/2025\/06\/Logo-2.png\",\"width\":2000,\"height\":2000,\"caption\":\"T\u00e2n \u00c1 \u0110\u1ea1i Th\u00e0nh eShop - Trang website b\u00e1n h\u00e0ng ch\u00ednh th\u1ee9c T\u1eadp \u0111o\u00e0n T\u00e2n \u00c1 \u0110\u1ea1i Th\u00e0nh\"},\"image\":{\"@id\":\"https:\/\/shop.tanadaithanh.vn\/en\/#\/schema\/logo\/image\/\"},\"sameAs\":[\"https:\/\/www.facebook.com\/profile.php?id=61567171139919\",\"https:\/\/zalo.me\/3915163699004948284\"]}]}<\/script>\n<!-- \/ Yoast SEO plugin. -->","yoast_head_json":{"title":"B\u00ecnh n\u01b0\u1edbc n\u00f3ng gi\u00e1n ti\u1ebfp Rossi Aquado Vu\u00f4ng 30SQ - T\u00e2n \u00c1 \u0110\u1ea1i Th\u00e0nh eShop","robots":{"index":"index","follow":"follow","max-snippet":"max-snippet:-1","max-image-preview":"max-image-preview:large","max-video-preview":"max-video-preview:-1"},"canonical":"https:\/\/shop.tanadaithanh.vn\/en\/san-pham\/binh-nuoc-nong-gian-tiep-rossi-aquado-vuong-30-lit-chinh-hang-bao-hanh-7-nam\/","og_locale":"en_US","og_type":"article","og_title":"B\u00ecnh n\u01b0\u1edbc n\u00f3ng gi\u00e1n ti\u1ebfp Rossi Aquado Vu\u00f4ng 30SQ - T\u00e2n \u00c1 \u0110\u1ea1i Th\u00e0nh eShop","og_description":"B\u00ecnh n\u01b0\u1edbc n\u00f3ng Rossi Aquado \u2013 d\u00f2ng s\u1ea3n ph\u1ea9m cao c\u1ea5p t\u1eeb T\u00e2n \u00c1 \u0110\u1ea1i Th\u00e0nh v\u1edbi thi\u1ebft k\u1ebf ngang hi\u1ec7n \u0111\u1ea1i, ph\u00f9 h\u1ee3p m\u1ecdi kh\u00f4ng gian. Ru\u1ed9t b\u00ecnh tr\u00e1ng men kim c\u01b0\u01a1ng nh\u00e2n t\u1ea1o si\u00eau b\u1ec1n, ch\u1ed1ng \u0103n m\u00f2n, ch\u1ecbu \u00e1p l\u1ef1c cao. Thanh gia nhi\u1ec7t b\u1ea3o h\u00e0nh v\u0129nh vi\u1ec5n, k\u1ebft h\u1ee3p l\u1edbp b\u1ea3o \u00f4n nh\u1eadp kh\u1ea9u gi\u00fap gi\u1eef nhi\u1ec7t t\u1ed1i \u01b0u. V\u1ecf nh\u1ef1a ABS nguy\u00ean sinh ch\u1eafc ch\u1eafn, b\u1ec1n b\u1ec9. An to\u00e0n tuy\u1ec7t \u0111\u1ed1i v\u1edbi b\u1ed9 ch\u1ed1ng r\u00f2 \u0111i\u1ec7n ELCD ti\u00eau chu\u1ea9n Ch\u00e2u \u00c2u.","og_url":"https:\/\/shop.tanadaithanh.vn\/en\/san-pham\/binh-nuoc-nong-gian-tiep-rossi-aquado-vuong-30-lit-chinh-hang-bao-hanh-7-nam\/","og_site_name":"T\u00e2n \u00c1 \u0110\u1ea1i Th\u00e0nh eShop","article_publisher":"https:\/\/www.facebook.com\/profile.php?id=61567171139919","article_modified_time":"2025-11-12T08:23:22+00:00","og_image":[{"width":2000,"height":2000,"url":"https:\/\/shop.tanadaithanh.vn\/wp-content\/uploads\/2025\/04\/z6453362439818_2c37f7952f52788a1e02d2e9be49af26.jpg","type":"image\/jpeg"}],"twitter_card":"summary_large_image","twitter_misc":{"Est. reading time":"2 minutes"},"schema":{"@context":"https:\/\/schema.org","@graph":[{"@type":"WebPage","@id":"https:\/\/shop.tanadaithanh.vn\/en\/san-pham\/binh-nuoc-nong-gian-tiep-rossi-aquado-vuong-30-lit-chinh-hang-bao-hanh-7-nam\/","url":"https:\/\/shop.tanadaithanh.vn\/en\/san-pham\/binh-nuoc-nong-gian-tiep-rossi-aquado-vuong-30-lit-chinh-hang-bao-hanh-7-nam\/","name":"B\u00ecnh n\u01b0\u1edbc n\u00f3ng gi\u00e1n ti\u1ebfp Rossi Aquado Vu\u00f4ng 30SQ - T\u00e2n \u00c1 \u0110\u1ea1i Th\u00e0nh eShop","isPartOf":{"@id":"https:\/\/shop.tanadaithanh.vn\/en\/#website"},"primaryImageOfPage":{"@id":"https:\/\/shop.tanadaithanh.vn\/en\/san-pham\/binh-nuoc-nong-gian-tiep-rossi-aquado-vuong-30-lit-chinh-hang-bao-hanh-7-nam\/#primaryimage"},"image":{"@id":"https:\/\/shop.tanadaithanh.vn\/en\/san-pham\/binh-nuoc-nong-gian-tiep-rossi-aquado-vuong-30-lit-chinh-hang-bao-hanh-7-nam\/#primaryimage"},"thumbnailUrl":"https:\/\/shop.tanadaithanh.vn\/wp-content\/uploads\/2025\/04\/z6453362439818_2c37f7952f52788a1e02d2e9be49af26.jpg","datePublished":"2025-04-15T09:52:38+00:00","dateModified":"2025-11-12T08:23:22+00:00","breadcrumb":{"@id":"https:\/\/shop.tanadaithanh.vn\/en\/san-pham\/binh-nuoc-nong-gian-tiep-rossi-aquado-vuong-30-lit-chinh-hang-bao-hanh-7-nam\/#breadcrumb"},"inLanguage":"en-US","potentialAction":[{"@type":"ReadAction","target":["https:\/\/shop.tanadaithanh.vn\/en\/san-pham\/binh-nuoc-nong-gian-tiep-rossi-aquado-vuong-30-lit-chinh-hang-bao-hanh-7-nam\/"]}]},{"@type":"ImageObject","inLanguage":"en-US","@id":"https:\/\/shop.tanadaithanh.vn\/en\/san-pham\/binh-nuoc-nong-gian-tiep-rossi-aquado-vuong-30-lit-chinh-hang-bao-hanh-7-nam\/#primaryimage","url":"https:\/\/shop.tanadaithanh.vn\/wp-content\/uploads\/2025\/04\/z6453362439818_2c37f7952f52788a1e02d2e9be49af26.jpg","contentUrl":"https:\/\/shop.tanadaithanh.vn\/wp-content\/uploads\/2025\/04\/z6453362439818_2c37f7952f52788a1e02d2e9be49af26.jpg","width":2000,"height":2000},{"@type":"BreadcrumbList","@id":"https:\/\/shop.tanadaithanh.vn\/en\/san-pham\/binh-nuoc-nong-gian-tiep-rossi-aquado-vuong-30-lit-chinh-hang-bao-hanh-7-nam\/#breadcrumb","itemListElement":[{"@type":"ListItem","position":1,"name":"Trang ch\u1ee7","item":"https:\/\/shop.tanadaithanh.vn\/en\/"},{"@type":"ListItem","position":2,"name":"Shop","item":"https:\/\/shop.tanadaithanh.vn\/cua-hang\/"},{"@type":"ListItem","position":3,"name":"B\u00ecnh n\u01b0\u1edbc n\u00f3ng gi\u00e1n ti\u1ebfp Rossi Aquado Vu\u00f4ng 30SQ"}]},{"@type":"WebSite","@id":"https:\/\/shop.tanadaithanh.vn\/en\/#website","url":"https:\/\/shop.tanadaithanh.vn\/en\/","name":"T\u00e2n \u00c1 \u0110\u1ea1i Th\u00e0nh eShop - Trang website b\u00e1n h\u00e0ng ch\u00ednh th\u1ee9c T\u1eadp \u0111o\u00e0n T\u00e2n \u00c1 \u0110\u1ea1i Th\u00e0nh","description":"Website b\u00e1n h\u00e0ng tr\u1ef1c tuy\u1ebfn v\u1eadn h\u00e0nh b\u1edfi ch\u00ednh T\u00e2n \u00c1 \u0110\u1ea1i Th\u00e0nh","publisher":{"@id":"https:\/\/shop.tanadaithanh.vn\/en\/#organization"},"potentialAction":[{"@type":"SearchAction","target":{"@type":"EntryPoint","urlTemplate":"https:\/\/shop.tanadaithanh.vn\/en\/?s={search_term_string}"},"query-input":{"@type":"PropertyValueSpecification","valueRequired":true,"valueName":"search_term_string"}}],"inLanguage":"en-US"},{"@type":"Organization","@id":"https:\/\/shop.tanadaithanh.vn\/en\/#organization","name":"T\u00e2n \u00c1 \u0110\u1ea1i Th\u00e0nh eShop - Trang website b\u00e1n h\u00e0ng ch\u00ednh th\u1ee9c T\u1eadp \u0111o\u00e0n T\u00e2n \u00c1 \u0110\u1ea1i Th\u00e0nh","url":"https:\/\/shop.tanadaithanh.vn\/en\/","logo":{"@type":"ImageObject","inLanguage":"en-US","@id":"https:\/\/shop.tanadaithanh.vn\/en\/#\/schema\/logo\/image\/","url":"https:\/\/shop.tanadaithanh.vn\/wp-content\/uploads\/2025\/06\/Logo-2.png","contentUrl":"https:\/\/shop.tanadaithanh.vn\/wp-content\/uploads\/2025\/06\/Logo-2.png","width":2000,"height":2000,"caption":"T\u00e2n \u00c1 \u0110\u1ea1i Th\u00e0nh eShop - Trang website b\u00e1n h\u00e0ng ch\u00ednh th\u1ee9c T\u1eadp \u0111o\u00e0n T\u00e2n \u00c1 \u0110\u1ea1i Th\u00e0nh"},"image":{"@id":"https:\/\/shop.tanadaithanh.vn\/en\/#\/schema\/logo\/image\/"},"sameAs":["https:\/\/www.facebook.com\/profile.php?id=61567171139919","https:\/\/zalo.me\/3915163699004948284"]}]}},"_links":{"self":[{"href":"https:\/\/shop.tanadaithanh.vn\/en\/wp-json\/wp\/v2\/product\/20566","targetHints":{"allow":["GET"]}}],"collection":[{"href":"https:\/\/shop.tanadaithanh.vn\/en\/wp-json\/wp\/v2\/product"}],"about":[{"href":"https:\/\/shop.tanadaithanh.vn\/en\/wp-json\/wp\/v2\/types\/product"}],"replies":[{"embeddable":true,"href":"https:\/\/shop.tanadaithanh.vn\/en\/wp-json\/wp\/v2\/comments?post=20566"}],"version-history":[{"count":4,"href":"https:\/\/shop.tanadaithanh.vn\/en\/wp-json\/wp\/v2\/product\/20566\/revisions"}],"predecessor-version":[{"id":28892,"href":"https:\/\/shop.tanadaithanh.vn\/en\/wp-json\/wp\/v2\/product\/20566\/revisions\/28892"}],"wp:featuredmedia":[{"embeddable":true,"href":"https:\/\/shop.tanadaithanh.vn\/en\/wp-json\/wp\/v2\/media\/20564"}],"wp:attachment":[{"href":"https:\/\/shop.tanadaithanh.vn\/en\/wp-json\/wp\/v2\/media?parent=20566"}],"wp:term":[{"taxonomy":"region","embeddable":true,"href":"https:\/\/shop.tanadaithanh.vn\/en\/wp-json\/wp\/v2\/region?post=20566"},{"taxonomy":"product_brand","embeddable":true,"href":"https:\/\/shop.tanadaithanh.vn\/en\/wp-json\/wp\/v2\/product_brand?post=20566"},{"taxonomy":"product_cat","embeddable":true,"href":"https:\/\/shop.tanadaithanh.vn\/en\/wp-json\/wp\/v2\/product_cat?post=20566"},{"taxonomy":"product_tag","embeddable":true,"href":"https:\/\/shop.tanadaithanh.vn\/en\/wp-json\/wp\/v2\/product_tag?post=20566"}],"curies":[{"name":"wp","href":"https:\/\/api.w.org\/{rel}","templated":true}]}}