{"id":20015,"date":"2025-04-14T10:25:36","date_gmt":"2025-04-14T03:25:36","guid":{"rendered":"https:\/\/shop.tanadaithanh.vn\/product\/binh-nuoc-nong-gian-tiep-rossi-amore-vuong-20-lit-hang-chinh-hang-bao-hanh-7-nam\/"},"modified":"2025-11-14T09:18:44","modified_gmt":"2025-11-14T02:18:44","slug":"binh-nuoc-nong-gian-tiep-rossi-amore-vuong-20-lit-hang-chinh-hang-bao-hanh-7-nam","status":"publish","type":"product","link":"https:\/\/shop.tanadaithanh.vn\/en\/san-pham\/binh-nuoc-nong-gian-tiep-rossi-amore-vuong-20-lit-hang-chinh-hang-bao-hanh-7-nam\/","title":{"rendered":"B\u00ecnh n\u01b0\u1edbc n\u00f3ng gi\u00e1n ti\u1ebfp Rossi Amore Vu\u00f4ng 20SQ"},"content":{"rendered":"<p><strong>B\u00ecnh n\u01b0\u1edbc n\u00f3ng Rossi Amore<\/strong> \u0111\u01b0\u1ee3c \u0111\u1ecbnh v\u1ecb l\u00e0 d\u00f2ng s\u1ea3n ph\u1ea9m ti\u1ebft ki\u1ec7m \u0111i\u1ec7n c\u1ee7a th\u01b0\u01a1ng hi\u1ec7u Rossi, t\u00edch h\u1ee3p c\u00f4ng ngh\u1ec7 ti\u00ean ti\u1ebfn t\u1eeb \u00dd. V\u1edbi thi\u1ebft k\u1ebf vu\u00f4ng tinh t\u1ebf v\u00e0 nhi\u1ec1u t\u00ednh n\u0103ng n\u1ed5i b\u1eadt, s\u1ea3n ph\u1ea9m n\u00e0y mang l\u1ea1i cho b\u1ea1n nh\u1eefng kho\u1ea3nh kh\u1eafc th\u01b0 gi\u00e3n, xua tan m\u1ecdi m\u1ec7t m\u1ecfi trong cu\u1ed9c s\u1ed1ng b\u1eb1ng d\u00f2ng n\u01b0\u1edbc \u1ea5m d\u1ec5 ch\u1ecbu.<\/p>\n<p><img fetchpriority=\"high\" decoding=\"async\" class=\" wp-image-25327 aligncenter\" src=\"https:\/\/shop.tanadaithanh.vn\/wp-content\/uploads\/2025\/04\/1-10-1-300x219.jpg\" alt=\"\" width=\"437\" height=\"319\" srcset=\"https:\/\/shop.tanadaithanh.vn\/wp-content\/uploads\/2025\/04\/1-10-1-300x219.jpg 300w, https:\/\/shop.tanadaithanh.vn\/wp-content\/uploads\/2025\/04\/1-10-1-768x562.jpg 768w, https:\/\/shop.tanadaithanh.vn\/wp-content\/uploads\/2025\/04\/1-10-1-150x110.jpg 150w, https:\/\/shop.tanadaithanh.vn\/wp-content\/uploads\/2025\/04\/1-10-1.jpg 875w\" sizes=\"(max-width: 437px) 100vw, 437px\" \/><\/p>\n<h4><span style=\"color: #0000ff;\">1. \u01afu \u0111i\u1ec3m s\u1ea3n ph\u1ea9m:<\/span><\/h4>\n<ul>\n<li><span style=\"color: #333333; font-size: 16px;\"><strong>T\u00edch h\u1ee3p 5 ch\u1ebf \u0111\u1ed9 an to\u00e0n<\/strong> cho tr\u1ea3i nghi\u1ec7m s\u1eed d\u1ee5ng tuy\u1ec7t \u0111\u1ed1i.<\/span><\/li>\n<li><strong>Van an to\u00e0n<\/strong> b\u1ec1n b\u1ec9, ch\u00ednh x\u00e1c.<\/li>\n<li><strong>B\u1ed9 ch\u1ed1ng r\u00f2 \u0111i\u1ec7n ELCB<\/strong> si\u00eau nh\u1ea1y \u0111\u1ea3m b\u1ea3o an to\u00e0n tuy\u1ec7t \u0111\u1ed1i.<\/li>\n<li>Kh\u1ea3 n\u0103ng <strong>ch\u1ed1ng ch\u00e1y kh\u00f4<\/strong> t\u1ef1 b\u1ea3o v\u1ec7 thanh \u0111\u1ed1t.<\/li>\n<li><strong>T\u1ef1 \u0111\u1ed9ng ng\u1eaft<\/strong> khi \u0111\u1ea1t nhi\u1ec7t \u0111\u1ed9 mong mu\u1ed1n.<\/li>\n<li><strong>Ru\u1ed9t b\u00ecnh tr\u00e1ng men kim c\u01b0\u01a1ng<\/strong> nh\u00e2n t\u1ea1o si\u00eau b\u1ec1n.<\/li>\n<li>Thanh gia nhi\u1ec7t hi\u1ec7u su\u1ea5t cao, t\u0103ng hi\u1ec7u su\u1ea5t <strong>l\u00e0m n\u00f3ng \u0111\u1ebfn 87,9%.<\/strong><\/li>\n<\/ul>\n<p><img decoding=\"async\" class=\" wp-image-25330 aligncenter\" src=\"https:\/\/shop.tanadaithanh.vn\/wp-content\/uploads\/2025\/04\/2-5-1-300x219.jpg\" alt=\"\" width=\"443\" height=\"324\" srcset=\"https:\/\/shop.tanadaithanh.vn\/wp-content\/uploads\/2025\/04\/2-5-1-300x219.jpg 300w, https:\/\/shop.tanadaithanh.vn\/wp-content\/uploads\/2025\/04\/2-5-1-768x562.jpg 768w, https:\/\/shop.tanadaithanh.vn\/wp-content\/uploads\/2025\/04\/2-5-1-150x110.jpg 150w, https:\/\/shop.tanadaithanh.vn\/wp-content\/uploads\/2025\/04\/2-5-1.jpg 875w\" sizes=\"(max-width: 443px) 100vw, 443px\" \/><\/p>\n<h4><span style=\"color: #0000ff;\">2. Th\u00f4ng s\u1ed1 k\u1ef9 thu\u1eadt<\/span><\/h4>\n<p><strong>C\u00f4ng su\u1ea5t<\/strong>: 2500W<\/p>\n<p><strong>\u0110i\u1ec7n \u00e1p<\/strong>: 220V\/50Hz<\/p>\n<p><strong>Nhi\u1ec7t \u0111\u1ed9 l\u00e0m vi\u1ec7c t\u1ed1i \u0111a<\/strong>: 78 \u0111\u1ed9<\/p>\n<p><img decoding=\"async\" class=\" wp-image-25334 aligncenter\" src=\"https:\/\/shop.tanadaithanh.vn\/wp-content\/uploads\/2025\/04\/4-6-1-300x219.jpg\" alt=\"\" width=\"495\" height=\"362\" srcset=\"https:\/\/shop.tanadaithanh.vn\/wp-content\/uploads\/2025\/04\/4-6-1-300x219.jpg 300w, https:\/\/shop.tanadaithanh.vn\/wp-content\/uploads\/2025\/04\/4-6-1-768x562.jpg 768w, https:\/\/shop.tanadaithanh.vn\/wp-content\/uploads\/2025\/04\/4-6-1-150x110.jpg 150w, https:\/\/shop.tanadaithanh.vn\/wp-content\/uploads\/2025\/04\/4-6-1.jpg 875w\" sizes=\"(max-width: 495px) 100vw, 495px\" \/><\/p>\n<h4><span style=\"color: #0000ff;\">3. <strong data-start=\"2440\" data-end=\"2511\">L\u1ee3i \u00edch khi s\u1eed d\u1ee5ng b\u00ecnh n\u01b0\u1edbc n\u00f3ng Amore<\/strong><\/span><\/h4>\n<ul>\n<li data-start=\"201\" data-end=\"384\">\n<p data-start=\"204\" data-end=\"251\"><strong data-start=\"207\" data-end=\"251\">L\u00e0m n\u00f3ng si\u00eau nhanh, ti\u1ebft ki\u1ec7m \u0111i\u1ec7n n\u0103ng: <\/strong>Trang b\u1ecb <strong data-start=\"266\" data-end=\"294\">thanh gia nhi\u1ec7t si\u00eau b\u1ec1n<\/strong>, gi\u00fap <strong data-start=\"301\" data-end=\"342\">t\u0103ng hi\u1ec7u su\u1ea5t l\u00e0m n\u00f3ng l\u00ean \u0111\u1ebfn 97.9%<\/strong>, ti\u1ebft ki\u1ec7m th\u1eddi gian v\u00e0 \u0111i\u1ec7n n\u0103ng t\u1ed1i \u0111a.<\/p>\n<\/li>\n<li data-start=\"386\" data-end=\"532\">\n<p data-start=\"389\" data-end=\"427\"><strong data-start=\"392\" data-end=\"427\">\u0110\u1ed9 b\u1ec1n v\u01b0\u1ee3t tr\u1ed9i, b\u1ea3o v\u1ec7 t\u1ed1i \u01b0u: <\/strong><strong data-start=\"433\" data-end=\"475\">Ru\u1ed9t b\u00ecnh tr\u00e1ng men kim c\u01b0\u01a1ng nh\u00e2n t\u1ea1o<\/strong>, ch\u1ed1ng b\u00e1m c\u1eb7n, ch\u1ed1ng \u0103n m\u00f2n, n\u00e2ng cao tu\u1ed5i th\u1ecd s\u1eed d\u1ee5ng.<\/p>\n<\/li>\n<li data-start=\"534\" data-end=\"695\">\n<p data-start=\"537\" data-end=\"575\"><strong data-start=\"540\" data-end=\"575\">L\u00e0m m\u1ec1m n\u01b0\u1edbc, gi\u1ea3m c\u1eb7n hi\u1ec7u qu\u1ea3: <\/strong><strong data-start=\"581\" data-end=\"611\">Thanh magie \u0111\u01b0\u1eddng k\u00ednh l\u1edbn<\/strong> t\u00edch h\u1ee3p trong \u0111\u01b0\u1eddng x\u1ea3 ti\u1ec7n \u00edch, gi\u00fap h\u1ea5p th\u1ee5 t\u1ea1p ch\u1ea5t, k\u00e9o d\u00e0i tu\u1ed5i th\u1ecd thi\u1ebft b\u1ecb.<\/p>\n<\/li>\n<li data-start=\"697\" data-end=\"856\">\n<p data-start=\"700\" data-end=\"738\"><strong data-start=\"702\" data-end=\"738\">An to\u00e0n tuy\u1ec7t \u0111\u1ed1i cho ng\u01b0\u1eddi d\u00f9ng: <\/strong><strong data-start=\"744\" data-end=\"781\">H\u1ec7 th\u1ed1ng ch\u1ed1ng gi\u1eadt ELCB si\u00eau b\u1ec1n<\/strong> \u0111\u1ea3m b\u1ea3o an to\u00e0n \u0111i\u1ec7n t\u1ed1i \u0111a, \u0111\u1eb7c bi\u1ec7t trong m\u00f4i tr\u01b0\u1eddng \u1ea9m \u01b0\u1edbt nh\u01b0 nh\u00e0 t\u1eafm.<\/p>\n<\/li>\n<li data-start=\"858\" data-end=\"977\">\n<p data-start=\"861\" data-end=\"913\"><strong data-start=\"864\" data-end=\"913\">Thi\u1ebft k\u1ebf hi\u1ec7n \u0111\u1ea1i \u2013 d\u1ec5 d\u00e0ng l\u1eafp \u0111\u1eb7t &amp; s\u1eed d\u1ee5ng: <\/strong>G\u1ecdn g\u00e0ng, tinh t\u1ebf, ph\u00f9 h\u1ee3p v\u1edbi nhi\u1ec1u kh\u00f4ng gian ph\u00f2ng t\u1eafm.<\/p>\n<p><img loading=\"lazy\" decoding=\"async\" class=\" wp-image-25332 aligncenter\" src=\"https:\/\/shop.tanadaithanh.vn\/wp-content\/uploads\/2025\/04\/3-3-2-300x219.jpg\" alt=\"\" width=\"478\" height=\"349\" srcset=\"https:\/\/shop.tanadaithanh.vn\/wp-content\/uploads\/2025\/04\/3-3-2-300x219.jpg 300w, https:\/\/shop.tanadaithanh.vn\/wp-content\/uploads\/2025\/04\/3-3-2-768x562.jpg 768w, https:\/\/shop.tanadaithanh.vn\/wp-content\/uploads\/2025\/04\/3-3-2-150x110.jpg 150w, https:\/\/shop.tanadaithanh.vn\/wp-content\/uploads\/2025\/04\/3-3-2.jpg 875w\" sizes=\"(max-width: 478px) 100vw, 478px\" \/><\/li>\n<\/ul>\n<p><strong>B\u00ecnh n\u00f3ng l\u1ea1nh Rossi Amore<\/strong> l\u00e0 s\u1ef1 l\u1ef1a ch\u1ecdn ho\u00e0n h\u1ea3o cho gia \u0111\u00ecnh b\u1ea1n, mang \u0111\u1ebfn kh\u00f4ng ch\u1ec9 s\u1ef1 ti\u1ec7n \u00edch m\u00e0 c\u00f2n l\u00e0 s\u1ef1 an to\u00e0n trong m\u1ed7i l\u1ea7n s\u1eed d\u1ee5ng. \u0110\u1eb7t h\u00e0ng ngay h\u00f4m nay \u0111\u1ec3 nh\u1eadn \u01b0u \u0111\u00e3i v\u00e0 giao h\u00e0ng mi\u1ec5n ph\u00ed!<\/p>\n","protected":false},"excerpt":{"rendered":"<p>B\u00ecnh n\u00f3ng l\u1ea1nh Rossi Amore \u2013 thi\u1ebft k\u1ebf ki\u1ec3u \u00dd sang tr\u1ecdng, ru\u1ed9t b\u00ecnh tr\u00e1ng men kim c\u01b0\u01a1ng nh\u00e2n t\u1ea1o si\u00eau b\u1ec1n, gi\u1eef nhi\u1ec7t l\u00e2u, ti\u1ebft ki\u1ec7m \u0111i\u1ec7n. C\u00f4ng ngh\u1ec7 an to\u00e0n ELCB, b\u1ea3o v\u1ec7 t\u1ed1i \u01b0u.<\/p>\n","protected":false},"featured_media":28785,"comment_status":"open","ping_status":"closed","template":"","meta":[],"region":[259,260],"product_brand":[],"product_cat":[684],"product_tag":[],"class_list":{"0":"post-20015","1":"product","2":"type-product","3":"status-publish","4":"has-post-thumbnail","6":"region-mien-bac","7":"region-mien-nam","8":"product_cat-binh-nuoc-nong-rossi-amore","9":"pa_cong-suat-2500w","10":"pa_den-hien-thi-trang-thai-co","11":"pa_dien-ap-220v-50hz","12":"pa_he-thong-qlcl-iso-90012015","13":"pa_kich-thuoc-dai-x-rong-x-cao-359-x-352-x-359-mm","14":"pa_nhiet-do-lam-viec-toi-da-78-do","15":"pa_quy-chuan-ap-dung-qcvn-42009-bkhcn-va-sua-doi-12016-qcvn-42009-bkhcn","16":"pa_thiet-bi-an-toan-chong-giat-elcb","17":"pa_thoi-gian-gia-nhiet-30-phut","18":"pa_tieu-chuan-san-xuat-tccs-042021-tahn","20":"first","21":"instock","22":"sale","23":"purchasable","24":"product-type-simple"},"yoast_head":"<!-- This site is optimized with the Yoast SEO plugin v24.6 - https:\/\/yoast.com\/wordpress\/plugins\/seo\/ -->\n<title>B\u00ecnh n\u01b0\u1edbc n\u00f3ng gi\u00e1n ti\u1ebfp Rossi Amore Vu\u00f4ng 20SQ - T\u00e2n \u00c1 \u0110\u1ea1i Th\u00e0nh eShop<\/title>\n<meta name=\"robots\" content=\"index, follow, max-snippet:-1, max-image-preview:large, max-video-preview:-1\" \/>\n<link rel=\"canonical\" href=\"https:\/\/shop.tanadaithanh.vn\/en\/san-pham\/binh-nuoc-nong-gian-tiep-rossi-amore-vuong-20-lit-hang-chinh-hang-bao-hanh-7-nam\/\" \/>\n<meta property=\"og:locale\" content=\"en_US\" \/>\n<meta property=\"og:type\" content=\"article\" \/>\n<meta property=\"og:title\" content=\"B\u00ecnh n\u01b0\u1edbc n\u00f3ng gi\u00e1n ti\u1ebfp Rossi Amore Vu\u00f4ng 20SQ - T\u00e2n \u00c1 \u0110\u1ea1i Th\u00e0nh eShop\" \/>\n<meta property=\"og:description\" content=\"B\u00ecnh n\u00f3ng l\u1ea1nh Rossi Amore \u2013 thi\u1ebft k\u1ebf ki\u1ec3u \u00dd sang tr\u1ecdng, ru\u1ed9t b\u00ecnh tr\u00e1ng men kim c\u01b0\u01a1ng nh\u00e2n t\u1ea1o si\u00eau b\u1ec1n, gi\u1eef nhi\u1ec7t l\u00e2u, ti\u1ebft ki\u1ec7m \u0111i\u1ec7n. C\u00f4ng ngh\u1ec7 an to\u00e0n ELCB, b\u1ea3o v\u1ec7 t\u1ed1i \u01b0u.\" \/>\n<meta property=\"og:url\" content=\"https:\/\/shop.tanadaithanh.vn\/en\/san-pham\/binh-nuoc-nong-gian-tiep-rossi-amore-vuong-20-lit-hang-chinh-hang-bao-hanh-7-nam\/\" \/>\n<meta property=\"og:site_name\" content=\"T\u00e2n \u00c1 \u0110\u1ea1i Th\u00e0nh eShop\" \/>\n<meta property=\"article:publisher\" content=\"https:\/\/www.facebook.com\/profile.php?id=61567171139919\" \/>\n<meta property=\"article:modified_time\" content=\"2025-11-14T02:18:44+00:00\" \/>\n<meta property=\"og:image\" content=\"https:\/\/shop.tanadaithanh.vn\/wp-content\/uploads\/2025\/08\/14.jpg\" \/>\n\t<meta property=\"og:image:width\" content=\"1200\" \/>\n\t<meta property=\"og:image:height\" content=\"1200\" \/>\n\t<meta property=\"og:image:type\" content=\"image\/jpeg\" \/>\n<meta name=\"twitter:card\" content=\"summary_large_image\" \/>\n<meta name=\"twitter:label1\" content=\"Est. reading time\" \/>\n\t<meta name=\"twitter:data1\" content=\"3 minutes\" \/>\n<script type=\"application\/ld+json\" class=\"yoast-schema-graph\">{\"@context\":\"https:\/\/schema.org\",\"@graph\":[{\"@type\":\"WebPage\",\"@id\":\"https:\/\/shop.tanadaithanh.vn\/en\/san-pham\/binh-nuoc-nong-gian-tiep-rossi-amore-vuong-20-lit-hang-chinh-hang-bao-hanh-7-nam\/\",\"url\":\"https:\/\/shop.tanadaithanh.vn\/en\/san-pham\/binh-nuoc-nong-gian-tiep-rossi-amore-vuong-20-lit-hang-chinh-hang-bao-hanh-7-nam\/\",\"name\":\"B\u00ecnh n\u01b0\u1edbc n\u00f3ng gi\u00e1n ti\u1ebfp Rossi Amore Vu\u00f4ng 20SQ - T\u00e2n \u00c1 \u0110\u1ea1i Th\u00e0nh eShop\",\"isPartOf\":{\"@id\":\"https:\/\/shop.tanadaithanh.vn\/en\/#website\"},\"primaryImageOfPage\":{\"@id\":\"https:\/\/shop.tanadaithanh.vn\/en\/san-pham\/binh-nuoc-nong-gian-tiep-rossi-amore-vuong-20-lit-hang-chinh-hang-bao-hanh-7-nam\/#primaryimage\"},\"image\":{\"@id\":\"https:\/\/shop.tanadaithanh.vn\/en\/san-pham\/binh-nuoc-nong-gian-tiep-rossi-amore-vuong-20-lit-hang-chinh-hang-bao-hanh-7-nam\/#primaryimage\"},\"thumbnailUrl\":\"https:\/\/shop.tanadaithanh.vn\/wp-content\/uploads\/2025\/08\/14.jpg\",\"datePublished\":\"2025-04-14T03:25:36+00:00\",\"dateModified\":\"2025-11-14T02:18:44+00:00\",\"breadcrumb\":{\"@id\":\"https:\/\/shop.tanadaithanh.vn\/en\/san-pham\/binh-nuoc-nong-gian-tiep-rossi-amore-vuong-20-lit-hang-chinh-hang-bao-hanh-7-nam\/#breadcrumb\"},\"inLanguage\":\"en-US\",\"potentialAction\":[{\"@type\":\"ReadAction\",\"target\":[\"https:\/\/shop.tanadaithanh.vn\/en\/san-pham\/binh-nuoc-nong-gian-tiep-rossi-amore-vuong-20-lit-hang-chinh-hang-bao-hanh-7-nam\/\"]}]},{\"@type\":\"ImageObject\",\"inLanguage\":\"en-US\",\"@id\":\"https:\/\/shop.tanadaithanh.vn\/en\/san-pham\/binh-nuoc-nong-gian-tiep-rossi-amore-vuong-20-lit-hang-chinh-hang-bao-hanh-7-nam\/#primaryimage\",\"url\":\"https:\/\/shop.tanadaithanh.vn\/wp-content\/uploads\/2025\/08\/14.jpg\",\"contentUrl\":\"https:\/\/shop.tanadaithanh.vn\/wp-content\/uploads\/2025\/08\/14.jpg\",\"width\":1200,\"height\":1200},{\"@type\":\"BreadcrumbList\",\"@id\":\"https:\/\/shop.tanadaithanh.vn\/en\/san-pham\/binh-nuoc-nong-gian-tiep-rossi-amore-vuong-20-lit-hang-chinh-hang-bao-hanh-7-nam\/#breadcrumb\",\"itemListElement\":[{\"@type\":\"ListItem\",\"position\":1,\"name\":\"Trang ch\u1ee7\",\"item\":\"https:\/\/shop.tanadaithanh.vn\/en\/\"},{\"@type\":\"ListItem\",\"position\":2,\"name\":\"Shop\",\"item\":\"https:\/\/shop.tanadaithanh.vn\/cua-hang\/\"},{\"@type\":\"ListItem\",\"position\":3,\"name\":\"B\u00ecnh n\u01b0\u1edbc n\u00f3ng gi\u00e1n ti\u1ebfp Rossi Amore Vu\u00f4ng 20SQ\"}]},{\"@type\":\"WebSite\",\"@id\":\"https:\/\/shop.tanadaithanh.vn\/en\/#website\",\"url\":\"https:\/\/shop.tanadaithanh.vn\/en\/\",\"name\":\"T\u00e2n \u00c1 \u0110\u1ea1i Th\u00e0nh eShop - Trang website b\u00e1n h\u00e0ng ch\u00ednh th\u1ee9c T\u1eadp \u0111o\u00e0n T\u00e2n \u00c1 \u0110\u1ea1i Th\u00e0nh\",\"description\":\"Website b\u00e1n h\u00e0ng tr\u1ef1c tuy\u1ebfn v\u1eadn h\u00e0nh b\u1edfi ch\u00ednh T\u00e2n \u00c1 \u0110\u1ea1i Th\u00e0nh\",\"publisher\":{\"@id\":\"https:\/\/shop.tanadaithanh.vn\/en\/#organization\"},\"potentialAction\":[{\"@type\":\"SearchAction\",\"target\":{\"@type\":\"EntryPoint\",\"urlTemplate\":\"https:\/\/shop.tanadaithanh.vn\/en\/?s={search_term_string}\"},\"query-input\":{\"@type\":\"PropertyValueSpecification\",\"valueRequired\":true,\"valueName\":\"search_term_string\"}}],\"inLanguage\":\"en-US\"},{\"@type\":\"Organization\",\"@id\":\"https:\/\/shop.tanadaithanh.vn\/en\/#organization\",\"name\":\"T\u00e2n \u00c1 \u0110\u1ea1i Th\u00e0nh eShop - Trang website b\u00e1n h\u00e0ng ch\u00ednh th\u1ee9c T\u1eadp \u0111o\u00e0n T\u00e2n \u00c1 \u0110\u1ea1i Th\u00e0nh\",\"url\":\"https:\/\/shop.tanadaithanh.vn\/en\/\",\"logo\":{\"@type\":\"ImageObject\",\"inLanguage\":\"en-US\",\"@id\":\"https:\/\/shop.tanadaithanh.vn\/en\/#\/schema\/logo\/image\/\",\"url\":\"https:\/\/shop.tanadaithanh.vn\/wp-content\/uploads\/2025\/06\/Logo-2.png\",\"contentUrl\":\"https:\/\/shop.tanadaithanh.vn\/wp-content\/uploads\/2025\/06\/Logo-2.png\",\"width\":2000,\"height\":2000,\"caption\":\"T\u00e2n \u00c1 \u0110\u1ea1i Th\u00e0nh eShop - Trang website b\u00e1n h\u00e0ng ch\u00ednh th\u1ee9c T\u1eadp \u0111o\u00e0n T\u00e2n \u00c1 \u0110\u1ea1i Th\u00e0nh\"},\"image\":{\"@id\":\"https:\/\/shop.tanadaithanh.vn\/en\/#\/schema\/logo\/image\/\"},\"sameAs\":[\"https:\/\/www.facebook.com\/profile.php?id=61567171139919\",\"https:\/\/zalo.me\/3915163699004948284\"]}]}<\/script>\n<!-- \/ Yoast SEO plugin. -->","yoast_head_json":{"title":"B\u00ecnh n\u01b0\u1edbc n\u00f3ng gi\u00e1n ti\u1ebfp Rossi Amore Vu\u00f4ng 20SQ - T\u00e2n \u00c1 \u0110\u1ea1i Th\u00e0nh eShop","robots":{"index":"index","follow":"follow","max-snippet":"max-snippet:-1","max-image-preview":"max-image-preview:large","max-video-preview":"max-video-preview:-1"},"canonical":"https:\/\/shop.tanadaithanh.vn\/en\/san-pham\/binh-nuoc-nong-gian-tiep-rossi-amore-vuong-20-lit-hang-chinh-hang-bao-hanh-7-nam\/","og_locale":"en_US","og_type":"article","og_title":"B\u00ecnh n\u01b0\u1edbc n\u00f3ng gi\u00e1n ti\u1ebfp Rossi Amore Vu\u00f4ng 20SQ - T\u00e2n \u00c1 \u0110\u1ea1i Th\u00e0nh eShop","og_description":"B\u00ecnh n\u00f3ng l\u1ea1nh Rossi Amore \u2013 thi\u1ebft k\u1ebf ki\u1ec3u \u00dd sang tr\u1ecdng, ru\u1ed9t b\u00ecnh tr\u00e1ng men kim c\u01b0\u01a1ng nh\u00e2n t\u1ea1o si\u00eau b\u1ec1n, gi\u1eef nhi\u1ec7t l\u00e2u, ti\u1ebft ki\u1ec7m \u0111i\u1ec7n. C\u00f4ng ngh\u1ec7 an to\u00e0n ELCB, b\u1ea3o v\u1ec7 t\u1ed1i \u01b0u.","og_url":"https:\/\/shop.tanadaithanh.vn\/en\/san-pham\/binh-nuoc-nong-gian-tiep-rossi-amore-vuong-20-lit-hang-chinh-hang-bao-hanh-7-nam\/","og_site_name":"T\u00e2n \u00c1 \u0110\u1ea1i Th\u00e0nh eShop","article_publisher":"https:\/\/www.facebook.com\/profile.php?id=61567171139919","article_modified_time":"2025-11-14T02:18:44+00:00","og_image":[{"width":1200,"height":1200,"url":"https:\/\/shop.tanadaithanh.vn\/wp-content\/uploads\/2025\/08\/14.jpg","type":"image\/jpeg"}],"twitter_card":"summary_large_image","twitter_misc":{"Est. reading time":"3 minutes"},"schema":{"@context":"https:\/\/schema.org","@graph":[{"@type":"WebPage","@id":"https:\/\/shop.tanadaithanh.vn\/en\/san-pham\/binh-nuoc-nong-gian-tiep-rossi-amore-vuong-20-lit-hang-chinh-hang-bao-hanh-7-nam\/","url":"https:\/\/shop.tanadaithanh.vn\/en\/san-pham\/binh-nuoc-nong-gian-tiep-rossi-amore-vuong-20-lit-hang-chinh-hang-bao-hanh-7-nam\/","name":"B\u00ecnh n\u01b0\u1edbc n\u00f3ng gi\u00e1n ti\u1ebfp Rossi Amore Vu\u00f4ng 20SQ - T\u00e2n \u00c1 \u0110\u1ea1i Th\u00e0nh eShop","isPartOf":{"@id":"https:\/\/shop.tanadaithanh.vn\/en\/#website"},"primaryImageOfPage":{"@id":"https:\/\/shop.tanadaithanh.vn\/en\/san-pham\/binh-nuoc-nong-gian-tiep-rossi-amore-vuong-20-lit-hang-chinh-hang-bao-hanh-7-nam\/#primaryimage"},"image":{"@id":"https:\/\/shop.tanadaithanh.vn\/en\/san-pham\/binh-nuoc-nong-gian-tiep-rossi-amore-vuong-20-lit-hang-chinh-hang-bao-hanh-7-nam\/#primaryimage"},"thumbnailUrl":"https:\/\/shop.tanadaithanh.vn\/wp-content\/uploads\/2025\/08\/14.jpg","datePublished":"2025-04-14T03:25:36+00:00","dateModified":"2025-11-14T02:18:44+00:00","breadcrumb":{"@id":"https:\/\/shop.tanadaithanh.vn\/en\/san-pham\/binh-nuoc-nong-gian-tiep-rossi-amore-vuong-20-lit-hang-chinh-hang-bao-hanh-7-nam\/#breadcrumb"},"inLanguage":"en-US","potentialAction":[{"@type":"ReadAction","target":["https:\/\/shop.tanadaithanh.vn\/en\/san-pham\/binh-nuoc-nong-gian-tiep-rossi-amore-vuong-20-lit-hang-chinh-hang-bao-hanh-7-nam\/"]}]},{"@type":"ImageObject","inLanguage":"en-US","@id":"https:\/\/shop.tanadaithanh.vn\/en\/san-pham\/binh-nuoc-nong-gian-tiep-rossi-amore-vuong-20-lit-hang-chinh-hang-bao-hanh-7-nam\/#primaryimage","url":"https:\/\/shop.tanadaithanh.vn\/wp-content\/uploads\/2025\/08\/14.jpg","contentUrl":"https:\/\/shop.tanadaithanh.vn\/wp-content\/uploads\/2025\/08\/14.jpg","width":1200,"height":1200},{"@type":"BreadcrumbList","@id":"https:\/\/shop.tanadaithanh.vn\/en\/san-pham\/binh-nuoc-nong-gian-tiep-rossi-amore-vuong-20-lit-hang-chinh-hang-bao-hanh-7-nam\/#breadcrumb","itemListElement":[{"@type":"ListItem","position":1,"name":"Trang ch\u1ee7","item":"https:\/\/shop.tanadaithanh.vn\/en\/"},{"@type":"ListItem","position":2,"name":"Shop","item":"https:\/\/shop.tanadaithanh.vn\/cua-hang\/"},{"@type":"ListItem","position":3,"name":"B\u00ecnh n\u01b0\u1edbc n\u00f3ng gi\u00e1n ti\u1ebfp Rossi Amore Vu\u00f4ng 20SQ"}]},{"@type":"WebSite","@id":"https:\/\/shop.tanadaithanh.vn\/en\/#website","url":"https:\/\/shop.tanadaithanh.vn\/en\/","name":"T\u00e2n \u00c1 \u0110\u1ea1i Th\u00e0nh eShop - Trang website b\u00e1n h\u00e0ng ch\u00ednh th\u1ee9c T\u1eadp \u0111o\u00e0n T\u00e2n \u00c1 \u0110\u1ea1i Th\u00e0nh","description":"Website b\u00e1n h\u00e0ng tr\u1ef1c tuy\u1ebfn v\u1eadn h\u00e0nh b\u1edfi ch\u00ednh T\u00e2n \u00c1 \u0110\u1ea1i Th\u00e0nh","publisher":{"@id":"https:\/\/shop.tanadaithanh.vn\/en\/#organization"},"potentialAction":[{"@type":"SearchAction","target":{"@type":"EntryPoint","urlTemplate":"https:\/\/shop.tanadaithanh.vn\/en\/?s={search_term_string}"},"query-input":{"@type":"PropertyValueSpecification","valueRequired":true,"valueName":"search_term_string"}}],"inLanguage":"en-US"},{"@type":"Organization","@id":"https:\/\/shop.tanadaithanh.vn\/en\/#organization","name":"T\u00e2n \u00c1 \u0110\u1ea1i Th\u00e0nh eShop - Trang website b\u00e1n h\u00e0ng ch\u00ednh th\u1ee9c T\u1eadp \u0111o\u00e0n T\u00e2n \u00c1 \u0110\u1ea1i Th\u00e0nh","url":"https:\/\/shop.tanadaithanh.vn\/en\/","logo":{"@type":"ImageObject","inLanguage":"en-US","@id":"https:\/\/shop.tanadaithanh.vn\/en\/#\/schema\/logo\/image\/","url":"https:\/\/shop.tanadaithanh.vn\/wp-content\/uploads\/2025\/06\/Logo-2.png","contentUrl":"https:\/\/shop.tanadaithanh.vn\/wp-content\/uploads\/2025\/06\/Logo-2.png","width":2000,"height":2000,"caption":"T\u00e2n \u00c1 \u0110\u1ea1i Th\u00e0nh eShop - Trang website b\u00e1n h\u00e0ng ch\u00ednh th\u1ee9c T\u1eadp \u0111o\u00e0n T\u00e2n \u00c1 \u0110\u1ea1i Th\u00e0nh"},"image":{"@id":"https:\/\/shop.tanadaithanh.vn\/en\/#\/schema\/logo\/image\/"},"sameAs":["https:\/\/www.facebook.com\/profile.php?id=61567171139919","https:\/\/zalo.me\/3915163699004948284"]}]}},"_links":{"self":[{"href":"https:\/\/shop.tanadaithanh.vn\/en\/wp-json\/wp\/v2\/product\/20015","targetHints":{"allow":["GET"]}}],"collection":[{"href":"https:\/\/shop.tanadaithanh.vn\/en\/wp-json\/wp\/v2\/product"}],"about":[{"href":"https:\/\/shop.tanadaithanh.vn\/en\/wp-json\/wp\/v2\/types\/product"}],"replies":[{"embeddable":true,"href":"https:\/\/shop.tanadaithanh.vn\/en\/wp-json\/wp\/v2\/comments?post=20015"}],"version-history":[{"count":6,"href":"https:\/\/shop.tanadaithanh.vn\/en\/wp-json\/wp\/v2\/product\/20015\/revisions"}],"predecessor-version":[{"id":25343,"href":"https:\/\/shop.tanadaithanh.vn\/en\/wp-json\/wp\/v2\/product\/20015\/revisions\/25343"}],"wp:featuredmedia":[{"embeddable":true,"href":"https:\/\/shop.tanadaithanh.vn\/en\/wp-json\/wp\/v2\/media\/28785"}],"wp:attachment":[{"href":"https:\/\/shop.tanadaithanh.vn\/en\/wp-json\/wp\/v2\/media?parent=20015"}],"wp:term":[{"taxonomy":"region","embeddable":true,"href":"https:\/\/shop.tanadaithanh.vn\/en\/wp-json\/wp\/v2\/region?post=20015"},{"taxonomy":"product_brand","embeddable":true,"href":"https:\/\/shop.tanadaithanh.vn\/en\/wp-json\/wp\/v2\/product_brand?post=20015"},{"taxonomy":"product_cat","embeddable":true,"href":"https:\/\/shop.tanadaithanh.vn\/en\/wp-json\/wp\/v2\/product_cat?post=20015"},{"taxonomy":"product_tag","embeddable":true,"href":"https:\/\/shop.tanadaithanh.vn\/en\/wp-json\/wp\/v2\/product_tag?post=20015"}],"curies":[{"name":"wp","href":"https:\/\/api.w.org\/{rel}","templated":true}]}}