{"id":18468,"date":"2025-04-03T11:02:14","date_gmt":"2025-04-03T04:02:14","guid":{"rendered":"https:\/\/shop.tanadaithanh.vn\/product\/bon-inox-dai-thanh-vigo-sus316-2000l-dung-2\/"},"modified":"2026-04-01T15:53:47","modified_gmt":"2026-04-01T08:53:47","slug":"bon-inox-dai-thanh-vigo-sus316-2000l-dung-2","status":"publish","type":"product","link":"https:\/\/shop.tanadaithanh.vn\/en\/san-pham\/bon-inox-dai-thanh-vigo-sus316-2000l-dung-2\/","title":{"rendered":"B\u1ed3n inox \u0110\u1ea1i Th\u00e0nh Vigo SUS316 \u2013 2000\u0110"},"content":{"rendered":"<p><span style=\"font-weight: 400;\">\u0110\u01b0\u1ee3c s\u1ea3n xu\u1ea5t t\u1eeb 100% inox SUS 316, b\u1ed3n n\u01b0\u1edbc inox \u0110\u1ea1i Th\u00e0nh Vigo \u0111\u1ee9ng 2000L (\u03a61170) s\u1edf h\u1eefu \u0111\u1ea7y \u0111\u1ee7 c\u00e1c \u0111\u1eb7c \u0111i\u1ec3m n\u1ed5i b\u1eadt c\u1ee7a ch\u1ea5t li\u1ec7u cao c\u1ea5p n\u00e0y. K\u1ebft h\u1ee3p c\u00f9ng thi\u1ebft k\u1ebf \u0111a g\u00e2n, ch\u00e2n \u0111\u1ebf v\u1eefng ch\u1eafc, b\u1ed3n n\u01b0\u1edbc inox \u0110\u1ea1i Th\u00e0nh Vigo \u0111\u1ee9ng 2000L (\u03a61170) ch\u00ednh l\u00e0 s\u1ef1 l\u1ef1a ch\u1ecdn l\u00fd t\u01b0\u1edfng cho c\u00e1c gia \u0111\u00ecnh.\u00a0<\/span><\/p>\n<h2><b>Th\u00f4ng s\u1ed1 k\u1ef9 thu\u1eadt B\u1ed3n n\u01b0\u1edbc inox \u0110\u1ea1i Th\u00e0nh Vigo \u0111\u1ee9ng 2000L (\u03a61170)<\/b><\/h2>\n<table>\n<tbody>\n<tr>\n<td><b>T\u00ean s\u1ea3n ph\u1ea9m<\/b><\/td>\n<td><span style=\"font-weight: 400;\">B\u1ed3n n\u01b0\u1edbc inox \u0110\u1ea1i Th\u00e0nh Vigo \u0111\u1ee9ng 2000L<\/span><\/td>\n<\/tr>\n<tr>\n<td><b>\u0110\u01b0\u1eddng k\u00ednh<\/b><\/td>\n<td><span style=\"font-weight: 400;\">1170mm<\/span><\/td>\n<\/tr>\n<tr>\n<td><b>Dung t\u00edch<\/b><\/td>\n<td><span style=\"font-weight: 400;\">2000L<\/span><\/td>\n<\/tr>\n<tr>\n<td><b>Chi\u1ec1u cao<\/b><\/td>\n<td><span style=\"font-weight: 400;\">2095m<\/span><\/td>\n<\/tr>\n<tr>\n<td><b>K\u00edch th\u01b0\u1edbc gi\u00e1 \u0111\u1ee1 (R\u1ed9ng x cao)<\/b><\/td>\n<td><span style=\"font-weight: 400;\">1350 x 2095 mm<\/span><\/td>\n<\/tr>\n<tr>\n<td><b>Ch\u1ea5t li\u1ec7u<\/b><\/td>\n<td><span style=\"font-weight: 400;\">Inox SUS 316<\/span><\/td>\n<\/tr>\n<tr>\n<td><b>Th\u1eddi gian b\u1ea3o h\u00e0nh<\/b><\/td>\n<td><span style=\"font-weight: 400;\">20 n\u0103m<\/span><\/td>\n<\/tr>\n<\/tbody>\n<\/table>\n<h2><b>T\u00ednh n\u0103ng v\u01b0\u1ee3t tr\u1ed9i c\u1ee7a b\u1ed3n n\u01b0\u1edbc inox \u0110\u1ea1i Th\u00e0nh \u0111\u1ee9ng 500L (\u03a6720)<\/b><\/h2>\n<p><span style=\"font-weight: 400;\">Khi ch\u1ea5t l\u01b0\u1ee3ng cu\u1ed9c s\u1ed1ng ng\u00e0y \u0111c n\u00e2ng cao, y\u00eau c\u1ea7u c\u1ee7a ng\u01b0\u1eddi ti\u00eau d\u00f9ng v\u1ec1 c\u00e1c gi\u1ea3i ph\u00e1p l\u01b0u tr\u1eef ngu\u1ed3n n\u01b0\u1edbc sinh ho\u1ea1t c\u0169ng ng\u00e0y c\u00e0ng \u0111\u01b0\u1ee3c t\u0103ng cao. Nh\u1eefng ph\u01b0\u01a1ng ph\u00e1p l\u01b0u tr\u1eef x\u01b0a c\u0169 nh\u01b0 b\u1ed3n b\u00ea t\u00f4ng hay gi\u1ebfng khoan \u0111\u00e3 kh\u00f4ng c\u00f2n ph\u00f9 h\u1ee3p v\u1edbi cu\u1ed9c s\u1ed1ng hi\u1ec7n \u0111\u1ea1i. B\u1ed3n n\u01b0\u1edbc inox tr\u1edf th\u00e0nh s\u1ef1 l\u1ef1a ch\u1ecdn l\u00fd t\u01b0\u1edfng gi\u00fap gi\u1ea3m s\u1ee9c n\u1eb7ng t\u1ed1i \u0111a c\u1ee7a c\u00e1c b\u1ec3 ch\u1ee9a b\u00ea t\u00f4ng, h\u1ea1n ch\u1ebf t\u00ecnh tr\u1ea1ng n\u01b0\u1edbc b\u1ecb r\u00f2 r\u1ec9 sau v\u00e0o n\u0103m s\u1eed d\u1ee5ng.<\/span><\/p>\n<p><span style=\"font-weight: 400;\">Trong s\u1ed1 c\u00e1c s\u1ea3n ph\u1ea9m b\u1ed3n n\u01b0\u1edbc inox tr\u00ean th\u1ecb tr\u01b0\u1eddng, b\u1ed3n n\u01b0\u1edbc inox \u0110\u1ea1i Th\u00e0nh \u0111\u1ee9ng 500L (\u03a6720) n\u1ed5i b\u1eadt khi s\u1edf h\u1eefu nhi\u1ec1u t\u00ednh n\u0103ng v\u01b0\u1ee3t tr\u1ed9i. D\u01b0\u1edbi \u0111\u00e2y l\u00e0 b\u1ea3ng t\u1ed5ng h\u1ee3p nh\u1eefng \u0111\u1eb7c \u0111i\u1ec3m n\u1ed5i b\u1eadt c\u1ee7a d\u00f2ng b\u1ed3n n\u01b0\u1edbc inox n\u00e0y:\u00a0<\/span><\/p>\n<table>\n<tbody>\n<tr>\n<td colspan=\"2\"><strong>T\u00ednh n\u0103ng n\u1ed5i b\u1eadt<\/strong><\/td>\n<\/tr>\n<tr>\n<td><strong>Ch\u1ea5t li\u1ec7u<\/strong><\/td>\n<td>S\u1ea3n xu\u1ea5t t\u1eeb 100% ch\u1ea5t li\u1ec7u inox SUS 316, s\u1ea3n ph\u1ea9m s\u1edf h\u1eefu to\u00e0n b\u1ed9 c\u00e1c \u0111\u1eb7c \u0111i\u1ec3m n\u1ed5i b\u1eadt g\u1ed3m:<\/p>\n<ul>\n<li style=\"font-weight: 400;\" aria-level=\"1\">Ch\u1ed1ng \u0103n m\u00f2n c\u1ef1c t\u1ed1t, k\u1ec3 c\u1ea3 trong c\u00e1c m\u00f4i tr\u01b0\u1eddng c\u00f3 t\u00ednh \u0103n m\u00f2n m\u1ea1nh nh\u01b0: n\u01b0\u1edbc bi\u1ec3n, acid.<\/li>\n<li style=\"font-weight: 400;\" aria-level=\"1\">Ch\u1ecbu \u0111\u01b0\u1ee3c nhi\u1ec7t \u0111\u1ed9 cao.<\/li>\n<li style=\"font-weight: 400;\" aria-level=\"1\">Ch\u1ed1ng ch\u1ecbu t\u1ed1t v\u1edbi c\u00e1c ho\u00e1 ch\u1ea5t nh\u01b0: Acid Sunfuric, Sunfat, Formic, Acetic v\u00e0 Ki\u1ec1m Clorua<\/li>\n<li style=\"font-weight: 400;\" aria-level=\"1\">\u00cdt nhi\u1ec5m t\u1eeb<\/li>\n<li style=\"font-weight: 400;\" aria-level=\"1\">An to\u00e0n v\u1edbi s\u1ee9c kh\u1ecfe ng\u01b0\u1eddi d\u00f9ng<\/li>\n<\/ul>\n<\/td>\n<\/tr>\n<tr>\n<td><strong>C\u00f4ng ngh\u1ec7 h\u00e0n l\u0103n t\u1ef1 \u0111\u1ed9ng<\/strong><\/td>\n<td><span style=\"font-weight: 400;\">C\u00f4ng ngh\u1ec7 h\u00e0n l\u0103n t\u1ef1 \u0111\u1ed9ng l\u00e0 c\u00f4ng ngh\u1ec7 hi\u1ec7n \u0111\u1ea1i tr\u00ean th\u1ebf gi\u1edbi v\u1edbi c\u00e1c \u01b0u \u0111i\u1ec3m n\u1ed5i b\u1eadt g\u1ed3m:<\/span><\/p>\n<ul>\n<li style=\"font-weight: 400;\" aria-level=\"1\"><span style=\"font-weight: 400;\">H\u1ea1n ch\u1ebf t\u1ed1i \u0111a c\u00e1c m\u1ed1i k\u1ebft d\u00ednh, m\u1ed1i h\u00e0n tr\u00ean th\u00e0nh b\u1ed3n, gi\u00fap tr\u00e1nh hi\u1ec7n t\u01b0\u1ee3ng r\u00f2 r\u1ec9 n\u01b0\u1edbc do s\u1eed d\u1ee5ng l\u00e2u ng\u00e0y.<\/span><\/li>\n<li style=\"font-weight: 400;\" aria-level=\"1\"><span style=\"font-weight: 400;\">T\u0103ng th\u1ea9m m\u1ef9 cho s\u1ea3n ph\u1ea9m.\u00a0<\/span><\/li>\n<\/ul>\n<\/td>\n<\/tr>\n<tr>\n<td><strong>Ch\u00e2n \u0111\u1ebf v\u1eefng ch\u1eafc<\/strong><\/td>\n<td><span style=\"font-weight: 400;\">Ch\u00e2n \u0111\u1ebf \u0111\u01b0\u1ee3c l\u00e0m t\u1eeb ch\u1ea5t li\u1ec7u th\u00e9p kh\u00f4ng g\u1ec9 v\u1edbi nhi\u1ec1u t\u00ednh n\u0103ng n\u1ed5i b\u1eadt:\u00a0<\/span><\/p>\n<ul>\n<li style=\"font-weight: 400;\" aria-level=\"1\"><span style=\"font-weight: 400;\">B\u1ec1n b\u1ec9, \u00edt g\u1ec9 s\u00e9t.<\/span><\/li>\n<li style=\"font-weight: 400;\" aria-level=\"1\"><span style=\"font-weight: 400;\">S\u00e1ng b\u00f3ng, b\u1ec1n m\u00e0u theo th\u1eddi gian.<\/span><\/li>\n<\/ul>\n<\/td>\n<\/tr>\n<tr>\n<td><strong>D\u1ec5 th\u00e1o l\u1eafp, v\u1ec7 sinh<\/strong><\/td>\n<td><span style=\"font-weight: 400;\">Thi\u1ebft k\u1ebf \u0111\u1ee9ng gi\u00fap ti\u1ebft ki\u1ec7m di\u1ec7n t\u00edch h\u01a1n b\u1ed3n n\u01b0\u1edbc ngang.\u00a0<\/span><\/p>\n<p><span style=\"font-weight: 400;\">Ngo\u00e0i ra, v\u1edbi x\u1ea3 \u0111\u00e1y \u0111\u01b0\u1ee3c t\u00edch h\u1ee3p \u1edf ph\u1ea7n \u0111\u00e1y b\u1ed3n gi\u00fap ng\u01b0\u1eddi d\u00f9ng c\u00f3 th\u1ec3 d\u1ec5 d\u00e0ng s\u1ee5c r\u1eeda \u0111\u1ecbnh k\u1ef3 \u0111\u1ec3 \u0111\u1ea3m b\u1ea3o ch\u1ea5t l\u01b0\u1ee3ng ngu\u1ed3n n\u01b0\u1edbc lu\u00f4n an to\u00e0n.\u00a0<\/span><\/td>\n<\/tr>\n<tr>\n<td><strong>Thi\u1ebft k\u1ebf g\u00e2n n\u1ed5i\u00a0<\/strong><\/td>\n<td><span style=\"font-weight: 400;\">B\u1ed3n n\u01b0\u1edbc \u0111\u01b0\u1ee3c thi\u1ebft k\u1ebf g\u00e2n n\u1ed5i tr\u00ean th\u00e0nh b\u1ed3n v\u1eeba t\u0103ng th\u1ea9m m\u1ef9 s\u1ea3n ph\u1ea9m v\u1eeba t\u0103ng \u0111\u1ed9 b\u00e1m khi \u0111\u1eb7t b\u1ed3n tr\u00ean n\u1ec1n hay ch\u00e2n \u0111\u1ebf \u0111\u1ee1.\u00a0<\/span><\/p>\n<p><span style=\"font-weight: 400;\">H\u01a1n n\u1eefa, k\u1ebft c\u1ea5u g\u00e2n n\u1ed5i c\u0169ng gi\u00fap ph\u00e2n t\u00e1n l\u1ef1c t\u00e1c \u0111\u1ed9ng l\u00ean th\u00e0nh b\u1ed3n, tr\u00e1nh t\u00ecnh tr\u1ea1ng n\u1ee9t g\u00e3y, r\u00f2 r\u1ec9 khi s\u1eed d\u1ee5ng m\u1ed9t th\u1eddi gian.\u00a0<\/span><\/td>\n<\/tr>\n<\/tbody>\n<\/table>\n<h2><b>Ai n\u00ean ch\u1ecdn b\u1ed3n n\u01b0\u1edbc inox \u0110\u1ea1i Th\u00e0nh Vigo \u0111\u1ee9ng 2000L (\u03a611700)?<\/b><\/h2>\n<p><span style=\"font-weight: 400;\">B\u1ed3n n\u01b0\u1edbc inox \u0110\u1ea1i Th\u00e0nh Vigo \u0111\u1ee9ng v\u1edbi dung t\u00edch 2000L s\u1ebd ph\u00f9 h\u1ee3p v\u1edbi c\u00e1c gia \u0111\u00ecnh \u0111\u00f4ng th\u00e0nh vi\u00ean. Ho\u1eb7c c\u00e1c gia \u0111\u00ecnh nh\u1ecf, t\u1eeb 2-3 th\u00e0nh vi\u00ean nh\u01b0ng kinh doanh qu\u00e1n \u0103n ho\u1eb7c c\u00f3 nhu c\u1ea7u s\u1eed d\u1ee5ng nhi\u1ec1u n\u01b0\u1edbc sinh ho\u1ea1t, b\u1ed3n inox dung t\u00edch 2000L c\u0169ng l\u00e0 s\u1ef1 l\u1ef1a ch\u1ecdn \u0111\u00e1ng c\u00e2n nh\u1eafc<\/span><\/p>\n<p><span style=\"font-weight: 400;\">B\u00ean c\u1ea1nh b\u1ed3n n\u01b0\u1edbc inox, \u0111\u1ec3 \u0111\u1ea3m b\u1ea3o ch\u1ea5t l\u01b0\u1ee3ng ngu\u1ed3n n\u01b0\u1edbc sinh ho\u1ea1t, b\u1ea1n c\u0169ng c\u00f3 th\u1ec3 tham kh\u1ea3o l\u1eafp \u0111\u1eb7t th\u00eam b\u1ed9 l\u1ecdc \u0111\u1ea7u ngu\u1ed3n Beluga 2.1 c\u1ee7a T\u00e2n \u00c1 \u0110\u1ea1i Th\u00e0nh. \u0110\u1eb7c bi\u1ec7t, nh\u1eefng gia \u0111\u00ecnh \u0111ang sinh s\u1ed1ng \u1edf c\u00e1c khu v\u1ef1c c\u00f3 ch\u1ea5t l\u01b0\u1ee3ng ngu\u1ed3n n\u01b0\u1edbc b\u1ecb \u00f4 nhi\u1ec5m n\u1eb7ng, khu v\u1ef1c g\u1ea7n nh\u00e0 m\u00e1y, c\u00e1c khu c\u00f4ng nghi\u1ec7p ho\u1eb7c l\u00e0ng ngh\u1ec1 s\u1ea3n xu\u1ea5t.\u00a0<\/span><\/p>\n<h2><b>Mua b\u1ed3n n\u01b0\u1edbc inox \u0110\u1ea1i Th\u00e0nh Vigo \u0111\u1ee9ng 2000L (\u03a61170) \u1edf \u0111\u00e2u \u0111\u1ec3 \u0111\u1ea3m b\u1ea3o ch\u00ednh h\u00e3ng?<\/b><\/h2>\n<p><span style=\"font-weight: 400;\">L\u00e0 s\u1ea3n ph\u1ea9m n\u1ed5i b\u1eadt tr\u00ean th\u1ecb tr\u01b0\u1eddng n\u00ean b\u1ed3n n\u01b0\u1edbc inox \u0110\u1ea1i Th\u00e0nh Vigo \u0111\u1ee9ng 2000L c\u00f3 t\u1ef7 l\u1ec7 b\u1ecb l\u00e0m gi\u1ea3 r\u1ea5t cao. \u0110\u1ec3 \u0111\u1ea3m b\u1ea3o mua \u0111\u01b0\u1ee3c s\u1ea3n ph\u1ea9m ch\u00ednh h\u00e3ng, ngo\u00e0i c\u00e1c \u0111\u1ea1i l\u00fd ph\u00e2n ph\u1ed1i l\u1edbn c\u00e1c s\u1ea3n ph\u1ea9m c\u1ee7a T\u00e2n \u00c1 \u0110\u1ea1i Th\u00e0nh, b\u1ea1n c\u00f3 th\u1ec3 mua b\u00f4ng n\u01b0\u1edbc inox \u0110\u1ea1i Th\u00e0nh Vigo \u0111\u1ee9ng 2000L c\u0169ng nh\u01b0 c\u00e1c s\u1ea3n ph\u1ea9m kh\u00e1c c\u1ee7a T\u1eadp \u0111o\u00e0n T\u00e2n \u00c1 \u0110\u1ea1i Th\u00e0nh nh\u01b0: b\u1ebfp t\u1eeb, b\u1ed3n nh\u1ef1a, b\u1ed3n t\u1ef1 ho\u1ea1i,&#8230; tr\u00ean website b\u00e1n h\u00e0ng ch\u00ednh h\u00e3ng: <\/span><a href=\"http:\/\/shop.tanadaithanh.vn\"><span style=\"font-weight: 400;\">shop.tanadaithanh.vn<\/span><\/a><span style=\"font-weight: 400;\">.\u00a0<\/span><span style=\"font-weight: 400;\">S\u1edf h\u1eefu nh\u1eefng \u0111\u1eb7c \u0111i\u1ec3m n\u1ed5i b\u1eadt, b\u1ed3n n\u01b0\u1edbc inox \u0110\u1ea1i Th\u00e0nh Vigo \u0111\u1ee9ng 2000L\u00a0 (\u03a611700) ch\u00ednh l\u00e0 kho\u1ea3n \u0111\u1ea7u t\u01b0 th\u00f4ng minh mua 1 l\u1ea7n, d\u00f9ng tr\u1ecdn \u0111\u1eddi.\u00a0<\/span><\/p>\n","protected":false},"excerpt":{"rendered":"<p>V\u1eadt Li\u1ec7u Inox Sus 316:\u00a0S\u1ea3n ph\u1ea9m b\u1ed3n n\u01b0\u1edbc \u0111\u01b0\u1ee3c ch\u1ebf t\u1ea1o b\u1eb1ng v\u1eadt li\u1ec7u th\u00e9p kh\u00f4ng g\u1ec9 si\u00eau b\u1ec1n v\u00e0 kh\u1ea3 n\u0103ng ch\u1ed1ng \u0103n m\u00f2n cao.<\/p>\n<p>C\u00f4ng Ngh\u1ec7 H\u00e0n L\u0103n T\u1ef1 \u0110\u1ed9ng: V\u1edbi c\u00f4ng ngh\u1ec7 ti\u00ean ti\u1ebfn nh\u1ea5t hi\u1ec7n nay, \u0111\u01b0\u1ee3c \u0111i\u1ec1u khi\u1ec3n t\u1ef1 \u0111\u1ed9ng b\u1eb1ng k\u0129 thu\u1eadt s\u1ed1 \u1ee9ng d\u1ee5ng cho vi\u1ec7c s\u1ea3n xu\u1ea5t b\u1ed3n n\u01b0\u1edbc Inox \u0110\u1ea1i Th\u00e0nh<\/p>\n<p>Logo D\u1eadp N\u1ed5i Ch\u1ed1ng H\u00e0ng Gi\u1ea3: C\u00e1c chi ti\u1ebft d\u1eadp n\u1ed7i s\u1eafc s\u1ea3o v\u00e0 ho\u00e0n thi\u1ec7n \u0111\u1ea1t t\u00ednh th\u1ea9m m\u1ef9 cao. Ch\u1ed1ng h\u00e0ng gi\u1ea3, h\u00e0ng nh\u00e1i<\/p>\n","protected":false},"featured_media":28727,"comment_status":"open","ping_status":"closed","template":"","meta":[],"region":[260],"product_brand":[],"product_cat":[182,311,298,297],"product_tag":[],"class_list":{"0":"post-18468","1":"product","2":"type-product","3":"status-publish","4":"has-post-thumbnail","6":"region-mien-nam","7":"product_cat-bon-nuoc-inox","8":"product_cat-bon-inox-2000l","9":"product_cat-bon-inox-dai-thanh-vigo-sus-316","10":"product_cat-bon-inox-dung","12":"first","13":"instock","14":"sale","15":"shipping-taxable","16":"purchasable","17":"product-type-simple"},"yoast_head":"<!-- This site is optimized with the Yoast SEO plugin v24.6 - https:\/\/yoast.com\/wordpress\/plugins\/seo\/ -->\n<title>B\u1ed3n inox \u0110\u1ea1i Th\u00e0nh Vigo SUS316 \u2013 2000\u0110 - T\u00e2n \u00c1 \u0110\u1ea1i Th\u00e0nh eShop<\/title>\n<meta name=\"robots\" content=\"index, follow, max-snippet:-1, max-image-preview:large, max-video-preview:-1\" \/>\n<link rel=\"canonical\" href=\"https:\/\/shop.tanadaithanh.vn\/en\/san-pham\/bon-inox-dai-thanh-vigo-sus316-2000l-dung-2\/\" \/>\n<meta property=\"og:locale\" content=\"en_US\" \/>\n<meta property=\"og:type\" content=\"article\" \/>\n<meta property=\"og:title\" content=\"B\u1ed3n inox \u0110\u1ea1i Th\u00e0nh Vigo SUS316 \u2013 2000\u0110 - T\u00e2n \u00c1 \u0110\u1ea1i Th\u00e0nh eShop\" \/>\n<meta property=\"og:description\" content=\"V\u1eadt Li\u1ec7u Inox Sus 316:\u00a0S\u1ea3n ph\u1ea9m b\u1ed3n n\u01b0\u1edbc \u0111\u01b0\u1ee3c ch\u1ebf t\u1ea1o b\u1eb1ng v\u1eadt li\u1ec7u th\u00e9p kh\u00f4ng g\u1ec9 si\u00eau b\u1ec1n v\u00e0 kh\u1ea3 n\u0103ng ch\u1ed1ng \u0103n m\u00f2n cao.  C\u00f4ng Ngh\u1ec7 H\u00e0n L\u0103n T\u1ef1 \u0110\u1ed9ng: V\u1edbi c\u00f4ng ngh\u1ec7 ti\u00ean ti\u1ebfn nh\u1ea5t hi\u1ec7n nay, \u0111\u01b0\u1ee3c \u0111i\u1ec1u khi\u1ec3n t\u1ef1 \u0111\u1ed9ng b\u1eb1ng k\u0129 thu\u1eadt s\u1ed1 \u1ee9ng d\u1ee5ng cho vi\u1ec7c s\u1ea3n xu\u1ea5t b\u1ed3n n\u01b0\u1edbc Inox \u0110\u1ea1i Th\u00e0nh  Logo D\u1eadp N\u1ed5i Ch\u1ed1ng H\u00e0ng Gi\u1ea3: C\u00e1c chi ti\u1ebft d\u1eadp n\u1ed7i s\u1eafc s\u1ea3o v\u00e0 ho\u00e0n thi\u1ec7n \u0111\u1ea1t t\u00ednh th\u1ea9m m\u1ef9 cao. Ch\u1ed1ng h\u00e0ng gi\u1ea3, h\u00e0ng nh\u00e1i\" \/>\n<meta property=\"og:url\" content=\"https:\/\/shop.tanadaithanh.vn\/en\/san-pham\/bon-inox-dai-thanh-vigo-sus316-2000l-dung-2\/\" \/>\n<meta property=\"og:site_name\" content=\"T\u00e2n \u00c1 \u0110\u1ea1i Th\u00e0nh eShop\" \/>\n<meta property=\"article:publisher\" content=\"https:\/\/www.facebook.com\/profile.php?id=61567171139919\" \/>\n<meta property=\"article:modified_time\" content=\"2026-04-01T08:53:47+00:00\" \/>\n<meta property=\"og:image\" content=\"https:\/\/shop.tanadaithanh.vn\/wp-content\/uploads\/2025\/08\/38.jpg\" \/>\n\t<meta property=\"og:image:width\" content=\"1200\" \/>\n\t<meta property=\"og:image:height\" content=\"1200\" \/>\n\t<meta property=\"og:image:type\" content=\"image\/jpeg\" \/>\n<meta name=\"twitter:card\" content=\"summary_large_image\" \/>\n<meta name=\"twitter:label1\" content=\"Est. reading time\" \/>\n\t<meta name=\"twitter:data1\" content=\"5 minutes\" \/>\n<script type=\"application\/ld+json\" class=\"yoast-schema-graph\">{\"@context\":\"https:\/\/schema.org\",\"@graph\":[{\"@type\":\"WebPage\",\"@id\":\"https:\/\/shop.tanadaithanh.vn\/en\/san-pham\/bon-inox-dai-thanh-vigo-sus316-2000l-dung-2\/\",\"url\":\"https:\/\/shop.tanadaithanh.vn\/en\/san-pham\/bon-inox-dai-thanh-vigo-sus316-2000l-dung-2\/\",\"name\":\"B\u1ed3n inox \u0110\u1ea1i Th\u00e0nh Vigo SUS316 \u2013 2000\u0110 - T\u00e2n \u00c1 \u0110\u1ea1i Th\u00e0nh eShop\",\"isPartOf\":{\"@id\":\"https:\/\/shop.tanadaithanh.vn\/en\/#website\"},\"primaryImageOfPage\":{\"@id\":\"https:\/\/shop.tanadaithanh.vn\/en\/san-pham\/bon-inox-dai-thanh-vigo-sus316-2000l-dung-2\/#primaryimage\"},\"image\":{\"@id\":\"https:\/\/shop.tanadaithanh.vn\/en\/san-pham\/bon-inox-dai-thanh-vigo-sus316-2000l-dung-2\/#primaryimage\"},\"thumbnailUrl\":\"https:\/\/shop.tanadaithanh.vn\/wp-content\/uploads\/2025\/08\/38.jpg\",\"datePublished\":\"2025-04-03T04:02:14+00:00\",\"dateModified\":\"2026-04-01T08:53:47+00:00\",\"breadcrumb\":{\"@id\":\"https:\/\/shop.tanadaithanh.vn\/en\/san-pham\/bon-inox-dai-thanh-vigo-sus316-2000l-dung-2\/#breadcrumb\"},\"inLanguage\":\"en-US\",\"potentialAction\":[{\"@type\":\"ReadAction\",\"target\":[\"https:\/\/shop.tanadaithanh.vn\/en\/san-pham\/bon-inox-dai-thanh-vigo-sus316-2000l-dung-2\/\"]}]},{\"@type\":\"ImageObject\",\"inLanguage\":\"en-US\",\"@id\":\"https:\/\/shop.tanadaithanh.vn\/en\/san-pham\/bon-inox-dai-thanh-vigo-sus316-2000l-dung-2\/#primaryimage\",\"url\":\"https:\/\/shop.tanadaithanh.vn\/wp-content\/uploads\/2025\/08\/38.jpg\",\"contentUrl\":\"https:\/\/shop.tanadaithanh.vn\/wp-content\/uploads\/2025\/08\/38.jpg\",\"width\":1200,\"height\":1200},{\"@type\":\"BreadcrumbList\",\"@id\":\"https:\/\/shop.tanadaithanh.vn\/en\/san-pham\/bon-inox-dai-thanh-vigo-sus316-2000l-dung-2\/#breadcrumb\",\"itemListElement\":[{\"@type\":\"ListItem\",\"position\":1,\"name\":\"Trang ch\u1ee7\",\"item\":\"https:\/\/shop.tanadaithanh.vn\/en\/\"},{\"@type\":\"ListItem\",\"position\":2,\"name\":\"Shop\",\"item\":\"https:\/\/shop.tanadaithanh.vn\/cua-hang\/\"},{\"@type\":\"ListItem\",\"position\":3,\"name\":\"B\u1ed3n inox \u0110\u1ea1i Th\u00e0nh Vigo SUS316 \u2013 2000\u0110\"}]},{\"@type\":\"WebSite\",\"@id\":\"https:\/\/shop.tanadaithanh.vn\/en\/#website\",\"url\":\"https:\/\/shop.tanadaithanh.vn\/en\/\",\"name\":\"T\u00e2n \u00c1 \u0110\u1ea1i Th\u00e0nh eShop - Trang website b\u00e1n h\u00e0ng ch\u00ednh th\u1ee9c T\u1eadp \u0111o\u00e0n T\u00e2n \u00c1 \u0110\u1ea1i Th\u00e0nh\",\"description\":\"Website b\u00e1n h\u00e0ng tr\u1ef1c tuy\u1ebfn v\u1eadn h\u00e0nh b\u1edfi ch\u00ednh T\u00e2n \u00c1 \u0110\u1ea1i Th\u00e0nh\",\"publisher\":{\"@id\":\"https:\/\/shop.tanadaithanh.vn\/en\/#organization\"},\"potentialAction\":[{\"@type\":\"SearchAction\",\"target\":{\"@type\":\"EntryPoint\",\"urlTemplate\":\"https:\/\/shop.tanadaithanh.vn\/en\/?s={search_term_string}\"},\"query-input\":{\"@type\":\"PropertyValueSpecification\",\"valueRequired\":true,\"valueName\":\"search_term_string\"}}],\"inLanguage\":\"en-US\"},{\"@type\":\"Organization\",\"@id\":\"https:\/\/shop.tanadaithanh.vn\/en\/#organization\",\"name\":\"T\u00e2n \u00c1 \u0110\u1ea1i Th\u00e0nh eShop - Trang website b\u00e1n h\u00e0ng ch\u00ednh th\u1ee9c T\u1eadp \u0111o\u00e0n T\u00e2n \u00c1 \u0110\u1ea1i Th\u00e0nh\",\"url\":\"https:\/\/shop.tanadaithanh.vn\/en\/\",\"logo\":{\"@type\":\"ImageObject\",\"inLanguage\":\"en-US\",\"@id\":\"https:\/\/shop.tanadaithanh.vn\/en\/#\/schema\/logo\/image\/\",\"url\":\"https:\/\/shop.tanadaithanh.vn\/wp-content\/uploads\/2025\/06\/Logo-2.png\",\"contentUrl\":\"https:\/\/shop.tanadaithanh.vn\/wp-content\/uploads\/2025\/06\/Logo-2.png\",\"width\":2000,\"height\":2000,\"caption\":\"T\u00e2n \u00c1 \u0110\u1ea1i Th\u00e0nh eShop - Trang website b\u00e1n h\u00e0ng ch\u00ednh th\u1ee9c T\u1eadp \u0111o\u00e0n T\u00e2n \u00c1 \u0110\u1ea1i Th\u00e0nh\"},\"image\":{\"@id\":\"https:\/\/shop.tanadaithanh.vn\/en\/#\/schema\/logo\/image\/\"},\"sameAs\":[\"https:\/\/www.facebook.com\/profile.php?id=61567171139919\",\"https:\/\/zalo.me\/3915163699004948284\"]}]}<\/script>\n<!-- \/ Yoast SEO plugin. -->","yoast_head_json":{"title":"B\u1ed3n inox \u0110\u1ea1i Th\u00e0nh Vigo SUS316 \u2013 2000\u0110 - T\u00e2n \u00c1 \u0110\u1ea1i Th\u00e0nh eShop","robots":{"index":"index","follow":"follow","max-snippet":"max-snippet:-1","max-image-preview":"max-image-preview:large","max-video-preview":"max-video-preview:-1"},"canonical":"https:\/\/shop.tanadaithanh.vn\/en\/san-pham\/bon-inox-dai-thanh-vigo-sus316-2000l-dung-2\/","og_locale":"en_US","og_type":"article","og_title":"B\u1ed3n inox \u0110\u1ea1i Th\u00e0nh Vigo SUS316 \u2013 2000\u0110 - T\u00e2n \u00c1 \u0110\u1ea1i Th\u00e0nh eShop","og_description":"V\u1eadt Li\u1ec7u Inox Sus 316:\u00a0S\u1ea3n ph\u1ea9m b\u1ed3n n\u01b0\u1edbc \u0111\u01b0\u1ee3c ch\u1ebf t\u1ea1o b\u1eb1ng v\u1eadt li\u1ec7u th\u00e9p kh\u00f4ng g\u1ec9 si\u00eau b\u1ec1n v\u00e0 kh\u1ea3 n\u0103ng ch\u1ed1ng \u0103n m\u00f2n cao.  C\u00f4ng Ngh\u1ec7 H\u00e0n L\u0103n T\u1ef1 \u0110\u1ed9ng: V\u1edbi c\u00f4ng ngh\u1ec7 ti\u00ean ti\u1ebfn nh\u1ea5t hi\u1ec7n nay, \u0111\u01b0\u1ee3c \u0111i\u1ec1u khi\u1ec3n t\u1ef1 \u0111\u1ed9ng b\u1eb1ng k\u0129 thu\u1eadt s\u1ed1 \u1ee9ng d\u1ee5ng cho vi\u1ec7c s\u1ea3n xu\u1ea5t b\u1ed3n n\u01b0\u1edbc Inox \u0110\u1ea1i Th\u00e0nh  Logo D\u1eadp N\u1ed5i Ch\u1ed1ng H\u00e0ng Gi\u1ea3: C\u00e1c chi ti\u1ebft d\u1eadp n\u1ed7i s\u1eafc s\u1ea3o v\u00e0 ho\u00e0n thi\u1ec7n \u0111\u1ea1t t\u00ednh th\u1ea9m m\u1ef9 cao. Ch\u1ed1ng h\u00e0ng gi\u1ea3, h\u00e0ng nh\u00e1i","og_url":"https:\/\/shop.tanadaithanh.vn\/en\/san-pham\/bon-inox-dai-thanh-vigo-sus316-2000l-dung-2\/","og_site_name":"T\u00e2n \u00c1 \u0110\u1ea1i Th\u00e0nh eShop","article_publisher":"https:\/\/www.facebook.com\/profile.php?id=61567171139919","article_modified_time":"2026-04-01T08:53:47+00:00","og_image":[{"width":1200,"height":1200,"url":"https:\/\/shop.tanadaithanh.vn\/wp-content\/uploads\/2025\/08\/38.jpg","type":"image\/jpeg"}],"twitter_card":"summary_large_image","twitter_misc":{"Est. reading time":"5 minutes"},"schema":{"@context":"https:\/\/schema.org","@graph":[{"@type":"WebPage","@id":"https:\/\/shop.tanadaithanh.vn\/en\/san-pham\/bon-inox-dai-thanh-vigo-sus316-2000l-dung-2\/","url":"https:\/\/shop.tanadaithanh.vn\/en\/san-pham\/bon-inox-dai-thanh-vigo-sus316-2000l-dung-2\/","name":"B\u1ed3n inox \u0110\u1ea1i Th\u00e0nh Vigo SUS316 \u2013 2000\u0110 - T\u00e2n \u00c1 \u0110\u1ea1i Th\u00e0nh eShop","isPartOf":{"@id":"https:\/\/shop.tanadaithanh.vn\/en\/#website"},"primaryImageOfPage":{"@id":"https:\/\/shop.tanadaithanh.vn\/en\/san-pham\/bon-inox-dai-thanh-vigo-sus316-2000l-dung-2\/#primaryimage"},"image":{"@id":"https:\/\/shop.tanadaithanh.vn\/en\/san-pham\/bon-inox-dai-thanh-vigo-sus316-2000l-dung-2\/#primaryimage"},"thumbnailUrl":"https:\/\/shop.tanadaithanh.vn\/wp-content\/uploads\/2025\/08\/38.jpg","datePublished":"2025-04-03T04:02:14+00:00","dateModified":"2026-04-01T08:53:47+00:00","breadcrumb":{"@id":"https:\/\/shop.tanadaithanh.vn\/en\/san-pham\/bon-inox-dai-thanh-vigo-sus316-2000l-dung-2\/#breadcrumb"},"inLanguage":"en-US","potentialAction":[{"@type":"ReadAction","target":["https:\/\/shop.tanadaithanh.vn\/en\/san-pham\/bon-inox-dai-thanh-vigo-sus316-2000l-dung-2\/"]}]},{"@type":"ImageObject","inLanguage":"en-US","@id":"https:\/\/shop.tanadaithanh.vn\/en\/san-pham\/bon-inox-dai-thanh-vigo-sus316-2000l-dung-2\/#primaryimage","url":"https:\/\/shop.tanadaithanh.vn\/wp-content\/uploads\/2025\/08\/38.jpg","contentUrl":"https:\/\/shop.tanadaithanh.vn\/wp-content\/uploads\/2025\/08\/38.jpg","width":1200,"height":1200},{"@type":"BreadcrumbList","@id":"https:\/\/shop.tanadaithanh.vn\/en\/san-pham\/bon-inox-dai-thanh-vigo-sus316-2000l-dung-2\/#breadcrumb","itemListElement":[{"@type":"ListItem","position":1,"name":"Trang ch\u1ee7","item":"https:\/\/shop.tanadaithanh.vn\/en\/"},{"@type":"ListItem","position":2,"name":"Shop","item":"https:\/\/shop.tanadaithanh.vn\/cua-hang\/"},{"@type":"ListItem","position":3,"name":"B\u1ed3n inox \u0110\u1ea1i Th\u00e0nh Vigo SUS316 \u2013 2000\u0110"}]},{"@type":"WebSite","@id":"https:\/\/shop.tanadaithanh.vn\/en\/#website","url":"https:\/\/shop.tanadaithanh.vn\/en\/","name":"T\u00e2n \u00c1 \u0110\u1ea1i Th\u00e0nh eShop - Trang website b\u00e1n h\u00e0ng ch\u00ednh th\u1ee9c T\u1eadp \u0111o\u00e0n T\u00e2n \u00c1 \u0110\u1ea1i Th\u00e0nh","description":"Website b\u00e1n h\u00e0ng tr\u1ef1c tuy\u1ebfn v\u1eadn h\u00e0nh b\u1edfi ch\u00ednh T\u00e2n \u00c1 \u0110\u1ea1i Th\u00e0nh","publisher":{"@id":"https:\/\/shop.tanadaithanh.vn\/en\/#organization"},"potentialAction":[{"@type":"SearchAction","target":{"@type":"EntryPoint","urlTemplate":"https:\/\/shop.tanadaithanh.vn\/en\/?s={search_term_string}"},"query-input":{"@type":"PropertyValueSpecification","valueRequired":true,"valueName":"search_term_string"}}],"inLanguage":"en-US"},{"@type":"Organization","@id":"https:\/\/shop.tanadaithanh.vn\/en\/#organization","name":"T\u00e2n \u00c1 \u0110\u1ea1i Th\u00e0nh eShop - Trang website b\u00e1n h\u00e0ng ch\u00ednh th\u1ee9c T\u1eadp \u0111o\u00e0n T\u00e2n \u00c1 \u0110\u1ea1i Th\u00e0nh","url":"https:\/\/shop.tanadaithanh.vn\/en\/","logo":{"@type":"ImageObject","inLanguage":"en-US","@id":"https:\/\/shop.tanadaithanh.vn\/en\/#\/schema\/logo\/image\/","url":"https:\/\/shop.tanadaithanh.vn\/wp-content\/uploads\/2025\/06\/Logo-2.png","contentUrl":"https:\/\/shop.tanadaithanh.vn\/wp-content\/uploads\/2025\/06\/Logo-2.png","width":2000,"height":2000,"caption":"T\u00e2n \u00c1 \u0110\u1ea1i Th\u00e0nh eShop - Trang website b\u00e1n h\u00e0ng ch\u00ednh th\u1ee9c T\u1eadp \u0111o\u00e0n T\u00e2n \u00c1 \u0110\u1ea1i Th\u00e0nh"},"image":{"@id":"https:\/\/shop.tanadaithanh.vn\/en\/#\/schema\/logo\/image\/"},"sameAs":["https:\/\/www.facebook.com\/profile.php?id=61567171139919","https:\/\/zalo.me\/3915163699004948284"]}]}},"_links":{"self":[{"href":"https:\/\/shop.tanadaithanh.vn\/en\/wp-json\/wp\/v2\/product\/18468","targetHints":{"allow":["GET"]}}],"collection":[{"href":"https:\/\/shop.tanadaithanh.vn\/en\/wp-json\/wp\/v2\/product"}],"about":[{"href":"https:\/\/shop.tanadaithanh.vn\/en\/wp-json\/wp\/v2\/types\/product"}],"replies":[{"embeddable":true,"href":"https:\/\/shop.tanadaithanh.vn\/en\/wp-json\/wp\/v2\/comments?post=18468"}],"version-history":[{"count":6,"href":"https:\/\/shop.tanadaithanh.vn\/en\/wp-json\/wp\/v2\/product\/18468\/revisions"}],"predecessor-version":[{"id":31855,"href":"https:\/\/shop.tanadaithanh.vn\/en\/wp-json\/wp\/v2\/product\/18468\/revisions\/31855"}],"wp:featuredmedia":[{"embeddable":true,"href":"https:\/\/shop.tanadaithanh.vn\/en\/wp-json\/wp\/v2\/media\/28727"}],"wp:attachment":[{"href":"https:\/\/shop.tanadaithanh.vn\/en\/wp-json\/wp\/v2\/media?parent=18468"}],"wp:term":[{"taxonomy":"region","embeddable":true,"href":"https:\/\/shop.tanadaithanh.vn\/en\/wp-json\/wp\/v2\/region?post=18468"},{"taxonomy":"product_brand","embeddable":true,"href":"https:\/\/shop.tanadaithanh.vn\/en\/wp-json\/wp\/v2\/product_brand?post=18468"},{"taxonomy":"product_cat","embeddable":true,"href":"https:\/\/shop.tanadaithanh.vn\/en\/wp-json\/wp\/v2\/product_cat?post=18468"},{"taxonomy":"product_tag","embeddable":true,"href":"https:\/\/shop.tanadaithanh.vn\/en\/wp-json\/wp\/v2\/product_tag?post=18468"}],"curies":[{"name":"wp","href":"https:\/\/api.w.org\/{rel}","templated":true}]}}