{"id":18461,"date":"2025-04-03T11:02:08","date_gmt":"2025-04-03T04:02:08","guid":{"rendered":"https:\/\/shop.tanadaithanh.vn\/product\/bon-inox-dai-thanh-sus304-4500l-ngang-2\/"},"modified":"2026-04-01T15:35:59","modified_gmt":"2026-04-01T08:35:59","slug":"bon-inox-dai-thanh-sus304-4500l-ngang-2","status":"publish","type":"product","link":"https:\/\/shop.tanadaithanh.vn\/en\/san-pham\/bon-inox-dai-thanh-sus304-4500l-ngang-2\/","title":{"rendered":"B\u1ed3n inox \u0110\u1ea1i Th\u00e0nh SUS304 \u2013 4500N"},"content":{"rendered":"<p>L\u00e0 s\u1ea3n ph\u1ea9m b\u1ed3n n\u01b0\u1edbc inox \u0111\u01b0\u1ee3c T\u1eadp \u0111o\u00e0n T\u00e2n \u00c1 \u0110\u1ea1i Th\u00e0nh s\u1ea3n xu\u1ea5t ri\u00eang cho th\u1ecb tr\u01b0\u1eddng mi\u1ec1n Nam, b\u1ed3n inox \u0110\u1ea1i Th\u00e0nh ngang 4500L s\u1edf h\u1eefu nhi\u1ec1u \u01b0u \u0111i\u1ec3m n\u1ed5i b\u1eadt v\u1ec1 thi\u1ebft k\u1ebf l\u1eabn ch\u1ea5t l\u01b0\u1ee3ng s\u1ea3n ph\u1ea9m. \u0110\u1ec3 hi\u1ec3u r\u00f5 h\u01a1n v\u1ec1 s\u1ea3n ph\u1ea9m n\u00e0y, h\u00e3y t\u00ecm hi\u1ec3u qua b\u00e0i vi\u1ebft d\u01b0\u1edbi \u0111\u00e2y.<\/p>\n<h2><b>Th\u00f4ng s\u1ed1 k\u1ef9 thu\u1eadt B\u1ed3n n\u01b0\u1edbc inox \u0110\u1ea1i Th\u00e0nh SUS304 ngang 4500L<\/b><\/h2>\n<table>\n<tbody>\n<tr>\n<td><b>T\u00ean s\u1ea3n ph\u1ea9m<\/b><\/td>\n<td>B\u1ed3n n\u01b0\u1edbc inox \u0110\u1ea1i Th\u00e0nh SUS304 ngang 4500L<\/td>\n<\/tr>\n<tr>\n<td><b>\u0110\u01b0\u1eddng k\u00ednh<\/b><\/td>\n<td>1360mm<\/td>\n<\/tr>\n<tr>\n<td><b>Dung t\u00edch<\/b><\/td>\n<td>4500L<\/td>\n<\/tr>\n<tr>\n<td><b>K\u00edch th\u01b0\u1edbc (D\u00e0i x R\u1ed9ng x Cao)<\/b><\/td>\n<td>3015 x 1420 x 1605 mm<\/td>\n<\/tr>\n<tr>\n<td><b>Ch\u1ea5t li\u1ec7u<\/b><\/td>\n<td>Inox SUS 304<\/td>\n<\/tr>\n<tr>\n<td><b>Th\u1eddi gian b\u1ea3o h\u00e0nh<\/b><\/td>\n<td>12 n\u0103m<\/td>\n<\/tr>\n<\/tbody>\n<\/table>\n<h2><b>C\u1ea5u t\u1ea1o c\u1ee7a b\u1ed3n n\u01b0\u1edbc inox \u0110\u1ea1i Th\u00e0nh SUS304 ngang 4500L<\/b><\/h2>\n<p>T\u01b0\u01a1ng t\u1ef1 nh\u01b0 c\u00e1c d\u00f2ng b\u1ed3n inox \u0110\u1ea1i Th\u00e0nh kh\u00e1c, b\u1ed3n inox \u0110\u1ea1i Th\u00e0nh SUS304 d\u00e1ng \u0111\u1ee9ng, dung t\u00edch 4500L c\u00f3 c\u1ea5u t\u1ea1o v\u00f4 c\u00f9ng \u0111\u01a1n gi\u1ea3n v\u1edbi c\u00e1c b\u1ed9 ph\u1eadn ch\u00ednh nh\u01b0: n\u1eafp b\u1ed3n, th\u00e2n b\u1ed3n, ch\u1ee5p b\u1ed3n v\u00e0 ch\u00e2n \u0111\u1ebf. Trong \u0111\u00f3:<\/p>\n<ul>\n<li style=\"font-weight: 400;\" aria-level=\"1\"><span style=\"font-weight: 400;\"><em><strong>N\u1eafp b\u1ed3n:<\/strong> <\/em>N\u1eafp b\u1ed3n n\u1eb1m \u1edf v\u1ecb tr\u00ed tr\u00ean c\u00f9ng c\u1ee7a b\u1ed3n n\u01b0\u1edbc, gi\u1eef vai tr\u00f2 \u0111\u00f3ng\/m\u1edf c\u0169ng nh\u01b0 che ch\u1eafn, \u0111\u1ea3m b\u1ea3o ngu\u1ed3n n\u01b0\u1edbc kh\u00f4ng b\u1ecb ti\u1ebfp x\u00fac v\u1edbi c\u00e1c b\u1ee5i b\u1ea9n, r\u00e1c \u1edf m\u00f4i tr\u01b0\u1eddng b\u00ean ngo\u00e0i.<\/span><\/li>\n<li style=\"font-weight: 400;\" aria-level=\"1\"><span style=\"font-weight: 400;\"><em><strong>Th\u00e2n b\u1ed3n:<\/strong> <\/em>Th\u00e2n b\u1ed3n h\u00ecnh tr\u1ee5 v\u1edbi thi\u1ebft k\u1ebf \u0111a g\u00e2n gi\u00fap h\u1ea1n ch\u1ebf m\u00e9o m\u00f3p khi b\u1ecb va \u0111\u1eadp c\u0169ng nh\u01b0 n\u00e2ng \u0111\u1ed9 b\u1ec1n t\u1ed5ng th\u1ec3 c\u1ee7a b\u1ed3n.<\/span><\/li>\n<li style=\"font-weight: 400;\" aria-level=\"1\"><span style=\"font-weight: 400;\"><em><strong>Ch\u1ee5p b\u1ed3n:<\/strong> <\/em>V\u1edbi thi\u1ebft k\u1ebf m\u1eb7t trong xoay k\u1ebft h\u1ee3p c\u00f9ng c\u00e1c g\u1edd chuy\u1ec3n ti\u1ebfp, ch\u1ee5p b\u1ed3n c\u00f3 t\u00e1c d\u1ee5ng t\u0103ng \u0111\u1ed9 v\u1eefng, t\u0103ng kh\u1ea3 n\u0103ng ch\u1ecbu l\u1ef1c v\u00e0 ch\u1ecbu nhi\u1ec7t cho s\u1ea3n ph\u1ea9m.\u00a0<\/span><\/li>\n<li style=\"font-weight: 400;\" aria-level=\"1\"><span style=\"font-weight: 400;\"><em><strong>Ch\u00e2n \u0111\u1ebf:<\/strong> <\/em>Ch\u00e2n \u0111\u1ebf b\u1ed3n inox T\u00e2n \u00c1 l\u00e0m t\u1eeb th\u00e9p kh\u00f4ng g\u1ec9 c\u00f9ng thi\u1ebft k\u1ebf \u00f4m kh\u00edt b\u1ed3n, gi\u00fap thi\u1ebft b\u1ecb c\u00f3 \u0111\u1ed9 b\u1ec1n b\u1ec9, v\u1eefng ch\u00e3i,&#8230;<\/span><\/li>\n<\/ul>\n<h2><strong>B\u1ed3n inox \u0110\u1ea1i Th\u00e0nh SUS304 ngang 4500L c\u00f3 \u01b0u \u0111i\u1ec3m n\u1ed5i b\u1eadt g\u00ec?<\/strong><\/h2>\n<p>B\u1ed3n inox \u0110\u1ea1i Th\u00e0nh SUS304 d\u00e1ng ngang, dung t\u00edch 4500L l\u00e0 s\u1ea3n ph\u1ea9m dung t\u00edch l\u1edbn, ph\u00f9 h\u1ee3p v\u1edbi c\u00e1c gia \u0111\u00ecnh \u0111\u00f4ng th\u00e0nh vi\u00ean ho\u1eb7c x\u01b0\u1edfng s\u1ea3n xu\u1ea5t nh\u1ecf. \u0110\u01b0\u1ee3c ph\u00e2n ph\u1ed1i t\u1ea1i th\u1ecb tr\u01b0\u1eddng mi\u1ec1n Nam n\u00ean b\u1ed3n inox \u0110\u1ea1i Th\u00e0nh SUS304 ngang 4500L s\u1edf h\u1eefu nhi\u1ec1u \u0111\u1eb7c \u0111i\u1ec3m ri\u00eang bi\u1ec7t \u0111\u1ec3 th\u00edch \u1ee9ng v\u1edbi \u0111i\u1ec1u ki\u1ec7n kh\u00ed h\u1eadu.<\/p>\n<h3>L\u00e0m t\u1eeb inox SUS304: Ch\u1ed1ng \u0103n m\u00f2n v\u01b0\u1ee3t tr\u1ed9i<\/h3>\n<p>M\u1ed9t trong nh\u1eefng t\u00ednh n\u0103ng n\u1ed5i b\u1eadt c\u1ee7a b\u1ed3n inox \u0110\u1ea1i Th\u00e0nh SUS304 ngang 4500L \u0111\u1ee9ng ch\u00ednh l\u00e0 \u0111\u01b0\u1ee3c c\u1ea5u th\u00e0nh t\u1eeb 100% inox SUS304 cao c\u1ea5p \u2013 d\u00f2ng inox, hi\u1ec7n nay, \u0111\u01b0\u1ee3c \u0111\u00e1nh gi\u00e1 cao v\u1ec1 \u0111\u1ed9 b\u1ec1n, \u0111\u1ed9 an to\u00e0n cho s\u1ee9c kho\u1ebb ng\u01b0\u1eddi d\u00f9ng. Inox SUS304 hay th\u00e9p kh\u00f4ng g\u1ec9 \u0111\u01b0\u1ee3c c\u1ea5u t\u1ea1o t\u1eeb 2 th\u00e0nh ph\u1ea7n ch\u00ednh g\u1ed3m crom v\u00e0 niken c\u00f9ng m\u1ed9t s\u1ed1 th\u00e0nh ph\u1ea7n kh\u00e1c nh\u01b0: s\u1eaft, carbon, mangan,\u2026 Nh\u1edd v\u1eady, v\u1eadt li\u1ec7u c\u00f3 \u0111\u1ed9 b\u1ec1n r\u1ea5t cao, b\u1ec1 m\u1eb7t tr\u01a1n m\u01b0\u1ee3t v\u00e0 s\u00e1ng b\u00f3ng l\u00e2u d\u00e0i, kh\u00f4ng b\u1ecb oxy ho\u00e1 c\u0169ng nh\u01b0 kh\u00f4ng g\u1ec9 s\u00e9t d\u00f9 s\u1eed d\u1ee5ng trong th\u1eddi gian d\u00e0i. Ngo\u00e0i ra, inox SUS304 c\u00f2n kh\u00f4ng c\u00f3 ph\u1ea3n \u1ee9ng v\u1edbi c\u00e1c ch\u1ea5t t\u1ea9y r\u1eeda th\u00f4ng th\u01b0\u1eddng, kh\u00f4ng ch\u1ee9a c\u00e1c ch\u1ea5t \u0111\u1ed9c h\u1ea1i n\u00ean r\u1ea5t an to\u00e0n v\u1edbi s\u1ee9c kho\u1ebb ng\u01b0\u1eddi s\u1eed d\u1ee5ng.<\/p>\n<p>\u0110\u01b0\u1ee3c s\u1ea3n xu\u1ea5t t\u1eeb 100% v\u1eadt li\u1ec7u n\u00e0y n\u00ean b\u1ed3n inox \u0110\u1ea1i Th\u00e0nh SUS304 ngang 4500L s\u1edf h\u1eefu \u0111\u1ea7y \u0111\u1ee7 c\u00e1c t\u00ednh n\u0103ng n\u1ed5i b\u1eadt c\u1ee7a d\u00f2ng inox n\u00e0y. Do \u0111\u00f3, s\u1ea3n ph\u1ea9m c\u00f3 kh\u1ea3 n\u0103ng ch\u1ed1ng ch\u1ecbu va \u0111\u1eadp, kh\u00f4ng g\u1ec9 s\u00e9t, kh\u00f4ng \u0103n m\u00f2n, kh\u00f4ng ph\u1ea3n \u1ee9ng acid, ch\u1ed1ng b\u00e1m r\u00eau m\u1ed1c, b\u1ec1n b\u1ec9 v\u01b0\u1ee3t tr\u1ed9i v\u00e0 an to\u00e0n v\u1edbi s\u1ee9c kho\u1ebb.<\/p>\n<h3>C\u00f4ng ngh\u1ec7 h\u00e0n l\u0103n t\u1ef1 \u0111\u1ed9ng ti\u00ean ti\u1ebfn<\/h3>\n<p>N\u1ebfu nh\u01b0 c\u00e1c d\u00f2ng b\u1ed3n n\u01b0\u1edbc inox \u0111\u01b0\u1ee3c s\u1ea3n xu\u1ea5t b\u1eb1ng c\u00f4ng ngh\u1ec7 th\u1ee7 c\u00f4ng s\u1ebd c\u00f3 c\u00e1c nh\u01b0\u1ee3c \u0111i\u1ec3m nh\u01b0: m\u1ed1i h\u00e0n kh\u00f4ng m\u1ecbn, \u0111\u1eb9p, kh\u00f4ng \u0103n s\u00e2u v\u00e0o v\u1eadt li\u1ec7u. \u0110i\u1ec1u n\u00e0y c\u00f3 th\u1ec3 gia t\u0103ng nguy c\u01a1 v\u1ee1 b\u1ed3n, r\u00f2 r\u1ec9 n\u01b0\u1edbc hay gi\u1ea3m t\u00ednh th\u1ea9m m\u1ef9 c\u1ee7a s\u1ea3n ph\u1ea9m,\u2026 \u0110\u1ec3 x\u1eed l\u00fd nh\u1eefng nh\u01b0\u1ee3c \u0111i\u1ec3m c\u1ee7a c\u00f4ng ngh\u1ec7 s\u1ea3n xu\u1ea5t th\u1ee7 c\u00f4ng, T\u00e2n \u00c1 \u0110\u1ea1i Th\u00e0nh \u00e1p d\u1ee5ng c\u00f4ng ngh\u1ec7 h\u00e0n l\u0103n t\u1ef1 \u0111\u1ed9ng \u2013 c\u00f4ng ngh\u1ec7 ti\u00ean ti\u1ebfn h\u00e0ng \u0111\u1ea7u th\u1ebf gi\u1edbi v\u1edbi t\u00e1c d\u1ee5ng t\u0103ng \u0111\u1ed9 c\u1ee9ng c\u00e1p cho s\u1ea3n ph\u1ea9m, m\u1ed1i h\u00e0n li\u1ec1n m\u1ea1ch v\u00e0 \u0103n s\u00e2u v\u00e0o s\u1ea3n ph\u1ea9m h\u01a1n.<\/p>\n<p>Nh\u1edd v\u1eady, nh\u1eefng s\u1ea3n ph\u1ea9m b\u1ed3n n\u01b0\u1edbc inox \u0111\u01b0\u1ee3c s\u1ea3n xu\u1ea5t b\u1eb1ng c\u00f4ng ngh\u1ec7 h\u00e0n l\u0103n t\u1ef1 \u0111\u1ed9ng n\u00e0y s\u1ebd c\u00f3 m\u1ed1i h\u00e0n m\u1ecbn, \u0111\u1eb9p c\u0169ng nh\u01b0 c\u00f3 t\u00ednh th\u1ea9m m\u1ef9 cao. \u0110\u1ed3ng th\u1eddi, gi\u1ea3m nguy c\u01a1 b\u1ecb v\u1ee1 b\u1ed3n, r\u00f2 r\u1ec9 n\u01b0\u1edbc, ch\u1ea5t l\u01b0\u1ee3ng n\u01b0\u1edbc tr\u1eef kh\u00f4ng \u0111\u1ea3m b\u1ea3o \u0111\u01b0\u1ee3c ch\u1ea5t l\u01b0\u1ee3ng.<\/p>\n<h3>Ch\u00e2n \u0111\u1ebf v\u1eefng ch\u1eafc<\/h3>\n<p>Ch\u00e2n \u0111\u1ebf c\u1ee7a b\u1ed3n inox c\u1ea7n ph\u1ea3i \u0111\u1ea3m b\u1ea3o c\u00f3 s\u1ef1 c\u1ee9ng c\u00e1p, ch\u1eafc ch\u1eafn \u0111\u1ec3 \u0111\u1ea3m b\u1ea3o kh\u1ea3 n\u0103ng ch\u1ecbu t\u1ea3i t\u01b0\u01a1ng \u1ee9ng v\u1edbi dung t\u00edch b\u1ed3n. V\u1edbi b\u1ed3n inox \u0110\u1ea1i Th\u00e0nh SUS304 ngang 4500L, ch\u00e2n \u0111\u1ebf \u0111\u01b0\u1ee3c l\u00e0m t\u1eeb inox cao c\u1ea5p, c\u00f3 \u0111\u1ed9 c\u1ee9ng c\u00e1p v\u00e0 \u0111\u1ed9 d\u00e0y theo \u0111\u00fang ti\u00eau chu\u1ea9n. Nh\u1edd v\u1eady, s\u1ea3n ph\u1ea9m c\u00f3 t\u00ednh \u1ed5n \u0111\u1ecbnh cao, nguy c\u01a1 g\u00e3y ch\u00e2n v\u00e0 s\u1eadp b\u1ed3n th\u1ea5p.<\/p>\n<p>\u0110\u1eb7c bi\u1ec7t, \u0111\u1ec3 t\u1ed1i \u01b0u gi\u1ea3i ph\u00e1p tr\u1eef n\u01b0\u1edbc \u2013 l\u00e0m n\u00f3ng n\u01b0\u1edbc \u2013 l\u1ecdc n\u01b0\u1edbc t\u1eeb \u0111\u1ea7u ngu\u1ed3n, b\u1ea1n c\u00f3 th\u1ec3 k\u1ebft h\u1ee3p s\u1eed d\u1ee5ng b\u1ed3n inox v\u1edbi m\u00e1y n\u0103ng l\u01b0\u1ee3ng m\u1eb7t tr\u1eddi \u0110\u1ea1i Th\u00e0nh Vigo, \u0110\u1ea1i Th\u00e0nh Classic,&#8230; v\u00e0 b\u1ed9 l\u1ecdc \u0111\u1ea7u ngu\u1ed3n Beluga c\u1ee7a T\u00e2n \u00c1 \u0110\u1ea1i Th\u00e0nh. L\u1ef1a ch\u1ecdn s\u1eed d\u1ee5ng b\u1ed9 3 s\u1ea3n ph\u1ea9m n\u00e0y kh\u00f4ng ch\u1ec9 gi\u00fap b\u1ea1n \u0111\u1ea3m b\u1ea3o hi\u1ec7u qu\u1ea3 ch\u1ee9a n\u01b0\u1edbc, t\u1ed1i \u01b0u chi ph\u00ed s\u1eed d\u1ee5ng m\u00e0 c\u00f2n gi\u00fap gia \u0111\u00ecnh b\u1ea1n lu\u00f4n c\u00f3 n\u01b0\u1edbc s\u1ea1ch v\u1edbi ngu\u1ed3n n\u01b0\u1edbc n\u00f3ng d\u1ed3i d\u00e0o, \u0111\u00e1p \u1ee9ng \u0111\u01b0\u1ee3c c\u00e1c sinh ho\u1ea1t h\u1eb1ng ng\u00e0y c\u1ee7a gia \u0111\u00ecnh.<\/p>\n","protected":false},"excerpt":{"rendered":"<ul>\n<li>Inox SUS 304 cao c\u1ea5p<\/li>\n<li>C\u00f4ng ngh\u1ec7 h\u00e0n l\u0103n t\u1ef1 \u0111\u1ed9ng<\/li>\n<li>Chu\u1ea9n ch\u1ea5t l\u01b0\u1ee3ng ISO 9001:2008<\/li>\n<li>\u0110a d\u1ea1ng dung t\u00edch &amp; ki\u1ec3u d\u00e1ng<\/li>\n<li>B\u1ea3o h\u00e0nh 12 n\u0103m<\/li>\n<\/ul>\n","protected":false},"featured_media":28725,"comment_status":"open","ping_status":"closed","template":"","meta":[],"region":[260],"product_brand":[],"product_cat":[182,304,299,296],"product_tag":[],"class_list":{"0":"post-18461","1":"product","2":"type-product","3":"status-publish","4":"has-post-thumbnail","6":"region-mien-nam","7":"product_cat-bon-nuoc-inox","8":"product_cat-bon-inox-4500l","9":"product_cat-bon-inox-dai-thanh-sus-304","10":"product_cat-bon-inox-ngang","12":"first","13":"instock","14":"sale","15":"featured","16":"shipping-taxable","17":"purchasable","18":"product-type-simple"},"yoast_head":"<!-- This site is optimized with the Yoast SEO plugin v24.6 - https:\/\/yoast.com\/wordpress\/plugins\/seo\/ -->\n<title>B\u1ed3n inox \u0110\u1ea1i Th\u00e0nh SUS304 \u2013 4500N - T\u00e2n \u00c1 \u0110\u1ea1i Th\u00e0nh eShop<\/title>\n<meta name=\"robots\" content=\"index, follow, max-snippet:-1, max-image-preview:large, max-video-preview:-1\" \/>\n<link rel=\"canonical\" href=\"https:\/\/shop.tanadaithanh.vn\/en\/san-pham\/bon-inox-dai-thanh-sus304-4500l-ngang-2\/\" \/>\n<meta property=\"og:locale\" content=\"en_US\" \/>\n<meta property=\"og:type\" content=\"article\" \/>\n<meta property=\"og:title\" content=\"B\u1ed3n inox \u0110\u1ea1i Th\u00e0nh SUS304 \u2013 4500N - T\u00e2n \u00c1 \u0110\u1ea1i Th\u00e0nh eShop\" \/>\n<meta property=\"og:description\" content=\"Inox SUS 304 cao c\u1ea5p  C\u00f4ng ngh\u1ec7 h\u00e0n l\u0103n t\u1ef1 \u0111\u1ed9ng  Chu\u1ea9n ch\u1ea5t l\u01b0\u1ee3ng ISO 9001:2008  \u0110a d\u1ea1ng dung t\u00edch &amp; ki\u1ec3u d\u00e1ng  B\u1ea3o h\u00e0nh 12 n\u0103m\" \/>\n<meta property=\"og:url\" content=\"https:\/\/shop.tanadaithanh.vn\/en\/san-pham\/bon-inox-dai-thanh-sus304-4500l-ngang-2\/\" \/>\n<meta property=\"og:site_name\" content=\"T\u00e2n \u00c1 \u0110\u1ea1i Th\u00e0nh eShop\" \/>\n<meta property=\"article:publisher\" content=\"https:\/\/www.facebook.com\/profile.php?id=61567171139919\" \/>\n<meta property=\"article:modified_time\" content=\"2026-04-01T08:35:59+00:00\" \/>\n<meta property=\"og:image\" content=\"https:\/\/shop.tanadaithanh.vn\/wp-content\/uploads\/2025\/08\/39.jpg\" \/>\n\t<meta property=\"og:image:width\" content=\"1200\" \/>\n\t<meta property=\"og:image:height\" content=\"1200\" \/>\n\t<meta property=\"og:image:type\" content=\"image\/jpeg\" \/>\n<meta name=\"twitter:card\" content=\"summary_large_image\" \/>\n<meta name=\"twitter:label1\" content=\"Est. reading time\" \/>\n\t<meta name=\"twitter:data1\" content=\"6 minutes\" \/>\n<script type=\"application\/ld+json\" class=\"yoast-schema-graph\">{\"@context\":\"https:\/\/schema.org\",\"@graph\":[{\"@type\":\"WebPage\",\"@id\":\"https:\/\/shop.tanadaithanh.vn\/en\/san-pham\/bon-inox-dai-thanh-sus304-4500l-ngang-2\/\",\"url\":\"https:\/\/shop.tanadaithanh.vn\/en\/san-pham\/bon-inox-dai-thanh-sus304-4500l-ngang-2\/\",\"name\":\"B\u1ed3n inox \u0110\u1ea1i Th\u00e0nh SUS304 \u2013 4500N - T\u00e2n \u00c1 \u0110\u1ea1i Th\u00e0nh eShop\",\"isPartOf\":{\"@id\":\"https:\/\/shop.tanadaithanh.vn\/en\/#website\"},\"primaryImageOfPage\":{\"@id\":\"https:\/\/shop.tanadaithanh.vn\/en\/san-pham\/bon-inox-dai-thanh-sus304-4500l-ngang-2\/#primaryimage\"},\"image\":{\"@id\":\"https:\/\/shop.tanadaithanh.vn\/en\/san-pham\/bon-inox-dai-thanh-sus304-4500l-ngang-2\/#primaryimage\"},\"thumbnailUrl\":\"https:\/\/shop.tanadaithanh.vn\/wp-content\/uploads\/2025\/08\/39.jpg\",\"datePublished\":\"2025-04-03T04:02:08+00:00\",\"dateModified\":\"2026-04-01T08:35:59+00:00\",\"breadcrumb\":{\"@id\":\"https:\/\/shop.tanadaithanh.vn\/en\/san-pham\/bon-inox-dai-thanh-sus304-4500l-ngang-2\/#breadcrumb\"},\"inLanguage\":\"en-US\",\"potentialAction\":[{\"@type\":\"ReadAction\",\"target\":[\"https:\/\/shop.tanadaithanh.vn\/en\/san-pham\/bon-inox-dai-thanh-sus304-4500l-ngang-2\/\"]}]},{\"@type\":\"ImageObject\",\"inLanguage\":\"en-US\",\"@id\":\"https:\/\/shop.tanadaithanh.vn\/en\/san-pham\/bon-inox-dai-thanh-sus304-4500l-ngang-2\/#primaryimage\",\"url\":\"https:\/\/shop.tanadaithanh.vn\/wp-content\/uploads\/2025\/08\/39.jpg\",\"contentUrl\":\"https:\/\/shop.tanadaithanh.vn\/wp-content\/uploads\/2025\/08\/39.jpg\",\"width\":1200,\"height\":1200},{\"@type\":\"BreadcrumbList\",\"@id\":\"https:\/\/shop.tanadaithanh.vn\/en\/san-pham\/bon-inox-dai-thanh-sus304-4500l-ngang-2\/#breadcrumb\",\"itemListElement\":[{\"@type\":\"ListItem\",\"position\":1,\"name\":\"Trang ch\u1ee7\",\"item\":\"https:\/\/shop.tanadaithanh.vn\/en\/\"},{\"@type\":\"ListItem\",\"position\":2,\"name\":\"Shop\",\"item\":\"https:\/\/shop.tanadaithanh.vn\/cua-hang\/\"},{\"@type\":\"ListItem\",\"position\":3,\"name\":\"B\u1ed3n inox \u0110\u1ea1i Th\u00e0nh SUS304 \u2013 4500N\"}]},{\"@type\":\"WebSite\",\"@id\":\"https:\/\/shop.tanadaithanh.vn\/en\/#website\",\"url\":\"https:\/\/shop.tanadaithanh.vn\/en\/\",\"name\":\"T\u00e2n \u00c1 \u0110\u1ea1i Th\u00e0nh eShop - Trang website b\u00e1n h\u00e0ng ch\u00ednh th\u1ee9c T\u1eadp \u0111o\u00e0n T\u00e2n \u00c1 \u0110\u1ea1i Th\u00e0nh\",\"description\":\"Website b\u00e1n h\u00e0ng tr\u1ef1c tuy\u1ebfn v\u1eadn h\u00e0nh b\u1edfi ch\u00ednh T\u00e2n \u00c1 \u0110\u1ea1i Th\u00e0nh\",\"publisher\":{\"@id\":\"https:\/\/shop.tanadaithanh.vn\/en\/#organization\"},\"potentialAction\":[{\"@type\":\"SearchAction\",\"target\":{\"@type\":\"EntryPoint\",\"urlTemplate\":\"https:\/\/shop.tanadaithanh.vn\/en\/?s={search_term_string}\"},\"query-input\":{\"@type\":\"PropertyValueSpecification\",\"valueRequired\":true,\"valueName\":\"search_term_string\"}}],\"inLanguage\":\"en-US\"},{\"@type\":\"Organization\",\"@id\":\"https:\/\/shop.tanadaithanh.vn\/en\/#organization\",\"name\":\"T\u00e2n \u00c1 \u0110\u1ea1i Th\u00e0nh eShop - Trang website b\u00e1n h\u00e0ng ch\u00ednh th\u1ee9c T\u1eadp \u0111o\u00e0n T\u00e2n \u00c1 \u0110\u1ea1i Th\u00e0nh\",\"url\":\"https:\/\/shop.tanadaithanh.vn\/en\/\",\"logo\":{\"@type\":\"ImageObject\",\"inLanguage\":\"en-US\",\"@id\":\"https:\/\/shop.tanadaithanh.vn\/en\/#\/schema\/logo\/image\/\",\"url\":\"https:\/\/shop.tanadaithanh.vn\/wp-content\/uploads\/2025\/06\/Logo-2.png\",\"contentUrl\":\"https:\/\/shop.tanadaithanh.vn\/wp-content\/uploads\/2025\/06\/Logo-2.png\",\"width\":2000,\"height\":2000,\"caption\":\"T\u00e2n \u00c1 \u0110\u1ea1i Th\u00e0nh eShop - Trang website b\u00e1n h\u00e0ng ch\u00ednh th\u1ee9c T\u1eadp \u0111o\u00e0n T\u00e2n \u00c1 \u0110\u1ea1i Th\u00e0nh\"},\"image\":{\"@id\":\"https:\/\/shop.tanadaithanh.vn\/en\/#\/schema\/logo\/image\/\"},\"sameAs\":[\"https:\/\/www.facebook.com\/profile.php?id=61567171139919\",\"https:\/\/zalo.me\/3915163699004948284\"]}]}<\/script>\n<!-- \/ Yoast SEO plugin. -->","yoast_head_json":{"title":"B\u1ed3n inox \u0110\u1ea1i Th\u00e0nh SUS304 \u2013 4500N - T\u00e2n \u00c1 \u0110\u1ea1i Th\u00e0nh eShop","robots":{"index":"index","follow":"follow","max-snippet":"max-snippet:-1","max-image-preview":"max-image-preview:large","max-video-preview":"max-video-preview:-1"},"canonical":"https:\/\/shop.tanadaithanh.vn\/en\/san-pham\/bon-inox-dai-thanh-sus304-4500l-ngang-2\/","og_locale":"en_US","og_type":"article","og_title":"B\u1ed3n inox \u0110\u1ea1i Th\u00e0nh SUS304 \u2013 4500N - T\u00e2n \u00c1 \u0110\u1ea1i Th\u00e0nh eShop","og_description":"Inox SUS 304 cao c\u1ea5p  C\u00f4ng ngh\u1ec7 h\u00e0n l\u0103n t\u1ef1 \u0111\u1ed9ng  Chu\u1ea9n ch\u1ea5t l\u01b0\u1ee3ng ISO 9001:2008  \u0110a d\u1ea1ng dung t\u00edch &amp; ki\u1ec3u d\u00e1ng  B\u1ea3o h\u00e0nh 12 n\u0103m","og_url":"https:\/\/shop.tanadaithanh.vn\/en\/san-pham\/bon-inox-dai-thanh-sus304-4500l-ngang-2\/","og_site_name":"T\u00e2n \u00c1 \u0110\u1ea1i Th\u00e0nh eShop","article_publisher":"https:\/\/www.facebook.com\/profile.php?id=61567171139919","article_modified_time":"2026-04-01T08:35:59+00:00","og_image":[{"width":1200,"height":1200,"url":"https:\/\/shop.tanadaithanh.vn\/wp-content\/uploads\/2025\/08\/39.jpg","type":"image\/jpeg"}],"twitter_card":"summary_large_image","twitter_misc":{"Est. reading time":"6 minutes"},"schema":{"@context":"https:\/\/schema.org","@graph":[{"@type":"WebPage","@id":"https:\/\/shop.tanadaithanh.vn\/en\/san-pham\/bon-inox-dai-thanh-sus304-4500l-ngang-2\/","url":"https:\/\/shop.tanadaithanh.vn\/en\/san-pham\/bon-inox-dai-thanh-sus304-4500l-ngang-2\/","name":"B\u1ed3n inox \u0110\u1ea1i Th\u00e0nh SUS304 \u2013 4500N - T\u00e2n \u00c1 \u0110\u1ea1i Th\u00e0nh eShop","isPartOf":{"@id":"https:\/\/shop.tanadaithanh.vn\/en\/#website"},"primaryImageOfPage":{"@id":"https:\/\/shop.tanadaithanh.vn\/en\/san-pham\/bon-inox-dai-thanh-sus304-4500l-ngang-2\/#primaryimage"},"image":{"@id":"https:\/\/shop.tanadaithanh.vn\/en\/san-pham\/bon-inox-dai-thanh-sus304-4500l-ngang-2\/#primaryimage"},"thumbnailUrl":"https:\/\/shop.tanadaithanh.vn\/wp-content\/uploads\/2025\/08\/39.jpg","datePublished":"2025-04-03T04:02:08+00:00","dateModified":"2026-04-01T08:35:59+00:00","breadcrumb":{"@id":"https:\/\/shop.tanadaithanh.vn\/en\/san-pham\/bon-inox-dai-thanh-sus304-4500l-ngang-2\/#breadcrumb"},"inLanguage":"en-US","potentialAction":[{"@type":"ReadAction","target":["https:\/\/shop.tanadaithanh.vn\/en\/san-pham\/bon-inox-dai-thanh-sus304-4500l-ngang-2\/"]}]},{"@type":"ImageObject","inLanguage":"en-US","@id":"https:\/\/shop.tanadaithanh.vn\/en\/san-pham\/bon-inox-dai-thanh-sus304-4500l-ngang-2\/#primaryimage","url":"https:\/\/shop.tanadaithanh.vn\/wp-content\/uploads\/2025\/08\/39.jpg","contentUrl":"https:\/\/shop.tanadaithanh.vn\/wp-content\/uploads\/2025\/08\/39.jpg","width":1200,"height":1200},{"@type":"BreadcrumbList","@id":"https:\/\/shop.tanadaithanh.vn\/en\/san-pham\/bon-inox-dai-thanh-sus304-4500l-ngang-2\/#breadcrumb","itemListElement":[{"@type":"ListItem","position":1,"name":"Trang ch\u1ee7","item":"https:\/\/shop.tanadaithanh.vn\/en\/"},{"@type":"ListItem","position":2,"name":"Shop","item":"https:\/\/shop.tanadaithanh.vn\/cua-hang\/"},{"@type":"ListItem","position":3,"name":"B\u1ed3n inox \u0110\u1ea1i Th\u00e0nh SUS304 \u2013 4500N"}]},{"@type":"WebSite","@id":"https:\/\/shop.tanadaithanh.vn\/en\/#website","url":"https:\/\/shop.tanadaithanh.vn\/en\/","name":"T\u00e2n \u00c1 \u0110\u1ea1i Th\u00e0nh eShop - Trang website b\u00e1n h\u00e0ng ch\u00ednh th\u1ee9c T\u1eadp \u0111o\u00e0n T\u00e2n \u00c1 \u0110\u1ea1i Th\u00e0nh","description":"Website b\u00e1n h\u00e0ng tr\u1ef1c tuy\u1ebfn v\u1eadn h\u00e0nh b\u1edfi ch\u00ednh T\u00e2n \u00c1 \u0110\u1ea1i Th\u00e0nh","publisher":{"@id":"https:\/\/shop.tanadaithanh.vn\/en\/#organization"},"potentialAction":[{"@type":"SearchAction","target":{"@type":"EntryPoint","urlTemplate":"https:\/\/shop.tanadaithanh.vn\/en\/?s={search_term_string}"},"query-input":{"@type":"PropertyValueSpecification","valueRequired":true,"valueName":"search_term_string"}}],"inLanguage":"en-US"},{"@type":"Organization","@id":"https:\/\/shop.tanadaithanh.vn\/en\/#organization","name":"T\u00e2n \u00c1 \u0110\u1ea1i Th\u00e0nh eShop - Trang website b\u00e1n h\u00e0ng ch\u00ednh th\u1ee9c T\u1eadp \u0111o\u00e0n T\u00e2n \u00c1 \u0110\u1ea1i Th\u00e0nh","url":"https:\/\/shop.tanadaithanh.vn\/en\/","logo":{"@type":"ImageObject","inLanguage":"en-US","@id":"https:\/\/shop.tanadaithanh.vn\/en\/#\/schema\/logo\/image\/","url":"https:\/\/shop.tanadaithanh.vn\/wp-content\/uploads\/2025\/06\/Logo-2.png","contentUrl":"https:\/\/shop.tanadaithanh.vn\/wp-content\/uploads\/2025\/06\/Logo-2.png","width":2000,"height":2000,"caption":"T\u00e2n \u00c1 \u0110\u1ea1i Th\u00e0nh eShop - Trang website b\u00e1n h\u00e0ng ch\u00ednh th\u1ee9c T\u1eadp \u0111o\u00e0n T\u00e2n \u00c1 \u0110\u1ea1i Th\u00e0nh"},"image":{"@id":"https:\/\/shop.tanadaithanh.vn\/en\/#\/schema\/logo\/image\/"},"sameAs":["https:\/\/www.facebook.com\/profile.php?id=61567171139919","https:\/\/zalo.me\/3915163699004948284"]}]}},"_links":{"self":[{"href":"https:\/\/shop.tanadaithanh.vn\/en\/wp-json\/wp\/v2\/product\/18461","targetHints":{"allow":["GET"]}}],"collection":[{"href":"https:\/\/shop.tanadaithanh.vn\/en\/wp-json\/wp\/v2\/product"}],"about":[{"href":"https:\/\/shop.tanadaithanh.vn\/en\/wp-json\/wp\/v2\/types\/product"}],"replies":[{"embeddable":true,"href":"https:\/\/shop.tanadaithanh.vn\/en\/wp-json\/wp\/v2\/comments?post=18461"}],"version-history":[{"count":7,"href":"https:\/\/shop.tanadaithanh.vn\/en\/wp-json\/wp\/v2\/product\/18461\/revisions"}],"predecessor-version":[{"id":31857,"href":"https:\/\/shop.tanadaithanh.vn\/en\/wp-json\/wp\/v2\/product\/18461\/revisions\/31857"}],"wp:featuredmedia":[{"embeddable":true,"href":"https:\/\/shop.tanadaithanh.vn\/en\/wp-json\/wp\/v2\/media\/28725"}],"wp:attachment":[{"href":"https:\/\/shop.tanadaithanh.vn\/en\/wp-json\/wp\/v2\/media?parent=18461"}],"wp:term":[{"taxonomy":"region","embeddable":true,"href":"https:\/\/shop.tanadaithanh.vn\/en\/wp-json\/wp\/v2\/region?post=18461"},{"taxonomy":"product_brand","embeddable":true,"href":"https:\/\/shop.tanadaithanh.vn\/en\/wp-json\/wp\/v2\/product_brand?post=18461"},{"taxonomy":"product_cat","embeddable":true,"href":"https:\/\/shop.tanadaithanh.vn\/en\/wp-json\/wp\/v2\/product_cat?post=18461"},{"taxonomy":"product_tag","embeddable":true,"href":"https:\/\/shop.tanadaithanh.vn\/en\/wp-json\/wp\/v2\/product_tag?post=18461"}],"curies":[{"name":"wp","href":"https:\/\/api.w.org\/{rel}","templated":true}]}}