{"id":18267,"date":"2025-04-03T11:01:19","date_gmt":"2025-04-03T04:01:19","guid":{"rendered":"https:\/\/shop.tanadaithanh.vn\/product\/bon-inox-dai-thanh-sus304-6000l-dung-2\/"},"modified":"2026-04-01T15:40:11","modified_gmt":"2026-04-01T08:40:11","slug":"bon-inox-dai-thanh-sus304-6000l-dung-2","status":"publish","type":"product","link":"https:\/\/shop.tanadaithanh.vn\/en\/san-pham\/bon-inox-dai-thanh-sus304-6000l-dung-2\/","title":{"rendered":"B\u1ed3n inox \u0110\u1ea1i Th\u00e0nh SUS304 \u2013 6000\u0110"},"content":{"rendered":"<p>B\u1ed3n inox \u0110\u1ea1i Th\u00e0nh SUS304 \u0111\u1ee9ng 6000L l\u00e0 s\u1ea3n ph\u1ea9m dung t\u00edch l\u1edbn, \u0111\u01b0\u1ee3c T\u1eadp \u0111o\u00e0n T\u00e2n \u00c1 \u0110\u1ea1i Th\u00e0nh s\u1ea3n xu\u1ea5t ri\u00eang cho th\u1ecb tr\u01b0\u1eddng mi\u1ec1n Nam. \u0110\u00e2y l\u00e0 d\u00f2ng s\u1ea3n ph\u1ea9m b\u00e1n ch\u1ea1y s\u1edf h\u1eefu nhi\u1ec1u \u01b0u \u0111i\u1ec3m n\u1ed5i b\u1eadt kh\u00f4ng th\u1ec3 b\u1ecf qua.\u00a0N\u1ebfu b\u1ea1n \u0111ang mu\u1ed1n t\u00ecm mua b\u1ed3n n\u01b0\u1edbc inox cho gia \u0111\u00ecnh th\u00ec h\u00e3y tham kh\u1ea3o ngay s\u1ea3n ph\u1ea9m d\u01b0\u1edbi \u0111\u00e2y!<\/p>\n<h2><b>Th\u00f4ng s\u1ed1 k\u1ef9 thu\u1eadt B\u1ed3n n\u01b0\u1edbc inox \u0110\u1ea1i Th\u00e0nh \u0111\u1ee9ng 6000L (\u03a61700)<\/b><\/h2>\n<table>\n<tbody>\n<tr>\n<td><b>T\u00ean s\u1ea3n ph\u1ea9m<\/b><\/td>\n<td><span style=\"font-weight: 400;\">B\u1ed3n n\u01b0\u1edbc inox \u0110\u1ea1i Th\u00e0nh \u0111\u1ee9ng 6000L<\/span><\/td>\n<\/tr>\n<tr>\n<td><b>\u0110\u01b0\u1eddng k\u00ednh<\/b><\/td>\n<td><span style=\"font-weight: 400;\">1700mm<\/span><\/td>\n<\/tr>\n<tr>\n<td><b>Dung t\u00edch<\/b><\/td>\n<td><span style=\"font-weight: 400;\">6000L<\/span><\/td>\n<\/tr>\n<tr>\n<td><b>K\u00edch th\u01b0\u1edbc (R\u1ed9ng x Cao)<\/b><\/td>\n<td><span style=\"font-weight: 400;\">1860 x 3095 mm<\/span><\/td>\n<\/tr>\n<tr>\n<td><b>Ch\u1ea5t li\u1ec7u<\/b><\/td>\n<td><span style=\"font-weight: 400;\">Inox SUS 304<\/span><\/td>\n<\/tr>\n<tr>\n<td><b>Th\u1eddi gian b\u1ea3o h\u00e0nh<\/b><\/td>\n<td><span style=\"font-weight: 400;\">12 n\u0103m<\/span><\/td>\n<\/tr>\n<\/tbody>\n<\/table>\n<h2>\u01afu \u0111i\u1ec3m n\u1ed5i b\u1eadt c\u1ee7a b\u1ed3n n\u01b0\u1edbc inox \u0110\u1ea1i Th\u00e0nh SUS304 \u0111\u1ee9ng 6000L<\/h2>\n<p>T\u1eeb l\u00e2u, b\u1ed3n n\u01b0\u1edbc inox l\u00e0 thi\u1ebft b\u1ecb quan tr\u1ecdng v\u00e0 c\u1ea7n thi\u1ebft trong vi\u1ec7c l\u01b0u tr\u1eef n\u01b0\u1edbc sinh ho\u1ea1t cho c\u00e1c h\u1ed9 gia \u0111\u00ecnh. S\u1edf h\u1eefu thi\u1ebft k\u1ebf \u0111a g\u00e2n ch\u1eafc ch\u1eafn, s\u1ea3n xu\u1ea5t t\u1eeb ch\u1ea5t li\u1ec7u inox cao c\u1ea5p v\u00e0 \u0111\u01b0\u1ee3c s\u1ea3n xu\u1ea5t tr\u00ean d\u00e2y chuy\u1ec1n hi\u1ec7n \u0111\u1ea1i b\u1eb1ng c\u00f4ng ngh\u1ec7 h\u00e0n l\u0103n ti\u00ean ti\u1ebfn, b\u1ed3n n\u01b0\u1edbc inox \u0110\u1ea1i Th\u00e0nh c\u1ee7a T\u1eadp \u0111o\u00e0n T\u00e2n \u00c1 \u0110\u1ea1i Th\u00e0nh \u0111\u01b0\u1ee3c nhi\u1ec1u ng\u01b0\u1eddi ti\u00eau d\u00f9ng \u1edf khu v\u1ef1c mi\u1ec1n Nam \u0111\u00f3n nh\u1eadn v\u00e0 tin t\u01b0\u1edfng s\u1eed d\u1ee5ng.<\/p>\n<h3>V\u1eadt li\u1ec7u Inox 304 cao c\u1ea5p si\u00eau b\u1ec1n, ch\u1ed1ng g\u1ec9 s\u00e9t<\/h3>\n<p>M\u1ed9t trong nh\u1eefng \u01b0u \u0111i\u1ec3m n\u1ed5i b\u1eadt kh\u00f4ng th\u1ec3 kh\u00f4ng nh\u1eafc t\u1edbi c\u1ee7a b\u1ed3n inox \u0110\u1ea1i Th\u00e0nh SUS304 n\u00f3i chung v\u00e0 b\u1ed3n d\u00e1ng \u0111\u1ee9ng, dung t\u00edch 6000L n\u00f3i ri\u00eang ch\u00ednh l\u00e0 \u0111\u01b0\u1ee3c c\u1ea5u th\u00e0nh t\u1eeb v\u1eadt li\u1ec7u inox SUS304. \u0110\u00e2y l\u00e0 d\u00f2ng inox cao c\u1ea5p c\u00f3 kh\u1ea3 n\u0103ng ch\u1ed1ng \u0103n m\u00f2n v\u00e0 r\u1ec9 s\u00e9t t\u1ed1t, \u0111\u1ea3m b\u1ea3o \u0111\u1ed9 b\u1ec1n v\u00e0 t\u00ednh \u1ed5n \u0111\u1ecbnh trong qu\u00e1 tr\u00ecnh s\u1eed d\u1ee5ng. B\u1ec1 m\u1eb7t b\u1ed3n \u0111\u01b0\u1ee3c ch\u0103m s\u00f3c v\u00e0 gia c\u00f4ng m\u1ed9t c\u00e1ch t\u1ec9 m\u1ec9, mang l\u1ea1i \u0111\u1ed9 b\u00f3ng lo\u00e1ng v\u00e0 d\u1ec5 v\u1ec7 sinh, gi\u00fap ti\u1ebft ki\u1ec7m th\u1eddi gian v\u00e0 c\u00f4ng s\u1ee9c khi lau ch\u00f9i.<\/p>\n<p>V\u1edbi vi\u1ec7c s\u1eed d\u1ee5ng nguy\u00ean li\u1ec7u th\u00e2n thi\u1ec7n v\u1edbi m\u00f4i tr\u01b0\u1eddng, b\u1ed3n inox \u0110\u1ea1i Th\u00e0nh SUS304 \u0111\u1ee9ng 6000L\u00a0kh\u00f4ng ch\u1ec9 \u0111\u1ea3m b\u1ea3o s\u1ef1 an to\u00e0n cho ngu\u1ed3n n\u01b0\u1edbc m\u00e0 c\u00f2n gi\u00fap gi\u1ea3m thi\u1ec3u t\u00e1c \u0111\u1ed9ng ti\u00eau c\u1ef1c \u0111\u1ebfn m\u00f4i tr\u01b0\u1eddng xung quanh.<\/p>\n<h3>Th\u00e2n b\u1ed3n thi\u1ebft k\u1ebf \u0111a g\u00e2n: C\u1ee9ng c\u00e1p v\u01b0\u1ee3t tr\u1ed9i, b\u1ea5t ch\u1ea5p m\u1ecdi \u0111i\u1ec1u ki\u1ec7n th\u1eddi ti\u1ebft<\/h3>\n<p>Th\u00e2n b\u1ed3n n\u01b0\u1edbc inox c\u1ee7a th\u01b0\u01a1ng hi\u1ec7u \u0110\u1ea1i Th\u00e0nh SUS304 \u0111\u01b0\u1ee3c thi\u1ebft k\u1ebf \u0111a g\u00e2n v\u1edbi c\u00e1c g\u00e2n ph\u00e2n b\u1ed5 \u0111\u1ec1u, gi\u00fap t\u0103ng c\u01b0\u1eddng \u0111\u1ed9 ch\u1eafc ch\u1eafn v\u00e0 k\u00e9o d\u00e0i tu\u1ed5i th\u1ecd c\u1ee7a thi\u1ebft b\u1ecb. \u0110i\u1ec1u n\u00e0y kh\u00f4ng ch\u1ec9 cung c\u1ea5p th\u00eam s\u1ef1 \u1ed5n \u0111\u1ecbnh m\u00e0 c\u00f2n t\u1ea1o \u0111i\u1ec1u ki\u1ec7n thu\u1eadn l\u1ee3i cho vi\u1ec7c s\u1eed d\u1ee5ng v\u00e0 b\u1ea3o qu\u1ea3n b\u1ed3n n\u01b0\u1edbc inox \u0110\u1ea1i Th\u00e0nh trong th\u1eddi gian d\u00e0i.<\/p>\n<h3>Ch\u00e2n \u0111\u1ebf \u0111\u01b0\u1ee3c c\u1ea3i ti\u1ebfn v\u1eefng ch\u1eafc<\/h3>\n<p>Ch\u00e2n \u0111\u1ebf c\u1ee7a b\u1ed3n inox \u0110\u1ea1i Th\u00e0nh SUS304 \u0111\u1ee9ng 6000L \u0111\u01b0\u1ee3c thi\u1ebft k\u1ebf b\u1eb1ng ch\u1ea5t li\u1ec7u cao c\u1ea5p \u0111\u1ec3 h\u1ed7 tr\u1ee3 b\u1ed3n, gi\u00fap t\u0103ng kh\u1ea3 n\u0103ng ch\u1ecbu t\u1ea3i tr\u1ecdng l\u1edbn c\u1ee7a s\u1ea3n ph\u1ea9m v\u00e0 gi\u1ea3m thi\u1ec3u nguy c\u01a1 g\u1eb7p ph\u1ea3i trong c\u00e1c t\u00ecnh hu\u1ed1ng nh\u01b0 m\u01b0a l\u0169 l\u1ee5t hay c\u01a1n b\u00e3o.<\/p>\n<p><span style=\"font-weight: 400;\">Ch\u00e2n \u0111\u1ebf c\u1ee7a s\u1ea3n ph\u1ea9m \u0111\u01b0\u1ee3c l\u00e0m t\u1eeb th\u00e9p kh\u00f4ng g\u1ec9 &#8211; m\u1ed9t lo\u1ea1i th\u00e9p h\u1ee3p kim c\u00f3 kh\u1ea3 n\u0103ng ch\u1ed1ng b\u1ecb oxy h\u00f3a, ch\u1ed1ng \u0103n m\u00f2n, \u00edt b\u1ecb bi\u1ebfn m\u00e0u khi ti\u1ebfp x\u00fac v\u1edbi m\u00f4i tr\u01b0\u1eddng. V\u1edbi th\u00e0nh ph\u1ea7n ch\u1ee9a t\u1ed1i thi\u1ec3u 10,5% crom, s\u1ea3n ph\u1ea9m s\u1ebd lu\u00f4n b\u1ec1n m\u00e0u, b\u00f3ng s\u00e1ng d\u00f9 \u0111\u00e3 s\u1eed d\u1ee5ng trong th\u1eddi gian d\u00e0i.\u00a0<\/span><\/p>\n<p><span style=\"font-weight: 400;\">B\u00ean c\u1ea1nh \u0111\u00f3, ch\u00e2n \u0111\u1ebf c\u00f2n c\u00f3 thi\u1ebft k\u1ebf d\u1ea1ng ch\u1eef U gi\u00fap ph\u00e2n t\u00e1n \u0111\u1ec1u l\u1ef1c \u0111\u1ee1, t\u0103ng kh\u1ea3 n\u0103ng ch\u1ecbu tr\u1ecdng t\u1ea3i l\u1edbn, \u00f4m tr\u1ecdn th\u00e2n b\u00ecnh \u0111\u1ec3 b\u00ecnh kh\u00f4ng b\u1ecb lung lay, h\u1ea1n ch\u1ebf t\u00ecnh tr\u1ea1ng g\u00e3y ch\u00e2n v\u00e0 s\u1eadp b\u1ed3n.\u00a0<\/span><\/p>\n<h3><strong>\u0110a d\u1ea1ng dung t\u00edch s\u1ea3n ph\u1ea9m<\/strong><\/h3>\n<p><span style=\"font-weight: 400;\">Nh\u1eb1m \u0111\u00e1p \u1ee9ng nhu c\u1ea7u s\u1eed d\u1ee5ng c\u1ee7a \u0111a d\u1ea1ng nh\u00f3m kh\u00e1ch h\u00e0ng, b\u00ean c\u1ea1nh b\u1ed3n inox \u0110\u1ea1i Th\u00e0nh dung t\u00edch 6000L, c\u00f2n c\u00f3 dung t\u00edch t\u1eeb 3100L &#8211; 5000L. V\u1edbi s\u1ef1 \u0111a d\u1ea1ng dung t\u00edch s\u1ea3n ph\u1ea9m, ng\u01b0\u1eddi d\u00f9ng c\u00f3 th\u1ec3 l\u1ef1a ch\u1ecdn t\u00f9y v\u00e0o s\u1ed1 l\u01b0\u1ee3ng th\u00e0nh vi\u00ean trong gia \u0111\u00ecnh.\u00a0<\/span><\/p>\n<p>\u0110\u1ec3 \u0111\u1ea3m b\u1ea3o ch\u1ea5t l\u01b0\u1ee3ng ngu\u1ed3n n\u01b0\u1edbc \u0111\u1ea7u v\u00e0o lu\u00f4n tinh khi\u1ebft v\u00e0 an to\u00e0n, b\u1ea1n c\u0169ng c\u00f3 th\u1ec3 c\u00e2n nh\u1eafc k\u1ebft h\u1ee3p s\u1eed d\u1ee5ng b\u1ed3n inox T\u00e2n \u00c1 8 \u0111\u1ee9ng 6000L v\u1edbi m\u00e1y n\u0103ng l\u01b0\u1ee3ng m\u1eb7t tr\u1eddi \u0110\u1ea1i Th\u00e0nh Vigo, \u0110\u1ea1i Th\u00e0nh Classic c\u00f9ng b\u1ed9 l\u1ecdc \u0111\u1ea7u ngu\u1ed3n Beluga. B\u1ed9 l\u1ecdc \u0111\u1ea7u ngu\u1ed3n Beluga s\u1ebd gi\u00fap lo\u1ea1i b\u1ecf t\u1eeb \u0111\u1ea7u ngu\u1ed3n n\u01b0\u1edbc c\u00e1c kim lo\u1ea1i n\u1eb7ng, c\u1eb7n b\u1ea9n, vi khu\u1ea9n c\u0169ng nh\u01b0 c\u00e1c t\u1ea1p ch\u1ea5t c\u00f3 h\u1ea1i. M\u00e1y n\u0103ng l\u01b0\u1ee3ng m\u1eb7t tr\u1eddi s\u1ebd gi\u00fap b\u1ea1n lu\u00f4n c\u00f3 ngu\u1ed3n n\u01b0\u1edbc n\u00f3ng \u1ed5n \u0111\u1ecbnh \u0111\u1ec3 s\u1eed d\u1ee5ng. T\u1eeb \u0111\u00f3, n\u00e2ng cao hi\u1ec7u qu\u1ea3 b\u1ea3o v\u1ec7 s\u1ee9c kho\u1ebb c\u0169ng nh\u01b0 ch\u1ea5t l\u01b0\u1ee3ng cu\u1ed9c s\u1ed1ng c\u1ee7a gia \u0111\u00ecnh.<\/p>\n<p>\u0110\u1ec3 ch\u1ecdn l\u1ef1a b\u1ed3n inox \u0110\u1ea1i Th\u00e0nh ph\u00f9 h\u1ee3p nh\u1ea5t v\u1edbi nhu c\u1ea7u s\u1eed d\u1ee5ng c\u1ee7a gia \u0111\u00ecnh c\u0169ng nh\u01b0 kh\u00f4ng b\u1ecf l\u1ee1 c\u00e1c \u01b0u \u0111\u00e3i \u0111ang \u0111\u01b0\u1ee3c \u00e1p d\u1ee5ng, h\u00e3y li\u00ean h\u1ec7 t\u1edbi Hotline: 1900 6086 ho\u1eb7c \u0111\u1ec3 l\u1ea1i th\u00f4ng tin tr\u00ean website: <a href=\"https:\/\/shop.tanadaithanh.vn\/\">shop.tanadaithanh.vn,<\/a>\u00a0\u0111\u1ed9i ng\u0169 t\u01b0 v\u1ea5n vi\u00ean s\u1ebd h\u1ed7 tr\u1ee3 24\/7 gi\u00fap b\u1ea1n t\u01b0 v\u1ea5n k\u1ef9 l\u01b0\u1ee1ng v\u1ec1 s\u1ea3n ph\u1ea9m.<\/p>\n","protected":false},"excerpt":{"rendered":"<ul>\n<li>Inox SUS 304 cao c\u1ea5p<\/li>\n<li>C\u00f4ng ngh\u1ec7 h\u00e0n l\u0103n t\u1ef1 \u0111\u1ed9ng<\/li>\n<li>Chu\u1ea9n ch\u1ea5t l\u01b0\u1ee3ng ISO 9001:2008<\/li>\n<li>\u0110a d\u1ea1ng dung t\u00edch &amp; ki\u1ec3u d\u00e1ng<\/li>\n<li>B\u1ea3o h\u00e0nh 12 n\u0103m<\/li>\n<\/ul>\n","protected":false},"featured_media":28723,"comment_status":"open","ping_status":"closed","template":"","meta":[],"region":[260],"product_brand":[],"product_cat":[301,299,297,182],"product_tag":[],"class_list":{"0":"post-18267","1":"product","2":"type-product","3":"status-publish","4":"has-post-thumbnail","6":"region-mien-nam","7":"product_cat-bon-inox-6000l","8":"product_cat-bon-inox-dai-thanh-sus-304","9":"product_cat-bon-inox-dung","10":"product_cat-bon-nuoc-inox","12":"first","13":"instock","14":"sale","15":"shipping-taxable","16":"purchasable","17":"product-type-simple"},"yoast_head":"<!-- This site is optimized with the Yoast SEO plugin v24.6 - https:\/\/yoast.com\/wordpress\/plugins\/seo\/ -->\n<title>B\u1ed3n inox \u0110\u1ea1i Th\u00e0nh SUS304 \u2013 6000\u0110 - T\u00e2n \u00c1 \u0110\u1ea1i Th\u00e0nh eShop<\/title>\n<meta name=\"robots\" content=\"index, follow, max-snippet:-1, max-image-preview:large, max-video-preview:-1\" \/>\n<link rel=\"canonical\" href=\"https:\/\/shop.tanadaithanh.vn\/en\/san-pham\/bon-inox-dai-thanh-sus304-6000l-dung-2\/\" \/>\n<meta property=\"og:locale\" content=\"en_US\" \/>\n<meta property=\"og:type\" content=\"article\" \/>\n<meta property=\"og:title\" content=\"B\u1ed3n inox \u0110\u1ea1i Th\u00e0nh SUS304 \u2013 6000\u0110 - T\u00e2n \u00c1 \u0110\u1ea1i Th\u00e0nh eShop\" \/>\n<meta property=\"og:description\" content=\"Inox SUS 304 cao c\u1ea5p  C\u00f4ng ngh\u1ec7 h\u00e0n l\u0103n t\u1ef1 \u0111\u1ed9ng  Chu\u1ea9n ch\u1ea5t l\u01b0\u1ee3ng ISO 9001:2008  \u0110a d\u1ea1ng dung t\u00edch &amp; ki\u1ec3u d\u00e1ng  B\u1ea3o h\u00e0nh 12 n\u0103m\" \/>\n<meta property=\"og:url\" content=\"https:\/\/shop.tanadaithanh.vn\/en\/san-pham\/bon-inox-dai-thanh-sus304-6000l-dung-2\/\" \/>\n<meta property=\"og:site_name\" content=\"T\u00e2n \u00c1 \u0110\u1ea1i Th\u00e0nh eShop\" \/>\n<meta property=\"article:publisher\" content=\"https:\/\/www.facebook.com\/profile.php?id=61567171139919\" \/>\n<meta property=\"article:modified_time\" content=\"2026-04-01T08:40:11+00:00\" \/>\n<meta property=\"og:image\" content=\"https:\/\/shop.tanadaithanh.vn\/wp-content\/uploads\/2025\/08\/40.jpg\" \/>\n\t<meta property=\"og:image:width\" content=\"1200\" \/>\n\t<meta property=\"og:image:height\" content=\"1200\" \/>\n\t<meta property=\"og:image:type\" content=\"image\/jpeg\" \/>\n<meta name=\"twitter:card\" content=\"summary_large_image\" \/>\n<meta name=\"twitter:label1\" content=\"Est. reading time\" \/>\n\t<meta name=\"twitter:data1\" content=\"5 minutes\" \/>\n<script type=\"application\/ld+json\" class=\"yoast-schema-graph\">{\"@context\":\"https:\/\/schema.org\",\"@graph\":[{\"@type\":\"WebPage\",\"@id\":\"https:\/\/shop.tanadaithanh.vn\/en\/san-pham\/bon-inox-dai-thanh-sus304-6000l-dung-2\/\",\"url\":\"https:\/\/shop.tanadaithanh.vn\/en\/san-pham\/bon-inox-dai-thanh-sus304-6000l-dung-2\/\",\"name\":\"B\u1ed3n inox \u0110\u1ea1i Th\u00e0nh SUS304 \u2013 6000\u0110 - T\u00e2n \u00c1 \u0110\u1ea1i Th\u00e0nh eShop\",\"isPartOf\":{\"@id\":\"https:\/\/shop.tanadaithanh.vn\/en\/#website\"},\"primaryImageOfPage\":{\"@id\":\"https:\/\/shop.tanadaithanh.vn\/en\/san-pham\/bon-inox-dai-thanh-sus304-6000l-dung-2\/#primaryimage\"},\"image\":{\"@id\":\"https:\/\/shop.tanadaithanh.vn\/en\/san-pham\/bon-inox-dai-thanh-sus304-6000l-dung-2\/#primaryimage\"},\"thumbnailUrl\":\"https:\/\/shop.tanadaithanh.vn\/wp-content\/uploads\/2025\/08\/40.jpg\",\"datePublished\":\"2025-04-03T04:01:19+00:00\",\"dateModified\":\"2026-04-01T08:40:11+00:00\",\"breadcrumb\":{\"@id\":\"https:\/\/shop.tanadaithanh.vn\/en\/san-pham\/bon-inox-dai-thanh-sus304-6000l-dung-2\/#breadcrumb\"},\"inLanguage\":\"en-US\",\"potentialAction\":[{\"@type\":\"ReadAction\",\"target\":[\"https:\/\/shop.tanadaithanh.vn\/en\/san-pham\/bon-inox-dai-thanh-sus304-6000l-dung-2\/\"]}]},{\"@type\":\"ImageObject\",\"inLanguage\":\"en-US\",\"@id\":\"https:\/\/shop.tanadaithanh.vn\/en\/san-pham\/bon-inox-dai-thanh-sus304-6000l-dung-2\/#primaryimage\",\"url\":\"https:\/\/shop.tanadaithanh.vn\/wp-content\/uploads\/2025\/08\/40.jpg\",\"contentUrl\":\"https:\/\/shop.tanadaithanh.vn\/wp-content\/uploads\/2025\/08\/40.jpg\",\"width\":1200,\"height\":1200},{\"@type\":\"BreadcrumbList\",\"@id\":\"https:\/\/shop.tanadaithanh.vn\/en\/san-pham\/bon-inox-dai-thanh-sus304-6000l-dung-2\/#breadcrumb\",\"itemListElement\":[{\"@type\":\"ListItem\",\"position\":1,\"name\":\"Trang ch\u1ee7\",\"item\":\"https:\/\/shop.tanadaithanh.vn\/en\/\"},{\"@type\":\"ListItem\",\"position\":2,\"name\":\"Shop\",\"item\":\"https:\/\/shop.tanadaithanh.vn\/cua-hang\/\"},{\"@type\":\"ListItem\",\"position\":3,\"name\":\"B\u1ed3n inox \u0110\u1ea1i Th\u00e0nh SUS304 \u2013 6000\u0110\"}]},{\"@type\":\"WebSite\",\"@id\":\"https:\/\/shop.tanadaithanh.vn\/en\/#website\",\"url\":\"https:\/\/shop.tanadaithanh.vn\/en\/\",\"name\":\"T\u00e2n \u00c1 \u0110\u1ea1i Th\u00e0nh eShop - Trang website b\u00e1n h\u00e0ng ch\u00ednh th\u1ee9c T\u1eadp \u0111o\u00e0n T\u00e2n \u00c1 \u0110\u1ea1i Th\u00e0nh\",\"description\":\"Website b\u00e1n h\u00e0ng tr\u1ef1c tuy\u1ebfn v\u1eadn h\u00e0nh b\u1edfi ch\u00ednh T\u00e2n \u00c1 \u0110\u1ea1i Th\u00e0nh\",\"publisher\":{\"@id\":\"https:\/\/shop.tanadaithanh.vn\/en\/#organization\"},\"potentialAction\":[{\"@type\":\"SearchAction\",\"target\":{\"@type\":\"EntryPoint\",\"urlTemplate\":\"https:\/\/shop.tanadaithanh.vn\/en\/?s={search_term_string}\"},\"query-input\":{\"@type\":\"PropertyValueSpecification\",\"valueRequired\":true,\"valueName\":\"search_term_string\"}}],\"inLanguage\":\"en-US\"},{\"@type\":\"Organization\",\"@id\":\"https:\/\/shop.tanadaithanh.vn\/en\/#organization\",\"name\":\"T\u00e2n \u00c1 \u0110\u1ea1i Th\u00e0nh eShop - Trang website b\u00e1n h\u00e0ng ch\u00ednh th\u1ee9c T\u1eadp \u0111o\u00e0n T\u00e2n \u00c1 \u0110\u1ea1i Th\u00e0nh\",\"url\":\"https:\/\/shop.tanadaithanh.vn\/en\/\",\"logo\":{\"@type\":\"ImageObject\",\"inLanguage\":\"en-US\",\"@id\":\"https:\/\/shop.tanadaithanh.vn\/en\/#\/schema\/logo\/image\/\",\"url\":\"https:\/\/shop.tanadaithanh.vn\/wp-content\/uploads\/2025\/06\/Logo-2.png\",\"contentUrl\":\"https:\/\/shop.tanadaithanh.vn\/wp-content\/uploads\/2025\/06\/Logo-2.png\",\"width\":2000,\"height\":2000,\"caption\":\"T\u00e2n \u00c1 \u0110\u1ea1i Th\u00e0nh eShop - Trang website b\u00e1n h\u00e0ng ch\u00ednh th\u1ee9c T\u1eadp \u0111o\u00e0n T\u00e2n \u00c1 \u0110\u1ea1i Th\u00e0nh\"},\"image\":{\"@id\":\"https:\/\/shop.tanadaithanh.vn\/en\/#\/schema\/logo\/image\/\"},\"sameAs\":[\"https:\/\/www.facebook.com\/profile.php?id=61567171139919\",\"https:\/\/zalo.me\/3915163699004948284\"]}]}<\/script>\n<!-- \/ Yoast SEO plugin. -->","yoast_head_json":{"title":"B\u1ed3n inox \u0110\u1ea1i Th\u00e0nh SUS304 \u2013 6000\u0110 - T\u00e2n \u00c1 \u0110\u1ea1i Th\u00e0nh eShop","robots":{"index":"index","follow":"follow","max-snippet":"max-snippet:-1","max-image-preview":"max-image-preview:large","max-video-preview":"max-video-preview:-1"},"canonical":"https:\/\/shop.tanadaithanh.vn\/en\/san-pham\/bon-inox-dai-thanh-sus304-6000l-dung-2\/","og_locale":"en_US","og_type":"article","og_title":"B\u1ed3n inox \u0110\u1ea1i Th\u00e0nh SUS304 \u2013 6000\u0110 - T\u00e2n \u00c1 \u0110\u1ea1i Th\u00e0nh eShop","og_description":"Inox SUS 304 cao c\u1ea5p  C\u00f4ng ngh\u1ec7 h\u00e0n l\u0103n t\u1ef1 \u0111\u1ed9ng  Chu\u1ea9n ch\u1ea5t l\u01b0\u1ee3ng ISO 9001:2008  \u0110a d\u1ea1ng dung t\u00edch &amp; ki\u1ec3u d\u00e1ng  B\u1ea3o h\u00e0nh 12 n\u0103m","og_url":"https:\/\/shop.tanadaithanh.vn\/en\/san-pham\/bon-inox-dai-thanh-sus304-6000l-dung-2\/","og_site_name":"T\u00e2n \u00c1 \u0110\u1ea1i Th\u00e0nh eShop","article_publisher":"https:\/\/www.facebook.com\/profile.php?id=61567171139919","article_modified_time":"2026-04-01T08:40:11+00:00","og_image":[{"width":1200,"height":1200,"url":"https:\/\/shop.tanadaithanh.vn\/wp-content\/uploads\/2025\/08\/40.jpg","type":"image\/jpeg"}],"twitter_card":"summary_large_image","twitter_misc":{"Est. reading time":"5 minutes"},"schema":{"@context":"https:\/\/schema.org","@graph":[{"@type":"WebPage","@id":"https:\/\/shop.tanadaithanh.vn\/en\/san-pham\/bon-inox-dai-thanh-sus304-6000l-dung-2\/","url":"https:\/\/shop.tanadaithanh.vn\/en\/san-pham\/bon-inox-dai-thanh-sus304-6000l-dung-2\/","name":"B\u1ed3n inox \u0110\u1ea1i Th\u00e0nh SUS304 \u2013 6000\u0110 - T\u00e2n \u00c1 \u0110\u1ea1i Th\u00e0nh eShop","isPartOf":{"@id":"https:\/\/shop.tanadaithanh.vn\/en\/#website"},"primaryImageOfPage":{"@id":"https:\/\/shop.tanadaithanh.vn\/en\/san-pham\/bon-inox-dai-thanh-sus304-6000l-dung-2\/#primaryimage"},"image":{"@id":"https:\/\/shop.tanadaithanh.vn\/en\/san-pham\/bon-inox-dai-thanh-sus304-6000l-dung-2\/#primaryimage"},"thumbnailUrl":"https:\/\/shop.tanadaithanh.vn\/wp-content\/uploads\/2025\/08\/40.jpg","datePublished":"2025-04-03T04:01:19+00:00","dateModified":"2026-04-01T08:40:11+00:00","breadcrumb":{"@id":"https:\/\/shop.tanadaithanh.vn\/en\/san-pham\/bon-inox-dai-thanh-sus304-6000l-dung-2\/#breadcrumb"},"inLanguage":"en-US","potentialAction":[{"@type":"ReadAction","target":["https:\/\/shop.tanadaithanh.vn\/en\/san-pham\/bon-inox-dai-thanh-sus304-6000l-dung-2\/"]}]},{"@type":"ImageObject","inLanguage":"en-US","@id":"https:\/\/shop.tanadaithanh.vn\/en\/san-pham\/bon-inox-dai-thanh-sus304-6000l-dung-2\/#primaryimage","url":"https:\/\/shop.tanadaithanh.vn\/wp-content\/uploads\/2025\/08\/40.jpg","contentUrl":"https:\/\/shop.tanadaithanh.vn\/wp-content\/uploads\/2025\/08\/40.jpg","width":1200,"height":1200},{"@type":"BreadcrumbList","@id":"https:\/\/shop.tanadaithanh.vn\/en\/san-pham\/bon-inox-dai-thanh-sus304-6000l-dung-2\/#breadcrumb","itemListElement":[{"@type":"ListItem","position":1,"name":"Trang ch\u1ee7","item":"https:\/\/shop.tanadaithanh.vn\/en\/"},{"@type":"ListItem","position":2,"name":"Shop","item":"https:\/\/shop.tanadaithanh.vn\/cua-hang\/"},{"@type":"ListItem","position":3,"name":"B\u1ed3n inox \u0110\u1ea1i Th\u00e0nh SUS304 \u2013 6000\u0110"}]},{"@type":"WebSite","@id":"https:\/\/shop.tanadaithanh.vn\/en\/#website","url":"https:\/\/shop.tanadaithanh.vn\/en\/","name":"T\u00e2n \u00c1 \u0110\u1ea1i Th\u00e0nh eShop - Trang website b\u00e1n h\u00e0ng ch\u00ednh th\u1ee9c T\u1eadp \u0111o\u00e0n T\u00e2n \u00c1 \u0110\u1ea1i Th\u00e0nh","description":"Website b\u00e1n h\u00e0ng tr\u1ef1c tuy\u1ebfn v\u1eadn h\u00e0nh b\u1edfi ch\u00ednh T\u00e2n \u00c1 \u0110\u1ea1i Th\u00e0nh","publisher":{"@id":"https:\/\/shop.tanadaithanh.vn\/en\/#organization"},"potentialAction":[{"@type":"SearchAction","target":{"@type":"EntryPoint","urlTemplate":"https:\/\/shop.tanadaithanh.vn\/en\/?s={search_term_string}"},"query-input":{"@type":"PropertyValueSpecification","valueRequired":true,"valueName":"search_term_string"}}],"inLanguage":"en-US"},{"@type":"Organization","@id":"https:\/\/shop.tanadaithanh.vn\/en\/#organization","name":"T\u00e2n \u00c1 \u0110\u1ea1i Th\u00e0nh eShop - Trang website b\u00e1n h\u00e0ng ch\u00ednh th\u1ee9c T\u1eadp \u0111o\u00e0n T\u00e2n \u00c1 \u0110\u1ea1i Th\u00e0nh","url":"https:\/\/shop.tanadaithanh.vn\/en\/","logo":{"@type":"ImageObject","inLanguage":"en-US","@id":"https:\/\/shop.tanadaithanh.vn\/en\/#\/schema\/logo\/image\/","url":"https:\/\/shop.tanadaithanh.vn\/wp-content\/uploads\/2025\/06\/Logo-2.png","contentUrl":"https:\/\/shop.tanadaithanh.vn\/wp-content\/uploads\/2025\/06\/Logo-2.png","width":2000,"height":2000,"caption":"T\u00e2n \u00c1 \u0110\u1ea1i Th\u00e0nh eShop - Trang website b\u00e1n h\u00e0ng ch\u00ednh th\u1ee9c T\u1eadp \u0111o\u00e0n T\u00e2n \u00c1 \u0110\u1ea1i Th\u00e0nh"},"image":{"@id":"https:\/\/shop.tanadaithanh.vn\/en\/#\/schema\/logo\/image\/"},"sameAs":["https:\/\/www.facebook.com\/profile.php?id=61567171139919","https:\/\/zalo.me\/3915163699004948284"]}]}},"_links":{"self":[{"href":"https:\/\/shop.tanadaithanh.vn\/en\/wp-json\/wp\/v2\/product\/18267","targetHints":{"allow":["GET"]}}],"collection":[{"href":"https:\/\/shop.tanadaithanh.vn\/en\/wp-json\/wp\/v2\/product"}],"about":[{"href":"https:\/\/shop.tanadaithanh.vn\/en\/wp-json\/wp\/v2\/types\/product"}],"replies":[{"embeddable":true,"href":"https:\/\/shop.tanadaithanh.vn\/en\/wp-json\/wp\/v2\/comments?post=18267"}],"version-history":[{"count":5,"href":"https:\/\/shop.tanadaithanh.vn\/en\/wp-json\/wp\/v2\/product\/18267\/revisions"}],"predecessor-version":[{"id":31861,"href":"https:\/\/shop.tanadaithanh.vn\/en\/wp-json\/wp\/v2\/product\/18267\/revisions\/31861"}],"wp:featuredmedia":[{"embeddable":true,"href":"https:\/\/shop.tanadaithanh.vn\/en\/wp-json\/wp\/v2\/media\/28723"}],"wp:attachment":[{"href":"https:\/\/shop.tanadaithanh.vn\/en\/wp-json\/wp\/v2\/media?parent=18267"}],"wp:term":[{"taxonomy":"region","embeddable":true,"href":"https:\/\/shop.tanadaithanh.vn\/en\/wp-json\/wp\/v2\/region?post=18267"},{"taxonomy":"product_brand","embeddable":true,"href":"https:\/\/shop.tanadaithanh.vn\/en\/wp-json\/wp\/v2\/product_brand?post=18267"},{"taxonomy":"product_cat","embeddable":true,"href":"https:\/\/shop.tanadaithanh.vn\/en\/wp-json\/wp\/v2\/product_cat?post=18267"},{"taxonomy":"product_tag","embeddable":true,"href":"https:\/\/shop.tanadaithanh.vn\/en\/wp-json\/wp\/v2\/product_tag?post=18267"}],"curies":[{"name":"wp","href":"https:\/\/api.w.org\/{rel}","templated":true}]}}