{"id":18096,"date":"2025-04-03T11:00:43","date_gmt":"2025-04-03T04:00:43","guid":{"rendered":"https:\/\/shop.tanadaithanh.vn\/product\/may-nuoc-nong-rossi-arte-30sq\/"},"modified":"2025-04-03T17:22:34","modified_gmt":"2025-04-03T10:22:34","slug":"may-nuoc-nong-rossi-arte-30sq","status":"publish","type":"product","link":"https:\/\/shop.tanadaithanh.vn\/en\/san-pham\/may-nuoc-nong-rossi-arte-30sq\/","title":{"rendered":"S\u1ea3n ph\u1ea9m"},"content":{"rendered":"<p><strong>Gi\u1edbi thi\u1ec7u s\u1ea3n ph\u1ea9m<\/strong><\/p>\n<div class=\"wpb_video_widget wpb_content_element vc_clearfix vc_video-aspect-ratio-169 vc_video-el-width-70 vc_video-align-left\">\n<div class=\"wpb_wrapper\">\n<p>\u0110\u01b0\u1ee3c l\u1ea5y c\u1ea3m h\u1ee9ng t\u1eeb d\u00f2ng ch\u1ea3y c\u1ee7a n\u01b0\u1edbc, s\u1ef1 m\u1ec1m m\u1ea1i c\u1ee7a nh\u1eefng c\u00e1nh hoa, \u0111\u01b0\u1ee3c t\u01b0 duy v\u00e0 th\u1ed5i h\u1ed3n theo phong c\u00e1ch l\u00e3ng m\u1ea1n nh\u01b0ng \u0111\u1ea7y th\u1ef1c t\u1ebf c\u1ee7a \u0111\u1ed9i ng\u0169 thi\u1ebft k\u1ebf Ph\u00e1p, Rossi Arte th\u1ef1c s\u1ef1 l\u00e0 m\u1ed9t ki\u1ec7t t\u00e1c ngh\u1ec7 thu\u1eadt mang \u0111\u1ebfn m\u1ed9t d\u00e1ng v\u1ebb sang tr\u1ecdng h\u01a1n, tinh t\u1ebf h\u01a1n, kh\u00e1c bi\u1ec7t v\u00e0 \u1ea5n t\u01b0\u1ee3ng h\u01a1n v\u1edbi c\u00e1c lo\u1ea1i b\u00ecnh n\u01b0\u1edbc n\u00f3ng kh\u00e1c hi\u1ec7n \u0111ang c\u00f3 m\u1eb7t tr\u00ean th\u1ecb tr\u01b0\u1eddng.<\/p>\n<p><iframe title=\"N\u1eef ho\u00e0ng B\u00ecnh n\u01b0\u1edbc n\u00f3ng - B\u00ecnh n\u01b0\u1edbc n\u00f3ng Rossi Arte\" width=\"500\" height=\"281\" src=\"https:\/\/www.youtube.com\/embed\/WIQm0etu54w?feature=oembed\" frameborder=\"0\" allow=\"accelerometer; autoplay; clipboard-write; encrypted-media; gyroscope; picture-in-picture; web-share\" referrerpolicy=\"strict-origin-when-cross-origin\" allowfullscreen><\/iframe><\/p>\n<\/div>\n<\/div>\n<p><iframe title=\"N\u1eef ho\u00e0ng B\u00ecnh n\u01b0\u1edbc n\u00f3ng Rossi Arte\" width=\"500\" height=\"375\" src=\"https:\/\/www.youtube.com\/embed\/fsRyySvU020?feature=oembed\" frameborder=\"0\" allow=\"accelerometer; autoplay; clipboard-write; encrypted-media; gyroscope; picture-in-picture; web-share\" referrerpolicy=\"strict-origin-when-cross-origin\" allowfullscreen><\/iframe><\/p>\n<p><img fetchpriority=\"high\" decoding=\"async\" class=\"aligncenter size-full wp-image-19083\" src=\"http:\/\/beta.tanadaithanh.vn\/wp-content\/uploads\/2025\/04\/30sq.jpg\" alt=\"\" width=\"787\" height=\"910\" srcset=\"https:\/\/shop.tanadaithanh.vn\/wp-content\/uploads\/2025\/04\/30sq.jpg 787w, https:\/\/shop.tanadaithanh.vn\/wp-content\/uploads\/2025\/04\/30sq-259x300.jpg 259w, https:\/\/shop.tanadaithanh.vn\/wp-content\/uploads\/2025\/04\/30sq-768x888.jpg 768w, https:\/\/shop.tanadaithanh.vn\/wp-content\/uploads\/2025\/04\/30sq-150x173.jpg 150w\" sizes=\"(max-width: 787px) 100vw, 787px\" \/><\/p>\n<p><strong>Th\u00f4ng s\u1ed1 k\u1ef9 thu\u1eadt<\/strong><\/p>\n<div class=\"wpb_text_column wpb_content_element\">\n<div class=\"wpb_wrapper\">\n<table>\n<tbody>\n<tr>\n<td>Dung t\u00edch<\/td>\n<td>30L<\/td>\n<\/tr>\n<tr>\n<td>C\u00f4ng su\u1ea5t<\/td>\n<td>2500W<\/td>\n<\/tr>\n<tr>\n<td>\u0110i\u1ec7n \u00e1p<\/td>\n<td>220V\/50Hz<\/td>\n<\/tr>\n<tr>\n<td>\u00c1p l\u1ef1c<\/td>\n<td>Min: 0.2 MPa, Max: 0.8 MPa<\/td>\n<\/tr>\n<tr>\n<td>B\u00ecnh ch\u1ee9a<\/td>\n<td>L\u00f5i th\u00e9p tr\u00e1ng men<\/td>\n<\/tr>\n<tr>\n<td>Quy chu\u1ea9n Vi\u1ec7t Nam<\/td>\n<td>QCVN 4:2009\/BKHCN v\u00e0 s\u1eeda \u0111\u1ed5i 1:2016 QCVN 4:2009\/BKHCN<\/td>\n<\/tr>\n<tr>\n<td>Ti\u00eau chu\u1ea9n s\u1ea3n xu\u1ea5t<\/td>\n<td>TCCS 04:2019\/TAHY<\/td>\n<\/tr>\n<tr>\n<td>H\u1ec7 th\u1ed1ng QLCL<\/td>\n<td>ISO 9001:2015<\/td>\n<\/tr>\n<\/tbody>\n<\/table>\n<\/div>\n<\/div>\n<p><strong>H\u01b0\u1edbng d\u1eabn l\u1eafp \u0111\u1eb7t<\/strong><\/p>\n<div class=\"wpb_video_widget wpb_content_element vc_clearfix vc_video-aspect-ratio-169 vc_video-el-width-70 vc_video-align-left\">\n<div class=\"wpb_wrapper\">\n<p><iframe title=\"H\u01b0\u1edbng d\u1eabn l\u1eafp \u0111\u1eb7t b\u00ecnh n\u01b0\u1edbc n\u00f3ng Rossi\" width=\"500\" height=\"281\" src=\"https:\/\/www.youtube.com\/embed\/P4PborpSyWY?feature=oembed\" frameborder=\"0\" allow=\"accelerometer; autoplay; clipboard-write; encrypted-media; gyroscope; picture-in-picture; web-share\" referrerpolicy=\"strict-origin-when-cross-origin\" allowfullscreen><\/iframe><\/p>\n<p><strong>Khuy\u1ebfn c\u00e1o s\u1eed d\u1ee5ng<\/strong><\/p>\n<div class=\"wpb_video_widget wpb_content_element vc_clearfix vc_video-aspect-ratio-169 vc_video-el-width-70 vc_video-align-left\">\n<div class=\"wpb_wrapper\">\n<ul>\n<li>Ch\u1ec9 s\u1eed d\u1ee5ng \u0111\u1ec3 l\u00e0m n\u00f3ng n\u01b0\u1edbc sinh ho\u1ea1t th\u00f4ng th\u01b0\u1eddng<\/li>\n<li>Kh\u00f4ng d\u00f9ng \u0111\u1ec3 ch\u1ee9a \u0111\u1ef1ng, l\u00e0m n\u00f3ng n\u01b0\u1edbc nhi\u1ec5m s\u1eaft n\u1eb7ng, n\u01b0\u1edbc nhi\u1ec5m ph\u00e8n chua, axit<\/li>\n<\/ul>\n<\/div>\n<\/div>\n<\/div>\n<\/div>\n","protected":false},"excerpt":{"rendered":"<p>Gi\u1edbi thi\u1ec7u s\u1ea3n ph\u1ea9m \u0110\u01b0\u1ee3c l\u1ea5y c\u1ea3m h\u1ee9ng t\u1eeb d\u00f2ng ch\u1ea3y c\u1ee7a n\u01b0\u1edbc, s\u1ef1 m\u1ec1m m\u1ea1i c\u1ee7a nh\u1eefng c\u00e1nh hoa,<\/p>\n","protected":false},"featured_media":19085,"comment_status":"open","ping_status":"closed","template":"","meta":[],"region":[260],"product_brand":[],"product_cat":[373,378,375,374],"product_tag":[],"class_list":{"0":"post-18096","1":"product","2":"type-product","3":"status-publish","4":"has-post-thumbnail","6":"region-mien-nam","7":"product_cat-may-nuoc-nong","8":"product_cat-may-nuoc-nong-30l-2","9":"product_cat-may-nuoc-nong-rossi-arte","10":"product_cat-may-nuoc-nong-vuong","11":"pa_kich-thuoc-dai-x-rong-x-cao-511-x-401-x-507","12":"pa_kieu-dang-binh-nuoc-nong-vuong","13":"pa_mau-sac-den","14":"pa_mau-sac-trang","16":"first","17":"instock","18":"shipping-taxable","19":"purchasable","20":"product-type-simple"},"yoast_head":"<!-- This site is optimized with the Yoast SEO plugin v24.6 - https:\/\/yoast.com\/wordpress\/plugins\/seo\/ -->\n<title>S\u1ea3n ph\u1ea9m - T\u00e2n \u00c1 \u0110\u1ea1i Th\u00e0nh eShop<\/title>\n<meta name=\"robots\" content=\"index, follow, max-snippet:-1, max-image-preview:large, max-video-preview:-1\" \/>\n<link rel=\"canonical\" href=\"https:\/\/shop.tanadaithanh.vn\/en\/san-pham\/may-nuoc-nong-rossi-arte-30sq\/\" \/>\n<meta property=\"og:locale\" content=\"en_US\" \/>\n<meta property=\"og:type\" content=\"article\" \/>\n<meta property=\"og:title\" content=\"S\u1ea3n ph\u1ea9m - T\u00e2n \u00c1 \u0110\u1ea1i Th\u00e0nh eShop\" \/>\n<meta property=\"og:description\" content=\"Gi\u1edbi thi\u1ec7u s\u1ea3n ph\u1ea9m \u0110\u01b0\u1ee3c l\u1ea5y c\u1ea3m h\u1ee9ng t\u1eeb d\u00f2ng ch\u1ea3y c\u1ee7a n\u01b0\u1edbc, s\u1ef1 m\u1ec1m m\u1ea1i c\u1ee7a nh\u1eefng c\u00e1nh hoa,\" \/>\n<meta property=\"og:url\" content=\"https:\/\/shop.tanadaithanh.vn\/en\/san-pham\/may-nuoc-nong-rossi-arte-30sq\/\" \/>\n<meta property=\"og:site_name\" content=\"T\u00e2n \u00c1 \u0110\u1ea1i Th\u00e0nh eShop\" \/>\n<meta property=\"article:publisher\" content=\"https:\/\/www.facebook.com\/profile.php?id=61567171139919\" \/>\n<meta property=\"article:modified_time\" content=\"2025-04-03T10:22:34+00:00\" \/>\n<meta property=\"og:image\" content=\"http:\/\/beta.tanadaithanh.vn\/wp-content\/uploads\/2025\/04\/rossi_artevuong_900x900-600x600-1.png\" \/>\n\t<meta property=\"og:image:width\" content=\"600\" \/>\n\t<meta property=\"og:image:height\" content=\"600\" \/>\n\t<meta property=\"og:image:type\" content=\"image\/png\" \/>\n<meta name=\"twitter:card\" content=\"summary_large_image\" \/>\n<meta name=\"twitter:label1\" content=\"Est. reading time\" \/>\n\t<meta name=\"twitter:data1\" content=\"2 minutes\" \/>\n<script type=\"application\/ld+json\" class=\"yoast-schema-graph\">{\"@context\":\"https:\/\/schema.org\",\"@graph\":[{\"@type\":\"WebPage\",\"@id\":\"https:\/\/shop.tanadaithanh.vn\/en\/san-pham\/may-nuoc-nong-rossi-arte-30sq\/\",\"url\":\"https:\/\/shop.tanadaithanh.vn\/en\/san-pham\/may-nuoc-nong-rossi-arte-30sq\/\",\"name\":\"S\u1ea3n ph\u1ea9m - T\u00e2n \u00c1 \u0110\u1ea1i Th\u00e0nh eShop\",\"isPartOf\":{\"@id\":\"https:\/\/shop.tanadaithanh.vn\/en\/#website\"},\"primaryImageOfPage\":{\"@id\":\"https:\/\/shop.tanadaithanh.vn\/en\/san-pham\/may-nuoc-nong-rossi-arte-30sq\/#primaryimage\"},\"image\":{\"@id\":\"https:\/\/shop.tanadaithanh.vn\/en\/san-pham\/may-nuoc-nong-rossi-arte-30sq\/#primaryimage\"},\"thumbnailUrl\":\"https:\/\/shop.tanadaithanh.vn\/wp-content\/uploads\/2025\/04\/rossi_artevuong_900x900-600x600-1.png\",\"datePublished\":\"2025-04-03T04:00:43+00:00\",\"dateModified\":\"2025-04-03T10:22:34+00:00\",\"breadcrumb\":{\"@id\":\"https:\/\/shop.tanadaithanh.vn\/en\/san-pham\/may-nuoc-nong-rossi-arte-30sq\/#breadcrumb\"},\"inLanguage\":\"en-US\",\"potentialAction\":[{\"@type\":\"ReadAction\",\"target\":[\"https:\/\/shop.tanadaithanh.vn\/en\/san-pham\/may-nuoc-nong-rossi-arte-30sq\/\"]}]},{\"@type\":\"ImageObject\",\"inLanguage\":\"en-US\",\"@id\":\"https:\/\/shop.tanadaithanh.vn\/en\/san-pham\/may-nuoc-nong-rossi-arte-30sq\/#primaryimage\",\"url\":\"https:\/\/shop.tanadaithanh.vn\/wp-content\/uploads\/2025\/04\/rossi_artevuong_900x900-600x600-1.png\",\"contentUrl\":\"https:\/\/shop.tanadaithanh.vn\/wp-content\/uploads\/2025\/04\/rossi_artevuong_900x900-600x600-1.png\",\"width\":600,\"height\":600},{\"@type\":\"BreadcrumbList\",\"@id\":\"https:\/\/shop.tanadaithanh.vn\/en\/san-pham\/may-nuoc-nong-rossi-arte-30sq\/#breadcrumb\",\"itemListElement\":[{\"@type\":\"ListItem\",\"position\":1,\"name\":\"Trang ch\u1ee7\",\"item\":\"https:\/\/shop.tanadaithanh.vn\/en\/\"},{\"@type\":\"ListItem\",\"position\":2,\"name\":\"Shop\",\"item\":\"https:\/\/shop.tanadaithanh.vn\/cua-hang\/\"},{\"@type\":\"ListItem\",\"position\":3,\"name\":\"S\u1ea3n ph\u1ea9m\"}]},{\"@type\":\"WebSite\",\"@id\":\"https:\/\/shop.tanadaithanh.vn\/en\/#website\",\"url\":\"https:\/\/shop.tanadaithanh.vn\/en\/\",\"name\":\"T\u00e2n \u00c1 \u0110\u1ea1i Th\u00e0nh eShop - Trang website b\u00e1n h\u00e0ng ch\u00ednh th\u1ee9c T\u1eadp \u0111o\u00e0n T\u00e2n \u00c1 \u0110\u1ea1i Th\u00e0nh\",\"description\":\"Website b\u00e1n h\u00e0ng tr\u1ef1c tuy\u1ebfn v\u1eadn h\u00e0nh b\u1edfi ch\u00ednh T\u00e2n \u00c1 \u0110\u1ea1i Th\u00e0nh\",\"publisher\":{\"@id\":\"https:\/\/shop.tanadaithanh.vn\/en\/#organization\"},\"potentialAction\":[{\"@type\":\"SearchAction\",\"target\":{\"@type\":\"EntryPoint\",\"urlTemplate\":\"https:\/\/shop.tanadaithanh.vn\/en\/?s={search_term_string}\"},\"query-input\":{\"@type\":\"PropertyValueSpecification\",\"valueRequired\":true,\"valueName\":\"search_term_string\"}}],\"inLanguage\":\"en-US\"},{\"@type\":\"Organization\",\"@id\":\"https:\/\/shop.tanadaithanh.vn\/en\/#organization\",\"name\":\"T\u00e2n \u00c1 \u0110\u1ea1i Th\u00e0nh eShop - Trang website b\u00e1n h\u00e0ng ch\u00ednh th\u1ee9c T\u1eadp \u0111o\u00e0n T\u00e2n \u00c1 \u0110\u1ea1i Th\u00e0nh\",\"url\":\"https:\/\/shop.tanadaithanh.vn\/en\/\",\"logo\":{\"@type\":\"ImageObject\",\"inLanguage\":\"en-US\",\"@id\":\"https:\/\/shop.tanadaithanh.vn\/en\/#\/schema\/logo\/image\/\",\"url\":\"https:\/\/shop.tanadaithanh.vn\/wp-content\/uploads\/2025\/06\/Logo-2.png\",\"contentUrl\":\"https:\/\/shop.tanadaithanh.vn\/wp-content\/uploads\/2025\/06\/Logo-2.png\",\"width\":2000,\"height\":2000,\"caption\":\"T\u00e2n \u00c1 \u0110\u1ea1i Th\u00e0nh eShop - Trang website b\u00e1n h\u00e0ng ch\u00ednh th\u1ee9c T\u1eadp \u0111o\u00e0n T\u00e2n \u00c1 \u0110\u1ea1i Th\u00e0nh\"},\"image\":{\"@id\":\"https:\/\/shop.tanadaithanh.vn\/en\/#\/schema\/logo\/image\/\"},\"sameAs\":[\"https:\/\/www.facebook.com\/profile.php?id=61567171139919\",\"https:\/\/zalo.me\/3915163699004948284\"]}]}<\/script>\n<!-- \/ Yoast SEO plugin. -->","yoast_head_json":{"title":"S\u1ea3n ph\u1ea9m - T\u00e2n \u00c1 \u0110\u1ea1i Th\u00e0nh eShop","robots":{"index":"index","follow":"follow","max-snippet":"max-snippet:-1","max-image-preview":"max-image-preview:large","max-video-preview":"max-video-preview:-1"},"canonical":"https:\/\/shop.tanadaithanh.vn\/en\/san-pham\/may-nuoc-nong-rossi-arte-30sq\/","og_locale":"en_US","og_type":"article","og_title":"S\u1ea3n ph\u1ea9m - T\u00e2n \u00c1 \u0110\u1ea1i Th\u00e0nh eShop","og_description":"Gi\u1edbi thi\u1ec7u s\u1ea3n ph\u1ea9m \u0110\u01b0\u1ee3c l\u1ea5y c\u1ea3m h\u1ee9ng t\u1eeb d\u00f2ng ch\u1ea3y c\u1ee7a n\u01b0\u1edbc, s\u1ef1 m\u1ec1m m\u1ea1i c\u1ee7a nh\u1eefng c\u00e1nh hoa,","og_url":"https:\/\/shop.tanadaithanh.vn\/en\/san-pham\/may-nuoc-nong-rossi-arte-30sq\/","og_site_name":"T\u00e2n \u00c1 \u0110\u1ea1i Th\u00e0nh eShop","article_publisher":"https:\/\/www.facebook.com\/profile.php?id=61567171139919","article_modified_time":"2025-04-03T10:22:34+00:00","og_image":[{"width":600,"height":600,"url":"http:\/\/beta.tanadaithanh.vn\/wp-content\/uploads\/2025\/04\/rossi_artevuong_900x900-600x600-1.png","type":"image\/png"}],"twitter_card":"summary_large_image","twitter_misc":{"Est. reading time":"2 minutes"},"schema":{"@context":"https:\/\/schema.org","@graph":[{"@type":"WebPage","@id":"https:\/\/shop.tanadaithanh.vn\/en\/san-pham\/may-nuoc-nong-rossi-arte-30sq\/","url":"https:\/\/shop.tanadaithanh.vn\/en\/san-pham\/may-nuoc-nong-rossi-arte-30sq\/","name":"S\u1ea3n ph\u1ea9m - T\u00e2n \u00c1 \u0110\u1ea1i Th\u00e0nh eShop","isPartOf":{"@id":"https:\/\/shop.tanadaithanh.vn\/en\/#website"},"primaryImageOfPage":{"@id":"https:\/\/shop.tanadaithanh.vn\/en\/san-pham\/may-nuoc-nong-rossi-arte-30sq\/#primaryimage"},"image":{"@id":"https:\/\/shop.tanadaithanh.vn\/en\/san-pham\/may-nuoc-nong-rossi-arte-30sq\/#primaryimage"},"thumbnailUrl":"https:\/\/shop.tanadaithanh.vn\/wp-content\/uploads\/2025\/04\/rossi_artevuong_900x900-600x600-1.png","datePublished":"2025-04-03T04:00:43+00:00","dateModified":"2025-04-03T10:22:34+00:00","breadcrumb":{"@id":"https:\/\/shop.tanadaithanh.vn\/en\/san-pham\/may-nuoc-nong-rossi-arte-30sq\/#breadcrumb"},"inLanguage":"en-US","potentialAction":[{"@type":"ReadAction","target":["https:\/\/shop.tanadaithanh.vn\/en\/san-pham\/may-nuoc-nong-rossi-arte-30sq\/"]}]},{"@type":"ImageObject","inLanguage":"en-US","@id":"https:\/\/shop.tanadaithanh.vn\/en\/san-pham\/may-nuoc-nong-rossi-arte-30sq\/#primaryimage","url":"https:\/\/shop.tanadaithanh.vn\/wp-content\/uploads\/2025\/04\/rossi_artevuong_900x900-600x600-1.png","contentUrl":"https:\/\/shop.tanadaithanh.vn\/wp-content\/uploads\/2025\/04\/rossi_artevuong_900x900-600x600-1.png","width":600,"height":600},{"@type":"BreadcrumbList","@id":"https:\/\/shop.tanadaithanh.vn\/en\/san-pham\/may-nuoc-nong-rossi-arte-30sq\/#breadcrumb","itemListElement":[{"@type":"ListItem","position":1,"name":"Trang ch\u1ee7","item":"https:\/\/shop.tanadaithanh.vn\/en\/"},{"@type":"ListItem","position":2,"name":"Shop","item":"https:\/\/shop.tanadaithanh.vn\/cua-hang\/"},{"@type":"ListItem","position":3,"name":"S\u1ea3n ph\u1ea9m"}]},{"@type":"WebSite","@id":"https:\/\/shop.tanadaithanh.vn\/en\/#website","url":"https:\/\/shop.tanadaithanh.vn\/en\/","name":"T\u00e2n \u00c1 \u0110\u1ea1i Th\u00e0nh eShop - Trang website b\u00e1n h\u00e0ng ch\u00ednh th\u1ee9c T\u1eadp \u0111o\u00e0n T\u00e2n \u00c1 \u0110\u1ea1i Th\u00e0nh","description":"Website b\u00e1n h\u00e0ng tr\u1ef1c tuy\u1ebfn v\u1eadn h\u00e0nh b\u1edfi ch\u00ednh T\u00e2n \u00c1 \u0110\u1ea1i Th\u00e0nh","publisher":{"@id":"https:\/\/shop.tanadaithanh.vn\/en\/#organization"},"potentialAction":[{"@type":"SearchAction","target":{"@type":"EntryPoint","urlTemplate":"https:\/\/shop.tanadaithanh.vn\/en\/?s={search_term_string}"},"query-input":{"@type":"PropertyValueSpecification","valueRequired":true,"valueName":"search_term_string"}}],"inLanguage":"en-US"},{"@type":"Organization","@id":"https:\/\/shop.tanadaithanh.vn\/en\/#organization","name":"T\u00e2n \u00c1 \u0110\u1ea1i Th\u00e0nh eShop - Trang website b\u00e1n h\u00e0ng ch\u00ednh th\u1ee9c T\u1eadp \u0111o\u00e0n T\u00e2n \u00c1 \u0110\u1ea1i Th\u00e0nh","url":"https:\/\/shop.tanadaithanh.vn\/en\/","logo":{"@type":"ImageObject","inLanguage":"en-US","@id":"https:\/\/shop.tanadaithanh.vn\/en\/#\/schema\/logo\/image\/","url":"https:\/\/shop.tanadaithanh.vn\/wp-content\/uploads\/2025\/06\/Logo-2.png","contentUrl":"https:\/\/shop.tanadaithanh.vn\/wp-content\/uploads\/2025\/06\/Logo-2.png","width":2000,"height":2000,"caption":"T\u00e2n \u00c1 \u0110\u1ea1i Th\u00e0nh eShop - Trang website b\u00e1n h\u00e0ng ch\u00ednh th\u1ee9c T\u1eadp \u0111o\u00e0n T\u00e2n \u00c1 \u0110\u1ea1i Th\u00e0nh"},"image":{"@id":"https:\/\/shop.tanadaithanh.vn\/en\/#\/schema\/logo\/image\/"},"sameAs":["https:\/\/www.facebook.com\/profile.php?id=61567171139919","https:\/\/zalo.me\/3915163699004948284"]}]}},"_links":{"self":[{"href":"https:\/\/shop.tanadaithanh.vn\/en\/wp-json\/wp\/v2\/product\/18096","targetHints":{"allow":["GET"]}}],"collection":[{"href":"https:\/\/shop.tanadaithanh.vn\/en\/wp-json\/wp\/v2\/product"}],"about":[{"href":"https:\/\/shop.tanadaithanh.vn\/en\/wp-json\/wp\/v2\/types\/product"}],"replies":[{"embeddable":true,"href":"https:\/\/shop.tanadaithanh.vn\/en\/wp-json\/wp\/v2\/comments?post=18096"}],"version-history":[{"count":0,"href":"https:\/\/shop.tanadaithanh.vn\/en\/wp-json\/wp\/v2\/product\/18096\/revisions"}],"wp:featuredmedia":[{"embeddable":true,"href":"https:\/\/shop.tanadaithanh.vn\/en\/wp-json\/wp\/v2\/media\/19085"}],"wp:attachment":[{"href":"https:\/\/shop.tanadaithanh.vn\/en\/wp-json\/wp\/v2\/media?parent=18096"}],"wp:term":[{"taxonomy":"region","embeddable":true,"href":"https:\/\/shop.tanadaithanh.vn\/en\/wp-json\/wp\/v2\/region?post=18096"},{"taxonomy":"product_brand","embeddable":true,"href":"https:\/\/shop.tanadaithanh.vn\/en\/wp-json\/wp\/v2\/product_brand?post=18096"},{"taxonomy":"product_cat","embeddable":true,"href":"https:\/\/shop.tanadaithanh.vn\/en\/wp-json\/wp\/v2\/product_cat?post=18096"},{"taxonomy":"product_tag","embeddable":true,"href":"https:\/\/shop.tanadaithanh.vn\/en\/wp-json\/wp\/v2\/product_tag?post=18096"}],"curies":[{"name":"wp","href":"https:\/\/api.w.org\/{rel}","templated":true}]}}