{"id":18093,"date":"2025-04-03T11:00:43","date_gmt":"2025-04-03T04:00:43","guid":{"rendered":"https:\/\/shop.tanadaithanh.vn\/product\/may-nuoc-nong-nang-luong-mat-troi-dai-thanh-classic-300l-70-20-2\/"},"modified":"2026-01-08T14:26:37","modified_gmt":"2026-01-08T07:26:37","slug":"may-nuoc-nong-nang-luong-mat-troi-dai-thanh-classic-300l-70-20-2","status":"publish","type":"product","link":"https:\/\/shop.tanadaithanh.vn\/en\/san-pham\/may-nuoc-nong-nang-luong-mat-troi-dai-thanh-classic-300l-70-20-2\/","title":{"rendered":"M\u00e1y n\u01b0\u1edbc n\u00f3ng n\u0103ng l\u01b0\u1ee3ng m\u1eb7t tr\u1eddi \u0110\u1ea1i Th\u00e0nh CLASSIC 300L 70-20"},"content":{"rendered":"<div class=\"wpb_text_column wpb_content_element\">\n<div class=\"wpb_wrapper\">\n<p><strong>M\u00c1Y N\u0102NG L\u01af\u1ee2NG M\u1eb6T TR\u1edcI CLASSIC<\/strong><\/p>\n<p>\u0110\u01b0\u1ee3c s\u1ea3n xu\u1ea5t tr\u00ean d\u00e2y chuy\u1ec1n theo ti\u00eau chu\u1ea9n Ch\u00e2u \u00c2u, nguy\u00ean li\u1ec7u Inox SUS 304\/BA v\u1edbi c\u00f4ng ngh\u1ec7 phun s\u01a1n t\u0129nh \u0111i\u1ec7n ch\u1ecbu \u0111\u01b0\u1ee3c c\u00e1c kh\u00ed h\u1eadu v\u00f9ng bi\u1ec3n.<\/p>\n<p><strong>T\u00cdNH N\u0102NG<\/strong><\/p>\n<table>\n<tbody>\n<tr>\n<td><img decoding=\"async\" src=\"https:\/\/file.hstatic.net\/1000195956\/file\/classic1-03_compact.jpg\" \/><\/td>\n<td colspan=\"3\"><strong>L\u1edbp B\u1ea3o \u00d4n:<\/strong><\/p>\n<p>Ru\u1ed9t b\u00ecnh b\u1ea3o \u00f4n \u0111\u01b0\u1ee3c l\u00e0m b\u1eb1ng ch\u1ea5t li\u1ec7u Inox 304, \u0111\u1ed9 b\u1ec1n cao, \u0111\u1ea3m b\u1ea3o an to\u00e0n v\u1ec7 sinh th\u1ef1c ph\u1ea9m. V\u1edbi \u0111\u1ed9 d\u00e0y 0,4mm . L\u1edbp gi\u1eef nhi\u1ec7t b\u1eb1ng h\u1ee3p ch\u1ea5t Foam (\u0111\u1ed9 d\u00e0y 55mm) \u0111\u1ed9 n\u00e9n ch\u1eb7t, v\u00e0 gi\u1eef nhi\u1ec7t l\u00ean \u0111\u1ebfn 96 gi\u1edd.<\/td>\n<\/tr>\n<tr>\n<td><img decoding=\"async\" src=\"https:\/\/file.hstatic.net\/1000195956\/file\/classic2-03_compact.jpg\" \/><\/td>\n<td><strong>Ch\u00e2n M\u00e1y:<\/strong><\/p>\n<p>&#8211; Nguy\u00ean li\u1ec7u Inox si\u00eau b\u1ec1n.<\/p>\n<p>&#8211; \u0110\u1ea3m b\u1ea3o \u0111\u1ed9 c\u1ee9ng, v\u1eefng v\u00e0 ch\u1ecbu l\u1ef1c t\u1ed1t.<\/td>\n<td><img decoding=\"async\" src=\"https:\/\/file.hstatic.net\/1000195956\/file\/classic3-03_compact.jpg\" \/><\/td>\n<td><strong>V\u1ecf B\u00ecnh B\u1ea3o \u00d4n:<\/strong><\/p>\n<p>&#8211; Nguy\u00ean li\u1ec7u Th\u00e9p kh\u00f4ng g\u1ec9.<\/p>\n<p>&#8211; Ch\u1ecbu \u0111\u01b0\u1ee3c c\u00e1c ki\u1ec3u th\u1eddi ti\u1ebft kh\u1eafc nghi\u1ec7t.<\/td>\n<\/tr>\n<\/tbody>\n<\/table>\n<p><strong>K\u00cdCH TH\u01af\u1edaC K\u1ef8 THU\u1eacT:<\/strong><\/p>\n<p><strong>Dung sai: +-8%<\/strong><\/p>\n<table style=\"height: 622px;\" border=\"1\" width=\"1354\">\n<tbody>\n<tr>\n<td><strong>STT<\/strong><\/td>\n<td><strong>M\u00c3 HI\u1ec6U S\u1ea2N PH\u1ea8M<\/strong><\/td>\n<td><strong>DUNG T\u00cdCH<\/strong><\/p>\n<p><strong>(L\u00edt)<\/strong><\/td>\n<td><strong>TH\u00d4NG S\u1ed0 L\u1eaeP \u0110\u1eb6T<\/strong><\/p>\n<p><strong><em>D\u00e0i x R\u1ed9ng x Cao (mm)<\/em><\/strong><\/td>\n<\/tr>\n<tr>\n<td colspan=\"4\"><strong>\u0110\u1ea0I TH\u00c0NH &#8211; CLASSIC \u220558<\/strong><\/td>\n<\/tr>\n<tr>\n<td>1<\/td>\n<td>\u0110T 58 &#8211; 12<\/td>\n<td>130<\/td>\n<td>1850 x 1100 x 1230<\/td>\n<\/tr>\n<tr>\n<td>2<\/td>\n<td>\u0110T 58 &#8211; 15<\/td>\n<td>160<\/td>\n<td>2000 x 1350 x 1230<\/td>\n<\/tr>\n<tr>\n<td>3<\/td>\n<td>\u0110T 58 &#8211; 18<\/td>\n<td>180<\/td>\n<td>2000 x 1600 x 1230<\/td>\n<\/tr>\n<tr>\n<td>4<\/td>\n<td>\u0110T 58 &#8211; 21<\/td>\n<td>215<\/td>\n<td>2000 x 1830 x 1230<\/td>\n<\/tr>\n<tr>\n<td>5<\/td>\n<td>\u0110T 58 &#8211; 24<\/td>\n<td>250<\/td>\n<td>2000 x 2070 x 1230<\/td>\n<\/tr>\n<tr>\n<td>6<\/td>\n<td>\u0110T 58 &#8211; 28<\/td>\n<td>300<\/td>\n<td>2000 x 2400 x 1230<\/td>\n<\/tr>\n<tr>\n<td colspan=\"4\"><strong>\u0110\u1ea0I TH\u00c0NH &#8211; CLASSIC \u220570<\/strong><\/td>\n<\/tr>\n<tr>\n<td>1<\/td>\n<td>\u0110T 70 &#8211; 10<\/td>\n<td>150<\/td>\n<td>2000 x 1046 x 1230<\/td>\n<\/tr>\n<tr>\n<td>2<\/td>\n<td>\u0110T 70 &#8211; 12<\/td>\n<td>180<\/td>\n<td>2000 x 1236 x 1230<\/td>\n<\/tr>\n<tr>\n<td>3<\/td>\n<td>\u0110T 70 &#8211; 14<\/td>\n<td>210<\/td>\n<td>2000 x 1426 x 1230<\/td>\n<\/tr>\n<tr>\n<td>4<\/td>\n<td>\u0110T 70 &#8211; 15<\/td>\n<td>225<\/td>\n<td>2000 x 1521 x 1230<\/td>\n<\/tr>\n<tr>\n<td>5<\/td>\n<td>\u0110T 70 &#8211; 16<\/td>\n<td>240<\/td>\n<td>2000 x 1616 x 1230<\/td>\n<\/tr>\n<tr>\n<td>6<\/td>\n<td>\u0110T 70 &#8211; 18<\/td>\n<td>270<\/td>\n<td>2000 x 1806 x 1230<\/td>\n<\/tr>\n<tr>\n<td>7<\/td>\n<td>\u0110T 70 &#8211; 20<\/td>\n<td>300<\/td>\n<td>2000 x 2091 x 1230<\/td>\n<\/tr>\n<tr>\n<td>8<\/td>\n<td>\u0110T 70 &#8211; 21<\/td>\n<td>315<\/td>\n<td>2000 x 2376 x 1230<\/td>\n<\/tr>\n<tr>\n<td>9<\/td>\n<td>\u0110T 70 &#8211; 24<\/td>\n<td>360<\/td>\n<td>2000 x 2756 x 1230<\/td>\n<\/tr>\n<\/tbody>\n<\/table>\n<p><strong>C\u00d4NG NGH\u1ec6 \u1ed0NG CH\u00c2N KH\u00d4NG\u00a0\u220558, \u220570 G\u1ed2M 5 L\u1edaP:<\/strong><\/p>\n<table style=\"height: 375px;\" width=\"1360\">\n<tbody>\n<tr>\n<td><img fetchpriority=\"high\" decoding=\"async\" class=\"aligncenter\" src=\"https:\/\/file.hstatic.net\/1000195956\/file\/1_70361f3311d54d40b7f12563a977078c_compact.jpg\" width=\"380\" height=\"285\" \/><\/td>\n<td><strong>&#8211; L\u1edbp 1:<\/strong>\u00a0L\u1edbp ngo\u00e0i c\u00f9ng l\u00e0 Th\u1ee7y tinh trong su\u1ed1t, \u00e1nh n\u1eafng d\u1ec5 d\u00e0ng ti\u1ebfp x\u00fac v\u00e0 truy\u1ec1n d\u1eabn nhi\u1ec7t.<\/p>\n<p><strong>&#8211; L\u1edbp 2:<\/strong>\u00a0Truy\u1ec1n nhi\u1ec7t cao (H\u1ee3p kim \u0111\u1ed3ng).<br \/>\n<strong>&#8211; L\u1edbp 3<\/strong>: Ch\u1ed1ng b\u1ee9c x\u1ea1 tia h\u1ed3ng ngo\u1ea1i v\u00e0 l\u00e0m s\u1ea1ch n\u01b0\u1edbc (Titan Dioxit).<br \/>\n<strong>&#8211; L\u1edbp 4:<\/strong>\u00a0H\u1ea5p th\u1ee5 99.5 % \u00e1nh s\u00e1ng m\u1eb7t tr\u1eddi (H\u1ee3p kim nh\u00f4m).<br \/>\n<strong>&#8211; L\u1edbp 5:<\/strong>\u00a0L\u1edbp ch\u1ed1ng b\u00e1m c\u1eb7n &#8211; gi\u00fap cho m\u1eb7t trong c\u1ee7a \u1ed1ng \u0110\u1ea1i Th\u00e0nh kh\u00f4ng b\u1ecb b\u00e1m c\u1eb7n b\u1ea9n.<br \/>\n<strong>&#8211; Chi\u1ec1u d\u00e0i \u1ed1ng \u00d870, \u00d858: 1800mm &#8211; S\u1ea3n xu\u1ea5t theo c\u00f4ng ngh\u1ec7 \u0110\u1ee9c.<\/strong><\/td>\n<\/tr>\n<\/tbody>\n<\/table>\n<p><img decoding=\"async\" class=\"aligncenter\" src=\"https:\/\/file.hstatic.net\/1000195956\/file\/nlmt-02_1024x1024.jpg\" width=\"828\" height=\"393\" \/><\/p>\n<p><strong>H\u1ec6 D\u00c0N C\u00d4NG NGHI\u1ec6P<\/strong><\/p>\n<p>V\u1edbi dung t\u00edch t\u1eeb 500 l\u00edt \u0111\u1ebfn 30000 l\u00edt, t\u00f9y thu\u1ed9c v\u00e0o m\u1ee5c \u0111\u00edch s\u1eed d\u1ee5ng c\u1ee7a kh\u00e1ch h\u00e0ng, c\u00f4ng ty s\u1ebd \u0111\u01b0a ra dung t\u00edch ph\u00f9 h\u1ee3p. H\u1ec7 d\u00e0n c\u00f4ng nghi\u1ec7p \u0111\u01b0\u1ee3c \u1ee9ng d\u1ee5ng t\u1ea1i n\u01a1i s\u1eed d\u1ee5ng ngu\u1ed3n n\u01b0\u1edbc n\u00f3ng nhi\u1ec1u nh\u01b0: tr\u01b0\u1eddng h\u1ecdc, b\u1ec7nh vi\u1ec7n, nh\u00e0 h\u00e0ng, kh\u00e1ch s\u1ea1n&#8230; \u0110\u1ec3 \u0111\u1ea3m b\u1ea3o cho Qu\u00fd kh\u00e1ch h\u00e0ng gi\u1ea3i ph\u00e1p s\u1eed d\u1ee5ng t\u1ed1i \u01b0u, xin vui l\u00f2ng li\u00ean h\u1ec7 v\u1edbi ch\u00fang t\u00f4i \u0111\u1ec3 \u0111\u01b0\u1ee3c t\u01b0 v\u1ea5n v\u00e0 kh\u1ea3o s\u00e1t mi\u1ec5n ph\u00ed. V\u1edbi ch\u1ea5t l\u01b0\u1ee3ng v\u01b0\u1ee3t tr\u1ed9i v\u00e0 phong c\u00e1ch ph\u1ee5c v\u1ee5 chuy\u00ean nghi\u1ec7p, s\u1ea3n ph\u1ea9m \u0110\u1ea1i Th\u00e0nh s\u1ebd l\u00e0 l\u1ef1a ch\u1ecdn t\u1ed1i \u01b0u c\u1ee7a Qu\u00fd kh\u00e1ch h\u00e0ng.<\/p>\n<\/div>\n<\/div>\n<p><strong>H\u01b0\u1edbng d\u1eabn s\u1eed d\u1ee5ng, l\u1eafp \u0111\u1eb7t<\/strong><\/p>\n<div class=\"wpb_video_widget wpb_content_element vc_clearfix vc_video-aspect-ratio-169 vc_video-el-width-70 vc_video-align-left\">\n<div class=\"wpb_wrapper\">\n<p><iframe title=\"H\u01b0\u1edbng d\u1eabn l\u1eafp \u0111\u1eb7t v\u00e0 s\u1eed d\u1ee5ng M\u00e1y n\u01b0\u1edbc n\u00f3ng n\u0103ng l\u01b0\u1ee3ng m\u1eb7t tr\u1eddi\" width=\"500\" height=\"281\" src=\"https:\/\/www.youtube.com\/embed\/vD1VzTfDeBg?feature=oembed\" frameborder=\"0\" allow=\"accelerometer; autoplay; clipboard-write; encrypted-media; gyroscope; picture-in-picture; web-share\" referrerpolicy=\"strict-origin-when-cross-origin\" allowfullscreen><\/iframe><\/p>\n<\/div>\n<\/div>\n","protected":false},"excerpt":{"rendered":"<p>Ru\u1ed9t b\u00ecnh b\u1ea3o \u00f4n \u0111\u01b0\u1ee3c l\u00e0m b\u1eb1ng ch\u1ea5t li\u1ec7u Inox 304, \u0111\u1ed9 b\u1ec1n cao, \u0111\u1ea3m b\u1ea3o an to\u00e0n v\u1ec7 sinh th\u1ef1c ph\u1ea9m<\/p>\n<p>V\u1ecf b\u00ecnh b\u1ea3o \u00f4n l\u00e0m t\u1eeb nguy\u00ean li\u1ec7u th\u00e9p kh\u00f4ng g\u1ec9, ch\u1ecbu \u0111\u01b0\u1ee3c c\u00e1c ki\u1ec3u th\u1eddi ti\u1ebft kh\u1eafc nghi\u1ec7t<\/p>\n<p>Ch\u00e2n m\u00e1y l\u00e0m t\u1eeb nguy\u00ean li\u1ec7u Inox si\u00eau b\u1ec1n, \u0111\u1ea3m b\u1ea3o \u0111\u1ed9 c\u1ee9ng, v\u1eefng v\u00e0 ch\u1ecbu l\u1ef1c t\u1ed1t.<\/p>\n","protected":false},"featured_media":28769,"comment_status":"open","ping_status":"closed","template":"","meta":[],"region":[260],"product_brand":[],"product_cat":[361,201,349,203],"product_tag":[],"class_list":{"0":"post-18093","1":"product","2":"type-product","3":"status-publish","4":"has-post-thumbnail","6":"region-mien-nam","7":"product_cat-may-nuoc-nong-nlmt-dai-thanh-classic-sus304","8":"product_cat-nang-luong-mat-troi","9":"product_cat-nang-luong-mat-troi-300l","10":"product_cat-nlmt-70","12":"first","13":"instock","14":"sale","15":"shipping-taxable","16":"purchasable","17":"product-type-simple"},"yoast_head":"<!-- This site is optimized with the Yoast SEO plugin v24.6 - https:\/\/yoast.com\/wordpress\/plugins\/seo\/ -->\n<title>M\u00e1y n\u01b0\u1edbc n\u00f3ng n\u0103ng l\u01b0\u1ee3ng m\u1eb7t tr\u1eddi \u0110\u1ea1i Th\u00e0nh CLASSIC 300L 70-20 - T\u00e2n \u00c1 \u0110\u1ea1i Th\u00e0nh eShop<\/title>\n<meta name=\"robots\" content=\"index, follow, max-snippet:-1, max-image-preview:large, max-video-preview:-1\" \/>\n<link rel=\"canonical\" href=\"https:\/\/shop.tanadaithanh.vn\/en\/san-pham\/may-nuoc-nong-nang-luong-mat-troi-dai-thanh-classic-300l-70-20-2\/\" \/>\n<meta property=\"og:locale\" content=\"en_US\" \/>\n<meta property=\"og:type\" content=\"article\" \/>\n<meta property=\"og:title\" content=\"M\u00e1y n\u01b0\u1edbc n\u00f3ng n\u0103ng l\u01b0\u1ee3ng m\u1eb7t tr\u1eddi \u0110\u1ea1i Th\u00e0nh CLASSIC 300L 70-20 - T\u00e2n \u00c1 \u0110\u1ea1i Th\u00e0nh eShop\" \/>\n<meta property=\"og:description\" content=\"Ru\u1ed9t b\u00ecnh b\u1ea3o \u00f4n \u0111\u01b0\u1ee3c l\u00e0m b\u1eb1ng ch\u1ea5t li\u1ec7u Inox 304, \u0111\u1ed9 b\u1ec1n cao, \u0111\u1ea3m b\u1ea3o an to\u00e0n v\u1ec7 sinh th\u1ef1c ph\u1ea9m  V\u1ecf b\u00ecnh b\u1ea3o \u00f4n l\u00e0m t\u1eeb nguy\u00ean li\u1ec7u th\u00e9p kh\u00f4ng g\u1ec9, ch\u1ecbu \u0111\u01b0\u1ee3c c\u00e1c ki\u1ec3u th\u1eddi ti\u1ebft kh\u1eafc nghi\u1ec7t  Ch\u00e2n m\u00e1y l\u00e0m t\u1eeb nguy\u00ean li\u1ec7u Inox si\u00eau b\u1ec1n, \u0111\u1ea3m b\u1ea3o \u0111\u1ed9 c\u1ee9ng, v\u1eefng v\u00e0 ch\u1ecbu l\u1ef1c t\u1ed1t.\" \/>\n<meta property=\"og:url\" content=\"https:\/\/shop.tanadaithanh.vn\/en\/san-pham\/may-nuoc-nong-nang-luong-mat-troi-dai-thanh-classic-300l-70-20-2\/\" \/>\n<meta property=\"og:site_name\" content=\"T\u00e2n \u00c1 \u0110\u1ea1i Th\u00e0nh eShop\" \/>\n<meta property=\"article:publisher\" content=\"https:\/\/www.facebook.com\/profile.php?id=61567171139919\" \/>\n<meta property=\"article:modified_time\" content=\"2026-01-08T07:26:37+00:00\" \/>\n<meta property=\"og:image\" content=\"https:\/\/shop.tanadaithanh.vn\/wp-content\/uploads\/2025\/08\/2.jpg\" \/>\n\t<meta property=\"og:image:width\" content=\"1200\" \/>\n\t<meta property=\"og:image:height\" content=\"1200\" \/>\n\t<meta property=\"og:image:type\" content=\"image\/jpeg\" \/>\n<meta name=\"twitter:card\" content=\"summary_large_image\" \/>\n<meta name=\"twitter:label1\" content=\"Est. reading time\" \/>\n\t<meta name=\"twitter:data1\" content=\"5 minutes\" \/>\n<script type=\"application\/ld+json\" class=\"yoast-schema-graph\">{\"@context\":\"https:\/\/schema.org\",\"@graph\":[{\"@type\":\"WebPage\",\"@id\":\"https:\/\/shop.tanadaithanh.vn\/en\/san-pham\/may-nuoc-nong-nang-luong-mat-troi-dai-thanh-classic-300l-70-20-2\/\",\"url\":\"https:\/\/shop.tanadaithanh.vn\/en\/san-pham\/may-nuoc-nong-nang-luong-mat-troi-dai-thanh-classic-300l-70-20-2\/\",\"name\":\"M\u00e1y n\u01b0\u1edbc n\u00f3ng n\u0103ng l\u01b0\u1ee3ng m\u1eb7t tr\u1eddi \u0110\u1ea1i Th\u00e0nh CLASSIC 300L 70-20 - T\u00e2n \u00c1 \u0110\u1ea1i Th\u00e0nh eShop\",\"isPartOf\":{\"@id\":\"https:\/\/shop.tanadaithanh.vn\/en\/#website\"},\"primaryImageOfPage\":{\"@id\":\"https:\/\/shop.tanadaithanh.vn\/en\/san-pham\/may-nuoc-nong-nang-luong-mat-troi-dai-thanh-classic-300l-70-20-2\/#primaryimage\"},\"image\":{\"@id\":\"https:\/\/shop.tanadaithanh.vn\/en\/san-pham\/may-nuoc-nong-nang-luong-mat-troi-dai-thanh-classic-300l-70-20-2\/#primaryimage\"},\"thumbnailUrl\":\"https:\/\/shop.tanadaithanh.vn\/wp-content\/uploads\/2025\/08\/2.jpg\",\"datePublished\":\"2025-04-03T04:00:43+00:00\",\"dateModified\":\"2026-01-08T07:26:37+00:00\",\"breadcrumb\":{\"@id\":\"https:\/\/shop.tanadaithanh.vn\/en\/san-pham\/may-nuoc-nong-nang-luong-mat-troi-dai-thanh-classic-300l-70-20-2\/#breadcrumb\"},\"inLanguage\":\"en-US\",\"potentialAction\":[{\"@type\":\"ReadAction\",\"target\":[\"https:\/\/shop.tanadaithanh.vn\/en\/san-pham\/may-nuoc-nong-nang-luong-mat-troi-dai-thanh-classic-300l-70-20-2\/\"]}]},{\"@type\":\"ImageObject\",\"inLanguage\":\"en-US\",\"@id\":\"https:\/\/shop.tanadaithanh.vn\/en\/san-pham\/may-nuoc-nong-nang-luong-mat-troi-dai-thanh-classic-300l-70-20-2\/#primaryimage\",\"url\":\"https:\/\/shop.tanadaithanh.vn\/wp-content\/uploads\/2025\/08\/2.jpg\",\"contentUrl\":\"https:\/\/shop.tanadaithanh.vn\/wp-content\/uploads\/2025\/08\/2.jpg\",\"width\":1200,\"height\":1200},{\"@type\":\"BreadcrumbList\",\"@id\":\"https:\/\/shop.tanadaithanh.vn\/en\/san-pham\/may-nuoc-nong-nang-luong-mat-troi-dai-thanh-classic-300l-70-20-2\/#breadcrumb\",\"itemListElement\":[{\"@type\":\"ListItem\",\"position\":1,\"name\":\"Trang ch\u1ee7\",\"item\":\"https:\/\/shop.tanadaithanh.vn\/en\/\"},{\"@type\":\"ListItem\",\"position\":2,\"name\":\"Shop\",\"item\":\"https:\/\/shop.tanadaithanh.vn\/cua-hang\/\"},{\"@type\":\"ListItem\",\"position\":3,\"name\":\"M\u00e1y n\u01b0\u1edbc n\u00f3ng n\u0103ng l\u01b0\u1ee3ng m\u1eb7t tr\u1eddi \u0110\u1ea1i Th\u00e0nh CLASSIC 300L 70-20\"}]},{\"@type\":\"WebSite\",\"@id\":\"https:\/\/shop.tanadaithanh.vn\/en\/#website\",\"url\":\"https:\/\/shop.tanadaithanh.vn\/en\/\",\"name\":\"T\u00e2n \u00c1 \u0110\u1ea1i Th\u00e0nh eShop - Trang website b\u00e1n h\u00e0ng ch\u00ednh th\u1ee9c T\u1eadp \u0111o\u00e0n T\u00e2n \u00c1 \u0110\u1ea1i Th\u00e0nh\",\"description\":\"Website b\u00e1n h\u00e0ng tr\u1ef1c tuy\u1ebfn v\u1eadn h\u00e0nh b\u1edfi ch\u00ednh T\u00e2n \u00c1 \u0110\u1ea1i Th\u00e0nh\",\"publisher\":{\"@id\":\"https:\/\/shop.tanadaithanh.vn\/en\/#organization\"},\"potentialAction\":[{\"@type\":\"SearchAction\",\"target\":{\"@type\":\"EntryPoint\",\"urlTemplate\":\"https:\/\/shop.tanadaithanh.vn\/en\/?s={search_term_string}\"},\"query-input\":{\"@type\":\"PropertyValueSpecification\",\"valueRequired\":true,\"valueName\":\"search_term_string\"}}],\"inLanguage\":\"en-US\"},{\"@type\":\"Organization\",\"@id\":\"https:\/\/shop.tanadaithanh.vn\/en\/#organization\",\"name\":\"T\u00e2n \u00c1 \u0110\u1ea1i Th\u00e0nh eShop - Trang website b\u00e1n h\u00e0ng ch\u00ednh th\u1ee9c T\u1eadp \u0111o\u00e0n T\u00e2n \u00c1 \u0110\u1ea1i Th\u00e0nh\",\"url\":\"https:\/\/shop.tanadaithanh.vn\/en\/\",\"logo\":{\"@type\":\"ImageObject\",\"inLanguage\":\"en-US\",\"@id\":\"https:\/\/shop.tanadaithanh.vn\/en\/#\/schema\/logo\/image\/\",\"url\":\"https:\/\/shop.tanadaithanh.vn\/wp-content\/uploads\/2025\/06\/Logo-2.png\",\"contentUrl\":\"https:\/\/shop.tanadaithanh.vn\/wp-content\/uploads\/2025\/06\/Logo-2.png\",\"width\":2000,\"height\":2000,\"caption\":\"T\u00e2n \u00c1 \u0110\u1ea1i Th\u00e0nh eShop - Trang website b\u00e1n h\u00e0ng ch\u00ednh th\u1ee9c T\u1eadp \u0111o\u00e0n T\u00e2n \u00c1 \u0110\u1ea1i Th\u00e0nh\"},\"image\":{\"@id\":\"https:\/\/shop.tanadaithanh.vn\/en\/#\/schema\/logo\/image\/\"},\"sameAs\":[\"https:\/\/www.facebook.com\/profile.php?id=61567171139919\",\"https:\/\/zalo.me\/3915163699004948284\"]}]}<\/script>\n<!-- \/ Yoast SEO plugin. -->","yoast_head_json":{"title":"M\u00e1y n\u01b0\u1edbc n\u00f3ng n\u0103ng l\u01b0\u1ee3ng m\u1eb7t tr\u1eddi \u0110\u1ea1i Th\u00e0nh CLASSIC 300L 70-20 - T\u00e2n \u00c1 \u0110\u1ea1i Th\u00e0nh eShop","robots":{"index":"index","follow":"follow","max-snippet":"max-snippet:-1","max-image-preview":"max-image-preview:large","max-video-preview":"max-video-preview:-1"},"canonical":"https:\/\/shop.tanadaithanh.vn\/en\/san-pham\/may-nuoc-nong-nang-luong-mat-troi-dai-thanh-classic-300l-70-20-2\/","og_locale":"en_US","og_type":"article","og_title":"M\u00e1y n\u01b0\u1edbc n\u00f3ng n\u0103ng l\u01b0\u1ee3ng m\u1eb7t tr\u1eddi \u0110\u1ea1i Th\u00e0nh CLASSIC 300L 70-20 - T\u00e2n \u00c1 \u0110\u1ea1i Th\u00e0nh eShop","og_description":"Ru\u1ed9t b\u00ecnh b\u1ea3o \u00f4n \u0111\u01b0\u1ee3c l\u00e0m b\u1eb1ng ch\u1ea5t li\u1ec7u Inox 304, \u0111\u1ed9 b\u1ec1n cao, \u0111\u1ea3m b\u1ea3o an to\u00e0n v\u1ec7 sinh th\u1ef1c ph\u1ea9m  V\u1ecf b\u00ecnh b\u1ea3o \u00f4n l\u00e0m t\u1eeb nguy\u00ean li\u1ec7u th\u00e9p kh\u00f4ng g\u1ec9, ch\u1ecbu \u0111\u01b0\u1ee3c c\u00e1c ki\u1ec3u th\u1eddi ti\u1ebft kh\u1eafc nghi\u1ec7t  Ch\u00e2n m\u00e1y l\u00e0m t\u1eeb nguy\u00ean li\u1ec7u Inox si\u00eau b\u1ec1n, \u0111\u1ea3m b\u1ea3o \u0111\u1ed9 c\u1ee9ng, v\u1eefng v\u00e0 ch\u1ecbu l\u1ef1c t\u1ed1t.","og_url":"https:\/\/shop.tanadaithanh.vn\/en\/san-pham\/may-nuoc-nong-nang-luong-mat-troi-dai-thanh-classic-300l-70-20-2\/","og_site_name":"T\u00e2n \u00c1 \u0110\u1ea1i Th\u00e0nh eShop","article_publisher":"https:\/\/www.facebook.com\/profile.php?id=61567171139919","article_modified_time":"2026-01-08T07:26:37+00:00","og_image":[{"width":1200,"height":1200,"url":"https:\/\/shop.tanadaithanh.vn\/wp-content\/uploads\/2025\/08\/2.jpg","type":"image\/jpeg"}],"twitter_card":"summary_large_image","twitter_misc":{"Est. reading time":"5 minutes"},"schema":{"@context":"https:\/\/schema.org","@graph":[{"@type":"WebPage","@id":"https:\/\/shop.tanadaithanh.vn\/en\/san-pham\/may-nuoc-nong-nang-luong-mat-troi-dai-thanh-classic-300l-70-20-2\/","url":"https:\/\/shop.tanadaithanh.vn\/en\/san-pham\/may-nuoc-nong-nang-luong-mat-troi-dai-thanh-classic-300l-70-20-2\/","name":"M\u00e1y n\u01b0\u1edbc n\u00f3ng n\u0103ng l\u01b0\u1ee3ng m\u1eb7t tr\u1eddi \u0110\u1ea1i Th\u00e0nh CLASSIC 300L 70-20 - T\u00e2n \u00c1 \u0110\u1ea1i Th\u00e0nh eShop","isPartOf":{"@id":"https:\/\/shop.tanadaithanh.vn\/en\/#website"},"primaryImageOfPage":{"@id":"https:\/\/shop.tanadaithanh.vn\/en\/san-pham\/may-nuoc-nong-nang-luong-mat-troi-dai-thanh-classic-300l-70-20-2\/#primaryimage"},"image":{"@id":"https:\/\/shop.tanadaithanh.vn\/en\/san-pham\/may-nuoc-nong-nang-luong-mat-troi-dai-thanh-classic-300l-70-20-2\/#primaryimage"},"thumbnailUrl":"https:\/\/shop.tanadaithanh.vn\/wp-content\/uploads\/2025\/08\/2.jpg","datePublished":"2025-04-03T04:00:43+00:00","dateModified":"2026-01-08T07:26:37+00:00","breadcrumb":{"@id":"https:\/\/shop.tanadaithanh.vn\/en\/san-pham\/may-nuoc-nong-nang-luong-mat-troi-dai-thanh-classic-300l-70-20-2\/#breadcrumb"},"inLanguage":"en-US","potentialAction":[{"@type":"ReadAction","target":["https:\/\/shop.tanadaithanh.vn\/en\/san-pham\/may-nuoc-nong-nang-luong-mat-troi-dai-thanh-classic-300l-70-20-2\/"]}]},{"@type":"ImageObject","inLanguage":"en-US","@id":"https:\/\/shop.tanadaithanh.vn\/en\/san-pham\/may-nuoc-nong-nang-luong-mat-troi-dai-thanh-classic-300l-70-20-2\/#primaryimage","url":"https:\/\/shop.tanadaithanh.vn\/wp-content\/uploads\/2025\/08\/2.jpg","contentUrl":"https:\/\/shop.tanadaithanh.vn\/wp-content\/uploads\/2025\/08\/2.jpg","width":1200,"height":1200},{"@type":"BreadcrumbList","@id":"https:\/\/shop.tanadaithanh.vn\/en\/san-pham\/may-nuoc-nong-nang-luong-mat-troi-dai-thanh-classic-300l-70-20-2\/#breadcrumb","itemListElement":[{"@type":"ListItem","position":1,"name":"Trang ch\u1ee7","item":"https:\/\/shop.tanadaithanh.vn\/en\/"},{"@type":"ListItem","position":2,"name":"Shop","item":"https:\/\/shop.tanadaithanh.vn\/cua-hang\/"},{"@type":"ListItem","position":3,"name":"M\u00e1y n\u01b0\u1edbc n\u00f3ng n\u0103ng l\u01b0\u1ee3ng m\u1eb7t tr\u1eddi \u0110\u1ea1i Th\u00e0nh CLASSIC 300L 70-20"}]},{"@type":"WebSite","@id":"https:\/\/shop.tanadaithanh.vn\/en\/#website","url":"https:\/\/shop.tanadaithanh.vn\/en\/","name":"T\u00e2n \u00c1 \u0110\u1ea1i Th\u00e0nh eShop - Trang website b\u00e1n h\u00e0ng ch\u00ednh th\u1ee9c T\u1eadp \u0111o\u00e0n T\u00e2n \u00c1 \u0110\u1ea1i Th\u00e0nh","description":"Website b\u00e1n h\u00e0ng tr\u1ef1c tuy\u1ebfn v\u1eadn h\u00e0nh b\u1edfi ch\u00ednh T\u00e2n \u00c1 \u0110\u1ea1i Th\u00e0nh","publisher":{"@id":"https:\/\/shop.tanadaithanh.vn\/en\/#organization"},"potentialAction":[{"@type":"SearchAction","target":{"@type":"EntryPoint","urlTemplate":"https:\/\/shop.tanadaithanh.vn\/en\/?s={search_term_string}"},"query-input":{"@type":"PropertyValueSpecification","valueRequired":true,"valueName":"search_term_string"}}],"inLanguage":"en-US"},{"@type":"Organization","@id":"https:\/\/shop.tanadaithanh.vn\/en\/#organization","name":"T\u00e2n \u00c1 \u0110\u1ea1i Th\u00e0nh eShop - Trang website b\u00e1n h\u00e0ng ch\u00ednh th\u1ee9c T\u1eadp \u0111o\u00e0n T\u00e2n \u00c1 \u0110\u1ea1i Th\u00e0nh","url":"https:\/\/shop.tanadaithanh.vn\/en\/","logo":{"@type":"ImageObject","inLanguage":"en-US","@id":"https:\/\/shop.tanadaithanh.vn\/en\/#\/schema\/logo\/image\/","url":"https:\/\/shop.tanadaithanh.vn\/wp-content\/uploads\/2025\/06\/Logo-2.png","contentUrl":"https:\/\/shop.tanadaithanh.vn\/wp-content\/uploads\/2025\/06\/Logo-2.png","width":2000,"height":2000,"caption":"T\u00e2n \u00c1 \u0110\u1ea1i Th\u00e0nh eShop - Trang website b\u00e1n h\u00e0ng ch\u00ednh th\u1ee9c T\u1eadp \u0111o\u00e0n T\u00e2n \u00c1 \u0110\u1ea1i Th\u00e0nh"},"image":{"@id":"https:\/\/shop.tanadaithanh.vn\/en\/#\/schema\/logo\/image\/"},"sameAs":["https:\/\/www.facebook.com\/profile.php?id=61567171139919","https:\/\/zalo.me\/3915163699004948284"]}]}},"_links":{"self":[{"href":"https:\/\/shop.tanadaithanh.vn\/en\/wp-json\/wp\/v2\/product\/18093","targetHints":{"allow":["GET"]}}],"collection":[{"href":"https:\/\/shop.tanadaithanh.vn\/en\/wp-json\/wp\/v2\/product"}],"about":[{"href":"https:\/\/shop.tanadaithanh.vn\/en\/wp-json\/wp\/v2\/types\/product"}],"replies":[{"embeddable":true,"href":"https:\/\/shop.tanadaithanh.vn\/en\/wp-json\/wp\/v2\/comments?post=18093"}],"version-history":[{"count":2,"href":"https:\/\/shop.tanadaithanh.vn\/en\/wp-json\/wp\/v2\/product\/18093\/revisions"}],"predecessor-version":[{"id":25135,"href":"https:\/\/shop.tanadaithanh.vn\/en\/wp-json\/wp\/v2\/product\/18093\/revisions\/25135"}],"wp:featuredmedia":[{"embeddable":true,"href":"https:\/\/shop.tanadaithanh.vn\/en\/wp-json\/wp\/v2\/media\/28769"}],"wp:attachment":[{"href":"https:\/\/shop.tanadaithanh.vn\/en\/wp-json\/wp\/v2\/media?parent=18093"}],"wp:term":[{"taxonomy":"region","embeddable":true,"href":"https:\/\/shop.tanadaithanh.vn\/en\/wp-json\/wp\/v2\/region?post=18093"},{"taxonomy":"product_brand","embeddable":true,"href":"https:\/\/shop.tanadaithanh.vn\/en\/wp-json\/wp\/v2\/product_brand?post=18093"},{"taxonomy":"product_cat","embeddable":true,"href":"https:\/\/shop.tanadaithanh.vn\/en\/wp-json\/wp\/v2\/product_cat?post=18093"},{"taxonomy":"product_tag","embeddable":true,"href":"https:\/\/shop.tanadaithanh.vn\/en\/wp-json\/wp\/v2\/product_tag?post=18093"}],"curies":[{"name":"wp","href":"https:\/\/api.w.org\/{rel}","templated":true}]}}