{"id":18012,"date":"2025-04-03T11:00:25","date_gmt":"2025-04-03T04:00:25","guid":{"rendered":"https:\/\/shop.tanadaithanh.vn\/product\/chau-rua-cao-cap-dx42005-2\/"},"modified":"2026-03-31T09:09:53","modified_gmt":"2026-03-31T02:09:53","slug":"chau-rua-cao-cap-dx42005-2","status":"publish","type":"product","link":"https:\/\/shop.tanadaithanh.vn\/en\/san-pham\/chau-rua-cao-cap-dx42005-2\/","title":{"rendered":"Ch\u1eadu r\u1eeda cao c\u1ea5p DX42005"},"content":{"rendered":"<div class=\"wpb_text_column wpb_content_element\">\n<div class=\"wpb_wrapper\">\n<p>T\u00e2n \u00c1 \u0110\u1ea1i Th\u00e0nh l\u00e0 \u0111\u01a1n v\u1ecb trong n\u01b0\u1edbc duy nh\u1ea5t nh\u1eadp d\u00e2y chuy\u1ec1n d\u1eadp ch\u1eadu li\u1ec1n kh\u1ed1i. V\u1edbi Ch\u1eadu r\u1eeda Inox\u00a0\u0110\u1ea1i Th\u00e0nh\u00a0gia \u0111\u00ecnh b\u1ea1n c\u00f3 th\u1ec3 y\u00ean t\u00e2m v\u1ec1 ch\u1ea5t l\u01b0\u1ee3ng c\u0169ng nh\u01b0 s\u1ef1 an to\u00e0n cho s\u1ee9c kh\u1ecfe c\u1ee7a c\u1ea3 gia \u0111\u00ecnh m\u00ecnh . V\u1edbi ki\u1ec3u d\u00e1ng sang tr\u1ecdng \u2013\u00a0 thi\u1ebft k\u1ebf tinh x\u1ea3o \u2013 Ch\u1ea5t li\u1ec7u si\u00eau b\u1ec1n s\u1ebd l\u00e0m h\u00e0i l\u00f2ng t\u1ea5t c\u1ea3 qu\u00fd kh\u00e1ch h\u00e0ng ,nh\u1eefng ng\u01b0\u1eddi n\u1ed9i tr\u1ee3 kh\u00f3 t\u00ednh.<\/p>\n<div class=\"wpb_text_column wpb_content_element\">\n<div class=\"wpb_wrapper\">\n<h1><span style=\"font-size: 16px;\">\u0110\u1eb7c t\u00ednh n\u1ed5i b\u1eadt:<\/span><\/h1>\n<ul>\n<li><span style=\"font-size: 16px;\">Ch\u1eadu r\u1eeda inox\u00a0\u0110\u1ea1i Th\u00e0nh\u00a0ki\u1ec3u d\u00e1ng sang tr\u1ecdng, b\u1ec1 m\u1eb7t s\u00e1ng b\u00f3ng, chi ti\u1ebft m\u01b0\u1ee3t m\u00e0, thi\u1ebft k\u1ebf tinh s\u1ea3o gi\u00fap b\u1ea1n thi\u1ebft k\u1ebf \u0111\u01b0\u1ee3c 1 c\u0103n b\u1ebfp sang tr\u1ecdng v\u00e0 tinh t\u1ebf, ph\u00f9 h\u1ee3p v\u1edbi m\u1ecdi kh\u00f4ng gian ng\u00f4i nh\u00e0.<\/span><\/li>\n<li><span style=\"font-size: 16px;\">\u0110\u01b0\u1ee3c s\u1ea3n xu\u1ea5t t\u1eeb v\u1eadt li\u1ec7u si\u00eau b\u1ec1n INOX SUS 304, s\u1ea3n xu\u1ea5t tr\u00ean d\u00e2y truy\u1ec1n c\u00f4ng ngh\u1ec7 hi\u1ec7n \u0111\u1ea1i c\u1ee7a Ch\u00e2u \u00c2u . c\u00f3 \u0111\u1ed9 c\u1ee9ng v\u1eefng, \u0111\u1ed9 b\u1ec1n r\u1ea5t cao.<\/span><\/li>\n<li><span style=\"font-size: 16px;\">Phun ch\u1ed1ng \u1ed3n<\/span><\/li>\n<li><span style=\"font-size: 16px;\">Ch\u1eadu \u0111\u01b0\u1ee3c d\u1eadp li\u1ec1n kh\u1ed1i khi\u1ebfn tu\u1ed5i th\u1ecd c\u1ee7a s\u1ea3n ph\u1ea9m cao h\u01a1n so v\u1edbi s\u1ea3n ph\u1ea9m c\u00f9ng lo\u1ea1i<\/span><\/li>\n<li><span style=\"font-size: 16px;\">L\u1ecdc r\u00e1c \u0111\u01b0\u1ee3c thi\u1ebft k\u1ebf\u00a0 \u0111\u1ec3 l\u1ecdc n\u01b0\u1edbc nhanh<\/span><\/li>\n<li><span style=\"font-size: 16px;\">Ch\u1ecbu \u0111\u01b0\u1ee3c t\u1ea9y r\u1eeda v\u00e0 axit nh\u1eb9<\/span><\/li>\n<\/ul>\n<h1><span style=\"font-size: 16px;\">L\u01b0u \u00fd khi s\u1eed d\u1ee5ng:<\/span><\/h1>\n<ul>\n<li><span style=\"font-size: 16px;\">Kh\u00f4ng \u0111\u1ec3 v\u1eadt s\u1eafc nh\u1ecdn r\u01a1i tr\u1ef1c ti\u1ebfp tr\u00ean b\u1ec1 m\u1eb7t s\u1ea3n ph\u1ea9m v\u00ec c\u00f3 kh\u1ea3 n\u0103ng tr\u1ea7y x\u01b0\u1edbc, th\u1ee7ng. m\u00f3p m\u00e9o.<\/span><\/li>\n<li><span style=\"font-size: 16px;\">Kh\u00f4ng s\u1eed d\u1ee5ng ho\u1eb7c \u0111\u1ec3 l\u1eabn v\u1edbi axit, c\u00e1c ch\u1ea5t c\u00f3 \u0111\u1ed9 \u0103n m\u00f2n kim lo\u1ea1i cao.<\/span><\/li>\n<li><span style=\"font-size: 16px;\">Kh\u00f4ng \u0111\u1ec3 c\u00e1c v\u1eadt n\u1eb7ng \u0111\u00e8 l\u00ean s\u1ea3n ph\u1ea9m.<\/span><\/li>\n<\/ul>\n<\/div>\n<\/div>\n<p><strong>H\u01b0\u1edbng d\u1eabn l\u1eafp \u0111\u1eb7t, s\u1eed d\u1ee5ng<\/strong><\/p>\n<div class=\"wpb_text_column wpb_content_element\">\n<div class=\"wpb_wrapper\">\n<ul>\n<li>Ch\u1eadu r\u1eeda Inox v\u1edbi m\u1ee5c \u0111\u00edch ch\u00ednh ch\u1ee9a n\u01b0\u1edbc sinh ho\u1ea1t th\u00f4ng th\u01b0\u1eddng do v\u1eady gi\u1edbi h\u1ea1n an to\u00e0n ch\u1ec9 \u0111\u01b0\u1ee3c \u0111\u1ea3m b\u1ea3o cho c\u00e1c m\u1ee5c \u0111\u00edch s\u1eed d\u1ee5ng ch\u1ee9a (\u0111\u1ef1ng) n\u01b0\u1edbc sinh ho\u1ea1t th\u00f4ng th\u01b0\u1eddng.<\/li>\n<li>Ngo\u00e0i ra v\u1edbi c\u00e1c m\u1ee5c \u0111\u00edch s\u1eed d\u1ee5ng kh\u00e1c nh\u01b0 \u0111\u1ef1ng h\u00f3a ch\u1ea5t, c\u00e1c lo\u1ea1i axit, c\u00e1c ch\u1ea5t v\u00f4 c\u01a1, h\u1eefu c\u01a1 kh\u00e1c \u2026 \u0111\u1ec1u kh\u00f4ng n\u1eb1m trong danh m\u1ee5c \u0111\u1ea3m b\u1ea3o an to\u00e0n v\u1ec7 sinh th\u1ef1c ph\u1ea9m.<\/li>\n<\/ul>\n<p>\u0110\u1ec3 \u0111\u1ea3m b\u1ea3o ch\u1ea5t l\u01b0\u1ee3ng, quy\u1ec1n l\u1ee3i b\u1ea3o h\u00e0nh v\u00e0 h\u1ed7 tr\u1ee3 k\u1ef9 thu\u1eadt, ng\u01b0\u1eddi d\u00f9ng n\u00ean mua tr\u1ef1c ti\u1ebfp t\u1ea1i:<br \/>\n<strong>Website ch\u00ednh h\u00e3ng:\u00a0<a href=\"https:\/\/shop.tanadaithanh.vn\/\">shop.tanadaithanh.vn<\/a><\/strong><\/p>\n<p><strong>\u01afu \u0111\u00e3i khi mua t\u1ea1i shop.tanadaithanh.vn:<\/strong><\/p>\n<p><strong>\u2013 Mi\u1ec5n ph\u00ed v\u1eadn chuy\u1ec3n<\/strong><br \/>\n<strong>\u2013 Thanh to\u00e1n linh ho\u1ea1t, h\u1ed7 tr\u1ee3 tr\u1ea3 ch\u1eadm 0% cho s\u1ea3n ph\u1ea9m t\u1eeb 3 Tri\u1ec7u<\/strong><br \/>\n<strong>\u2013 T\u01b0 v\u1ea5n k\u1ef9 thu\u1eadt tr\u1ef1c ti\u1ebfp t\u1eeb \u0111\u1ed9i ng\u0169 chuy\u00ean m\u00f4n<\/strong><\/p>\n<p>Li\u00ean h\u1ec7 ngay qua hotline\u00a0<strong><a class=\"text-is-phone-number\" href=\"tel:0928195575\" data-z-element-type=\"phone-number\">0928 195 575<\/a><\/strong>\u00a0\u0111\u1ec3 \u0111\u01b0\u1ee3c t\u01b0 v\u1ea5n, h\u1ed7 tr\u1ee3 nhanh nh\u1ea5t !<\/p>\n<\/div>\n<\/div>\n<div class=\"wpb_video_widget wpb_content_element vc_clearfix vc_video-aspect-ratio-169 vc_video-el-width-60 vc_video-align-left\">\n<div class=\"wpb_wrapper\">\n<p><iframe title=\"H\u01b0\u1edbng d\u1eabn chi ti\u1ebft c\u00e1ch l\u1eafp \u0111\u1eb7t v\u00e0 s\u1eed d\u1ee5ng Ch\u1eadu r\u1eeda Inox\" width=\"500\" height=\"281\" src=\"https:\/\/www.youtube.com\/embed\/ZT1T8cjw72E?feature=oembed\" frameborder=\"0\" allow=\"accelerometer; autoplay; clipboard-write; encrypted-media; gyroscope; picture-in-picture; web-share\" referrerpolicy=\"strict-origin-when-cross-origin\" allowfullscreen><\/iframe><\/p>\n<\/div>\n<\/div>\n<\/div>\n<\/div>\n<div class=\"wpb_video_widget wpb_content_element vc_clearfix vc_video-aspect-ratio-169 vc_video-el-width-60 vc_video-align-left\">\n<div class=\"wpb_wrapper\"><\/div>\n<\/div>\n","protected":false},"excerpt":{"rendered":"<p>Ch\u1eadu r\u1eeda cao c\u1ea5p DX42005 l\u00e0 m\u1ed9t s\u1ea3n ph\u1ea9m c\u1ee7a T\u1eadp \u0111o\u00e0n T\u00e2n \u00c1 \u0110\u1ea1i Th\u00e0nh, c\u00f3 nhi\u1ec1u \u01b0u \u0111i\u1ec3m n\u1ed5i b\u1eadt g\u1ed3m:<\/p>\n<ul>\n<li>Ch\u1ebf t\u00e1c t\u1eeb ch\u1ea5t li\u1ec7u inox SUS304 cao c\u1ea5p ch\u1ed1ng \u0103n m\u00f2n, ch\u1ed1ng bong tr\u00f3c, b\u00f3ng s\u00e1ng l\u00e2u d\u00e0i<\/li>\n<li>C\u00f4ng ngh\u1ec7 d\u1eadp li\u1ec1n kh\u1ed1i ch\u1ed1ng r\u00f2 r\u1ec9 n\u01b0\u1edbc tuy\u1ec7t \u0111\u1ed1i, t\u0103ng \u0111\u1ed9 b\u1ec1n v\u01b0\u1ee3t tr\u1ed9i.<\/li>\n<li>H\u1ec7 th\u1ed1ng xi-ph\u00f4ng tho\u00e1t n\u01b0\u1edbc v\u00e0 b\u1ed9 l\u1ecdc r\u00e1c \u0111\u01b0\u1ee3c thi\u1ebft k\u1ebf \u0111\u1eb7c bi\u1ec7t, gi\u00fap tho\u00e1t v\u00e0 l\u1ecdc n\u01b0\u1edbc si\u00eau nhanh, kh\u00f4ng g\u00e2y \u1ee9 t\u1eafc.<\/li>\n<\/ul>\n","protected":false},"featured_media":31068,"comment_status":"open","ping_status":"closed","template":"","meta":[],"region":[260],"product_brand":[],"product_cat":[204,333,331],"product_tag":[],"class_list":{"0":"post-18012","1":"product","2":"type-product","3":"status-publish","4":"has-post-thumbnail","6":"region-mien-nam","7":"product_cat-chau-rua","8":"product_cat-chau-rua-2-ho","9":"product_cat-dai-thanh-inox-304-dap-nguyen-khoi","11":"first","12":"instock","13":"sale","14":"shipping-taxable","15":"purchasable","16":"product-type-simple"},"yoast_head":"<!-- This site is optimized with the Yoast SEO plugin v24.6 - https:\/\/yoast.com\/wordpress\/plugins\/seo\/ -->\n<title>Ch\u1eadu r\u1eeda cao c\u1ea5p DX42005 - T\u00e2n \u00c1 \u0110\u1ea1i Th\u00e0nh eShop<\/title>\n<meta name=\"robots\" content=\"index, follow, max-snippet:-1, max-image-preview:large, max-video-preview:-1\" \/>\n<link rel=\"canonical\" href=\"https:\/\/shop.tanadaithanh.vn\/en\/san-pham\/chau-rua-cao-cap-dx42005-2\/\" \/>\n<meta property=\"og:locale\" content=\"en_US\" \/>\n<meta property=\"og:type\" content=\"article\" \/>\n<meta property=\"og:title\" content=\"Ch\u1eadu r\u1eeda cao c\u1ea5p DX42005 - T\u00e2n \u00c1 \u0110\u1ea1i Th\u00e0nh eShop\" \/>\n<meta property=\"og:description\" content=\"Ch\u1eadu r\u1eeda cao c\u1ea5p DX42005 l\u00e0 m\u1ed9t s\u1ea3n ph\u1ea9m c\u1ee7a T\u1eadp \u0111o\u00e0n T\u00e2n \u00c1 \u0110\u1ea1i Th\u00e0nh, c\u00f3 nhi\u1ec1u \u01b0u \u0111i\u1ec3m n\u1ed5i b\u1eadt g\u1ed3m:   Ch\u1ebf t\u00e1c t\u1eeb ch\u1ea5t li\u1ec7u inox SUS304 cao c\u1ea5p ch\u1ed1ng \u0103n m\u00f2n, ch\u1ed1ng bong tr\u00f3c, b\u00f3ng s\u00e1ng l\u00e2u d\u00e0i  C\u00f4ng ngh\u1ec7 d\u1eadp li\u1ec1n kh\u1ed1i ch\u1ed1ng r\u00f2 r\u1ec9 n\u01b0\u1edbc tuy\u1ec7t \u0111\u1ed1i, t\u0103ng \u0111\u1ed9 b\u1ec1n v\u01b0\u1ee3t tr\u1ed9i.  H\u1ec7 th\u1ed1ng xi-ph\u00f4ng tho\u00e1t n\u01b0\u1edbc v\u00e0 b\u1ed9 l\u1ecdc r\u00e1c \u0111\u01b0\u1ee3c thi\u1ebft k\u1ebf \u0111\u1eb7c bi\u1ec7t, gi\u00fap tho\u00e1t v\u00e0 l\u1ecdc n\u01b0\u1edbc si\u00eau nhanh, kh\u00f4ng g\u00e2y \u1ee9 t\u1eafc.\" \/>\n<meta property=\"og:url\" content=\"https:\/\/shop.tanadaithanh.vn\/en\/san-pham\/chau-rua-cao-cap-dx42005-2\/\" \/>\n<meta property=\"og:site_name\" content=\"T\u00e2n \u00c1 \u0110\u1ea1i Th\u00e0nh eShop\" \/>\n<meta property=\"article:publisher\" content=\"https:\/\/www.facebook.com\/profile.php?id=61567171139919\" \/>\n<meta property=\"article:modified_time\" content=\"2026-03-31T02:09:53+00:00\" \/>\n<meta property=\"og:image\" content=\"https:\/\/shop.tanadaithanh.vn\/wp-content\/uploads\/2025\/04\/DX42005.png\" \/>\n\t<meta property=\"og:image:width\" content=\"1200\" \/>\n\t<meta property=\"og:image:height\" content=\"1200\" \/>\n\t<meta property=\"og:image:type\" content=\"image\/png\" \/>\n<meta name=\"twitter:card\" content=\"summary_large_image\" \/>\n<meta name=\"twitter:label1\" content=\"Est. reading time\" \/>\n\t<meta name=\"twitter:data1\" content=\"3 minutes\" \/>\n<script type=\"application\/ld+json\" class=\"yoast-schema-graph\">{\"@context\":\"https:\/\/schema.org\",\"@graph\":[{\"@type\":\"WebPage\",\"@id\":\"https:\/\/shop.tanadaithanh.vn\/en\/san-pham\/chau-rua-cao-cap-dx42005-2\/\",\"url\":\"https:\/\/shop.tanadaithanh.vn\/en\/san-pham\/chau-rua-cao-cap-dx42005-2\/\",\"name\":\"Ch\u1eadu r\u1eeda cao c\u1ea5p DX42005 - T\u00e2n \u00c1 \u0110\u1ea1i Th\u00e0nh eShop\",\"isPartOf\":{\"@id\":\"https:\/\/shop.tanadaithanh.vn\/en\/#website\"},\"primaryImageOfPage\":{\"@id\":\"https:\/\/shop.tanadaithanh.vn\/en\/san-pham\/chau-rua-cao-cap-dx42005-2\/#primaryimage\"},\"image\":{\"@id\":\"https:\/\/shop.tanadaithanh.vn\/en\/san-pham\/chau-rua-cao-cap-dx42005-2\/#primaryimage\"},\"thumbnailUrl\":\"https:\/\/shop.tanadaithanh.vn\/wp-content\/uploads\/2025\/04\/DX42005.png\",\"datePublished\":\"2025-04-03T04:00:25+00:00\",\"dateModified\":\"2026-03-31T02:09:53+00:00\",\"breadcrumb\":{\"@id\":\"https:\/\/shop.tanadaithanh.vn\/en\/san-pham\/chau-rua-cao-cap-dx42005-2\/#breadcrumb\"},\"inLanguage\":\"en-US\",\"potentialAction\":[{\"@type\":\"ReadAction\",\"target\":[\"https:\/\/shop.tanadaithanh.vn\/en\/san-pham\/chau-rua-cao-cap-dx42005-2\/\"]}]},{\"@type\":\"ImageObject\",\"inLanguage\":\"en-US\",\"@id\":\"https:\/\/shop.tanadaithanh.vn\/en\/san-pham\/chau-rua-cao-cap-dx42005-2\/#primaryimage\",\"url\":\"https:\/\/shop.tanadaithanh.vn\/wp-content\/uploads\/2025\/04\/DX42005.png\",\"contentUrl\":\"https:\/\/shop.tanadaithanh.vn\/wp-content\/uploads\/2025\/04\/DX42005.png\",\"width\":1200,\"height\":1200},{\"@type\":\"BreadcrumbList\",\"@id\":\"https:\/\/shop.tanadaithanh.vn\/en\/san-pham\/chau-rua-cao-cap-dx42005-2\/#breadcrumb\",\"itemListElement\":[{\"@type\":\"ListItem\",\"position\":1,\"name\":\"Trang ch\u1ee7\",\"item\":\"https:\/\/shop.tanadaithanh.vn\/en\/\"},{\"@type\":\"ListItem\",\"position\":2,\"name\":\"Shop\",\"item\":\"https:\/\/shop.tanadaithanh.vn\/cua-hang\/\"},{\"@type\":\"ListItem\",\"position\":3,\"name\":\"Ch\u1eadu r\u1eeda cao c\u1ea5p DX42005\"}]},{\"@type\":\"WebSite\",\"@id\":\"https:\/\/shop.tanadaithanh.vn\/en\/#website\",\"url\":\"https:\/\/shop.tanadaithanh.vn\/en\/\",\"name\":\"T\u00e2n \u00c1 \u0110\u1ea1i Th\u00e0nh eShop - Trang website b\u00e1n h\u00e0ng ch\u00ednh th\u1ee9c T\u1eadp \u0111o\u00e0n T\u00e2n \u00c1 \u0110\u1ea1i Th\u00e0nh\",\"description\":\"Website b\u00e1n h\u00e0ng tr\u1ef1c tuy\u1ebfn v\u1eadn h\u00e0nh b\u1edfi ch\u00ednh T\u00e2n \u00c1 \u0110\u1ea1i Th\u00e0nh\",\"publisher\":{\"@id\":\"https:\/\/shop.tanadaithanh.vn\/en\/#organization\"},\"potentialAction\":[{\"@type\":\"SearchAction\",\"target\":{\"@type\":\"EntryPoint\",\"urlTemplate\":\"https:\/\/shop.tanadaithanh.vn\/en\/?s={search_term_string}\"},\"query-input\":{\"@type\":\"PropertyValueSpecification\",\"valueRequired\":true,\"valueName\":\"search_term_string\"}}],\"inLanguage\":\"en-US\"},{\"@type\":\"Organization\",\"@id\":\"https:\/\/shop.tanadaithanh.vn\/en\/#organization\",\"name\":\"T\u00e2n \u00c1 \u0110\u1ea1i Th\u00e0nh eShop - Trang website b\u00e1n h\u00e0ng ch\u00ednh th\u1ee9c T\u1eadp \u0111o\u00e0n T\u00e2n \u00c1 \u0110\u1ea1i Th\u00e0nh\",\"url\":\"https:\/\/shop.tanadaithanh.vn\/en\/\",\"logo\":{\"@type\":\"ImageObject\",\"inLanguage\":\"en-US\",\"@id\":\"https:\/\/shop.tanadaithanh.vn\/en\/#\/schema\/logo\/image\/\",\"url\":\"https:\/\/shop.tanadaithanh.vn\/wp-content\/uploads\/2025\/06\/Logo-2.png\",\"contentUrl\":\"https:\/\/shop.tanadaithanh.vn\/wp-content\/uploads\/2025\/06\/Logo-2.png\",\"width\":2000,\"height\":2000,\"caption\":\"T\u00e2n \u00c1 \u0110\u1ea1i Th\u00e0nh eShop - Trang website b\u00e1n h\u00e0ng ch\u00ednh th\u1ee9c T\u1eadp \u0111o\u00e0n T\u00e2n \u00c1 \u0110\u1ea1i Th\u00e0nh\"},\"image\":{\"@id\":\"https:\/\/shop.tanadaithanh.vn\/en\/#\/schema\/logo\/image\/\"},\"sameAs\":[\"https:\/\/www.facebook.com\/profile.php?id=61567171139919\",\"https:\/\/zalo.me\/3915163699004948284\"]}]}<\/script>\n<!-- \/ Yoast SEO plugin. -->","yoast_head_json":{"title":"Ch\u1eadu r\u1eeda cao c\u1ea5p DX42005 - T\u00e2n \u00c1 \u0110\u1ea1i Th\u00e0nh eShop","robots":{"index":"index","follow":"follow","max-snippet":"max-snippet:-1","max-image-preview":"max-image-preview:large","max-video-preview":"max-video-preview:-1"},"canonical":"https:\/\/shop.tanadaithanh.vn\/en\/san-pham\/chau-rua-cao-cap-dx42005-2\/","og_locale":"en_US","og_type":"article","og_title":"Ch\u1eadu r\u1eeda cao c\u1ea5p DX42005 - T\u00e2n \u00c1 \u0110\u1ea1i Th\u00e0nh eShop","og_description":"Ch\u1eadu r\u1eeda cao c\u1ea5p DX42005 l\u00e0 m\u1ed9t s\u1ea3n ph\u1ea9m c\u1ee7a T\u1eadp \u0111o\u00e0n T\u00e2n \u00c1 \u0110\u1ea1i Th\u00e0nh, c\u00f3 nhi\u1ec1u \u01b0u \u0111i\u1ec3m n\u1ed5i b\u1eadt g\u1ed3m:   Ch\u1ebf t\u00e1c t\u1eeb ch\u1ea5t li\u1ec7u inox SUS304 cao c\u1ea5p ch\u1ed1ng \u0103n m\u00f2n, ch\u1ed1ng bong tr\u00f3c, b\u00f3ng s\u00e1ng l\u00e2u d\u00e0i  C\u00f4ng ngh\u1ec7 d\u1eadp li\u1ec1n kh\u1ed1i ch\u1ed1ng r\u00f2 r\u1ec9 n\u01b0\u1edbc tuy\u1ec7t \u0111\u1ed1i, t\u0103ng \u0111\u1ed9 b\u1ec1n v\u01b0\u1ee3t tr\u1ed9i.  H\u1ec7 th\u1ed1ng xi-ph\u00f4ng tho\u00e1t n\u01b0\u1edbc v\u00e0 b\u1ed9 l\u1ecdc r\u00e1c \u0111\u01b0\u1ee3c thi\u1ebft k\u1ebf \u0111\u1eb7c bi\u1ec7t, gi\u00fap tho\u00e1t v\u00e0 l\u1ecdc n\u01b0\u1edbc si\u00eau nhanh, kh\u00f4ng g\u00e2y \u1ee9 t\u1eafc.","og_url":"https:\/\/shop.tanadaithanh.vn\/en\/san-pham\/chau-rua-cao-cap-dx42005-2\/","og_site_name":"T\u00e2n \u00c1 \u0110\u1ea1i Th\u00e0nh eShop","article_publisher":"https:\/\/www.facebook.com\/profile.php?id=61567171139919","article_modified_time":"2026-03-31T02:09:53+00:00","og_image":[{"width":1200,"height":1200,"url":"https:\/\/shop.tanadaithanh.vn\/wp-content\/uploads\/2025\/04\/DX42005.png","type":"image\/png"}],"twitter_card":"summary_large_image","twitter_misc":{"Est. reading time":"3 minutes"},"schema":{"@context":"https:\/\/schema.org","@graph":[{"@type":"WebPage","@id":"https:\/\/shop.tanadaithanh.vn\/en\/san-pham\/chau-rua-cao-cap-dx42005-2\/","url":"https:\/\/shop.tanadaithanh.vn\/en\/san-pham\/chau-rua-cao-cap-dx42005-2\/","name":"Ch\u1eadu r\u1eeda cao c\u1ea5p DX42005 - T\u00e2n \u00c1 \u0110\u1ea1i Th\u00e0nh eShop","isPartOf":{"@id":"https:\/\/shop.tanadaithanh.vn\/en\/#website"},"primaryImageOfPage":{"@id":"https:\/\/shop.tanadaithanh.vn\/en\/san-pham\/chau-rua-cao-cap-dx42005-2\/#primaryimage"},"image":{"@id":"https:\/\/shop.tanadaithanh.vn\/en\/san-pham\/chau-rua-cao-cap-dx42005-2\/#primaryimage"},"thumbnailUrl":"https:\/\/shop.tanadaithanh.vn\/wp-content\/uploads\/2025\/04\/DX42005.png","datePublished":"2025-04-03T04:00:25+00:00","dateModified":"2026-03-31T02:09:53+00:00","breadcrumb":{"@id":"https:\/\/shop.tanadaithanh.vn\/en\/san-pham\/chau-rua-cao-cap-dx42005-2\/#breadcrumb"},"inLanguage":"en-US","potentialAction":[{"@type":"ReadAction","target":["https:\/\/shop.tanadaithanh.vn\/en\/san-pham\/chau-rua-cao-cap-dx42005-2\/"]}]},{"@type":"ImageObject","inLanguage":"en-US","@id":"https:\/\/shop.tanadaithanh.vn\/en\/san-pham\/chau-rua-cao-cap-dx42005-2\/#primaryimage","url":"https:\/\/shop.tanadaithanh.vn\/wp-content\/uploads\/2025\/04\/DX42005.png","contentUrl":"https:\/\/shop.tanadaithanh.vn\/wp-content\/uploads\/2025\/04\/DX42005.png","width":1200,"height":1200},{"@type":"BreadcrumbList","@id":"https:\/\/shop.tanadaithanh.vn\/en\/san-pham\/chau-rua-cao-cap-dx42005-2\/#breadcrumb","itemListElement":[{"@type":"ListItem","position":1,"name":"Trang ch\u1ee7","item":"https:\/\/shop.tanadaithanh.vn\/en\/"},{"@type":"ListItem","position":2,"name":"Shop","item":"https:\/\/shop.tanadaithanh.vn\/cua-hang\/"},{"@type":"ListItem","position":3,"name":"Ch\u1eadu r\u1eeda cao c\u1ea5p DX42005"}]},{"@type":"WebSite","@id":"https:\/\/shop.tanadaithanh.vn\/en\/#website","url":"https:\/\/shop.tanadaithanh.vn\/en\/","name":"T\u00e2n \u00c1 \u0110\u1ea1i Th\u00e0nh eShop - Trang website b\u00e1n h\u00e0ng ch\u00ednh th\u1ee9c T\u1eadp \u0111o\u00e0n T\u00e2n \u00c1 \u0110\u1ea1i Th\u00e0nh","description":"Website b\u00e1n h\u00e0ng tr\u1ef1c tuy\u1ebfn v\u1eadn h\u00e0nh b\u1edfi ch\u00ednh T\u00e2n \u00c1 \u0110\u1ea1i Th\u00e0nh","publisher":{"@id":"https:\/\/shop.tanadaithanh.vn\/en\/#organization"},"potentialAction":[{"@type":"SearchAction","target":{"@type":"EntryPoint","urlTemplate":"https:\/\/shop.tanadaithanh.vn\/en\/?s={search_term_string}"},"query-input":{"@type":"PropertyValueSpecification","valueRequired":true,"valueName":"search_term_string"}}],"inLanguage":"en-US"},{"@type":"Organization","@id":"https:\/\/shop.tanadaithanh.vn\/en\/#organization","name":"T\u00e2n \u00c1 \u0110\u1ea1i Th\u00e0nh eShop - Trang website b\u00e1n h\u00e0ng ch\u00ednh th\u1ee9c T\u1eadp \u0111o\u00e0n T\u00e2n \u00c1 \u0110\u1ea1i Th\u00e0nh","url":"https:\/\/shop.tanadaithanh.vn\/en\/","logo":{"@type":"ImageObject","inLanguage":"en-US","@id":"https:\/\/shop.tanadaithanh.vn\/en\/#\/schema\/logo\/image\/","url":"https:\/\/shop.tanadaithanh.vn\/wp-content\/uploads\/2025\/06\/Logo-2.png","contentUrl":"https:\/\/shop.tanadaithanh.vn\/wp-content\/uploads\/2025\/06\/Logo-2.png","width":2000,"height":2000,"caption":"T\u00e2n \u00c1 \u0110\u1ea1i Th\u00e0nh eShop - Trang website b\u00e1n h\u00e0ng ch\u00ednh th\u1ee9c T\u1eadp \u0111o\u00e0n T\u00e2n \u00c1 \u0110\u1ea1i Th\u00e0nh"},"image":{"@id":"https:\/\/shop.tanadaithanh.vn\/en\/#\/schema\/logo\/image\/"},"sameAs":["https:\/\/www.facebook.com\/profile.php?id=61567171139919","https:\/\/zalo.me\/3915163699004948284"]}]}},"_links":{"self":[{"href":"https:\/\/shop.tanadaithanh.vn\/en\/wp-json\/wp\/v2\/product\/18012","targetHints":{"allow":["GET"]}}],"collection":[{"href":"https:\/\/shop.tanadaithanh.vn\/en\/wp-json\/wp\/v2\/product"}],"about":[{"href":"https:\/\/shop.tanadaithanh.vn\/en\/wp-json\/wp\/v2\/types\/product"}],"replies":[{"embeddable":true,"href":"https:\/\/shop.tanadaithanh.vn\/en\/wp-json\/wp\/v2\/comments?post=18012"}],"version-history":[{"count":4,"href":"https:\/\/shop.tanadaithanh.vn\/en\/wp-json\/wp\/v2\/product\/18012\/revisions"}],"predecessor-version":[{"id":31070,"href":"https:\/\/shop.tanadaithanh.vn\/en\/wp-json\/wp\/v2\/product\/18012\/revisions\/31070"}],"wp:featuredmedia":[{"embeddable":true,"href":"https:\/\/shop.tanadaithanh.vn\/en\/wp-json\/wp\/v2\/media\/31068"}],"wp:attachment":[{"href":"https:\/\/shop.tanadaithanh.vn\/en\/wp-json\/wp\/v2\/media?parent=18012"}],"wp:term":[{"taxonomy":"region","embeddable":true,"href":"https:\/\/shop.tanadaithanh.vn\/en\/wp-json\/wp\/v2\/region?post=18012"},{"taxonomy":"product_brand","embeddable":true,"href":"https:\/\/shop.tanadaithanh.vn\/en\/wp-json\/wp\/v2\/product_brand?post=18012"},{"taxonomy":"product_cat","embeddable":true,"href":"https:\/\/shop.tanadaithanh.vn\/en\/wp-json\/wp\/v2\/product_cat?post=18012"},{"taxonomy":"product_tag","embeddable":true,"href":"https:\/\/shop.tanadaithanh.vn\/en\/wp-json\/wp\/v2\/product_tag?post=18012"}],"curies":[{"name":"wp","href":"https:\/\/api.w.org\/{rel}","templated":true}]}}