{"id":17926,"date":"2025-04-03T11:00:10","date_gmt":"2025-04-03T04:00:10","guid":{"rendered":"https:\/\/shop.tanadaithanh.vn\/product\/may-nuoc-nong-rossi-aquado-20sl\/"},"modified":"2025-04-08T11:55:03","modified_gmt":"2025-04-08T04:55:03","slug":"may-nuoc-nong-rossi-aquado-20sl","status":"publish","type":"product","link":"https:\/\/shop.tanadaithanh.vn\/en\/san-pham\/may-nuoc-nong-rossi-aquado-20sl\/","title":{"rendered":"M\u00e1y n\u01b0\u1edbc n\u00f3ng Rossi Aquado \u2013 20SL"},"content":{"rendered":"<p><strong>Gi\u1edbi thi\u1ec7u s\u1ea3n ph\u1ea9m<\/strong><\/p>\n<div class=\"wpb_text_column wpb_content_element\">\n<div class=\"wpb_wrapper\">\n<div class=\"wpb_text_column wpb_content_element\">\n<div class=\"wpb_wrapper\">\n<p>M\u00e1y n\u01b0\u1edbc n\u00f3ng Rossi Aquado l\u00e0 s\u1ea3n ph\u1ea9m t\u1eeb T\u1eadp \u0110o\u00e0n T\u00e2n \u00c1 \u0110\u1ea1i Th\u00e0nh s\u1ea3n xu\u1ea5t. V\u1edbi c\u00f4ng ngh\u1ec7 hi\u1ec7n \u0111\u1ea1i, Rossi Aquado c\u00f2n ghi d\u1ea5u \u1ea5n nh\u1edd thi\u1ebft k\u1ebf tinh t\u1ebf, sang tr\u1ecdng. Ngo\u00e0i ra, vi\u1ec7c t\u00edch h\u1ee3p c\u00e1c t\u00ecnh n\u0103ng hi\u1ec7n \u0111\u1ea1i \u0111\u00e3 mang \u0111\u1ebfn s\u1ef1 tr\u1ea3i nghi\u1ec7m ho\u00e0n h\u1ea3o cho kh\u00e1ch h\u00e0ng.<\/p>\n<p><strong>T\u1ea1i sao n\u00ean s\u1eed d\u1ee5ng m\u00e1y n\u00f3ng l\u1ea1nh Rossi Aquado<\/strong><\/p>\n<p>Rossi Aquado \u0111\u01b0\u1ee3c quan t\u00e2m nh\u1edd nh\u1eefng \u01b0u \u0111i\u1ec3m v\u01b0\u1ee3t tr\u1ed9i, mang \u0111\u1ebfn kh\u00e1ch h\u00e0ng ni\u1ec1m tin, s\u1ef1 h\u00e0i l\u00f2ng khi s\u1eed d\u1ee5ng, t\u00edch h\u1ee3p 5 ch\u1ebf \u0111\u1ed9 an to\u00e0n:<\/p>\n<p>\u2013 Van an to\u00e0n xu\u1ea5t x\u1eeb t\u1eeb Italia \u0111\u1ea3m b\u1ea3o \u0111\u1ed9 an to\u00e0n trong qu\u00e1 tr\u00ecnh s\u1eed d\u1ee5ng.<\/p>\n<p>\u2013 S\u1eed d\u1ee5ng b\u1ed9 ch\u1ed1ng r\u00f2 \u0111i\u1ec7n ELCB si\u00eau nh\u1eady.<\/p>\n<p>\u2013 B\u1ed9 \u1ed5n nhi\u1ec7t nh\u1eadp kh\u1ea9u t\u1eeb Ph\u00e1p v\u1edbi 2 ch\u1ebf \u0111\u1ed9 an to\u00e0n<\/p>\n<p>\u2013 Kh\u1ea3 n\u0103ng ch\u1ed1ng ch\u00e1y kh\u00f4 t\u1ef1 b\u1ea3o v\u1ec7 thanh \u0111\u1ed1t.<\/p>\n<p>\u2013 T\u1ef1 \u0111\u1ed9ng ng\u1eaft khi \u0111\u1ea1t nhi\u1ec7t \u0111\u1ed9.<\/p>\n<p><strong>T\u00ednh n\u0103ng \u0111\u1eb7c bi\u1ec7t t\u1eeb m\u00e1y n\u00f3ng l\u1ea1nh Rossi Aquado:<\/strong><\/p>\n<p>\u2013 Ru\u1ed9t b\u00ecnh \u0111\u01b0\u1ee3c tr\u00e1ng men kim c\u01b0\u01a1ng nh\u00e2n t\u1ea1o si\u00eau b\u1ec1n<\/p>\n<p>\u2013 Thanh gia nhi\u1ec7t ch\u1eafc ch\u1eafn<\/p>\n<p>\u2013 \u0110\u01b0\u1eddng x\u1ea3 c\u1eb7n ti\u1ec7n \u00edch t\u00edch h\u1ee3p thanh Magie \u0111\u01b0\u1eddng k\u00ednh l\u1edbn.<\/p>\n<\/div>\n<\/div>\n<\/div>\n<\/div>\n<p><strong>Th\u00f4ng s\u1ed1 k\u1ef9 thu\u1eadt<\/strong><\/p>\n<div class=\"wpb_text_column wpb_content_element\">\n<div class=\"wpb_wrapper\">\n<table>\n<tbody>\n<tr>\n<td>Dung t\u00edch<\/td>\n<td>22L<\/td>\n<\/tr>\n<tr>\n<td>C\u00f4ng su\u1ea5t<\/td>\n<td>2500W<\/td>\n<\/tr>\n<tr>\n<td>\u0110i\u1ec7n \u00e1p<\/td>\n<td>220V\/50Hz<\/td>\n<\/tr>\n<tr>\n<td>\u00c1p l\u1ef1c<\/td>\n<td>Min: 0.2 MPa, Max: 0.8 MPa<\/td>\n<\/tr>\n<tr>\n<td>B\u00ecnh ch\u1ee9a<\/td>\n<td>L\u00f5i th\u00e9p tr\u00e1ng men<\/td>\n<\/tr>\n<tr>\n<td>Quy chu\u1ea9n \u00e1p d\u1ee5ng<\/td>\n<td>QCVN 4:2009\/BKHCN v\u00e0 s\u1eeda \u0111\u1ed5i 1:2016 QCVN 4:2009\/BKHCN<\/td>\n<\/tr>\n<tr>\n<td>Ti\u00eau chu\u1ea9n s\u1ea3n xu\u1ea5t<\/td>\n<td>TCCS 04:2019\/TAHY<\/td>\n<\/tr>\n<tr>\n<td>H\u1ec7 th\u1ed1ng QLCL<\/td>\n<td>ISO 9001:2015<\/td>\n<\/tr>\n<\/tbody>\n<\/table>\n<\/div>\n<\/div>\n<p><strong>H\u01b0\u1edbng d\u1eabn l\u1eafp \u0111\u1eb7t<\/strong><\/p>\n<div class=\"wpb_video_widget wpb_content_element vc_clearfix vc_video-aspect-ratio-169 vc_video-el-width-70 vc_video-align-left\">\n<div class=\"wpb_wrapper\">\n<p><iframe title=\"H\u01b0\u1edbng d\u1eabn l\u1eafp \u0111\u1eb7t b\u00ecnh n\u01b0\u1edbc n\u00f3ng Rossi\" width=\"500\" height=\"281\" src=\"https:\/\/www.youtube.com\/embed\/P4PborpSyWY?feature=oembed\" frameborder=\"0\" allow=\"accelerometer; autoplay; clipboard-write; encrypted-media; gyroscope; picture-in-picture; web-share\" referrerpolicy=\"strict-origin-when-cross-origin\" allowfullscreen><\/iframe><\/p>\n<\/div>\n<\/div>\n<p><strong>Khuy\u1ebfn c\u00e1o s\u1eed d\u1ee5ng<\/strong><\/p>\n<div class=\"wpb_text_column wpb_content_element\">\n<div class=\"wpb_wrapper\">\n<ul>\n<li>Ch\u1ec9 s\u1eed d\u1ee5ng \u0111\u1ec3 l\u00e0m n\u00f3ng n\u01b0\u1edbc sinh ho\u1ea1t th\u00f4ng th\u01b0\u1eddng<\/li>\n<li>Kh\u00f4ng d\u00f9ng \u0111\u1ec3 ch\u1ee9a \u0111\u1ef1ng, l\u00e0m n\u00f3ng n\u01b0\u1edbc nhi\u1ec5m s\u1eaft n\u1eb7ng, n\u01b0\u1edbc nhi\u1ec5m ph\u00e8n chua, axit<\/li>\n<\/ul>\n<\/div>\n<\/div>\n","protected":false},"excerpt":{"rendered":"<p>Thanh gia nhi\u1ec7t si\u00eau b\u1ec1n, b\u1ea3o h\u00e0nh v\u0129nh vi\u1ec5n<\/p>\n<p>Ru\u1ed9t b\u00ecnh tr\u00e1ng men kim c\u01b0\u01a1ng nh\u00e2n t\u1ea1o si\u00eau b\u1ec1n, ch\u1ed1ng bong tr\u00f3c, ch\u1ed1ng \u0103n m\u00f2n v\u00e0 ch\u1ecbu \u00e1p l\u1ef1c cao<\/p>\n<p>L\u1edbp b\u1ea3o \u00f4n gi\u1eef nhi\u1ec7t cao \u0111\u01b0\u1ee3c nh\u1eadp kh\u1ea9u t\u1eeb T\u1eadp \u0111o\u00e0n Dow (M\u1ef9).<\/p>\n<p>V\u1ecf nh\u1ef1a \u0111\u01b0\u1ee3c l\u00e0m t\u1eeb nguy\u00ean li\u1ec7u ABS nguy\u00ean sinh ch\u1ecbu \u00e1p l\u1ef1c, va \u0111\u1eadp v\u00e0 n\u00e2ng cao tu\u1ed5i th\u1ecd c\u1ee7a s\u1ea3n ph\u1ea9m.<\/p>\n<p>T\u00edch h\u1ee3p b\u1ed9 ch\u1ed1ng r\u00f2 \u0111i\u1ec7n ELCD ti\u00eau chu\u1ea9n Ch\u00e2u \u00c2u, \u0111\u1ea3m b\u1ea3o an to\u00e0n tuy\u1ec7t \u0111\u1ed1i cho ng\u01b0\u1eddi s\u1eed d\u1ee5ng.<\/p>\n","protected":false},"featured_media":17913,"comment_status":"open","ping_status":"closed","template":"","meta":[],"region":[260],"product_brand":[],"product_cat":[373,379,377,376],"product_tag":[],"class_list":{"0":"post-17926","1":"product","2":"type-product","3":"status-publish","4":"has-post-thumbnail","6":"region-mien-nam","7":"product_cat-may-nuoc-nong","8":"product_cat-may-nuoc-nong-20l","9":"product_cat-may-nuoc-nong-ngang","10":"product_cat-may-nuoc-nong-rossi-aquado","11":"pa_kich-thuoc-dai-x-rong-x-cao-600-x-305-x-270","12":"pa_kieu-dang-binh-nuoc-nong-ngang","13":"pa_mau-sac-trang-den","14":"pa_thuong-hieu-binh-nuoc-nong-rossi-aquado","16":"first","17":"instock","18":"featured","19":"shipping-taxable","20":"purchasable","21":"product-type-simple"},"yoast_head":"<!-- This site is optimized with the Yoast SEO plugin v24.6 - https:\/\/yoast.com\/wordpress\/plugins\/seo\/ -->\n<title>M\u00e1y n\u01b0\u1edbc n\u00f3ng Rossi Aquado \u2013 20SL - T\u00e2n \u00c1 \u0110\u1ea1i Th\u00e0nh eShop<\/title>\n<meta name=\"robots\" content=\"index, follow, max-snippet:-1, max-image-preview:large, max-video-preview:-1\" \/>\n<link rel=\"canonical\" href=\"https:\/\/shop.tanadaithanh.vn\/en\/san-pham\/may-nuoc-nong-rossi-aquado-20sl\/\" \/>\n<meta property=\"og:locale\" content=\"en_US\" \/>\n<meta property=\"og:type\" content=\"article\" \/>\n<meta property=\"og:title\" content=\"M\u00e1y n\u01b0\u1edbc n\u00f3ng Rossi Aquado \u2013 20SL - T\u00e2n \u00c1 \u0110\u1ea1i Th\u00e0nh eShop\" \/>\n<meta property=\"og:description\" content=\"Thanh gia nhi\u1ec7t si\u00eau b\u1ec1n, b\u1ea3o h\u00e0nh v\u0129nh vi\u1ec5n  Ru\u1ed9t b\u00ecnh tr\u00e1ng men kim c\u01b0\u01a1ng nh\u00e2n t\u1ea1o si\u00eau b\u1ec1n, ch\u1ed1ng bong tr\u00f3c, ch\u1ed1ng \u0103n m\u00f2n v\u00e0 ch\u1ecbu \u00e1p l\u1ef1c cao  L\u1edbp b\u1ea3o \u00f4n gi\u1eef nhi\u1ec7t cao \u0111\u01b0\u1ee3c nh\u1eadp kh\u1ea9u t\u1eeb T\u1eadp \u0111o\u00e0n Dow (M\u1ef9).  V\u1ecf nh\u1ef1a \u0111\u01b0\u1ee3c l\u00e0m t\u1eeb nguy\u00ean li\u1ec7u ABS nguy\u00ean sinh ch\u1ecbu \u00e1p l\u1ef1c, va \u0111\u1eadp v\u00e0 n\u00e2ng cao tu\u1ed5i th\u1ecd c\u1ee7a s\u1ea3n ph\u1ea9m.  T\u00edch h\u1ee3p b\u1ed9 ch\u1ed1ng r\u00f2 \u0111i\u1ec7n ELCD ti\u00eau chu\u1ea9n Ch\u00e2u \u00c2u, \u0111\u1ea3m b\u1ea3o an to\u00e0n tuy\u1ec7t \u0111\u1ed1i cho ng\u01b0\u1eddi s\u1eed d\u1ee5ng.\" \/>\n<meta property=\"og:url\" content=\"https:\/\/shop.tanadaithanh.vn\/en\/san-pham\/may-nuoc-nong-rossi-aquado-20sl\/\" \/>\n<meta property=\"og:site_name\" content=\"T\u00e2n \u00c1 \u0110\u1ea1i Th\u00e0nh eShop\" \/>\n<meta property=\"article:publisher\" content=\"https:\/\/www.facebook.com\/profile.php?id=61567171139919\" \/>\n<meta property=\"article:modified_time\" content=\"2025-04-08T04:55:03+00:00\" \/>\n<meta property=\"og:image\" content=\"http:\/\/beta.tanadaithanh.vn\/wp-content\/uploads\/2025\/04\/aquado_slim_750-1.webp\" \/>\n\t<meta property=\"og:image:width\" content=\"750\" \/>\n\t<meta property=\"og:image:height\" content=\"750\" \/>\n\t<meta property=\"og:image:type\" content=\"image\/webp\" \/>\n<meta name=\"twitter:card\" content=\"summary_large_image\" \/>\n<meta name=\"twitter:label1\" content=\"Est. reading time\" \/>\n\t<meta name=\"twitter:data1\" content=\"2 minutes\" \/>\n<script type=\"application\/ld+json\" class=\"yoast-schema-graph\">{\"@context\":\"https:\/\/schema.org\",\"@graph\":[{\"@type\":\"WebPage\",\"@id\":\"https:\/\/shop.tanadaithanh.vn\/en\/san-pham\/may-nuoc-nong-rossi-aquado-20sl\/\",\"url\":\"https:\/\/shop.tanadaithanh.vn\/en\/san-pham\/may-nuoc-nong-rossi-aquado-20sl\/\",\"name\":\"M\u00e1y n\u01b0\u1edbc n\u00f3ng Rossi Aquado \u2013 20SL - T\u00e2n \u00c1 \u0110\u1ea1i Th\u00e0nh eShop\",\"isPartOf\":{\"@id\":\"https:\/\/shop.tanadaithanh.vn\/en\/#website\"},\"primaryImageOfPage\":{\"@id\":\"https:\/\/shop.tanadaithanh.vn\/en\/san-pham\/may-nuoc-nong-rossi-aquado-20sl\/#primaryimage\"},\"image\":{\"@id\":\"https:\/\/shop.tanadaithanh.vn\/en\/san-pham\/may-nuoc-nong-rossi-aquado-20sl\/#primaryimage\"},\"thumbnailUrl\":\"https:\/\/shop.tanadaithanh.vn\/wp-content\/uploads\/2025\/04\/aquado_slim_750-1.webp\",\"datePublished\":\"2025-04-03T04:00:10+00:00\",\"dateModified\":\"2025-04-08T04:55:03+00:00\",\"breadcrumb\":{\"@id\":\"https:\/\/shop.tanadaithanh.vn\/en\/san-pham\/may-nuoc-nong-rossi-aquado-20sl\/#breadcrumb\"},\"inLanguage\":\"en-US\",\"potentialAction\":[{\"@type\":\"ReadAction\",\"target\":[\"https:\/\/shop.tanadaithanh.vn\/en\/san-pham\/may-nuoc-nong-rossi-aquado-20sl\/\"]}]},{\"@type\":\"ImageObject\",\"inLanguage\":\"en-US\",\"@id\":\"https:\/\/shop.tanadaithanh.vn\/en\/san-pham\/may-nuoc-nong-rossi-aquado-20sl\/#primaryimage\",\"url\":\"https:\/\/shop.tanadaithanh.vn\/wp-content\/uploads\/2025\/04\/aquado_slim_750-1.webp\",\"contentUrl\":\"https:\/\/shop.tanadaithanh.vn\/wp-content\/uploads\/2025\/04\/aquado_slim_750-1.webp\",\"width\":750,\"height\":750},{\"@type\":\"BreadcrumbList\",\"@id\":\"https:\/\/shop.tanadaithanh.vn\/en\/san-pham\/may-nuoc-nong-rossi-aquado-20sl\/#breadcrumb\",\"itemListElement\":[{\"@type\":\"ListItem\",\"position\":1,\"name\":\"Trang ch\u1ee7\",\"item\":\"https:\/\/shop.tanadaithanh.vn\/en\/\"},{\"@type\":\"ListItem\",\"position\":2,\"name\":\"Shop\",\"item\":\"https:\/\/shop.tanadaithanh.vn\/cua-hang\/\"},{\"@type\":\"ListItem\",\"position\":3,\"name\":\"M\u00e1y n\u01b0\u1edbc n\u00f3ng Rossi Aquado \u2013 20SL\"}]},{\"@type\":\"WebSite\",\"@id\":\"https:\/\/shop.tanadaithanh.vn\/en\/#website\",\"url\":\"https:\/\/shop.tanadaithanh.vn\/en\/\",\"name\":\"T\u00e2n \u00c1 \u0110\u1ea1i Th\u00e0nh eShop - Trang website b\u00e1n h\u00e0ng ch\u00ednh th\u1ee9c T\u1eadp \u0111o\u00e0n T\u00e2n \u00c1 \u0110\u1ea1i Th\u00e0nh\",\"description\":\"Website b\u00e1n h\u00e0ng tr\u1ef1c tuy\u1ebfn v\u1eadn h\u00e0nh b\u1edfi ch\u00ednh T\u00e2n \u00c1 \u0110\u1ea1i Th\u00e0nh\",\"publisher\":{\"@id\":\"https:\/\/shop.tanadaithanh.vn\/en\/#organization\"},\"potentialAction\":[{\"@type\":\"SearchAction\",\"target\":{\"@type\":\"EntryPoint\",\"urlTemplate\":\"https:\/\/shop.tanadaithanh.vn\/en\/?s={search_term_string}\"},\"query-input\":{\"@type\":\"PropertyValueSpecification\",\"valueRequired\":true,\"valueName\":\"search_term_string\"}}],\"inLanguage\":\"en-US\"},{\"@type\":\"Organization\",\"@id\":\"https:\/\/shop.tanadaithanh.vn\/en\/#organization\",\"name\":\"T\u00e2n \u00c1 \u0110\u1ea1i Th\u00e0nh eShop - Trang website b\u00e1n h\u00e0ng ch\u00ednh th\u1ee9c T\u1eadp \u0111o\u00e0n T\u00e2n \u00c1 \u0110\u1ea1i Th\u00e0nh\",\"url\":\"https:\/\/shop.tanadaithanh.vn\/en\/\",\"logo\":{\"@type\":\"ImageObject\",\"inLanguage\":\"en-US\",\"@id\":\"https:\/\/shop.tanadaithanh.vn\/en\/#\/schema\/logo\/image\/\",\"url\":\"https:\/\/shop.tanadaithanh.vn\/wp-content\/uploads\/2025\/06\/Logo-2.png\",\"contentUrl\":\"https:\/\/shop.tanadaithanh.vn\/wp-content\/uploads\/2025\/06\/Logo-2.png\",\"width\":2000,\"height\":2000,\"caption\":\"T\u00e2n \u00c1 \u0110\u1ea1i Th\u00e0nh eShop - Trang website b\u00e1n h\u00e0ng ch\u00ednh th\u1ee9c T\u1eadp \u0111o\u00e0n T\u00e2n \u00c1 \u0110\u1ea1i Th\u00e0nh\"},\"image\":{\"@id\":\"https:\/\/shop.tanadaithanh.vn\/en\/#\/schema\/logo\/image\/\"},\"sameAs\":[\"https:\/\/www.facebook.com\/profile.php?id=61567171139919\",\"https:\/\/zalo.me\/3915163699004948284\"]}]}<\/script>\n<!-- \/ Yoast SEO plugin. -->","yoast_head_json":{"title":"M\u00e1y n\u01b0\u1edbc n\u00f3ng Rossi Aquado \u2013 20SL - T\u00e2n \u00c1 \u0110\u1ea1i Th\u00e0nh eShop","robots":{"index":"index","follow":"follow","max-snippet":"max-snippet:-1","max-image-preview":"max-image-preview:large","max-video-preview":"max-video-preview:-1"},"canonical":"https:\/\/shop.tanadaithanh.vn\/en\/san-pham\/may-nuoc-nong-rossi-aquado-20sl\/","og_locale":"en_US","og_type":"article","og_title":"M\u00e1y n\u01b0\u1edbc n\u00f3ng Rossi Aquado \u2013 20SL - T\u00e2n \u00c1 \u0110\u1ea1i Th\u00e0nh eShop","og_description":"Thanh gia nhi\u1ec7t si\u00eau b\u1ec1n, b\u1ea3o h\u00e0nh v\u0129nh vi\u1ec5n  Ru\u1ed9t b\u00ecnh tr\u00e1ng men kim c\u01b0\u01a1ng nh\u00e2n t\u1ea1o si\u00eau b\u1ec1n, ch\u1ed1ng bong tr\u00f3c, ch\u1ed1ng \u0103n m\u00f2n v\u00e0 ch\u1ecbu \u00e1p l\u1ef1c cao  L\u1edbp b\u1ea3o \u00f4n gi\u1eef nhi\u1ec7t cao \u0111\u01b0\u1ee3c nh\u1eadp kh\u1ea9u t\u1eeb T\u1eadp \u0111o\u00e0n Dow (M\u1ef9).  V\u1ecf nh\u1ef1a \u0111\u01b0\u1ee3c l\u00e0m t\u1eeb nguy\u00ean li\u1ec7u ABS nguy\u00ean sinh ch\u1ecbu \u00e1p l\u1ef1c, va \u0111\u1eadp v\u00e0 n\u00e2ng cao tu\u1ed5i th\u1ecd c\u1ee7a s\u1ea3n ph\u1ea9m.  T\u00edch h\u1ee3p b\u1ed9 ch\u1ed1ng r\u00f2 \u0111i\u1ec7n ELCD ti\u00eau chu\u1ea9n Ch\u00e2u \u00c2u, \u0111\u1ea3m b\u1ea3o an to\u00e0n tuy\u1ec7t \u0111\u1ed1i cho ng\u01b0\u1eddi s\u1eed d\u1ee5ng.","og_url":"https:\/\/shop.tanadaithanh.vn\/en\/san-pham\/may-nuoc-nong-rossi-aquado-20sl\/","og_site_name":"T\u00e2n \u00c1 \u0110\u1ea1i Th\u00e0nh eShop","article_publisher":"https:\/\/www.facebook.com\/profile.php?id=61567171139919","article_modified_time":"2025-04-08T04:55:03+00:00","og_image":[{"width":750,"height":750,"url":"http:\/\/beta.tanadaithanh.vn\/wp-content\/uploads\/2025\/04\/aquado_slim_750-1.webp","type":"image\/webp"}],"twitter_card":"summary_large_image","twitter_misc":{"Est. reading time":"2 minutes"},"schema":{"@context":"https:\/\/schema.org","@graph":[{"@type":"WebPage","@id":"https:\/\/shop.tanadaithanh.vn\/en\/san-pham\/may-nuoc-nong-rossi-aquado-20sl\/","url":"https:\/\/shop.tanadaithanh.vn\/en\/san-pham\/may-nuoc-nong-rossi-aquado-20sl\/","name":"M\u00e1y n\u01b0\u1edbc n\u00f3ng Rossi Aquado \u2013 20SL - T\u00e2n \u00c1 \u0110\u1ea1i Th\u00e0nh eShop","isPartOf":{"@id":"https:\/\/shop.tanadaithanh.vn\/en\/#website"},"primaryImageOfPage":{"@id":"https:\/\/shop.tanadaithanh.vn\/en\/san-pham\/may-nuoc-nong-rossi-aquado-20sl\/#primaryimage"},"image":{"@id":"https:\/\/shop.tanadaithanh.vn\/en\/san-pham\/may-nuoc-nong-rossi-aquado-20sl\/#primaryimage"},"thumbnailUrl":"https:\/\/shop.tanadaithanh.vn\/wp-content\/uploads\/2025\/04\/aquado_slim_750-1.webp","datePublished":"2025-04-03T04:00:10+00:00","dateModified":"2025-04-08T04:55:03+00:00","breadcrumb":{"@id":"https:\/\/shop.tanadaithanh.vn\/en\/san-pham\/may-nuoc-nong-rossi-aquado-20sl\/#breadcrumb"},"inLanguage":"en-US","potentialAction":[{"@type":"ReadAction","target":["https:\/\/shop.tanadaithanh.vn\/en\/san-pham\/may-nuoc-nong-rossi-aquado-20sl\/"]}]},{"@type":"ImageObject","inLanguage":"en-US","@id":"https:\/\/shop.tanadaithanh.vn\/en\/san-pham\/may-nuoc-nong-rossi-aquado-20sl\/#primaryimage","url":"https:\/\/shop.tanadaithanh.vn\/wp-content\/uploads\/2025\/04\/aquado_slim_750-1.webp","contentUrl":"https:\/\/shop.tanadaithanh.vn\/wp-content\/uploads\/2025\/04\/aquado_slim_750-1.webp","width":750,"height":750},{"@type":"BreadcrumbList","@id":"https:\/\/shop.tanadaithanh.vn\/en\/san-pham\/may-nuoc-nong-rossi-aquado-20sl\/#breadcrumb","itemListElement":[{"@type":"ListItem","position":1,"name":"Trang ch\u1ee7","item":"https:\/\/shop.tanadaithanh.vn\/en\/"},{"@type":"ListItem","position":2,"name":"Shop","item":"https:\/\/shop.tanadaithanh.vn\/cua-hang\/"},{"@type":"ListItem","position":3,"name":"M\u00e1y n\u01b0\u1edbc n\u00f3ng Rossi Aquado \u2013 20SL"}]},{"@type":"WebSite","@id":"https:\/\/shop.tanadaithanh.vn\/en\/#website","url":"https:\/\/shop.tanadaithanh.vn\/en\/","name":"T\u00e2n \u00c1 \u0110\u1ea1i Th\u00e0nh eShop - Trang website b\u00e1n h\u00e0ng ch\u00ednh th\u1ee9c T\u1eadp \u0111o\u00e0n T\u00e2n \u00c1 \u0110\u1ea1i Th\u00e0nh","description":"Website b\u00e1n h\u00e0ng tr\u1ef1c tuy\u1ebfn v\u1eadn h\u00e0nh b\u1edfi ch\u00ednh T\u00e2n \u00c1 \u0110\u1ea1i Th\u00e0nh","publisher":{"@id":"https:\/\/shop.tanadaithanh.vn\/en\/#organization"},"potentialAction":[{"@type":"SearchAction","target":{"@type":"EntryPoint","urlTemplate":"https:\/\/shop.tanadaithanh.vn\/en\/?s={search_term_string}"},"query-input":{"@type":"PropertyValueSpecification","valueRequired":true,"valueName":"search_term_string"}}],"inLanguage":"en-US"},{"@type":"Organization","@id":"https:\/\/shop.tanadaithanh.vn\/en\/#organization","name":"T\u00e2n \u00c1 \u0110\u1ea1i Th\u00e0nh eShop - Trang website b\u00e1n h\u00e0ng ch\u00ednh th\u1ee9c T\u1eadp \u0111o\u00e0n T\u00e2n \u00c1 \u0110\u1ea1i Th\u00e0nh","url":"https:\/\/shop.tanadaithanh.vn\/en\/","logo":{"@type":"ImageObject","inLanguage":"en-US","@id":"https:\/\/shop.tanadaithanh.vn\/en\/#\/schema\/logo\/image\/","url":"https:\/\/shop.tanadaithanh.vn\/wp-content\/uploads\/2025\/06\/Logo-2.png","contentUrl":"https:\/\/shop.tanadaithanh.vn\/wp-content\/uploads\/2025\/06\/Logo-2.png","width":2000,"height":2000,"caption":"T\u00e2n \u00c1 \u0110\u1ea1i Th\u00e0nh eShop - Trang website b\u00e1n h\u00e0ng ch\u00ednh th\u1ee9c T\u1eadp \u0111o\u00e0n T\u00e2n \u00c1 \u0110\u1ea1i Th\u00e0nh"},"image":{"@id":"https:\/\/shop.tanadaithanh.vn\/en\/#\/schema\/logo\/image\/"},"sameAs":["https:\/\/www.facebook.com\/profile.php?id=61567171139919","https:\/\/zalo.me\/3915163699004948284"]}]}},"_links":{"self":[{"href":"https:\/\/shop.tanadaithanh.vn\/en\/wp-json\/wp\/v2\/product\/17926","targetHints":{"allow":["GET"]}}],"collection":[{"href":"https:\/\/shop.tanadaithanh.vn\/en\/wp-json\/wp\/v2\/product"}],"about":[{"href":"https:\/\/shop.tanadaithanh.vn\/en\/wp-json\/wp\/v2\/types\/product"}],"replies":[{"embeddable":true,"href":"https:\/\/shop.tanadaithanh.vn\/en\/wp-json\/wp\/v2\/comments?post=17926"}],"version-history":[{"count":0,"href":"https:\/\/shop.tanadaithanh.vn\/en\/wp-json\/wp\/v2\/product\/17926\/revisions"}],"wp:featuredmedia":[{"embeddable":true,"href":"https:\/\/shop.tanadaithanh.vn\/en\/wp-json\/wp\/v2\/media\/17913"}],"wp:attachment":[{"href":"https:\/\/shop.tanadaithanh.vn\/en\/wp-json\/wp\/v2\/media?parent=17926"}],"wp:term":[{"taxonomy":"region","embeddable":true,"href":"https:\/\/shop.tanadaithanh.vn\/en\/wp-json\/wp\/v2\/region?post=17926"},{"taxonomy":"product_brand","embeddable":true,"href":"https:\/\/shop.tanadaithanh.vn\/en\/wp-json\/wp\/v2\/product_brand?post=17926"},{"taxonomy":"product_cat","embeddable":true,"href":"https:\/\/shop.tanadaithanh.vn\/en\/wp-json\/wp\/v2\/product_cat?post=17926"},{"taxonomy":"product_tag","embeddable":true,"href":"https:\/\/shop.tanadaithanh.vn\/en\/wp-json\/wp\/v2\/product_tag?post=17926"}],"curies":[{"name":"wp","href":"https:\/\/api.w.org\/{rel}","templated":true}]}}