{"id":17854,"date":"2025-04-03T10:59:58","date_gmt":"2025-04-03T03:59:58","guid":{"rendered":"https:\/\/shop.tanadaithanh.vn\/product\/bon-inox-dai-thanh-sus304-1500l-ngang-2\/"},"modified":"2026-04-01T15:18:15","modified_gmt":"2026-04-01T08:18:15","slug":"bon-inox-dai-thanh-sus304-1500l-ngang-2","status":"publish","type":"product","link":"https:\/\/shop.tanadaithanh.vn\/en\/san-pham\/bon-inox-dai-thanh-sus304-1500l-ngang-2\/","title":{"rendered":"B\u1ed3n inox \u0110\u1ea1i Th\u00e0nh SUS304 \u2013 1500N"},"content":{"rendered":"<h4><strong>B\u1ed3n Inox \u0110\u1ea1i Th\u00e0nh\u2013 B\u1ec1n b\u1ec9, an to\u00e0n, x\u1ee9ng t\u1ea7m th\u01b0\u01a1ng hi\u1ec7u qu\u1ed1c d\u00e2n. <\/strong><strong>Gi\u1ea3i ph\u00e1p tr\u1eef n\u01b0\u1edbc t\u1ed1i \u01b0u cho m\u1ecdi gia \u0111\u00ecnh Vi\u1ec7t<\/strong><\/h4>\n<p><strong><a href=\"https:\/\/shop.tanadaithanh.vn\/danh-muc-san-pham\/bon-nuoc-inox\/bon-inox-dai-thanh-sus-304\/\"><span style=\"color: #0000ff;\">B\u1ed3n n\u01b0\u1edbc inox<\/span><\/a> \u0110\u1ea1i Th\u00e0nh<\/strong>\u00a0 \u0111\u01b0\u1ee3c s\u1ea3n xu\u1ea5t b\u1eb1ng <strong>inox SUS 304 nguy\u00ean ch\u1ea5t<\/strong>, \u1ee9ng d\u1ee5ng c\u00f4ng ngh\u1ec7 h\u00e0n l\u0103n t\u1ef1 \u0111\u1ed9ng v\u00e0 ki\u1ec3m so\u00e1t ch\u1ea5t l\u01b0\u1ee3ng theo <strong>ti\u00eau chu\u1ea9n qu\u1ed1c t\u1ebf ISO 9001:2008<\/strong>. S\u1ea3n ph\u1ea9m mang \u0111\u1ebfn gi\u1ea3i ph\u00e1p l\u01b0u tr\u1eef n\u01b0\u1edbc an to\u00e0n, b\u1ec1n v\u1eefng, ch\u1ed1ng r\u00f2 r\u1ec9 v\u00e0 ch\u1ed1ng g\u1ec9 s\u00e9t v\u01b0\u1ee3t tr\u1ed9i \u2013 ph\u00f9 h\u1ee3p v\u1edbi kh\u00ed h\u1eadu n\u00f3ng \u1ea9m, kh\u1eafc nghi\u1ec7t t\u1ea1i Vi\u1ec7t Nam.<\/p>\n<p>V\u1edbi thi\u1ebft k\u1ebf ch\u1eafc ch\u1eafn, \u0111a g\u00e2n gia c\u01b0\u1eddng, logo d\u1eadp n\u1ed5i ch\u1ed1ng h\u00e0ng gi\u1ea3 v\u00e0 ch\u00ednh s\u00e1ch b\u1ea3o h\u00e0nh l\u00ean \u0111\u1ebfn 12 n\u0103m, b\u1ed3n inox \u0110\u1ea1i Th\u00e0nh l\u00e0 l\u1ef1a ch\u1ecdn tin c\u1eady c\u1ee7a h\u00e0ng tri\u1ec7u gia \u0111\u00ecnh tr\u00ean to\u00e0n qu\u1ed1c.<\/p>\n<p><img fetchpriority=\"high\" decoding=\"async\" class=\"aligncenter wp-image-25726\" src=\"https:\/\/shop.tanadaithanh.vn\/wp-content\/uploads\/2025\/04\/1-13-300x200.jpg\" alt=\"\" width=\"487\" height=\"324\" srcset=\"https:\/\/shop.tanadaithanh.vn\/wp-content\/uploads\/2025\/04\/1-13-300x200.jpg 300w, https:\/\/shop.tanadaithanh.vn\/wp-content\/uploads\/2025\/04\/1-13-1024x683.jpg 1024w, https:\/\/shop.tanadaithanh.vn\/wp-content\/uploads\/2025\/04\/1-13-768x512.jpg 768w, https:\/\/shop.tanadaithanh.vn\/wp-content\/uploads\/2025\/04\/1-13-1536x1024.jpg 1536w, https:\/\/shop.tanadaithanh.vn\/wp-content\/uploads\/2025\/04\/1-13-1200x800.jpg 1200w, https:\/\/shop.tanadaithanh.vn\/wp-content\/uploads\/2025\/04\/1-13-150x100.jpg 150w, https:\/\/shop.tanadaithanh.vn\/wp-content\/uploads\/2025\/04\/1-13.jpg 1800w\" sizes=\"(max-width: 487px) 100vw, 487px\" \/><\/p>\n<p><strong>1. Ch\u1ea5t li\u1ec7u inox SUS 304 cao c\u1ea5p \u2013 An to\u00e0n tuy\u1ec7t \u0111\u1ed1i cho ngu\u1ed3n n\u01b0\u1edbc<\/strong><\/p>\n<p><strong>Th\u00e9p kh\u00f4ng g\u1ec9 SUS 304<\/strong> chu\u1ea9n qu\u1ed1c t\u1ebf \u2013 ch\u1ed1ng \u0103n m\u00f2n, kh\u00f4ng g\u1ec9 s\u00e9t, b\u1ec1n ch\u1eafc theo th\u1eddi gian.<\/p>\n<ul>\n<li>\u0110\u1ea3m b\u1ea3o an to\u00e0n v\u1ec7 sinh khi s\u1eed d\u1ee5ng trong th\u1eddi gian d\u00e0i, kh\u00f4ng \u1ea3nh h\u01b0\u1edfng \u0111\u1ebfn ch\u1ea5t l\u01b0\u1ee3ng n\u01b0\u1edbc.<\/li>\n<li>B\u1ec1 m\u1eb7t s\u00e1ng b\u00f3ng, d\u1ec5 lau ch\u00f9i, h\u1ea1n ch\u1ebf rong r\u00eau b\u00e1m b\u1ea9n.<\/li>\n<\/ul>\n<p><img decoding=\"async\" class=\"aligncenter wp-image-25734\" src=\"https:\/\/shop.tanadaithanh.vn\/wp-content\/uploads\/2025\/04\/3-6-1-300x300.jpg\" alt=\"\" width=\"465\" height=\"465\" srcset=\"https:\/\/shop.tanadaithanh.vn\/wp-content\/uploads\/2025\/04\/3-6-1-300x300.jpg 300w, https:\/\/shop.tanadaithanh.vn\/wp-content\/uploads\/2025\/04\/3-6-1-1024x1024.jpg 1024w, https:\/\/shop.tanadaithanh.vn\/wp-content\/uploads\/2025\/04\/3-6-1-150x150.jpg 150w, https:\/\/shop.tanadaithanh.vn\/wp-content\/uploads\/2025\/04\/3-6-1-768x768.jpg 768w, https:\/\/shop.tanadaithanh.vn\/wp-content\/uploads\/2025\/04\/3-6-1-600x600.jpg 600w, https:\/\/shop.tanadaithanh.vn\/wp-content\/uploads\/2025\/04\/3-6-1.jpg 1200w\" sizes=\"(max-width: 465px) 100vw, 465px\" \/><\/p>\n<h4><strong>2. C\u00f4ng ngh\u1ec7 h\u00e0n l\u0103n t\u1ef1 \u0111\u1ed9ng \u2013 T\u1ed1i \u01b0u \u0111\u1ed9 k\u00edn v\u00e0 t\u00ednh th\u1ea9m m\u1ef9<\/strong><\/h4>\n<p>\u1ee8ng d\u1ee5ng c\u00f4ng ngh\u1ec7 h\u00e0n l\u0103n hi\u1ec7n \u0111\u1ea1i, t\u1ea1o m\u1ed1i h\u00e0n li\u1ec1n m\u1ea1ch, ch\u1eafc ch\u1eafn, th\u1ea9m m\u1ef9 cao.<\/p>\n<ul>\n<li>Gi\u1ea3m thi\u1ec3u t\u1ed1i \u0111a nguy c\u01a1 r\u00f2 r\u1ec9 n\u01b0\u1edbc trong qu\u00e1 tr\u00ecnh s\u1eed d\u1ee5ng.<\/li>\n<li>\u0110\u1ea3m b\u1ea3o \u0111\u1ed9 b\u1ec1n s\u1ea3n ph\u1ea9m ngay c\u1ea3 trong \u0111i\u1ec1u ki\u1ec7n th\u1eddi ti\u1ebft kh\u1eafc nghi\u1ec7t.<\/li>\n<\/ul>\n<p><img decoding=\"async\" class=\"aligncenter wp-image-25736\" src=\"https:\/\/shop.tanadaithanh.vn\/wp-content\/uploads\/2025\/04\/7-2-1-300x300.jpg\" alt=\"\" width=\"448\" height=\"448\" srcset=\"https:\/\/shop.tanadaithanh.vn\/wp-content\/uploads\/2025\/04\/7-2-1-300x300.jpg 300w, https:\/\/shop.tanadaithanh.vn\/wp-content\/uploads\/2025\/04\/7-2-1-1024x1024.jpg 1024w, https:\/\/shop.tanadaithanh.vn\/wp-content\/uploads\/2025\/04\/7-2-1-150x150.jpg 150w, https:\/\/shop.tanadaithanh.vn\/wp-content\/uploads\/2025\/04\/7-2-1-768x768.jpg 768w, https:\/\/shop.tanadaithanh.vn\/wp-content\/uploads\/2025\/04\/7-2-1-600x600.jpg 600w, https:\/\/shop.tanadaithanh.vn\/wp-content\/uploads\/2025\/04\/7-2-1.jpg 1200w\" sizes=\"(max-width: 448px) 100vw, 448px\" \/><\/p>\n<h4><strong>3. Logo d\u1eadp n\u1ed5i ch\u1ed1ng h\u00e0ng gi\u1ea3 \u2013 Nh\u1eadn di\u1ec7n th\u01b0\u01a1ng hi\u1ec7u ch\u00ednh h\u00e3ng<\/strong><\/h4>\n<p><strong>Logo <a href=\"https:\/\/shop.tanadaithanh.vn\/danh-muc-san-pham\/bon-nuoc-inox\/bon-inox-dai-thanh-sus-304\/\">T\u00e2n \u00c1 \u0110\u1ea1i Th\u00e0nh<\/a> \u0111\u01b0\u1ee3c d\u1eadp n\u1ed5i r\u00f5 n\u00e9t tr\u00ean ch\u1ee5p b\u1ed3n.<\/strong><\/p>\n<ul>\n<li>Gi\u00fap ng\u01b0\u1eddi ti\u00eau d\u00f9ng d\u1ec5 d\u00e0ng ph\u00e2n bi\u1ec7t s\u1ea3n ph\u1ea9m ch\u00ednh h\u00e3ng, tr\u00e1nh mua ph\u1ea3i h\u00e0ng gi\u1ea3, h\u00e0ng nh\u00e1i.<\/li>\n<li>Kh\u1eb3ng \u0111\u1ecbnh uy t\u00edn v\u00e0 v\u1ecb th\u1ebf th\u01b0\u01a1ng hi\u1ec7u h\u00e0ng \u0111\u1ea7u ng\u00e0nh b\u1ed3n n\u01b0\u1edbc Vi\u1ec7t Nam.<\/li>\n<\/ul>\n<h4><strong>4. \u0110\u1ea1t ti\u00eau chu\u1ea9n ch\u1ea5t l\u01b0\u1ee3ng ISO \u2013 B\u1ea3o h\u00e0nh l\u00ean \u0111\u1ebfn 12 n\u0103m<\/strong><\/h4>\n<p>S\u1ea3n ph\u1ea9m \u0111\u01b0\u1ee3c s\u1ea3n xu\u1ea5t theo h\u1ec7 th\u1ed1ng qu\u1ea3n l\u00fd ch\u1ea5t l\u01b0\u1ee3ng \u0111\u1ea1t <strong>ISO 9001:2008<\/strong>.<\/p>\n<ul>\n<li>Ch\u00ednh s\u00e1ch b\u1ea3o h\u00e0nh l\u00ean \u0111\u1ebfn 12 n\u0103m \u2013 minh ch\u1ee9ng r\u00f5 r\u00e0ng cho cam k\u1ebft v\u1ec1 \u0111\u1ed9 b\u1ec1n, \u0111\u1ed9 an to\u00e0n.<\/li>\n<li>D\u1ecbch v\u1ee5 h\u1eadu m\u00e3i nhanh ch\u00f3ng, chuy\u00ean nghi\u1ec7p t\u1eeb T\u00e2n \u00c1 \u0110\u1ea1i Th\u00e0nh tr\u00ean to\u00e0n qu\u1ed1c.<\/li>\n<\/ul>\n<h4><strong>5. \u0110a d\u1ea1ng dung t\u00edch, linh ho\u1ea1t l\u1eafp \u0111\u1eb7t<\/strong><\/h4>\n<ul>\n<li data-start=\"2326\" data-end=\"2439\">\n<p data-start=\"2328\" data-end=\"2439\">S\u1ea3n ph\u1ea9m c\u00f3 nhi\u1ec1u <strong data-start=\"2346\" data-end=\"2374\">dung t\u00edch t\u1eeb nh\u1ecf \u0111\u1ebfn l\u1edbn<\/strong>, \u0111\u00e1p \u1ee9ng t\u1eeb h\u1ed9 gia \u0111\u00ecnh, nh\u00e0 tr\u1ecd, bi\u1ec7t th\u1ef1 \u0111\u1ebfn c\u00f4ng tr\u00ecnh l\u1edbn.<\/p>\n<\/li>\n<li data-start=\"2440\" data-end=\"2547\">\n<p data-start=\"2442\" data-end=\"2547\"><strong data-start=\"2442\" data-end=\"2484\">Thi\u1ebft k\u1ebf \u0111a d\u1ea1ng: b\u1ed3n \u0111\u1ee9ng \u2013 b\u1ed3n ngang<\/strong>, d\u1ec5 l\u1eafp \u0111\u1eb7t tr\u00ean m\u00e1i nh\u00e0, s\u00e2n th\u01b0\u1ee3ng, khung \u0111\u1ee1 ho\u1eb7c m\u1eb7t \u0111\u1ea5t.<\/p>\n<\/li>\n<li data-start=\"2548\" data-end=\"2631\">\n<p data-start=\"2550\" data-end=\"2631\">T\u00edch h\u1ee3p ph\u1ee5 ki\u1ec7n cao c\u1ea5p \u0111i k\u00e8m: ch\u00e2n \u0111\u1ebf v\u1eefng ch\u1eafc<\/p>\n<\/li>\n<\/ul>\n<p><strong>7. Mua B\u1ed3n inox \u0110\u1ea1i Th\u00e0nh ch\u00ednh h\u00e3ng \u1edf \u0111\u00e2u?<\/strong><br \/>\n\u0110\u1ec3 \u0111\u1ea3m b\u1ea3o ch\u1ea5t l\u01b0\u1ee3ng, quy\u1ec1n l\u1ee3i b\u1ea3o h\u00e0nh v\u00e0 h\u1ed7 tr\u1ee3 k\u1ef9 thu\u1eadt, ng\u01b0\u1eddi d\u00f9ng n\u00ean mua tr\u1ef1c ti\u1ebfp t\u1ea1i:<br \/>\n<strong>Website ch\u00ednh h\u00e3ng: <span style=\"color: #0000ff;\"><a style=\"color: #0000ff;\" href=\"https:\/\/shop.tanadaithanh.vn\/\">shop.tanadaithanh.vn<\/a><\/span><\/strong><\/p>\n<p><strong>\u01afu \u0111\u00e3i khi mua t\u1ea1i shop.tanadaithanh.vn:<\/strong><\/p>\n<p><strong>\u2013 Mi\u1ec5n ph\u00ed v\u1eadn chuy\u1ec3n<\/strong><br \/>\n<strong>\u2013 Thanh to\u00e1n linh ho\u1ea1t, h\u1ed7 tr\u1ee3 tr\u1ea3 ch\u1eadm 0% cho s\u1ea3n ph\u1ea9m t\u1eeb 3 Tri\u1ec7u<\/strong><br \/>\n<strong>\u2013 B\u1ea3o h\u00e0nh \u0111i\u1ec7n t\u1eed 12 n\u0103m ch\u00ednh h\u00e3ng<\/strong><br \/>\n<strong>\u2013 T\u01b0 v\u1ea5n k\u1ef9 thu\u1eadt tr\u1ef1c ti\u1ebfp t\u1eeb \u0111\u1ed9i ng\u0169 chuy\u00ean m\u00f4n<\/strong><\/p>\n<p>Li\u00ean h\u1ec7 ngay qua hotline <span style=\"color: #0000ff;\"><strong><a class=\"text-is-phone-number\" style=\"color: #0000ff;\" href=\"tel:0928195575\" data-z-element-type=\"phone-number\">0928 195 575<\/a><\/strong><\/span>\u00a0\u0111\u1ec3 \u0111\u01b0\u1ee3c t\u01b0 v\u1ea5n, h\u1ed7 tr\u1ee3 nhanh nh\u1ea5t !<\/p>\n","protected":false},"excerpt":{"rendered":"<ul>\n<li>Inox SUS 304 cao c\u1ea5p<\/li>\n<li>C\u00f4ng ngh\u1ec7 h\u00e0n l\u0103n t\u1ef1 \u0111\u1ed9ng<\/li>\n<li>Chu\u1ea9n ch\u1ea5t l\u01b0\u1ee3ng ISO 9001:2008<\/li>\n<li>\u0110a d\u1ea1ng dung t\u00edch &amp; ki\u1ec3u d\u00e1ng<\/li>\n<li>B\u1ea3o h\u00e0nh 12 n\u0103m<\/li>\n<\/ul>\n","protected":false},"featured_media":28725,"comment_status":"open","ping_status":"closed","template":"","meta":[],"region":[260],"product_brand":[],"product_cat":[312,299,296,182],"product_tag":[],"class_list":{"0":"post-17854","1":"product","2":"type-product","3":"status-publish","4":"has-post-thumbnail","6":"region-mien-nam","7":"product_cat-bon-inox-1500l","8":"product_cat-bon-inox-dai-thanh-sus-304","9":"product_cat-bon-inox-ngang","10":"product_cat-bon-nuoc-inox","12":"first","13":"instock","14":"sale","15":"featured","16":"shipping-taxable","17":"purchasable","18":"product-type-simple"},"yoast_head":"<!-- This site is optimized with the Yoast SEO plugin v24.6 - https:\/\/yoast.com\/wordpress\/plugins\/seo\/ -->\n<title>B\u1ed3n inox \u0110\u1ea1i Th\u00e0nh SUS304 \u2013 1500N - T\u00e2n \u00c1 \u0110\u1ea1i Th\u00e0nh eShop<\/title>\n<meta name=\"robots\" content=\"index, follow, max-snippet:-1, max-image-preview:large, max-video-preview:-1\" \/>\n<link rel=\"canonical\" href=\"https:\/\/shop.tanadaithanh.vn\/en\/san-pham\/bon-inox-dai-thanh-sus304-1500l-ngang-2\/\" \/>\n<meta property=\"og:locale\" content=\"en_US\" \/>\n<meta property=\"og:type\" content=\"article\" \/>\n<meta property=\"og:title\" content=\"B\u1ed3n inox \u0110\u1ea1i Th\u00e0nh SUS304 \u2013 1500N - T\u00e2n \u00c1 \u0110\u1ea1i Th\u00e0nh eShop\" \/>\n<meta property=\"og:description\" content=\"Inox SUS 304 cao c\u1ea5p  C\u00f4ng ngh\u1ec7 h\u00e0n l\u0103n t\u1ef1 \u0111\u1ed9ng  Chu\u1ea9n ch\u1ea5t l\u01b0\u1ee3ng ISO 9001:2008  \u0110a d\u1ea1ng dung t\u00edch &amp; ki\u1ec3u d\u00e1ng  B\u1ea3o h\u00e0nh 12 n\u0103m\" \/>\n<meta property=\"og:url\" content=\"https:\/\/shop.tanadaithanh.vn\/en\/san-pham\/bon-inox-dai-thanh-sus304-1500l-ngang-2\/\" \/>\n<meta property=\"og:site_name\" content=\"T\u00e2n \u00c1 \u0110\u1ea1i Th\u00e0nh eShop\" \/>\n<meta property=\"article:publisher\" content=\"https:\/\/www.facebook.com\/profile.php?id=61567171139919\" \/>\n<meta property=\"article:modified_time\" content=\"2026-04-01T08:18:15+00:00\" \/>\n<meta property=\"og:image\" content=\"https:\/\/shop.tanadaithanh.vn\/wp-content\/uploads\/2025\/08\/39.jpg\" \/>\n\t<meta property=\"og:image:width\" content=\"1200\" \/>\n\t<meta property=\"og:image:height\" content=\"1200\" \/>\n\t<meta property=\"og:image:type\" content=\"image\/jpeg\" \/>\n<meta name=\"twitter:card\" content=\"summary_large_image\" \/>\n<meta name=\"twitter:label1\" content=\"Est. reading time\" \/>\n\t<meta name=\"twitter:data1\" content=\"4 minutes\" \/>\n<script type=\"application\/ld+json\" class=\"yoast-schema-graph\">{\"@context\":\"https:\/\/schema.org\",\"@graph\":[{\"@type\":\"WebPage\",\"@id\":\"https:\/\/shop.tanadaithanh.vn\/en\/san-pham\/bon-inox-dai-thanh-sus304-1500l-ngang-2\/\",\"url\":\"https:\/\/shop.tanadaithanh.vn\/en\/san-pham\/bon-inox-dai-thanh-sus304-1500l-ngang-2\/\",\"name\":\"B\u1ed3n inox \u0110\u1ea1i Th\u00e0nh SUS304 \u2013 1500N - T\u00e2n \u00c1 \u0110\u1ea1i Th\u00e0nh eShop\",\"isPartOf\":{\"@id\":\"https:\/\/shop.tanadaithanh.vn\/en\/#website\"},\"primaryImageOfPage\":{\"@id\":\"https:\/\/shop.tanadaithanh.vn\/en\/san-pham\/bon-inox-dai-thanh-sus304-1500l-ngang-2\/#primaryimage\"},\"image\":{\"@id\":\"https:\/\/shop.tanadaithanh.vn\/en\/san-pham\/bon-inox-dai-thanh-sus304-1500l-ngang-2\/#primaryimage\"},\"thumbnailUrl\":\"https:\/\/shop.tanadaithanh.vn\/wp-content\/uploads\/2025\/08\/39.jpg\",\"datePublished\":\"2025-04-03T03:59:58+00:00\",\"dateModified\":\"2026-04-01T08:18:15+00:00\",\"breadcrumb\":{\"@id\":\"https:\/\/shop.tanadaithanh.vn\/en\/san-pham\/bon-inox-dai-thanh-sus304-1500l-ngang-2\/#breadcrumb\"},\"inLanguage\":\"en-US\",\"potentialAction\":[{\"@type\":\"ReadAction\",\"target\":[\"https:\/\/shop.tanadaithanh.vn\/en\/san-pham\/bon-inox-dai-thanh-sus304-1500l-ngang-2\/\"]}]},{\"@type\":\"ImageObject\",\"inLanguage\":\"en-US\",\"@id\":\"https:\/\/shop.tanadaithanh.vn\/en\/san-pham\/bon-inox-dai-thanh-sus304-1500l-ngang-2\/#primaryimage\",\"url\":\"https:\/\/shop.tanadaithanh.vn\/wp-content\/uploads\/2025\/08\/39.jpg\",\"contentUrl\":\"https:\/\/shop.tanadaithanh.vn\/wp-content\/uploads\/2025\/08\/39.jpg\",\"width\":1200,\"height\":1200},{\"@type\":\"BreadcrumbList\",\"@id\":\"https:\/\/shop.tanadaithanh.vn\/en\/san-pham\/bon-inox-dai-thanh-sus304-1500l-ngang-2\/#breadcrumb\",\"itemListElement\":[{\"@type\":\"ListItem\",\"position\":1,\"name\":\"Trang ch\u1ee7\",\"item\":\"https:\/\/shop.tanadaithanh.vn\/en\/\"},{\"@type\":\"ListItem\",\"position\":2,\"name\":\"Shop\",\"item\":\"https:\/\/shop.tanadaithanh.vn\/cua-hang\/\"},{\"@type\":\"ListItem\",\"position\":3,\"name\":\"B\u1ed3n inox \u0110\u1ea1i Th\u00e0nh SUS304 \u2013 1500N\"}]},{\"@type\":\"WebSite\",\"@id\":\"https:\/\/shop.tanadaithanh.vn\/en\/#website\",\"url\":\"https:\/\/shop.tanadaithanh.vn\/en\/\",\"name\":\"T\u00e2n \u00c1 \u0110\u1ea1i Th\u00e0nh eShop - Trang website b\u00e1n h\u00e0ng ch\u00ednh th\u1ee9c T\u1eadp \u0111o\u00e0n T\u00e2n \u00c1 \u0110\u1ea1i Th\u00e0nh\",\"description\":\"Website b\u00e1n h\u00e0ng tr\u1ef1c tuy\u1ebfn v\u1eadn h\u00e0nh b\u1edfi ch\u00ednh T\u00e2n \u00c1 \u0110\u1ea1i Th\u00e0nh\",\"publisher\":{\"@id\":\"https:\/\/shop.tanadaithanh.vn\/en\/#organization\"},\"potentialAction\":[{\"@type\":\"SearchAction\",\"target\":{\"@type\":\"EntryPoint\",\"urlTemplate\":\"https:\/\/shop.tanadaithanh.vn\/en\/?s={search_term_string}\"},\"query-input\":{\"@type\":\"PropertyValueSpecification\",\"valueRequired\":true,\"valueName\":\"search_term_string\"}}],\"inLanguage\":\"en-US\"},{\"@type\":\"Organization\",\"@id\":\"https:\/\/shop.tanadaithanh.vn\/en\/#organization\",\"name\":\"T\u00e2n \u00c1 \u0110\u1ea1i Th\u00e0nh eShop - Trang website b\u00e1n h\u00e0ng ch\u00ednh th\u1ee9c T\u1eadp \u0111o\u00e0n T\u00e2n \u00c1 \u0110\u1ea1i Th\u00e0nh\",\"url\":\"https:\/\/shop.tanadaithanh.vn\/en\/\",\"logo\":{\"@type\":\"ImageObject\",\"inLanguage\":\"en-US\",\"@id\":\"https:\/\/shop.tanadaithanh.vn\/en\/#\/schema\/logo\/image\/\",\"url\":\"https:\/\/shop.tanadaithanh.vn\/wp-content\/uploads\/2025\/06\/Logo-2.png\",\"contentUrl\":\"https:\/\/shop.tanadaithanh.vn\/wp-content\/uploads\/2025\/06\/Logo-2.png\",\"width\":2000,\"height\":2000,\"caption\":\"T\u00e2n \u00c1 \u0110\u1ea1i Th\u00e0nh eShop - Trang website b\u00e1n h\u00e0ng ch\u00ednh th\u1ee9c T\u1eadp \u0111o\u00e0n T\u00e2n \u00c1 \u0110\u1ea1i Th\u00e0nh\"},\"image\":{\"@id\":\"https:\/\/shop.tanadaithanh.vn\/en\/#\/schema\/logo\/image\/\"},\"sameAs\":[\"https:\/\/www.facebook.com\/profile.php?id=61567171139919\",\"https:\/\/zalo.me\/3915163699004948284\"]}]}<\/script>\n<!-- \/ Yoast SEO plugin. -->","yoast_head_json":{"title":"B\u1ed3n inox \u0110\u1ea1i Th\u00e0nh SUS304 \u2013 1500N - T\u00e2n \u00c1 \u0110\u1ea1i Th\u00e0nh eShop","robots":{"index":"index","follow":"follow","max-snippet":"max-snippet:-1","max-image-preview":"max-image-preview:large","max-video-preview":"max-video-preview:-1"},"canonical":"https:\/\/shop.tanadaithanh.vn\/en\/san-pham\/bon-inox-dai-thanh-sus304-1500l-ngang-2\/","og_locale":"en_US","og_type":"article","og_title":"B\u1ed3n inox \u0110\u1ea1i Th\u00e0nh SUS304 \u2013 1500N - T\u00e2n \u00c1 \u0110\u1ea1i Th\u00e0nh eShop","og_description":"Inox SUS 304 cao c\u1ea5p  C\u00f4ng ngh\u1ec7 h\u00e0n l\u0103n t\u1ef1 \u0111\u1ed9ng  Chu\u1ea9n ch\u1ea5t l\u01b0\u1ee3ng ISO 9001:2008  \u0110a d\u1ea1ng dung t\u00edch &amp; ki\u1ec3u d\u00e1ng  B\u1ea3o h\u00e0nh 12 n\u0103m","og_url":"https:\/\/shop.tanadaithanh.vn\/en\/san-pham\/bon-inox-dai-thanh-sus304-1500l-ngang-2\/","og_site_name":"T\u00e2n \u00c1 \u0110\u1ea1i Th\u00e0nh eShop","article_publisher":"https:\/\/www.facebook.com\/profile.php?id=61567171139919","article_modified_time":"2026-04-01T08:18:15+00:00","og_image":[{"width":1200,"height":1200,"url":"https:\/\/shop.tanadaithanh.vn\/wp-content\/uploads\/2025\/08\/39.jpg","type":"image\/jpeg"}],"twitter_card":"summary_large_image","twitter_misc":{"Est. reading time":"4 minutes"},"schema":{"@context":"https:\/\/schema.org","@graph":[{"@type":"WebPage","@id":"https:\/\/shop.tanadaithanh.vn\/en\/san-pham\/bon-inox-dai-thanh-sus304-1500l-ngang-2\/","url":"https:\/\/shop.tanadaithanh.vn\/en\/san-pham\/bon-inox-dai-thanh-sus304-1500l-ngang-2\/","name":"B\u1ed3n inox \u0110\u1ea1i Th\u00e0nh SUS304 \u2013 1500N - T\u00e2n \u00c1 \u0110\u1ea1i Th\u00e0nh eShop","isPartOf":{"@id":"https:\/\/shop.tanadaithanh.vn\/en\/#website"},"primaryImageOfPage":{"@id":"https:\/\/shop.tanadaithanh.vn\/en\/san-pham\/bon-inox-dai-thanh-sus304-1500l-ngang-2\/#primaryimage"},"image":{"@id":"https:\/\/shop.tanadaithanh.vn\/en\/san-pham\/bon-inox-dai-thanh-sus304-1500l-ngang-2\/#primaryimage"},"thumbnailUrl":"https:\/\/shop.tanadaithanh.vn\/wp-content\/uploads\/2025\/08\/39.jpg","datePublished":"2025-04-03T03:59:58+00:00","dateModified":"2026-04-01T08:18:15+00:00","breadcrumb":{"@id":"https:\/\/shop.tanadaithanh.vn\/en\/san-pham\/bon-inox-dai-thanh-sus304-1500l-ngang-2\/#breadcrumb"},"inLanguage":"en-US","potentialAction":[{"@type":"ReadAction","target":["https:\/\/shop.tanadaithanh.vn\/en\/san-pham\/bon-inox-dai-thanh-sus304-1500l-ngang-2\/"]}]},{"@type":"ImageObject","inLanguage":"en-US","@id":"https:\/\/shop.tanadaithanh.vn\/en\/san-pham\/bon-inox-dai-thanh-sus304-1500l-ngang-2\/#primaryimage","url":"https:\/\/shop.tanadaithanh.vn\/wp-content\/uploads\/2025\/08\/39.jpg","contentUrl":"https:\/\/shop.tanadaithanh.vn\/wp-content\/uploads\/2025\/08\/39.jpg","width":1200,"height":1200},{"@type":"BreadcrumbList","@id":"https:\/\/shop.tanadaithanh.vn\/en\/san-pham\/bon-inox-dai-thanh-sus304-1500l-ngang-2\/#breadcrumb","itemListElement":[{"@type":"ListItem","position":1,"name":"Trang ch\u1ee7","item":"https:\/\/shop.tanadaithanh.vn\/en\/"},{"@type":"ListItem","position":2,"name":"Shop","item":"https:\/\/shop.tanadaithanh.vn\/cua-hang\/"},{"@type":"ListItem","position":3,"name":"B\u1ed3n inox \u0110\u1ea1i Th\u00e0nh SUS304 \u2013 1500N"}]},{"@type":"WebSite","@id":"https:\/\/shop.tanadaithanh.vn\/en\/#website","url":"https:\/\/shop.tanadaithanh.vn\/en\/","name":"T\u00e2n \u00c1 \u0110\u1ea1i Th\u00e0nh eShop - Trang website b\u00e1n h\u00e0ng ch\u00ednh th\u1ee9c T\u1eadp \u0111o\u00e0n T\u00e2n \u00c1 \u0110\u1ea1i Th\u00e0nh","description":"Website b\u00e1n h\u00e0ng tr\u1ef1c tuy\u1ebfn v\u1eadn h\u00e0nh b\u1edfi ch\u00ednh T\u00e2n \u00c1 \u0110\u1ea1i Th\u00e0nh","publisher":{"@id":"https:\/\/shop.tanadaithanh.vn\/en\/#organization"},"potentialAction":[{"@type":"SearchAction","target":{"@type":"EntryPoint","urlTemplate":"https:\/\/shop.tanadaithanh.vn\/en\/?s={search_term_string}"},"query-input":{"@type":"PropertyValueSpecification","valueRequired":true,"valueName":"search_term_string"}}],"inLanguage":"en-US"},{"@type":"Organization","@id":"https:\/\/shop.tanadaithanh.vn\/en\/#organization","name":"T\u00e2n \u00c1 \u0110\u1ea1i Th\u00e0nh eShop - Trang website b\u00e1n h\u00e0ng ch\u00ednh th\u1ee9c T\u1eadp \u0111o\u00e0n T\u00e2n \u00c1 \u0110\u1ea1i Th\u00e0nh","url":"https:\/\/shop.tanadaithanh.vn\/en\/","logo":{"@type":"ImageObject","inLanguage":"en-US","@id":"https:\/\/shop.tanadaithanh.vn\/en\/#\/schema\/logo\/image\/","url":"https:\/\/shop.tanadaithanh.vn\/wp-content\/uploads\/2025\/06\/Logo-2.png","contentUrl":"https:\/\/shop.tanadaithanh.vn\/wp-content\/uploads\/2025\/06\/Logo-2.png","width":2000,"height":2000,"caption":"T\u00e2n \u00c1 \u0110\u1ea1i Th\u00e0nh eShop - Trang website b\u00e1n h\u00e0ng ch\u00ednh th\u1ee9c T\u1eadp \u0111o\u00e0n T\u00e2n \u00c1 \u0110\u1ea1i Th\u00e0nh"},"image":{"@id":"https:\/\/shop.tanadaithanh.vn\/en\/#\/schema\/logo\/image\/"},"sameAs":["https:\/\/www.facebook.com\/profile.php?id=61567171139919","https:\/\/zalo.me\/3915163699004948284"]}]}},"_links":{"self":[{"href":"https:\/\/shop.tanadaithanh.vn\/en\/wp-json\/wp\/v2\/product\/17854","targetHints":{"allow":["GET"]}}],"collection":[{"href":"https:\/\/shop.tanadaithanh.vn\/en\/wp-json\/wp\/v2\/product"}],"about":[{"href":"https:\/\/shop.tanadaithanh.vn\/en\/wp-json\/wp\/v2\/types\/product"}],"replies":[{"embeddable":true,"href":"https:\/\/shop.tanadaithanh.vn\/en\/wp-json\/wp\/v2\/comments?post=17854"}],"version-history":[{"count":6,"href":"https:\/\/shop.tanadaithanh.vn\/en\/wp-json\/wp\/v2\/product\/17854\/revisions"}],"predecessor-version":[{"id":32296,"href":"https:\/\/shop.tanadaithanh.vn\/en\/wp-json\/wp\/v2\/product\/17854\/revisions\/32296"}],"wp:featuredmedia":[{"embeddable":true,"href":"https:\/\/shop.tanadaithanh.vn\/en\/wp-json\/wp\/v2\/media\/28725"}],"wp:attachment":[{"href":"https:\/\/shop.tanadaithanh.vn\/en\/wp-json\/wp\/v2\/media?parent=17854"}],"wp:term":[{"taxonomy":"region","embeddable":true,"href":"https:\/\/shop.tanadaithanh.vn\/en\/wp-json\/wp\/v2\/region?post=17854"},{"taxonomy":"product_brand","embeddable":true,"href":"https:\/\/shop.tanadaithanh.vn\/en\/wp-json\/wp\/v2\/product_brand?post=17854"},{"taxonomy":"product_cat","embeddable":true,"href":"https:\/\/shop.tanadaithanh.vn\/en\/wp-json\/wp\/v2\/product_cat?post=17854"},{"taxonomy":"product_tag","embeddable":true,"href":"https:\/\/shop.tanadaithanh.vn\/en\/wp-json\/wp\/v2\/product_tag?post=17854"}],"curies":[{"name":"wp","href":"https:\/\/api.w.org\/{rel}","templated":true}]}}