{"id":17848,"date":"2025-04-03T10:59:57","date_gmt":"2025-04-03T03:59:57","guid":{"rendered":"https:\/\/shop.tanadaithanh.vn\/product\/bon-inox-dai-thanh-vigo-sus316-2000l-ngang-2\/"},"modified":"2026-04-01T15:57:52","modified_gmt":"2026-04-01T08:57:52","slug":"bon-inox-dai-thanh-vigo-sus316-2000l-ngang-2","status":"publish","type":"product","link":"https:\/\/shop.tanadaithanh.vn\/en\/san-pham\/bon-inox-dai-thanh-vigo-sus316-2000l-ngang-2\/","title":{"rendered":"B\u1ed3n inox \u0110\u1ea1i Th\u00e0nh Vigo SUS316 \u2013 2000N"},"content":{"rendered":"<div class=\"wpb_text_column wpb_content_element\">\n<div class=\"wpb_wrapper\">\n<h3><strong>Gi\u1edbi thi\u1ec7u s\u1ea3n ph\u1ea9m<\/strong><\/h3>\n<div class=\"wpb_text_column wpb_content_element\">\n<div class=\"wpb_wrapper\">\n<p><span style=\"font-size: 16px;\">B\u1ed3n Inox SUS 316 \u0111\u01b0\u1ee3c s\u1ea3n xu\u1ea5t tr\u00ean d\u00e2y chuy\u1ec1n c\u00f4ng ngh\u1ec7 h\u00e0n l\u0103n ti\u00ean ti\u1ebfn, nguy\u00ean v\u1eadt li\u1ec7u l\u00e0 th\u00e9p kh\u00f4ng g\u1ec9 SUS 316 si\u00eau b\u1ec1n v\u00e0 kh\u1ea3 n\u0103ng ch\u1ed1ng \u0103n m\u00f2n cao, b\u1ec1 m\u1eb7t v\u1eadt li\u1ec7u c\u00f3 \u0111\u1ed9 b\u00f3ng cao, \u0111\u1ea3m b\u1ea3o t\u00ednh th\u1ea9m m\u1ef9 cho ki\u1ebfn tr\u00fac c\u00f4ng tr\u00ecnh.<\/span><\/p>\n<div class=\"wpb_text_column wpb_content_element\">\n<div class=\"wpb_wrapper\">\n<div class=\"wpb_text_column wpb_content_element\">\n<div class=\"wpb_wrapper\">\n<h3 data-start=\"166\" data-end=\"233\"><strong data-start=\"173\" data-end=\"231\">1. V\u1eadt Li\u1ec7u Inox SUS 316 \u2013 Si\u00eau B\u1ec1n, Si\u00eau Ch\u1ed1ng \u0102n M\u00f2n<\/strong><\/h3>\n<ul data-start=\"234\" data-end=\"390\">\n<li data-start=\"234\" data-end=\"276\">\n<p data-start=\"236\" data-end=\"276\">S\u1eed d\u1ee5ng th\u00e9p kh\u00f4ng g\u1ec9 SUS 316 cao c\u1ea5p.<\/p>\n<\/li>\n<li data-start=\"277\" data-end=\"342\">\n<p data-start=\"279\" data-end=\"342\">Ch\u1ecbu \u0111\u01b0\u1ee3c m\u00f4i tr\u01b0\u1eddng kh\u1eafc nghi\u1ec7t, k\u1ec3 c\u1ea3 n\u01b0\u1edbc nhi\u1ec5m ph\u00e8n, m\u1eb7n.<\/p>\n<\/li>\n<li data-start=\"343\" data-end=\"390\">\n<p data-start=\"345\" data-end=\"390\">\u0110\u1ea3m b\u1ea3o \u0111\u1ed9 b\u1ec1n v\u01b0\u1ee3t tr\u1ed9i v\u00e0 tu\u1ed5i th\u1ecd l\u00e2u d\u00e0i.<\/p>\n<\/li>\n<\/ul>\n<h3 data-start=\"397\" data-end=\"461\"><strong data-start=\"404\" data-end=\"459\">2. C\u00f4ng Ngh\u1ec7 H\u00e0n L\u0103n T\u1ef1 \u0110\u1ed9ng \u2013 Ch\u00ednh X\u00e1c &amp; Tinh X\u1ea3o<\/strong><\/h3>\n<ul data-start=\"462\" data-end=\"627\">\n<li data-start=\"462\" data-end=\"519\">\n<p data-start=\"464\" data-end=\"519\">\u1ee8ng d\u1ee5ng c\u00f4ng ngh\u1ec7 h\u00e0n l\u0103n t\u1ef1 \u0111\u1ed9ng hi\u1ec7n \u0111\u1ea1i b\u1eadc nh\u1ea5t.<\/p>\n<\/li>\n<li data-start=\"520\" data-end=\"583\">\n<p data-start=\"522\" data-end=\"583\">\u0110i\u1ec1u khi\u1ec3n b\u1eb1ng k\u1ef9 thu\u1eadt s\u1ed1, gi\u00fap m\u1ed1i h\u00e0n \u0111\u1ec1u, ch\u1eafc v\u00e0 k\u00edn.<\/p>\n<\/li>\n<li data-start=\"584\" data-end=\"627\">\n<p data-start=\"586\" data-end=\"627\">T\u0103ng t\u00ednh th\u1ea9m m\u1ef9 v\u00e0 \u0111\u1ed9 b\u1ec1n cho s\u1ea3n ph\u1ea9m.<\/p>\n<\/li>\n<\/ul>\n<h3 data-start=\"634\" data-end=\"701\"><strong data-start=\"641\" data-end=\"699\">3. Logo D\u1eadp N\u1ed5i \u2013 Nh\u1eadn Di\u1ec7n Ch\u00ednh H\u00e3ng, Ch\u1ed1ng H\u00e0ng Gi\u1ea3<\/strong><\/h3>\n<ul data-start=\"702\" data-end=\"849\">\n<li data-start=\"702\" data-end=\"748\">\n<p data-start=\"704\" data-end=\"748\">Logo \u0111\u01b0\u1ee3c d\u1eadp n\u1ed5i tr\u1ef1c ti\u1ebfp tr\u00ean th\u00e2n b\u1ed3n.<\/p>\n<\/li>\n<li data-start=\"749\" data-end=\"783\">\n<p data-start=\"751\" data-end=\"783\">Chi ti\u1ebft s\u1eafc n\u00e9t, th\u1ea9m m\u1ef9 cao.<\/p>\n<\/li>\n<li data-start=\"784\" data-end=\"849\">\n<p data-start=\"786\" data-end=\"849\">Gi\u00fap ph\u00e2n bi\u1ec7t r\u00f5 r\u00e0ng v\u1edbi h\u00e0ng gi\u1ea3, h\u00e0ng nh\u00e1i tr\u00ean th\u1ecb tr\u01b0\u1eddng.<\/p>\n<\/li>\n<\/ul>\n<h3 data-start=\"856\" data-end=\"924\"><strong data-start=\"863\" data-end=\"922\">4. \u0110\u1ea1t Chu\u1ea9n ISO 9001:2009 \u2013 Cam K\u1ebft Ch\u1ea5t L\u01b0\u1ee3ng Qu\u1ed1c T\u1ebf<\/strong><\/h3>\n<ul data-start=\"925\" data-end=\"1051\">\n<li data-start=\"925\" data-end=\"985\">\n<p data-start=\"927\" data-end=\"985\">S\u1ea3n xu\u1ea5t theo h\u1ec7 th\u1ed1ng qu\u1ea3n l\u00fd ch\u1ea5t l\u01b0\u1ee3ng ISO 9001:2009.<\/p>\n<\/li>\n<li data-start=\"986\" data-end=\"1051\">\n<p data-start=\"988\" data-end=\"1051\">\u0110\u1ea3m b\u1ea3o ki\u1ec3m so\u00e1t ch\u1ea5t l\u01b0\u1ee3ng nghi\u00eam ng\u1eb7t t\u1eeb \u0111\u1ea7u v\u00e0o \u0111\u1ebfn \u0111\u1ea7u ra.<\/p>\n<\/li>\n<\/ul>\n<h3 data-start=\"1058\" data-end=\"1108\"><strong data-start=\"1065\" data-end=\"1106\">5. B\u1ea3o H\u00e0nh Ch\u00ednh H\u00e3ng L\u00ean T\u1edbi 20 N\u0103m<\/strong><\/h3>\n<ul data-start=\"1109\" data-end=\"1270\">\n<li data-start=\"1109\" data-end=\"1156\">\n<p data-start=\"1111\" data-end=\"1156\">Th\u1eddi gian b\u1ea3o h\u00e0nh d\u00e0i h\u00e0ng \u0111\u1ea7u th\u1ecb tr\u01b0\u1eddng.<\/p>\n<\/li>\n<li data-start=\"1157\" data-end=\"1220\">\n<p data-start=\"1159\" data-end=\"1220\">Kh\u1eb3ng \u0111\u1ecbnh uy t\u00edn v\u00e0 \u0111\u1ed9 b\u1ec1n c\u1ee7a b\u1ed3n Inox SUS 316 \u0110\u1ea1i Th\u00e0nh.<\/p>\n<\/li>\n<li data-start=\"1221\" data-end=\"1270\">\n<p data-start=\"1223\" data-end=\"1270\">Cam k\u1ebft \u0111\u1ed3ng h\u00e0nh l\u00e2u d\u00e0i c\u00f9ng ng\u01b0\u1eddi ti\u00eau d\u00f9ng.<\/p>\n<\/li>\n<\/ul>\n<p><img fetchpriority=\"high\" decoding=\"async\" class=\"aligncenter wp-image-25627\" src=\"https:\/\/shop.tanadaithanh.vn\/wp-content\/uploads\/2025\/04\/DSC07916-300x264.jpg\" alt=\"\" width=\"452\" height=\"398\" srcset=\"https:\/\/shop.tanadaithanh.vn\/wp-content\/uploads\/2025\/04\/DSC07916-300x264.jpg 300w, https:\/\/shop.tanadaithanh.vn\/wp-content\/uploads\/2025\/04\/DSC07916-1024x900.jpg 1024w, https:\/\/shop.tanadaithanh.vn\/wp-content\/uploads\/2025\/04\/DSC07916-768x675.jpg 768w, https:\/\/shop.tanadaithanh.vn\/wp-content\/uploads\/2025\/04\/DSC07916-1536x1349.jpg 1536w, https:\/\/shop.tanadaithanh.vn\/wp-content\/uploads\/2025\/04\/DSC07916-2048x1799.jpg 2048w, https:\/\/shop.tanadaithanh.vn\/wp-content\/uploads\/2025\/04\/DSC07916-1200x1054.jpg 1200w, https:\/\/shop.tanadaithanh.vn\/wp-content\/uploads\/2025\/04\/DSC07916-150x132.jpg 150w\" sizes=\"(max-width: 452px) 100vw, 452px\" \/><\/p>\n<h5 data-start=\"1058\" data-end=\"1108\"><strong data-start=\"1065\" data-end=\"1106\"><img decoding=\"async\" class=\"aligncenter wp-image-25630\" src=\"https:\/\/shop.tanadaithanh.vn\/wp-content\/uploads\/2025\/04\/DSC07923-300x200.jpg\" alt=\"\" width=\"473\" height=\"316\" srcset=\"https:\/\/shop.tanadaithanh.vn\/wp-content\/uploads\/2025\/04\/DSC07923-300x200.jpg 300w, https:\/\/shop.tanadaithanh.vn\/wp-content\/uploads\/2025\/04\/DSC07923-1024x683.jpg 1024w, https:\/\/shop.tanadaithanh.vn\/wp-content\/uploads\/2025\/04\/DSC07923-768x512.jpg 768w, https:\/\/shop.tanadaithanh.vn\/wp-content\/uploads\/2025\/04\/DSC07923-1536x1024.jpg 1536w, https:\/\/shop.tanadaithanh.vn\/wp-content\/uploads\/2025\/04\/DSC07923-2048x1365.jpg 2048w, https:\/\/shop.tanadaithanh.vn\/wp-content\/uploads\/2025\/04\/DSC07923-1200x800.jpg 1200w, https:\/\/shop.tanadaithanh.vn\/wp-content\/uploads\/2025\/04\/DSC07923-150x100.jpg 150w\" sizes=\"(max-width: 473px) 100vw, 473px\" \/><\/strong><\/h5>\n<h5 data-start=\"1058\" data-end=\"1108\"><strong data-start=\"1065\" data-end=\"1106\"><img decoding=\"async\" class=\"aligncenter wp-image-25632\" src=\"https:\/\/shop.tanadaithanh.vn\/wp-content\/uploads\/2025\/04\/DSC07913-300x200.jpg\" alt=\"\" width=\"476\" height=\"317\" srcset=\"https:\/\/shop.tanadaithanh.vn\/wp-content\/uploads\/2025\/04\/DSC07913-300x200.jpg 300w, https:\/\/shop.tanadaithanh.vn\/wp-content\/uploads\/2025\/04\/DSC07913-1024x683.jpg 1024w, https:\/\/shop.tanadaithanh.vn\/wp-content\/uploads\/2025\/04\/DSC07913-768x512.jpg 768w, https:\/\/shop.tanadaithanh.vn\/wp-content\/uploads\/2025\/04\/DSC07913-1536x1024.jpg 1536w, https:\/\/shop.tanadaithanh.vn\/wp-content\/uploads\/2025\/04\/DSC07913-2048x1365.jpg 2048w, https:\/\/shop.tanadaithanh.vn\/wp-content\/uploads\/2025\/04\/DSC07913-1200x800.jpg 1200w, https:\/\/shop.tanadaithanh.vn\/wp-content\/uploads\/2025\/04\/DSC07913-150x100.jpg 150w\" sizes=\"(max-width: 476px) 100vw, 476px\" \/><\/strong><\/h5>\n<\/div>\n<\/div>\n<\/div>\n<\/div>\n<\/div>\n<\/div>\n<div class=\"wpb_text_column wpb_content_element\">\n<div class=\"wpb_wrapper\">\n<div>\n<h3><strong>6. Mua B\u1ed3n inox \u0110\u1ea1i Th\u00e0nh Vigo ch\u00ednh h\u00e3ng \u1edf \u0111\u00e2u?<\/strong><\/h3>\n<p>\u0110\u1ec3 \u0111\u1ea3m b\u1ea3o ch\u1ea5t l\u01b0\u1ee3ng, quy\u1ec1n l\u1ee3i b\u1ea3o h\u00e0nh v\u00e0 h\u1ed7 tr\u1ee3 k\u1ef9 thu\u1eadt, ng\u01b0\u1eddi d\u00f9ng n\u00ean mua tr\u1ef1c ti\u1ebfp t\u1ea1i:<br \/>\n<strong>Website ch\u00ednh h\u00e3ng: <span style=\"color: #0000ff;\"><a style=\"color: #0000ff;\" href=\"https:\/\/shop.tanadaithanh.vn\/\">shop.tanadaithanh.vn<\/a><\/span><\/strong><\/p>\n<p><strong>\u01afu \u0111\u00e3i khi mua t\u1ea1i shop.tanadaithanh.vn:<\/strong><\/p>\n<p><strong>\u2013 Mi\u1ec5n ph\u00ed v\u1eadn chuy\u1ec3n<\/strong><br \/>\n<strong>\u2013 Thanh to\u00e1n linh ho\u1ea1t, h\u1ed7 tr\u1ee3 tr\u1ea3 ch\u1eadm 0% cho s\u1ea3n ph\u1ea9m t\u1eeb 3 Tri\u1ec7u<\/strong><br \/>\n<strong>\u2013 B\u1ea3o h\u00e0nh \u0111i\u1ec7n t\u1eed 20 n\u0103m ch\u00ednh h\u00e3ng<\/strong><br \/>\n<strong>\u2013 T\u01b0 v\u1ea5n k\u1ef9 thu\u1eadt tr\u1ef1c ti\u1ebfp t\u1eeb \u0111\u1ed9i ng\u0169 chuy\u00ean m\u00f4n<\/strong><\/p>\n<p>Li\u00ean h\u1ec7 ngay qua hotline <span style=\"color: #0000ff;\"><strong><a class=\"text-is-phone-number\" style=\"color: #0000ff;\" href=\"tel:0928195575\" data-z-element-type=\"phone-number\">0928 195 575<\/a><\/strong><\/span> \u0111\u1ec3 \u0111\u01b0\u1ee3c t\u01b0 v\u1ea5n, h\u1ed7 tr\u1ee3 nhanh nh\u1ea5t !<\/p>\n<\/div>\n<\/div>\n<\/div>\n<\/div>\n<\/div>\n<p><strong>H\u01b0\u1edbng d\u1eabn l\u1eafp \u0111\u1eb7t, s\u1eed d\u1ee5ng<\/strong><\/p>\n<div class=\"wpb_video_widget wpb_content_element vc_clearfix vc_video-aspect-ratio-169 vc_video-el-width-70 vc_video-align-left\">\n<div class=\"wpb_wrapper\">\n<p><iframe title=\"H\u01b0\u1edbng d\u1eabn l\u1eafp \u0111\u1eb7t b\u1ed3n Inox T\u00e2n \u00c1 \u0110\u1ea1i Th\u00e0nh\" width=\"500\" height=\"281\" src=\"https:\/\/www.youtube.com\/embed\/6fgjnFzcGbs?feature=oembed\" frameborder=\"0\" allow=\"accelerometer; autoplay; clipboard-write; encrypted-media; gyroscope; picture-in-picture; web-share\" referrerpolicy=\"strict-origin-when-cross-origin\" allowfullscreen><\/iframe><\/p>\n<\/div>\n<\/div>\n","protected":false},"excerpt":{"rendered":"<p>V\u1eadt Li\u1ec7u Inox Sus 316:\u00a0S\u1ea3n ph\u1ea9m b\u1ed3n n\u01b0\u1edbc \u0111\u01b0\u1ee3c ch\u1ebf t\u1ea1o b\u1eb1ng v\u1eadt li\u1ec7u th\u00e9p kh\u00f4ng g\u1ec9 si\u00eau b\u1ec1n v\u00e0 kh\u1ea3 n\u0103ng ch\u1ed1ng \u0103n m\u00f2n cao.<\/p>\n<p>C\u00f4ng Ngh\u1ec7 H\u00e0n L\u0103n T\u1ef1 \u0110\u1ed9ng: V\u1edbi c\u00f4ng ngh\u1ec7 ti\u00ean ti\u1ebfn nh\u1ea5t hi\u1ec7n nay, \u0111\u01b0\u1ee3c \u0111i\u1ec1u khi\u1ec3n t\u1ef1 \u0111\u1ed9ng b\u1eb1ng k\u0129 thu\u1eadt s\u1ed1 \u1ee9ng d\u1ee5ng cho vi\u1ec7c s\u1ea3n xu\u1ea5t b\u1ed3n n\u01b0\u1edbc Inox \u0110\u1ea1i Th\u00e0nh<\/p>\n<p>Logo D\u1eadp N\u1ed5i Ch\u1ed1ng H\u00e0ng Gi\u1ea3: C\u00e1c chi ti\u1ebft d\u1eadp n\u1ed7i s\u1eafc s\u1ea3o v\u00e0 ho\u00e0n thi\u1ec7n \u0111\u1ea1t t\u00ednh th\u1ea9m m\u1ef9 cao. Ch\u1ed1ng h\u00e0ng gi\u1ea3, h\u00e0ng nh\u00e1i<\/p>\n","protected":false},"featured_media":28729,"comment_status":"open","ping_status":"closed","template":"","meta":[],"region":[260],"product_brand":[],"product_cat":[311,298,296,182],"product_tag":[],"class_list":{"0":"post-17848","1":"product","2":"type-product","3":"status-publish","4":"has-post-thumbnail","6":"region-mien-nam","7":"product_cat-bon-inox-2000l","8":"product_cat-bon-inox-dai-thanh-vigo-sus-316","9":"product_cat-bon-inox-ngang","10":"product_cat-bon-nuoc-inox","12":"first","13":"instock","14":"sale","15":"shipping-taxable","16":"purchasable","17":"product-type-simple"},"yoast_head":"<!-- This site is optimized with the Yoast SEO plugin v24.6 - https:\/\/yoast.com\/wordpress\/plugins\/seo\/ -->\n<title>B\u1ed3n inox \u0110\u1ea1i Th\u00e0nh Vigo SUS316 \u2013 2000N - T\u00e2n \u00c1 \u0110\u1ea1i Th\u00e0nh eShop<\/title>\n<meta name=\"robots\" content=\"index, follow, max-snippet:-1, max-image-preview:large, max-video-preview:-1\" \/>\n<link rel=\"canonical\" href=\"https:\/\/shop.tanadaithanh.vn\/en\/san-pham\/bon-inox-dai-thanh-vigo-sus316-2000l-ngang-2\/\" \/>\n<meta property=\"og:locale\" content=\"en_US\" \/>\n<meta property=\"og:type\" content=\"article\" \/>\n<meta property=\"og:title\" content=\"B\u1ed3n inox \u0110\u1ea1i Th\u00e0nh Vigo SUS316 \u2013 2000N - T\u00e2n \u00c1 \u0110\u1ea1i Th\u00e0nh eShop\" \/>\n<meta property=\"og:description\" content=\"V\u1eadt Li\u1ec7u Inox Sus 316:\u00a0S\u1ea3n ph\u1ea9m b\u1ed3n n\u01b0\u1edbc \u0111\u01b0\u1ee3c ch\u1ebf t\u1ea1o b\u1eb1ng v\u1eadt li\u1ec7u th\u00e9p kh\u00f4ng g\u1ec9 si\u00eau b\u1ec1n v\u00e0 kh\u1ea3 n\u0103ng ch\u1ed1ng \u0103n m\u00f2n cao.  C\u00f4ng Ngh\u1ec7 H\u00e0n L\u0103n T\u1ef1 \u0110\u1ed9ng: V\u1edbi c\u00f4ng ngh\u1ec7 ti\u00ean ti\u1ebfn nh\u1ea5t hi\u1ec7n nay, \u0111\u01b0\u1ee3c \u0111i\u1ec1u khi\u1ec3n t\u1ef1 \u0111\u1ed9ng b\u1eb1ng k\u0129 thu\u1eadt s\u1ed1 \u1ee9ng d\u1ee5ng cho vi\u1ec7c s\u1ea3n xu\u1ea5t b\u1ed3n n\u01b0\u1edbc Inox \u0110\u1ea1i Th\u00e0nh  Logo D\u1eadp N\u1ed5i Ch\u1ed1ng H\u00e0ng Gi\u1ea3: C\u00e1c chi ti\u1ebft d\u1eadp n\u1ed7i s\u1eafc s\u1ea3o v\u00e0 ho\u00e0n thi\u1ec7n \u0111\u1ea1t t\u00ednh th\u1ea9m m\u1ef9 cao. Ch\u1ed1ng h\u00e0ng gi\u1ea3, h\u00e0ng nh\u00e1i\" \/>\n<meta property=\"og:url\" content=\"https:\/\/shop.tanadaithanh.vn\/en\/san-pham\/bon-inox-dai-thanh-vigo-sus316-2000l-ngang-2\/\" \/>\n<meta property=\"og:site_name\" content=\"T\u00e2n \u00c1 \u0110\u1ea1i Th\u00e0nh eShop\" \/>\n<meta property=\"article:publisher\" content=\"https:\/\/www.facebook.com\/profile.php?id=61567171139919\" \/>\n<meta property=\"article:modified_time\" content=\"2026-04-01T08:57:52+00:00\" \/>\n<meta property=\"og:image\" content=\"https:\/\/shop.tanadaithanh.vn\/wp-content\/uploads\/2025\/08\/37.jpg\" \/>\n\t<meta property=\"og:image:width\" content=\"1200\" \/>\n\t<meta property=\"og:image:height\" content=\"1200\" \/>\n\t<meta property=\"og:image:type\" content=\"image\/jpeg\" \/>\n<meta name=\"twitter:card\" content=\"summary_large_image\" \/>\n<meta name=\"twitter:label1\" content=\"Est. reading time\" \/>\n\t<meta name=\"twitter:data1\" content=\"3 minutes\" \/>\n<script type=\"application\/ld+json\" class=\"yoast-schema-graph\">{\"@context\":\"https:\/\/schema.org\",\"@graph\":[{\"@type\":\"WebPage\",\"@id\":\"https:\/\/shop.tanadaithanh.vn\/en\/san-pham\/bon-inox-dai-thanh-vigo-sus316-2000l-ngang-2\/\",\"url\":\"https:\/\/shop.tanadaithanh.vn\/en\/san-pham\/bon-inox-dai-thanh-vigo-sus316-2000l-ngang-2\/\",\"name\":\"B\u1ed3n inox \u0110\u1ea1i Th\u00e0nh Vigo SUS316 \u2013 2000N - T\u00e2n \u00c1 \u0110\u1ea1i Th\u00e0nh eShop\",\"isPartOf\":{\"@id\":\"https:\/\/shop.tanadaithanh.vn\/en\/#website\"},\"primaryImageOfPage\":{\"@id\":\"https:\/\/shop.tanadaithanh.vn\/en\/san-pham\/bon-inox-dai-thanh-vigo-sus316-2000l-ngang-2\/#primaryimage\"},\"image\":{\"@id\":\"https:\/\/shop.tanadaithanh.vn\/en\/san-pham\/bon-inox-dai-thanh-vigo-sus316-2000l-ngang-2\/#primaryimage\"},\"thumbnailUrl\":\"https:\/\/shop.tanadaithanh.vn\/wp-content\/uploads\/2025\/08\/37.jpg\",\"datePublished\":\"2025-04-03T03:59:57+00:00\",\"dateModified\":\"2026-04-01T08:57:52+00:00\",\"breadcrumb\":{\"@id\":\"https:\/\/shop.tanadaithanh.vn\/en\/san-pham\/bon-inox-dai-thanh-vigo-sus316-2000l-ngang-2\/#breadcrumb\"},\"inLanguage\":\"en-US\",\"potentialAction\":[{\"@type\":\"ReadAction\",\"target\":[\"https:\/\/shop.tanadaithanh.vn\/en\/san-pham\/bon-inox-dai-thanh-vigo-sus316-2000l-ngang-2\/\"]}]},{\"@type\":\"ImageObject\",\"inLanguage\":\"en-US\",\"@id\":\"https:\/\/shop.tanadaithanh.vn\/en\/san-pham\/bon-inox-dai-thanh-vigo-sus316-2000l-ngang-2\/#primaryimage\",\"url\":\"https:\/\/shop.tanadaithanh.vn\/wp-content\/uploads\/2025\/08\/37.jpg\",\"contentUrl\":\"https:\/\/shop.tanadaithanh.vn\/wp-content\/uploads\/2025\/08\/37.jpg\",\"width\":1200,\"height\":1200},{\"@type\":\"BreadcrumbList\",\"@id\":\"https:\/\/shop.tanadaithanh.vn\/en\/san-pham\/bon-inox-dai-thanh-vigo-sus316-2000l-ngang-2\/#breadcrumb\",\"itemListElement\":[{\"@type\":\"ListItem\",\"position\":1,\"name\":\"Trang ch\u1ee7\",\"item\":\"https:\/\/shop.tanadaithanh.vn\/en\/\"},{\"@type\":\"ListItem\",\"position\":2,\"name\":\"Shop\",\"item\":\"https:\/\/shop.tanadaithanh.vn\/cua-hang\/\"},{\"@type\":\"ListItem\",\"position\":3,\"name\":\"B\u1ed3n inox \u0110\u1ea1i Th\u00e0nh Vigo SUS316 \u2013 2000N\"}]},{\"@type\":\"WebSite\",\"@id\":\"https:\/\/shop.tanadaithanh.vn\/en\/#website\",\"url\":\"https:\/\/shop.tanadaithanh.vn\/en\/\",\"name\":\"T\u00e2n \u00c1 \u0110\u1ea1i Th\u00e0nh eShop - Trang website b\u00e1n h\u00e0ng ch\u00ednh th\u1ee9c T\u1eadp \u0111o\u00e0n T\u00e2n \u00c1 \u0110\u1ea1i Th\u00e0nh\",\"description\":\"Website b\u00e1n h\u00e0ng tr\u1ef1c tuy\u1ebfn v\u1eadn h\u00e0nh b\u1edfi ch\u00ednh T\u00e2n \u00c1 \u0110\u1ea1i Th\u00e0nh\",\"publisher\":{\"@id\":\"https:\/\/shop.tanadaithanh.vn\/en\/#organization\"},\"potentialAction\":[{\"@type\":\"SearchAction\",\"target\":{\"@type\":\"EntryPoint\",\"urlTemplate\":\"https:\/\/shop.tanadaithanh.vn\/en\/?s={search_term_string}\"},\"query-input\":{\"@type\":\"PropertyValueSpecification\",\"valueRequired\":true,\"valueName\":\"search_term_string\"}}],\"inLanguage\":\"en-US\"},{\"@type\":\"Organization\",\"@id\":\"https:\/\/shop.tanadaithanh.vn\/en\/#organization\",\"name\":\"T\u00e2n \u00c1 \u0110\u1ea1i Th\u00e0nh eShop - Trang website b\u00e1n h\u00e0ng ch\u00ednh th\u1ee9c T\u1eadp \u0111o\u00e0n T\u00e2n \u00c1 \u0110\u1ea1i Th\u00e0nh\",\"url\":\"https:\/\/shop.tanadaithanh.vn\/en\/\",\"logo\":{\"@type\":\"ImageObject\",\"inLanguage\":\"en-US\",\"@id\":\"https:\/\/shop.tanadaithanh.vn\/en\/#\/schema\/logo\/image\/\",\"url\":\"https:\/\/shop.tanadaithanh.vn\/wp-content\/uploads\/2025\/06\/Logo-2.png\",\"contentUrl\":\"https:\/\/shop.tanadaithanh.vn\/wp-content\/uploads\/2025\/06\/Logo-2.png\",\"width\":2000,\"height\":2000,\"caption\":\"T\u00e2n \u00c1 \u0110\u1ea1i Th\u00e0nh eShop - Trang website b\u00e1n h\u00e0ng ch\u00ednh th\u1ee9c T\u1eadp \u0111o\u00e0n T\u00e2n \u00c1 \u0110\u1ea1i Th\u00e0nh\"},\"image\":{\"@id\":\"https:\/\/shop.tanadaithanh.vn\/en\/#\/schema\/logo\/image\/\"},\"sameAs\":[\"https:\/\/www.facebook.com\/profile.php?id=61567171139919\",\"https:\/\/zalo.me\/3915163699004948284\"]}]}<\/script>\n<!-- \/ Yoast SEO plugin. -->","yoast_head_json":{"title":"B\u1ed3n inox \u0110\u1ea1i Th\u00e0nh Vigo SUS316 \u2013 2000N - T\u00e2n \u00c1 \u0110\u1ea1i Th\u00e0nh eShop","robots":{"index":"index","follow":"follow","max-snippet":"max-snippet:-1","max-image-preview":"max-image-preview:large","max-video-preview":"max-video-preview:-1"},"canonical":"https:\/\/shop.tanadaithanh.vn\/en\/san-pham\/bon-inox-dai-thanh-vigo-sus316-2000l-ngang-2\/","og_locale":"en_US","og_type":"article","og_title":"B\u1ed3n inox \u0110\u1ea1i Th\u00e0nh Vigo SUS316 \u2013 2000N - T\u00e2n \u00c1 \u0110\u1ea1i Th\u00e0nh eShop","og_description":"V\u1eadt Li\u1ec7u Inox Sus 316:\u00a0S\u1ea3n ph\u1ea9m b\u1ed3n n\u01b0\u1edbc \u0111\u01b0\u1ee3c ch\u1ebf t\u1ea1o b\u1eb1ng v\u1eadt li\u1ec7u th\u00e9p kh\u00f4ng g\u1ec9 si\u00eau b\u1ec1n v\u00e0 kh\u1ea3 n\u0103ng ch\u1ed1ng \u0103n m\u00f2n cao.  C\u00f4ng Ngh\u1ec7 H\u00e0n L\u0103n T\u1ef1 \u0110\u1ed9ng: V\u1edbi c\u00f4ng ngh\u1ec7 ti\u00ean ti\u1ebfn nh\u1ea5t hi\u1ec7n nay, \u0111\u01b0\u1ee3c \u0111i\u1ec1u khi\u1ec3n t\u1ef1 \u0111\u1ed9ng b\u1eb1ng k\u0129 thu\u1eadt s\u1ed1 \u1ee9ng d\u1ee5ng cho vi\u1ec7c s\u1ea3n xu\u1ea5t b\u1ed3n n\u01b0\u1edbc Inox \u0110\u1ea1i Th\u00e0nh  Logo D\u1eadp N\u1ed5i Ch\u1ed1ng H\u00e0ng Gi\u1ea3: C\u00e1c chi ti\u1ebft d\u1eadp n\u1ed7i s\u1eafc s\u1ea3o v\u00e0 ho\u00e0n thi\u1ec7n \u0111\u1ea1t t\u00ednh th\u1ea9m m\u1ef9 cao. Ch\u1ed1ng h\u00e0ng gi\u1ea3, h\u00e0ng nh\u00e1i","og_url":"https:\/\/shop.tanadaithanh.vn\/en\/san-pham\/bon-inox-dai-thanh-vigo-sus316-2000l-ngang-2\/","og_site_name":"T\u00e2n \u00c1 \u0110\u1ea1i Th\u00e0nh eShop","article_publisher":"https:\/\/www.facebook.com\/profile.php?id=61567171139919","article_modified_time":"2026-04-01T08:57:52+00:00","og_image":[{"width":1200,"height":1200,"url":"https:\/\/shop.tanadaithanh.vn\/wp-content\/uploads\/2025\/08\/37.jpg","type":"image\/jpeg"}],"twitter_card":"summary_large_image","twitter_misc":{"Est. reading time":"3 minutes"},"schema":{"@context":"https:\/\/schema.org","@graph":[{"@type":"WebPage","@id":"https:\/\/shop.tanadaithanh.vn\/en\/san-pham\/bon-inox-dai-thanh-vigo-sus316-2000l-ngang-2\/","url":"https:\/\/shop.tanadaithanh.vn\/en\/san-pham\/bon-inox-dai-thanh-vigo-sus316-2000l-ngang-2\/","name":"B\u1ed3n inox \u0110\u1ea1i Th\u00e0nh Vigo SUS316 \u2013 2000N - T\u00e2n \u00c1 \u0110\u1ea1i Th\u00e0nh eShop","isPartOf":{"@id":"https:\/\/shop.tanadaithanh.vn\/en\/#website"},"primaryImageOfPage":{"@id":"https:\/\/shop.tanadaithanh.vn\/en\/san-pham\/bon-inox-dai-thanh-vigo-sus316-2000l-ngang-2\/#primaryimage"},"image":{"@id":"https:\/\/shop.tanadaithanh.vn\/en\/san-pham\/bon-inox-dai-thanh-vigo-sus316-2000l-ngang-2\/#primaryimage"},"thumbnailUrl":"https:\/\/shop.tanadaithanh.vn\/wp-content\/uploads\/2025\/08\/37.jpg","datePublished":"2025-04-03T03:59:57+00:00","dateModified":"2026-04-01T08:57:52+00:00","breadcrumb":{"@id":"https:\/\/shop.tanadaithanh.vn\/en\/san-pham\/bon-inox-dai-thanh-vigo-sus316-2000l-ngang-2\/#breadcrumb"},"inLanguage":"en-US","potentialAction":[{"@type":"ReadAction","target":["https:\/\/shop.tanadaithanh.vn\/en\/san-pham\/bon-inox-dai-thanh-vigo-sus316-2000l-ngang-2\/"]}]},{"@type":"ImageObject","inLanguage":"en-US","@id":"https:\/\/shop.tanadaithanh.vn\/en\/san-pham\/bon-inox-dai-thanh-vigo-sus316-2000l-ngang-2\/#primaryimage","url":"https:\/\/shop.tanadaithanh.vn\/wp-content\/uploads\/2025\/08\/37.jpg","contentUrl":"https:\/\/shop.tanadaithanh.vn\/wp-content\/uploads\/2025\/08\/37.jpg","width":1200,"height":1200},{"@type":"BreadcrumbList","@id":"https:\/\/shop.tanadaithanh.vn\/en\/san-pham\/bon-inox-dai-thanh-vigo-sus316-2000l-ngang-2\/#breadcrumb","itemListElement":[{"@type":"ListItem","position":1,"name":"Trang ch\u1ee7","item":"https:\/\/shop.tanadaithanh.vn\/en\/"},{"@type":"ListItem","position":2,"name":"Shop","item":"https:\/\/shop.tanadaithanh.vn\/cua-hang\/"},{"@type":"ListItem","position":3,"name":"B\u1ed3n inox \u0110\u1ea1i Th\u00e0nh Vigo SUS316 \u2013 2000N"}]},{"@type":"WebSite","@id":"https:\/\/shop.tanadaithanh.vn\/en\/#website","url":"https:\/\/shop.tanadaithanh.vn\/en\/","name":"T\u00e2n \u00c1 \u0110\u1ea1i Th\u00e0nh eShop - Trang website b\u00e1n h\u00e0ng ch\u00ednh th\u1ee9c T\u1eadp \u0111o\u00e0n T\u00e2n \u00c1 \u0110\u1ea1i Th\u00e0nh","description":"Website b\u00e1n h\u00e0ng tr\u1ef1c tuy\u1ebfn v\u1eadn h\u00e0nh b\u1edfi ch\u00ednh T\u00e2n \u00c1 \u0110\u1ea1i Th\u00e0nh","publisher":{"@id":"https:\/\/shop.tanadaithanh.vn\/en\/#organization"},"potentialAction":[{"@type":"SearchAction","target":{"@type":"EntryPoint","urlTemplate":"https:\/\/shop.tanadaithanh.vn\/en\/?s={search_term_string}"},"query-input":{"@type":"PropertyValueSpecification","valueRequired":true,"valueName":"search_term_string"}}],"inLanguage":"en-US"},{"@type":"Organization","@id":"https:\/\/shop.tanadaithanh.vn\/en\/#organization","name":"T\u00e2n \u00c1 \u0110\u1ea1i Th\u00e0nh eShop - Trang website b\u00e1n h\u00e0ng ch\u00ednh th\u1ee9c T\u1eadp \u0111o\u00e0n T\u00e2n \u00c1 \u0110\u1ea1i Th\u00e0nh","url":"https:\/\/shop.tanadaithanh.vn\/en\/","logo":{"@type":"ImageObject","inLanguage":"en-US","@id":"https:\/\/shop.tanadaithanh.vn\/en\/#\/schema\/logo\/image\/","url":"https:\/\/shop.tanadaithanh.vn\/wp-content\/uploads\/2025\/06\/Logo-2.png","contentUrl":"https:\/\/shop.tanadaithanh.vn\/wp-content\/uploads\/2025\/06\/Logo-2.png","width":2000,"height":2000,"caption":"T\u00e2n \u00c1 \u0110\u1ea1i Th\u00e0nh eShop - Trang website b\u00e1n h\u00e0ng ch\u00ednh th\u1ee9c T\u1eadp \u0111o\u00e0n T\u00e2n \u00c1 \u0110\u1ea1i Th\u00e0nh"},"image":{"@id":"https:\/\/shop.tanadaithanh.vn\/en\/#\/schema\/logo\/image\/"},"sameAs":["https:\/\/www.facebook.com\/profile.php?id=61567171139919","https:\/\/zalo.me\/3915163699004948284"]}]}},"_links":{"self":[{"href":"https:\/\/shop.tanadaithanh.vn\/en\/wp-json\/wp\/v2\/product\/17848","targetHints":{"allow":["GET"]}}],"collection":[{"href":"https:\/\/shop.tanadaithanh.vn\/en\/wp-json\/wp\/v2\/product"}],"about":[{"href":"https:\/\/shop.tanadaithanh.vn\/en\/wp-json\/wp\/v2\/types\/product"}],"replies":[{"embeddable":true,"href":"https:\/\/shop.tanadaithanh.vn\/en\/wp-json\/wp\/v2\/comments?post=17848"}],"version-history":[{"count":6,"href":"https:\/\/shop.tanadaithanh.vn\/en\/wp-json\/wp\/v2\/product\/17848\/revisions"}],"predecessor-version":[{"id":32332,"href":"https:\/\/shop.tanadaithanh.vn\/en\/wp-json\/wp\/v2\/product\/17848\/revisions\/32332"}],"wp:featuredmedia":[{"embeddable":true,"href":"https:\/\/shop.tanadaithanh.vn\/en\/wp-json\/wp\/v2\/media\/28729"}],"wp:attachment":[{"href":"https:\/\/shop.tanadaithanh.vn\/en\/wp-json\/wp\/v2\/media?parent=17848"}],"wp:term":[{"taxonomy":"region","embeddable":true,"href":"https:\/\/shop.tanadaithanh.vn\/en\/wp-json\/wp\/v2\/region?post=17848"},{"taxonomy":"product_brand","embeddable":true,"href":"https:\/\/shop.tanadaithanh.vn\/en\/wp-json\/wp\/v2\/product_brand?post=17848"},{"taxonomy":"product_cat","embeddable":true,"href":"https:\/\/shop.tanadaithanh.vn\/en\/wp-json\/wp\/v2\/product_cat?post=17848"},{"taxonomy":"product_tag","embeddable":true,"href":"https:\/\/shop.tanadaithanh.vn\/en\/wp-json\/wp\/v2\/product_tag?post=17848"}],"curies":[{"name":"wp","href":"https:\/\/api.w.org\/{rel}","templated":true}]}}