{"id":17588,"date":"2025-04-03T10:58:56","date_gmt":"2025-04-03T03:58:56","guid":{"rendered":"https:\/\/shop.tanadaithanh.vn\/product\/may-nang-luong-mat-troi-tam-phang-dai-thanh-core-180l-58-18\/"},"modified":"2026-04-01T14:46:47","modified_gmt":"2026-04-01T07:46:47","slug":"may-nang-luong-mat-troi-tam-phang-dai-thanh-core-180l-58-18","status":"publish","type":"product","link":"https:\/\/shop.tanadaithanh.vn\/en\/san-pham\/may-nang-luong-mat-troi-tam-phang-dai-thanh-core-180l-58-18\/","title":{"rendered":"M\u00e1y n\u0103ng l\u01b0\u1ee3ng m\u1eb7t tr\u1eddi \u0110\u1ea1i Th\u00e0nh Core 180L 58-18"},"content":{"rendered":"<p><strong>M\u00e1y n\u01b0\u1edbc n\u00f3ng m\u1eb7t tr\u1eddi \u0110\u1ea1i Th\u00e0nh CORE\u00a0<\/strong>l\u00e0 s\u1ea3n ph\u1ea9m c\u1ee7a t\u1eadp \u0111o\u00e0n T\u00e2n \u00c1 \u0110\u1ea1i Th\u00e0nh \u0111\u01b0\u1ee3c s\u1ea3n xu\u1ea5t tr\u00ean d\u00e2y chuy\u1ec1n c\u00f4ng ngh\u1ec7 ti\u00eau chu\u1ea9n ch\u00e2u \u00c2u. S\u1ea3n ph\u1ea9m \u0111\u01b0\u1ee3c ng\u01b0\u1eddi ti\u00eau d\u00f9ng \u0111\u00e1nh gi\u00e1 cao, an to\u00e0n, th\u00e2n thi\u1ec7n v\u1edbi m\u00f4i tr\u01b0\u1eddng.<\/p>\n<h2><strong>\u01afu \u0111i\u1ec3m v\u01b0\u1ee3t tr\u1ed9i c\u1ee7a NLMT \u0110\u1ea1i Th\u00e0nh CORE<\/strong><\/h2>\n<p>N\u1ebfu b\u1ea1n \u0111ang mu\u1ed1n t\u00ecm ki\u1ebfm mua\u00a0<strong>m\u00e1y n\u01b0\u1edbc n\u00f3ng n\u0103ng l\u01b0\u1ee3ng m\u1eb7t tr\u1eddi t\u1ed1t\u00a0<\/strong>th\u00ec \u0110\u1ea1i Th\u00e0nh Core l\u00f5i nh\u1ef1a t\u1eeb th\u01b0\u01a1ng hi\u1ec7u T\u00e2n \u00c1 \u0110\u1ea1i Th\u00e0nh s\u1ebd l\u00e0 l\u1ef1a ch\u1ecdn ho\u00e0n h\u1ea3o.<\/p>\n<p>\u0110\u1ed9 b\u1ec1n v\u01b0\u1ee3t tr\u1ed9i, th\u00e1ch th\u1ee9c m\u1ecdi ngu\u1ed3n n\u01b0\u1edbc ph\u00e8n m\u1eb7n tr\u00ean to\u00e0n l\u00e3nh th\u1ed5 Vi\u1ec7t Nam, \u0111\u01b0\u1ee3c s\u1ea3n xu\u1ea5t tr\u00ean d\u00e2y chuy\u1ec1n thi\u1ebft b\u1ecb hi\u1ec7n \u0111\u1ea1i lu\u00f4n \u00e1p d\u1ee5ng nh\u1eefng c\u00f4ng ngh\u1ec7 m\u1edbi nh\u1ea5t c\u00f3 k\u1ebft c\u1ea5u b\u1ec1n ch\u1eafc v\u00e0 c\u00f4ng ngh\u1ec7 \u0111un n\u01b0\u1edbc n\u00f3ng hi\u1ec7n \u0111\u1ea1i \u0111\u00e1p \u1ee9ng m\u1ecdi nhu c\u1ea7u kh\u1eaft khe t\u1eeb ph\u00eda ng\u01b0\u1eddi s\u1eed d\u1ee5ng. Kh\u00f4ng ch\u1ec9 v\u1ec1 gi\u00e1 th\u00e0nh v\u00e0 ch\u1ea5t l\u01b0\u1ee3ng t\u1ed1t, m\u00e0 c\u00f2n s\u1edf h\u1eefu nhi\u1ec1u t\u00ednh n\u0103ng, \u01b0u \u0111i\u1ec3m v\u01b0\u1ee3t l\u00ean kh\u1ecfi gi\u1edbi h\u1ea1n t\u1eeb c\u00f4ng ngh\u1ec7 m\u1edbi nh\u1ea5t.<\/p>\n<p><img decoding=\"async\" class=\"aligncenter\" src=\"https:\/\/file.hstatic.net\/1000195956\/file\/untitled-2_grande.jpg\" \/><\/p>\n<p style=\"text-align: center;\"><em>M\u00e1y n\u01b0\u1edbc n\u00f3ng n\u0103ng l\u01b0\u1ee3ng m\u1eb7t tr\u1eddi \u0110\u1ea1i Th\u00e0nh CORE<\/em><\/p>\n<p>S\u1ea3n ph\u1ea9m NLMT \u0110\u1ea1i Th\u00e0nh CORE s\u1edf h\u1eefu 5 t\u00ednh n\u0103ng n\u1ed5i b\u1eadt sau:<\/p>\n<ul>\n<li>\u1ed0ng 5 l\u1edbp h\u1ea5p th\u1ee5 nhi\u1ec7t nhanh (\u00e1p d\u1ee5ng cho t\u1eebng ngu\u1ed3n n\u01b0\u1edbc), h\u1ea5p th\u1ee5 nhi\u1ec7t l\u00ean t\u1edbi 99,5%<\/li>\n<li>Ru\u1ed9t b\u00ecnh b\u1ea3o \u00f4n b\u1eb1ng Nh\u1ef1a PPR, \u0111\u1ed9 b\u1ec1n l\u00ean t\u1edbi 20 n\u0103m<\/li>\n<li>L\u1edbp b\u1ea3o \u00f4n Polyurethane, m\u1eadt \u0111\u1ed9 cao si\u00eau gi\u1eef nhi\u1ec7t l\u00ean t\u1edbi 72h<\/li>\n<li>V\u1ecf b\u00ecnh b\u1ea3o \u00f4n l\u00e0m b\u1eb1ng v\u1eadt li\u1ec7u Inox 304 ba (\u0111\u00e1nh b\u00f3ng) si\u00eau b\u1ec1n<\/li>\n<li>M\u00e1y n\u01b0\u1edbc n\u00f3ng n\u0103ng l\u01b0\u1ee3ng m\u1eb7t tr\u1eddi \u0110\u1ea1i Th\u00e0nh c\u00f3 ch\u00e2n \u0111\u1ebf thi\u1ebft k\u1ebf v\u1eefng ch\u1eafc b\u1eb1ng Inox si\u00eau b\u1ec1n, gi\u00fap \u1ed1ng thu\u1ef7 \u0111\u01b0\u1ee3c gi\u1eef ch\u1eb7t v\u00e0o th\u00e2n m\u00e1y ch\u1ed1ng rung l\u00e0m b\u1ec3 \u1ed1ng khi gi\u00f3 b\u00e3o v\u00e0 \u0111\u1ed3ng th\u1eddi ch\u1ecbu m\u1ecdi th\u1eddi ti\u1ebft kh\u1eafc nghi\u1ec7t.<\/li>\n<\/ul>\n<div>\n<h2><strong>Nguy\u00ean l\u00fd ho\u1ea1t \u0111\u1ed9ng c\u1ee7a NLMT \u0110\u1ea1i Th\u00e0nh CORE<\/strong><\/h2>\n<p>H\u1ec7 th\u1ed1ng ho\u1ea1t \u0111\u1ed9ng theo nguy\u00ean l\u00fd \u0111\u1ed1i l\u01b0u t\u1ef1 nhi\u00ean, t\u1eadn d\u1ee5ng kh\u1ea3 n\u0103ng h\u1ea5p th\u1ee5 cao n\u0103ng l\u01b0\u1ee3ng m\u1eb7t tr\u1eddi c\u1ee7a c\u00e1c \u1ed1ng h\u1ea5p th\u1ee5 nhi\u1ec7t ch\u00e2n kh\u00f4ng. L\u1edbp ph\u1ee7 c\u00f3 \u0111\u1ed9 trong su\u1ed1t th\u1ea5p chuy\u1ec3n b\u1ee9c x\u1ea1 m\u1eb7t tr\u1eddi th\u00e0nh nhi\u1ec7t n\u0103ng. N\u0103ng l\u01b0\u1ee3ng m\u1eb7t tr\u1eddi \u0111\u01b0\u1ee3c h\u1ea5p th\u1ee5 t\u1ea1i b\u1ec1 m\u1eb7t thi\u1ebft b\u1ecb s\u1ebd \u0111\u01b0\u1ee3c \u0111un n\u00f3ng n\u01b0\u1edbc, do qu\u00e1 tr\u00ecnh \u0111\u1ed1i l\u01b0u nhi\u1ec7t n\u01b0\u1edbc t\u1ea1i b\u00ecnh b\u1ea3o \u00f4n s\u1ebd t\u0103ng l\u00ean, qu\u00e1 tr\u00ecnh n\u00e0y s\u1ebd di\u1ec5n ra li\u00ean t\u1ee5c cho \u0111\u1ebfn khi nhi\u1ec7t \u0111\u1ed9 trong b\u00ecnh b\u1eb1ng nhi\u1ec7t \u0111\u1ed9 c\u1ee7a n\u01b0\u1edbc t\u1ea1i thi\u1ebft b\u1ecb h\u1ea5p th\u1ee5.<\/p>\n<p>\u0110\u1eb7c bi\u1ec7t, NLMT \u0110\u1ea1i Th\u00e0nh Core v\u1edbi Logo in ch\u00ecm tr\u00ean th\u00e2n \u1ed1ng v\u00f4 c\u00f9ng tinh t\u1ebf, v\u1eeba \u0111\u1ec3 hi\u1ec7n s\u1ef1 sang tr\u1ecdng v\u1eeba \u0111\u1ea3m b\u1ea3o h\u00e0ng ch\u00ednh h\u00e0ng c\u1ee7a T\u1eadp \u0111o\u00e0n gi\u00fap kh\u00e1ch h\u00e0ng an t\u00e2m ch\u1ecdn l\u1ef1a.<\/p>\n<p><em><img decoding=\"async\" class=\"aligncenter\" src=\"https:\/\/file.hstatic.net\/1000195956\/file\/nguyen-ly-hoat-dong-dai-thanh-core_5452642610b241fb87deaf241e3eeeb9_grande.jpg\" alt=\"nguyen-ly-hoat-dong-Dai-Thanh-Core\" \/><\/em><\/p>\n<p style=\"text-align: center;\"><em>S\u01a1 \u0111\u1ed3 nguy\u00ean l\u00fd, c\u1ea5u t\u1ea1o v\u00e0 b\u1ea3ng gi\u00e1 NLMT \u0110\u1ea1i Th\u00e0nh CORE<\/em><\/p>\n<p>Ki\u1ec3u d\u00e1ng dung t\u00edch \u0111a d\u1ea1ng t\u1eeb 130L, 160L, 180L,ph\u00f9 h\u1ee3p cho m\u1ecdi di\u1ec7n t\u00edch v\u1edbi nhu c\u1ea7u s\u1eed d\u1ee5ng.<\/p>\n<p>V\u1edbi h\u1ec7 th\u1ed1ng ph\u00e2n ph\u1ed1i m\u00e1y n\u01b0\u1edbc n\u00f3ng m\u1eb7t tr\u1eddi \u0110\u1ea1i Th\u00e0nh CORE ch\u00ednh h\u00e3ng r\u1ed9ng kh\u1eafp tr\u00ean to\u00e0n khu v\u1ef1c kh\u00e1ch h\u00e0ng ho\u00e0n to\u00e0n an t\u00e2m \u0111\u1eb7t mua. Kh\u00f4ng ch\u1ec9 ti\u1ebft ki\u1ec7m chi ph\u00ed m\u00e0 c\u00f2n g\u00f3p ph\u1ea7n x\u00e2y d\u1ef1ng n\u00ean \u0111\u1eddi s\u1ed1ng v\u0103n minh, th\u00e2n thi\u1ec7n v\u1edbi m\u00f4i tr\u01b0\u1eddng, an to\u00e0n cho ch\u00ednh gia \u0111\u00ecnh c\u1ee7a b\u1ea1n.<\/p>\n<p>\u0110\u1ec3 \u0111\u1ea3m b\u1ea3o ch\u1ea5t l\u01b0\u1ee3ng, quy\u1ec1n l\u1ee3i b\u1ea3o h\u00e0nh v\u00e0 h\u1ed7 tr\u1ee3 k\u1ef9 thu\u1eadt, ng\u01b0\u1eddi d\u00f9ng n\u00ean mua tr\u1ef1c ti\u1ebfp t\u1ea1i:<br \/>\n<strong>Website ch\u00ednh h\u00e3ng:\u00a0<a href=\"https:\/\/shop.tanadaithanh.vn\/\">shop.tanadaithanh.vn<\/a><\/strong><\/p>\n<p><strong>\u01afu \u0111\u00e3i khi mua t\u1ea1i shop.tanadaithanh.vn:<\/strong><\/p>\n<p><strong>\u2013 Mi\u1ec5n ph\u00ed v\u1eadn chuy\u1ec3n<\/strong><br \/>\n<strong>\u2013 Thanh to\u00e1n linh ho\u1ea1t, h\u1ed7 tr\u1ee3 tr\u1ea3 ch\u1eadm 0% cho s\u1ea3n ph\u1ea9m t\u1eeb 3 Tri\u1ec7u<\/strong><br \/>\n<strong>\u2013 B\u1ea3o h\u00e0nh \u0111i\u1ec7n t\u1eed 5 n\u0103m ch\u00ednh h\u00e3ng<\/strong><br \/>\n<strong>\u2013 T\u01b0 v\u1ea5n k\u1ef9 thu\u1eadt tr\u1ef1c ti\u1ebfp t\u1eeb \u0111\u1ed9i ng\u0169 chuy\u00ean m\u00f4n<\/strong><\/p>\n<p>Li\u00ean h\u1ec7 ngay qua hotline\u00a0<strong><a class=\"text-is-phone-number\" href=\"tel:0928195575\" data-z-element-type=\"phone-number\">0928 195 575<\/a><\/strong>\u00a0\u0111\u1ec3 \u0111\u01b0\u1ee3c t\u01b0 v\u1ea5n, h\u1ed7 tr\u1ee3 nhanh nh\u1ea5t !<\/p>\n<\/div>\n","protected":false},"excerpt":{"rendered":"<p>\u1ed0ng 5 l\u1edbp h\u1ea5p th\u1ee5 nhi\u1ec7t nhanh (\u00e1p d\u1ee5ng cho t\u1eebng ngu\u1ed3n n\u01b0\u1edbc), h\u1ea5p th\u1ee5 nhi\u1ec7t l\u00ean t\u1edbi 99,5%<\/p>\n<p>Ru\u1ed9t b\u00ecnh b\u1ea3o \u00f4n b\u1eb1ng Nh\u1ef1a PPR, \u0111\u1ed9 b\u1ec1n l\u00ean t\u1edbi 20 n\u0103m<\/p>\n<p>L\u1edbp b\u1ea3o \u00f4n Polyurethane, m\u1eadt \u0111\u1ed9 cao si\u00eau gi\u1eef nhi\u1ec7t l\u00ean t\u1edbi 72h<\/p>\n<p>V\u1ecf b\u00ecnh b\u1ea3o \u00f4n l\u00e0m b\u1eb1ng v\u1eadt li\u1ec7u Inox 304 ba (\u0111\u00e1nh b\u00f3ng) si\u00eau b\u1ec1n<\/p>\n<p>M\u00e1y n\u01b0\u1edbc n\u00f3ng n\u0103ng l\u01b0\u1ee3ng m\u1eb7t tr\u1eddi \u0110\u1ea1i Th\u00e0nh c\u00f3 ch\u00e2n \u0111\u1ebf thi\u1ebft k\u1ebf v\u1eefng ch\u1eafc b\u1eb1ng Inox si\u00eau b\u1ec1n, gi\u00fap \u1ed1ng thu\u1ef7 \u0111\u01b0\u1ee3c gi\u1eef ch\u1eb7t v\u00e0o th\u00e2n m\u00e1y ch\u1ed1ng rung l\u00e0m b\u1ec3 \u1ed1ng khi gi\u00f3 b\u00e3o v\u00e0 \u0111\u1ed3ng th\u1eddi ch\u1ecbu m\u1ecdi th\u1eddi ti\u1ebft kh\u1eafc nghi\u1ec7t<\/p>\n","protected":false},"featured_media":28767,"comment_status":"open","ping_status":"closed","template":"","meta":[],"region":[260],"product_brand":[],"product_cat":[201,370,367],"product_tag":[],"class_list":{"0":"post-17588","1":"product","2":"type-product","3":"status-publish","4":"has-post-thumbnail","6":"region-mien-nam","7":"product_cat-nang-luong-mat-troi","8":"product_cat-may-nuoc-nong-nang-luong-mat-troi-dai-thanh-core","9":"product_cat-may-nuoc-nong-nlmt-180l","11":"first","12":"instock","13":"sale","14":"shipping-taxable","15":"purchasable","16":"product-type-simple"},"yoast_head":"<!-- This site is optimized with the Yoast SEO plugin v24.6 - https:\/\/yoast.com\/wordpress\/plugins\/seo\/ -->\n<title>M\u00e1y n\u0103ng l\u01b0\u1ee3ng m\u1eb7t tr\u1eddi \u0110\u1ea1i Th\u00e0nh Core 180L 58-18 - T\u00e2n \u00c1 \u0110\u1ea1i Th\u00e0nh eShop<\/title>\n<meta name=\"robots\" content=\"index, follow, max-snippet:-1, max-image-preview:large, max-video-preview:-1\" \/>\n<link rel=\"canonical\" href=\"https:\/\/shop.tanadaithanh.vn\/en\/san-pham\/may-nang-luong-mat-troi-tam-phang-dai-thanh-core-180l-58-18\/\" \/>\n<meta property=\"og:locale\" content=\"en_US\" \/>\n<meta property=\"og:type\" content=\"article\" \/>\n<meta property=\"og:title\" content=\"M\u00e1y n\u0103ng l\u01b0\u1ee3ng m\u1eb7t tr\u1eddi \u0110\u1ea1i Th\u00e0nh Core 180L 58-18 - T\u00e2n \u00c1 \u0110\u1ea1i Th\u00e0nh eShop\" \/>\n<meta property=\"og:description\" content=\"\u1ed0ng 5 l\u1edbp h\u1ea5p th\u1ee5 nhi\u1ec7t nhanh (\u00e1p d\u1ee5ng cho t\u1eebng ngu\u1ed3n n\u01b0\u1edbc), h\u1ea5p th\u1ee5 nhi\u1ec7t l\u00ean t\u1edbi 99,5%  Ru\u1ed9t b\u00ecnh b\u1ea3o \u00f4n b\u1eb1ng Nh\u1ef1a PPR, \u0111\u1ed9 b\u1ec1n l\u00ean t\u1edbi 20 n\u0103m  L\u1edbp b\u1ea3o \u00f4n Polyurethane, m\u1eadt \u0111\u1ed9 cao si\u00eau gi\u1eef nhi\u1ec7t l\u00ean t\u1edbi 72h  V\u1ecf b\u00ecnh b\u1ea3o \u00f4n l\u00e0m b\u1eb1ng v\u1eadt li\u1ec7u Inox 304 ba (\u0111\u00e1nh b\u00f3ng) si\u00eau b\u1ec1n  M\u00e1y n\u01b0\u1edbc n\u00f3ng n\u0103ng l\u01b0\u1ee3ng m\u1eb7t tr\u1eddi \u0110\u1ea1i Th\u00e0nh c\u00f3 ch\u00e2n \u0111\u1ebf thi\u1ebft k\u1ebf v\u1eefng ch\u1eafc b\u1eb1ng Inox si\u00eau b\u1ec1n, gi\u00fap \u1ed1ng thu\u1ef7 \u0111\u01b0\u1ee3c gi\u1eef ch\u1eb7t v\u00e0o th\u00e2n m\u00e1y ch\u1ed1ng rung l\u00e0m b\u1ec3 \u1ed1ng khi gi\u00f3 b\u00e3o v\u00e0 \u0111\u1ed3ng th\u1eddi ch\u1ecbu m\u1ecdi th\u1eddi ti\u1ebft kh\u1eafc nghi\u1ec7t\" \/>\n<meta property=\"og:url\" content=\"https:\/\/shop.tanadaithanh.vn\/en\/san-pham\/may-nang-luong-mat-troi-tam-phang-dai-thanh-core-180l-58-18\/\" \/>\n<meta property=\"og:site_name\" content=\"T\u00e2n \u00c1 \u0110\u1ea1i Th\u00e0nh eShop\" \/>\n<meta property=\"article:publisher\" content=\"https:\/\/www.facebook.com\/profile.php?id=61567171139919\" \/>\n<meta property=\"article:modified_time\" content=\"2026-04-01T07:46:47+00:00\" \/>\n<meta property=\"og:image\" content=\"https:\/\/shop.tanadaithanh.vn\/wp-content\/uploads\/2025\/08\/22.jpg\" \/>\n\t<meta property=\"og:image:width\" content=\"1200\" \/>\n\t<meta property=\"og:image:height\" content=\"1200\" \/>\n\t<meta property=\"og:image:type\" content=\"image\/jpeg\" \/>\n<meta name=\"twitter:card\" content=\"summary_large_image\" \/>\n<meta name=\"twitter:label1\" content=\"Est. reading time\" \/>\n\t<meta name=\"twitter:data1\" content=\"5 minutes\" \/>\n<script type=\"application\/ld+json\" class=\"yoast-schema-graph\">{\"@context\":\"https:\/\/schema.org\",\"@graph\":[{\"@type\":\"WebPage\",\"@id\":\"https:\/\/shop.tanadaithanh.vn\/en\/san-pham\/may-nang-luong-mat-troi-tam-phang-dai-thanh-core-180l-58-18\/\",\"url\":\"https:\/\/shop.tanadaithanh.vn\/en\/san-pham\/may-nang-luong-mat-troi-tam-phang-dai-thanh-core-180l-58-18\/\",\"name\":\"M\u00e1y n\u0103ng l\u01b0\u1ee3ng m\u1eb7t tr\u1eddi \u0110\u1ea1i Th\u00e0nh Core 180L 58-18 - T\u00e2n \u00c1 \u0110\u1ea1i Th\u00e0nh eShop\",\"isPartOf\":{\"@id\":\"https:\/\/shop.tanadaithanh.vn\/en\/#website\"},\"primaryImageOfPage\":{\"@id\":\"https:\/\/shop.tanadaithanh.vn\/en\/san-pham\/may-nang-luong-mat-troi-tam-phang-dai-thanh-core-180l-58-18\/#primaryimage\"},\"image\":{\"@id\":\"https:\/\/shop.tanadaithanh.vn\/en\/san-pham\/may-nang-luong-mat-troi-tam-phang-dai-thanh-core-180l-58-18\/#primaryimage\"},\"thumbnailUrl\":\"https:\/\/shop.tanadaithanh.vn\/wp-content\/uploads\/2025\/08\/22.jpg\",\"datePublished\":\"2025-04-03T03:58:56+00:00\",\"dateModified\":\"2026-04-01T07:46:47+00:00\",\"breadcrumb\":{\"@id\":\"https:\/\/shop.tanadaithanh.vn\/en\/san-pham\/may-nang-luong-mat-troi-tam-phang-dai-thanh-core-180l-58-18\/#breadcrumb\"},\"inLanguage\":\"en-US\",\"potentialAction\":[{\"@type\":\"ReadAction\",\"target\":[\"https:\/\/shop.tanadaithanh.vn\/en\/san-pham\/may-nang-luong-mat-troi-tam-phang-dai-thanh-core-180l-58-18\/\"]}]},{\"@type\":\"ImageObject\",\"inLanguage\":\"en-US\",\"@id\":\"https:\/\/shop.tanadaithanh.vn\/en\/san-pham\/may-nang-luong-mat-troi-tam-phang-dai-thanh-core-180l-58-18\/#primaryimage\",\"url\":\"https:\/\/shop.tanadaithanh.vn\/wp-content\/uploads\/2025\/08\/22.jpg\",\"contentUrl\":\"https:\/\/shop.tanadaithanh.vn\/wp-content\/uploads\/2025\/08\/22.jpg\",\"width\":1200,\"height\":1200},{\"@type\":\"BreadcrumbList\",\"@id\":\"https:\/\/shop.tanadaithanh.vn\/en\/san-pham\/may-nang-luong-mat-troi-tam-phang-dai-thanh-core-180l-58-18\/#breadcrumb\",\"itemListElement\":[{\"@type\":\"ListItem\",\"position\":1,\"name\":\"Trang ch\u1ee7\",\"item\":\"https:\/\/shop.tanadaithanh.vn\/en\/\"},{\"@type\":\"ListItem\",\"position\":2,\"name\":\"Shop\",\"item\":\"https:\/\/shop.tanadaithanh.vn\/cua-hang\/\"},{\"@type\":\"ListItem\",\"position\":3,\"name\":\"M\u00e1y n\u0103ng l\u01b0\u1ee3ng m\u1eb7t tr\u1eddi \u0110\u1ea1i Th\u00e0nh Core 180L 58-18\"}]},{\"@type\":\"WebSite\",\"@id\":\"https:\/\/shop.tanadaithanh.vn\/en\/#website\",\"url\":\"https:\/\/shop.tanadaithanh.vn\/en\/\",\"name\":\"T\u00e2n \u00c1 \u0110\u1ea1i Th\u00e0nh eShop - Trang website b\u00e1n h\u00e0ng ch\u00ednh th\u1ee9c T\u1eadp \u0111o\u00e0n T\u00e2n \u00c1 \u0110\u1ea1i Th\u00e0nh\",\"description\":\"Website b\u00e1n h\u00e0ng tr\u1ef1c tuy\u1ebfn v\u1eadn h\u00e0nh b\u1edfi ch\u00ednh T\u00e2n \u00c1 \u0110\u1ea1i Th\u00e0nh\",\"publisher\":{\"@id\":\"https:\/\/shop.tanadaithanh.vn\/en\/#organization\"},\"potentialAction\":[{\"@type\":\"SearchAction\",\"target\":{\"@type\":\"EntryPoint\",\"urlTemplate\":\"https:\/\/shop.tanadaithanh.vn\/en\/?s={search_term_string}\"},\"query-input\":{\"@type\":\"PropertyValueSpecification\",\"valueRequired\":true,\"valueName\":\"search_term_string\"}}],\"inLanguage\":\"en-US\"},{\"@type\":\"Organization\",\"@id\":\"https:\/\/shop.tanadaithanh.vn\/en\/#organization\",\"name\":\"T\u00e2n \u00c1 \u0110\u1ea1i Th\u00e0nh eShop - Trang website b\u00e1n h\u00e0ng ch\u00ednh th\u1ee9c T\u1eadp \u0111o\u00e0n T\u00e2n \u00c1 \u0110\u1ea1i Th\u00e0nh\",\"url\":\"https:\/\/shop.tanadaithanh.vn\/en\/\",\"logo\":{\"@type\":\"ImageObject\",\"inLanguage\":\"en-US\",\"@id\":\"https:\/\/shop.tanadaithanh.vn\/en\/#\/schema\/logo\/image\/\",\"url\":\"https:\/\/shop.tanadaithanh.vn\/wp-content\/uploads\/2025\/06\/Logo-2.png\",\"contentUrl\":\"https:\/\/shop.tanadaithanh.vn\/wp-content\/uploads\/2025\/06\/Logo-2.png\",\"width\":2000,\"height\":2000,\"caption\":\"T\u00e2n \u00c1 \u0110\u1ea1i Th\u00e0nh eShop - Trang website b\u00e1n h\u00e0ng ch\u00ednh th\u1ee9c T\u1eadp \u0111o\u00e0n T\u00e2n \u00c1 \u0110\u1ea1i Th\u00e0nh\"},\"image\":{\"@id\":\"https:\/\/shop.tanadaithanh.vn\/en\/#\/schema\/logo\/image\/\"},\"sameAs\":[\"https:\/\/www.facebook.com\/profile.php?id=61567171139919\",\"https:\/\/zalo.me\/3915163699004948284\"]}]}<\/script>\n<!-- \/ Yoast SEO plugin. -->","yoast_head_json":{"title":"M\u00e1y n\u0103ng l\u01b0\u1ee3ng m\u1eb7t tr\u1eddi \u0110\u1ea1i Th\u00e0nh Core 180L 58-18 - T\u00e2n \u00c1 \u0110\u1ea1i Th\u00e0nh eShop","robots":{"index":"index","follow":"follow","max-snippet":"max-snippet:-1","max-image-preview":"max-image-preview:large","max-video-preview":"max-video-preview:-1"},"canonical":"https:\/\/shop.tanadaithanh.vn\/en\/san-pham\/may-nang-luong-mat-troi-tam-phang-dai-thanh-core-180l-58-18\/","og_locale":"en_US","og_type":"article","og_title":"M\u00e1y n\u0103ng l\u01b0\u1ee3ng m\u1eb7t tr\u1eddi \u0110\u1ea1i Th\u00e0nh Core 180L 58-18 - T\u00e2n \u00c1 \u0110\u1ea1i Th\u00e0nh eShop","og_description":"\u1ed0ng 5 l\u1edbp h\u1ea5p th\u1ee5 nhi\u1ec7t nhanh (\u00e1p d\u1ee5ng cho t\u1eebng ngu\u1ed3n n\u01b0\u1edbc), h\u1ea5p th\u1ee5 nhi\u1ec7t l\u00ean t\u1edbi 99,5%  Ru\u1ed9t b\u00ecnh b\u1ea3o \u00f4n b\u1eb1ng Nh\u1ef1a PPR, \u0111\u1ed9 b\u1ec1n l\u00ean t\u1edbi 20 n\u0103m  L\u1edbp b\u1ea3o \u00f4n Polyurethane, m\u1eadt \u0111\u1ed9 cao si\u00eau gi\u1eef nhi\u1ec7t l\u00ean t\u1edbi 72h  V\u1ecf b\u00ecnh b\u1ea3o \u00f4n l\u00e0m b\u1eb1ng v\u1eadt li\u1ec7u Inox 304 ba (\u0111\u00e1nh b\u00f3ng) si\u00eau b\u1ec1n  M\u00e1y n\u01b0\u1edbc n\u00f3ng n\u0103ng l\u01b0\u1ee3ng m\u1eb7t tr\u1eddi \u0110\u1ea1i Th\u00e0nh c\u00f3 ch\u00e2n \u0111\u1ebf thi\u1ebft k\u1ebf v\u1eefng ch\u1eafc b\u1eb1ng Inox si\u00eau b\u1ec1n, gi\u00fap \u1ed1ng thu\u1ef7 \u0111\u01b0\u1ee3c gi\u1eef ch\u1eb7t v\u00e0o th\u00e2n m\u00e1y ch\u1ed1ng rung l\u00e0m b\u1ec3 \u1ed1ng khi gi\u00f3 b\u00e3o v\u00e0 \u0111\u1ed3ng th\u1eddi ch\u1ecbu m\u1ecdi th\u1eddi ti\u1ebft kh\u1eafc nghi\u1ec7t","og_url":"https:\/\/shop.tanadaithanh.vn\/en\/san-pham\/may-nang-luong-mat-troi-tam-phang-dai-thanh-core-180l-58-18\/","og_site_name":"T\u00e2n \u00c1 \u0110\u1ea1i Th\u00e0nh eShop","article_publisher":"https:\/\/www.facebook.com\/profile.php?id=61567171139919","article_modified_time":"2026-04-01T07:46:47+00:00","og_image":[{"width":1200,"height":1200,"url":"https:\/\/shop.tanadaithanh.vn\/wp-content\/uploads\/2025\/08\/22.jpg","type":"image\/jpeg"}],"twitter_card":"summary_large_image","twitter_misc":{"Est. reading time":"5 minutes"},"schema":{"@context":"https:\/\/schema.org","@graph":[{"@type":"WebPage","@id":"https:\/\/shop.tanadaithanh.vn\/en\/san-pham\/may-nang-luong-mat-troi-tam-phang-dai-thanh-core-180l-58-18\/","url":"https:\/\/shop.tanadaithanh.vn\/en\/san-pham\/may-nang-luong-mat-troi-tam-phang-dai-thanh-core-180l-58-18\/","name":"M\u00e1y n\u0103ng l\u01b0\u1ee3ng m\u1eb7t tr\u1eddi \u0110\u1ea1i Th\u00e0nh Core 180L 58-18 - T\u00e2n \u00c1 \u0110\u1ea1i Th\u00e0nh eShop","isPartOf":{"@id":"https:\/\/shop.tanadaithanh.vn\/en\/#website"},"primaryImageOfPage":{"@id":"https:\/\/shop.tanadaithanh.vn\/en\/san-pham\/may-nang-luong-mat-troi-tam-phang-dai-thanh-core-180l-58-18\/#primaryimage"},"image":{"@id":"https:\/\/shop.tanadaithanh.vn\/en\/san-pham\/may-nang-luong-mat-troi-tam-phang-dai-thanh-core-180l-58-18\/#primaryimage"},"thumbnailUrl":"https:\/\/shop.tanadaithanh.vn\/wp-content\/uploads\/2025\/08\/22.jpg","datePublished":"2025-04-03T03:58:56+00:00","dateModified":"2026-04-01T07:46:47+00:00","breadcrumb":{"@id":"https:\/\/shop.tanadaithanh.vn\/en\/san-pham\/may-nang-luong-mat-troi-tam-phang-dai-thanh-core-180l-58-18\/#breadcrumb"},"inLanguage":"en-US","potentialAction":[{"@type":"ReadAction","target":["https:\/\/shop.tanadaithanh.vn\/en\/san-pham\/may-nang-luong-mat-troi-tam-phang-dai-thanh-core-180l-58-18\/"]}]},{"@type":"ImageObject","inLanguage":"en-US","@id":"https:\/\/shop.tanadaithanh.vn\/en\/san-pham\/may-nang-luong-mat-troi-tam-phang-dai-thanh-core-180l-58-18\/#primaryimage","url":"https:\/\/shop.tanadaithanh.vn\/wp-content\/uploads\/2025\/08\/22.jpg","contentUrl":"https:\/\/shop.tanadaithanh.vn\/wp-content\/uploads\/2025\/08\/22.jpg","width":1200,"height":1200},{"@type":"BreadcrumbList","@id":"https:\/\/shop.tanadaithanh.vn\/en\/san-pham\/may-nang-luong-mat-troi-tam-phang-dai-thanh-core-180l-58-18\/#breadcrumb","itemListElement":[{"@type":"ListItem","position":1,"name":"Trang ch\u1ee7","item":"https:\/\/shop.tanadaithanh.vn\/en\/"},{"@type":"ListItem","position":2,"name":"Shop","item":"https:\/\/shop.tanadaithanh.vn\/cua-hang\/"},{"@type":"ListItem","position":3,"name":"M\u00e1y n\u0103ng l\u01b0\u1ee3ng m\u1eb7t tr\u1eddi \u0110\u1ea1i Th\u00e0nh Core 180L 58-18"}]},{"@type":"WebSite","@id":"https:\/\/shop.tanadaithanh.vn\/en\/#website","url":"https:\/\/shop.tanadaithanh.vn\/en\/","name":"T\u00e2n \u00c1 \u0110\u1ea1i Th\u00e0nh eShop - Trang website b\u00e1n h\u00e0ng ch\u00ednh th\u1ee9c T\u1eadp \u0111o\u00e0n T\u00e2n \u00c1 \u0110\u1ea1i Th\u00e0nh","description":"Website b\u00e1n h\u00e0ng tr\u1ef1c tuy\u1ebfn v\u1eadn h\u00e0nh b\u1edfi ch\u00ednh T\u00e2n \u00c1 \u0110\u1ea1i Th\u00e0nh","publisher":{"@id":"https:\/\/shop.tanadaithanh.vn\/en\/#organization"},"potentialAction":[{"@type":"SearchAction","target":{"@type":"EntryPoint","urlTemplate":"https:\/\/shop.tanadaithanh.vn\/en\/?s={search_term_string}"},"query-input":{"@type":"PropertyValueSpecification","valueRequired":true,"valueName":"search_term_string"}}],"inLanguage":"en-US"},{"@type":"Organization","@id":"https:\/\/shop.tanadaithanh.vn\/en\/#organization","name":"T\u00e2n \u00c1 \u0110\u1ea1i Th\u00e0nh eShop - Trang website b\u00e1n h\u00e0ng ch\u00ednh th\u1ee9c T\u1eadp \u0111o\u00e0n T\u00e2n \u00c1 \u0110\u1ea1i Th\u00e0nh","url":"https:\/\/shop.tanadaithanh.vn\/en\/","logo":{"@type":"ImageObject","inLanguage":"en-US","@id":"https:\/\/shop.tanadaithanh.vn\/en\/#\/schema\/logo\/image\/","url":"https:\/\/shop.tanadaithanh.vn\/wp-content\/uploads\/2025\/06\/Logo-2.png","contentUrl":"https:\/\/shop.tanadaithanh.vn\/wp-content\/uploads\/2025\/06\/Logo-2.png","width":2000,"height":2000,"caption":"T\u00e2n \u00c1 \u0110\u1ea1i Th\u00e0nh eShop - Trang website b\u00e1n h\u00e0ng ch\u00ednh th\u1ee9c T\u1eadp \u0111o\u00e0n T\u00e2n \u00c1 \u0110\u1ea1i Th\u00e0nh"},"image":{"@id":"https:\/\/shop.tanadaithanh.vn\/en\/#\/schema\/logo\/image\/"},"sameAs":["https:\/\/www.facebook.com\/profile.php?id=61567171139919","https:\/\/zalo.me\/3915163699004948284"]}]}},"_links":{"self":[{"href":"https:\/\/shop.tanadaithanh.vn\/en\/wp-json\/wp\/v2\/product\/17588","targetHints":{"allow":["GET"]}}],"collection":[{"href":"https:\/\/shop.tanadaithanh.vn\/en\/wp-json\/wp\/v2\/product"}],"about":[{"href":"https:\/\/shop.tanadaithanh.vn\/en\/wp-json\/wp\/v2\/types\/product"}],"replies":[{"embeddable":true,"href":"https:\/\/shop.tanadaithanh.vn\/en\/wp-json\/wp\/v2\/comments?post=17588"}],"version-history":[{"count":4,"href":"https:\/\/shop.tanadaithanh.vn\/en\/wp-json\/wp\/v2\/product\/17588\/revisions"}],"predecessor-version":[{"id":25989,"href":"https:\/\/shop.tanadaithanh.vn\/en\/wp-json\/wp\/v2\/product\/17588\/revisions\/25989"}],"wp:featuredmedia":[{"embeddable":true,"href":"https:\/\/shop.tanadaithanh.vn\/en\/wp-json\/wp\/v2\/media\/28767"}],"wp:attachment":[{"href":"https:\/\/shop.tanadaithanh.vn\/en\/wp-json\/wp\/v2\/media?parent=17588"}],"wp:term":[{"taxonomy":"region","embeddable":true,"href":"https:\/\/shop.tanadaithanh.vn\/en\/wp-json\/wp\/v2\/region?post=17588"},{"taxonomy":"product_brand","embeddable":true,"href":"https:\/\/shop.tanadaithanh.vn\/en\/wp-json\/wp\/v2\/product_brand?post=17588"},{"taxonomy":"product_cat","embeddable":true,"href":"https:\/\/shop.tanadaithanh.vn\/en\/wp-json\/wp\/v2\/product_cat?post=17588"},{"taxonomy":"product_tag","embeddable":true,"href":"https:\/\/shop.tanadaithanh.vn\/en\/wp-json\/wp\/v2\/product_tag?post=17588"}],"curies":[{"name":"wp","href":"https:\/\/api.w.org\/{rel}","templated":true}]}}