{"id":17126,"date":"2025-04-03T10:39:22","date_gmt":"2025-04-03T03:39:22","guid":{"rendered":"https:\/\/shop.tanadaithanh.vn\/product\/bon-inox-tan-a-8-6000n-o1400\/"},"modified":"2026-04-04T11:45:04","modified_gmt":"2026-04-04T04:45:04","slug":"bon-inox-tan-a-8-6000n-o1400","status":"publish","type":"product","link":"https:\/\/shop.tanadaithanh.vn\/en\/san-pham\/bon-inox-tan-a-8-6000n-o1400\/","title":{"rendered":"B\u1ed3n inox T\u00e2n \u00c1 8 \u2013 6000N (\u00d81400)"},"content":{"rendered":"<p><strong>B\u1ed3n n\u01b0\u1edbc Inox T\u00e2n \u00c1 8<\/strong> l\u00e0 s\u1ea3n ph\u1ea9m thu\u1ed9c ph\u00e2n kh\u00fac cao c\u1ea5p nh\u1ea5t c\u1ee7a T\u1eadp \u0111o\u00e0n T\u00e2n \u00c1 \u0110\u1ea1i Th\u00e0nh. Trong s\u1ed1 c\u00e1c dung t\u00edch, b<span style=\"font-weight: 400;\">\u1ed3n inox T\u00e2n \u00c1 8 ngang 6000L s\u1edf h\u1eefu nhi\u1ec1u \u01b0u \u0111i\u1ec3m v\u01b0\u1ee3t tr\u1ed9i c\u1ea3 v\u1ec1 thi\u1ebft k\u1ebf l\u1eabn ch\u1ea5t l\u01b0\u1ee3ng s\u1ea3n ph\u1ea9m, \u0111\u1ea3m b\u1ea3o x\u1ee9ng \u0111\u00e1ng l\u00e0 s\u1ef1 l\u1ef1a ch\u1ecdn h\u00e0ng \u0111\u1ea7u c\u1ee7a ng\u01b0\u1eddi ti\u00eau d\u00f9ng v\u1ec1 gi\u1ea3i ph\u00e1p tr\u1eef n\u01b0\u1edbc v\u00e0 b\u1ea3o v\u1ec7 ngu\u1ed3n n\u01b0\u1edbc.\u00a0<\/span><\/p>\n<h2><b>Th\u00f4ng s\u1ed1 k\u1ef9 thu\u1eadt B\u1ed3n n\u01b0\u1edbc inox T\u00e2n \u00c1 8 ngang 6000L<\/b><\/h2>\n<table>\n<tbody>\n<tr>\n<td><b>T\u00ean s\u1ea3n ph\u1ea9m<\/b><\/td>\n<td><span style=\"font-weight: 400;\">B\u1ed3n n\u01b0\u1edbc inox T\u00e2n \u00c1 \u0110\u1ea1i 8 ngang 6000L<\/span><\/td>\n<\/tr>\n<tr>\n<td><b>\u0110\u01b0\u1eddng k\u00ednh<\/b><\/td>\n<td><span style=\"font-weight: 400;\">1400mm<\/span><\/td>\n<\/tr>\n<tr>\n<td><b>Dung t\u00edch<\/b><\/td>\n<td><span style=\"font-weight: 400;\">6000L<\/span><\/td>\n<\/tr>\n<tr>\n<td><b>K\u00edch th\u01b0\u1edbc (D\u00e0i x R\u1ed9ng x Cao)<\/b><\/td>\n<td><span style=\"font-weight: 400;\">3950 x 1500 x 1665 mm<\/span><\/td>\n<\/tr>\n<tr>\n<td><b>Ch\u1ea5t li\u1ec7u<\/b><\/td>\n<td><span style=\"font-weight: 400;\">Inox SUS 304<\/span><\/td>\n<\/tr>\n<tr>\n<td><b>Th\u1eddi gian b\u1ea3o h\u00e0nh<\/b><\/td>\n<td><span style=\"font-weight: 400;\">15 n\u0103m<\/span><\/td>\n<\/tr>\n<\/tbody>\n<\/table>\n<h2><b>B\u1ed3n n\u01b0\u1edbc inox T\u00e2n \u00c1 8 ngang 6000L c\u00f3 \u01b0u \u0111i\u1ec3m \u0111\u1ed9t ph\u00e1 g\u00ec?<\/b><\/h2>\n<p><span style=\"font-weight: 400;\">Kh\u00f4ng ch\u1ec9 b\u1ed3n n\u01b0\u1edbc inox T\u00e2n \u00c1 8 ngang 6000L m\u00e0 t\u1ea5t c\u1ea3 c\u00e1c d\u00f2ng b\u1ed3n n\u01b0\u1edbc inox c\u1ee7a T\u00e2n \u00c1 \u0110\u1ea1i Th\u00e0nh khi ra m\u1eaft th\u1ecb tr\u01b0\u1eddng \u0111\u1ec1u ph\u1ea3i \u0111\u1ea3m b\u1ea3o c\u00e1c ti\u00eau ch\u00ed v\u1ec1 ch\u1ea5t li\u1ec7u cao c\u1ea5p, \u0111\u1ed9 b\u1ec1n v\u01b0\u1ee3t tr\u1ed9i, v\u1eefng ch\u1eafc v\u01b0\u1ee3t th\u1eddi gian. \u0110\u1ed1i v\u1edbi d\u00f2ng b\u1ed3n n\u01b0\u1edbc inox T\u00e2n \u00c1 8 ngang 6000L c\u00f3 c\u00f4ng ngh\u1ec7 hay t\u00ednh n\u0103ng g\u00ec n\u1ed5i b\u1eadt?<\/span><\/p>\n<h3><span style=\"font-weight: 400;\">B\u1ed3n thi\u1ebft k\u1ebf n\u1eb1m ngang: An to\u00e0n h\u01a1n &#8211; V\u1eefng ch\u1eafc h\u01a1n<\/span><\/h3>\n<p><span style=\"font-weight: 400;\">Kh\u00e1c v\u1edbi d\u00f2ng b\u1ed3n inox \u0111\u1ee9ng, b\u1ed3n n\u01b0\u1edbc inox T\u00e2n \u00c1 8 ngang 6000L v\u1edbi thi\u1ebft k\u1ebf n\u1eb1m ngang s\u1ebd c\u00f3 tr\u1ecdng t\u00e2m th\u1ea5p h\u01a1n, ph\u00e2n b\u1ed1 \u0111\u1ec1u l\u1ef1c xu\u1ed1ng ch\u00e2n \u0111\u1ebf. Nh\u1edd v\u1eady, s\u1ea3n ph\u1ea9m s\u1ebd \u0111\u1ea3m b\u1ea3o \u0111\u01b0\u1ee3c t\u00ednh \u1ed5n \u0111\u1ecbnh, an to\u00e0n c\u0169ng nh\u01b0 h\u1ea1n ch\u1ebf t\u00ecnh tr\u1ea1ng s\u1eadp b\u1ed3n khi l\u1eafp \u0111\u1eb7t \u1edf v\u1ecb tr\u00ed cao.\u00a0<\/span><\/p>\n<p><span style=\"font-weight: 400;\">H\u01a1n n\u1eefa, b\u1ed3n n\u01b0\u1edbc inox n\u1eb1m ngang c\u0169ng c\u00f3 kh\u1ea3 n\u0103ng ch\u1ed1ng ch\u1ecbu gi\u00f3 l\u1edbn, m\u01b0a b\u00e3o t\u1ed1t h\u01a1n b\u1ed3n n\u01b0\u1edbc inox d\u00e1ng \u0111\u1ee9ng. Do thi\u1ebft k\u1ebf n\u1eb1m ngang gi\u00fap gi\u1ea3m nguy c\u01a1 l\u1eadt \u0111\u1ed5 b\u1ed3n trong nh\u1eefng ng\u00e0y m\u01b0a b\u00e3o l\u1edbn.\u00a0<\/span><\/p>\n<p><span style=\"font-weight: 400;\">Kh\u00f4ng ch\u1ec9 an to\u00e0n h\u01a1n trong s\u1eed d\u1ee5ng, b\u1ed3n n\u01b0\u1edbc inox T\u00e2n \u00c1 8 ngang 6000L c\u0169ng ti\u1ec7n l\u1ee3i trong s\u1eed d\u1ee5ng, d\u1ec5 d\u00e0ng v\u1ec7 sinh v\u00e0 s\u1ee5c r\u1eeda b\u00ecnh \u0111\u1ecbnh k\u1ef3. V\u1edbi van x\u1ea3 \u0111\u00e1y \u0111\u01b0\u1ee3c t\u00edch h\u1ee3p \u1edf \u0111\u00e1y b\u1ed3n gi\u00fap vi\u1ec7c v\u1ec7 sinh, s\u1ee5c r\u1eeda b\u1ed3n \u0111\u01a1n gi\u1ea3n v\u00e0 nhanh ch\u00f3ng, \u0111\u1ea3m b\u1ea3o ngu\u1ed3n n\u01b0\u1edbc sinh ho\u1ea1t lu\u00f4n an to\u00e0n v\u1edbi s\u1ee9c kh\u1ecfe.\u00a0\u00a0<\/span><\/p>\n<h3><span style=\"font-weight: 400;\">Ch\u1ea5t li\u1ec7u b\u1ed3n Inox 304 cao c\u1ea5p, an to\u00e0n s\u1ee9c kh\u1ecfe<\/span><\/h3>\n<p><span style=\"font-weight: 400;\">b\u1ed3n n\u01b0\u1edbc inox T\u00e2n \u00c1 8 ngang 6000L \u0111\u01b0\u1ee3c l\u00e0m 100% t\u1eeb inox SUS 304. Inox SUS 304 v\u1ed1n \u0111\u01b0\u1ee3c bi\u1ebft \u0111\u1ebfn l\u00e0 m\u1ed9t trong nh\u1eefng d\u00f2ng inox cao c\u1ea5p nh\u1ea5t hi\u1ec7n nay v\u1edbi nhi\u1ec1u \u01b0u \u0111i\u1ec3m n\u1ed5i b\u1eadt nh\u01b0: \u0111\u1ed9 b\u1ec1n cao, ch\u1ed1ng g\u1ec9 s\u00e9t, ch\u1ed1ng \u0103n m\u00f2n t\u1ed1t, ch\u1ecbu \u0111\u01b0\u1ee3c nhi\u1ec7t \u0111\u1ed9 v\u00e0 \u00e1p l\u1ef1c n\u01b0\u1edbc cao,&#8230;.<\/span><\/p>\n<p><span style=\"font-weight: 400;\">S\u1edf h\u1eefu to\u00e0n b\u1ed9 c\u00e1c \u01b0u \u0111i\u1ec3m c\u1ee7a inox SUS 304 k\u1ebft h\u1ee3p c\u00f9ng thi\u1ebft k\u1ebf n\u1eb1m ngang g\u1ecdn nh\u1eb9 n\u00ean b\u1ed3n n\u01b0\u1edbc inox T\u00e2n \u00c1 8 ngang 6000L s\u1ebd gi\u00fap gi\u1ea3m thi\u1ec3u s\u1ee9c n\u1eb7ng c\u1ee7a c\u00e1c b\u1ec3 ch\u1ee9a truy\u1ec1n th\u1ed1ng, ti\u1ebft ki\u1ec7m di\u1ec7n t\u00edch, tr\u00e1nh n\u1ee9t v\u1ee1 v\u00e0 r\u00f2 r\u1ec9 n\u01b0\u1edbc.\u00a0<\/span><\/p>\n<p><span style=\"font-weight: 400;\">V\u1edbi c\u1ea5u t\u1ea1o bao g\u1ed3m c\u00e1c h\u1ee3p kim nito, crom, mangan,&#8230; k\u1ebft h\u1ee3p v\u1edbi nhau, b\u1ed3n n\u01b0\u1edbc inox T\u00e2n \u00c1 8 ngang 6000L c\u00f2n c\u00f3 b\u1ec1 m\u1eb7t tr\u01a1n b\u00f3ng, ch\u1ed1ng b\u00e1m r\u00eau m\u1ed1c, b\u1ec1n m\u00e0u theo th\u1eddi gian. Kh\u00f4ng ch\u1ec9 v\u1eady, bb\u1ed3n n\u01b0\u1edbc inox T\u00e2n \u00c1 8 ngang 6000L c\u00f2n c\u00f3 \u0111\u1ed9 d\u1ebbo nh\u1ea5t \u0111\u1ecbnh. Nh\u1edd v\u1eady, s\u1ea3n ph\u1ea9m c\u00f3 th\u1ec3 ti\u1ebft ki\u1ec7m t\u1ed1i \u0111a n\u0103ng l\u01b0\u1ee3ng.\u00a0<\/span><\/p>\n<h3><span style=\"font-weight: 400;\">C\u00f4ng ngh\u1ec7 h\u00e0n l\u0103n t\u1ef1 \u0111\u1ed9ng ti\u00ean ti\u1ebfn<\/span><\/h3>\n<p><span style=\"font-weight: 400;\">\u00c1p d\u1ee5ng c\u00f4ng ngh\u1ec7 h\u00e0n l\u0103n t\u1ef1 \u0111\u1ed9ng ti\u00ean ti\u1ebfn h\u00e0ng \u0111\u1ea7u th\u1ebf gi\u1edbi, b\u1ed3n n\u01b0\u1edbc inox T\u00e2n \u00c1 8 ngang 6000L c\u00f3 \u0111\u1ed9 c\u1ee9ng c\u00e1p cao h\u01a1n c\u00e1c d\u00f2ng b\u1ed3n inox th\u00f4ng th\u01b0\u1eddng. H\u01a1n n\u1eefa, vi\u1ec7c \u00e1p d\u1ee5ng c\u00f4ng ngh\u1ec7 h\u00e0n l\u0103n n\u00e0y c\u0169ng gi\u00fap b\u1ed3n inox c\u00f3 m\u1ed1i h\u00e0n li\u1ec1n m\u1ea1ch, \u0103n s\u00e2u v\u00e0o v\u1eadt li\u1ec7u.\u00a0<\/span><\/p>\n<p><span style=\"font-weight: 400;\">M\u1ed9t \u0111i\u1ec3m c\u1ed9ng n\u1eefa khi T\u00e2n \u00c1 \u0110\u1ea1i Th\u00e0nh s\u1eed d\u1ee5ng c\u00f4ng ngh\u1ec7 h\u00e0n l\u0103n t\u1ef1 \u0111\u1ed9ng trong s\u1ea3n xu\u1ea5t b\u1ed3n n\u01b0\u1edbc inox ch\u00ednh l\u00e0 m\u1ed1i h\u00e0n m\u1ecbn, \u0111\u1eb9p v\u00e0 \u0111\u1ec1u gi\u00fap t\u0103ng t\u00ednh th\u1ea9m m\u1ef9 cho s\u1ea3n ph\u1ea9m. Ngo\u00e0i ra, s\u1eed d\u1ee5ng c\u00f4ng ngh\u1ec7 h\u00e0n l\u0103n t\u1ef1 \u0111\u1ed9ng gi\u00fap lo\u1ea1i b\u1ecf c\u00e1c r\u1ee7i ro k\u1ef9 thu\u1eadt do thao t\u00e1c th\u1ee7 c\u00f4ng, \u0111\u1ea3m b\u1ea3o ch\u1ea5t l\u01b0\u1ee3ng \u0111\u1ed3ng \u0111\u1ec1u tr\u00ean m\u1ecdi s\u1ea3n ph\u1ea9m.<\/span><\/p>\n<h3><span style=\"font-weight: 400;\">N\u00fat th\u00f4ng h\u01a1i tr\u1eafng: Lo\u1ea1i b\u1ecf t\u1ea1p ch\u1ea5t &#8211; \u0110\u1ea3m b\u1ea3o ch\u1ea5t l\u01b0\u1ee3ng ngu\u1ed3n n\u01b0\u1edbc<\/span><\/h3>\n<p><span style=\"font-weight: 400;\">Ngu\u1ed3n n\u01b0\u1edbc l\u01b0u tr\u1eef l\u00e2u ng\u00e0y s\u1ebd sinh ra c\u00e1c t\u1ea1p kh\u00ed nh\u01b0 clo, flo,&#8230; v\u00e0 c\u00f3 th\u1ec3 g\u00e2y \u1ea3nh h\u01b0\u1edfng t\u1edbi ch\u1ea5t l\u01b0\u1ee3ng ngu\u1ed3n n\u01b0\u1edbc. \u0110\u1ec3 h\u1ea1n ch\u1ebf t\u00ecnh tr\u1ea1ng n\u00e0y c\u0169ng nh\u01b0 gi\u1ea3i ph\u00f3ng c\u00e1c lo\u1ea1i t\u1ea1p kh\u00ed t\u1ed3n \u0111\u1ed9ng, b\u1ed3n n\u01b0\u1edbc inox T\u00e2n \u00c1 8 ngang 6000L \u0111\u01b0\u1ee3c trang b\u1ecb n\u00fat th\u00f4ng h\u01a1i tr\u1eafng.<\/span><\/p>\n<h3><span style=\"font-weight: 400;\">Logo d\u1eadp n\u1ed5i tr\u00ean ch\u1ee5p b\u1ed3n<\/span><\/h3>\n<p><span style=\"font-weight: 400;\">Tr\u00ean th\u1ecb tr\u01b0\u1eddng, hi\u1ec7n nay, c\u00e1c s\u1ea3n ph\u1ea9m b\u1ed3n inox c\u1ee7a T\u00e2n \u00c1 \u0110\u1ea1i Th\u00e0nh b\u1ecb l\u00e0m gi\u1ea3 r\u1ea5t nhi\u1ec1u. \u0110\u1ec3 ng\u01b0\u1eddi ti\u00eau d\u00f9ng d\u1ec5 d\u00e0ng ph\u00e2n bi\u1ec7t \u0111\u01b0\u1ee3c s\u1ea3n ph\u1ea9m ch\u00ednh h\u00e3ng, tr\u00e1nh r\u1ee7i ro mua ph\u1ea3i h\u00e0ng k\u00e9m ch\u1ea5t l\u01b0\u1ee3ng, h\u00e0ng gi\u1ea3, h\u00e0ng nh\u00e1i, T\u00e2n \u00c1 \u0110\u1ea1i Th\u00e0nh \u0111\u00e3 ti\u1ebfn h\u00e0nh d\u1eadp n\u1ed5i logo tr\u00ean ch\u1ee5p b\u1ed3n.\u00a0<\/span><\/p>\n<h3><span style=\"font-weight: 400;\">Ch\u00e2n \u0111\u1ebf v\u1eefng ch\u1eafc<\/span><\/h3>\n<p><span style=\"font-weight: 400;\">Ch\u00e2n \u0111\u1ebf c\u1ee7a b\u1ed3n n\u01b0\u1edbc inox T\u00e2n \u00c1 8 ngang 6000L \u0111\u01b0\u1ee3c l\u00e0m t\u1eeb th\u00e9p kh\u00f4ng g\u1ec9. \u0110\u00e2y l\u00e0 m\u1ed9t lo\u1ea1i th\u00e9p h\u1ee3p kim c\u00f3 kh\u1ea3 n\u0103ng ch\u1ed1ng b\u1ecb oxy h\u00f3a, ch\u1ed1ng \u0103n m\u00f2n, \u00edt b\u1ecb bi\u1ebfn m\u00e0u khi ti\u1ebfp x\u00fac v\u1edbi m\u00f4i tr\u01b0\u1eddng. Ngo\u00e0i ra, trong th\u00e9p kh\u00f4ng g\u1ec9 c\u00f3 ch\u1ee9a t\u1ed1i thi\u1ec3u 10,5% crom gi\u1eef cho s\u1ea3n ph\u1ea9m lu\u00f4n b\u1ec1n m\u00e0u, b\u00f3ng s\u00e1ng d\u00f9 \u0111\u00e3 s\u1eed d\u1ee5ng trong th\u1eddi gian d\u00e0i.\u00a0<\/span><\/p>\n<p><span style=\"font-weight: 400;\">B\u00ean c\u1ea1nh \u0111\u00f3, ch\u00e2n \u0111\u1ebf c\u1ee7a b\u1ed3n n\u01b0\u1edbc inox T\u00e2n \u00c1 8 ngang 6000L c\u00f2n c\u00f3 thi\u1ebft k\u1ebf d\u1ea1ng ch\u1eef U gi\u00fap ph\u00e2n t\u00e1n \u0111\u1ec1u l\u1ef1c \u0111\u1ee1, t\u0103ng kh\u1ea3 n\u0103ng ch\u1ecbu tr\u1ecdng t\u1ea3i l\u1edbn, \u00f4m tr\u1ecdn th\u00e2n b\u00ecnh \u0111\u1ec3 b\u00ecnh kh\u00f4ng b\u1ecb lung lay, h\u1ea1n ch\u1ebf t\u00ecnh tr\u1ea1ng g\u00e3y ch\u00e2n v\u00e0 s\u1eadp b\u1ed3n.\u00a0<\/span><\/p>\n<p><span style=\"font-weight: 400;\">C\u00f3 th\u1ec3 th\u1ea5y, b\u1ed3n n\u01b0\u1edbc inox T\u00e2n \u00c1 8 ngang 6000L mang nhi\u1ec1u \u01b0u \u0111i\u1ec3m n\u1ed5i b\u1eadt t\u1eeb thi\u1ebft k\u1ebf n\u1eb1m ngang c\u00f3 t\u00ednh \u1ed5n \u0111\u1ecbnh cao t\u1edbi ch\u1ea5t li\u1ec7u s\u1ea3n xu\u1ea5t cao c\u1ea5p v\u00e0 c\u00f4ng ngh\u1ec7 s\u1ea3n xu\u1ea5t hi\u1ec7n \u0111\u1ea1i. N\u1ebfu b\u1ea1n \u0111ang t\u00ecm ki\u1ebfm d\u00f2ng b\u1ed3n inox b\u1ec1n b\u1ec9, tu\u1ed5i th\u1ecd s\u1ea3n ph\u1ea9m cao, kh\u00f4ng \u0103n m\u00f2n, kh\u00f4ng g\u1ec9 s\u00e9t,&#8230; th\u00ec b\u1ed3n n\u01b0\u1edbc inox T\u00e2n \u00c1 8 ngang 6000L ch\u00ednh l\u00e0 s\u1ef1 l\u1ef1a ch\u1ecdn l\u00fd t\u01b0\u1edfng.\u00a0<\/span><\/p>\n<div class=\"wpb_text_column wpb_content_element\">\n<div class=\"wpb_wrapper\">\n<h2><strong>H\u01b0\u1edbng d\u1eabn l\u1eafp \u0111\u1eb7t, s\u1eed d\u1ee5ng<\/strong><\/h2>\n<\/div>\n<\/div>\n<div class=\"wpb_video_widget wpb_content_element vc_clearfix vc_video-aspect-ratio-169 vc_video-el-width-70 vc_video-align-left\">\n<div class=\"wpb_wrapper\">\n<p><iframe title=\"H\u01b0\u1edbng d\u1eabn l\u1eafp \u0111\u1eb7t b\u1ed3n Inox T\u00e2n \u00c1 \u0110\u1ea1i Th\u00e0nh\" width=\"500\" height=\"281\" src=\"https:\/\/www.youtube.com\/embed\/6fgjnFzcGbs?feature=oembed\" frameborder=\"0\" allow=\"accelerometer; autoplay; clipboard-write; encrypted-media; gyroscope; picture-in-picture; web-share\" referrerpolicy=\"strict-origin-when-cross-origin\" allowfullscreen><\/iframe><\/p>\n<\/div>\n<\/div>\n","protected":false},"excerpt":{"rendered":"<ul>\n<li>S\u1ea3n ph\u1ea9m \u1ee9ng d\u1ee5ng c\u00f4ng ngh\u1ec7 h\u00e0n l\u0103n t\u1ef1 \u0111\u1ed9ng<\/li>\n<li>N\u00fat th\u00f4ng h\u01a1i tr\u1eafng gi\u00fap lo\u1ea1i b\u1ecf c\u00e1c lo\u1ea1i kh\u00ed \u0111\u1ed9c h\u1ea1i nh\u01b0 Clo, Flo v\u00e0 c\u00e1c t\u1ea1p kh\u00ed c\u00f3 m\u1eb7t trong n\u01b0\u1edbc<\/li>\n<li>Th\u00e2n b\u1ed3n s\u1eed d\u1ee5ng v\u1eadt li\u1ec7u Inox SUS 304 si\u00eau b\u1ec1n<\/li>\n<li>K\u1ebft c\u1ea5u \u0111a g\u00e2n vu\u00f4ng, s\u1eed d\u1ee5ng c\u00f4ng ngh\u1ec7 Nh\u1eadt B\u1ea3n gi\u00fap b\u1ed3n v\u1eefng ch\u1eafc, an to\u00e0n<\/li>\n<li>B\u1ea3o h\u00e0nh 15 n\u0103m<\/li>\n<\/ul>\n","protected":false},"featured_media":28737,"comment_status":"open","ping_status":"closed","template":"","meta":[],"region":[259],"product_brand":[],"product_cat":[301,296,294,182],"product_tag":[],"class_list":{"0":"post-17126","1":"product","2":"type-product","3":"status-publish","4":"has-post-thumbnail","6":"region-mien-bac","7":"product_cat-bon-inox-6000l","8":"product_cat-bon-inox-ngang","9":"product_cat-bon-inox-tan-a-8","10":"product_cat-bon-nuoc-inox","11":"pa_kich-thuoc-dai-x-rong-x-cao-3950-x-1500-x-1665-mm","13":"first","14":"instock","15":"sale","16":"shipping-taxable","17":"purchasable","18":"product-type-simple"},"yoast_head":"<!-- This site is optimized with the Yoast SEO plugin v24.6 - https:\/\/yoast.com\/wordpress\/plugins\/seo\/ -->\n<title>B\u1ed3n n\u01b0\u1edbc inox T\u00e2n \u00c1 8 ngang 6000L<\/title>\n<meta name=\"description\" content=\"B\u1ed3n n\u01b0\u1edbc Inox T\u00e2n \u00c1 8\u00a0ngang 6000L l\u00e0 s\u1ea3n ph\u1ea9m n\u1ed5i b\u1eadt v\u1edbi thi\u1ebft k\u1ebf li\u1ec1n m\u1ecbn ch\u1ea5t l\u01b0\u1ee3ng v\u01b0\u1ee3t tr\u1ed9i c\u00f9ng kh\u1ea3 n\u0103ng l\u01b0u b\u1ea3o v\u00e0 v\u1ec7 ngu\u1ed3n n\u01b0\u1edbc.\" \/>\n<meta name=\"robots\" content=\"index, follow, max-snippet:-1, max-image-preview:large, max-video-preview:-1\" \/>\n<link rel=\"canonical\" href=\"https:\/\/shop.tanadaithanh.vn\/en\/san-pham\/bon-inox-tan-a-8-6000n-o1400\/\" \/>\n<meta property=\"og:locale\" content=\"en_US\" \/>\n<meta property=\"og:type\" content=\"article\" \/>\n<meta property=\"og:title\" content=\"B\u1ed3n n\u01b0\u1edbc inox T\u00e2n \u00c1 8 ngang 6000L\" \/>\n<meta property=\"og:description\" content=\"B\u1ed3n n\u01b0\u1edbc Inox T\u00e2n \u00c1 8\u00a0ngang 6000L l\u00e0 s\u1ea3n ph\u1ea9m n\u1ed5i b\u1eadt v\u1edbi thi\u1ebft k\u1ebf li\u1ec1n m\u1ecbn ch\u1ea5t l\u01b0\u1ee3ng v\u01b0\u1ee3t tr\u1ed9i c\u00f9ng kh\u1ea3 n\u0103ng l\u01b0u b\u1ea3o v\u00e0 v\u1ec7 ngu\u1ed3n n\u01b0\u1edbc.\" \/>\n<meta property=\"og:url\" content=\"https:\/\/shop.tanadaithanh.vn\/en\/san-pham\/bon-inox-tan-a-8-6000n-o1400\/\" \/>\n<meta property=\"og:site_name\" content=\"T\u00e2n \u00c1 \u0110\u1ea1i Th\u00e0nh eShop\" \/>\n<meta property=\"article:publisher\" content=\"https:\/\/www.facebook.com\/profile.php?id=61567171139919\" \/>\n<meta property=\"article:modified_time\" content=\"2026-04-04T04:45:04+00:00\" \/>\n<meta property=\"og:image\" content=\"https:\/\/shop.tanadaithanh.vn\/wp-content\/uploads\/2025\/08\/33.jpg\" \/>\n\t<meta property=\"og:image:width\" content=\"1200\" \/>\n\t<meta property=\"og:image:height\" content=\"1200\" \/>\n\t<meta property=\"og:image:type\" content=\"image\/jpeg\" \/>\n<meta name=\"twitter:card\" content=\"summary_large_image\" \/>\n<meta name=\"twitter:label1\" content=\"Est. reading time\" \/>\n\t<meta name=\"twitter:data1\" content=\"7 minutes\" \/>\n<script type=\"application\/ld+json\" class=\"yoast-schema-graph\">{\"@context\":\"https:\/\/schema.org\",\"@graph\":[{\"@type\":\"WebPage\",\"@id\":\"https:\/\/shop.tanadaithanh.vn\/en\/san-pham\/bon-inox-tan-a-8-6000n-o1400\/\",\"url\":\"https:\/\/shop.tanadaithanh.vn\/en\/san-pham\/bon-inox-tan-a-8-6000n-o1400\/\",\"name\":\"B\u1ed3n n\u01b0\u1edbc inox T\u00e2n \u00c1 8 ngang 6000L\",\"isPartOf\":{\"@id\":\"https:\/\/shop.tanadaithanh.vn\/en\/#website\"},\"primaryImageOfPage\":{\"@id\":\"https:\/\/shop.tanadaithanh.vn\/en\/san-pham\/bon-inox-tan-a-8-6000n-o1400\/#primaryimage\"},\"image\":{\"@id\":\"https:\/\/shop.tanadaithanh.vn\/en\/san-pham\/bon-inox-tan-a-8-6000n-o1400\/#primaryimage\"},\"thumbnailUrl\":\"https:\/\/shop.tanadaithanh.vn\/wp-content\/uploads\/2025\/08\/33.jpg\",\"datePublished\":\"2025-04-03T03:39:22+00:00\",\"dateModified\":\"2026-04-04T04:45:04+00:00\",\"description\":\"B\u1ed3n n\u01b0\u1edbc Inox T\u00e2n \u00c1 8\u00a0ngang 6000L l\u00e0 s\u1ea3n ph\u1ea9m n\u1ed5i b\u1eadt v\u1edbi thi\u1ebft k\u1ebf li\u1ec1n m\u1ecbn ch\u1ea5t l\u01b0\u1ee3ng v\u01b0\u1ee3t tr\u1ed9i c\u00f9ng kh\u1ea3 n\u0103ng l\u01b0u b\u1ea3o v\u00e0 v\u1ec7 ngu\u1ed3n n\u01b0\u1edbc.\",\"breadcrumb\":{\"@id\":\"https:\/\/shop.tanadaithanh.vn\/en\/san-pham\/bon-inox-tan-a-8-6000n-o1400\/#breadcrumb\"},\"inLanguage\":\"en-US\",\"potentialAction\":[{\"@type\":\"ReadAction\",\"target\":[\"https:\/\/shop.tanadaithanh.vn\/en\/san-pham\/bon-inox-tan-a-8-6000n-o1400\/\"]}]},{\"@type\":\"ImageObject\",\"inLanguage\":\"en-US\",\"@id\":\"https:\/\/shop.tanadaithanh.vn\/en\/san-pham\/bon-inox-tan-a-8-6000n-o1400\/#primaryimage\",\"url\":\"https:\/\/shop.tanadaithanh.vn\/wp-content\/uploads\/2025\/08\/33.jpg\",\"contentUrl\":\"https:\/\/shop.tanadaithanh.vn\/wp-content\/uploads\/2025\/08\/33.jpg\",\"width\":1200,\"height\":1200},{\"@type\":\"BreadcrumbList\",\"@id\":\"https:\/\/shop.tanadaithanh.vn\/en\/san-pham\/bon-inox-tan-a-8-6000n-o1400\/#breadcrumb\",\"itemListElement\":[{\"@type\":\"ListItem\",\"position\":1,\"name\":\"Trang ch\u1ee7\",\"item\":\"https:\/\/shop.tanadaithanh.vn\/en\/\"},{\"@type\":\"ListItem\",\"position\":2,\"name\":\"Shop\",\"item\":\"https:\/\/shop.tanadaithanh.vn\/cua-hang\/\"},{\"@type\":\"ListItem\",\"position\":3,\"name\":\"B\u1ed3n inox T\u00e2n \u00c1 8 \u2013 6000N (\u00d81400)\"}]},{\"@type\":\"WebSite\",\"@id\":\"https:\/\/shop.tanadaithanh.vn\/en\/#website\",\"url\":\"https:\/\/shop.tanadaithanh.vn\/en\/\",\"name\":\"T\u00e2n \u00c1 \u0110\u1ea1i Th\u00e0nh eShop - Trang website b\u00e1n h\u00e0ng ch\u00ednh th\u1ee9c T\u1eadp \u0111o\u00e0n T\u00e2n \u00c1 \u0110\u1ea1i Th\u00e0nh\",\"description\":\"Website b\u00e1n h\u00e0ng tr\u1ef1c tuy\u1ebfn v\u1eadn h\u00e0nh b\u1edfi ch\u00ednh T\u00e2n \u00c1 \u0110\u1ea1i Th\u00e0nh\",\"publisher\":{\"@id\":\"https:\/\/shop.tanadaithanh.vn\/en\/#organization\"},\"potentialAction\":[{\"@type\":\"SearchAction\",\"target\":{\"@type\":\"EntryPoint\",\"urlTemplate\":\"https:\/\/shop.tanadaithanh.vn\/en\/?s={search_term_string}\"},\"query-input\":{\"@type\":\"PropertyValueSpecification\",\"valueRequired\":true,\"valueName\":\"search_term_string\"}}],\"inLanguage\":\"en-US\"},{\"@type\":\"Organization\",\"@id\":\"https:\/\/shop.tanadaithanh.vn\/en\/#organization\",\"name\":\"T\u00e2n \u00c1 \u0110\u1ea1i Th\u00e0nh eShop - Trang website b\u00e1n h\u00e0ng ch\u00ednh th\u1ee9c T\u1eadp \u0111o\u00e0n T\u00e2n \u00c1 \u0110\u1ea1i Th\u00e0nh\",\"url\":\"https:\/\/shop.tanadaithanh.vn\/en\/\",\"logo\":{\"@type\":\"ImageObject\",\"inLanguage\":\"en-US\",\"@id\":\"https:\/\/shop.tanadaithanh.vn\/en\/#\/schema\/logo\/image\/\",\"url\":\"https:\/\/shop.tanadaithanh.vn\/wp-content\/uploads\/2025\/06\/Logo-2.png\",\"contentUrl\":\"https:\/\/shop.tanadaithanh.vn\/wp-content\/uploads\/2025\/06\/Logo-2.png\",\"width\":2000,\"height\":2000,\"caption\":\"T\u00e2n \u00c1 \u0110\u1ea1i Th\u00e0nh eShop - Trang website b\u00e1n h\u00e0ng ch\u00ednh th\u1ee9c T\u1eadp \u0111o\u00e0n T\u00e2n \u00c1 \u0110\u1ea1i Th\u00e0nh\"},\"image\":{\"@id\":\"https:\/\/shop.tanadaithanh.vn\/en\/#\/schema\/logo\/image\/\"},\"sameAs\":[\"https:\/\/www.facebook.com\/profile.php?id=61567171139919\",\"https:\/\/zalo.me\/3915163699004948284\"]}]}<\/script>\n<!-- \/ Yoast SEO plugin. -->","yoast_head_json":{"title":"B\u1ed3n n\u01b0\u1edbc inox T\u00e2n \u00c1 8 ngang 6000L","description":"B\u1ed3n n\u01b0\u1edbc Inox T\u00e2n \u00c1 8\u00a0ngang 6000L l\u00e0 s\u1ea3n ph\u1ea9m n\u1ed5i b\u1eadt v\u1edbi thi\u1ebft k\u1ebf li\u1ec1n m\u1ecbn ch\u1ea5t l\u01b0\u1ee3ng v\u01b0\u1ee3t tr\u1ed9i c\u00f9ng kh\u1ea3 n\u0103ng l\u01b0u b\u1ea3o v\u00e0 v\u1ec7 ngu\u1ed3n n\u01b0\u1edbc.","robots":{"index":"index","follow":"follow","max-snippet":"max-snippet:-1","max-image-preview":"max-image-preview:large","max-video-preview":"max-video-preview:-1"},"canonical":"https:\/\/shop.tanadaithanh.vn\/en\/san-pham\/bon-inox-tan-a-8-6000n-o1400\/","og_locale":"en_US","og_type":"article","og_title":"B\u1ed3n n\u01b0\u1edbc inox T\u00e2n \u00c1 8 ngang 6000L","og_description":"B\u1ed3n n\u01b0\u1edbc Inox T\u00e2n \u00c1 8\u00a0ngang 6000L l\u00e0 s\u1ea3n ph\u1ea9m n\u1ed5i b\u1eadt v\u1edbi thi\u1ebft k\u1ebf li\u1ec1n m\u1ecbn ch\u1ea5t l\u01b0\u1ee3ng v\u01b0\u1ee3t tr\u1ed9i c\u00f9ng kh\u1ea3 n\u0103ng l\u01b0u b\u1ea3o v\u00e0 v\u1ec7 ngu\u1ed3n n\u01b0\u1edbc.","og_url":"https:\/\/shop.tanadaithanh.vn\/en\/san-pham\/bon-inox-tan-a-8-6000n-o1400\/","og_site_name":"T\u00e2n \u00c1 \u0110\u1ea1i Th\u00e0nh eShop","article_publisher":"https:\/\/www.facebook.com\/profile.php?id=61567171139919","article_modified_time":"2026-04-04T04:45:04+00:00","og_image":[{"width":1200,"height":1200,"url":"https:\/\/shop.tanadaithanh.vn\/wp-content\/uploads\/2025\/08\/33.jpg","type":"image\/jpeg"}],"twitter_card":"summary_large_image","twitter_misc":{"Est. reading time":"7 minutes"},"schema":{"@context":"https:\/\/schema.org","@graph":[{"@type":"WebPage","@id":"https:\/\/shop.tanadaithanh.vn\/en\/san-pham\/bon-inox-tan-a-8-6000n-o1400\/","url":"https:\/\/shop.tanadaithanh.vn\/en\/san-pham\/bon-inox-tan-a-8-6000n-o1400\/","name":"B\u1ed3n n\u01b0\u1edbc inox T\u00e2n \u00c1 8 ngang 6000L","isPartOf":{"@id":"https:\/\/shop.tanadaithanh.vn\/en\/#website"},"primaryImageOfPage":{"@id":"https:\/\/shop.tanadaithanh.vn\/en\/san-pham\/bon-inox-tan-a-8-6000n-o1400\/#primaryimage"},"image":{"@id":"https:\/\/shop.tanadaithanh.vn\/en\/san-pham\/bon-inox-tan-a-8-6000n-o1400\/#primaryimage"},"thumbnailUrl":"https:\/\/shop.tanadaithanh.vn\/wp-content\/uploads\/2025\/08\/33.jpg","datePublished":"2025-04-03T03:39:22+00:00","dateModified":"2026-04-04T04:45:04+00:00","description":"B\u1ed3n n\u01b0\u1edbc Inox T\u00e2n \u00c1 8\u00a0ngang 6000L l\u00e0 s\u1ea3n ph\u1ea9m n\u1ed5i b\u1eadt v\u1edbi thi\u1ebft k\u1ebf li\u1ec1n m\u1ecbn ch\u1ea5t l\u01b0\u1ee3ng v\u01b0\u1ee3t tr\u1ed9i c\u00f9ng kh\u1ea3 n\u0103ng l\u01b0u b\u1ea3o v\u00e0 v\u1ec7 ngu\u1ed3n n\u01b0\u1edbc.","breadcrumb":{"@id":"https:\/\/shop.tanadaithanh.vn\/en\/san-pham\/bon-inox-tan-a-8-6000n-o1400\/#breadcrumb"},"inLanguage":"en-US","potentialAction":[{"@type":"ReadAction","target":["https:\/\/shop.tanadaithanh.vn\/en\/san-pham\/bon-inox-tan-a-8-6000n-o1400\/"]}]},{"@type":"ImageObject","inLanguage":"en-US","@id":"https:\/\/shop.tanadaithanh.vn\/en\/san-pham\/bon-inox-tan-a-8-6000n-o1400\/#primaryimage","url":"https:\/\/shop.tanadaithanh.vn\/wp-content\/uploads\/2025\/08\/33.jpg","contentUrl":"https:\/\/shop.tanadaithanh.vn\/wp-content\/uploads\/2025\/08\/33.jpg","width":1200,"height":1200},{"@type":"BreadcrumbList","@id":"https:\/\/shop.tanadaithanh.vn\/en\/san-pham\/bon-inox-tan-a-8-6000n-o1400\/#breadcrumb","itemListElement":[{"@type":"ListItem","position":1,"name":"Trang ch\u1ee7","item":"https:\/\/shop.tanadaithanh.vn\/en\/"},{"@type":"ListItem","position":2,"name":"Shop","item":"https:\/\/shop.tanadaithanh.vn\/cua-hang\/"},{"@type":"ListItem","position":3,"name":"B\u1ed3n inox T\u00e2n \u00c1 8 \u2013 6000N (\u00d81400)"}]},{"@type":"WebSite","@id":"https:\/\/shop.tanadaithanh.vn\/en\/#website","url":"https:\/\/shop.tanadaithanh.vn\/en\/","name":"T\u00e2n \u00c1 \u0110\u1ea1i Th\u00e0nh eShop - Trang website b\u00e1n h\u00e0ng ch\u00ednh th\u1ee9c T\u1eadp \u0111o\u00e0n T\u00e2n \u00c1 \u0110\u1ea1i Th\u00e0nh","description":"Website b\u00e1n h\u00e0ng tr\u1ef1c tuy\u1ebfn v\u1eadn h\u00e0nh b\u1edfi ch\u00ednh T\u00e2n \u00c1 \u0110\u1ea1i Th\u00e0nh","publisher":{"@id":"https:\/\/shop.tanadaithanh.vn\/en\/#organization"},"potentialAction":[{"@type":"SearchAction","target":{"@type":"EntryPoint","urlTemplate":"https:\/\/shop.tanadaithanh.vn\/en\/?s={search_term_string}"},"query-input":{"@type":"PropertyValueSpecification","valueRequired":true,"valueName":"search_term_string"}}],"inLanguage":"en-US"},{"@type":"Organization","@id":"https:\/\/shop.tanadaithanh.vn\/en\/#organization","name":"T\u00e2n \u00c1 \u0110\u1ea1i Th\u00e0nh eShop - Trang website b\u00e1n h\u00e0ng ch\u00ednh th\u1ee9c T\u1eadp \u0111o\u00e0n T\u00e2n \u00c1 \u0110\u1ea1i Th\u00e0nh","url":"https:\/\/shop.tanadaithanh.vn\/en\/","logo":{"@type":"ImageObject","inLanguage":"en-US","@id":"https:\/\/shop.tanadaithanh.vn\/en\/#\/schema\/logo\/image\/","url":"https:\/\/shop.tanadaithanh.vn\/wp-content\/uploads\/2025\/06\/Logo-2.png","contentUrl":"https:\/\/shop.tanadaithanh.vn\/wp-content\/uploads\/2025\/06\/Logo-2.png","width":2000,"height":2000,"caption":"T\u00e2n \u00c1 \u0110\u1ea1i Th\u00e0nh eShop - Trang website b\u00e1n h\u00e0ng ch\u00ednh th\u1ee9c T\u1eadp \u0111o\u00e0n T\u00e2n \u00c1 \u0110\u1ea1i Th\u00e0nh"},"image":{"@id":"https:\/\/shop.tanadaithanh.vn\/en\/#\/schema\/logo\/image\/"},"sameAs":["https:\/\/www.facebook.com\/profile.php?id=61567171139919","https:\/\/zalo.me\/3915163699004948284"]}]}},"_links":{"self":[{"href":"https:\/\/shop.tanadaithanh.vn\/en\/wp-json\/wp\/v2\/product\/17126","targetHints":{"allow":["GET"]}}],"collection":[{"href":"https:\/\/shop.tanadaithanh.vn\/en\/wp-json\/wp\/v2\/product"}],"about":[{"href":"https:\/\/shop.tanadaithanh.vn\/en\/wp-json\/wp\/v2\/types\/product"}],"replies":[{"embeddable":true,"href":"https:\/\/shop.tanadaithanh.vn\/en\/wp-json\/wp\/v2\/comments?post=17126"}],"version-history":[{"count":6,"href":"https:\/\/shop.tanadaithanh.vn\/en\/wp-json\/wp\/v2\/product\/17126\/revisions"}],"predecessor-version":[{"id":23134,"href":"https:\/\/shop.tanadaithanh.vn\/en\/wp-json\/wp\/v2\/product\/17126\/revisions\/23134"}],"wp:featuredmedia":[{"embeddable":true,"href":"https:\/\/shop.tanadaithanh.vn\/en\/wp-json\/wp\/v2\/media\/28737"}],"wp:attachment":[{"href":"https:\/\/shop.tanadaithanh.vn\/en\/wp-json\/wp\/v2\/media?parent=17126"}],"wp:term":[{"taxonomy":"region","embeddable":true,"href":"https:\/\/shop.tanadaithanh.vn\/en\/wp-json\/wp\/v2\/region?post=17126"},{"taxonomy":"product_brand","embeddable":true,"href":"https:\/\/shop.tanadaithanh.vn\/en\/wp-json\/wp\/v2\/product_brand?post=17126"},{"taxonomy":"product_cat","embeddable":true,"href":"https:\/\/shop.tanadaithanh.vn\/en\/wp-json\/wp\/v2\/product_cat?post=17126"},{"taxonomy":"product_tag","embeddable":true,"href":"https:\/\/shop.tanadaithanh.vn\/en\/wp-json\/wp\/v2\/product_tag?post=17126"}],"curies":[{"name":"wp","href":"https:\/\/api.w.org\/{rel}","templated":true}]}}